{"id":3118,"date":"2024-11-14T03:50:51","date_gmt":"2024-11-14T02:50:51","guid":{"rendered":"https:\/\/vapebulkp.com\/?post_type=product&#038;p=3118"},"modified":"2025-09-24T05:37:29","modified_gmt":"2025-09-24T03:37:29","slug":"jnr-media-max-40000-puffs-high-capacity-1000mah-disposable-vape","status":"publish","type":"product","link":"https:\/\/vapebulkp.com\/pl\/product\/jnr-media-max-40000-puffs-high-capacity-1000mah-disposable-vape\/","title":{"rendered":"JNR Media Max 40 000 zaci\u0105gni\u0119\u0107, du\u017ca pojemno\u015b\u0107, bateria 1000mAh, jednorazowy e-papieros"},"content":{"rendered":"<h1 style=\"text-align: left\">JNR Media Max 40 000 zaci\u0105gni\u0119\u0107, du\u017ca pojemno\u015b\u0107, bateria 1000mAh, jednorazowy e-papieros<\/h1>\n<p data-start=\"342\" data-end=\"608\">To <strong data-start=\"386\" data-end=\"415\">JNR Media Max 40000 Paliwek<\/strong> to urz\u0105dzenie o du\u017cej pojemno\u015bci <a href=\"https:\/\/vapebulkp.com\/pl\/product-category\/40000-puffs-disposable-vape\/\"><strong data-start=\"435\" data-end=\"466\">40000 zaci\u0105gni\u0119\u0107 jednorazowy e-papieros<\/strong><\/a> stworzony dla m\u0142odych m\u0119\u017cczyzn z Europy. Z 21ml fabrycznie nape\u0142nionym e-liquidem i 5% sol\u0105 nikotynow\u0105, zapewnia bogaty, g\u0142adki dym na d\u0142ugie sesje.<\/p>\n<p data-start=\"610\" data-end=\"957\">Zasilany akumulatorem 1000mAh, obs\u0142uguje Tryb Regularny do 40 000 zaci\u0105gni\u0119\u0107 i Tryb Pulsacyjny oko\u0142o 20 000 zaci\u0105gni\u0119\u0107, co zapewnia d\u0142ugotrwa\u0142e wapowanie bez cz\u0119stego \u0142adowania. 2,4-calowy ekran dotykowy HD wy\u015bwietla liczb\u0119 zaci\u0105gni\u0119\u0107, stan baterii i powiadomienia. Inteligentne funkcje, takie jak zdalne sterowanie aparatem i \u201cZnajd\u017a sw\u00f3j telefon\u201d, dodaj\u0105 praktycznej funkcjonalno\u015bci.<\/p>\n<p data-start=\"959\" data-end=\"1231\">Kompaktowy, stylowy i zaawansowany technologicznie, <strong data-start=\"999\" data-end=\"1028\">JNR Media Max 40000 Paliwek<\/strong> oferuje niezawodn\u0105 wydajno\u015b\u0107 i wygod\u0119. Wysy\u0142any z magazyn\u00f3w w Polsce dla szybkiej dostawy i wysokiej jako\u015bci. Idealny dla tych, kt\u00f3rzy szukaj\u0105 premium <strong data-start=\"1173\" data-end=\"1205\">\u0142adowalnym e-papierosie jednorazowym<\/strong> z zaawansowanymi funkcjami.<\/p>\n<p><img decoding=\"async\" class=\"wp-image-3112\" src=\"http:\/\/vapebulkp.com\/wp-content\/uploads\/2024\/11\/Experience-40000-Puffs-with-JNR-MediaMax-Long-Lasting-1000mAh-Battery.jpg\" alt=\"Do\u015bwiadcz 40 000 zaci\u0105gni\u0119\u0107 z JNR MediaMax, trwa\u0142a bateria 1000mAh\" width=\"633\" height=\"633\" srcset=\"https:\/\/vapebulkp.com\/wp-content\/uploads\/2024\/11\/Experience-40000-Puffs-with-JNR-MediaMax-Long-Lasting-1000mAh-Battery.jpg 800w, https:\/\/vapebulkp.com\/wp-content\/uploads\/2024\/11\/Experience-40000-Puffs-with-JNR-MediaMax-Long-Lasting-1000mAh-Battery-300x300.jpg 300w, https:\/\/vapebulkp.com\/wp-content\/uploads\/2024\/11\/Experience-40000-Puffs-with-JNR-MediaMax-Long-Lasting-1000mAh-Battery-150x150.jpg 150w, https:\/\/vapebulkp.com\/wp-content\/uploads\/2024\/11\/Experience-40000-Puffs-with-JNR-MediaMax-Long-Lasting-1000mAh-Battery-768x768.jpg 768w, https:\/\/vapebulkp.com\/wp-content\/uploads\/2024\/11\/Experience-40000-Puffs-with-JNR-MediaMax-Long-Lasting-1000mAh-Battery-600x600.jpg 600w, https:\/\/vapebulkp.com\/wp-content\/uploads\/2024\/11\/Experience-40000-Puffs-with-JNR-MediaMax-Long-Lasting-1000mAh-Battery-100x100.jpg 100w\" sizes=\"(max-width: 633px) 100vw, 633px\" \/><\/p>\n<p>&nbsp;<\/p>\n<h6>Skontaktuj si\u0119 z WhatsApp Mandy, aby uzyska\u0107 cen\u0119 ze zni\u017ck\u0105<a href=\"https:\/\/wa.me\/8618077105796\">+8618077105796<\/a><\/h6>\n<p><img decoding=\"async\" class=\"alignnone wp-image-2151\" src=\"http:\/\/vapebulkp.com\/wp-content\/uploads\/2024\/04\/Mandy-WhatsApp-Randm.jpg\" alt=\"WhatsApp Mandy Randm\" width=\"287\" height=\"305\" srcset=\"https:\/\/vapebulkp.com\/wp-content\/uploads\/2024\/04\/Mandy-WhatsApp-Randm.jpg 916w, https:\/\/vapebulkp.com\/wp-content\/uploads\/2024\/04\/Mandy-WhatsApp-Randm-282x300.jpg 282w, https:\/\/vapebulkp.com\/wp-content\/uploads\/2024\/04\/Mandy-WhatsApp-Randm-768x817.jpg 768w, https:\/\/vapebulkp.com\/wp-content\/uploads\/2024\/04\/Mandy-WhatsApp-Randm-600x638.jpg 600w\" sizes=\"(max-width: 287px) 100vw, 287px\" \/><\/p>\n<h3><strong>Dlaczego warto kupi\u0107 JNR Media Max 40000 zaci\u0105gni\u0119\u0107 w <a href=\"https:\/\/vapebulkp.com\/pl\/\">Vapebulkp.com<\/a>?<\/strong><\/h3>\n<p>W Vapebulkp.com oferujemy wyj\u0105tkowy wyb\u00f3r wysokiej jako\u015bci jednorazowych wap\u00f3w, a JNR Media Max 40000 Zaci\u0105gni\u0119\u0107 nie jest wyj\u0105tkiem. Kupuj\u0105c to zaawansowane urz\u0105dzenie na naszej platformie, masz gwarancj\u0119 nie tylko produkt\u00f3w najwy\u017cszej jako\u015bci, ale tak\u017ce konkurencyjnych cen, szybkiej dostawy i bezproblemowych zakup\u00f3w. <a href=\"https:\/\/vapebulkp.com\/pl\/\">Vapebulkp.com<\/a> zapewnia bezpieczne, przyjazne dla u\u017cytkownika \u015brodowisko dla entuzjast\u00f3w wapowania poszukuj\u0105cych urz\u0105dze\u0144 premium, w tym JNR Media Max 40000 Zaci\u0105gni\u0119\u0107 z jego imponuj\u0105cymi funkcjami, takimi jak pojemno\u015b\u0107 21ml e-liquidu, akumulator 1000mAh i 40 000 zaci\u0105gni\u0119\u0107 w Trybie Regularnym.<\/p>\n<p>Ponadto, Vapebulkp.com oferuje szerok\u0105 gam\u0119 innych popularnych marek, aby dopasowa\u0107 si\u0119 do Twoich preferencji wapowania. Niekt\u00f3re z naszych bestseller\u00f3w to <a href=\"https:\/\/vapebulkp.com\/pl\/product\/bang-king-pro-30k-puffs-top-selling-vape-in-europe\/\"><strong>Bang King 30000 Paliwek<\/strong><\/a>, <strong>Vapme Crystal 20000 Zaci\u0105gni\u0119\u0107<\/strong>, oraz <a href=\"https:\/\/vapebulkp.com\/pl\/product\/fumot-tornado-25k-puffs-cheap-price-disposable-vape\/\"><strong>Fumot Tornado 25000 zaci\u0105gni\u0119\u0107<\/strong><\/a>. Posiadamy r\u00f3wnie\u017c <strong>Waspe Aivou 25000 Zaci\u0105gni\u0119\u0107<\/strong>, <strong>FIHP 9000 Zaci\u0105gni\u0119\u0107<\/strong>, oraz <a href=\"https:\/\/vapebulkp.com\/pl\/product\/vapsolo-super-15k-puffs-wholesale-price-e-cigarette\/\"><strong>Vapsolo Super 15000 Zaci\u0105gni\u0119\u0107<\/strong><\/a> jednorazowe vapy. Dzi\u0119ki naszemu szerokiemu wyborowi, konkurencyjnym cenom i wyj\u0105tkowej obs\u0142udze klienta, Vapebulkp.com to najlepsze miejsce dla wszystkich Twoich potrzeb zwi\u0105zanych z wapowaniem.<\/p>\n<p>&nbsp;<\/p>\n<h3><strong>Cena hurtowa JNR Media Max 40000 Specyfikacje:<\/strong><\/h3>\n<ul>\n<li><strong>Pojemno\u015b\u0107 Puff<\/strong>: Do 40 000 zaci\u0105gni\u0119\u0107 w Trybie Regularnym \/ 20 000 zaci\u0105gni\u0119\u0107 w Trybie Pulsacyjnym<\/li>\n<li><strong>Pojemno\u015b\u0107 e-liquidu<\/strong>: 21ml fabrycznie nape\u0142nionego e-soku do d\u0142ugotrwa\u0142ego u\u017cytku<\/li>\n<li><strong>Moc nikotyny<\/strong>5% (50mg)<\/li>\n<li><strong>Bateria<\/strong>: Akumulator 1000mAh dla d\u0142ugotrwa\u0142ej mocy<\/li>\n<li><strong>Wy\u015bwietlacz<\/strong>: 2,4-calowy ekran dotykowy HD dla \u0142atwej nawigacji<\/li>\n<li><strong>Tryby<\/strong>: Tryb standardowy i pulsacyjny dla spersonalizowanych wra\u017ce\u0144 z vapingu<\/li>\n<li><strong>\u0141\u0105czno\u015b\u0107<\/strong>: Powiadomienia o po\u0142\u0105czeniach i wiadomo\u015bciach<\/li>\n<li><strong>Funkcja aparatu<\/strong>: Zdalne sterowanie aparatem do robienia zdj\u0119\u0107 bez u\u017cycia r\u0105k<\/li>\n<li><strong>Funkcja \u015bledzenia<\/strong>: Funkcja \u201eZnajd\u017a sw\u00f3j telefon\u201d dla wygody<\/li>\n<li><strong>Styl wapowania<\/strong>: Zaprojektowany do vapingu MTL (Mouth-To-Lung)<\/li>\n<\/ul>\n<h3><strong>JNR Vape Media Max 40k Puffs, kt\u00f3ry starcza na d\u0142ugo<\/strong>\u00a0<strong>Lista Smak\u00f3w:<\/strong><\/h3>\n<p>1.Niebieska Malina l\u00f3d<br \/>\n2.Truskawka l\u00f3d<br \/>\n3.Arbuz l\u00f3d<br \/>\n4.Miami Mint<br \/>\n5.Kwa\u015bne Jab\u0142ko l\u00f3d<br \/>\n6.Jagoda Arbuz<br \/>\n7.Niesamowicie Fantastyczny<br \/>\n8.Wi\u015bnia truskawkamalina<br \/>\n9.Brzoskwinia MangoArbuz<br \/>\n10.Truskawka Banan<\/p>\n<p><a href=\"https:\/\/vapebulkp.com\/pl\/product\/popular-randm-tornado-7000puffs-disposable-vape-best-price\/\"><span style=\"vertical-align: inherit\">RandM Tornado 7000 zaci\u0105gni\u0119\u0107 <\/span><\/a><\/p>\n<p><span style=\"vertical-align: inherit\">Znajd\u017a wi\u0119cej produkt\u00f3w, kt\u00f3re mog\u0105 Ci si\u0119 spodoba\u0107:<\/span><em><a href=\"https:\/\/wa.me\/8618077105796\"><span style=\"vertical-align: inherit\">\u00a0Kup teraz<\/span><\/a><\/em><\/p>\n<p><span style=\"vertical-align: inherit\">Inne Puffs, kt\u00f3re mog\u0105 Ci si\u0119 spodoba\u0107:<\/span><a href=\"https:\/\/vapebulkp.com\/pl\/product\/uzy-bang-king-12k-disposable-vape-affordable-price\/\"><span style=\"vertical-align: inherit\">UZY Bang King 12000 Zaci\u0105gni\u0119\u0107<\/span><\/a><span style=\"vertical-align: inherit\">\u3001<\/span><a href=\"https:\/\/vapebulkp.com\/pl\/product\/wholesale-randm-tornado-9000-puffs-germany\/\"><span style=\"vertical-align: inherit\">RandM 9000 zaci\u0105gni\u0119\u0107<\/span><\/a><span style=\"vertical-align: inherit\">\/ <\/span><a href=\"https:\/\/vapebulkp.com\/pl\/product\/bang-king-12000puffs\/\"><span style=\"vertical-align: inherit\">Bang King 12000 zaci\u0105gni\u0119\u0107<\/span><\/a><span style=\"vertical-align: inherit\">\/ <\/span><a href=\"https:\/\/vapebulkp.com\/pl\/product\/wholesale-tornado-rum-bar-9000-puffs-sweden\/\"><span style=\"vertical-align: inherit\">Rumbar 9000 zaci\u0105gni\u0119\u0107<\/span><\/a><\/p>\n<p><span style=\"vertical-align: inherit\">E-papieros o specjalnym kszta\u0142cie butelki:<\/span><a href=\"https:\/\/vapebulkp.com\/pl\/product\/wholesale-kulx-8000-puffs-disposable-vape\/\"><span style=\"vertical-align: inherit\">\u00a0Kulx 8000 Pali<\/span><\/a><span style=\"vertical-align: inherit\">\/ <\/span><a href=\"https:\/\/vapebulkp.com\/pl\/product\/original-bang-vape-box-20k-puff-disposable-vape\/\"><span style=\"vertical-align: inherit\">\u00a0Bang Box 20000 Zaci\u0105gni\u0119\u0107 <\/span><\/a><span style=\"vertical-align: inherit\">\/<\/span><a href=\"https:\/\/vapebulkp.com\/pl\/product\/wga-crystal-plus-16000-puffs-led-light-disposable-vape\/\"><span style=\"vertical-align: inherit\"> WGA Crystal 16000 zaci\u0105gni\u0119\u0107<\/span><\/a><\/p>\n<h5><\/h5>\n<h5>Najcz\u0119\u015bciej zadawane pytania:<\/h5>\n<ul>\n<li><strong>Jak d\u0142ugo wystarczy hurtowy JNR Media Max 40000 Puff Vape?<\/strong><br \/>\nJNR Media Max oferuje do 40 000 zaci\u0105gni\u0119\u0107 w trybie standardowym i oko\u0142o 20 000 zaci\u0105gni\u0119\u0107 w trybie Pulse, co czyni go jednym z najtrwalszych dost\u0119pnych e-papieros\u00f3w jednorazowych.<\/li>\n<li><strong>Jakie jest st\u0119\u017cenie nikotyny w JNR Media Max 40k Puffs?<\/strong><br \/>\nJNR Media Max ma st\u0119\u017cenie nikotyny 5% (50mg), zapewniaj\u0105c satysfakcjonuj\u0105ce uderzenie w gard\u0142o dla tych, kt\u00f3rzy preferuj\u0105 wy\u017csze st\u0119\u017cenie nikotyny.<\/li>\n<li><strong>Ile e-liquidu mie\u015bci JNR Media Max 40000 Puffs?<\/strong><br \/>\nTen jednorazowy e-papieros zawiera 21 ml wst\u0119pnie nape\u0142nionego e-liquidu, kt\u00f3ry jest przeznaczony do d\u0142ugotrwa\u0142ego u\u017cytkowania bez konieczno\u015bci uzupe\u0142niania.<\/li>\n<li><strong>Jak na\u0142adowa\u0107 JNR Media Max 40000 Puffs?<\/strong><br \/>\nUrz\u0105dzenie jest wyposa\u017cone w akumulator o pojemno\u015bci 1000 mAh. Wystarczy na\u0142adowa\u0107 go przez port USB-C, aby cieszy\u0107 si\u0119 d\u0142u\u017cszymi sesjami wapowania.<\/li>\n<\/ul>\n<h4>Szczeg\u00f3\u0142y wysy\u0142ki:<\/h4>\n<p><span style=\"color: #ff6600\">Czas produkcji: 5-10 dni roboczych<\/span><br \/>\n<span style=\"color: #ff6600\">Czas wysy\u0142ki: 8-14 dni roboczych<\/span><\/p>\n<p>Wszystkie produkty w naszym sklepie s\u0105 w 100% oryginalne i autentyczne, dlatego polityk\u0105 naszego sklepu jest dziesi\u0119ciokrotne odszkodowanie za podrobione towary. Do dostarczania towar\u00f3w u\u017cywamy kana\u0142\u00f3w logistycznych, takich jak UPS\/DHL\/FEDEX\/DPD.<\/p>\n<p>W przypadku paczek wysy\u0142anych do Polski dostawa trwa zwykle 10 dni roboczych. Wysy\u0142ka do kraj\u00f3w europejskich trwa zwykle od 12 do 15 dni roboczych. B\u0119dziemy aktualizowa\u0107 dla Ciebie informacje logistyczne w czasie rzeczywistym.<\/p>","protected":false},"excerpt":{"rendered":"<p>JNR Media Max 40000 Zaci\u0105gni\u0119\u0107 Jednorazowy Vape, zaawansowane technologicznie urz\u0105dzenie o du\u017cej pojemno\u015bci z 5% nikotyn\u0105, 21ml e-liquidu oraz innowacyjnymi funkcjami zapewniaj\u0105cymi niezr\u00f3wnane wra\u017cenia z wapowania.<\/p>\n<p><img decoding=\"async\" class=\"alignnone wp-image-2151\" src=\"http:\/\/vapebulkp.com\/wp-content\/uploads\/2024\/04\/Mandy-WhatsApp-Randm.jpg\" alt=\"WhatsApp Mandy Randm\" width=\"234\" height=\"249\" srcset=\"https:\/\/vapebulkp.com\/wp-content\/uploads\/2024\/04\/Mandy-WhatsApp-Randm.jpg 916w, https:\/\/vapebulkp.com\/wp-content\/uploads\/2024\/04\/Mandy-WhatsApp-Randm-282x300.jpg 282w, https:\/\/vapebulkp.com\/wp-content\/uploads\/2024\/04\/Mandy-WhatsApp-Randm-768x817.jpg 768w, https:\/\/vapebulkp.com\/wp-content\/uploads\/2024\/04\/Mandy-WhatsApp-Randm-600x638.jpg 600w\" sizes=\"(max-width: 234px) 100vw, 234px\" \/><\/p>\n<p>&nbsp;<\/p>\n<p>Skontaktuj si\u0119 z WhatsApp Mandy, aby uzyska\u0107 cen\u0119 ze zni\u017ck\u0105<a href=\"https:\/\/wa.me\/8618077105796\">+8618077105796<\/a><\/p>\n<p><span style=\"color: #ff0000\">UWAGA: Ceny na naszej stronie internetowej nie zawieraj\u0105 koszt\u00f3w wysy\u0142ki<\/span><\/p>\n<p>&nbsp;<\/p>","protected":false},"featured_media":3112,"comment_status":"open","ping_status":"closed","template":"","meta":{"_uag_custom_page_level_css":"","_lmt_disableupdate":"no","_lmt_disable":"","site-sidebar-layout":"default","site-content-layout":"content-boxed-container","ast-site-content-layout":"normal-width-container","site-content-style":"boxed","site-sidebar-style":"unboxed","ast-global-header-display":"","ast-banner-title-visibility":"","ast-main-header-display":"","ast-hfb-above-header-display":"","ast-hfb-below-header-display":"","ast-hfb-mobile-header-display":"","site-post-title":"","ast-breadcrumbs-content":"","ast-featured-img":"","footer-sml-layout":"","theme-transparent-header-meta":"default","adv-header-id-meta":"","stick-header-meta":"","header-above-stick-meta":"","header-main-stick-meta":"","header-below-stick-meta":"","astra-migrate-meta-layouts":"set","_joinchat":[]},"product_cat":[182,153,155,33,59,100,353,34,158,157,154,152,58,84,156,63,32],"product_tag":[109,36,37,41,40],"class_list":["post-3118","product","type-product","status-publish","has-post-thumbnail","hentry","product_cat-40000-puffs-disposable-vape","product_cat-hot-disposable-vapes","product_cat-belgium-hot-disposable-vapes","product_cat-france-vape-hot-sale","product_cat-germany-hot-disposable-vape","product_cat-germany-wholesale-vape-shop","product_cat-jnr-vape","product_cat-netherlands-vape-good-sale","product_cat-norway-hot-disposable-vapes","product_cat-poland-hot-disposable-vapes","product_cat-portugal-hot-disposable-vapes","product_cat-spain-hot-disposable-vapes","product_cat-sweden-hot-disposable-vape","product_cat-sweden-wholesale-vape","product_cat-switzerland-hot-disposable-vapes","product_cat-top-sale-disposable-vape","product_cat-vape-hot-sale-this-week","product_tag-20000-puffs","product_tag-good-vape","product_tag-hot-sale-disposable-vape","product_tag-poland-hot-vape","product_tag-sweden-hot-vape","pa_brand-jnr-vape","desktop-align-left","tablet-align-left","mobile-align-left"],"yoast_head":"<!-- This site is optimized with the Yoast SEO plugin v21.1 - https:\/\/yoast.com\/wordpress\/plugins\/seo\/ -->\n<title>JNR Media Max 40000 Puffs High Capacity 1000mAh Disposable Vape - vapebulkp.com % %<\/title>\n<meta name=\"description\" content=\"Buy the JNR Media Max 40000 Puffs, a high-capacity 40000 Puffs Disposable Vape with 1000mAh battery and 21ml e-liquid. Fast EU shipping \u2014 order yours today!\" \/>\n<meta name=\"robots\" content=\"index, follow, max-snippet:-1, max-image-preview:large, max-video-preview:-1\" \/>\n<link rel=\"canonical\" href=\"https:\/\/vapebulkp.com\/pl\/product\/jnr-media-max-40000-puffs-high-capacity-1000mah-disposable-vape\/\" \/>\n<meta property=\"og:locale\" content=\"pl_PL\" \/>\n<meta property=\"og:type\" content=\"article\" \/>\n<meta property=\"og:title\" content=\"JNR Media Max 40000 Puffs High Capacity 1000mAh Disposable Vape - vapebulkp.com % %\" \/>\n<meta property=\"og:description\" content=\"Buy the JNR Media Max 40000 Puffs, a high-capacity 40000 Puffs Disposable Vape with 1000mAh battery and 21ml e-liquid. Fast EU shipping \u2014 order yours today!\" \/>\n<meta property=\"og:url\" content=\"https:\/\/vapebulkp.com\/pl\/product\/jnr-media-max-40000-puffs-high-capacity-1000mah-disposable-vape\/\" \/>\n<meta property=\"og:site_name\" content=\"vapebulkp.com\" \/>\n<meta property=\"article:modified_time\" content=\"2025-09-24T03:37:29+00:00\" \/>\n<meta property=\"og:image\" content=\"http:\/\/vapebulkp.com\/wp-content\/uploads\/2024\/11\/Experience-40000-Puffs-with-JNR-MediaMax-Long-Lasting-1000mAh-Battery.jpg\" \/>\n\t<meta property=\"og:image:width\" content=\"800\" \/>\n\t<meta property=\"og:image:height\" content=\"800\" \/>\n\t<meta property=\"og:image:type\" content=\"image\/jpeg\" \/>\n<meta name=\"twitter:card\" content=\"summary_large_image\" \/>\n<meta name=\"twitter:label1\" content=\"Szacowany czas czytania\" \/>\n\t<meta name=\"twitter:data1\" content=\"4 minuty\" \/>\n<script type=\"application\/ld+json\" class=\"yoast-schema-graph\">{\"@context\":\"https:\/\/schema.org\",\"@graph\":[{\"@type\":\"WebPage\",\"@id\":\"https:\/\/vapebulkp.com\/product\/jnr-media-max-40000-puffs-high-capacity-1000mah-disposable-vape\/\",\"url\":\"https:\/\/vapebulkp.com\/product\/jnr-media-max-40000-puffs-high-capacity-1000mah-disposable-vape\/\",\"name\":\"JNR Media Max 40000 Puffs High Capacity 1000mAh Disposable Vape - vapebulkp.com % %\",\"isPartOf\":{\"@id\":\"https:\/\/vapebulkp.com\/#website\"},\"datePublished\":\"2024-11-14T02:50:51+00:00\",\"dateModified\":\"2025-09-24T03:37:29+00:00\",\"description\":\"Buy the JNR Media Max 40000 Puffs, a high-capacity 40000 Puffs Disposable Vape with 1000mAh battery and 21ml e-liquid. Fast EU shipping \u2014 order yours today!\",\"breadcrumb\":{\"@id\":\"https:\/\/vapebulkp.com\/product\/jnr-media-max-40000-puffs-high-capacity-1000mah-disposable-vape\/#breadcrumb\"},\"inLanguage\":\"pl-PL\",\"potentialAction\":[{\"@type\":\"ReadAction\",\"target\":[\"https:\/\/vapebulkp.com\/product\/jnr-media-max-40000-puffs-high-capacity-1000mah-disposable-vape\/\"]}]},{\"@type\":\"BreadcrumbList\",\"@id\":\"https:\/\/vapebulkp.com\/product\/jnr-media-max-40000-puffs-high-capacity-1000mah-disposable-vape\/#breadcrumb\",\"itemListElement\":[{\"@type\":\"ListItem\",\"position\":1,\"name\":\"Home\",\"item\":\"https:\/\/vapebulkp.com\/\"},{\"@type\":\"ListItem\",\"position\":2,\"name\":\"Hot Trend Vapes\",\"item\":\"https:\/\/vapebulkp.com\/vape-shop\/\"},{\"@type\":\"ListItem\",\"position\":3,\"name\":\"JNR Media Max 40000 Puffs High Capacity 1000mAh Disposable Vape\"}]},{\"@type\":\"WebSite\",\"@id\":\"https:\/\/vapebulkp.com\/#website\",\"url\":\"https:\/\/vapebulkp.com\/\",\"name\":\"vapebulkp.com\",\"description\":\"Buy Vape In Cheap Bulk Price Near you\",\"publisher\":{\"@id\":\"https:\/\/vapebulkp.com\/#organization\"},\"potentialAction\":[{\"@type\":\"SearchAction\",\"target\":{\"@type\":\"EntryPoint\",\"urlTemplate\":\"https:\/\/vapebulkp.com\/?s={search_term_string}\"},\"query-input\":\"required name=search_term_string\"}],\"inLanguage\":\"pl-PL\"},{\"@type\":\"Organization\",\"@id\":\"https:\/\/vapebulkp.com\/#organization\",\"name\":\"vapebulkp.com\",\"url\":\"https:\/\/vapebulkp.com\/\",\"logo\":{\"@type\":\"ImageObject\",\"inLanguage\":\"pl-PL\",\"@id\":\"https:\/\/vapebulkp.com\/#\/schema\/logo\/image\/\",\"url\":\"https:\/\/vapebulkp.com\/wp-content\/uploads\/2023\/09\/cropped-vapebulkp.png\",\"contentUrl\":\"https:\/\/vapebulkp.com\/wp-content\/uploads\/2023\/09\/cropped-vapebulkp.png\",\"width\":516,\"height\":163,\"caption\":\"vapebulkp.com\"},\"image\":{\"@id\":\"https:\/\/vapebulkp.com\/#\/schema\/logo\/image\/\"}}]}<\/script>\n<!-- \/ Yoast SEO plugin. -->","yoast_head_json":{"title":"JNR Media Max 40000 Puffs High Capacity 1000mAh Disposable Vape - vapebulkp.com % %","description":"Buy the JNR Media Max 40000 Puffs, a high-capacity 40000 Puffs Disposable Vape with 1000mAh battery and 21ml e-liquid. Fast EU shipping \u2014 order yours today!","robots":{"index":"index","follow":"follow","max-snippet":"max-snippet:-1","max-image-preview":"max-image-preview:large","max-video-preview":"max-video-preview:-1"},"canonical":"https:\/\/vapebulkp.com\/pl\/product\/jnr-media-max-40000-puffs-high-capacity-1000mah-disposable-vape\/","og_locale":"pl_PL","og_type":"article","og_title":"JNR Media Max 40000 Puffs High Capacity 1000mAh Disposable Vape - vapebulkp.com % %","og_description":"Buy the JNR Media Max 40000 Puffs, a high-capacity 40000 Puffs Disposable Vape with 1000mAh battery and 21ml e-liquid. Fast EU shipping \u2014 order yours today!","og_url":"https:\/\/vapebulkp.com\/pl\/product\/jnr-media-max-40000-puffs-high-capacity-1000mah-disposable-vape\/","og_site_name":"vapebulkp.com","article_modified_time":"2025-09-24T03:37:29+00:00","og_image":[{"width":800,"height":800,"url":"http:\/\/vapebulkp.com\/wp-content\/uploads\/2024\/11\/Experience-40000-Puffs-with-JNR-MediaMax-Long-Lasting-1000mAh-Battery.jpg","type":"image\/jpeg"}],"twitter_card":"summary_large_image","twitter_misc":{"Szacowany czas czytania":"4 minuty"},"schema":{"@context":"https:\/\/schema.org","@graph":[{"@type":"WebPage","@id":"https:\/\/vapebulkp.com\/product\/jnr-media-max-40000-puffs-high-capacity-1000mah-disposable-vape\/","url":"https:\/\/vapebulkp.com\/product\/jnr-media-max-40000-puffs-high-capacity-1000mah-disposable-vape\/","name":"JNR Media Max 40000 Puffs High Capacity 1000mAh Disposable Vape - vapebulkp.com % %","isPartOf":{"@id":"https:\/\/vapebulkp.com\/#website"},"datePublished":"2024-11-14T02:50:51+00:00","dateModified":"2025-09-24T03:37:29+00:00","description":"Buy the JNR Media Max 40000 Puffs, a high-capacity 40000 Puffs Disposable Vape with 1000mAh battery and 21ml e-liquid. Fast EU shipping \u2014 order yours today!","breadcrumb":{"@id":"https:\/\/vapebulkp.com\/product\/jnr-media-max-40000-puffs-high-capacity-1000mah-disposable-vape\/#breadcrumb"},"inLanguage":"pl-PL","potentialAction":[{"@type":"ReadAction","target":["https:\/\/vapebulkp.com\/product\/jnr-media-max-40000-puffs-high-capacity-1000mah-disposable-vape\/"]}]},{"@type":"BreadcrumbList","@id":"https:\/\/vapebulkp.com\/product\/jnr-media-max-40000-puffs-high-capacity-1000mah-disposable-vape\/#breadcrumb","itemListElement":[{"@type":"ListItem","position":1,"name":"Home","item":"https:\/\/vapebulkp.com\/"},{"@type":"ListItem","position":2,"name":"Hot Trend Vapes","item":"https:\/\/vapebulkp.com\/vape-shop\/"},{"@type":"ListItem","position":3,"name":"JNR Media Max 40000 Puffs High Capacity 1000mAh Disposable Vape"}]},{"@type":"WebSite","@id":"https:\/\/vapebulkp.com\/#website","url":"https:\/\/vapebulkp.com\/","name":"vapebulkp.com","description":"Buy Vape In Cheap Bulk Price Near you","publisher":{"@id":"https:\/\/vapebulkp.com\/#organization"},"potentialAction":[{"@type":"SearchAction","target":{"@type":"EntryPoint","urlTemplate":"https:\/\/vapebulkp.com\/?s={search_term_string}"},"query-input":"required name=search_term_string"}],"inLanguage":"pl-PL"},{"@type":"Organization","@id":"https:\/\/vapebulkp.com\/#organization","name":"vapebulkp.com","url":"https:\/\/vapebulkp.com\/","logo":{"@type":"ImageObject","inLanguage":"pl-PL","@id":"https:\/\/vapebulkp.com\/#\/schema\/logo\/image\/","url":"https:\/\/vapebulkp.com\/wp-content\/uploads\/2023\/09\/cropped-vapebulkp.png","contentUrl":"https:\/\/vapebulkp.com\/wp-content\/uploads\/2023\/09\/cropped-vapebulkp.png","width":516,"height":163,"caption":"vapebulkp.com"},"image":{"@id":"https:\/\/vapebulkp.com\/#\/schema\/logo\/image\/"}}]}},"uagb_featured_image_src":{"full":["https:\/\/vapebulkp.com\/wp-content\/uploads\/2024\/11\/Experience-40000-Puffs-with-JNR-MediaMax-Long-Lasting-1000mAh-Battery.jpg",800,800,false],"thumbnail":["https:\/\/vapebulkp.com\/wp-content\/uploads\/2024\/11\/Experience-40000-Puffs-with-JNR-MediaMax-Long-Lasting-1000mAh-Battery-150x150.jpg",150,150,true],"medium":["https:\/\/vapebulkp.com\/wp-content\/uploads\/2024\/11\/Experience-40000-Puffs-with-JNR-MediaMax-Long-Lasting-1000mAh-Battery-300x300.jpg",300,300,true],"medium_large":["https:\/\/vapebulkp.com\/wp-content\/uploads\/2024\/11\/Experience-40000-Puffs-with-JNR-MediaMax-Long-Lasting-1000mAh-Battery-768x768.jpg",768,768,true],"large":["https:\/\/vapebulkp.com\/wp-content\/uploads\/2024\/11\/Experience-40000-Puffs-with-JNR-MediaMax-Long-Lasting-1000mAh-Battery.jpg",800,800,false],"1536x1536":["https:\/\/vapebulkp.com\/wp-content\/uploads\/2024\/11\/Experience-40000-Puffs-with-JNR-MediaMax-Long-Lasting-1000mAh-Battery.jpg",800,800,false],"2048x2048":["https:\/\/vapebulkp.com\/wp-content\/uploads\/2024\/11\/Experience-40000-Puffs-with-JNR-MediaMax-Long-Lasting-1000mAh-Battery.jpg",800,800,false],"trp-custom-language-flag":["https:\/\/vapebulkp.com\/wp-content\/uploads\/2024\/11\/Experience-40000-Puffs-with-JNR-MediaMax-Long-Lasting-1000mAh-Battery.jpg",12,12,false],"woocommerce_thumbnail":["https:\/\/vapebulkp.com\/wp-content\/uploads\/2024\/11\/Experience-40000-Puffs-with-JNR-MediaMax-Long-Lasting-1000mAh-Battery-300x300.jpg",300,300,true],"woocommerce_single":["https:\/\/vapebulkp.com\/wp-content\/uploads\/2024\/11\/Experience-40000-Puffs-with-JNR-MediaMax-Long-Lasting-1000mAh-Battery-600x600.jpg",600,600,true],"woocommerce_gallery_thumbnail":["https:\/\/vapebulkp.com\/wp-content\/uploads\/2024\/11\/Experience-40000-Puffs-with-JNR-MediaMax-Long-Lasting-1000mAh-Battery-100x100.jpg",100,100,true],"wcpr-photo-reviews":["https:\/\/vapebulkp.com\/wp-content\/uploads\/2024\/11\/Experience-40000-Puffs-with-JNR-MediaMax-Long-Lasting-1000mAh-Battery.jpg",500,500,false]},"uagb_author_info":{"display_name":"Mandy vape bulk price","author_link":"https:\/\/vapebulkp.com\/pl\/author\/"},"uagb_comment_info":0,"uagb_excerpt":"JNR Media Max 40000 Puffs Disposable Vapea ,high-capacity, tech-infused device with 5% nicotine, 21ml e-liquid, and innovative features for an unparalleled vaping experience. &nbsp; Pls Contact Mandy's WhatsApp For Discount Price+8618077105796 NOTE: Prices on our website does not include shipping costs &nbsp;","_links":{"self":[{"href":"https:\/\/vapebulkp.com\/pl\/wp-json\/wp\/v2\/product\/3118","targetHints":{"allow":["GET"]}}],"collection":[{"href":"https:\/\/vapebulkp.com\/pl\/wp-json\/wp\/v2\/product"}],"about":[{"href":"https:\/\/vapebulkp.com\/pl\/wp-json\/wp\/v2\/types\/product"}],"replies":[{"embeddable":true,"href":"https:\/\/vapebulkp.com\/pl\/wp-json\/wp\/v2\/comments?post=3118"}],"wp:featuredmedia":[{"embeddable":true,"href":"https:\/\/vapebulkp.com\/pl\/wp-json\/wp\/v2\/media\/3112"}],"wp:attachment":[{"href":"https:\/\/vapebulkp.com\/pl\/wp-json\/wp\/v2\/media?parent=3118"}],"wp:term":[{"taxonomy":"product_cat","embeddable":true,"href":"https:\/\/vapebulkp.com\/pl\/wp-json\/wp\/v2\/product_cat?post=3118"},{"taxonomy":"product_tag","embeddable":true,"href":"https:\/\/vapebulkp.com\/pl\/wp-json\/wp\/v2\/product_tag?post=3118"}],"curies":[{"name":"wp","href":"https:\/\/api.w.org\/{rel}","templated":true}]}}