{"id":3142,"date":"2024-11-21T03:48:22","date_gmt":"2024-11-21T02:48:22","guid":{"rendered":"https:\/\/vapebulkp.com\/?post_type=product&#038;p=3142"},"modified":"2025-09-24T05:17:50","modified_gmt":"2025-09-24T03:17:50","slug":"waspe-vape-40000-puff-fihp-double-flavour-disposable-vape","status":"publish","type":"product","link":"https:\/\/vapebulkp.com\/pl\/produkt\/waspe-vape-40000-puff-fihp-double-flavour-disposable-vape\/","title":{"rendered":"WASPE Vape 40000 zaci\u0105gni\u0119\u0107 FIHP PODW\u00d3JNY SMAK jednorazowy vape"},"content":{"rendered":"<h2 style=\"text-align: left\">WASPE Vape 40000 zaci\u0105gni\u0119\u0107 FIHP PODW\u00d3JNY SMAK jednorazowy vape<\/h2>\n<p>&nbsp;<\/p>\n<p>To <b>WASPE Vape 40000 ZACI\u0104GNI\u0118\u0106<\/b> wyznacza nowy standard wydajno\u015bci i wszechstronno\u015bci. To zaawansowane <a href=\"https:\/\/vapebulkp.com\/pl\/kategoria-produktu\/40000-puffs-disposable-vape\/\"><b>40000 zaci\u0105gni\u0119\u0107 jednorazowy e-papieros<\/b><\/a> jest stworzone dla nowoczesnego polskiego vaper'a, zapewniaj\u0105c monumentaln\u0105 <b>pojemno\u015bci 40 000 zaci\u0105gni\u0119\u0107<\/b> z rewolucyjnym systemem podw\u00f3jnych smak\u00f3w. Dzi\u0119ki ogromnemu zbiornikowi na e-liquid o pojemno\u015bci 36ml i dw\u00f3m siatkowym grza\u0142kom o oporno\u015bci 0.9\u03a9, uzyskujesz sp\u00f3jny, bogaty smak i imponuj\u0105c\u0105 par\u0119 z dw\u00f3ch r\u00f3\u017cnych profili w jednym urz\u0105dzeniu.<\/p>\n<p>Zintegrowana bateria 850mAh z mo\u017cliwo\u015bci\u0105 \u0142adowania i \u0142adowanie Type-C zapewniaj\u0105 niezawodn\u0105 moc na d\u0142u\u017cszy czas u\u017cytkowania. Ten <strong><a href=\"https:\/\/vapebulkp.com\/pl\/puffs-stock-europe-warehouse\/\">Polska Hurtowa Cena Vape<\/a> WASPE 40000 ZACI\u0104GNI\u0118\u0106<\/strong> posiada inteligentny wy\u015bwietlacz LED, kt\u00f3ry dostarcza danych w czasie rzeczywistym na temat stanu baterii i liczby zaci\u0105gni\u0119\u0107, dzi\u0119ki czemu masz zawsze wszystko pod kontrol\u0105. Jego kompaktowa, \u0142atwa do przenoszenia konstrukcja sprawia, \u017ce jest to idealne urz\u0105dzenie <b>d\u0142ugopis vape<\/b> dla stylu \u017cycia w ci\u0105g\u0142ym ruchu. Dost\u0119pne zar\u00f3wno w st\u0119\u017ceniach nikotyny 2% jak i 5%, to urz\u0105dzenie <b>jednorazowego e-papierosa<\/b> \u0142\u0105czy w sobie najnowocze\u015bniejsz\u0105 technologi\u0119 z niezr\u00f3wnan\u0105 wygod\u0105.<\/p>\n<p><img decoding=\"async\" class=\"wp-image-3137\" src=\"http:\/\/vapebulkp.com\/wp-content\/uploads\/2024\/11\/WASPE-FIHP-40000-Puffs-Vape-Double-Flavor-Wholeasle-Price.jpg\" alt=\"WASPE FIHP 40000 zaci\u0105gni\u0119\u0107 vape podw\u00f3jny smak cena hurtowa\" width=\"522\" height=\"522\" srcset=\"https:\/\/vapebulkp.com\/wp-content\/uploads\/2024\/11\/WASPE-FIHP-40000-Puffs-Vape-Double-Flavor-Wholeasle-Price.jpg 800w, https:\/\/vapebulkp.com\/wp-content\/uploads\/2024\/11\/WASPE-FIHP-40000-Puffs-Vape-Double-Flavor-Wholeasle-Price-300x300.jpg 300w, https:\/\/vapebulkp.com\/wp-content\/uploads\/2024\/11\/WASPE-FIHP-40000-Puffs-Vape-Double-Flavor-Wholeasle-Price-150x150.jpg 150w, https:\/\/vapebulkp.com\/wp-content\/uploads\/2024\/11\/WASPE-FIHP-40000-Puffs-Vape-Double-Flavor-Wholeasle-Price-768x768.jpg 768w, https:\/\/vapebulkp.com\/wp-content\/uploads\/2024\/11\/WASPE-FIHP-40000-Puffs-Vape-Double-Flavor-Wholeasle-Price-600x600.jpg 600w, https:\/\/vapebulkp.com\/wp-content\/uploads\/2024\/11\/WASPE-FIHP-40000-Puffs-Vape-Double-Flavor-Wholeasle-Price-100x100.jpg 100w\" sizes=\"(max-width: 522px) 100vw, 522px\" \/><\/p>\n<p>&nbsp;<\/p>\n<h6>Skontaktuj si\u0119 z WhatsApp Mandy, aby uzyska\u0107 cen\u0119 ze zni\u017ck\u0105<a href=\"https:\/\/wa.me\/8618077105796\">+8618077105796<\/a><\/h6>\n<p><img decoding=\"async\" class=\"alignnone wp-image-2151\" src=\"http:\/\/vapebulkp.com\/wp-content\/uploads\/2024\/04\/Mandy-WhatsApp-Randm.jpg\" alt=\"WhatsApp Mandy Randm\" width=\"324\" height=\"330\" \/><\/p>\n<p>&nbsp;<\/p>\n<h3><strong>WASPE FIHP 40000 Zaci\u0105gni\u0119\u0107 Hurtowy Vape <\/strong><strong>Funkcje produktu<\/strong><\/h3>\n<ul>\n<li><strong>40,000 Zaci\u0105gni\u0119\u0107<\/strong>: Ultra-wysoka pojemno\u015b\u0107 do d\u0142ugich sesji vapingowych.<\/li>\n<li><strong>System Podw\u00f3jnych Smak\u00f3w<\/strong>: \u0141atwe prze\u0142\u0105czanie mi\u0119dzy dwoma r\u00f3\u017cnymi smakami.<\/li>\n<li><strong>Podw\u00f3jne Grza\u0142ki Siatkowe 0.9\u03a9<\/strong>: Zaawansowana technologia dla g\u0142adkiej i intensywnej pary.<\/li>\n<li><strong>Pojemno\u015b\u0107 E-Liquid 36ml<\/strong>: Wystarczaj\u0105ca ilo\u015b\u0107 na d\u0142ugotrwa\u0142\u0105 przyjemno\u015b\u0107.<\/li>\n<li><strong>Akumulator 850mAh<\/strong>: \u0141adowanie Type-C zapewnia szybkie i niezawodne zasilanie.<\/li>\n<\/ul>\n<p>&nbsp;<\/p>\n<p>&nbsp;<\/p>\n<h3><strong>\u00a0WASPE Vape Pods FIHP 40k Puffs Lista Smak\u00f3w:<\/strong><\/h3>\n<p>1 arbuz l\u00f3d \/ cytryna limonka<br \/>\n2 wi\u015bnia musuj\u0105ca l\u00f3d \/ jagodowa wata cukrowa<br \/>\n3 truskawka arbuz \/ jagoda malina<br \/>\n4 red bull l\u00f3d \/ truskawka mango<br \/>\n5 brzoskwinia l\u00f3d \/ ananas mango brzoskwinia<br \/>\n6 winogrono l\u00f3d \/ truskawka kiwi<br \/>\n7 mieszanka jag\u00f3d \/ podw\u00f3jne jab\u0142ko l\u00f3d<br \/>\n8 niebieska malinowa lemoniada \/ arbuzowa guma balonowa<br \/>\n9 truskawka malina wi\u015bnia \/ love 666<br \/>\n10 truskawka banan \/ ananas kokos l\u00f3d<br \/>\n11 truskawka arbuzowa guma balonowa \/ mieszanka owocowa<br \/>\n12 wi\u015bniowa cola l\u00f3d \/ truskawka malinowy cukierek<br \/>\n13 kwa\u015bne jab\u0142ko malina \/ truskawka big bang<br \/>\n14 brzoskwinia jagoda \/ arbuz mango brzoskwinia<br \/>\n15 jagoda l\u00f3d \/ czarny smok l\u00f3d<br \/>\n16 truskawka wi\u015bnia \/ kiwi marakuja guawa<\/p>\n<p><a href=\"https:\/\/vapebulkp.com\/pl\/produkt\/popular-randm-tornado-7000puffs-disposable-vape-best-price\/\"><span style=\"vertical-align: inherit\">RandM Tornado 7000 zaci\u0105gni\u0119\u0107 <\/span><\/a><\/p>\n<p><span style=\"vertical-align: inherit\">Znajd\u017a wi\u0119cej produkt\u00f3w, kt\u00f3re mog\u0105 Ci si\u0119 spodoba\u0107:<\/span><em><a href=\"https:\/\/wa.me\/8618077105796\"><span style=\"vertical-align: inherit\">\u00a0Kup teraz<\/span><\/a><\/em><\/p>\n<p><span style=\"vertical-align: inherit\">Inne Puffs, kt\u00f3re mog\u0105 Ci si\u0119 spodoba\u0107:<\/span><a href=\"https:\/\/vapebulkp.com\/pl\/produkt\/jnr-media-max-40000-puffs-high-capacity-1000mah-disposable-vape\/\"><span style=\"vertical-align: inherit\">JNR Media max 40000 zaci\u0105gni\u0119\u0107 <\/span><\/a><span style=\"vertical-align: inherit\">\u3001<\/span><a href=\"https:\/\/vapebulkp.com\/pl\/produkt\/wholesale-randm-tornado-9000-puffs-germany\/\"><span style=\"vertical-align: inherit\">RandM 9000 zaci\u0105gni\u0119\u0107<\/span><\/a><span style=\"vertical-align: inherit\">\/ <\/span><a href=\"https:\/\/vapebulkp.com\/pl\/produkt\/bang-king-12000puffs\/\"><span style=\"vertical-align: inherit\">Bang King 12000 zaci\u0105gni\u0119\u0107<\/span><\/a><span style=\"vertical-align: inherit\">\/ <\/span><a href=\"https:\/\/vapebulkp.com\/pl\/produkt\/vozol-gear-power-disposable-vape-20000-puffs-dual-mode-5-nicotine\/\"><span style=\"vertical-align: inherit\">VOZOL Gear power 20000 zaci\u0105gni\u0119\u0107<\/span><\/a><\/p>\n<h3>FAQ na temat WASPE FIHP VAPE PODS 40000 zaci\u0105gni\u0119\u0107:<\/h3>\n<p><strong>P1: Czy Hot Vape WASPE FIHP 40k zaci\u0105gni\u0119\u0107 obs\u0142uguje podw\u00f3jne smaki?<\/strong><\/p>\n<p><strong>A:<\/strong> Tak, posiada system podw\u00f3jnych smak\u00f3w, co pozwala u\u017cytkownikom bez wysi\u0142ku prze\u0142\u0105cza\u0107 si\u0119 mi\u0119dzy dwoma r\u00f3\u017cnymi smakami, zapewniaj\u0105c wszechstronne wra\u017cenia z vapingu.<\/p>\n<p><strong>P2: Jaka jest pojemno\u015b\u0107 e-liquidu w jednorazowym waporyzatorze WASPE FIHP 40000 zaci\u0105gni\u0119\u0107?<\/strong><\/p>\n<p><strong>A:<\/strong> Ten waporyzator jest wyposa\u017cony w ogromny zbiornik na e-liquid o pojemno\u015bci 36 ml, zapewniaj\u0105c d\u0142ugotrwa\u0142e wra\u017cenia bez cz\u0119stej wymiany.<\/p>\n<p><strong>P3: Jakiego rodzaju grza\u0142ki u\u017cywa WASPE Vape 40000 zaci\u0105gni\u0119\u0107 FIHP?<\/strong><\/p>\n<p><strong>A:<\/strong> Wykorzystuje podw\u00f3jne grza\u0142ki siatkowe 0,9\u03a9, zapewniaj\u0105c g\u0142adk\u0105, sp\u00f3jn\u0105 par\u0119 i wyj\u0105tkowy profil smakowy.<\/p>\n<p><strong>P4: Czy jednorazowy e-papieros WASPE FIHP 40k Puffs ma wy\u015bwietlacz LED?<\/strong><\/p>\n<p><strong>A:<\/strong> Tak, e-papieros posiada wbudowany wy\u015bwietlacz LED, kt\u00f3ry dostarcza informacji w czasie rzeczywistym o liczbie zaci\u0105gni\u0119\u0107 i stanie baterii.<\/p>\n<p><strong>P5: Jak dzia\u0142a system dw\u00f3ch smak\u00f3w w e-papierosie WASPE Tornado?<\/strong><\/p>\n<p><strong>A:<\/strong> System dw\u00f3ch smak\u00f3w pozwala u\u017cytkownikom na \u0142atwe prze\u0142\u0105czanie si\u0119 mi\u0119dzy dwiema komorami e-liquidu, co wzbogaca wra\u017cenia z wapowania, oferuj\u0105c r\u00f3\u017cnorodno\u015b\u0107 w jednym urz\u0105dzeniu.<\/p>\n<p><strong>P6: Jaki jest czas dostawy dla zam\u00f3wionego e-papierosa?<\/strong><\/p>\n<p>O: Zwykle trwa to 10-15 dni od wysy\u0142ki<\/p>\n<p><strong>P7: Ile wynosi koszt wysy\u0142ki?<\/strong><\/p>\n<p>O: Koszt wysy\u0142ki zale\u017cy od wagi. R\u00f3\u017cne ilo\u015bci maj\u0105 r\u00f3\u017cne koszty wysy\u0142ki, prosimy o kontakt w celu potwierdzenia koszt\u00f3w wysy\u0142ki.<\/p>\n<h4>Szczeg\u00f3\u0142y wysy\u0142ki:<\/h4>\n<p><span style=\"color: #ff6600\">Czas produkcji: 5-10 dni roboczych<\/span><br \/>\n<span style=\"color: #ff6600\">Czas wysy\u0142ki: 8-14 dni roboczych<\/span><\/p>\n<p>Wszystkie produkty w naszym sklepie s\u0105 w 100% oryginalne i autentyczne, dlatego polityk\u0105 naszego sklepu jest dziesi\u0119ciokrotne odszkodowanie za podrobione towary. Do dostarczania towar\u00f3w u\u017cywamy kana\u0142\u00f3w logistycznych, takich jak UPS\/DHL\/FEDEX\/DPD.<\/p>\n<p>W przypadku paczek wysy\u0142anych do Polski dostawa trwa zwykle 10 dni roboczych. Wysy\u0142ka do kraj\u00f3w europejskich trwa zwykle od 12 do 15 dni roboczych. B\u0119dziemy aktualizowa\u0107 dla Ciebie informacje logistyczne w czasie rzeczywistym.<\/p>","protected":false},"excerpt":{"rendered":"<p>WASPE Vape 40000 PUFF FIHP Double Flavour Jednorazowy Vape to wysokiej jako\u015bci, wydajne urz\u0105dzenie przeznaczone dla wymagaj\u0105cych vaper\u00f3w.<\/p>\n<p>Skontaktuj si\u0119 z WhatsApp Mandy, aby uzyska\u0107 cen\u0119 ze zni\u017ck\u0105<a href=\"https:\/\/wa.me\/8618077105796\">+8618077105796<\/a><\/p>\n<p><img decoding=\"async\" class=\"alignnone wp-image-2151\" src=\"http:\/\/vapebulkp.com\/wp-content\/uploads\/2024\/04\/Mandy-WhatsApp-Randm.jpg\" alt=\"WhatsApp Mandy Randm\" width=\"297\" height=\"316\" srcset=\"https:\/\/vapebulkp.com\/wp-content\/uploads\/2024\/04\/Mandy-WhatsApp-Randm.jpg 916w, https:\/\/vapebulkp.com\/wp-content\/uploads\/2024\/04\/Mandy-WhatsApp-Randm-282x300.jpg 282w, https:\/\/vapebulkp.com\/wp-content\/uploads\/2024\/04\/Mandy-WhatsApp-Randm-768x817.jpg 768w, https:\/\/vapebulkp.com\/wp-content\/uploads\/2024\/04\/Mandy-WhatsApp-Randm-600x638.jpg 600w\" sizes=\"(max-width: 297px) 100vw, 297px\" \/><\/p>\n<p><span style=\"color: #ff0000\">UWAGA: Ceny na naszej stronie internetowej nie zawieraj\u0105 koszt\u00f3w wysy\u0142ki<\/span><\/p>\n<p>&nbsp;<\/p>","protected":false},"featured_media":3137,"comment_status":"open","ping_status":"closed","template":"","meta":{"_uag_custom_page_level_css":"","_lmt_disableupdate":"no","_lmt_disable":"","site-sidebar-layout":"default","site-content-layout":"content-boxed-container","ast-site-content-layout":"normal-width-container","site-content-style":"boxed","site-sidebar-style":"unboxed","ast-global-header-display":"","ast-banner-title-visibility":"","ast-main-header-display":"","ast-hfb-above-header-display":"","ast-hfb-below-header-display":"","ast-hfb-mobile-header-display":"","site-post-title":"","ast-breadcrumbs-content":"","ast-featured-img":"","footer-sml-layout":"","theme-transparent-header-meta":"default","adv-header-id-meta":"","stick-header-meta":"","header-above-stick-meta":"","header-main-stick-meta":"","header-below-stick-meta":"","astra-migrate-meta-layouts":"set","_joinchat":[]},"product_cat":[182,153,155,33,59,100,34,158,157,154,152,58,84,156,63,32,365],"product_tag":[37,41,40,183],"class_list":["post-3142","product","type-product","status-publish","has-post-thumbnail","hentry","product_cat-40000-puffs-disposable-vape","product_cat-hot-disposable-vapes","product_cat-belgium-hot-disposable-vapes","product_cat-france-vape-hot-sale","product_cat-germany-hot-disposable-vape","product_cat-germany-wholesale-vape-shop","product_cat-netherlands-vape-good-sale","product_cat-norway-hot-disposable-vapes","product_cat-poland-hot-disposable-vapes","product_cat-portugal-hot-disposable-vapes","product_cat-spain-hot-disposable-vapes","product_cat-sweden-hot-disposable-vape","product_cat-sweden-wholesale-vape","product_cat-switzerland-hot-disposable-vapes","product_cat-top-sale-disposable-vape","product_cat-vape-hot-sale-this-week","product_cat-waspe-vape","product_tag-hot-sale-disposable-vape","product_tag-poland-hot-vape","product_tag-sweden-hot-vape","product_tag-waspe-fihp-40000-puffs","pa_brand-waspe-vape","desktop-align-left","tablet-align-left","mobile-align-left"],"yoast_head":"<!-- This site is optimized with the Yoast SEO plugin v21.1 - https:\/\/yoast.com\/wordpress\/plugins\/seo\/ -->\n<title>WASPE Vape 40000 PUFF FIHP DOUBLE FLAVOUR Disposable Vape - vapebulkp.com<\/title>\n<meta name=\"description\" content=\"The ultimate Disposable Vape WASPE 40000 PUFFS offers dual flavors and a huge puff count. Shop the best e-cigarette for superior performance.\" \/>\n<meta name=\"robots\" content=\"index, follow, max-snippet:-1, max-image-preview:large, max-video-preview:-1\" \/>\n<link rel=\"canonical\" href=\"https:\/\/vapebulkp.com\/pl\/produkt\/waspe-vape-40000-puff-fihp-double-flavour-disposable-vape\/\" \/>\n<meta property=\"og:locale\" content=\"pl_PL\" \/>\n<meta property=\"og:type\" content=\"article\" \/>\n<meta property=\"og:title\" content=\"WASPE Vape 40000 PUFF FIHP DOUBLE FLAVOUR Disposable Vape - vapebulkp.com\" \/>\n<meta property=\"og:description\" content=\"The ultimate Disposable Vape WASPE 40000 PUFFS offers dual flavors and a huge puff count. Shop the best e-cigarette for superior performance.\" \/>\n<meta property=\"og:url\" content=\"https:\/\/vapebulkp.com\/pl\/produkt\/waspe-vape-40000-puff-fihp-double-flavour-disposable-vape\/\" \/>\n<meta property=\"og:site_name\" content=\"vapebulkp.com\" \/>\n<meta property=\"article:modified_time\" content=\"2025-09-24T03:17:50+00:00\" \/>\n<meta property=\"og:image\" content=\"http:\/\/vapebulkp.com\/wp-content\/uploads\/2024\/11\/WASPE-FIHP-40000-Puffs-Vape-Double-Flavor-Wholeasle-Price.jpg\" \/>\n\t<meta property=\"og:image:width\" content=\"800\" \/>\n\t<meta property=\"og:image:height\" content=\"800\" \/>\n\t<meta property=\"og:image:type\" content=\"image\/jpeg\" \/>\n<meta name=\"twitter:card\" content=\"summary_large_image\" \/>\n<meta name=\"twitter:label1\" content=\"Szacowany czas czytania\" \/>\n\t<meta name=\"twitter:data1\" content=\"4 minuty\" \/>\n<script type=\"application\/ld+json\" class=\"yoast-schema-graph\">{\"@context\":\"https:\/\/schema.org\",\"@graph\":[{\"@type\":\"WebPage\",\"@id\":\"https:\/\/vapebulkp.com\/product\/waspe-vape-40000-puff-fihp-double-flavour-disposable-vape\/\",\"url\":\"https:\/\/vapebulkp.com\/product\/waspe-vape-40000-puff-fihp-double-flavour-disposable-vape\/\",\"name\":\"WASPE Vape 40000 PUFF FIHP DOUBLE FLAVOUR Disposable Vape - vapebulkp.com\",\"isPartOf\":{\"@id\":\"https:\/\/vapebulkp.com\/#website\"},\"datePublished\":\"2024-11-21T02:48:22+00:00\",\"dateModified\":\"2025-09-24T03:17:50+00:00\",\"description\":\"The ultimate Disposable Vape WASPE 40000 PUFFS offers dual flavors and a huge puff count. Shop the best e-cigarette for superior performance.\",\"breadcrumb\":{\"@id\":\"https:\/\/vapebulkp.com\/product\/waspe-vape-40000-puff-fihp-double-flavour-disposable-vape\/#breadcrumb\"},\"inLanguage\":\"pl-PL\",\"potentialAction\":[{\"@type\":\"ReadAction\",\"target\":[\"https:\/\/vapebulkp.com\/product\/waspe-vape-40000-puff-fihp-double-flavour-disposable-vape\/\"]}]},{\"@type\":\"BreadcrumbList\",\"@id\":\"https:\/\/vapebulkp.com\/product\/waspe-vape-40000-puff-fihp-double-flavour-disposable-vape\/#breadcrumb\",\"itemListElement\":[{\"@type\":\"ListItem\",\"position\":1,\"name\":\"Home\",\"item\":\"https:\/\/vapebulkp.com\/\"},{\"@type\":\"ListItem\",\"position\":2,\"name\":\"Hot Trend Vapes\",\"item\":\"https:\/\/vapebulkp.com\/vape-shop\/\"},{\"@type\":\"ListItem\",\"position\":3,\"name\":\"WASPE Vape 40000 PUFF FIHP DOUBLE FLAVOUR Disposable Vape\"}]},{\"@type\":\"WebSite\",\"@id\":\"https:\/\/vapebulkp.com\/#website\",\"url\":\"https:\/\/vapebulkp.com\/\",\"name\":\"vapebulkp.com\",\"description\":\"Buy Vape In Cheap Bulk Price Near you\",\"publisher\":{\"@id\":\"https:\/\/vapebulkp.com\/#organization\"},\"potentialAction\":[{\"@type\":\"SearchAction\",\"target\":{\"@type\":\"EntryPoint\",\"urlTemplate\":\"https:\/\/vapebulkp.com\/?s={search_term_string}\"},\"query-input\":\"required name=search_term_string\"}],\"inLanguage\":\"pl-PL\"},{\"@type\":\"Organization\",\"@id\":\"https:\/\/vapebulkp.com\/#organization\",\"name\":\"vapebulkp.com\",\"url\":\"https:\/\/vapebulkp.com\/\",\"logo\":{\"@type\":\"ImageObject\",\"inLanguage\":\"pl-PL\",\"@id\":\"https:\/\/vapebulkp.com\/#\/schema\/logo\/image\/\",\"url\":\"https:\/\/vapebulkp.com\/wp-content\/uploads\/2023\/09\/cropped-vapebulkp.png\",\"contentUrl\":\"https:\/\/vapebulkp.com\/wp-content\/uploads\/2023\/09\/cropped-vapebulkp.png\",\"width\":516,\"height\":163,\"caption\":\"vapebulkp.com\"},\"image\":{\"@id\":\"https:\/\/vapebulkp.com\/#\/schema\/logo\/image\/\"}}]}<\/script>\n<!-- \/ Yoast SEO plugin. -->","yoast_head_json":{"title":"WASPE Vape 40000 PUFF FIHP DOUBLE FLAVOUR Disposable Vape - vapebulkp.com","description":"The ultimate Disposable Vape WASPE 40000 PUFFS offers dual flavors and a huge puff count. Shop the best e-cigarette for superior performance.","robots":{"index":"index","follow":"follow","max-snippet":"max-snippet:-1","max-image-preview":"max-image-preview:large","max-video-preview":"max-video-preview:-1"},"canonical":"https:\/\/vapebulkp.com\/pl\/produkt\/waspe-vape-40000-puff-fihp-double-flavour-disposable-vape\/","og_locale":"pl_PL","og_type":"article","og_title":"WASPE Vape 40000 PUFF FIHP DOUBLE FLAVOUR Disposable Vape - vapebulkp.com","og_description":"The ultimate Disposable Vape WASPE 40000 PUFFS offers dual flavors and a huge puff count. Shop the best e-cigarette for superior performance.","og_url":"https:\/\/vapebulkp.com\/pl\/produkt\/waspe-vape-40000-puff-fihp-double-flavour-disposable-vape\/","og_site_name":"vapebulkp.com","article_modified_time":"2025-09-24T03:17:50+00:00","og_image":[{"width":800,"height":800,"url":"http:\/\/vapebulkp.com\/wp-content\/uploads\/2024\/11\/WASPE-FIHP-40000-Puffs-Vape-Double-Flavor-Wholeasle-Price.jpg","type":"image\/jpeg"}],"twitter_card":"summary_large_image","twitter_misc":{"Szacowany czas czytania":"4 minuty"},"schema":{"@context":"https:\/\/schema.org","@graph":[{"@type":"WebPage","@id":"https:\/\/vapebulkp.com\/product\/waspe-vape-40000-puff-fihp-double-flavour-disposable-vape\/","url":"https:\/\/vapebulkp.com\/product\/waspe-vape-40000-puff-fihp-double-flavour-disposable-vape\/","name":"WASPE Vape 40000 PUFF FIHP DOUBLE FLAVOUR Disposable Vape - vapebulkp.com","isPartOf":{"@id":"https:\/\/vapebulkp.com\/#website"},"datePublished":"2024-11-21T02:48:22+00:00","dateModified":"2025-09-24T03:17:50+00:00","description":"The ultimate Disposable Vape WASPE 40000 PUFFS offers dual flavors and a huge puff count. Shop the best e-cigarette for superior performance.","breadcrumb":{"@id":"https:\/\/vapebulkp.com\/product\/waspe-vape-40000-puff-fihp-double-flavour-disposable-vape\/#breadcrumb"},"inLanguage":"pl-PL","potentialAction":[{"@type":"ReadAction","target":["https:\/\/vapebulkp.com\/product\/waspe-vape-40000-puff-fihp-double-flavour-disposable-vape\/"]}]},{"@type":"BreadcrumbList","@id":"https:\/\/vapebulkp.com\/product\/waspe-vape-40000-puff-fihp-double-flavour-disposable-vape\/#breadcrumb","itemListElement":[{"@type":"ListItem","position":1,"name":"Home","item":"https:\/\/vapebulkp.com\/"},{"@type":"ListItem","position":2,"name":"Hot Trend Vapes","item":"https:\/\/vapebulkp.com\/vape-shop\/"},{"@type":"ListItem","position":3,"name":"WASPE Vape 40000 PUFF FIHP DOUBLE FLAVOUR Disposable Vape"}]},{"@type":"WebSite","@id":"https:\/\/vapebulkp.com\/#website","url":"https:\/\/vapebulkp.com\/","name":"vapebulkp.com","description":"Buy Vape In Cheap Bulk Price Near you","publisher":{"@id":"https:\/\/vapebulkp.com\/#organization"},"potentialAction":[{"@type":"SearchAction","target":{"@type":"EntryPoint","urlTemplate":"https:\/\/vapebulkp.com\/?s={search_term_string}"},"query-input":"required name=search_term_string"}],"inLanguage":"pl-PL"},{"@type":"Organization","@id":"https:\/\/vapebulkp.com\/#organization","name":"vapebulkp.com","url":"https:\/\/vapebulkp.com\/","logo":{"@type":"ImageObject","inLanguage":"pl-PL","@id":"https:\/\/vapebulkp.com\/#\/schema\/logo\/image\/","url":"https:\/\/vapebulkp.com\/wp-content\/uploads\/2023\/09\/cropped-vapebulkp.png","contentUrl":"https:\/\/vapebulkp.com\/wp-content\/uploads\/2023\/09\/cropped-vapebulkp.png","width":516,"height":163,"caption":"vapebulkp.com"},"image":{"@id":"https:\/\/vapebulkp.com\/#\/schema\/logo\/image\/"}}]}},"uagb_featured_image_src":{"full":["https:\/\/vapebulkp.com\/wp-content\/uploads\/2024\/11\/WASPE-FIHP-40000-Puffs-Vape-Double-Flavor-Wholeasle-Price.jpg",800,800,false],"thumbnail":["https:\/\/vapebulkp.com\/wp-content\/uploads\/2024\/11\/WASPE-FIHP-40000-Puffs-Vape-Double-Flavor-Wholeasle-Price-150x150.jpg",150,150,true],"medium":["https:\/\/vapebulkp.com\/wp-content\/uploads\/2024\/11\/WASPE-FIHP-40000-Puffs-Vape-Double-Flavor-Wholeasle-Price-300x300.jpg",300,300,true],"medium_large":["https:\/\/vapebulkp.com\/wp-content\/uploads\/2024\/11\/WASPE-FIHP-40000-Puffs-Vape-Double-Flavor-Wholeasle-Price-768x768.jpg",768,768,true],"large":["https:\/\/vapebulkp.com\/wp-content\/uploads\/2024\/11\/WASPE-FIHP-40000-Puffs-Vape-Double-Flavor-Wholeasle-Price.jpg",800,800,false],"1536x1536":["https:\/\/vapebulkp.com\/wp-content\/uploads\/2024\/11\/WASPE-FIHP-40000-Puffs-Vape-Double-Flavor-Wholeasle-Price.jpg",800,800,false],"2048x2048":["https:\/\/vapebulkp.com\/wp-content\/uploads\/2024\/11\/WASPE-FIHP-40000-Puffs-Vape-Double-Flavor-Wholeasle-Price.jpg",800,800,false],"trp-custom-language-flag":["https:\/\/vapebulkp.com\/wp-content\/uploads\/2024\/11\/WASPE-FIHP-40000-Puffs-Vape-Double-Flavor-Wholeasle-Price.jpg",12,12,false],"woocommerce_thumbnail":["https:\/\/vapebulkp.com\/wp-content\/uploads\/2024\/11\/WASPE-FIHP-40000-Puffs-Vape-Double-Flavor-Wholeasle-Price-300x300.jpg",300,300,true],"woocommerce_single":["https:\/\/vapebulkp.com\/wp-content\/uploads\/2024\/11\/WASPE-FIHP-40000-Puffs-Vape-Double-Flavor-Wholeasle-Price-600x600.jpg",600,600,true],"woocommerce_gallery_thumbnail":["https:\/\/vapebulkp.com\/wp-content\/uploads\/2024\/11\/WASPE-FIHP-40000-Puffs-Vape-Double-Flavor-Wholeasle-Price-100x100.jpg",100,100,true],"wcpr-photo-reviews":["https:\/\/vapebulkp.com\/wp-content\/uploads\/2024\/11\/WASPE-FIHP-40000-Puffs-Vape-Double-Flavor-Wholeasle-Price.jpg",500,500,false]},"uagb_author_info":{"display_name":"Mandy vape bulk price","author_link":"https:\/\/vapebulkp.com\/pl\/author\/"},"uagb_comment_info":0,"uagb_excerpt":"The WASPE Vape 40000 PUFF FIHP Double Flavour Disposable Vape is a premium, high-performance device designed for discerning vapers. Pls Contact Mandy's WhatsApp For Discount Price+8618077105796 NOTE: Prices on our website does not include shipping costs &nbsp;","_links":{"self":[{"href":"https:\/\/vapebulkp.com\/pl\/wp-json\/wp\/v2\/product\/3142","targetHints":{"allow":["GET"]}}],"collection":[{"href":"https:\/\/vapebulkp.com\/pl\/wp-json\/wp\/v2\/product"}],"about":[{"href":"https:\/\/vapebulkp.com\/pl\/wp-json\/wp\/v2\/types\/product"}],"replies":[{"embeddable":true,"href":"https:\/\/vapebulkp.com\/pl\/wp-json\/wp\/v2\/comments?post=3142"}],"wp:featuredmedia":[{"embeddable":true,"href":"https:\/\/vapebulkp.com\/pl\/wp-json\/wp\/v2\/media\/3137"}],"wp:attachment":[{"href":"https:\/\/vapebulkp.com\/pl\/wp-json\/wp\/v2\/media?parent=3142"}],"wp:term":[{"taxonomy":"product_cat","embeddable":true,"href":"https:\/\/vapebulkp.com\/pl\/wp-json\/wp\/v2\/product_cat?post=3142"},{"taxonomy":"product_tag","embeddable":true,"href":"https:\/\/vapebulkp.com\/pl\/wp-json\/wp\/v2\/product_tag?post=3142"}],"curies":[{"name":"wp","href":"https:\/\/api.w.org\/{rel}","templated":true}]}}