{"id":3148,"date":"2024-11-25T09:29:17","date_gmt":"2024-11-25T08:29:17","guid":{"rendered":"https:\/\/vapebulkp.com\/?post_type=product&#038;p=3148"},"modified":"2025-09-24T05:50:41","modified_gmt":"2025-09-24T03:50:41","slug":"jnr-vape-mega-box-25000-puff-discount-price-vape-pods","status":"publish","type":"product","link":"https:\/\/vapebulkp.com\/pl\/product\/jnr-vape-mega-box-25000-puff-discount-price-vape-pods\/","title":{"rendered":"JNR Vape Mega Box 25000 Puffs Vape Pody w Promocyjnej Cenie"},"content":{"rendered":"<h1 style=\"text-align: left\">JNR Vape Mega Box 25000 Puffs Vape Pody w Promocyjnej Cenie<\/h1>\n<p>&nbsp;<\/p>\n<p data-start=\"321\" data-end=\"634\">To <strong data-start=\"365\" data-end=\"397\">JNR Vape Mega Box 25000 Zaci\u0105gni\u0119\u0107<\/strong> to produkt premium <strong data-start=\"411\" data-end=\"444\">jednorazowy e-papieros o du\u017cej pojemno\u015bci<\/strong> stworzony dla m\u0142odych m\u0119\u017cczyzn z Polski, szukaj\u0105cych mocy, stylu i niezawodno\u015bci. Z ogromnym zbiornikiem na e-liquid o pojemno\u015bci 30 ml i systemem podw\u00f3jnych siatkowych grza\u0142ek, zapewnia g\u0142adki smak i g\u0119st\u0105 par\u0119 przy ka\u017cdym zaci\u0105gni\u0119ciu.<\/p>\n<p data-start=\"636\" data-end=\"896\">Zasilane akumulatorem 850 mAh z \u0142adowaniem Type-C, to urz\u0105dzenie oferuje do <strong data-start=\"729\" data-end=\"745\">25 000 zaci\u0105gni\u0119\u0107<\/strong> dla d\u0142ugotrwa\u0142ej satysfakcji. Kompaktowy i przeno\u015bny, <strong data-start=\"803\" data-end=\"835\">JNR Vape Mega Box<\/strong> 25000 Zaci\u0105gni\u0119\u0107 Hurtownia Vape jest idealny do codziennego wapowania, na spotkania towarzyskie i w podr\u00f3\u017cy.<\/p>\n<p data-start=\"898\" data-end=\"1163\">Dost\u0119pny w wielu smakach z opcjami soli nikotynowej, wyr\u00f3\u017cnia si\u0119 spo\u015br\u00f3d <a href=\"https:\/\/vapebulkp.com\/pl\/product-category\/25000-puffs-disposable-vape\/\"><strong>25000 Zaci\u0105gni\u0119\u0107 Jednorazowe Vape<\/strong><\/a> i innych d\u0142ugotrwa\u0142ych system\u00f3w pod\u00f3w, oferuj\u0105c wyj\u0105tkow\u0105 warto\u015b\u0107 w hurtowej cenie. Wysy\u0142any bezpo\u015brednio z magazyn\u00f3w w Polsce w celu szybkiej i niezawodnej dostawy.<\/p>\n<p><img decoding=\"async\" class=\"alignnone wp-image-3147\" src=\"http:\/\/vapebulkp.com\/wp-content\/uploads\/2024\/11\/JNR-Mega-Box-25000-puffs-Hot-Sale-Vape.jpg\" alt=\"JNR Mega Box 25000 Puffs Vape z Gor\u0105c\u0105 Sprzeda\u017c\u0105\" width=\"368\" height=\"368\" srcset=\"https:\/\/vapebulkp.com\/wp-content\/uploads\/2024\/11\/JNR-Mega-Box-25000-puffs-Hot-Sale-Vape.jpg 800w, https:\/\/vapebulkp.com\/wp-content\/uploads\/2024\/11\/JNR-Mega-Box-25000-puffs-Hot-Sale-Vape-300x300.jpg 300w, https:\/\/vapebulkp.com\/wp-content\/uploads\/2024\/11\/JNR-Mega-Box-25000-puffs-Hot-Sale-Vape-150x150.jpg 150w, https:\/\/vapebulkp.com\/wp-content\/uploads\/2024\/11\/JNR-Mega-Box-25000-puffs-Hot-Sale-Vape-768x768.jpg 768w, https:\/\/vapebulkp.com\/wp-content\/uploads\/2024\/11\/JNR-Mega-Box-25000-puffs-Hot-Sale-Vape-600x600.jpg 600w, https:\/\/vapebulkp.com\/wp-content\/uploads\/2024\/11\/JNR-Mega-Box-25000-puffs-Hot-Sale-Vape-100x100.jpg 100w\" sizes=\"(max-width: 368px) 100vw, 368px\" \/><\/p>\n<p>&nbsp;<\/p>\n<h6>Skontaktuj si\u0119 z WhatsApp Mandy, aby uzyska\u0107 cen\u0119 ze zni\u017ck\u0105<a href=\"https:\/\/wa.me\/8618077105796\">+8618077105796<\/a><\/h6>\n<p><img decoding=\"async\" class=\"alignnone wp-image-2151\" src=\"http:\/\/vapebulkp.com\/wp-content\/uploads\/2024\/04\/Mandy-WhatsApp-Randm.jpg\" alt=\"WhatsApp Mandy Randm\" width=\"287\" height=\"305\" srcset=\"https:\/\/vapebulkp.com\/wp-content\/uploads\/2024\/04\/Mandy-WhatsApp-Randm.jpg 916w, https:\/\/vapebulkp.com\/wp-content\/uploads\/2024\/04\/Mandy-WhatsApp-Randm-282x300.jpg 282w, https:\/\/vapebulkp.com\/wp-content\/uploads\/2024\/04\/Mandy-WhatsApp-Randm-768x817.jpg 768w, https:\/\/vapebulkp.com\/wp-content\/uploads\/2024\/04\/Mandy-WhatsApp-Randm-600x638.jpg 600w\" sizes=\"(max-width: 287px) 100vw, 287px\" \/><\/p>\n<h2><strong>Dlaczego warto kupi\u0107 JNR Jednorazowy Vape Mega Box 25k zaci\u0105gni\u0119\u0107 w Polsce <a href=\"https:\/\/vapebulkp.com\/pl\/\">Vapebulkp.com<\/a>?<\/strong><\/h2>\n<ol>\n<li><strong>D\u0142ugotrwa\u0142a wydajno\u015b\u0107<\/strong>: Dzi\u0119ki imponuj\u0105cej liczbie zaci\u0105gni\u0119\u0107 i wytrzyma\u0142ej baterii, ten vape jest przeznaczony zar\u00f3wno do codziennego u\u017cytku, jak i na specjalne okazje.<\/li>\n<li><strong>Stylowy design<\/strong>: Kompaktowy, a zarazem stylowy, JNR Vape Mega Box jest \u0142atwy do przenoszenia i uzupe\u0142nia Tw\u00f3j styl \u017cycia dzi\u0119ki swojej nowoczesnej estetyce.<\/li>\n<li><strong>\u0141atwa obs\u0142uga<\/strong>: Brak skomplikowanych ustawie\u0144 i konieczno\u015bci uzupe\u0142niania \u2013 po prostu ciesz si\u0119 bezproblemowym wapowaniem prosto z pude\u0142ka.<\/li>\n<li><strong>Bogate, g\u0142adkie smaki<\/strong>: W po\u0142\u0105czeniu z zaawansowan\u0105 technologi\u0105 grza\u0142ek, Mega Box oferuje r\u00f3wnomiern\u0105, pe\u0142n\u0105 par\u0119 z ka\u017cdym wdechem.<\/li>\n<\/ol>\n<p>&nbsp;<\/p>\n<h3><strong>Kluczowe cechy Hot Sprzeda\u017c Vape <a href=\"https:\/\/vapebulkp.com\/pl\/product\/jnr-vape-mega-box-25000-puff-discount-price-vape-pods\/\">JNR Mega Box 25000 Zaci\u0105gni\u0119\u0107\u00a0<\/a><\/strong><\/h3>\n<div class=\"mb-2 flex gap-3 empty:hidden -ml-2\">\n<div class=\"items-center justify-start rounded-xl p-1 flex\">\n<ul>\n<li><strong>Niezr\u00f3wnana trwa\u0142o\u015b\u0107<\/strong>: Z ogromn\u0105 <strong>25000 zaci\u0105gni\u0119\u0107<\/strong>, to urz\u0105dzenie zapewnia d\u0142ugotrwa\u0142e u\u017cytkowanie, idealne do d\u0142ugoterminowego wapowania bez cz\u0119stych wymian.<\/li>\n<li><strong>Du\u017ca Pojemno\u015b\u0107 Olejku<\/strong>: Wyposa\u017cony w <strong>30 ml nape\u0142nionego e-liquidu<\/strong>, zapewnia sta\u0142y smak przez ca\u0142y okres u\u017cytkowania.<\/li>\n<li><strong>Wydajna Bateria<\/strong>: Wbudowana <strong>akumulator 850mAh<\/strong> oferuje niezawodn\u0105 wydajno\u015b\u0107, dzi\u0119ki czemu mo\u017cesz cieszy\u0107 si\u0119 ka\u017cdym zaci\u0105gni\u0119ciem.<\/li>\n<li><strong>Satysfakcja z Nikotyny<\/strong>: Dzi\u0119ki <strong>formule soli nikotynowej 2%<\/strong>, zapewnia \u0142agodne uderzenie w gard\u0142o, idealne dla os\u00f3b przechodz\u0105cych z tradycyjnego palenia lub szukaj\u0105cych zr\u00f3wnowa\u017conego do\u015bwiadczenia wapowania.<\/li>\n<li><strong>Kompaktowy i Stylowy Design<\/strong>: Elegancki, a jednocze\u015bnie wytrzyma\u0142y, ten pod vape jest zaprojektowany tak, aby bezproblemowo pasowa\u0142 do Twojego stylu \u017cycia, czy to w domu, na imprezach towarzyskich, czy w podr\u00f3\u017cy.<\/li>\n<\/ul>\n<\/div>\n<\/div>\n<h3><strong>JNR Mega Box 25k Chmur Vape<\/strong> <strong>Lista Smak\u00f3w:<\/strong><\/h3>\n<p>1.Wi\u015bniowa Cola Musuj\u0105ca<br \/>\n2.Truskawka Banan<br \/>\n3.Kwa\u015bne Jab\u0142ko<br \/>\n4.Bor\u00f3wkowa Guma Balonowa<br \/>\n5.Kiwi Arbuz L\u00f3d<br \/>\n6.Potr\u00f3jne Mango<br \/>\n7.Malina Arbuz<br \/>\n8.Truskawka Malina L\u00f3d<br \/>\n9.Jagoda Kwa\u015bna Malina Truskawka<br \/>\n10.Truskawka Malina Wi\u015bnia L\u00f3d<br \/>\n11.Niebieska Malina Wi\u015bnia<br \/>\n12.Soczysta Brzoskwinia<br \/>\n13. Cherry Berry<br \/>\n14.Cytryna<br \/>\n15.Mieszanka Jagodowa<br \/>\n16.Pan Niebieski<br \/>\n17.Truskawka L\u00f3d<br \/>\n18.Jagodowy L\u00f3d<br \/>\n19.Arbuzowy L\u00f3d<br \/>\n20.Skittles<\/p>\n<p><a href=\"https:\/\/vapebulkp.com\/pl\/product\/jnr-media-max-40000-puffs-high-capacity-1000mah-disposable-vape\/\"><span style=\"vertical-align: inherit\">JNR MEDIA MAX 40000 Zaci\u0105gni\u0119\u0107 <\/span><\/a><\/p>\n<p><span style=\"vertical-align: inherit\">Znajd\u017a wi\u0119cej produkt\u00f3w, kt\u00f3re mog\u0105 Ci si\u0119 spodoba\u0107:<\/span><em><a href=\"https:\/\/wa.me\/8618077105796\"><span style=\"vertical-align: inherit\">\u00a0Kup teraz<\/span><\/a><\/em><\/p>\n<p><span style=\"vertical-align: inherit\">Inne Puffs, kt\u00f3re mog\u0105 Ci si\u0119 spodoba\u0107:<\/span><span style=\"vertical-align: inherit\">\u00a0<\/span><a href=\"https:\/\/vapebulkp.com\/pl\/product\/vapme-crystal-disposable-vape-20000-puffs-big-smok-2-nicotine\/\"><span style=\"vertical-align: inherit\">Vapme Crystal 20k Zaci\u0105gni\u0119\u0107<\/span><\/a><\/p>\n<p><span style=\"vertical-align: inherit\">E-papieros o specjalnym kszta\u0142cie butelki:<\/span><a href=\"https:\/\/vapebulkp.com\/pl\/product\/randm-fumot-tornado-30k-puffs-rechargeable-vapes-best-sale\/\"><span style=\"vertical-align: inherit\"> Fumot Tornado 30000 Paliw<\/span><\/a><span style=\"vertical-align: inherit\">\/ <\/span><a href=\"https:\/\/vapebulkp.com\/pl\/product\/jnr-alien-10000-puffs-randm-vape-wholesale-price\/\"><span style=\"vertical-align: inherit\">\u00a0JNR Alien 10000 Zaci\u0105gni\u0119\u0107 <\/span><\/a><span style=\"vertical-align: inherit\">\/<\/span><a href=\"https:\/\/vapebulkp.com\/pl\/product\/wga-crystal-plus-16000-puffs-led-light-disposable-vape\/\"><span style=\"vertical-align: inherit\"> WGA Crystal 16000 zaci\u0105gni\u0119\u0107<\/span><\/a><\/p>\n<h4><\/h4>\n<h4><strong>Najcz\u0119\u015bciej zadawane pytania dotycz\u0105ce JNR Mega Box Long last Vape 25000 Puff<\/strong><\/h4>\n<p><strong>1. Jaka jest pojemno\u015b\u0107 e-liquidu w JNR Vapes Mega Box 25k Puffs?<\/strong><br \/>\nJNR Vape Mega Box jest dostarczany z <strong>pojemno\u015b\u0107 30ml e-liquidu<\/strong>, co zapewnia d\u0142u\u017csz\u0105 przyjemno\u015b\u0107 z wapowania dzi\u0119ki bogatym, satysfakcjonuj\u0105cym smakom.<\/p>\n<p><strong>2. Ile zaci\u0105gni\u0119\u0107 mog\u0119 spodziewa\u0107 si\u0119 po Best Sell JNR Vape Box 25000 Puffs?<\/strong><br \/>\nTen jednorazowy waporyzator zapewnia imponuj\u0105ce <strong>25 000 zaci\u0105gni\u0119\u0107<\/strong>, co czyni go idealnym do d\u0142ugotrwa\u0142ego u\u017cytkowania i dla cz\u0119sto wapuj\u0105cych os\u00f3b.<\/p>\n<p><strong>3. Jakiego rodzaju baterii u\u017cywa JNR Vape Mega Box 25k?<\/strong><br \/>\nJest wyposa\u017cony w pot\u0119\u017cn\u0105 <strong>akumulator 850mAh<\/strong>, zapewniaj\u0105c\u0105 sta\u0142\u0105 wydajno\u015b\u0107 i wygod\u0119 \u0142adowania przez port USB-C.<\/p>\n<p><strong>4. Czy JNR Hot Vape Mega Box 25000 Puffs jest odpowiedni dla polskich waper\u00f3w?<\/strong><br \/>\nTak, JNR Vape Mega Box zosta\u0142 zaprojektowany, aby sprosta\u0107 preferencjom polskich u\u017cytkownik\u00f3w dzi\u0119ki <strong>p\u0142ynnej produkcji pary<\/strong>, <strong>r\u00f3\u017cnorodnym smakom<\/strong>i eleganckiej, przeno\u015bnej konstrukcji.<\/p>\n<p><strong>5. Co sprawia, \u017ce JNR Good Vape Mega Box 25k Puffs to waporyzator jednorazowego u\u017cytku z najwy\u017cszej p\u00f3\u0142ki?<\/strong><br \/>\nJNR Vape Mega Box oferuje po\u0142\u0105czenie <strong>najwy\u017cszej jako\u015bci wykonania<\/strong>, <strong>wysokiej liczby zaci\u0105gni\u0119\u0107<\/strong>, <strong>du\u017ca pojemno\u015b\u0107 e-liquidu<\/strong>, i a <strong>stylowego wygl\u0105du<\/strong>, co czyni go wyr\u00f3\u017cniaj\u0105cym si\u0119 wyborem w\u015br\u00f3d jednorazowych waporyzator\u00f3w o du\u017cej pojemno\u015bci.<\/p>\n<h4>Szczeg\u00f3\u0142y wysy\u0142ki:<\/h4>\n<p><span style=\"color: #ff6600\">Czas produkcji: 5-10 dni roboczych<\/span><br \/>\n<span style=\"color: #ff6600\">Czas wysy\u0142ki: 8-14 dni roboczych<\/span><\/p>\n<p>Wszystkie produkty w naszym sklepie s\u0105 w 100% oryginalne i autentyczne, dlatego polityk\u0105 naszego sklepu jest dziesi\u0119ciokrotne odszkodowanie za podrobione towary. Do dostarczania towar\u00f3w u\u017cywamy kana\u0142\u00f3w logistycznych, takich jak UPS\/DHL\/FEDEX\/DPD.<\/p>\n<p>W przypadku paczek wysy\u0142anych do Polski dostawa trwa zwykle 10 dni roboczych. Wysy\u0142ka do kraj\u00f3w europejskich trwa zwykle od 12 do 15 dni roboczych. B\u0119dziemy aktualizowa\u0107 dla Ciebie informacje logistyczne w czasie rzeczywistym.<\/p>","protected":false},"excerpt":{"rendered":"<p>JNR Vape Mega Box 25000 Zaci\u0105gni\u0119\u0107 oferuje wyj\u0105tkowe wra\u017cenia z wapowania dzi\u0119ki du\u017cej pojemno\u015bci 30 ml e-liquidu, wytrzyma\u0142ej baterii 850 mAh i imponuj\u0105cej liczbie 25 000 zaci\u0105gni\u0119\u0107. Idealny dla u\u017cytkownik\u00f3w, kt\u00f3rzy szukaj\u0105 sp\u00f3jnego i przyjemnego wapowania, ten wysokiej jako\u015bci jednorazowy pod zapewnia g\u0142adkie hity i mocny smak. Dzi\u0119ki zaawansowanej technologii siatkowych grza\u0142ek i wielu opcjom mocy nikotyny, jest idealny dla tych, kt\u00f3rzy ceni\u0105 wygod\u0119 bez kompromis\u00f3w w zakresie wydajno\u015bci.<\/p>\n<p><img decoding=\"async\" class=\"alignnone wp-image-2151\" src=\"http:\/\/vapebulkp.com\/wp-content\/uploads\/2024\/04\/Mandy-WhatsApp-Randm.jpg\" alt=\"WhatsApp Mandy Randm\" width=\"234\" height=\"249\" srcset=\"https:\/\/vapebulkp.com\/wp-content\/uploads\/2024\/04\/Mandy-WhatsApp-Randm.jpg 916w, https:\/\/vapebulkp.com\/wp-content\/uploads\/2024\/04\/Mandy-WhatsApp-Randm-282x300.jpg 282w, https:\/\/vapebulkp.com\/wp-content\/uploads\/2024\/04\/Mandy-WhatsApp-Randm-768x817.jpg 768w, https:\/\/vapebulkp.com\/wp-content\/uploads\/2024\/04\/Mandy-WhatsApp-Randm-600x638.jpg 600w\" sizes=\"(max-width: 234px) 100vw, 234px\" \/><\/p>\n<p>Skontaktuj si\u0119 z WhatsApp Mandy, aby uzyska\u0107 cen\u0119 ze zni\u017ck\u0105<a href=\"https:\/\/wa.me\/8618077105796\">+8618077105796<\/a><\/p>\n<p><span style=\"color: #ff0000\">UWAGA: Ceny na naszej stronie internetowej nie zawieraj\u0105 koszt\u00f3w wysy\u0142ki<\/span><\/p>\n<p>&nbsp;<\/p>","protected":false},"featured_media":3147,"comment_status":"open","ping_status":"closed","template":"","meta":{"_uag_custom_page_level_css":"","_lmt_disableupdate":"no","_lmt_disable":"","site-sidebar-layout":"default","site-content-layout":"content-boxed-container","ast-site-content-layout":"normal-width-container","site-content-style":"boxed","site-sidebar-style":"unboxed","ast-global-header-display":"","ast-banner-title-visibility":"","ast-main-header-display":"","ast-hfb-above-header-display":"","ast-hfb-below-header-display":"","ast-hfb-mobile-header-display":"","site-post-title":"","ast-breadcrumbs-content":"","ast-featured-img":"","footer-sml-layout":"","theme-transparent-header-meta":"default","adv-header-id-meta":"","stick-header-meta":"","header-above-stick-meta":"","header-main-stick-meta":"","header-below-stick-meta":"","astra-migrate-meta-layouts":"set","_joinchat":[]},"product_cat":[161,153,155,33,59,100,353,34,158,157,154,152,58,84,156,63,32],"product_tag":[36,37,184,41,40],"class_list":["post-3148","product","type-product","status-publish","has-post-thumbnail","hentry","product_cat-25000-puffs-disposable-vape","product_cat-hot-disposable-vapes","product_cat-belgium-hot-disposable-vapes","product_cat-france-vape-hot-sale","product_cat-germany-hot-disposable-vape","product_cat-germany-wholesale-vape-shop","product_cat-jnr-vape","product_cat-netherlands-vape-good-sale","product_cat-norway-hot-disposable-vapes","product_cat-poland-hot-disposable-vapes","product_cat-portugal-hot-disposable-vapes","product_cat-spain-hot-disposable-vapes","product_cat-sweden-hot-disposable-vape","product_cat-sweden-wholesale-vape","product_cat-switzerland-hot-disposable-vapes","product_cat-top-sale-disposable-vape","product_cat-vape-hot-sale-this-week","product_tag-good-vape","product_tag-hot-sale-disposable-vape","product_tag-jnr-mega-box-25000-puffs","product_tag-poland-hot-vape","product_tag-sweden-hot-vape","pa_brand-jnr-vape","desktop-align-left","tablet-align-left","mobile-align-left"],"yoast_head":"<!-- This site is optimized with the Yoast SEO plugin v21.1 - https:\/\/yoast.com\/wordpress\/plugins\/seo\/ -->\n<title>JNR Vape Mega Box 25000 Puff Discount Price Vape Pods - vapebulkp.com % %<\/title>\n<meta name=\"description\" content=\"Buy the JNR Vape Mega Box 25000 Puff, a high-capacity disposable vape with 30ml e-liquid and rechargeable battery. Fast EU shipping \u2014 order your 25000 Puff Vape Pod today!\" \/>\n<meta name=\"robots\" content=\"index, follow, max-snippet:-1, max-image-preview:large, max-video-preview:-1\" \/>\n<link rel=\"canonical\" href=\"https:\/\/vapebulkp.com\/pl\/product\/jnr-vape-mega-box-25000-puff-discount-price-vape-pods\/\" \/>\n<meta property=\"og:locale\" content=\"pl_PL\" \/>\n<meta property=\"og:type\" content=\"article\" \/>\n<meta property=\"og:title\" content=\"JNR Vape Mega Box 25000 Puff Discount Price Vape Pods - vapebulkp.com % %\" \/>\n<meta property=\"og:description\" content=\"Buy the JNR Vape Mega Box 25000 Puff, a high-capacity disposable vape with 30ml e-liquid and rechargeable battery. Fast EU shipping \u2014 order your 25000 Puff Vape Pod today!\" \/>\n<meta property=\"og:url\" content=\"https:\/\/vapebulkp.com\/pl\/product\/jnr-vape-mega-box-25000-puff-discount-price-vape-pods\/\" \/>\n<meta property=\"og:site_name\" content=\"vapebulkp.com\" \/>\n<meta property=\"article:modified_time\" content=\"2025-09-24T03:50:41+00:00\" \/>\n<meta property=\"og:image\" content=\"http:\/\/vapebulkp.com\/wp-content\/uploads\/2024\/11\/JNR-Mega-Box-25000-puffs-Hot-Sale-Vape.jpg\" \/>\n\t<meta property=\"og:image:width\" content=\"800\" \/>\n\t<meta property=\"og:image:height\" content=\"800\" \/>\n\t<meta property=\"og:image:type\" content=\"image\/jpeg\" \/>\n<meta name=\"twitter:card\" content=\"summary_large_image\" \/>\n<meta name=\"twitter:label1\" content=\"Szacowany czas czytania\" \/>\n\t<meta name=\"twitter:data1\" content=\"4 minuty\" \/>\n<script type=\"application\/ld+json\" class=\"yoast-schema-graph\">{\"@context\":\"https:\/\/schema.org\",\"@graph\":[{\"@type\":\"WebPage\",\"@id\":\"https:\/\/vapebulkp.com\/product\/jnr-vape-mega-box-25000-puff-discount-price-vape-pods\/\",\"url\":\"https:\/\/vapebulkp.com\/product\/jnr-vape-mega-box-25000-puff-discount-price-vape-pods\/\",\"name\":\"JNR Vape Mega Box 25000 Puff Discount Price Vape Pods - vapebulkp.com % %\",\"isPartOf\":{\"@id\":\"https:\/\/vapebulkp.com\/#website\"},\"datePublished\":\"2024-11-25T08:29:17+00:00\",\"dateModified\":\"2025-09-24T03:50:41+00:00\",\"description\":\"Buy the JNR Vape Mega Box 25000 Puff, a high-capacity disposable vape with 30ml e-liquid and rechargeable battery. Fast EU shipping \u2014 order your 25000 Puff Vape Pod today!\",\"breadcrumb\":{\"@id\":\"https:\/\/vapebulkp.com\/product\/jnr-vape-mega-box-25000-puff-discount-price-vape-pods\/#breadcrumb\"},\"inLanguage\":\"pl-PL\",\"potentialAction\":[{\"@type\":\"ReadAction\",\"target\":[\"https:\/\/vapebulkp.com\/product\/jnr-vape-mega-box-25000-puff-discount-price-vape-pods\/\"]}]},{\"@type\":\"BreadcrumbList\",\"@id\":\"https:\/\/vapebulkp.com\/product\/jnr-vape-mega-box-25000-puff-discount-price-vape-pods\/#breadcrumb\",\"itemListElement\":[{\"@type\":\"ListItem\",\"position\":1,\"name\":\"Home\",\"item\":\"https:\/\/vapebulkp.com\/\"},{\"@type\":\"ListItem\",\"position\":2,\"name\":\"Hot Trend Vapes\",\"item\":\"https:\/\/vapebulkp.com\/vape-shop\/\"},{\"@type\":\"ListItem\",\"position\":3,\"name\":\"JNR Vape Mega Box 25000 Puff Discount Price Vape Pods\"}]},{\"@type\":\"WebSite\",\"@id\":\"https:\/\/vapebulkp.com\/#website\",\"url\":\"https:\/\/vapebulkp.com\/\",\"name\":\"vapebulkp.com\",\"description\":\"Buy Vape In Cheap Bulk Price Near you\",\"publisher\":{\"@id\":\"https:\/\/vapebulkp.com\/#organization\"},\"potentialAction\":[{\"@type\":\"SearchAction\",\"target\":{\"@type\":\"EntryPoint\",\"urlTemplate\":\"https:\/\/vapebulkp.com\/?s={search_term_string}\"},\"query-input\":\"required name=search_term_string\"}],\"inLanguage\":\"pl-PL\"},{\"@type\":\"Organization\",\"@id\":\"https:\/\/vapebulkp.com\/#organization\",\"name\":\"vapebulkp.com\",\"url\":\"https:\/\/vapebulkp.com\/\",\"logo\":{\"@type\":\"ImageObject\",\"inLanguage\":\"pl-PL\",\"@id\":\"https:\/\/vapebulkp.com\/#\/schema\/logo\/image\/\",\"url\":\"https:\/\/vapebulkp.com\/wp-content\/uploads\/2023\/09\/cropped-vapebulkp.png\",\"contentUrl\":\"https:\/\/vapebulkp.com\/wp-content\/uploads\/2023\/09\/cropped-vapebulkp.png\",\"width\":516,\"height\":163,\"caption\":\"vapebulkp.com\"},\"image\":{\"@id\":\"https:\/\/vapebulkp.com\/#\/schema\/logo\/image\/\"}}]}<\/script>\n<!-- \/ Yoast SEO plugin. -->","yoast_head_json":{"title":"JNR Vape Mega Box 25000 Puff Discount Price Vape Pods - vapebulkp.com % %","description":"Buy the JNR Vape Mega Box 25000 Puff, a high-capacity disposable vape with 30ml e-liquid and rechargeable battery. Fast EU shipping \u2014 order your 25000 Puff Vape Pod today!","robots":{"index":"index","follow":"follow","max-snippet":"max-snippet:-1","max-image-preview":"max-image-preview:large","max-video-preview":"max-video-preview:-1"},"canonical":"https:\/\/vapebulkp.com\/pl\/product\/jnr-vape-mega-box-25000-puff-discount-price-vape-pods\/","og_locale":"pl_PL","og_type":"article","og_title":"JNR Vape Mega Box 25000 Puff Discount Price Vape Pods - vapebulkp.com % %","og_description":"Buy the JNR Vape Mega Box 25000 Puff, a high-capacity disposable vape with 30ml e-liquid and rechargeable battery. Fast EU shipping \u2014 order your 25000 Puff Vape Pod today!","og_url":"https:\/\/vapebulkp.com\/pl\/product\/jnr-vape-mega-box-25000-puff-discount-price-vape-pods\/","og_site_name":"vapebulkp.com","article_modified_time":"2025-09-24T03:50:41+00:00","og_image":[{"width":800,"height":800,"url":"http:\/\/vapebulkp.com\/wp-content\/uploads\/2024\/11\/JNR-Mega-Box-25000-puffs-Hot-Sale-Vape.jpg","type":"image\/jpeg"}],"twitter_card":"summary_large_image","twitter_misc":{"Szacowany czas czytania":"4 minuty"},"schema":{"@context":"https:\/\/schema.org","@graph":[{"@type":"WebPage","@id":"https:\/\/vapebulkp.com\/product\/jnr-vape-mega-box-25000-puff-discount-price-vape-pods\/","url":"https:\/\/vapebulkp.com\/product\/jnr-vape-mega-box-25000-puff-discount-price-vape-pods\/","name":"JNR Vape Mega Box 25000 Puff Discount Price Vape Pods - vapebulkp.com % %","isPartOf":{"@id":"https:\/\/vapebulkp.com\/#website"},"datePublished":"2024-11-25T08:29:17+00:00","dateModified":"2025-09-24T03:50:41+00:00","description":"Buy the JNR Vape Mega Box 25000 Puff, a high-capacity disposable vape with 30ml e-liquid and rechargeable battery. Fast EU shipping \u2014 order your 25000 Puff Vape Pod today!","breadcrumb":{"@id":"https:\/\/vapebulkp.com\/product\/jnr-vape-mega-box-25000-puff-discount-price-vape-pods\/#breadcrumb"},"inLanguage":"pl-PL","potentialAction":[{"@type":"ReadAction","target":["https:\/\/vapebulkp.com\/product\/jnr-vape-mega-box-25000-puff-discount-price-vape-pods\/"]}]},{"@type":"BreadcrumbList","@id":"https:\/\/vapebulkp.com\/product\/jnr-vape-mega-box-25000-puff-discount-price-vape-pods\/#breadcrumb","itemListElement":[{"@type":"ListItem","position":1,"name":"Home","item":"https:\/\/vapebulkp.com\/"},{"@type":"ListItem","position":2,"name":"Hot Trend Vapes","item":"https:\/\/vapebulkp.com\/vape-shop\/"},{"@type":"ListItem","position":3,"name":"JNR Vape Mega Box 25000 Puff Discount Price Vape Pods"}]},{"@type":"WebSite","@id":"https:\/\/vapebulkp.com\/#website","url":"https:\/\/vapebulkp.com\/","name":"vapebulkp.com","description":"Buy Vape In Cheap Bulk Price Near you","publisher":{"@id":"https:\/\/vapebulkp.com\/#organization"},"potentialAction":[{"@type":"SearchAction","target":{"@type":"EntryPoint","urlTemplate":"https:\/\/vapebulkp.com\/?s={search_term_string}"},"query-input":"required name=search_term_string"}],"inLanguage":"pl-PL"},{"@type":"Organization","@id":"https:\/\/vapebulkp.com\/#organization","name":"vapebulkp.com","url":"https:\/\/vapebulkp.com\/","logo":{"@type":"ImageObject","inLanguage":"pl-PL","@id":"https:\/\/vapebulkp.com\/#\/schema\/logo\/image\/","url":"https:\/\/vapebulkp.com\/wp-content\/uploads\/2023\/09\/cropped-vapebulkp.png","contentUrl":"https:\/\/vapebulkp.com\/wp-content\/uploads\/2023\/09\/cropped-vapebulkp.png","width":516,"height":163,"caption":"vapebulkp.com"},"image":{"@id":"https:\/\/vapebulkp.com\/#\/schema\/logo\/image\/"}}]}},"uagb_featured_image_src":{"full":["https:\/\/vapebulkp.com\/wp-content\/uploads\/2024\/11\/JNR-Mega-Box-25000-puffs-Hot-Sale-Vape.jpg",800,800,false],"thumbnail":["https:\/\/vapebulkp.com\/wp-content\/uploads\/2024\/11\/JNR-Mega-Box-25000-puffs-Hot-Sale-Vape-150x150.jpg",150,150,true],"medium":["https:\/\/vapebulkp.com\/wp-content\/uploads\/2024\/11\/JNR-Mega-Box-25000-puffs-Hot-Sale-Vape-300x300.jpg",300,300,true],"medium_large":["https:\/\/vapebulkp.com\/wp-content\/uploads\/2024\/11\/JNR-Mega-Box-25000-puffs-Hot-Sale-Vape-768x768.jpg",768,768,true],"large":["https:\/\/vapebulkp.com\/wp-content\/uploads\/2024\/11\/JNR-Mega-Box-25000-puffs-Hot-Sale-Vape.jpg",800,800,false],"1536x1536":["https:\/\/vapebulkp.com\/wp-content\/uploads\/2024\/11\/JNR-Mega-Box-25000-puffs-Hot-Sale-Vape.jpg",800,800,false],"2048x2048":["https:\/\/vapebulkp.com\/wp-content\/uploads\/2024\/11\/JNR-Mega-Box-25000-puffs-Hot-Sale-Vape.jpg",800,800,false],"trp-custom-language-flag":["https:\/\/vapebulkp.com\/wp-content\/uploads\/2024\/11\/JNR-Mega-Box-25000-puffs-Hot-Sale-Vape.jpg",12,12,false],"woocommerce_thumbnail":["https:\/\/vapebulkp.com\/wp-content\/uploads\/2024\/11\/JNR-Mega-Box-25000-puffs-Hot-Sale-Vape-300x300.jpg",300,300,true],"woocommerce_single":["https:\/\/vapebulkp.com\/wp-content\/uploads\/2024\/11\/JNR-Mega-Box-25000-puffs-Hot-Sale-Vape-600x600.jpg",600,600,true],"woocommerce_gallery_thumbnail":["https:\/\/vapebulkp.com\/wp-content\/uploads\/2024\/11\/JNR-Mega-Box-25000-puffs-Hot-Sale-Vape-100x100.jpg",100,100,true],"wcpr-photo-reviews":["https:\/\/vapebulkp.com\/wp-content\/uploads\/2024\/11\/JNR-Mega-Box-25000-puffs-Hot-Sale-Vape.jpg",500,500,false]},"uagb_author_info":{"display_name":"Mandy vape bulk price","author_link":"https:\/\/vapebulkp.com\/pl\/author\/"},"uagb_comment_info":0,"uagb_excerpt":"The JNR Vape Mega Box 25000 Puff offers an exceptional vaping experience with its large 30mL e-liquid capacity, long-lasting 850mAh battery, and impressive 25,000 puffs. Ideal for users who seek consistent and enjoyable vaping, this high-quality disposable vape pod ensures smooth hits and robust flavor. With advanced mesh coil technology and multiple nicotine strength options,&hellip;","_links":{"self":[{"href":"https:\/\/vapebulkp.com\/pl\/wp-json\/wp\/v2\/product\/3148","targetHints":{"allow":["GET"]}}],"collection":[{"href":"https:\/\/vapebulkp.com\/pl\/wp-json\/wp\/v2\/product"}],"about":[{"href":"https:\/\/vapebulkp.com\/pl\/wp-json\/wp\/v2\/types\/product"}],"replies":[{"embeddable":true,"href":"https:\/\/vapebulkp.com\/pl\/wp-json\/wp\/v2\/comments?post=3148"}],"wp:featuredmedia":[{"embeddable":true,"href":"https:\/\/vapebulkp.com\/pl\/wp-json\/wp\/v2\/media\/3147"}],"wp:attachment":[{"href":"https:\/\/vapebulkp.com\/pl\/wp-json\/wp\/v2\/media?parent=3148"}],"wp:term":[{"taxonomy":"product_cat","embeddable":true,"href":"https:\/\/vapebulkp.com\/pl\/wp-json\/wp\/v2\/product_cat?post=3148"},{"taxonomy":"product_tag","embeddable":true,"href":"https:\/\/vapebulkp.com\/pl\/wp-json\/wp\/v2\/product_tag?post=3148"}],"curies":[{"name":"wp","href":"https:\/\/api.w.org\/{rel}","templated":true}]}}