{"id":3207,"date":"2024-12-02T04:31:56","date_gmt":"2024-12-02T03:31:56","guid":{"rendered":"https:\/\/vapebulkp.com\/?post_type=product&#038;p=3207"},"modified":"2025-09-24T05:17:27","modified_gmt":"2025-09-24T03:17:27","slug":"wholesale-price-bang-kingdoms-rex-32000-puffs-vape-pod","status":"publish","type":"product","link":"https:\/\/vapebulkp.com\/pl\/product\/wholesale-price-bang-kingdoms-rex-32000-puffs-vape-pod\/","title":{"rendered":"Cena hurtowa Bang Kingdoms rex 32000 Puffs Vape Pod"},"content":{"rendered":"<h2 style=\"text-align: left\">Cena hurtowa Bang Kingdoms rex 32000 Puffs Vape Pod<\/h2>\n<p>&nbsp;<\/p>\n<p data-start=\"244\" data-end=\"534\">To <strong data-start=\"248\" data-end=\"297\">Bang Kingdoms rex 32000 Puffs Jednorazowy waporyzator<\/strong> zaprojektowany z my\u015bl\u0105 o d\u0142ugotrwa\u0142ej wydajno\u015bci i najwy\u017cszej satysfakcji z wapowania. Dzi\u0119ki <strong data-start=\"379\" data-end=\"410\">dw\u00f3m 28 ml komorom na e-liquid<\/strong> i opcjom <strong data-start=\"426\" data-end=\"456\">2% lub 5% zawarto\u015bci nikotyny<\/strong>, zapewnia g\u0142adkie i mocne wra\u017cenia, dostosowane do preferencji m\u0142odych doros\u0142ych.<\/p>\n<p data-start=\"536\" data-end=\"815\">Wyposa\u017cone w <strong data-start=\"552\" data-end=\"583\">bateri\u0119 o pojemno\u015bci 650mAh z mo\u017cliwo\u015bci\u0105 \u0142adowania<\/strong> i <strong data-start=\"588\" data-end=\"612\">szybkie \u0142adowanie przez Type-C<\/strong>, to urz\u0105dzenie zapewnia nieprzerwane sesje wapowania. System grzewczy z <strong data-start=\"669\" data-end=\"702\">siatkow\u0105 grza\u0142k\u0105 1.0\u03a9<\/strong> gwarantuje sta\u0142\u0105 produkcj\u0119 pary i bogaty smak, co czyni go niezawodnym wyborem do codziennego u\u017cytku lub na imprezy towarzyskie.<\/p>\n<p data-start=\"817\" data-end=\"1123\">Zaprojektowany z my\u015bl\u0105 o hurtownikach i sprzedawcach detalicznych, <a href=\"https:\/\/vapebulkp.com\/pl\/product\/wholesale-price-bang-kingdoms-rex-32000-puffs-vape-pod\/\">Bang Kingdoms rex 32000 Chmur<\/a> obs\u0142uguje <strong data-start=\"909\" data-end=\"938\">dostosowanie OEM i ODM<\/strong>, zapewniaj\u0105c elastyczne rozwi\u0105zania na polski rynek.<\/p>\n<p data-start=\"1125\" data-end=\"1329\">Obok innych popularnych modeli, takich jak Bang Kingdoms rex 32000 Puffs oraz <a href=\"https:\/\/vapebulkp.com\/pl\/product-category\/32000-puffs-disposable-vape\/\"><strong>32000 zaci\u0105gni\u0119\u0107 jednorazowy e-papieros<\/strong><\/a>, Bang Kingdoms rex 32000 Puffs wzmacnia swoj\u0105 pozycj\u0119 jako najlepiej sprzedaj\u0105cy si\u0119 produkt na rynku polskim.<\/p>\n<p><img decoding=\"async\" class=\"wp-image-3206\" src=\"http:\/\/vapebulkp.com\/wp-content\/uploads\/2024\/12\/bang-kingdoms-rex-32000-Puffs-good-Vape-pod-Bulk-price.jpg\" alt=\"jednorazowy e-papieros Bang Kingdoms Rex 32000 zaci\u0105gni\u0119\u0107, dobra cena hurtowa\" width=\"508\" height=\"508\" srcset=\"https:\/\/vapebulkp.com\/wp-content\/uploads\/2024\/12\/bang-kingdoms-rex-32000-Puffs-good-Vape-pod-Bulk-price.jpg 800w, https:\/\/vapebulkp.com\/wp-content\/uploads\/2024\/12\/bang-kingdoms-rex-32000-Puffs-good-Vape-pod-Bulk-price-300x300.jpg 300w, https:\/\/vapebulkp.com\/wp-content\/uploads\/2024\/12\/bang-kingdoms-rex-32000-Puffs-good-Vape-pod-Bulk-price-150x150.jpg 150w, https:\/\/vapebulkp.com\/wp-content\/uploads\/2024\/12\/bang-kingdoms-rex-32000-Puffs-good-Vape-pod-Bulk-price-768x768.jpg 768w, https:\/\/vapebulkp.com\/wp-content\/uploads\/2024\/12\/bang-kingdoms-rex-32000-Puffs-good-Vape-pod-Bulk-price-600x600.jpg 600w, https:\/\/vapebulkp.com\/wp-content\/uploads\/2024\/12\/bang-kingdoms-rex-32000-Puffs-good-Vape-pod-Bulk-price-100x100.jpg 100w\" sizes=\"(max-width: 508px) 100vw, 508px\" \/><\/p>\n<h6><\/h6>\n<p><img decoding=\"async\" class=\"alignnone wp-image-2151\" src=\"http:\/\/vapebulkp.com\/wp-content\/uploads\/2024\/04\/Mandy-WhatsApp-Randm.jpg\" alt=\"WhatsApp Mandy Randm\" width=\"324\" height=\"330\" \/><\/p>\n<h6>Skontaktuj si\u0119 z WhatsApp Mandy, aby uzyska\u0107 cen\u0119 ze zni\u017ck\u0105<a href=\"https:\/\/wa.me\/8618077105796\">+8618077105796<\/a><\/h6>\n<p>&nbsp;<\/p>\n<h2>Dlaczego warto wybra\u0107 tanio Bang Kingdoms Rex 32,000 Puffs du\u017cy waporyzator z Vapebulkp.com?<\/h2>\n<h3><\/h3>\n<ul>\n<li><strong>Bezkonkurencyjna liczba zaci\u0105gni\u0119\u0107<\/strong><br \/>\nDzi\u0119ki <strong>32 000 zaci\u0105gni\u0119\u0107<\/strong>, to urz\u0105dzenie zapewnia d\u0142ugotrwa\u0142\u0105 satysfakcj\u0119, co czyni go ekonomicznym i wygodnym wyborem dla regularnych u\u017cytkownik\u00f3w.<\/li>\n<li><strong>Podw\u00f3jna pojemno\u015b\u0107 e-liquidu<\/strong><br \/>\nWyposa\u017cony w technologi\u0119 <strong>28 ml x 2 zbiorniki na e-liquid<\/strong>, to urz\u0105dzenie zapewnia sta\u0142y smak i d\u0142ugotrwa\u0142e u\u017cytkowanie bez cz\u0119stego uzupe\u0142niania.<\/li>\n<li><strong>Opcje nikotyny<\/strong><br \/>\nDost\u0119pny w <strong>mocach nikotyny 2% i 5%<\/strong>, Bang Kingdoms Rex zaspokaja szeroki zakres preferencji, zapewniaj\u0105c spersonalizowane wra\u017cenia z wapowania.<\/li>\n<li><strong>Wydajna Bateria<\/strong><br \/>\nTo <strong>rdze\u0144 baterii 13300<\/strong> w po\u0142\u0105czeniu z <strong>bateri\u0119 o pojemno\u015bci 650mAh z mo\u017cliwo\u015bci\u0105 \u0142adowania<\/strong> gwarantuje d\u0142ugotrwa\u0142e u\u017cytkowanie, wspierane przez wydajne i niezawodne dostarczanie mocy.<\/li>\n<li><strong>Zaawansowana technologia grzewcza<\/strong><br \/>\nWyposa\u017cone w <strong>grza\u0142k\u0119 siatkow\u0105 1.0\u03a9<\/strong>, ten e-papieros zapewnia r\u00f3wnomierne podgrzewanie dla p\u0142ynniejszej produkcji pary i lepszego oddania smaku.<\/li>\n<\/ul>\n<p>Niezale\u017cnie od tego, czy jeste\u015b do\u015bwiadczonym u\u017cytkownikiem e-papieros\u00f3w, czy po raz pierwszy eksplorujesz urz\u0105dzenia jednorazowe, <strong>Bang Kingdoms Rex 32 000 Zaci\u0105gni\u0119\u0107<\/strong> to twoje rozwi\u0105zanie na najwy\u017cszej jako\u015bci do\u015bwiadczenie z wapowaniem. Kup teraz na Vapebulkp.com, aby skorzysta\u0107 z najlepszych ofert!<\/p>\n<h3><\/h3>\n<h3>FAQ na temat hurtowego zakupu Bang Vapes Kingdoms Rex 32 000 Zaci\u0105gni\u0119\u0107:<\/h3>\n<p><strong>P: Jaka jest minimalna ilo\u015b\u0107 zam\u00f3wienia (MOQ) dla e-papieros\u00f3w Bang Vape Kingdoms Rex 32 000 Zaci\u0105gni\u0119\u0107?<\/strong><br \/>\nO: Minimalne zam\u00f3wienie to 50 sztuk.<\/p>\n<p><strong>P: Jak d\u0142ugo trwa dostawa Bang Kingdoms Rex 32k Zaci\u0105gni\u0119\u0107?<\/strong><br \/>\nO: Dostawa zazwyczaj trwa 10-15 dni od daty wysy\u0142ki.<\/p>\n<p><strong>P: Jaki jest koszt wysy\u0142ki dla Top Sale Bang Vape Kingdoms Rex 32 000 Zaci\u0105gni\u0119\u0107?<\/strong><br \/>\nO: Koszty wysy\u0142ki r\u00f3\u017cni\u0105 si\u0119 w zale\u017cno\u015bci od ca\u0142kowitej wagi zam\u00f3wienia. Wi\u0119ksze ilo\u015bci mog\u0105 mie\u0107 inne stawki. Skontaktuj si\u0119 z nami, aby uzyska\u0107 dok\u0142adn\u0105 wycen\u0119 koszt\u00f3w wysy\u0142ki.<\/p>\n<p><strong>P: Jakie smaki s\u0105 dost\u0119pne dla hurtowej sprzeda\u017cy e-papieros\u00f3w Bang Vape Kingdoms Rex 32k Zaci\u0105gni\u0119\u0107?<\/strong><br \/>\nO: Ten model oferuje gam\u0119 smak\u00f3w premium, w tym owoce tropikalne, orze\u017awiaj\u0105cy mentol i opcje inspirowane deserami. Skontaktuj si\u0119 z nami, aby uzyska\u0107 pe\u0142n\u0105 list\u0119 dost\u0119pnych smak\u00f3w.<\/p>\n<p><strong>P: Czy Bang Vape Kingdoms Rex 32 000 Zaci\u0105gni\u0119\u0107 nadaje si\u0119 dla kupuj\u0105cych hurtowo?<\/strong><br \/>\nO: Tak, to doskona\u0142y wyb\u00f3r do zakup\u00f3w hurtowych. Zapewniamy konkurencyjne ceny dla zam\u00f3wie\u0144 masowych. Skontaktuj si\u0119 z nami, aby uzyska\u0107 wi\u0119cej szczeg\u00f3\u0142\u00f3w.<\/p>\n<p>&nbsp;<\/p>\n<h3><strong>Bang Vape Kingdoms Rex 32 000 Zaci\u0105gni\u0119\u0107\u00a0 <\/strong>Funkcje produktu<\/h3>\n<ul>\n<li><strong>Niezr\u00f3wnana Liczba Zaci\u0105gni\u0119\u0107:<\/strong> 32 000 zaci\u0105gni\u0119\u0107 dla d\u0142ugotrwa\u0142ej satysfakcji z wapowania.<\/li>\n<li><strong>Podw\u00f3jne komory na e-liquid:<\/strong> Pojemno\u015b\u0107 28 ml x 2 dla sp\u00f3jno\u015bci smaku i opar\u00f3w.<\/li>\n<li><strong>Bateria wielokrotnego \u0142adowania:<\/strong> Bateria 650 mAh z portem Type-C Huawei do szybkiego i niezawodnego \u0142adowania.<\/li>\n<li><strong>Zaawansowana technologia rdzenia siatkowego:<\/strong> Drut grzewczy 1.0\u03a9 dla g\u0142adkiej, bogatej pary.<\/li>\n<li><strong>Dostosowane rozwi\u0105zania:<\/strong> Wsparcie OEM\/ODM dla firm poszukuj\u0105cych unikalnych mo\u017cliwo\u015bci brandingu.<\/li>\n<\/ul>\n<h3><strong>Bang Kingdoms rex 32000 zaci\u0105gni\u0119\u0107 Tanie waporyzatory Smak:<\/strong><\/h3>\n<p>1. ARBUZ Z LODEM, MI\u0118TA Z JAGODAMI<br \/>\n2. ARBUZ Z LODEM, TRUSKAWKA Z MANGO<br \/>\n3. TRUSKAWKA Z ARBUZEM, KIWI Z MARAKUJ\u0104 I GUAW\u0104<br \/>\n4. TRUSKAWKA Z ARBUZEM, WINOGRONO Z LODEM<br \/>\n5. JAGODY Z MALINAMI, BRZOSKWINIA Z MANGO I ARBUZEM<br \/>\n6. JAGODY Z ARBUZEM, TRUSKAWKA Z MANGO<br \/>\n7. JAGODY Z LODEM, CZARNY SMOK Z LODEM<br \/>\n8. JAGODY Z LODEM, TRUSKAWKA Z BANANEM<br \/>\n9. RED BULL, JAGODY Z ARBUZEM<br \/>\n10. RED BULL, ARBUZOWE \u017bELKI B\u0104BELKOWE<br \/>\n11. TRUSKAWKA Z KIWI, BRZOSKWINIA Z LODEM<br \/>\n12.TRUSKAWKA KWI, KWA\u015aNE JAB\u0141KO MALINA<\/p>\n<p><a href=\"https:\/\/vapebulkp.com\/pl\/product\/best-price-vape-randm-15000-puffs-good-vape\/\"><span style=\"vertical-align: inherit\">RandM Tornado 15000 Zaci\u0105gni\u0119\u0107 <\/span><\/a><\/p>\n<p><span style=\"vertical-align: inherit\">Znajd\u017a wi\u0119cej produkt\u00f3w, kt\u00f3re mog\u0105 Ci si\u0119 spodoba\u0107:<\/span><em><a href=\"https:\/\/wa.me\/8618077105796\"><span style=\"vertical-align: inherit\">\u00a0Kup teraz<\/span><\/a><\/em><\/p>\n<p><span style=\"vertical-align: inherit\">Inne Puffs, kt\u00f3re mog\u0105 Ci si\u0119 spodoba\u0107:<\/span><a href=\"https:\/\/vapebulkp.com\/pl\/product\/wga-legend-30000-puffs-factory-price-disposable-vape-europe-warehouse\/\"><span style=\"vertical-align: inherit\">WGA 30K Zaci\u0105gni\u0119\u0107 <\/span><\/a><span style=\"vertical-align: inherit\">\u3001<\/span><a href=\"https:\/\/vapebulkp.com\/pl\/product\/wholesale-randm-tornado-9000-puffs-germany\/\"><span style=\"vertical-align: inherit\">RandM 9000 zaci\u0105gni\u0119\u0107<\/span><\/a><span style=\"vertical-align: inherit\">\/ <\/span><a href=\"https:\/\/vapebulkp.com\/pl\/product\/vozol-vista-20000-puff-rechargeable-vape-cheap-price-today\/\"><span style=\"vertical-align: inherit\">Vozol vista 20000 zaci\u0105gni\u0119\u0107<\/span><\/a><span style=\"vertical-align: inherit\">\/ <\/span><a href=\"https:\/\/vapebulkp.com\/pl\/product\/wga-crystal-plus-16000-puffs-led-light-disposable-vape\/\"><span style=\"vertical-align: inherit\">WGA Crystal 16000 zaci\u0105gni\u0119\u0107<\/span><\/a><\/p>\n<p><span style=\"vertical-align: inherit\">E-papieros o specjalnym kszta\u0142cie butelki:<\/span><a href=\"https:\/\/vapebulkp.com\/pl\/product\/bang-beach-20k-puffs-led-display-vape-discount-price\/\"><span style=\"vertical-align: inherit\"> Bang Beach 20000 zaci\u0105gni\u0119\u0107<\/span><\/a><span style=\"vertical-align: inherit\">\/ <\/span><a href=\"https:\/\/vapebulkp.com\/pl\/product\/jnr-vape-watch-18-30k-puffs-2-nic-wholesale-price-disposable-vape\/\"><span style=\"vertical-align: inherit\">\u00a0JNR Watch Baterii <\/span><\/a><span style=\"vertical-align: inherit\">\/<\/span><a href=\"https:\/\/vapebulkp.com\/pl\/product\/uzy-bang-digital-15000puffs-led-display-e-cigarettes\/\"><span style=\"vertical-align: inherit\">UZY Bang Digital Box 15000 zaci\u0105gni\u0119\u0107<\/span><\/a><\/p>\n<h5>Kwalifikacja produkcyjna:<\/h5>\n<p><img decoding=\"async\" class=\"alignnone size-full wp-image-1841\" src=\"http:\/\/vapebulkp.com\/wp-content\/uploads\/2023\/11\/Vape-production-process-2.jpeg\" alt=\"Proces produkcji vape\" width=\"650\" height=\"434\" srcset=\"https:\/\/vapebulkp.com\/wp-content\/uploads\/2023\/11\/Vape-production-process-2.jpeg 650w, https:\/\/vapebulkp.com\/wp-content\/uploads\/2023\/11\/Vape-production-process-2-300x200.jpeg 300w, https:\/\/vapebulkp.com\/wp-content\/uploads\/2023\/11\/Vape-production-process-2-600x401.jpeg 600w\" sizes=\"(max-width: 650px) 100vw, 650px\" \/><\/p>\n<h4>Szczeg\u00f3\u0142y wysy\u0142ki:<\/h4>\n<p><span style=\"color: #ff6600\">Czas produkcji: 5-10 dni roboczych<\/span><br \/>\n<span style=\"color: #ff6600\">Czas wysy\u0142ki: 8-14 dni roboczych<\/span><\/p>\n<p>Wszystkie produkty w naszym sklepie s\u0105 w 100% oryginalne i autentyczne, dlatego polityk\u0105 naszego sklepu jest dziesi\u0119ciokrotne odszkodowanie za podrobione towary. Do dostarczania towar\u00f3w u\u017cywamy kana\u0142\u00f3w logistycznych, takich jak UPS\/DHL\/FEDEX\/DPD.<\/p>\n<p>W przypadku paczek wysy\u0142anych do Polski dostawa trwa zwykle 10 dni roboczych. Wysy\u0142ka do kraj\u00f3w europejskich trwa zwykle od 12 do 15 dni roboczych. B\u0119dziemy aktualizowa\u0107 dla Ciebie informacje logistyczne w czasie rzeczywistym.<\/p>","protected":false},"excerpt":{"rendered":"<p>Hurtownia Bang Kingdoms Rex 32 000 Puffs Rechargeable Vape Pod, podw\u00f3jne komory 28 ml, bogate smaki, d\u0142ugotrwa\u0142a wydajno\u015b\u0107. Kupuj hurtowo ju\u017c teraz!<\/p>\n<p>Skontaktuj si\u0119 z WhatsApp Mandy, aby uzyska\u0107 cen\u0119 ze zni\u017ck\u0105<a href=\"https:\/\/wa.me\/8618077105796\">+8618077105796<\/a><\/p>\n<p><img decoding=\"async\" class=\"alignnone wp-image-2151\" src=\"http:\/\/vapebulkp.com\/wp-content\/uploads\/2024\/04\/Mandy-WhatsApp-Randm.jpg\" alt=\"WhatsApp Mandy Randm\" width=\"297\" height=\"316\" srcset=\"https:\/\/vapebulkp.com\/wp-content\/uploads\/2024\/04\/Mandy-WhatsApp-Randm.jpg 916w, https:\/\/vapebulkp.com\/wp-content\/uploads\/2024\/04\/Mandy-WhatsApp-Randm-282x300.jpg 282w, https:\/\/vapebulkp.com\/wp-content\/uploads\/2024\/04\/Mandy-WhatsApp-Randm-768x817.jpg 768w, https:\/\/vapebulkp.com\/wp-content\/uploads\/2024\/04\/Mandy-WhatsApp-Randm-600x638.jpg 600w\" sizes=\"(max-width: 297px) 100vw, 297px\" \/><\/p>\n<p><span style=\"color: #ff0000\">UWAGA: Ceny na naszej stronie internetowej nie zawieraj\u0105 koszt\u00f3w wysy\u0142ki<\/span><\/p>\n<p>&nbsp;<\/p>","protected":false},"featured_media":3206,"comment_status":"open","ping_status":"closed","template":"","meta":{"_uag_custom_page_level_css":"","_lmt_disableupdate":"no","_lmt_disable":"","site-sidebar-layout":"default","site-content-layout":"content-boxed-container","ast-site-content-layout":"normal-width-container","site-content-style":"boxed","site-sidebar-style":"unboxed","ast-global-header-display":"","ast-banner-title-visibility":"","ast-main-header-display":"","ast-hfb-above-header-display":"","ast-hfb-below-header-display":"","ast-hfb-mobile-header-display":"","site-post-title":"","ast-breadcrumbs-content":"","ast-featured-img":"","footer-sml-layout":"","theme-transparent-header-meta":"default","adv-header-id-meta":"","stick-header-meta":"","header-above-stick-meta":"","header-main-stick-meta":"","header-below-stick-meta":"","astra-migrate-meta-layouts":"set","_joinchat":[]},"product_cat":[188,153,345,155,33,59,100,34,158,157,154,152,58,84,156,63,32],"product_tag":[189,36,37,41,40],"class_list":["post-3207","product","type-product","status-publish","has-post-thumbnail","hentry","product_cat-32000-puffs-disposable-vape","product_cat-hot-disposable-vapes","product_cat-bang-vapes","product_cat-belgium-hot-disposable-vapes","product_cat-france-vape-hot-sale","product_cat-germany-hot-disposable-vape","product_cat-germany-wholesale-vape-shop","product_cat-netherlands-vape-good-sale","product_cat-norway-hot-disposable-vapes","product_cat-poland-hot-disposable-vapes","product_cat-portugal-hot-disposable-vapes","product_cat-spain-hot-disposable-vapes","product_cat-sweden-hot-disposable-vape","product_cat-sweden-wholesale-vape","product_cat-switzerland-hot-disposable-vapes","product_cat-top-sale-disposable-vape","product_cat-vape-hot-sale-this-week","product_tag-32000-puffs","product_tag-good-vape","product_tag-hot-sale-disposable-vape","product_tag-poland-hot-vape","product_tag-sweden-hot-vape","pa_brand-bang-king-vape","desktop-align-left","tablet-align-left","mobile-align-left"],"yoast_head":"<!-- This site is optimized with the Yoast SEO plugin v21.1 - https:\/\/yoast.com\/wordpress\/plugins\/seo\/ -->\n<title>Wholesale Price Bang Kingdoms rex 32000 Puffs Vape Pod - vapebulkp.com<\/title>\n<meta name=\"description\" content=\"Wholesale Bang Kingdoms rex 32000 Puffs Disposable Vape. 32,000 puffs, rechargeable, OEM\/ODM options. Ideal for EU distributors\u2014place your bulk order today!\" \/>\n<meta name=\"robots\" content=\"index, follow, max-snippet:-1, max-image-preview:large, max-video-preview:-1\" \/>\n<link rel=\"canonical\" href=\"https:\/\/vapebulkp.com\/pl\/product\/wholesale-price-bang-kingdoms-rex-32000-puffs-vape-pod\/\" \/>\n<meta property=\"og:locale\" content=\"pl_PL\" \/>\n<meta property=\"og:type\" content=\"article\" \/>\n<meta property=\"og:title\" content=\"Wholesale Price Bang Kingdoms rex 32000 Puffs Vape Pod - vapebulkp.com\" \/>\n<meta property=\"og:description\" content=\"Wholesale Bang Kingdoms rex 32000 Puffs Disposable Vape. 32,000 puffs, rechargeable, OEM\/ODM options. Ideal for EU distributors\u2014place your bulk order today!\" \/>\n<meta property=\"og:url\" content=\"https:\/\/vapebulkp.com\/pl\/product\/wholesale-price-bang-kingdoms-rex-32000-puffs-vape-pod\/\" \/>\n<meta property=\"og:site_name\" content=\"vapebulkp.com\" \/>\n<meta property=\"article:modified_time\" content=\"2025-09-24T03:17:27+00:00\" \/>\n<meta property=\"og:image\" content=\"http:\/\/vapebulkp.com\/wp-content\/uploads\/2024\/12\/bang-kingdoms-rex-32000-Puffs-good-Vape-pod-Bulk-price.jpg\" \/>\n\t<meta property=\"og:image:width\" content=\"800\" \/>\n\t<meta property=\"og:image:height\" content=\"800\" \/>\n\t<meta property=\"og:image:type\" content=\"image\/jpeg\" \/>\n<meta name=\"twitter:card\" content=\"summary_large_image\" \/>\n<meta name=\"twitter:label1\" content=\"Szacowany czas czytania\" \/>\n\t<meta name=\"twitter:data1\" content=\"4 minuty\" \/>\n<script type=\"application\/ld+json\" class=\"yoast-schema-graph\">{\"@context\":\"https:\/\/schema.org\",\"@graph\":[{\"@type\":\"WebPage\",\"@id\":\"https:\/\/vapebulkp.com\/product\/wholesale-price-bang-kingdoms-rex-32000-puffs-vape-pod\/\",\"url\":\"https:\/\/vapebulkp.com\/product\/wholesale-price-bang-kingdoms-rex-32000-puffs-vape-pod\/\",\"name\":\"Wholesale Price Bang Kingdoms rex 32000 Puffs Vape Pod - vapebulkp.com\",\"isPartOf\":{\"@id\":\"https:\/\/vapebulkp.com\/#website\"},\"datePublished\":\"2024-12-02T03:31:56+00:00\",\"dateModified\":\"2025-09-24T03:17:27+00:00\",\"description\":\"Wholesale Bang Kingdoms rex 32000 Puffs Disposable Vape. 32,000 puffs, rechargeable, OEM\/ODM options. Ideal for EU distributors\u2014place your bulk order today!\",\"breadcrumb\":{\"@id\":\"https:\/\/vapebulkp.com\/product\/wholesale-price-bang-kingdoms-rex-32000-puffs-vape-pod\/#breadcrumb\"},\"inLanguage\":\"pl-PL\",\"potentialAction\":[{\"@type\":\"ReadAction\",\"target\":[\"https:\/\/vapebulkp.com\/product\/wholesale-price-bang-kingdoms-rex-32000-puffs-vape-pod\/\"]}]},{\"@type\":\"BreadcrumbList\",\"@id\":\"https:\/\/vapebulkp.com\/product\/wholesale-price-bang-kingdoms-rex-32000-puffs-vape-pod\/#breadcrumb\",\"itemListElement\":[{\"@type\":\"ListItem\",\"position\":1,\"name\":\"Home\",\"item\":\"https:\/\/vapebulkp.com\/\"},{\"@type\":\"ListItem\",\"position\":2,\"name\":\"Hot Trend Vapes\",\"item\":\"https:\/\/vapebulkp.com\/vape-shop\/\"},{\"@type\":\"ListItem\",\"position\":3,\"name\":\"Wholesale Price Bang Kingdoms rex 32000 Puffs Vape Pod\"}]},{\"@type\":\"WebSite\",\"@id\":\"https:\/\/vapebulkp.com\/#website\",\"url\":\"https:\/\/vapebulkp.com\/\",\"name\":\"vapebulkp.com\",\"description\":\"Buy Vape In Cheap Bulk Price Near you\",\"publisher\":{\"@id\":\"https:\/\/vapebulkp.com\/#organization\"},\"potentialAction\":[{\"@type\":\"SearchAction\",\"target\":{\"@type\":\"EntryPoint\",\"urlTemplate\":\"https:\/\/vapebulkp.com\/?s={search_term_string}\"},\"query-input\":\"required name=search_term_string\"}],\"inLanguage\":\"pl-PL\"},{\"@type\":\"Organization\",\"@id\":\"https:\/\/vapebulkp.com\/#organization\",\"name\":\"vapebulkp.com\",\"url\":\"https:\/\/vapebulkp.com\/\",\"logo\":{\"@type\":\"ImageObject\",\"inLanguage\":\"pl-PL\",\"@id\":\"https:\/\/vapebulkp.com\/#\/schema\/logo\/image\/\",\"url\":\"https:\/\/vapebulkp.com\/wp-content\/uploads\/2023\/09\/cropped-vapebulkp.png\",\"contentUrl\":\"https:\/\/vapebulkp.com\/wp-content\/uploads\/2023\/09\/cropped-vapebulkp.png\",\"width\":516,\"height\":163,\"caption\":\"vapebulkp.com\"},\"image\":{\"@id\":\"https:\/\/vapebulkp.com\/#\/schema\/logo\/image\/\"}}]}<\/script>\n<!-- \/ Yoast SEO plugin. -->","yoast_head_json":{"title":"Wholesale Price Bang Kingdoms rex 32000 Puffs Vape Pod - vapebulkp.com","description":"Wholesale Bang Kingdoms rex 32000 Puffs Disposable Vape. 32,000 puffs, rechargeable, OEM\/ODM options. Ideal for EU distributors\u2014place your bulk order today!","robots":{"index":"index","follow":"follow","max-snippet":"max-snippet:-1","max-image-preview":"max-image-preview:large","max-video-preview":"max-video-preview:-1"},"canonical":"https:\/\/vapebulkp.com\/pl\/product\/wholesale-price-bang-kingdoms-rex-32000-puffs-vape-pod\/","og_locale":"pl_PL","og_type":"article","og_title":"Wholesale Price Bang Kingdoms rex 32000 Puffs Vape Pod - vapebulkp.com","og_description":"Wholesale Bang Kingdoms rex 32000 Puffs Disposable Vape. 32,000 puffs, rechargeable, OEM\/ODM options. Ideal for EU distributors\u2014place your bulk order today!","og_url":"https:\/\/vapebulkp.com\/pl\/product\/wholesale-price-bang-kingdoms-rex-32000-puffs-vape-pod\/","og_site_name":"vapebulkp.com","article_modified_time":"2025-09-24T03:17:27+00:00","og_image":[{"width":800,"height":800,"url":"http:\/\/vapebulkp.com\/wp-content\/uploads\/2024\/12\/bang-kingdoms-rex-32000-Puffs-good-Vape-pod-Bulk-price.jpg","type":"image\/jpeg"}],"twitter_card":"summary_large_image","twitter_misc":{"Szacowany czas czytania":"4 minuty"},"schema":{"@context":"https:\/\/schema.org","@graph":[{"@type":"WebPage","@id":"https:\/\/vapebulkp.com\/product\/wholesale-price-bang-kingdoms-rex-32000-puffs-vape-pod\/","url":"https:\/\/vapebulkp.com\/product\/wholesale-price-bang-kingdoms-rex-32000-puffs-vape-pod\/","name":"Wholesale Price Bang Kingdoms rex 32000 Puffs Vape Pod - vapebulkp.com","isPartOf":{"@id":"https:\/\/vapebulkp.com\/#website"},"datePublished":"2024-12-02T03:31:56+00:00","dateModified":"2025-09-24T03:17:27+00:00","description":"Wholesale Bang Kingdoms rex 32000 Puffs Disposable Vape. 32,000 puffs, rechargeable, OEM\/ODM options. Ideal for EU distributors\u2014place your bulk order today!","breadcrumb":{"@id":"https:\/\/vapebulkp.com\/product\/wholesale-price-bang-kingdoms-rex-32000-puffs-vape-pod\/#breadcrumb"},"inLanguage":"pl-PL","potentialAction":[{"@type":"ReadAction","target":["https:\/\/vapebulkp.com\/product\/wholesale-price-bang-kingdoms-rex-32000-puffs-vape-pod\/"]}]},{"@type":"BreadcrumbList","@id":"https:\/\/vapebulkp.com\/product\/wholesale-price-bang-kingdoms-rex-32000-puffs-vape-pod\/#breadcrumb","itemListElement":[{"@type":"ListItem","position":1,"name":"Home","item":"https:\/\/vapebulkp.com\/"},{"@type":"ListItem","position":2,"name":"Hot Trend Vapes","item":"https:\/\/vapebulkp.com\/vape-shop\/"},{"@type":"ListItem","position":3,"name":"Wholesale Price Bang Kingdoms rex 32000 Puffs Vape Pod"}]},{"@type":"WebSite","@id":"https:\/\/vapebulkp.com\/#website","url":"https:\/\/vapebulkp.com\/","name":"vapebulkp.com","description":"Buy Vape In Cheap Bulk Price Near you","publisher":{"@id":"https:\/\/vapebulkp.com\/#organization"},"potentialAction":[{"@type":"SearchAction","target":{"@type":"EntryPoint","urlTemplate":"https:\/\/vapebulkp.com\/?s={search_term_string}"},"query-input":"required name=search_term_string"}],"inLanguage":"pl-PL"},{"@type":"Organization","@id":"https:\/\/vapebulkp.com\/#organization","name":"vapebulkp.com","url":"https:\/\/vapebulkp.com\/","logo":{"@type":"ImageObject","inLanguage":"pl-PL","@id":"https:\/\/vapebulkp.com\/#\/schema\/logo\/image\/","url":"https:\/\/vapebulkp.com\/wp-content\/uploads\/2023\/09\/cropped-vapebulkp.png","contentUrl":"https:\/\/vapebulkp.com\/wp-content\/uploads\/2023\/09\/cropped-vapebulkp.png","width":516,"height":163,"caption":"vapebulkp.com"},"image":{"@id":"https:\/\/vapebulkp.com\/#\/schema\/logo\/image\/"}}]}},"uagb_featured_image_src":{"full":["https:\/\/vapebulkp.com\/wp-content\/uploads\/2024\/12\/bang-kingdoms-rex-32000-Puffs-good-Vape-pod-Bulk-price.jpg",800,800,false],"thumbnail":["https:\/\/vapebulkp.com\/wp-content\/uploads\/2024\/12\/bang-kingdoms-rex-32000-Puffs-good-Vape-pod-Bulk-price-150x150.jpg",150,150,true],"medium":["https:\/\/vapebulkp.com\/wp-content\/uploads\/2024\/12\/bang-kingdoms-rex-32000-Puffs-good-Vape-pod-Bulk-price-300x300.jpg",300,300,true],"medium_large":["https:\/\/vapebulkp.com\/wp-content\/uploads\/2024\/12\/bang-kingdoms-rex-32000-Puffs-good-Vape-pod-Bulk-price-768x768.jpg",768,768,true],"large":["https:\/\/vapebulkp.com\/wp-content\/uploads\/2024\/12\/bang-kingdoms-rex-32000-Puffs-good-Vape-pod-Bulk-price.jpg",800,800,false],"1536x1536":["https:\/\/vapebulkp.com\/wp-content\/uploads\/2024\/12\/bang-kingdoms-rex-32000-Puffs-good-Vape-pod-Bulk-price.jpg",800,800,false],"2048x2048":["https:\/\/vapebulkp.com\/wp-content\/uploads\/2024\/12\/bang-kingdoms-rex-32000-Puffs-good-Vape-pod-Bulk-price.jpg",800,800,false],"trp-custom-language-flag":["https:\/\/vapebulkp.com\/wp-content\/uploads\/2024\/12\/bang-kingdoms-rex-32000-Puffs-good-Vape-pod-Bulk-price.jpg",12,12,false],"woocommerce_thumbnail":["https:\/\/vapebulkp.com\/wp-content\/uploads\/2024\/12\/bang-kingdoms-rex-32000-Puffs-good-Vape-pod-Bulk-price-300x300.jpg",300,300,true],"woocommerce_single":["https:\/\/vapebulkp.com\/wp-content\/uploads\/2024\/12\/bang-kingdoms-rex-32000-Puffs-good-Vape-pod-Bulk-price-600x600.jpg",600,600,true],"woocommerce_gallery_thumbnail":["https:\/\/vapebulkp.com\/wp-content\/uploads\/2024\/12\/bang-kingdoms-rex-32000-Puffs-good-Vape-pod-Bulk-price-100x100.jpg",100,100,true],"wcpr-photo-reviews":["https:\/\/vapebulkp.com\/wp-content\/uploads\/2024\/12\/bang-kingdoms-rex-32000-Puffs-good-Vape-pod-Bulk-price.jpg",500,500,false]},"uagb_author_info":{"display_name":"Mandy vape bulk price","author_link":"https:\/\/vapebulkp.com\/pl\/author\/"},"uagb_comment_info":0,"uagb_excerpt":"Wholesale Bang Kingdoms Rex 32,000 Puffs Rechargeable Vape Pod, dual 28ml chambers, rich flavors, long-lasting performance. Buy in bulk now! Pls Contact Mandy's WhatsApp For Discount Price+8618077105796 NOTE: Prices on our website does not include shipping costs &nbsp;","_links":{"self":[{"href":"https:\/\/vapebulkp.com\/pl\/wp-json\/wp\/v2\/product\/3207","targetHints":{"allow":["GET"]}}],"collection":[{"href":"https:\/\/vapebulkp.com\/pl\/wp-json\/wp\/v2\/product"}],"about":[{"href":"https:\/\/vapebulkp.com\/pl\/wp-json\/wp\/v2\/types\/product"}],"replies":[{"embeddable":true,"href":"https:\/\/vapebulkp.com\/pl\/wp-json\/wp\/v2\/comments?post=3207"}],"wp:featuredmedia":[{"embeddable":true,"href":"https:\/\/vapebulkp.com\/pl\/wp-json\/wp\/v2\/media\/3206"}],"wp:attachment":[{"href":"https:\/\/vapebulkp.com\/pl\/wp-json\/wp\/v2\/media?parent=3207"}],"wp:term":[{"taxonomy":"product_cat","embeddable":true,"href":"https:\/\/vapebulkp.com\/pl\/wp-json\/wp\/v2\/product_cat?post=3207"},{"taxonomy":"product_tag","embeddable":true,"href":"https:\/\/vapebulkp.com\/pl\/wp-json\/wp\/v2\/product_tag?post=3207"}],"curies":[{"name":"wp","href":"https:\/\/api.w.org\/{rel}","templated":true}]}}