{"id":3226,"date":"2024-12-13T08:32:34","date_gmt":"2024-12-13T07:32:34","guid":{"rendered":"https:\/\/vapebulkp.com\/?post_type=product&#038;p=3226"},"modified":"2025-09-24T05:23:21","modified_gmt":"2025-09-24T03:23:21","slug":"vapsolo-feed-bar-shisha-vape-15000-puffs-wholesale-price","status":"publish","type":"product","link":"https:\/\/vapebulkp.com\/pl\/product\/vapsolo-feed-bar-shisha-vape-15000-puffs-wholesale-price\/","title":{"rendered":"Vapsolo FEED BAR SHISHA Vape 15000 PUFFS Cena hurtowa"},"content":{"rendered":"<h2 style=\"text-align: left\">Vapsolo FEED BAR SHISHA Vape 15000 PUFFS Cena hurtowa<\/h2>\n<p>&nbsp;<\/p>\n<p>Vapsolo FEED BAR SHISHA 15k zaci\u0105gni\u0119\u0107 to rewolucyjny jednorazowy vape zaprojektowany z my\u015bl\u0105 o d\u0142ugotrwa\u0142ej wydajno\u015bci i wyj\u0105tkowych wra\u017ceniach z vapingu. Imponuj\u0105cy <strong>15 000 zaci\u0105gni\u0119\u0107<\/strong>, to urz\u0105dzenie jest idealne dla zapalonych vaper\u00f3w poszukuj\u0105cych wygody i niezawodno\u015bci w kompaktowym, stylowym opakowaniu. Wyposa\u017cony w pojemny <strong>pojemno\u015b\u0107 25 ml e-liquidu<\/strong>, vape SHISHA 15k Zaci\u0105gni\u0119\u0107 zapewnia nieprzerwan\u0105 przyjemno\u015b\u0107 z ka\u017cdym zaci\u0105gni\u0119ciem, dostarczaj\u0105c bogat\u0105 i aromatyczn\u0105 par\u0119. Jego zaawansowany <strong>technologi\u0105 grza\u0142ki siatkowej<\/strong> w po\u0142\u0105czeniu z <strong>oporno\u015b\u0107 grza\u0142ki 0,6\u03a9<\/strong> zapewnia r\u00f3wnomierne nagrzewanie i p\u0142ynn\u0105 produkcj\u0119 pary, zaspokajaj\u0105c zar\u00f3wno entuzjast\u00f3w smaku, jak i mi\u0142o\u015bnik\u00f3w chmur.<\/p>\n<p>Wbudowany <strong>bateri\u0119 o pojemno\u015bci 650mAh z mo\u017cliwo\u015bci\u0105 \u0142adowania<\/strong> zosta\u0142 zaprojektowany z my\u015bl\u0105 o trwa\u0142o\u015bci i wydajno\u015bci, umo\u017cliwiaj\u0105c wielokrotne cykle \u0142adowania za pomoc\u0105 <strong>Port Type-C<\/strong> dla szybszego i bardziej stabilnego \u0142adowania. Dzi\u0119ki regulowanemu przep\u0142ywowi powietrza u\u017cytkownicy mog\u0105 spersonalizowa\u0107 preferencje dotycz\u0105ce zaci\u0105gania, aby uzyska\u0107 naprawd\u0119 dopasowane wra\u017cenia z vapingu. Elegancki wygl\u0105d i zaawansowane funkcje sprawiaj\u0105, \u017ce Vapsolo <strong>PR\u0118T DO SHISHY FEED BAR\u00a0<a href=\"https:\/\/vapebulkp.com\/pl\/product-category\/15000-puffs-disposable-vape\/\"> 15000 zaci\u0105gni\u0119\u0107 jednorazowy e-papieros<\/a><\/strong> to doskona\u0142y wyb\u00f3r zar\u00f3wno dla pocz\u0105tkuj\u0105cych, jak i do\u015bwiadczonych vaper\u00f3w. Niezale\u017cnie od tego, czy lubisz okazjonalne u\u017cytkowanie, czy szukasz przeno\u015bnego urz\u0105dzenia na d\u0142u\u017csze wyjazdy, ten vape pen z pewno\u015bci\u0105 zrobi wra\u017cenie. Ulepsz swoj\u0105 gr\u0119 w vapowanie dzi\u0119ki Top Sale Vape Vapsolo FEED BAR 15k zaci\u0105gni\u0119\u0107 \u2013 idealnemu po\u0142\u0105czeniu wydajno\u015bci, stylu i innowacji.<\/p>\n<p><img decoding=\"async\" class=\"wp-image-3230\" src=\"http:\/\/vapebulkp.com\/wp-content\/uploads\/2024\/12\/Vapsolo-FEED-BAR-SHISHA-15000-PUFFS-HOT-SALE-VAPE.png\" alt=\"Vapsolo FEED BAR SHISHA 15000 ZACI\u0104GNI\u0118\u0106 GOR\u0104CA WYPRZEDA\u017b VAPE\" width=\"801\" height=\"375\" srcset=\"https:\/\/vapebulkp.com\/wp-content\/uploads\/2024\/12\/Vapsolo-FEED-BAR-SHISHA-15000-PUFFS-HOT-SALE-VAPE.png 720w, https:\/\/vapebulkp.com\/wp-content\/uploads\/2024\/12\/Vapsolo-FEED-BAR-SHISHA-15000-PUFFS-HOT-SALE-VAPE-300x140.png 300w, https:\/\/vapebulkp.com\/wp-content\/uploads\/2024\/12\/Vapsolo-FEED-BAR-SHISHA-15000-PUFFS-HOT-SALE-VAPE-600x281.png 600w\" sizes=\"(max-width: 801px) 100vw, 801px\" \/><\/p>\n<h6>Skontaktuj si\u0119 z WhatsApp Mandy, aby uzyska\u0107 cen\u0119 ze zni\u017ck\u0105<a href=\"https:\/\/wa.me\/8618077105796\">+8618077105796<\/a><\/h6>\n<p><img decoding=\"async\" class=\"alignnone wp-image-2151\" src=\"http:\/\/vapebulkp.com\/wp-content\/uploads\/2024\/04\/Mandy-WhatsApp-Randm.jpg\" alt=\"WhatsApp Mandy Randm\" width=\"324\" height=\"330\" \/><\/p>\n<p>&nbsp;<\/p>\n<h2>Cechy shisha vape Pod Vapsolo FEED BAR Vape 15k zaci\u0105gni\u0119\u0107:<\/h2>\n<p>&nbsp;<\/p>\n<ul>\n<li><strong>Kontrola Przep\u0142ywu Powietrza<\/strong>: Regulowany dla spersonalizowanego oporu zaci\u0105gania<\/li>\n<li><strong>Pojemno\u015b\u0107 e-liquidu<\/strong>: 25 ml<\/li>\n<li><strong>Pojemno\u015b\u0107 baterii<\/strong>: Akumulator o pojemno\u015bci 650mAh<\/li>\n<li><strong>Technologia grzania<\/strong>: Grza\u0142ka Mesh<\/li>\n<li><strong>Rezystancja grza\u0142ki<\/strong>: 0,6\u03a9<\/li>\n<li><strong>Port \u0142adowania<\/strong>: Type-C, obs\u0142uguje szybkie \u0142adowanie<\/li>\n<li><strong>Liczba zaci\u0105gni\u0119\u0107<\/strong>: Do 15 000 zaci\u0105gni\u0119\u0107<\/li>\n<\/ul>\n<p>&nbsp;<\/p>\n<h2>Lista smak\u00f3w jednorazowych e-papieros\u00f3w Vapsolo Vape 15000 puffs:<\/h2>\n<p>1.Dwa Jab\u0142ka<br \/>\n2. Blue razz lemonade (Niebieska malina z lemoniad\u0105)<br \/>\n3. Peach ice (Brzoskwiniowy l\u00f3d)<br \/>\n4. Mango ice (Mango z lodem)<br \/>\n5. Lush ice (Soczysty l\u00f3d)<br \/>\n6. Lemon mint (Cytryna z mi\u0119t\u0105)<br \/>\n7. Magic Love (Magiczna Mi\u0142o\u015b\u0107)<br \/>\n8. Grape mint (Winogrono z mi\u0119t\u0105)<br \/>\n9. Strawberry punch (Truskawkowy poncz)<br \/>\n10. Blueberry Gum (Guma jagodowa)<br \/>\n11. Berry ice (Jagodowy l\u00f3d)<br \/>\n12. Sweet passion fruit (S\u0142odka marakuja)<br \/>\n13. Cherry Fiesta (Wi\u015bniowa Fiesta)<br \/>\n14. Blackcurrant ice (Czarna porzeczka z lodem)<br \/>\n15. Strawberry kiwi (Truskawka kiwi)<\/p>\n<h3><strong>Dlaczego warto wybra\u0107 Vapebulkp.com, aby kupi\u0107 Vapsolo FEED BAR SHISHA Vape 15000 PUFFS?<\/strong><\/h3>\n<p>Vapebulkp.com to zaufana platforma oferuj\u0105ca produkty premium do waporyzacji z bezproblemowym procesem zakupowym. Wyb\u00f3r Vapebulkp.com do zakupu Vapsolo FEED BAR SHISHA zapewnia:<\/p>\n<ol>\n<li><strong>Konkurencyjne ceny<\/strong>: Ekskluzywne ceny hurtowe i detaliczne zapewniaj\u0105ce niezr\u00f3wnan\u0105 warto\u015b\u0107.<\/li>\n<li><strong>Gwarancja Autentyczno\u015bci<\/strong>: 100% autentyczne produkty pochodz\u0105ce bezpo\u015brednio od producent\u00f3w.<\/li>\n<li><strong>Szybka Wysy\u0142ka<\/strong>: Niezawodna dostawa w ca\u0142ej Europie, zapewniaj\u0105ca szybkie dotarcie zam\u00f3wienia.<\/li>\n<li><strong>Obs\u0142uga Klienta<\/strong>: Dedykowana obs\u0142uga do pomocy w zapytaniach i zapewnienia wsparcia posprzeda\u017cowego.<\/li>\n<li><strong>Szeroki wyb\u00f3r<\/strong>: Dost\u0119p do r\u00f3\u017cnych marek i produkt\u00f3w najwy\u017cszej klasy, dostosowanych do r\u00f3\u017cnych preferencji.<\/li>\n<\/ol>\n<h4><strong>Inne popularne marki dost\u0119pne na <a href=\"https:\/\/vapebulkp.com\/pl\/vape-shop\/\">Vapebulkp.com<\/a><\/strong><\/h4>\n<ol>\n<li><a href=\"https:\/\/vapebulkp.com\/pl\/product\/bang-vape-36k-puffs-adjustable-ice-premium-disposable-vape\/\"><strong>Seria Bang Vape<\/strong><\/a>\n<ul>\n<li>Modele: 12000 Zaci\u0105gni\u0119\u0107, 18000 Zaci\u0105gni\u0119\u0107, 22000 Zaci\u0105gni\u0119\u0107, 30000 Zaci\u0105gni\u0119\u0107, 36000 Zaci\u0105gni\u0119\u0107<\/li>\n<li><strong>Zalety<\/strong>: Wysoka liczba zaci\u0105gni\u0119\u0107, innowacyjne funkcje, takie jak ekrany LCD i rozpoznawanie odcisk\u00f3w palc\u00f3w, r\u00f3\u017cnorodne opcje smakowe.<\/li>\n<\/ul>\n<\/li>\n<li><a href=\"https:\/\/vapebulkp.com\/pl\/product\/good-randm-tornado-7000-puffs-netherland-wholesale\/\"><strong>Randm Tornado<\/strong><\/a>\n<ul>\n<li>Modele: <a href=\"https:\/\/vapebulkp.com\/pl\/product-category\/15000-puffs-disposable-vape\/\">15 000 Zaci\u0105gni\u0119\u0107<\/a>,<a href=\"https:\/\/vapebulkp.com\/pl\/product-category\/30000-puff-disposable-vape\/\"> 30 000 Zaci\u0105gni\u0119\u0107<\/a><\/li>\n<li><strong>Zalety<\/strong>: Unikalne projekty LED, akumulatory o du\u017cej pojemno\u015bci, sp\u00f3jne dostarczanie smaku.<\/li>\n<\/ul>\n<\/li>\n<li><a href=\"https:\/\/vapebulkp.com\/pl\/product\/elfworld-plus-20000-puffs-disposable-vape-22ml-eliquid-capacity\/\"><strong>\u015awiat Elf\u00f3w Plus<\/strong><\/a>\n<ul>\n<li>Modele: 20 000 Zaci\u0105gni\u0119\u0107<\/li>\n<li><strong>Zalety<\/strong>: Kompaktowy i przyjazny w podr\u00f3\u017cy, technologia premium coil, p\u0142ynne wapowanie.<\/li>\n<\/ul>\n<\/li>\n<li><a href=\"https:\/\/vapebulkp.com\/pl\/product\/fumot-tornado-25k-puffs-cheap-price-disposable-vape\/\"><strong>Fumot Tornado<\/strong><\/a>\n<ul>\n<li>Modele: 25 000 Zaci\u0105gni\u0119\u0107, 30 000 Zaci\u0105gni\u0119\u0107<\/li>\n<li><strong>Zalety<\/strong>: Podw\u00f3jna siatka grzewcza dla wzmocnienia smaku, ekrany TFT i ekologiczne projekty.<\/li>\n<\/ul>\n<\/li>\n<li><a href=\"https:\/\/vapebulkp.com\/pl\/product\/vapme-crystal-7000-puffs-original-vape-good-flavor\/\"><strong>Seria Vapme Crystal<\/strong><\/a>\n<ul>\n<li>Modele: 7 000 Zaci\u0105gni\u0119\u0107, 20 000 Zaci\u0105gni\u0119\u0107<\/li>\n<li><strong>Zalety<\/strong>: Elegancki wygl\u0105d, kompatybilno\u015b\u0107 z DTL i r\u00f3\u017cnorodno\u015b\u0107 kombinacji smakowych.<\/li>\n<\/ul>\n<\/li>\n<\/ol>\n<h3><strong>Dlaczego <a href=\"https:\/\/vapebulkp.com\/pl\/vape-shop\/\">Vapebulkp.com<\/a> Si\u0119 Wyr\u00f3\u017cnia<\/strong><\/h3>\n<p>Dzi\u0119ki zr\u00f3\u017cnicowanemu asortymentowi, <a href=\"https:\/\/vapebulkp.com\/pl\/vape-shop\/\">Vapebulkp.com<\/a> zapewnia, \u017ce ka\u017cdy klient znajdzie produkt dopasowany do swoich potrzeb, oferuj\u0105c najnowocze\u015bniejsze projekty, ekologiczne opcje i trwa\u0142e urz\u0105dzenia, kt\u00f3re podnosz\u0105 jako\u015b\u0107 wapowania. Koncentracja platformy na u\u017cytkowniku, w po\u0142\u0105czeniu z naciskiem na jako\u015b\u0107 i przyst\u0119pno\u015b\u0107 cenow\u0105, czyni j\u0105 idealnym miejscem dla waper\u00f3w w ca\u0142ej Europie.<\/p>\n<p>&nbsp;<\/p>\n<h3>Szczeg\u00f3\u0142y wysy\u0142ki:<\/h3>\n<p><span style=\"color: #ff6600\">Czas produkcji: 5-10 dni roboczych<\/span><br \/>\n<span style=\"color: #ff6600\">Czas wysy\u0142ki: 8-14 dni roboczych<\/span><\/p>\n<p>Wszystkie produkty w naszym sklepie s\u0105 w 100% oryginalne i autentyczne, dlatego polityk\u0105 naszego sklepu jest dziesi\u0119ciokrotne odszkodowanie za podrobione towary. Do dostarczania towar\u00f3w u\u017cywamy kana\u0142\u00f3w logistycznych, takich jak UPS\/DHL\/FEDEX\/DPD.<\/p>\n<p>W przypadku paczek wysy\u0142anych do Polski dostawa trwa zwykle 10 dni roboczych. Wysy\u0142ka do kraj\u00f3w europejskich trwa zwykle od 12 do 15 dni roboczych. B\u0119dziemy aktualizowa\u0107 dla Ciebie informacje logistyczne w czasie rzeczywistym.<\/p>","protected":false},"excerpt":{"rendered":"<p>Kup Vapsolo FEED BAR SHISHA 15000 Zaci\u0105gni\u0119\u0107 hurtowo. D\u0142ugotrwa\u0142y, 15 ml e-liquidu, 2% nikotyny, doskona\u0142e smaki, konkurencyjne ceny!<\/p>\n<p>Skontaktuj si\u0119 z WhatsApp Mandy, aby uzyska\u0107 cen\u0119 ze zni\u017ck\u0105<a href=\"https:\/\/wa.me\/8618077105796\">+8618077105796<\/a><\/p>\n<p><img decoding=\"async\" class=\"alignnone wp-image-2151\" src=\"http:\/\/vapebulkp.com\/wp-content\/uploads\/2024\/04\/Mandy-WhatsApp-Randm.jpg\" alt=\"WhatsApp Mandy Randm\" width=\"297\" height=\"316\" srcset=\"https:\/\/vapebulkp.com\/wp-content\/uploads\/2024\/04\/Mandy-WhatsApp-Randm.jpg 916w, https:\/\/vapebulkp.com\/wp-content\/uploads\/2024\/04\/Mandy-WhatsApp-Randm-282x300.jpg 282w, https:\/\/vapebulkp.com\/wp-content\/uploads\/2024\/04\/Mandy-WhatsApp-Randm-768x817.jpg 768w, https:\/\/vapebulkp.com\/wp-content\/uploads\/2024\/04\/Mandy-WhatsApp-Randm-600x638.jpg 600w\" sizes=\"(max-width: 297px) 100vw, 297px\" \/><\/p>\n<p><span style=\"color: #ff0000\">UWAGA: Ceny na naszej stronie internetowej nie zawieraj\u0105 koszt\u00f3w wysy\u0142ki<\/span><\/p>\n<p>&nbsp;<\/p>","protected":false},"featured_media":3229,"comment_status":"open","ping_status":"closed","template":"","meta":{"_uag_custom_page_level_css":"","_lmt_disableupdate":"no","_lmt_disable":"","site-sidebar-layout":"default","site-content-layout":"content-boxed-container","ast-site-content-layout":"normal-width-container","site-content-style":"boxed","site-sidebar-style":"unboxed","ast-global-header-display":"","ast-banner-title-visibility":"","ast-main-header-display":"","ast-hfb-above-header-display":"","ast-hfb-below-header-display":"","ast-hfb-mobile-header-display":"","site-post-title":"","ast-breadcrumbs-content":"","ast-featured-img":"","footer-sml-layout":"","theme-transparent-header-meta":"default","adv-header-id-meta":"","stick-header-meta":"","header-above-stick-meta":"","header-main-stick-meta":"","header-below-stick-meta":"","astra-migrate-meta-layouts":"set","_joinchat":[]},"product_cat":[165,153,155,33,59,100,87,34,158,157,154,152,58,84,156,63,32,362],"product_tag":[36,37,41,40],"class_list":["post-3226","product","type-product","status-publish","has-post-thumbnail","hentry","product_cat-15000-puffs-disposable-vape","product_cat-hot-disposable-vapes","product_cat-belgium-hot-disposable-vapes","product_cat-france-vape-hot-sale","product_cat-germany-hot-disposable-vape","product_cat-germany-wholesale-vape-shop","product_cat-minimum-order-quantity-50pcs","product_cat-netherlands-vape-good-sale","product_cat-norway-hot-disposable-vapes","product_cat-poland-hot-disposable-vapes","product_cat-portugal-hot-disposable-vapes","product_cat-spain-hot-disposable-vapes","product_cat-sweden-hot-disposable-vape","product_cat-sweden-wholesale-vape","product_cat-switzerland-hot-disposable-vapes","product_cat-top-sale-disposable-vape","product_cat-vape-hot-sale-this-week","product_cat-vapsolo-vape","product_tag-good-vape","product_tag-hot-sale-disposable-vape","product_tag-poland-hot-vape","product_tag-sweden-hot-vape","pa_brand-vapsolo-vape","desktop-align-left","tablet-align-left","mobile-align-left"],"yoast_head":"<!-- This site is optimized with the Yoast SEO plugin v21.1 - https:\/\/yoast.com\/wordpress\/plugins\/seo\/ -->\n<title>Vapsolo FEED BAR SHISHA Vape 15000 PUFFS Wholesale Price - vapebulkp.com<\/title>\n<meta name=\"description\" content=\"Shop Vapsolo FEED BAR SHISHA Vape 15000 Puffs at wholesale prices. High-capacity, premium flavors, perfect for bulk orders.\" \/>\n<meta name=\"robots\" content=\"index, follow, max-snippet:-1, max-image-preview:large, max-video-preview:-1\" \/>\n<link rel=\"canonical\" href=\"https:\/\/vapebulkp.com\/pl\/product\/vapsolo-feed-bar-shisha-vape-15000-puffs-wholesale-price\/\" \/>\n<meta property=\"og:locale\" content=\"pl_PL\" \/>\n<meta property=\"og:type\" content=\"article\" \/>\n<meta property=\"og:title\" content=\"Vapsolo FEED BAR SHISHA Vape 15000 PUFFS Wholesale Price - vapebulkp.com\" \/>\n<meta property=\"og:description\" content=\"Shop Vapsolo FEED BAR SHISHA Vape 15000 Puffs at wholesale prices. High-capacity, premium flavors, perfect for bulk orders.\" \/>\n<meta property=\"og:url\" content=\"https:\/\/vapebulkp.com\/pl\/product\/vapsolo-feed-bar-shisha-vape-15000-puffs-wholesale-price\/\" \/>\n<meta property=\"og:site_name\" content=\"vapebulkp.com\" \/>\n<meta property=\"article:modified_time\" content=\"2025-09-24T03:23:21+00:00\" \/>\n<meta property=\"og:image\" content=\"http:\/\/vapebulkp.com\/wp-content\/uploads\/2024\/12\/Vapsolo-FEED-BAR-SHISHA-15000-PUFFS.jpg\" \/>\n\t<meta property=\"og:image:width\" content=\"800\" \/>\n\t<meta property=\"og:image:height\" content=\"800\" \/>\n\t<meta property=\"og:image:type\" content=\"image\/jpeg\" \/>\n<meta name=\"twitter:card\" content=\"summary_large_image\" \/>\n<meta name=\"twitter:label1\" content=\"Szacowany czas czytania\" \/>\n\t<meta name=\"twitter:data1\" content=\"4 minuty\" \/>\n<script type=\"application\/ld+json\" class=\"yoast-schema-graph\">{\"@context\":\"https:\/\/schema.org\",\"@graph\":[{\"@type\":\"WebPage\",\"@id\":\"https:\/\/vapebulkp.com\/product\/vapsolo-feed-bar-shisha-vape-15000-puffs-wholesale-price\/\",\"url\":\"https:\/\/vapebulkp.com\/product\/vapsolo-feed-bar-shisha-vape-15000-puffs-wholesale-price\/\",\"name\":\"Vapsolo FEED BAR SHISHA Vape 15000 PUFFS Wholesale Price - vapebulkp.com\",\"isPartOf\":{\"@id\":\"https:\/\/vapebulkp.com\/#website\"},\"datePublished\":\"2024-12-13T07:32:34+00:00\",\"dateModified\":\"2025-09-24T03:23:21+00:00\",\"description\":\"Shop Vapsolo FEED BAR SHISHA Vape 15000 Puffs at wholesale prices. High-capacity, premium flavors, perfect for bulk orders.\",\"breadcrumb\":{\"@id\":\"https:\/\/vapebulkp.com\/product\/vapsolo-feed-bar-shisha-vape-15000-puffs-wholesale-price\/#breadcrumb\"},\"inLanguage\":\"pl-PL\",\"potentialAction\":[{\"@type\":\"ReadAction\",\"target\":[\"https:\/\/vapebulkp.com\/product\/vapsolo-feed-bar-shisha-vape-15000-puffs-wholesale-price\/\"]}]},{\"@type\":\"BreadcrumbList\",\"@id\":\"https:\/\/vapebulkp.com\/product\/vapsolo-feed-bar-shisha-vape-15000-puffs-wholesale-price\/#breadcrumb\",\"itemListElement\":[{\"@type\":\"ListItem\",\"position\":1,\"name\":\"Home\",\"item\":\"https:\/\/vapebulkp.com\/\"},{\"@type\":\"ListItem\",\"position\":2,\"name\":\"Hot Trend Vapes\",\"item\":\"https:\/\/vapebulkp.com\/vape-shop\/\"},{\"@type\":\"ListItem\",\"position\":3,\"name\":\"Vapsolo FEED BAR SHISHA Vape 15000 PUFFS Wholesale Price\"}]},{\"@type\":\"WebSite\",\"@id\":\"https:\/\/vapebulkp.com\/#website\",\"url\":\"https:\/\/vapebulkp.com\/\",\"name\":\"vapebulkp.com\",\"description\":\"Buy Vape In Cheap Bulk Price Near you\",\"publisher\":{\"@id\":\"https:\/\/vapebulkp.com\/#organization\"},\"potentialAction\":[{\"@type\":\"SearchAction\",\"target\":{\"@type\":\"EntryPoint\",\"urlTemplate\":\"https:\/\/vapebulkp.com\/?s={search_term_string}\"},\"query-input\":\"required name=search_term_string\"}],\"inLanguage\":\"pl-PL\"},{\"@type\":\"Organization\",\"@id\":\"https:\/\/vapebulkp.com\/#organization\",\"name\":\"vapebulkp.com\",\"url\":\"https:\/\/vapebulkp.com\/\",\"logo\":{\"@type\":\"ImageObject\",\"inLanguage\":\"pl-PL\",\"@id\":\"https:\/\/vapebulkp.com\/#\/schema\/logo\/image\/\",\"url\":\"https:\/\/vapebulkp.com\/wp-content\/uploads\/2023\/09\/cropped-vapebulkp.png\",\"contentUrl\":\"https:\/\/vapebulkp.com\/wp-content\/uploads\/2023\/09\/cropped-vapebulkp.png\",\"width\":516,\"height\":163,\"caption\":\"vapebulkp.com\"},\"image\":{\"@id\":\"https:\/\/vapebulkp.com\/#\/schema\/logo\/image\/\"}}]}<\/script>\n<!-- \/ Yoast SEO plugin. -->","yoast_head_json":{"title":"Vapsolo FEED BAR SHISHA Vape 15000 PUFFS Wholesale Price - vapebulkp.com","description":"Shop Vapsolo FEED BAR SHISHA Vape 15000 Puffs at wholesale prices. High-capacity, premium flavors, perfect for bulk orders.","robots":{"index":"index","follow":"follow","max-snippet":"max-snippet:-1","max-image-preview":"max-image-preview:large","max-video-preview":"max-video-preview:-1"},"canonical":"https:\/\/vapebulkp.com\/pl\/product\/vapsolo-feed-bar-shisha-vape-15000-puffs-wholesale-price\/","og_locale":"pl_PL","og_type":"article","og_title":"Vapsolo FEED BAR SHISHA Vape 15000 PUFFS Wholesale Price - vapebulkp.com","og_description":"Shop Vapsolo FEED BAR SHISHA Vape 15000 Puffs at wholesale prices. High-capacity, premium flavors, perfect for bulk orders.","og_url":"https:\/\/vapebulkp.com\/pl\/product\/vapsolo-feed-bar-shisha-vape-15000-puffs-wholesale-price\/","og_site_name":"vapebulkp.com","article_modified_time":"2025-09-24T03:23:21+00:00","og_image":[{"width":800,"height":800,"url":"http:\/\/vapebulkp.com\/wp-content\/uploads\/2024\/12\/Vapsolo-FEED-BAR-SHISHA-15000-PUFFS.jpg","type":"image\/jpeg"}],"twitter_card":"summary_large_image","twitter_misc":{"Szacowany czas czytania":"4 minuty"},"schema":{"@context":"https:\/\/schema.org","@graph":[{"@type":"WebPage","@id":"https:\/\/vapebulkp.com\/product\/vapsolo-feed-bar-shisha-vape-15000-puffs-wholesale-price\/","url":"https:\/\/vapebulkp.com\/product\/vapsolo-feed-bar-shisha-vape-15000-puffs-wholesale-price\/","name":"Vapsolo FEED BAR SHISHA Vape 15000 PUFFS Wholesale Price - vapebulkp.com","isPartOf":{"@id":"https:\/\/vapebulkp.com\/#website"},"datePublished":"2024-12-13T07:32:34+00:00","dateModified":"2025-09-24T03:23:21+00:00","description":"Shop Vapsolo FEED BAR SHISHA Vape 15000 Puffs at wholesale prices. High-capacity, premium flavors, perfect for bulk orders.","breadcrumb":{"@id":"https:\/\/vapebulkp.com\/product\/vapsolo-feed-bar-shisha-vape-15000-puffs-wholesale-price\/#breadcrumb"},"inLanguage":"pl-PL","potentialAction":[{"@type":"ReadAction","target":["https:\/\/vapebulkp.com\/product\/vapsolo-feed-bar-shisha-vape-15000-puffs-wholesale-price\/"]}]},{"@type":"BreadcrumbList","@id":"https:\/\/vapebulkp.com\/product\/vapsolo-feed-bar-shisha-vape-15000-puffs-wholesale-price\/#breadcrumb","itemListElement":[{"@type":"ListItem","position":1,"name":"Home","item":"https:\/\/vapebulkp.com\/"},{"@type":"ListItem","position":2,"name":"Hot Trend Vapes","item":"https:\/\/vapebulkp.com\/vape-shop\/"},{"@type":"ListItem","position":3,"name":"Vapsolo FEED BAR SHISHA Vape 15000 PUFFS Wholesale Price"}]},{"@type":"WebSite","@id":"https:\/\/vapebulkp.com\/#website","url":"https:\/\/vapebulkp.com\/","name":"vapebulkp.com","description":"Buy Vape In Cheap Bulk Price Near you","publisher":{"@id":"https:\/\/vapebulkp.com\/#organization"},"potentialAction":[{"@type":"SearchAction","target":{"@type":"EntryPoint","urlTemplate":"https:\/\/vapebulkp.com\/?s={search_term_string}"},"query-input":"required name=search_term_string"}],"inLanguage":"pl-PL"},{"@type":"Organization","@id":"https:\/\/vapebulkp.com\/#organization","name":"vapebulkp.com","url":"https:\/\/vapebulkp.com\/","logo":{"@type":"ImageObject","inLanguage":"pl-PL","@id":"https:\/\/vapebulkp.com\/#\/schema\/logo\/image\/","url":"https:\/\/vapebulkp.com\/wp-content\/uploads\/2023\/09\/cropped-vapebulkp.png","contentUrl":"https:\/\/vapebulkp.com\/wp-content\/uploads\/2023\/09\/cropped-vapebulkp.png","width":516,"height":163,"caption":"vapebulkp.com"},"image":{"@id":"https:\/\/vapebulkp.com\/#\/schema\/logo\/image\/"}}]}},"uagb_featured_image_src":{"full":["https:\/\/vapebulkp.com\/wp-content\/uploads\/2024\/12\/Vapsolo-FEED-BAR-SHISHA-15000-PUFFS.jpg",800,800,false],"thumbnail":["https:\/\/vapebulkp.com\/wp-content\/uploads\/2024\/12\/Vapsolo-FEED-BAR-SHISHA-15000-PUFFS-150x150.jpg",150,150,true],"medium":["https:\/\/vapebulkp.com\/wp-content\/uploads\/2024\/12\/Vapsolo-FEED-BAR-SHISHA-15000-PUFFS-300x300.jpg",300,300,true],"medium_large":["https:\/\/vapebulkp.com\/wp-content\/uploads\/2024\/12\/Vapsolo-FEED-BAR-SHISHA-15000-PUFFS-768x768.jpg",768,768,true],"large":["https:\/\/vapebulkp.com\/wp-content\/uploads\/2024\/12\/Vapsolo-FEED-BAR-SHISHA-15000-PUFFS.jpg",800,800,false],"1536x1536":["https:\/\/vapebulkp.com\/wp-content\/uploads\/2024\/12\/Vapsolo-FEED-BAR-SHISHA-15000-PUFFS.jpg",800,800,false],"2048x2048":["https:\/\/vapebulkp.com\/wp-content\/uploads\/2024\/12\/Vapsolo-FEED-BAR-SHISHA-15000-PUFFS.jpg",800,800,false],"trp-custom-language-flag":["https:\/\/vapebulkp.com\/wp-content\/uploads\/2024\/12\/Vapsolo-FEED-BAR-SHISHA-15000-PUFFS.jpg",12,12,false],"woocommerce_thumbnail":["https:\/\/vapebulkp.com\/wp-content\/uploads\/2024\/12\/Vapsolo-FEED-BAR-SHISHA-15000-PUFFS-300x300.jpg",300,300,true],"woocommerce_single":["https:\/\/vapebulkp.com\/wp-content\/uploads\/2024\/12\/Vapsolo-FEED-BAR-SHISHA-15000-PUFFS-600x600.jpg",600,600,true],"woocommerce_gallery_thumbnail":["https:\/\/vapebulkp.com\/wp-content\/uploads\/2024\/12\/Vapsolo-FEED-BAR-SHISHA-15000-PUFFS-100x100.jpg",100,100,true],"wcpr-photo-reviews":["https:\/\/vapebulkp.com\/wp-content\/uploads\/2024\/12\/Vapsolo-FEED-BAR-SHISHA-15000-PUFFS.jpg",500,500,false]},"uagb_author_info":{"display_name":"Mandy vape bulk price","author_link":"https:\/\/vapebulkp.com\/pl\/author\/"},"uagb_comment_info":0,"uagb_excerpt":"Buy Vapsolo FEED BAR SHISHA 15000 Puffs wholesale. Long-lasting, 15ml e-liquid, 2% nicotine, premium flavors, competitive prices! Pls Contact Mandy's WhatsApp For Discount Price+8618077105796 NOTE: Prices on our website does not include shipping costs &nbsp;","_links":{"self":[{"href":"https:\/\/vapebulkp.com\/pl\/wp-json\/wp\/v2\/product\/3226","targetHints":{"allow":["GET"]}}],"collection":[{"href":"https:\/\/vapebulkp.com\/pl\/wp-json\/wp\/v2\/product"}],"about":[{"href":"https:\/\/vapebulkp.com\/pl\/wp-json\/wp\/v2\/types\/product"}],"replies":[{"embeddable":true,"href":"https:\/\/vapebulkp.com\/pl\/wp-json\/wp\/v2\/comments?post=3226"}],"wp:featuredmedia":[{"embeddable":true,"href":"https:\/\/vapebulkp.com\/pl\/wp-json\/wp\/v2\/media\/3229"}],"wp:attachment":[{"href":"https:\/\/vapebulkp.com\/pl\/wp-json\/wp\/v2\/media?parent=3226"}],"wp:term":[{"taxonomy":"product_cat","embeddable":true,"href":"https:\/\/vapebulkp.com\/pl\/wp-json\/wp\/v2\/product_cat?post=3226"},{"taxonomy":"product_tag","embeddable":true,"href":"https:\/\/vapebulkp.com\/pl\/wp-json\/wp\/v2\/product_tag?post=3226"}],"curies":[{"name":"wp","href":"https:\/\/api.w.org\/{rel}","templated":true}]}}