{"id":3268,"date":"2024-12-20T09:24:34","date_gmt":"2024-12-20T08:24:34","guid":{"rendered":"https:\/\/vapebulkp.com\/?post_type=product&#038;p=3268"},"modified":"2025-09-03T05:31:08","modified_gmt":"2025-09-03T03:31:08","slug":"vookbar-30000-puffs-touch-screen-disposable-vapes-wholesale-price","status":"publish","type":"product","link":"https:\/\/vapebulkp.com\/pl\/product\/vookbar-30000-puffs-touch-screen-disposable-vapes-wholesale-price\/","title":{"rendered":"Vookbar 30000 Zaci\u0105gni\u0119\u0107 Ekran Dotykowy Jednorazowe Waporyzatory Cena Hurtowa"},"content":{"rendered":"<h1 style=\"text-align: left\">Vookbar 30000 Zaci\u0105gni\u0119\u0107 Ekran Dotykowy Jednorazowe Waporyzatory Cena Hurtowa<\/h1>\n<p>&nbsp;<\/p>\n<p>To <strong>Vookbar Cyber PRO 30 000 Puffs Jednorazowy E-papieros z Ekranem Dotykowym<\/strong> to najlepszy wyb\u00f3r dla vaper\u00f3w poszukuj\u0105cych innowacji, wydajno\u015bci i wygody. Wyposa\u017cone w zaawansowany <strong>2,01-calowy ekran dotykowy<\/strong>, to urz\u0105dzenie oferuje precyzyjn\u0105 kontrol\u0119 nad ustawieniami, podczas gdy jego <strong>technologi\u0105 podw\u00f3jnej siatki grzewczej<\/strong> zapewnia bogaty smak i g\u0142adkie chmury. Fabrycznie nape\u0142niony <strong>22 ml najwy\u017cszej jako\u015bci e-liquidu<\/strong> i oferuj\u0105cy <strong>5% moc soli nikotynowej<\/strong>, Vookbar dostarcza do <strong>30 000 zaci\u0105gni\u0119\u0107<\/strong> w trybie Norm lub <strong>15 000 zaci\u0105gni\u0119\u0107<\/strong> w trybie Power. Zaprojektowany z <strong>akumulator 850mAh<\/strong> i <strong>szybkie \u0142adowanie przez Type-C<\/strong>, \u0142\u0105czy d\u0142ugotrwa\u0142\u0105 moc z szybkim \u0142adowaniem. Idealny zar\u00f3wno do u\u017cytku osobistego, jak i <strong>kupcy hurtowi<\/strong>, Vookbar Cyber PRO wyr\u00f3\u017cnia si\u0119 kompaktowym rozmiarem, eleganckim wygl\u0105dem i niezr\u00f3wnan\u0105 wydajno\u015bci\u0105. Znajd\u017a sw\u00f3j <strong>hurtowy Vookbar Cyber PRO <a href=\"https:\/\/vapebulkp.com\/pl\/product-category\/30000-puff-disposable-vape\/\">30000 Zaci\u0105gni\u0119\u0107 Jednorazowy Vape <\/a><\/strong>\u00a0po konkurencyjnych cenach ju\u017c dzi\u015b!<\/p>\n<p>&nbsp;<\/p>\n<h6>Skontaktuj si\u0119 z WhatsApp Mandy, aby uzyska\u0107 cen\u0119 ze zni\u017ck\u0105<a href=\"https:\/\/wa.me\/8618077105796\">+8618077105796<\/a><\/h6>\n<p>&nbsp;<\/p>\n<p><img decoding=\"async\" class=\"alignnone wp-image-2151\" src=\"http:\/\/vapebulkp.com\/wp-content\/uploads\/2024\/04\/Mandy-WhatsApp-Randm.jpg\" alt=\"WhatsApp Mandy Randm\" width=\"324\" height=\"330\" \/><\/p>\n<div class=\"flex max-w-full flex-col flex-grow\">\n<div class=\"min-h-8 text-message flex w-full flex-col items-end gap-2 whitespace-normal break-words text-start [.text-message+&amp;]:mt-5\" dir=\"auto\" data-message-author-role=\"assistant\" data-message-id=\"1fe1b7df-f0be-476c-874a-f466adf11ab9\" data-message-model-slug=\"gpt-4o\">\n<div class=\"flex w-full flex-col gap-1 empty:hidden first:pt-[3px]\">\n<div class=\"markdown prose w-full break-words dark:prose-invert light\">\n<h2>Dlaczego warto kupi\u0107 hurtowo Vape Vookbar Cyber PRO 30k Puffs w Vapebulkp.com?<\/h2>\n<p><strong>1. Ogromna liczba zaci\u0105gni\u0119\u0107:<\/strong><br \/>\nZ imponuj\u0105c\u0105 pojemno\u015bci\u0105 <strong>30 000 zaci\u0105gni\u0119\u0107 w trybie Norm<\/strong> i <strong>15 000 zaci\u0105gni\u0119\u0107 w trybie Power<\/strong>, to urz\u0105dzenie zosta\u0142o zaprojektowane z my\u015bl\u0105 o d\u0142ugotrwa\u0142ym u\u017cytkowaniu bez kompromis\u00f3w.<\/p>\n<p><strong>2. Najnowocze\u015bniejsza Technologia:<\/strong><br \/>\nTo <strong>podw\u00f3jnej siatki grzewczej<\/strong> zapewnia wyj\u0105tkowy smak i g\u0119st\u0105 par\u0119, natomiast <strong>2,01-calowy wy\u015bwietlacz HD<\/strong> zwi\u0119ksza u\u017cyteczno\u015b\u0107 dzi\u0119ki ustawieniom i powiadomieniom w czasie rzeczywistym.<\/p>\n<p><strong>3. Du\u017ca Pojemno\u015b\u0107 E-Liquidu:<\/strong><br \/>\nWype\u0142niony <strong>22 ml najwy\u017cszej jako\u015bci e-liquidu<\/strong> i <strong>moc nikotyny 5%<\/strong>, zapewniaj\u0105c g\u0142adkie, satysfakcjonuj\u0105ce doznania przy ka\u017cdym zaci\u0105gni\u0119ciu.<\/p>\n<p><strong>4. D\u0142ugotrwa\u0142a Bateria:<\/strong><br \/>\nTo <strong>akumulator 850mAh<\/strong> zapewnia niezawodne zasilanie, uzupe\u0142nione przez <strong>szybkie \u0142adowanie przez Type-C<\/strong> dla szybkich i wydajnych do\u0142adowa\u0144.<\/p>\n<p><strong>5. Inteligentne Funkcje:<\/strong><br \/>\nZawiera <strong>kompatybilno\u015b\u0107 z Bluetooth<\/strong>, <strong>tryb ruchu<\/strong>, oraz <strong>sterowanie przyciskiem bocznym<\/strong>, co czyni go wszechstronnym i wygodnym dla wsp\u00f3\u0142czesnych u\u017cytkownik\u00f3w.<\/p>\n<p><strong>6. Kompaktowy i Przeno\u015bny:<\/strong><br \/>\nJego smuk\u0142e wymiary (<strong>49x24x93mm<\/strong>) u\u0142atwiaj\u0105 przenoszenie, idealne do codziennego palenia lub podr\u00f3\u017cy.<\/p>\n<p><strong>7. Ekskluzywne korzy\u015bci na Vapebulkp.com:<\/strong><\/p>\n<ul>\n<li><strong>Przyst\u0119pne ceny<\/strong> z dost\u0119pnymi rabatami hurtowymi.<\/li>\n<li><strong>Szybka i niezawodna wysy\u0142ka<\/strong> na terenie kraj\u00f3w europejskich.<\/li>\n<li>Kompleksowa obs\u0142uga klienta, aby sprosta\u0107 wszystkim Twoim potrzebom.<\/li>\n<\/ul>\n<p>Aby uzyska\u0107 niezawodne, bogate w funkcje rozwi\u0105zanie do wapowania, zaufaj Vapebulkp.com, kt\u00f3re dostarczy <strong>Vookbar Cyber PRO 30k zaci\u0105gni\u0119\u0107<\/strong> w bezkonkurencyjnej cenie!<\/p>\n<\/div>\n<\/div>\n<\/div>\n<\/div>\n<h3>Specyfikacje jednorazowych e-papieros\u00f3w Vookbar 30000 Puffs<\/h3>\n<ul>\n<li><strong>Wymiary:<\/strong> 49mm x 24mm x 93mm (kompaktowy i przeno\u015bny).<\/li>\n<li><strong>Ekran:<\/strong> Wy\u015bwietlacz HD o przek\u0105tnej 2,01 cala zapewnia wyra\u017any obraz i \u0142atw\u0105 nawigacj\u0119.<\/li>\n<li><strong>Typ grza\u0142ki:<\/strong> Podw\u00f3jna grza\u0142ka siatkowa zapewniaj\u0105ca bogaty smak i g\u0119st\u0105 par\u0119.<\/li>\n<li><strong>Pojemno\u015b\u0107 E-liquidu:<\/strong> 22 ml wst\u0119pnie nape\u0142nionego p\u0142ynu do e-papieros\u00f3w najwy\u017cszej jako\u015bci.<\/li>\n<li><strong>Moc nikotyny:<\/strong> 5%, co zapewnia p\u0142ynne i satysfakcjonuj\u0105ce wra\u017cenia.<\/li>\n<li><strong>Bateria:<\/strong> Akumulator 850 mAh z szybkim \u0142adowaniem przez port Type-C.<\/li>\n<li><strong>Tryby zaci\u0105gni\u0119\u0107:<\/strong>\n<ul>\n<li>Tryb normalny: Do 30 000 zaci\u0105gni\u0119\u0107.<\/li>\n<li>Tryb mocy: Do 15 000 zaci\u0105gni\u0119\u0107.<\/li>\n<\/ul>\n<\/li>\n<li><strong>Obs\u0142uga:<\/strong> \u0141atwe sterowanie bocznym przyciskiem w\u0142\u0105czania i regulacji.<\/li>\n<li><strong>Port \u0142adowania:<\/strong> Port Type-C do szybkiego i wydajnego \u0142adowania.<\/li>\n<li><strong>Zaawansowane funkcje:<\/strong>\n<ul>\n<li>\u0141\u0105czno\u015b\u0107 Bluetooth.<\/li>\n<li>Tryb ruchu dla zwi\u0119kszonej funkcjonalno\u015bci.<\/li>\n<li>Konfigurowalne ustawienia wapowania.<\/li>\n<\/ul>\n<\/li>\n<li><strong>Projekt:<\/strong> Elegancka, trwa\u0142a i przyjazna w podr\u00f3\u017cy konstrukcja.<\/li>\n<\/ul>\n<h3>Vookbar 30000 zaci\u0105gni\u0119\u0107 smaki wk\u0142ad\u00f3w<\/h3>\n<p>1.Niebieska malina lodowa<br \/>\n2.Brzoskwinia lodowa<br \/>\n3. Grape Ice<br \/>\n4.Truskawka arbuz<br \/>\n5. Truskawka banan<br \/>\n6.Wi\u015bnia arbuz<br \/>\n7.Arbuzowy l\u00f3d<br \/>\n8.Brzoskwinia mango<br \/>\n9.Truskawka kiwi<br \/>\n10.Bia\u0142a truskawka lodowa<br \/>\n11.Bia\u0142y \u017celek lodowy<br \/>\n12.Mro\u017cona pinacolada<br \/>\n13.Niesamowicie pyszny<br \/>\n14.Mojito z mieszanymi jagodami<\/p>\n<p><a href=\"https:\/\/vapebulkp.com\/pl\/product\/jnr-vape-mega-box-25000-puff-discount-price-vape-pods\/\"><span style=\"vertical-align: inherit\">JNR VAPE Mega Box 25000 zaci\u0105gni\u0119\u0107 <\/span><\/a><\/p>\n<p><span style=\"vertical-align: inherit\">Znajd\u017a wi\u0119cej produkt\u00f3w, kt\u00f3re mog\u0105 Ci si\u0119 spodoba\u0107:<\/span><em><a href=\"https:\/\/wa.me\/8618077105796\"><span style=\"vertical-align: inherit\">\u00a0Kup teraz<\/span><\/a><\/em><\/p>\n<p><span style=\"vertical-align: inherit\">Inne Puffs, kt\u00f3re mog\u0105 Ci si\u0119 spodoba\u0107:<\/span><a href=\"https:\/\/vapebulkp.com\/pl\/product\/waspe-vape-40000-puff-fihp-double-flavour-disposable-vape\/\"><span style=\"vertical-align: inherit\">WASPE FIHP 40000 zaci\u0105gni\u0119\u0107<\/span><\/a><span style=\"vertical-align: inherit\">\u3001<\/span><a href=\"https:\/\/vapebulkp.com\/pl\/product\/wholesale-randm-tornado-9000-puffs-germany\/\"><span style=\"vertical-align: inherit\">RandM 9000 zaci\u0105gni\u0119\u0107<\/span><\/a><span style=\"vertical-align: inherit\">\/ <\/span><a href=\"https:\/\/vapebulkp.com\/pl\/fi\/product\/bang-30k-puffs-new-double-taste-good-vape\/\"><span style=\"vertical-align: inherit\">Bang Vape 30000 zaci\u0105gni\u0119\u0107<\/span><\/a><span style=\"vertical-align: inherit\">\/ <\/span><a href=\"https:\/\/vapebulkp.com\/pl\/product\/jnr-alien-10000-puffs-randm-vape-wholesale-price\/\"><span style=\"vertical-align: inherit\">JNR VAPE Alien 10000 Zaci\u0105gni\u0119\u0107<\/span><\/a><\/p>\n<p>&nbsp;<\/p>\n<p>&nbsp;<\/p>\n<h3><strong>Najcz\u0119\u015bciej zadawane pytania o Vookbar <\/strong>Vookbar 30000 Zaci\u0105gni\u0119\u0107<\/h3>\n<p><strong>1. Ile zaci\u0105gni\u0119\u0107 mog\u0119 uzyska\u0107 z Vookbar 30 000?<\/strong><\/p>\n<ul>\n<li>Vookbar oferuje do <strong>30 000 zaci\u0105gni\u0119\u0107<\/strong> in <strong>Tryb normalny<\/strong> i <strong>15 000 zaci\u0105gni\u0119\u0107<\/strong> in <strong>Tryb Power<\/strong>, zapewniaj\u0105c d\u0142ugotrwa\u0142e u\u017cytkowanie.<\/li>\n<\/ul>\n<p><strong>2. Jaka jest moc nikotyny w Vookbar 30 000 zaci\u0105gni\u0119\u0107?<\/strong><\/p>\n<ul>\n<li>Urz\u0105dzenie zawiera <strong>5% soli nikotynowej<\/strong>, zapewniaj\u0105c g\u0142adkie i satysfakcjonuj\u0105ce uderzenie przy ka\u017cdym zaci\u0105gni\u0119ciu.<\/li>\n<\/ul>\n<p><strong>3. Jak d\u0142ugo wytrzymuje bateria w Vookbar?<\/strong><\/p>\n<ul>\n<li>Z <strong>akumulator 850mAh<\/strong> i <strong>szybkie \u0142adowanie przez Type-C<\/strong>, Vookbar zapewnia niezawodne zasilanie i szybkie \u0142adowanie, umo\u017cliwiaj\u0105c ci\u0105g\u0142e u\u017cytkowanie.<\/li>\n<\/ul>\n<p><strong>4. Jakiego typu grza\u0142k\u0119 wykorzystuje Vookbar 30,000 Puffs?<\/strong><\/p>\n<ul>\n<li>Urz\u0105dzenie jest wyposa\u017cone w <strong>podw\u00f3jn\u0105 siatkow\u0105 grza\u0142k\u0119<\/strong>, zapewniaj\u0105c bogaty smak i g\u0119st\u0105 par\u0119 przy ka\u017cdym zaci\u0105gni\u0119ciu.<\/li>\n<\/ul>\n<p><strong>5. Czy mog\u0119 dostosowa\u0107 ustawienia w Vookbar 30,000 Puffs?<\/strong><\/p>\n<ul>\n<li>Tak, urz\u0105dzenie posiada <strong>2,01-calowy ekran dotykowy<\/strong>, co pozwala na \u0142atw\u0105 regulacj\u0119 ustawie\u0144 i kontrol\u0119 nad do\u015bwiadczeniem wapowania.<\/li>\n<\/ul>\n<h3>Szczeg\u00f3\u0142y wysy\u0142ki:<\/h3>\n<p><span style=\"color: #ff6600\">Czas produkcji: 5-10 dni roboczych<\/span><br \/>\n<span style=\"color: #ff6600\">Czas wysy\u0142ki: 8-14 dni roboczych<\/span><\/p>\n<p>Wszystkie produkty w naszym sklepie s\u0105 w 100% oryginalne i autentyczne, dlatego polityk\u0105 naszego sklepu jest dziesi\u0119ciokrotne odszkodowanie za podrobione towary. Do dostarczania towar\u00f3w u\u017cywamy kana\u0142\u00f3w logistycznych, takich jak UPS\/DHL\/FEDEX\/DPD.<\/p>\n<p>W przypadku paczek wysy\u0142anych do Polski dostawa trwa zwykle 10 dni roboczych. Wysy\u0142ka do kraj\u00f3w europejskich trwa zwykle od 12 do 15 dni roboczych. B\u0119dziemy aktualizowa\u0107 dla Ciebie informacje logistyczne w czasie rzeczywistym.<\/p>","protected":false},"excerpt":{"rendered":"<p>Vookbar 30000 Puffs Jednorazowe E-papierosy z ekranem dotykowym w cenach hurtowych. D\u0142ugotrwa\u0142e, wysokiej jako\u015bci i innowacyjne rozwi\u0105zanie do vapingu. Dost\u0119pne zam\u00f3wienia hurtowe.<\/p>\n<p>Skontaktuj si\u0119 z WhatsApp Mandy, aby uzyska\u0107 cen\u0119 ze zni\u017ck\u0105<a href=\"https:\/\/wa.me\/8618077105796\">+8618077105796<\/a><\/p>\n<p>&nbsp;<\/p>\n<p><img decoding=\"async\" class=\"alignnone wp-image-2151\" src=\"http:\/\/vapebulkp.com\/wp-content\/uploads\/2024\/04\/Mandy-WhatsApp-Randm.jpg\" alt=\"WhatsApp Mandy Randm\" width=\"297\" height=\"316\" srcset=\"https:\/\/vapebulkp.com\/wp-content\/uploads\/2024\/04\/Mandy-WhatsApp-Randm.jpg 916w, https:\/\/vapebulkp.com\/wp-content\/uploads\/2024\/04\/Mandy-WhatsApp-Randm-282x300.jpg 282w, https:\/\/vapebulkp.com\/wp-content\/uploads\/2024\/04\/Mandy-WhatsApp-Randm-768x817.jpg 768w, https:\/\/vapebulkp.com\/wp-content\/uploads\/2024\/04\/Mandy-WhatsApp-Randm-600x638.jpg 600w\" sizes=\"(max-width: 297px) 100vw, 297px\" \/><\/p>\n<p><span style=\"color: #ff0000\">UWAGA: Ceny na naszej stronie internetowej nie zawieraj\u0105 koszt\u00f3w wysy\u0142ki<\/span><\/p>\n<p>&nbsp;<\/p>","protected":false},"featured_media":3266,"comment_status":"open","ping_status":"closed","template":"","meta":{"_uag_custom_page_level_css":"","_lmt_disableupdate":"no","_lmt_disable":"","site-sidebar-layout":"default","site-content-layout":"content-boxed-container","ast-site-content-layout":"normal-width-container","site-content-style":"boxed","site-sidebar-style":"unboxed","ast-global-header-display":"","ast-banner-title-visibility":"","ast-main-header-display":"","ast-hfb-above-header-display":"","ast-hfb-below-header-display":"","ast-hfb-mobile-header-display":"","site-post-title":"","ast-breadcrumbs-content":"","ast-featured-img":"","footer-sml-layout":"","theme-transparent-header-meta":"default","adv-header-id-meta":"","stick-header-meta":"","header-above-stick-meta":"","header-main-stick-meta":"","header-below-stick-meta":"","astra-migrate-meta-layouts":"set","_joinchat":[]},"product_cat":[160,153,155,33,59,100,87,34,158,157,154,152,58,84,156,63,32],"product_tag":[36,37,41,40,193],"class_list":["post-3268","product","type-product","status-publish","has-post-thumbnail","hentry","product_cat-30000-puff-disposable-vape","product_cat-hot-disposable-vapes","product_cat-belgium-hot-disposable-vapes","product_cat-france-vape-hot-sale","product_cat-germany-hot-disposable-vape","product_cat-germany-wholesale-vape-shop","product_cat-minimum-order-quantity-50pcs","product_cat-netherlands-vape-good-sale","product_cat-norway-hot-disposable-vapes","product_cat-poland-hot-disposable-vapes","product_cat-portugal-hot-disposable-vapes","product_cat-spain-hot-disposable-vapes","product_cat-sweden-hot-disposable-vape","product_cat-sweden-wholesale-vape","product_cat-switzerland-hot-disposable-vapes","product_cat-top-sale-disposable-vape","product_cat-vape-hot-sale-this-week","product_tag-good-vape","product_tag-hot-sale-disposable-vape","product_tag-poland-hot-vape","product_tag-sweden-hot-vape","product_tag-vookbar-30000-puffs","desktop-align-left","tablet-align-left","mobile-align-left"],"yoast_head":"<!-- This site is optimized with the Yoast SEO plugin v21.1 - https:\/\/yoast.com\/wordpress\/plugins\/seo\/ -->\n<title>Vookbar 30000 Puffs Touch Screen Disposable Vapes Wholesale Price - vapebulkp.com<\/title>\n<meta name=\"description\" content=\"Shop Vookbar 30000 Puffs Touch Screen Disposable Vapes at wholesale prices. High-capacity, sleek design, and advanced features for premium vaping.\" \/>\n<meta name=\"robots\" content=\"index, follow, max-snippet:-1, max-image-preview:large, max-video-preview:-1\" \/>\n<link rel=\"canonical\" href=\"https:\/\/vapebulkp.com\/pl\/product\/vookbar-30000-puffs-touch-screen-disposable-vapes-wholesale-price\/\" \/>\n<meta property=\"og:locale\" content=\"pl_PL\" \/>\n<meta property=\"og:type\" content=\"article\" \/>\n<meta property=\"og:title\" content=\"Vookbar 30000 Puffs Touch Screen Disposable Vapes Wholesale Price - vapebulkp.com\" \/>\n<meta property=\"og:description\" content=\"Shop Vookbar 30000 Puffs Touch Screen Disposable Vapes at wholesale prices. High-capacity, sleek design, and advanced features for premium vaping.\" \/>\n<meta property=\"og:url\" content=\"https:\/\/vapebulkp.com\/pl\/product\/vookbar-30000-puffs-touch-screen-disposable-vapes-wholesale-price\/\" \/>\n<meta property=\"og:site_name\" content=\"vapebulkp.com\" \/>\n<meta property=\"article:modified_time\" content=\"2025-09-03T03:31:08+00:00\" \/>\n<meta property=\"og:image\" content=\"http:\/\/vapebulkp.com\/wp-content\/uploads\/2024\/12\/Vookbar-30000-Puffs-Top-Sale-Vape.png\" \/>\n\t<meta property=\"og:image:width\" content=\"800\" \/>\n\t<meta property=\"og:image:height\" content=\"800\" \/>\n\t<meta property=\"og:image:type\" content=\"image\/png\" \/>\n<meta name=\"twitter:card\" content=\"summary_large_image\" \/>\n<meta name=\"twitter:label1\" content=\"Szacowany czas czytania\" \/>\n\t<meta name=\"twitter:data1\" content=\"4 minuty\" \/>\n<script type=\"application\/ld+json\" class=\"yoast-schema-graph\">{\"@context\":\"https:\/\/schema.org\",\"@graph\":[{\"@type\":\"WebPage\",\"@id\":\"https:\/\/vapebulkp.com\/product\/vookbar-30000-puffs-touch-screen-disposable-vapes-wholesale-price\/\",\"url\":\"https:\/\/vapebulkp.com\/product\/vookbar-30000-puffs-touch-screen-disposable-vapes-wholesale-price\/\",\"name\":\"Vookbar 30000 Puffs Touch Screen Disposable Vapes Wholesale Price - vapebulkp.com\",\"isPartOf\":{\"@id\":\"https:\/\/vapebulkp.com\/#website\"},\"datePublished\":\"2024-12-20T08:24:34+00:00\",\"dateModified\":\"2025-09-03T03:31:08+00:00\",\"description\":\"Shop Vookbar 30000 Puffs Touch Screen Disposable Vapes at wholesale prices. High-capacity, sleek design, and advanced features for premium vaping.\",\"breadcrumb\":{\"@id\":\"https:\/\/vapebulkp.com\/product\/vookbar-30000-puffs-touch-screen-disposable-vapes-wholesale-price\/#breadcrumb\"},\"inLanguage\":\"pl-PL\",\"potentialAction\":[{\"@type\":\"ReadAction\",\"target\":[\"https:\/\/vapebulkp.com\/product\/vookbar-30000-puffs-touch-screen-disposable-vapes-wholesale-price\/\"]}]},{\"@type\":\"BreadcrumbList\",\"@id\":\"https:\/\/vapebulkp.com\/product\/vookbar-30000-puffs-touch-screen-disposable-vapes-wholesale-price\/#breadcrumb\",\"itemListElement\":[{\"@type\":\"ListItem\",\"position\":1,\"name\":\"Home\",\"item\":\"https:\/\/vapebulkp.com\/\"},{\"@type\":\"ListItem\",\"position\":2,\"name\":\"Hot Trend Vapes\",\"item\":\"https:\/\/vapebulkp.com\/vape-shop\/\"},{\"@type\":\"ListItem\",\"position\":3,\"name\":\"Vookbar 30000 Puffs Touch Screen Disposable Vapes Wholesale Price\"}]},{\"@type\":\"WebSite\",\"@id\":\"https:\/\/vapebulkp.com\/#website\",\"url\":\"https:\/\/vapebulkp.com\/\",\"name\":\"vapebulkp.com\",\"description\":\"Buy Vape In Cheap Bulk Price Near you\",\"publisher\":{\"@id\":\"https:\/\/vapebulkp.com\/#organization\"},\"potentialAction\":[{\"@type\":\"SearchAction\",\"target\":{\"@type\":\"EntryPoint\",\"urlTemplate\":\"https:\/\/vapebulkp.com\/?s={search_term_string}\"},\"query-input\":\"required name=search_term_string\"}],\"inLanguage\":\"pl-PL\"},{\"@type\":\"Organization\",\"@id\":\"https:\/\/vapebulkp.com\/#organization\",\"name\":\"vapebulkp.com\",\"url\":\"https:\/\/vapebulkp.com\/\",\"logo\":{\"@type\":\"ImageObject\",\"inLanguage\":\"pl-PL\",\"@id\":\"https:\/\/vapebulkp.com\/#\/schema\/logo\/image\/\",\"url\":\"https:\/\/vapebulkp.com\/wp-content\/uploads\/2023\/09\/cropped-vapebulkp.png\",\"contentUrl\":\"https:\/\/vapebulkp.com\/wp-content\/uploads\/2023\/09\/cropped-vapebulkp.png\",\"width\":516,\"height\":163,\"caption\":\"vapebulkp.com\"},\"image\":{\"@id\":\"https:\/\/vapebulkp.com\/#\/schema\/logo\/image\/\"}}]}<\/script>\n<!-- \/ Yoast SEO plugin. -->","yoast_head_json":{"title":"Vookbar 30000 Puffs Touch Screen Disposable Vapes Wholesale Price - vapebulkp.com","description":"Shop Vookbar 30000 Puffs Touch Screen Disposable Vapes at wholesale prices. High-capacity, sleek design, and advanced features for premium vaping.","robots":{"index":"index","follow":"follow","max-snippet":"max-snippet:-1","max-image-preview":"max-image-preview:large","max-video-preview":"max-video-preview:-1"},"canonical":"https:\/\/vapebulkp.com\/pl\/product\/vookbar-30000-puffs-touch-screen-disposable-vapes-wholesale-price\/","og_locale":"pl_PL","og_type":"article","og_title":"Vookbar 30000 Puffs Touch Screen Disposable Vapes Wholesale Price - vapebulkp.com","og_description":"Shop Vookbar 30000 Puffs Touch Screen Disposable Vapes at wholesale prices. High-capacity, sleek design, and advanced features for premium vaping.","og_url":"https:\/\/vapebulkp.com\/pl\/product\/vookbar-30000-puffs-touch-screen-disposable-vapes-wholesale-price\/","og_site_name":"vapebulkp.com","article_modified_time":"2025-09-03T03:31:08+00:00","og_image":[{"width":800,"height":800,"url":"http:\/\/vapebulkp.com\/wp-content\/uploads\/2024\/12\/Vookbar-30000-Puffs-Top-Sale-Vape.png","type":"image\/png"}],"twitter_card":"summary_large_image","twitter_misc":{"Szacowany czas czytania":"4 minuty"},"schema":{"@context":"https:\/\/schema.org","@graph":[{"@type":"WebPage","@id":"https:\/\/vapebulkp.com\/product\/vookbar-30000-puffs-touch-screen-disposable-vapes-wholesale-price\/","url":"https:\/\/vapebulkp.com\/product\/vookbar-30000-puffs-touch-screen-disposable-vapes-wholesale-price\/","name":"Vookbar 30000 Puffs Touch Screen Disposable Vapes Wholesale Price - vapebulkp.com","isPartOf":{"@id":"https:\/\/vapebulkp.com\/#website"},"datePublished":"2024-12-20T08:24:34+00:00","dateModified":"2025-09-03T03:31:08+00:00","description":"Shop Vookbar 30000 Puffs Touch Screen Disposable Vapes at wholesale prices. High-capacity, sleek design, and advanced features for premium vaping.","breadcrumb":{"@id":"https:\/\/vapebulkp.com\/product\/vookbar-30000-puffs-touch-screen-disposable-vapes-wholesale-price\/#breadcrumb"},"inLanguage":"pl-PL","potentialAction":[{"@type":"ReadAction","target":["https:\/\/vapebulkp.com\/product\/vookbar-30000-puffs-touch-screen-disposable-vapes-wholesale-price\/"]}]},{"@type":"BreadcrumbList","@id":"https:\/\/vapebulkp.com\/product\/vookbar-30000-puffs-touch-screen-disposable-vapes-wholesale-price\/#breadcrumb","itemListElement":[{"@type":"ListItem","position":1,"name":"Home","item":"https:\/\/vapebulkp.com\/"},{"@type":"ListItem","position":2,"name":"Hot Trend Vapes","item":"https:\/\/vapebulkp.com\/vape-shop\/"},{"@type":"ListItem","position":3,"name":"Vookbar 30000 Puffs Touch Screen Disposable Vapes Wholesale Price"}]},{"@type":"WebSite","@id":"https:\/\/vapebulkp.com\/#website","url":"https:\/\/vapebulkp.com\/","name":"vapebulkp.com","description":"Buy Vape In Cheap Bulk Price Near you","publisher":{"@id":"https:\/\/vapebulkp.com\/#organization"},"potentialAction":[{"@type":"SearchAction","target":{"@type":"EntryPoint","urlTemplate":"https:\/\/vapebulkp.com\/?s={search_term_string}"},"query-input":"required name=search_term_string"}],"inLanguage":"pl-PL"},{"@type":"Organization","@id":"https:\/\/vapebulkp.com\/#organization","name":"vapebulkp.com","url":"https:\/\/vapebulkp.com\/","logo":{"@type":"ImageObject","inLanguage":"pl-PL","@id":"https:\/\/vapebulkp.com\/#\/schema\/logo\/image\/","url":"https:\/\/vapebulkp.com\/wp-content\/uploads\/2023\/09\/cropped-vapebulkp.png","contentUrl":"https:\/\/vapebulkp.com\/wp-content\/uploads\/2023\/09\/cropped-vapebulkp.png","width":516,"height":163,"caption":"vapebulkp.com"},"image":{"@id":"https:\/\/vapebulkp.com\/#\/schema\/logo\/image\/"}}]}},"uagb_featured_image_src":{"full":["https:\/\/vapebulkp.com\/wp-content\/uploads\/2024\/12\/Vookbar-30000-Puffs-Top-Sale-Vape.png",800,800,false],"thumbnail":["https:\/\/vapebulkp.com\/wp-content\/uploads\/2024\/12\/Vookbar-30000-Puffs-Top-Sale-Vape-150x150.png",150,150,true],"medium":["https:\/\/vapebulkp.com\/wp-content\/uploads\/2024\/12\/Vookbar-30000-Puffs-Top-Sale-Vape-300x300.png",300,300,true],"medium_large":["https:\/\/vapebulkp.com\/wp-content\/uploads\/2024\/12\/Vookbar-30000-Puffs-Top-Sale-Vape-768x768.png",768,768,true],"large":["https:\/\/vapebulkp.com\/wp-content\/uploads\/2024\/12\/Vookbar-30000-Puffs-Top-Sale-Vape.png",800,800,false],"1536x1536":["https:\/\/vapebulkp.com\/wp-content\/uploads\/2024\/12\/Vookbar-30000-Puffs-Top-Sale-Vape.png",800,800,false],"2048x2048":["https:\/\/vapebulkp.com\/wp-content\/uploads\/2024\/12\/Vookbar-30000-Puffs-Top-Sale-Vape.png",800,800,false],"trp-custom-language-flag":["https:\/\/vapebulkp.com\/wp-content\/uploads\/2024\/12\/Vookbar-30000-Puffs-Top-Sale-Vape.png",12,12,false],"woocommerce_thumbnail":["https:\/\/vapebulkp.com\/wp-content\/uploads\/2024\/12\/Vookbar-30000-Puffs-Top-Sale-Vape-300x300.png",300,300,true],"woocommerce_single":["https:\/\/vapebulkp.com\/wp-content\/uploads\/2024\/12\/Vookbar-30000-Puffs-Top-Sale-Vape-600x600.png",600,600,true],"woocommerce_gallery_thumbnail":["https:\/\/vapebulkp.com\/wp-content\/uploads\/2024\/12\/Vookbar-30000-Puffs-Top-Sale-Vape-100x100.png",100,100,true],"wcpr-photo-reviews":["https:\/\/vapebulkp.com\/wp-content\/uploads\/2024\/12\/Vookbar-30000-Puffs-Top-Sale-Vape.png",500,500,false]},"uagb_author_info":{"display_name":"Mandy vape bulk price","author_link":"https:\/\/vapebulkp.com\/pl\/author\/"},"uagb_comment_info":0,"uagb_excerpt":"Vookbar 30000 Puffs Touch Screen Disposable Vapes at wholesale prices. Long-lasting, high-quality, and innovative vaping solution. Bulk orders available. Pls Contact Mandy's WhatsApp For Discount Price+8618077105796 &nbsp; NOTE: Prices on our website does not include shipping costs &nbsp;","_links":{"self":[{"href":"https:\/\/vapebulkp.com\/pl\/wp-json\/wp\/v2\/product\/3268","targetHints":{"allow":["GET"]}}],"collection":[{"href":"https:\/\/vapebulkp.com\/pl\/wp-json\/wp\/v2\/product"}],"about":[{"href":"https:\/\/vapebulkp.com\/pl\/wp-json\/wp\/v2\/types\/product"}],"replies":[{"embeddable":true,"href":"https:\/\/vapebulkp.com\/pl\/wp-json\/wp\/v2\/comments?post=3268"}],"wp:featuredmedia":[{"embeddable":true,"href":"https:\/\/vapebulkp.com\/pl\/wp-json\/wp\/v2\/media\/3266"}],"wp:attachment":[{"href":"https:\/\/vapebulkp.com\/pl\/wp-json\/wp\/v2\/media?parent=3268"}],"wp:term":[{"taxonomy":"product_cat","embeddable":true,"href":"https:\/\/vapebulkp.com\/pl\/wp-json\/wp\/v2\/product_cat?post=3268"},{"taxonomy":"product_tag","embeddable":true,"href":"https:\/\/vapebulkp.com\/pl\/wp-json\/wp\/v2\/product_tag?post=3268"}],"curies":[{"name":"wp","href":"https:\/\/api.w.org\/{rel}","templated":true}]}}