{"id":3277,"date":"2024-12-24T08:52:32","date_gmt":"2024-12-24T07:52:32","guid":{"rendered":"https:\/\/vapebulkp.com\/?post_type=product&#038;p=3277"},"modified":"2025-09-17T10:32:16","modified_gmt":"2025-09-17T08:32:16","slug":"bang-box-35000-puffs-touch-switch-digital-screen-rechargeable-vape","status":"publish","type":"product","link":"https:\/\/vapebulkp.com\/pl\/product\/bang-box-35000-puffs-touch-switch-digital-screen-rechargeable-vape\/","title":{"rendered":"Bang Box 35000 Zaci\u0105gni\u0119\u0107 Dotykowy Ekran Cyfrowy Akumulator Vape"},"content":{"rendered":"<h2 style=\"text-align: left\">Bang Box 35000 Zaci\u0105gni\u0119\u0107 Dotykowy Ekran Cyfrowy Akumulator Vape<\/h2>\n<p>To <strong>Bang Box 35 000 Zaci\u0105gni\u0119\u0107 Dotykowy Ekran Cyfrowy Vape<\/strong> zosta\u0142 zaprojektowany z my\u015bl\u0105 o najwy\u017cszej wydajno\u015bci i wygodzie. Zaprojektowany do d\u0142ugotrwa\u0142ego u\u017cytkowania, oferuje niesamowit\u0105 liczb\u0119 <strong>35,000 zaci\u0105gni\u0119\u0107<\/strong> i du\u017c\u0105 pojemno\u015b\u0107 <strong>pojemno\u015bci\u0105 23 ml wst\u0119pnie nape\u0142nionego e-liquidu<\/strong>. Dzi\u0119ki <strong>0%, 2%, 3% i 5%<\/strong>, zaspokaja r\u00f3\u017cnorodne preferencje dotycz\u0105ce wapowania.<\/p>\n<p>Zasilany przez <strong>Bateria 950mAh z czystego kobaltu<\/strong> z <strong>Roz\u0142adowanie 5A<\/strong>, to urz\u0105dzenie zapewnia stabiln\u0105 i niezawodn\u0105 wydajno\u015b\u0107. Zaawansowany <strong>podw\u00f3jny drucik grzewczy z siatki (0,8 \u03a9)<\/strong> zapewnia wyj\u0105tkowy smak i produkcj\u0119 pary, dzia\u0142aj\u0105c w regulowanym zakresie od <strong>15W do 25W<\/strong>.<\/p>\n<p>Ulepszony o <strong>regulowanemu przep\u0142ywowi powietrza<\/strong>, pozwala u\u017cytkownikom dostosowa\u0107 swoje wra\u017cenia z wapowania dla optymalnej satysfakcji. Podw\u00f3jne <strong>cyfrowe ekrany<\/strong> i <strong>sterowanie dotykowe<\/strong> u\u0142atwiaj\u0105 prze\u0142\u0105czanie mi\u0119dzy ustawieniami, w tym <strong>tryby mocy<\/strong> i <strong>regulacja przep\u0142ywu powietrza<\/strong>.<\/p>\n<p>To <strong>Bang Box <a href=\"https:\/\/vapebulkp.com\/pl\/product-category\/35000-puffs-disposable-vape\/\">35000 zaci\u0105gni\u0119\u0107 jednorazowy e-papieros<\/a><\/strong>\u00a0to elegancki, przyjazny w podr\u00f3\u017cy vape, kt\u00f3ry \u0142\u0105czy w sobie najnowocze\u015bniejsz\u0105 technologi\u0119, wysok\u0105 pojemno\u015b\u0107 i konfigurowalne funkcje, dzi\u0119ki czemu idealnie nadaje si\u0119 zar\u00f3wno do spotka\u0144 towarzyskich, jak i codziennego wapowania.<\/p>\n<p><img decoding=\"async\" class=\"wp-image-3272\" src=\"http:\/\/vapebulkp.com\/wp-content\/uploads\/2024\/12\/Bang-Box-Vapes-35000-puff-Hot-Sale-Germany.png\" alt=\"Bang Box Vapes 35000 puff Gor\u0105ca wyprzeda\u017c Niemcy\" width=\"707\" height=\"398\" srcset=\"https:\/\/vapebulkp.com\/wp-content\/uploads\/2024\/12\/Bang-Box-Vapes-35000-puff-Hot-Sale-Germany.png 1240w, https:\/\/vapebulkp.com\/wp-content\/uploads\/2024\/12\/Bang-Box-Vapes-35000-puff-Hot-Sale-Germany-300x169.png 300w, https:\/\/vapebulkp.com\/wp-content\/uploads\/2024\/12\/Bang-Box-Vapes-35000-puff-Hot-Sale-Germany-1024x576.png 1024w, https:\/\/vapebulkp.com\/wp-content\/uploads\/2024\/12\/Bang-Box-Vapes-35000-puff-Hot-Sale-Germany-768x432.png 768w, https:\/\/vapebulkp.com\/wp-content\/uploads\/2024\/12\/Bang-Box-Vapes-35000-puff-Hot-Sale-Germany-600x338.png 600w\" sizes=\"(max-width: 707px) 100vw, 707px\" \/><\/p>\n<h6>Skontaktuj si\u0119 z WhatsApp Mandy, aby uzyska\u0107 cen\u0119 ze zni\u017ck\u0105<a href=\"https:\/\/wa.me\/8618077105796\">+8618077105796<\/a><\/h6>\n<p><img decoding=\"async\" class=\"alignnone wp-image-2151\" src=\"http:\/\/vapebulkp.com\/wp-content\/uploads\/2024\/04\/Mandy-WhatsApp-Randm.jpg\" alt=\"WhatsApp Mandy Randm\" width=\"324\" height=\"330\" \/><\/p>\n<div class=\"flex max-w-full flex-col flex-grow\">\n<div class=\"min-h-8 text-message flex w-full flex-col items-end gap-2 whitespace-normal break-words text-start [.text-message+&amp;]:mt-5\" dir=\"auto\" data-message-author-role=\"assistant\" data-message-id=\"d24cf626-c018-4805-80f5-44de047f2ba0\" data-message-model-slug=\"gpt-4o\">\n<div class=\"flex w-full flex-col gap-1 empty:hidden first:pt-[3px]\">\n<div class=\"markdown prose w-full break-words dark:prose-invert light\">\n<h2>Dlaczego warto wybra\u0107 Vape Pody Bang Box 35 000 Puff na Vapebulkp.com?<\/h2>\n<ul>\n<li><strong>Niezr\u00f3wnana pojemno\u015b\u0107<\/strong>: Do\u015bwiadcz ponad <strong>35,000 zaci\u0105gni\u0119\u0107<\/strong> z hojnym <strong>23ml wk\u0142adem z p\u0142ynem e-liquid<\/strong> i <strong>regulowanemu przep\u0142ywowi powietrza<\/strong>, zapewniaj\u0105c p\u0142ynn\u0105 i dostosowywaln\u0105 sesj\u0119 wapowania, dopasowan\u0105 do twoich preferencji.<\/li>\n<li><strong>Zaawansowana technologia<\/strong>: Wyposa\u017cony w <strong>Bateria 950mAh z czystego kobaltu<\/strong> wspieraj\u0105ca <strong>Roz\u0142adowanie 5A<\/strong>, po\u0142\u0105czony z <strong>podw\u00f3jnym rdzeniem siatkowym (0.8\u03a9)<\/strong> systemem grzewczym. Ta kombinacja zapewnia wyj\u0105tkowy smak i produkcj\u0119 pary z regulowanym zakresem mocy <strong>15W-25W<\/strong>.<\/li>\n<li><strong>Projekt przyjazny dla u\u017cytkownika<\/strong>: Kompaktowe, przeno\u015bne i stylowe, to urz\u0105dzenie posiada <strong>szybkie \u0142adowanie przez Type-C<\/strong> dla maksymalnej wygody, co sprawia, \u017ce jest idealne zar\u00f3wno do wapowania w podr\u00f3\u017cy, jak i na co dzie\u0144.<\/li>\n<li><strong>Korzy\u015bci z Vapebulkp.com<\/strong>: Ciesz si\u0119 autentycznymi produktami pochodz\u0105cymi bezpo\u015brednio od zaufanych producent\u00f3w, <strong>konkurencyjne ceny<\/strong>, oraz <strong>szybka wysy\u0142ka na terenie Europy<\/strong>, zapewniaj\u0105c p\u0142ynne do\u015bwiadczenie zakupowe.<\/li>\n<\/ul>\n<p>Bang Box 35k Puffs to doskona\u0142y wyb\u00f3r dla vaper\u00f3w poszukuj\u0105cych wysokiej pojemno\u015bci, zaawansowanej wydajno\u015bci i niezawodnej jako\u015bci \u2014 wszystko dost\u0119pne na <strong>Vapebulkp.com<\/strong>.<\/p>\n<\/div>\n<\/div>\n<\/div>\n<\/div>\n<h2>Specyfikacje Bang Vape 35k Puffs<\/h2>\n<ul>\n<li><strong>Liczba zaci\u0105gni\u0119\u0107<\/strong>: 35,000+<\/li>\n<li><strong>Pojemno\u015b\u0107 e-liquidu<\/strong>: 23ml wst\u0119pnie nape\u0142niony wk\u0142ad<\/li>\n<li><strong>Opcje nikotyny<\/strong>: 0%, 2%, 3%, 5% s\u00f3l nikotynowa<\/li>\n<li><strong>Bateria<\/strong>: 950mAh, mo\u017cliwo\u015b\u0107 \u0142adowania przez Type-C<\/li>\n<li><strong>Cewki grzewcze<\/strong>: Podw\u00f3jny rdze\u0144 z siatki z drutu grzewczego (0,8\u03a9)<\/li>\n<li><strong>Ekrany<\/strong>: Podw\u00f3jne ekrany cyfrowe z dotykowym sterowaniem<\/li>\n<li><strong>Przep\u0142yw powietrza<\/strong>: 3-trybowy regulowany przep\u0142yw powietrza<\/li>\n<li><strong>Tryby zasilania<\/strong>: 2-trybowe prze\u0142\u0105czanie zasilania<\/li>\n<li><strong>Dodatkowe funkcje<\/strong>: Regulowany przep\u0142yw powietrza, kompaktowa konstrukcja, przyjazny dla u\u017cytkownika interfejs<\/li>\n<\/ul>\n<h2><strong>Hurtowa lista smak\u00f3w Vape Bang Box 35000 Puffs<\/strong><\/h2>\n<p>1. TRUSKAWKA KIWI<br \/>\n2. BLUE RAZZ ICE<br \/>\n3. TRUSKAWKA ARBUZ<br \/>\n4. MARAKUJA<br \/>\n5. LEMON COLA SODA<br \/>\n6. ARBUZ ICE<br \/>\n7. GUMA ARBUZOWA<br \/>\n8. KIWI MARAKUJA GUJAWA<br \/>\n9. JAGODA ICE<br \/>\n10. ARBUZ WI\u015aNIA<br \/>\n11. RED BULL<br \/>\n12. MI\u0118TOWA GREJPFRUT<\/p>\n<p><a href=\"https:\/\/vapebulkp.com\/pl\/product\/uzy-triple-60000-puffs-smart-vape-wholesale-3-in-1-flavor\/\"><span style=\"vertical-align: inherit\">UZY Triple 60000 Paliw <\/span><\/a><\/p>\n<p><span style=\"vertical-align: inherit\">Znajd\u017a wi\u0119cej produkt\u00f3w, kt\u00f3re mog\u0105 Ci si\u0119 spodoba\u0107:<\/span><em><a href=\"https:\/\/wa.me\/8618077105796\"><span style=\"vertical-align: inherit\">\u00a0Kup teraz<\/span><\/a><\/em><\/p>\n<p><span style=\"vertical-align: inherit\">Inne Puffs, kt\u00f3re mog\u0105 Ci si\u0119 spodoba\u0107:<\/span><a href=\"https:\/\/vapebulkp.com\/pl\/product\/wholesale-price-bang-kingdoms-rex-32000-puffs-vape-pod\/\"><span style=\"vertical-align: inherit\">Bang Kingdoms 32000 Zaci\u0105gni\u0119\u0107<\/span><\/a><span style=\"vertical-align: inherit\">\u3001<\/span><a href=\"https:\/\/vapebulkp.com\/pl\/product\/buy-bang-de-80000-puffs-disposable-vape-cheap-price-for-bulk-order\/\"><span style=\"vertical-align: inherit\">Bang DE 80000 Zaci\u0105gni\u0119\u0107<\/span><\/a><span style=\"vertical-align: inherit\">\/ <\/span><a href=\"https:\/\/vapebulkp.com\/pl\/product\/vapsolo-best-quality-viking-12k-puffs-disposable-vapes\/\"><span style=\"vertical-align: inherit\">Vapsolo viking 12000 Zaci\u0105gni\u0119\u0107<\/span><\/a><span style=\"vertical-align: inherit\">\/ <\/span><a href=\"https:\/\/vapebulkp.com\/pl\/product\/waspe-vape-40000-puff-fihp-double-flavour-disposable-vape\/\"><span style=\"vertical-align: inherit\">WASPE 40000 Zaci\u0105gni\u0119\u0107<\/span><\/a><\/p>\n<h3>FAQ na temat Bang Box 35 000 Puffs D\u0142ugotrwa\u0142y Vape<\/h3>\n<p><strong>P: Jak d\u0142ugo mog\u0119 u\u017cywa\u0107 vape Bang Box 35 000 Puff?<\/strong><br \/>\n<strong>A:<\/strong> Z imponuj\u0105c\u0105 pojemno\u015bci\u0105 <strong>35,000 zaci\u0105gni\u0119\u0107<\/strong> i solidnym <strong>Bateria 950mAh z czystego kobaltu<\/strong>, to urz\u0105dzenie jest przeznaczone do d\u0142ugotrwa\u0142ego u\u017cytkowania, zapewniaj\u0105c niezawodne wra\u017cenia z vapingu.<\/p>\n<p><strong>P: Czy przep\u0142yw powietrza jest regulowany?<\/strong><br \/>\n<strong>A:<\/strong> Tak, Bang Box posiada <strong>regulowanemu przep\u0142ywowi powietrza<\/strong>, co pozwala u\u017cytkownikom na prze\u0142\u0105czanie si\u0119 mi\u0119dzy <strong>MTL (usta-p\u0142uca)<\/strong> i <strong>DTL (bezpo\u015brednio do p\u0142uc)<\/strong> style dla spersonalizowanej sesji waporyzacji.<\/p>\n<p><strong>P: Czym Bang Box 35k puffs r\u00f3\u017cni si\u0119 od innych e-papieros\u00f3w?<\/strong><br \/>\n<strong>A:<\/strong> Ten vape wyr\u00f3\u017cnia si\u0119 swoim <strong>podw\u00f3jnym siatkowym drutem grzewczym (0,8 \u03a9)<\/strong>, zapewniaj\u0105c g\u0142adk\u0105 par\u0119 w zakresie mocy <strong>15W do 25W<\/strong>. W po\u0142\u0105czeniu z eleganckim designem i najnowocze\u015bniejsz\u0105 technologi\u0105 oferuje zar\u00f3wno styl, jak i wydajno\u015b\u0107.<\/p>\n<p><strong>P: Gdzie mog\u0119 kupi\u0107 \u0142adowalny vape Bang Box 35 000 Puff?<\/strong><br \/>\n<strong>A:<\/strong> Mo\u017cesz go kupi\u0107 wy\u0142\u0105cznie w <strong>Vapebulkp.com<\/strong>, Twoim zaufanym \u017ar\u00f3dle autentycznych produkt\u00f3w do waporyzacji, konkurencyjnych cen i niezawodnej wysy\u0142ki w ca\u0142ej Europie.<\/p>\n<h2>Szczeg\u00f3\u0142y wysy\u0142ki:<\/h2>\n<p><span style=\"color: #ff6600\">Czas produkcji: 5-10 dni roboczych<\/span><br \/>\n<span style=\"color: #ff6600\">Czas wysy\u0142ki: 8-14 dni roboczych<\/span><\/p>\n<p>Wszystkie produkty w naszym sklepie s\u0105 w 100% oryginalne i autentyczne, dlatego polityk\u0105 naszego sklepu jest dziesi\u0119ciokrotne odszkodowanie za podrobione towary. Do dostarczania towar\u00f3w u\u017cywamy kana\u0142\u00f3w logistycznych, takich jak UPS\/DHL\/FEDEX\/DPD.<\/p>\n<p>W przypadku paczek wysy\u0142anych do Polski dostawa trwa zwykle 10 dni roboczych. Wysy\u0142ka do kraj\u00f3w europejskich trwa zwykle od 12 do 15 dni roboczych. B\u0119dziemy aktualizowa\u0107 dla Ciebie informacje logistyczne w czasie rzeczywistym.<\/p>","protected":false},"excerpt":{"rendered":"<p>Bang Box 35000 Zaci\u0105gni\u0119\u0107 Vape z dotykowym prze\u0142\u0105cznikiem, cyfrowym ekranem, akumulatorem, 2%\/5% nikotyny i d\u0142ugotrwa\u0142\u0105 wydajno\u015bci\u0105. Idealny do wapowania premium.<\/p>\n<p>Skontaktuj si\u0119 z WhatsApp Mandy, aby uzyska\u0107 cen\u0119 ze zni\u017ck\u0105<a href=\"https:\/\/wa.me\/8618077105796\">+8618077105796<\/a><\/p>\n<p><img decoding=\"async\" class=\"alignnone wp-image-2151\" src=\"http:\/\/vapebulkp.com\/wp-content\/uploads\/2024\/04\/Mandy-WhatsApp-Randm.jpg\" alt=\"WhatsApp Mandy Randm\" width=\"297\" height=\"316\" srcset=\"https:\/\/vapebulkp.com\/wp-content\/uploads\/2024\/04\/Mandy-WhatsApp-Randm.jpg 916w, https:\/\/vapebulkp.com\/wp-content\/uploads\/2024\/04\/Mandy-WhatsApp-Randm-282x300.jpg 282w, https:\/\/vapebulkp.com\/wp-content\/uploads\/2024\/04\/Mandy-WhatsApp-Randm-768x817.jpg 768w, https:\/\/vapebulkp.com\/wp-content\/uploads\/2024\/04\/Mandy-WhatsApp-Randm-600x638.jpg 600w\" sizes=\"(max-width: 297px) 100vw, 297px\" \/><\/p>\n<p><span style=\"color: #ff0000\">UWAGA: Ceny na naszej stronie internetowej nie zawieraj\u0105 koszt\u00f3w wysy\u0142ki<\/span><\/p>\n<p>&nbsp;<\/p>","protected":false},"featured_media":3270,"comment_status":"open","ping_status":"closed","template":"","meta":{"_uag_custom_page_level_css":"","_lmt_disableupdate":"no","_lmt_disable":"","site-sidebar-layout":"default","site-content-layout":"content-boxed-container","ast-site-content-layout":"normal-width-container","site-content-style":"boxed","site-sidebar-style":"unboxed","ast-global-header-display":"","ast-banner-title-visibility":"","ast-main-header-display":"","ast-hfb-above-header-display":"","ast-hfb-below-header-display":"","ast-hfb-mobile-header-display":"","site-post-title":"","ast-breadcrumbs-content":"","ast-featured-img":"","footer-sml-layout":"","theme-transparent-header-meta":"default","adv-header-id-meta":"","stick-header-meta":"","header-above-stick-meta":"","header-main-stick-meta":"","header-below-stick-meta":"","astra-migrate-meta-layouts":"set","_joinchat":[]},"product_cat":[190,153,345,155,33,59,100,87,34,158,157,154,152,58,84,156],"product_tag":[191,36,37,41,40],"class_list":["post-3277","product","type-product","status-publish","has-post-thumbnail","hentry","product_cat-35000-puffs-disposable-vape","product_cat-hot-disposable-vapes","product_cat-bang-vapes","product_cat-belgium-hot-disposable-vapes","product_cat-france-vape-hot-sale","product_cat-germany-hot-disposable-vape","product_cat-germany-wholesale-vape-shop","product_cat-minimum-order-quantity-50pcs","product_cat-netherlands-vape-good-sale","product_cat-norway-hot-disposable-vapes","product_cat-poland-hot-disposable-vapes","product_cat-portugal-hot-disposable-vapes","product_cat-spain-hot-disposable-vapes","product_cat-sweden-hot-disposable-vape","product_cat-sweden-wholesale-vape","product_cat-switzerland-hot-disposable-vapes","product_tag-35000-puffs","product_tag-good-vape","product_tag-hot-sale-disposable-vape","product_tag-poland-hot-vape","product_tag-sweden-hot-vape","pa_brand-bang-vape","desktop-align-left","tablet-align-left","mobile-align-left"],"yoast_head":"<!-- This site is optimized with the Yoast SEO plugin v21.1 - https:\/\/yoast.com\/wordpress\/plugins\/seo\/ -->\n<title>Bang Box 35000 Puffs Touch Switch Digital Screen Rechargeable Vape - vapebulkp.com<\/title>\n<meta name=\"description\" content=\"Wholesale price Bang Box 35000 Puffs Rechargeable Vape with touch switch, digital screen, and long-lasting performance. Perfect for premium vaping needs!\" \/>\n<meta name=\"robots\" content=\"index, follow, max-snippet:-1, max-image-preview:large, max-video-preview:-1\" \/>\n<link rel=\"canonical\" href=\"https:\/\/vapebulkp.com\/pl\/product\/bang-box-35000-puffs-touch-switch-digital-screen-rechargeable-vape\/\" \/>\n<meta property=\"og:locale\" content=\"pl_PL\" \/>\n<meta property=\"og:type\" content=\"article\" \/>\n<meta property=\"og:title\" content=\"Bang Box 35000 Puffs Touch Switch Digital Screen Rechargeable Vape - vapebulkp.com\" \/>\n<meta property=\"og:description\" content=\"Wholesale price Bang Box 35000 Puffs Rechargeable Vape with touch switch, digital screen, and long-lasting performance. Perfect for premium vaping needs!\" \/>\n<meta property=\"og:url\" content=\"https:\/\/vapebulkp.com\/pl\/product\/bang-box-35000-puffs-touch-switch-digital-screen-rechargeable-vape\/\" \/>\n<meta property=\"og:site_name\" content=\"vapebulkp.com\" \/>\n<meta property=\"article:modified_time\" content=\"2025-09-17T08:32:16+00:00\" \/>\n<meta property=\"og:image\" content=\"http:\/\/vapebulkp.com\/wp-content\/uploads\/2024\/12\/Bang-Box-35000-puff-Rechargeable-Vapes-Cheap-Price.png\" \/>\n\t<meta property=\"og:image:width\" content=\"800\" \/>\n\t<meta property=\"og:image:height\" content=\"800\" \/>\n\t<meta property=\"og:image:type\" content=\"image\/png\" \/>\n<meta name=\"twitter:card\" content=\"summary_large_image\" \/>\n<meta name=\"twitter:label1\" content=\"Szacowany czas czytania\" \/>\n\t<meta name=\"twitter:data1\" content=\"4 minuty\" \/>\n<script type=\"application\/ld+json\" class=\"yoast-schema-graph\">{\"@context\":\"https:\/\/schema.org\",\"@graph\":[{\"@type\":\"WebPage\",\"@id\":\"https:\/\/vapebulkp.com\/product\/bang-box-35000-puffs-touch-switch-digital-screen-rechargeable-vape\/\",\"url\":\"https:\/\/vapebulkp.com\/product\/bang-box-35000-puffs-touch-switch-digital-screen-rechargeable-vape\/\",\"name\":\"Bang Box 35000 Puffs Touch Switch Digital Screen Rechargeable Vape - vapebulkp.com\",\"isPartOf\":{\"@id\":\"https:\/\/vapebulkp.com\/#website\"},\"datePublished\":\"2024-12-24T07:52:32+00:00\",\"dateModified\":\"2025-09-17T08:32:16+00:00\",\"description\":\"Wholesale price Bang Box 35000 Puffs Rechargeable Vape with touch switch, digital screen, and long-lasting performance. Perfect for premium vaping needs!\",\"breadcrumb\":{\"@id\":\"https:\/\/vapebulkp.com\/product\/bang-box-35000-puffs-touch-switch-digital-screen-rechargeable-vape\/#breadcrumb\"},\"inLanguage\":\"pl-PL\",\"potentialAction\":[{\"@type\":\"ReadAction\",\"target\":[\"https:\/\/vapebulkp.com\/product\/bang-box-35000-puffs-touch-switch-digital-screen-rechargeable-vape\/\"]}]},{\"@type\":\"BreadcrumbList\",\"@id\":\"https:\/\/vapebulkp.com\/product\/bang-box-35000-puffs-touch-switch-digital-screen-rechargeable-vape\/#breadcrumb\",\"itemListElement\":[{\"@type\":\"ListItem\",\"position\":1,\"name\":\"Home\",\"item\":\"https:\/\/vapebulkp.com\/\"},{\"@type\":\"ListItem\",\"position\":2,\"name\":\"Hot Trend Vapes\",\"item\":\"https:\/\/vapebulkp.com\/vape-shop\/\"},{\"@type\":\"ListItem\",\"position\":3,\"name\":\"Bang Box 35000 Puffs Touch Switch Digital Screen Rechargeable Vape\"}]},{\"@type\":\"WebSite\",\"@id\":\"https:\/\/vapebulkp.com\/#website\",\"url\":\"https:\/\/vapebulkp.com\/\",\"name\":\"vapebulkp.com\",\"description\":\"Buy Vape In Cheap Bulk Price Near you\",\"publisher\":{\"@id\":\"https:\/\/vapebulkp.com\/#organization\"},\"potentialAction\":[{\"@type\":\"SearchAction\",\"target\":{\"@type\":\"EntryPoint\",\"urlTemplate\":\"https:\/\/vapebulkp.com\/?s={search_term_string}\"},\"query-input\":\"required name=search_term_string\"}],\"inLanguage\":\"pl-PL\"},{\"@type\":\"Organization\",\"@id\":\"https:\/\/vapebulkp.com\/#organization\",\"name\":\"vapebulkp.com\",\"url\":\"https:\/\/vapebulkp.com\/\",\"logo\":{\"@type\":\"ImageObject\",\"inLanguage\":\"pl-PL\",\"@id\":\"https:\/\/vapebulkp.com\/#\/schema\/logo\/image\/\",\"url\":\"https:\/\/vapebulkp.com\/wp-content\/uploads\/2023\/09\/cropped-vapebulkp.png\",\"contentUrl\":\"https:\/\/vapebulkp.com\/wp-content\/uploads\/2023\/09\/cropped-vapebulkp.png\",\"width\":516,\"height\":163,\"caption\":\"vapebulkp.com\"},\"image\":{\"@id\":\"https:\/\/vapebulkp.com\/#\/schema\/logo\/image\/\"}}]}<\/script>\n<!-- \/ Yoast SEO plugin. -->","yoast_head_json":{"title":"Bang Box 35000 Puffs Touch Switch Digital Screen Rechargeable Vape - vapebulkp.com","description":"Wholesale price Bang Box 35000 Puffs Rechargeable Vape with touch switch, digital screen, and long-lasting performance. Perfect for premium vaping needs!","robots":{"index":"index","follow":"follow","max-snippet":"max-snippet:-1","max-image-preview":"max-image-preview:large","max-video-preview":"max-video-preview:-1"},"canonical":"https:\/\/vapebulkp.com\/pl\/product\/bang-box-35000-puffs-touch-switch-digital-screen-rechargeable-vape\/","og_locale":"pl_PL","og_type":"article","og_title":"Bang Box 35000 Puffs Touch Switch Digital Screen Rechargeable Vape - vapebulkp.com","og_description":"Wholesale price Bang Box 35000 Puffs Rechargeable Vape with touch switch, digital screen, and long-lasting performance. Perfect for premium vaping needs!","og_url":"https:\/\/vapebulkp.com\/pl\/product\/bang-box-35000-puffs-touch-switch-digital-screen-rechargeable-vape\/","og_site_name":"vapebulkp.com","article_modified_time":"2025-09-17T08:32:16+00:00","og_image":[{"width":800,"height":800,"url":"http:\/\/vapebulkp.com\/wp-content\/uploads\/2024\/12\/Bang-Box-35000-puff-Rechargeable-Vapes-Cheap-Price.png","type":"image\/png"}],"twitter_card":"summary_large_image","twitter_misc":{"Szacowany czas czytania":"4 minuty"},"schema":{"@context":"https:\/\/schema.org","@graph":[{"@type":"WebPage","@id":"https:\/\/vapebulkp.com\/product\/bang-box-35000-puffs-touch-switch-digital-screen-rechargeable-vape\/","url":"https:\/\/vapebulkp.com\/product\/bang-box-35000-puffs-touch-switch-digital-screen-rechargeable-vape\/","name":"Bang Box 35000 Puffs Touch Switch Digital Screen Rechargeable Vape - vapebulkp.com","isPartOf":{"@id":"https:\/\/vapebulkp.com\/#website"},"datePublished":"2024-12-24T07:52:32+00:00","dateModified":"2025-09-17T08:32:16+00:00","description":"Wholesale price Bang Box 35000 Puffs Rechargeable Vape with touch switch, digital screen, and long-lasting performance. Perfect for premium vaping needs!","breadcrumb":{"@id":"https:\/\/vapebulkp.com\/product\/bang-box-35000-puffs-touch-switch-digital-screen-rechargeable-vape\/#breadcrumb"},"inLanguage":"pl-PL","potentialAction":[{"@type":"ReadAction","target":["https:\/\/vapebulkp.com\/product\/bang-box-35000-puffs-touch-switch-digital-screen-rechargeable-vape\/"]}]},{"@type":"BreadcrumbList","@id":"https:\/\/vapebulkp.com\/product\/bang-box-35000-puffs-touch-switch-digital-screen-rechargeable-vape\/#breadcrumb","itemListElement":[{"@type":"ListItem","position":1,"name":"Home","item":"https:\/\/vapebulkp.com\/"},{"@type":"ListItem","position":2,"name":"Hot Trend Vapes","item":"https:\/\/vapebulkp.com\/vape-shop\/"},{"@type":"ListItem","position":3,"name":"Bang Box 35000 Puffs Touch Switch Digital Screen Rechargeable Vape"}]},{"@type":"WebSite","@id":"https:\/\/vapebulkp.com\/#website","url":"https:\/\/vapebulkp.com\/","name":"vapebulkp.com","description":"Buy Vape In Cheap Bulk Price Near you","publisher":{"@id":"https:\/\/vapebulkp.com\/#organization"},"potentialAction":[{"@type":"SearchAction","target":{"@type":"EntryPoint","urlTemplate":"https:\/\/vapebulkp.com\/?s={search_term_string}"},"query-input":"required name=search_term_string"}],"inLanguage":"pl-PL"},{"@type":"Organization","@id":"https:\/\/vapebulkp.com\/#organization","name":"vapebulkp.com","url":"https:\/\/vapebulkp.com\/","logo":{"@type":"ImageObject","inLanguage":"pl-PL","@id":"https:\/\/vapebulkp.com\/#\/schema\/logo\/image\/","url":"https:\/\/vapebulkp.com\/wp-content\/uploads\/2023\/09\/cropped-vapebulkp.png","contentUrl":"https:\/\/vapebulkp.com\/wp-content\/uploads\/2023\/09\/cropped-vapebulkp.png","width":516,"height":163,"caption":"vapebulkp.com"},"image":{"@id":"https:\/\/vapebulkp.com\/#\/schema\/logo\/image\/"}}]}},"uagb_featured_image_src":{"full":["https:\/\/vapebulkp.com\/wp-content\/uploads\/2024\/12\/Bang-Box-35000-puff-Rechargeable-Vapes-Cheap-Price.png",800,800,false],"thumbnail":["https:\/\/vapebulkp.com\/wp-content\/uploads\/2024\/12\/Bang-Box-35000-puff-Rechargeable-Vapes-Cheap-Price-150x150.png",150,150,true],"medium":["https:\/\/vapebulkp.com\/wp-content\/uploads\/2024\/12\/Bang-Box-35000-puff-Rechargeable-Vapes-Cheap-Price-300x300.png",300,300,true],"medium_large":["https:\/\/vapebulkp.com\/wp-content\/uploads\/2024\/12\/Bang-Box-35000-puff-Rechargeable-Vapes-Cheap-Price-768x768.png",768,768,true],"large":["https:\/\/vapebulkp.com\/wp-content\/uploads\/2024\/12\/Bang-Box-35000-puff-Rechargeable-Vapes-Cheap-Price.png",800,800,false],"1536x1536":["https:\/\/vapebulkp.com\/wp-content\/uploads\/2024\/12\/Bang-Box-35000-puff-Rechargeable-Vapes-Cheap-Price.png",800,800,false],"2048x2048":["https:\/\/vapebulkp.com\/wp-content\/uploads\/2024\/12\/Bang-Box-35000-puff-Rechargeable-Vapes-Cheap-Price.png",800,800,false],"trp-custom-language-flag":["https:\/\/vapebulkp.com\/wp-content\/uploads\/2024\/12\/Bang-Box-35000-puff-Rechargeable-Vapes-Cheap-Price.png",12,12,false],"woocommerce_thumbnail":["https:\/\/vapebulkp.com\/wp-content\/uploads\/2024\/12\/Bang-Box-35000-puff-Rechargeable-Vapes-Cheap-Price-300x300.png",300,300,true],"woocommerce_single":["https:\/\/vapebulkp.com\/wp-content\/uploads\/2024\/12\/Bang-Box-35000-puff-Rechargeable-Vapes-Cheap-Price-600x600.png",600,600,true],"woocommerce_gallery_thumbnail":["https:\/\/vapebulkp.com\/wp-content\/uploads\/2024\/12\/Bang-Box-35000-puff-Rechargeable-Vapes-Cheap-Price-100x100.png",100,100,true],"wcpr-photo-reviews":["https:\/\/vapebulkp.com\/wp-content\/uploads\/2024\/12\/Bang-Box-35000-puff-Rechargeable-Vapes-Cheap-Price.png",500,500,false]},"uagb_author_info":{"display_name":"Mandy vape bulk price","author_link":"https:\/\/vapebulkp.com\/pl\/author\/"},"uagb_comment_info":0,"uagb_excerpt":"Bang Box 35000 Puffs Vape with touch switch, digital screen, rechargeable design, 2%\/5% nicotine, and long-lasting performance. Perfect for premium vaping. Pls Contact Mandy's WhatsApp For Discount Price+8618077105796 NOTE: Prices on our website does not include shipping costs &nbsp;","_links":{"self":[{"href":"https:\/\/vapebulkp.com\/pl\/wp-json\/wp\/v2\/product\/3277","targetHints":{"allow":["GET"]}}],"collection":[{"href":"https:\/\/vapebulkp.com\/pl\/wp-json\/wp\/v2\/product"}],"about":[{"href":"https:\/\/vapebulkp.com\/pl\/wp-json\/wp\/v2\/types\/product"}],"replies":[{"embeddable":true,"href":"https:\/\/vapebulkp.com\/pl\/wp-json\/wp\/v2\/comments?post=3277"}],"wp:featuredmedia":[{"embeddable":true,"href":"https:\/\/vapebulkp.com\/pl\/wp-json\/wp\/v2\/media\/3270"}],"wp:attachment":[{"href":"https:\/\/vapebulkp.com\/pl\/wp-json\/wp\/v2\/media?parent=3277"}],"wp:term":[{"taxonomy":"product_cat","embeddable":true,"href":"https:\/\/vapebulkp.com\/pl\/wp-json\/wp\/v2\/product_cat?post=3277"},{"taxonomy":"product_tag","embeddable":true,"href":"https:\/\/vapebulkp.com\/pl\/wp-json\/wp\/v2\/product_tag?post=3277"}],"curies":[{"name":"wp","href":"https:\/\/api.w.org\/{rel}","templated":true}]}}