{"id":3278,"date":"2024-12-24T10:37:50","date_gmt":"2024-12-24T09:37:50","guid":{"rendered":"https:\/\/vapebulkp.com\/?post_type=product&#038;p=3278"},"modified":"2025-09-16T11:29:12","modified_gmt":"2025-09-16T09:29:12","slug":"bood-infinity-30000-puff-hot-sale-vape-discount-price","status":"publish","type":"product","link":"https:\/\/vapebulkp.com\/pl\/product\/bood-infinity-30000-puff-hot-sale-vape-discount-price\/","title":{"rendered":"BOOD INFINITY 30000 ZACI\u0104GNI\u0118\u0106 Gor\u0105ca Wyprzeda\u017c Vape Cena Promocyjna"},"content":{"rendered":"<h2 style=\"text-align: left\">BOOD INFINITY 30000 ZACI\u0104GNI\u0118\u0106 Gor\u0105ca Wyprzeda\u017c Vape Cena Promocyjna<\/h2>\n<p>Wkrocz w przysz\u0142o\u015b\u0107 wapowania z waporyzatorem BOOD INFINITY 30000 PUFF, urz\u0105dzeniem, kt\u00f3re \u0142\u0105czy w sobie najnowocze\u015bniejsz\u0105 technologi\u0119 z niezr\u00f3wnan\u0105 wydajno\u015bci\u0105. Zaprojektowany dla vaper\u00f3w, kt\u00f3rzy ceni\u0105 sobie wygod\u0119 i sta\u0142o\u015b\u0107, ten vape zapewnia zdumiewaj\u0105c\u0105 <strong>30 000 zaci\u0105gni\u0119\u0107<\/strong>, co gwarantuje d\u0142ugowieczno\u015b\u0107, kt\u00f3ra zaspokaja potrzeby codziennego i d\u0142ugotrwa\u0142ego u\u017cytkowania.<\/p>\n<p>Wyposa\u017cony w innowacyjny <strong>E-liquid<\/strong>, u\u017cytkownicy mog\u0105 \u0142atwo monitorowa\u0107 \u017cywotno\u015b\u0107 baterii i poziomy e-liquidu, eliminuj\u0105c zgadywanie. Technologia <strong>Podw\u00f3jna Grza\u0142ka Siatkowa<\/strong> gwarantuje bogat\u0105, g\u0142adk\u0105 par\u0119 przy ka\u017cdym zaci\u0105gni\u0119ciu, a <strong>regulowanemu przep\u0142ywowi powietrza<\/strong> pozwala dostosowa\u0107 wra\u017cenia z vapingu do w\u0142asnych preferencji. Zasilany przez <strong>akumulatorem 650 mAh z mo\u017cliwo\u015bci\u0105 \u0142adowania<\/strong>, BOOD INFINITY jest zar\u00f3wno ekologiczny, jak i niezawodny.<\/p>\n<p>Dost\u0119pne na Vapebulkp.com, to wysokowydajne urz\u0105dzenie \u0142\u0105czy styl, funkcjonalno\u015b\u0107 i przyst\u0119pn\u0105 cen\u0119. Niezale\u017cnie od tego, czy jeste\u015b pocz\u0105tkuj\u0105cym, czy do\u015bwiadczonym entuzjast\u0105, <strong>BOOD INFINITY\u00a0 <a href=\"https:\/\/vapebulkp.com\/pl\/product-category\/30000-puff-disposable-vape\/\">30000 Zaci\u0105gni\u0119\u0107 Jednorazowy Vape<\/a><\/strong>\u00a0to najlepsze rozwi\u0105zanie dla tych, kt\u00f3rzy szukaj\u0105 bezproblemowego, wysokiej jako\u015bci vapingu. Skorzystaj z <strong>Gor\u0105cej wyprzeda\u017cy vape w obni\u017conej cenie<\/strong> i podnie\u015b poziom swojego vapingu ju\u017c dzi\u015b!<\/p>\n<h6>Skontaktuj si\u0119 z WhatsApp Mandy, aby uzyska\u0107 cen\u0119 ze zni\u017ck\u0105<a href=\"https:\/\/wa.me\/8618077105796\">+8618077105796<\/a><\/h6>\n<p><img decoding=\"async\" class=\"alignnone wp-image-2151\" src=\"http:\/\/vapebulkp.com\/wp-content\/uploads\/2024\/04\/Mandy-WhatsApp-Randm.jpg\" alt=\"WhatsApp Mandy Randm\" width=\"324\" height=\"330\" \/><\/p>\n<div class=\"flex max-w-full flex-col flex-grow\">\n<div class=\"min-h-8 text-message flex w-full flex-col items-end gap-2 whitespace-normal break-words text-start [.text-message+&amp;]:mt-5\" dir=\"auto\" data-message-author-role=\"assistant\" data-message-id=\"d24cf626-c018-4805-80f5-44de047f2ba0\" data-message-model-slug=\"gpt-4o\">\n<div class=\"flex w-full flex-col gap-1 empty:hidden first:pt-[3px]\">\n<div class=\"markdown prose w-full break-words dark:prose-invert light\">\n<h2><strong>Dlaczego warto wybra\u0107 High Puff Vape BOOD INFINITY 30,000 Puffs na Vapebulkp.com?<\/strong><\/h2>\n<ol>\n<li><strong>Niezr\u00f3wnana trwa\u0142o\u015b\u0107<\/strong>: Dzi\u0119ki 30 000 zaci\u0105gni\u0119\u0107, 30000 Puffs BOOD INFINITY oferuje wyd\u0142u\u017cony czas u\u017cytkowania, idealny dla entuzjast\u00f3w codziennego vapingu i tych, kt\u00f3rzy preferuj\u0105 mniej wymian.<\/li>\n<li><strong>Innowacyjne Funkcje<\/strong>: Zawiera <strong>E-liquid<\/strong>, <strong>Podw\u00f3jna Grza\u0142ka Siatkowa<\/strong> dla g\u0142adkiej pary, <strong>regulowanemu przep\u0142ywowi powietrza<\/strong> dla spersonalizowanych wra\u017ce\u0144 oraz <strong>akumulatorem 650 mAh z mo\u017cliwo\u015bci\u0105 \u0142adowania<\/strong>, zapewniaj\u0105c wygod\u0119 i jako\u015b\u0107.<\/li>\n<li><strong>Niezawodna i Godna Zaufania Platforma<\/strong>: Vapebulkp.com oferuje konkurencyjne ceny, szybk\u0105 wysy\u0142k\u0119 na terenie ca\u0142ej Europy oraz doskona\u0142\u0105 obs\u0142ug\u0119 klienta, co czyni j\u0105 idealnym \u017ar\u00f3d\u0142em produkt\u00f3w do vapingu.<\/li>\n<\/ol>\n<h3>Inne bestsellery na Vapebulkp.com:<\/h3>\n<ol>\n<li><strong>Bang King 36 000 Zaci\u0105gni\u0119\u0107<\/strong>: Opcja z wy\u017cszej p\u00f3\u0142ki z ekranem LCD z rozpoznawaniem linii papilarnych, pojemno\u015bci\u0105 36ml e-liquidu i \u0142adowaniem przez Type-C.<\/li>\n<li><strong>Vapme Shisha Pro Max 20 000 Zaci\u0105gni\u0119\u0107<\/strong>: Stylowy design, pojemno\u015b\u0107 28ml e-liquidu, grza\u0142ka siatkowa 0,6\u03a9 i do\u015bwiadczenie vapingu DTL (direct-to-lung).<\/li>\n<li><strong>Randm Tornado 30 000 Zaci\u0105gni\u0119\u0107<\/strong>: Wyposa\u017cony w \u015bwiat\u0142a LED i opcj\u0119 synchronizacji z muzyk\u0105, idealny dla u\u017cytkownik\u00f3w szukaj\u0105cych zabawy i innowacji.<\/li>\n<li><strong>Waspe AIVIOU 25 000 Zaci\u0105gni\u0119\u0107<\/strong>: Przyjazny dla \u015brodowiska i wyposa\u017cony w technologi\u0119 podw\u00f3jnej grza\u0142ki siatkowej dla doskona\u0142ego smaku.<\/li>\n<li><strong>ELFWORLD Plus 20 000 Zaci\u0105gni\u0119\u0107<\/strong>: Lekka, przeno\u015bna konstrukcja z naciskiem na p\u0142ynne vaping i unikalne smaki.<\/li>\n<\/ol>\n<p>Na Vapebulkp.com znajdziesz r\u00f3\u017cnorodny wyb\u00f3r najwy\u017cszej jako\u015bci jednorazowych e-papieros\u00f3w, dostosowanych do potrzeb klient\u00f3w z Polski.<\/p>\n<\/div>\n<\/div>\n<\/div>\n<\/div>\n<h3><strong>Specyfikacja jednorazowych e-papieros\u00f3w BOOD INFINITY 30 000 Zaci\u0105gni\u0119\u0107:<\/strong><\/h3>\n<ul>\n<li><strong>30 000 Zaci\u0105gni\u0119\u0107<\/strong>: D\u0142ugotrwa\u0142e, do 30 000 zaci\u0105gni\u0119\u0107.<\/li>\n<li><strong>E-liquid<\/strong>: Wy\u015bwietla poziom e-liquidu i stan baterii.<\/li>\n<li><strong>Podw\u00f3jna Grza\u0142ka Siatkowa<\/strong>: Zapewnia g\u0142adsz\u0105 i g\u0119stsz\u0105 par\u0119.<\/li>\n<li><strong>Mo\u017cliwo\u015b\u0107 \u0142adowania<\/strong>: Wyposa\u017cony w akumulator.<\/li>\n<li><strong>Regulacja przep\u0142ywu powietrza<\/strong>: Dostosuj przep\u0142yw powietrza do preferowanego zaci\u0105gni\u0119cia.<\/li>\n<li><strong>Bateria 650mAh<\/strong>: Niezawodna pojemno\u015b\u0107 baterii do d\u0142ugotrwa\u0142ego u\u017cytkowania.<\/li>\n<\/ul>\n<p>&nbsp;<\/p>\n<h3><strong>Hurtowa cena Vape BOOD INFINITY 30000 puff Lista smak\u00f3w<\/strong><\/h3>\n<p>1 TRUSKAWKA ARBUZ<br \/>\n2 BRZOSKWINIOWE MANGO ANANAS<br \/>\n3 LUSH ICE<br \/>\n4 J\u0118\u017bYNOWA EKSPLOZJA<br \/>\n5 TRUSKAWKA KIWI<br \/>\n6 HAWAJE<br \/>\n7 NIEBIESKA MALINA L\u00d3D<br \/>\n8 JAGODOWA LEMONIADA<br \/>\n9 CZARNY L\u00d3D<br \/>\n10 TIFFANY<\/p>\n<p><a href=\"https:\/\/vapebulkp.com\/pl\/product\/aivono-curved-smart-screen-35000-puffs-disposable-vape-wholesale-price\/\"><span style=\"vertical-align: inherit\">Aivono 35000 Zaci\u0105gni\u0119\u0107 <\/span><\/a><\/p>\n<p><span style=\"vertical-align: inherit\">Znajd\u017a wi\u0119cej produkt\u00f3w, kt\u00f3re mog\u0105 Ci si\u0119 spodoba\u0107:<\/span><em><a href=\"https:\/\/wa.me\/8618077105796\"><span style=\"vertical-align: inherit\">\u00a0Kup teraz<\/span><\/a><\/em><\/p>\n<p><span style=\"vertical-align: inherit\">Inne Puffs, kt\u00f3re mog\u0105 Ci si\u0119 spodoba\u0107:<\/span><a href=\"https:\/\/vapebulkp.com\/pl\/product\/wholesale-price-bang-kingdoms-rex-32000-puffs-vape-pod\/\"><span style=\"vertical-align: inherit\">Bang Kingdoms 32000 Zaci\u0105gni\u0119\u0107<\/span><\/a><span style=\"vertical-align: inherit\">\u3001<\/span><a href=\"https:\/\/vapebulkp.com\/pl\/product\/vookbar-30000-puffs-touch-screen-disposable-vapes-wholesale-price\/\"><span style=\"vertical-align: inherit\">Vookbar 30000 Zaci\u0105gni\u0119\u0107<\/span><\/a><span style=\"vertical-align: inherit\">\/ <\/span><a href=\"https:\/\/vapebulkp.com\/pl\/product\/vapsolo-best-quality-viking-12k-puffs-disposable-vapes\/\"><span style=\"vertical-align: inherit\">Vapsolo viking 12000 Zaci\u0105gni\u0119\u0107<\/span><\/a><span style=\"vertical-align: inherit\">\/ <\/span><a href=\"https:\/\/vapebulkp.com\/pl\/product\/waspe-vape-40000-puff-fihp-double-flavour-disposable-vape\/\"><span style=\"vertical-align: inherit\">WASPE 40000 Zaci\u0105gni\u0119\u0107<\/span><\/a><\/p>\n<p><span style=\"vertical-align: inherit\">E-papieros o specjalnym kszta\u0142cie butelki:<\/span><a href=\"https:\/\/vapebulkp.com\/pl\/product\/vapsolo-feed-bar-shisha-vape-15000-puffs-wholesale-price\/\"><span style=\"vertical-align: inherit\"> Vapsolo shisha 15000 Zaci\u0105gni\u0119\u0107<\/span><\/a><span style=\"vertical-align: inherit\">\/ <\/span><a href=\"https:\/\/vapebulkp.com\/pl\/fi\/product\/best-price-wga-crystal-pro-max-15k-puffs-original-vape\/\"><span style=\"vertical-align: inherit\">\u00a0WGA Crystal pro max 15k Zaci\u0105gni\u0119\u0107 <\/span><\/a><span style=\"vertical-align: inherit\">\/<\/span><a href=\"https:\/\/vapebulkp.com\/pl\/product\/bang-box-35000-puffs-touch-switch-digital-screen-rechargeable-vape\/\"><span style=\"vertical-align: inherit\"> Bang Box 35000 Zaci\u0105gni\u0119\u0107<\/span><\/a><\/p>\n<h4>Najcz\u0119\u015bciej zadawane pytania na temat kapsu\u0142ek BOOD INFINITY 30000 Puffs Vape<\/h4>\n<p><strong>1. Co sprawia, \u017ce BOOD INFIITY 30 000 Puffs jest wyj\u0105tkowy?<\/strong><br \/>\nBOOD INFINITY ma ogromn\u0105 pojemno\u015b\u0107 30 000 zaci\u0105gni\u0119\u0107, wy\u015bwietlacz <strong>E-liquid<\/strong> do monitorowania u\u017cycia i baterii, <strong>Podw\u00f3jna Grza\u0142ka Siatkowa<\/strong> dla lepszej jako\u015bci pary, regulowany przep\u0142yw powietrza i akumulator <strong>Bateria 650mAh<\/strong> zapewniaj\u0105cy d\u0142ugotrwa\u0142\u0105 wydajno\u015b\u0107.<\/p>\n<p><strong>2. Jak na\u0142adowa\u0107 BOOD INFINITY 30K VAPES?<\/strong><br \/>\nWystarczy pod\u0142\u0105czy\u0107 urz\u0105dzenie do \u0142adowarki USB za pomoc\u0105 odpowiedniego kabla. Zosta\u0142 zaprojektowany z mo\u017cliwo\u015bci\u0105 wielokrotnego \u0142adowania, aby zapewni\u0107 maksymalne wykorzystanie urz\u0105dzenia.<\/p>\n<p><strong>3. Czy mog\u0119 dostosowa\u0107 moje wra\u017cenia z wapowania z bood vape 30000 zaci\u0105gni\u0119\u0107?<\/strong><br \/>\nTak! Regulowany przep\u0142yw powietrza <strong>regulowanemu przep\u0142ywowi powietrza<\/strong> pozwala dostosowa\u0107 zaci\u0105gni\u0119cie do w\u0142asnych preferencji, niezale\u017cnie od tego, czy wolisz ciasny, czy przewiewny wdech.<\/p>\n<p><strong>4. Jaki typ cewki posiada bood vape 30k puffs <\/strong><strong>?<\/strong><br \/>\nBOOD INFINITY VAPES 30000 PUFFS wykorzystuje technologi\u0119 <strong>podw\u00f3jnej cewki siatkowej<\/strong>, zapewniaj\u0105c \u0142agodniejsze uderzenia i bardziej sp\u00f3jn\u0105 produkcj\u0119 smaku.<\/p>\n<p><strong>5. Gdzie mog\u0119 kupi\u0107 hurtowo BOOD INFINITY 30K WHOLESALE VAPE?<\/strong><br \/>\nMo\u017cna kupi\u0107 ten wysokiej jako\u015bci vape pod na <strong>Vapebulkp.com<\/strong>, zaufanej platformie dla wysokiej jako\u015bci produkt\u00f3w do waporyzacji z doskona\u0142\u0105 obs\u0142ug\u0105 klienta i szybk\u0105 wysy\u0142k\u0105.<\/p>\n<p>&nbsp;<\/p>\n<h5>Szczeg\u00f3\u0142y wysy\u0142ki:<\/h5>\n<p><span style=\"color: #ff6600\">Czas produkcji: 5-10 dni roboczych<\/span><br \/>\n<span style=\"color: #ff6600\">Czas wysy\u0142ki: 8-14 dni roboczych<\/span><\/p>\n<p>Wszystkie produkty w naszym sklepie s\u0105 w 100% oryginalne i autentyczne, dlatego polityk\u0105 naszego sklepu jest dziesi\u0119ciokrotne odszkodowanie za podrobione towary. Do dostarczania towar\u00f3w u\u017cywamy kana\u0142\u00f3w logistycznych, takich jak UPS\/DHL\/FEDEX\/DPD.<\/p>\n<p>W przypadku paczek wysy\u0142anych do Polski dostawa trwa zwykle 10 dni roboczych. Wysy\u0142ka do kraj\u00f3w europejskich trwa zwykle od 12 do 15 dni roboczych. B\u0119dziemy aktualizowa\u0107 dla Ciebie informacje logistyczne w czasie rzeczywistym.<\/p>","protected":false},"excerpt":{"rendered":"<p>BOOD INFINITY 30000 Zaci\u0105gni\u0119\u0107 Vape \u2013 Gor\u0105ca Wyprzeda\u017c! Najwy\u017csza jako\u015b\u0107, d\u0142ugotrwa\u0142a wydajno\u015b\u0107 i bezkonkurencyjne ceny. Zam\u00f3w teraz, aby uzyska\u0107 najlepsz\u0105 ofert\u0119 na vaping!<\/p>\n<p>Skontaktuj si\u0119 z WhatsApp Mandy, aby uzyska\u0107 cen\u0119 ze zni\u017ck\u0105<a href=\"https:\/\/wa.me\/8618077105796\">+8618077105796<\/a><\/p>\n<p><img decoding=\"async\" class=\"alignnone wp-image-2151\" src=\"http:\/\/vapebulkp.com\/wp-content\/uploads\/2024\/04\/Mandy-WhatsApp-Randm.jpg\" alt=\"WhatsApp Mandy Randm\" width=\"297\" height=\"316\" srcset=\"https:\/\/vapebulkp.com\/wp-content\/uploads\/2024\/04\/Mandy-WhatsApp-Randm.jpg 916w, https:\/\/vapebulkp.com\/wp-content\/uploads\/2024\/04\/Mandy-WhatsApp-Randm-282x300.jpg 282w, https:\/\/vapebulkp.com\/wp-content\/uploads\/2024\/04\/Mandy-WhatsApp-Randm-768x817.jpg 768w, https:\/\/vapebulkp.com\/wp-content\/uploads\/2024\/04\/Mandy-WhatsApp-Randm-600x638.jpg 600w\" sizes=\"(max-width: 297px) 100vw, 297px\" \/><\/p>\n<p><span style=\"color: #ff0000\">UWAGA: Ceny na naszej stronie internetowej nie zawieraj\u0105 koszt\u00f3w wysy\u0142ki<\/span><\/p>\n<p>&nbsp;<\/p>","protected":false},"featured_media":3284,"comment_status":"open","ping_status":"closed","template":"","meta":{"_uag_custom_page_level_css":"","_lmt_disableupdate":"no","_lmt_disable":"","site-sidebar-layout":"default","site-content-layout":"content-boxed-container","ast-site-content-layout":"normal-width-container","site-content-style":"boxed","site-sidebar-style":"unboxed","ast-global-header-display":"","ast-banner-title-visibility":"","ast-main-header-display":"","ast-hfb-above-header-display":"","ast-hfb-below-header-display":"","ast-hfb-mobile-header-display":"","site-post-title":"","ast-breadcrumbs-content":"","ast-featured-img":"","footer-sml-layout":"","theme-transparent-header-meta":"default","adv-header-id-meta":"","stick-header-meta":"","header-above-stick-meta":"","header-main-stick-meta":"","header-below-stick-meta":"","astra-migrate-meta-layouts":"set","_joinchat":[]},"product_cat":[190,153,155,346,33,59,100,87,34,158,157,154,152,58,84,156,63,32],"product_tag":[187,36,37,41,40],"class_list":["post-3278","product","type-product","status-publish","has-post-thumbnail","hentry","product_cat-35000-puffs-disposable-vape","product_cat-hot-disposable-vapes","product_cat-belgium-hot-disposable-vapes","product_cat-bood-vapes","product_cat-france-vape-hot-sale","product_cat-germany-hot-disposable-vape","product_cat-germany-wholesale-vape-shop","product_cat-minimum-order-quantity-50pcs","product_cat-netherlands-vape-good-sale","product_cat-norway-hot-disposable-vapes","product_cat-poland-hot-disposable-vapes","product_cat-portugal-hot-disposable-vapes","product_cat-spain-hot-disposable-vapes","product_cat-sweden-hot-disposable-vape","product_cat-sweden-wholesale-vape","product_cat-switzerland-hot-disposable-vapes","product_cat-top-sale-disposable-vape","product_cat-vape-hot-sale-this-week","product_tag-30000-puffs","product_tag-good-vape","product_tag-hot-sale-disposable-vape","product_tag-poland-hot-vape","product_tag-sweden-hot-vape","pa_brand-bood-vape","desktop-align-left","tablet-align-left","mobile-align-left"],"yoast_head":"<!-- This site is optimized with the Yoast SEO plugin v21.1 - https:\/\/yoast.com\/wordpress\/plugins\/seo\/ -->\n<title>BOOD INFINITY 30000 PUFF Hot Sale Vape Discount Price - vapebulkp.com<\/title>\n<meta name=\"description\" content=\"BOOD INFINITY 30000 Puffs Wholesale Vape \u2013 Hot Sale! Long-lasting, stylish, and budget-friendly. Grab this top-quality vape at a discounted price today!\" \/>\n<meta name=\"robots\" content=\"index, follow, max-snippet:-1, max-image-preview:large, max-video-preview:-1\" \/>\n<link rel=\"canonical\" href=\"https:\/\/vapebulkp.com\/pl\/product\/bood-infinity-30000-puff-hot-sale-vape-discount-price\/\" \/>\n<meta property=\"og:locale\" content=\"pl_PL\" \/>\n<meta property=\"og:type\" content=\"article\" \/>\n<meta property=\"og:title\" content=\"BOOD INFINITY 30000 PUFF Hot Sale Vape Discount Price - vapebulkp.com\" \/>\n<meta property=\"og:description\" content=\"BOOD INFINITY 30000 Puffs Wholesale Vape \u2013 Hot Sale! Long-lasting, stylish, and budget-friendly. Grab this top-quality vape at a discounted price today!\" \/>\n<meta property=\"og:url\" content=\"https:\/\/vapebulkp.com\/pl\/product\/bood-infinity-30000-puff-hot-sale-vape-discount-price\/\" \/>\n<meta property=\"og:site_name\" content=\"vapebulkp.com\" \/>\n<meta property=\"article:modified_time\" content=\"2025-09-16T09:29:12+00:00\" \/>\n<meta property=\"og:image\" content=\"http:\/\/vapebulkp.com\/wp-content\/uploads\/2024\/12\/bulk-buy-vapes-bood-infinity-30k-puffs-blue-razz-ice.png\" \/>\n\t<meta property=\"og:image:width\" content=\"800\" \/>\n\t<meta property=\"og:image:height\" content=\"800\" \/>\n\t<meta property=\"og:image:type\" content=\"image\/png\" \/>\n<meta name=\"twitter:card\" content=\"summary_large_image\" \/>\n<meta name=\"twitter:label1\" content=\"Szacowany czas czytania\" \/>\n\t<meta name=\"twitter:data1\" content=\"4 minuty\" \/>\n<script type=\"application\/ld+json\" class=\"yoast-schema-graph\">{\"@context\":\"https:\/\/schema.org\",\"@graph\":[{\"@type\":\"WebPage\",\"@id\":\"https:\/\/vapebulkp.com\/product\/bood-infinity-30000-puff-hot-sale-vape-discount-price\/\",\"url\":\"https:\/\/vapebulkp.com\/product\/bood-infinity-30000-puff-hot-sale-vape-discount-price\/\",\"name\":\"BOOD INFINITY 30000 PUFF Hot Sale Vape Discount Price - vapebulkp.com\",\"isPartOf\":{\"@id\":\"https:\/\/vapebulkp.com\/#website\"},\"datePublished\":\"2024-12-24T09:37:50+00:00\",\"dateModified\":\"2025-09-16T09:29:12+00:00\",\"description\":\"BOOD INFINITY 30000 Puffs Wholesale Vape \u2013 Hot Sale! Long-lasting, stylish, and budget-friendly. Grab this top-quality vape at a discounted price today!\",\"breadcrumb\":{\"@id\":\"https:\/\/vapebulkp.com\/product\/bood-infinity-30000-puff-hot-sale-vape-discount-price\/#breadcrumb\"},\"inLanguage\":\"pl-PL\",\"potentialAction\":[{\"@type\":\"ReadAction\",\"target\":[\"https:\/\/vapebulkp.com\/product\/bood-infinity-30000-puff-hot-sale-vape-discount-price\/\"]}]},{\"@type\":\"BreadcrumbList\",\"@id\":\"https:\/\/vapebulkp.com\/product\/bood-infinity-30000-puff-hot-sale-vape-discount-price\/#breadcrumb\",\"itemListElement\":[{\"@type\":\"ListItem\",\"position\":1,\"name\":\"Home\",\"item\":\"https:\/\/vapebulkp.com\/\"},{\"@type\":\"ListItem\",\"position\":2,\"name\":\"Hot Trend Vapes\",\"item\":\"https:\/\/vapebulkp.com\/vape-shop\/\"},{\"@type\":\"ListItem\",\"position\":3,\"name\":\"BOOD INFINITY 30000 PUFF Hot Sale Vape Discount Price\"}]},{\"@type\":\"WebSite\",\"@id\":\"https:\/\/vapebulkp.com\/#website\",\"url\":\"https:\/\/vapebulkp.com\/\",\"name\":\"vapebulkp.com\",\"description\":\"Buy Vape In Cheap Bulk Price Near you\",\"publisher\":{\"@id\":\"https:\/\/vapebulkp.com\/#organization\"},\"potentialAction\":[{\"@type\":\"SearchAction\",\"target\":{\"@type\":\"EntryPoint\",\"urlTemplate\":\"https:\/\/vapebulkp.com\/?s={search_term_string}\"},\"query-input\":\"required name=search_term_string\"}],\"inLanguage\":\"pl-PL\"},{\"@type\":\"Organization\",\"@id\":\"https:\/\/vapebulkp.com\/#organization\",\"name\":\"vapebulkp.com\",\"url\":\"https:\/\/vapebulkp.com\/\",\"logo\":{\"@type\":\"ImageObject\",\"inLanguage\":\"pl-PL\",\"@id\":\"https:\/\/vapebulkp.com\/#\/schema\/logo\/image\/\",\"url\":\"https:\/\/vapebulkp.com\/wp-content\/uploads\/2023\/09\/cropped-vapebulkp.png\",\"contentUrl\":\"https:\/\/vapebulkp.com\/wp-content\/uploads\/2023\/09\/cropped-vapebulkp.png\",\"width\":516,\"height\":163,\"caption\":\"vapebulkp.com\"},\"image\":{\"@id\":\"https:\/\/vapebulkp.com\/#\/schema\/logo\/image\/\"}}]}<\/script>\n<!-- \/ Yoast SEO plugin. -->","yoast_head_json":{"title":"BOOD INFINITY 30000 PUFF Hot Sale Vape Discount Price - vapebulkp.com","description":"BOOD INFINITY 30000 Puffs Wholesale Vape \u2013 Hot Sale! Long-lasting, stylish, and budget-friendly. Grab this top-quality vape at a discounted price today!","robots":{"index":"index","follow":"follow","max-snippet":"max-snippet:-1","max-image-preview":"max-image-preview:large","max-video-preview":"max-video-preview:-1"},"canonical":"https:\/\/vapebulkp.com\/pl\/product\/bood-infinity-30000-puff-hot-sale-vape-discount-price\/","og_locale":"pl_PL","og_type":"article","og_title":"BOOD INFINITY 30000 PUFF Hot Sale Vape Discount Price - vapebulkp.com","og_description":"BOOD INFINITY 30000 Puffs Wholesale Vape \u2013 Hot Sale! Long-lasting, stylish, and budget-friendly. Grab this top-quality vape at a discounted price today!","og_url":"https:\/\/vapebulkp.com\/pl\/product\/bood-infinity-30000-puff-hot-sale-vape-discount-price\/","og_site_name":"vapebulkp.com","article_modified_time":"2025-09-16T09:29:12+00:00","og_image":[{"width":800,"height":800,"url":"http:\/\/vapebulkp.com\/wp-content\/uploads\/2024\/12\/bulk-buy-vapes-bood-infinity-30k-puffs-blue-razz-ice.png","type":"image\/png"}],"twitter_card":"summary_large_image","twitter_misc":{"Szacowany czas czytania":"4 minuty"},"schema":{"@context":"https:\/\/schema.org","@graph":[{"@type":"WebPage","@id":"https:\/\/vapebulkp.com\/product\/bood-infinity-30000-puff-hot-sale-vape-discount-price\/","url":"https:\/\/vapebulkp.com\/product\/bood-infinity-30000-puff-hot-sale-vape-discount-price\/","name":"BOOD INFINITY 30000 PUFF Hot Sale Vape Discount Price - vapebulkp.com","isPartOf":{"@id":"https:\/\/vapebulkp.com\/#website"},"datePublished":"2024-12-24T09:37:50+00:00","dateModified":"2025-09-16T09:29:12+00:00","description":"BOOD INFINITY 30000 Puffs Wholesale Vape \u2013 Hot Sale! Long-lasting, stylish, and budget-friendly. Grab this top-quality vape at a discounted price today!","breadcrumb":{"@id":"https:\/\/vapebulkp.com\/product\/bood-infinity-30000-puff-hot-sale-vape-discount-price\/#breadcrumb"},"inLanguage":"pl-PL","potentialAction":[{"@type":"ReadAction","target":["https:\/\/vapebulkp.com\/product\/bood-infinity-30000-puff-hot-sale-vape-discount-price\/"]}]},{"@type":"BreadcrumbList","@id":"https:\/\/vapebulkp.com\/product\/bood-infinity-30000-puff-hot-sale-vape-discount-price\/#breadcrumb","itemListElement":[{"@type":"ListItem","position":1,"name":"Home","item":"https:\/\/vapebulkp.com\/"},{"@type":"ListItem","position":2,"name":"Hot Trend Vapes","item":"https:\/\/vapebulkp.com\/vape-shop\/"},{"@type":"ListItem","position":3,"name":"BOOD INFINITY 30000 PUFF Hot Sale Vape Discount Price"}]},{"@type":"WebSite","@id":"https:\/\/vapebulkp.com\/#website","url":"https:\/\/vapebulkp.com\/","name":"vapebulkp.com","description":"Buy Vape In Cheap Bulk Price Near you","publisher":{"@id":"https:\/\/vapebulkp.com\/#organization"},"potentialAction":[{"@type":"SearchAction","target":{"@type":"EntryPoint","urlTemplate":"https:\/\/vapebulkp.com\/?s={search_term_string}"},"query-input":"required name=search_term_string"}],"inLanguage":"pl-PL"},{"@type":"Organization","@id":"https:\/\/vapebulkp.com\/#organization","name":"vapebulkp.com","url":"https:\/\/vapebulkp.com\/","logo":{"@type":"ImageObject","inLanguage":"pl-PL","@id":"https:\/\/vapebulkp.com\/#\/schema\/logo\/image\/","url":"https:\/\/vapebulkp.com\/wp-content\/uploads\/2023\/09\/cropped-vapebulkp.png","contentUrl":"https:\/\/vapebulkp.com\/wp-content\/uploads\/2023\/09\/cropped-vapebulkp.png","width":516,"height":163,"caption":"vapebulkp.com"},"image":{"@id":"https:\/\/vapebulkp.com\/#\/schema\/logo\/image\/"}}]}},"uagb_featured_image_src":{"full":["https:\/\/vapebulkp.com\/wp-content\/uploads\/2024\/12\/bulk-buy-vapes-bood-infinity-30k-puffs-blue-razz-ice.png",800,800,false],"thumbnail":["https:\/\/vapebulkp.com\/wp-content\/uploads\/2024\/12\/bulk-buy-vapes-bood-infinity-30k-puffs-blue-razz-ice-150x150.png",150,150,true],"medium":["https:\/\/vapebulkp.com\/wp-content\/uploads\/2024\/12\/bulk-buy-vapes-bood-infinity-30k-puffs-blue-razz-ice-300x300.png",300,300,true],"medium_large":["https:\/\/vapebulkp.com\/wp-content\/uploads\/2024\/12\/bulk-buy-vapes-bood-infinity-30k-puffs-blue-razz-ice-768x768.png",768,768,true],"large":["https:\/\/vapebulkp.com\/wp-content\/uploads\/2024\/12\/bulk-buy-vapes-bood-infinity-30k-puffs-blue-razz-ice.png",800,800,false],"1536x1536":["https:\/\/vapebulkp.com\/wp-content\/uploads\/2024\/12\/bulk-buy-vapes-bood-infinity-30k-puffs-blue-razz-ice.png",800,800,false],"2048x2048":["https:\/\/vapebulkp.com\/wp-content\/uploads\/2024\/12\/bulk-buy-vapes-bood-infinity-30k-puffs-blue-razz-ice.png",800,800,false],"trp-custom-language-flag":["https:\/\/vapebulkp.com\/wp-content\/uploads\/2024\/12\/bulk-buy-vapes-bood-infinity-30k-puffs-blue-razz-ice.png",12,12,false],"woocommerce_thumbnail":["https:\/\/vapebulkp.com\/wp-content\/uploads\/2024\/12\/bulk-buy-vapes-bood-infinity-30k-puffs-blue-razz-ice-300x300.png",300,300,true],"woocommerce_single":["https:\/\/vapebulkp.com\/wp-content\/uploads\/2024\/12\/bulk-buy-vapes-bood-infinity-30k-puffs-blue-razz-ice-600x600.png",600,600,true],"woocommerce_gallery_thumbnail":["https:\/\/vapebulkp.com\/wp-content\/uploads\/2024\/12\/bulk-buy-vapes-bood-infinity-30k-puffs-blue-razz-ice-100x100.png",100,100,true],"wcpr-photo-reviews":["https:\/\/vapebulkp.com\/wp-content\/uploads\/2024\/12\/bulk-buy-vapes-bood-infinity-30k-puffs-blue-razz-ice.png",500,500,false]},"uagb_author_info":{"display_name":"Mandy vape bulk price","author_link":"https:\/\/vapebulkp.com\/pl\/author\/"},"uagb_comment_info":0,"uagb_excerpt":"BOOD INFINITY 30000 Puffs Vape - Hot Sale! Premium quality, long-lasting performance, and unbeatable discount prices. Order now for the best vaping deal! Pls Contact Mandy's WhatsApp For Discount Price+8618077105796 NOTE: Prices on our website does not include shipping costs &nbsp;","_links":{"self":[{"href":"https:\/\/vapebulkp.com\/pl\/wp-json\/wp\/v2\/product\/3278","targetHints":{"allow":["GET"]}}],"collection":[{"href":"https:\/\/vapebulkp.com\/pl\/wp-json\/wp\/v2\/product"}],"about":[{"href":"https:\/\/vapebulkp.com\/pl\/wp-json\/wp\/v2\/types\/product"}],"replies":[{"embeddable":true,"href":"https:\/\/vapebulkp.com\/pl\/wp-json\/wp\/v2\/comments?post=3278"}],"wp:featuredmedia":[{"embeddable":true,"href":"https:\/\/vapebulkp.com\/pl\/wp-json\/wp\/v2\/media\/3284"}],"wp:attachment":[{"href":"https:\/\/vapebulkp.com\/pl\/wp-json\/wp\/v2\/media?parent=3278"}],"wp:term":[{"taxonomy":"product_cat","embeddable":true,"href":"https:\/\/vapebulkp.com\/pl\/wp-json\/wp\/v2\/product_cat?post=3278"},{"taxonomy":"product_tag","embeddable":true,"href":"https:\/\/vapebulkp.com\/pl\/wp-json\/wp\/v2\/product_tag?post=3278"}],"curies":[{"name":"wp","href":"https:\/\/api.w.org\/{rel}","templated":true}]}}