{"id":3292,"date":"2024-12-28T09:21:22","date_gmt":"2024-12-28T08:21:22","guid":{"rendered":"https:\/\/vapebulkp.com\/?post_type=product&#038;p=3292"},"modified":"2025-09-24T05:21:17","modified_gmt":"2025-09-24T03:21:17","slug":"cheap-price-uwin-shisha-hookah-crystal-20000-puffs-rechargeable-vape","status":"publish","type":"product","link":"https:\/\/vapebulkp.com\/pl\/product\/cheap-price-uwin-shisha-hookah-crystal-20000-puffs-rechargeable-vape\/","title":{"rendered":"Tania cena Uwin SHISHA HOOKAH Crystal 20000 Puffs \u0142adowalny Vape"},"content":{"rendered":"<h2 style=\"text-align: left\">Tania cena Uwin SHISHA HOOKAH Crystal 20000 Puffs \u0142adowalny Vape<\/h2>\n<p data-start=\"150\" data-end=\"458\">To <strong data-start=\"154\" data-end=\"196\">Uwin Shisha Hookah Crystal 20000 Zaci\u0105gni\u0119\u0107<\/strong> jest <strong data-start=\"202\" data-end=\"235\">jednorazowy e-papieros o du\u017cej pojemno\u015bci<\/strong> zaprojektowany dla <strong data-start=\"249\" data-end=\"280\">europejskich entuzjast\u00f3w vapingu<\/strong> kt\u00f3rzy poszukuj\u0105 sta\u0142ej wydajno\u015bci i bogatego smaku. Ka\u017cde urz\u0105dzenie jest wst\u0119pnie nape\u0142nione 25ml <strong data-start=\"369\" data-end=\"399\">soli nikotynowej premium do e-papieros\u00f3w<\/strong>, zapewniaj\u0105c g\u0142adkie, satysfakcjonuj\u0105ce zaci\u0105gni\u0119cia do 20 000 zaci\u0105gni\u0119\u0107.<\/p>\n<p data-start=\"460\" data-end=\"780\">Wyposa\u017cony w technologi\u0119 <strong data-start=\"474\" data-end=\"503\">technologia e-papierosa z siatkow\u0105 grza\u0142k\u0105<\/strong>, Uwin Shisha Hookah Crystal zwi\u0119ksza intensywno\u015b\u0107 smaku i g\u0119sto\u015b\u0107 pary, idealny do <strong data-start=\"591\" data-end=\"622\">wapowania DTL (bezpo\u015brednio do p\u0142uc)<\/strong> i tworzenia grubych, aromatycznych chmur. Dost\u0119pny w 12 unikalnych smakach i st\u0119\u017ceniach nikotyny 0%, 2%, 3% lub 5%, zaspokoi szeroki zakres preferencji.<\/p>\n<p data-start=\"782\" data-end=\"1121\">Ten <strong data-start=\"787\" data-end=\"819\">\u0142adowalnym e-papierosie jednorazowym<\/strong> posiada bateri\u0119 kobaltow\u0105 850mAh z szybkim \u0142adowaniem typu C, zapewniaj\u0105c nieprzerwan\u0105 wydajno\u015b\u0107 przez ca\u0142y dzie\u0144. Jego kompaktowa, lekka konstrukcja u\u0142atwia przenoszenie, a opakowanie przyjazne dla hurtownik\u00f3w \u2014 10 sztuk w pude\u0142ku, 200 sztuk w kartonie \u2014 sprawia, \u017ce jest idealny dla sprzedawc\u00f3w detalicznych i odbiorc\u00f3w hurtowych.<\/p>\n<p data-start=\"1123\" data-end=\"1339\">To <a href=\"https:\/\/vapebulkp.com\/pl\/product-category\/20000-puffs-disposable-vape\/\"><strong data-start=\"1127\" data-end=\"1158\">20000 zaci\u0105gni\u0119\u0107 jednorazowy e-papieros<\/strong><\/a> Uwin Shisha Hookah Crystal \u0142\u0105czy w sobie trwa\u0142o\u015b\u0107, wygod\u0119 i funkcje premium wapowania w jednym eleganckim urz\u0105dzeniu, oferuj\u0105c satysfakcjonuj\u0105ce i d\u0142ugotrwa\u0142e wra\u017cenia dla wsp\u00f3\u0142czesnych waper\u00f3w.<\/p>\n<figure id=\"attachment_3308\" aria-describedby=\"caption-attachment-3308\" style=\"width: 560px\" class=\"wp-caption alignnone\"><img decoding=\"async\" class=\"wp-image-3308\" src=\"http:\/\/vapebulkp.com\/wp-content\/uploads\/2024\/12\/UWIN-VAPES-HOOKAH-Crystal-20000-Puffs-Grape-ice.webp\" alt=\"UWIN VAPES HOOKAH Crystal 20000 Zaci\u0105gni\u0119\u0107 Winogronowy l\u00f3d\" width=\"560\" height=\"539\" \/><figcaption id=\"caption-attachment-3308\" class=\"wp-caption-text\">UWIN VAPES HOOKAH Crystal 20000 Zaci\u0105gni\u0119\u0107 Winogronowy l\u00f3d<\/figcaption><\/figure>\n<h6>Skontaktuj si\u0119 z WhatsApp Mandy, aby uzyska\u0107 cen\u0119 ze zni\u017ck\u0105<a href=\"https:\/\/wa.me\/8618077105796\">+8618077105796<\/a><\/h6>\n<p><img decoding=\"async\" class=\"alignnone wp-image-2151\" src=\"http:\/\/vapebulkp.com\/wp-content\/uploads\/2024\/04\/Mandy-WhatsApp-Randm.jpg\" alt=\"WhatsApp Mandy Randm\" width=\"324\" height=\"330\" \/><\/p>\n<div class=\"flex max-w-full flex-col flex-grow\">\n<div class=\"min-h-8 text-message flex w-full flex-col items-end gap-2 whitespace-normal break-words text-start [.text-message+&amp;]:mt-5\" dir=\"auto\" data-message-author-role=\"assistant\" data-message-id=\"d24cf626-c018-4805-80f5-44de047f2ba0\" data-message-model-slug=\"gpt-4o\">\n<div class=\"flex w-full flex-col gap-1 empty:hidden first:pt-[3px]\">\n<div class=\"markdown prose w-full break-words dark:prose-invert light\">\n<h2>Dlaczego warto wybra\u0107 Uwin SHISHA HOOKAH Crystal 20000 Zaci\u0105gni\u0119\u0107 w <a href=\"https:\/\/vapebulkp.com\/pl\/vape-shop\/\">Vapebulkp.com<\/a>?<\/h2>\n<ul>\n<li><strong>D\u0142ugotrwa\u0142a wydajno\u015b\u0107:<\/strong> Zapewnia do 20 000 zaci\u0105gni\u0119\u0107, idealne do d\u0142ugotrwa\u0142ego u\u017cytkowania.<\/li>\n<li><strong>Wszechstronne opcje nikotyny:<\/strong> Dost\u0119pne w st\u0119\u017ceniach 0%, 2%, 3% i 5%, aby dopasowa\u0107 si\u0119 do wszystkich preferencji.<\/li>\n<li><strong>Wyj\u0105tkowa r\u00f3\u017cnorodno\u015b\u0107 smak\u00f3w:<\/strong> Ciesz si\u0119 12 wyj\u0105tkowymi i satysfakcjonuj\u0105cymi smakami.<\/li>\n<li><strong>Zaawansowana technologia grza\u0142ki:<\/strong> Grza\u0142ka siatkowa zapewnia g\u0142adk\u0105, sp\u00f3jn\u0105 i aromatyczn\u0105 par\u0119.<\/li>\n<li><strong>Bateria wielokrotnego \u0142adowania:<\/strong> Bateria kobaltowa 850mAh z \u0142adowaniem Type-C dla wygody i wydajno\u015bci.<\/li>\n<li><strong>Du\u017ca pojemno\u015b\u0107 e-liquidu:<\/strong> 25 ml wst\u0119pnie nape\u0142nionego zbiornika do nieprzerwanego palenia.<\/li>\n<li><strong>Kompaktowe<\/strong> Lekkie kartony z 10 szt.\/pude\u0142ko i 200 szt.\/karton, idealne do sprzeda\u017cy hurtowej.<\/li>\n<li><strong>Zaprojektowany dla entuzjast\u00f3w DTL:<\/strong> SMOK w stylu direct-to-lung dla solidnej produkcji chmur.<\/li>\n<\/ul>\n<p>&nbsp;<\/p>\n<\/div>\n<\/div>\n<\/div>\n<\/div>\n<h3>Jednorazowe e-papierosy z portem Type-C Uwin SHISHA HOOKAH Crystal 20k Puffs Kluczowe specyfikacje:<\/h3>\n<ul>\n<li><strong>Opcje nikotyny:<\/strong> 0%, 2%, 3%, 5%.<\/li>\n<li><strong>Zaci\u0105gni\u0119cia:<\/strong> Do 20 000.<\/li>\n<li><strong>Pojemno\u015b\u0107:<\/strong> 25 ml e-liquidu.<\/li>\n<li><strong>Bateria:<\/strong> 850mAh, \u0142adowalna, kobaltowa, port Type-C.<\/li>\n<li><strong>Grza\u0142ka:<\/strong> Grza\u0142ka siatkowa dla g\u0142adkiej pary.<\/li>\n<li><strong>Smaki:<\/strong> 12 unikalnych wybor\u00f3w.<\/li>\n<li><strong>Opakowanie:<\/strong> 10 szt.\/pude\u0142ko, 200 szt.\/karton.<\/li>\n<li><strong>Szczeg\u00f3\u0142y kartonu:<\/strong> 20.3 kg, 39.5 \u00d7 39 \u00d7 30.5 cm.<\/li>\n<li><strong>Styl:<\/strong> SMOK bezpo\u015brednio do p\u0142uc (DTL).<\/li>\n<\/ul>\n<h3>Niedrogi jednorazowy e-papieros Uwin SHISHA Crystal 20000 Puffs <strong>Lista Smak\u00f3w<\/strong><\/h3>\n<p>1. Bor\u00f3wka na lodzie<br \/>\n2. Guawa z marakui kiwi<br \/>\n3.Truskawka kiwi<br \/>\n4.Mieszane jagody<br \/>\n5. Truskawka z arbuzem<br \/>\n6.Winogronowy l\u00f3d<br \/>\n7.Arbuzowy l\u00f3d<br \/>\n8.Wi\u015bniowy l\u00f3d<br \/>\n9. Truskawka l\u00f3d<br \/>\n10.Brzoskwiniowy l\u00f3d<br \/>\n11.Bor\u00f3wka malina<br \/>\n12.Mi\u0142o\u015b\u0107 66<\/p>\n<p><a href=\"https:\/\/vapebulkp.com\/pl\/product\/aivono-curved-smart-screen-35000-puffs-disposable-vape-wholesale-price\/\"><span style=\"vertical-align: inherit\">Aivono 35000 Zaci\u0105gni\u0119\u0107 <\/span><\/a><\/p>\n<p><span style=\"vertical-align: inherit\">Znajd\u017a wi\u0119cej produkt\u00f3w, kt\u00f3re mog\u0105 Ci si\u0119 spodoba\u0107:<\/span><em><a href=\"https:\/\/wa.me\/8618077105796\"><span style=\"vertical-align: inherit\">\u00a0Kup teraz<\/span><\/a><\/em><\/p>\n<p><span style=\"vertical-align: inherit\">Inne Puffs, kt\u00f3re mog\u0105 Ci si\u0119 spodoba\u0107:<\/span><a href=\"https:\/\/vapebulkp.com\/pl\/product\/wholesale-price-bang-kingdoms-rex-32000-puffs-vape-pod\/\"><span style=\"vertical-align: inherit\">Bang Kingdoms 32000 Zaci\u0105gni\u0119\u0107<\/span><\/a><span style=\"vertical-align: inherit\">\u3001<\/span><a href=\"https:\/\/vapebulkp.com\/pl\/product\/bood-pulse-pro-25k-50k-disposable-vape-bar-5000-puffs-nicotine-free\/\"><span style=\"vertical-align: inherit\">Bood pulse pro 50000 Zaci\u0105gni\u0119\u0107<\/span><\/a><span style=\"vertical-align: inherit\">\/ <\/span><a href=\"https:\/\/vapebulkp.com\/pl\/product\/vapsolo-best-quality-viking-12k-puffs-disposable-vapes\/\"><span style=\"vertical-align: inherit\">Vapsolo viking 12000 Zaci\u0105gni\u0119\u0107<\/span><\/a><span style=\"vertical-align: inherit\">\/ <\/span><a href=\"https:\/\/vapebulkp.com\/pl\/product\/waspe-vape-40000-puff-fihp-double-flavour-disposable-vape\/\"><span style=\"vertical-align: inherit\">WASPE 40000 Zaci\u0105gni\u0119\u0107<\/span><\/a><\/p>\n<p>&nbsp;<\/p>\n<p>&nbsp;<\/p>\n<h3>FAQ dla jednorazowych e-papieros\u00f3w Uwin SHISHA HOOKAH Crystal 20000 Puffs<\/h3>\n<p><strong>1. Ile zaci\u0105gni\u0119\u0107 zapewnia Uwin Shisha Hookah Crystal 20k?<\/strong><br \/>\nUwin Shisha Hookah Crystal zapewnia do 20 000 zaci\u0105gni\u0119\u0107, co gwarantuje d\u0142ugotrwa\u0142e dzia\u0142anie.<\/p>\n<p><strong>2. Jakie st\u0119\u017cenia nikotyny s\u0105 dost\u0119pne dla shishy 20000 zaci\u0105gni\u0119\u0107?<\/strong><br \/>\nTen e-papieros jest dost\u0119pny z opcjami nikotyny 0%, 2%, 3% i 5%, aby zaspokoi\u0107 r\u00f3\u017cne preferencje.<\/p>\n<p><strong>3. Ile e-liquidu mie\u015bci UWIN Crystal vape 20000 Puffs?<\/strong><br \/>\nUrz\u0105dzenie jest wst\u0119pnie nape\u0142nione 25 ml e-liquidu, co zapewnia d\u0142ugotrwa\u0142e u\u017cytkowanie.<\/p>\n<p><strong>4. Jakiego typu cewki u\u017cywa Uwin shisha vapes 20000 Puffs?<\/strong><br \/>\nWykorzystuje zaawansowan\u0105 technologi\u0119 cewki mesh, co zapewnia g\u0142adk\u0105 i jednolit\u0105 produkcj\u0119 pary.<\/p>\n<p><strong>5. Czy bateria crystal vape 20000 zaci\u0105gni\u0119\u0107 jest \u0142adowalna?<\/strong><br \/>\nTak, Uwin Shisha Hookah Crystal jest wyposa\u017cony w \u0142adowaln\u0105 bateri\u0119 kobaltow\u0105 o pojemno\u015bci 850mAh i port \u0142adowania Type-C.<\/p>\n<h3>Szczeg\u00f3\u0142y wysy\u0142ki:<\/h3>\n<p><span style=\"color: #ff6600\">Czas produkcji: 5-10 dni roboczych<\/span><br \/>\n<span style=\"color: #ff6600\">Czas wysy\u0142ki: 8-14 dni roboczych<\/span><\/p>\n<p>Wszystkie produkty w naszym sklepie s\u0105 w 100% oryginalne i autentyczne, dlatego polityk\u0105 naszego sklepu jest dziesi\u0119ciokrotne odszkodowanie za podrobione towary. Do dostarczania towar\u00f3w u\u017cywamy kana\u0142\u00f3w logistycznych, takich jak UPS\/DHL\/FEDEX\/DPD.<\/p>\n<p>W przypadku paczek wysy\u0142anych do Polski dostawa trwa zwykle 10 dni roboczych. Wysy\u0142ka do kraj\u00f3w europejskich trwa zwykle od 12 do 15 dni roboczych. B\u0119dziemy aktualizowa\u0107 dla Ciebie informacje logistyczne w czasie rzeczywistym.<\/p>","protected":false},"excerpt":{"rendered":"<ul>\n<li><strong>G\u0142adka para E-papieros w stylu Shisha UWIN 20K ZACI\u0104GNI\u0118\u0106<\/strong><\/li>\n<li><strong>Hurtownia jednorazowych e-papieros\u00f3w w Polsce SHISHA VAPE 20000 ZACI\u0104GNI\u0118\u0106<\/strong><\/li>\n<li><strong>Lekki e-papieros z bateri\u0105 850mAh<\/strong><\/li>\n<li><strong>Kryszta\u0142owy jednorazowy e-papieros o pojemno\u015bci 25ml<\/strong><\/li>\n<\/ul>\n<p>Skontaktuj si\u0119 z WhatsApp Mandy, aby uzyska\u0107 cen\u0119 ze zni\u017ck\u0105<a href=\"https:\/\/wa.me\/8618077105796\">+8618077105796<\/a><\/p>\n<p><img decoding=\"async\" class=\"alignnone wp-image-2151\" src=\"http:\/\/vapebulkp.com\/wp-content\/uploads\/2024\/04\/Mandy-WhatsApp-Randm.jpg\" alt=\"WhatsApp Mandy Randm\" width=\"297\" height=\"316\" srcset=\"https:\/\/vapebulkp.com\/wp-content\/uploads\/2024\/04\/Mandy-WhatsApp-Randm.jpg 916w, https:\/\/vapebulkp.com\/wp-content\/uploads\/2024\/04\/Mandy-WhatsApp-Randm-282x300.jpg 282w, https:\/\/vapebulkp.com\/wp-content\/uploads\/2024\/04\/Mandy-WhatsApp-Randm-768x817.jpg 768w, https:\/\/vapebulkp.com\/wp-content\/uploads\/2024\/04\/Mandy-WhatsApp-Randm-600x638.jpg 600w\" sizes=\"(max-width: 297px) 100vw, 297px\" \/><\/p>\n<p><span style=\"color: #ff0000\">UWAGA: Ceny na naszej stronie internetowej nie zawieraj\u0105 koszt\u00f3w wysy\u0142ki<\/span><\/p>\n<p>&nbsp;<\/p>","protected":false},"featured_media":3301,"comment_status":"open","ping_status":"closed","template":"","meta":{"_uag_custom_page_level_css":"","_lmt_disableupdate":"no","_lmt_disable":"","site-sidebar-layout":"default","site-content-layout":"content-boxed-container","ast-site-content-layout":"normal-width-container","site-content-style":"boxed","site-sidebar-style":"unboxed","ast-global-header-display":"","ast-banner-title-visibility":"","ast-main-header-display":"","ast-hfb-above-header-display":"","ast-hfb-below-header-display":"","ast-hfb-mobile-header-display":"","site-post-title":"","ast-breadcrumbs-content":"","ast-featured-img":"","footer-sml-layout":"","theme-transparent-header-meta":"default","adv-header-id-meta":"","stick-header-meta":"","header-above-stick-meta":"","header-main-stick-meta":"","header-below-stick-meta":"","astra-migrate-meta-layouts":"set","_joinchat":[]},"product_cat":[162,153,155,33,59,100,87,34,158,157,154,152,58,84,156,63,360,32],"product_tag":[109,36,37,41,40],"class_list":["post-3292","product","type-product","status-publish","has-post-thumbnail","hentry","product_cat-20000-puffs-disposable-vape","product_cat-hot-disposable-vapes","product_cat-belgium-hot-disposable-vapes","product_cat-france-vape-hot-sale","product_cat-germany-hot-disposable-vape","product_cat-germany-wholesale-vape-shop","product_cat-minimum-order-quantity-50pcs","product_cat-netherlands-vape-good-sale","product_cat-norway-hot-disposable-vapes","product_cat-poland-hot-disposable-vapes","product_cat-portugal-hot-disposable-vapes","product_cat-spain-hot-disposable-vapes","product_cat-sweden-hot-disposable-vape","product_cat-sweden-wholesale-vape","product_cat-switzerland-hot-disposable-vapes","product_cat-top-sale-disposable-vape","product_cat-uwin-vape","product_cat-vape-hot-sale-this-week","product_tag-20000-puffs","product_tag-good-vape","product_tag-hot-sale-disposable-vape","product_tag-poland-hot-vape","product_tag-sweden-hot-vape","pa_brand-uwin-vape","desktop-align-left","tablet-align-left","mobile-align-left"],"yoast_head":"<!-- This site is optimized with the Yoast SEO plugin v21.1 - https:\/\/yoast.com\/wordpress\/plugins\/seo\/ -->\n<title>Cheap Price Uwin SHISHA HOOKAH Crystal 20000 Puffs Rechargeable Vape - vapebulkp.com<\/title>\n<meta name=\"description\" content=\"Affordable Uwin Shisha Hookah Crystal 20000 Puffs Rechargeable Vape, sleek design, 25ml e-liquid, 850mAh battery, smooth vaping experience.\" \/>\n<meta name=\"robots\" content=\"index, follow, max-snippet:-1, max-image-preview:large, max-video-preview:-1\" \/>\n<link rel=\"canonical\" href=\"https:\/\/vapebulkp.com\/pl\/product\/cheap-price-uwin-shisha-hookah-crystal-20000-puffs-rechargeable-vape\/\" \/>\n<meta property=\"og:locale\" content=\"pl_PL\" \/>\n<meta property=\"og:type\" content=\"article\" \/>\n<meta property=\"og:title\" content=\"Cheap Price Uwin SHISHA HOOKAH Crystal 20000 Puffs Rechargeable Vape - vapebulkp.com\" \/>\n<meta property=\"og:description\" content=\"Affordable Uwin Shisha Hookah Crystal 20000 Puffs Rechargeable Vape, sleek design, 25ml e-liquid, 850mAh battery, smooth vaping experience.\" \/>\n<meta property=\"og:url\" content=\"https:\/\/vapebulkp.com\/pl\/product\/cheap-price-uwin-shisha-hookah-crystal-20000-puffs-rechargeable-vape\/\" \/>\n<meta property=\"og:site_name\" content=\"vapebulkp.com\" \/>\n<meta property=\"article:modified_time\" content=\"2025-09-24T03:21:17+00:00\" \/>\n<meta property=\"og:image\" content=\"http:\/\/vapebulkp.com\/wp-content\/uploads\/2024\/12\/Good-Sale-UWIN-HOOKAH-Crystal-20000-Puffs-Watermelon-ice.webp\" \/>\n\t<meta property=\"og:image:width\" content=\"800\" \/>\n\t<meta property=\"og:image:height\" content=\"800\" \/>\n\t<meta property=\"og:image:type\" content=\"image\/webp\" \/>\n<meta name=\"twitter:card\" content=\"summary_large_image\" \/>\n<meta name=\"twitter:label1\" content=\"Szacowany czas czytania\" \/>\n\t<meta name=\"twitter:data1\" content=\"4 minuty\" \/>\n<script type=\"application\/ld+json\" class=\"yoast-schema-graph\">{\"@context\":\"https:\/\/schema.org\",\"@graph\":[{\"@type\":\"WebPage\",\"@id\":\"https:\/\/vapebulkp.com\/product\/cheap-price-uwin-shisha-hookah-crystal-20000-puffs-rechargeable-vape\/\",\"url\":\"https:\/\/vapebulkp.com\/product\/cheap-price-uwin-shisha-hookah-crystal-20000-puffs-rechargeable-vape\/\",\"name\":\"Cheap Price Uwin SHISHA HOOKAH Crystal 20000 Puffs Rechargeable Vape - vapebulkp.com\",\"isPartOf\":{\"@id\":\"https:\/\/vapebulkp.com\/#website\"},\"datePublished\":\"2024-12-28T08:21:22+00:00\",\"dateModified\":\"2025-09-24T03:21:17+00:00\",\"description\":\"Affordable Uwin Shisha Hookah Crystal 20000 Puffs Rechargeable Vape, sleek design, 25ml e-liquid, 850mAh battery, smooth vaping experience.\",\"breadcrumb\":{\"@id\":\"https:\/\/vapebulkp.com\/product\/cheap-price-uwin-shisha-hookah-crystal-20000-puffs-rechargeable-vape\/#breadcrumb\"},\"inLanguage\":\"pl-PL\",\"potentialAction\":[{\"@type\":\"ReadAction\",\"target\":[\"https:\/\/vapebulkp.com\/product\/cheap-price-uwin-shisha-hookah-crystal-20000-puffs-rechargeable-vape\/\"]}]},{\"@type\":\"BreadcrumbList\",\"@id\":\"https:\/\/vapebulkp.com\/product\/cheap-price-uwin-shisha-hookah-crystal-20000-puffs-rechargeable-vape\/#breadcrumb\",\"itemListElement\":[{\"@type\":\"ListItem\",\"position\":1,\"name\":\"Home\",\"item\":\"https:\/\/vapebulkp.com\/\"},{\"@type\":\"ListItem\",\"position\":2,\"name\":\"Hot Trend Vapes\",\"item\":\"https:\/\/vapebulkp.com\/vape-shop\/\"},{\"@type\":\"ListItem\",\"position\":3,\"name\":\"Cheap Price Uwin SHISHA HOOKAH Crystal 20000 Puffs Rechargeable Vape\"}]},{\"@type\":\"WebSite\",\"@id\":\"https:\/\/vapebulkp.com\/#website\",\"url\":\"https:\/\/vapebulkp.com\/\",\"name\":\"vapebulkp.com\",\"description\":\"Buy Vape In Cheap Bulk Price Near you\",\"publisher\":{\"@id\":\"https:\/\/vapebulkp.com\/#organization\"},\"potentialAction\":[{\"@type\":\"SearchAction\",\"target\":{\"@type\":\"EntryPoint\",\"urlTemplate\":\"https:\/\/vapebulkp.com\/?s={search_term_string}\"},\"query-input\":\"required name=search_term_string\"}],\"inLanguage\":\"pl-PL\"},{\"@type\":\"Organization\",\"@id\":\"https:\/\/vapebulkp.com\/#organization\",\"name\":\"vapebulkp.com\",\"url\":\"https:\/\/vapebulkp.com\/\",\"logo\":{\"@type\":\"ImageObject\",\"inLanguage\":\"pl-PL\",\"@id\":\"https:\/\/vapebulkp.com\/#\/schema\/logo\/image\/\",\"url\":\"https:\/\/vapebulkp.com\/wp-content\/uploads\/2023\/09\/cropped-vapebulkp.png\",\"contentUrl\":\"https:\/\/vapebulkp.com\/wp-content\/uploads\/2023\/09\/cropped-vapebulkp.png\",\"width\":516,\"height\":163,\"caption\":\"vapebulkp.com\"},\"image\":{\"@id\":\"https:\/\/vapebulkp.com\/#\/schema\/logo\/image\/\"}}]}<\/script>\n<!-- \/ Yoast SEO plugin. -->","yoast_head_json":{"title":"Cheap Price Uwin SHISHA HOOKAH Crystal 20000 Puffs Rechargeable Vape - vapebulkp.com","description":"Affordable Uwin Shisha Hookah Crystal 20000 Puffs Rechargeable Vape, sleek design, 25ml e-liquid, 850mAh battery, smooth vaping experience.","robots":{"index":"index","follow":"follow","max-snippet":"max-snippet:-1","max-image-preview":"max-image-preview:large","max-video-preview":"max-video-preview:-1"},"canonical":"https:\/\/vapebulkp.com\/pl\/product\/cheap-price-uwin-shisha-hookah-crystal-20000-puffs-rechargeable-vape\/","og_locale":"pl_PL","og_type":"article","og_title":"Cheap Price Uwin SHISHA HOOKAH Crystal 20000 Puffs Rechargeable Vape - vapebulkp.com","og_description":"Affordable Uwin Shisha Hookah Crystal 20000 Puffs Rechargeable Vape, sleek design, 25ml e-liquid, 850mAh battery, smooth vaping experience.","og_url":"https:\/\/vapebulkp.com\/pl\/product\/cheap-price-uwin-shisha-hookah-crystal-20000-puffs-rechargeable-vape\/","og_site_name":"vapebulkp.com","article_modified_time":"2025-09-24T03:21:17+00:00","og_image":[{"width":800,"height":800,"url":"http:\/\/vapebulkp.com\/wp-content\/uploads\/2024\/12\/Good-Sale-UWIN-HOOKAH-Crystal-20000-Puffs-Watermelon-ice.webp","type":"image\/webp"}],"twitter_card":"summary_large_image","twitter_misc":{"Szacowany czas czytania":"4 minuty"},"schema":{"@context":"https:\/\/schema.org","@graph":[{"@type":"WebPage","@id":"https:\/\/vapebulkp.com\/product\/cheap-price-uwin-shisha-hookah-crystal-20000-puffs-rechargeable-vape\/","url":"https:\/\/vapebulkp.com\/product\/cheap-price-uwin-shisha-hookah-crystal-20000-puffs-rechargeable-vape\/","name":"Cheap Price Uwin SHISHA HOOKAH Crystal 20000 Puffs Rechargeable Vape - vapebulkp.com","isPartOf":{"@id":"https:\/\/vapebulkp.com\/#website"},"datePublished":"2024-12-28T08:21:22+00:00","dateModified":"2025-09-24T03:21:17+00:00","description":"Affordable Uwin Shisha Hookah Crystal 20000 Puffs Rechargeable Vape, sleek design, 25ml e-liquid, 850mAh battery, smooth vaping experience.","breadcrumb":{"@id":"https:\/\/vapebulkp.com\/product\/cheap-price-uwin-shisha-hookah-crystal-20000-puffs-rechargeable-vape\/#breadcrumb"},"inLanguage":"pl-PL","potentialAction":[{"@type":"ReadAction","target":["https:\/\/vapebulkp.com\/product\/cheap-price-uwin-shisha-hookah-crystal-20000-puffs-rechargeable-vape\/"]}]},{"@type":"BreadcrumbList","@id":"https:\/\/vapebulkp.com\/product\/cheap-price-uwin-shisha-hookah-crystal-20000-puffs-rechargeable-vape\/#breadcrumb","itemListElement":[{"@type":"ListItem","position":1,"name":"Home","item":"https:\/\/vapebulkp.com\/"},{"@type":"ListItem","position":2,"name":"Hot Trend Vapes","item":"https:\/\/vapebulkp.com\/vape-shop\/"},{"@type":"ListItem","position":3,"name":"Cheap Price Uwin SHISHA HOOKAH Crystal 20000 Puffs Rechargeable Vape"}]},{"@type":"WebSite","@id":"https:\/\/vapebulkp.com\/#website","url":"https:\/\/vapebulkp.com\/","name":"vapebulkp.com","description":"Buy Vape In Cheap Bulk Price Near you","publisher":{"@id":"https:\/\/vapebulkp.com\/#organization"},"potentialAction":[{"@type":"SearchAction","target":{"@type":"EntryPoint","urlTemplate":"https:\/\/vapebulkp.com\/?s={search_term_string}"},"query-input":"required name=search_term_string"}],"inLanguage":"pl-PL"},{"@type":"Organization","@id":"https:\/\/vapebulkp.com\/#organization","name":"vapebulkp.com","url":"https:\/\/vapebulkp.com\/","logo":{"@type":"ImageObject","inLanguage":"pl-PL","@id":"https:\/\/vapebulkp.com\/#\/schema\/logo\/image\/","url":"https:\/\/vapebulkp.com\/wp-content\/uploads\/2023\/09\/cropped-vapebulkp.png","contentUrl":"https:\/\/vapebulkp.com\/wp-content\/uploads\/2023\/09\/cropped-vapebulkp.png","width":516,"height":163,"caption":"vapebulkp.com"},"image":{"@id":"https:\/\/vapebulkp.com\/#\/schema\/logo\/image\/"}}]}},"uagb_featured_image_src":{"full":["https:\/\/vapebulkp.com\/wp-content\/uploads\/2024\/12\/Good-Sale-UWIN-HOOKAH-Crystal-20000-Puffs-Watermelon-ice.webp",800,800,false],"thumbnail":["https:\/\/vapebulkp.com\/wp-content\/uploads\/2024\/12\/Good-Sale-UWIN-HOOKAH-Crystal-20000-Puffs-Watermelon-ice-150x150.webp",150,150,true],"medium":["https:\/\/vapebulkp.com\/wp-content\/uploads\/2024\/12\/Good-Sale-UWIN-HOOKAH-Crystal-20000-Puffs-Watermelon-ice-300x300.webp",300,300,true],"medium_large":["https:\/\/vapebulkp.com\/wp-content\/uploads\/2024\/12\/Good-Sale-UWIN-HOOKAH-Crystal-20000-Puffs-Watermelon-ice-768x768.webp",768,768,true],"large":["https:\/\/vapebulkp.com\/wp-content\/uploads\/2024\/12\/Good-Sale-UWIN-HOOKAH-Crystal-20000-Puffs-Watermelon-ice.webp",800,800,false],"1536x1536":["https:\/\/vapebulkp.com\/wp-content\/uploads\/2024\/12\/Good-Sale-UWIN-HOOKAH-Crystal-20000-Puffs-Watermelon-ice.webp",800,800,false],"2048x2048":["https:\/\/vapebulkp.com\/wp-content\/uploads\/2024\/12\/Good-Sale-UWIN-HOOKAH-Crystal-20000-Puffs-Watermelon-ice.webp",800,800,false],"trp-custom-language-flag":["https:\/\/vapebulkp.com\/wp-content\/uploads\/2024\/12\/Good-Sale-UWIN-HOOKAH-Crystal-20000-Puffs-Watermelon-ice.webp",12,12,false],"woocommerce_thumbnail":["https:\/\/vapebulkp.com\/wp-content\/uploads\/2024\/12\/Good-Sale-UWIN-HOOKAH-Crystal-20000-Puffs-Watermelon-ice-300x300.webp",300,300,true],"woocommerce_single":["https:\/\/vapebulkp.com\/wp-content\/uploads\/2024\/12\/Good-Sale-UWIN-HOOKAH-Crystal-20000-Puffs-Watermelon-ice-600x600.webp",600,600,true],"woocommerce_gallery_thumbnail":["https:\/\/vapebulkp.com\/wp-content\/uploads\/2024\/12\/Good-Sale-UWIN-HOOKAH-Crystal-20000-Puffs-Watermelon-ice-100x100.webp",100,100,true],"wcpr-photo-reviews":["https:\/\/vapebulkp.com\/wp-content\/uploads\/2024\/12\/Good-Sale-UWIN-HOOKAH-Crystal-20000-Puffs-Watermelon-ice.webp",500,500,false]},"uagb_author_info":{"display_name":"Mandy vape bulk price","author_link":"https:\/\/vapebulkp.com\/pl\/author\/"},"uagb_comment_info":0,"uagb_excerpt":"Smooth Vapor Shisha-Style Vape UWIN 20K PUFFS Wholesale Disposable Vapes Europe SHISHA VAPE 20000 PUFF Lightweight Vape with 850mAh Battery Crystal Disposable Vape with 25ml Capacity Pls Contact Mandy's WhatsApp For Discount Price+8618077105796 NOTE: Prices on our website does not include shipping costs &nbsp;","_links":{"self":[{"href":"https:\/\/vapebulkp.com\/pl\/wp-json\/wp\/v2\/product\/3292","targetHints":{"allow":["GET"]}}],"collection":[{"href":"https:\/\/vapebulkp.com\/pl\/wp-json\/wp\/v2\/product"}],"about":[{"href":"https:\/\/vapebulkp.com\/pl\/wp-json\/wp\/v2\/types\/product"}],"replies":[{"embeddable":true,"href":"https:\/\/vapebulkp.com\/pl\/wp-json\/wp\/v2\/comments?post=3292"}],"wp:featuredmedia":[{"embeddable":true,"href":"https:\/\/vapebulkp.com\/pl\/wp-json\/wp\/v2\/media\/3301"}],"wp:attachment":[{"href":"https:\/\/vapebulkp.com\/pl\/wp-json\/wp\/v2\/media?parent=3292"}],"wp:term":[{"taxonomy":"product_cat","embeddable":true,"href":"https:\/\/vapebulkp.com\/pl\/wp-json\/wp\/v2\/product_cat?post=3292"},{"taxonomy":"product_tag","embeddable":true,"href":"https:\/\/vapebulkp.com\/pl\/wp-json\/wp\/v2\/product_tag?post=3292"}],"curies":[{"name":"wp","href":"https:\/\/api.w.org\/{rel}","templated":true}]}}