{"id":3345,"date":"2025-01-06T07:24:49","date_gmt":"2025-01-06T06:24:49","guid":{"rendered":"https:\/\/vapebulkp.com\/?post_type=product&#038;p=3345"},"modified":"2025-09-16T11:29:20","modified_gmt":"2025-09-16T09:29:20","slug":"bang-king-35000-puffs-wholesale-puff-tornado-vape","status":"publish","type":"product","link":"https:\/\/vapebulkp.com\/pl\/product\/bang-king-35000-puffs-wholesale-puff-tornado-vape\/","title":{"rendered":"Bang King 35000 Zaci\u0105gni\u0119\u0107 Hurtownia Puff Tornado Vape"},"content":{"rendered":"<h2 style=\"text-align: left\">Bang King 35000 Zaci\u0105gni\u0119\u0107 Hurtownia Puff Tornado Vape<\/h2>\n<p>&nbsp;<\/p>\n<p>To <strong>Vape Tornado Bang King 35000 Puffs<\/strong> to prze\u0142om na rynku jednorazowych e-papieros\u00f3w, oferuj\u0105cy niezr\u00f3wnane po\u0142\u0105czenie wydajno\u015bci, smaku i trwa\u0142o\u015bci. Zaprojektowany dla u\u017cytkownik\u00f3w o wysokim zapotrzebowaniu i nabywc\u00f3w hurtowych, ten najnowocze\u015bniejszy vape zapewnia do <strong>35,000 zaci\u0105gni\u0119\u0107<\/strong>\u2014prawdziwa pot\u0119ga na d\u0142ugie sesje vapingu. Wyposa\u017cony w <strong>pojemno\u015b\u0107 23ml e-liquidu<\/strong> i zaawansowan\u0105 <strong>grza\u0142ki siatkowej 0.6\u03a9<\/strong>, zapewnia p\u0142ynn\u0105 produkcj\u0119 pary oraz bogate, sp\u00f3jne smaki z ka\u017cdym zaci\u0105gni\u0119ciem.<\/p>\n<p>To <strong>akumulatorem 1000mAh<\/strong> z <strong>portem \u0142adowania typu C<\/strong> gwarantuje nieprzerwane u\u017cytkowanie, podczas gdy innowacyjna <strong>ochrona przed suchym spalaniem<\/strong> zapewnia bezpiecze\u0144stwo i niezawodno\u015b\u0107. Dost\u0119pny w wielu st\u0119\u017ceniach nikotyny (<strong>0%, 2%, 3%, i 5%<\/strong>), Bang King zaspokaja r\u00f3\u017cnorodne preferencje, co czyni go wszechstronnym wyborem dla ka\u017cdego entuzjasty wapowania.<\/p>\n<p>Idealnie dopasowany do potrzeb hurtowych, Bang King 35K jest dost\u0119pny w opakowaniach po <strong>10 sztuk\/pude\u0142ko i 200 sztuk\/karton<\/strong>, zapewniaj\u0105c doskona\u0142\u0105 warto\u015b\u0107 dla dystrybutor\u00f3w i detalist\u00f3w. Odkryj najwy\u017csz\u0105 jako\u015b\u0107 i wygod\u0119 Bang King 35K, wy\u0142\u0105cznie u <strong>Vapebulkp.com<\/strong>, twojego zaufanego dostawcy <strong>wysokiej klasy jednorazowych e-papieros\u00f3w<\/strong> w Polsce.<\/p>\n<h6>Skontaktuj si\u0119 z WhatsApp Mandy, aby uzyska\u0107 cen\u0119 ze zni\u017ck\u0105<a href=\"https:\/\/wa.me\/8618077105796\">+8618077105796<\/a><\/h6>\n<p><img decoding=\"async\" class=\"alignnone wp-image-2151\" src=\"http:\/\/vapebulkp.com\/wp-content\/uploads\/2024\/04\/Mandy-WhatsApp-Randm.jpg\" alt=\"WhatsApp Mandy Randm\" width=\"324\" height=\"330\" \/><\/p>\n<div class=\"flex max-w-full flex-col flex-grow\">\n<div class=\"min-h-8 text-message flex w-full flex-col items-end gap-2 whitespace-normal break-words text-start [.text-message+&amp;]:mt-5\" dir=\"auto\" data-message-author-role=\"assistant\" data-message-id=\"d24cf626-c018-4805-80f5-44de047f2ba0\" data-message-model-slug=\"gpt-4o\">\n<div class=\"flex w-full flex-col gap-1 empty:hidden first:pt-[3px]\">\n<div class=\"markdown prose w-full break-words dark:prose-invert light\">\n<h2>Dlaczego warto wybra\u0107 e-papierosy w niskiej cenie <strong>Bang King 35000 Chmur <\/strong>at <a href=\"https:\/\/vapebulkp.com\/pl\/vape-shop\/\">Vapebulkp.com<\/a>?<\/h2>\n<ul>\n<li><strong>Niezr\u00f3wnana trwa\u0142o\u015b\u0107<\/strong>: Z <strong>35,000 zaci\u0105gni\u0119\u0107<\/strong>, ten <strong>jednorazowy e-papieros o du\u017cej pojemno\u015bci<\/strong> wyznacza standardy d\u0142ugotrwa\u0142ego u\u017cytkowania.<\/li>\n<li><strong>Funkcje premium<\/strong>: Wyposa\u017cony w <strong>bateri\u0119 1000mAh<\/strong>, <strong>23ml e-liquidu<\/strong>, oraz <strong>grza\u0142ki siatkowej 0.6\u03a9<\/strong> dla sta\u0142ego smaku i produkcji pary.<\/li>\n<li><strong>Dostosowywane opcje nikotyny<\/strong>: Wybierz z <strong>0%, 2%, 3%, lub 5% soli nikotynowej<\/strong> aby dopasowa\u0107 do swoich preferencji.<\/li>\n<li><strong>Nowoczesna wygoda<\/strong>: \u0141adowany przez <strong>Port Type-C<\/strong> i zaprojektowany z <strong>technologi\u0105 zabezpieczaj\u0105c\u0105 przed suchym przypaleniem<\/strong> dla p\u0142ynniejszego, bezpieczniejszego do\u015bwiadczenia.<\/li>\n<li><strong>Zalety hurtowe<\/strong>: Dost\u0119pne na Vapebulkp.com w opakowaniach zbiorczych (<strong>10szt.\/pude\u0142ko, 200szt.\/karton<\/strong>), idealne dla polskich vaper\u00f3w i sprzedawc\u00f3w detalicznych.<\/li>\n<\/ul>\n<h2><\/h2>\n<h3><strong>Funkcje jednorazowego e-papierosa Bang King 35000 Puffs<\/strong><\/h3>\n<ul>\n<li><strong>Ogromna liczba zaci\u0105gni\u0119\u0107<\/strong>: Zapewnia do 35 000 zaci\u0105gni\u0119\u0107, co gwarantuje d\u0142ugotrwa\u0142e u\u017cytkowanie bez cz\u0119stych wymian.<\/li>\n<li><strong>Pojemno\u015b\u0107 e-liquidu<\/strong>: Dostarczany jest wst\u0119pnie nape\u0142niony 23 ml wysokiej jako\u015bci e-liquidu, co zapewnia d\u0142ugie sesje wapowania.<\/li>\n<li><strong>Wydajna Bateria<\/strong>: Wyposa\u017cony w bateri\u0119 o pojemno\u015bci 1000 mAh, zapewniaj\u0105c\u0105 niezawodne dzia\u0142anie i rzadsze \u0142adowanie.<\/li>\n<li><strong>Zaawansowana grza\u0142ka Mesh<\/strong>: Posiada siatkow\u0105 grza\u0142k\u0119 0,6\u03a9, kt\u00f3ra wzmacnia smak i zapewnia g\u0142adk\u0105 produkcj\u0119 pary.<\/li>\n<li><strong>Port \u0142adowania typu C<\/strong>: Obs\u0142uguje szybkie i wydajne \u0142adowanie dzi\u0119ki nowoczesnemu interfejsowi Type-C.<\/li>\n<li><strong>Ochrona przed suchym spalaniem<\/strong>: Zawiera zaawansowan\u0105 technologi\u0119, kt\u00f3ra zapobiega suchym uderzeniom i zapewnia sta\u0142\u0105 wydajno\u015b\u0107.<\/li>\n<li><strong>Opcje Mocy Nikotyny<\/strong>: Dost\u0119pne w wielu poziomach nikotyny, w tym 0%, 2%, 3% i 5%, aby sprosta\u0107 r\u00f3\u017cnym preferencjom.<\/li>\n<li><strong>Opakowanie<\/strong>: Wygodnie zapakowane po 10 sztuk w pude\u0142ku i 200 sztuk w kartonie, idealne zar\u00f3wno do u\u017cytku osobistego, jak i do dystrybucji hurtowej w Polsce.<\/li>\n<\/ul>\n<\/div>\n<\/div>\n<\/div>\n<\/div>\n<h3>E-papierosy Bang Vape 35000 zaci\u0105gni\u0119\u0107 <strong>Lista Smak\u00f3w<\/strong><\/h3>\n<p>1. truskawka mango<br \/>\n2. love66<br \/>\n3. niebieska malina l\u00f3d<br \/>\n4. truskawka arbuz<br \/>\n5. cytryna mi\u0119ta<br \/>\n6. podw\u00f3jne jab\u0142ko<br \/>\n7. nap\u00f3j energetyczny<br \/>\n8. brzoskwinia l\u00f3d<br \/>\n9. truskawka kiwi<br \/>\n10. winogrono l\u00f3d<br \/>\n11. jagoda l\u00f3d<br \/>\n12. arbuz<\/p>\n<p><a href=\"https:\/\/vapebulkp.com\/pl\/product\/aivono-curved-smart-screen-35000-puffs-disposable-vape-wholesale-price\/\"><span style=\"vertical-align: inherit\">Aivono 35000 Zaci\u0105gni\u0119\u0107 <\/span><\/a><\/p>\n<p><span style=\"vertical-align: inherit\">Znajd\u017a wi\u0119cej produkt\u00f3w, kt\u00f3re mog\u0105 Ci si\u0119 spodoba\u0107:<\/span><em><a href=\"https:\/\/wa.me\/8618077105796\"><span style=\"vertical-align: inherit\">\u00a0Kup teraz<\/span><\/a><\/em><\/p>\n<p><span style=\"vertical-align: inherit\">Inne Puffs, kt\u00f3re mog\u0105 Ci si\u0119 spodoba\u0107:<\/span><a href=\"https:\/\/vapebulkp.com\/pl\/product\/wholesale-price-bang-kingdoms-rex-32000-puffs-vape-pod\/\"><span style=\"vertical-align: inherit\">Bang Kingdoms 32000 Zaci\u0105gni\u0119\u0107<\/span><\/a><span style=\"vertical-align: inherit\">\u3001<\/span><a href=\"https:\/\/vapebulkp.com\/pl\/product\/bood-pulse-pro-25k-50k-disposable-vape-bar-5000-puffs-nicotine-free\/\"><span style=\"vertical-align: inherit\">Bood pulse pro 50000 Zaci\u0105gni\u0119\u0107<\/span><\/a><span style=\"vertical-align: inherit\">\/ <\/span><a href=\"https:\/\/vapebulkp.com\/pl\/product\/vapsolo-best-quality-viking-12k-puffs-disposable-vapes\/\"><span style=\"vertical-align: inherit\">Vapsolo viking 12000 Zaci\u0105gni\u0119\u0107<\/span><\/a><span style=\"vertical-align: inherit\">\/ <\/span><a href=\"https:\/\/vapebulkp.com\/pl\/product\/waspe-vape-40000-puff-fihp-double-flavour-disposable-vape\/\"><span style=\"vertical-align: inherit\">WASPE 40000 Zaci\u0105gni\u0119\u0107<\/span><\/a><\/p>\n<p><span style=\"vertical-align: inherit\">E-papieros o specjalnym kszta\u0142cie butelki:<\/span><a href=\"https:\/\/vapebulkp.com\/pl\/product\/vapsolo-feed-bar-shisha-vape-15000-puffs-wholesale-price\/\"><span style=\"vertical-align: inherit\"> Vapsolo shisha 15000 Zaci\u0105gni\u0119\u0107<\/span><\/a><span style=\"vertical-align: inherit\">\/ <\/span><a href=\"https:\/\/vapebulkp.com\/pl\/product\/vopk-ultra-30000-puffs-rgb-light-mesh-coil-rechargeable-vape-wholesale-price\/\"><span style=\"vertical-align: inherit\">\u00a0VOPK ULTRA 30000 Zaci\u0105gni\u0119\u0107 <\/span><\/a><span style=\"vertical-align: inherit\">\/<\/span><a href=\"https:\/\/vapebulkp.com\/pl\/product\/bang-box-35000-puffs-touch-switch-digital-screen-rechargeable-vape\/\"><span style=\"vertical-align: inherit\"> Bang Box 35000 Zaci\u0105gni\u0119\u0107<\/span><\/a><\/p>\n<h4><\/h4>\n<h4>FAQ dotycz\u0105ce jednorazowych e-papieros\u00f3w Bang King 35K Puffs<\/h4>\n<p><strong>1. Ile zaci\u0105gni\u0119\u0107 oferuje jednorazowy e-papieros Bang King 35K?<\/strong><br \/>\nBang King zapewnia imponuj\u0105ce <strong>35,000 zaci\u0105gni\u0119\u0107<\/strong>, co czyni go jednym z najd\u0142u\u017cej dzia\u0142aj\u0105cych dost\u0119pnych jednorazowych e-papieros\u00f3w.<\/p>\n<p><strong>2. Jaka jest pojemno\u015b\u0107 e-liquidu w Bang King 35K?<\/strong><br \/>\nKa\u017cde urz\u0105dzenie jest fabrycznie nape\u0142nione <strong>23 ml wysokiej jako\u015bci e-liquidu<\/strong>, co zapewnia d\u0142ugotrwa\u0142e u\u017cytkowanie bez konieczno\u015bci ponownego nape\u0142niania.<\/p>\n<p><strong>3. Jakie st\u0119\u017cenia nikotyny s\u0105 dost\u0119pne dla Bang King 35k puffs?<\/strong><br \/>\nBang King oferuje szeroki wyb\u00f3r <strong>opcji soli nikotynowej<\/strong>: <strong>0%, 2%, 3%, i 5%<\/strong>, dostosowuj\u0105c si\u0119 do r\u00f3\u017cnych preferencji.<\/p>\n<p><strong>4. Jakiego rodzaju grza\u0142ki u\u017cywa e-papieros Bang Vape King 35000puffs?<\/strong><br \/>\nPosiada <strong>grza\u0142ki siatkowej 0.6\u03a9<\/strong>, zapewniaj\u0105c p\u0142ynn\u0105 produkcj\u0119 pary i wzmocniony smak.<\/p>\n<p><strong>5. Czy Bang King 35000 puffs jest \u0142adowalny?<\/strong><br \/>\nTak, urz\u0105dzenie jest wyposa\u017cone w <strong>portem \u0142adowania typu C<\/strong> do szybkiego i wygodnego \u0142adowania.<\/p>\n<h5>Szczeg\u00f3\u0142y wysy\u0142ki:<\/h5>\n<p><span style=\"color: #ff6600\">Czas produkcji: 5-10 dni roboczych<\/span><br \/>\n<span style=\"color: #ff6600\">Czas wysy\u0142ki: 8-14 dni roboczych<\/span><\/p>\n<p>Wszystkie produkty w naszym sklepie s\u0105 w 100% oryginalne i autentyczne, dlatego polityk\u0105 naszego sklepu jest dziesi\u0119ciokrotne odszkodowanie za podrobione towary. Do dostarczania towar\u00f3w u\u017cywamy kana\u0142\u00f3w logistycznych, takich jak UPS\/DHL\/FEDEX\/DPD.<\/p>\n<p>W przypadku paczek wysy\u0142anych do Polski dostawa trwa zwykle 10 dni roboczych. Wysy\u0142ka do kraj\u00f3w europejskich trwa zwykle od 12 do 15 dni roboczych. B\u0119dziemy aktualizowa\u0107 dla Ciebie informacje logistyczne w czasie rzeczywistym.<\/p>","protected":false},"excerpt":{"rendered":"<div class=\"flex-shrink-0 flex flex-col relative items-end\">\n<div class=\"pt-0\">\n<div class=\"gizmo-bot-avatar flex h-8 w-8 items-center justify-center overflow-hidden rounded-full\">\n<div class=\"relative p-1 rounded-sm flex items-center justify-center bg-token-main-surface-primary text-token-text-primary h-8 w-8\"><strong>Jednorazowy Vape Bang King 35000 Puffs<\/strong>, zawieraj\u0105cy ogromn\u0105 pojemno\u015b\u0107 <strong>35 000 zaci\u0105gni\u0119\u0107<\/strong>, <strong>23ml e-liquidu<\/strong>, <strong>bateri\u0119 1000mAh<\/strong>, oraz <strong>grza\u0142ki siatkowej 0.6\u03a9<\/strong> dla doskona\u0142ego smaku. Dost\u0119pny w sprzeda\u017cy hurtowej w <strong>Vapebulkp.com<\/strong> z wieloma opcjami nikotyny i <strong>mo\u017cliwo\u015bci\u0105 \u0142adowania przez Type-C<\/strong>\u2014ostateczny wyb\u00f3r dla <strong>hurtowych e-papieros\u00f3w o du\u017cej pojemno\u015bci<\/strong>.<\/div>\n<\/div>\n<\/div>\n<\/div>\n<p>Skontaktuj si\u0119 z WhatsApp Mandy, aby uzyska\u0107 cen\u0119 ze zni\u017ck\u0105<a href=\"https:\/\/wa.me\/8618077105796\">+8618077105796<\/a><\/p>\n<p><img decoding=\"async\" class=\"alignnone wp-image-2151\" src=\"http:\/\/vapebulkp.com\/wp-content\/uploads\/2024\/04\/Mandy-WhatsApp-Randm.jpg\" alt=\"WhatsApp Mandy Randm\" width=\"297\" height=\"316\" srcset=\"https:\/\/vapebulkp.com\/wp-content\/uploads\/2024\/04\/Mandy-WhatsApp-Randm.jpg 916w, https:\/\/vapebulkp.com\/wp-content\/uploads\/2024\/04\/Mandy-WhatsApp-Randm-282x300.jpg 282w, https:\/\/vapebulkp.com\/wp-content\/uploads\/2024\/04\/Mandy-WhatsApp-Randm-768x817.jpg 768w, https:\/\/vapebulkp.com\/wp-content\/uploads\/2024\/04\/Mandy-WhatsApp-Randm-600x638.jpg 600w\" sizes=\"(max-width: 297px) 100vw, 297px\" \/><\/p>\n<p><span style=\"color: #ff0000\">UWAGA: Ceny na naszej stronie internetowej nie zawieraj\u0105 koszt\u00f3w wysy\u0142ki<\/span><\/p>\n<p>&nbsp;<\/p>","protected":false},"featured_media":3353,"comment_status":"open","ping_status":"closed","template":"","meta":{"_uag_custom_page_level_css":"","_lmt_disableupdate":"no","_lmt_disable":"","site-sidebar-layout":"default","site-content-layout":"content-boxed-container","ast-site-content-layout":"normal-width-container","site-content-style":"boxed","site-sidebar-style":"unboxed","ast-global-header-display":"","ast-banner-title-visibility":"","ast-main-header-display":"","ast-hfb-above-header-display":"","ast-hfb-below-header-display":"","ast-hfb-mobile-header-display":"","site-post-title":"","ast-breadcrumbs-content":"","ast-featured-img":"","footer-sml-layout":"","theme-transparent-header-meta":"default","adv-header-id-meta":"","stick-header-meta":"","header-above-stick-meta":"","header-main-stick-meta":"","header-below-stick-meta":"","astra-migrate-meta-layouts":"set","_joinchat":[]},"product_cat":[190,153,344,155,33,59,100,87,34,158,157,154,152,58,84,156,63,32],"product_tag":[198,36,37,41,40],"class_list":["post-3345","product","type-product","status-publish","has-post-thumbnail","hentry","product_cat-35000-puffs-disposable-vape","product_cat-hot-disposable-vapes","product_cat-bang-king-vape","product_cat-belgium-hot-disposable-vapes","product_cat-france-vape-hot-sale","product_cat-germany-hot-disposable-vape","product_cat-germany-wholesale-vape-shop","product_cat-minimum-order-quantity-50pcs","product_cat-netherlands-vape-good-sale","product_cat-norway-hot-disposable-vapes","product_cat-poland-hot-disposable-vapes","product_cat-portugal-hot-disposable-vapes","product_cat-spain-hot-disposable-vapes","product_cat-sweden-hot-disposable-vape","product_cat-sweden-wholesale-vape","product_cat-switzerland-hot-disposable-vapes","product_cat-top-sale-disposable-vape","product_cat-vape-hot-sale-this-week","product_tag-bang-king-35000-puffs","product_tag-good-vape","product_tag-hot-sale-disposable-vape","product_tag-poland-hot-vape","product_tag-sweden-hot-vape","pa_brand-bang-king-vape","desktop-align-left","tablet-align-left","mobile-align-left"],"yoast_head":"<!-- This site is optimized with the Yoast SEO plugin v21.1 - https:\/\/yoast.com\/wordpress\/plugins\/seo\/ -->\n<title>Bang King 35000 Puffs Wholesale Puff Tornado Vape - vapebulkp.com<\/title>\n<meta name=\"description\" content=\"Shop Bang King 35000 Puffs Wholesale Puff Tornado Vape at Vapebulkp.com. Featuring 35,000 puffs, 23ml e-liquid, 0.6\u03a9 mesh coil, Type-C charging. Perfect for European retailers and vapers seeking high-capacity disposable vapes.\" \/>\n<meta name=\"robots\" content=\"index, follow, max-snippet:-1, max-image-preview:large, max-video-preview:-1\" \/>\n<link rel=\"canonical\" href=\"https:\/\/vapebulkp.com\/pl\/product\/bang-king-35000-puffs-wholesale-puff-tornado-vape\/\" \/>\n<meta property=\"og:locale\" content=\"pl_PL\" \/>\n<meta property=\"og:type\" content=\"article\" \/>\n<meta property=\"og:title\" content=\"Bang King 35000 Puffs Wholesale Puff Tornado Vape - vapebulkp.com\" \/>\n<meta property=\"og:description\" content=\"Shop Bang King 35000 Puffs Wholesale Puff Tornado Vape at Vapebulkp.com. Featuring 35,000 puffs, 23ml e-liquid, 0.6\u03a9 mesh coil, Type-C charging. Perfect for European retailers and vapers seeking high-capacity disposable vapes.\" \/>\n<meta property=\"og:url\" content=\"https:\/\/vapebulkp.com\/pl\/product\/bang-king-35000-puffs-wholesale-puff-tornado-vape\/\" \/>\n<meta property=\"og:site_name\" content=\"vapebulkp.com\" \/>\n<meta property=\"article:modified_time\" content=\"2025-09-16T09:29:20+00:00\" \/>\n<meta property=\"og:image\" content=\"http:\/\/vapebulkp.com\/wp-content\/uploads\/2025\/01\/Bang-King-35000-Puffs-Disposable-Vape-Good-Sale.webp\" \/>\n\t<meta property=\"og:image:width\" content=\"800\" \/>\n\t<meta property=\"og:image:height\" content=\"800\" \/>\n\t<meta property=\"og:image:type\" content=\"image\/webp\" \/>\n<meta name=\"twitter:card\" content=\"summary_large_image\" \/>\n<meta name=\"twitter:label1\" content=\"Szacowany czas czytania\" \/>\n\t<meta name=\"twitter:data1\" content=\"4 minuty\" \/>\n<script type=\"application\/ld+json\" class=\"yoast-schema-graph\">{\"@context\":\"https:\/\/schema.org\",\"@graph\":[{\"@type\":\"WebPage\",\"@id\":\"https:\/\/vapebulkp.com\/product\/bang-king-35000-puffs-wholesale-puff-tornado-vape\/\",\"url\":\"https:\/\/vapebulkp.com\/product\/bang-king-35000-puffs-wholesale-puff-tornado-vape\/\",\"name\":\"Bang King 35000 Puffs Wholesale Puff Tornado Vape - vapebulkp.com\",\"isPartOf\":{\"@id\":\"https:\/\/vapebulkp.com\/#website\"},\"datePublished\":\"2025-01-06T06:24:49+00:00\",\"dateModified\":\"2025-09-16T09:29:20+00:00\",\"description\":\"Shop Bang King 35000 Puffs Wholesale Puff Tornado Vape at Vapebulkp.com. Featuring 35,000 puffs, 23ml e-liquid, 0.6\u03a9 mesh coil, Type-C charging. Perfect for European retailers and vapers seeking high-capacity disposable vapes.\",\"breadcrumb\":{\"@id\":\"https:\/\/vapebulkp.com\/product\/bang-king-35000-puffs-wholesale-puff-tornado-vape\/#breadcrumb\"},\"inLanguage\":\"pl-PL\",\"potentialAction\":[{\"@type\":\"ReadAction\",\"target\":[\"https:\/\/vapebulkp.com\/product\/bang-king-35000-puffs-wholesale-puff-tornado-vape\/\"]}]},{\"@type\":\"BreadcrumbList\",\"@id\":\"https:\/\/vapebulkp.com\/product\/bang-king-35000-puffs-wholesale-puff-tornado-vape\/#breadcrumb\",\"itemListElement\":[{\"@type\":\"ListItem\",\"position\":1,\"name\":\"Home\",\"item\":\"https:\/\/vapebulkp.com\/\"},{\"@type\":\"ListItem\",\"position\":2,\"name\":\"Hot Trend Vapes\",\"item\":\"https:\/\/vapebulkp.com\/vape-shop\/\"},{\"@type\":\"ListItem\",\"position\":3,\"name\":\"Bang King 35000 Puffs Wholesale Puff Tornado Vape\"}]},{\"@type\":\"WebSite\",\"@id\":\"https:\/\/vapebulkp.com\/#website\",\"url\":\"https:\/\/vapebulkp.com\/\",\"name\":\"vapebulkp.com\",\"description\":\"Buy Vape In Cheap Bulk Price Near you\",\"publisher\":{\"@id\":\"https:\/\/vapebulkp.com\/#organization\"},\"potentialAction\":[{\"@type\":\"SearchAction\",\"target\":{\"@type\":\"EntryPoint\",\"urlTemplate\":\"https:\/\/vapebulkp.com\/?s={search_term_string}\"},\"query-input\":\"required name=search_term_string\"}],\"inLanguage\":\"pl-PL\"},{\"@type\":\"Organization\",\"@id\":\"https:\/\/vapebulkp.com\/#organization\",\"name\":\"vapebulkp.com\",\"url\":\"https:\/\/vapebulkp.com\/\",\"logo\":{\"@type\":\"ImageObject\",\"inLanguage\":\"pl-PL\",\"@id\":\"https:\/\/vapebulkp.com\/#\/schema\/logo\/image\/\",\"url\":\"https:\/\/vapebulkp.com\/wp-content\/uploads\/2023\/09\/cropped-vapebulkp.png\",\"contentUrl\":\"https:\/\/vapebulkp.com\/wp-content\/uploads\/2023\/09\/cropped-vapebulkp.png\",\"width\":516,\"height\":163,\"caption\":\"vapebulkp.com\"},\"image\":{\"@id\":\"https:\/\/vapebulkp.com\/#\/schema\/logo\/image\/\"}}]}<\/script>\n<!-- \/ Yoast SEO plugin. -->","yoast_head_json":{"title":"Bang King 35000 Puffs Wholesale Puff Tornado Vape - vapebulkp.com","description":"Shop Bang King 35000 Puffs Wholesale Puff Tornado Vape at Vapebulkp.com. Featuring 35,000 puffs, 23ml e-liquid, 0.6\u03a9 mesh coil, Type-C charging. Perfect for European retailers and vapers seeking high-capacity disposable vapes.","robots":{"index":"index","follow":"follow","max-snippet":"max-snippet:-1","max-image-preview":"max-image-preview:large","max-video-preview":"max-video-preview:-1"},"canonical":"https:\/\/vapebulkp.com\/pl\/product\/bang-king-35000-puffs-wholesale-puff-tornado-vape\/","og_locale":"pl_PL","og_type":"article","og_title":"Bang King 35000 Puffs Wholesale Puff Tornado Vape - vapebulkp.com","og_description":"Shop Bang King 35000 Puffs Wholesale Puff Tornado Vape at Vapebulkp.com. Featuring 35,000 puffs, 23ml e-liquid, 0.6\u03a9 mesh coil, Type-C charging. Perfect for European retailers and vapers seeking high-capacity disposable vapes.","og_url":"https:\/\/vapebulkp.com\/pl\/product\/bang-king-35000-puffs-wholesale-puff-tornado-vape\/","og_site_name":"vapebulkp.com","article_modified_time":"2025-09-16T09:29:20+00:00","og_image":[{"width":800,"height":800,"url":"http:\/\/vapebulkp.com\/wp-content\/uploads\/2025\/01\/Bang-King-35000-Puffs-Disposable-Vape-Good-Sale.webp","type":"image\/webp"}],"twitter_card":"summary_large_image","twitter_misc":{"Szacowany czas czytania":"4 minuty"},"schema":{"@context":"https:\/\/schema.org","@graph":[{"@type":"WebPage","@id":"https:\/\/vapebulkp.com\/product\/bang-king-35000-puffs-wholesale-puff-tornado-vape\/","url":"https:\/\/vapebulkp.com\/product\/bang-king-35000-puffs-wholesale-puff-tornado-vape\/","name":"Bang King 35000 Puffs Wholesale Puff Tornado Vape - vapebulkp.com","isPartOf":{"@id":"https:\/\/vapebulkp.com\/#website"},"datePublished":"2025-01-06T06:24:49+00:00","dateModified":"2025-09-16T09:29:20+00:00","description":"Shop Bang King 35000 Puffs Wholesale Puff Tornado Vape at Vapebulkp.com. Featuring 35,000 puffs, 23ml e-liquid, 0.6\u03a9 mesh coil, Type-C charging. Perfect for European retailers and vapers seeking high-capacity disposable vapes.","breadcrumb":{"@id":"https:\/\/vapebulkp.com\/product\/bang-king-35000-puffs-wholesale-puff-tornado-vape\/#breadcrumb"},"inLanguage":"pl-PL","potentialAction":[{"@type":"ReadAction","target":["https:\/\/vapebulkp.com\/product\/bang-king-35000-puffs-wholesale-puff-tornado-vape\/"]}]},{"@type":"BreadcrumbList","@id":"https:\/\/vapebulkp.com\/product\/bang-king-35000-puffs-wholesale-puff-tornado-vape\/#breadcrumb","itemListElement":[{"@type":"ListItem","position":1,"name":"Home","item":"https:\/\/vapebulkp.com\/"},{"@type":"ListItem","position":2,"name":"Hot Trend Vapes","item":"https:\/\/vapebulkp.com\/vape-shop\/"},{"@type":"ListItem","position":3,"name":"Bang King 35000 Puffs Wholesale Puff Tornado Vape"}]},{"@type":"WebSite","@id":"https:\/\/vapebulkp.com\/#website","url":"https:\/\/vapebulkp.com\/","name":"vapebulkp.com","description":"Buy Vape In Cheap Bulk Price Near you","publisher":{"@id":"https:\/\/vapebulkp.com\/#organization"},"potentialAction":[{"@type":"SearchAction","target":{"@type":"EntryPoint","urlTemplate":"https:\/\/vapebulkp.com\/?s={search_term_string}"},"query-input":"required name=search_term_string"}],"inLanguage":"pl-PL"},{"@type":"Organization","@id":"https:\/\/vapebulkp.com\/#organization","name":"vapebulkp.com","url":"https:\/\/vapebulkp.com\/","logo":{"@type":"ImageObject","inLanguage":"pl-PL","@id":"https:\/\/vapebulkp.com\/#\/schema\/logo\/image\/","url":"https:\/\/vapebulkp.com\/wp-content\/uploads\/2023\/09\/cropped-vapebulkp.png","contentUrl":"https:\/\/vapebulkp.com\/wp-content\/uploads\/2023\/09\/cropped-vapebulkp.png","width":516,"height":163,"caption":"vapebulkp.com"},"image":{"@id":"https:\/\/vapebulkp.com\/#\/schema\/logo\/image\/"}}]}},"uagb_featured_image_src":{"full":["https:\/\/vapebulkp.com\/wp-content\/uploads\/2025\/01\/Bang-King-35000-Puffs-Disposable-Vape-Good-Sale.webp",800,800,false],"thumbnail":["https:\/\/vapebulkp.com\/wp-content\/uploads\/2025\/01\/Bang-King-35000-Puffs-Disposable-Vape-Good-Sale-150x150.webp",150,150,true],"medium":["https:\/\/vapebulkp.com\/wp-content\/uploads\/2025\/01\/Bang-King-35000-Puffs-Disposable-Vape-Good-Sale-300x300.webp",300,300,true],"medium_large":["https:\/\/vapebulkp.com\/wp-content\/uploads\/2025\/01\/Bang-King-35000-Puffs-Disposable-Vape-Good-Sale-768x768.webp",768,768,true],"large":["https:\/\/vapebulkp.com\/wp-content\/uploads\/2025\/01\/Bang-King-35000-Puffs-Disposable-Vape-Good-Sale.webp",800,800,false],"1536x1536":["https:\/\/vapebulkp.com\/wp-content\/uploads\/2025\/01\/Bang-King-35000-Puffs-Disposable-Vape-Good-Sale.webp",800,800,false],"2048x2048":["https:\/\/vapebulkp.com\/wp-content\/uploads\/2025\/01\/Bang-King-35000-Puffs-Disposable-Vape-Good-Sale.webp",800,800,false],"trp-custom-language-flag":["https:\/\/vapebulkp.com\/wp-content\/uploads\/2025\/01\/Bang-King-35000-Puffs-Disposable-Vape-Good-Sale.webp",12,12,false],"woocommerce_thumbnail":["https:\/\/vapebulkp.com\/wp-content\/uploads\/2025\/01\/Bang-King-35000-Puffs-Disposable-Vape-Good-Sale-300x300.webp",300,300,true],"woocommerce_single":["https:\/\/vapebulkp.com\/wp-content\/uploads\/2025\/01\/Bang-King-35000-Puffs-Disposable-Vape-Good-Sale-600x600.webp",600,600,true],"woocommerce_gallery_thumbnail":["https:\/\/vapebulkp.com\/wp-content\/uploads\/2025\/01\/Bang-King-35000-Puffs-Disposable-Vape-Good-Sale-100x100.webp",100,100,true],"wcpr-photo-reviews":["https:\/\/vapebulkp.com\/wp-content\/uploads\/2025\/01\/Bang-King-35000-Puffs-Disposable-Vape-Good-Sale.webp",500,500,false]},"uagb_author_info":{"display_name":"Mandy vape bulk price","author_link":"https:\/\/vapebulkp.com\/pl\/author\/"},"uagb_comment_info":0,"uagb_excerpt":"Bang King 35000 Puffs Disposable Vape, featuring a massive 35,000 puff capacity, 23ml e-liquid, 1000mAh battery, and 0.6\u03a9 mesh coil for superior flavor. Available in bulk at Vapebulkp.com with multiple nicotine options and Type-C rechargeability\u2014the ultimate choice for wholesale high-capacity vapes. Pls Contact Mandy's WhatsApp For Discount Price+8618077105796 NOTE: Prices on our website does not&hellip;","_links":{"self":[{"href":"https:\/\/vapebulkp.com\/pl\/wp-json\/wp\/v2\/product\/3345","targetHints":{"allow":["GET"]}}],"collection":[{"href":"https:\/\/vapebulkp.com\/pl\/wp-json\/wp\/v2\/product"}],"about":[{"href":"https:\/\/vapebulkp.com\/pl\/wp-json\/wp\/v2\/types\/product"}],"replies":[{"embeddable":true,"href":"https:\/\/vapebulkp.com\/pl\/wp-json\/wp\/v2\/comments?post=3345"}],"wp:featuredmedia":[{"embeddable":true,"href":"https:\/\/vapebulkp.com\/pl\/wp-json\/wp\/v2\/media\/3353"}],"wp:attachment":[{"href":"https:\/\/vapebulkp.com\/pl\/wp-json\/wp\/v2\/media?parent=3345"}],"wp:term":[{"taxonomy":"product_cat","embeddable":true,"href":"https:\/\/vapebulkp.com\/pl\/wp-json\/wp\/v2\/product_cat?post=3345"},{"taxonomy":"product_tag","embeddable":true,"href":"https:\/\/vapebulkp.com\/pl\/wp-json\/wp\/v2\/product_tag?post=3345"}],"curies":[{"name":"wp","href":"https:\/\/api.w.org\/{rel}","templated":true}]}}