{"id":3411,"date":"2025-01-26T09:38:11","date_gmt":"2025-01-26T08:38:11","guid":{"rendered":"https:\/\/vapebulkp.com\/?post_type=product&#038;p=3411"},"modified":"2025-09-24T05:20:45","modified_gmt":"2025-09-24T03:20:45","slug":"aivono-aim-magic-20000-puffs-disposable-vape-multiple-nicotine-options","status":"publish","type":"product","link":"https:\/\/vapebulkp.com\/pl\/product\/aivono-aim-magic-20000-puffs-disposable-vape-multiple-nicotine-options\/","title":{"rendered":"Aivono Aim Magic 20000 Zaci\u0105gni\u0119\u0107 Jednorazowy Vape z Wieloma Opcjami Nikotyny"},"content":{"rendered":"<h2 style=\"text-align: left\">Aivono Aim Magic 20000 Zaci\u0105gni\u0119\u0107 Jednorazowy Vape z Wieloma Opcjami Nikotyny<\/h2>\n<p data-start=\"141\" data-end=\"487\">To <strong data-start=\"145\" data-end=\"193\">Aivono Aim Magic 20000 Puffs Jednorazowy Vape<\/strong> to wysokiej jako\u015bci jednorazowy vape zaprojektowany dla europejskich entuzjast\u00f3w vapingu, kt\u00f3rzy wymagaj\u0105 d\u0142ugotrwa\u0142ej wydajno\u015bci i bogatego smaku. Wst\u0119pnie nape\u0142niony 26 ml wysokiej jako\u015bci e-liquidu z sol\u0105 nikotynow\u0105, ten <a href=\"https:\/\/vapebulkp.com\/pl\/product-category\/20000-puffs-disposable-vape\/\"><strong data-start=\"385\" data-end=\"416\">20000 zaci\u0105gni\u0119\u0107 jednorazowy e-papieros<\/strong><\/a> zapewnia p\u0142ynne, sp\u00f3jne zaci\u0105gni\u0119cia dla d\u0142u\u017cszego do\u015bwiadczenia vapingu.<\/p>\n<p data-start=\"489\" data-end=\"793\">Zaprojektowany jako <strong data-start=\"503\" data-end=\"535\">\u0142adowalnym e-papierosie jednorazowym<\/strong>, posiada bateri\u0119 600 mAh z szybkim \u0142adowaniem Type-C, co skraca czas przestoju i zapewnia nieprzerwane u\u017cytkowanie, gdziekolwiek jeste\u015b. Zaawansowany <strong data-start=\"669\" data-end=\"693\">technologi\u0105 grza\u0142ki siatkowej<\/strong> wzmacnia intensywno\u015b\u0107 smaku i produkcj\u0119 pary, oferuj\u0105c satysfakcjonuj\u0105ce uderzenie w gard\u0142o przy ka\u017cdym zaci\u0105gni\u0119ciu.<\/p>\n<p data-start=\"795\" data-end=\"1131\">Lekki i elegancki, <strong data-start=\"822\" data-end=\"850\">Aivono Magic 20000 Pali<\/strong> \u0142\u0105czy styl i przeno\u015bno\u015b\u0107, dzi\u0119ki czemu idealnie nadaje si\u0119 do podr\u00f3\u017cy, spotka\u0144 towarzyskich lub codziennego u\u017cytku. Jego wszechstronne opcje nikotynowe (0%, 2%, 3%, 5%) zaspokajaj\u0105 szeroki zakres preferencji, a solidna konstrukcja gwarantuje <strong data-start=\"1066\" data-end=\"1087\">d\u0142ugie sesje wapowania<\/strong> kt\u00f3ry spe\u0142nia wymagania europejskich u\u017cytkownik\u00f3w.<\/p>\n<p data-start=\"1133\" data-end=\"1360\">Zaufany przez <strong data-start=\"1144\" data-end=\"1175\">europejskich entuzjast\u00f3w vapingu<\/strong>, ten <strong data-start=\"1182\" data-end=\"1209\">jednorazowy vape premium<\/strong> oferuje r\u00f3wnowag\u0119 mi\u0119dzy wygod\u0105, innowacyjno\u015bci\u0105 i wysok\u0105 jako\u015bci\u0105, co czyni go najlepszym wyborem zar\u00f3wno do u\u017cytku osobistego, jak i mo\u017cliwo\u015bci hurtowych.<\/p>\n<p data-start=\"193\" data-end=\"545\"><img decoding=\"async\" class=\"wp-image-3409\" style=\"font-style: inherit;font-weight: bold\" src=\"http:\/\/vapebulkp.com\/wp-content\/uploads\/2025\/01\/Rechargeable-Aivono-Aim-Magic-Disposable-Vape-Pen-with-20000-Puffs-Capacity.webp\" alt=\"Akumulatorowy jednorazowy d\u0142ugopis Vape Aivono Aim Magic o pojemno\u015bci 20000 zaci\u0105gni\u0119\u0107\" width=\"499\" height=\"499\" srcset=\"https:\/\/vapebulkp.com\/wp-content\/uploads\/2025\/01\/Rechargeable-Aivono-Aim-Magic-Disposable-Vape-Pen-with-20000-Puffs-Capacity.webp 800w, https:\/\/vapebulkp.com\/wp-content\/uploads\/2025\/01\/Rechargeable-Aivono-Aim-Magic-Disposable-Vape-Pen-with-20000-Puffs-Capacity-300x300.webp 300w, https:\/\/vapebulkp.com\/wp-content\/uploads\/2025\/01\/Rechargeable-Aivono-Aim-Magic-Disposable-Vape-Pen-with-20000-Puffs-Capacity-150x150.webp 150w, https:\/\/vapebulkp.com\/wp-content\/uploads\/2025\/01\/Rechargeable-Aivono-Aim-Magic-Disposable-Vape-Pen-with-20000-Puffs-Capacity-768x768.webp 768w, https:\/\/vapebulkp.com\/wp-content\/uploads\/2025\/01\/Rechargeable-Aivono-Aim-Magic-Disposable-Vape-Pen-with-20000-Puffs-Capacity-600x600.webp 600w, https:\/\/vapebulkp.com\/wp-content\/uploads\/2025\/01\/Rechargeable-Aivono-Aim-Magic-Disposable-Vape-Pen-with-20000-Puffs-Capacity-100x100.webp 100w\" sizes=\"(max-width: 499px) 100vw, 499px\" \/><\/p>\n<p>Akumulatorowy jednorazowy d\u0142ugopis Vape Aivono Aim Magic o pojemno\u015bci 20000 zaci\u0105gni\u0119\u0107<\/p>\n<h6>Skontaktuj si\u0119 z WhatsApp Mandy, aby uzyska\u0107 cen\u0119 ze zni\u017ck\u0105<a href=\"https:\/\/wa.me\/8618077105796\">+8618077105796<\/a><\/h6>\n<p><img decoding=\"async\" class=\"alignnone wp-image-2151\" src=\"http:\/\/vapebulkp.com\/wp-content\/uploads\/2024\/04\/Mandy-WhatsApp-Randm.jpg\" alt=\"WhatsApp Mandy Randm\" width=\"324\" height=\"330\" \/><\/p>\n<h2><strong>Aivono Aim Magic 20000 Puffs Jednorazowy Vape \u2014 cz\u0119sto zadawane pytania:<\/strong><\/h2>\n<h4>1. <strong>Co wyr\u00f3\u017cnia Aivono Aim Magic 20000 Puffs spo\u015br\u00f3d jednorazowych vape?<\/strong><\/h4>\n<p>Aivono Aim Magic charakteryzuje si\u0119 ogromn\u0105 pojemno\u015bci\u0105 20 000 zaci\u0105gni\u0119\u0107 i 26 ml wysokiej jako\u015bci e-liquidu, co zapewnia d\u0142u\u017csze u\u017cytkowanie bez cz\u0119stych wymian. Elegancki wygl\u0105d, w po\u0142\u0105czeniu z akumulatorem 600 mAh i szybkim \u0142adowaniem Type-C, zapewnia najwy\u017csz\u0105 wygod\u0119 i wydajno\u015b\u0107.<\/p>\n<h4>2. <strong>Jak na\u0142adowa\u0107 Aivono Aim Magic 20000 Puffs?<\/strong><\/h4>\n<p>To urz\u0105dzenie jest wyposa\u017cone w wygodny port \u0142adowania Type-C. Wystarczy pod\u0142\u0105czy\u0107 go do kompatybilnej \u0142adowarki, a bateria 600 mAh szybko si\u0119 na\u0142aduje, zapewniaj\u0105c nieprzerwany vaping.<\/p>\n<h4>3. <strong>Gdzie mog\u0119 kupi\u0107 vape Aivono Aim Magic 20K w Polsce?<\/strong><\/h4>\n<p>Mo\u017cesz kupi\u0107 Aivono Aim Magic od renomowanych sprzedawc\u00f3w detalicznych i w sklepach internetowych w ca\u0142ej Polsce. W przypadku opcji hurtowych i zakupu hurtowego Vapebulkp jest niezawodnym wyborem dla polskich klient\u00f3w.<\/p>\n<h2><\/h2>\n<h3><strong>Aivono Aim Magic 20000 Puffs Wysokowydajne urz\u0105dzenie do waporyzacji \u2013 cechy:<\/strong><\/h3>\n<ul>\n<li><strong>Pojemno\u015b\u0107 E-liquidu:<\/strong> 26 ml wysokiej jako\u015bci e-liquidu dla d\u0142u\u017cszego u\u017cytkowania.<\/li>\n<li><strong>Opcje nikotyny:<\/strong> Dost\u0119pne w st\u0119\u017ceniach nikotyny 0%, 2%, 3% i 5%, dostosowane do r\u00f3\u017cnych preferencji.<\/li>\n<li><strong>Pojemno\u015b\u0107 baterii:<\/strong> Wyposa\u017cony w akumulator 600mAh z mo\u017cliwo\u015bci\u0105 \u0142adowania, zapewniaj\u0105cy sta\u0142\u0105 i niezawodn\u0105 wydajno\u015b\u0107.<\/li>\n<li><strong>Interfejs \u0142adowania:<\/strong> Posiada port \u0142adowania typu C dla szybkiego i wydajnego \u0142adowania.<\/li>\n<li><strong>Opakowanie:<\/strong> Dostarczany w pude\u0142ku ekspozycyjnym zawieraj\u0105cym 10 sztuk, idealny do zakup\u00f3w hurtowych lub ekspozycji detalicznych.<\/li>\n<\/ul>\n<h3>Aivono Aim Magic 20000 Puff Elegancki design jednorazowego e-papierosa \u2013 opcje smakowe:<\/h3>\n<p>1. AIM MAGIC: Mro\u017cona jagoda<br \/>\n2. AIM MAGIC: Mro\u017cona truskawka<br \/>\n3. AIM MAGIC: Mro\u017cony arbuz<br \/>\n4. AIM MAGIC: Mro\u017cony ananas z kokosem<br \/>\n5. AIM MAGIC: Ananas z mango<br \/>\n6. AIM MAGIC: Mieszanka jag\u00f3d<br \/>\n7. AIM MAGIC: Truskawka z arbuzem<br \/>\n8. AIM MAGIC: Mro\u017cona niebieska malina<br \/>\n9. AIM MAGIC: Mro\u017cona brzoskwinia<br \/>\n10. AIM MAGIC: Lody truskawkowe<\/p>\n<p><a href=\"https:\/\/vapebulkp.com\/pl\/product\/fumot-tornado-25k-puffs-cheap-price-disposable-vape\/\"><span style=\"vertical-align: inherit\">RandM Tornado 25000 Pali <\/span><\/a><\/p>\n<p><span style=\"vertical-align: inherit\">Znajd\u017a wi\u0119cej produkt\u00f3w, kt\u00f3re mog\u0105 Ci si\u0119 spodoba\u0107:<\/span><em><a href=\"https:\/\/wa.me\/8618077105796\"><span style=\"vertical-align: inherit\">\u00a0Kup teraz<\/span><\/a><\/em><\/p>\n<p><span style=\"vertical-align: inherit\">Inne Puffs, kt\u00f3re mog\u0105 Ci si\u0119 spodoba\u0107:<\/span><a href=\"https:\/\/vapebulkp.com\/pl\/product\/uwin-tornado-music-35k-puffs-vape-wholesale-nicotine-free\/\"><span style=\"vertical-align: inherit\">UWIN Tornado 35000 Pali<\/span><\/a><span style=\"vertical-align: inherit\">\u3001<\/span><a href=\"https:\/\/vapebulkp.com\/pl\/product\/wholesale-price-bang-leader-80000-puffs-vape-device\/\"><span style=\"vertical-align: inherit\">BANG Leader 80000 Pali<\/span><\/a><span style=\"vertical-align: inherit\">\/ <\/span><a href=\"https:\/\/vapebulkp.com\/pl\/product\/wholesale-price-bang-kingdoms-rex-32000-puffs-vape-pod\/\"><span style=\"vertical-align: inherit\">Bang King doms rex 32000 Pali<\/span><\/a><span style=\"vertical-align: inherit\">\/ <\/span><a href=\"https:\/\/vapebulkp.com\/pl\/product\/bang-blaze-60000-puffs-4-in1-disposable-vape-for-wholesale-price\/\"><span style=\"vertical-align: inherit\">Bang Blaze 60000 Zaci\u0105gni\u0119\u0107<\/span><\/a><\/p>\n<p>&nbsp;<\/p>\n<h4><strong>Dlaczego warto wybra\u0107 Aivono Aim Magic 20000 Puffs w <a href=\"https:\/\/vapebulkp.com\/pl\/vape-shop\/\">Vapebulkp.com<\/a>?<\/strong><\/h4>\n<ul>\n<li><strong>Ekskluzywne ceny hurtowe:<\/strong> Vapebulkp.com oferuje bezkonkurencyjne ceny przy zakupach hurtowych, co czyni go platform\u0105 pierwszego wyboru dla sprzedawc\u00f3w i dystrybutor\u00f3w w Europie.<\/li>\n<li><strong>Gwarancja autentyczno\u015bci:<\/strong> Wszystkie vape Aivono Aim Magic 20000 Puffs pochodz\u0105 bezpo\u015brednio od zaufanych producent\u00f3w, co zapewnia w 100% oryginalne produkty najwy\u017cszej jako\u015bci.<\/li>\n<li><strong>Funkcje Premium:<\/strong> Aivono Aim Magic 20K Puffs wyr\u00f3\u017cnia si\u0119 ogromn\u0105 pojemno\u015bci\u0105 e-liquidu 26 ml, akumulatorem 600 mAh z mo\u017cliwo\u015bci\u0105 \u0142adowania i zaawansowan\u0105 technologi\u0105 podw\u00f3jnej siatki grzewczej, zapewniaj\u0105c niezmienn\u0105 wydajno\u015b\u0107 przy ka\u017cdym zaci\u0105gni\u0119ciu.<\/li>\n<li><strong>Opcje dostosowywania:<\/strong> Vapebulkp obs\u0142uguje us\u0142ugi OEM\/ODM, umo\u017cliwiaj\u0105c firmom personalizacj\u0119 projekt\u00f3w, logo i opakowa\u0144, aby by\u0142y zgodne z ich celami brandingowymi.<\/li>\n<li><strong>Zr\u00f3\u017cnicowane moce nikotyny:<\/strong> Dost\u0119pny w st\u0119\u017ceniach nikotyny 0%, 2%, 3% i 5%, ten waporyzator zaspokaja szeroki zakres preferencji konsument\u00f3w, od os\u00f3b poszukuj\u0105cych opcji beznikotynowej po u\u017cytkownik\u00f3w, kt\u00f3rzy lubi\u0105 mocniejsze uderzenie.<\/li>\n<li><strong>Szybka i niezawodna wysy\u0142ka:<\/strong> Koncentruj\u0105c si\u0119 na rynkach europejskich, Vapebulkp zapewnia sprawn\u0105 i bezpieczn\u0105 dostaw\u0119 do r\u00f3\u017cnych kraj\u00f3w, minimalizuj\u0105c czas oczekiwania dla klient\u00f3w.<\/li>\n<li><strong>Dedykowane wsparcie klienta:<\/strong> Vapebulkp.com szczyci si\u0119 wyj\u0105tkow\u0105 obs\u0142ug\u0105 klienta, oferuj\u0105c fachowe doradztwo i szybk\u0105 pomoc w przypadku zapyta\u0144, zakup\u00f3w i zam\u00f3wie\u0144 hurtowych.<\/li>\n<li><strong>Koncentracja na zr\u00f3wnowa\u017conym rozwoju:<\/strong> Promuj\u0105c produkty wielokrotnego \u0142adowania i przyjazne dla \u015brodowiska, takie jak Aivono Aim Magic 20000 Puffs, Vapebulkp przyczynia si\u0119 do bardziej zr\u00f3wnowa\u017conej przysz\u0142o\u015bci wapowania.<\/li>\n<\/ul>\n<h5>Szczeg\u00f3\u0142y wysy\u0142ki:<\/h5>\n<p><span style=\"color: #ff6600\">Czas produkcji: 5-10 dni roboczych<\/span><br \/>\n<span style=\"color: #ff6600\">Czas wysy\u0142ki: 8-14 dni roboczych<\/span><\/p>\n<p>Wszystkie produkty w naszym sklepie s\u0105 w 100% oryginalne i autentyczne, dlatego polityk\u0105 naszego sklepu jest dziesi\u0119ciokrotne odszkodowanie za podrobione towary. Do dostarczania towar\u00f3w u\u017cywamy kana\u0142\u00f3w logistycznych, takich jak UPS\/DHL\/FEDEX\/DPD.<\/p>\n<p>W przypadku paczek wysy\u0142anych do Polski dostawa trwa zwykle 10 dni roboczych. Wysy\u0142ka do kraj\u00f3w europejskich trwa zwykle od 12 do 15 dni roboczych. B\u0119dziemy aktualizowa\u0107 dla Ciebie informacje logistyczne w czasie rzeczywistym.<\/p>","protected":false},"excerpt":{"rendered":"<ul>\n<li>Hurtowa cena Aivono Vape Aim Magic 20K Puffs Premium Jednorazowy Vape<\/li>\n<li>Aivono Aim Magic 20000 Puffs Jednorazowy Vape z dwoma trybami<\/li>\n<li>Aivono Aim Magic 20K Puffs Vape Pod dla wyd\u0142u\u017conego wapowania<\/li>\n<\/ul>\n<p>Skontaktuj si\u0119 z WhatsApp Mandy, aby uzyska\u0107 cen\u0119 ze zni\u017ck\u0105<a href=\"https:\/\/wa.me\/8618077105796\">+8618077105796<\/a><\/p>\n<p><img decoding=\"async\" class=\"alignnone wp-image-2151\" src=\"http:\/\/vapebulkp.com\/wp-content\/uploads\/2024\/04\/Mandy-WhatsApp-Randm.jpg\" alt=\"WhatsApp Mandy Randm\" width=\"297\" height=\"316\" srcset=\"https:\/\/vapebulkp.com\/wp-content\/uploads\/2024\/04\/Mandy-WhatsApp-Randm.jpg 916w, https:\/\/vapebulkp.com\/wp-content\/uploads\/2024\/04\/Mandy-WhatsApp-Randm-282x300.jpg 282w, https:\/\/vapebulkp.com\/wp-content\/uploads\/2024\/04\/Mandy-WhatsApp-Randm-768x817.jpg 768w, https:\/\/vapebulkp.com\/wp-content\/uploads\/2024\/04\/Mandy-WhatsApp-Randm-600x638.jpg 600w\" sizes=\"(max-width: 297px) 100vw, 297px\" \/><\/p>\n<p><span style=\"color: #ff0000\">UWAGA: Ceny na naszej stronie internetowej nie zawieraj\u0105 koszt\u00f3w wysy\u0142ki<\/span><\/p>\n<p>&nbsp;<\/p>","protected":false},"featured_media":3400,"comment_status":"open","ping_status":"closed","template":"","meta":{"_uag_custom_page_level_css":"","_lmt_disableupdate":"no","_lmt_disable":"","site-sidebar-layout":"default","site-content-layout":"content-boxed-container","ast-site-content-layout":"normal-width-container","site-content-style":"boxed","site-sidebar-style":"unboxed","ast-global-header-display":"","ast-banner-title-visibility":"","ast-main-header-display":"","ast-hfb-above-header-display":"","ast-hfb-below-header-display":"","ast-hfb-mobile-header-display":"","site-post-title":"","ast-breadcrumbs-content":"","ast-featured-img":"","footer-sml-layout":"","theme-transparent-header-meta":"default","adv-header-id-meta":"","stick-header-meta":"","header-above-stick-meta":"","header-main-stick-meta":"","header-below-stick-meta":"","astra-migrate-meta-layouts":"set","_joinchat":[]},"product_cat":[162,342,153,155,33,59,100,87,34,158,157,154,152,58,84,156],"product_tag":[204,36,37,41,40],"class_list":["post-3411","product","type-product","status-publish","has-post-thumbnail","hentry","product_cat-20000-puffs-disposable-vape","product_cat-aivono-vape","product_cat-hot-disposable-vapes","product_cat-belgium-hot-disposable-vapes","product_cat-france-vape-hot-sale","product_cat-germany-hot-disposable-vape","product_cat-germany-wholesale-vape-shop","product_cat-minimum-order-quantity-50pcs","product_cat-netherlands-vape-good-sale","product_cat-norway-hot-disposable-vapes","product_cat-poland-hot-disposable-vapes","product_cat-portugal-hot-disposable-vapes","product_cat-spain-hot-disposable-vapes","product_cat-sweden-hot-disposable-vape","product_cat-sweden-wholesale-vape","product_cat-switzerland-hot-disposable-vapes","product_tag-aivono-aim-magic-20000-puffs","product_tag-good-vape","product_tag-hot-sale-disposable-vape","product_tag-poland-hot-vape","product_tag-sweden-hot-vape","pa_brand-aivono-vape","desktop-align-left","tablet-align-left","mobile-align-left"],"yoast_head":"<!-- This site is optimized with the Yoast SEO plugin v21.1 - https:\/\/yoast.com\/wordpress\/plugins\/seo\/ -->\n<title>Aivono Aim Magic 20000 Puffs Disposable Vape Multiple Nicotine Options - vapebulkp.com<\/title>\n<meta name=\"description\" content=\"Wholesale Price Aivono Aim Magic 20000 Puffs Vape Device offers dual modes, 26ml e-liquid, rechargeable battery, customizable design.\" \/>\n<meta name=\"robots\" content=\"index, follow, max-snippet:-1, max-image-preview:large, max-video-preview:-1\" \/>\n<link rel=\"canonical\" href=\"https:\/\/vapebulkp.com\/pl\/product\/aivono-aim-magic-20000-puffs-disposable-vape-multiple-nicotine-options\/\" \/>\n<meta property=\"og:locale\" content=\"pl_PL\" \/>\n<meta property=\"og:type\" content=\"article\" \/>\n<meta property=\"og:title\" content=\"Aivono Aim Magic 20000 Puffs Disposable Vape Multiple Nicotine Options - vapebulkp.com\" \/>\n<meta property=\"og:description\" content=\"Wholesale Price Aivono Aim Magic 20000 Puffs Vape Device offers dual modes, 26ml e-liquid, rechargeable battery, customizable design.\" \/>\n<meta property=\"og:url\" content=\"https:\/\/vapebulkp.com\/pl\/product\/aivono-aim-magic-20000-puffs-disposable-vape-multiple-nicotine-options\/\" \/>\n<meta property=\"og:site_name\" content=\"vapebulkp.com\" \/>\n<meta property=\"article:modified_time\" content=\"2025-09-24T03:20:45+00:00\" \/>\n<meta property=\"og:image\" content=\"http:\/\/vapebulkp.com\/wp-content\/uploads\/2025\/01\/20000-Puffs-Aivono-Aim-Magic-Disposable-Vape-Bulk-Buy-with-Nicotine-Options.webp\" \/>\n\t<meta property=\"og:image:width\" content=\"800\" \/>\n\t<meta property=\"og:image:height\" content=\"800\" \/>\n\t<meta property=\"og:image:type\" content=\"image\/webp\" \/>\n<meta name=\"twitter:card\" content=\"summary_large_image\" \/>\n<meta name=\"twitter:label1\" content=\"Szacowany czas czytania\" \/>\n\t<meta name=\"twitter:data1\" content=\"4 minuty\" \/>\n<script type=\"application\/ld+json\" class=\"yoast-schema-graph\">{\"@context\":\"https:\/\/schema.org\",\"@graph\":[{\"@type\":\"WebPage\",\"@id\":\"https:\/\/vapebulkp.com\/product\/aivono-aim-magic-20000-puffs-disposable-vape-multiple-nicotine-options\/\",\"url\":\"https:\/\/vapebulkp.com\/product\/aivono-aim-magic-20000-puffs-disposable-vape-multiple-nicotine-options\/\",\"name\":\"Aivono Aim Magic 20000 Puffs Disposable Vape Multiple Nicotine Options - vapebulkp.com\",\"isPartOf\":{\"@id\":\"https:\/\/vapebulkp.com\/#website\"},\"datePublished\":\"2025-01-26T08:38:11+00:00\",\"dateModified\":\"2025-09-24T03:20:45+00:00\",\"description\":\"Wholesale Price Aivono Aim Magic 20000 Puffs Vape Device offers dual modes, 26ml e-liquid, rechargeable battery, customizable design.\",\"breadcrumb\":{\"@id\":\"https:\/\/vapebulkp.com\/product\/aivono-aim-magic-20000-puffs-disposable-vape-multiple-nicotine-options\/#breadcrumb\"},\"inLanguage\":\"pl-PL\",\"potentialAction\":[{\"@type\":\"ReadAction\",\"target\":[\"https:\/\/vapebulkp.com\/product\/aivono-aim-magic-20000-puffs-disposable-vape-multiple-nicotine-options\/\"]}]},{\"@type\":\"BreadcrumbList\",\"@id\":\"https:\/\/vapebulkp.com\/product\/aivono-aim-magic-20000-puffs-disposable-vape-multiple-nicotine-options\/#breadcrumb\",\"itemListElement\":[{\"@type\":\"ListItem\",\"position\":1,\"name\":\"Home\",\"item\":\"https:\/\/vapebulkp.com\/\"},{\"@type\":\"ListItem\",\"position\":2,\"name\":\"Hot Trend Vapes\",\"item\":\"https:\/\/vapebulkp.com\/vape-shop\/\"},{\"@type\":\"ListItem\",\"position\":3,\"name\":\"Aivono Aim Magic 20000 Puffs Disposable Vape Multiple Nicotine Options\"}]},{\"@type\":\"WebSite\",\"@id\":\"https:\/\/vapebulkp.com\/#website\",\"url\":\"https:\/\/vapebulkp.com\/\",\"name\":\"vapebulkp.com\",\"description\":\"Buy Vape In Cheap Bulk Price Near you\",\"publisher\":{\"@id\":\"https:\/\/vapebulkp.com\/#organization\"},\"potentialAction\":[{\"@type\":\"SearchAction\",\"target\":{\"@type\":\"EntryPoint\",\"urlTemplate\":\"https:\/\/vapebulkp.com\/?s={search_term_string}\"},\"query-input\":\"required name=search_term_string\"}],\"inLanguage\":\"pl-PL\"},{\"@type\":\"Organization\",\"@id\":\"https:\/\/vapebulkp.com\/#organization\",\"name\":\"vapebulkp.com\",\"url\":\"https:\/\/vapebulkp.com\/\",\"logo\":{\"@type\":\"ImageObject\",\"inLanguage\":\"pl-PL\",\"@id\":\"https:\/\/vapebulkp.com\/#\/schema\/logo\/image\/\",\"url\":\"https:\/\/vapebulkp.com\/wp-content\/uploads\/2023\/09\/cropped-vapebulkp.png\",\"contentUrl\":\"https:\/\/vapebulkp.com\/wp-content\/uploads\/2023\/09\/cropped-vapebulkp.png\",\"width\":516,\"height\":163,\"caption\":\"vapebulkp.com\"},\"image\":{\"@id\":\"https:\/\/vapebulkp.com\/#\/schema\/logo\/image\/\"}}]}<\/script>\n<!-- \/ Yoast SEO plugin. -->","yoast_head_json":{"title":"Aivono Aim Magic 20000 Puffs Disposable Vape Multiple Nicotine Options - vapebulkp.com","description":"Wholesale Price Aivono Aim Magic 20000 Puffs Vape Device offers dual modes, 26ml e-liquid, rechargeable battery, customizable design.","robots":{"index":"index","follow":"follow","max-snippet":"max-snippet:-1","max-image-preview":"max-image-preview:large","max-video-preview":"max-video-preview:-1"},"canonical":"https:\/\/vapebulkp.com\/pl\/product\/aivono-aim-magic-20000-puffs-disposable-vape-multiple-nicotine-options\/","og_locale":"pl_PL","og_type":"article","og_title":"Aivono Aim Magic 20000 Puffs Disposable Vape Multiple Nicotine Options - vapebulkp.com","og_description":"Wholesale Price Aivono Aim Magic 20000 Puffs Vape Device offers dual modes, 26ml e-liquid, rechargeable battery, customizable design.","og_url":"https:\/\/vapebulkp.com\/pl\/product\/aivono-aim-magic-20000-puffs-disposable-vape-multiple-nicotine-options\/","og_site_name":"vapebulkp.com","article_modified_time":"2025-09-24T03:20:45+00:00","og_image":[{"width":800,"height":800,"url":"http:\/\/vapebulkp.com\/wp-content\/uploads\/2025\/01\/20000-Puffs-Aivono-Aim-Magic-Disposable-Vape-Bulk-Buy-with-Nicotine-Options.webp","type":"image\/webp"}],"twitter_card":"summary_large_image","twitter_misc":{"Szacowany czas czytania":"4 minuty"},"schema":{"@context":"https:\/\/schema.org","@graph":[{"@type":"WebPage","@id":"https:\/\/vapebulkp.com\/product\/aivono-aim-magic-20000-puffs-disposable-vape-multiple-nicotine-options\/","url":"https:\/\/vapebulkp.com\/product\/aivono-aim-magic-20000-puffs-disposable-vape-multiple-nicotine-options\/","name":"Aivono Aim Magic 20000 Puffs Disposable Vape Multiple Nicotine Options - vapebulkp.com","isPartOf":{"@id":"https:\/\/vapebulkp.com\/#website"},"datePublished":"2025-01-26T08:38:11+00:00","dateModified":"2025-09-24T03:20:45+00:00","description":"Wholesale Price Aivono Aim Magic 20000 Puffs Vape Device offers dual modes, 26ml e-liquid, rechargeable battery, customizable design.","breadcrumb":{"@id":"https:\/\/vapebulkp.com\/product\/aivono-aim-magic-20000-puffs-disposable-vape-multiple-nicotine-options\/#breadcrumb"},"inLanguage":"pl-PL","potentialAction":[{"@type":"ReadAction","target":["https:\/\/vapebulkp.com\/product\/aivono-aim-magic-20000-puffs-disposable-vape-multiple-nicotine-options\/"]}]},{"@type":"BreadcrumbList","@id":"https:\/\/vapebulkp.com\/product\/aivono-aim-magic-20000-puffs-disposable-vape-multiple-nicotine-options\/#breadcrumb","itemListElement":[{"@type":"ListItem","position":1,"name":"Home","item":"https:\/\/vapebulkp.com\/"},{"@type":"ListItem","position":2,"name":"Hot Trend Vapes","item":"https:\/\/vapebulkp.com\/vape-shop\/"},{"@type":"ListItem","position":3,"name":"Aivono Aim Magic 20000 Puffs Disposable Vape Multiple Nicotine Options"}]},{"@type":"WebSite","@id":"https:\/\/vapebulkp.com\/#website","url":"https:\/\/vapebulkp.com\/","name":"vapebulkp.com","description":"Buy Vape In Cheap Bulk Price Near you","publisher":{"@id":"https:\/\/vapebulkp.com\/#organization"},"potentialAction":[{"@type":"SearchAction","target":{"@type":"EntryPoint","urlTemplate":"https:\/\/vapebulkp.com\/?s={search_term_string}"},"query-input":"required name=search_term_string"}],"inLanguage":"pl-PL"},{"@type":"Organization","@id":"https:\/\/vapebulkp.com\/#organization","name":"vapebulkp.com","url":"https:\/\/vapebulkp.com\/","logo":{"@type":"ImageObject","inLanguage":"pl-PL","@id":"https:\/\/vapebulkp.com\/#\/schema\/logo\/image\/","url":"https:\/\/vapebulkp.com\/wp-content\/uploads\/2023\/09\/cropped-vapebulkp.png","contentUrl":"https:\/\/vapebulkp.com\/wp-content\/uploads\/2023\/09\/cropped-vapebulkp.png","width":516,"height":163,"caption":"vapebulkp.com"},"image":{"@id":"https:\/\/vapebulkp.com\/#\/schema\/logo\/image\/"}}]}},"uagb_featured_image_src":{"full":["https:\/\/vapebulkp.com\/wp-content\/uploads\/2025\/01\/20000-Puffs-Aivono-Aim-Magic-Disposable-Vape-Bulk-Buy-with-Nicotine-Options.webp",800,800,false],"thumbnail":["https:\/\/vapebulkp.com\/wp-content\/uploads\/2025\/01\/20000-Puffs-Aivono-Aim-Magic-Disposable-Vape-Bulk-Buy-with-Nicotine-Options-150x150.webp",150,150,true],"medium":["https:\/\/vapebulkp.com\/wp-content\/uploads\/2025\/01\/20000-Puffs-Aivono-Aim-Magic-Disposable-Vape-Bulk-Buy-with-Nicotine-Options-300x300.webp",300,300,true],"medium_large":["https:\/\/vapebulkp.com\/wp-content\/uploads\/2025\/01\/20000-Puffs-Aivono-Aim-Magic-Disposable-Vape-Bulk-Buy-with-Nicotine-Options-768x768.webp",768,768,true],"large":["https:\/\/vapebulkp.com\/wp-content\/uploads\/2025\/01\/20000-Puffs-Aivono-Aim-Magic-Disposable-Vape-Bulk-Buy-with-Nicotine-Options.webp",800,800,false],"1536x1536":["https:\/\/vapebulkp.com\/wp-content\/uploads\/2025\/01\/20000-Puffs-Aivono-Aim-Magic-Disposable-Vape-Bulk-Buy-with-Nicotine-Options.webp",800,800,false],"2048x2048":["https:\/\/vapebulkp.com\/wp-content\/uploads\/2025\/01\/20000-Puffs-Aivono-Aim-Magic-Disposable-Vape-Bulk-Buy-with-Nicotine-Options.webp",800,800,false],"trp-custom-language-flag":["https:\/\/vapebulkp.com\/wp-content\/uploads\/2025\/01\/20000-Puffs-Aivono-Aim-Magic-Disposable-Vape-Bulk-Buy-with-Nicotine-Options.webp",12,12,false],"woocommerce_thumbnail":["https:\/\/vapebulkp.com\/wp-content\/uploads\/2025\/01\/20000-Puffs-Aivono-Aim-Magic-Disposable-Vape-Bulk-Buy-with-Nicotine-Options-300x300.webp",300,300,true],"woocommerce_single":["https:\/\/vapebulkp.com\/wp-content\/uploads\/2025\/01\/20000-Puffs-Aivono-Aim-Magic-Disposable-Vape-Bulk-Buy-with-Nicotine-Options-600x600.webp",600,600,true],"woocommerce_gallery_thumbnail":["https:\/\/vapebulkp.com\/wp-content\/uploads\/2025\/01\/20000-Puffs-Aivono-Aim-Magic-Disposable-Vape-Bulk-Buy-with-Nicotine-Options-100x100.webp",100,100,true],"wcpr-photo-reviews":["https:\/\/vapebulkp.com\/wp-content\/uploads\/2025\/01\/20000-Puffs-Aivono-Aim-Magic-Disposable-Vape-Bulk-Buy-with-Nicotine-Options.webp",500,500,false]},"uagb_author_info":{"display_name":"Mandy vape bulk price","author_link":"https:\/\/vapebulkp.com\/pl\/author\/"},"uagb_comment_info":0,"uagb_excerpt":"Wholesale Price Aivono Vape Aim Magic 20K Puffs Premium Disposable Vape Aivono Aim Magic 20000 Puffs Disposable Vape with Dual Modes Aivono Aim Magic 20K Puffs Vape Pod for Extended Vaping Pls Contact Mandy's WhatsApp For Discount Price+8618077105796 NOTE: Prices on our website does not include shipping costs &nbsp;","_links":{"self":[{"href":"https:\/\/vapebulkp.com\/pl\/wp-json\/wp\/v2\/product\/3411","targetHints":{"allow":["GET"]}}],"collection":[{"href":"https:\/\/vapebulkp.com\/pl\/wp-json\/wp\/v2\/product"}],"about":[{"href":"https:\/\/vapebulkp.com\/pl\/wp-json\/wp\/v2\/types\/product"}],"replies":[{"embeddable":true,"href":"https:\/\/vapebulkp.com\/pl\/wp-json\/wp\/v2\/comments?post=3411"}],"wp:featuredmedia":[{"embeddable":true,"href":"https:\/\/vapebulkp.com\/pl\/wp-json\/wp\/v2\/media\/3400"}],"wp:attachment":[{"href":"https:\/\/vapebulkp.com\/pl\/wp-json\/wp\/v2\/media?parent=3411"}],"wp:term":[{"taxonomy":"product_cat","embeddable":true,"href":"https:\/\/vapebulkp.com\/pl\/wp-json\/wp\/v2\/product_cat?post=3411"},{"taxonomy":"product_tag","embeddable":true,"href":"https:\/\/vapebulkp.com\/pl\/wp-json\/wp\/v2\/product_tag?post=3411"}],"curies":[{"name":"wp","href":"https:\/\/api.w.org\/{rel}","templated":true}]}}