{"id":3412,"date":"2025-01-30T09:00:36","date_gmt":"2025-01-30T08:00:36","guid":{"rendered":"https:\/\/vapebulkp.com\/?post_type=product&#038;p=3412"},"modified":"2025-09-03T09:21:22","modified_gmt":"2025-09-03T07:21:22","slug":"evappe-deluxe-bar-18000-puffs-high-performance-waka-vape-pod","status":"publish","type":"product","link":"https:\/\/vapebulkp.com\/pl\/product\/evappe-deluxe-bar-18000-puffs-high-performance-waka-vape-pod\/","title":{"rendered":"Evappe Deluxe Bar 18000 Puffs Waka Vape Pod o wysokiej wydajno\u015bci"},"content":{"rendered":"<h2 style=\"text-align: left\">Evappe Deluxe Bar 18000 Puffs Waka Vape Pod o wysokiej wydajno\u015bci<\/h2>\n<p>&nbsp;<\/p>\n<p>To <strong>Evappe Deluxe Bar 18000 Puffs Wydajny Vape Pod<\/strong> oferuje wyj\u0105tkowe, premium wra\u017cenia z vapingu, zaprojektowane dla wymagaj\u0105cych u\u017cytkownik\u00f3w. Dzi\u0119ki innowacyjnemu designowi i najnowocze\u015bniejszej technologii, ten jednorazowy vape dostarcza do 18 000 zaci\u0105gni\u0119\u0107 sta\u0142ej, wysokiej jako\u015bci pary. Niezale\u017cnie od tego, czy szukasz g\u0142adkiego, satysfakcjonuj\u0105cego uderzenia nikotyny, czy wci\u0105gaj\u0105cego profilu smakowego, Evappe Deluxe Bar 18000 puff gwarantuje jedno i drugie, co czyni go idealnym wyborem zar\u00f3wno dla zaawansowanych vaper\u00f3w, jak i pocz\u0105tkuj\u0105cych.<\/p>\n<p>Wst\u0119pnie nape\u0142niony hojn\u0105 ilo\u015bci\u0105 25 ml e-liquidu i dost\u0119pny w mocach nikotyny 2% i 5%, oferuje elastyczno\u015b\u0107 dopasowania do osobistych preferencji. Zaawansowana technologia grza\u0142ki mesh 0.6\u03a9 zapewnia szybk\u0105 produkcj\u0119 pary, optymalizuj\u0105c smak i dostarczaj\u0105c g\u0142adkie uderzenie w gard\u0142o. Wbudowany akumulator 750 mAh z portem \u0142adowania Type-C zapewnia d\u0142u\u017csz\u0105 i niezawodn\u0105 wydajno\u015b\u0107, idealn\u0105 do d\u0142u\u017cszego u\u017cytkowania.<\/p>\n<p>Zaprojektowany z my\u015bl\u0105 o stylu i praktyczno\u015bci, Evappe Deluxe Bar 18k puff z Top Sale Vape ma elegancki, nowoczesny wygl\u0105d, a wy\u015bwietlacz DTL (Direct-to-Lung) dostarcza dane o u\u017cytkowaniu w czasie rzeczywistym. Ten vape pod jest stworzony z my\u015bl\u0105 o maksymalnej wygodzie, oferuj\u0105c ekologiczne i przyjazne dla u\u017cytkownika rozwi\u0105zanie do vapingu bez kompromis\u00f3w w zakresie smaku lub jako\u015bci.<\/p>\n<p>Wybierz <strong>Wydajny <\/strong><strong>Bar Evappe Deluxe <a href=\"https:\/\/vapebulkp.com\/pl\/product-category\/18000-puffs-disposable-vape\/\">18000 zaci\u0105gni\u0119\u0107 jednorazowy e-papieros <\/a><\/strong>dla podniesionych wra\u017ce\u0144 z vapingu dzi\u0119ki doskona\u0142emu designowi, najnowocze\u015bniejszej technologii i sta\u0142ej wydajno\u015bci.<\/p>\n<h6>Skontaktuj si\u0119 z WhatsApp Mandy, aby uzyska\u0107 cen\u0119 ze zni\u017ck\u0105<a href=\"https:\/\/wa.me\/8618077105796\">+8618077105796<\/a><\/h6>\n<p><img decoding=\"async\" class=\"alignnone wp-image-2151\" src=\"http:\/\/vapebulkp.com\/wp-content\/uploads\/2024\/04\/Mandy-WhatsApp-Randm.jpg\" alt=\"WhatsApp Mandy Randm\" width=\"324\" height=\"330\" \/><\/p>\n<h2><strong>Najcz\u0119\u015bciej zadawane pytania dotycz\u0105ce Evappe Deluxe Bar 18000 Puffs Disposable Vape:<\/strong><\/h2>\n<p><strong>P1: Jak d\u0142ugo wystarcza Evappe Deluxe Bar 18k Puffs?<\/strong><br \/>\nUrz\u0105dzenie zosta\u0142o zaprojektowane tak, aby zapewni\u0107 do 18 000 zaci\u0105gni\u0119\u0107, w zale\u017cno\u015bci od wzorc\u00f3w u\u017cytkowania, co czyni je idealnym do d\u0142u\u017cszych sesji vapingu.<\/p>\n<p><strong>P2: Czy Evappe Deluxe Bar jest \u0142adowalny?<\/strong><br \/>\nTak, posiada akumulator 750 mAh z portem \u0142adowania Type-C do szybkiego i wygodnego \u0142adowania.<\/p>\n<p><strong>P5: Ile e-liquidu mie\u015bci urz\u0105dzenie?<\/strong><br \/>\nKa\u017cdy Evappe Deluxe Bar jest wst\u0119pnie nape\u0142niony 25 ml wysokiej jako\u015bci e-liquidu, co zapewnia d\u0142ugotrwa\u0142e u\u017cytkowanie.<\/p>\n<p><strong>Pytanie 9: Czy Evappe Deluxe Bar posiada wy\u015bwietlacz?<\/strong><br \/>\nTak, zawiera wy\u015bwietlacz DTL do wygodnego monitorowania sesji wapowania.<\/p>\n<p><strong>Pytanie 10: Gdzie mog\u0119 kupi\u0107 Evappe Deluxe Bar?<\/strong><br \/>\nEvappe Deluxe Bar mo\u017cna kupi\u0107 u autoryzowanych sprzedawc\u00f3w lub w sklepach internetowych, takich jak Vapebulkp.com.<\/p>\n<h2><\/h2>\n<h3><strong>Funkcje Evappe Deluxe Bar 18000 Puff w sprzeda\u017cy hurtowej:<\/strong><\/h3>\n<ul>\n<li><strong>Liczba Zaci\u0105gni\u0119\u0107:<\/strong> Do 18 000 zaci\u0105gni\u0119\u0107 z do\u015bwiadczeniem wapowania bezpo\u015brednio do p\u0142uc (DTL).<\/li>\n<li><strong>Moc nikotyny:<\/strong> Dost\u0119pny w opcjach nikotyny 2% i 5%, aby zaspokoi\u0107 r\u00f3\u017cne preferencje.<\/li>\n<li><strong>Pojemno\u015b\u0107 E-liquidu:<\/strong> Wst\u0119pnie nape\u0142niony 25 ml wysokiej jako\u015bci e-liquidu do d\u0142u\u017cszego u\u017cytkowania.<\/li>\n<li><strong>Bateria:<\/strong> Akumulator 750 mAh do niezawodnego, d\u0142ugotrwa\u0142ego dzia\u0142ania.<\/li>\n<li><strong>Interfejs \u0142adowania:<\/strong> Wyposa\u017cony w port typu C do szybkiego i wydajnego \u0142adowania.<\/li>\n<li><strong>Technologia grza\u0142ki:<\/strong> Posiada cewk\u0119 siatkow\u0105 0,6 \u03a9 dla lepszego smaku i p\u0142ynnej produkcji pary.<\/li>\n<li><strong>Opakowanie:<\/strong> Sprzedawany w pude\u0142kach zawieraj\u0105cych 10 sztuk, idealny do zakup\u00f3w hurtowych lub ekspozycji detalicznych.<\/li>\n<\/ul>\n<h3>Opcje smakowe Evappe Deluxe Bar 18k Puff przy zakupie hurtowym:<\/h3>\n<p>1. Dwa Jab\u0142ka<br \/>\n2. Mi\u0119ta Winogronowa<br \/>\n3. Soczysty L\u00f3d<br \/>\n4. Jagodowy L\u00f3d<br \/>\n5. Guma Bor\u00f3wkowa<br \/>\n6. Wi\u015bnia Malina<br \/>\n7. Brzoskwiniowy L\u00f3d<br \/>\n8.Love 66<br \/>\n9.Senny Sen<br \/>\n10.Truskawkowy Punch<\/p>\n<p><a href=\"https:\/\/vapebulkp.com\/pl\/product\/fumot-tornado-25k-puffs-cheap-price-disposable-vape\/\"><span style=\"vertical-align: inherit\">RandM Tornado 25000 Pali <\/span><\/a><\/p>\n<p><span style=\"vertical-align: inherit\">Znajd\u017a wi\u0119cej produkt\u00f3w, kt\u00f3re mog\u0105 Ci si\u0119 spodoba\u0107:<\/span><em><a href=\"https:\/\/wa.me\/8618077105796\"><span style=\"vertical-align: inherit\">\u00a0Kup teraz<\/span><\/a><\/em><\/p>\n<p><span style=\"vertical-align: inherit\">Inne Puffs, kt\u00f3re mog\u0105 Ci si\u0119 spodoba\u0107:<\/span><a href=\"https:\/\/vapebulkp.com\/pl\/product\/uwin-tornado-music-35k-puffs-vape-wholesale-nicotine-free\/\"><span style=\"vertical-align: inherit\">UWIN Tornado 35000 Pali<\/span><\/a><span style=\"vertical-align: inherit\">\u3001<\/span><a href=\"https:\/\/vapebulkp.com\/pl\/product\/wholesale-randm-tornado-9000-puffs-germany\/\"><span style=\"vertical-align: inherit\">RandM 9000 zaci\u0105gni\u0119\u0107<\/span><\/a><span style=\"vertical-align: inherit\">\/ <\/span><a href=\"https:\/\/vapebulkp.com\/pl\/product\/wholesale-price-bang-kingdoms-rex-32000-puffs-vape-pod\/\"><span style=\"vertical-align: inherit\">Bang King doms rex 32000 Pali<\/span><\/a><span style=\"vertical-align: inherit\">\/ <\/span><a href=\"https:\/\/vapebulkp.com\/pl\/fi\/product\/uzy-bang-digital-12000puffs-led-display-e-cigarettes\/\"><span style=\"vertical-align: inherit\">UZY Bang Digital 15000 zaci\u0105gni\u0119\u0107<\/span><\/a><\/p>\n<p><span style=\"vertical-align: inherit\">E-papieros o specjalnym kszta\u0142cie butelki:<\/span><a href=\"https:\/\/vapebulkp.com\/pl\/product\/vapsolo-feed-bar-shisha-vape-15000-puffs-wholesale-price\/\"><span style=\"vertical-align: inherit\"> Vapsolo Feed Bar shisha 15000 zaci\u0105gni\u0119\u0107<\/span><\/a><span style=\"vertical-align: inherit\">\/ <\/span><a href=\"https:\/\/vapebulkp.com\/pl\/product\/bang-28000-puffs-disposable-vape-pen-with-adjustable-ice-level\/\"><span style=\"vertical-align: inherit\">\u00a0Bang 28000 zaci\u0105gni\u0119\u0107 <\/span><\/a><span style=\"vertical-align: inherit\">\/<\/span><a href=\"https:\/\/vapebulkp.com\/pl\/product\/waspe-crystal-vape-40000-puffs-disposable-e-cigarette-dual-flavors-wholesale-price\/\"><span style=\"vertical-align: inherit\"> WASPE Crystal 40000 Zaci\u0105gni\u0119\u0107<\/span><\/a><\/p>\n<p>&nbsp;<\/p>\n<h4><strong>Dlaczego warto wybra\u0107 Evappe Deluxe Bar 18000 zaci\u0105gni\u0119\u0107 w <a href=\"https:\/\/vapebulkp.com\/pl\/vape-shop\/\">Vapebulkp.com<\/a>?<\/strong><\/h4>\n<p>W Vapebulkp.com dostarczamy wy\u0142\u0105cznie najwy\u017cszej jako\u015bci produkty do waporyzacji, a <strong>Evappe Deluxe Bar 18000 Pali<\/strong> nie jest wyj\u0105tkiem. Oto dlaczego jest to idealny wyb\u00f3r dla Twoich potrzeb zwi\u0105zanych z waporyzacj\u0105:<\/p>\n<ol>\n<li><strong>Najwy\u017csza jako\u015b\u0107<\/strong> \u2013 Evappe Deluxe Bar jest zbudowany w oparciu o zaawansowan\u0105 technologi\u0119, zapewniaj\u0105c g\u0142adk\u0105 par\u0119, intensywny smak i d\u0142ugotrwa\u0142\u0105 wydajno\u015b\u0107. Dzi\u0119ki nawet 18 000 zaci\u0105gni\u0119\u0107 i niezawodnemu akumulatorowi o pojemno\u015bci 750 mAh, urz\u0105dzenie to gwarantuje za ka\u017cdym razem sp\u00f3jne i satysfakcjonuj\u0105ce doznania.<\/li>\n<li><strong>Konkurencyjne ceny<\/strong> \u2013 Vapebulkp.com oferuje <strong>Evappe Deluxe Bar 18000 Pali<\/strong>\u00a0w konkurencyjnych cenach, dzi\u0119ki czemu wysokiej klasy vaping jest dost\u0119pny bez po\u015bwi\u0119cania jako\u015bci. Dost\u0119pne s\u0105 r\u00f3wnie\u017c opcje zakupu hurtowego dla op\u0142acalnych rozwi\u0105za\u0144.<\/li>\n<li><strong>Szeroki wyb\u00f3r<\/strong> \u2013 Oferujemy r\u00f3\u017cne moce nikotyny (21 mg\/ml i 51 mg\/ml), zaspokajaj\u0105c r\u00f3\u017cne preferencje. Niezale\u017cnie od tego, czy jeste\u015b pocz\u0105tkuj\u0105cym, czy do\u015bwiadczonym vaperem, mamy idealn\u0105 konfiguracj\u0119 dopasowan\u0105 do Twoich potrzeb.<\/li>\n<li><strong>Szybka<\/strong> \u2013 Nasza szybka i niezawodna us\u0142uga wysy\u0142kowa zapewnia szybkie i bezpieczne otrzymanie Evappe Deluxe Bar, gdziekolwiek jeste\u015b w Europie.<\/li>\n<li><strong>Obs\u0142uga zorientowana na klienta<\/strong> \u2013 Nasz oddany zesp\u00f3\u0142 obs\u0142ugi klienta jest gotowy do pomocy w przypadku wszelkich pyta\u0144, zapewniaj\u0105c p\u0142ynne zakupy od pocz\u0105tku do ko\u0144ca.<\/li>\n<\/ol>\n<h5>Szczeg\u00f3\u0142y wysy\u0142ki:<\/h5>\n<p><span style=\"color: #ff6600\">Czas produkcji: 5-10 dni roboczych<\/span><br \/>\n<span style=\"color: #ff6600\">Czas wysy\u0142ki: 8-14 dni roboczych<\/span><\/p>\n<p>Wszystkie produkty w naszym sklepie s\u0105 w 100% oryginalne i autentyczne, dlatego polityk\u0105 naszego sklepu jest dziesi\u0119ciokrotne odszkodowanie za podrobione towary. Do dostarczania towar\u00f3w u\u017cywamy kana\u0142\u00f3w logistycznych, takich jak UPS\/DHL\/FEDEX\/DPD.<\/p>\n<p>W przypadku paczek wysy\u0142anych do Polski dostawa trwa zwykle 10 dni roboczych. Wysy\u0142ka do kraj\u00f3w europejskich trwa zwykle od 12 do 15 dni roboczych. B\u0119dziemy aktualizowa\u0107 dla Ciebie informacje logistyczne w czasie rzeczywistym.<\/p>","protected":false},"excerpt":{"rendered":"<ul>\n<li><strong>Evappe Deluxe Bar 18000 Puffs Wydajny Jednorazowy Vape Pod z Grza\u0142k\u0105 Mesh i Akumulatorem z Portem Type-C<\/strong><\/li>\n<li><strong>Premium Evappe Deluxe Bar 18000 Puffs Jednorazowy Vape z 25ml E-liquidu i Moc\u0105 Nikotyny 2%\/5%<\/strong><\/li>\n<li><strong>Evappe Deluxe Bar 18000 Puffs Wysokiej Jako\u015bci Vape Pod do Vapingu DTL z D\u0142ugotrwa\u0142\u0105 Wydajno\u015bci\u0105 i Akumulatorem<\/strong><\/li>\n<\/ul>\n<p>Skontaktuj si\u0119 z WhatsApp Mandy, aby uzyska\u0107 cen\u0119 ze zni\u017ck\u0105<a href=\"https:\/\/wa.me\/8618077105796\">+8618077105796<\/a><\/p>\n<p><img decoding=\"async\" class=\"alignnone wp-image-2151\" src=\"http:\/\/vapebulkp.com\/wp-content\/uploads\/2024\/04\/Mandy-WhatsApp-Randm.jpg\" alt=\"WhatsApp Mandy Randm\" width=\"297\" height=\"316\" srcset=\"https:\/\/vapebulkp.com\/wp-content\/uploads\/2024\/04\/Mandy-WhatsApp-Randm.jpg 916w, https:\/\/vapebulkp.com\/wp-content\/uploads\/2024\/04\/Mandy-WhatsApp-Randm-282x300.jpg 282w, https:\/\/vapebulkp.com\/wp-content\/uploads\/2024\/04\/Mandy-WhatsApp-Randm-768x817.jpg 768w, https:\/\/vapebulkp.com\/wp-content\/uploads\/2024\/04\/Mandy-WhatsApp-Randm-600x638.jpg 600w\" sizes=\"(max-width: 297px) 100vw, 297px\" \/><\/p>\n<p><span style=\"color: #ff0000\">UWAGA: Ceny na naszej stronie internetowej nie zawieraj\u0105 koszt\u00f3w wysy\u0142ki<\/span><\/p>\n<p>&nbsp;<\/p>","protected":false},"featured_media":3413,"comment_status":"open","ping_status":"closed","template":"","meta":{"_uag_custom_page_level_css":"","_lmt_disableupdate":"no","_lmt_disable":"","site-sidebar-layout":"default","site-content-layout":"content-boxed-container","ast-site-content-layout":"normal-width-container","site-content-style":"boxed","site-sidebar-style":"unboxed","ast-global-header-display":"","ast-banner-title-visibility":"","ast-main-header-display":"","ast-hfb-above-header-display":"","ast-hfb-below-header-display":"","ast-hfb-mobile-header-display":"","site-post-title":"","ast-breadcrumbs-content":"","ast-featured-img":"","footer-sml-layout":"","theme-transparent-header-meta":"default","adv-header-id-meta":"","stick-header-meta":"","header-above-stick-meta":"","header-main-stick-meta":"","header-below-stick-meta":"","astra-migrate-meta-layouts":"set","_joinchat":[]},"product_cat":[163,153,155,33,59,100,87,34,158,157,154,152,58,84,156],"product_tag":[205,36,37,41,40],"class_list":["post-3412","product","type-product","status-publish","has-post-thumbnail","hentry","product_cat-18000-puffs-disposable-vape","product_cat-hot-disposable-vapes","product_cat-belgium-hot-disposable-vapes","product_cat-france-vape-hot-sale","product_cat-germany-hot-disposable-vape","product_cat-germany-wholesale-vape-shop","product_cat-minimum-order-quantity-50pcs","product_cat-netherlands-vape-good-sale","product_cat-norway-hot-disposable-vapes","product_cat-poland-hot-disposable-vapes","product_cat-portugal-hot-disposable-vapes","product_cat-spain-hot-disposable-vapes","product_cat-sweden-hot-disposable-vape","product_cat-sweden-wholesale-vape","product_cat-switzerland-hot-disposable-vapes","product_tag-evappe-deluxe-bar-18000-puffs","product_tag-good-vape","product_tag-hot-sale-disposable-vape","product_tag-poland-hot-vape","product_tag-sweden-hot-vape","desktop-align-left","tablet-align-left","mobile-align-left"],"yoast_head":"<!-- This site is optimized with the Yoast SEO plugin v21.1 - https:\/\/yoast.com\/wordpress\/plugins\/seo\/ -->\n<title>Evappe Deluxe Bar 18000 Puffs High-Performance Waka Vape Pod - vapebulkp.com<\/title>\n<meta name=\"description\" content=\"Best Sale Evappe Deluxe Bar 18000 Puffs offers long-lasting, smooth vapor with 25ml e-liquid and rechargeable convenience for premium vaping.\" \/>\n<meta name=\"robots\" content=\"index, follow, max-snippet:-1, max-image-preview:large, max-video-preview:-1\" \/>\n<link rel=\"canonical\" href=\"https:\/\/vapebulkp.com\/pl\/product\/evappe-deluxe-bar-18000-puffs-high-performance-waka-vape-pod\/\" \/>\n<meta property=\"og:locale\" content=\"pl_PL\" \/>\n<meta property=\"og:type\" content=\"article\" \/>\n<meta property=\"og:title\" content=\"Evappe Deluxe Bar 18000 Puffs High-Performance Waka Vape Pod - vapebulkp.com\" \/>\n<meta property=\"og:description\" content=\"Best Sale Evappe Deluxe Bar 18000 Puffs offers long-lasting, smooth vapor with 25ml e-liquid and rechargeable convenience for premium vaping.\" \/>\n<meta property=\"og:url\" content=\"https:\/\/vapebulkp.com\/pl\/product\/evappe-deluxe-bar-18000-puffs-high-performance-waka-vape-pod\/\" \/>\n<meta property=\"og:site_name\" content=\"vapebulkp.com\" \/>\n<meta property=\"article:modified_time\" content=\"2025-09-03T07:21:22+00:00\" \/>\n<meta property=\"og:image\" content=\"http:\/\/vapebulkp.com\/wp-content\/uploads\/2025\/01\/Evappe-Deluxe-Bar-18000-Puff-Advanced-Vaping-Solution.webp\" \/>\n\t<meta property=\"og:image:width\" content=\"800\" \/>\n\t<meta property=\"og:image:height\" content=\"800\" \/>\n\t<meta property=\"og:image:type\" content=\"image\/webp\" \/>\n<meta name=\"twitter:card\" content=\"summary_large_image\" \/>\n<meta name=\"twitter:label1\" content=\"Szacowany czas czytania\" \/>\n\t<meta name=\"twitter:data1\" content=\"4 minuty\" \/>\n<script type=\"application\/ld+json\" class=\"yoast-schema-graph\">{\"@context\":\"https:\/\/schema.org\",\"@graph\":[{\"@type\":\"WebPage\",\"@id\":\"https:\/\/vapebulkp.com\/product\/evappe-deluxe-bar-18000-puffs-high-performance-waka-vape-pod\/\",\"url\":\"https:\/\/vapebulkp.com\/product\/evappe-deluxe-bar-18000-puffs-high-performance-waka-vape-pod\/\",\"name\":\"Evappe Deluxe Bar 18000 Puffs High-Performance Waka Vape Pod - vapebulkp.com\",\"isPartOf\":{\"@id\":\"https:\/\/vapebulkp.com\/#website\"},\"datePublished\":\"2025-01-30T08:00:36+00:00\",\"dateModified\":\"2025-09-03T07:21:22+00:00\",\"description\":\"Best Sale Evappe Deluxe Bar 18000 Puffs offers long-lasting, smooth vapor with 25ml e-liquid and rechargeable convenience for premium vaping.\",\"breadcrumb\":{\"@id\":\"https:\/\/vapebulkp.com\/product\/evappe-deluxe-bar-18000-puffs-high-performance-waka-vape-pod\/#breadcrumb\"},\"inLanguage\":\"pl-PL\",\"potentialAction\":[{\"@type\":\"ReadAction\",\"target\":[\"https:\/\/vapebulkp.com\/product\/evappe-deluxe-bar-18000-puffs-high-performance-waka-vape-pod\/\"]}]},{\"@type\":\"BreadcrumbList\",\"@id\":\"https:\/\/vapebulkp.com\/product\/evappe-deluxe-bar-18000-puffs-high-performance-waka-vape-pod\/#breadcrumb\",\"itemListElement\":[{\"@type\":\"ListItem\",\"position\":1,\"name\":\"Home\",\"item\":\"https:\/\/vapebulkp.com\/\"},{\"@type\":\"ListItem\",\"position\":2,\"name\":\"Hot Trend Vapes\",\"item\":\"https:\/\/vapebulkp.com\/vape-shop\/\"},{\"@type\":\"ListItem\",\"position\":3,\"name\":\"Evappe Deluxe Bar 18000 Puffs High-Performance Waka Vape Pod\"}]},{\"@type\":\"WebSite\",\"@id\":\"https:\/\/vapebulkp.com\/#website\",\"url\":\"https:\/\/vapebulkp.com\/\",\"name\":\"vapebulkp.com\",\"description\":\"Buy Vape In Cheap Bulk Price Near you\",\"publisher\":{\"@id\":\"https:\/\/vapebulkp.com\/#organization\"},\"potentialAction\":[{\"@type\":\"SearchAction\",\"target\":{\"@type\":\"EntryPoint\",\"urlTemplate\":\"https:\/\/vapebulkp.com\/?s={search_term_string}\"},\"query-input\":\"required name=search_term_string\"}],\"inLanguage\":\"pl-PL\"},{\"@type\":\"Organization\",\"@id\":\"https:\/\/vapebulkp.com\/#organization\",\"name\":\"vapebulkp.com\",\"url\":\"https:\/\/vapebulkp.com\/\",\"logo\":{\"@type\":\"ImageObject\",\"inLanguage\":\"pl-PL\",\"@id\":\"https:\/\/vapebulkp.com\/#\/schema\/logo\/image\/\",\"url\":\"https:\/\/vapebulkp.com\/wp-content\/uploads\/2023\/09\/cropped-vapebulkp.png\",\"contentUrl\":\"https:\/\/vapebulkp.com\/wp-content\/uploads\/2023\/09\/cropped-vapebulkp.png\",\"width\":516,\"height\":163,\"caption\":\"vapebulkp.com\"},\"image\":{\"@id\":\"https:\/\/vapebulkp.com\/#\/schema\/logo\/image\/\"}}]}<\/script>\n<!-- \/ Yoast SEO plugin. -->","yoast_head_json":{"title":"Evappe Deluxe Bar 18000 Puffs High-Performance Waka Vape Pod - vapebulkp.com","description":"Best Sale Evappe Deluxe Bar 18000 Puffs offers long-lasting, smooth vapor with 25ml e-liquid and rechargeable convenience for premium vaping.","robots":{"index":"index","follow":"follow","max-snippet":"max-snippet:-1","max-image-preview":"max-image-preview:large","max-video-preview":"max-video-preview:-1"},"canonical":"https:\/\/vapebulkp.com\/pl\/product\/evappe-deluxe-bar-18000-puffs-high-performance-waka-vape-pod\/","og_locale":"pl_PL","og_type":"article","og_title":"Evappe Deluxe Bar 18000 Puffs High-Performance Waka Vape Pod - vapebulkp.com","og_description":"Best Sale Evappe Deluxe Bar 18000 Puffs offers long-lasting, smooth vapor with 25ml e-liquid and rechargeable convenience for premium vaping.","og_url":"https:\/\/vapebulkp.com\/pl\/product\/evappe-deluxe-bar-18000-puffs-high-performance-waka-vape-pod\/","og_site_name":"vapebulkp.com","article_modified_time":"2025-09-03T07:21:22+00:00","og_image":[{"width":800,"height":800,"url":"http:\/\/vapebulkp.com\/wp-content\/uploads\/2025\/01\/Evappe-Deluxe-Bar-18000-Puff-Advanced-Vaping-Solution.webp","type":"image\/webp"}],"twitter_card":"summary_large_image","twitter_misc":{"Szacowany czas czytania":"4 minuty"},"schema":{"@context":"https:\/\/schema.org","@graph":[{"@type":"WebPage","@id":"https:\/\/vapebulkp.com\/product\/evappe-deluxe-bar-18000-puffs-high-performance-waka-vape-pod\/","url":"https:\/\/vapebulkp.com\/product\/evappe-deluxe-bar-18000-puffs-high-performance-waka-vape-pod\/","name":"Evappe Deluxe Bar 18000 Puffs High-Performance Waka Vape Pod - vapebulkp.com","isPartOf":{"@id":"https:\/\/vapebulkp.com\/#website"},"datePublished":"2025-01-30T08:00:36+00:00","dateModified":"2025-09-03T07:21:22+00:00","description":"Best Sale Evappe Deluxe Bar 18000 Puffs offers long-lasting, smooth vapor with 25ml e-liquid and rechargeable convenience for premium vaping.","breadcrumb":{"@id":"https:\/\/vapebulkp.com\/product\/evappe-deluxe-bar-18000-puffs-high-performance-waka-vape-pod\/#breadcrumb"},"inLanguage":"pl-PL","potentialAction":[{"@type":"ReadAction","target":["https:\/\/vapebulkp.com\/product\/evappe-deluxe-bar-18000-puffs-high-performance-waka-vape-pod\/"]}]},{"@type":"BreadcrumbList","@id":"https:\/\/vapebulkp.com\/product\/evappe-deluxe-bar-18000-puffs-high-performance-waka-vape-pod\/#breadcrumb","itemListElement":[{"@type":"ListItem","position":1,"name":"Home","item":"https:\/\/vapebulkp.com\/"},{"@type":"ListItem","position":2,"name":"Hot Trend Vapes","item":"https:\/\/vapebulkp.com\/vape-shop\/"},{"@type":"ListItem","position":3,"name":"Evappe Deluxe Bar 18000 Puffs High-Performance Waka Vape Pod"}]},{"@type":"WebSite","@id":"https:\/\/vapebulkp.com\/#website","url":"https:\/\/vapebulkp.com\/","name":"vapebulkp.com","description":"Buy Vape In Cheap Bulk Price Near you","publisher":{"@id":"https:\/\/vapebulkp.com\/#organization"},"potentialAction":[{"@type":"SearchAction","target":{"@type":"EntryPoint","urlTemplate":"https:\/\/vapebulkp.com\/?s={search_term_string}"},"query-input":"required name=search_term_string"}],"inLanguage":"pl-PL"},{"@type":"Organization","@id":"https:\/\/vapebulkp.com\/#organization","name":"vapebulkp.com","url":"https:\/\/vapebulkp.com\/","logo":{"@type":"ImageObject","inLanguage":"pl-PL","@id":"https:\/\/vapebulkp.com\/#\/schema\/logo\/image\/","url":"https:\/\/vapebulkp.com\/wp-content\/uploads\/2023\/09\/cropped-vapebulkp.png","contentUrl":"https:\/\/vapebulkp.com\/wp-content\/uploads\/2023\/09\/cropped-vapebulkp.png","width":516,"height":163,"caption":"vapebulkp.com"},"image":{"@id":"https:\/\/vapebulkp.com\/#\/schema\/logo\/image\/"}}]}},"uagb_featured_image_src":{"full":["https:\/\/vapebulkp.com\/wp-content\/uploads\/2025\/01\/Evappe-Deluxe-Bar-18000-Puff-Advanced-Vaping-Solution.webp",800,800,false],"thumbnail":["https:\/\/vapebulkp.com\/wp-content\/uploads\/2025\/01\/Evappe-Deluxe-Bar-18000-Puff-Advanced-Vaping-Solution-150x150.webp",150,150,true],"medium":["https:\/\/vapebulkp.com\/wp-content\/uploads\/2025\/01\/Evappe-Deluxe-Bar-18000-Puff-Advanced-Vaping-Solution-300x300.webp",300,300,true],"medium_large":["https:\/\/vapebulkp.com\/wp-content\/uploads\/2025\/01\/Evappe-Deluxe-Bar-18000-Puff-Advanced-Vaping-Solution-768x768.webp",768,768,true],"large":["https:\/\/vapebulkp.com\/wp-content\/uploads\/2025\/01\/Evappe-Deluxe-Bar-18000-Puff-Advanced-Vaping-Solution.webp",800,800,false],"1536x1536":["https:\/\/vapebulkp.com\/wp-content\/uploads\/2025\/01\/Evappe-Deluxe-Bar-18000-Puff-Advanced-Vaping-Solution.webp",800,800,false],"2048x2048":["https:\/\/vapebulkp.com\/wp-content\/uploads\/2025\/01\/Evappe-Deluxe-Bar-18000-Puff-Advanced-Vaping-Solution.webp",800,800,false],"trp-custom-language-flag":["https:\/\/vapebulkp.com\/wp-content\/uploads\/2025\/01\/Evappe-Deluxe-Bar-18000-Puff-Advanced-Vaping-Solution.webp",12,12,false],"woocommerce_thumbnail":["https:\/\/vapebulkp.com\/wp-content\/uploads\/2025\/01\/Evappe-Deluxe-Bar-18000-Puff-Advanced-Vaping-Solution-300x300.webp",300,300,true],"woocommerce_single":["https:\/\/vapebulkp.com\/wp-content\/uploads\/2025\/01\/Evappe-Deluxe-Bar-18000-Puff-Advanced-Vaping-Solution-600x600.webp",600,600,true],"woocommerce_gallery_thumbnail":["https:\/\/vapebulkp.com\/wp-content\/uploads\/2025\/01\/Evappe-Deluxe-Bar-18000-Puff-Advanced-Vaping-Solution-100x100.webp",100,100,true],"wcpr-photo-reviews":["https:\/\/vapebulkp.com\/wp-content\/uploads\/2025\/01\/Evappe-Deluxe-Bar-18000-Puff-Advanced-Vaping-Solution.webp",500,500,false]},"uagb_author_info":{"display_name":"Mandy vape bulk price","author_link":"https:\/\/vapebulkp.com\/pl\/author\/"},"uagb_comment_info":0,"uagb_excerpt":"Evappe Deluxe Bar 18000 Puffs High-Performance Disposable Vape Pod with Mesh Coil and Type-C Rechargeable Battery Premium Evappe Deluxe Bar 18000 Puff Disposable Vape with 25ml E-liquid and 2%\/5% Nicotine Strength Evappe Deluxe Bar 18000 Puffs High-Quality Vape Pod for DTL Vaping with Long-Lasting Performance and Rechargeable Battery Pls Contact Mandy's WhatsApp For Discount Price+8618077105796&hellip;","_links":{"self":[{"href":"https:\/\/vapebulkp.com\/pl\/wp-json\/wp\/v2\/product\/3412","targetHints":{"allow":["GET"]}}],"collection":[{"href":"https:\/\/vapebulkp.com\/pl\/wp-json\/wp\/v2\/product"}],"about":[{"href":"https:\/\/vapebulkp.com\/pl\/wp-json\/wp\/v2\/types\/product"}],"replies":[{"embeddable":true,"href":"https:\/\/vapebulkp.com\/pl\/wp-json\/wp\/v2\/comments?post=3412"}],"wp:featuredmedia":[{"embeddable":true,"href":"https:\/\/vapebulkp.com\/pl\/wp-json\/wp\/v2\/media\/3413"}],"wp:attachment":[{"href":"https:\/\/vapebulkp.com\/pl\/wp-json\/wp\/v2\/media?parent=3412"}],"wp:term":[{"taxonomy":"product_cat","embeddable":true,"href":"https:\/\/vapebulkp.com\/pl\/wp-json\/wp\/v2\/product_cat?post=3412"},{"taxonomy":"product_tag","embeddable":true,"href":"https:\/\/vapebulkp.com\/pl\/wp-json\/wp\/v2\/product_tag?post=3412"}],"curies":[{"name":"wp","href":"https:\/\/api.w.org\/{rel}","templated":true}]}}