{"id":3429,"date":"2025-02-07T10:00:01","date_gmt":"2025-02-07T09:00:01","guid":{"rendered":"https:\/\/vapebulkp.com\/?post_type=product&#038;p=3429"},"modified":"2025-09-24T05:51:45","modified_gmt":"2025-09-24T03:51:45","slug":"jnr-power-mate-30000-puffs-wholesale-pocket-hookah-disposable-vape","status":"publish","type":"product","link":"https:\/\/vapebulkp.com\/pl\/product\/jnr-power-mate-30000-puffs-wholesale-pocket-hookah-disposable-vape\/","title":{"rendered":"JNR Power Mate 30000 Puffs Hurtownia Fajka Kieszonkowa Jednorazowy Vape"},"content":{"rendered":"<h2 style=\"text-align: left\">JNR Power Mate 30000 Puffs Hurtownia Fajka Kieszonkowa Jednorazowy Vape<\/h2>\n<p>To <strong>JNR Power Mate 30000 Puffs Hurtownia Fajka Kieszonkowa Jednorazowy Vape<\/strong> to urz\u0105dzenie premium stworzone dla waper\u00f3w, kt\u00f3rzy oczekuj\u0105 doskona\u0142o\u015bci. Posiadaj\u0105ce imponuj\u0105c\u0105 liczb\u0119 <strong>ilo\u015b\u0107 30 000 zaci\u0105gni\u0119\u0107<\/strong>, oferuje niezr\u00f3wnan\u0105 d\u0142ugowieczno\u015b\u0107 i satysfakcj\u0119. Wst\u0119pnie nape\u0142niony <strong>19ml e-liquidu<\/strong> i <strong>zawarto\u015b\u0107 nikotyny 2%<\/strong>, dostarcza g\u0142adkie, sp\u00f3jne smaki dla podniesienia poziomu do\u015bwiadczenia wapowania.<\/p>\n<p>Wyposa\u017cone w <strong>power bank 5000mAh<\/strong>, dzia\u0142a r\u00f3wnie\u017c jako przeno\u015bna \u0142adowarka dla maksymalnej wygody. <strong>podw\u00f3jn\u0105 siatkow\u0105 grza\u0142k\u0119<\/strong> zapewnia wzmocnion\u0105 produkcj\u0119 smaku, podczas gdy <strong>inteligentny ekran<\/strong> wy\u015bwietla liczb\u0119 zaci\u0105gni\u0119\u0107 i stan baterii dla \u0142atwo\u015bci u\u017cytkowania. Z ukrytymi <strong>kablami Type-C i lightning<\/strong>, ten <strong>d\u017cepowa fajka wodna waporyzator<\/strong> jest idealna do \u0142adowania w drodze.<\/p>\n<p>Dost\u0119pny w <strong>cenach hurtowych<\/strong>, JNR Power Mate <strong><a href=\"https:\/\/vapebulkp.com\/pl\/product-category\/30000-puff-disposable-vape\/\">30000 Zaci\u0105gni\u0119\u0107 Jednorazowy Vape<\/a><\/strong> jest idealny dla hurtownik\u00f3w poszukuj\u0105cych wysokowydajnych waporyzator\u00f3w jednorazowych. Elegancki, funkcjonalny i niezawodny, to ostateczne rozwi\u0105zanie dla wapowania premium.<\/p>\n<p>&nbsp;<\/p>\n<h6>Skontaktuj si\u0119 z WhatsApp Mandy, aby uzyska\u0107 cen\u0119 ze zni\u017ck\u0105<a href=\"https:\/\/wa.me\/8618077105796\">+8618077105796<\/a><\/h6>\n<p><img decoding=\"async\" class=\"alignnone wp-image-2151\" src=\"http:\/\/vapebulkp.com\/wp-content\/uploads\/2024\/04\/Mandy-WhatsApp-Randm.jpg\" alt=\"WhatsApp Mandy Randm\" width=\"287\" height=\"305\" srcset=\"https:\/\/vapebulkp.com\/wp-content\/uploads\/2024\/04\/Mandy-WhatsApp-Randm.jpg 916w, https:\/\/vapebulkp.com\/wp-content\/uploads\/2024\/04\/Mandy-WhatsApp-Randm-282x300.jpg 282w, https:\/\/vapebulkp.com\/wp-content\/uploads\/2024\/04\/Mandy-WhatsApp-Randm-768x817.jpg 768w, https:\/\/vapebulkp.com\/wp-content\/uploads\/2024\/04\/Mandy-WhatsApp-Randm-600x638.jpg 600w\" sizes=\"(max-width: 287px) 100vw, 287px\" \/><\/p>\n<h2><strong>Dlaczego Wybra\u0107 Jednorazowy Waporyzator JNR Power Mate 30k Zaci\u0105gni\u0119\u0107 od Vapebulkp.com?<\/strong><\/h2>\n<ul>\n<li><strong>Niezr\u00f3wnana Jako\u015b\u0107 Produktu<\/strong><br \/>\nW Vapebulkp.com priorytetowo traktujemy urz\u0105dzenia do wapowania premium, takie jak JNR Power Mate 30000 Zaci\u0105gni\u0119\u0107. To urz\u0105dzenie \u0142\u0105czy w sobie wyj\u0105tkow\u0105 jako\u015b\u0107 wykonania i d\u0142ugotrwa\u0142\u0105 wydajno\u015b\u0107.<\/li>\n<li><strong>Konkurencyjne ceny hurtowe<\/strong><br \/>\nVapebulkp.com oferuje JNR Power Mate w bezkonkurencyjnych cenach przy zakupach detalicznych i hurtowych. Nabywcy hurtowi korzystaj\u0105 z op\u0142acalnych ofert, zapewniaj\u0105cych doskona\u0142\u0105 warto\u015b\u0107 bez kompromis\u00f3w w kwestii jako\u015bci.<\/li>\n<li><strong>Niezawodna wysy\u0142ka na terenie ca\u0142ej Polski<\/strong><br \/>\nSpecjalizujemy si\u0119 w szybkiej i bezpiecznej wysy\u0142ce do kraj\u00f3w europejskich, zapewniaj\u0105c, \u017ce Twoje urz\u0105dzenia JNR Power Mate dotr\u0105 szybko i w doskona\u0142ym stanie.<\/li>\n<li><strong>Dedykowane wsparcie klienta<\/strong><br \/>\nNasz zesp\u00f3\u0142 obs\u0142ugi klienta jest zawsze gotowy do pomocy w przypadku zapyta\u0144 dotycz\u0105cych JNR Power Mate lub innych produkt\u00f3w. Od momentu z\u0142o\u017cenia zam\u00f3wienia po wsparcie posprzeda\u017cowe, jeste\u015bmy tutaj, aby zapewni\u0107 bezproblemowe zakupy.<\/li>\n<li><strong>Zaufane \u017ar\u00f3d\u0142o najwy\u017cszej jako\u015bci produkt\u00f3w do vapingu<\/strong><br \/>\nJako zaufany dostawca, Vapebulkp.com oferuje szerok\u0105 gam\u0119 wysokiej klasy jednorazowych e-papieros\u00f3w, dostosowanych do Twoich potrzeb. JNR Power Mate jest przyk\u0142adem naszego zaanga\u017cowania w dostarczanie najnowocze\u015bniejszych rozwi\u0105za\u0144 do vapingu.<\/li>\n<\/ul>\n<h3><\/h3>\n<div class=\"mb-2 flex gap-3 empty:hidden -ml-2\">\n<div class=\"items-center justify-start rounded-xl p-1 flex\">\n<h3><strong>Specyfikacje JNR Vape Power Mate 30000 zaci\u0105gni\u0119\u0107<\/strong><\/h3>\n<ul>\n<li><strong>Pojemno\u015b\u0107 zaci\u0105gni\u0119\u0107:<\/strong> Zapewnia do 30 000 zaci\u0105gni\u0119\u0107, co pozwala na d\u0142ugotrwa\u0142e i bezproblemowe vaping.<\/li>\n<li><strong>Pojemno\u015b\u0107 liquidu:<\/strong> Wst\u0119pnie nape\u0142niony 19 ml najwy\u017cszej jako\u015bci e-liquidu, eliminuj\u0105c potrzeb\u0119 cz\u0119stego uzupe\u0142niania.<\/li>\n<li><strong>Moc nikotyny:<\/strong> Dost\u0119pny ze st\u0119\u017ceniem nikotyny 2% dla g\u0142adkiego i satysfakcjonuj\u0105cego do\u015bwiadczenia.<\/li>\n<li><strong>Zaawansowana podw\u00f3jna grza\u0142ka siatkowa:<\/strong> Zintegrowana podw\u00f3jna grza\u0142ka siatkowa 1.0\u03a9 zapewnia r\u00f3wnomierne podgrzewanie i wyj\u0105tkow\u0105 produkcj\u0119 smaku.<\/li>\n<li><strong>Inteligentny wy\u015bwietlacz:<\/strong> Zawiera przyjazny dla u\u017cytkownika ekran, kt\u00f3ry pokazuje liczb\u0119 zaci\u0105gni\u0119\u0107, \u017cywotno\u015b\u0107 baterii i podstawowe statystyki urz\u0105dzenia.<\/li>\n<li><strong>Wyj\u0105tkowy smak:<\/strong> Dostarcza g\u0142adkich, sp\u00f3jnych i \u0142agodnych smak\u00f3w, zapewniaj\u0105c najwy\u017csz\u0105 jako\u015b\u0107 do\u015bwiadczenia z vapingu.<\/li>\n<li><strong>Szybkie \u0142adowanie Type-C:<\/strong> Obs\u0142uguje technologi\u0119 szybkiego \u0142adowania Type-C dla szybkich i wydajnych do\u0142adowa\u0144.<\/li>\n<\/ul>\n<\/div>\n<\/div>\n<h3 style=\"text-align: left\"><strong>Lista smak\u00f3w Vape Pod JNR Power Mate 30000 Puffs:<\/strong><\/h3>\n<p>1. Blue Razz Ice<br \/>\n2. Truskawka z lodem<br \/>\n3. Arbuzowy L\u00f3d<br \/>\n4. Truskawka banan<br \/>\n5. Wi\u015bnia truskawka malina<br \/>\n6. Brzoskwinia mango arbuz<br \/>\n7. Truskawka Kiwi<br \/>\n8. Mieszane Jagody<br \/>\n9.Wi\u015bniowa Cola musuj\u0105ca<br \/>\n10.Kiwi Arbuz Ice<\/p>\n<p><a href=\"https:\/\/vapebulkp.com\/pl\/product\/waspe-vape-40000-puff-fihp-double-flavour-disposable-vape\/\"><span style=\"vertical-align: inherit\">WASPE 40000 Zaci\u0105gni\u0119\u0107<\/span><\/a><\/p>\n<p><span style=\"vertical-align: inherit\">Znajd\u017a wi\u0119cej produkt\u00f3w, kt\u00f3re mog\u0105 Ci si\u0119 spodoba\u0107:<\/span><em><a href=\"https:\/\/wa.me\/8618077105796\"><span style=\"vertical-align: inherit\">\u00a0Kup teraz<\/span><\/a><\/em><\/p>\n<p><span style=\"vertical-align: inherit\">Inne Puffs, kt\u00f3re mog\u0105 Ci si\u0119 spodoba\u0107:<\/span><a href=\"https:\/\/vapebulkp.com\/pl\/product\/uzy-bang-king-12k-disposable-vape-affordable-price\/\"><span style=\"vertical-align: inherit\">UZY Bang King 12000 Zaci\u0105gni\u0119\u0107<\/span><\/a><span style=\"vertical-align: inherit\">\u3001<\/span><a href=\"https:\/\/vapebulkp.com\/pl\/product\/wholesale-randm-tornado-9000-puffs-germany\/\"><span style=\"vertical-align: inherit\">RandM 9000 zaci\u0105gni\u0119\u0107<\/span><\/a><span style=\"vertical-align: inherit\">\/ <\/span><a href=\"https:\/\/vapebulkp.com\/pl\/product\/uwin-crystal-10k-puff-long-lasting-disposable-vape-for-europe\/\"><span style=\"vertical-align: inherit\">UWIN Crystal 7000 Zaci\u0105gni\u0119\u0107<\/span><\/a><span style=\"vertical-align: inherit\">\/ <\/span><a href=\"https:\/\/vapebulkp.com\/pl\/product\/jnr-vape-watch-18-30k-puffs-2-nic-wholesale-price-disposable-vape\/\"><span style=\"vertical-align: inherit\">JNR VAPE WATCH 30K ZACI\u0104GNI\u0118\u0106\u00a0<\/span><\/a><\/p>\n<p>&nbsp;<\/p>\n<div class=\"flex max-w-full flex-col flex-grow\">\n<div class=\"min-h-8 text-message flex w-full flex-col items-end gap-2 whitespace-normal break-words text-start [.text-message+&amp;]:mt-5\" dir=\"auto\" data-message-author-role=\"assistant\" data-message-id=\"71ffd1de-0990-4a6b-8410-6423ec699d47\" data-message-model-slug=\"gpt-4o-mini\">\n<div class=\"flex w-full flex-col gap-1 empty:hidden first:pt-[3px]\">\n<div class=\"markdown prose w-full break-words dark:prose-invert light\">\n<h3><strong>Najcz\u0119\u015bciej zadawane pytania o <\/strong><strong>JNR Power Mate 30000 zaci\u0105gni\u0119\u0107 <\/strong><strong>jednorazowe e-papierosy<\/strong><\/h3>\n<p><strong>1. Ile zaci\u0105gni\u0119\u0107 zapewnia JNR Power Mate 30000?<\/strong><br \/>\nJNR Power Mate oferuje do 30 000 zaci\u0105gni\u0119\u0107, co czyni go doskona\u0142ym wyborem dla os\u00f3b poszukuj\u0105cych d\u0142ugotrwa\u0142ej wydajno\u015bci bez cz\u0119stej wymiany.<\/p>\n<p><strong>2. Jakie jest st\u0119\u017cenie nikotyny w tym urz\u0105dzeniu?<\/strong><br \/>\nTen jednorazowy e-papieros ma st\u0119\u017cenie nikotyny 2%, co zapewnia g\u0142adkie i satysfakcjonuj\u0105ce uderzenie w gard\u0142o zar\u00f3wno dla nowych, jak i do\u015bwiadczonych vaper\u00f3w.<\/p>\n<p><strong>3. Jaka jest pojemno\u015b\u0107 e-liquidu w JNR Vape?<\/strong><br \/>\nJest wst\u0119pnie nape\u0142niony 19ml wysokiej jako\u015bci e-liquidu, co zapewnia d\u0142u\u017csze u\u017cytkowanie bez konieczno\u015bci ponownego nape\u0142niania.<\/p>\n<p><strong>4. Co sprawia, \u017ce JNR Power Mate 30000 zaci\u0105gni\u0119\u0107 jest wyj\u0105tkowy?<\/strong><br \/>\nUrz\u0105dzenie \u0142\u0105czy w sobie wbudowany power bank o pojemno\u015bci 5000 mAh z systemem po\u0142\u0105cze\u0144 magnetycznych, podw\u00f3jnymi kablami do \u0142adowania (Type-C i lightning) oraz inteligentnym ekranem, co zapewnia dodatkow\u0105 funkcjonalno\u015b\u0107 i wygod\u0119.<\/p>\n<\/div>\n<\/div>\n<\/div>\n<\/div>\n<h3><strong>Szczeg\u00f3\u0142y wysy\u0142ki<\/strong>:<\/h3>\n<ul>\n<li><strong>Czas przetwarzania<\/strong>: 5-10 dni roboczych<\/li>\n<li><strong>Czas wysy\u0142ki<\/strong>: 8-14 dni roboczych<\/li>\n<li><strong>Kana\u0142y logistyczne<\/strong>: Korzystamy z zaufanych przewo\u017anik\u00f3w, takich jak <strong>UPS, DHL i FedEx<\/strong> w celu bezpiecznej dostawy.<\/li>\n<li><strong>Wysy\u0142ka europejska<\/strong>: Zam\u00f3wienia do kraj\u00f3w europejskich zazwyczaj docieraj\u0105 w ci\u0105gu 12-15 dni roboczych.<\/li>\n<\/ul>","protected":false},"excerpt":{"rendered":"<ul>\n<li>JNR Power Mate 30000 Zaci\u0105gni\u0119\u0107 o Du\u017cej Pojemno\u015bci D\u017cepowa Fajka Wodna Waporyzator do Sprzeda\u017cy Hurtowej<\/li>\n<li>Waporyzator Jednorazowy Premium JNR Power Mate 30000 Zaci\u0105gni\u0119\u0107 z Wbudowanym Power Bankiem<\/li>\n<\/ul>\n<p><img decoding=\"async\" class=\"alignnone wp-image-2151\" src=\"http:\/\/vapebulkp.com\/wp-content\/uploads\/2024\/04\/Mandy-WhatsApp-Randm.jpg\" alt=\"WhatsApp Mandy Randm\" width=\"234\" height=\"249\" srcset=\"https:\/\/vapebulkp.com\/wp-content\/uploads\/2024\/04\/Mandy-WhatsApp-Randm.jpg 916w, https:\/\/vapebulkp.com\/wp-content\/uploads\/2024\/04\/Mandy-WhatsApp-Randm-282x300.jpg 282w, https:\/\/vapebulkp.com\/wp-content\/uploads\/2024\/04\/Mandy-WhatsApp-Randm-768x817.jpg 768w, https:\/\/vapebulkp.com\/wp-content\/uploads\/2024\/04\/Mandy-WhatsApp-Randm-600x638.jpg 600w\" sizes=\"(max-width: 234px) 100vw, 234px\" \/><\/p>\n<p>Skontaktuj si\u0119 z WhatsApp Mandy, aby uzyska\u0107 cen\u0119 ze zni\u017ck\u0105<a href=\"https:\/\/wa.me\/8618077105796\">+8618077105796<\/a><\/p>\n<p><span style=\"color: #ff0000\">UWAGA: Ceny na naszej stronie internetowej nie zawieraj\u0105 koszt\u00f3w wysy\u0142ki<\/span><\/p>\n<p>&nbsp;<\/p>","protected":false},"featured_media":3425,"comment_status":"open","ping_status":"closed","template":"","meta":{"_uag_custom_page_level_css":"","_lmt_disableupdate":"no","_lmt_disable":"","site-sidebar-layout":"default","site-content-layout":"content-boxed-container","ast-site-content-layout":"normal-width-container","site-content-style":"boxed","site-sidebar-style":"unboxed","ast-global-header-display":"","ast-banner-title-visibility":"","ast-main-header-display":"","ast-hfb-above-header-display":"","ast-hfb-below-header-display":"","ast-hfb-mobile-header-display":"","site-post-title":"","ast-breadcrumbs-content":"","ast-featured-img":"","footer-sml-layout":"","theme-transparent-header-meta":"default","adv-header-id-meta":"","stick-header-meta":"","header-above-stick-meta":"","header-main-stick-meta":"","header-below-stick-meta":"","astra-migrate-meta-layouts":"set","_joinchat":[]},"product_cat":[160,153,155,33,59,100,353,34,158,157,154,152,58,84,156,63,32],"product_tag":[187,36,37,206,41,40],"class_list":["post-3429","product","type-product","status-publish","has-post-thumbnail","hentry","product_cat-30000-puff-disposable-vape","product_cat-hot-disposable-vapes","product_cat-belgium-hot-disposable-vapes","product_cat-france-vape-hot-sale","product_cat-germany-hot-disposable-vape","product_cat-germany-wholesale-vape-shop","product_cat-jnr-vape","product_cat-netherlands-vape-good-sale","product_cat-norway-hot-disposable-vapes","product_cat-poland-hot-disposable-vapes","product_cat-portugal-hot-disposable-vapes","product_cat-spain-hot-disposable-vapes","product_cat-sweden-hot-disposable-vape","product_cat-sweden-wholesale-vape","product_cat-switzerland-hot-disposable-vapes","product_cat-top-sale-disposable-vape","product_cat-vape-hot-sale-this-week","product_tag-30000-puffs","product_tag-good-vape","product_tag-hot-sale-disposable-vape","product_tag-jnr-power-mate-30000-puffs","product_tag-poland-hot-vape","product_tag-sweden-hot-vape","pa_brand-jnr-vape","desktop-align-left","tablet-align-left","mobile-align-left"],"yoast_head":"<!-- This site is optimized with the Yoast SEO plugin v21.1 - https:\/\/yoast.com\/wordpress\/plugins\/seo\/ -->\n<title>JNR Power Mate 30000 Puffs Wholesale Pocket Hookah Disposable Vape - vapebulkp.com % %<\/title>\n<meta name=\"description\" content=\"Shop the Wholesale Price JNR Power Mate 30000 Puffs Pocket Hookah Vape, featuring 19ml e-liquid, 5000mAh power bank, and smooth flavor performance.&quot;\" \/>\n<meta name=\"robots\" content=\"index, follow, max-snippet:-1, max-image-preview:large, max-video-preview:-1\" \/>\n<link rel=\"canonical\" href=\"https:\/\/vapebulkp.com\/pl\/product\/jnr-power-mate-30000-puffs-wholesale-pocket-hookah-disposable-vape\/\" \/>\n<meta property=\"og:locale\" content=\"pl_PL\" \/>\n<meta property=\"og:type\" content=\"article\" \/>\n<meta property=\"og:title\" content=\"JNR Power Mate 30000 Puffs Wholesale Pocket Hookah Disposable Vape - vapebulkp.com % %\" \/>\n<meta property=\"og:description\" content=\"Shop the Wholesale Price JNR Power Mate 30000 Puffs Pocket Hookah Vape, featuring 19ml e-liquid, 5000mAh power bank, and smooth flavor performance.&quot;\" \/>\n<meta property=\"og:url\" content=\"https:\/\/vapebulkp.com\/pl\/product\/jnr-power-mate-30000-puffs-wholesale-pocket-hookah-disposable-vape\/\" \/>\n<meta property=\"og:site_name\" content=\"vapebulkp.com\" \/>\n<meta property=\"article:modified_time\" content=\"2025-09-24T03:51:45+00:00\" \/>\n<meta property=\"og:image\" content=\"http:\/\/vapebulkp.com\/wp-content\/uploads\/2025\/01\/Jnr-Power-Mate-30000-Puffs-Disposable-Vapes.webp\" \/>\n\t<meta property=\"og:image:width\" content=\"800\" \/>\n\t<meta property=\"og:image:height\" content=\"800\" \/>\n\t<meta property=\"og:image:type\" content=\"image\/webp\" \/>\n<meta name=\"twitter:card\" content=\"summary_large_image\" \/>\n<meta name=\"twitter:label1\" content=\"Szacowany czas czytania\" \/>\n\t<meta name=\"twitter:data1\" content=\"4 minuty\" \/>\n<script type=\"application\/ld+json\" class=\"yoast-schema-graph\">{\"@context\":\"https:\/\/schema.org\",\"@graph\":[{\"@type\":\"WebPage\",\"@id\":\"https:\/\/vapebulkp.com\/product\/jnr-power-mate-30000-puffs-wholesale-pocket-hookah-disposable-vape\/\",\"url\":\"https:\/\/vapebulkp.com\/product\/jnr-power-mate-30000-puffs-wholesale-pocket-hookah-disposable-vape\/\",\"name\":\"JNR Power Mate 30000 Puffs Wholesale Pocket Hookah Disposable Vape - vapebulkp.com % %\",\"isPartOf\":{\"@id\":\"https:\/\/vapebulkp.com\/#website\"},\"datePublished\":\"2025-02-07T09:00:01+00:00\",\"dateModified\":\"2025-09-24T03:51:45+00:00\",\"description\":\"Shop the Wholesale Price JNR Power Mate 30000 Puffs Pocket Hookah Vape, featuring 19ml e-liquid, 5000mAh power bank, and smooth flavor performance.\\\"\",\"breadcrumb\":{\"@id\":\"https:\/\/vapebulkp.com\/product\/jnr-power-mate-30000-puffs-wholesale-pocket-hookah-disposable-vape\/#breadcrumb\"},\"inLanguage\":\"pl-PL\",\"potentialAction\":[{\"@type\":\"ReadAction\",\"target\":[\"https:\/\/vapebulkp.com\/product\/jnr-power-mate-30000-puffs-wholesale-pocket-hookah-disposable-vape\/\"]}]},{\"@type\":\"BreadcrumbList\",\"@id\":\"https:\/\/vapebulkp.com\/product\/jnr-power-mate-30000-puffs-wholesale-pocket-hookah-disposable-vape\/#breadcrumb\",\"itemListElement\":[{\"@type\":\"ListItem\",\"position\":1,\"name\":\"Home\",\"item\":\"https:\/\/vapebulkp.com\/\"},{\"@type\":\"ListItem\",\"position\":2,\"name\":\"Hot Trend Vapes\",\"item\":\"https:\/\/vapebulkp.com\/vape-shop\/\"},{\"@type\":\"ListItem\",\"position\":3,\"name\":\"JNR Power Mate 30000 Puffs Wholesale Pocket Hookah Disposable Vape\"}]},{\"@type\":\"WebSite\",\"@id\":\"https:\/\/vapebulkp.com\/#website\",\"url\":\"https:\/\/vapebulkp.com\/\",\"name\":\"vapebulkp.com\",\"description\":\"Buy Vape In Cheap Bulk Price Near you\",\"publisher\":{\"@id\":\"https:\/\/vapebulkp.com\/#organization\"},\"potentialAction\":[{\"@type\":\"SearchAction\",\"target\":{\"@type\":\"EntryPoint\",\"urlTemplate\":\"https:\/\/vapebulkp.com\/?s={search_term_string}\"},\"query-input\":\"required name=search_term_string\"}],\"inLanguage\":\"pl-PL\"},{\"@type\":\"Organization\",\"@id\":\"https:\/\/vapebulkp.com\/#organization\",\"name\":\"vapebulkp.com\",\"url\":\"https:\/\/vapebulkp.com\/\",\"logo\":{\"@type\":\"ImageObject\",\"inLanguage\":\"pl-PL\",\"@id\":\"https:\/\/vapebulkp.com\/#\/schema\/logo\/image\/\",\"url\":\"https:\/\/vapebulkp.com\/wp-content\/uploads\/2023\/09\/cropped-vapebulkp.png\",\"contentUrl\":\"https:\/\/vapebulkp.com\/wp-content\/uploads\/2023\/09\/cropped-vapebulkp.png\",\"width\":516,\"height\":163,\"caption\":\"vapebulkp.com\"},\"image\":{\"@id\":\"https:\/\/vapebulkp.com\/#\/schema\/logo\/image\/\"}}]}<\/script>\n<!-- \/ Yoast SEO plugin. -->","yoast_head_json":{"title":"JNR Power Mate 30000 Puffs Wholesale Pocket Hookah Disposable Vape - vapebulkp.com % %","description":"Shop the Wholesale Price JNR Power Mate 30000 Puffs Pocket Hookah Vape, featuring 19ml e-liquid, 5000mAh power bank, and smooth flavor performance.\"","robots":{"index":"index","follow":"follow","max-snippet":"max-snippet:-1","max-image-preview":"max-image-preview:large","max-video-preview":"max-video-preview:-1"},"canonical":"https:\/\/vapebulkp.com\/pl\/product\/jnr-power-mate-30000-puffs-wholesale-pocket-hookah-disposable-vape\/","og_locale":"pl_PL","og_type":"article","og_title":"JNR Power Mate 30000 Puffs Wholesale Pocket Hookah Disposable Vape - vapebulkp.com % %","og_description":"Shop the Wholesale Price JNR Power Mate 30000 Puffs Pocket Hookah Vape, featuring 19ml e-liquid, 5000mAh power bank, and smooth flavor performance.\"","og_url":"https:\/\/vapebulkp.com\/pl\/product\/jnr-power-mate-30000-puffs-wholesale-pocket-hookah-disposable-vape\/","og_site_name":"vapebulkp.com","article_modified_time":"2025-09-24T03:51:45+00:00","og_image":[{"width":800,"height":800,"url":"http:\/\/vapebulkp.com\/wp-content\/uploads\/2025\/01\/Jnr-Power-Mate-30000-Puffs-Disposable-Vapes.webp","type":"image\/webp"}],"twitter_card":"summary_large_image","twitter_misc":{"Szacowany czas czytania":"4 minuty"},"schema":{"@context":"https:\/\/schema.org","@graph":[{"@type":"WebPage","@id":"https:\/\/vapebulkp.com\/product\/jnr-power-mate-30000-puffs-wholesale-pocket-hookah-disposable-vape\/","url":"https:\/\/vapebulkp.com\/product\/jnr-power-mate-30000-puffs-wholesale-pocket-hookah-disposable-vape\/","name":"JNR Power Mate 30000 Puffs Wholesale Pocket Hookah Disposable Vape - vapebulkp.com % %","isPartOf":{"@id":"https:\/\/vapebulkp.com\/#website"},"datePublished":"2025-02-07T09:00:01+00:00","dateModified":"2025-09-24T03:51:45+00:00","description":"Shop the Wholesale Price JNR Power Mate 30000 Puffs Pocket Hookah Vape, featuring 19ml e-liquid, 5000mAh power bank, and smooth flavor performance.\"","breadcrumb":{"@id":"https:\/\/vapebulkp.com\/product\/jnr-power-mate-30000-puffs-wholesale-pocket-hookah-disposable-vape\/#breadcrumb"},"inLanguage":"pl-PL","potentialAction":[{"@type":"ReadAction","target":["https:\/\/vapebulkp.com\/product\/jnr-power-mate-30000-puffs-wholesale-pocket-hookah-disposable-vape\/"]}]},{"@type":"BreadcrumbList","@id":"https:\/\/vapebulkp.com\/product\/jnr-power-mate-30000-puffs-wholesale-pocket-hookah-disposable-vape\/#breadcrumb","itemListElement":[{"@type":"ListItem","position":1,"name":"Home","item":"https:\/\/vapebulkp.com\/"},{"@type":"ListItem","position":2,"name":"Hot Trend Vapes","item":"https:\/\/vapebulkp.com\/vape-shop\/"},{"@type":"ListItem","position":3,"name":"JNR Power Mate 30000 Puffs Wholesale Pocket Hookah Disposable Vape"}]},{"@type":"WebSite","@id":"https:\/\/vapebulkp.com\/#website","url":"https:\/\/vapebulkp.com\/","name":"vapebulkp.com","description":"Buy Vape In Cheap Bulk Price Near you","publisher":{"@id":"https:\/\/vapebulkp.com\/#organization"},"potentialAction":[{"@type":"SearchAction","target":{"@type":"EntryPoint","urlTemplate":"https:\/\/vapebulkp.com\/?s={search_term_string}"},"query-input":"required name=search_term_string"}],"inLanguage":"pl-PL"},{"@type":"Organization","@id":"https:\/\/vapebulkp.com\/#organization","name":"vapebulkp.com","url":"https:\/\/vapebulkp.com\/","logo":{"@type":"ImageObject","inLanguage":"pl-PL","@id":"https:\/\/vapebulkp.com\/#\/schema\/logo\/image\/","url":"https:\/\/vapebulkp.com\/wp-content\/uploads\/2023\/09\/cropped-vapebulkp.png","contentUrl":"https:\/\/vapebulkp.com\/wp-content\/uploads\/2023\/09\/cropped-vapebulkp.png","width":516,"height":163,"caption":"vapebulkp.com"},"image":{"@id":"https:\/\/vapebulkp.com\/#\/schema\/logo\/image\/"}}]}},"uagb_featured_image_src":{"full":["https:\/\/vapebulkp.com\/wp-content\/uploads\/2025\/01\/Jnr-Power-Mate-30000-Puffs-Disposable-Vapes.webp",800,800,false],"thumbnail":["https:\/\/vapebulkp.com\/wp-content\/uploads\/2025\/01\/Jnr-Power-Mate-30000-Puffs-Disposable-Vapes-150x150.webp",150,150,true],"medium":["https:\/\/vapebulkp.com\/wp-content\/uploads\/2025\/01\/Jnr-Power-Mate-30000-Puffs-Disposable-Vapes-300x300.webp",300,300,true],"medium_large":["https:\/\/vapebulkp.com\/wp-content\/uploads\/2025\/01\/Jnr-Power-Mate-30000-Puffs-Disposable-Vapes-768x768.webp",768,768,true],"large":["https:\/\/vapebulkp.com\/wp-content\/uploads\/2025\/01\/Jnr-Power-Mate-30000-Puffs-Disposable-Vapes.webp",800,800,false],"1536x1536":["https:\/\/vapebulkp.com\/wp-content\/uploads\/2025\/01\/Jnr-Power-Mate-30000-Puffs-Disposable-Vapes.webp",800,800,false],"2048x2048":["https:\/\/vapebulkp.com\/wp-content\/uploads\/2025\/01\/Jnr-Power-Mate-30000-Puffs-Disposable-Vapes.webp",800,800,false],"trp-custom-language-flag":["https:\/\/vapebulkp.com\/wp-content\/uploads\/2025\/01\/Jnr-Power-Mate-30000-Puffs-Disposable-Vapes.webp",12,12,false],"woocommerce_thumbnail":["https:\/\/vapebulkp.com\/wp-content\/uploads\/2025\/01\/Jnr-Power-Mate-30000-Puffs-Disposable-Vapes-300x300.webp",300,300,true],"woocommerce_single":["https:\/\/vapebulkp.com\/wp-content\/uploads\/2025\/01\/Jnr-Power-Mate-30000-Puffs-Disposable-Vapes-600x600.webp",600,600,true],"woocommerce_gallery_thumbnail":["https:\/\/vapebulkp.com\/wp-content\/uploads\/2025\/01\/Jnr-Power-Mate-30000-Puffs-Disposable-Vapes-100x100.webp",100,100,true],"wcpr-photo-reviews":["https:\/\/vapebulkp.com\/wp-content\/uploads\/2025\/01\/Jnr-Power-Mate-30000-Puffs-Disposable-Vapes.webp",500,500,false]},"uagb_author_info":{"display_name":"Mandy vape bulk price","author_link":"https:\/\/vapebulkp.com\/pl\/author\/"},"uagb_comment_info":0,"uagb_excerpt":"JNR Power Mate 30000 Puffs High-Capacity Pocket Hookah Vape for Wholesale Premium JNR Power Mate 30000 Puffs Disposable Vape with Built-in Power Bank Pls Contact Mandy's WhatsApp For Discount Price+8618077105796 NOTE: Prices on our website does not include shipping costs &nbsp;","_links":{"self":[{"href":"https:\/\/vapebulkp.com\/pl\/wp-json\/wp\/v2\/product\/3429","targetHints":{"allow":["GET"]}}],"collection":[{"href":"https:\/\/vapebulkp.com\/pl\/wp-json\/wp\/v2\/product"}],"about":[{"href":"https:\/\/vapebulkp.com\/pl\/wp-json\/wp\/v2\/types\/product"}],"replies":[{"embeddable":true,"href":"https:\/\/vapebulkp.com\/pl\/wp-json\/wp\/v2\/comments?post=3429"}],"wp:featuredmedia":[{"embeddable":true,"href":"https:\/\/vapebulkp.com\/pl\/wp-json\/wp\/v2\/media\/3425"}],"wp:attachment":[{"href":"https:\/\/vapebulkp.com\/pl\/wp-json\/wp\/v2\/media?parent=3429"}],"wp:term":[{"taxonomy":"product_cat","embeddable":true,"href":"https:\/\/vapebulkp.com\/pl\/wp-json\/wp\/v2\/product_cat?post=3429"},{"taxonomy":"product_tag","embeddable":true,"href":"https:\/\/vapebulkp.com\/pl\/wp-json\/wp\/v2\/product_tag?post=3429"}],"curies":[{"name":"wp","href":"https:\/\/api.w.org\/{rel}","templated":true}]}}