{"id":3496,"date":"2025-02-22T09:29:08","date_gmt":"2025-02-22T08:29:08","guid":{"rendered":"https:\/\/vapebulkp.com\/?post_type=product&#038;p=3496"},"modified":"2025-09-17T10:32:42","modified_gmt":"2025-09-17T08:32:42","slug":"uwin-twins-crystal-40000-puffs-long-lasting-disposable-vape","status":"publish","type":"product","link":"https:\/\/vapebulkp.com\/pl\/produkt\/uwin-twins-crystal-40000-puffs-long-lasting-disposable-vape\/","title":{"rendered":"Uwin Twins Crystal 40000 Puffs D\u0142ugotrwa\u0142y jednorazowy e-papieros"},"content":{"rendered":"<h2 style=\"text-align: left\">Uwin Twins Crystal 40000 Puffs D\u0142ugotrwa\u0142y jednorazowy e-papieros<\/h2>\n<p data-start=\"65\" data-end=\"484\">To <strong data-start=\"69\" data-end=\"119\">Uwin Twins Crystal <a href=\"https:\/\/vapebulkp.com\/pl\/kategoria-produktu\/40000-puffs-disposable-vape\/\">40000 zaci\u0105gni\u0119\u0107 jednorazowy e-papieros<\/a><\/strong> jest zaprojektowany dla tych, kt\u00f3rzy szukaj\u0105 niezawodnego, d\u0142ugotrwa\u0142ego rozwi\u0105zania do waporyzacji. Dzi\u0119ki imponuj\u0105cej liczbie 40 000 zaci\u0105gni\u0119\u0107, urz\u0105dzenie to zapewnia przed\u0142u\u017cone wra\u017cenia z waporyzacji, idealne do codziennego u\u017cytku lub na imprezy towarzyskie. Pojemno\u015b\u0107 <strong data-start=\"323\" data-end=\"349\">30 ml liquidu<\/strong> pozwala na nieprzerwane doznania, podczas gdy <strong data-start=\"396\" data-end=\"417\">grza\u0142ka siatkowa 0,6 ohm<\/strong> dostarcza bogaty smak i g\u0142adk\u0105 produkcj\u0119 pary przy ka\u017cdym zaci\u0105gni\u0119ciu. Wybieraj spo\u015br\u00f3d wielu <strong data-start=\"507\" data-end=\"536\">opcji mocy nikotyny<\/strong>\u20142%,\u00a0 5%\u2014aby dopasowa\u0107 do swoich preferencji. Dzi\u0119ki <strong data-start=\"585\" data-end=\"606\">10 unikalnych smakach<\/strong>, w tym owocowym i mi\u0119towym mieszankom, ka\u017cdy znajdzie co\u015b dla siebie. Elegancki design zawiera <strong data-start=\"709\" data-end=\"740\">akumulator 850mAh<\/strong> z <strong data-start=\"748\" data-end=\"763\">Port Type-C<\/strong>, zapewniaj\u0105cy szybkie i wydajne \u0142adowanie. Idealny zar\u00f3wno dla pocz\u0105tkuj\u0105cych, jak i do\u015bwiadczonych vaper\u00f3w, hurtownia e-papieros\u00f3w Uwin Twins Crystal 40000 puff oferuje bezproblemowe wra\u017cenia z waporyzacji bez konieczno\u015bci uzupe\u0142niania lub konserwacji. Dla jako\u015bci, wydajno\u015bci i wygody, e-papieros Uwin Twins Crystal 40000 puff jest idealnym wyborem.<\/p>\n<p>&nbsp;<\/p>\n<h6>Skontaktuj si\u0119 z WhatsApp Mandy, aby uzyska\u0107 cen\u0119 ze zni\u017ck\u0105<a href=\"https:\/\/wa.me\/8618077105796\">+8618077105796<\/a><\/h6>\n<p><img decoding=\"async\" class=\"alignnone wp-image-2151\" src=\"http:\/\/vapebulkp.com\/wp-content\/uploads\/2024\/04\/Mandy-WhatsApp-Randm.jpg\" alt=\"WhatsApp Mandy Randm\" width=\"324\" height=\"330\" \/><\/p>\n<div class=\"flex max-w-full flex-col flex-grow\">\n<div class=\"min-h-8 text-message flex w-full flex-col items-end gap-2 whitespace-normal break-words text-start [.text-message+&amp;]:mt-5\" dir=\"auto\" data-message-author-role=\"assistant\" data-message-id=\"d24cf626-c018-4805-80f5-44de047f2ba0\" data-message-model-slug=\"gpt-4o\">\n<div class=\"flex w-full flex-col gap-1 empty:hidden first:pt-[3px]\">\n<div class=\"markdown prose w-full break-words dark:prose-invert light\">\n<h2>Dlaczego warto wybra\u0107 jednorazowe e-papierosy o premium smakach Twins Crystal 40000 Puffs w <a href=\"https:\/\/vapebulkp.com\/pl\/vape-shop\/\">Vapebulkp.com<\/a>?<\/h2>\n<ul data-start=\"65\" data-end=\"521\">\n<li data-start=\"65\" data-end=\"155\"><strong data-start=\"67\" data-end=\"85\">Szeroki wyb\u00f3r<\/strong>: R\u00f3\u017cnorodno\u015b\u0107 mocy nikotyny i smak\u00f3w, aby zaspokoi\u0107 wszystkie preferencje.<\/li>\n<li data-start=\"156\" data-end=\"256\"><strong data-start=\"158\" data-end=\"179\">Gwarancja jako\u015bci<\/strong>: Tylko premium, d\u0142ugotrwa\u0142e jednorazowe e-papierosy z najwy\u017cszej klasy technologi\u0105 grza\u0142ki.<\/li>\n<li data-start=\"257\" data-end=\"340\"><strong data-start=\"259\" data-end=\"281\">Konkurencyjne Ceny<\/strong>: Przyst\u0119pne ceny i opcje zakupu hurtowego dla oszcz\u0119dno\u015bci.<\/li>\n<li data-start=\"341\" data-end=\"431\"><strong data-start=\"343\" data-end=\"360\">Szybka Wysy\u0142ka<\/strong>: Szybka dostawa w Europie, zapewniaj\u0105ca terminowe otrzymanie produkt\u00f3w.<\/li>\n<li data-start=\"432\" data-end=\"521\"><strong data-start=\"434\" data-end=\"454\">Obs\u0142uga Klienta<\/strong>: Niezawodna obs\u0142uga klienta, aby pom\u00f3c w przypadku wszelkich zapyta\u0144 lub problem\u00f3w.<\/li>\n<li data-start=\"432\" data-end=\"521\"><strong style=\"font-size: 16px\" data-start=\"523\" data-end=\"554\">Zalety Vapebulkp.com<\/strong><\/li>\n<li data-start=\"557\" data-end=\"609\">Szeroki asortyment wysokiej jako\u015bci produkt\u00f3w do waporyzacji.<\/li>\n<li data-start=\"610\" data-end=\"663\">\u0141atwe zamawianie online z bezpiecznymi opcjami p\u0142atno\u015bci.<\/li>\n<li data-start=\"664\" data-end=\"739\" data-is-last-node=\"\">Koncentracja na ekologicznych, zorientowanych na klienta rozwi\u0105zaniach dla entuzjast\u00f3w waporyzacji.<\/li>\n<\/ul>\n<\/div>\n<\/div>\n<\/div>\n<\/div>\n<h3>Uwin Twins Crystal 40000 Puffs moc nikotyny vape Kluczowe specyfikacje:<\/h3>\n<ul>\n<li data-start=\"241\" data-end=\"337\"><strong data-start=\"243\" data-end=\"272\">Opcje Mocy Nikotyny<\/strong>: 0%, 2%, 3%, 5% S\u00f3l Nikotynowa dla spersonalizowanego do\u015bwiadczenia waporyzacji<\/li>\n<li data-start=\"338\" data-end=\"421\"><strong data-start=\"340\" data-end=\"354\">Liczba zaci\u0105gni\u0119\u0107<\/strong>: 40 000 zaci\u0105gni\u0119\u0107, oferuj\u0105c d\u0142ugotrwa\u0142e, p\u0142ynne do\u015bwiadczenie waporyzacji<\/li>\n<li data-start=\"422\" data-end=\"520\"><strong data-start=\"424\" data-end=\"445\">Pojemno\u015b\u0107 e-liquidu<\/strong>: 30 ml, zapewniaj\u0105c wystarczaj\u0105c\u0105 ilo\u015b\u0107 e-liquidu do d\u0142u\u017cszego u\u017cytkowania bez cz\u0119stego uzupe\u0142niania<\/li>\n<li data-start=\"521\" data-end=\"630\"><strong data-start=\"523\" data-end=\"536\">Opakowanie<\/strong>: 10 sztuk w pude\u0142ku, 100 sztuk w kartonie, co czyni go idealnym do zakupu hurtowego lub ekspozycji detalicznych<\/li>\n<li data-start=\"631\" data-end=\"758\"><strong data-start=\"633\" data-end=\"644\">Smaki<\/strong>: Dost\u0119pnych 10 premium smak\u00f3w, zaspokajaj\u0105cych szeroki zakres preferencji smakowych, od owocowych po mentolowe i inne<\/li>\n<li data-start=\"759\" data-end=\"871\"><strong data-start=\"761\" data-end=\"772\">Bateria<\/strong>: Akumulator kobaltowy 850 mAh z portem Type-C do szybkiego \u0142adowania i maksymalnej wydajno\u015bci<\/li>\n<li data-start=\"872\" data-end=\"980\"><strong data-start=\"874\" data-end=\"882\">Grza\u0142ka<\/strong>: Zaawansowana technologia grza\u0142ki siatkowej 0,6 ohm dla lepszego smaku i p\u0142ynnej produkcji pary<\/li>\n<li data-start=\"981\" data-end=\"1086\"><strong data-start=\"983\" data-end=\"993\">Projekt<\/strong>: Kompaktowy i elegancki, zaprojektowany z my\u015bl\u0105 o przeno\u015bno\u015bci i \u0142atwo\u015bci u\u017cytkowania, idealny do waporyzacji w podr\u00f3\u017cy<\/li>\n<li data-start=\"1087\" data-end=\"1198\"><strong data-start=\"1089\" data-end=\"1106\">Przyjazny dla u\u017cytkownika<\/strong>: Bez uzupe\u0142niania ani skomplikowanych ustawie\u0144 \u2014 po prostu otw\u00f3rz i ciesz si\u0119 satysfakcjonuj\u0105cym, d\u0142ugotrwa\u0142ym wapowaniem<\/li>\n<li data-start=\"1199\" data-end=\"1311\"><strong data-start=\"1201\" data-end=\"1214\">Idealne dla<\/strong>: Codziennego u\u017cytku, podr\u00f3\u017cy i spotka\u0144 towarzyskich \u2014 zapewniaj\u0105c bezproblemowe i niezawodne rozwi\u0105zanie do waporyzacji<\/li>\n<\/ul>\n<h3><strong>Najwy\u017cszej jako\u015bci smaki kapsu\u0142ek do waporyzatora Twins Crystal 40000 Puff<\/strong><\/h3>\n<p>1. Jagoda na Lodzie \/ Letnia Brzoskwinia na Lodzie<br \/>\n2. Kiwi Marakuja Guawa \/ Jagoda Malina<br \/>\n3. Truskawka Kiwi \/ Winogrono na Lodzie<br \/>\n4.Kiwi Marakuja Guawa\/Dwa Jab\u0142ka<br \/>\n5.Truskawka Arbuz\/Cytryna Limonka<br \/>\n6.Bor\u00f3wka Malina\/Wi\u015bnia L\u00f3d<br \/>\n7.Truskawka Malina Wi\u015bnia\/Pan Niebieski<br \/>\n8.Brzoskwinia Mango Ananas\/Red Bull<br \/>\n9.Arbuz L\u00f3d\/Mieszane Jagody<br \/>\n10.Truskawka Banan\/Love 66 (Marakuja Melon L\u00f3d)<\/p>\n<p><a href=\"https:\/\/vapebulkp.com\/pl\/produkt\/aivono-curved-smart-screen-35000-puffs-disposable-vape-wholesale-price\/\"><span style=\"vertical-align: inherit\">Aivono 35000 Zaci\u0105gni\u0119\u0107 <\/span><\/a><\/p>\n<p><span style=\"vertical-align: inherit\">Znajd\u017a wi\u0119cej produkt\u00f3w, kt\u00f3re mog\u0105 Ci si\u0119 spodoba\u0107:<\/span><em><a href=\"https:\/\/wa.me\/8618077105796\"><span style=\"vertical-align: inherit\">\u00a0Kup teraz<\/span><\/a><\/em><\/p>\n<p><span style=\"vertical-align: inherit\">Inne Puffs, kt\u00f3re mog\u0105 Ci si\u0119 spodoba\u0107:<\/span><a href=\"https:\/\/vapebulkp.com\/pl\/produkt\/wholesale-price-bang-kingdoms-rex-32000-puffs-vape-pod\/\"><span style=\"vertical-align: inherit\">Bang Kingdoms 32000 Zaci\u0105gni\u0119\u0107<\/span><\/a><span style=\"vertical-align: inherit\">\u3001<\/span><a href=\"https:\/\/vapebulkp.com\/pl\/produkt\/bood-pulse-pro-25k-50k-disposable-vape-bar-5000-puffs-nicotine-free\/\"><span style=\"vertical-align: inherit\">Bood pulse pro 50000 Zaci\u0105gni\u0119\u0107<\/span><\/a><span style=\"vertical-align: inherit\">\/ <\/span><a href=\"https:\/\/vapebulkp.com\/pl\/produkt\/vapsolo-best-quality-viking-12k-puffs-disposable-vapes\/\"><span style=\"vertical-align: inherit\">Vapsolo viking 12000 Zaci\u0105gni\u0119\u0107<\/span><\/a><span style=\"vertical-align: inherit\">\/ <\/span><a href=\"https:\/\/vapebulkp.com\/pl\/produkt\/waspe-vape-40000-puff-fihp-double-flavour-disposable-vape\/\"><span style=\"vertical-align: inherit\">WASPE 40000 Zaci\u0105gni\u0119\u0107<\/span><\/a><\/p>\n<p><span style=\"vertical-align: inherit\">E-papieros o specjalnym kszta\u0142cie butelki:<\/span><a href=\"https:\/\/vapebulkp.com\/pl\/produkt\/vapsolo-feed-bar-shisha-vape-15000-puffs-wholesale-price\/\"><span style=\"vertical-align: inherit\"> Vapsolo shisha 15000 Zaci\u0105gni\u0119\u0107<\/span><\/a><span style=\"vertical-align: inherit\">\/ <\/span><a href=\"https:\/\/vapebulkp.com\/pl\/produkt\/vopk-ultra-30000-puffs-rgb-light-mesh-coil-rechargeable-vape-wholesale-price\/\"><span style=\"vertical-align: inherit\">\u00a0VOPK ULTRA 30000 Zaci\u0105gni\u0119\u0107 <\/span><\/a><span style=\"vertical-align: inherit\">\/<\/span><a href=\"https:\/\/vapebulkp.com\/pl\/produkt\/bang-box-35000-puffs-touch-switch-digital-screen-rechargeable-vape\/\"><span style=\"vertical-align: inherit\"> Bang Box 35000 Zaci\u0105gni\u0119\u0107<\/span><\/a><\/p>\n<h3>Szczeg\u00f3\u0142y wysy\u0142ki:<\/h3>\n<p><span style=\"color: #ff6600\">Czas produkcji: 5-10 dni roboczych<\/span><br \/>\n<span style=\"color: #ff6600\">Czas wysy\u0142ki: 8-14 dni roboczych<\/span><\/p>\n<p>Wszystkie produkty w naszym sklepie s\u0105 w 100% oryginalne i autentyczne, dlatego polityk\u0105 naszego sklepu jest dziesi\u0119ciokrotne odszkodowanie za podrobione towary. Do dostarczania towar\u00f3w u\u017cywamy kana\u0142\u00f3w logistycznych, takich jak UPS\/DHL\/FEDEX\/DPD.<\/p>\n<p>W przypadku paczek wysy\u0142anych do Polski dostawa trwa zwykle 10 dni roboczych. Wysy\u0142ka do kraj\u00f3w europejskich trwa zwykle od 12 do 15 dni roboczych. B\u0119dziemy aktualizowa\u0107 dla Ciebie informacje logistyczne w czasie rzeczywistym.<\/p>","protected":false},"excerpt":{"rendered":"<ul>\n<li data-start=\"115\" data-end=\"211\"><strong data-start=\"118\" data-end=\"209\">Jednorazowy e-papieros Uwin Twins Crystal 40k Puffs dla d\u0142ugotrwa\u0142ego smaku i satysfakcji<\/strong><\/li>\n<li data-start=\"212\" data-end=\"297\"><strong data-start=\"215\" data-end=\"295\">Najwy\u017cszej jako\u015bci e-papierosy Uwin Twins Crystal 40000 Puffs dla g\u0142adkich uderze\u0144 i d\u0142u\u017cszego u\u017cytkowania<\/strong><\/li>\n<li data-start=\"298\" data-end=\"399\"><strong data-start=\"301\" data-end=\"399\">Jednorazowy e-papieros Uwin Twins Crystal 40000 Puffs \u2013 Najwy\u017cszej jako\u015bci technologia grza\u0142ki dla sta\u0142ej produkcji pary<\/strong><\/li>\n<\/ul>\n<p>Skontaktuj si\u0119 z WhatsApp Mandy, aby uzyska\u0107 cen\u0119 ze zni\u017ck\u0105<a href=\"https:\/\/wa.me\/8618077105796\">+8618077105796<\/a><\/p>\n<p><img decoding=\"async\" class=\"alignnone wp-image-2151\" src=\"http:\/\/vapebulkp.com\/wp-content\/uploads\/2024\/04\/Mandy-WhatsApp-Randm.jpg\" alt=\"WhatsApp Mandy Randm\" width=\"297\" height=\"316\" srcset=\"https:\/\/vapebulkp.com\/wp-content\/uploads\/2024\/04\/Mandy-WhatsApp-Randm.jpg 916w, https:\/\/vapebulkp.com\/wp-content\/uploads\/2024\/04\/Mandy-WhatsApp-Randm-282x300.jpg 282w, https:\/\/vapebulkp.com\/wp-content\/uploads\/2024\/04\/Mandy-WhatsApp-Randm-768x817.jpg 768w, https:\/\/vapebulkp.com\/wp-content\/uploads\/2024\/04\/Mandy-WhatsApp-Randm-600x638.jpg 600w\" sizes=\"(max-width: 297px) 100vw, 297px\" \/><\/p>\n<p><span style=\"color: #ff0000\">UWAGA: Ceny na naszej stronie internetowej nie zawieraj\u0105 koszt\u00f3w wysy\u0142ki<\/span><\/p>\n<p>&nbsp;<\/p>","protected":false},"featured_media":3494,"comment_status":"open","ping_status":"closed","template":"","meta":{"_uag_custom_page_level_css":"","_lmt_disableupdate":"no","_lmt_disable":"","site-sidebar-layout":"default","site-content-layout":"content-boxed-container","ast-site-content-layout":"normal-width-container","site-content-style":"boxed","site-sidebar-style":"unboxed","ast-global-header-display":"","ast-banner-title-visibility":"","ast-main-header-display":"","ast-hfb-above-header-display":"","ast-hfb-below-header-display":"","ast-hfb-mobile-header-display":"","site-post-title":"","ast-breadcrumbs-content":"","ast-featured-img":"","footer-sml-layout":"","theme-transparent-header-meta":"default","adv-header-id-meta":"","stick-header-meta":"","header-above-stick-meta":"","header-main-stick-meta":"","header-below-stick-meta":"","astra-migrate-meta-layouts":"set","_joinchat":[]},"product_cat":[182,153,155,33,59,100,87,34,158,157,154,152,58,84,156,63,360,32],"product_tag":[36,37,41,40,213],"class_list":["post-3496","product","type-product","status-publish","has-post-thumbnail","hentry","product_cat-40000-puffs-disposable-vape","product_cat-hot-disposable-vapes","product_cat-belgium-hot-disposable-vapes","product_cat-france-vape-hot-sale","product_cat-germany-hot-disposable-vape","product_cat-germany-wholesale-vape-shop","product_cat-minimum-order-quantity-50pcs","product_cat-netherlands-vape-good-sale","product_cat-norway-hot-disposable-vapes","product_cat-poland-hot-disposable-vapes","product_cat-portugal-hot-disposable-vapes","product_cat-spain-hot-disposable-vapes","product_cat-sweden-hot-disposable-vape","product_cat-sweden-wholesale-vape","product_cat-switzerland-hot-disposable-vapes","product_cat-top-sale-disposable-vape","product_cat-uwin-vape","product_cat-vape-hot-sale-this-week","product_tag-good-vape","product_tag-hot-sale-disposable-vape","product_tag-poland-hot-vape","product_tag-sweden-hot-vape","product_tag-uwin-twins-crystal-40000-puffs","pa_brand-uwin-vape","desktop-align-left","tablet-align-left","mobile-align-left"],"yoast_head":"<!-- This site is optimized with the Yoast SEO plugin v21.1 - https:\/\/yoast.com\/wordpress\/plugins\/seo\/ -->\n<title>Uwin Twins Crystal 40000 Puffs Long-Lasting Disposable Vape - vapebulkp.com<\/title>\n<meta name=\"description\" content=\"Best Price Uwin Twins Crystal 40000 Puffs Disposable Vape offers long-lasting flavor, multiple nicotine strengths, and a smooth vaping experience.\" \/>\n<meta name=\"robots\" content=\"index, follow, max-snippet:-1, max-image-preview:large, max-video-preview:-1\" \/>\n<link rel=\"canonical\" href=\"https:\/\/vapebulkp.com\/pl\/produkt\/uwin-twins-crystal-40000-puffs-long-lasting-disposable-vape\/\" \/>\n<meta property=\"og:locale\" content=\"pl_PL\" \/>\n<meta property=\"og:type\" content=\"article\" \/>\n<meta property=\"og:title\" content=\"Uwin Twins Crystal 40000 Puffs Long-Lasting Disposable Vape - vapebulkp.com\" \/>\n<meta property=\"og:description\" content=\"Best Price Uwin Twins Crystal 40000 Puffs Disposable Vape offers long-lasting flavor, multiple nicotine strengths, and a smooth vaping experience.\" \/>\n<meta property=\"og:url\" content=\"https:\/\/vapebulkp.com\/pl\/produkt\/uwin-twins-crystal-40000-puffs-long-lasting-disposable-vape\/\" \/>\n<meta property=\"og:site_name\" content=\"vapebulkp.com\" \/>\n<meta property=\"article:modified_time\" content=\"2025-09-17T08:32:42+00:00\" \/>\n<meta property=\"og:image\" content=\"http:\/\/vapebulkp.com\/wp-content\/uploads\/2025\/02\/UWIN-Crystal-40000-Puffs-Disposable-Vape-for-Convenient-and-Hassle-Free-Vaping.webp\" \/>\n\t<meta property=\"og:image:width\" content=\"800\" \/>\n\t<meta property=\"og:image:height\" content=\"800\" \/>\n\t<meta property=\"og:image:type\" content=\"image\/webp\" \/>\n<meta name=\"twitter:card\" content=\"summary_large_image\" \/>\n<meta name=\"twitter:label1\" content=\"Szacowany czas czytania\" \/>\n\t<meta name=\"twitter:data1\" content=\"3 minuty\" \/>\n<script type=\"application\/ld+json\" class=\"yoast-schema-graph\">{\"@context\":\"https:\/\/schema.org\",\"@graph\":[{\"@type\":\"WebPage\",\"@id\":\"https:\/\/vapebulkp.com\/product\/uwin-twins-crystal-40000-puffs-long-lasting-disposable-vape\/\",\"url\":\"https:\/\/vapebulkp.com\/product\/uwin-twins-crystal-40000-puffs-long-lasting-disposable-vape\/\",\"name\":\"Uwin Twins Crystal 40000 Puffs Long-Lasting Disposable Vape - vapebulkp.com\",\"isPartOf\":{\"@id\":\"https:\/\/vapebulkp.com\/#website\"},\"datePublished\":\"2025-02-22T08:29:08+00:00\",\"dateModified\":\"2025-09-17T08:32:42+00:00\",\"description\":\"Best Price Uwin Twins Crystal 40000 Puffs Disposable Vape offers long-lasting flavor, multiple nicotine strengths, and a smooth vaping experience.\",\"breadcrumb\":{\"@id\":\"https:\/\/vapebulkp.com\/product\/uwin-twins-crystal-40000-puffs-long-lasting-disposable-vape\/#breadcrumb\"},\"inLanguage\":\"pl-PL\",\"potentialAction\":[{\"@type\":\"ReadAction\",\"target\":[\"https:\/\/vapebulkp.com\/product\/uwin-twins-crystal-40000-puffs-long-lasting-disposable-vape\/\"]}]},{\"@type\":\"BreadcrumbList\",\"@id\":\"https:\/\/vapebulkp.com\/product\/uwin-twins-crystal-40000-puffs-long-lasting-disposable-vape\/#breadcrumb\",\"itemListElement\":[{\"@type\":\"ListItem\",\"position\":1,\"name\":\"Home\",\"item\":\"https:\/\/vapebulkp.com\/\"},{\"@type\":\"ListItem\",\"position\":2,\"name\":\"Hot Trend Vapes\",\"item\":\"https:\/\/vapebulkp.com\/vape-shop\/\"},{\"@type\":\"ListItem\",\"position\":3,\"name\":\"Uwin Twins Crystal 40000 Puffs Long-Lasting Disposable Vape\"}]},{\"@type\":\"WebSite\",\"@id\":\"https:\/\/vapebulkp.com\/#website\",\"url\":\"https:\/\/vapebulkp.com\/\",\"name\":\"vapebulkp.com\",\"description\":\"Buy Vape In Cheap Bulk Price Near you\",\"publisher\":{\"@id\":\"https:\/\/vapebulkp.com\/#organization\"},\"potentialAction\":[{\"@type\":\"SearchAction\",\"target\":{\"@type\":\"EntryPoint\",\"urlTemplate\":\"https:\/\/vapebulkp.com\/?s={search_term_string}\"},\"query-input\":\"required name=search_term_string\"}],\"inLanguage\":\"pl-PL\"},{\"@type\":\"Organization\",\"@id\":\"https:\/\/vapebulkp.com\/#organization\",\"name\":\"vapebulkp.com\",\"url\":\"https:\/\/vapebulkp.com\/\",\"logo\":{\"@type\":\"ImageObject\",\"inLanguage\":\"pl-PL\",\"@id\":\"https:\/\/vapebulkp.com\/#\/schema\/logo\/image\/\",\"url\":\"https:\/\/vapebulkp.com\/wp-content\/uploads\/2023\/09\/cropped-vapebulkp.png\",\"contentUrl\":\"https:\/\/vapebulkp.com\/wp-content\/uploads\/2023\/09\/cropped-vapebulkp.png\",\"width\":516,\"height\":163,\"caption\":\"vapebulkp.com\"},\"image\":{\"@id\":\"https:\/\/vapebulkp.com\/#\/schema\/logo\/image\/\"}}]}<\/script>\n<!-- \/ Yoast SEO plugin. -->","yoast_head_json":{"title":"Uwin Twins Crystal 40000 Puffs Long-Lasting Disposable Vape - vapebulkp.com","description":"Best Price Uwin Twins Crystal 40000 Puffs Disposable Vape offers long-lasting flavor, multiple nicotine strengths, and a smooth vaping experience.","robots":{"index":"index","follow":"follow","max-snippet":"max-snippet:-1","max-image-preview":"max-image-preview:large","max-video-preview":"max-video-preview:-1"},"canonical":"https:\/\/vapebulkp.com\/pl\/produkt\/uwin-twins-crystal-40000-puffs-long-lasting-disposable-vape\/","og_locale":"pl_PL","og_type":"article","og_title":"Uwin Twins Crystal 40000 Puffs Long-Lasting Disposable Vape - vapebulkp.com","og_description":"Best Price Uwin Twins Crystal 40000 Puffs Disposable Vape offers long-lasting flavor, multiple nicotine strengths, and a smooth vaping experience.","og_url":"https:\/\/vapebulkp.com\/pl\/produkt\/uwin-twins-crystal-40000-puffs-long-lasting-disposable-vape\/","og_site_name":"vapebulkp.com","article_modified_time":"2025-09-17T08:32:42+00:00","og_image":[{"width":800,"height":800,"url":"http:\/\/vapebulkp.com\/wp-content\/uploads\/2025\/02\/UWIN-Crystal-40000-Puffs-Disposable-Vape-for-Convenient-and-Hassle-Free-Vaping.webp","type":"image\/webp"}],"twitter_card":"summary_large_image","twitter_misc":{"Szacowany czas czytania":"3 minuty"},"schema":{"@context":"https:\/\/schema.org","@graph":[{"@type":"WebPage","@id":"https:\/\/vapebulkp.com\/product\/uwin-twins-crystal-40000-puffs-long-lasting-disposable-vape\/","url":"https:\/\/vapebulkp.com\/product\/uwin-twins-crystal-40000-puffs-long-lasting-disposable-vape\/","name":"Uwin Twins Crystal 40000 Puffs Long-Lasting Disposable Vape - vapebulkp.com","isPartOf":{"@id":"https:\/\/vapebulkp.com\/#website"},"datePublished":"2025-02-22T08:29:08+00:00","dateModified":"2025-09-17T08:32:42+00:00","description":"Best Price Uwin Twins Crystal 40000 Puffs Disposable Vape offers long-lasting flavor, multiple nicotine strengths, and a smooth vaping experience.","breadcrumb":{"@id":"https:\/\/vapebulkp.com\/product\/uwin-twins-crystal-40000-puffs-long-lasting-disposable-vape\/#breadcrumb"},"inLanguage":"pl-PL","potentialAction":[{"@type":"ReadAction","target":["https:\/\/vapebulkp.com\/product\/uwin-twins-crystal-40000-puffs-long-lasting-disposable-vape\/"]}]},{"@type":"BreadcrumbList","@id":"https:\/\/vapebulkp.com\/product\/uwin-twins-crystal-40000-puffs-long-lasting-disposable-vape\/#breadcrumb","itemListElement":[{"@type":"ListItem","position":1,"name":"Home","item":"https:\/\/vapebulkp.com\/"},{"@type":"ListItem","position":2,"name":"Hot Trend Vapes","item":"https:\/\/vapebulkp.com\/vape-shop\/"},{"@type":"ListItem","position":3,"name":"Uwin Twins Crystal 40000 Puffs Long-Lasting Disposable Vape"}]},{"@type":"WebSite","@id":"https:\/\/vapebulkp.com\/#website","url":"https:\/\/vapebulkp.com\/","name":"vapebulkp.com","description":"Buy Vape In Cheap Bulk Price Near you","publisher":{"@id":"https:\/\/vapebulkp.com\/#organization"},"potentialAction":[{"@type":"SearchAction","target":{"@type":"EntryPoint","urlTemplate":"https:\/\/vapebulkp.com\/?s={search_term_string}"},"query-input":"required name=search_term_string"}],"inLanguage":"pl-PL"},{"@type":"Organization","@id":"https:\/\/vapebulkp.com\/#organization","name":"vapebulkp.com","url":"https:\/\/vapebulkp.com\/","logo":{"@type":"ImageObject","inLanguage":"pl-PL","@id":"https:\/\/vapebulkp.com\/#\/schema\/logo\/image\/","url":"https:\/\/vapebulkp.com\/wp-content\/uploads\/2023\/09\/cropped-vapebulkp.png","contentUrl":"https:\/\/vapebulkp.com\/wp-content\/uploads\/2023\/09\/cropped-vapebulkp.png","width":516,"height":163,"caption":"vapebulkp.com"},"image":{"@id":"https:\/\/vapebulkp.com\/#\/schema\/logo\/image\/"}}]}},"uagb_featured_image_src":{"full":["https:\/\/vapebulkp.com\/wp-content\/uploads\/2025\/02\/UWIN-Crystal-40000-Puffs-Disposable-Vape-for-Convenient-and-Hassle-Free-Vaping.webp",800,800,false],"thumbnail":["https:\/\/vapebulkp.com\/wp-content\/uploads\/2025\/02\/UWIN-Crystal-40000-Puffs-Disposable-Vape-for-Convenient-and-Hassle-Free-Vaping-150x150.webp",150,150,true],"medium":["https:\/\/vapebulkp.com\/wp-content\/uploads\/2025\/02\/UWIN-Crystal-40000-Puffs-Disposable-Vape-for-Convenient-and-Hassle-Free-Vaping-300x300.webp",300,300,true],"medium_large":["https:\/\/vapebulkp.com\/wp-content\/uploads\/2025\/02\/UWIN-Crystal-40000-Puffs-Disposable-Vape-for-Convenient-and-Hassle-Free-Vaping-768x768.webp",768,768,true],"large":["https:\/\/vapebulkp.com\/wp-content\/uploads\/2025\/02\/UWIN-Crystal-40000-Puffs-Disposable-Vape-for-Convenient-and-Hassle-Free-Vaping.webp",800,800,false],"1536x1536":["https:\/\/vapebulkp.com\/wp-content\/uploads\/2025\/02\/UWIN-Crystal-40000-Puffs-Disposable-Vape-for-Convenient-and-Hassle-Free-Vaping.webp",800,800,false],"2048x2048":["https:\/\/vapebulkp.com\/wp-content\/uploads\/2025\/02\/UWIN-Crystal-40000-Puffs-Disposable-Vape-for-Convenient-and-Hassle-Free-Vaping.webp",800,800,false],"trp-custom-language-flag":["https:\/\/vapebulkp.com\/wp-content\/uploads\/2025\/02\/UWIN-Crystal-40000-Puffs-Disposable-Vape-for-Convenient-and-Hassle-Free-Vaping.webp",12,12,false],"woocommerce_thumbnail":["https:\/\/vapebulkp.com\/wp-content\/uploads\/2025\/02\/UWIN-Crystal-40000-Puffs-Disposable-Vape-for-Convenient-and-Hassle-Free-Vaping-300x300.webp",300,300,true],"woocommerce_single":["https:\/\/vapebulkp.com\/wp-content\/uploads\/2025\/02\/UWIN-Crystal-40000-Puffs-Disposable-Vape-for-Convenient-and-Hassle-Free-Vaping-600x600.webp",600,600,true],"woocommerce_gallery_thumbnail":["https:\/\/vapebulkp.com\/wp-content\/uploads\/2025\/02\/UWIN-Crystal-40000-Puffs-Disposable-Vape-for-Convenient-and-Hassle-Free-Vaping-100x100.webp",100,100,true],"wcpr-photo-reviews":["https:\/\/vapebulkp.com\/wp-content\/uploads\/2025\/02\/UWIN-Crystal-40000-Puffs-Disposable-Vape-for-Convenient-and-Hassle-Free-Vaping.webp",500,500,false]},"uagb_author_info":{"display_name":"Mandy vape bulk price","author_link":"https:\/\/vapebulkp.com\/pl\/author\/"},"uagb_comment_info":0,"uagb_excerpt":"Uwin Twins Crystal 40k Puffs Disposable Vape for Long-Lasting Flavor and Satisfaction Premium Uwin Twins Crystal 40000 Puff Vapes for Smooth Hits and Extended Use Uwin Twins Crystal 40000 Puffs Disposable Vape - Superior Coil Technology for Consistent Vapor Pls Contact Mandy's WhatsApp For Discount Price+8618077105796 NOTE: Prices on our website does not include shipping&hellip;","_links":{"self":[{"href":"https:\/\/vapebulkp.com\/pl\/wp-json\/wp\/v2\/product\/3496","targetHints":{"allow":["GET"]}}],"collection":[{"href":"https:\/\/vapebulkp.com\/pl\/wp-json\/wp\/v2\/product"}],"about":[{"href":"https:\/\/vapebulkp.com\/pl\/wp-json\/wp\/v2\/types\/product"}],"replies":[{"embeddable":true,"href":"https:\/\/vapebulkp.com\/pl\/wp-json\/wp\/v2\/comments?post=3496"}],"wp:featuredmedia":[{"embeddable":true,"href":"https:\/\/vapebulkp.com\/pl\/wp-json\/wp\/v2\/media\/3494"}],"wp:attachment":[{"href":"https:\/\/vapebulkp.com\/pl\/wp-json\/wp\/v2\/media?parent=3496"}],"wp:term":[{"taxonomy":"product_cat","embeddable":true,"href":"https:\/\/vapebulkp.com\/pl\/wp-json\/wp\/v2\/product_cat?post=3496"},{"taxonomy":"product_tag","embeddable":true,"href":"https:\/\/vapebulkp.com\/pl\/wp-json\/wp\/v2\/product_tag?post=3496"}],"curies":[{"name":"wp","href":"https:\/\/api.w.org\/{rel}","templated":true}]}}