{"id":3504,"date":"2025-02-24T09:02:47","date_gmt":"2025-02-24T08:02:47","guid":{"rendered":"https:\/\/vapebulkp.com\/?post_type=product&#038;p=3504"},"modified":"2025-09-17T10:33:42","modified_gmt":"2025-09-17T08:33:42","slug":"wholesale-bang-leader-20000-puffs-disposable-e-cigarette-vape-vaporizer","status":"publish","type":"product","link":"https:\/\/vapebulkp.com\/pl\/product\/wholesale-bang-leader-20000-puffs-disposable-e-cigarette-vape-vaporizer\/","title":{"rendered":"Hurtowy lider Bang 20000 Puffs jednorazowy e-papieros Vape Vaporizer"},"content":{"rendered":"<h2 style=\"text-align: left\">Hurtowy Bang Leader 20000 Zaci\u0105gni\u0119\u0107 Jednorazowy E-Papieros Vape Parownik<\/h2>\n<p data-start=\"123\" data-end=\"483\"><strong data-start=\"123\" data-end=\"223\">Wejd\u017a do \u015bwiata Hurtowych Jednorazowych Vape'\u00f3w Bang Leader 20000 Zaci\u0105gni\u0119\u0107<\/strong>\u2014 wyrafinowany wyb\u00f3r dla tych, kt\u00f3rzy szukaj\u0105 zar\u00f3wno wydajno\u015bci, jak i luksusu w ka\u017cdym zaci\u0105gni\u0119ciu. To wysokiej klasy urz\u0105dzenie zosta\u0142o specjalnie zaprojektowane dla wymagaj\u0105cego u\u017cytkownika, p\u0142ynnie \u0142\u0105cz\u0105c zaawansowan\u0105 technologi\u0119 z eleganckim designem, aby zaoferowa\u0107 niezr\u00f3wnane wra\u017cenia z wapowania.<\/p>\n<p data-start=\"485\" data-end=\"900\">Sercem Bang Leadera jest wytrzyma\u0142y <strong data-start=\"529\" data-end=\"560\">bateri\u0119 o pojemno\u015bci 650mAh z mo\u017cliwo\u015bci\u0105 \u0142adowania<\/strong>, kt\u00f3ry jest doskonale uzupe\u0142niony przez <strong data-start=\"597\" data-end=\"621\">szybkie \u0142adowanie przez Type-C<\/strong> w celu minimalizacji przestoj\u00f3w. Czy to do u\u017cytku osobistego, czy hurtowego, to urz\u0105dzenie konsekwentnie zapewnia d\u0142ugotrwa\u0142\u0105 wydajno\u015b\u0107, dzi\u0119ki czemu jest idealne dla zapracowanych waper\u00f3w, kt\u00f3rzy potrzebuj\u0105 niezawodno\u015bci bez po\u015bwi\u0119ce\u0144. W rezultacie u\u017cytkownicy mog\u0105 cieszy\u0107 si\u0119 nieprzerwanym, premium do\u015bwiadczeniem przez ca\u0142y dzie\u0144.<\/p>\n<p data-start=\"902\" data-end=\"1328\">Co wi\u0119cej, dzi\u0119ki swojej zaawansowanej <strong data-start=\"930\" data-end=\"955\">podw\u00f3jnej siatki grzewczej<\/strong>, Bang Leader zosta\u0142 zaprojektowany, aby wzmacnia\u0107 zar\u00f3wno smak, jak i produkcj\u0119 pary. Ka\u017cde zaci\u0105gni\u0119cie dostarcza bogaty, pe\u0142ny smak, podczas gdy <strong data-start=\"1086\" data-end=\"1112\">28 ml pojemno\u015bci e-liquidu<\/strong> gwarantuje do <strong data-start=\"1130\" data-end=\"1146\">20 000 zaci\u0105gni\u0119\u0107<\/strong>\u2014 zapewniaj\u0105c, \u017ce u\u017cytkownicy wycisn\u0105 ze swojego urz\u0105dzenia jak najwi\u0119cej. Ta d\u0142ugotrwa\u0142a pojemno\u015b\u0107 jest szczeg\u00f3lnie idealna na d\u0142u\u017csze sesje wapowania lub dla klient\u00f3w szukaj\u0105cych wyj\u0105tkowej warto\u015bci w czasie.<\/p>\n<p data-start=\"1330\" data-end=\"1738\">Opr\u00f3cz imponuj\u0105cej wydajno\u015bci, Bang Leader 20000 Zaci\u0105gni\u0119\u0107 zosta\u0142 stworzony z my\u015bl\u0105 o stylu. Jego ergonomiczny, <strong data-start=\"1437\" data-end=\"1462\">konstrukcja odporna na wycieki<\/strong> i <strong data-start=\"1467\" data-end=\"1495\">mechanizm aktywowany wdechem<\/strong> zapewniaj\u0105 bezproblemowe do\u015bwiadczenie, co czyni go idealnym zar\u00f3wno dla pocz\u0105tkuj\u0105cych, jak i do\u015bwiadczonych waper\u00f3w. Pomimo swojego kompaktowego rozmiaru, urz\u0105dzenie pozostaje wysoce wydajne i wygodne, oferuj\u0105c elegancki design bez kompromis\u00f3w w kwestii jako\u015bci czy funkcji.<\/p>\n<p data-start=\"1740\" data-end=\"2258\">Wreszcie, <strong data-start=\"1753\" data-end=\"1779\">Lider Bang Crystal <a href=\"https:\/\/vapebulkp.com\/pl\/product-category\/20000-puffs-disposable-vape\/\">20000 zaci\u0105gni\u0119\u0107 jednorazowy e-papieros<\/a><\/strong>\u00a0to m\u0105dra okazja inwestycyjna dla dystrybutor\u00f3w hurtowych. Idealnie dopasowany do rynku premium, oferuje hurtownikom dochodowy produkt, kt\u00f3ry spe\u0142nia zar\u00f3wno zapotrzebowanie konsument\u00f3w, jak i rentowno\u015b\u0107 biznesu. W pe\u0142ni zgodny z <strong data-start=\"2018\" data-end=\"2036\">przepisami UE<\/strong> i zbudowany z zachowaniem rygorystycznych standard\u00f3w jako\u015bci, jest to produkt, kt\u00f3ry niezawodnie dostarczy. Wybieraj\u0105c <strong data-start=\"2147\" data-end=\"2173\">Lider Bang 20k Chmur Kryszta\u0142 Vape<\/strong>, podnosisz swoj\u0105 ofert\u0119 o urz\u0105dzenie, kt\u00f3re wyr\u00f3\u017cnia si\u0119 zar\u00f3wno funkcj\u0105, jak i form\u0105.<\/p>\n<figure id=\"attachment_3502\" aria-describedby=\"caption-attachment-3502\" style=\"width: 522px\" class=\"wp-caption alignnone\"><img decoding=\"async\" class=\"wp-image-3502\" src=\"http:\/\/vapebulkp.com\/wp-content\/uploads\/2025\/02\/Bang-Leader-20000-Puff-Vape-Dual-Mesh-Coils-for-Wholesale.webp\" alt=\"Bang Leader 20000 Puff Vape Dual Mesh Coils dla hurtowni\" width=\"522\" height=\"522\" \/><figcaption id=\"caption-attachment-3502\" class=\"wp-caption-text\">Bang Leader 20000 Puff Vape Dual Mesh Coils dla hurtowni<\/figcaption><\/figure>\n<h6>Skontaktuj si\u0119 z WhatsApp Mandy, aby uzyska\u0107 cen\u0119 ze zni\u017ck\u0105<a href=\"https:\/\/wa.me\/8618077105796\">+8618077105796<\/a><\/h6>\n<p><img decoding=\"async\" class=\"alignnone wp-image-2151\" src=\"http:\/\/vapebulkp.com\/wp-content\/uploads\/2024\/04\/Mandy-WhatsApp-Randm.jpg\" alt=\"WhatsApp Mandy Randm\" width=\"324\" height=\"330\" \/><\/p>\n<div class=\"flex max-w-full flex-col flex-grow\">\n<div class=\"min-h-8 text-message flex w-full flex-col items-end gap-2 whitespace-normal break-words text-start [.text-message+&amp;]:mt-5\" dir=\"auto\" data-message-author-role=\"assistant\" data-message-id=\"d24cf626-c018-4805-80f5-44de047f2ba0\" data-message-model-slug=\"gpt-4o\">\n<div class=\"flex w-full flex-col gap-1 empty:hidden first:pt-[3px]\">\n<div class=\"markdown prose w-full break-words dark:prose-invert light\">\n<h2>Dlaczego warto wybra\u0107 <strong>Bateria do vape o d\u0142ugiej \u017cywotno\u015bci <\/strong>Bang vapes Leader 20000 puffs w cenie <a href=\"https:\/\/vapebulkp.com\/pl\/vape-shop\/\">Vapebulkp.com<\/a>?<\/h2>\n<ul>\n<li data-start=\"64\" data-end=\"183\"><strong data-start=\"66\" data-end=\"94\">D\u0142ugotrwa\u0142a wydajno\u015b\u0107<\/strong>: Z 20000 zaci\u0105gni\u0119\u0107 i pojemno\u015bci\u0105 28 ml e-liquidu, zapewnia d\u0142ugie u\u017cytkowanie mi\u0119dzy uzupe\u0142nieniami.<\/li>\n<li data-start=\"184\" data-end=\"282\"><strong data-start=\"186\" data-end=\"214\">G\u0142adkie do\u015bwiadczenie wapowania<\/strong>: Podw\u00f3jne cewki siatkowe zapewniaj\u0105 bogaty smak i g\u0142adkie, sp\u00f3jne wapowanie.<\/li>\n<li data-start=\"283\" data-end=\"373\"><strong data-start=\"285\" data-end=\"302\">Szybkie \u0142adowanie<\/strong>: Wyposa\u017cony w port Type-C do szybkiego \u0142adowania, minimalizuj\u0105c czas przestoju.<\/li>\n<li data-start=\"374\" data-end=\"491\"><strong data-start=\"376\" data-end=\"395\">Najwy\u017csza Jako\u015b\u0107<\/strong>: Ciesz si\u0119 niezawodn\u0105 wydajno\u015bci\u0105 dzi\u0119ki baterii 650mAh, kt\u00f3ra wystarcza na d\u0142ugie sesje wapowania.<\/li>\n<li data-start=\"492\" data-end=\"608\" data-is-last-node=\"\"><strong data-start=\"494\" data-end=\"519\">Wygoda hurtowa<\/strong>: Idealny do zakup\u00f3w hurtowych, oferuj\u0105c du\u017c\u0105 warto\u015b\u0107 zar\u00f3wno dla klient\u00f3w detalicznych, jak i hurtowych.<\/li>\n<\/ul>\n<\/div>\n<\/div>\n<\/div>\n<\/div>\n<h3><strong>E-liquid o wysokiej zawarto\u015bci VG w Polsce <\/strong>Bang Leader 20k Puffs Kluczowe specyfikacje:<\/h3>\n<ul>\n<li data-start=\"48\" data-end=\"180\"><strong data-start=\"50\" data-end=\"70\">Pojemno\u015b\u0107 baterii<\/strong>: Akumulator o pojemno\u015bci 650mAh, zapewniaj\u0105cy d\u0142ugotrwa\u0142\u0105 wydajno\u015b\u0107 z szybkim \u0142adowaniem Type-C dla wygodnego u\u017cytkowania.<\/li>\n<li data-start=\"181\" data-end=\"313\"><strong data-start=\"183\" data-end=\"204\">Pojemno\u015b\u0107 e-liquidu<\/strong>: 28ml wysokiej jako\u015bci e-liquidu, oferuj\u0105cego do 20000 zaci\u0105gni\u0119\u0107 dla d\u0142ugich sesji palenia bez cz\u0119stego uzupe\u0142niania.<\/li>\n<li data-start=\"314\" data-end=\"431\"><strong data-start=\"316\" data-end=\"335\">Technologia grza\u0142ki<\/strong>: Zaawansowana podw\u00f3jna siatka grzewcza dla wzmocnionej produkcji smaku i g\u0142adkiej pary przy ka\u017cdym zaci\u0105gni\u0119ciu.<\/li>\n<li data-start=\"432\" data-end=\"560\"><strong data-start=\"434\" data-end=\"451\">Port \u0142adowania<\/strong>: Wyposa\u017cony w port \u0142adowania Type-C do szybszego \u0142adowania, zapewniaj\u0105cy minimalny czas przestoju i sta\u0142e u\u017cytkowanie.<\/li>\n<\/ul>\n<h3><strong>Hurtownia Waporyzator\u00f3w Bang Leader Crystal 20000 Lista Smak\u00f3w<\/strong><\/h3>\n<p>1. ARBUZ Z LODEM<br \/>\n2.TRUSKAWKA KIWI<br \/>\n3.TRUSKAWKA LODOWA<br \/>\n4.MANGO BRZOSKWINIA<br \/>\n5.JAGODA Z MALIN\u0104<br \/>\n6.JAGODA MI\u0118TA<br \/>\n7.MIESZANE OWOCE<br \/>\n8.TRUSKAWKA ARBUZ<br \/>\n9.GRONOWE LODOWE<br \/>\n10.GUMA BALONOWA ARBUZOWA<br \/>\n11.JAGODOWE LODOWE<br \/>\n12.BRZOSKWINIOWE LODOWE<\/p>\n<p><a href=\"https:\/\/vapebulkp.com\/pl\/product\/aivono-curved-smart-screen-35000-puffs-disposable-vape-wholesale-price\/\"><span style=\"vertical-align: inherit\">Aivono 35000 Zaci\u0105gni\u0119\u0107 <\/span><\/a><\/p>\n<p><span style=\"vertical-align: inherit\">Znajd\u017a wi\u0119cej produkt\u00f3w, kt\u00f3re mog\u0105 Ci si\u0119 spodoba\u0107:<\/span><em><a href=\"https:\/\/wa.me\/8618077105796\"><span style=\"vertical-align: inherit\">\u00a0Kup teraz<\/span><\/a><\/em><\/p>\n<p><span style=\"vertical-align: inherit\">Inne Puffs, kt\u00f3re mog\u0105 Ci si\u0119 spodoba\u0107:<\/span><a href=\"https:\/\/vapebulkp.com\/pl\/product\/wholesale-price-bang-kingdoms-rex-32000-puffs-vape-pod\/\"><span style=\"vertical-align: inherit\">Bang Kingdoms 32000 Zaci\u0105gni\u0119\u0107<\/span><\/a><span style=\"vertical-align: inherit\">\u3001<\/span><a href=\"https:\/\/vapebulkp.com\/pl\/product\/bood-pulse-pro-25k-50k-disposable-vape-bar-5000-puffs-nicotine-free\/\"><span style=\"vertical-align: inherit\">Bood pulse pro 50000 Zaci\u0105gni\u0119\u0107<\/span><\/a><span style=\"vertical-align: inherit\">\/ <\/span><a href=\"https:\/\/vapebulkp.com\/pl\/product\/vapsolo-best-quality-viking-12k-puffs-disposable-vapes\/\"><span style=\"vertical-align: inherit\">Vapsolo viking 12000 Zaci\u0105gni\u0119\u0107<\/span><\/a><span style=\"vertical-align: inherit\">\/ <\/span><a href=\"https:\/\/vapebulkp.com\/pl\/product\/waspe-vape-40000-puff-fihp-double-flavour-disposable-vape\/\"><span style=\"vertical-align: inherit\">WASPE 40000 Zaci\u0105gni\u0119\u0107<\/span><\/a><\/p>\n<h3>Szczeg\u00f3\u0142y wysy\u0142ki:<\/h3>\n<p><span style=\"color: #ff6600\">Czas produkcji: 5-10 dni roboczych<\/span><br \/>\n<span style=\"color: #ff6600\">Czas wysy\u0142ki: 8-14 dni roboczych<\/span><\/p>\n<p>Wszystkie produkty w naszym sklepie s\u0105 w 100% oryginalne i autentyczne, dlatego polityk\u0105 naszego sklepu jest dziesi\u0119ciokrotne odszkodowanie za podrobione towary. Do dostarczania towar\u00f3w u\u017cywamy kana\u0142\u00f3w logistycznych, takich jak UPS\/DHL\/FEDEX\/DPD.<\/p>\n<p>W przypadku paczek wysy\u0142anych do Polski dostawa trwa zwykle 10 dni roboczych. Wysy\u0142ka do kraj\u00f3w europejskich trwa zwykle od 12 do 15 dni roboczych. B\u0119dziemy aktualizowa\u0107 dla Ciebie informacje logistyczne w czasie rzeczywistym.<\/p>","protected":false},"excerpt":{"rendered":"<ul>\n<li data-start=\"115\" data-end=\"211\"><strong data-start=\"118\" data-end=\"209\">Cena hurtowa Bang Leader 20000 Zaci\u0105gni\u0119\u0107 Jednorazowy Vape najlepsze oferty vape<\/strong><\/li>\n<li data-start=\"212\" data-end=\"297\"><strong data-start=\"215\" data-end=\"295\">Bang Leader 20000 Zaci\u0105gni\u0119\u0107 Vapy do e-liquidu o wysokiej zawarto\u015bci nikotyny<\/strong><\/li>\n<li data-start=\"298\" data-end=\"399\"><strong data-start=\"301\" data-end=\"399\">Bang Leader 20k Zaci\u0105gni\u0119\u0107 Jednorazowy Vape najwy\u017cej oceniane zestawy z podami wielokrotnego nape\u0142niania<\/strong><\/li>\n<\/ul>\n<p>Skontaktuj si\u0119 z WhatsApp Mandy, aby uzyska\u0107 cen\u0119 ze zni\u017ck\u0105<a href=\"https:\/\/wa.me\/8618077105796\">+8618077105796<\/a><\/p>\n<p><img decoding=\"async\" class=\"alignnone wp-image-2151\" src=\"http:\/\/vapebulkp.com\/wp-content\/uploads\/2024\/04\/Mandy-WhatsApp-Randm.jpg\" alt=\"WhatsApp Mandy Randm\" width=\"297\" height=\"316\" srcset=\"https:\/\/vapebulkp.com\/wp-content\/uploads\/2024\/04\/Mandy-WhatsApp-Randm.jpg 916w, https:\/\/vapebulkp.com\/wp-content\/uploads\/2024\/04\/Mandy-WhatsApp-Randm-282x300.jpg 282w, https:\/\/vapebulkp.com\/wp-content\/uploads\/2024\/04\/Mandy-WhatsApp-Randm-768x817.jpg 768w, https:\/\/vapebulkp.com\/wp-content\/uploads\/2024\/04\/Mandy-WhatsApp-Randm-600x638.jpg 600w\" sizes=\"(max-width: 297px) 100vw, 297px\" \/><\/p>\n<p><span style=\"color: #ff0000\">UWAGA: Ceny na naszej stronie internetowej nie zawieraj\u0105 koszt\u00f3w wysy\u0142ki<\/span><\/p>\n<p>&nbsp;<\/p>","protected":false},"featured_media":3501,"comment_status":"open","ping_status":"closed","template":"","meta":{"_uag_custom_page_level_css":"","_lmt_disableupdate":"no","_lmt_disable":"","site-sidebar-layout":"default","site-content-layout":"content-boxed-container","ast-site-content-layout":"normal-width-container","site-content-style":"boxed","site-sidebar-style":"unboxed","ast-global-header-display":"","ast-banner-title-visibility":"","ast-main-header-display":"","ast-hfb-above-header-display":"","ast-hfb-below-header-display":"","ast-hfb-mobile-header-display":"","site-post-title":"","ast-breadcrumbs-content":"","ast-featured-img":"","footer-sml-layout":"","theme-transparent-header-meta":"default","adv-header-id-meta":"","stick-header-meta":"","header-above-stick-meta":"","header-main-stick-meta":"","header-below-stick-meta":"","astra-migrate-meta-layouts":"set","_joinchat":[]},"product_cat":[162,153,345,155,33,59,100,87,34,158,157,154,152,58,84,156,63,32],"product_tag":[215,36,37,41,40],"class_list":["post-3504","product","type-product","status-publish","has-post-thumbnail","hentry","product_cat-20000-puffs-disposable-vape","product_cat-hot-disposable-vapes","product_cat-bang-vapes","product_cat-belgium-hot-disposable-vapes","product_cat-france-vape-hot-sale","product_cat-germany-hot-disposable-vape","product_cat-germany-wholesale-vape-shop","product_cat-minimum-order-quantity-50pcs","product_cat-netherlands-vape-good-sale","product_cat-norway-hot-disposable-vapes","product_cat-poland-hot-disposable-vapes","product_cat-portugal-hot-disposable-vapes","product_cat-spain-hot-disposable-vapes","product_cat-sweden-hot-disposable-vape","product_cat-sweden-wholesale-vape","product_cat-switzerland-hot-disposable-vapes","product_cat-top-sale-disposable-vape","product_cat-vape-hot-sale-this-week","product_tag-bang-leader-20000-puffs","product_tag-good-vape","product_tag-hot-sale-disposable-vape","product_tag-poland-hot-vape","product_tag-sweden-hot-vape","pa_brand-bang-vape","desktop-align-left","tablet-align-left","mobile-align-left"],"yoast_head":"<!-- This site is optimized with the Yoast SEO plugin v21.1 - https:\/\/yoast.com\/wordpress\/plugins\/seo\/ -->\n<title>Wholesale Bang Leader 20000 Puffs Disposable E-Cigarette Vape Vaporizer - vapebulkp.com<\/title>\n<meta name=\"description\" content=\"Wholesale Bang Leader 20000 Puffs Disposable Vape, 28ml capacity, 2\/5% nicotine, long-lasting, fast charging, smooth vapor, perfect for bulk orders.\" \/>\n<meta name=\"robots\" content=\"index, follow, max-snippet:-1, max-image-preview:large, max-video-preview:-1\" \/>\n<link rel=\"canonical\" href=\"https:\/\/vapebulkp.com\/pl\/product\/wholesale-bang-leader-20000-puffs-disposable-e-cigarette-vape-vaporizer\/\" \/>\n<meta property=\"og:locale\" content=\"pl_PL\" \/>\n<meta property=\"og:type\" content=\"article\" \/>\n<meta property=\"og:title\" content=\"Wholesale Bang Leader 20000 Puffs Disposable E-Cigarette Vape Vaporizer - vapebulkp.com\" \/>\n<meta property=\"og:description\" content=\"Wholesale Bang Leader 20000 Puffs Disposable Vape, 28ml capacity, 2\/5% nicotine, long-lasting, fast charging, smooth vapor, perfect for bulk orders.\" \/>\n<meta property=\"og:url\" content=\"https:\/\/vapebulkp.com\/pl\/product\/wholesale-bang-leader-20000-puffs-disposable-e-cigarette-vape-vaporizer\/\" \/>\n<meta property=\"og:site_name\" content=\"vapebulkp.com\" \/>\n<meta property=\"article:modified_time\" content=\"2025-09-17T08:33:42+00:00\" \/>\n<meta property=\"og:image\" content=\"http:\/\/vapebulkp.com\/wp-content\/uploads\/2025\/02\/Bang-Leader-20000-Puff-Vape-Dual-Mesh-Coils-Crystal-Vape.webp\" \/>\n\t<meta property=\"og:image:width\" content=\"800\" \/>\n\t<meta property=\"og:image:height\" content=\"800\" \/>\n\t<meta property=\"og:image:type\" content=\"image\/webp\" \/>\n<meta name=\"twitter:card\" content=\"summary_large_image\" \/>\n<meta name=\"twitter:label1\" content=\"Szacowany czas czytania\" \/>\n\t<meta name=\"twitter:data1\" content=\"4 minuty\" \/>\n<script type=\"application\/ld+json\" class=\"yoast-schema-graph\">{\"@context\":\"https:\/\/schema.org\",\"@graph\":[{\"@type\":\"WebPage\",\"@id\":\"https:\/\/vapebulkp.com\/product\/wholesale-bang-leader-20000-puffs-disposable-e-cigarette-vape-vaporizer\/\",\"url\":\"https:\/\/vapebulkp.com\/product\/wholesale-bang-leader-20000-puffs-disposable-e-cigarette-vape-vaporizer\/\",\"name\":\"Wholesale Bang Leader 20000 Puffs Disposable E-Cigarette Vape Vaporizer - vapebulkp.com\",\"isPartOf\":{\"@id\":\"https:\/\/vapebulkp.com\/#website\"},\"datePublished\":\"2025-02-24T08:02:47+00:00\",\"dateModified\":\"2025-09-17T08:33:42+00:00\",\"description\":\"Wholesale Bang Leader 20000 Puffs Disposable Vape, 28ml capacity, 2\/5% nicotine, long-lasting, fast charging, smooth vapor, perfect for bulk orders.\",\"breadcrumb\":{\"@id\":\"https:\/\/vapebulkp.com\/product\/wholesale-bang-leader-20000-puffs-disposable-e-cigarette-vape-vaporizer\/#breadcrumb\"},\"inLanguage\":\"pl-PL\",\"potentialAction\":[{\"@type\":\"ReadAction\",\"target\":[\"https:\/\/vapebulkp.com\/product\/wholesale-bang-leader-20000-puffs-disposable-e-cigarette-vape-vaporizer\/\"]}]},{\"@type\":\"BreadcrumbList\",\"@id\":\"https:\/\/vapebulkp.com\/product\/wholesale-bang-leader-20000-puffs-disposable-e-cigarette-vape-vaporizer\/#breadcrumb\",\"itemListElement\":[{\"@type\":\"ListItem\",\"position\":1,\"name\":\"Home\",\"item\":\"https:\/\/vapebulkp.com\/\"},{\"@type\":\"ListItem\",\"position\":2,\"name\":\"Hot Trend Vapes\",\"item\":\"https:\/\/vapebulkp.com\/vape-shop\/\"},{\"@type\":\"ListItem\",\"position\":3,\"name\":\"Wholesale Bang Leader 20000 Puffs Disposable E-Cigarette Vape Vaporizer\"}]},{\"@type\":\"WebSite\",\"@id\":\"https:\/\/vapebulkp.com\/#website\",\"url\":\"https:\/\/vapebulkp.com\/\",\"name\":\"vapebulkp.com\",\"description\":\"Buy Vape In Cheap Bulk Price Near you\",\"publisher\":{\"@id\":\"https:\/\/vapebulkp.com\/#organization\"},\"potentialAction\":[{\"@type\":\"SearchAction\",\"target\":{\"@type\":\"EntryPoint\",\"urlTemplate\":\"https:\/\/vapebulkp.com\/?s={search_term_string}\"},\"query-input\":\"required name=search_term_string\"}],\"inLanguage\":\"pl-PL\"},{\"@type\":\"Organization\",\"@id\":\"https:\/\/vapebulkp.com\/#organization\",\"name\":\"vapebulkp.com\",\"url\":\"https:\/\/vapebulkp.com\/\",\"logo\":{\"@type\":\"ImageObject\",\"inLanguage\":\"pl-PL\",\"@id\":\"https:\/\/vapebulkp.com\/#\/schema\/logo\/image\/\",\"url\":\"https:\/\/vapebulkp.com\/wp-content\/uploads\/2023\/09\/cropped-vapebulkp.png\",\"contentUrl\":\"https:\/\/vapebulkp.com\/wp-content\/uploads\/2023\/09\/cropped-vapebulkp.png\",\"width\":516,\"height\":163,\"caption\":\"vapebulkp.com\"},\"image\":{\"@id\":\"https:\/\/vapebulkp.com\/#\/schema\/logo\/image\/\"}}]}<\/script>\n<!-- \/ Yoast SEO plugin. -->","yoast_head_json":{"title":"Wholesale Bang Leader 20000 Puffs Disposable E-Cigarette Vape Vaporizer - vapebulkp.com","description":"Wholesale Bang Leader 20000 Puffs Disposable Vape, 28ml capacity, 2\/5% nicotine, long-lasting, fast charging, smooth vapor, perfect for bulk orders.","robots":{"index":"index","follow":"follow","max-snippet":"max-snippet:-1","max-image-preview":"max-image-preview:large","max-video-preview":"max-video-preview:-1"},"canonical":"https:\/\/vapebulkp.com\/pl\/product\/wholesale-bang-leader-20000-puffs-disposable-e-cigarette-vape-vaporizer\/","og_locale":"pl_PL","og_type":"article","og_title":"Wholesale Bang Leader 20000 Puffs Disposable E-Cigarette Vape Vaporizer - vapebulkp.com","og_description":"Wholesale Bang Leader 20000 Puffs Disposable Vape, 28ml capacity, 2\/5% nicotine, long-lasting, fast charging, smooth vapor, perfect for bulk orders.","og_url":"https:\/\/vapebulkp.com\/pl\/product\/wholesale-bang-leader-20000-puffs-disposable-e-cigarette-vape-vaporizer\/","og_site_name":"vapebulkp.com","article_modified_time":"2025-09-17T08:33:42+00:00","og_image":[{"width":800,"height":800,"url":"http:\/\/vapebulkp.com\/wp-content\/uploads\/2025\/02\/Bang-Leader-20000-Puff-Vape-Dual-Mesh-Coils-Crystal-Vape.webp","type":"image\/webp"}],"twitter_card":"summary_large_image","twitter_misc":{"Szacowany czas czytania":"4 minuty"},"schema":{"@context":"https:\/\/schema.org","@graph":[{"@type":"WebPage","@id":"https:\/\/vapebulkp.com\/product\/wholesale-bang-leader-20000-puffs-disposable-e-cigarette-vape-vaporizer\/","url":"https:\/\/vapebulkp.com\/product\/wholesale-bang-leader-20000-puffs-disposable-e-cigarette-vape-vaporizer\/","name":"Wholesale Bang Leader 20000 Puffs Disposable E-Cigarette Vape Vaporizer - vapebulkp.com","isPartOf":{"@id":"https:\/\/vapebulkp.com\/#website"},"datePublished":"2025-02-24T08:02:47+00:00","dateModified":"2025-09-17T08:33:42+00:00","description":"Wholesale Bang Leader 20000 Puffs Disposable Vape, 28ml capacity, 2\/5% nicotine, long-lasting, fast charging, smooth vapor, perfect for bulk orders.","breadcrumb":{"@id":"https:\/\/vapebulkp.com\/product\/wholesale-bang-leader-20000-puffs-disposable-e-cigarette-vape-vaporizer\/#breadcrumb"},"inLanguage":"pl-PL","potentialAction":[{"@type":"ReadAction","target":["https:\/\/vapebulkp.com\/product\/wholesale-bang-leader-20000-puffs-disposable-e-cigarette-vape-vaporizer\/"]}]},{"@type":"BreadcrumbList","@id":"https:\/\/vapebulkp.com\/product\/wholesale-bang-leader-20000-puffs-disposable-e-cigarette-vape-vaporizer\/#breadcrumb","itemListElement":[{"@type":"ListItem","position":1,"name":"Home","item":"https:\/\/vapebulkp.com\/"},{"@type":"ListItem","position":2,"name":"Hot Trend Vapes","item":"https:\/\/vapebulkp.com\/vape-shop\/"},{"@type":"ListItem","position":3,"name":"Wholesale Bang Leader 20000 Puffs Disposable E-Cigarette Vape Vaporizer"}]},{"@type":"WebSite","@id":"https:\/\/vapebulkp.com\/#website","url":"https:\/\/vapebulkp.com\/","name":"vapebulkp.com","description":"Buy Vape In Cheap Bulk Price Near you","publisher":{"@id":"https:\/\/vapebulkp.com\/#organization"},"potentialAction":[{"@type":"SearchAction","target":{"@type":"EntryPoint","urlTemplate":"https:\/\/vapebulkp.com\/?s={search_term_string}"},"query-input":"required name=search_term_string"}],"inLanguage":"pl-PL"},{"@type":"Organization","@id":"https:\/\/vapebulkp.com\/#organization","name":"vapebulkp.com","url":"https:\/\/vapebulkp.com\/","logo":{"@type":"ImageObject","inLanguage":"pl-PL","@id":"https:\/\/vapebulkp.com\/#\/schema\/logo\/image\/","url":"https:\/\/vapebulkp.com\/wp-content\/uploads\/2023\/09\/cropped-vapebulkp.png","contentUrl":"https:\/\/vapebulkp.com\/wp-content\/uploads\/2023\/09\/cropped-vapebulkp.png","width":516,"height":163,"caption":"vapebulkp.com"},"image":{"@id":"https:\/\/vapebulkp.com\/#\/schema\/logo\/image\/"}}]}},"uagb_featured_image_src":{"full":["https:\/\/vapebulkp.com\/wp-content\/uploads\/2025\/02\/Bang-Leader-20000-Puff-Vape-Dual-Mesh-Coils-Crystal-Vape.webp",800,800,false],"thumbnail":["https:\/\/vapebulkp.com\/wp-content\/uploads\/2025\/02\/Bang-Leader-20000-Puff-Vape-Dual-Mesh-Coils-Crystal-Vape-150x150.webp",150,150,true],"medium":["https:\/\/vapebulkp.com\/wp-content\/uploads\/2025\/02\/Bang-Leader-20000-Puff-Vape-Dual-Mesh-Coils-Crystal-Vape-300x300.webp",300,300,true],"medium_large":["https:\/\/vapebulkp.com\/wp-content\/uploads\/2025\/02\/Bang-Leader-20000-Puff-Vape-Dual-Mesh-Coils-Crystal-Vape-768x768.webp",768,768,true],"large":["https:\/\/vapebulkp.com\/wp-content\/uploads\/2025\/02\/Bang-Leader-20000-Puff-Vape-Dual-Mesh-Coils-Crystal-Vape.webp",800,800,false],"1536x1536":["https:\/\/vapebulkp.com\/wp-content\/uploads\/2025\/02\/Bang-Leader-20000-Puff-Vape-Dual-Mesh-Coils-Crystal-Vape.webp",800,800,false],"2048x2048":["https:\/\/vapebulkp.com\/wp-content\/uploads\/2025\/02\/Bang-Leader-20000-Puff-Vape-Dual-Mesh-Coils-Crystal-Vape.webp",800,800,false],"trp-custom-language-flag":["https:\/\/vapebulkp.com\/wp-content\/uploads\/2025\/02\/Bang-Leader-20000-Puff-Vape-Dual-Mesh-Coils-Crystal-Vape.webp",12,12,false],"woocommerce_thumbnail":["https:\/\/vapebulkp.com\/wp-content\/uploads\/2025\/02\/Bang-Leader-20000-Puff-Vape-Dual-Mesh-Coils-Crystal-Vape-300x300.webp",300,300,true],"woocommerce_single":["https:\/\/vapebulkp.com\/wp-content\/uploads\/2025\/02\/Bang-Leader-20000-Puff-Vape-Dual-Mesh-Coils-Crystal-Vape-600x600.webp",600,600,true],"woocommerce_gallery_thumbnail":["https:\/\/vapebulkp.com\/wp-content\/uploads\/2025\/02\/Bang-Leader-20000-Puff-Vape-Dual-Mesh-Coils-Crystal-Vape-100x100.webp",100,100,true],"wcpr-photo-reviews":["https:\/\/vapebulkp.com\/wp-content\/uploads\/2025\/02\/Bang-Leader-20000-Puff-Vape-Dual-Mesh-Coils-Crystal-Vape.webp",500,500,false]},"uagb_author_info":{"display_name":"Mandy vape bulk price","author_link":"https:\/\/vapebulkp.com\/pl\/author\/"},"uagb_comment_info":0,"uagb_excerpt":"Bulk Price Bang Leader 20000 Puffs Disposable Vape best vape deals Bang Leader 20000 Puff\u00a0 Vapes for high nicotine e-liquid Bang Leader 20k Puff Disposable Vape top-rated refillable pod kits Pls Contact Mandy's WhatsApp For Discount Price+8618077105796 NOTE: Prices on our website does not include shipping costs &nbsp;","_links":{"self":[{"href":"https:\/\/vapebulkp.com\/pl\/wp-json\/wp\/v2\/product\/3504","targetHints":{"allow":["GET"]}}],"collection":[{"href":"https:\/\/vapebulkp.com\/pl\/wp-json\/wp\/v2\/product"}],"about":[{"href":"https:\/\/vapebulkp.com\/pl\/wp-json\/wp\/v2\/types\/product"}],"replies":[{"embeddable":true,"href":"https:\/\/vapebulkp.com\/pl\/wp-json\/wp\/v2\/comments?post=3504"}],"wp:featuredmedia":[{"embeddable":true,"href":"https:\/\/vapebulkp.com\/pl\/wp-json\/wp\/v2\/media\/3501"}],"wp:attachment":[{"href":"https:\/\/vapebulkp.com\/pl\/wp-json\/wp\/v2\/media?parent=3504"}],"wp:term":[{"taxonomy":"product_cat","embeddable":true,"href":"https:\/\/vapebulkp.com\/pl\/wp-json\/wp\/v2\/product_cat?post=3504"},{"taxonomy":"product_tag","embeddable":true,"href":"https:\/\/vapebulkp.com\/pl\/wp-json\/wp\/v2\/product_tag?post=3504"}],"curies":[{"name":"wp","href":"https:\/\/api.w.org\/{rel}","templated":true}]}}