{"id":3752,"date":"2025-05-07T09:27:59","date_gmt":"2025-05-07T07:27:59","guid":{"rendered":"https:\/\/vapebulkp.com\/?post_type=product&#038;p=3752"},"modified":"2025-09-24T05:57:33","modified_gmt":"2025-09-24T03:57:33","slug":"al-fakher-crystal-8000-puffs-crown-bar-wholesale-disposable-vapes","status":"publish","type":"product","link":"https:\/\/vapebulkp.com\/pl\/produkt\/al-fakher-crystal-8000-puffs-crown-bar-wholesale-disposable-vapes\/","title":{"rendered":"Al Fakher Crystal 8000 zaci\u0105gni\u0119\u0107 Crown Bar Hurtowe Jednorazowe Wapy"},"content":{"rendered":"<h2 style=\"text-align: left\">Al Fakher Crystal 8000 zaci\u0105gni\u0119\u0107 Crown Bar Hurtowe Jednorazowe Wapy<\/h2>\n<p>Jednorazowy e-papieros Al Fakher Crystal 8000 Puffs jest przeznaczony dla vaper\u00f3w, kt\u00f3rzy wymagaj\u0105 zar\u00f3wno mocy, jak i precyzji. To urz\u0105dzenie to nie tylko jednorazowy e-papieros o du\u017cej pojemno\u015bci; to wyrafinowany instrument do wapowania, kt\u00f3ry zapewnia naprawd\u0119 p\u0142ynne i mocne wra\u017cenia. Jest to idealny wyb\u00f3r dla mi\u0142o\u015bnik\u00f3w DTL (Direct-to-Lung) i ka\u017cdego, kto szuka wyrazistego, aromatycznego wapowania.<\/p>\n<p>Dzi\u0119ki ogromnej pojemno\u015bci 8000 zaci\u0105gni\u0119\u0107, Al Fakher Crystal zapewnia niezr\u00f3wnan\u0105 trwa\u0142o\u015b\u0107. Zintegrowany inteligentny ekran zapewnia pe\u0142n\u0105 kontrol\u0119, wy\u015bwietlaj\u0105c w czasie rzeczywistym informacje o \u017cywotno\u015bci baterii, poziomie e-liquidu i aktualnym trybie. Dzi\u0119ki technologii Big Puff mo\u017cesz wybra\u0107 tryb Eco w celu d\u0142u\u017cszego u\u017cytkowania lub tryb Boost w celu uzyskania maksymalnej ilo\u015bci pary i intensywno\u015bci smaku.<\/p>\n<p>Urz\u0105dzenie posiada wydajn\u0105 bateri\u0119 wielokrotnego \u0142adowania z szybkim \u0142adowaniem przez USB-C, dzi\u0119ki czemu zawsze jeste\u015b gotowy do wapowania. Jego wysokiej jako\u015bci konstrukcja i zoptymalizowany przep\u0142yw powietrza dzia\u0142aj\u0105 razem, aby wytwarza\u0107 niesamowicie g\u0119ste chmury i niezmiennie odwa\u017cny smak. Idealny do codziennego u\u017cytku lub w podr\u00f3\u017cy, Al Fakher Crystal jest najlepszym wyborem dla <a href=\"https:\/\/vapebulkp.com\/pl\/ot-disposable-vapes-europe\/\">hurtowych nabywc\u00f3w e-papieros\u00f3w w Polsce<\/a> kt\u00f3rzy szukaj\u0105 produktu o wysokim popycie i wysokiej wydajno\u015bci.<\/p>\n<h6>Skontaktuj si\u0119 z WhatsApp Mandy, aby uzyska\u0107 cen\u0119 ze zni\u017ck\u0105<a href=\"https:\/\/wa.me\/8618077105796\">+8618077105796<\/a><\/h6>\n<p><img decoding=\"async\" class=\"alignnone wp-image-2151\" src=\"http:\/\/vapebulkp.com\/wp-content\/uploads\/2024\/04\/Mandy-WhatsApp-Randm.jpg\" alt=\"WhatsApp Mandy Randm\" width=\"324\" height=\"330\" \/><\/p>\n<div class=\"flex max-w-full flex-col flex-grow\">\n<div class=\"min-h-8 text-message flex w-full flex-col items-end gap-2 whitespace-normal break-words text-start [.text-message+&amp;]:mt-5\" dir=\"auto\" data-message-author-role=\"assistant\" data-message-id=\"d24cf626-c018-4805-80f5-44de047f2ba0\" data-message-model-slug=\"gpt-4o\">\n<div class=\"flex w-full flex-col gap-1 empty:hidden first:pt-[3px]\">\n<div class=\"markdown prose w-full break-words dark:prose-invert light\">\n<h2>Dlaczego warto kupi\u0107 Al Fakher Crystal 8000 Puffs Crown Bar w <a href=\"https:\/\/vapebulkp.com\/pl\/vape-shop\/\">Vapebulkp.com<\/a>?<\/h2>\n<p class=\"\" data-start=\"1686\" data-end=\"1863\">W Vapebulkp.com otrzymasz najlepsze oferty hurtowe na Al Fakher Crystal 8000 Puffs Crown Bar, z gwarancj\u0105 autentycznych produkt\u00f3w, konkurencyjnymi cenami i szybk\u0105 wysy\u0142k\u0105 do ca\u0142ej Polski. Oferujemy rabaty ilo\u015bciowe na zam\u00f3wienia powy\u017cej 1000 sztuk, \u0142atwe \u015bledzenie i doskona\u0142\u0105 obs\u0142ug\u0119 klienta. Dzi\u0119ki dw\u00f3m trybom wapowania, akumulatorowi i bogatym smakom, ten du\u017cy jednorazowy e-papieros jest najlepszym wyborem dla sprzedawc\u00f3w detalicznych i w\u0142a\u015bcicieli sklep\u00f3w z e-papierosami. Kup teraz i ciesz si\u0119 niezawodnymi dostawami dla swojej firmy.<\/p>\n<\/div>\n<\/div>\n<\/div>\n<\/div>\n<h2>Kluczowe specyfikacje Al Fakher Crystal 8000 Puff:<\/h2>\n<ul data-start=\"113\" data-end=\"479\">\n<li class=\"\" data-start=\"113\" data-end=\"149\">\n<p class=\"\" data-start=\"115\" data-end=\"149\"><strong data-start=\"115\" data-end=\"130\">Liczba Zaci\u0105gni\u0119\u0107:<\/strong> Do 8000 zaci\u0105gni\u0119\u0107<\/p>\n<\/li>\n<li class=\"\" data-start=\"150\" data-end=\"205\">\n<p class=\"\" data-start=\"152\" data-end=\"205\"><strong data-start=\"152\" data-end=\"164\">Bateria:<\/strong> Mo\u017cliwo\u015b\u0107 \u0142adowania z szybkim \u0142adowaniem przez USB-C<\/p>\n<\/li>\n<li class=\"\" data-start=\"206\" data-end=\"251\">\n<p class=\"\" data-start=\"208\" data-end=\"251\"><strong data-start=\"208\" data-end=\"225\">Tryby wapowania:<\/strong> Tryb Eco i Tryb Boost<\/p>\n<\/li>\n<li class=\"\" data-start=\"252\" data-end=\"315\">\n<p class=\"\" data-start=\"254\" data-end=\"315\"><strong data-start=\"254\" data-end=\"273\">Wy\u015bwietlacz:<\/strong> Pokazuje bateri\u0119, poziom e-liquidu i tryb<\/p>\n<\/li>\n<li class=\"\" data-start=\"316\" data-end=\"365\">\n<p class=\"\" data-start=\"318\" data-end=\"365\"><strong data-start=\"318\" data-end=\"329\">Projekt:<\/strong> Konstrukcja premium z p\u0142ynnym przep\u0142ywem powietrza<\/p>\n<\/li>\n<li class=\"\" data-start=\"366\" data-end=\"429\">\n<p class=\"\" data-start=\"368\" data-end=\"429\"><strong data-start=\"368\" data-end=\"392\">Technologia Big Puff:<\/strong> Wysoka wydajno\u015b\u0107 pary dla g\u0119stych chmur<\/p>\n<\/li>\n<li class=\"\" data-start=\"430\" data-end=\"479\">\n<p class=\"\" data-start=\"432\" data-end=\"479\"><strong data-start=\"432\" data-end=\"449\">Styl Wapowania:<\/strong> Wapowanie DTL (Direct-To-Lung)<\/p>\n<\/li>\n<\/ul>\n<h2><strong>Al Fakher Crystal 8000 Puffs Vape Lista Smak\u00f3w Hurtownia<\/strong><\/h2>\n<p class=\"selectable-text copyable-text x15bjb6t x1n2onr6\" dir=\"ltr\">1.WI\u015aNIOWA FIESTA<br \/>\n2.SOCZYSTY L\u00d3D<br \/>\n3.CYTRYNA Z MI\u0118T\u0104<br \/>\n4.LEMONIADA Z NIEBIESK\u0104 MALIN\u0104<br \/>\n5.CZARNA PORZECZKA Z LODEM<br \/>\n6.BRZOSKWINIA Z LODEM<br \/>\n7.MI\u0118TA GUMOWA<br \/>\n8.CH\u0141ODNE MANGO<br \/>\n9.JAGODOWY L\u00d3D<br \/>\n10.MI\u0141O\u015a\u0106 MANGO<br \/>\n11.TRUSKAWKOWY PONCZ<br \/>\n12.DWA JAB\u0141KA<br \/>\n13.WINOGRONO Z MI\u0118T\u0104<br \/>\n14.KOSMICZNY SEN<br \/>\n15.GUMA JAGODOWA<br \/>\n16.MI\u0118TA Z CZARN\u0104 PORZECZK\u0104<br \/>\n17.NIEBIESKA JAGODA<br \/>\n18.HUBBA<br \/>\n19.CYTRYNA Z LIMONK\u0104<br \/>\n20.MANGO ANANAS<br \/>\n21.WINOGRONO JAGODA<br \/>\n22.BOR\u00d3WKA MI\u0118TA<br \/>\n23.MI\u0118TA<br \/>\n24.POMARA\u0143CZA MI\u0118TA<br \/>\n25.BOR\u00d3WKA MALINA<br \/>\n26.BOR\u00d3WKA TRUSKAWKA MALINA<br \/>\n27.MIESZANE OWOCE JAGODOWE<br \/>\n28.WI\u015aNIOWY L\u00d3D<br \/>\n29.WI\u015aNIOWY MUSUJ\u0104CY<br \/>\n30.ANANASOWY L\u00d3D<br \/>\n31.ARBUZ ANANAS<br \/>\n32.MENTOL<br \/>\n33.MI\u0118TA<br \/>\n34.LETNI SEN<br \/>\n35.LEMONIADA JAGODOWA<br \/>\n36.MARAKUJA POP<br \/>\n37.JAGODA WI\u015aNIA<br \/>\n38.CYTRYNOWO-WI\u015aNIOWY FIZZ<br \/>\n39.TRUSKAWKA WI\u015aNIA<br \/>\n40.LODOWY NIEBIESKI<br \/>\n41.ARBUZ KIWI<br \/>\n42.NIEBIESKA MALINA<\/p>\n<p><span style=\"vertical-align: inherit\">Znajd\u017a wi\u0119cej produkt\u00f3w, kt\u00f3re mog\u0105 Ci si\u0119 spodoba\u0107:<\/span><em><a href=\"https:\/\/wa.me\/8618077105796\"><span style=\"vertical-align: inherit\">\u00a0Kup teraz<\/span><\/a><\/em><\/p>\n<p><span style=\"vertical-align: inherit\">Inne Puffs, kt\u00f3re mog\u0105 Ci si\u0119 spodoba\u0107:<\/span><a href=\"https:\/\/vapebulkp.com\/pl\/produkt\/vopk-60000-puffs-top-sale-disposable-vape-pen\/\"><span style=\"vertical-align: inherit\">VOPK 60000 Paliw<\/span><\/a><span style=\"vertical-align: inherit\">\u3001<\/span><a href=\"https:\/\/vapebulkp.com\/pl\/produkt\/bang-king-45000-puffs-disposable-vape-best-selling-high-capacity\/\"><span style=\"vertical-align: inherit\">Bang King 45000 Zaci\u0105gni\u0119\u0107<\/span><\/a><span style=\"vertical-align: inherit\">\/ <\/span><a href=\"https:\/\/vapebulkp.com\/pl\/produkt\/waspe-3in1-60000-puffs-disposable-vape-high-capacity\/\"><span style=\"vertical-align: inherit\">WASPE 3 w 1 60000 Zaci\u0105gni\u0119\u0107<\/span><\/a><span style=\"vertical-align: inherit\">\/ <\/span><a href=\"https:\/\/vapebulkp.com\/pl\/produkt\/bang-kingdoms-rex-nos-50000-puffs-high-capacity-vape-device\/\"><span style=\"vertical-align: inherit\">\u00a0Bang Kingdoms rex nos 50000 Zaci\u0105gni\u0119\u0107<\/span><\/a><\/p>\n<h3 class=\"\" data-start=\"62\" data-end=\"118\"><strong data-start=\"66\" data-end=\"118\">Najcz\u0119\u015bciej zadawane pytania dotycz\u0105ce wk\u0142ad\u00f3w do e-papieros\u00f3w Al Fakher Crystal 8000 Puffs<\/strong><\/h3>\n<p class=\"\" data-start=\"120\" data-end=\"254\"><strong data-start=\"120\" data-end=\"201\">P: Jaka jest minimalna ilo\u015b\u0107 zam\u00f3wienia (MOQ) dla Al Fakher Crystal 8000 Puffs?<\/strong><br data-start=\"201\" data-end=\"204\" \/>O: Minimalne zam\u00f3wienie to <strong data-start=\"228\" data-end=\"253\">200 sztuk na smak<\/strong>.<\/p>\n<p class=\"\" data-start=\"256\" data-end=\"391\"><strong data-start=\"256\" data-end=\"314\">P: Jak d\u0142ugo trwa dostawa po z\u0142o\u017ceniu zam\u00f3wienia?<\/strong><br data-start=\"314\" data-end=\"317\" \/>O: Dostawa zwykle trwa <strong data-start=\"343\" data-end=\"357\">10-15 dni<\/strong> po wys\u0142aniu przesy\u0142ki.<\/p>\n<p class=\"\" data-start=\"393\" data-end=\"564\"><strong data-start=\"393\" data-end=\"428\">P: Ile kosztuje wysy\u0142ka?<\/strong><br data-start=\"428\" data-end=\"431\" \/>A: Koszty wysy\u0142ki zale\u017c\u0105 od ca\u0142kowitej wagi Twojego zam\u00f3wienia. Prosimy o <strong data-start=\"498\" data-end=\"512\">kontakt z nami<\/strong> w celu uzyskania dok\u0142adnej wyceny wysy\u0142ki na podstawie Twojej ilo\u015bci.<\/p>\n<p class=\"\" data-start=\"566\" data-end=\"895\"><strong data-start=\"566\" data-end=\"599\">Q: Czy wysy\u0142acie do mojego kraju?<\/strong><br data-start=\"599\" data-end=\"602\" \/>A: Tak, wysy\u0142amy do wi\u0119kszo\u015bci kraj\u00f3w europejskich, w tym do <strong data-start=\"656\" data-end=\"880\">Holandii, Niemiec, Francji, Hiszpanii, W\u0142och, Belgii, Luksemburga, Austrii, Czech, S\u0142owacji, W\u0119gier, S\u0142owenii, Rumunii, Bu\u0142garii, Grecji, Polski, Szwecji, Irlandii, Portugalii, Finlandii, Estonii, \u0141otwy i Litwy<\/strong>i innych.<\/p>\n<p class=\"\" data-start=\"897\" data-end=\"1060\"><strong data-start=\"897\" data-end=\"945\">Q: Czy mog\u0119 uzyska\u0107 lepsz\u0105 cen\u0119, je\u015bli zam\u00f3wi\u0119 wi\u0119cej?<\/strong><br data-start=\"945\" data-end=\"948\" \/>A: Tak, zam\u00f3wienia o <strong data-start=\"966\" data-end=\"989\">1000 sztuk lub wi\u0119cej<\/strong> kwalifikuj\u0105 si\u0119 do obni\u017conej ceny. Prosimy o kontakt z nami w celu uzyskania cen hurtowych.<\/p>\n<p class=\"\" data-start=\"1062\" data-end=\"1240\"><strong data-start=\"1062\" data-end=\"1117\">Q: Czy otrzymam numer \u015bledzenia po wysy\u0142ce?<\/strong><br data-start=\"1117\" data-end=\"1120\" \/>A: Tak, po wys\u0142aniu zam\u00f3wienia, podamy <strong data-start=\"1169\" data-end=\"1206\">numer \u015bledzenia i link do \u015bledzenia<\/strong> aby\u015b m\u00f3g\u0142 monitorowa\u0107 swoj\u0105 dostaw\u0119.<\/p>\n<p class=\"\" data-start=\"1242\" data-end=\"1442\"><strong data-start=\"1242\" data-end=\"1286\">Q: Czy istnieje polityka zwrot\u00f3w lub gwarancji?<\/strong><br data-start=\"1286\" data-end=\"1289\" \/>A: Nie przyjmujemy zwrot\u00f3w ani zwrot\u00f3w pieni\u0119dzy w przypadku problem\u00f3w niezwi\u0105zanych z jako\u015bci\u0105. W przypadku <strong data-start=\"1356\" data-end=\"1376\">problem\u00f3w z jako\u015bci\u0105<\/strong>, prosimy o dostarczenie <strong data-start=\"1393\" data-end=\"1420\">dowodu wideo lub zdj\u0119ciowego<\/strong> aby\u015bmy mogli ci pom\u00f3c.<\/p>\n<h3>Szczeg\u00f3\u0142y wysy\u0142ki:<\/h3>\n<p><span style=\"color: #ff6600\">Czas produkcji: 5-10 dni roboczych<\/span><br \/>\n<span style=\"color: #ff6600\">Czas wysy\u0142ki: 8-14 dni roboczych<\/span><\/p>\n<p>Wszystkie produkty w naszym sklepie s\u0105 w 100% oryginalne i autentyczne, dlatego polityk\u0105 naszego sklepu jest dziesi\u0119ciokrotne odszkodowanie za podrobione towary. Do dostarczania towar\u00f3w u\u017cywamy kana\u0142\u00f3w logistycznych, takich jak UPS\/DHL\/FEDEX\/DPD.<\/p>\n<p>W przypadku paczek wysy\u0142anych do Polski dostawa trwa zwykle 10 dni roboczych. Wysy\u0142ka do kraj\u00f3w europejskich trwa zwykle od 12 do 15 dni roboczych. B\u0119dziemy aktualizowa\u0107 dla Ciebie informacje logistyczne w czasie rzeczywistym.<\/p>","protected":false},"excerpt":{"rendered":"<p class=\"\" data-start=\"121\" data-end=\"211\">Kup Al Fakher Crystal 8000 Puffs Vapes \u2014 dwa tryby, \u0142adowanie przez USB-C, du\u017ce chmury, p\u0142ynne wapowanie DTL, wy\u015bwietlacz. Szybka wysy\u0142ka<\/p>\n<p>Skontaktuj si\u0119 z WhatsApp Mandy, aby uzyska\u0107 cen\u0119 ze zni\u017ck\u0105<a href=\"https:\/\/wa.me\/8618077105796\">+8618077105796<\/a><\/p>\n<p><img decoding=\"async\" class=\"alignnone wp-image-2151\" src=\"http:\/\/vapebulkp.com\/wp-content\/uploads\/2024\/04\/Mandy-WhatsApp-Randm.jpg\" alt=\"WhatsApp Mandy Randm\" width=\"297\" height=\"316\" srcset=\"https:\/\/vapebulkp.com\/wp-content\/uploads\/2024\/04\/Mandy-WhatsApp-Randm.jpg 916w, https:\/\/vapebulkp.com\/wp-content\/uploads\/2024\/04\/Mandy-WhatsApp-Randm-282x300.jpg 282w, https:\/\/vapebulkp.com\/wp-content\/uploads\/2024\/04\/Mandy-WhatsApp-Randm-768x817.jpg 768w, https:\/\/vapebulkp.com\/wp-content\/uploads\/2024\/04\/Mandy-WhatsApp-Randm-600x638.jpg 600w\" sizes=\"(max-width: 297px) 100vw, 297px\" \/><\/p>\n<p><span style=\"color: #ff0000\">UWAGA: Ceny na naszej stronie internetowej nie zawieraj\u0105 koszt\u00f3w wysy\u0142ki<\/span><\/p>\n<p>&nbsp;<\/p>","protected":false},"featured_media":3751,"comment_status":"open","ping_status":"closed","template":"","meta":{"_uag_custom_page_level_css":"","_lmt_disableupdate":"no","_lmt_disable":"","site-sidebar-layout":"default","site-content-layout":"content-boxed-container","ast-site-content-layout":"normal-width-container","site-content-style":"boxed","site-sidebar-style":"unboxed","ast-global-header-display":"","ast-banner-title-visibility":"","ast-main-header-display":"","ast-hfb-above-header-display":"","ast-hfb-below-header-display":"","ast-hfb-mobile-header-display":"","site-post-title":"","ast-breadcrumbs-content":"","ast-featured-img":"","footer-sml-layout":"","theme-transparent-header-meta":"default","adv-header-id-meta":"","stick-header-meta":"","header-above-stick-meta":"","header-main-stick-meta":"","header-below-stick-meta":"","astra-migrate-meta-layouts":"set","_joinchat":[]},"product_cat":[194,343,153,155,33,59,100,34,158,157,154,152,58,84,156,63,32],"product_tag":[36,37,245,41,286,40],"class_list":["post-3752","product","type-product","status-publish","has-post-thumbnail","hentry","product_cat-50000-puffs-disposable-vape","product_cat-al-fakher-vape","product_cat-hot-disposable-vapes","product_cat-belgium-hot-disposable-vapes","product_cat-france-vape-hot-sale","product_cat-germany-hot-disposable-vape","product_cat-germany-wholesale-vape-shop","product_cat-netherlands-vape-good-sale","product_cat-norway-hot-disposable-vapes","product_cat-poland-hot-disposable-vapes","product_cat-portugal-hot-disposable-vapes","product_cat-spain-hot-disposable-vapes","product_cat-sweden-hot-disposable-vape","product_cat-sweden-wholesale-vape","product_cat-switzerland-hot-disposable-vapes","product_cat-top-sale-disposable-vape","product_cat-vape-hot-sale-this-week","product_tag-good-vape","product_tag-hot-sale-disposable-vape","product_tag-mr-goodie-dual-mode-king-50000-puffs","product_tag-poland-hot-vape","product_tag-puffs-stock-in-europe","product_tag-sweden-hot-vape","pa_brand-al-fakher-vape","desktop-align-left","tablet-align-left","mobile-align-left"],"yoast_head":"<!-- This site is optimized with the Yoast SEO plugin v21.1 - https:\/\/yoast.com\/wordpress\/plugins\/seo\/ -->\n<title>Al Fakher Crystal 8000 Puffs Crown Bar Wholesale Disposable Vapes - vapebulkp.com<\/title>\n<meta name=\"description\" content=\"Get Al Fakher Crystal 8000 Puffs Vape \u2014 dual mode, Type-C rechargeable, big clouds, smooth DTL vaping, screen display. Fast shipping &amp; wholesale deals.\" \/>\n<meta name=\"robots\" content=\"index, follow, max-snippet:-1, max-image-preview:large, max-video-preview:-1\" \/>\n<link rel=\"canonical\" href=\"https:\/\/vapebulkp.com\/pl\/produkt\/al-fakher-crystal-8000-puffs-crown-bar-wholesale-disposable-vapes\/\" \/>\n<meta property=\"og:locale\" content=\"pl_PL\" \/>\n<meta property=\"og:type\" content=\"article\" \/>\n<meta property=\"og:title\" content=\"Al Fakher Crystal 8000 Puffs Crown Bar Wholesale Disposable Vapes - vapebulkp.com\" \/>\n<meta property=\"og:description\" content=\"Get Al Fakher Crystal 8000 Puffs Vape \u2014 dual mode, Type-C rechargeable, big clouds, smooth DTL vaping, screen display. Fast shipping &amp; wholesale deals.\" \/>\n<meta property=\"og:url\" content=\"https:\/\/vapebulkp.com\/pl\/produkt\/al-fakher-crystal-8000-puffs-crown-bar-wholesale-disposable-vapes\/\" \/>\n<meta property=\"og:site_name\" content=\"vapebulkp.com\" \/>\n<meta property=\"article:modified_time\" content=\"2025-09-24T03:57:33+00:00\" \/>\n<meta property=\"og:image\" content=\"http:\/\/vapebulkp.com\/wp-content\/uploads\/2025\/05\/Shop-Al-Fakher-Crystal-8000-Puffs-Wholesale-Vape.webp\" \/>\n\t<meta property=\"og:image:width\" content=\"800\" \/>\n\t<meta property=\"og:image:height\" content=\"800\" \/>\n\t<meta property=\"og:image:type\" content=\"image\/webp\" \/>\n<meta name=\"twitter:card\" content=\"summary_large_image\" \/>\n<meta name=\"twitter:label1\" content=\"Szacowany czas czytania\" \/>\n\t<meta name=\"twitter:data1\" content=\"4 minuty\" \/>\n<script type=\"application\/ld+json\" class=\"yoast-schema-graph\">{\"@context\":\"https:\/\/schema.org\",\"@graph\":[{\"@type\":\"WebPage\",\"@id\":\"https:\/\/vapebulkp.com\/product\/al-fakher-crystal-8000-puffs-crown-bar-wholesale-disposable-vapes\/\",\"url\":\"https:\/\/vapebulkp.com\/product\/al-fakher-crystal-8000-puffs-crown-bar-wholesale-disposable-vapes\/\",\"name\":\"Al Fakher Crystal 8000 Puffs Crown Bar Wholesale Disposable Vapes - vapebulkp.com\",\"isPartOf\":{\"@id\":\"https:\/\/vapebulkp.com\/#website\"},\"datePublished\":\"2025-05-07T07:27:59+00:00\",\"dateModified\":\"2025-09-24T03:57:33+00:00\",\"description\":\"Get Al Fakher Crystal 8000 Puffs Vape \u2014 dual mode, Type-C rechargeable, big clouds, smooth DTL vaping, screen display. Fast shipping & wholesale deals.\",\"breadcrumb\":{\"@id\":\"https:\/\/vapebulkp.com\/product\/al-fakher-crystal-8000-puffs-crown-bar-wholesale-disposable-vapes\/#breadcrumb\"},\"inLanguage\":\"pl-PL\",\"potentialAction\":[{\"@type\":\"ReadAction\",\"target\":[\"https:\/\/vapebulkp.com\/product\/al-fakher-crystal-8000-puffs-crown-bar-wholesale-disposable-vapes\/\"]}]},{\"@type\":\"BreadcrumbList\",\"@id\":\"https:\/\/vapebulkp.com\/product\/al-fakher-crystal-8000-puffs-crown-bar-wholesale-disposable-vapes\/#breadcrumb\",\"itemListElement\":[{\"@type\":\"ListItem\",\"position\":1,\"name\":\"Home\",\"item\":\"https:\/\/vapebulkp.com\/\"},{\"@type\":\"ListItem\",\"position\":2,\"name\":\"Hot Trend Vapes\",\"item\":\"https:\/\/vapebulkp.com\/vape-shop\/\"},{\"@type\":\"ListItem\",\"position\":3,\"name\":\"Al Fakher Crystal 8000 Puffs Crown Bar Wholesale Disposable Vapes\"}]},{\"@type\":\"WebSite\",\"@id\":\"https:\/\/vapebulkp.com\/#website\",\"url\":\"https:\/\/vapebulkp.com\/\",\"name\":\"vapebulkp.com\",\"description\":\"Buy Vape In Cheap Bulk Price Near you\",\"publisher\":{\"@id\":\"https:\/\/vapebulkp.com\/#organization\"},\"potentialAction\":[{\"@type\":\"SearchAction\",\"target\":{\"@type\":\"EntryPoint\",\"urlTemplate\":\"https:\/\/vapebulkp.com\/?s={search_term_string}\"},\"query-input\":\"required name=search_term_string\"}],\"inLanguage\":\"pl-PL\"},{\"@type\":\"Organization\",\"@id\":\"https:\/\/vapebulkp.com\/#organization\",\"name\":\"vapebulkp.com\",\"url\":\"https:\/\/vapebulkp.com\/\",\"logo\":{\"@type\":\"ImageObject\",\"inLanguage\":\"pl-PL\",\"@id\":\"https:\/\/vapebulkp.com\/#\/schema\/logo\/image\/\",\"url\":\"https:\/\/vapebulkp.com\/wp-content\/uploads\/2023\/09\/cropped-vapebulkp.png\",\"contentUrl\":\"https:\/\/vapebulkp.com\/wp-content\/uploads\/2023\/09\/cropped-vapebulkp.png\",\"width\":516,\"height\":163,\"caption\":\"vapebulkp.com\"},\"image\":{\"@id\":\"https:\/\/vapebulkp.com\/#\/schema\/logo\/image\/\"}}]}<\/script>\n<!-- \/ Yoast SEO plugin. -->","yoast_head_json":{"title":"Al Fakher Crystal 8000 Puffs Crown Bar Wholesale Disposable Vapes - vapebulkp.com","description":"Get Al Fakher Crystal 8000 Puffs Vape \u2014 dual mode, Type-C rechargeable, big clouds, smooth DTL vaping, screen display. Fast shipping & wholesale deals.","robots":{"index":"index","follow":"follow","max-snippet":"max-snippet:-1","max-image-preview":"max-image-preview:large","max-video-preview":"max-video-preview:-1"},"canonical":"https:\/\/vapebulkp.com\/pl\/produkt\/al-fakher-crystal-8000-puffs-crown-bar-wholesale-disposable-vapes\/","og_locale":"pl_PL","og_type":"article","og_title":"Al Fakher Crystal 8000 Puffs Crown Bar Wholesale Disposable Vapes - vapebulkp.com","og_description":"Get Al Fakher Crystal 8000 Puffs Vape \u2014 dual mode, Type-C rechargeable, big clouds, smooth DTL vaping, screen display. Fast shipping & wholesale deals.","og_url":"https:\/\/vapebulkp.com\/pl\/produkt\/al-fakher-crystal-8000-puffs-crown-bar-wholesale-disposable-vapes\/","og_site_name":"vapebulkp.com","article_modified_time":"2025-09-24T03:57:33+00:00","og_image":[{"width":800,"height":800,"url":"http:\/\/vapebulkp.com\/wp-content\/uploads\/2025\/05\/Shop-Al-Fakher-Crystal-8000-Puffs-Wholesale-Vape.webp","type":"image\/webp"}],"twitter_card":"summary_large_image","twitter_misc":{"Szacowany czas czytania":"4 minuty"},"schema":{"@context":"https:\/\/schema.org","@graph":[{"@type":"WebPage","@id":"https:\/\/vapebulkp.com\/product\/al-fakher-crystal-8000-puffs-crown-bar-wholesale-disposable-vapes\/","url":"https:\/\/vapebulkp.com\/product\/al-fakher-crystal-8000-puffs-crown-bar-wholesale-disposable-vapes\/","name":"Al Fakher Crystal 8000 Puffs Crown Bar Wholesale Disposable Vapes - vapebulkp.com","isPartOf":{"@id":"https:\/\/vapebulkp.com\/#website"},"datePublished":"2025-05-07T07:27:59+00:00","dateModified":"2025-09-24T03:57:33+00:00","description":"Get Al Fakher Crystal 8000 Puffs Vape \u2014 dual mode, Type-C rechargeable, big clouds, smooth DTL vaping, screen display. Fast shipping & wholesale deals.","breadcrumb":{"@id":"https:\/\/vapebulkp.com\/product\/al-fakher-crystal-8000-puffs-crown-bar-wholesale-disposable-vapes\/#breadcrumb"},"inLanguage":"pl-PL","potentialAction":[{"@type":"ReadAction","target":["https:\/\/vapebulkp.com\/product\/al-fakher-crystal-8000-puffs-crown-bar-wholesale-disposable-vapes\/"]}]},{"@type":"BreadcrumbList","@id":"https:\/\/vapebulkp.com\/product\/al-fakher-crystal-8000-puffs-crown-bar-wholesale-disposable-vapes\/#breadcrumb","itemListElement":[{"@type":"ListItem","position":1,"name":"Home","item":"https:\/\/vapebulkp.com\/"},{"@type":"ListItem","position":2,"name":"Hot Trend Vapes","item":"https:\/\/vapebulkp.com\/vape-shop\/"},{"@type":"ListItem","position":3,"name":"Al Fakher Crystal 8000 Puffs Crown Bar Wholesale Disposable Vapes"}]},{"@type":"WebSite","@id":"https:\/\/vapebulkp.com\/#website","url":"https:\/\/vapebulkp.com\/","name":"vapebulkp.com","description":"Buy Vape In Cheap Bulk Price Near you","publisher":{"@id":"https:\/\/vapebulkp.com\/#organization"},"potentialAction":[{"@type":"SearchAction","target":{"@type":"EntryPoint","urlTemplate":"https:\/\/vapebulkp.com\/?s={search_term_string}"},"query-input":"required name=search_term_string"}],"inLanguage":"pl-PL"},{"@type":"Organization","@id":"https:\/\/vapebulkp.com\/#organization","name":"vapebulkp.com","url":"https:\/\/vapebulkp.com\/","logo":{"@type":"ImageObject","inLanguage":"pl-PL","@id":"https:\/\/vapebulkp.com\/#\/schema\/logo\/image\/","url":"https:\/\/vapebulkp.com\/wp-content\/uploads\/2023\/09\/cropped-vapebulkp.png","contentUrl":"https:\/\/vapebulkp.com\/wp-content\/uploads\/2023\/09\/cropped-vapebulkp.png","width":516,"height":163,"caption":"vapebulkp.com"},"image":{"@id":"https:\/\/vapebulkp.com\/#\/schema\/logo\/image\/"}}]}},"uagb_featured_image_src":{"full":["https:\/\/vapebulkp.com\/wp-content\/uploads\/2025\/05\/Shop-Al-Fakher-Crystal-8000-Puffs-Wholesale-Vape.webp",800,800,false],"thumbnail":["https:\/\/vapebulkp.com\/wp-content\/uploads\/2025\/05\/Shop-Al-Fakher-Crystal-8000-Puffs-Wholesale-Vape-150x150.webp",150,150,true],"medium":["https:\/\/vapebulkp.com\/wp-content\/uploads\/2025\/05\/Shop-Al-Fakher-Crystal-8000-Puffs-Wholesale-Vape-300x300.webp",300,300,true],"medium_large":["https:\/\/vapebulkp.com\/wp-content\/uploads\/2025\/05\/Shop-Al-Fakher-Crystal-8000-Puffs-Wholesale-Vape-768x768.webp",768,768,true],"large":["https:\/\/vapebulkp.com\/wp-content\/uploads\/2025\/05\/Shop-Al-Fakher-Crystal-8000-Puffs-Wholesale-Vape.webp",800,800,false],"1536x1536":["https:\/\/vapebulkp.com\/wp-content\/uploads\/2025\/05\/Shop-Al-Fakher-Crystal-8000-Puffs-Wholesale-Vape.webp",800,800,false],"2048x2048":["https:\/\/vapebulkp.com\/wp-content\/uploads\/2025\/05\/Shop-Al-Fakher-Crystal-8000-Puffs-Wholesale-Vape.webp",800,800,false],"trp-custom-language-flag":["https:\/\/vapebulkp.com\/wp-content\/uploads\/2025\/05\/Shop-Al-Fakher-Crystal-8000-Puffs-Wholesale-Vape.webp",12,12,false],"woocommerce_thumbnail":["https:\/\/vapebulkp.com\/wp-content\/uploads\/2025\/05\/Shop-Al-Fakher-Crystal-8000-Puffs-Wholesale-Vape-300x300.webp",300,300,true],"woocommerce_single":["https:\/\/vapebulkp.com\/wp-content\/uploads\/2025\/05\/Shop-Al-Fakher-Crystal-8000-Puffs-Wholesale-Vape-600x600.webp",600,600,true],"woocommerce_gallery_thumbnail":["https:\/\/vapebulkp.com\/wp-content\/uploads\/2025\/05\/Shop-Al-Fakher-Crystal-8000-Puffs-Wholesale-Vape-100x100.webp",100,100,true],"wcpr-photo-reviews":["https:\/\/vapebulkp.com\/wp-content\/uploads\/2025\/05\/Shop-Al-Fakher-Crystal-8000-Puffs-Wholesale-Vape.webp",500,500,false]},"uagb_author_info":{"display_name":"Mandy vape bulk price","author_link":"https:\/\/vapebulkp.com\/pl\/author\/"},"uagb_comment_info":0,"uagb_excerpt":"Get Al Fakher Crystal 8000 Puffs Vapes \u2014 dual mode, Type-C rechargeable, big clouds, smooth DTL vaping, screen display. Fast shipping &amp; wholesale deals. Pls Contact Mandy's WhatsApp For Discount Price+8618077105796 NOTE: Prices on our website does not include shipping costs &nbsp;","_links":{"self":[{"href":"https:\/\/vapebulkp.com\/pl\/wp-json\/wp\/v2\/product\/3752","targetHints":{"allow":["GET"]}}],"collection":[{"href":"https:\/\/vapebulkp.com\/pl\/wp-json\/wp\/v2\/product"}],"about":[{"href":"https:\/\/vapebulkp.com\/pl\/wp-json\/wp\/v2\/types\/product"}],"replies":[{"embeddable":true,"href":"https:\/\/vapebulkp.com\/pl\/wp-json\/wp\/v2\/comments?post=3752"}],"wp:featuredmedia":[{"embeddable":true,"href":"https:\/\/vapebulkp.com\/pl\/wp-json\/wp\/v2\/media\/3751"}],"wp:attachment":[{"href":"https:\/\/vapebulkp.com\/pl\/wp-json\/wp\/v2\/media?parent=3752"}],"wp:term":[{"taxonomy":"product_cat","embeddable":true,"href":"https:\/\/vapebulkp.com\/pl\/wp-json\/wp\/v2\/product_cat?post=3752"},{"taxonomy":"product_tag","embeddable":true,"href":"https:\/\/vapebulkp.com\/pl\/wp-json\/wp\/v2\/product_tag?post=3752"}],"curies":[{"name":"wp","href":"https:\/\/api.w.org\/{rel}","templated":true}]}}