{"id":3777,"date":"2025-05-21T11:11:16","date_gmt":"2025-05-21T09:11:16","guid":{"rendered":"https:\/\/vapebulkp.com\/?post_type=product&#038;p=3777"},"modified":"2025-09-17T10:37:32","modified_gmt":"2025-09-17T08:37:32","slug":"aivono-aim-fatmax-50000-puffs-vape-wholesale-price","status":"publish","type":"product","link":"https:\/\/vapebulkp.com\/pl\/product\/aivono-aim-fatmax-50000-puffs-vape-wholesale-price\/","title":{"rendered":"AIVONO AIM FATMAX 50000 Puffs Vape Cena hurtowa"},"content":{"rendered":"<h1 style=\"text-align: left\">AIVONO AIM FATMAX 50000 Puffs Vape Cena hurtowa<\/h1>\n<p class=\"\" data-start=\"302\" data-end=\"642\"><strong>AIVONO AIM FATMAX <a href=\"https:\/\/vapebulkp.com\/pl\/product-category\/50000-puffs-disposable-vape\/\">50000 Puffs Jednorazowy e-papieros<\/a><\/strong> to e-papieros wielokrotnego \u0142adowania o du\u017cej pojemno\u015bci, przeznaczony dla u\u017cytkownik\u00f3w, kt\u00f3rzy wymagaj\u0105 maksymalnej wydajno\u015bci i wygody. Dostarcza do <strong data-start=\"452\" data-end=\"467\">50000 zaci\u0105gni\u0119\u0107<\/strong>, to urz\u0105dzenie wyposa\u017cone jest w <strong data-start=\"492\" data-end=\"525\">30 ml fabrycznie nape\u0142niony zbiornik na e-liquid<\/strong> i pot\u0119\u017cn\u0105 <strong data-start=\"541\" data-end=\"572\">800mAh<\/strong> zbudowan\u0105 z ogniwa baterii z czystego kobaltu 21250 dla d\u0142ugotrwa\u0142ej stabilno\u015bci.<\/p>\n<p class=\"\" data-start=\"644\" data-end=\"920\">Wyposa\u017cone w <strong data-start=\"660\" data-end=\"678\">grza\u0142ki siatkowej 0.6\u03a9<\/strong>, zapewnia p\u0142ynn\u0105 produkcj\u0119 pary i wzmocnion\u0105 dostaw\u0119 smaku \u2014 idealne dla <strong data-start=\"754\" data-end=\"770\">inhalacji p\u0142ucnych<\/strong> i codziennego u\u017cytku. Inteligentny wy\u015bwietlacz pokazuje zar\u00f3wno <strong data-start=\"818\" data-end=\"834\">stan baterii<\/strong> i <strong data-start=\"839\" data-end=\"857\">poziom e-liquidu<\/strong>, daj\u0105c u\u017cytkownikom pe\u0142n\u0105 kontrol\u0119 nad ich do\u015bwiadczeniem wapowania.<\/p>\n<p class=\"\" data-start=\"922\" data-end=\"1208\">Ten jednorazowy e-papieros obs\u0142uguje <strong data-start=\"952\" data-end=\"976\">szybkie \u0142adowanie przez Type-C<\/strong> i oferuje cztery <strong data-start=\"993\" data-end=\"1020\">moce soli nikotynowej<\/strong>: <strong data-start=\"1022\" data-end=\"1028\">5%<\/strong><span data-start=\"1022\" data-end=\"1028\">\u00a0 i <\/span><strong data-start=\"1038\" data-end=\"1044\">2%<\/strong>, zaspokajaj\u0105c szeroki zakres preferencji i wymaga\u0144 regionalnych. Przy kompaktowym rozmiarze <strong data-start=\"1148\" data-end=\"1160\">38\u00d7127mm<\/strong>, jest przyjazny w podr\u00f3\u017cy, mocny i stylowy.<\/p>\n<p class=\"\" data-start=\"1210\" data-end=\"1355\">Vape FATMAX obs\u0142uguje r\u00f3wnie\u017c <strong data-start=\"1240\" data-end=\"1269\">dostosowanie OEM i ODM<\/strong>, co czyni go doskona\u0142ym wyborem dla globalnych dystrybutor\u00f3w poszukuj\u0105cych opcji private label.<\/p>\n<h6>Skontaktuj si\u0119 z WhatsApp Mandy, aby uzyska\u0107 cen\u0119 ze zni\u017ck\u0105<a href=\"https:\/\/wa.me\/8618077105796\">+8618077105796<\/a><\/h6>\n<p><img decoding=\"async\" class=\"alignnone wp-image-2151\" src=\"http:\/\/vapebulkp.com\/wp-content\/uploads\/2024\/04\/Mandy-WhatsApp-Randm.jpg\" alt=\"WhatsApp Mandy Randm\" width=\"324\" height=\"330\" \/><\/p>\n<div class=\"flex max-w-full flex-col flex-grow\">\n<div class=\"min-h-8 text-message flex w-full flex-col items-end gap-2 whitespace-normal break-words text-start [.text-message+&amp;]:mt-5\" dir=\"auto\" data-message-author-role=\"assistant\" data-message-id=\"d24cf626-c018-4805-80f5-44de047f2ba0\" data-message-model-slug=\"gpt-4o\">\n<div class=\"flex w-full flex-col gap-1 empty:hidden first:pt-[3px]\">\n<div class=\"markdown prose w-full break-words dark:prose-invert light\">\n<h2>Dlaczego warto kupi\u0107 AIVONO AIM FATMAX 50000 Puffs Mesh Coil Vape w <a href=\"https:\/\/vapebulkp.com\/pl\/vape-shop\/\">Vapebulkp.com<\/a>?<\/h2>\n<p class=\"\" data-start=\"1686\" data-end=\"1863\">Vapebulkp.com to Twoje zaufane \u017ar\u00f3d\u0142o autentycznych <strong data-start=\"310\" data-end=\"343\">AIVONO AIM FATMAX 50000 Pali<\/strong> jednorazowych vape'\u00f3w w bezkonkurencyjnych cenach hurtowych. Oferujemy szybk\u0105, bezpieczn\u0105 wysy\u0142k\u0119 na terenie ca\u0142ej Europy i wy\u0142\u0105czny dost\u0119p do najnowszych modeli z pe\u0142nym wsparciem OEM\/ODM. Ka\u017cde urz\u0105dzenie ma <strong data-start=\"528\" data-end=\"544\">50 000 zaci\u0105gni\u0119\u0107<\/strong>, <strong data-start=\"546\" data-end=\"572\">pojemno\u015b\u0107 30ml e-liquidu<\/strong>, <strong data-start=\"574\" data-end=\"605\">800mAh<\/strong>, <strong data-start=\"607\" data-end=\"626\">\u0141adowanie przez port USB-C<\/strong>, i a <strong data-start=\"634\" data-end=\"656\">inteligentny podw\u00f3jny wy\u015bwietlacz<\/strong>\u2014 co czyni go jednym z najbardziej zaawansowanych jednorazowych vape'\u00f3w na rynku. Robi\u0105c zakupy na Vapebulkp.com, korzystasz z opakowa\u0144 gotowych do sprzeda\u017cy hurtowej, najwy\u017cszej klasy obs\u0142ugi klienta i bezpo\u015brednich dostaw fabrycznych, co zapewnia niezawodno\u015b\u0107, wydajno\u015b\u0107 i zysk dla Twojej firmy vape.<\/p>\n<\/div>\n<\/div>\n<\/div>\n<\/div>\n<h2>AIVONO AIM FATMAX 50000 Puffs Kluczowe specyfikacje:<\/h2>\n<p class=\"\" data-start=\"291\" data-end=\"452\"><strong data-start=\"291\" data-end=\"313\">Wyd\u0142u\u017cona \u017cywotno\u015b\u0107<\/strong><br data-start=\"313\" data-end=\"316\" \/>Zapewnia do 50000 zaci\u0105gni\u0119\u0107 na jednostk\u0119, zasilany przez wst\u0119pnie nape\u0142niony zbiornik e-liquidu o pojemno\u015bci 30ml dla d\u0142ugotrwa\u0142ego u\u017cytkowania bez konieczno\u015bci ci\u0105g\u0142ej wymiany.<\/p>\n<p class=\"\" data-start=\"454\" data-end=\"643\"><strong data-start=\"454\" data-end=\"481\">Bateria o wysokiej wydajno\u015bci<\/strong><br data-start=\"481\" data-end=\"484\" \/>Zbudowany z akumulatora 800mAh z czystego kobaltu i portu \u0142adowania Type-C, co umo\u017cliwia szybkie \u0142adowanie i stabiln\u0105 moc przez ca\u0142y okres u\u017cytkowania urz\u0105dzenia.<\/p>\n<p class=\"\" data-start=\"645\" data-end=\"829\"><strong data-start=\"645\" data-end=\"678\">Zaawansowana technologia grza\u0142ki siatkowej<\/strong><br data-start=\"678\" data-end=\"681\" \/>Wyposa\u017cony w grza\u0142k\u0119 mesh o oporno\u015bci 0,6\u03a9, kt\u00f3ra zwi\u0119ksza g\u0119sto\u015b\u0107 pary i czysto\u015b\u0107 smaku, idealny zar\u00f3wno do waporyzacji DTL (direct-to-lung), jak i MTL (mouth-to-lung).<\/p>\n<p class=\"\" data-start=\"831\" data-end=\"984\"><strong data-start=\"831\" data-end=\"858\">Inteligentny interfejs wy\u015bwietlacza<\/strong><br data-start=\"858\" data-end=\"861\" \/>Wyposa\u017cony we wska\u017aniki poziomu baterii i obj\u0119to\u015bci e-liquidu w czasie rzeczywistym, co zapewnia precyzyjne monitorowanie i wygodne u\u017cytkowanie.<\/p>\n<p class=\"\" data-start=\"986\" data-end=\"1145\"><strong data-start=\"986\" data-end=\"1017\">Elastyczne st\u0119\u017cenia nikotyny<\/strong><br data-start=\"1017\" data-end=\"1020\" \/>Dost\u0119pne opcje soli nikotynowej 5%, 3%, 2% i 0% w celu zaspokojenia zr\u00f3\u017cnicowanych preferencji konsument\u00f3w i regionalnych standard\u00f3w zgodno\u015bci.<\/p>\n<p class=\"\" data-start=\"1147\" data-end=\"1366\"><strong data-start=\"1147\" data-end=\"1180\">Opakowanie zoptymalizowane pod k\u0105tem sprzeda\u017cy hurtowej<\/strong><br data-start=\"1180\" data-end=\"1183\" \/>Zaprojektowane do dystrybucji masowej, ka\u017cdy karton zbiorczy zawiera 140 sztuk o wymiarach 68,5 \u00d7 38 \u00d7 24 cm i masie ca\u0142kowitej 18,5 kg \u2013 idealne do logistyki i przechowywania du\u017cych ilo\u015bci towaru.<\/p>\n<h2><strong>Lista smak\u00f3w urz\u0105dzenia do waporyzacji o d\u0142ugiej \u017cywotno\u015bci AIVONO AIM FATMAX 50000 Puff<\/strong><\/h2>\n<p class=\"selectable-text copyable-text x15bjb6t x1n2onr6\" dir=\"ltr\">1.AIM FATMAX: Wi\u015bnia Malina<br \/>\n2.AIM FATMAX: Podw\u00f3jne Jab\u0142ko<br \/>\n3.AIM FATMAX: Winogrono Mi\u0119ta<br \/>\n4.AIM FATMAX: Guma Balonowa Jagodowa<br \/>\n5.AIM FATMAX: Love 66<br \/>\n6.AIM FATMAX: Lucid Dream<br \/>\n7.AIM FATMAX : Lush Ice<br \/>\n8.AIM FATMAX : Brzoskwiniowy L\u00f3d<br \/>\n9.AIM FATMAX : Jagodowy L\u00f3d<br \/>\n10.AIM FATMAX : Truskawkowy Poncz<\/p>\n<p><span style=\"vertical-align: inherit\">Znajd\u017a wi\u0119cej produkt\u00f3w, kt\u00f3re mog\u0105 Ci si\u0119 spodoba\u0107:<\/span><em><a href=\"https:\/\/wa.me\/8618077105796\"><span style=\"vertical-align: inherit\">\u00a0Kup teraz<\/span><\/a><\/em><\/p>\n<p><span style=\"vertical-align: inherit\">Inne Puffs, kt\u00f3re mog\u0105 Ci si\u0119 spodoba\u0107:<\/span><a href=\"https:\/\/vapebulkp.com\/pl\/product\/vopk-60000-puffs-top-sale-disposable-vape-pen\/\"><span style=\"vertical-align: inherit\">VOPK 60000 Paliw<\/span><\/a><span style=\"vertical-align: inherit\">\u3001<\/span><a href=\"https:\/\/vapebulkp.com\/pl\/product\/bang-kingdoms-rex-nos-50000-puffs-high-capacity-vape-device\/\"><span style=\"vertical-align: inherit\">Bang Kingdoms Rex 45000 Zaci\u0105gni\u0119\u0107<\/span><\/a><span style=\"vertical-align: inherit\">\/ <\/span><a href=\"https:\/\/vapebulkp.com\/pl\/product\/fizzy-twins-50000-puffs-high-puff-count-vape-kits-bulk-price\/\"><span style=\"vertical-align: inherit\">FIZZY Vape 50000 Zaci\u0105gni\u0119\u0107<\/span><\/a><span style=\"vertical-align: inherit\">\/ <\/span><a href=\"https:\/\/vapebulkp.com\/pl\/product\/cheap-price-uwin-shisha-hookah-crystal-20000-puffs-rechargeable-vape\/\"><span style=\"vertical-align: inherit\">WASPE Vape Podw\u00f3jny Smak 40000 Zaci\u0105gni\u0119\u0107<\/span><\/a><\/p>\n<h3 class=\"\" data-start=\"62\" data-end=\"118\"><strong data-start=\"66\" data-end=\"118\">AIVONO AIM FATMAX 50000 Zaci\u0105gni\u0119\u0107 Hurtownia Vape FAQ<\/strong><\/h3>\n<p>1.Jak u\u017cywa\u0107 jednorazowego e-papierosa AIVONO AIM FATMAX 50000 Zaci\u0105gni\u0119\u0107?<br \/>\nWystarczy wyj\u0105\u0107 urz\u0105dzenie z opakowania i zaci\u0105gn\u0105\u0107 si\u0119 przez ustnik. Nie ma \u017cadnych przycisk\u00f3w ani ustawie\u0144 do regulacji. Urz\u0105dzenie jest aktywowane zaci\u0105gni\u0119ciem dla \u0142atwo\u015bci u\u017cytkowania.<\/p>\n<p>2.Jak na\u0142adowa\u0107 podsy do e-papierosa AIVONO AIM FATMAX 50K Zaci\u0105gni\u0119\u0107?<br \/>\nU\u017cyj kabla \u0142aduj\u0105cego Type-C, aby na\u0142adowa\u0107 bateri\u0119 800mAh. Port \u0142adowania znajduje si\u0119 na spodzie urz\u0105dzenia. Inteligentny ekran wska\u017ce poziom na\u0142adowania baterii, zmieniaj\u0105c kolor na czerwony, gdy konieczne jest \u0142adowanie.<\/p>\n<p>3.Czy e-papieros AIVONO AIM FATMAX 50000 Zaci\u0105gni\u0119\u0107 jest wielokrotnego nape\u0142niania?<br \/>\nNie, AIVONO AIM FATMAX 50000 to jednorazowy e-papieros i nie jest przeznaczony do ponownego nape\u0142niania. Gdy e-liquid si\u0119 wyczerpie, prosimy o odpowiedzialne usuni\u0119cie urz\u0105dzenia.<\/p>\n<h3>Szczeg\u00f3\u0142y wysy\u0142ki:<\/h3>\n<p><span style=\"color: #ff6600\">Czas produkcji: 5-10 dni roboczych<\/span><br \/>\n<span style=\"color: #ff6600\">Czas wysy\u0142ki: 8-14 dni roboczych<\/span><\/p>\n<p>Wszystkie produkty w naszym sklepie s\u0105 w 100% oryginalne i autentyczne, dlatego polityk\u0105 naszego sklepu jest dziesi\u0119ciokrotne odszkodowanie za podrobione towary. Do dostarczania towar\u00f3w u\u017cywamy kana\u0142\u00f3w logistycznych, takich jak UPS\/DHL\/FEDEX\/DPD.<\/p>\n<p>W przypadku paczek wysy\u0142anych do Polski dostawa trwa zwykle 10 dni roboczych. Wysy\u0142ka do kraj\u00f3w europejskich trwa zwykle od 12 do 15 dni roboczych. B\u0119dziemy aktualizowa\u0107 dla Ciebie informacje logistyczne w czasie rzeczywistym.<\/p>","protected":false},"excerpt":{"rendered":"<p class=\"\" data-start=\"121\" data-end=\"211\">\u00a0Jednorazowe e-papierosy AIVONO AIM FATMAX 50000 Puffs. D\u0142ugotrwa\u0142a wydajno\u015b\u0107, bogate smaki i wygoda \u0142adowania. Sprzeda\u017c hurtowa dost\u0119pna ju\u017c teraz.<\/p>\n<p>Skontaktuj si\u0119 z WhatsApp Mandy, aby uzyska\u0107 cen\u0119 ze zni\u017ck\u0105<a href=\"https:\/\/wa.me\/8618077105796\">+8618077105796<\/a><\/p>\n<p><img decoding=\"async\" class=\"alignnone wp-image-2151\" src=\"http:\/\/vapebulkp.com\/wp-content\/uploads\/2024\/04\/Mandy-WhatsApp-Randm.jpg\" alt=\"WhatsApp Mandy Randm\" width=\"297\" height=\"316\" srcset=\"https:\/\/vapebulkp.com\/wp-content\/uploads\/2024\/04\/Mandy-WhatsApp-Randm.jpg 916w, https:\/\/vapebulkp.com\/wp-content\/uploads\/2024\/04\/Mandy-WhatsApp-Randm-282x300.jpg 282w, https:\/\/vapebulkp.com\/wp-content\/uploads\/2024\/04\/Mandy-WhatsApp-Randm-768x817.jpg 768w, https:\/\/vapebulkp.com\/wp-content\/uploads\/2024\/04\/Mandy-WhatsApp-Randm-600x638.jpg 600w\" sizes=\"(max-width: 297px) 100vw, 297px\" \/><\/p>\n<p><span style=\"color: #ff0000\">UWAGA: Ceny na naszej stronie internetowej nie zawieraj\u0105 koszt\u00f3w wysy\u0142ki<\/span><\/p>\n<p>&nbsp;<\/p>","protected":false},"featured_media":3769,"comment_status":"open","ping_status":"closed","template":"","meta":{"_uag_custom_page_level_css":"","_lmt_disableupdate":"no","_lmt_disable":"","site-sidebar-layout":"default","site-content-layout":"content-boxed-container","ast-site-content-layout":"normal-width-container","site-content-style":"boxed","site-sidebar-style":"unboxed","ast-global-header-display":"","ast-banner-title-visibility":"","ast-main-header-display":"","ast-hfb-above-header-display":"","ast-hfb-below-header-display":"","ast-hfb-mobile-header-display":"","site-post-title":"","ast-breadcrumbs-content":"","ast-featured-img":"","footer-sml-layout":"","theme-transparent-header-meta":"default","adv-header-id-meta":"","stick-header-meta":"","header-above-stick-meta":"","header-main-stick-meta":"","header-below-stick-meta":"","astra-migrate-meta-layouts":"set","_joinchat":[]},"product_cat":[194,342,153,155,33,59,100,34,158,157,154,152,58,84,156,63,32],"product_tag":[249,36,37,41,40],"class_list":["post-3777","product","type-product","status-publish","has-post-thumbnail","hentry","product_cat-50000-puffs-disposable-vape","product_cat-aivono-vape","product_cat-hot-disposable-vapes","product_cat-belgium-hot-disposable-vapes","product_cat-france-vape-hot-sale","product_cat-germany-hot-disposable-vape","product_cat-germany-wholesale-vape-shop","product_cat-netherlands-vape-good-sale","product_cat-norway-hot-disposable-vapes","product_cat-poland-hot-disposable-vapes","product_cat-portugal-hot-disposable-vapes","product_cat-spain-hot-disposable-vapes","product_cat-sweden-hot-disposable-vape","product_cat-sweden-wholesale-vape","product_cat-switzerland-hot-disposable-vapes","product_cat-top-sale-disposable-vape","product_cat-vape-hot-sale-this-week","product_tag-aivono-aim-fatmax-50000-puffs","product_tag-good-vape","product_tag-hot-sale-disposable-vape","product_tag-poland-hot-vape","product_tag-sweden-hot-vape","pa_brand-aivono-vape","desktop-align-left","tablet-align-left","mobile-align-left"],"yoast_head":"<!-- This site is optimized with the Yoast SEO plugin v21.1 - https:\/\/yoast.com\/wordpress\/plugins\/seo\/ -->\n<title>AIVONO AIM FATMAX 50000 Puffs Vape Wholesale Price - vapebulkp.com<\/title>\n<meta name=\"description\" content=\"Shop AIVONO AIM FATMAX 50000 Puff Vape with smart display, Type-C charging, 0.6\u03a9 mesh coil, and 4 nicotine options. Bulk ready at Vapebulkp.com.\" \/>\n<meta name=\"robots\" content=\"index, follow, max-snippet:-1, max-image-preview:large, max-video-preview:-1\" \/>\n<link rel=\"canonical\" href=\"https:\/\/vapebulkp.com\/pl\/product\/aivono-aim-fatmax-50000-puffs-vape-wholesale-price\/\" \/>\n<meta property=\"og:locale\" content=\"pl_PL\" \/>\n<meta property=\"og:type\" content=\"article\" \/>\n<meta property=\"og:title\" content=\"AIVONO AIM FATMAX 50000 Puffs Vape Wholesale Price - vapebulkp.com\" \/>\n<meta property=\"og:description\" content=\"Shop AIVONO AIM FATMAX 50000 Puff Vape with smart display, Type-C charging, 0.6\u03a9 mesh coil, and 4 nicotine options. Bulk ready at Vapebulkp.com.\" \/>\n<meta property=\"og:url\" content=\"https:\/\/vapebulkp.com\/pl\/product\/aivono-aim-fatmax-50000-puffs-vape-wholesale-price\/\" \/>\n<meta property=\"og:site_name\" content=\"vapebulkp.com\" \/>\n<meta property=\"article:modified_time\" content=\"2025-09-17T08:37:32+00:00\" \/>\n<meta property=\"og:image\" content=\"http:\/\/vapebulkp.com\/wp-content\/uploads\/2025\/05\/50000-Puff-Disposable-Vape-AIM-FATMAX-Wholesale-Vape.webp\" \/>\n\t<meta property=\"og:image:width\" content=\"800\" \/>\n\t<meta property=\"og:image:height\" content=\"800\" \/>\n\t<meta property=\"og:image:type\" content=\"image\/webp\" \/>\n<meta name=\"twitter:card\" content=\"summary_large_image\" \/>\n<meta name=\"twitter:label1\" content=\"Szacowany czas czytania\" \/>\n\t<meta name=\"twitter:data1\" content=\"4 minuty\" \/>\n<script type=\"application\/ld+json\" class=\"yoast-schema-graph\">{\"@context\":\"https:\/\/schema.org\",\"@graph\":[{\"@type\":\"WebPage\",\"@id\":\"https:\/\/vapebulkp.com\/product\/aivono-aim-fatmax-50000-puffs-vape-wholesale-price\/\",\"url\":\"https:\/\/vapebulkp.com\/product\/aivono-aim-fatmax-50000-puffs-vape-wholesale-price\/\",\"name\":\"AIVONO AIM FATMAX 50000 Puffs Vape Wholesale Price - vapebulkp.com\",\"isPartOf\":{\"@id\":\"https:\/\/vapebulkp.com\/#website\"},\"datePublished\":\"2025-05-21T09:11:16+00:00\",\"dateModified\":\"2025-09-17T08:37:32+00:00\",\"description\":\"Shop AIVONO AIM FATMAX 50000 Puff Vape with smart display, Type-C charging, 0.6\u03a9 mesh coil, and 4 nicotine options. Bulk ready at Vapebulkp.com.\",\"breadcrumb\":{\"@id\":\"https:\/\/vapebulkp.com\/product\/aivono-aim-fatmax-50000-puffs-vape-wholesale-price\/#breadcrumb\"},\"inLanguage\":\"pl-PL\",\"potentialAction\":[{\"@type\":\"ReadAction\",\"target\":[\"https:\/\/vapebulkp.com\/product\/aivono-aim-fatmax-50000-puffs-vape-wholesale-price\/\"]}]},{\"@type\":\"BreadcrumbList\",\"@id\":\"https:\/\/vapebulkp.com\/product\/aivono-aim-fatmax-50000-puffs-vape-wholesale-price\/#breadcrumb\",\"itemListElement\":[{\"@type\":\"ListItem\",\"position\":1,\"name\":\"Home\",\"item\":\"https:\/\/vapebulkp.com\/\"},{\"@type\":\"ListItem\",\"position\":2,\"name\":\"Hot Trend Vapes\",\"item\":\"https:\/\/vapebulkp.com\/vape-shop\/\"},{\"@type\":\"ListItem\",\"position\":3,\"name\":\"AIVONO AIM FATMAX 50000 Puffs Vape Wholesale Price\"}]},{\"@type\":\"WebSite\",\"@id\":\"https:\/\/vapebulkp.com\/#website\",\"url\":\"https:\/\/vapebulkp.com\/\",\"name\":\"vapebulkp.com\",\"description\":\"Buy Vape In Cheap Bulk Price Near you\",\"publisher\":{\"@id\":\"https:\/\/vapebulkp.com\/#organization\"},\"potentialAction\":[{\"@type\":\"SearchAction\",\"target\":{\"@type\":\"EntryPoint\",\"urlTemplate\":\"https:\/\/vapebulkp.com\/?s={search_term_string}\"},\"query-input\":\"required name=search_term_string\"}],\"inLanguage\":\"pl-PL\"},{\"@type\":\"Organization\",\"@id\":\"https:\/\/vapebulkp.com\/#organization\",\"name\":\"vapebulkp.com\",\"url\":\"https:\/\/vapebulkp.com\/\",\"logo\":{\"@type\":\"ImageObject\",\"inLanguage\":\"pl-PL\",\"@id\":\"https:\/\/vapebulkp.com\/#\/schema\/logo\/image\/\",\"url\":\"https:\/\/vapebulkp.com\/wp-content\/uploads\/2023\/09\/cropped-vapebulkp.png\",\"contentUrl\":\"https:\/\/vapebulkp.com\/wp-content\/uploads\/2023\/09\/cropped-vapebulkp.png\",\"width\":516,\"height\":163,\"caption\":\"vapebulkp.com\"},\"image\":{\"@id\":\"https:\/\/vapebulkp.com\/#\/schema\/logo\/image\/\"}}]}<\/script>\n<!-- \/ Yoast SEO plugin. -->","yoast_head_json":{"title":"AIVONO AIM FATMAX 50000 Puffs Vape Wholesale Price - vapebulkp.com","description":"Shop AIVONO AIM FATMAX 50000 Puff Vape with smart display, Type-C charging, 0.6\u03a9 mesh coil, and 4 nicotine options. Bulk ready at Vapebulkp.com.","robots":{"index":"index","follow":"follow","max-snippet":"max-snippet:-1","max-image-preview":"max-image-preview:large","max-video-preview":"max-video-preview:-1"},"canonical":"https:\/\/vapebulkp.com\/pl\/product\/aivono-aim-fatmax-50000-puffs-vape-wholesale-price\/","og_locale":"pl_PL","og_type":"article","og_title":"AIVONO AIM FATMAX 50000 Puffs Vape Wholesale Price - vapebulkp.com","og_description":"Shop AIVONO AIM FATMAX 50000 Puff Vape with smart display, Type-C charging, 0.6\u03a9 mesh coil, and 4 nicotine options. Bulk ready at Vapebulkp.com.","og_url":"https:\/\/vapebulkp.com\/pl\/product\/aivono-aim-fatmax-50000-puffs-vape-wholesale-price\/","og_site_name":"vapebulkp.com","article_modified_time":"2025-09-17T08:37:32+00:00","og_image":[{"width":800,"height":800,"url":"http:\/\/vapebulkp.com\/wp-content\/uploads\/2025\/05\/50000-Puff-Disposable-Vape-AIM-FATMAX-Wholesale-Vape.webp","type":"image\/webp"}],"twitter_card":"summary_large_image","twitter_misc":{"Szacowany czas czytania":"4 minuty"},"schema":{"@context":"https:\/\/schema.org","@graph":[{"@type":"WebPage","@id":"https:\/\/vapebulkp.com\/product\/aivono-aim-fatmax-50000-puffs-vape-wholesale-price\/","url":"https:\/\/vapebulkp.com\/product\/aivono-aim-fatmax-50000-puffs-vape-wholesale-price\/","name":"AIVONO AIM FATMAX 50000 Puffs Vape Wholesale Price - vapebulkp.com","isPartOf":{"@id":"https:\/\/vapebulkp.com\/#website"},"datePublished":"2025-05-21T09:11:16+00:00","dateModified":"2025-09-17T08:37:32+00:00","description":"Shop AIVONO AIM FATMAX 50000 Puff Vape with smart display, Type-C charging, 0.6\u03a9 mesh coil, and 4 nicotine options. Bulk ready at Vapebulkp.com.","breadcrumb":{"@id":"https:\/\/vapebulkp.com\/product\/aivono-aim-fatmax-50000-puffs-vape-wholesale-price\/#breadcrumb"},"inLanguage":"pl-PL","potentialAction":[{"@type":"ReadAction","target":["https:\/\/vapebulkp.com\/product\/aivono-aim-fatmax-50000-puffs-vape-wholesale-price\/"]}]},{"@type":"BreadcrumbList","@id":"https:\/\/vapebulkp.com\/product\/aivono-aim-fatmax-50000-puffs-vape-wholesale-price\/#breadcrumb","itemListElement":[{"@type":"ListItem","position":1,"name":"Home","item":"https:\/\/vapebulkp.com\/"},{"@type":"ListItem","position":2,"name":"Hot Trend Vapes","item":"https:\/\/vapebulkp.com\/vape-shop\/"},{"@type":"ListItem","position":3,"name":"AIVONO AIM FATMAX 50000 Puffs Vape Wholesale Price"}]},{"@type":"WebSite","@id":"https:\/\/vapebulkp.com\/#website","url":"https:\/\/vapebulkp.com\/","name":"vapebulkp.com","description":"Buy Vape In Cheap Bulk Price Near you","publisher":{"@id":"https:\/\/vapebulkp.com\/#organization"},"potentialAction":[{"@type":"SearchAction","target":{"@type":"EntryPoint","urlTemplate":"https:\/\/vapebulkp.com\/?s={search_term_string}"},"query-input":"required name=search_term_string"}],"inLanguage":"pl-PL"},{"@type":"Organization","@id":"https:\/\/vapebulkp.com\/#organization","name":"vapebulkp.com","url":"https:\/\/vapebulkp.com\/","logo":{"@type":"ImageObject","inLanguage":"pl-PL","@id":"https:\/\/vapebulkp.com\/#\/schema\/logo\/image\/","url":"https:\/\/vapebulkp.com\/wp-content\/uploads\/2023\/09\/cropped-vapebulkp.png","contentUrl":"https:\/\/vapebulkp.com\/wp-content\/uploads\/2023\/09\/cropped-vapebulkp.png","width":516,"height":163,"caption":"vapebulkp.com"},"image":{"@id":"https:\/\/vapebulkp.com\/#\/schema\/logo\/image\/"}}]}},"uagb_featured_image_src":{"full":["https:\/\/vapebulkp.com\/wp-content\/uploads\/2025\/05\/50000-Puff-Disposable-Vape-AIM-FATMAX-Wholesale-Vape.webp",800,800,false],"thumbnail":["https:\/\/vapebulkp.com\/wp-content\/uploads\/2025\/05\/50000-Puff-Disposable-Vape-AIM-FATMAX-Wholesale-Vape-150x150.webp",150,150,true],"medium":["https:\/\/vapebulkp.com\/wp-content\/uploads\/2025\/05\/50000-Puff-Disposable-Vape-AIM-FATMAX-Wholesale-Vape-300x300.webp",300,300,true],"medium_large":["https:\/\/vapebulkp.com\/wp-content\/uploads\/2025\/05\/50000-Puff-Disposable-Vape-AIM-FATMAX-Wholesale-Vape-768x768.webp",768,768,true],"large":["https:\/\/vapebulkp.com\/wp-content\/uploads\/2025\/05\/50000-Puff-Disposable-Vape-AIM-FATMAX-Wholesale-Vape.webp",800,800,false],"1536x1536":["https:\/\/vapebulkp.com\/wp-content\/uploads\/2025\/05\/50000-Puff-Disposable-Vape-AIM-FATMAX-Wholesale-Vape.webp",800,800,false],"2048x2048":["https:\/\/vapebulkp.com\/wp-content\/uploads\/2025\/05\/50000-Puff-Disposable-Vape-AIM-FATMAX-Wholesale-Vape.webp",800,800,false],"trp-custom-language-flag":["https:\/\/vapebulkp.com\/wp-content\/uploads\/2025\/05\/50000-Puff-Disposable-Vape-AIM-FATMAX-Wholesale-Vape.webp",12,12,false],"woocommerce_thumbnail":["https:\/\/vapebulkp.com\/wp-content\/uploads\/2025\/05\/50000-Puff-Disposable-Vape-AIM-FATMAX-Wholesale-Vape-300x300.webp",300,300,true],"woocommerce_single":["https:\/\/vapebulkp.com\/wp-content\/uploads\/2025\/05\/50000-Puff-Disposable-Vape-AIM-FATMAX-Wholesale-Vape-600x600.webp",600,600,true],"woocommerce_gallery_thumbnail":["https:\/\/vapebulkp.com\/wp-content\/uploads\/2025\/05\/50000-Puff-Disposable-Vape-AIM-FATMAX-Wholesale-Vape-100x100.webp",100,100,true],"wcpr-photo-reviews":["https:\/\/vapebulkp.com\/wp-content\/uploads\/2025\/05\/50000-Puff-Disposable-Vape-AIM-FATMAX-Wholesale-Vape.webp",500,500,false]},"uagb_author_info":{"display_name":"Mandy vape bulk price","author_link":"https:\/\/vapebulkp.com\/pl\/author\/"},"uagb_comment_info":0,"uagb_excerpt":"\u00a0AIVONO AIM FATMAX 50000 Puffs Disposable Vapes. Long-lasting performance, rich flavors, and rechargeable convenience. Wholesale available now. Pls Contact Mandy's WhatsApp For Discount Price+8618077105796 NOTE: Prices on our website does not include shipping costs &nbsp;","_links":{"self":[{"href":"https:\/\/vapebulkp.com\/pl\/wp-json\/wp\/v2\/product\/3777","targetHints":{"allow":["GET"]}}],"collection":[{"href":"https:\/\/vapebulkp.com\/pl\/wp-json\/wp\/v2\/product"}],"about":[{"href":"https:\/\/vapebulkp.com\/pl\/wp-json\/wp\/v2\/types\/product"}],"replies":[{"embeddable":true,"href":"https:\/\/vapebulkp.com\/pl\/wp-json\/wp\/v2\/comments?post=3777"}],"wp:featuredmedia":[{"embeddable":true,"href":"https:\/\/vapebulkp.com\/pl\/wp-json\/wp\/v2\/media\/3769"}],"wp:attachment":[{"href":"https:\/\/vapebulkp.com\/pl\/wp-json\/wp\/v2\/media?parent=3777"}],"wp:term":[{"taxonomy":"product_cat","embeddable":true,"href":"https:\/\/vapebulkp.com\/pl\/wp-json\/wp\/v2\/product_cat?post=3777"},{"taxonomy":"product_tag","embeddable":true,"href":"https:\/\/vapebulkp.com\/pl\/wp-json\/wp\/v2\/product_tag?post=3777"}],"curies":[{"name":"wp","href":"https:\/\/api.w.org\/{rel}","templated":true}]}}