{"id":3800,"date":"2025-05-27T10:26:00","date_gmt":"2025-05-27T08:26:00","guid":{"rendered":"https:\/\/vapebulkp.com\/?post_type=product&#038;p=3800"},"modified":"2025-09-24T04:58:04","modified_gmt":"2025-09-24T02:58:04","slug":"stag-bar-triple-60000-puffs-for-wholesale-distributors","status":"publish","type":"product","link":"https:\/\/vapebulkp.com\/pl\/product\/stag-bar-triple-60000-puffs-for-wholesale-distributors\/","title":{"rendered":"STAG BAR Triple 60000 zaci\u0105gni\u0119\u0107 Dla dystrybutor\u00f3w hurtowych"},"content":{"rendered":"<h2 style=\"text-align: left\">STAG BAR Triple 60000 zaci\u0105gni\u0119\u0107 Dla dystrybutor\u00f3w hurtowych<\/h2>\n<p>To <b>STAG BAR Potr\u00f3jny <a href=\"https:\/\/vapebulkp.com\/pl\/product-category\/60000-puffs-disposable-vape\/\">Jednorazowy vape 60000 zaci\u0105gni\u0119\u0107<\/a><\/b>\u00a0zosta\u0142 zaprojektowany dla nowoczesnego europejskiego e-palacza, kt\u00f3ry wymaga zar\u00f3wno wyj\u0105tkowej pojemno\u015bci, jak i wydajno\u015bci. <span class=\"citation-23\">Ten <\/span><b><span class=\"citation-23\">e-papieros jednorazowego u\u017cytku<\/span><\/b><span class=\"citation-23\"> zawiera unikalny <\/span><b><span class=\"citation-23\">system wk\u0142ad\u00f3w 3 w 1<\/span><\/b><span class=\"citation-23\">, zapewniaj\u0105c a\u017c do monumentalnych <\/span><b><span class=\"citation-23\">60 000 zaci\u0105gni\u0119\u0107<\/span><\/b><span class=\"citation-23 citation-end-23\"> i umo\u017cliwiaj\u0105c \u0142\u0105czenie wielu smak\u00f3w w jednym urz\u0105dzeniu.<\/span><\/p>\n<p><span class=\"citation-22\">Zasilany zaawansowan\u0105 <\/span><b><span class=\"citation-22\">technologi\u0105 grza\u0142ki siatkowej<\/span><\/b><span class=\"citation-22\">, ten <\/span><b><span class=\"citation-22\">jednoraz\u00f3wk\u0105 z siatkow\u0105 grza\u0142k\u0105<\/span><\/b><span class=\"citation-22 citation-end-22\"> zapewnia niezmiennie g\u0142adk\u0105 par\u0119 i bogaty, autentyczny smak od pierwszego do ostatniego zaci\u0105gni\u0119cia.<\/span> Solidny <b>bateri\u0119 o pojemno\u015bci 650mAh z mo\u017cliwo\u015bci\u0105 \u0142adowania<\/b> i <b>szybkie \u0142adowanie przez Type-C<\/b> zapewnia niezawodne zasilanie przez ca\u0142y okres u\u017cytkowania, dzi\u0119ki czemu jest niezawodnym <b>\u0142adowalnym e-papierosie jednorazowym<\/b> na ka\u017cd\u0105 okazj\u0119. <span class=\"citation-21 citation-end-21\">Inteligentny ekran LED oferuje w czasie rzeczywistym stan e-liquidu i baterii, daj\u0105c ci pe\u0142n\u0105 kontrol\u0119 nad twoj\u0105 podr\u00f3\u017c\u0105 z e-paleniem.<\/span><\/p>\n<p>Ka\u017cda komora jest wst\u0119pnie nape\u0142niona p\u0142ynem nikotynowym premium na bazie soli nikotynowej, o mocy dostosowanej dla <b>s\u00f3l nikotynowa <\/b>. Dla dystrybutor\u00f3w i sprzedawc\u00f3w detalicznych, STAG BAR Triple 60000 Puffs to kluczowy element asortymentu. Dost\u0119pny do <b>hurtowej sprzeda\u017cy vape o du\u017cej pojemno\u015bci<\/b> i wysy\u0142any bezpo\u015brednio z naszych <b>magazyn\u00f3w w UE<\/b>, ten model zaspokaja rosn\u0105ce zapotrzebowanie na bogate w funkcje, <b>jednorazowe vape o wyj\u0105tkowo d\u0142ugiej \u017cywotno\u015bci<\/b> i wzmacnia Twoj\u0105 obecno\u015b\u0107 w <b>hurtowej sprzeda\u017cy vape w Europie<\/b>.<\/p>\n<h6>Skontaktuj si\u0119 z WhatsApp Mandy, aby uzyska\u0107 cen\u0119 ze zni\u017ck\u0105<a href=\"https:\/\/wa.me\/8618077105796\">+8618077105796<\/a><\/h6>\n<p><img decoding=\"async\" class=\"alignnone wp-image-2151\" src=\"http:\/\/vapebulkp.com\/wp-content\/uploads\/2024\/04\/Mandy-WhatsApp-Randm.jpg\" alt=\"WhatsApp Mandy Randm\" width=\"324\" height=\"330\" \/><\/p>\n<div class=\"flex max-w-full flex-col flex-grow\">\n<div class=\"min-h-8 text-message flex w-full flex-col items-end gap-2 whitespace-normal break-words text-start [.text-message+&amp;]:mt-5\" dir=\"auto\" data-message-author-role=\"assistant\" data-message-id=\"d24cf626-c018-4805-80f5-44de047f2ba0\" data-message-model-slug=\"gpt-4o\">\n<div class=\"flex w-full flex-col gap-1 empty:hidden first:pt-[3px]\">\n<div class=\"markdown prose w-full break-words dark:prose-invert light\">\n<h2>Dlaczego warto kupi\u0107 jednorazowy vape nowej generacji STAG BAR Triple Puffs 60k 2025 w <a href=\"https:\/\/vapebulkp.com\/pl\/vape-shop\/\">Vapebulkp.com<\/a>?<\/h2>\n<p class=\"\" data-start=\"1686\" data-end=\"1863\">Vapebulkp.com to wiod\u0105ce miejsce dla jednorazowych vape o du\u017cej pojemno\u015bci, takich jak STAG BAR Triple 60000 Puff \u2014 innowacyjny system pod\u00f3w 3 w 1, \u0142\u0105cz\u0105cy moc, r\u00f3\u017cnorodno\u015b\u0107 i wygod\u0119 w jednym eleganckim urz\u0105dzeniu. Zaprojektowany dla powa\u017cnych u\u017cytkownik\u00f3w vape i kupuj\u0105cych hurtowo, ten zaawansowany vape zapewnia do 60000 zaci\u0105gni\u0119\u0107 z trzech wbudowanych pod\u00f3w, ka\u017cdy z 18 ml e-liquidu premium i unikalnymi profilami smakowymi. Wyposa\u017cony w akumulator 650 mAh, technologi\u0119 siatkowych grza\u0142ek, oporno\u015b\u0107 grza\u0142ki 0,9\u03a9 i inteligentny wy\u015bwietlacz LED, zapewnia sp\u00f3jn\u0105 par\u0119, bogaty smak i precyzyjne \u015bledzenie u\u017cycia. W Vapebulkp.com skorzystasz z autentycznych produkt\u00f3w, cen hurtowych, szybkiej wysy\u0142ki w UE i zaufanej obs\u0142ugi \u2014 idealne rozwi\u0105zanie dla hurtownik\u00f3w, sprzedawc\u00f3w detalicznych i dystrybutor\u00f3w vape poszukuj\u0105cych urz\u0105dze\u0144 o du\u017cym popycie w bezkonkurencyjnej cenie.<\/p>\n<\/div>\n<\/div>\n<\/div>\n<\/div>\n<h2>Zestaw vape STAG BAR Triple 60k Puff z \u0142adowaniem Type C Kluczowe specyfikacje:<\/h2>\n<ul>\n<li data-start=\"173\" data-end=\"228\">\n<p data-start=\"175\" data-end=\"228\"><strong data-start=\"175\" data-end=\"189\">Liczba zaci\u0105gni\u0119\u0107<\/strong>: Do 60000 zaci\u0105gni\u0119\u0107 (3 x 20000 zaci\u0105gni\u0119\u0107)<\/p>\n<\/li>\n<li data-start=\"229\" data-end=\"342\">\n<p data-start=\"231\" data-end=\"342\"><strong data-start=\"231\" data-end=\"248\">Konstrukcja 3 w 1<\/strong>: Zawiera 3 wbudowane pody, ka\u017cdy z unikalnym smakiem dla wszechstronnego do\u015bwiadczenia<\/p>\n<\/li>\n<li data-start=\"343\" data-end=\"400\">\n<p data-start=\"345\" data-end=\"400\"><strong data-start=\"345\" data-end=\"364\">Pojemno\u015b\u0107 smakowa<\/strong>: 3 r\u00f3\u017cne smaki w jednym urz\u0105dzeniu<\/p>\n<\/li>\n<li data-start=\"401\" data-end=\"449\">\n<p data-start=\"403\" data-end=\"449\"><strong data-start=\"403\" data-end=\"424\">Pojemno\u015b\u0107 e-liquidu<\/strong>: 3 \u00d7 18ml (\u0142\u0105cznie 54ml)<\/p>\n<\/li>\n<li data-start=\"450\" data-end=\"503\">\n<p data-start=\"452\" data-end=\"503\"><strong data-start=\"452\" data-end=\"472\">Pojemno\u015b\u0107 baterii<\/strong>: Akumulator o pojemno\u015bci 650mAh<\/p>\n<\/li>\n<li data-start=\"504\" data-end=\"547\">\n<p data-start=\"506\" data-end=\"547\"><strong data-start=\"506\" data-end=\"523\">Port \u0142adowania<\/strong>: Szybkie \u0142adowanie przez port Type-C<\/p>\n<\/li>\n<li data-start=\"548\" data-end=\"626\">\n<p data-start=\"550\" data-end=\"626\"><strong data-start=\"550\" data-end=\"563\">Typ grza\u0142ki<\/strong>: Zaawansowana grza\u0142ka siatkowa zapewniaj\u0105ca r\u00f3wnomiern\u0105 produkcj\u0119 pary i smaku<\/p>\n<\/li>\n<li data-start=\"627\" data-end=\"656\">\n<p data-start=\"629\" data-end=\"656\"><strong data-start=\"629\" data-end=\"648\">Rezystancja grza\u0142ki<\/strong>0,9\u03a9<\/p>\n<\/li>\n<li data-start=\"657\" data-end=\"746\">\n<p data-start=\"659\" data-end=\"746\"><strong data-start=\"659\" data-end=\"674\">Wy\u015bwietlacz LED<\/strong>: Ekran pokazuj\u0105cy w czasie rzeczywistym poziom baterii i zu\u017cycie e-liquidu dla ka\u017cdego poda<\/p>\n<\/li>\n<li data-start=\"747\" data-end=\"833\">\n<p data-start=\"749\" data-end=\"833\"><strong data-start=\"749\" data-end=\"770\">Moc nikotyny<\/strong>: Dost\u0119pne w opcjach 2% i 5% soli nikotynowej (mo\u017cliwo\u015b\u0107 dostosowania)<\/p>\n<\/li>\n<li data-start=\"834\" data-end=\"865\">\n<p data-start=\"836\" data-end=\"865\"><strong data-start=\"836\" data-end=\"857\">Waga urz\u0105dzenia<\/strong>: 130g\/szt<\/p>\n<\/li>\n<\/ul>\n<h2><strong>Lista smak\u00f3w STAG BAR Triple 60000 Puffs Ultra Vape Device<\/strong><\/h2>\n<p class=\"selectable-text copyable-text x15bjb6t x1n2onr6\" dir=\"ltr\">1. Truskawka Kiwi * L\u00f3d jagodowy * L\u00f3d arbuzowy<br \/>\n2. L\u00f3d z niebieskiej maliny * \u017burawina Winogrono * Truskawka Arbuz<br \/>\n3. Truskawka Winogrono * Malina Arbuz * L\u00f3d jagodowy<br \/>\n4. Potr\u00f3jny melon * Brzoskwinia Mango Ananas * L\u00f3d truskawkowy<br \/>\n5. L\u00f3d jagodowy * L\u00f3d wi\u015bniowy * Cytryna Limonka<br \/>\n6. Malina Arbuz * Truskawka Kiwi * L\u00f3d z niebieskiej maliny<br \/>\n7. L\u00f3d wi\u015bniowy * Truskawka Kiwi * Podw\u00f3jne jab\u0142ko<br \/>\n8. Guma balonowa arbuzowa * L\u00f3d z niebieskiej maliny * Potr\u00f3jny melon<br \/>\n9. L\u00f3d truskawkowy * L\u00f3d arbuzowy * Cytryna Limonka<br \/>\n10. L\u00f3d arbuzowy * Truskawka Winogrono * Brzoskwinia Mango Ananas<\/p>\n<p><span style=\"vertical-align: inherit\">Znajd\u017a wi\u0119cej produkt\u00f3w, kt\u00f3re mog\u0105 Ci si\u0119 spodoba\u0107:<\/span><em><a href=\"https:\/\/wa.me\/8618077105796\"><span style=\"vertical-align: inherit\">\u00a0Kup teraz<\/span><\/a><\/em><\/p>\n<p><span style=\"vertical-align: inherit\">Inne Puffs, kt\u00f3re mog\u0105 Ci si\u0119 spodoba\u0107:<\/span><a href=\"https:\/\/vapebulkp.com\/pl\/product\/vopk-60000-puffs-top-sale-disposable-vape-pen\/\"><span style=\"vertical-align: inherit\">VOPK 60000 Paliw<\/span><\/a><\/p>\n<p><a href=\"https:\/\/vapebulkp.com\/pl\/product\/waspe-crystal-vape-40000-puffs-disposable-e-cigarette-dual-flavors-wholesale-price\/\"><span style=\"vertical-align: inherit\">WASPE Crystal 40000 Zaci\u0105gni\u0119\u0107<\/span><\/a><span style=\"vertical-align: inherit\">\/ <\/span><a href=\"https:\/\/vapebulkp.com\/pl\/product\/vapme-digital-30000-puffs-disposable-vape-with-smart-screen\/\"><span style=\"vertical-align: inherit\">\u00a0Vapme Digital 30000 Zaci\u0105gni\u0119\u0107 <\/span><\/a><span style=\"vertical-align: inherit\">\/<\/span><a href=\"https:\/\/vapebulkp.com\/pl\/product\/bang-kingdoms-rex-nos-50000-puffs-high-capacity-vape-device\/\"><span style=\"vertical-align: inherit\"> Bang Kingdoms rex nos 50000 Zaci\u0105gni\u0119\u0107<\/span><\/a><\/p>\n<h3 class=\"\" data-start=\"2205\" data-end=\"2276\">Dlaczego Vape Pod STAG BAR Triple 60000 Puffs Zyskuje Popularno\u015b\u0107 w Ca\u0142ej Europie:<\/h3>\n<p data-start=\"117\" data-end=\"399\">Jednorazowy vape STAG BAR Triple 60000 Puffs szybko staje si\u0119 najlepszym wyborem w\u015br\u00f3d polskich sprzedawc\u00f3w detalicznych i konsument\u00f3w dzi\u0119ki innowacyjnemu systemowi 3 w 1, oferuj\u0105cemu trzy oddzielne komory smakowe po 18 ml, co daje \u0142\u0105cznie 54 ml p\u0142ynu i do 60000 zaci\u0105gni\u0119\u0107. To zaawansowane urz\u0105dzenie \u0142\u0105czy wygod\u0119 i wydajno\u015b\u0107, wyposa\u017cone w technologi\u0119 mesh coil zapewniaj\u0105c\u0105 g\u0142adsz\u0105 par\u0119, akumulator o pojemno\u015bci 650 mAh, inteligentny wy\u015bwietlacz LED do \u015bledzenia zaci\u0105gni\u0119\u0107 oraz port \u0142adowania Type-C. Zaprojektowany, aby sprosta\u0107 rosn\u0105cemu zapotrzebowaniu na jednorazowe vape o du\u017cej pojemno\u015bci w Polsce, wyr\u00f3\u017cnia si\u0119 d\u0142ugotrwa\u0142ym u\u017cytkowaniem, r\u00f3\u017cnorodno\u015bci\u0105 smak\u00f3w i dost\u0119pno\u015bci\u0105 hurtow\u0105. STAG BAR Triple to idealne rozwi\u0105zanie dla polskich dystrybutor\u00f3w poszukuj\u0105cych niezawodnych produkt\u00f3w vape nowej generacji, kt\u00f3re s\u0105 zgodne z trendami rynkowymi.<\/p>\n<h3>Szczeg\u00f3\u0142y wysy\u0142ki:<\/h3>\n<p><span style=\"color: #ff6600\">Czas produkcji: 5-10 dni roboczych<\/span><br \/>\n<span style=\"color: #ff6600\">Czas wysy\u0142ki: 8-14 dni roboczych<\/span><\/p>\n<p>Wszystkie produkty w naszym sklepie s\u0105 w 100% oryginalne i autentyczne, dlatego polityk\u0105 naszego sklepu jest dziesi\u0119ciokrotne odszkodowanie za podrobione towary. Do dostarczania towar\u00f3w u\u017cywamy kana\u0142\u00f3w logistycznych, takich jak UPS\/DHL\/FEDEX\/DPD.<\/p>\n<p>W przypadku paczek wysy\u0142anych do Polski dostawa trwa zwykle 10 dni roboczych. Wysy\u0142ka do kraj\u00f3w europejskich trwa zwykle od 12 do 15 dni roboczych. B\u0119dziemy aktualizowa\u0107 dla Ciebie informacje logistyczne w czasie rzeczywistym.<\/p>","protected":false},"excerpt":{"rendered":"<p class=\"\" data-start=\"121\" data-end=\"211\">Odkryj e-papierosy STAG BAR Triple 60000 Zaci\u0105gni\u0119\u0107 z potr\u00f3jnymi wk\u0142adami smakowymi, akumulatorem 650 mAh i inteligentnym ekranem. Idealne dla europejskich hurtownik\u00f3w poszukuj\u0105cych urz\u0105dze\u0144 jednorazowego u\u017cytku o du\u017cej liczbie zaci\u0105gni\u0119\u0107.<\/p>\n<p>Skontaktuj si\u0119 z WhatsApp Mandy, aby uzyska\u0107 cen\u0119 ze zni\u017ck\u0105<a href=\"https:\/\/wa.me\/8618077105796\">+8618077105796<\/a><\/p>\n<p><img decoding=\"async\" class=\"alignnone wp-image-2151\" src=\"http:\/\/vapebulkp.com\/wp-content\/uploads\/2024\/04\/Mandy-WhatsApp-Randm.jpg\" alt=\"WhatsApp Mandy Randm\" width=\"297\" height=\"316\" srcset=\"https:\/\/vapebulkp.com\/wp-content\/uploads\/2024\/04\/Mandy-WhatsApp-Randm.jpg 916w, https:\/\/vapebulkp.com\/wp-content\/uploads\/2024\/04\/Mandy-WhatsApp-Randm-282x300.jpg 282w, https:\/\/vapebulkp.com\/wp-content\/uploads\/2024\/04\/Mandy-WhatsApp-Randm-768x817.jpg 768w, https:\/\/vapebulkp.com\/wp-content\/uploads\/2024\/04\/Mandy-WhatsApp-Randm-600x638.jpg 600w\" sizes=\"(max-width: 297px) 100vw, 297px\" \/><\/p>\n<p><span style=\"color: #ff0000\">UWAGA: Ceny na naszej stronie internetowej nie zawieraj\u0105 koszt\u00f3w wysy\u0142ki<\/span><\/p>\n<p>&nbsp;<\/p>","protected":false},"featured_media":3799,"comment_status":"open","ping_status":"closed","template":"","meta":{"_uag_custom_page_level_css":"","_lmt_disableupdate":"no","_lmt_disable":"","site-sidebar-layout":"default","site-content-layout":"content-boxed-container","ast-site-content-layout":"normal-width-container","site-content-style":"boxed","site-sidebar-style":"unboxed","ast-global-header-display":"","ast-banner-title-visibility":"","ast-main-header-display":"","ast-hfb-above-header-display":"","ast-hfb-below-header-display":"","ast-hfb-mobile-header-display":"","site-post-title":"","ast-breadcrumbs-content":"","ast-featured-img":"","footer-sml-layout":"","theme-transparent-header-meta":"default","adv-header-id-meta":"","stick-header-meta":"","header-above-stick-meta":"","header-main-stick-meta":"","header-below-stick-meta":"","astra-migrate-meta-layouts":"set","_joinchat":[]},"product_cat":[234,153,155,33,59,100,87,34,158,157,154,152,359,58,84,156,63,32],"product_tag":[36,37,41,286,251,40],"class_list":["post-3800","product","type-product","status-publish","has-post-thumbnail","hentry","product_cat-60000-puffs-disposable-vape","product_cat-hot-disposable-vapes","product_cat-belgium-hot-disposable-vapes","product_cat-france-vape-hot-sale","product_cat-germany-hot-disposable-vape","product_cat-germany-wholesale-vape-shop","product_cat-minimum-order-quantity-50pcs","product_cat-netherlands-vape-good-sale","product_cat-norway-hot-disposable-vapes","product_cat-poland-hot-disposable-vapes","product_cat-portugal-hot-disposable-vapes","product_cat-spain-hot-disposable-vapes","product_cat-stagbar-vape","product_cat-sweden-hot-disposable-vape","product_cat-sweden-wholesale-vape","product_cat-switzerland-hot-disposable-vapes","product_cat-top-sale-disposable-vape","product_cat-vape-hot-sale-this-week","product_tag-good-vape","product_tag-hot-sale-disposable-vape","product_tag-poland-hot-vape","product_tag-puffs-stock-in-europe","product_tag-stag-bar-star-15000-puffs","product_tag-sweden-hot-vape","pa_brand-stagbar-vape","desktop-align-left","tablet-align-left","mobile-align-left"],"yoast_head":"<!-- This site is optimized with the Yoast SEO plugin v21.1 - https:\/\/yoast.com\/wordpress\/plugins\/seo\/ -->\n<title>STAG BAR Triple 60000 Puffs For Wholesale Distributors - vapebulkp.com<\/title>\n<meta name=\"description\" content=\"Order STAG BAR Triple 60000 Puffs Disposable Vape at Vapebulkp.com \u2013 3-in-1 vape device with 54ml e-liquid, mesh coil, LED display, and Type-C port. Wholesale available across EU countries.\" \/>\n<meta name=\"robots\" content=\"index, follow, max-snippet:-1, max-image-preview:large, max-video-preview:-1\" \/>\n<link rel=\"canonical\" href=\"https:\/\/vapebulkp.com\/pl\/product\/stag-bar-triple-60000-puffs-for-wholesale-distributors\/\" \/>\n<meta property=\"og:locale\" content=\"pl_PL\" \/>\n<meta property=\"og:type\" content=\"article\" \/>\n<meta property=\"og:title\" content=\"STAG BAR Triple 60000 Puffs For Wholesale Distributors - vapebulkp.com\" \/>\n<meta property=\"og:description\" content=\"Order STAG BAR Triple 60000 Puffs Disposable Vape at Vapebulkp.com \u2013 3-in-1 vape device with 54ml e-liquid, mesh coil, LED display, and Type-C port. Wholesale available across EU countries.\" \/>\n<meta property=\"og:url\" content=\"https:\/\/vapebulkp.com\/pl\/product\/stag-bar-triple-60000-puffs-for-wholesale-distributors\/\" \/>\n<meta property=\"og:site_name\" content=\"vapebulkp.com\" \/>\n<meta property=\"article:modified_time\" content=\"2025-09-24T02:58:04+00:00\" \/>\n<meta property=\"og:image\" content=\"http:\/\/vapebulkp.com\/wp-content\/uploads\/2025\/05\/STAG-BAR-60000-Puffs-Disposable-Vape-with-Discount-Price.webp\" \/>\n\t<meta property=\"og:image:width\" content=\"800\" \/>\n\t<meta property=\"og:image:height\" content=\"800\" \/>\n\t<meta property=\"og:image:type\" content=\"image\/webp\" \/>\n<meta name=\"twitter:card\" content=\"summary_large_image\" \/>\n<meta name=\"twitter:label1\" content=\"Szacowany czas czytania\" \/>\n\t<meta name=\"twitter:data1\" content=\"4 minuty\" \/>\n<script type=\"application\/ld+json\" class=\"yoast-schema-graph\">{\"@context\":\"https:\/\/schema.org\",\"@graph\":[{\"@type\":\"WebPage\",\"@id\":\"https:\/\/vapebulkp.com\/product\/stag-bar-triple-60000-puffs-for-wholesale-distributors\/\",\"url\":\"https:\/\/vapebulkp.com\/product\/stag-bar-triple-60000-puffs-for-wholesale-distributors\/\",\"name\":\"STAG BAR Triple 60000 Puffs For Wholesale Distributors - vapebulkp.com\",\"isPartOf\":{\"@id\":\"https:\/\/vapebulkp.com\/#website\"},\"datePublished\":\"2025-05-27T08:26:00+00:00\",\"dateModified\":\"2025-09-24T02:58:04+00:00\",\"description\":\"Order STAG BAR Triple 60000 Puffs Disposable Vape at Vapebulkp.com \u2013 3-in-1 vape device with 54ml e-liquid, mesh coil, LED display, and Type-C port. Wholesale available across EU countries.\",\"breadcrumb\":{\"@id\":\"https:\/\/vapebulkp.com\/product\/stag-bar-triple-60000-puffs-for-wholesale-distributors\/#breadcrumb\"},\"inLanguage\":\"pl-PL\",\"potentialAction\":[{\"@type\":\"ReadAction\",\"target\":[\"https:\/\/vapebulkp.com\/product\/stag-bar-triple-60000-puffs-for-wholesale-distributors\/\"]}]},{\"@type\":\"BreadcrumbList\",\"@id\":\"https:\/\/vapebulkp.com\/product\/stag-bar-triple-60000-puffs-for-wholesale-distributors\/#breadcrumb\",\"itemListElement\":[{\"@type\":\"ListItem\",\"position\":1,\"name\":\"Home\",\"item\":\"https:\/\/vapebulkp.com\/\"},{\"@type\":\"ListItem\",\"position\":2,\"name\":\"Hot Trend Vapes\",\"item\":\"https:\/\/vapebulkp.com\/vape-shop\/\"},{\"@type\":\"ListItem\",\"position\":3,\"name\":\"STAG BAR Triple 60000 Puffs For Wholesale Distributors\"}]},{\"@type\":\"WebSite\",\"@id\":\"https:\/\/vapebulkp.com\/#website\",\"url\":\"https:\/\/vapebulkp.com\/\",\"name\":\"vapebulkp.com\",\"description\":\"Buy Vape In Cheap Bulk Price Near you\",\"publisher\":{\"@id\":\"https:\/\/vapebulkp.com\/#organization\"},\"potentialAction\":[{\"@type\":\"SearchAction\",\"target\":{\"@type\":\"EntryPoint\",\"urlTemplate\":\"https:\/\/vapebulkp.com\/?s={search_term_string}\"},\"query-input\":\"required name=search_term_string\"}],\"inLanguage\":\"pl-PL\"},{\"@type\":\"Organization\",\"@id\":\"https:\/\/vapebulkp.com\/#organization\",\"name\":\"vapebulkp.com\",\"url\":\"https:\/\/vapebulkp.com\/\",\"logo\":{\"@type\":\"ImageObject\",\"inLanguage\":\"pl-PL\",\"@id\":\"https:\/\/vapebulkp.com\/#\/schema\/logo\/image\/\",\"url\":\"https:\/\/vapebulkp.com\/wp-content\/uploads\/2023\/09\/cropped-vapebulkp.png\",\"contentUrl\":\"https:\/\/vapebulkp.com\/wp-content\/uploads\/2023\/09\/cropped-vapebulkp.png\",\"width\":516,\"height\":163,\"caption\":\"vapebulkp.com\"},\"image\":{\"@id\":\"https:\/\/vapebulkp.com\/#\/schema\/logo\/image\/\"}}]}<\/script>\n<!-- \/ Yoast SEO plugin. -->","yoast_head_json":{"title":"STAG BAR Triple 60000 Puffs For Wholesale Distributors - vapebulkp.com","description":"Order STAG BAR Triple 60000 Puffs Disposable Vape at Vapebulkp.com \u2013 3-in-1 vape device with 54ml e-liquid, mesh coil, LED display, and Type-C port. Wholesale available across EU countries.","robots":{"index":"index","follow":"follow","max-snippet":"max-snippet:-1","max-image-preview":"max-image-preview:large","max-video-preview":"max-video-preview:-1"},"canonical":"https:\/\/vapebulkp.com\/pl\/product\/stag-bar-triple-60000-puffs-for-wholesale-distributors\/","og_locale":"pl_PL","og_type":"article","og_title":"STAG BAR Triple 60000 Puffs For Wholesale Distributors - vapebulkp.com","og_description":"Order STAG BAR Triple 60000 Puffs Disposable Vape at Vapebulkp.com \u2013 3-in-1 vape device with 54ml e-liquid, mesh coil, LED display, and Type-C port. Wholesale available across EU countries.","og_url":"https:\/\/vapebulkp.com\/pl\/product\/stag-bar-triple-60000-puffs-for-wholesale-distributors\/","og_site_name":"vapebulkp.com","article_modified_time":"2025-09-24T02:58:04+00:00","og_image":[{"width":800,"height":800,"url":"http:\/\/vapebulkp.com\/wp-content\/uploads\/2025\/05\/STAG-BAR-60000-Puffs-Disposable-Vape-with-Discount-Price.webp","type":"image\/webp"}],"twitter_card":"summary_large_image","twitter_misc":{"Szacowany czas czytania":"4 minuty"},"schema":{"@context":"https:\/\/schema.org","@graph":[{"@type":"WebPage","@id":"https:\/\/vapebulkp.com\/product\/stag-bar-triple-60000-puffs-for-wholesale-distributors\/","url":"https:\/\/vapebulkp.com\/product\/stag-bar-triple-60000-puffs-for-wholesale-distributors\/","name":"STAG BAR Triple 60000 Puffs For Wholesale Distributors - vapebulkp.com","isPartOf":{"@id":"https:\/\/vapebulkp.com\/#website"},"datePublished":"2025-05-27T08:26:00+00:00","dateModified":"2025-09-24T02:58:04+00:00","description":"Order STAG BAR Triple 60000 Puffs Disposable Vape at Vapebulkp.com \u2013 3-in-1 vape device with 54ml e-liquid, mesh coil, LED display, and Type-C port. Wholesale available across EU countries.","breadcrumb":{"@id":"https:\/\/vapebulkp.com\/product\/stag-bar-triple-60000-puffs-for-wholesale-distributors\/#breadcrumb"},"inLanguage":"pl-PL","potentialAction":[{"@type":"ReadAction","target":["https:\/\/vapebulkp.com\/product\/stag-bar-triple-60000-puffs-for-wholesale-distributors\/"]}]},{"@type":"BreadcrumbList","@id":"https:\/\/vapebulkp.com\/product\/stag-bar-triple-60000-puffs-for-wholesale-distributors\/#breadcrumb","itemListElement":[{"@type":"ListItem","position":1,"name":"Home","item":"https:\/\/vapebulkp.com\/"},{"@type":"ListItem","position":2,"name":"Hot Trend Vapes","item":"https:\/\/vapebulkp.com\/vape-shop\/"},{"@type":"ListItem","position":3,"name":"STAG BAR Triple 60000 Puffs For Wholesale Distributors"}]},{"@type":"WebSite","@id":"https:\/\/vapebulkp.com\/#website","url":"https:\/\/vapebulkp.com\/","name":"vapebulkp.com","description":"Buy Vape In Cheap Bulk Price Near you","publisher":{"@id":"https:\/\/vapebulkp.com\/#organization"},"potentialAction":[{"@type":"SearchAction","target":{"@type":"EntryPoint","urlTemplate":"https:\/\/vapebulkp.com\/?s={search_term_string}"},"query-input":"required name=search_term_string"}],"inLanguage":"pl-PL"},{"@type":"Organization","@id":"https:\/\/vapebulkp.com\/#organization","name":"vapebulkp.com","url":"https:\/\/vapebulkp.com\/","logo":{"@type":"ImageObject","inLanguage":"pl-PL","@id":"https:\/\/vapebulkp.com\/#\/schema\/logo\/image\/","url":"https:\/\/vapebulkp.com\/wp-content\/uploads\/2023\/09\/cropped-vapebulkp.png","contentUrl":"https:\/\/vapebulkp.com\/wp-content\/uploads\/2023\/09\/cropped-vapebulkp.png","width":516,"height":163,"caption":"vapebulkp.com"},"image":{"@id":"https:\/\/vapebulkp.com\/#\/schema\/logo\/image\/"}}]}},"uagb_featured_image_src":{"full":["https:\/\/vapebulkp.com\/wp-content\/uploads\/2025\/05\/STAG-BAR-60000-Puffs-Disposable-Vape-with-Discount-Price.webp",800,800,false],"thumbnail":["https:\/\/vapebulkp.com\/wp-content\/uploads\/2025\/05\/STAG-BAR-60000-Puffs-Disposable-Vape-with-Discount-Price-150x150.webp",150,150,true],"medium":["https:\/\/vapebulkp.com\/wp-content\/uploads\/2025\/05\/STAG-BAR-60000-Puffs-Disposable-Vape-with-Discount-Price-300x300.webp",300,300,true],"medium_large":["https:\/\/vapebulkp.com\/wp-content\/uploads\/2025\/05\/STAG-BAR-60000-Puffs-Disposable-Vape-with-Discount-Price-768x768.webp",768,768,true],"large":["https:\/\/vapebulkp.com\/wp-content\/uploads\/2025\/05\/STAG-BAR-60000-Puffs-Disposable-Vape-with-Discount-Price.webp",800,800,false],"1536x1536":["https:\/\/vapebulkp.com\/wp-content\/uploads\/2025\/05\/STAG-BAR-60000-Puffs-Disposable-Vape-with-Discount-Price.webp",800,800,false],"2048x2048":["https:\/\/vapebulkp.com\/wp-content\/uploads\/2025\/05\/STAG-BAR-60000-Puffs-Disposable-Vape-with-Discount-Price.webp",800,800,false],"trp-custom-language-flag":["https:\/\/vapebulkp.com\/wp-content\/uploads\/2025\/05\/STAG-BAR-60000-Puffs-Disposable-Vape-with-Discount-Price.webp",12,12,false],"woocommerce_thumbnail":["https:\/\/vapebulkp.com\/wp-content\/uploads\/2025\/05\/STAG-BAR-60000-Puffs-Disposable-Vape-with-Discount-Price-300x300.webp",300,300,true],"woocommerce_single":["https:\/\/vapebulkp.com\/wp-content\/uploads\/2025\/05\/STAG-BAR-60000-Puffs-Disposable-Vape-with-Discount-Price-600x600.webp",600,600,true],"woocommerce_gallery_thumbnail":["https:\/\/vapebulkp.com\/wp-content\/uploads\/2025\/05\/STAG-BAR-60000-Puffs-Disposable-Vape-with-Discount-Price-100x100.webp",100,100,true],"wcpr-photo-reviews":["https:\/\/vapebulkp.com\/wp-content\/uploads\/2025\/05\/STAG-BAR-60000-Puffs-Disposable-Vape-with-Discount-Price.webp",500,500,false]},"uagb_author_info":{"display_name":"Mandy vape bulk price","author_link":"https:\/\/vapebulkp.com\/pl\/author\/"},"uagb_comment_info":0,"uagb_excerpt":"Explore STAG BAR Triple 60000 Puffs Vape with triple flavor pods, 650mAh rechargeable battery, and smart screen. Perfect for European vape wholesalers seeking high puff disposable devices. Pls Contact Mandy's WhatsApp For Discount Price+8618077105796 NOTE: Prices on our website does not include shipping costs &nbsp;","_links":{"self":[{"href":"https:\/\/vapebulkp.com\/pl\/wp-json\/wp\/v2\/product\/3800","targetHints":{"allow":["GET"]}}],"collection":[{"href":"https:\/\/vapebulkp.com\/pl\/wp-json\/wp\/v2\/product"}],"about":[{"href":"https:\/\/vapebulkp.com\/pl\/wp-json\/wp\/v2\/types\/product"}],"replies":[{"embeddable":true,"href":"https:\/\/vapebulkp.com\/pl\/wp-json\/wp\/v2\/comments?post=3800"}],"wp:featuredmedia":[{"embeddable":true,"href":"https:\/\/vapebulkp.com\/pl\/wp-json\/wp\/v2\/media\/3799"}],"wp:attachment":[{"href":"https:\/\/vapebulkp.com\/pl\/wp-json\/wp\/v2\/media?parent=3800"}],"wp:term":[{"taxonomy":"product_cat","embeddable":true,"href":"https:\/\/vapebulkp.com\/pl\/wp-json\/wp\/v2\/product_cat?post=3800"},{"taxonomy":"product_tag","embeddable":true,"href":"https:\/\/vapebulkp.com\/pl\/wp-json\/wp\/v2\/product_tag?post=3800"}],"curies":[{"name":"wp","href":"https:\/\/api.w.org\/{rel}","templated":true}]}}