{"id":3910,"date":"2025-07-03T10:52:49","date_gmt":"2025-07-03T08:52:49","guid":{"rendered":"https:\/\/vapebulkp.com\/?post_type=product&#038;p=3910"},"modified":"2025-09-24T05:01:15","modified_gmt":"2025-09-24T03:01:15","slug":"bood-lumo-60000-puffs-best-price-disposable-vape-2-5-nicotine","status":"publish","type":"product","link":"https:\/\/vapebulkp.com\/pl\/product\/bood-lumo-60000-puffs-best-price-disposable-vape-2-5-nicotine\/","title":{"rendered":"BOOD LUMO 60000 zaci\u0105gni\u0119\u0107 Najlepsza cena Jednorazowy waporyzator 2% 5% Nikotyna"},"content":{"rendered":"<h2>BOOD LUMO 60000 zaci\u0105gni\u0119\u0107 Najlepsza cena Jednorazowy waporyzator 2% 5% Nikotyna<\/h2>\n<p>To <b>BOOD LUMO <a href=\"https:\/\/vapebulkp.com\/pl\/product-category\/60000-puffs-disposable-vape\/\">Jednorazowy vape 60000 zaci\u0105gni\u0119\u0107<\/a><\/b> na nowo definiuje wydajno\u015b\u0107 i warto\u015b\u0107. Zaprojektowany specjalnie na wymagaj\u0105cy rynek europejski, ten <b>jednorazowy e-papieros o du\u017cej pojemno\u015bci<\/b> zapewnia niezr\u00f3wnany <b>60 000 zaci\u0105gni\u0119\u0107<\/b> w jednym urz\u0105dzeniu. Jest to ostateczny wyb\u00f3r zar\u00f3wno do u\u017cytku osobistego, jak i dla sprzedawc\u00f3w detalicznych poszukuj\u0105cych niezawodnego, <b>d\u0142ugie sesje wapowania<\/b> kt\u00f3ry wyr\u00f3\u017cnia si\u0119 na tle konkurencji.<\/p>\n<p>Urz\u0105dzenie jest zasilane przez zaawansowan\u0105 technologi\u0119 <b>e-papierosa z podw\u00f3jn\u0105 siatkow\u0105 grza\u0142k\u0105<\/b> skrupulatnie opracowan\u0105, aby wytwarza\u0107 g\u0119st\u0105 par\u0119 i bogaty, sp\u00f3jny smak od pierwszego do ostatniego zaci\u0105gni\u0119cia. Du\u017cy, wst\u0119pnie nape\u0142niony 18 ml zbiornik jest wype\u0142niony e-liquidem premium, a jego wszechstronno\u015b\u0107 jest niezr\u00f3wnana dzi\u0119ki <b>soli nikotynowej 2% i 5%<\/b> opcjom, dostosowanym do szerokiego zakresu preferencji u\u017cytkownik\u00f3w.<\/p>\n<p>To urz\u0105dzenie oferuje pe\u0142n\u0105 kontrol\u0119, dzi\u0119ki zintegrowanemu, regulowanemu systemowi przep\u0142ywu powietrza, kt\u00f3ry pozwala u\u017cytkownikom dostosowa\u0107 zaci\u0105gni\u0119cie, aby uzyska\u0107 idealne wra\u017cenia z wapowania MTL lub DTL. Inteligentny wy\u015bwietlacz LED dostarcza bie\u017c\u0105cych informacji o stanie baterii i e-liquidu, a dyskretny w\u0142\u0105cznik\/wy\u0142\u0105cznik dodaje dodatkowej warstwy bezpiecze\u0144stwa i wygody, co czyni go idealnym <b>waporyzatorem podr\u00f3\u017cnym<\/b>.<\/p>\n<p>Dla <b>hurtowych nabywc\u00f3w waporyzator\u00f3w w Polsce<\/b> BOOD LUMO jest strategicznym dodatkiem do Twojej linii produkt\u00f3w. Jako niezawodny <b>dostawca waporyzator\u00f3w<\/b>zapewniamy, \u017ce to urz\u0105dzenie premium sprosta wysokiemu zapotrzebowaniu Twoich klient\u00f3w.<\/p>\n<h6><span style=\"color: #ff0000\">Skontaktuj si\u0119 z WhatsApp Mandy, aby uzyska\u0107 cen\u0119 ze zni\u017ck\u0105<a style=\"color: #ff0000\" href=\"https:\/\/wa.me\/8618077105796\">+8618077105796<\/a><\/span><\/h6>\n<p><img decoding=\"async\" class=\"alignnone wp-image-2151\" src=\"http:\/\/vapebulkp.com\/wp-content\/uploads\/2024\/04\/Mandy-WhatsApp-Randm.jpg\" alt=\"WhatsApp Mandy Randm\" width=\"271\" height=\"289\" srcset=\"https:\/\/vapebulkp.com\/wp-content\/uploads\/2024\/04\/Mandy-WhatsApp-Randm.jpg 916w, https:\/\/vapebulkp.com\/wp-content\/uploads\/2024\/04\/Mandy-WhatsApp-Randm-282x300.jpg 282w, https:\/\/vapebulkp.com\/wp-content\/uploads\/2024\/04\/Mandy-WhatsApp-Randm-768x817.jpg 768w, https:\/\/vapebulkp.com\/wp-content\/uploads\/2024\/04\/Mandy-WhatsApp-Randm-600x638.jpg 600w\" sizes=\"(max-width: 271px) 100vw, 271px\" \/><\/p>\n<h2><strong>Dlaczego warto kupi\u0107 jednorazowy waporyzator BOOD LUMO 60000 zaci\u0105gni\u0119\u0107 w Polsce? <a href=\"https:\/\/vapebulkp.com\/pl\/\">Vapebulkp.com<\/a>?<\/strong><\/h2>\n<p data-start=\"64\" data-end=\"398\">Szukasz <strong data-start=\"122\" data-end=\"177\">najlepszej ceny na jednorazowy waporyzator BOOD LUMO 60000 zaci\u0105gni\u0119\u0107<\/strong>? Vapebulkp.com oferuje <strong data-start=\"200\" data-end=\"236\">100% autentyczne urz\u0105dzenia BOOD LUMO<\/strong> z szybk\u0105 wysy\u0142k\u0105, cenami hurtowymi i profesjonaln\u0105 obs\u0142ug\u0105 klienta. Ka\u017cde urz\u0105dzenie jest wyposa\u017cone w do <strong data-start=\"333\" data-end=\"349\">60 000 zaci\u0105gni\u0119\u0107<\/strong>, <strong data-start=\"351\" data-end=\"380\">technologi\u0105 podw\u00f3jnej siatki grzewczej<\/strong>, oraz <strong data-start=\"385\" data-end=\"418\">18ml wst\u0119pnie nape\u0142nionego zbiornika e-liquidu<\/strong>, i a <strong data-start=\"426\" data-end=\"447\">inteligentny wy\u015bwietlacz LED<\/strong> do poziomu baterii i p\u0142ynu. Posiadamy zar\u00f3wno opcje nikotynowe <strong data-start=\"493\" data-end=\"523\">2% i 5%<\/strong>, wyra\u017anie oznakowane i gotowe do wysy\u0142ki. Jako zaufany dostawca produkt\u00f3w do vapingu, Vapebulkp.com zapewnia bezpieczne zakupy, zweryfikowan\u0105 jako\u015b\u0107 produkt\u00f3w i niezawodn\u0105 dostaw\u0119. Niezale\u017cnie od tego, czy jeste\u015b sprzedawc\u0105 detalicznym, dystrybutorem, czy u\u017cytkownikiem prywatnym, nasze <strong data-start=\"743\" data-end=\"773\">jednorazowe vape'y BOOD LUMO<\/strong> oferuj\u0105 najwy\u017csz\u0105 wydajno\u015b\u0107 i d\u0142ugotrwa\u0142\u0105 warto\u015b\u0107. Kup teraz i podnie\u015b sw\u00f3j poziom vapingu z Vapebulkp.com.<\/p>\n<div class=\"faqs-answer\">\n<h2 data-start=\"55\" data-end=\"63\">Cz\u0119sto zadawane pytania<\/h2>\n<p data-start=\"65\" data-end=\"223\"><strong data-start=\"65\" data-end=\"97\">Czy wysy\u0142acie mi\u0119dzynarodowo?<\/strong><br data-start=\"97\" data-end=\"100\" \/>Tak, Vapebulkp.com wysy\u0142a do wi\u0119kszo\u015bci kraj\u00f3w na ca\u0142ym \u015bwiecie i zajmuje si\u0119 odpraw\u0105 celn\u0105, aby zapewni\u0107 p\u0142ynny proces dostawy.<\/p>\n<p data-start=\"389\" data-end=\"542\"><strong data-start=\"389\" data-end=\"418\">Jak mog\u0119 \u015bledzi\u0107 moje zam\u00f3wienie?<\/strong><br data-start=\"418\" data-end=\"421\" \/>Gdy Twoje zam\u00f3wienie zostanie wys\u0142ane, otrzymasz numer \u015bledzenia drog\u0105 mailow\u0105, dzi\u0119ki czemu mo\u017cesz z \u0142atwo\u015bci\u0105 monitorowa\u0107 status swojej paczki.<\/p>\n<p data-start=\"544\" data-end=\"699\"><strong data-start=\"544\" data-end=\"574\">Czy mog\u0119 otrzyma\u0107 szybsz\u0105 wysy\u0142k\u0119?<\/strong><br data-start=\"574\" data-end=\"577\" \/>W celu przyspieszenia dostawy zalecamy zamawianie z naszego europejskiego magazynu, kt\u00f3ry oferuje kr\u00f3tszy czas realizacji i wysy\u0142ki.<\/p>\n<p data-start=\"888\" data-end=\"1079\"><strong data-start=\"888\" data-end=\"950\">Co mam zrobi\u0107, je\u015bli otrzymam uszkodzony lub wadliwy produkt?<\/strong><br data-start=\"950\" data-end=\"953\" \/>Je\u015bli otrzymasz uszkodzony lub wadliwy produkt, skontaktuj si\u0119 niezw\u0142ocznie z naszym zespo\u0142em obs\u0142ugi klienta w celu wymiany lub rozwi\u0105zania problemu.<\/p>\n<p data-start=\"1081\" data-end=\"1235\"><strong data-start=\"1081\" data-end=\"1125\">Jak mog\u0119 skontaktowa\u0107 si\u0119 z obs\u0142ug\u0105 klienta?<\/strong><br data-start=\"1125\" data-end=\"1128\" \/>Mo\u017cesz skontaktowa\u0107 si\u0119 z nami za po\u015brednictwem poczty elektronicznej, WhatsApp lub czatu na \u017cywo na naszej stronie internetowej, aby uzyska\u0107 szybk\u0105 pomoc.<\/p>\n<\/div>\n<h4><\/h4>\n<h2><span style=\"vertical-align: inherit\"><strong>BOOD LUMO 60000 Puffs Mesh coil urz\u0105dzenie do vapingu S<\/strong>pecyfikacja:<\/span><\/h2>\n<p>&nbsp;<\/p>\n<ul>\n<li data-start=\"1795\" data-end=\"1838\">\n<p data-start=\"1797\" data-end=\"1838\">BOOD LUMO 60K \/ BOOD LUMO 60000 Wdech\u00f3w<\/p>\n<\/li>\n<li data-start=\"1839\" data-end=\"1880\">\n<p data-start=\"1841\" data-end=\"1880\">Jednorazowy Vape \/ Akumulatorowy Vape<\/p>\n<\/li>\n<li data-start=\"1881\" data-end=\"1942\">\n<p data-start=\"1883\" data-end=\"1942\">Podw\u00f3jna Grza\u0142ka Siatkowa \/ Regulowany Przep\u0142yw Powietrza \/ Inteligentny Wy\u015bwietlacz LED<\/p>\n<\/li>\n<li data-start=\"1943\" data-end=\"1974\">\n<p data-start=\"1945\" data-end=\"1974\">2% Nikotyna \/ 5% Nikotyna<\/p>\n<\/li>\n<li data-start=\"1975\" data-end=\"2033\">\n<p data-start=\"1977\" data-end=\"2033\">D\u0142ugotrwa\u0142y Vape \/ Najlepsza Cena Vape \/ Vape z Du\u017c\u0105 Ilo\u015bci\u0105 Chmury<\/p>\n<\/li>\n<li data-start=\"2034\" data-end=\"2074\">\n<p data-start=\"2036\" data-end=\"2074\">18ml E-liquid \/ S\u00f3l Nikotynowa<\/p>\n<\/li>\n<li data-start=\"2075\" data-end=\"2138\">\n<p data-start=\"2077\" data-end=\"2138\">MTL<\/p>\n<\/li>\n<\/ul>\n<h2>Najlepsze Smaki BOOD LUMO 60000 Puffs z Nikotyn\u0105:<\/h2>\n<p class=\"selectable-text copyable-text x15bjb6t x1n2onr6\" dir=\"ltr\">1. arbuz z lodem<br \/>\n2.Truskawka Arbuz L\u00f3d<br \/>\n3. niebieska malina l\u00f3d<br \/>\n4.Winogronowy l\u00f3d<br \/>\n5.Cytrynowa limonka<br \/>\n6.Potr\u00f3jny melon<br \/>\n7.Jagoda malina<br \/>\n8.Kiwi marakuja guawa<br \/>\n9. Truskawka l\u00f3d<br \/>\n10.Brzoskwiniowa jagoda<\/p>\n<p><span style=\"vertical-align: inherit\">Znajd\u017a wi\u0119cej produkt\u00f3w, kt\u00f3re mog\u0105 Ci si\u0119 spodoba\u0107:<\/span><em><a href=\"https:\/\/wa.me\/8618077105796\"><span style=\"vertical-align: inherit\">\u00a0Kup teraz<\/span><\/a><\/em><\/p>\n<p><span style=\"vertical-align: inherit\">Inne Puffs, kt\u00f3re mog\u0105 Ci si\u0119 spodoba\u0107:<\/span><a href=\"https:\/\/vapebulkp.com\/pl\/product\/aivono-fat-bear-80000-puffs-3-flavors-modes-disposable-vape-bulk-wholesale\/\"><span style=\"vertical-align: inherit\">Aivono Fat Bear 80000 Buchni\u0119\u0107<\/span><\/a><span style=\"vertical-align: inherit\">\u3001<\/span><a href=\"https:\/\/vapebulkp.com\/pl\/product\/vozol-rave-40000-puffs-hot-sale-nicotine-salt-disposable-vaporizer\/\"><span style=\"vertical-align: inherit\">Vozol Rave 40000 zaci\u0105gni\u0119\u0107<\/span><\/a><\/p>\n<p><a href=\"https:\/\/vapebulkp.com\/pl\/product\/wholesale-vape-okso-60000-puffs-dual-flavor-disposable-device\/\"><span style=\"vertical-align: inherit\">OKSO 60000 zaci\u0105gni\u0119\u0107 <\/span><\/a><span style=\"vertical-align: inherit\">\/ <\/span><a href=\"https:\/\/vapebulkp.com\/pl\/product\/okso-crystal-800-puffs-wholesale-price-vape-bar\/\"><span style=\"vertical-align: inherit\">OKSO Kryszta\u0142 800 zaci\u0105gni\u0119\u0107<\/span><\/a><span style=\"vertical-align: inherit\">\/<\/span><a href=\"https:\/\/vapebulkp.com\/pl\/product\/bang-king-85000-puffs-hot-sale-3-in-1-flavors-disposable-vape\/\"><span style=\"vertical-align: inherit\">Bang King 85000 zaci\u0105gni\u0119\u0107<\/span><\/a><\/p>\n<p>&nbsp;<\/p>\n<h2 data-start=\"55\" data-end=\"75\">Metody Wysy\u0142ki<\/h2>\n<p data-start=\"77\" data-end=\"345\">W Vapebulkp.com wsp\u00f3\u0142pracujemy z wiod\u0105cymi firmami kurierskimi, takimi jak UPS, DHL, FedEx i DPD, aby zapewni\u0107 szybk\u0105 i niezawodn\u0105 wysy\u0142k\u0119. W zale\u017cno\u015bci od kraju docelowego wybieramy najbardziej odpowiedni\u0105 metod\u0119 wysy\u0142ki, aby Twoje zam\u00f3wienie dotar\u0142o jak najszybciej i najbezpieczniej.<\/p>\n<ul data-start=\"347\" data-end=\"509\">\n<li data-start=\"347\" data-end=\"429\">\n<p data-start=\"349\" data-end=\"429\"><strong data-start=\"349\" data-end=\"383\">Wysy\u0142ka do Polski:<\/strong> Zazwyczaj trwa oko\u0142o 10 dni.<\/p>\n<\/li>\n<li data-start=\"430\" data-end=\"506\">\n<p data-start=\"432\" data-end=\"506\"><strong data-start=\"432\" data-end=\"467\">Wysy\u0142ka do kraj\u00f3w europejskich:<\/strong> Zazwyczaj trwa od 12 do 15 dni.<\/p>\n<\/li>\n<\/ul>\n<p data-start=\"510\" data-end=\"603\">Zapewniamy aktualizacje \u015bledzenia w czasie rzeczywistym, dzi\u0119ki czemu mo\u017cesz monitorowa\u0107 swoj\u0105 przesy\u0142k\u0119 na ka\u017cdym etapie.<\/p>\n<p data-start=\"605\" data-end=\"856\">Aby zapewni\u0107 Ci bezproblemowe zakupy, zajmujemy si\u0119 wszelkimi procedurami celnymi w Twoim imieniu. Nie musisz martwi\u0107 si\u0119 o dodatkowe podatki ani op\u0142aty, a my gwarantujemy, \u017ce 100% naszych przesy\u0142ek pomy\u015blnie przechodzi przez odpraw\u0119 celn\u0105 bez \u017cadnych problem\u00f3w.<\/p>\n<p data-start=\"858\" data-end=\"956\">Kupuj \u015bmia\u0142o w Vapebulkp.com, wiedz\u0105c, \u017ce Twoje zam\u00f3wienie jest w dobrych r\u0119kach od momentu z\u0142o\u017cenia zam\u00f3wienia do dostawy.<\/p>","protected":false},"excerpt":{"rendered":"<p data-start=\"138\" data-end=\"318\">Kup autentyczny jednorazowy waporyzator BOOD LUMO 60000 zaci\u0105gni\u0119\u0107 z podw\u00f3jnymi siatkowymi grza\u0142kami, 18 ml e-liquidu i regulowanym przep\u0142ywem powietrza. Dost\u0119pny w 2%<\/p>\n<p>Skontaktuj si\u0119 z WhatsApp Mandy, aby uzyska\u0107 cen\u0119 ze zni\u017ck\u0105<a href=\"https:\/\/wa.me\/8618077105796\">+8618077105796<\/a><\/p>\n<p><img decoding=\"async\" class=\"alignnone wp-image-2151\" src=\"http:\/\/vapebulkp.com\/wp-content\/uploads\/2024\/04\/Mandy-WhatsApp-Randm.jpg\" alt=\"WhatsApp Mandy Randm\" width=\"297\" height=\"316\" srcset=\"https:\/\/vapebulkp.com\/wp-content\/uploads\/2024\/04\/Mandy-WhatsApp-Randm.jpg 916w, https:\/\/vapebulkp.com\/wp-content\/uploads\/2024\/04\/Mandy-WhatsApp-Randm-282x300.jpg 282w, https:\/\/vapebulkp.com\/wp-content\/uploads\/2024\/04\/Mandy-WhatsApp-Randm-768x817.jpg 768w, https:\/\/vapebulkp.com\/wp-content\/uploads\/2024\/04\/Mandy-WhatsApp-Randm-600x638.jpg 600w\" sizes=\"(max-width: 297px) 100vw, 297px\" \/><\/p>\n<p><span style=\"color: #ff0000\">UWAGA: Ceny na naszej stronie internetowej nie zawieraj\u0105 koszt\u00f3w wysy\u0142ki<\/span><\/p>\n<p>G\u0142\u00f3wny pow\u00f3d zakupu<br \/>\n1. Doskona\u0142a jako\u015b\u0107 i niezr\u00f3wnana wydajno\u015b\u0107.<\/p>\n<p>2. Konkurencyjna cena i szybko\u015b\u0107.<\/p>\n<p>3. Wiele opcji i terminowa dostawa.<\/p>\n<p>4. Satysfakcjonuj\u0105ce do\u015bwiadczenie zakupowe<\/p>","protected":false},"featured_media":3902,"comment_status":"open","ping_status":"closed","template":"","meta":{"_uag_custom_page_level_css":"","_lmt_disableupdate":"no","_lmt_disable":"","site-sidebar-layout":"default","site-content-layout":"content-boxed-container","ast-site-content-layout":"normal-width-container","site-content-style":"boxed","site-sidebar-style":"unboxed","ast-global-header-display":"","ast-banner-title-visibility":"","ast-main-header-display":"","ast-hfb-above-header-display":"","ast-hfb-below-header-display":"","ast-hfb-mobile-header-display":"","site-post-title":"","ast-breadcrumbs-content":"","ast-featured-img":"","footer-sml-layout":"","theme-transparent-header-meta":"default","adv-header-id-meta":"","stick-header-meta":"","header-above-stick-meta":"","header-main-stick-meta":"","header-below-stick-meta":"","astra-migrate-meta-layouts":"set","_joinchat":[]},"product_cat":[234,153,155,346,33,59,100,87,34,158,157,154,152,58,84,156,63,32],"product_tag":[265,36,37,41,40],"class_list":["post-3910","product","type-product","status-publish","has-post-thumbnail","hentry","product_cat-60000-puffs-disposable-vape","product_cat-hot-disposable-vapes","product_cat-belgium-hot-disposable-vapes","product_cat-bood-vapes","product_cat-france-vape-hot-sale","product_cat-germany-hot-disposable-vape","product_cat-germany-wholesale-vape-shop","product_cat-minimum-order-quantity-50pcs","product_cat-netherlands-vape-good-sale","product_cat-norway-hot-disposable-vapes","product_cat-poland-hot-disposable-vapes","product_cat-portugal-hot-disposable-vapes","product_cat-spain-hot-disposable-vapes","product_cat-sweden-hot-disposable-vape","product_cat-sweden-wholesale-vape","product_cat-switzerland-hot-disposable-vapes","product_cat-top-sale-disposable-vape","product_cat-vape-hot-sale-this-week","product_tag-bood-lumo-60000-puffs","product_tag-good-vape","product_tag-hot-sale-disposable-vape","product_tag-poland-hot-vape","product_tag-sweden-hot-vape","pa_brand-bood-vape","desktop-align-left","tablet-align-left","mobile-align-left"],"yoast_head":"<!-- This site is optimized with the Yoast SEO plugin v21.1 - https:\/\/yoast.com\/wordpress\/plugins\/seo\/ -->\n<title>BOOD LUMO 60000 Puffs Best Price Disposable Vape 2% 5% Nicotine - vapebulkp.com<\/title>\n<meta name=\"description\" content=\"Get the best price on BOOD LUMO 60K Puff Disposable Vape. Fast shipping, 100% genuine, with smart LED display and long-lasting battery. Shop now at Vapebulkp.com!\" \/>\n<meta name=\"robots\" content=\"index, follow, max-snippet:-1, max-image-preview:large, max-video-preview:-1\" \/>\n<link rel=\"canonical\" href=\"https:\/\/vapebulkp.com\/pl\/product\/bood-lumo-60000-puffs-best-price-disposable-vape-2-5-nicotine\/\" \/>\n<meta property=\"og:locale\" content=\"pl_PL\" \/>\n<meta property=\"og:type\" content=\"article\" \/>\n<meta property=\"og:title\" content=\"BOOD LUMO 60000 Puffs Best Price Disposable Vape 2% 5% Nicotine - vapebulkp.com\" \/>\n<meta property=\"og:description\" content=\"Get the best price on BOOD LUMO 60K Puff Disposable Vape. Fast shipping, 100% genuine, with smart LED display and long-lasting battery. Shop now at Vapebulkp.com!\" \/>\n<meta property=\"og:url\" content=\"https:\/\/vapebulkp.com\/pl\/product\/bood-lumo-60000-puffs-best-price-disposable-vape-2-5-nicotine\/\" \/>\n<meta property=\"og:site_name\" content=\"vapebulkp.com\" \/>\n<meta property=\"article:modified_time\" content=\"2025-09-24T03:01:15+00:00\" \/>\n<meta property=\"og:image\" content=\"http:\/\/vapebulkp.com\/wp-content\/uploads\/2025\/07\/BOOD-LUMO-60K-PUFF-Rechargeable-Vape-Device.webp\" \/>\n\t<meta property=\"og:image:width\" content=\"800\" \/>\n\t<meta property=\"og:image:height\" content=\"800\" \/>\n\t<meta property=\"og:image:type\" content=\"image\/webp\" \/>\n<meta name=\"twitter:card\" content=\"summary_large_image\" \/>\n<meta name=\"twitter:label1\" content=\"Szacowany czas czytania\" \/>\n\t<meta name=\"twitter:data1\" content=\"4 minuty\" \/>\n<script type=\"application\/ld+json\" class=\"yoast-schema-graph\">{\"@context\":\"https:\/\/schema.org\",\"@graph\":[{\"@type\":\"WebPage\",\"@id\":\"https:\/\/vapebulkp.com\/product\/bood-lumo-60000-puffs-best-price-disposable-vape-2-5-nicotine\/\",\"url\":\"https:\/\/vapebulkp.com\/product\/bood-lumo-60000-puffs-best-price-disposable-vape-2-5-nicotine\/\",\"name\":\"BOOD LUMO 60000 Puffs Best Price Disposable Vape 2% 5% Nicotine - vapebulkp.com\",\"isPartOf\":{\"@id\":\"https:\/\/vapebulkp.com\/#website\"},\"datePublished\":\"2025-07-03T08:52:49+00:00\",\"dateModified\":\"2025-09-24T03:01:15+00:00\",\"description\":\"Get the best price on BOOD LUMO 60K Puff Disposable Vape. Fast shipping, 100% genuine, with smart LED display and long-lasting battery. Shop now at Vapebulkp.com!\",\"breadcrumb\":{\"@id\":\"https:\/\/vapebulkp.com\/product\/bood-lumo-60000-puffs-best-price-disposable-vape-2-5-nicotine\/#breadcrumb\"},\"inLanguage\":\"pl-PL\",\"potentialAction\":[{\"@type\":\"ReadAction\",\"target\":[\"https:\/\/vapebulkp.com\/product\/bood-lumo-60000-puffs-best-price-disposable-vape-2-5-nicotine\/\"]}]},{\"@type\":\"BreadcrumbList\",\"@id\":\"https:\/\/vapebulkp.com\/product\/bood-lumo-60000-puffs-best-price-disposable-vape-2-5-nicotine\/#breadcrumb\",\"itemListElement\":[{\"@type\":\"ListItem\",\"position\":1,\"name\":\"Home\",\"item\":\"https:\/\/vapebulkp.com\/\"},{\"@type\":\"ListItem\",\"position\":2,\"name\":\"Hot Trend Vapes\",\"item\":\"https:\/\/vapebulkp.com\/vape-shop\/\"},{\"@type\":\"ListItem\",\"position\":3,\"name\":\"BOOD LUMO 60000 Puffs Best Price Disposable Vape 2% 5% Nicotine\"}]},{\"@type\":\"WebSite\",\"@id\":\"https:\/\/vapebulkp.com\/#website\",\"url\":\"https:\/\/vapebulkp.com\/\",\"name\":\"vapebulkp.com\",\"description\":\"Buy Vape In Cheap Bulk Price Near you\",\"publisher\":{\"@id\":\"https:\/\/vapebulkp.com\/#organization\"},\"potentialAction\":[{\"@type\":\"SearchAction\",\"target\":{\"@type\":\"EntryPoint\",\"urlTemplate\":\"https:\/\/vapebulkp.com\/?s={search_term_string}\"},\"query-input\":\"required name=search_term_string\"}],\"inLanguage\":\"pl-PL\"},{\"@type\":\"Organization\",\"@id\":\"https:\/\/vapebulkp.com\/#organization\",\"name\":\"vapebulkp.com\",\"url\":\"https:\/\/vapebulkp.com\/\",\"logo\":{\"@type\":\"ImageObject\",\"inLanguage\":\"pl-PL\",\"@id\":\"https:\/\/vapebulkp.com\/#\/schema\/logo\/image\/\",\"url\":\"https:\/\/vapebulkp.com\/wp-content\/uploads\/2023\/09\/cropped-vapebulkp.png\",\"contentUrl\":\"https:\/\/vapebulkp.com\/wp-content\/uploads\/2023\/09\/cropped-vapebulkp.png\",\"width\":516,\"height\":163,\"caption\":\"vapebulkp.com\"},\"image\":{\"@id\":\"https:\/\/vapebulkp.com\/#\/schema\/logo\/image\/\"}}]}<\/script>\n<!-- \/ Yoast SEO plugin. -->","yoast_head_json":{"title":"BOOD LUMO 60000 Puffs Best Price Disposable Vape 2% 5% Nicotine - vapebulkp.com","description":"Get the best price on BOOD LUMO 60K Puff Disposable Vape. Fast shipping, 100% genuine, with smart LED display and long-lasting battery. Shop now at Vapebulkp.com!","robots":{"index":"index","follow":"follow","max-snippet":"max-snippet:-1","max-image-preview":"max-image-preview:large","max-video-preview":"max-video-preview:-1"},"canonical":"https:\/\/vapebulkp.com\/pl\/product\/bood-lumo-60000-puffs-best-price-disposable-vape-2-5-nicotine\/","og_locale":"pl_PL","og_type":"article","og_title":"BOOD LUMO 60000 Puffs Best Price Disposable Vape 2% 5% Nicotine - vapebulkp.com","og_description":"Get the best price on BOOD LUMO 60K Puff Disposable Vape. Fast shipping, 100% genuine, with smart LED display and long-lasting battery. Shop now at Vapebulkp.com!","og_url":"https:\/\/vapebulkp.com\/pl\/product\/bood-lumo-60000-puffs-best-price-disposable-vape-2-5-nicotine\/","og_site_name":"vapebulkp.com","article_modified_time":"2025-09-24T03:01:15+00:00","og_image":[{"width":800,"height":800,"url":"http:\/\/vapebulkp.com\/wp-content\/uploads\/2025\/07\/BOOD-LUMO-60K-PUFF-Rechargeable-Vape-Device.webp","type":"image\/webp"}],"twitter_card":"summary_large_image","twitter_misc":{"Szacowany czas czytania":"4 minuty"},"schema":{"@context":"https:\/\/schema.org","@graph":[{"@type":"WebPage","@id":"https:\/\/vapebulkp.com\/product\/bood-lumo-60000-puffs-best-price-disposable-vape-2-5-nicotine\/","url":"https:\/\/vapebulkp.com\/product\/bood-lumo-60000-puffs-best-price-disposable-vape-2-5-nicotine\/","name":"BOOD LUMO 60000 Puffs Best Price Disposable Vape 2% 5% Nicotine - vapebulkp.com","isPartOf":{"@id":"https:\/\/vapebulkp.com\/#website"},"datePublished":"2025-07-03T08:52:49+00:00","dateModified":"2025-09-24T03:01:15+00:00","description":"Get the best price on BOOD LUMO 60K Puff Disposable Vape. Fast shipping, 100% genuine, with smart LED display and long-lasting battery. Shop now at Vapebulkp.com!","breadcrumb":{"@id":"https:\/\/vapebulkp.com\/product\/bood-lumo-60000-puffs-best-price-disposable-vape-2-5-nicotine\/#breadcrumb"},"inLanguage":"pl-PL","potentialAction":[{"@type":"ReadAction","target":["https:\/\/vapebulkp.com\/product\/bood-lumo-60000-puffs-best-price-disposable-vape-2-5-nicotine\/"]}]},{"@type":"BreadcrumbList","@id":"https:\/\/vapebulkp.com\/product\/bood-lumo-60000-puffs-best-price-disposable-vape-2-5-nicotine\/#breadcrumb","itemListElement":[{"@type":"ListItem","position":1,"name":"Home","item":"https:\/\/vapebulkp.com\/"},{"@type":"ListItem","position":2,"name":"Hot Trend Vapes","item":"https:\/\/vapebulkp.com\/vape-shop\/"},{"@type":"ListItem","position":3,"name":"BOOD LUMO 60000 Puffs Best Price Disposable Vape 2% 5% Nicotine"}]},{"@type":"WebSite","@id":"https:\/\/vapebulkp.com\/#website","url":"https:\/\/vapebulkp.com\/","name":"vapebulkp.com","description":"Buy Vape In Cheap Bulk Price Near you","publisher":{"@id":"https:\/\/vapebulkp.com\/#organization"},"potentialAction":[{"@type":"SearchAction","target":{"@type":"EntryPoint","urlTemplate":"https:\/\/vapebulkp.com\/?s={search_term_string}"},"query-input":"required name=search_term_string"}],"inLanguage":"pl-PL"},{"@type":"Organization","@id":"https:\/\/vapebulkp.com\/#organization","name":"vapebulkp.com","url":"https:\/\/vapebulkp.com\/","logo":{"@type":"ImageObject","inLanguage":"pl-PL","@id":"https:\/\/vapebulkp.com\/#\/schema\/logo\/image\/","url":"https:\/\/vapebulkp.com\/wp-content\/uploads\/2023\/09\/cropped-vapebulkp.png","contentUrl":"https:\/\/vapebulkp.com\/wp-content\/uploads\/2023\/09\/cropped-vapebulkp.png","width":516,"height":163,"caption":"vapebulkp.com"},"image":{"@id":"https:\/\/vapebulkp.com\/#\/schema\/logo\/image\/"}}]}},"uagb_featured_image_src":{"full":["https:\/\/vapebulkp.com\/wp-content\/uploads\/2025\/07\/BOOD-LUMO-60K-PUFF-Rechargeable-Vape-Device.webp",800,800,false],"thumbnail":["https:\/\/vapebulkp.com\/wp-content\/uploads\/2025\/07\/BOOD-LUMO-60K-PUFF-Rechargeable-Vape-Device-150x150.webp",150,150,true],"medium":["https:\/\/vapebulkp.com\/wp-content\/uploads\/2025\/07\/BOOD-LUMO-60K-PUFF-Rechargeable-Vape-Device-300x300.webp",300,300,true],"medium_large":["https:\/\/vapebulkp.com\/wp-content\/uploads\/2025\/07\/BOOD-LUMO-60K-PUFF-Rechargeable-Vape-Device-768x768.webp",768,768,true],"large":["https:\/\/vapebulkp.com\/wp-content\/uploads\/2025\/07\/BOOD-LUMO-60K-PUFF-Rechargeable-Vape-Device.webp",800,800,false],"1536x1536":["https:\/\/vapebulkp.com\/wp-content\/uploads\/2025\/07\/BOOD-LUMO-60K-PUFF-Rechargeable-Vape-Device.webp",800,800,false],"2048x2048":["https:\/\/vapebulkp.com\/wp-content\/uploads\/2025\/07\/BOOD-LUMO-60K-PUFF-Rechargeable-Vape-Device.webp",800,800,false],"trp-custom-language-flag":["https:\/\/vapebulkp.com\/wp-content\/uploads\/2025\/07\/BOOD-LUMO-60K-PUFF-Rechargeable-Vape-Device.webp",12,12,false],"woocommerce_thumbnail":["https:\/\/vapebulkp.com\/wp-content\/uploads\/2025\/07\/BOOD-LUMO-60K-PUFF-Rechargeable-Vape-Device-300x300.webp",300,300,true],"woocommerce_single":["https:\/\/vapebulkp.com\/wp-content\/uploads\/2025\/07\/BOOD-LUMO-60K-PUFF-Rechargeable-Vape-Device-600x600.webp",600,600,true],"woocommerce_gallery_thumbnail":["https:\/\/vapebulkp.com\/wp-content\/uploads\/2025\/07\/BOOD-LUMO-60K-PUFF-Rechargeable-Vape-Device-100x100.webp",100,100,true],"wcpr-photo-reviews":["https:\/\/vapebulkp.com\/wp-content\/uploads\/2025\/07\/BOOD-LUMO-60K-PUFF-Rechargeable-Vape-Device.webp",500,500,false]},"uagb_author_info":{"display_name":"Mandy vape bulk price","author_link":"https:\/\/vapebulkp.com\/pl\/author\/"},"uagb_comment_info":0,"uagb_excerpt":"Buy authentic BOOD LUMO 60000 Puffs Disposable Vape with dual mesh coils, 18ml e-liquid, and adjustable airflow. Available in 2% &amp; 5% nicotine at Vapebulkp.com. Pls Contact Mandy's WhatsApp For Discount Price+8618077105796 NOTE: Prices on our website does not include shipping costs Main reason for purchase 1. Excellent quality and unparalleled performance. 2. Competitive price&hellip;","_links":{"self":[{"href":"https:\/\/vapebulkp.com\/pl\/wp-json\/wp\/v2\/product\/3910","targetHints":{"allow":["GET"]}}],"collection":[{"href":"https:\/\/vapebulkp.com\/pl\/wp-json\/wp\/v2\/product"}],"about":[{"href":"https:\/\/vapebulkp.com\/pl\/wp-json\/wp\/v2\/types\/product"}],"replies":[{"embeddable":true,"href":"https:\/\/vapebulkp.com\/pl\/wp-json\/wp\/v2\/comments?post=3910"}],"wp:featuredmedia":[{"embeddable":true,"href":"https:\/\/vapebulkp.com\/pl\/wp-json\/wp\/v2\/media\/3902"}],"wp:attachment":[{"href":"https:\/\/vapebulkp.com\/pl\/wp-json\/wp\/v2\/media?parent=3910"}],"wp:term":[{"taxonomy":"product_cat","embeddable":true,"href":"https:\/\/vapebulkp.com\/pl\/wp-json\/wp\/v2\/product_cat?post=3910"},{"taxonomy":"product_tag","embeddable":true,"href":"https:\/\/vapebulkp.com\/pl\/wp-json\/wp\/v2\/product_tag?post=3910"}],"curies":[{"name":"wp","href":"https:\/\/api.w.org\/{rel}","templated":true}]}}