{"id":1481,"date":"2023-09-19T09:44:38","date_gmt":"2023-09-19T07:44:38","guid":{"rendered":"https:\/\/vapebulkp.com\/?page_id=1481"},"modified":"2023-09-19T09:46:06","modified_gmt":"2023-09-19T07:46:06","slug":"faq-about-vape-bulk-order","status":"publish","type":"page","link":"https:\/\/vapebulkp.com\/pt\/faq-about-vape-bulk-order\/","title":{"rendered":"FAQ Sobre Encomendas de Vape a Granel"},"content":{"rendered":"<p><strong>Q1: Como fazer uma encomenda?<\/strong><br><strong>R1:<\/strong> Fazer uma encomenda connosco \u00e9 um processo simples. Siga estes passos:<\/p>\n\n\n\n<p><strong>Digitalize o c\u00f3digo QR do whatsapp para conversar<\/strong><\/p>\n\n\n\n<figure class=\"wp-block-image size-large\"><img decoding=\"async\" width=\"1024\" height=\"951\" src=\"http:\/\/vapebulkp.com\/wp-content\/uploads\/2021\/08\/WhatsApp-1024x951.jpg\" alt=\"\" class=\"wp-image-1455\" srcset=\"https:\/\/vapebulkp.com\/wp-content\/uploads\/2021\/08\/WhatsApp-1024x951.jpg 1024w, https:\/\/vapebulkp.com\/wp-content\/uploads\/2021\/08\/WhatsApp-300x279.jpg 300w, https:\/\/vapebulkp.com\/wp-content\/uploads\/2021\/08\/WhatsApp-768x713.jpg 768w, https:\/\/vapebulkp.com\/wp-content\/uploads\/2021\/08\/WhatsApp-600x557.jpg 600w, https:\/\/vapebulkp.com\/wp-content\/uploads\/2021\/08\/WhatsApp.jpg 1080w\" sizes=\"(max-width: 1024px) 100vw, 1024px\" \/><\/figure>\n\n\n\n<p><strong>Contacte-nos para saber o pre\u00e7o atual:<\/strong> Entre em contacto connosco para saber os pre\u00e7os mais recentes dos produtos em que est\u00e1 interessado.<\/p>\n\n\n\n<p><strong>Selecione o seu estilo e sabor:<\/strong> Escolha o seu estilo e sabor preferidos da nossa vasta gama de op\u00e7\u00f5es.<\/p>\n\n\n\n<p><strong>Fa\u00e7a o pagamento e aguarde a entrega:<\/strong> Conclua o seu pagamento e aguarde pacientemente que a sua encomenda chegue.<\/p>\n\n\n\n<p><strong>Receba e confirme a sua encomenda:<\/strong> Quando a sua encomenda chegar, confirme a entrega assinando-a.<\/p>\n\n\n\n<p><strong>Q2: Posso modificar a minha encomenda de vape depois de a fazer?<\/strong><br><strong>R2:<\/strong> Sim, pode fazer altera\u00e7\u00f5es \u00e0 sua encomenda de vape at\u00e9 \u00e0s 23:00 (hora de Portugal) do mesmo dia em que foi feita. Contacte-nos atrav\u00e9s do <a href=\"mailto:support@vapebulkp.com\">support@vapebulkp.com<\/a> para solicitar quaisquer modifica\u00e7\u00f5es.<\/p>\n\n\n\n<p><strong>Q3: Como iniciar uma devolu\u00e7\u00e3o de um produto vape?<\/strong><br><strong>R3:<\/strong> Para iniciar uma devolu\u00e7\u00e3o do seu produto vape, siga estes passos:<\/p>\n\n\n\n<ol class=\"wp-block-list\">\n<li>Certifique-se de que o seu artigo vape est\u00e1 na sua embalagem original, sem uso, sem desgaste e com todas as etiquetas intactas.<\/li>\n\n\n\n<li>Entre em contacto connosco atrav\u00e9s do <a href=\"mailto:support@vapebulkp.com\">support@vapebulkp.com<\/a> para iniciar a devolu\u00e7\u00e3o.<\/li>\n\n\n\n<li>Ap\u00f3s a aprova\u00e7\u00e3o, forneceremos uma etiqueta de envio de devolu\u00e7\u00e3o e instru\u00e7\u00f5es detalhadas.<\/li>\n\n\n\n<li>Siga as instru\u00e7\u00f5es fornecidas para o envio. Por favor, note que devolu\u00e7\u00f5es n\u00e3o solicitadas sem aprova\u00e7\u00e3o pr\u00e9via n\u00e3o ser\u00e3o aceites.<\/li>\n<\/ol>\n\n\n\n<p><strong>Q4: Quando a Minha Encomenda de Vape Ser\u00e1 Enviada?<\/strong><br><strong>R4:<\/strong> Espere um tempo de processamento e produ\u00e7\u00e3o de 1 a 5 dias \u00fateis antes da sua encomenda de vape ser enviada. Receber\u00e1 um n\u00famero de rastreamento por email.<\/p>\n\n\n\n<p><strong>Q5: Como Posso Rastrear a Minha Encomenda de Vape?<\/strong><br><strong>R5:<\/strong> Encontre o n\u00famero de rastreamento no seu email de Confirma\u00e7\u00e3o de Envio. Visite a sec\u00e7\u00e3o \u201crastrear encomenda\u201d no nosso site e use o n\u00famero fornecido para rastrear o estado da sua encomenda de vape.<\/p>\n\n\n\n<p><strong>Q6: Qual \u00e9 a Pol\u00edtica de Envio de Vape?<\/strong><br><strong>R6:<\/strong> Para pa\u00edses espec\u00edficos, oferecemos envio DDP (Delivery Duty Paid), que simplifica o processo de envio ao eliminar a necessidade de desalfandegamento e taxas alfandeg\u00e1rias da sua parte. Isto garante uma experi\u00eancia mais tranquila para a sua conveni\u00eancia.<\/p>\n\n\n\n<p>Se tiver mais perguntas sobre o processo de encomenda, devolu\u00e7\u00f5es ou envio, por favor, n\u00e3o hesite em contactar-nos em <a href=\"mailto:support@vapebulkp.com\">support@vapebulkp.com<\/a>. A sua satisfa\u00e7\u00e3o continua a ser a nossa principal prioridade!<\/p>","protected":false},"excerpt":{"rendered":"<p>Q1: How to Place an Order?A1: Placing an order with us is a straightforward process. Follow these steps: Scan the whatsapp QRcode to chat Contact Us for Current Pricing: Reach out to us to inquire about the latest prices for the products you&#8217;re interested in. Select Your Style and Flavor: Choose your preferred style and &hellip;<\/p>\n<p class=\"read-more\"> <a class=\"\" href=\"https:\/\/vapebulkp.com\/pt\/faq-about-vape-bulk-order\/\"> <span class=\"screen-reader-text\">FAQ Sobre Encomendas de Vape a Granel<\/span> Leia Mais \u00bb<\/a><\/p>","protected":false},"author":1,"featured_media":0,"parent":0,"menu_order":0,"comment_status":"closed","ping_status":"closed","template":"","meta":{"_uag_custom_page_level_css":"","_lmt_disableupdate":"","_lmt_disable":"","site-sidebar-layout":"default","site-content-layout":"","ast-site-content-layout":"default","site-content-style":"default","site-sidebar-style":"default","ast-global-header-display":"","ast-banner-title-visibility":"","ast-main-header-display":"","ast-hfb-above-header-display":"","ast-hfb-below-header-display":"","ast-hfb-mobile-header-display":"","site-post-title":"","ast-breadcrumbs-content":"","ast-featured-img":"","footer-sml-layout":"","theme-transparent-header-meta":"","adv-header-id-meta":"","stick-header-meta":"","header-above-stick-meta":"","header-main-stick-meta":"","header-below-stick-meta":"","astra-migrate-meta-layouts":"set","_joinchat":[],"footnotes":""},"class_list":["post-1481","page","type-page","status-publish","hentry"],"yoast_head":"<!-- This site is optimized with the Yoast SEO plugin v21.1 - https:\/\/yoast.com\/wordpress\/plugins\/seo\/ -->\n<title>FAQ About Vape Bulk Order - vapebulkp.com<\/title>\n<meta name=\"description\" content=\"vapebulkp.com specializes in disposable vape pens, dedicated to catering to a worldwide audience seeking a wholesaler that prioritizes a healthier lifestyle and an enhanced vaping journey.\" \/>\n<meta name=\"robots\" content=\"index, follow, max-snippet:-1, max-image-preview:large, max-video-preview:-1\" \/>\n<link rel=\"canonical\" href=\"https:\/\/vapebulkp.com\/pt\/faq-about-vape-bulk-order\/\" \/>\n<meta property=\"og:locale\" content=\"pt_PT\" \/>\n<meta property=\"og:type\" content=\"article\" \/>\n<meta property=\"og:title\" content=\"FAQ About Vape Bulk Order - vapebulkp.com\" \/>\n<meta property=\"og:description\" content=\"vapebulkp.com specializes in disposable vape pens, dedicated to catering to a worldwide audience seeking a wholesaler that prioritizes a healthier lifestyle and an enhanced vaping journey.\" \/>\n<meta property=\"og:url\" content=\"https:\/\/vapebulkp.com\/pt\/faq-about-vape-bulk-order\/\" \/>\n<meta property=\"og:site_name\" content=\"vapebulkp.com\" \/>\n<meta property=\"article:modified_time\" content=\"2023-09-19T07:46:06+00:00\" \/>\n<meta property=\"og:image\" content=\"http:\/\/vapebulkp.com\/wp-content\/uploads\/2021\/08\/WhatsApp-1024x951.jpg\" \/>\n<meta name=\"twitter:card\" content=\"summary_large_image\" \/>\n<meta name=\"twitter:label1\" content=\"Tempo estimado de leitura\" \/>\n\t<meta name=\"twitter:data1\" content=\"2 minutos\" \/>\n<script type=\"application\/ld+json\" class=\"yoast-schema-graph\">{\"@context\":\"https:\/\/schema.org\",\"@graph\":[{\"@type\":\"WebPage\",\"@id\":\"https:\/\/vapebulkp.com\/faq-about-vape-bulk-order\/\",\"url\":\"https:\/\/vapebulkp.com\/faq-about-vape-bulk-order\/\",\"name\":\"FAQ About Vape Bulk Order - vapebulkp.com\",\"isPartOf\":{\"@id\":\"https:\/\/vapebulkp.com\/#website\"},\"datePublished\":\"2023-09-19T07:44:38+00:00\",\"dateModified\":\"2023-09-19T07:46:06+00:00\",\"description\":\"vapebulkp.com specializes in disposable vape pens, dedicated to catering to a worldwide audience seeking a wholesaler that prioritizes a healthier lifestyle and an enhanced vaping journey.\",\"breadcrumb\":{\"@id\":\"https:\/\/vapebulkp.com\/faq-about-vape-bulk-order\/#breadcrumb\"},\"inLanguage\":\"pt-PT\",\"potentialAction\":[{\"@type\":\"ReadAction\",\"target\":[\"https:\/\/vapebulkp.com\/faq-about-vape-bulk-order\/\"]}]},{\"@type\":\"BreadcrumbList\",\"@id\":\"https:\/\/vapebulkp.com\/faq-about-vape-bulk-order\/#breadcrumb\",\"itemListElement\":[{\"@type\":\"ListItem\",\"position\":1,\"name\":\"Home\",\"item\":\"https:\/\/vapebulkp.com\/\"},{\"@type\":\"ListItem\",\"position\":2,\"name\":\"FAQ About Vape Bulk Order\"}]},{\"@type\":\"WebSite\",\"@id\":\"https:\/\/vapebulkp.com\/#website\",\"url\":\"https:\/\/vapebulkp.com\/\",\"name\":\"vapebulkp.com\",\"description\":\"Buy Vape In Cheap Bulk Price Near you\",\"publisher\":{\"@id\":\"https:\/\/vapebulkp.com\/#organization\"},\"potentialAction\":[{\"@type\":\"SearchAction\",\"target\":{\"@type\":\"EntryPoint\",\"urlTemplate\":\"https:\/\/vapebulkp.com\/?s={search_term_string}\"},\"query-input\":\"required name=search_term_string\"}],\"inLanguage\":\"pt-PT\"},{\"@type\":\"Organization\",\"@id\":\"https:\/\/vapebulkp.com\/#organization\",\"name\":\"vapebulkp.com\",\"url\":\"https:\/\/vapebulkp.com\/\",\"logo\":{\"@type\":\"ImageObject\",\"inLanguage\":\"pt-PT\",\"@id\":\"https:\/\/vapebulkp.com\/#\/schema\/logo\/image\/\",\"url\":\"https:\/\/vapebulkp.com\/wp-content\/uploads\/2023\/09\/cropped-vapebulkp.png\",\"contentUrl\":\"https:\/\/vapebulkp.com\/wp-content\/uploads\/2023\/09\/cropped-vapebulkp.png\",\"width\":516,\"height\":163,\"caption\":\"vapebulkp.com\"},\"image\":{\"@id\":\"https:\/\/vapebulkp.com\/#\/schema\/logo\/image\/\"}}]}<\/script>\n<!-- \/ Yoast SEO plugin. -->","yoast_head_json":{"title":"FAQ Sobre Encomendas de Vape em Lote - vapebulkp.com","description":"vapebulkp.com \u00e9 especializado em canetas de vapor descart\u00e1veis, dedicado a atender a um p\u00fablico global que procura um grossista que priorize um estilo de vida mais saud\u00e1vel e uma jornada de vaporiza\u00e7\u00e3o aprimorada.","robots":{"index":"index","follow":"follow","max-snippet":"max-snippet:-1","max-image-preview":"max-image-preview:large","max-video-preview":"max-video-preview:-1"},"canonical":"https:\/\/vapebulkp.com\/pt\/faq-about-vape-bulk-order\/","og_locale":"pt_PT","og_type":"article","og_title":"FAQ About Vape Bulk Order - vapebulkp.com","og_description":"vapebulkp.com specializes in disposable vape pens, dedicated to catering to a worldwide audience seeking a wholesaler that prioritizes a healthier lifestyle and an enhanced vaping journey.","og_url":"https:\/\/vapebulkp.com\/pt\/faq-about-vape-bulk-order\/","og_site_name":"vapebulkp.com","article_modified_time":"2023-09-19T07:46:06+00:00","og_image":[{"url":"http:\/\/vapebulkp.com\/wp-content\/uploads\/2021\/08\/WhatsApp-1024x951.jpg"}],"twitter_card":"summary_large_image","twitter_misc":{"Tempo estimado de leitura":"2 minutos"},"schema":{"@context":"https:\/\/schema.org","@graph":[{"@type":"WebPage","@id":"https:\/\/vapebulkp.com\/faq-about-vape-bulk-order\/","url":"https:\/\/vapebulkp.com\/faq-about-vape-bulk-order\/","name":"FAQ Sobre Encomendas de Vape em Lote - vapebulkp.com","isPartOf":{"@id":"https:\/\/vapebulkp.com\/#website"},"datePublished":"2023-09-19T07:44:38+00:00","dateModified":"2023-09-19T07:46:06+00:00","description":"vapebulkp.com \u00e9 especializado em canetas de vapor descart\u00e1veis, dedicado a atender a um p\u00fablico global que procura um grossista que priorize um estilo de vida mais saud\u00e1vel e uma jornada de vaporiza\u00e7\u00e3o aprimorada.","breadcrumb":{"@id":"https:\/\/vapebulkp.com\/faq-about-vape-bulk-order\/#breadcrumb"},"inLanguage":"pt-PT","potentialAction":[{"@type":"ReadAction","target":["https:\/\/vapebulkp.com\/faq-about-vape-bulk-order\/"]}]},{"@type":"BreadcrumbList","@id":"https:\/\/vapebulkp.com\/faq-about-vape-bulk-order\/#breadcrumb","itemListElement":[{"@type":"ListItem","position":1,"name":"Home","item":"https:\/\/vapebulkp.com\/"},{"@type":"ListItem","position":2,"name":"FAQ About Vape Bulk Order"}]},{"@type":"WebSite","@id":"https:\/\/vapebulkp.com\/#website","url":"https:\/\/vapebulkp.com\/","name":"vapebulkp.com","description":"Comprar Vapes a Granel a Pre\u00e7os Baixos Perto de Si","publisher":{"@id":"https:\/\/vapebulkp.com\/#organization"},"potentialAction":[{"@type":"SearchAction","target":{"@type":"EntryPoint","urlTemplate":"https:\/\/vapebulkp.com\/?s={search_term_string}"},"query-input":"required name=search_term_string"}],"inLanguage":"pt-PT"},{"@type":"Organization","@id":"https:\/\/vapebulkp.com\/#organization","name":"vapebulkp.com","url":"https:\/\/vapebulkp.com\/","logo":{"@type":"ImageObject","inLanguage":"pt-PT","@id":"https:\/\/vapebulkp.com\/#\/schema\/logo\/image\/","url":"https:\/\/vapebulkp.com\/wp-content\/uploads\/2023\/09\/cropped-vapebulkp.png","contentUrl":"https:\/\/vapebulkp.com\/wp-content\/uploads\/2023\/09\/cropped-vapebulkp.png","width":516,"height":163,"caption":"vapebulkp.com"},"image":{"@id":"https:\/\/vapebulkp.com\/#\/schema\/logo\/image\/"}}]}},"uagb_featured_image_src":{"full":false,"thumbnail":false,"medium":false,"medium_large":false,"large":false,"1536x1536":false,"2048x2048":false,"trp-custom-language-flag":false,"woocommerce_thumbnail":false,"woocommerce_single":false,"woocommerce_gallery_thumbnail":false,"wcpr-photo-reviews":false},"uagb_author_info":{"display_name":"vapebulkp.com","author_link":"https:\/\/vapebulkp.com\/pt\/author\/vapebulkp-com\/"},"uagb_comment_info":0,"uagb_excerpt":"Q1: How to Place an Order?A1: Placing an order with us is a straightforward process. Follow these steps: Scan the whatsapp QRcode to chat Contact Us for Current Pricing: Reach out to us to inquire about the latest prices for the products you&#8217;re interested in. Select Your Style and Flavor: Choose your preferred style and&hellip;","_links":{"self":[{"href":"https:\/\/vapebulkp.com\/pt\/wp-json\/wp\/v2\/pages\/1481","targetHints":{"allow":["GET"]}}],"collection":[{"href":"https:\/\/vapebulkp.com\/pt\/wp-json\/wp\/v2\/pages"}],"about":[{"href":"https:\/\/vapebulkp.com\/pt\/wp-json\/wp\/v2\/types\/page"}],"author":[{"embeddable":true,"href":"https:\/\/vapebulkp.com\/pt\/wp-json\/wp\/v2\/users\/1"}],"replies":[{"embeddable":true,"href":"https:\/\/vapebulkp.com\/pt\/wp-json\/wp\/v2\/comments?post=1481"}],"version-history":[{"count":1,"href":"https:\/\/vapebulkp.com\/pt\/wp-json\/wp\/v2\/pages\/1481\/revisions"}],"predecessor-version":[{"id":1482,"href":"https:\/\/vapebulkp.com\/pt\/wp-json\/wp\/v2\/pages\/1481\/revisions\/1482"}],"wp:attachment":[{"href":"https:\/\/vapebulkp.com\/pt\/wp-json\/wp\/v2\/media?parent=1481"}],"curies":[{"name":"wp","href":"https:\/\/api.w.org\/{rel}","templated":true}]}}