{"id":1503,"date":"2023-09-20T03:56:27","date_gmt":"2023-09-20T01:56:27","guid":{"rendered":"https:\/\/vapebulkp.com\/?post_type=product&#038;p=1503"},"modified":"2025-09-08T04:52:42","modified_gmt":"2025-09-08T02:52:42","slug":"popular-kulx-10000puffs-disposable-vape-good-price","status":"publish","type":"product","link":"https:\/\/vapebulkp.com\/pt\/product\/popular-kulx-10000puffs-disposable-vape-good-price\/","title":{"rendered":"Popular Kulx 10000Puffs Vape Descart\u00e1vel Bom Pre\u00e7o"},"content":{"rendered":"<h2>Popular Kulx 10000Puffs Vape Descart\u00e1vel Bom Pre\u00e7o<\/h2>\n<p>O Vaporizador de Atacado Kulx <a href=\"https:\/\/vapebulkp.com\/pt\/product-category\/10000-puffs-disposable-vape\/\">Vaporizador Descart\u00e1vel 10000 Puffs<\/a> foi concebido para vapers que procuram pot\u00eancia, estilo e fiabilidade num \u00fanico dispositivo. Com uma capacidade de 10.000 inala\u00e7\u00f5es, \u00e9 um vaporizador descart\u00e1vel verdadeiramente duradouro, perfeito para uso di\u00e1rio e ocasi\u00f5es sociais.<\/p>\n<p>Cada dispositivo cont\u00e9m 20ml de e-l\u00edquido premium, misturado com ingredientes de alta qualidade para proporcionar vapor suave e sabor rico. Utilizando a tecnologia de vaporiza\u00e7\u00e3o de sal de nicotina, proporciona um impacto na garganta mais forte e uma satisfa\u00e7\u00e3o mais r\u00e1pida, dispon\u00edvel em concentra\u00e7\u00f5es de nicotina de 2% e 5% para se adequar a diferentes prefer\u00eancias.<\/p>\n<p>Constru\u00eddo com uma bateria de 850mAh, o Vaporizador Descart\u00e1vel Kulx 10000 Puffs \u00e9 um vaporizador descart\u00e1vel recarreg\u00e1vel com carregamento Tipo-C, garantindo conveni\u00eancia e pot\u00eancia consistente ao longo do dia. O seu design moderno e port\u00e1til facilita o transporte, mantendo a durabilidade e o desempenho.<\/p>\n<p>Ideal para o mercado atacadista de vaporizadores de alta capacidade na UE, o Kulx 10000 combina design inovador, bateria fi\u00e1vel e entrega de sabor premium. Uma escolha lucrativa para retalhistas e uma op\u00e7\u00e3o fi\u00e1vel para clientes europeus que procuram um vaporizador descart\u00e1vel de alto desempenho.<\/p>\n<h6 style=\"text-align: left\">\u00a0\u00a0\u00a0\u00a0<img decoding=\"async\" class=\"alignnone size-full wp-image-1661\" src=\"http:\/\/vapebulkp.com\/wp-content\/uploads\/2023\/09\/KULX-10000-puff-VAPE-POD-Wholesale-price-1.jpg\" alt=\"Pre\u00e7o de atacado do KULX 10000 puff VAPE POD\" width=\"1024\" height=\"512\" srcset=\"https:\/\/vapebulkp.com\/wp-content\/uploads\/2023\/09\/KULX-10000-puff-VAPE-POD-Wholesale-price-1.jpg 1024w, https:\/\/vapebulkp.com\/wp-content\/uploads\/2023\/09\/KULX-10000-puff-VAPE-POD-Wholesale-price-1-300x150.jpg 300w, https:\/\/vapebulkp.com\/wp-content\/uploads\/2023\/09\/KULX-10000-puff-VAPE-POD-Wholesale-price-1-768x384.jpg 768w, https:\/\/vapebulkp.com\/wp-content\/uploads\/2023\/09\/KULX-10000-puff-VAPE-POD-Wholesale-price-1-600x300.jpg 600w\" sizes=\"(max-width: 1024px) 100vw, 1024px\" \/><\/h6>\n<h6>Por favor, contacte o WhatsApp da Mandy para um pre\u00e7o com desconto<a href=\"https:\/\/wa.me\/8618077105796\">+8618077105796<\/a><\/h6>\n<p><img decoding=\"async\" class=\"alignnone wp-image-2151\" src=\"http:\/\/vapebulkp.com\/wp-content\/uploads\/2024\/04\/Mandy-WhatsApp-Randm.jpg\" alt=\"Mandy WhatsApp Randm\" width=\"241\" height=\"256\" srcset=\"https:\/\/vapebulkp.com\/wp-content\/uploads\/2024\/04\/Mandy-WhatsApp-Randm.jpg 916w, https:\/\/vapebulkp.com\/wp-content\/uploads\/2024\/04\/Mandy-WhatsApp-Randm-282x300.jpg 282w, https:\/\/vapebulkp.com\/wp-content\/uploads\/2024\/04\/Mandy-WhatsApp-Randm-768x817.jpg 768w, https:\/\/vapebulkp.com\/wp-content\/uploads\/2024\/04\/Mandy-WhatsApp-Randm-600x638.jpg 600w\" sizes=\"(max-width: 241px) 100vw, 241px\" \/><\/p>\n<h3><\/h3>\n<h6 class=\"style-scope ytd-watch-metadata\">1.Como usar a Caneta Vaporizadora Kulx 10000 Puffs?<\/h6>\n<p>&nbsp;<\/p>\n<p>Passo 1. Antes de usar o 10k puffs, desligar o tubo de pl\u00e1stico.<\/p>\n<p>Passo 2. Espere cerca de 3 minutos para que o l\u00edquido entre na bobina interna.<\/p>\n<p>Passo 3. Desfrute<\/p>\n<h6>2.COMO CARREGAR O DISPOSITIVO DE VAPORIZADOR DESCART\u00c1VEL KULX 10000 PUFFS?<\/h6>\n<p>N\u00e3o \u00e9 poss\u00edvel usar carregadores de carregamento r\u00e1pido. A pot\u00eancia de seguran\u00e7a padr\u00e3o para cigarros eletr\u00f3nicos descart\u00e1veis \u00e9 de 5V 1A. Cada tempo de carregamento n\u00e3o pode exceder 1 hora e o tempo de carregamento seguro \u00e9 de meia hora.<\/p>\n<p><span style=\"color: #ff6600\">Aviso: n\u00e3o recarregue durante toda a noite!<\/span><\/p>\n<h4><strong><span style=\"vertical-align: inherit\">Especifica\u00e7\u00e3o <\/span><\/strong>Para O Kulx 10000 Puffs:<\/h4>\n<h4><\/h4>\n<ul>\n<li>Bateria: 650mAh (Tipo C)<br \/>\nCapacidade: 18ml<br \/>\nBobina: malha de 0,8 ohm<br \/>\nVolume aproximado de suc\u00e7\u00e3o: 10000 baforadas<br \/>\nConcentra\u00e7\u00e3o de nicotina plus: 0%, 2%, 3%, 5%<br \/>\nQuantidade M\u00ednima de Encomenda: 100 unidades<\/li>\n<\/ul>\n<h5><strong>Quais s\u00e3o os Melhores Sabores do Vaporizador Kulx 10000 Puffs?<\/strong><\/h5>\n<p><strong>1.Mirtilo Framboesa Gelo<\/strong><\/p>\n<p><strong>2.Lim\u00e3o Menta<\/strong><\/p>\n<p><strong>3.Ma\u00e7\u00e3 Dupla<\/strong><\/p>\n<p><strong>4.Melancia Gelo<\/strong><\/p>\n<p><strong>5.Frutos Silvestres<\/strong><\/p>\n<p><strong>6.Anan\u00e1s Manga Gelo<\/strong><\/p>\n<p><strong>7.Morango Kiwi<\/strong><\/p>\n<p><strong>8.Algod\u00e3o Doce<\/strong><\/p>\n<p><strong>9.Morango Melancia<\/strong><\/p>\n<p><strong>10.Alo\u00e9 Uva<\/strong><\/p>\n<p><a href=\"https:\/\/vapebulkp.com\/pt\/product\/popular-randm-tornado-7000puffs-disposable-vape-best-price\/\"><span style=\"vertical-align: inherit\">RandM Tornado 7000 Baforadas <\/span><\/a><\/p>\n<p><span style=\"vertical-align: inherit\">Encontre mais produtos que possa gostar:<\/span><em><a href=\"https:\/\/wa.me\/8618077105796\"><span style=\"vertical-align: inherit\">\u00a0Compre agora<\/span><\/a><\/em><\/p>\n<p><span style=\"vertical-align: inherit\">Outros Puffs Que Poder\u00e1 Gostar:<\/span><a href=\"https:\/\/vapebulkp.com\/pt\/product\/bulk-buy-kulx-8800-puffs-disposable-vape-wholesale-germany\/\"><span style=\"vertical-align: inherit\">Kulx 8800 Baforadas<\/span><\/a><span style=\"vertical-align: inherit\">\u3001<\/span><a href=\"https:\/\/vapebulkp.com\/pt\/product\/good-sale-randm-tornado-10000-puffs-plus\/\"><span style=\"vertical-align: inherit\">Tornado 10000 Baforadas<\/span><\/a><span style=\"vertical-align: inherit\">\/ <\/span><a href=\"https:\/\/vapebulkp.com\/pt\/product\/wholesale-randm-tornado-9000-puffs-germany\/\"><span style=\"vertical-align: inherit\">RandM 9000 Baforadas<\/span><\/a><span style=\"vertical-align: inherit\">\/ <\/span><a href=\"https:\/\/vapebulkp.com\/pt\/product\/wholesale-kulx-8000-puffs-disposable-vape\/\"><span style=\"vertical-align: inherit\">Kulx 8000 Baforadas<\/span><\/a><\/p>\n<p><span style=\"vertical-align: inherit\">Garrafa de cigarro eletr\u00f3nico com formato especial:<\/span><a href=\"https:\/\/vapebulkp.com\/pt\/product\/popular-kulx-10000puffs-disposable-vape-good-price\/\"><span style=\"vertical-align: inherit\">Kulx 10000 Baforadas <\/span><\/a><span style=\"vertical-align: inherit\">\/ <\/span><a href=\"https:\/\/vapebulkp.com\/pt\/product\/popular-bang-king-10000-puffs-vape-good-price\/\"><span style=\"vertical-align: inherit\">Bang King 10000 Baforadas <\/span><\/a><span style=\"vertical-align: inherit\">\/<\/span><a href=\"https:\/\/vapebulkp.com\/pt\/product\/disposable-vape-crystal-600-puffs\/\"><span style=\"vertical-align: inherit\">\u00a0Crysatl 600 Baforadas<\/span><\/a><\/p>\n<h4>Detalhes de envio:<\/h4>\n<p><span style=\"color: #ff6600\">Tempo de produ\u00e7\u00e3o: 5-10 dias \u00fateis<\/span><br \/>\n<span style=\"color: #ff6600\">Tempo de envio: 8-14 dias \u00fateis<\/span><\/p>\n<p>Todos os produtos na nossa loja s\u00e3o 100% originais e aut\u00eanticos, por isso a nossa pol\u00edtica \u00e9 dez vezes a compensa\u00e7\u00e3o por produtos falsificados. Usamos canais de log\u00edstica como UPS\/DHL\/FEDEX\/DPD para entregar os produtos a si.<\/p>\n<p>Para encomendas enviadas para Portugal, a chegada demora geralmente 10 dias \u00fateis. O envio para outros pa\u00edses europeus geralmente demora de 12 a 15 dias \u00fateis a chegar. Atualizaremos as informa\u00e7\u00f5es de log\u00edstica para si em tempo real.<\/p>","protected":false},"excerpt":{"rendered":"<p>O <strong data-start=\"186\" data-end=\"222\">Vaporizador Descart\u00e1vel Kulx 10000 Puffs Atacado<\/strong> proporciona um desempenho duradouro, sem necessidade de recargas ou substitui\u00e7\u00e3o de bobinas. Projetado para conveni\u00eancia, este <strong data-start=\"325\" data-end=\"363\">Cigarro Eletr\u00f3nico Descart\u00e1vel 10k Puffs<\/strong> vem pr\u00e9-carregado com 18ml de e-l\u00edquido premium de sal de nicotina, dispon\u00edvel em concentra\u00e7\u00f5es de 0%, 2%, 3% e 5%. Com at\u00e9 10.000 inala\u00e7\u00f5es por dispositivo, oferece sabor consistente, vapor suave e uma op\u00e7\u00e3o de vaping sem complica\u00e7\u00f5es, ideal para uso di\u00e1rio e para o fornecimento a retalho e atacado em todo o mercado da UE.<\/p>\n<p><img decoding=\"async\" class=\"alignnone wp-image-2151\" src=\"http:\/\/vapebulkp.com\/wp-content\/uploads\/2024\/04\/Mandy-WhatsApp-Randm.jpg\" alt=\"Mandy WhatsApp Randm\" width=\"221\" height=\"235\" srcset=\"https:\/\/vapebulkp.com\/wp-content\/uploads\/2024\/04\/Mandy-WhatsApp-Randm.jpg 916w, https:\/\/vapebulkp.com\/wp-content\/uploads\/2024\/04\/Mandy-WhatsApp-Randm-282x300.jpg 282w, https:\/\/vapebulkp.com\/wp-content\/uploads\/2024\/04\/Mandy-WhatsApp-Randm-768x817.jpg 768w, https:\/\/vapebulkp.com\/wp-content\/uploads\/2024\/04\/Mandy-WhatsApp-Randm-600x638.jpg 600w\" sizes=\"(max-width: 221px) 100vw, 221px\" \/><\/p>\n<p>Por favor, contacte o WhatsApp da Mandy para um pre\u00e7o com desconto<a href=\"https:\/\/wa.me\/8618077105796\">+8618077105796<\/a><\/p>\n<p><span style=\"color: #ff0000\">NOTA: Os pre\u00e7os no nosso site n\u00e3o incluem os custos de envio<\/span><\/p>","protected":false},"featured_media":1662,"comment_status":"open","ping_status":"closed","template":"","meta":{"_uag_custom_page_level_css":"","_lmt_disableupdate":"no","_lmt_disable":"","site-sidebar-layout":"default","site-content-layout":"content-boxed-container","ast-site-content-layout":"normal-width-container","site-content-style":"boxed","site-sidebar-style":"unboxed","ast-global-header-display":"","ast-banner-title-visibility":"","ast-main-header-display":"","ast-hfb-above-header-display":"","ast-hfb-below-header-display":"","ast-hfb-mobile-header-display":"","site-post-title":"","ast-breadcrumbs-content":"","ast-featured-img":"","footer-sml-layout":"","theme-transparent-header-meta":"default","adv-header-id-meta":"","stick-header-meta":"","header-above-stick-meta":"","header-main-stick-meta":"","header-below-stick-meta":"","astra-migrate-meta-layouts":"set","_joinchat":[]},"product_cat":[167,153,155,33,59,100,98,34,158,157,154,152,58,84,156,63,32],"product_tag":[43,36,37,41,40],"class_list":["post-1503","product","type-product","status-publish","has-post-thumbnail","hentry","product_cat-10000-puffs-disposable-vape","product_cat-hot-disposable-vapes","product_cat-belgium-hot-disposable-vapes","product_cat-france-vape-hot-sale","product_cat-germany-hot-disposable-vape","product_cat-germany-wholesale-vape-shop","product_cat-moq-100pcs","product_cat-netherlands-vape-good-sale","product_cat-norway-hot-disposable-vapes","product_cat-poland-hot-disposable-vapes","product_cat-portugal-hot-disposable-vapes","product_cat-spain-hot-disposable-vapes","product_cat-sweden-hot-disposable-vape","product_cat-sweden-wholesale-vape","product_cat-switzerland-hot-disposable-vapes","product_cat-top-sale-disposable-vape","product_cat-vape-hot-sale-this-week","product_tag-10000puffs","product_tag-good-vape","product_tag-hot-sale-disposable-vape","product_tag-poland-hot-vape","product_tag-sweden-hot-vape","desktop-align-left","tablet-align-left","mobile-align-left"],"yoast_head":"<!-- This site is optimized with the Yoast SEO plugin v21.1 - https:\/\/yoast.com\/wordpress\/plugins\/seo\/ -->\n<title>Popular Kulx 10000Puffs Disposable Vape Good Price - vapebulkp.com<\/title>\n<meta name=\"description\" content=\"Shop the Kulx 10000 Puffs Disposable Vape with premium e-liquid and nicotine salt. A long-lasting disposable vape with Type-C charging for wholesale EU orders.\" \/>\n<meta name=\"robots\" content=\"index, follow, max-snippet:-1, max-image-preview:large, max-video-preview:-1\" \/>\n<link rel=\"canonical\" href=\"https:\/\/vapebulkp.com\/pt\/product\/popular-kulx-10000puffs-disposable-vape-good-price\/\" \/>\n<meta property=\"og:locale\" content=\"pt_PT\" \/>\n<meta property=\"og:type\" content=\"article\" \/>\n<meta property=\"og:title\" content=\"Popular Kulx 10000Puffs Disposable Vape Good Price - vapebulkp.com\" \/>\n<meta property=\"og:description\" content=\"Shop the Kulx 10000 Puffs Disposable Vape with premium e-liquid and nicotine salt. A long-lasting disposable vape with Type-C charging for wholesale EU orders.\" \/>\n<meta property=\"og:url\" content=\"https:\/\/vapebulkp.com\/pt\/product\/popular-kulx-10000puffs-disposable-vape-good-price\/\" \/>\n<meta property=\"og:site_name\" content=\"vapebulkp.com\" \/>\n<meta property=\"article:modified_time\" content=\"2025-09-08T02:52:42+00:00\" \/>\n<meta property=\"og:image\" content=\"http:\/\/vapebulkp.com\/wp-content\/uploads\/2023\/09\/KULX-10000-VAPE-POD-NEAR-ME-1.jpg\" \/>\n\t<meta property=\"og:image:width\" content=\"2196\" \/>\n\t<meta property=\"og:image:height\" content=\"2196\" \/>\n\t<meta property=\"og:image:type\" content=\"image\/jpeg\" \/>\n<meta name=\"twitter:card\" content=\"summary_large_image\" \/>\n<meta name=\"twitter:label1\" content=\"Tempo estimado de leitura\" \/>\n\t<meta name=\"twitter:data1\" content=\"3 minutos\" \/>\n<script type=\"application\/ld+json\" class=\"yoast-schema-graph\">{\"@context\":\"https:\/\/schema.org\",\"@graph\":[{\"@type\":\"WebPage\",\"@id\":\"https:\/\/vapebulkp.com\/product\/popular-kulx-10000puffs-disposable-vape-good-price\/\",\"url\":\"https:\/\/vapebulkp.com\/product\/popular-kulx-10000puffs-disposable-vape-good-price\/\",\"name\":\"Popular Kulx 10000Puffs Disposable Vape Good Price - vapebulkp.com\",\"isPartOf\":{\"@id\":\"https:\/\/vapebulkp.com\/#website\"},\"datePublished\":\"2023-09-20T01:56:27+00:00\",\"dateModified\":\"2025-09-08T02:52:42+00:00\",\"description\":\"Shop the Kulx 10000 Puffs Disposable Vape with premium e-liquid and nicotine salt. A long-lasting disposable vape with Type-C charging for wholesale EU orders.\",\"breadcrumb\":{\"@id\":\"https:\/\/vapebulkp.com\/product\/popular-kulx-10000puffs-disposable-vape-good-price\/#breadcrumb\"},\"inLanguage\":\"pt-PT\",\"potentialAction\":[{\"@type\":\"ReadAction\",\"target\":[\"https:\/\/vapebulkp.com\/product\/popular-kulx-10000puffs-disposable-vape-good-price\/\"]}]},{\"@type\":\"BreadcrumbList\",\"@id\":\"https:\/\/vapebulkp.com\/product\/popular-kulx-10000puffs-disposable-vape-good-price\/#breadcrumb\",\"itemListElement\":[{\"@type\":\"ListItem\",\"position\":1,\"name\":\"Home\",\"item\":\"https:\/\/vapebulkp.com\/\"},{\"@type\":\"ListItem\",\"position\":2,\"name\":\"Hot Trend Vapes\",\"item\":\"https:\/\/vapebulkp.com\/vape-shop\/\"},{\"@type\":\"ListItem\",\"position\":3,\"name\":\"Popular Kulx 10000Puffs Disposable Vape Good Price\"}]},{\"@type\":\"WebSite\",\"@id\":\"https:\/\/vapebulkp.com\/#website\",\"url\":\"https:\/\/vapebulkp.com\/\",\"name\":\"vapebulkp.com\",\"description\":\"Buy Vape In Cheap Bulk Price Near you\",\"publisher\":{\"@id\":\"https:\/\/vapebulkp.com\/#organization\"},\"potentialAction\":[{\"@type\":\"SearchAction\",\"target\":{\"@type\":\"EntryPoint\",\"urlTemplate\":\"https:\/\/vapebulkp.com\/?s={search_term_string}\"},\"query-input\":\"required name=search_term_string\"}],\"inLanguage\":\"pt-PT\"},{\"@type\":\"Organization\",\"@id\":\"https:\/\/vapebulkp.com\/#organization\",\"name\":\"vapebulkp.com\",\"url\":\"https:\/\/vapebulkp.com\/\",\"logo\":{\"@type\":\"ImageObject\",\"inLanguage\":\"pt-PT\",\"@id\":\"https:\/\/vapebulkp.com\/#\/schema\/logo\/image\/\",\"url\":\"https:\/\/vapebulkp.com\/wp-content\/uploads\/2023\/09\/cropped-vapebulkp.png\",\"contentUrl\":\"https:\/\/vapebulkp.com\/wp-content\/uploads\/2023\/09\/cropped-vapebulkp.png\",\"width\":516,\"height\":163,\"caption\":\"vapebulkp.com\"},\"image\":{\"@id\":\"https:\/\/vapebulkp.com\/#\/schema\/logo\/image\/\"}}]}<\/script>\n<!-- \/ Yoast SEO plugin. -->","yoast_head_json":{"title":"Popular Kulx 10000Puffs Disposable Vape Good Price - vapebulkp.com","description":"Shop the Kulx 10000 Puffs Disposable Vape with premium e-liquid and nicotine salt. A long-lasting disposable vape with Type-C charging for wholesale EU orders.","robots":{"index":"index","follow":"follow","max-snippet":"max-snippet:-1","max-image-preview":"max-image-preview:large","max-video-preview":"max-video-preview:-1"},"canonical":"https:\/\/vapebulkp.com\/pt\/product\/popular-kulx-10000puffs-disposable-vape-good-price\/","og_locale":"pt_PT","og_type":"article","og_title":"Popular Kulx 10000Puffs Disposable Vape Good Price - vapebulkp.com","og_description":"Shop the Kulx 10000 Puffs Disposable Vape with premium e-liquid and nicotine salt. A long-lasting disposable vape with Type-C charging for wholesale EU orders.","og_url":"https:\/\/vapebulkp.com\/pt\/product\/popular-kulx-10000puffs-disposable-vape-good-price\/","og_site_name":"vapebulkp.com","article_modified_time":"2025-09-08T02:52:42+00:00","og_image":[{"width":2196,"height":2196,"url":"http:\/\/vapebulkp.com\/wp-content\/uploads\/2023\/09\/KULX-10000-VAPE-POD-NEAR-ME-1.jpg","type":"image\/jpeg"}],"twitter_card":"summary_large_image","twitter_misc":{"Tempo estimado de leitura":"3 minutos"},"schema":{"@context":"https:\/\/schema.org","@graph":[{"@type":"WebPage","@id":"https:\/\/vapebulkp.com\/product\/popular-kulx-10000puffs-disposable-vape-good-price\/","url":"https:\/\/vapebulkp.com\/product\/popular-kulx-10000puffs-disposable-vape-good-price\/","name":"Popular Kulx 10000Puffs Disposable Vape Good Price - vapebulkp.com","isPartOf":{"@id":"https:\/\/vapebulkp.com\/#website"},"datePublished":"2023-09-20T01:56:27+00:00","dateModified":"2025-09-08T02:52:42+00:00","description":"Shop the Kulx 10000 Puffs Disposable Vape with premium e-liquid and nicotine salt. A long-lasting disposable vape with Type-C charging for wholesale EU orders.","breadcrumb":{"@id":"https:\/\/vapebulkp.com\/product\/popular-kulx-10000puffs-disposable-vape-good-price\/#breadcrumb"},"inLanguage":"pt-PT","potentialAction":[{"@type":"ReadAction","target":["https:\/\/vapebulkp.com\/product\/popular-kulx-10000puffs-disposable-vape-good-price\/"]}]},{"@type":"BreadcrumbList","@id":"https:\/\/vapebulkp.com\/product\/popular-kulx-10000puffs-disposable-vape-good-price\/#breadcrumb","itemListElement":[{"@type":"ListItem","position":1,"name":"Home","item":"https:\/\/vapebulkp.com\/"},{"@type":"ListItem","position":2,"name":"Hot Trend Vapes","item":"https:\/\/vapebulkp.com\/vape-shop\/"},{"@type":"ListItem","position":3,"name":"Popular Kulx 10000Puffs Disposable Vape Good Price"}]},{"@type":"WebSite","@id":"https:\/\/vapebulkp.com\/#website","url":"https:\/\/vapebulkp.com\/","name":"vapebulkp.com","description":"Buy Vape In Cheap Bulk Price Near you","publisher":{"@id":"https:\/\/vapebulkp.com\/#organization"},"potentialAction":[{"@type":"SearchAction","target":{"@type":"EntryPoint","urlTemplate":"https:\/\/vapebulkp.com\/?s={search_term_string}"},"query-input":"required name=search_term_string"}],"inLanguage":"pt-PT"},{"@type":"Organization","@id":"https:\/\/vapebulkp.com\/#organization","name":"vapebulkp.com","url":"https:\/\/vapebulkp.com\/","logo":{"@type":"ImageObject","inLanguage":"pt-PT","@id":"https:\/\/vapebulkp.com\/#\/schema\/logo\/image\/","url":"https:\/\/vapebulkp.com\/wp-content\/uploads\/2023\/09\/cropped-vapebulkp.png","contentUrl":"https:\/\/vapebulkp.com\/wp-content\/uploads\/2023\/09\/cropped-vapebulkp.png","width":516,"height":163,"caption":"vapebulkp.com"},"image":{"@id":"https:\/\/vapebulkp.com\/#\/schema\/logo\/image\/"}}]}},"uagb_featured_image_src":{"full":["https:\/\/vapebulkp.com\/wp-content\/uploads\/2023\/09\/KULX-10000-VAPE-POD-NEAR-ME-1.jpg",2196,2196,false],"thumbnail":["https:\/\/vapebulkp.com\/wp-content\/uploads\/2023\/09\/KULX-10000-VAPE-POD-NEAR-ME-1-150x150.jpg",150,150,true],"medium":["https:\/\/vapebulkp.com\/wp-content\/uploads\/2023\/09\/KULX-10000-VAPE-POD-NEAR-ME-1-300x300.jpg",300,300,true],"medium_large":["https:\/\/vapebulkp.com\/wp-content\/uploads\/2023\/09\/KULX-10000-VAPE-POD-NEAR-ME-1-768x768.jpg",768,768,true],"large":["https:\/\/vapebulkp.com\/wp-content\/uploads\/2023\/09\/KULX-10000-VAPE-POD-NEAR-ME-1-1024x1024.jpg",1024,1024,true],"1536x1536":["https:\/\/vapebulkp.com\/wp-content\/uploads\/2023\/09\/KULX-10000-VAPE-POD-NEAR-ME-1-1536x1536.jpg",1536,1536,true],"2048x2048":["https:\/\/vapebulkp.com\/wp-content\/uploads\/2023\/09\/KULX-10000-VAPE-POD-NEAR-ME-1-2048x2048.jpg",2048,2048,true],"trp-custom-language-flag":["https:\/\/vapebulkp.com\/wp-content\/uploads\/2023\/09\/KULX-10000-VAPE-POD-NEAR-ME-1.jpg",12,12,false],"woocommerce_thumbnail":["https:\/\/vapebulkp.com\/wp-content\/uploads\/2023\/09\/KULX-10000-VAPE-POD-NEAR-ME-1-300x300.jpg",300,300,true],"woocommerce_single":["https:\/\/vapebulkp.com\/wp-content\/uploads\/2023\/09\/KULX-10000-VAPE-POD-NEAR-ME-1-600x600.jpg",600,600,true],"woocommerce_gallery_thumbnail":["https:\/\/vapebulkp.com\/wp-content\/uploads\/2023\/09\/KULX-10000-VAPE-POD-NEAR-ME-1-100x100.jpg",100,100,true],"wcpr-photo-reviews":["https:\/\/vapebulkp.com\/wp-content\/uploads\/2023\/09\/KULX-10000-VAPE-POD-NEAR-ME-1.jpg",500,500,false]},"uagb_author_info":{"display_name":"Mandy vape bulk price","author_link":"https:\/\/vapebulkp.com\/pt\/author\/"},"uagb_comment_info":2,"uagb_excerpt":"The Kulx 10000 Puff Wholesale Vape delivers lasting performance with no refills or coil changes required. Designed for convenience, this 10k Puffs Disposable E-Cigarette comes pre-filled with 18ml of premium salt nicotine e-liquid, available in 0%, 2%, 3%, and 5% strengths. With up to 10,000 puffs per device, it offers consistent flavor, smooth vapor, and&hellip;","_links":{"self":[{"href":"https:\/\/vapebulkp.com\/pt\/wp-json\/wp\/v2\/product\/1503","targetHints":{"allow":["GET"]}}],"collection":[{"href":"https:\/\/vapebulkp.com\/pt\/wp-json\/wp\/v2\/product"}],"about":[{"href":"https:\/\/vapebulkp.com\/pt\/wp-json\/wp\/v2\/types\/product"}],"replies":[{"embeddable":true,"href":"https:\/\/vapebulkp.com\/pt\/wp-json\/wp\/v2\/comments?post=1503"}],"wp:featuredmedia":[{"embeddable":true,"href":"https:\/\/vapebulkp.com\/pt\/wp-json\/wp\/v2\/media\/1662"}],"wp:attachment":[{"href":"https:\/\/vapebulkp.com\/pt\/wp-json\/wp\/v2\/media?parent=1503"}],"wp:term":[{"taxonomy":"product_cat","embeddable":true,"href":"https:\/\/vapebulkp.com\/pt\/wp-json\/wp\/v2\/product_cat?post=1503"},{"taxonomy":"product_tag","embeddable":true,"href":"https:\/\/vapebulkp.com\/pt\/wp-json\/wp\/v2\/product_tag?post=1503"}],"curies":[{"name":"wp","href":"https:\/\/api.w.org\/{rel}","templated":true}]}}