{"id":1547,"date":"2023-09-20T11:39:19","date_gmt":"2023-09-20T09:39:19","guid":{"rendered":"https:\/\/vapebulkp.com\/?post_type=product&#038;p=1547"},"modified":"2025-09-08T05:39:48","modified_gmt":"2025-09-08T03:39:48","slug":"wholesale-kulx-8000-puffs-disposable-vape","status":"publish","type":"product","link":"https:\/\/vapebulkp.com\/pt\/product\/wholesale-kulx-8000-puffs-disposable-vape\/","title":{"rendered":"Atacado Kulx 8000 Puffs Vape Descart\u00e1vel 2% 5% Nicotina"},"content":{"rendered":"<h2>Qual \u00e9 o melhor vape descart\u00e1vel Kulx 8000 Puffs \u00e0 venda?<\/h2>\n<p>O Vape Descart\u00e1vel Kulx 8000 Puffs \u00e9 um vape descart\u00e1vel de alta capacidade, projetado para entusiastas do vaping na Europa que exigem conveni\u00eancia, estilo e desempenho. Com um tanque de e-l\u00edquido pr\u00e9-preenchido de 16ml e op\u00e7\u00f5es de sal de nicotina de 0%, 2%, 3% ou 5%, oferece tragadas suaves e satisfat\u00f3rias por at\u00e9 8.000 puffs.<\/p>\n<p>Com tecnologia avan\u00e7ada de bobina de malha, este vape descart\u00e1vel de longa dura\u00e7\u00e3o produz vapor denso e sabor rico a cada tragada. O seu design compacto e port\u00e1til torna-o perfeito para viagens, uso di\u00e1rio ou eventos sociais.<\/p>\n<p>Dispon\u00edvel numa variedade de sabores premium, desde mentol refrescante at\u00e9 misturas doces de sobremesa, o Vape Descart\u00e1vel 8000 Puffs garante uma experi\u00eancia de vaping consistente e agrad\u00e1vel. Pronto para usar diretamente da embalagem, combina portabilidade, alto desempenho e design sofisticado, tornando-o uma escolha ideal tanto para utilizadores individuais quanto para compradores por atacado em Portugal.<\/p>\n<h5><\/h5>\n<p><img decoding=\"async\" class=\"alignnone wp-image-1654\" src=\"http:\/\/vapebulkp.com\/wp-content\/uploads\/2023\/09\/kULX-8000-PUFF-8-1024x1024.jpg\" alt=\"kULX 8000 BAforadas\" width=\"438\" height=\"438\" srcset=\"https:\/\/vapebulkp.com\/wp-content\/uploads\/2023\/09\/kULX-8000-PUFF-8-1024x1024.jpg 1024w, https:\/\/vapebulkp.com\/wp-content\/uploads\/2023\/09\/kULX-8000-PUFF-8-300x300.jpg 300w, https:\/\/vapebulkp.com\/wp-content\/uploads\/2023\/09\/kULX-8000-PUFF-8-150x150.jpg 150w, https:\/\/vapebulkp.com\/wp-content\/uploads\/2023\/09\/kULX-8000-PUFF-8-768x768.jpg 768w, https:\/\/vapebulkp.com\/wp-content\/uploads\/2023\/09\/kULX-8000-PUFF-8-1536x1536.jpg 1536w, https:\/\/vapebulkp.com\/wp-content\/uploads\/2023\/09\/kULX-8000-PUFF-8-2048x2048.jpg 2048w, https:\/\/vapebulkp.com\/wp-content\/uploads\/2023\/09\/kULX-8000-PUFF-8-600x600.jpg 600w, https:\/\/vapebulkp.com\/wp-content\/uploads\/2023\/09\/kULX-8000-PUFF-8-100x100.jpg 100w\" sizes=\"(max-width: 438px) 100vw, 438px\" \/><\/p>\n<h6>Por favor, contacte o WhatsApp da Mandy para um pre\u00e7o com desconto<a href=\"https:\/\/wa.me\/8618077105796\">+8618077105796<\/a><\/h6>\n<p><img decoding=\"async\" class=\"alignnone wp-image-2151\" src=\"http:\/\/vapebulkp.com\/wp-content\/uploads\/2024\/04\/Mandy-WhatsApp-Randm.jpg\" alt=\"Mandy WhatsApp Randm\" width=\"246\" height=\"262\" srcset=\"https:\/\/vapebulkp.com\/wp-content\/uploads\/2024\/04\/Mandy-WhatsApp-Randm.jpg 916w, https:\/\/vapebulkp.com\/wp-content\/uploads\/2024\/04\/Mandy-WhatsApp-Randm-282x300.jpg 282w, https:\/\/vapebulkp.com\/wp-content\/uploads\/2024\/04\/Mandy-WhatsApp-Randm-768x817.jpg 768w, https:\/\/vapebulkp.com\/wp-content\/uploads\/2024\/04\/Mandy-WhatsApp-Randm-600x638.jpg 600w\" sizes=\"(max-width: 246px) 100vw, 246px\" \/><\/p>\n<h2>FAQ Sobre Kulx Vape 8k puffs:<\/h2>\n<p class=\"style-scope ytd-watch-metadata\">1.Como usar a Caneta Vape Kulx 8000?<\/p>\n<p>Passo 1. Antes de usar 8k puffs, desencaixe o tubo de pl\u00e1stico.<\/p>\n<p>Passo 2. Espere cerca de 3 minutos para que o l\u00edquido entre na bobina interna.<\/p>\n<p>Passo 3. Desfrute.<\/p>\n<p>2.COMO CARREGAR O DISPOSITIVO VAPE DESCART\u00c1VEL KULX 8000 PUFFS?<\/p>\n<p>N\u00e3o \u00e9 poss\u00edvel usar carregadores de carregamento r\u00e1pido. A pot\u00eancia de seguran\u00e7a padr\u00e3o para cigarros eletr\u00f3nicos descart\u00e1veis \u00e9 de 5V 1A. Cada tempo de carregamento n\u00e3o pode exceder 1 hora e o tempo de carregamento seguro \u00e9 de meia hora.<\/p>\n<p>3.Quantas tragadas posso dar neste Kulx 8000 Puffs?<\/p>\n<p>\u2014\u20138000 Sugos<\/p>\n<p><span style=\"color: #ff6600\">Aviso: n\u00e3o recarregue durante toda a noite!<\/span><\/p>\n<h2>Especifica\u00e7\u00f5es Para Kulx 8000Puffs:<\/h2>\n<ul>\n<li>Bateria: 650mAh (Tipo C)<br \/>\nCapacidade: 18ml<br \/>\nBobina: malha de 0,8 ohm<br \/>\nVolume de suc\u00e7\u00e3o aproximado: 8000 puffs<br \/>\nFor\u00e7a de nicotina adicional: 21%, 5%<br \/>\nQuantidade M\u00ednima de Encomenda: 100 unidades<\/li>\n<\/ul>\n<h2><strong>Quais s\u00e3o os Melhores Sabores do Vape Kulx 8000 Puffs?<\/strong><\/h2>\n<p>&nbsp;<\/p>\n<p>1. Gelo de Menta<\/p>\n<p>2. Gelo de Ma\u00e7\u00e3 Verde<\/p>\n<p>3.P\u00eassego com Gelo<\/p>\n<p>4. Gelo de Framboesa<\/p>\n<p>5. Melancia Gelo<\/p>\n<p>6. Manga Gelo<\/p>\n<p>7. Cola Gelo<\/p>\n<p>8. Frutas<\/p>\n<p>9. Morango Melancia Gelo<\/p>\n<p>10. Algod\u00e3o Doce<\/p>\n<p>11. P\u00eassego Lim\u00e3o Gelo<\/p>\n<p>12. Ch\u00e1 de Lim\u00e3o Gelo<\/p>\n<p>13. L\u00edchia Gelo<\/p>\n<p>14. Morango Kiwi<\/p>\n<p><a href=\"https:\/\/vapebulkp.com\/pt\/product\/wholesale-price-disposable-vape-crystal-600-puffs\/\"><span style=\"vertical-align: inherit\">Bom Venda Cristal 600 Vapores <\/span><\/a><\/p>\n<p><span style=\"vertical-align: inherit\">Encontre mais produtos que possa gostar:<\/span><em><a href=\"https:\/\/wa.me\/8618077105796\"><span style=\"vertical-align: inherit\">\u00a0Compre agora<\/span><\/a><\/em><\/p>\n<p><span style=\"vertical-align: inherit\">Outros Puffs Que Poder\u00e1 Gostar:<\/span><a href=\"https:\/\/vapebulkp.com\/pt\/product\/good-sale-bang-de-8500puffs-wholesale-price\/\"><span style=\"vertical-align: inherit\">Bang DE 8500 Sugos<\/span><\/a><span style=\"vertical-align: inherit\">\u3001<\/span><a href=\"https:\/\/vapebulkp.com\/pt\/product\/elf-box-14000-puffs-2-5-nicotine-rechargeable-vape-sweden-wholesale\/\"><span style=\"vertical-align: inherit\">\u00a0ELF BOX 14000 Puffs<\/span><\/a><span style=\"vertical-align: inherit\">\/ <\/span><a href=\"https:\/\/vapebulkp.com\/pt\/product\/popular-kulx-10000puffs-disposable-vape-good-price\/\"><span style=\"vertical-align: inherit\">Kulx 10000 Puffes<\/span><\/a><span style=\"vertical-align: inherit\">\/ <\/span><a href=\"https:\/\/vapebulkp.com\/pt\/product\/good-randm-tornado-7000-puffs-disposable-vape-kit-1000mah\/\"><span style=\"vertical-align: inherit\">Randm Tornado 7000 Sugos<\/span><\/a><\/p>\n<p><span style=\"vertical-align: inherit\">Garrafa de cigarro eletr\u00f3nico com formato especial:<\/span><a href=\"https:\/\/vapebulkp.com\/pt\/product\/bulk-buy-kulx-vape-8800-puffs-wholesale-germany\/\"><span style=\"vertical-align: inherit\">Kulx vape 10000 Sugos<\/span><\/a><span style=\"vertical-align: inherit\">\/ <\/span><a href=\"https:\/\/vapebulkp.com\/pt\/product\/bang-tornado-12000-puffs-rechargeable-disposable-pod\/\"><span style=\"vertical-align: inherit\">Bang Tornado 12000 Inala\u00e7\u00f5es <\/span><\/a><span style=\"vertical-align: inherit\">\/<\/span><a href=\"https:\/\/vapebulkp.com\/pt\/product\/fumot-digital-box-12000-disposable-vape-wholesale\/\"><span style=\"vertical-align: inherit\">Fomot Caixa digital 12000 Sugos <\/span><\/a><\/p>\n<h4>Exposi\u00e7\u00e3o do Pacote:<\/h4>\n<p><a href=\"http:\/\/vapebulkp.com\/wp-content\/uploads\/2023\/09\/Kulx-8000.jpg\"><img decoding=\"async\" class=\"alignleft wp-image-1724\" src=\"http:\/\/vapebulkp.com\/wp-content\/uploads\/2023\/09\/Kulx-8000.jpg\" alt=\"Boa Venda Kulx 8000 VAPE\" width=\"296\" height=\"526\" srcset=\"https:\/\/vapebulkp.com\/wp-content\/uploads\/2023\/09\/Kulx-8000.jpg 1080w, https:\/\/vapebulkp.com\/wp-content\/uploads\/2023\/09\/Kulx-8000-169x300.jpg 169w, https:\/\/vapebulkp.com\/wp-content\/uploads\/2023\/09\/Kulx-8000-576x1024.jpg 576w, https:\/\/vapebulkp.com\/wp-content\/uploads\/2023\/09\/Kulx-8000-768x1365.jpg 768w, https:\/\/vapebulkp.com\/wp-content\/uploads\/2023\/09\/Kulx-8000-864x1536.jpg 864w, https:\/\/vapebulkp.com\/wp-content\/uploads\/2023\/09\/Kulx-8000-600x1067.jpg 600w\" sizes=\"(max-width: 296px) 100vw, 296px\" \/><\/a><\/p>\n<h4>Detalhes de envio:<\/h4>\n<p><span style=\"color: #ff6600\">Tempo de produ\u00e7\u00e3o: 5-10 dias \u00fateis<\/span><br \/>\n<span style=\"color: #ff6600\">Tempo de envio: 8-14 dias \u00fateis<\/span><\/p>\n<p>Todos os produtos na nossa loja s\u00e3o 100% originais e aut\u00eanticos, por isso a nossa pol\u00edtica \u00e9 dez vezes a compensa\u00e7\u00e3o por produtos falsificados. Usamos canais de log\u00edstica como UPS\/DHL\/FEDEX\/DPD para entregar os produtos a si.<\/p>\n<p>Para encomendas enviadas para Portugal, a chegada demora geralmente 10 dias \u00fateis. O envio para outros pa\u00edses europeus geralmente demora de 12 a 15 dias \u00fateis a chegar. Atualizaremos as informa\u00e7\u00f5es de log\u00edstica para si em tempo real.<\/p>\n<h4>Bom servi\u00e7o p\u00f3s-venda:<\/h4>\n<p>Aviso: Sem reembolsos ou trocas para problemas n\u00e3o relacionados com a qualidade<br \/>\n1. Os clientes podem escolher o sabor que desejam, mas se o sabor estiver esgotado, o departamento de produ\u00e7\u00e3o escolher\u00e1 um sabor popular para o substituir. Os clientes n\u00e3o est\u00e3o autorizados a solicitar reembolsos ou trocas com base nos sabores.<\/p>\n<p>2. Quando ocorrerem problemas de qualidade, forne\u00e7a descri\u00e7\u00f5es espec\u00edficas em v\u00eddeo e imagem.<br \/>\nSe n\u00e3o conseguir fornecer provas como v\u00eddeos e fotos, os produtos n\u00e3o podem ser substitu\u00eddos.<\/p>\n<p>&nbsp;<\/p>","protected":false},"excerpt":{"rendered":"<p>kulx 8000 puffs A emerg\u00eancia dos cigarros eletr\u00f3nicos descart\u00e1veis est\u00e1 muito \u00e0 frente da vanguarda dos cigarros eletr\u00f3nicos. Este cigarro eletr\u00f3nico descart\u00e1vel pode conter 8.000 puffs, para que n\u00e3o precise de se preocupar em ficar sem bateria durante longas viagens.<\/p>\n<p><img decoding=\"async\" class=\"alignnone wp-image-2151\" src=\"http:\/\/vapebulkp.com\/wp-content\/uploads\/2024\/04\/Mandy-WhatsApp-Randm.jpg\" alt=\"Mandy WhatsApp Randm\" width=\"256\" height=\"272\" srcset=\"https:\/\/vapebulkp.com\/wp-content\/uploads\/2024\/04\/Mandy-WhatsApp-Randm.jpg 916w, https:\/\/vapebulkp.com\/wp-content\/uploads\/2024\/04\/Mandy-WhatsApp-Randm-282x300.jpg 282w, https:\/\/vapebulkp.com\/wp-content\/uploads\/2024\/04\/Mandy-WhatsApp-Randm-768x817.jpg 768w, https:\/\/vapebulkp.com\/wp-content\/uploads\/2024\/04\/Mandy-WhatsApp-Randm-600x638.jpg 600w\" sizes=\"(max-width: 256px) 100vw, 256px\" \/><\/p>\n<p>Por favor, contacte o WhatsApp da Mandy para um pre\u00e7o com desconto<a href=\"https:\/\/wa.me\/8618077105796\">+8618077105796<\/a><\/p>\n<p><span style=\"color: #ff0000\">NOTA: Os pre\u00e7os no nosso site n\u00e3o incluem os custos de envio<\/span><\/p>","protected":false},"featured_media":1554,"comment_status":"open","ping_status":"closed","template":"","meta":{"_uag_custom_page_level_css":"","_lmt_disableupdate":"no","_lmt_disable":"","site-sidebar-layout":"default","site-content-layout":"content-boxed-container","ast-site-content-layout":"normal-width-container","site-content-style":"boxed","site-sidebar-style":"unboxed","ast-global-header-display":"","ast-banner-title-visibility":"","ast-main-header-display":"","ast-hfb-above-header-display":"","ast-hfb-below-header-display":"","ast-hfb-mobile-header-display":"","site-post-title":"","ast-breadcrumbs-content":"","ast-featured-img":"","footer-sml-layout":"","theme-transparent-header-meta":"default","adv-header-id-meta":"","stick-header-meta":"","header-above-stick-meta":"","header-main-stick-meta":"","header-below-stick-meta":"","astra-migrate-meta-layouts":"set","_joinchat":[]},"product_cat":[169,153,155,33,59,100,34,158,157,154,152,58,84,156,63,32],"product_tag":[52,36,37,94,41,40],"class_list":["post-1547","product","type-product","status-publish","has-post-thumbnail","hentry","product_cat-8000-puffs-disposable-vape","product_cat-hot-disposable-vapes","product_cat-belgium-hot-disposable-vapes","product_cat-france-vape-hot-sale","product_cat-germany-hot-disposable-vape","product_cat-germany-wholesale-vape-shop","product_cat-netherlands-vape-good-sale","product_cat-norway-hot-disposable-vapes","product_cat-poland-hot-disposable-vapes","product_cat-portugal-hot-disposable-vapes","product_cat-spain-hot-disposable-vapes","product_cat-sweden-hot-disposable-vape","product_cat-sweden-wholesale-vape","product_cat-switzerland-hot-disposable-vapes","product_cat-top-sale-disposable-vape","product_cat-vape-hot-sale-this-week","product_tag-8000-puffs","product_tag-good-vape","product_tag-hot-sale-disposable-vape","product_tag-kulx-vapes","product_tag-poland-hot-vape","product_tag-sweden-hot-vape","desktop-align-left","tablet-align-left","mobile-align-left"],"yoast_head":"<!-- This site is optimized with the Yoast SEO plugin v21.1 - https:\/\/yoast.com\/wordpress\/plugins\/seo\/ -->\n<title>Wholesale Kulx 8000 Puffs Disposable Vape 2% 5% Nicotine - vapebulkp.com<\/title>\n<meta name=\"description\" content=\"Wholesale Kulx 8000 Puffs Disposable Vape Germany Vape ergonomic design fits perfectly in your hand and is compact enough to slip into your pocket or purse.\" \/>\n<meta name=\"robots\" content=\"index, follow, max-snippet:-1, max-image-preview:large, max-video-preview:-1\" \/>\n<link rel=\"canonical\" href=\"https:\/\/vapebulkp.com\/pt\/product\/wholesale-kulx-8000-puffs-disposable-vape\/\" \/>\n<meta property=\"og:locale\" content=\"pt_PT\" \/>\n<meta property=\"og:type\" content=\"article\" \/>\n<meta property=\"og:title\" content=\"Wholesale Kulx 8000 Puffs Disposable Vape 2% 5% Nicotine - vapebulkp.com\" \/>\n<meta property=\"og:description\" content=\"Wholesale Kulx 8000 Puffs Disposable Vape Germany Vape ergonomic design fits perfectly in your hand and is compact enough to slip into your pocket or purse.\" \/>\n<meta property=\"og:url\" content=\"https:\/\/vapebulkp.com\/pt\/product\/wholesale-kulx-8000-puffs-disposable-vape\/\" \/>\n<meta property=\"og:site_name\" content=\"vapebulkp.com\" \/>\n<meta property=\"article:modified_time\" content=\"2025-09-08T03:39:48+00:00\" \/>\n<meta property=\"og:image\" content=\"http:\/\/vapebulkp.com\/wp-content\/uploads\/2023\/09\/kULX-8000-PUFF-6-scaled.jpg\" \/>\n\t<meta property=\"og:image:width\" content=\"2560\" \/>\n\t<meta property=\"og:image:height\" content=\"2560\" \/>\n\t<meta property=\"og:image:type\" content=\"image\/jpeg\" \/>\n<meta name=\"twitter:card\" content=\"summary_large_image\" \/>\n<meta name=\"twitter:label1\" content=\"Tempo estimado de leitura\" \/>\n\t<meta name=\"twitter:data1\" content=\"3 minutos\" \/>\n<script type=\"application\/ld+json\" class=\"yoast-schema-graph\">{\"@context\":\"https:\/\/schema.org\",\"@graph\":[{\"@type\":\"WebPage\",\"@id\":\"https:\/\/vapebulkp.com\/product\/wholesale-kulx-8000-puffs-disposable-vape\/\",\"url\":\"https:\/\/vapebulkp.com\/product\/wholesale-kulx-8000-puffs-disposable-vape\/\",\"name\":\"Wholesale Kulx 8000 Puffs Disposable Vape 2% 5% Nicotine - vapebulkp.com\",\"isPartOf\":{\"@id\":\"https:\/\/vapebulkp.com\/#website\"},\"datePublished\":\"2023-09-20T09:39:19+00:00\",\"dateModified\":\"2025-09-08T03:39:48+00:00\",\"description\":\"Wholesale Kulx 8000 Puffs Disposable Vape Germany Vape ergonomic design fits perfectly in your hand and is compact enough to slip into your pocket or purse.\",\"breadcrumb\":{\"@id\":\"https:\/\/vapebulkp.com\/product\/wholesale-kulx-8000-puffs-disposable-vape\/#breadcrumb\"},\"inLanguage\":\"pt-PT\",\"potentialAction\":[{\"@type\":\"ReadAction\",\"target\":[\"https:\/\/vapebulkp.com\/product\/wholesale-kulx-8000-puffs-disposable-vape\/\"]}]},{\"@type\":\"BreadcrumbList\",\"@id\":\"https:\/\/vapebulkp.com\/product\/wholesale-kulx-8000-puffs-disposable-vape\/#breadcrumb\",\"itemListElement\":[{\"@type\":\"ListItem\",\"position\":1,\"name\":\"Home\",\"item\":\"https:\/\/vapebulkp.com\/\"},{\"@type\":\"ListItem\",\"position\":2,\"name\":\"Hot Trend Vapes\",\"item\":\"https:\/\/vapebulkp.com\/vape-shop\/\"},{\"@type\":\"ListItem\",\"position\":3,\"name\":\"Wholesale Kulx 8000 Puffs Disposable Vape 2% 5% Nicotine\"}]},{\"@type\":\"WebSite\",\"@id\":\"https:\/\/vapebulkp.com\/#website\",\"url\":\"https:\/\/vapebulkp.com\/\",\"name\":\"vapebulkp.com\",\"description\":\"Buy Vape In Cheap Bulk Price Near you\",\"publisher\":{\"@id\":\"https:\/\/vapebulkp.com\/#organization\"},\"potentialAction\":[{\"@type\":\"SearchAction\",\"target\":{\"@type\":\"EntryPoint\",\"urlTemplate\":\"https:\/\/vapebulkp.com\/?s={search_term_string}\"},\"query-input\":\"required name=search_term_string\"}],\"inLanguage\":\"pt-PT\"},{\"@type\":\"Organization\",\"@id\":\"https:\/\/vapebulkp.com\/#organization\",\"name\":\"vapebulkp.com\",\"url\":\"https:\/\/vapebulkp.com\/\",\"logo\":{\"@type\":\"ImageObject\",\"inLanguage\":\"pt-PT\",\"@id\":\"https:\/\/vapebulkp.com\/#\/schema\/logo\/image\/\",\"url\":\"https:\/\/vapebulkp.com\/wp-content\/uploads\/2023\/09\/cropped-vapebulkp.png\",\"contentUrl\":\"https:\/\/vapebulkp.com\/wp-content\/uploads\/2023\/09\/cropped-vapebulkp.png\",\"width\":516,\"height\":163,\"caption\":\"vapebulkp.com\"},\"image\":{\"@id\":\"https:\/\/vapebulkp.com\/#\/schema\/logo\/image\/\"}}]}<\/script>\n<!-- \/ Yoast SEO plugin. -->","yoast_head_json":{"title":"Wholesale Kulx 8000 Puffs Disposable Vape 2% 5% Nicotine - vapebulkp.com","description":"Wholesale Kulx 8000 Puffs Disposable Vape Germany Vape ergonomic design fits perfectly in your hand and is compact enough to slip into your pocket or purse.","robots":{"index":"index","follow":"follow","max-snippet":"max-snippet:-1","max-image-preview":"max-image-preview:large","max-video-preview":"max-video-preview:-1"},"canonical":"https:\/\/vapebulkp.com\/pt\/product\/wholesale-kulx-8000-puffs-disposable-vape\/","og_locale":"pt_PT","og_type":"article","og_title":"Wholesale Kulx 8000 Puffs Disposable Vape 2% 5% Nicotine - vapebulkp.com","og_description":"Wholesale Kulx 8000 Puffs Disposable Vape Germany Vape ergonomic design fits perfectly in your hand and is compact enough to slip into your pocket or purse.","og_url":"https:\/\/vapebulkp.com\/pt\/product\/wholesale-kulx-8000-puffs-disposable-vape\/","og_site_name":"vapebulkp.com","article_modified_time":"2025-09-08T03:39:48+00:00","og_image":[{"width":2560,"height":2560,"url":"http:\/\/vapebulkp.com\/wp-content\/uploads\/2023\/09\/kULX-8000-PUFF-6-scaled.jpg","type":"image\/jpeg"}],"twitter_card":"summary_large_image","twitter_misc":{"Tempo estimado de leitura":"3 minutos"},"schema":{"@context":"https:\/\/schema.org","@graph":[{"@type":"WebPage","@id":"https:\/\/vapebulkp.com\/product\/wholesale-kulx-8000-puffs-disposable-vape\/","url":"https:\/\/vapebulkp.com\/product\/wholesale-kulx-8000-puffs-disposable-vape\/","name":"Wholesale Kulx 8000 Puffs Disposable Vape 2% 5% Nicotine - vapebulkp.com","isPartOf":{"@id":"https:\/\/vapebulkp.com\/#website"},"datePublished":"2023-09-20T09:39:19+00:00","dateModified":"2025-09-08T03:39:48+00:00","description":"Wholesale Kulx 8000 Puffs Disposable Vape Germany Vape ergonomic design fits perfectly in your hand and is compact enough to slip into your pocket or purse.","breadcrumb":{"@id":"https:\/\/vapebulkp.com\/product\/wholesale-kulx-8000-puffs-disposable-vape\/#breadcrumb"},"inLanguage":"pt-PT","potentialAction":[{"@type":"ReadAction","target":["https:\/\/vapebulkp.com\/product\/wholesale-kulx-8000-puffs-disposable-vape\/"]}]},{"@type":"BreadcrumbList","@id":"https:\/\/vapebulkp.com\/product\/wholesale-kulx-8000-puffs-disposable-vape\/#breadcrumb","itemListElement":[{"@type":"ListItem","position":1,"name":"Home","item":"https:\/\/vapebulkp.com\/"},{"@type":"ListItem","position":2,"name":"Hot Trend Vapes","item":"https:\/\/vapebulkp.com\/vape-shop\/"},{"@type":"ListItem","position":3,"name":"Wholesale Kulx 8000 Puffs Disposable Vape 2% 5% Nicotine"}]},{"@type":"WebSite","@id":"https:\/\/vapebulkp.com\/#website","url":"https:\/\/vapebulkp.com\/","name":"vapebulkp.com","description":"Buy Vape In Cheap Bulk Price Near you","publisher":{"@id":"https:\/\/vapebulkp.com\/#organization"},"potentialAction":[{"@type":"SearchAction","target":{"@type":"EntryPoint","urlTemplate":"https:\/\/vapebulkp.com\/?s={search_term_string}"},"query-input":"required name=search_term_string"}],"inLanguage":"pt-PT"},{"@type":"Organization","@id":"https:\/\/vapebulkp.com\/#organization","name":"vapebulkp.com","url":"https:\/\/vapebulkp.com\/","logo":{"@type":"ImageObject","inLanguage":"pt-PT","@id":"https:\/\/vapebulkp.com\/#\/schema\/logo\/image\/","url":"https:\/\/vapebulkp.com\/wp-content\/uploads\/2023\/09\/cropped-vapebulkp.png","contentUrl":"https:\/\/vapebulkp.com\/wp-content\/uploads\/2023\/09\/cropped-vapebulkp.png","width":516,"height":163,"caption":"vapebulkp.com"},"image":{"@id":"https:\/\/vapebulkp.com\/#\/schema\/logo\/image\/"}}]}},"uagb_featured_image_src":{"full":["https:\/\/vapebulkp.com\/wp-content\/uploads\/2023\/09\/kULX-8000-PUFF-6-scaled.jpg",2560,2560,false],"thumbnail":["https:\/\/vapebulkp.com\/wp-content\/uploads\/2023\/09\/kULX-8000-PUFF-6-150x150.jpg",150,150,true],"medium":["https:\/\/vapebulkp.com\/wp-content\/uploads\/2023\/09\/kULX-8000-PUFF-6-300x300.jpg",300,300,true],"medium_large":["https:\/\/vapebulkp.com\/wp-content\/uploads\/2023\/09\/kULX-8000-PUFF-6-768x768.jpg",768,768,true],"large":["https:\/\/vapebulkp.com\/wp-content\/uploads\/2023\/09\/kULX-8000-PUFF-6-1024x1024.jpg",1024,1024,true],"1536x1536":["https:\/\/vapebulkp.com\/wp-content\/uploads\/2023\/09\/kULX-8000-PUFF-6-1536x1536.jpg",1536,1536,true],"2048x2048":["https:\/\/vapebulkp.com\/wp-content\/uploads\/2023\/09\/kULX-8000-PUFF-6-2048x2048.jpg",2048,2048,true],"trp-custom-language-flag":["https:\/\/vapebulkp.com\/wp-content\/uploads\/2023\/09\/kULX-8000-PUFF-6-scaled.jpg",12,12,false],"woocommerce_thumbnail":["https:\/\/vapebulkp.com\/wp-content\/uploads\/2023\/09\/kULX-8000-PUFF-6-300x300.jpg",300,300,true],"woocommerce_single":["https:\/\/vapebulkp.com\/wp-content\/uploads\/2023\/09\/kULX-8000-PUFF-6-600x600.jpg",600,600,true],"woocommerce_gallery_thumbnail":["https:\/\/vapebulkp.com\/wp-content\/uploads\/2023\/09\/kULX-8000-PUFF-6-100x100.jpg",100,100,true],"wcpr-photo-reviews":["https:\/\/vapebulkp.com\/wp-content\/uploads\/2023\/09\/kULX-8000-PUFF-6-scaled.jpg",500,500,false]},"uagb_author_info":{"display_name":"Mandy vape bulk price","author_link":"https:\/\/vapebulkp.com\/pt\/author\/"},"uagb_comment_info":1,"uagb_excerpt":"kulx 8000 puffs The emergence of disposable e-cigarettes is far ahead of the forefront of e-cigarettes. This disposable e-cigarette can hold 8,000 puffs, so you don\u2019t have to worry about running out of power during long journeys. Pls Contact Mandy's WhatsApp For Discount Price+8618077105796 NOTE: Prices on our website does not include shipping costs","_links":{"self":[{"href":"https:\/\/vapebulkp.com\/pt\/wp-json\/wp\/v2\/product\/1547","targetHints":{"allow":["GET"]}}],"collection":[{"href":"https:\/\/vapebulkp.com\/pt\/wp-json\/wp\/v2\/product"}],"about":[{"href":"https:\/\/vapebulkp.com\/pt\/wp-json\/wp\/v2\/types\/product"}],"replies":[{"embeddable":true,"href":"https:\/\/vapebulkp.com\/pt\/wp-json\/wp\/v2\/comments?post=1547"}],"wp:featuredmedia":[{"embeddable":true,"href":"https:\/\/vapebulkp.com\/pt\/wp-json\/wp\/v2\/media\/1554"}],"wp:attachment":[{"href":"https:\/\/vapebulkp.com\/pt\/wp-json\/wp\/v2\/media?parent=1547"}],"wp:term":[{"taxonomy":"product_cat","embeddable":true,"href":"https:\/\/vapebulkp.com\/pt\/wp-json\/wp\/v2\/product_cat?post=1547"},{"taxonomy":"product_tag","embeddable":true,"href":"https:\/\/vapebulkp.com\/pt\/wp-json\/wp\/v2\/product_tag?post=1547"}],"curies":[{"name":"wp","href":"https:\/\/api.w.org\/{rel}","templated":true}]}}