{"id":1609,"date":"2023-09-28T08:50:33","date_gmt":"2023-09-28T06:50:33","guid":{"rendered":"https:\/\/vapebulkp.com\/?post_type=product&#038;p=1609"},"modified":"2025-09-01T05:15:05","modified_gmt":"2025-09-01T03:15:05","slug":"wholesale-tornado-rum-bar-9000-puffs-sweden","status":"publish","type":"product","link":"https:\/\/vapebulkp.com\/pt\/produto\/wholesale-tornado-rum-bar-9000-puffs-sweden\/","title":{"rendered":"Atacado Tornado Novo RUM BAR 9000 Inala\u00e7\u00f5es Portugal"},"content":{"rendered":"<h2>Venda por grosso Tornado RUM BAR 9000 Puffs Portugal<\/h2>\n<p data-start=\"130\" data-end=\"453\">O <strong data-start=\"134\" data-end=\"178\">Venda por grosso Tornado Novo RUM BAR 9000 Puffs<\/strong> \u00e9 um dispositivo de alto desempenho <strong data-start=\"201\" data-end=\"220\">vape descart\u00e1vel<\/strong> concebido para uma satisfa\u00e7\u00e3o duradoura. Com uma bateria recarreg\u00e1vel de 600mAh e carregamento r\u00e1pido Tipo-C, este dispositivo oferece at\u00e9 <strong data-start=\"349\" data-end=\"363\">9000 baforadas<\/strong> sem interrup\u00e7\u00f5es, eliminando a necessidade de recargas frequentes ou substitui\u00e7\u00f5es de bobinas.<\/p>\n<p data-start=\"455\" data-end=\"738\">Equipado com um tanque de e-l\u00edquido de 18ml e uma bobina de malha de 0.8\u03a9, produz vapor denso e sabor rico a cada baforada. Dispon\u00edvel em op\u00e7\u00f5es de 2% e 5% de sal de nicotina, o <strong data-start=\"620\" data-end=\"642\">RUM BAR 9000 Puffs<\/strong> oferece golpes suaves e satisfa\u00e7\u00e3o consistente na garganta para iniciantes e vapers experientes.<\/p>\n<p data-start=\"740\" data-end=\"1002\">Compacto e port\u00e1til, este vape descart\u00e1vel premium \u00e9 ideal para o mercado grossista e de retalho europeu. Perfeito para clientes que procuram um <strong data-start=\"912\" data-end=\"930\">vaporizador com bobina de malha<\/strong> fi\u00e1vel e de alta capacidade com uso prolongado, entrega r\u00e1pida de sabor e manuten\u00e7\u00e3o sem complica\u00e7\u00f5es.<\/p>\n<h6 style=\"text-align: left\"><img decoding=\"async\" class=\"alignnone wp-image-1740\" src=\"http:\/\/vapebulkp.com\/wp-content\/uploads\/2023\/09\/Italy-rum-bar-9000-puff-wholesale-price-1.jpg\" alt=\"Pre\u00e7o de atacado de RandM 9000 9000 puff rum bar It\u00e1lia\" width=\"515\" height=\"515\" srcset=\"https:\/\/vapebulkp.com\/wp-content\/uploads\/2023\/09\/Italy-rum-bar-9000-puff-wholesale-price-1.jpg 1280w, https:\/\/vapebulkp.com\/wp-content\/uploads\/2023\/09\/Italy-rum-bar-9000-puff-wholesale-price-1-300x300.jpg 300w, https:\/\/vapebulkp.com\/wp-content\/uploads\/2023\/09\/Italy-rum-bar-9000-puff-wholesale-price-1-1024x1024.jpg 1024w, https:\/\/vapebulkp.com\/wp-content\/uploads\/2023\/09\/Italy-rum-bar-9000-puff-wholesale-price-1-150x150.jpg 150w, https:\/\/vapebulkp.com\/wp-content\/uploads\/2023\/09\/Italy-rum-bar-9000-puff-wholesale-price-1-768x768.jpg 768w, https:\/\/vapebulkp.com\/wp-content\/uploads\/2023\/09\/Italy-rum-bar-9000-puff-wholesale-price-1-600x600.jpg 600w, https:\/\/vapebulkp.com\/wp-content\/uploads\/2023\/09\/Italy-rum-bar-9000-puff-wholesale-price-1-100x100.jpg 100w\" sizes=\"(max-width: 515px) 100vw, 515px\" \/><\/h6>\n<p>&nbsp;<\/p>\n<h6>Por favor, contacte o WhatsApp da Mandy para um pre\u00e7o com desconto<a href=\"https:\/\/wa.me\/8618077105796\">+8618077105796<\/a><\/h6>\n<p><img decoding=\"async\" class=\"alignnone wp-image-2151\" src=\"http:\/\/vapebulkp.com\/wp-content\/uploads\/2024\/04\/Mandy-WhatsApp-Randm.jpg\" alt=\"WhatsApp da Mandy Randm\" width=\"259\" height=\"275\" srcset=\"https:\/\/vapebulkp.com\/wp-content\/uploads\/2024\/04\/Mandy-WhatsApp-Randm.jpg 916w, https:\/\/vapebulkp.com\/wp-content\/uploads\/2024\/04\/Mandy-WhatsApp-Randm-282x300.jpg 282w, https:\/\/vapebulkp.com\/wp-content\/uploads\/2024\/04\/Mandy-WhatsApp-Randm-768x817.jpg 768w, https:\/\/vapebulkp.com\/wp-content\/uploads\/2024\/04\/Mandy-WhatsApp-Randm-600x638.jpg 600w\" sizes=\"(max-width: 259px) 100vw, 259px\" \/><\/p>\n<h2><span style=\"vertical-align: inherit\">Pens\u00e1mos que gostaria de saber sobre o Melhor Vape Descart\u00e1vel Rumbar 9000 Puffs:<\/span><\/h2>\n<p>&nbsp;<\/p>\n<h5>1.QUAL \u00c9 A CAPACIDADE DE E-L\u00cdQUIDO DO RUMBAR 9000 PUFFS?<\/h5>\n<p>Este dispositivo tem 18ml de e-l\u00edquido.<\/p>\n<h5>2.QUANTO TEMPO DURA O VAPE RUMBAR 9000 PUFFS?<\/h5>\n<p>500 puffs\/dia, pode durar 24 dias<br \/>\n1000 puffs\/dia, pode durar 12 dias<br \/>\n2000 puffs\/dia, pode durar 6 dias<\/p>\n<h5>3.COMO CARREGAR O DISPOSITIVO VAPE DESCART\u00c1VEL RandM Rumbar 9000 PUFFS?<\/h5>\n<p>N\u00e3o \u00e9 poss\u00edvel utilizar carregadores de carregamento r\u00e1pido. A pot\u00eancia de seguran\u00e7a padr\u00e3o dos cigarros eletr\u00f3nicos descart\u00e1veis \u00e9 de 5V 1A. Cada tempo de carregamento n\u00e3o pode exceder 1 hora, e o tempo de carregamento seguro \u00e9 de meia hora.<\/p>\n<h3><strong><span style=\"vertical-align: inherit\">Especifica\u00e7\u00f5es do Produto Vape Rumbar 9000 Puffs:<\/span><br \/>\n<\/strong><\/h3>\n<p>Bateria: 600mAh (Tipo C)<br \/>\nCapacidade: 18ml<br \/>\nBobina: malha de 0,8 ohm<br \/>\nVolume de inala\u00e7\u00e3o aproximado: 9000 inala\u00e7\u00f5es<br \/>\nFor\u00e7a de nicotina adicional: 21%, 5%<br \/>\nQuantidade M\u00ednima de Encomenda: 100 unidades<\/p>\n<h3><strong>Quais s\u00e3o os melhores sabores do vaporizador RUM BAR 9000 Puffs?<\/strong><\/h3>\n<p>&nbsp;<\/p>\n<p>1)Hortel\u00e3 fresca<\/p>\n<p>2)Cola gelo<\/p>\n<p>3)Melancia gelo<\/p>\n<p>4)Uva gelo<\/p>\n<p>5)Mirtilo gelo<\/p>\n<p>6)Ma\u00e7\u00e3 gelo<\/p>\n<p>7)Lich\u00ed gelo<\/p>\n<p>8)Goiaba gelo<\/p>\n<p>9)Morango gelo<\/p>\n<p>10)Manga gelo<\/p>\n<p><a href=\"https:\/\/vapebulkp.com\/pt\/produto\/wholesale-price-disposable-vape-crystal-600-puffs\/\"><span style=\"vertical-align: inherit\">Bom Venda Cristal 600 Vapores <\/span><\/a><\/p>\n<p><span style=\"vertical-align: inherit\">Encontre mais produtos que possa gostar:<\/span><em><a href=\"https:\/\/wa.me\/8618077105796\"><span style=\"vertical-align: inherit\">\u00a0Compre agora<\/span><\/a><\/em><\/p>\n<p><span style=\"vertical-align: inherit\">Outros Puffs Que Poder\u00e1 Gostar:<\/span><a href=\"https:\/\/vapebulkp.com\/pt\/produto\/bang-king-12000puffs\/\"><span style=\"vertical-align: inherit\">Bang King 12000 Inala\u00e7\u00f5es<\/span><\/a><span style=\"vertical-align: inherit\">\u3001<\/span><a href=\"https:\/\/vapebulkp.com\/pt\/produto\/wholesale-randm-tornado-9000-puffs-germany\/\"><span style=\"vertical-align: inherit\">RandM Tornado 9000 Inala\u00e7\u00f5es<\/span><\/a><span style=\"vertical-align: inherit\">\/ <\/span><a href=\"https:\/\/vapebulkp.com\/pt\/produto\/popular-kulx-10000puffs-disposable-vape-good-price\/\"><span style=\"vertical-align: inherit\">Kulx 10000 Puffes<\/span><\/a><span style=\"vertical-align: inherit\">\/ <\/span><a href=\"https:\/\/vapebulkp.com\/pt\/produto\/wholesale-disposbale-vape-sidia-12000puffs\/\"><span style=\"vertical-align: inherit\">SIDIA 12000 Puffs<\/span><\/a><\/p>\n<p><span style=\"vertical-align: inherit\">Garrafa de cigarro eletr\u00f3nico com formato especial:<\/span><a href=\"https:\/\/vapebulkp.com\/pt\/produto\/wholesale-kulx-8000-puffs-disposable-vape\/\"><span style=\"vertical-align: inherit\">Kulx 8000 Baforadas <\/span><\/a><span style=\"vertical-align: inherit\">\/ <\/span><a href=\"https:\/\/vapebulkp.com\/pt\/produto\/wholesale-tornado-rum-bar-9000-puffs-sweden\/\"><span style=\"vertical-align: inherit\">Rumbar 9000 Puffes\u00a0 <\/span><\/a><span style=\"vertical-align: inherit\">\/<\/span><a href=\"https:\/\/vapebulkp.com\/pt\/produto\/fumot-digital-box-12000-disposable-vape-wholesale\/\"><span style=\"vertical-align: inherit\">Fumot Digital Box 12000 Puffs <\/span><\/a><\/p>\n<h4>Qualifica\u00e7\u00e3o da Produ\u00e7\u00e3o:<\/h4>\n<p><img decoding=\"async\" class=\"alignnone size-full wp-image-1841\" src=\"http:\/\/vapebulkp.com\/wp-content\/uploads\/2023\/11\/Vape-production-process-2.jpeg\" alt=\"Processo de produ\u00e7\u00e3o de vape\" width=\"650\" height=\"434\" srcset=\"https:\/\/vapebulkp.com\/wp-content\/uploads\/2023\/11\/Vape-production-process-2.jpeg 650w, https:\/\/vapebulkp.com\/wp-content\/uploads\/2023\/11\/Vape-production-process-2-300x200.jpeg 300w, https:\/\/vapebulkp.com\/wp-content\/uploads\/2023\/11\/Vape-production-process-2-600x401.jpeg 600w\" sizes=\"(max-width: 650px) 100vw, 650px\" \/><\/p>\n<p><img decoding=\"async\" class=\"alignnone size-full wp-image-1843\" src=\"http:\/\/vapebulkp.com\/wp-content\/uploads\/2023\/11\/Vape-production-process.jpeg\" alt=\"Processo de produ\u00e7\u00e3o de vape\" width=\"641\" height=\"1026\" srcset=\"https:\/\/vapebulkp.com\/wp-content\/uploads\/2023\/11\/Vape-production-process.jpeg 641w, https:\/\/vapebulkp.com\/wp-content\/uploads\/2023\/11\/Vape-production-process-187x300.jpeg 187w, https:\/\/vapebulkp.com\/wp-content\/uploads\/2023\/11\/Vape-production-process-640x1024.jpeg 640w, https:\/\/vapebulkp.com\/wp-content\/uploads\/2023\/11\/Vape-production-process-600x960.jpeg 600w\" sizes=\"(max-width: 641px) 100vw, 641px\" \/><\/p>\n<h5>Perguntas Frequentes:<\/h5>\n<p>P: Qual \u00e9 o pedido m\u00ednimo do Rumbar 9000 Puffs?<br \/>\nR: A encomenda m\u00ednima \u00e9 de 100 unidades.<br \/>\nP: Qual \u00e9 o tempo de entrega para o vaporizador encomendado?<br \/>\nR: Geralmente s\u00e3o 10-15 dias ap\u00f3s o envio<br \/>\nP: Quanto custa o envio? R: Os custos de envio dependem do peso. Os custos de envio variam dependendo da quantidade, e os custos de envio em cada pa\u00eds s\u00e3o diferentes. Antes de fazer um pedido, entre em contato connosco para confirmar o custo de envio. Proporcionaremos uma experi\u00eancia de compra satisfat\u00f3ria.<\/p>\n<h4>Detalhes de envio:<\/h4>\n<p>Tempo de produ\u00e7\u00e3o: 5-10 dias \u00fateis<br \/>\nTempo de envio: 8-14 dias \u00fateis<\/p>\n<p>Todos os produtos na nossa loja s\u00e3o 100% originais e aut\u00eanticos, por isso a nossa pol\u00edtica \u00e9 dez vezes a compensa\u00e7\u00e3o por produtos falsificados. Usamos canais de log\u00edstica como UPS\/DHL\/FEDEX\/DPD para entregar os produtos a si.<\/p>\n<p>Para encomendas enviadas para Portugal, a chegada demora geralmente 10 dias \u00fateis. O envio para outros pa\u00edses europeus geralmente demora de 12 a 15 dias \u00fateis a chegar. Atualizaremos as informa\u00e7\u00f5es de log\u00edstica para si em tempo real.<\/p>\n<h3>Bom servi\u00e7o p\u00f3s-venda:<\/h3>\n<p>Aviso: Sem reembolsos ou trocas para problemas n\u00e3o relacionados com a qualidade<br \/>\n1. Os clientes podem escolher o sabor que desejam, mas se o sabor estiver esgotado, o departamento de produ\u00e7\u00e3o escolher\u00e1 um sabor popular para o substituir. Os clientes n\u00e3o est\u00e3o autorizados a solicitar reembolsos ou trocas com base nos sabores.<\/p>\n<p>2. Quando ocorrerem problemas de qualidade, forne\u00e7a descri\u00e7\u00f5es espec\u00edficas em v\u00eddeo e imagem.<br \/>\nSe n\u00e3o conseguir fornecer provas como v\u00eddeos e fotos, os produtos n\u00e3o podem ser substitu\u00eddos.<\/p>","protected":false},"excerpt":{"rendered":"<p>Junte-se \u00e0 linha de cigarros eletr\u00f3nicos mais vendidos com os cigarros eletr\u00f3nicos descart\u00e1veis RUM BAR 9000 Puffs. Diga adeus aos problemas dos cigarros eletr\u00f3nicos tradicionais e desfrute da liberdade dos cigarros eletr\u00f3nicos a qualquer hora e em qualquer lugar. Com 18 ml de l\u00edquido para cigarros eletr\u00f3nicos, pode experimentar o seu sabor \u00fanico.<\/p>\n<p><img decoding=\"async\" class=\"alignnone wp-image-2151\" src=\"http:\/\/vapebulkp.com\/wp-content\/uploads\/2024\/04\/Mandy-WhatsApp-Randm.jpg\" alt=\"WhatsApp da Mandy Randm\" width=\"279\" height=\"296\" srcset=\"https:\/\/vapebulkp.com\/wp-content\/uploads\/2024\/04\/Mandy-WhatsApp-Randm.jpg 916w, https:\/\/vapebulkp.com\/wp-content\/uploads\/2024\/04\/Mandy-WhatsApp-Randm-282x300.jpg 282w, https:\/\/vapebulkp.com\/wp-content\/uploads\/2024\/04\/Mandy-WhatsApp-Randm-768x817.jpg 768w, https:\/\/vapebulkp.com\/wp-content\/uploads\/2024\/04\/Mandy-WhatsApp-Randm-600x638.jpg 600w\" sizes=\"(max-width: 279px) 100vw, 279px\" \/><\/p>\n<p>Por favor, contacte o WhatsApp da Mandy para um pre\u00e7o com desconto<a href=\"https:\/\/wa.me\/8618077105796\">+8618077105796<\/a><\/p>\n<p><span style=\"color: #ff0000\">NOTA: Os pre\u00e7os no nosso site n\u00e3o incluem os custos de envio<\/span><\/p>","protected":false},"featured_media":1733,"comment_status":"open","ping_status":"closed","template":"","meta":{"_uag_custom_page_level_css":"","_lmt_disableupdate":"no","_lmt_disable":"","site-sidebar-layout":"default","site-content-layout":"content-boxed-container","ast-site-content-layout":"normal-width-container","site-content-style":"boxed","site-sidebar-style":"unboxed","ast-global-header-display":"","ast-banner-title-visibility":"","ast-main-header-display":"","ast-hfb-above-header-display":"","ast-hfb-below-header-display":"","ast-hfb-mobile-header-display":"","site-post-title":"","ast-breadcrumbs-content":"","ast-featured-img":"","footer-sml-layout":"","theme-transparent-header-meta":"default","adv-header-id-meta":"","stick-header-meta":"","header-above-stick-meta":"","header-main-stick-meta":"","header-below-stick-meta":"","astra-migrate-meta-layouts":"set","_joinchat":[]},"product_cat":[168,153,155,33,59,100,34,158,157,154,152,58,84,156,63,32],"product_tag":[47,64,36,37,41,74,40],"class_list":["post-1609","product","type-product","status-publish","has-post-thumbnail","hentry","product_cat-9000-puffs-disposable-vape","product_cat-hot-disposable-vapes","product_cat-belgium-hot-disposable-vapes","product_cat-france-vape-hot-sale","product_cat-germany-hot-disposable-vape","product_cat-germany-wholesale-vape-shop","product_cat-netherlands-vape-good-sale","product_cat-norway-hot-disposable-vapes","product_cat-poland-hot-disposable-vapes","product_cat-portugal-hot-disposable-vapes","product_cat-spain-hot-disposable-vapes","product_cat-sweden-hot-disposable-vape","product_cat-sweden-wholesale-vape","product_cat-switzerland-hot-disposable-vapes","product_cat-top-sale-disposable-vape","product_cat-vape-hot-sale-this-week","product_tag-9000puffs","product_tag-france-hot-vape","product_tag-good-vape","product_tag-hot-sale-disposable-vape","product_tag-poland-hot-vape","product_tag-randm-vape","product_tag-sweden-hot-vape","desktop-align-left","tablet-align-left","mobile-align-left"],"yoast_head":"<!-- This site is optimized with the Yoast SEO plugin v21.1 - https:\/\/yoast.com\/wordpress\/plugins\/seo\/ -->\n<title>Wholesale Tornado New RUM BAR 9000 Puffs Sweden - vapebulkp.com<\/title>\n<meta name=\"description\" content=\"Wholesale Price RUM BAR 9000 Puffs German Vape Ergonomically designed perfectly, allows me to carry it easily and has its unique taste\u3002\" \/>\n<meta name=\"robots\" content=\"index, follow, max-snippet:-1, max-image-preview:large, max-video-preview:-1\" \/>\n<link rel=\"canonical\" href=\"https:\/\/vapebulkp.com\/pt\/produto\/wholesale-tornado-rum-bar-9000-puffs-sweden\/\" \/>\n<meta property=\"og:locale\" content=\"pt_PT\" \/>\n<meta property=\"og:type\" content=\"article\" \/>\n<meta property=\"og:title\" content=\"Wholesale Tornado New RUM BAR 9000 Puffs Sweden - vapebulkp.com\" \/>\n<meta property=\"og:description\" content=\"Wholesale Price RUM BAR 9000 Puffs German Vape Ergonomically designed perfectly, allows me to carry it easily and has its unique taste\u3002\" \/>\n<meta property=\"og:url\" content=\"https:\/\/vapebulkp.com\/pt\/produto\/wholesale-tornado-rum-bar-9000-puffs-sweden\/\" \/>\n<meta property=\"og:site_name\" content=\"vapebulkp.com\" \/>\n<meta property=\"article:modified_time\" content=\"2025-09-01T03:15:05+00:00\" \/>\n<meta property=\"og:image\" content=\"http:\/\/vapebulkp.com\/wp-content\/uploads\/2023\/09\/RAN-TORNADO-9000.jpg\" \/>\n\t<meta property=\"og:image:width\" content=\"600\" \/>\n\t<meta property=\"og:image:height\" content=\"600\" \/>\n\t<meta property=\"og:image:type\" content=\"image\/jpeg\" \/>\n<meta name=\"twitter:card\" content=\"summary_large_image\" \/>\n<meta name=\"twitter:label1\" content=\"Tempo estimado de leitura\" \/>\n\t<meta name=\"twitter:data1\" content=\"4 minutos\" \/>\n<script type=\"application\/ld+json\" class=\"yoast-schema-graph\">{\"@context\":\"https:\/\/schema.org\",\"@graph\":[{\"@type\":\"WebPage\",\"@id\":\"https:\/\/vapebulkp.com\/product\/wholesale-tornado-rum-bar-9000-puffs-sweden\/\",\"url\":\"https:\/\/vapebulkp.com\/product\/wholesale-tornado-rum-bar-9000-puffs-sweden\/\",\"name\":\"Wholesale Tornado New RUM BAR 9000 Puffs Sweden - vapebulkp.com\",\"isPartOf\":{\"@id\":\"https:\/\/vapebulkp.com\/#website\"},\"datePublished\":\"2023-09-28T06:50:33+00:00\",\"dateModified\":\"2025-09-01T03:15:05+00:00\",\"description\":\"Wholesale Price RUM BAR 9000 Puffs German Vape Ergonomically designed perfectly, allows me to carry it easily and has its unique taste\u3002\",\"breadcrumb\":{\"@id\":\"https:\/\/vapebulkp.com\/product\/wholesale-tornado-rum-bar-9000-puffs-sweden\/#breadcrumb\"},\"inLanguage\":\"pt-PT\",\"potentialAction\":[{\"@type\":\"ReadAction\",\"target\":[\"https:\/\/vapebulkp.com\/product\/wholesale-tornado-rum-bar-9000-puffs-sweden\/\"]}]},{\"@type\":\"BreadcrumbList\",\"@id\":\"https:\/\/vapebulkp.com\/product\/wholesale-tornado-rum-bar-9000-puffs-sweden\/#breadcrumb\",\"itemListElement\":[{\"@type\":\"ListItem\",\"position\":1,\"name\":\"Home\",\"item\":\"https:\/\/vapebulkp.com\/\"},{\"@type\":\"ListItem\",\"position\":2,\"name\":\"Hot Trend Vapes\",\"item\":\"https:\/\/vapebulkp.com\/vape-shop\/\"},{\"@type\":\"ListItem\",\"position\":3,\"name\":\"Wholesale Tornado New RUM BAR 9000 Puffs Sweden\"}]},{\"@type\":\"WebSite\",\"@id\":\"https:\/\/vapebulkp.com\/#website\",\"url\":\"https:\/\/vapebulkp.com\/\",\"name\":\"vapebulkp.com\",\"description\":\"Buy Vape In Cheap Bulk Price Near you\",\"publisher\":{\"@id\":\"https:\/\/vapebulkp.com\/#organization\"},\"potentialAction\":[{\"@type\":\"SearchAction\",\"target\":{\"@type\":\"EntryPoint\",\"urlTemplate\":\"https:\/\/vapebulkp.com\/?s={search_term_string}\"},\"query-input\":\"required name=search_term_string\"}],\"inLanguage\":\"pt-PT\"},{\"@type\":\"Organization\",\"@id\":\"https:\/\/vapebulkp.com\/#organization\",\"name\":\"vapebulkp.com\",\"url\":\"https:\/\/vapebulkp.com\/\",\"logo\":{\"@type\":\"ImageObject\",\"inLanguage\":\"pt-PT\",\"@id\":\"https:\/\/vapebulkp.com\/#\/schema\/logo\/image\/\",\"url\":\"https:\/\/vapebulkp.com\/wp-content\/uploads\/2023\/09\/cropped-vapebulkp.png\",\"contentUrl\":\"https:\/\/vapebulkp.com\/wp-content\/uploads\/2023\/09\/cropped-vapebulkp.png\",\"width\":516,\"height\":163,\"caption\":\"vapebulkp.com\"},\"image\":{\"@id\":\"https:\/\/vapebulkp.com\/#\/schema\/logo\/image\/\"}}]}<\/script>\n<!-- \/ Yoast SEO plugin. -->","yoast_head_json":{"title":"Wholesale Tornado New RUM BAR 9000 Puffs Sweden - vapebulkp.com","description":"Wholesale Price RUM BAR 9000 Puffs German Vape Ergonomically designed perfectly, allows me to carry it easily and has its unique taste\u3002","robots":{"index":"index","follow":"follow","max-snippet":"max-snippet:-1","max-image-preview":"max-image-preview:large","max-video-preview":"max-video-preview:-1"},"canonical":"https:\/\/vapebulkp.com\/pt\/produto\/wholesale-tornado-rum-bar-9000-puffs-sweden\/","og_locale":"pt_PT","og_type":"article","og_title":"Wholesale Tornado New RUM BAR 9000 Puffs Sweden - vapebulkp.com","og_description":"Wholesale Price RUM BAR 9000 Puffs German Vape Ergonomically designed perfectly, allows me to carry it easily and has its unique taste\u3002","og_url":"https:\/\/vapebulkp.com\/pt\/produto\/wholesale-tornado-rum-bar-9000-puffs-sweden\/","og_site_name":"vapebulkp.com","article_modified_time":"2025-09-01T03:15:05+00:00","og_image":[{"width":600,"height":600,"url":"http:\/\/vapebulkp.com\/wp-content\/uploads\/2023\/09\/RAN-TORNADO-9000.jpg","type":"image\/jpeg"}],"twitter_card":"summary_large_image","twitter_misc":{"Tempo estimado de leitura":"4 minutos"},"schema":{"@context":"https:\/\/schema.org","@graph":[{"@type":"WebPage","@id":"https:\/\/vapebulkp.com\/product\/wholesale-tornado-rum-bar-9000-puffs-sweden\/","url":"https:\/\/vapebulkp.com\/product\/wholesale-tornado-rum-bar-9000-puffs-sweden\/","name":"Wholesale Tornado New RUM BAR 9000 Puffs Sweden - vapebulkp.com","isPartOf":{"@id":"https:\/\/vapebulkp.com\/#website"},"datePublished":"2023-09-28T06:50:33+00:00","dateModified":"2025-09-01T03:15:05+00:00","description":"Wholesale Price RUM BAR 9000 Puffs German Vape Ergonomically designed perfectly, allows me to carry it easily and has its unique taste\u3002","breadcrumb":{"@id":"https:\/\/vapebulkp.com\/product\/wholesale-tornado-rum-bar-9000-puffs-sweden\/#breadcrumb"},"inLanguage":"pt-PT","potentialAction":[{"@type":"ReadAction","target":["https:\/\/vapebulkp.com\/product\/wholesale-tornado-rum-bar-9000-puffs-sweden\/"]}]},{"@type":"BreadcrumbList","@id":"https:\/\/vapebulkp.com\/product\/wholesale-tornado-rum-bar-9000-puffs-sweden\/#breadcrumb","itemListElement":[{"@type":"ListItem","position":1,"name":"Home","item":"https:\/\/vapebulkp.com\/"},{"@type":"ListItem","position":2,"name":"Hot Trend Vapes","item":"https:\/\/vapebulkp.com\/vape-shop\/"},{"@type":"ListItem","position":3,"name":"Wholesale Tornado New RUM BAR 9000 Puffs Sweden"}]},{"@type":"WebSite","@id":"https:\/\/vapebulkp.com\/#website","url":"https:\/\/vapebulkp.com\/","name":"vapebulkp.com","description":"Buy Vape In Cheap Bulk Price Near you","publisher":{"@id":"https:\/\/vapebulkp.com\/#organization"},"potentialAction":[{"@type":"SearchAction","target":{"@type":"EntryPoint","urlTemplate":"https:\/\/vapebulkp.com\/?s={search_term_string}"},"query-input":"required name=search_term_string"}],"inLanguage":"pt-PT"},{"@type":"Organization","@id":"https:\/\/vapebulkp.com\/#organization","name":"vapebulkp.com","url":"https:\/\/vapebulkp.com\/","logo":{"@type":"ImageObject","inLanguage":"pt-PT","@id":"https:\/\/vapebulkp.com\/#\/schema\/logo\/image\/","url":"https:\/\/vapebulkp.com\/wp-content\/uploads\/2023\/09\/cropped-vapebulkp.png","contentUrl":"https:\/\/vapebulkp.com\/wp-content\/uploads\/2023\/09\/cropped-vapebulkp.png","width":516,"height":163,"caption":"vapebulkp.com"},"image":{"@id":"https:\/\/vapebulkp.com\/#\/schema\/logo\/image\/"}}]}},"uagb_featured_image_src":{"full":["https:\/\/vapebulkp.com\/wp-content\/uploads\/2023\/09\/RAN-TORNADO-9000.jpg",600,600,false],"thumbnail":["https:\/\/vapebulkp.com\/wp-content\/uploads\/2023\/09\/RAN-TORNADO-9000-150x150.jpg",150,150,true],"medium":["https:\/\/vapebulkp.com\/wp-content\/uploads\/2023\/09\/RAN-TORNADO-9000-300x300.jpg",300,300,true],"medium_large":["https:\/\/vapebulkp.com\/wp-content\/uploads\/2023\/09\/RAN-TORNADO-9000.jpg",600,600,false],"large":["https:\/\/vapebulkp.com\/wp-content\/uploads\/2023\/09\/RAN-TORNADO-9000.jpg",600,600,false],"1536x1536":["https:\/\/vapebulkp.com\/wp-content\/uploads\/2023\/09\/RAN-TORNADO-9000.jpg",600,600,false],"2048x2048":["https:\/\/vapebulkp.com\/wp-content\/uploads\/2023\/09\/RAN-TORNADO-9000.jpg",600,600,false],"trp-custom-language-flag":["https:\/\/vapebulkp.com\/wp-content\/uploads\/2023\/09\/RAN-TORNADO-9000.jpg",12,12,false],"woocommerce_thumbnail":["https:\/\/vapebulkp.com\/wp-content\/uploads\/2023\/09\/RAN-TORNADO-9000-300x300.jpg",300,300,true],"woocommerce_single":["https:\/\/vapebulkp.com\/wp-content\/uploads\/2023\/09\/RAN-TORNADO-9000.jpg",600,600,false],"woocommerce_gallery_thumbnail":["https:\/\/vapebulkp.com\/wp-content\/uploads\/2023\/09\/RAN-TORNADO-9000-100x100.jpg",100,100,true],"wcpr-photo-reviews":["https:\/\/vapebulkp.com\/wp-content\/uploads\/2023\/09\/RAN-TORNADO-9000.jpg",500,500,false]},"uagb_author_info":{"display_name":"Mandy vape bulk price","author_link":"https:\/\/vapebulkp.com\/pt\/author\/"},"uagb_comment_info":1,"uagb_excerpt":"Join the ranks of best-selling e-cigarettes with RUM BAR 9000Puffs disposable e-cigarettes. Say goodbye to the troubles of traditional e-cigarettes and enjoy the freedom of e-cigarettes anytime and anywhere. With 18 ml of e-cigarette oil, you can experience its unique taste. Pls Contact Mandy's WhatsApp For Discount Price+8618077105796 NOTE: Prices on our website does not&hellip;","_links":{"self":[{"href":"https:\/\/vapebulkp.com\/pt\/wp-json\/wp\/v2\/product\/1609","targetHints":{"allow":["GET"]}}],"collection":[{"href":"https:\/\/vapebulkp.com\/pt\/wp-json\/wp\/v2\/product"}],"about":[{"href":"https:\/\/vapebulkp.com\/pt\/wp-json\/wp\/v2\/types\/product"}],"replies":[{"embeddable":true,"href":"https:\/\/vapebulkp.com\/pt\/wp-json\/wp\/v2\/comments?post=1609"}],"wp:featuredmedia":[{"embeddable":true,"href":"https:\/\/vapebulkp.com\/pt\/wp-json\/wp\/v2\/media\/1733"}],"wp:attachment":[{"href":"https:\/\/vapebulkp.com\/pt\/wp-json\/wp\/v2\/media?parent=1609"}],"wp:term":[{"taxonomy":"product_cat","embeddable":true,"href":"https:\/\/vapebulkp.com\/pt\/wp-json\/wp\/v2\/product_cat?post=1609"},{"taxonomy":"product_tag","embeddable":true,"href":"https:\/\/vapebulkp.com\/pt\/wp-json\/wp\/v2\/product_tag?post=1609"}],"curies":[{"name":"wp","href":"https:\/\/api.w.org\/{rel}","templated":true}]}}