{"id":1622,"date":"2023-09-28T09:40:29","date_gmt":"2023-09-28T07:40:29","guid":{"rendered":"https:\/\/vapebulkp.com\/?post_type=product&#038;p=1622"},"modified":"2025-09-01T05:11:02","modified_gmt":"2025-09-01T03:11:02","slug":"wholesale-disposable-vape-sidia-12000puffs","status":"publish","type":"product","link":"https:\/\/vapebulkp.com\/pt\/product\/wholesale-disposable-vape-sidia-12000puffs\/","title":{"rendered":"Vape Descart\u00e1vel por Atacado SIDIA 12000 Baforadas"},"content":{"rendered":"<h2>O que \u00e9 o Vaporizador Descart\u00e1vel Atacado SIDIA 12000 Puffs?<\/h2>\n<p>&nbsp;<\/p>\n<p data-start=\"299\" data-end=\"613\">O Vape Mais Vendido <strong data-start=\"343\" data-end=\"363\">SIDIA 12000 Puffs<\/strong> \u00e9 um vape descart\u00e1vel de alta capacidade <a href=\"https:\/\/vapebulkp.com\/pt\/product-category\/12000-puffs-disposable-vape\/\"><strong data-start=\"383\" data-end=\"414\">Vape Descart\u00e1vel de 12000 Puffs<\/strong><\/a> constru\u00eddo para utilizadores europeus que exigem desempenho duradouro e sabor rico. Equipado com tecnologia avan\u00e7ada de bobina e um tanque de e-l\u00edquido de 20ml, oferece vapor suave e consistente a cada puff.<\/p>\n<p data-start=\"615\" data-end=\"887\">Projetado para conveni\u00eancia, este <strong data-start=\"646\" data-end=\"678\">vaporizador descart\u00e1vel recarreg\u00e1vel<\/strong> apresenta um corpo compacto e ergon\u00f4mico que \u00e9 f\u00e1cil de transportar, tornando-o perfeito para uso di\u00e1rio ou para vaporizar em movimento. Com op\u00e7\u00f5es de sais de nicotina de 2% a 5%, atende a prefer\u00eancias de intensidade moderada e forte.<\/p>\n<p data-start=\"889\" data-end=\"1163\">De tabaco cl\u00e1ssico a mentol e misturas de sabores ex\u00f3ticos, o <strong data-start=\"951\" data-end=\"971\">SIDIA 12000 Puffs<\/strong> produz nuvens densas e sabor aut\u00eantico para uma sess\u00e3o de vaporiza\u00e7\u00e3o satisfat\u00f3ria. Ideal para retalhistas e compradores a granel, este <strong data-start=\"1087\" data-end=\"1108\">vape a granel na UE<\/strong> op\u00e7\u00e3o vem pronta para envio de armaz\u00e9ns europeus.<\/p>\n<p>&nbsp;<\/p>\n<p><img decoding=\"async\" class=\"alignnone wp-image-1732\" src=\"http:\/\/vapebulkp.com\/wp-content\/uploads\/2023\/09\/Hot-Selling-Sidia-12000-Puffs-20-Ml-Disposable_yyth-8-1.png\" alt=\"Sidia 12000 Puffs 20 Ml Descart\u00e1vel Mais Vendido_yyth (8)\" width=\"706\" height=\"431\" srcset=\"https:\/\/vapebulkp.com\/wp-content\/uploads\/2023\/09\/Hot-Selling-Sidia-12000-Puffs-20-Ml-Disposable_yyth-8-1.png 1060w, https:\/\/vapebulkp.com\/wp-content\/uploads\/2023\/09\/Hot-Selling-Sidia-12000-Puffs-20-Ml-Disposable_yyth-8-1-300x183.png 300w, https:\/\/vapebulkp.com\/wp-content\/uploads\/2023\/09\/Hot-Selling-Sidia-12000-Puffs-20-Ml-Disposable_yyth-8-1-1024x625.png 1024w, https:\/\/vapebulkp.com\/wp-content\/uploads\/2023\/09\/Hot-Selling-Sidia-12000-Puffs-20-Ml-Disposable_yyth-8-1-768x469.png 768w, https:\/\/vapebulkp.com\/wp-content\/uploads\/2023\/09\/Hot-Selling-Sidia-12000-Puffs-20-Ml-Disposable_yyth-8-1-600x366.png 600w\" sizes=\"(max-width: 706px) 100vw, 706px\" \/><\/p>\n<h5 class=\"style-scope ytd-watch-metadata\">1.Como usar o Vape Pen SIDIA 12000 Puffs para Compra a Granel?<\/h5>\n<p>Passo 1. Antes de usar 12k baforadas, desligue o tubo de pl\u00e1stico.<\/p>\n<p>Passo 2. Espere cerca de 3 minutos para que o l\u00edquido entre na bobina interna.<\/p>\n<p>Passo 3. Desfrute<\/p>\n<h5>2.COMO CARREGAR O DISPOSITIVO DE VAPORIZADOR DESCART\u00c1VEL SIDIA 12000 PUFFS?<\/h5>\n<p>N\u00e3o \u00e9 poss\u00edvel usar carregadores de carregamento r\u00e1pido, e a pot\u00eancia segura padr\u00e3o dos cigarros eletr\u00f3nicos descart\u00e1veis \u00e9 de 5V 1A.<\/p>\n<p>Cada tempo de carregamento n\u00e3o pode exceder 1 hora, e o tempo de carregamento seguro \u00e9 de meia hora.<\/p>\n<p><span style=\"color: #ff6600\">Aviso: n\u00e3o recarregue durante toda a noite!<\/span><\/p>\n<h6 style=\"text-align: left\"><\/h6>\n<h6>Por favor, contacte o WhatsApp da Mandy para um pre\u00e7o com desconto<a href=\"https:\/\/wa.me\/8618077105796\">+8618077105796<\/a><\/h6>\n<p><img decoding=\"async\" class=\"alignnone wp-image-2151\" src=\"http:\/\/vapebulkp.com\/wp-content\/uploads\/2024\/04\/Mandy-WhatsApp-Randm.jpg\" alt=\"Mandy WhatsApp Randm\" width=\"329\" height=\"350\" srcset=\"https:\/\/vapebulkp.com\/wp-content\/uploads\/2024\/04\/Mandy-WhatsApp-Randm.jpg 916w, https:\/\/vapebulkp.com\/wp-content\/uploads\/2024\/04\/Mandy-WhatsApp-Randm-282x300.jpg 282w, https:\/\/vapebulkp.com\/wp-content\/uploads\/2024\/04\/Mandy-WhatsApp-Randm-768x817.jpg 768w, https:\/\/vapebulkp.com\/wp-content\/uploads\/2024\/04\/Mandy-WhatsApp-Randm-600x638.jpg 600w\" sizes=\"(max-width: 329px) 100vw, 329px\" \/><\/p>\n<p>&nbsp;<\/p>\n<h3><strong><span style=\"vertical-align: inherit\">Especifica\u00e7\u00e3o do Produto para Vape Atacado SIDIA 12K PUFF:<\/span><br \/>\n<\/strong><\/h3>\n<ul>\n<li>Bateria: 650mAh (Tipo C)<br \/>\nCapacidade: 20ml<br \/>\nBobina: malha de 0,8 ohm<br \/>\nVolume de suc\u00e7\u00e3o aproximado: 12000 baforadas<br \/>\nFor\u00e7a de nicotina adicional: 21%, 5%<br \/>\nQuantidade M\u00ednima de Encomenda: 100 unidades<\/li>\n<\/ul>\n<h3><strong>Quais s\u00e3o os Melhores Sabores do Vape SIDIA 12000 Puffs?<\/strong><\/h3>\n<p>&nbsp;<\/p>\n<p>1.Gelo Exuberante<br \/>\n2.Mirtilo com Gelo<br \/>\n3.P\u00eassego com Gelo<br \/>\n4. Uva Ice<br \/>\n5.Frutos Silvestres<br \/>\n6.Morango com Melancia<br \/>\n7.Morango Banana<br \/>\n8. Morango Kiwi<br \/>\n9. Red Energy Ice<br \/>\n10. Blue Razz Lemonade<br \/>\n11. Kiwi Maracuj\u00e1 Goiaba<\/p>\n<p><a href=\"https:\/\/vapebulkp.com\/pt\/product\/wholesale-price-disposable-vape-crystal-600-puffs\/\"><span style=\"vertical-align: inherit\">Bom Venda Cristal 600 Vapores <\/span><\/a><\/p>\n<p><span style=\"vertical-align: inherit\">Encontre mais produtos que possa gostar:<\/span><em><a href=\"https:\/\/wa.me\/8618077105796\"><span style=\"vertical-align: inherit\">\u00a0Compre agora<\/span><\/a><\/em><\/p>\n<p><span style=\"vertical-align: inherit\">Outros Puffs Que Poder\u00e1 Gostar:<\/span><a href=\"https:\/\/vapebulkp.com\/pt\/product\/good-sale-bang-de-8500puffs-wholesale-price\/\"><span style=\"vertical-align: inherit\">Bang DE 8500 Sugos<\/span><\/a><span style=\"vertical-align: inherit\">\u3001<\/span><a href=\"https:\/\/vapebulkp.com\/pt\/product\/good-sale-randm-tornado-10000-puffs-plus\/\"><span style=\"vertical-align: inherit\">Tornado 10000 Sugest\u00f5es Plus<\/span><\/a><span style=\"vertical-align: inherit\">\/ <\/span><a href=\"https:\/\/vapebulkp.com\/pt\/product\/popular-randm-tornado-7000puffs-disposable-vape-best-price\/\"><span style=\"vertical-align: inherit\">RandM Tornado 7000 Vapores<\/span><\/a><span style=\"vertical-align: inherit\">\/ <\/span><a href=\"https:\/\/vapebulkp.com\/pt\/product\/wholesale-randm-tornado-9000-puffs-germany\/\"><span style=\"vertical-align: inherit\">RandM Tornado 9000 Puffs<\/span><\/a><\/p>\n<p><span style=\"vertical-align: inherit\">Garrafa de cigarro eletr\u00f3nico com formato especial:<\/span><a href=\"https:\/\/vapebulkp.com\/pt\/product\/bulk-buy-kulx-8800-puffs-disposable-vape-wholesale-germany\/\"><span style=\"vertical-align: inherit\">Kulx 8800 Baforadas <\/span><\/a><span style=\"vertical-align: inherit\">\/ <\/span><a href=\"https:\/\/vapebulkp.com\/pt\/product\/popular-bang-king-10000-puffs-vape-good-price\/\"><span style=\"vertical-align: inherit\">Bang King 12000 inala\u00e7\u00f5es <\/span><\/a><span style=\"vertical-align: inherit\">\/<\/span><a href=\"https:\/\/vapebulkp.com\/pt\/product\/popular-kulx-10000puffs-disposable-vape-good-price\/\"><span style=\"vertical-align: inherit\">Kulx 10000 Puffs<\/span><\/a><\/p>\n<h5>Qualifica\u00e7\u00e3o da Produ\u00e7\u00e3o:<\/h5>\n<p><img decoding=\"async\" class=\"alignnone size-full wp-image-1841\" src=\"http:\/\/vapebulkp.com\/wp-content\/uploads\/2023\/11\/Vape-production-process-2.jpeg\" alt=\"Processo de produ\u00e7\u00e3o de vape\" width=\"650\" height=\"434\" srcset=\"https:\/\/vapebulkp.com\/wp-content\/uploads\/2023\/11\/Vape-production-process-2.jpeg 650w, https:\/\/vapebulkp.com\/wp-content\/uploads\/2023\/11\/Vape-production-process-2-300x200.jpeg 300w, https:\/\/vapebulkp.com\/wp-content\/uploads\/2023\/11\/Vape-production-process-2-600x401.jpeg 600w\" sizes=\"(max-width: 650px) 100vw, 650px\" \/><\/p>\n<p><img decoding=\"async\" class=\"alignnone size-full wp-image-1843\" src=\"http:\/\/vapebulkp.com\/wp-content\/uploads\/2023\/11\/Vape-production-process.jpeg\" alt=\"Processo de produ\u00e7\u00e3o de vape\" width=\"641\" height=\"1026\" srcset=\"https:\/\/vapebulkp.com\/wp-content\/uploads\/2023\/11\/Vape-production-process.jpeg 641w, https:\/\/vapebulkp.com\/wp-content\/uploads\/2023\/11\/Vape-production-process-187x300.jpeg 187w, https:\/\/vapebulkp.com\/wp-content\/uploads\/2023\/11\/Vape-production-process-640x1024.jpeg 640w, https:\/\/vapebulkp.com\/wp-content\/uploads\/2023\/11\/Vape-production-process-600x960.jpeg 600w\" sizes=\"(max-width: 641px) 100vw, 641px\" \/><\/p>\n<h5>Perguntas Frequentes:<\/h5>\n<p>Qual \u00e9 a quantidade m\u00ednima de encomenda (MOQ) de SIDIA 12000Puffs?<br \/>\nR: A encomenda m\u00ednima \u00e9 de 100 unidades.<br \/>\nP: Qual \u00e9 o tempo de entrega para o vaporizador encomendado?<br \/>\nR: Geralmente s\u00e3o 10-15 dias ap\u00f3s o envio<br \/>\nP: Quanto custa o envio? R: Os custos de envio dependem do peso. Os custos de envio variam dependendo da quantidade, e os custos de envio em cada pa\u00eds s\u00e3o diferentes. Antes de fazer um pedido, entre em contato connosco para confirmar o custo de envio. Proporcionaremos uma experi\u00eancia de compra satisfat\u00f3ria.<\/p>\n<p>&nbsp;<\/p>\n<h4>Detalhes de envio:<\/h4>\n<p><span style=\"color: #ff6600\">Tempo de produ\u00e7\u00e3o: 5-10 dias \u00fateis<\/span><br \/>\n<span style=\"color: #ff6600\">Tempo de envio: 8-14 dias \u00fateis<\/span><\/p>\n<p>Todos os produtos na nossa loja s\u00e3o 100% originais e aut\u00eanticos, por isso a nossa pol\u00edtica \u00e9 dez vezes a compensa\u00e7\u00e3o por produtos falsificados. Usamos canais de log\u00edstica como UPS\/DHL\/FEDEX\/DPD para entregar os produtos a si.<\/p>\n<p>Para encomendas enviadas para Portugal, a chegada demora geralmente 10 dias \u00fateis. O envio para outros pa\u00edses europeus geralmente demora de 12 a 15 dias \u00fateis a chegar. Atualizaremos as informa\u00e7\u00f5es de log\u00edstica para si em tempo real.<\/p>\n<h3>Bom servi\u00e7o p\u00f3s-venda:<\/h3>\n<p>Aviso: Sem reembolsos ou trocas para problemas n\u00e3o relacionados com a qualidade<br \/>\n1. Os clientes podem escolher o sabor que desejam, mas se o sabor estiver esgotado, o departamento de produ\u00e7\u00e3o escolher\u00e1 um sabor popular para o substituir. Os clientes n\u00e3o est\u00e3o autorizados a solicitar reembolsos ou trocas com base nos sabores.<\/p>\n<p>2. Quando ocorrerem problemas de qualidade, forne\u00e7a descri\u00e7\u00f5es espec\u00edficas em v\u00eddeo e imagem.<br \/>\nSe n\u00e3o conseguir fornecer provas como v\u00eddeos e fotos, os produtos n\u00e3o podem ser substitu\u00eddos.<\/p>","protected":false},"excerpt":{"rendered":"<p>O SIDIA 12000 Puffs Mais Vendido oferece uma margem de lucro significativa para os retalhistas. Com seus impressionantes 12.000 puffs por dispositivo, os clientes continuar\u00e3o a voltar para mais. Isso significa aumento de vendas e fidelidade do cliente, traduzindo-se em maior receita para o seu neg\u00f3cio.<\/p>\n<p><img decoding=\"async\" class=\"alignnone wp-image-2151\" src=\"http:\/\/vapebulkp.com\/wp-content\/uploads\/2024\/04\/Mandy-WhatsApp-Randm.jpg\" alt=\"Mandy WhatsApp Randm\" width=\"276\" height=\"293\" srcset=\"https:\/\/vapebulkp.com\/wp-content\/uploads\/2024\/04\/Mandy-WhatsApp-Randm.jpg 916w, https:\/\/vapebulkp.com\/wp-content\/uploads\/2024\/04\/Mandy-WhatsApp-Randm-282x300.jpg 282w, https:\/\/vapebulkp.com\/wp-content\/uploads\/2024\/04\/Mandy-WhatsApp-Randm-768x817.jpg 768w, https:\/\/vapebulkp.com\/wp-content\/uploads\/2024\/04\/Mandy-WhatsApp-Randm-600x638.jpg 600w\" sizes=\"(max-width: 276px) 100vw, 276px\" \/><\/p>\n<p>Por favor, contacte o WhatsApp da Mandy para um pre\u00e7o com desconto<a href=\"https:\/\/wa.me\/8618077105796\">+8618077105796<\/a><\/p>\n<p><span style=\"color: #ff0000\">NOTA: Os pre\u00e7os no nosso site n\u00e3o incluem os custos de envio<\/span><\/p>","protected":false},"featured_media":1727,"comment_status":"open","ping_status":"closed","template":"","meta":{"_uag_custom_page_level_css":"","_lmt_disableupdate":"no","_lmt_disable":"","site-sidebar-layout":"default","site-content-layout":"content-boxed-container","ast-site-content-layout":"normal-width-container","site-content-style":"boxed","site-sidebar-style":"unboxed","ast-global-header-display":"","ast-banner-title-visibility":"","ast-main-header-display":"","ast-hfb-above-header-display":"","ast-hfb-below-header-display":"","ast-hfb-mobile-header-display":"","site-post-title":"","ast-breadcrumbs-content":"","ast-featured-img":"","footer-sml-layout":"","theme-transparent-header-meta":"default","adv-header-id-meta":"","stick-header-meta":"","header-above-stick-meta":"","header-main-stick-meta":"","header-below-stick-meta":"","astra-migrate-meta-layouts":"set","_joinchat":[]},"product_cat":[166,153,155,33,59,100,34,158,157,154,152,58,84,156,63,32],"product_tag":[68,36,37,41,74,40],"class_list":["post-1622","product","type-product","status-publish","has-post-thumbnail","hentry","product_cat-12000-puffs-disposable-vape","product_cat-hot-disposable-vapes","product_cat-belgium-hot-disposable-vapes","product_cat-france-vape-hot-sale","product_cat-germany-hot-disposable-vape","product_cat-germany-wholesale-vape-shop","product_cat-netherlands-vape-good-sale","product_cat-norway-hot-disposable-vapes","product_cat-poland-hot-disposable-vapes","product_cat-portugal-hot-disposable-vapes","product_cat-spain-hot-disposable-vapes","product_cat-sweden-hot-disposable-vape","product_cat-sweden-wholesale-vape","product_cat-switzerland-hot-disposable-vapes","product_cat-top-sale-disposable-vape","product_cat-vape-hot-sale-this-week","product_tag-12000-puffs","product_tag-good-vape","product_tag-hot-sale-disposable-vape","product_tag-poland-hot-vape","product_tag-randm-vape","product_tag-sweden-hot-vape","desktop-align-left","tablet-align-left","mobile-align-left"],"yoast_head":"<!-- This site is optimized with the Yoast SEO plugin v21.1 - https:\/\/yoast.com\/wordpress\/plugins\/seo\/ -->\n<title>Wholesale Disposable Vape SIDIA 12000Puffs - vapebulkp.com<\/title>\n<meta name=\"description\" content=\"Wholesale Disposable Vape SIDIA 12000Puffs Top Sale is not just a high-performing product; it&#039;s also a visual delight. Its sleek design and attractive packaging make it a standout on your store shelves.\" \/>\n<meta name=\"robots\" content=\"index, follow, max-snippet:-1, max-image-preview:large, max-video-preview:-1\" \/>\n<link rel=\"canonical\" href=\"https:\/\/vapebulkp.com\/pt\/product\/wholesale-disposable-vape-sidia-12000puffs\/\" \/>\n<meta property=\"og:locale\" content=\"pt_PT\" \/>\n<meta property=\"og:type\" content=\"article\" \/>\n<meta property=\"og:title\" content=\"Wholesale Disposable Vape SIDIA 12000Puffs - vapebulkp.com\" \/>\n<meta property=\"og:description\" content=\"Wholesale Disposable Vape SIDIA 12000Puffs Top Sale is not just a high-performing product; it&#039;s also a visual delight. Its sleek design and attractive packaging make it a standout on your store shelves.\" \/>\n<meta property=\"og:url\" content=\"https:\/\/vapebulkp.com\/pt\/product\/wholesale-disposable-vape-sidia-12000puffs\/\" \/>\n<meta property=\"og:site_name\" content=\"vapebulkp.com\" \/>\n<meta property=\"article:modified_time\" content=\"2025-09-01T03:11:02+00:00\" \/>\n<meta property=\"og:image\" content=\"http:\/\/vapebulkp.com\/wp-content\/uploads\/2023\/09\/Hot-Selling-Sidia-12000-Puffs-20-Ml-Disposable_yyth-8.png\" \/>\n\t<meta property=\"og:image:width\" content=\"1060\" \/>\n\t<meta property=\"og:image:height\" content=\"647\" \/>\n\t<meta property=\"og:image:type\" content=\"image\/png\" \/>\n<meta name=\"twitter:card\" content=\"summary_large_image\" \/>\n<meta name=\"twitter:label1\" content=\"Tempo estimado de leitura\" \/>\n\t<meta name=\"twitter:data1\" content=\"4 minutos\" \/>\n<script type=\"application\/ld+json\" class=\"yoast-schema-graph\">{\"@context\":\"https:\/\/schema.org\",\"@graph\":[{\"@type\":\"WebPage\",\"@id\":\"https:\/\/vapebulkp.com\/product\/wholesale-disposable-vape-sidia-12000puffs\/\",\"url\":\"https:\/\/vapebulkp.com\/product\/wholesale-disposable-vape-sidia-12000puffs\/\",\"name\":\"Wholesale Disposable Vape SIDIA 12000Puffs - vapebulkp.com\",\"isPartOf\":{\"@id\":\"https:\/\/vapebulkp.com\/#website\"},\"datePublished\":\"2023-09-28T07:40:29+00:00\",\"dateModified\":\"2025-09-01T03:11:02+00:00\",\"description\":\"Wholesale Disposable Vape SIDIA 12000Puffs Top Sale is not just a high-performing product; it's also a visual delight. Its sleek design and attractive packaging make it a standout on your store shelves.\",\"breadcrumb\":{\"@id\":\"https:\/\/vapebulkp.com\/product\/wholesale-disposable-vape-sidia-12000puffs\/#breadcrumb\"},\"inLanguage\":\"pt-PT\",\"potentialAction\":[{\"@type\":\"ReadAction\",\"target\":[\"https:\/\/vapebulkp.com\/product\/wholesale-disposable-vape-sidia-12000puffs\/\"]}]},{\"@type\":\"BreadcrumbList\",\"@id\":\"https:\/\/vapebulkp.com\/product\/wholesale-disposable-vape-sidia-12000puffs\/#breadcrumb\",\"itemListElement\":[{\"@type\":\"ListItem\",\"position\":1,\"name\":\"Home\",\"item\":\"https:\/\/vapebulkp.com\/\"},{\"@type\":\"ListItem\",\"position\":2,\"name\":\"Hot Trend Vapes\",\"item\":\"https:\/\/vapebulkp.com\/vape-shop\/\"},{\"@type\":\"ListItem\",\"position\":3,\"name\":\"Wholesale Disposable Vape SIDIA 12000Puffs\"}]},{\"@type\":\"WebSite\",\"@id\":\"https:\/\/vapebulkp.com\/#website\",\"url\":\"https:\/\/vapebulkp.com\/\",\"name\":\"vapebulkp.com\",\"description\":\"Buy Vape In Cheap Bulk Price Near you\",\"publisher\":{\"@id\":\"https:\/\/vapebulkp.com\/#organization\"},\"potentialAction\":[{\"@type\":\"SearchAction\",\"target\":{\"@type\":\"EntryPoint\",\"urlTemplate\":\"https:\/\/vapebulkp.com\/?s={search_term_string}\"},\"query-input\":\"required name=search_term_string\"}],\"inLanguage\":\"pt-PT\"},{\"@type\":\"Organization\",\"@id\":\"https:\/\/vapebulkp.com\/#organization\",\"name\":\"vapebulkp.com\",\"url\":\"https:\/\/vapebulkp.com\/\",\"logo\":{\"@type\":\"ImageObject\",\"inLanguage\":\"pt-PT\",\"@id\":\"https:\/\/vapebulkp.com\/#\/schema\/logo\/image\/\",\"url\":\"https:\/\/vapebulkp.com\/wp-content\/uploads\/2023\/09\/cropped-vapebulkp.png\",\"contentUrl\":\"https:\/\/vapebulkp.com\/wp-content\/uploads\/2023\/09\/cropped-vapebulkp.png\",\"width\":516,\"height\":163,\"caption\":\"vapebulkp.com\"},\"image\":{\"@id\":\"https:\/\/vapebulkp.com\/#\/schema\/logo\/image\/\"}}]}<\/script>\n<!-- \/ Yoast SEO plugin. -->","yoast_head_json":{"title":"Wholesale Disposable Vape SIDIA 12000Puffs - vapebulkp.com","description":"Wholesale Disposable Vape SIDIA 12000Puffs Top Sale is not just a high-performing product; it's also a visual delight. Its sleek design and attractive packaging make it a standout on your store shelves.","robots":{"index":"index","follow":"follow","max-snippet":"max-snippet:-1","max-image-preview":"max-image-preview:large","max-video-preview":"max-video-preview:-1"},"canonical":"https:\/\/vapebulkp.com\/pt\/product\/wholesale-disposable-vape-sidia-12000puffs\/","og_locale":"pt_PT","og_type":"article","og_title":"Wholesale Disposable Vape SIDIA 12000Puffs - vapebulkp.com","og_description":"Wholesale Disposable Vape SIDIA 12000Puffs Top Sale is not just a high-performing product; it's also a visual delight. Its sleek design and attractive packaging make it a standout on your store shelves.","og_url":"https:\/\/vapebulkp.com\/pt\/product\/wholesale-disposable-vape-sidia-12000puffs\/","og_site_name":"vapebulkp.com","article_modified_time":"2025-09-01T03:11:02+00:00","og_image":[{"width":1060,"height":647,"url":"http:\/\/vapebulkp.com\/wp-content\/uploads\/2023\/09\/Hot-Selling-Sidia-12000-Puffs-20-Ml-Disposable_yyth-8.png","type":"image\/png"}],"twitter_card":"summary_large_image","twitter_misc":{"Tempo estimado de leitura":"4 minutos"},"schema":{"@context":"https:\/\/schema.org","@graph":[{"@type":"WebPage","@id":"https:\/\/vapebulkp.com\/product\/wholesale-disposable-vape-sidia-12000puffs\/","url":"https:\/\/vapebulkp.com\/product\/wholesale-disposable-vape-sidia-12000puffs\/","name":"Wholesale Disposable Vape SIDIA 12000Puffs - vapebulkp.com","isPartOf":{"@id":"https:\/\/vapebulkp.com\/#website"},"datePublished":"2023-09-28T07:40:29+00:00","dateModified":"2025-09-01T03:11:02+00:00","description":"Wholesale Disposable Vape SIDIA 12000Puffs Top Sale is not just a high-performing product; it's also a visual delight. Its sleek design and attractive packaging make it a standout on your store shelves.","breadcrumb":{"@id":"https:\/\/vapebulkp.com\/product\/wholesale-disposable-vape-sidia-12000puffs\/#breadcrumb"},"inLanguage":"pt-PT","potentialAction":[{"@type":"ReadAction","target":["https:\/\/vapebulkp.com\/product\/wholesale-disposable-vape-sidia-12000puffs\/"]}]},{"@type":"BreadcrumbList","@id":"https:\/\/vapebulkp.com\/product\/wholesale-disposable-vape-sidia-12000puffs\/#breadcrumb","itemListElement":[{"@type":"ListItem","position":1,"name":"Home","item":"https:\/\/vapebulkp.com\/"},{"@type":"ListItem","position":2,"name":"Hot Trend Vapes","item":"https:\/\/vapebulkp.com\/vape-shop\/"},{"@type":"ListItem","position":3,"name":"Wholesale Disposable Vape SIDIA 12000Puffs"}]},{"@type":"WebSite","@id":"https:\/\/vapebulkp.com\/#website","url":"https:\/\/vapebulkp.com\/","name":"vapebulkp.com","description":"Buy Vape In Cheap Bulk Price Near you","publisher":{"@id":"https:\/\/vapebulkp.com\/#organization"},"potentialAction":[{"@type":"SearchAction","target":{"@type":"EntryPoint","urlTemplate":"https:\/\/vapebulkp.com\/?s={search_term_string}"},"query-input":"required name=search_term_string"}],"inLanguage":"pt-PT"},{"@type":"Organization","@id":"https:\/\/vapebulkp.com\/#organization","name":"vapebulkp.com","url":"https:\/\/vapebulkp.com\/","logo":{"@type":"ImageObject","inLanguage":"pt-PT","@id":"https:\/\/vapebulkp.com\/#\/schema\/logo\/image\/","url":"https:\/\/vapebulkp.com\/wp-content\/uploads\/2023\/09\/cropped-vapebulkp.png","contentUrl":"https:\/\/vapebulkp.com\/wp-content\/uploads\/2023\/09\/cropped-vapebulkp.png","width":516,"height":163,"caption":"vapebulkp.com"},"image":{"@id":"https:\/\/vapebulkp.com\/#\/schema\/logo\/image\/"}}]}},"uagb_featured_image_src":{"full":["https:\/\/vapebulkp.com\/wp-content\/uploads\/2023\/09\/Hot-Selling-Sidia-12000-Puffs-20-Ml-Disposable_yyth-8.png",1060,647,false],"thumbnail":["https:\/\/vapebulkp.com\/wp-content\/uploads\/2023\/09\/Hot-Selling-Sidia-12000-Puffs-20-Ml-Disposable_yyth-8-150x150.png",150,150,true],"medium":["https:\/\/vapebulkp.com\/wp-content\/uploads\/2023\/09\/Hot-Selling-Sidia-12000-Puffs-20-Ml-Disposable_yyth-8-300x183.png",300,183,true],"medium_large":["https:\/\/vapebulkp.com\/wp-content\/uploads\/2023\/09\/Hot-Selling-Sidia-12000-Puffs-20-Ml-Disposable_yyth-8-768x469.png",768,469,true],"large":["https:\/\/vapebulkp.com\/wp-content\/uploads\/2023\/09\/Hot-Selling-Sidia-12000-Puffs-20-Ml-Disposable_yyth-8-1024x625.png",1024,625,true],"1536x1536":["https:\/\/vapebulkp.com\/wp-content\/uploads\/2023\/09\/Hot-Selling-Sidia-12000-Puffs-20-Ml-Disposable_yyth-8.png",1060,647,false],"2048x2048":["https:\/\/vapebulkp.com\/wp-content\/uploads\/2023\/09\/Hot-Selling-Sidia-12000-Puffs-20-Ml-Disposable_yyth-8.png",1060,647,false],"trp-custom-language-flag":["https:\/\/vapebulkp.com\/wp-content\/uploads\/2023\/09\/Hot-Selling-Sidia-12000-Puffs-20-Ml-Disposable_yyth-8.png",18,12,false],"woocommerce_thumbnail":["https:\/\/vapebulkp.com\/wp-content\/uploads\/2023\/09\/Hot-Selling-Sidia-12000-Puffs-20-Ml-Disposable_yyth-8-300x300.png",300,300,true],"woocommerce_single":["https:\/\/vapebulkp.com\/wp-content\/uploads\/2023\/09\/Hot-Selling-Sidia-12000-Puffs-20-Ml-Disposable_yyth-8-600x366.png",600,366,true],"woocommerce_gallery_thumbnail":["https:\/\/vapebulkp.com\/wp-content\/uploads\/2023\/09\/Hot-Selling-Sidia-12000-Puffs-20-Ml-Disposable_yyth-8-100x100.png",100,100,true],"wcpr-photo-reviews":["https:\/\/vapebulkp.com\/wp-content\/uploads\/2023\/09\/Hot-Selling-Sidia-12000-Puffs-20-Ml-Disposable_yyth-8.png",500,305,false]},"uagb_author_info":{"display_name":"Mandy vape bulk price","author_link":"https:\/\/vapebulkp.com\/pt\/author\/"},"uagb_comment_info":1,"uagb_excerpt":"The SIDIA 12000Puffs Top Sale offers a significant profit margin for retailers. With its impressive 12,000 puffs per device, customers will keep coming back for more. This means increased sales and customer loyalty, translating into higher revenue for your business. Pls Contact Mandy's WhatsApp For Discount Price+8618077105796 NOTE: Prices on our website does not include&hellip;","_links":{"self":[{"href":"https:\/\/vapebulkp.com\/pt\/wp-json\/wp\/v2\/product\/1622","targetHints":{"allow":["GET"]}}],"collection":[{"href":"https:\/\/vapebulkp.com\/pt\/wp-json\/wp\/v2\/product"}],"about":[{"href":"https:\/\/vapebulkp.com\/pt\/wp-json\/wp\/v2\/types\/product"}],"replies":[{"embeddable":true,"href":"https:\/\/vapebulkp.com\/pt\/wp-json\/wp\/v2\/comments?post=1622"}],"wp:featuredmedia":[{"embeddable":true,"href":"https:\/\/vapebulkp.com\/pt\/wp-json\/wp\/v2\/media\/1727"}],"wp:attachment":[{"href":"https:\/\/vapebulkp.com\/pt\/wp-json\/wp\/v2\/media?parent=1622"}],"wp:term":[{"taxonomy":"product_cat","embeddable":true,"href":"https:\/\/vapebulkp.com\/pt\/wp-json\/wp\/v2\/product_cat?post=1622"},{"taxonomy":"product_tag","embeddable":true,"href":"https:\/\/vapebulkp.com\/pt\/wp-json\/wp\/v2\/product_tag?post=1622"}],"curies":[{"name":"wp","href":"https:\/\/api.w.org\/{rel}","templated":true}]}}