{"id":1628,"date":"2023-09-28T10:07:00","date_gmt":"2023-09-28T08:07:00","guid":{"rendered":"https:\/\/vapebulkp.com\/?post_type=product&#038;p=1628"},"modified":"2025-09-24T05:22:20","modified_gmt":"2025-09-24T03:22:20","slug":"popular-bang-king-10000-puffs-vape-good-price","status":"publish","type":"product","link":"https:\/\/vapebulkp.com\/pt\/product\/popular-bang-king-10000-puffs-vape-good-price\/","title":{"rendered":"Popular Bang King 10000 Puffs Vape Bom Pre\u00e7o"},"content":{"rendered":"<h2>Bang King 10000 Puffs Bom Vape Descart\u00e1vel<\/h2>\n<p>O Popular Vape Descart\u00e1vel Bang King 10000 Puffs \u00e9 um vape descart\u00e1vel premium de alta capacidade concebido para entusiastas de vaping na Europa que valorizam o desempenho, o sabor e a conveni\u00eancia. Equipado com um sistema de vape de bobina de malha de 650mAh e carregamento r\u00e1pido Tipo-C, ele oferece vapor suave e denso de forma consistente ao longo de 10.000 inala\u00e7\u00f5es.<\/p>\n<p>Este vape descart\u00e1vel de longa dura\u00e7\u00e3o possui um tanque de 18ml pr\u00e9-cheio com op\u00e7\u00f5es de sal de nicotina a 2% ou 5%, proporcionando um sabor rico e satisfat\u00f3rio desde a primeira at\u00e9 a \u00faltima inala\u00e7\u00e3o. Dispon\u00edvel numa vasta gama de sabores premium, incluindo tabaco cl\u00e1ssico, mentol, frutados e misturas inspiradas em sobremesas, atende a diversas prefer\u00eancias de sabor.<\/p>\n<p>Compacto e ergon\u00f3mico, o <a href=\"https:\/\/vapebulkp.com\/pt\/product-category\/10000-puffs-disposable-vape\/\">Vape Descart\u00e1vel de 10000 Puffs<\/a> funciona como um pod de vape port\u00e1til, perfeito para viagens, ocasi\u00f5es sociais ou uso di\u00e1rio. A sua bobina de 0.8\u03a9 garante uma entrega de energia eficiente e uma inala\u00e7\u00e3o consistente, tornando-o uma escolha confi\u00e1vel tanto para utilizadores casuais como para compradores por atacado em toda a Europa.<\/p>\n<p>Com a sua mistura de durabilidade, sabor e estilo, o Popular Vape Descart\u00e1vel Bang King 10000 Puffs oferece uma solu\u00e7\u00e3o de vaping de alta qualidade e pronta a usar que mant\u00e9m os utilizadores satisfeitos sem comprometer a conveni\u00eancia.<\/p>\n<p><img decoding=\"async\" class=\"alignnone wp-image-1646\" style=\"font-style: inherit;font-weight: inherit\" src=\"http:\/\/vapebulkp.com\/wp-content\/uploads\/2023\/09\/100000-PUFFS-VAPE-BAR-BANG-1-300x300.jpg\" alt=\"100000 PUX\u00d5ES VAPE BAR BANG\" width=\"415\" height=\"415\" srcset=\"https:\/\/vapebulkp.com\/wp-content\/uploads\/2023\/09\/100000-PUFFS-VAPE-BAR-BANG-1-300x300.jpg 300w, https:\/\/vapebulkp.com\/wp-content\/uploads\/2023\/09\/100000-PUFFS-VAPE-BAR-BANG-1-1024x1024.jpg 1024w, https:\/\/vapebulkp.com\/wp-content\/uploads\/2023\/09\/100000-PUFFS-VAPE-BAR-BANG-1-150x150.jpg 150w, https:\/\/vapebulkp.com\/wp-content\/uploads\/2023\/09\/100000-PUFFS-VAPE-BAR-BANG-1-768x768.jpg 768w, https:\/\/vapebulkp.com\/wp-content\/uploads\/2023\/09\/100000-PUFFS-VAPE-BAR-BANG-1-1536x1536.jpg 1536w, https:\/\/vapebulkp.com\/wp-content\/uploads\/2023\/09\/100000-PUFFS-VAPE-BAR-BANG-1-2048x2048.jpg 2048w, https:\/\/vapebulkp.com\/wp-content\/uploads\/2023\/09\/100000-PUFFS-VAPE-BAR-BANG-1-600x600.jpg 600w, https:\/\/vapebulkp.com\/wp-content\/uploads\/2023\/09\/100000-PUFFS-VAPE-BAR-BANG-1-100x100.jpg 100w\" sizes=\"(max-width: 415px) 100vw, 415px\" \/><\/p>\n<h6>Por favor, contacte o WhatsApp da Mandy para um pre\u00e7o com desconto<a href=\"https:\/\/wa.me\/8618077105796\">+8618077105796<\/a><\/h6>\n<h3><img decoding=\"async\" class=\"alignnone wp-image-2151\" src=\"http:\/\/vapebulkp.com\/wp-content\/uploads\/2024\/04\/Mandy-WhatsApp-Randm.jpg\" alt=\"Mandy WhatsApp Randm\" width=\"269\" height=\"286\" srcset=\"https:\/\/vapebulkp.com\/wp-content\/uploads\/2024\/04\/Mandy-WhatsApp-Randm.jpg 916w, https:\/\/vapebulkp.com\/wp-content\/uploads\/2024\/04\/Mandy-WhatsApp-Randm-282x300.jpg 282w, https:\/\/vapebulkp.com\/wp-content\/uploads\/2024\/04\/Mandy-WhatsApp-Randm-768x817.jpg 768w, https:\/\/vapebulkp.com\/wp-content\/uploads\/2024\/04\/Mandy-WhatsApp-Randm-600x638.jpg 600w\" sizes=\"(max-width: 269px) 100vw, 269px\" \/><\/h3>\n<h2>Pensou que poderia querer saber sobre o Bang King 10000 Puffs:<\/h2>\n<p>&nbsp;<\/p>\n<h6>1.QUAL \u00c9 A CAPACIDADE DE L\u00cdQUIDO DO BANG KING 10000 PUFFS?<\/h6>\n<p>Este dispositivo tem 18ml de e-l\u00edquido.<\/p>\n<h6>2.QUANTO TEMPO DURA ESTE VAPE?<\/h6>\n<p>500 puffs\/dia, pode durar 24 dias<br \/>\n1000 puffs\/dia, pode durar 12 dias<br \/>\n2000 puffs\/dia, pode durar 6 dias<\/p>\n<h6>3.COMO CARREGAR O DISPOSITIVO DE VAPE DESCART\u00c1VEL BANG KING 10000PUFFS?<\/h6>\n<p>N\u00e3o \u00e9 poss\u00edvel utilizar carregadores de carregamento r\u00e1pido. A pot\u00eancia de seguran\u00e7a padr\u00e3o dos cigarros eletr\u00f3nicos descart\u00e1veis \u00e9 de 5V 1A. Cada tempo de carregamento n\u00e3o pode exceder 1 hora, e o tempo de carregamento seguro \u00e9 de meia hora.<\/p>\n<p><span style=\"color: #ff6600\">Aviso: n\u00e3o recarregue durante toda a noite!<\/span><\/p>\n<h6>4.Como usar o Bang King 10000 Puffs?<\/h6>\n<p>1: Antes de usar as 10k baforadas, desligue o tubo de pl\u00e1stico.<br \/>\n2: Espere cerca de 3 minutos para que o l\u00edquido entre na bobina interna.<br \/>\n3: Comece a desfrutar<\/p>\n<h2><strong><span style=\"vertical-align: inherit\">Especifica\u00e7\u00e3o para <\/span><\/strong><strong>Bang King 10000 Inala\u00e7\u00f5es<\/strong><strong><span style=\"vertical-align: inherit\">\uff1a<\/span><br \/>\n<\/strong><\/h2>\n<p>Bateria: 650mAh (Tipo C)<br \/>\nCapacidade: 18ml<br \/>\nBobina: malha de 0,8 ohm<br \/>\nVolume aproximado de suc\u00e7\u00e3o: 10000 baforadas<br \/>\nFor\u00e7a de nicotina adicional: 21%, 5%<\/p>\n<p>Fornecimento de energia eficiente e consistente<\/p>\n<h2><strong>\u00a0Melhores op\u00e7\u00f5es de sabores de vape Bang King 10000 Puffs<\/strong><\/h2>\n<p>&nbsp;<\/p>\n<ol>\n<li>Aloe e Uva<\/li>\n<li>Morango Gelado<\/li>\n<li>P\u00eassego de Ver\u00e3o Gelado<\/li>\n<li>Manga P\u00eassego Gelo<\/li>\n<li>Lim\u00e3o e Menta<\/li>\n<li>P\u00eassego e Mirtilo<\/li>\n<li>Gelo Blue Razz<\/li>\n<li>Tr\u00eas Bagas Geladas<\/li>\n<li>Sexo na Praia<\/li>\n<li>Mamba<\/li>\n<\/ol>\n<p><a href=\"https:\/\/vapebulkp.com\/pt\/product\/popular-randm-tornado-7000puffs-disposable-vape-best-price\/\"><span style=\"vertical-align: inherit\">RandM Tornado 7000 Baforadas <\/span><\/a><\/p>\n<p><span style=\"vertical-align: inherit\">Encontre mais produtos que possa gostar:<\/span><em><a href=\"https:\/\/wa.me\/8618077105796\"><span style=\"vertical-align: inherit\">\u00a0Compre agora<\/span><\/a><\/em><\/p>\n<p><span style=\"vertical-align: inherit\">Outros Puffs Que Poder\u00e1 Gostar:<\/span><a href=\"https:\/\/vapebulkp.com\/pt\/product\/bang-box-12000puffs-good-vape-sweden-wholesale-price\/\"><span style=\"vertical-align: inherit\">Bang Box 12000 Puffs<\/span><\/a><span style=\"vertical-align: inherit\">\u3001<\/span><a href=\"https:\/\/vapebulkp.com\/pt\/product\/top-sale-waspe-12000puffs-disposable-vape-wholesale-france\/\"><span style=\"vertical-align: inherit\">WASPE 12000 Inala\u00e7\u00f5es<\/span><\/a><span style=\"vertical-align: inherit\">\/ <\/span><a href=\"https:\/\/vapebulkp.com\/pt\/product\/wholesale-randm-tornado-9000-puffs-germany\/\"><span style=\"vertical-align: inherit\">RandM Tornado 9000 Inala\u00e7\u00f5es<\/span><\/a><span style=\"vertical-align: inherit\">\/ <\/span><a href=\"https:\/\/vapebulkp.com\/pt\/product\/bulk-buy-vapetop-sale-breze-7500-puffs-sweden\/\"><span style=\"vertical-align: inherit\">Vape Breze 7500 Baforadas<\/span><\/a><\/p>\n<p><span style=\"vertical-align: inherit\">Garrafa de cigarro eletr\u00f3nico com formato especial:<\/span><a href=\"https:\/\/vapebulkp.com\/pt\/product\/good-sale-randm-tornado-10000-puffs-plus\/\"><span style=\"vertical-align: inherit\">RandM Tornado 10000 Baforadas Plus <\/span><\/a><span style=\"vertical-align: inherit\">\/<\/span><a href=\"https:\/\/vapebulkp.com\/pt\/product\/fumot-digital-box-12000-disposable-vape-wholesale\/\"><span style=\"vertical-align: inherit\">Caixa Digital Fumot 12000 Baforadas <\/span><\/a><\/p>\n<h4>Qualifica\u00e7\u00e3o da Produ\u00e7\u00e3o:<\/h4>\n<p><img decoding=\"async\" class=\"alignnone size-full wp-image-1841\" src=\"http:\/\/vapebulkp.com\/wp-content\/uploads\/2023\/11\/Vape-production-process-2.jpeg\" alt=\"Processo de produ\u00e7\u00e3o de vape\" width=\"650\" height=\"434\" srcset=\"https:\/\/vapebulkp.com\/wp-content\/uploads\/2023\/11\/Vape-production-process-2.jpeg 650w, https:\/\/vapebulkp.com\/wp-content\/uploads\/2023\/11\/Vape-production-process-2-300x200.jpeg 300w, https:\/\/vapebulkp.com\/wp-content\/uploads\/2023\/11\/Vape-production-process-2-600x401.jpeg 600w\" sizes=\"(max-width: 650px) 100vw, 650px\" \/><\/p>\n<p><img decoding=\"async\" class=\"alignnone size-full wp-image-1843\" src=\"http:\/\/vapebulkp.com\/wp-content\/uploads\/2023\/11\/Vape-production-process.jpeg\" alt=\"Processo de produ\u00e7\u00e3o de vape\" width=\"641\" height=\"1026\" srcset=\"https:\/\/vapebulkp.com\/wp-content\/uploads\/2023\/11\/Vape-production-process.jpeg 641w, https:\/\/vapebulkp.com\/wp-content\/uploads\/2023\/11\/Vape-production-process-187x300.jpeg 187w, https:\/\/vapebulkp.com\/wp-content\/uploads\/2023\/11\/Vape-production-process-640x1024.jpeg 640w, https:\/\/vapebulkp.com\/wp-content\/uploads\/2023\/11\/Vape-production-process-600x960.jpeg 600w\" sizes=\"(max-width: 641px) 100vw, 641px\" \/><\/p>\n<h5>Perguntas Frequentes:<\/h5>\n<p>P: Qual \u00e9 o MOQ de Bang King 10000Puffs?<br \/>\nR: A encomenda m\u00ednima \u00e9 de 50 unidades.<br \/>\nP: Qual \u00e9 o tempo de entrega para o vaporizador encomendado?<br \/>\nR: Geralmente s\u00e3o 10-15 dias ap\u00f3s o envio<br \/>\nP: Quanto custa o envio? R: Os custos de envio dependem do peso. Os custos de envio variam dependendo da quantidade, e os custos de envio em cada pa\u00eds s\u00e3o diferentes. Antes de fazer um pedido, entre em contato connosco para confirmar o custo de envio. Proporcionaremos uma experi\u00eancia de compra satisfat\u00f3ria.<\/p>\n<p>&nbsp;<\/p>\n<h4>Detalhes de envio:<\/h4>\n<p><span style=\"color: #ff6600\">Tempo de produ\u00e7\u00e3o: 5-10 dias \u00fateis<\/span><br \/>\n<span style=\"color: #ff6600\">Tempo de envio: 8-14 dias \u00fateis<\/span><\/p>\n<p>Todos os produtos na nossa loja s\u00e3o 100% originais e aut\u00eanticos, por isso a nossa pol\u00edtica \u00e9 dez vezes a compensa\u00e7\u00e3o por produtos falsificados. Usamos canais de log\u00edstica como UPS\/DHL\/FEDEX\/DPD para entregar os produtos a si.<\/p>\n<p>Para encomendas enviadas para Portugal, a chegada demora geralmente 10 dias \u00fateis. O envio para outros pa\u00edses europeus geralmente demora de 12 a 15 dias \u00fateis a chegar. Atualizaremos as informa\u00e7\u00f5es de log\u00edstica para si em tempo real.<\/p>\n<h3>Bom servi\u00e7o p\u00f3s-venda:<\/h3>\n<p><span style=\"color: #ff6600\">Aviso: Sem reembolsos ou trocas para problemas n\u00e3o relacionados com a qualidade<\/span><br \/>\n1. Os clientes podem escolher o sabor que desejam, mas se o sabor estiver esgotado, o departamento de produ\u00e7\u00e3o escolher\u00e1 um sabor popular para o substituir. Os clientes n\u00e3o est\u00e3o autorizados a solicitar reembolsos ou trocas com base nos sabores.<\/p>\n<p>2. Quando ocorrerem problemas de qualidade, forne\u00e7a descri\u00e7\u00f5es espec\u00edficas em v\u00eddeo e imagem.<br \/>\nSe n\u00e3o conseguir fornecer provas como v\u00eddeos e fotos, os produtos n\u00e3o podem ser substitu\u00eddos.<\/p>","protected":false},"excerpt":{"rendered":"<p>Boa Venda VAPE Bang king 10000 puffs<br \/>\nKIT VAPE Bang king 10000 puffs Portugal<br \/>\nMelhor BAR VAPE Bang king 10000 puffs<br \/>\nVAPE Popular Bang Max 10000 Puffs Portugal<br \/>\nBom Vape Bang Max 10000 Puffs Top Vendas Vape<br \/>\nBAR VAPE Bang Max 10000 Puffs<\/p>\n<p><img decoding=\"async\" class=\"alignnone wp-image-2151\" src=\"http:\/\/vapebulkp.com\/wp-content\/uploads\/2024\/04\/Mandy-WhatsApp-Randm.jpg\" alt=\"Mandy WhatsApp Randm\" width=\"219\" height=\"233\" srcset=\"https:\/\/vapebulkp.com\/wp-content\/uploads\/2024\/04\/Mandy-WhatsApp-Randm.jpg 916w, https:\/\/vapebulkp.com\/wp-content\/uploads\/2024\/04\/Mandy-WhatsApp-Randm-282x300.jpg 282w, https:\/\/vapebulkp.com\/wp-content\/uploads\/2024\/04\/Mandy-WhatsApp-Randm-768x817.jpg 768w, https:\/\/vapebulkp.com\/wp-content\/uploads\/2024\/04\/Mandy-WhatsApp-Randm-600x638.jpg 600w\" sizes=\"(max-width: 219px) 100vw, 219px\" \/><\/p>\n<p>Por favor, contacte o WhatsApp da Mandy para um pre\u00e7o com desconto<a href=\"https:\/\/wa.me\/8618077105796\">+8618077105796<\/a><\/p>\n<p><span style=\"color: #ff0000\">NOTA: Os pre\u00e7os no nosso site n\u00e3o incluem os custos de envio<\/span><\/p>","protected":false},"featured_media":1642,"comment_status":"open","ping_status":"closed","template":"","meta":{"_uag_custom_page_level_css":"","_lmt_disableupdate":"no","_lmt_disable":"","site-sidebar-layout":"default","site-content-layout":"content-boxed-container","ast-site-content-layout":"normal-width-container","site-content-style":"boxed","site-sidebar-style":"unboxed","ast-global-header-display":"","ast-banner-title-visibility":"","ast-main-header-display":"","ast-hfb-above-header-display":"","ast-hfb-below-header-display":"","ast-hfb-mobile-header-display":"","site-post-title":"","ast-breadcrumbs-content":"","ast-featured-img":"","footer-sml-layout":"","theme-transparent-header-meta":"default","adv-header-id-meta":"","stick-header-meta":"","header-above-stick-meta":"","header-main-stick-meta":"","header-below-stick-meta":"","astra-migrate-meta-layouts":"set","_joinchat":[]},"product_cat":[167,153,344,155,33,59,100,34,158,157,154,152,58,84,156,63,32],"product_tag":[43,36,37,41,73,96],"class_list":["post-1628","product","type-product","status-publish","has-post-thumbnail","hentry","product_cat-10000-puffs-disposable-vape","product_cat-hot-disposable-vapes","product_cat-bang-king-vape","product_cat-belgium-hot-disposable-vapes","product_cat-france-vape-hot-sale","product_cat-germany-hot-disposable-vape","product_cat-germany-wholesale-vape-shop","product_cat-netherlands-vape-good-sale","product_cat-norway-hot-disposable-vapes","product_cat-poland-hot-disposable-vapes","product_cat-portugal-hot-disposable-vapes","product_cat-spain-hot-disposable-vapes","product_cat-sweden-hot-disposable-vape","product_cat-sweden-wholesale-vape","product_cat-switzerland-hot-disposable-vapes","product_cat-top-sale-disposable-vape","product_cat-vape-hot-sale-this-week","product_tag-10000puffs","product_tag-good-vape","product_tag-hot-sale-disposable-vape","product_tag-poland-hot-vape","product_tag-randm-10000puffs-vape","product_tag-sweden-hot-sale-vape","pa_brand-bang-king-vape","desktop-align-left","tablet-align-left","mobile-align-left"],"yoast_head":"<!-- This site is optimized with the Yoast SEO plugin v21.1 - https:\/\/yoast.com\/wordpress\/plugins\/seo\/ -->\n<title>Popular Bang King 10000 Puffs Vape Good Price - vapebulkp.com<\/title>\n<meta name=\"description\" content=\"The Popular Bang King 10000 Puffs Vape Good Price is a game-changer for vapers. With an astonishing 10,000 puffs, you&#039;ll enjoy an extended vaping experience like never before.\" \/>\n<meta name=\"robots\" content=\"index, follow, max-snippet:-1, max-image-preview:large, max-video-preview:-1\" \/>\n<link rel=\"canonical\" href=\"https:\/\/vapebulkp.com\/pt\/product\/popular-bang-king-10000-puffs-vape-good-price\/\" \/>\n<meta property=\"og:locale\" content=\"pt_PT\" \/>\n<meta property=\"og:type\" content=\"article\" \/>\n<meta property=\"og:title\" content=\"Popular Bang King 10000 Puffs Vape Good Price - vapebulkp.com\" \/>\n<meta property=\"og:description\" content=\"The Popular Bang King 10000 Puffs Vape Good Price is a game-changer for vapers. With an astonishing 10,000 puffs, you&#039;ll enjoy an extended vaping experience like never before.\" \/>\n<meta property=\"og:url\" content=\"https:\/\/vapebulkp.com\/pt\/product\/popular-bang-king-10000-puffs-vape-good-price\/\" \/>\n<meta property=\"og:site_name\" content=\"vapebulkp.com\" \/>\n<meta property=\"article:modified_time\" content=\"2025-09-24T03:22:20+00:00\" \/>\n<meta property=\"og:image\" content=\"http:\/\/vapebulkp.com\/wp-content\/uploads\/2023\/09\/100000-PUFFS-DISPOSABEL-HOT-SALE-BANG-scaled.jpg\" \/>\n\t<meta property=\"og:image:width\" content=\"1916\" \/>\n\t<meta property=\"og:image:height\" content=\"2560\" \/>\n\t<meta property=\"og:image:type\" content=\"image\/jpeg\" \/>\n<meta name=\"twitter:card\" content=\"summary_large_image\" \/>\n<meta name=\"twitter:label1\" content=\"Tempo estimado de leitura\" \/>\n\t<meta name=\"twitter:data1\" content=\"4 minutos\" \/>\n<script type=\"application\/ld+json\" class=\"yoast-schema-graph\">{\"@context\":\"https:\/\/schema.org\",\"@graph\":[{\"@type\":\"WebPage\",\"@id\":\"https:\/\/vapebulkp.com\/product\/popular-bang-king-10000-puffs-vape-good-price\/\",\"url\":\"https:\/\/vapebulkp.com\/product\/popular-bang-king-10000-puffs-vape-good-price\/\",\"name\":\"Popular Bang King 10000 Puffs Vape Good Price - vapebulkp.com\",\"isPartOf\":{\"@id\":\"https:\/\/vapebulkp.com\/#website\"},\"datePublished\":\"2023-09-28T08:07:00+00:00\",\"dateModified\":\"2025-09-24T03:22:20+00:00\",\"description\":\"The Popular Bang King 10000 Puffs Vape Good Price is a game-changer for vapers. With an astonishing 10,000 puffs, you'll enjoy an extended vaping experience like never before.\",\"breadcrumb\":{\"@id\":\"https:\/\/vapebulkp.com\/product\/popular-bang-king-10000-puffs-vape-good-price\/#breadcrumb\"},\"inLanguage\":\"pt-PT\",\"potentialAction\":[{\"@type\":\"ReadAction\",\"target\":[\"https:\/\/vapebulkp.com\/product\/popular-bang-king-10000-puffs-vape-good-price\/\"]}]},{\"@type\":\"BreadcrumbList\",\"@id\":\"https:\/\/vapebulkp.com\/product\/popular-bang-king-10000-puffs-vape-good-price\/#breadcrumb\",\"itemListElement\":[{\"@type\":\"ListItem\",\"position\":1,\"name\":\"Home\",\"item\":\"https:\/\/vapebulkp.com\/\"},{\"@type\":\"ListItem\",\"position\":2,\"name\":\"Hot Trend Vapes\",\"item\":\"https:\/\/vapebulkp.com\/vape-shop\/\"},{\"@type\":\"ListItem\",\"position\":3,\"name\":\"Popular Bang King 10000 Puffs Vape Good Price\"}]},{\"@type\":\"WebSite\",\"@id\":\"https:\/\/vapebulkp.com\/#website\",\"url\":\"https:\/\/vapebulkp.com\/\",\"name\":\"vapebulkp.com\",\"description\":\"Buy Vape In Cheap Bulk Price Near you\",\"publisher\":{\"@id\":\"https:\/\/vapebulkp.com\/#organization\"},\"potentialAction\":[{\"@type\":\"SearchAction\",\"target\":{\"@type\":\"EntryPoint\",\"urlTemplate\":\"https:\/\/vapebulkp.com\/?s={search_term_string}\"},\"query-input\":\"required name=search_term_string\"}],\"inLanguage\":\"pt-PT\"},{\"@type\":\"Organization\",\"@id\":\"https:\/\/vapebulkp.com\/#organization\",\"name\":\"vapebulkp.com\",\"url\":\"https:\/\/vapebulkp.com\/\",\"logo\":{\"@type\":\"ImageObject\",\"inLanguage\":\"pt-PT\",\"@id\":\"https:\/\/vapebulkp.com\/#\/schema\/logo\/image\/\",\"url\":\"https:\/\/vapebulkp.com\/wp-content\/uploads\/2023\/09\/cropped-vapebulkp.png\",\"contentUrl\":\"https:\/\/vapebulkp.com\/wp-content\/uploads\/2023\/09\/cropped-vapebulkp.png\",\"width\":516,\"height\":163,\"caption\":\"vapebulkp.com\"},\"image\":{\"@id\":\"https:\/\/vapebulkp.com\/#\/schema\/logo\/image\/\"}}]}<\/script>\n<!-- \/ Yoast SEO plugin. -->","yoast_head_json":{"title":"Popular Bang King 10000 Puffs Vape Good Price - vapebulkp.com","description":"The Popular Bang King 10000 Puffs Vape Good Price is a game-changer for vapers. With an astonishing 10,000 puffs, you'll enjoy an extended vaping experience like never before.","robots":{"index":"index","follow":"follow","max-snippet":"max-snippet:-1","max-image-preview":"max-image-preview:large","max-video-preview":"max-video-preview:-1"},"canonical":"https:\/\/vapebulkp.com\/pt\/product\/popular-bang-king-10000-puffs-vape-good-price\/","og_locale":"pt_PT","og_type":"article","og_title":"Popular Bang King 10000 Puffs Vape Good Price - vapebulkp.com","og_description":"The Popular Bang King 10000 Puffs Vape Good Price is a game-changer for vapers. With an astonishing 10,000 puffs, you'll enjoy an extended vaping experience like never before.","og_url":"https:\/\/vapebulkp.com\/pt\/product\/popular-bang-king-10000-puffs-vape-good-price\/","og_site_name":"vapebulkp.com","article_modified_time":"2025-09-24T03:22:20+00:00","og_image":[{"width":1916,"height":2560,"url":"http:\/\/vapebulkp.com\/wp-content\/uploads\/2023\/09\/100000-PUFFS-DISPOSABEL-HOT-SALE-BANG-scaled.jpg","type":"image\/jpeg"}],"twitter_card":"summary_large_image","twitter_misc":{"Tempo estimado de leitura":"4 minutos"},"schema":{"@context":"https:\/\/schema.org","@graph":[{"@type":"WebPage","@id":"https:\/\/vapebulkp.com\/product\/popular-bang-king-10000-puffs-vape-good-price\/","url":"https:\/\/vapebulkp.com\/product\/popular-bang-king-10000-puffs-vape-good-price\/","name":"Popular Bang King 10000 Puffs Vape Good Price - vapebulkp.com","isPartOf":{"@id":"https:\/\/vapebulkp.com\/#website"},"datePublished":"2023-09-28T08:07:00+00:00","dateModified":"2025-09-24T03:22:20+00:00","description":"The Popular Bang King 10000 Puffs Vape Good Price is a game-changer for vapers. With an astonishing 10,000 puffs, you'll enjoy an extended vaping experience like never before.","breadcrumb":{"@id":"https:\/\/vapebulkp.com\/product\/popular-bang-king-10000-puffs-vape-good-price\/#breadcrumb"},"inLanguage":"pt-PT","potentialAction":[{"@type":"ReadAction","target":["https:\/\/vapebulkp.com\/product\/popular-bang-king-10000-puffs-vape-good-price\/"]}]},{"@type":"BreadcrumbList","@id":"https:\/\/vapebulkp.com\/product\/popular-bang-king-10000-puffs-vape-good-price\/#breadcrumb","itemListElement":[{"@type":"ListItem","position":1,"name":"Home","item":"https:\/\/vapebulkp.com\/"},{"@type":"ListItem","position":2,"name":"Hot Trend Vapes","item":"https:\/\/vapebulkp.com\/vape-shop\/"},{"@type":"ListItem","position":3,"name":"Popular Bang King 10000 Puffs Vape Good Price"}]},{"@type":"WebSite","@id":"https:\/\/vapebulkp.com\/#website","url":"https:\/\/vapebulkp.com\/","name":"vapebulkp.com","description":"Buy Vape In Cheap Bulk Price Near you","publisher":{"@id":"https:\/\/vapebulkp.com\/#organization"},"potentialAction":[{"@type":"SearchAction","target":{"@type":"EntryPoint","urlTemplate":"https:\/\/vapebulkp.com\/?s={search_term_string}"},"query-input":"required name=search_term_string"}],"inLanguage":"pt-PT"},{"@type":"Organization","@id":"https:\/\/vapebulkp.com\/#organization","name":"vapebulkp.com","url":"https:\/\/vapebulkp.com\/","logo":{"@type":"ImageObject","inLanguage":"pt-PT","@id":"https:\/\/vapebulkp.com\/#\/schema\/logo\/image\/","url":"https:\/\/vapebulkp.com\/wp-content\/uploads\/2023\/09\/cropped-vapebulkp.png","contentUrl":"https:\/\/vapebulkp.com\/wp-content\/uploads\/2023\/09\/cropped-vapebulkp.png","width":516,"height":163,"caption":"vapebulkp.com"},"image":{"@id":"https:\/\/vapebulkp.com\/#\/schema\/logo\/image\/"}}]}},"uagb_featured_image_src":{"full":["https:\/\/vapebulkp.com\/wp-content\/uploads\/2023\/09\/100000-PUFFS-DISPOSABEL-HOT-SALE-BANG-scaled.jpg",1916,2560,false],"thumbnail":["https:\/\/vapebulkp.com\/wp-content\/uploads\/2023\/09\/100000-PUFFS-DISPOSABEL-HOT-SALE-BANG-150x150.jpg",150,150,true],"medium":["https:\/\/vapebulkp.com\/wp-content\/uploads\/2023\/09\/100000-PUFFS-DISPOSABEL-HOT-SALE-BANG-224x300.jpg",224,300,true],"medium_large":["https:\/\/vapebulkp.com\/wp-content\/uploads\/2023\/09\/100000-PUFFS-DISPOSABEL-HOT-SALE-BANG-768x1026.jpg",768,1026,true],"large":["https:\/\/vapebulkp.com\/wp-content\/uploads\/2023\/09\/100000-PUFFS-DISPOSABEL-HOT-SALE-BANG-766x1024.jpg",766,1024,true],"1536x1536":["https:\/\/vapebulkp.com\/wp-content\/uploads\/2023\/09\/100000-PUFFS-DISPOSABEL-HOT-SALE-BANG-1149x1536.jpg",1149,1536,true],"2048x2048":["https:\/\/vapebulkp.com\/wp-content\/uploads\/2023\/09\/100000-PUFFS-DISPOSABEL-HOT-SALE-BANG-1532x2048.jpg",1532,2048,true],"trp-custom-language-flag":["https:\/\/vapebulkp.com\/wp-content\/uploads\/2023\/09\/100000-PUFFS-DISPOSABEL-HOT-SALE-BANG-scaled.jpg",9,12,false],"woocommerce_thumbnail":["https:\/\/vapebulkp.com\/wp-content\/uploads\/2023\/09\/100000-PUFFS-DISPOSABEL-HOT-SALE-BANG-300x300.jpg",300,300,true],"woocommerce_single":["https:\/\/vapebulkp.com\/wp-content\/uploads\/2023\/09\/100000-PUFFS-DISPOSABEL-HOT-SALE-BANG-600x802.jpg",600,802,true],"woocommerce_gallery_thumbnail":["https:\/\/vapebulkp.com\/wp-content\/uploads\/2023\/09\/100000-PUFFS-DISPOSABEL-HOT-SALE-BANG-100x100.jpg",100,100,true],"wcpr-photo-reviews":["https:\/\/vapebulkp.com\/wp-content\/uploads\/2023\/09\/100000-PUFFS-DISPOSABEL-HOT-SALE-BANG-scaled.jpg",374,500,false]},"uagb_author_info":{"display_name":"Mandy vape bulk price","author_link":"https:\/\/vapebulkp.com\/pt\/author\/"},"uagb_comment_info":1,"uagb_excerpt":"Good Sale Bang king 10000 puff VAPE Bang king 10000 puff VAPE KIT Sweden Best Vape Bang king 10000 puff VAPE BAR Popular Bang Max 10000 Puff VAPE\u00a0 France Good Vape Bang Max 10000 Puffs Top Sale Vape Bang Max 10000 Puff VAPE BAR Pls Contact Mandy's WhatsApp For Discount Price+8618077105796 NOTE: Prices on our&hellip;","_links":{"self":[{"href":"https:\/\/vapebulkp.com\/pt\/wp-json\/wp\/v2\/product\/1628","targetHints":{"allow":["GET"]}}],"collection":[{"href":"https:\/\/vapebulkp.com\/pt\/wp-json\/wp\/v2\/product"}],"about":[{"href":"https:\/\/vapebulkp.com\/pt\/wp-json\/wp\/v2\/types\/product"}],"replies":[{"embeddable":true,"href":"https:\/\/vapebulkp.com\/pt\/wp-json\/wp\/v2\/comments?post=1628"}],"wp:featuredmedia":[{"embeddable":true,"href":"https:\/\/vapebulkp.com\/pt\/wp-json\/wp\/v2\/media\/1642"}],"wp:attachment":[{"href":"https:\/\/vapebulkp.com\/pt\/wp-json\/wp\/v2\/media?parent=1628"}],"wp:term":[{"taxonomy":"product_cat","embeddable":true,"href":"https:\/\/vapebulkp.com\/pt\/wp-json\/wp\/v2\/product_cat?post=1628"},{"taxonomy":"product_tag","embeddable":true,"href":"https:\/\/vapebulkp.com\/pt\/wp-json\/wp\/v2\/product_tag?post=1628"}],"curies":[{"name":"wp","href":"https:\/\/api.w.org\/{rel}","templated":true}]}}