{"id":1810,"date":"2023-10-26T08:51:36","date_gmt":"2023-10-26T06:51:36","guid":{"rendered":"https:\/\/vapebulkp.com\/?post_type=product&#038;p=1810"},"modified":"2025-09-08T06:04:57","modified_gmt":"2025-09-08T04:04:57","slug":"joymy-ultra15000puffs-best-disposable-vape-2023","status":"publish","type":"product","link":"https:\/\/vapebulkp.com\/pt\/product\/joymy-ultra15000puffs-best-disposable-vape-2023\/","title":{"rendered":"JOYMY ULTRA15000Vapores Melhor Vaporizador Descart\u00e1vel 2023"},"content":{"rendered":"<h2>JOYMY ULTRA 15000Puffs Melhor Vape Descart\u00e1vel 2023<\/h2>\n<p>O JOYMY ULTRA \u00a0<a href=\"https:\/\/vapebulkp.com\/pt\/product-category\/15000-puffs-disposable-vape\/\">Vape Descart\u00e1vel de 15000Puffs<\/a> \u00e9 um vape descart\u00e1vel de alta capacidade projetado para entusiastas de vaping europeus que valorizam desempenho, sabor e conveni\u00eancia. Constru\u00eddo com uma bateria robusta de 650mAh e carregamento r\u00e1pido Tipo-C, este vape descart\u00e1vel de longa dura\u00e7\u00e3o garante sess\u00f5es ininterruptas, oferecendo vapor suave e consistente.<\/p>\n<p>Com um generoso reservat\u00f3rio de e-l\u00edquido de 20ml e tecnologia avan\u00e7ada de vape com bobina de malha, o Vape Descart\u00e1vel de 15000 Puffs produz nuvens densas e sabor rico do in\u00edcio ao fim. Dispon\u00edvel numa vasta sele\u00e7\u00e3o de sabores premium e concentra\u00e7\u00f5es de vape com sal de nicotina, satisfaz tanto utilizadores casuais como vapers experientes que procuram extra\u00e7\u00f5es satisfat\u00f3rias.<\/p>\n<p>Compacto e port\u00e1til, o Vape Recarreg\u00e1vel JOYMY ULTRA 15000 Puff cabe sem esfor\u00e7o no seu bolso ou bolsa, tornando-o perfeito para viagens, ambientes sociais ou uso di\u00e1rio. Ideal para utilizadores individuais e compradores grossistas, este vape descart\u00e1vel de alta capacidade oferece uma quantidade m\u00ednima de encomenda baixa, tornando-o uma op\u00e7\u00e3o atraente para retalhistas em toda a Europa.<\/p>\n<p>Eleve a sua cole\u00e7\u00e3o com o JOYMY ULTRA 15000Puffs Vape Bar\u2014um dispositivo pronto a usar, fi\u00e1vel e elegante, criado para uma satisfa\u00e7\u00e3o duradoura.<\/p>\n<p><img decoding=\"async\" class=\"alignnone size-full wp-image-1815\" src=\"http:\/\/vapebulkp.com\/wp-content\/uploads\/2023\/10\/Good-Sale-JOYMY-15000-Puffs-Hot-vape.png\" alt=\"Boa Venda Vape Quente JOYMY 15000 Puffs\" width=\"680\" height=\"340\" srcset=\"https:\/\/vapebulkp.com\/wp-content\/uploads\/2023\/10\/Good-Sale-JOYMY-15000-Puffs-Hot-vape.png 680w, https:\/\/vapebulkp.com\/wp-content\/uploads\/2023\/10\/Good-Sale-JOYMY-15000-Puffs-Hot-vape-300x150.png 300w, https:\/\/vapebulkp.com\/wp-content\/uploads\/2023\/10\/Good-Sale-JOYMY-15000-Puffs-Hot-vape-600x300.png 600w\" sizes=\"(max-width: 680px) 100vw, 680px\" \/><\/p>\n<h6>Por favor, contacte o WhatsApp da Mandy para um pre\u00e7o com desconto<a href=\"https:\/\/wa.me\/8618077105796\">+8618077105796<\/a><\/h6>\n<p><img decoding=\"async\" class=\"alignnone wp-image-2151\" src=\"http:\/\/vapebulkp.com\/wp-content\/uploads\/2024\/04\/Mandy-WhatsApp-Randm.jpg\" alt=\"Mandy WhatsApp Randm\" width=\"267\" height=\"284\" srcset=\"https:\/\/vapebulkp.com\/wp-content\/uploads\/2024\/04\/Mandy-WhatsApp-Randm.jpg 916w, https:\/\/vapebulkp.com\/wp-content\/uploads\/2024\/04\/Mandy-WhatsApp-Randm-282x300.jpg 282w, https:\/\/vapebulkp.com\/wp-content\/uploads\/2024\/04\/Mandy-WhatsApp-Randm-768x817.jpg 768w, https:\/\/vapebulkp.com\/wp-content\/uploads\/2024\/04\/Mandy-WhatsApp-Randm-600x638.jpg 600w\" sizes=\"(max-width: 267px) 100vw, 267px\" \/><\/p>\n<h2>Pensei que gostaria de saber sobre o JOYMY ULTRA 15000Puffs:<\/h2>\n<p>&nbsp;<\/p>\n<h6>1.QUAL \u00c9 A CAPACIDADE DE E-L\u00cdQUIDO do Vape JOYMY 15000 Puffs?<\/h6>\n<p>Este dispositivo tem 20ml de l\u00edquido.<\/p>\n<h6>2.QUANTO TEMPO DURA ESTE VAPE?<\/h6>\n<p>500 inala\u00e7\u00f5es\/dia, pode durar 30 dias<br \/>\n1000 inala\u00e7\u00f5es\/dia, pode durar 15 dias<br \/>\n2000 inala\u00e7\u00f5es\/dia, pode durar 8 dias<\/p>\n<h6>3.COMO CARREGAR O DISPOSITIVO DE VAPE DESCART\u00c1VEL JOYMY ULTRA 15000Puffs?<\/h6>\n<p>N\u00e3o \u00e9 poss\u00edvel utilizar carregadores de carregamento r\u00e1pido. A pot\u00eancia de seguran\u00e7a padr\u00e3o dos cigarros eletr\u00f3nicos descart\u00e1veis \u00e9 de 5V 1A. Cada tempo de carregamento n\u00e3o pode exceder 1 hora, e o tempo de carregamento seguro \u00e9 de meia hora.<\/p>\n<p><span style=\"color: #ff6600\">Aviso: n\u00e3o recarregue durante toda a noite!<\/span><\/p>\n<h6>4.Como usar <strong><span style=\"vertical-align: inherit\">JOYMY ULTRA 15000 Puffs<\/span><\/strong>?<\/h6>\n<p>1: Antes de usar 15 mil baforadas, desligar o tubo de pl\u00e1stico.<br \/>\n2: Espere cerca de 3 minutos para que o l\u00edquido entre na bobina interna.<br \/>\n3: Comece a desfrutar<\/p>\n<h2><strong><span style=\"vertical-align: inherit\">Especifica\u00e7\u00e3o Para JOYMY 15000 Puff<\/span><\/strong><strong><span style=\"vertical-align: inherit\">\uff1a<\/span><br \/>\n<\/strong><\/h2>\n<ul>\n<li>Bateria: 650mAh (Tipo C)<br \/>\nCapacidade: 20ml<br \/>\nBobina: malha de 0,8 ohm<br \/>\nVolume de suc\u00e7\u00e3o aproximado: 15000puffs<br \/>\nFor\u00e7a de nicotina adicional: 21%, 5%<\/li>\n<li>Fornecimento de energia eficiente e consistente<\/li>\n<li>Quantidade M\u00ednima de Encomenda: 100 unidades<\/li>\n<\/ul>\n<h2><strong>Quais s\u00e3o os Melhores Sabores de Vape JOYMY 15000 Puffs?<\/strong><\/h2>\n<p>&nbsp;<\/p>\n<p><strong>1. mirtilo <\/strong><\/p>\n<p><strong>2. gelo preto <\/strong><\/p>\n<p><strong>3. melancia<\/strong><\/p>\n<p><strong> 4. menta de lim\u00e3o<\/strong><\/p>\n<p><strong> 5. menta de pastilha el\u00e1stica <\/strong><\/p>\n<p><strong>6.gelo de uva <\/strong><\/p>\n<p><strong>7. Manga de morango<\/strong><\/p>\n<p><strong> 8. ma\u00e7\u00e3 dupla <\/strong><\/p>\n<p><strong>9. mel\u00e3o de mel <\/strong><\/p>\n<p><strong>10.morango kiwi<\/strong><\/p>\n<p>&nbsp;<\/p>\n<p><a href=\"https:\/\/vapebulkp.com\/pt\/product\/popular-randm-tornado-7000puffs-disposable-vape-best-price\/\"><span style=\"vertical-align: inherit\">RandM Tornado 7000 Baforadas <\/span><\/a><\/p>\n<p><span style=\"vertical-align: inherit\">Encontre mais produtos que possa gostar:<\/span><em><a href=\"https:\/\/wa.me\/8618077105796\"><span style=\"vertical-align: inherit\">\u00a0Compre agora<\/span><\/a><\/em><\/p>\n<p><span style=\"vertical-align: inherit\">Outros Puffs Que Poder\u00e1 Gostar:<\/span><a href=\"https:\/\/vapebulkp.com\/pt\/product\/bang-box-12000puffs-good-vape-sweden-wholesale-price\/\"><span style=\"vertical-align: inherit\">Bang Box 12000 Puffs<\/span><\/a><span style=\"vertical-align: inherit\">\u3001<\/span><a href=\"https:\/\/vapebulkp.com\/pt\/product\/top-sale-waspe-12000puffs-disposable-vape-wholesale-france\/\"><span style=\"vertical-align: inherit\">WASPE 12000 Inala\u00e7\u00f5es<\/span><\/a><span style=\"vertical-align: inherit\">\/ <\/span><a href=\"https:\/\/vapebulkp.com\/pt\/product\/wholesale-randm-tornado-9000-puffs-germany\/\"><span style=\"vertical-align: inherit\">RandM Tornado 9000 Inala\u00e7\u00f5es<\/span><\/a><span style=\"vertical-align: inherit\">\/ <\/span><a href=\"https:\/\/vapebulkp.com\/pt\/product\/disposable-vape-crystal-600-puffs\/\"><span style=\"vertical-align: inherit\">Crystal 600Inala\u00e7\u00f5es<\/span><\/a><\/p>\n<p><span style=\"vertical-align: inherit\">Garrafa de cigarro eletr\u00f3nico com formato especial:<\/span><a href=\"https:\/\/vapebulkp.com\/pt\/product\/good-sale-randm-tornado-10000-puffs-plus\/\"><span style=\"vertical-align: inherit\">RandM Tornado 10000 Baforadas Plus <\/span><\/a><span style=\"vertical-align: inherit\">\/<\/span><a href=\"https:\/\/vapebulkp.com\/pt\/product\/wholesale-price-og-super-smash-10000-puffs-disposable-vape\/\"><span style=\"vertical-align: inherit\">OG Super Smash 10000 Puffs<\/span><\/a><\/p>\n<h3>Qualifica\u00e7\u00e3o da Produ\u00e7\u00e3o:<\/h3>\n<p><img decoding=\"async\" class=\"alignnone size-full wp-image-1841\" src=\"http:\/\/vapebulkp.com\/wp-content\/uploads\/2023\/11\/Vape-production-process-2.jpeg\" alt=\"Processo de produ\u00e7\u00e3o de vape\" width=\"650\" height=\"434\" srcset=\"https:\/\/vapebulkp.com\/wp-content\/uploads\/2023\/11\/Vape-production-process-2.jpeg 650w, https:\/\/vapebulkp.com\/wp-content\/uploads\/2023\/11\/Vape-production-process-2-300x200.jpeg 300w, https:\/\/vapebulkp.com\/wp-content\/uploads\/2023\/11\/Vape-production-process-2-600x401.jpeg 600w\" sizes=\"(max-width: 650px) 100vw, 650px\" \/><\/p>\n<p><img decoding=\"async\" class=\"alignnone wp-image-1843\" src=\"http:\/\/vapebulkp.com\/wp-content\/uploads\/2023\/11\/Vape-production-process.jpeg\" alt=\"Processo de produ\u00e7\u00e3o de vape\" width=\"647\" height=\"1036\" srcset=\"https:\/\/vapebulkp.com\/wp-content\/uploads\/2023\/11\/Vape-production-process.jpeg 641w, https:\/\/vapebulkp.com\/wp-content\/uploads\/2023\/11\/Vape-production-process-187x300.jpeg 187w, https:\/\/vapebulkp.com\/wp-content\/uploads\/2023\/11\/Vape-production-process-640x1024.jpeg 640w, https:\/\/vapebulkp.com\/wp-content\/uploads\/2023\/11\/Vape-production-process-600x960.jpeg 600w\" sizes=\"(max-width: 647px) 100vw, 647px\" \/><\/p>\n<h3>Perguntas Frequentes:<\/h3>\n<p>P: Qual \u00e9 o MOQ de Vape JOYMY ULTRA 15000Puffs por grosso?<br \/>\nR: A encomenda m\u00ednima \u00e9 de 50 unidades.<br \/>\nP: Qual \u00e9 o tempo de entrega para o vaporizador encomendado?<br \/>\nR: Geralmente s\u00e3o 10-15 dias ap\u00f3s o envio<br \/>\nP: Quanto custa o envio? R: O custo de envio depende do peso. Quantidades diferentes t\u00eam custos de envio diferentes, por favor contacte-nos para confirmar o custo de envio.<\/p>\n<h4>Detalhes de envio:<\/h4>\n<p><span style=\"color: #ff6600\">Tempo de produ\u00e7\u00e3o: 5-10 dias \u00fateis<\/span><br \/>\n<span style=\"color: #ff6600\">Tempo de envio: 8-14 dias \u00fateis<\/span><\/p>\n<p>Todos os produtos na nossa loja s\u00e3o 100% originais e aut\u00eanticos, por isso a nossa pol\u00edtica \u00e9 dez vezes a compensa\u00e7\u00e3o por produtos falsificados. Usamos canais de log\u00edstica como UPS\/DHL\/FEDEX\/DPD para entregar os produtos a si.<\/p>\n<p>Para encomendas enviadas para Portugal, a chegada demora geralmente 10 dias \u00fateis. O envio para outros pa\u00edses europeus geralmente demora de 12 a 15 dias \u00fateis a chegar. Atualizaremos as informa\u00e7\u00f5es de log\u00edstica para si em tempo real.<\/p>\n<h3>Bom servi\u00e7o p\u00f3s-venda:<\/h3>\n<p><span style=\"color: #ff6600\">Aviso: Sem reembolsos ou trocas para problemas n\u00e3o relacionados com a qualidade<\/span><br \/>\n1. Os clientes podem escolher o sabor que desejam, mas se o sabor estiver esgotado, o departamento de produ\u00e7\u00e3o escolher\u00e1 um sabor popular para o substituir. Os clientes n\u00e3o est\u00e3o autorizados a solicitar reembolsos ou trocas com base nos sabores.<\/p>\n<p>2. Quando ocorrerem problemas de qualidade, forne\u00e7a descri\u00e7\u00f5es espec\u00edficas em v\u00eddeo e imagem.<br \/>\nSe n\u00e3o conseguir fornecer provas como v\u00eddeos e fotos, os produtos n\u00e3o podem ser substitu\u00eddos.<\/p>","protected":false},"excerpt":{"rendered":"<p>Boa Venda Vape JOYMY 15000Puffs Venda Quente Vape Fran\u00e7a<br \/>\nJOYMY 15000Puffs VAPE KIT Su\u00e9cia<br \/>\nVape Popular JOYMY 15000Puffs VAPE BAR<br \/>\nPopular JOYMY 15000Puffs VAPE Fran\u00e7a<br \/>\nBom Vape JOYMY 15000Puffs Vape de Topo<\/p>\n<p><img decoding=\"async\" class=\"alignnone wp-image-2151\" src=\"http:\/\/vapebulkp.com\/wp-content\/uploads\/2024\/04\/Mandy-WhatsApp-Randm.jpg\" alt=\"Mandy WhatsApp Randm\" width=\"294\" height=\"313\" srcset=\"https:\/\/vapebulkp.com\/wp-content\/uploads\/2024\/04\/Mandy-WhatsApp-Randm.jpg 916w, https:\/\/vapebulkp.com\/wp-content\/uploads\/2024\/04\/Mandy-WhatsApp-Randm-282x300.jpg 282w, https:\/\/vapebulkp.com\/wp-content\/uploads\/2024\/04\/Mandy-WhatsApp-Randm-768x817.jpg 768w, https:\/\/vapebulkp.com\/wp-content\/uploads\/2024\/04\/Mandy-WhatsApp-Randm-600x638.jpg 600w\" sizes=\"(max-width: 294px) 100vw, 294px\" \/><\/p>\n<p>Por favor, contacte o WhatsApp da Mandy para um pre\u00e7o com desconto<a href=\"https:\/\/wa.me\/8618077105796\">+8618077105796<\/a><\/p>\n<p><span style=\"color: #ff0000\">NOTA: Os pre\u00e7os no nosso site n\u00e3o incluem os custos de envio<\/span><\/p>","protected":false},"featured_media":1811,"comment_status":"open","ping_status":"closed","template":"","meta":{"_uag_custom_page_level_css":"","_lmt_disableupdate":"no","_lmt_disable":"","site-sidebar-layout":"default","site-content-layout":"content-boxed-container","ast-site-content-layout":"normal-width-container","site-content-style":"boxed","site-sidebar-style":"unboxed","ast-global-header-display":"","ast-banner-title-visibility":"","ast-main-header-display":"","ast-hfb-above-header-display":"","ast-hfb-below-header-display":"","ast-hfb-mobile-header-display":"","site-post-title":"","ast-breadcrumbs-content":"","ast-featured-img":"","footer-sml-layout":"","theme-transparent-header-meta":"default","adv-header-id-meta":"","stick-header-meta":"","header-above-stick-meta":"","header-main-stick-meta":"","header-below-stick-meta":"","astra-migrate-meta-layouts":"set","_joinchat":[]},"product_cat":[165,153,155,33,59,100,87,34,158,157,154,152,58,84,156,63,32],"product_tag":[77,36,37,41,73,40],"class_list":["post-1810","product","type-product","status-publish","has-post-thumbnail","hentry","product_cat-15000-puffs-disposable-vape","product_cat-hot-disposable-vapes","product_cat-belgium-hot-disposable-vapes","product_cat-france-vape-hot-sale","product_cat-germany-hot-disposable-vape","product_cat-germany-wholesale-vape-shop","product_cat-minimum-order-quantity-50pcs","product_cat-netherlands-vape-good-sale","product_cat-norway-hot-disposable-vapes","product_cat-poland-hot-disposable-vapes","product_cat-portugal-hot-disposable-vapes","product_cat-spain-hot-disposable-vapes","product_cat-sweden-hot-disposable-vape","product_cat-sweden-wholesale-vape","product_cat-switzerland-hot-disposable-vapes","product_cat-top-sale-disposable-vape","product_cat-vape-hot-sale-this-week","product_tag-15000-puffs","product_tag-good-vape","product_tag-hot-sale-disposable-vape","product_tag-poland-hot-vape","product_tag-randm-10000puffs-vape","product_tag-sweden-hot-vape","desktop-align-left","tablet-align-left","mobile-align-left"],"yoast_head":"<!-- This site is optimized with the Yoast SEO plugin v21.1 - https:\/\/yoast.com\/wordpress\/plugins\/seo\/ -->\n<title>JOYMY ULTRA15000Puffs Best Disposable Vape 2023 - vapebulkp.com<\/title>\n<meta name=\"description\" content=\"Join the Vaping Revolution with JOYMY ULTRA15000Puffs Best Disposable Vape 2023Disposable E-CigaretteIt&#039;s time to join the vaping revolution with the JOYMY ULTRA15k Puffs .\" \/>\n<meta name=\"robots\" content=\"index, follow, max-snippet:-1, max-image-preview:large, max-video-preview:-1\" \/>\n<link rel=\"canonical\" href=\"https:\/\/vapebulkp.com\/pt\/product\/joymy-ultra15000puffs-best-disposable-vape-2023\/\" \/>\n<meta property=\"og:locale\" content=\"pt_PT\" \/>\n<meta property=\"og:type\" content=\"article\" \/>\n<meta property=\"og:title\" content=\"JOYMY ULTRA15000Puffs Best Disposable Vape 2023 - vapebulkp.com\" \/>\n<meta property=\"og:description\" content=\"Join the Vaping Revolution with JOYMY ULTRA15000Puffs Best Disposable Vape 2023Disposable E-CigaretteIt&#039;s time to join the vaping revolution with the JOYMY ULTRA15k Puffs .\" \/>\n<meta property=\"og:url\" content=\"https:\/\/vapebulkp.com\/pt\/product\/joymy-ultra15000puffs-best-disposable-vape-2023\/\" \/>\n<meta property=\"og:site_name\" content=\"vapebulkp.com\" \/>\n<meta property=\"article:modified_time\" content=\"2025-09-08T04:04:57+00:00\" \/>\n<meta property=\"og:image\" content=\"http:\/\/vapebulkp.com\/wp-content\/uploads\/2023\/10\/Ploand-Good-JOYMY-15000-Puffs-Vape-2-768x1024.png\" \/>\n\t<meta property=\"og:image:width\" content=\"768\" \/>\n\t<meta property=\"og:image:height\" content=\"1024\" \/>\n\t<meta property=\"og:image:type\" content=\"image\/png\" \/>\n<meta name=\"twitter:card\" content=\"summary_large_image\" \/>\n<meta name=\"twitter:label1\" content=\"Tempo estimado de leitura\" \/>\n\t<meta name=\"twitter:data1\" content=\"4 minutos\" \/>\n<script type=\"application\/ld+json\" class=\"yoast-schema-graph\">{\"@context\":\"https:\/\/schema.org\",\"@graph\":[{\"@type\":\"WebPage\",\"@id\":\"https:\/\/vapebulkp.com\/product\/joymy-ultra15000puffs-best-disposable-vape-2023\/\",\"url\":\"https:\/\/vapebulkp.com\/product\/joymy-ultra15000puffs-best-disposable-vape-2023\/\",\"name\":\"JOYMY ULTRA15000Puffs Best Disposable Vape 2023 - vapebulkp.com\",\"isPartOf\":{\"@id\":\"https:\/\/vapebulkp.com\/#website\"},\"datePublished\":\"2023-10-26T06:51:36+00:00\",\"dateModified\":\"2025-09-08T04:04:57+00:00\",\"description\":\"Join the Vaping Revolution with JOYMY ULTRA15000Puffs Best Disposable Vape 2023Disposable E-CigaretteIt's time to join the vaping revolution with the JOYMY ULTRA15k Puffs .\",\"breadcrumb\":{\"@id\":\"https:\/\/vapebulkp.com\/product\/joymy-ultra15000puffs-best-disposable-vape-2023\/#breadcrumb\"},\"inLanguage\":\"pt-PT\",\"potentialAction\":[{\"@type\":\"ReadAction\",\"target\":[\"https:\/\/vapebulkp.com\/product\/joymy-ultra15000puffs-best-disposable-vape-2023\/\"]}]},{\"@type\":\"BreadcrumbList\",\"@id\":\"https:\/\/vapebulkp.com\/product\/joymy-ultra15000puffs-best-disposable-vape-2023\/#breadcrumb\",\"itemListElement\":[{\"@type\":\"ListItem\",\"position\":1,\"name\":\"Home\",\"item\":\"https:\/\/vapebulkp.com\/\"},{\"@type\":\"ListItem\",\"position\":2,\"name\":\"Hot Trend Vapes\",\"item\":\"https:\/\/vapebulkp.com\/vape-shop\/\"},{\"@type\":\"ListItem\",\"position\":3,\"name\":\"JOYMY ULTRA15000Puffs Best Disposable Vape 2023\"}]},{\"@type\":\"WebSite\",\"@id\":\"https:\/\/vapebulkp.com\/#website\",\"url\":\"https:\/\/vapebulkp.com\/\",\"name\":\"vapebulkp.com\",\"description\":\"Buy Vape In Cheap Bulk Price Near you\",\"publisher\":{\"@id\":\"https:\/\/vapebulkp.com\/#organization\"},\"potentialAction\":[{\"@type\":\"SearchAction\",\"target\":{\"@type\":\"EntryPoint\",\"urlTemplate\":\"https:\/\/vapebulkp.com\/?s={search_term_string}\"},\"query-input\":\"required name=search_term_string\"}],\"inLanguage\":\"pt-PT\"},{\"@type\":\"Organization\",\"@id\":\"https:\/\/vapebulkp.com\/#organization\",\"name\":\"vapebulkp.com\",\"url\":\"https:\/\/vapebulkp.com\/\",\"logo\":{\"@type\":\"ImageObject\",\"inLanguage\":\"pt-PT\",\"@id\":\"https:\/\/vapebulkp.com\/#\/schema\/logo\/image\/\",\"url\":\"https:\/\/vapebulkp.com\/wp-content\/uploads\/2023\/09\/cropped-vapebulkp.png\",\"contentUrl\":\"https:\/\/vapebulkp.com\/wp-content\/uploads\/2023\/09\/cropped-vapebulkp.png\",\"width\":516,\"height\":163,\"caption\":\"vapebulkp.com\"},\"image\":{\"@id\":\"https:\/\/vapebulkp.com\/#\/schema\/logo\/image\/\"}}]}<\/script>\n<!-- \/ Yoast SEO plugin. -->","yoast_head_json":{"title":"JOYMY ULTRA15000Puffs Best Disposable Vape 2023 - vapebulkp.com","description":"Join the Vaping Revolution with JOYMY ULTRA15000Puffs Best Disposable Vape 2023Disposable E-CigaretteIt's time to join the vaping revolution with the JOYMY ULTRA15k Puffs .","robots":{"index":"index","follow":"follow","max-snippet":"max-snippet:-1","max-image-preview":"max-image-preview:large","max-video-preview":"max-video-preview:-1"},"canonical":"https:\/\/vapebulkp.com\/pt\/product\/joymy-ultra15000puffs-best-disposable-vape-2023\/","og_locale":"pt_PT","og_type":"article","og_title":"JOYMY ULTRA15000Puffs Best Disposable Vape 2023 - vapebulkp.com","og_description":"Join the Vaping Revolution with JOYMY ULTRA15000Puffs Best Disposable Vape 2023Disposable E-CigaretteIt's time to join the vaping revolution with the JOYMY ULTRA15k Puffs .","og_url":"https:\/\/vapebulkp.com\/pt\/product\/joymy-ultra15000puffs-best-disposable-vape-2023\/","og_site_name":"vapebulkp.com","article_modified_time":"2025-09-08T04:04:57+00:00","og_image":[{"width":768,"height":1024,"url":"http:\/\/vapebulkp.com\/wp-content\/uploads\/2023\/10\/Ploand-Good-JOYMY-15000-Puffs-Vape-2-768x1024.png","type":"image\/png"}],"twitter_card":"summary_large_image","twitter_misc":{"Tempo estimado de leitura":"4 minutos"},"schema":{"@context":"https:\/\/schema.org","@graph":[{"@type":"WebPage","@id":"https:\/\/vapebulkp.com\/product\/joymy-ultra15000puffs-best-disposable-vape-2023\/","url":"https:\/\/vapebulkp.com\/product\/joymy-ultra15000puffs-best-disposable-vape-2023\/","name":"JOYMY ULTRA15000Puffs Best Disposable Vape 2023 - vapebulkp.com","isPartOf":{"@id":"https:\/\/vapebulkp.com\/#website"},"datePublished":"2023-10-26T06:51:36+00:00","dateModified":"2025-09-08T04:04:57+00:00","description":"Join the Vaping Revolution with JOYMY ULTRA15000Puffs Best Disposable Vape 2023Disposable E-CigaretteIt's time to join the vaping revolution with the JOYMY ULTRA15k Puffs .","breadcrumb":{"@id":"https:\/\/vapebulkp.com\/product\/joymy-ultra15000puffs-best-disposable-vape-2023\/#breadcrumb"},"inLanguage":"pt-PT","potentialAction":[{"@type":"ReadAction","target":["https:\/\/vapebulkp.com\/product\/joymy-ultra15000puffs-best-disposable-vape-2023\/"]}]},{"@type":"BreadcrumbList","@id":"https:\/\/vapebulkp.com\/product\/joymy-ultra15000puffs-best-disposable-vape-2023\/#breadcrumb","itemListElement":[{"@type":"ListItem","position":1,"name":"Home","item":"https:\/\/vapebulkp.com\/"},{"@type":"ListItem","position":2,"name":"Hot Trend Vapes","item":"https:\/\/vapebulkp.com\/vape-shop\/"},{"@type":"ListItem","position":3,"name":"JOYMY ULTRA15000Puffs Best Disposable Vape 2023"}]},{"@type":"WebSite","@id":"https:\/\/vapebulkp.com\/#website","url":"https:\/\/vapebulkp.com\/","name":"vapebulkp.com","description":"Buy Vape In Cheap Bulk Price Near you","publisher":{"@id":"https:\/\/vapebulkp.com\/#organization"},"potentialAction":[{"@type":"SearchAction","target":{"@type":"EntryPoint","urlTemplate":"https:\/\/vapebulkp.com\/?s={search_term_string}"},"query-input":"required name=search_term_string"}],"inLanguage":"pt-PT"},{"@type":"Organization","@id":"https:\/\/vapebulkp.com\/#organization","name":"vapebulkp.com","url":"https:\/\/vapebulkp.com\/","logo":{"@type":"ImageObject","inLanguage":"pt-PT","@id":"https:\/\/vapebulkp.com\/#\/schema\/logo\/image\/","url":"https:\/\/vapebulkp.com\/wp-content\/uploads\/2023\/09\/cropped-vapebulkp.png","contentUrl":"https:\/\/vapebulkp.com\/wp-content\/uploads\/2023\/09\/cropped-vapebulkp.png","width":516,"height":163,"caption":"vapebulkp.com"},"image":{"@id":"https:\/\/vapebulkp.com\/#\/schema\/logo\/image\/"}}]}},"uagb_featured_image_src":{"full":["https:\/\/vapebulkp.com\/wp-content\/uploads\/2023\/10\/Ploand-Good-JOYMY-15000-Puffs-Vape-2.png",1536,2048,false],"thumbnail":["https:\/\/vapebulkp.com\/wp-content\/uploads\/2023\/10\/Ploand-Good-JOYMY-15000-Puffs-Vape-2-150x150.png",150,150,true],"medium":["https:\/\/vapebulkp.com\/wp-content\/uploads\/2023\/10\/Ploand-Good-JOYMY-15000-Puffs-Vape-2-225x300.png",225,300,true],"medium_large":["https:\/\/vapebulkp.com\/wp-content\/uploads\/2023\/10\/Ploand-Good-JOYMY-15000-Puffs-Vape-2-768x1024.png",768,1024,true],"large":["https:\/\/vapebulkp.com\/wp-content\/uploads\/2023\/10\/Ploand-Good-JOYMY-15000-Puffs-Vape-2-768x1024.png",768,1024,true],"1536x1536":["https:\/\/vapebulkp.com\/wp-content\/uploads\/2023\/10\/Ploand-Good-JOYMY-15000-Puffs-Vape-2-1152x1536.png",1152,1536,true],"2048x2048":["https:\/\/vapebulkp.com\/wp-content\/uploads\/2023\/10\/Ploand-Good-JOYMY-15000-Puffs-Vape-2.png",1536,2048,false],"trp-custom-language-flag":["https:\/\/vapebulkp.com\/wp-content\/uploads\/2023\/10\/Ploand-Good-JOYMY-15000-Puffs-Vape-2.png",9,12,false],"woocommerce_thumbnail":["https:\/\/vapebulkp.com\/wp-content\/uploads\/2023\/10\/Ploand-Good-JOYMY-15000-Puffs-Vape-2-300x300.png",300,300,true],"woocommerce_single":["https:\/\/vapebulkp.com\/wp-content\/uploads\/2023\/10\/Ploand-Good-JOYMY-15000-Puffs-Vape-2-600x800.png",600,800,true],"woocommerce_gallery_thumbnail":["https:\/\/vapebulkp.com\/wp-content\/uploads\/2023\/10\/Ploand-Good-JOYMY-15000-Puffs-Vape-2-100x100.png",100,100,true],"wcpr-photo-reviews":["https:\/\/vapebulkp.com\/wp-content\/uploads\/2023\/10\/Ploand-Good-JOYMY-15000-Puffs-Vape-2.png",375,500,false]},"uagb_author_info":{"display_name":"Mandy vape bulk price","author_link":"https:\/\/vapebulkp.com\/pt\/author\/"},"uagb_comment_info":0,"uagb_excerpt":"Good Sale Vape JOYMY 15000Puffs Hot Sale Vape France JOYMY 15000Puffs VAPE KIT Sweden Popular Vape JOYMY 15000Puffs VAPE BAR Popular JOYMY 15000Puffs VAPE\u00a0 France Good Vape JOYMY 15000Puffs Top Sale Vape Pls Contact Mandy's WhatsApp For Discount Price+8618077105796 NOTE: Prices on our website does not include shipping costs","_links":{"self":[{"href":"https:\/\/vapebulkp.com\/pt\/wp-json\/wp\/v2\/product\/1810","targetHints":{"allow":["GET"]}}],"collection":[{"href":"https:\/\/vapebulkp.com\/pt\/wp-json\/wp\/v2\/product"}],"about":[{"href":"https:\/\/vapebulkp.com\/pt\/wp-json\/wp\/v2\/types\/product"}],"replies":[{"embeddable":true,"href":"https:\/\/vapebulkp.com\/pt\/wp-json\/wp\/v2\/comments?post=1810"}],"wp:featuredmedia":[{"embeddable":true,"href":"https:\/\/vapebulkp.com\/pt\/wp-json\/wp\/v2\/media\/1811"}],"wp:attachment":[{"href":"https:\/\/vapebulkp.com\/pt\/wp-json\/wp\/v2\/media?parent=1810"}],"wp:term":[{"taxonomy":"product_cat","embeddable":true,"href":"https:\/\/vapebulkp.com\/pt\/wp-json\/wp\/v2\/product_cat?post=1810"},{"taxonomy":"product_tag","embeddable":true,"href":"https:\/\/vapebulkp.com\/pt\/wp-json\/wp\/v2\/product_tag?post=1810"}],"curies":[{"name":"wp","href":"https:\/\/api.w.org\/{rel}","templated":true}]}}