{"id":1896,"date":"2023-11-24T04:48:25","date_gmt":"2023-11-24T03:48:25","guid":{"rendered":"https:\/\/vapebulkp.com\/?post_type=product&#038;p=1896"},"modified":"2025-09-24T05:45:58","modified_gmt":"2025-09-24T03:45:58","slug":"elf-box-14000-puffs-2-5-nicotine-rechargeable-vape-sweden-wholesale","status":"publish","type":"product","link":"https:\/\/vapebulkp.com\/pt\/product\/elf-box-14000-puffs-2-5-nicotine-rechargeable-vape-sweden-wholesale\/","title":{"rendered":"ELF BOX 14000 Puffs Vape Recarreg\u00e1vel Portugal"},"content":{"rendered":"<h2 class=\"product_title entry-title\"><strong>ELF BOX 14000 Puffs Vape Recarreg\u00e1vel Portugal<\/strong><\/h2>\n<p>O <b>Vape Recarreg\u00e1vel ELF BOX 14000 Puffs<\/b> \u00e9 um novo padr\u00e3o para sofisticados <b>dispositivos de vaporiza\u00e7\u00e3o<\/b>. Projetado para o vaporizador exigente em Portugal, este n\u00e3o \u00e9 apenas um cigarro eletr\u00f3nico descart\u00e1vel; \u00e9 um compromisso com uma jornada ininterrupta e profundamente satisfat\u00f3ria. A engenharia avan\u00e7ada e o formato elegante do dispositivo proporcionam um salto monumental no desempenho, deixando para tr\u00e1s as limita\u00e7\u00f5es de um vape descart\u00e1vel padr\u00e3o <strong>14000<\/strong><b>\u00a0Vape Descart\u00e1vel de Puffs<\/b>.<\/p>\n<p>No seu n\u00facleo, este <b>caneta vape<\/b> \u00e9 constru\u00eddo para durabilidade. Uma robusta bateria recarreg\u00e1vel de 850mAh, alimentada por uma moderna interface Tipo-C, garante que pode utilizar plenamente cada um dos seus 14.000 puffs. O reservat\u00f3rio pr\u00e9-cheio de 23ml de <b>sal de nicotina<\/b> e-l\u00edquido premium funciona em harmonia com uma <b>bobina de malha<\/b> de alto desempenho para fornecer um sabor puro e imersivo consistentemente desde a primeira inala\u00e7\u00e3o. A atomiza\u00e7\u00e3o de precis\u00e3o da bobina garante uma nuvem de vapor rica e suave a cada inala\u00e7\u00e3o.<\/p>\n<p>Este <b>vape de longa dura\u00e7\u00e3o<\/b> \u00e9 o companheiro perfeito para qualquer estilo de vida. O seu design compacto oferece portabilidade sem esfor\u00e7o, sem comprometer a pot\u00eancia ou o sabor. O ELF BOX 14000 \u00e9 onde a tecnologia de ponta e o sabor excecional convergem.<\/p>\n<p><img decoding=\"async\" class=\"alignnone size-full wp-image-1907\" src=\"http:\/\/vapebulkp.com\/wp-content\/uploads\/2023\/11\/Elf-Box-14000pufHot-Sale-vape-11.png\" alt=\"Elf Box 14000 puffVenda Quente Vape Portugal\" width=\"715\" height=\"565\" \/><\/p>\n<p>&nbsp;<\/p>\n<h6 style=\"text-align: left\"><\/h6>\n<h6>Por favor, contacte o WhatsApp da Mandy para um pre\u00e7o com desconto<a href=\"https:\/\/wa.me\/8618077105796\">+8618077105796<\/a><\/h6>\n<p><img decoding=\"async\" class=\"alignnone wp-image-2151\" src=\"http:\/\/vapebulkp.com\/wp-content\/uploads\/2024\/04\/Mandy-WhatsApp-Randm.jpg\" alt=\"Mandy WhatsApp Randm\" width=\"288\" height=\"306\" srcset=\"https:\/\/vapebulkp.com\/wp-content\/uploads\/2024\/04\/Mandy-WhatsApp-Randm.jpg 916w, https:\/\/vapebulkp.com\/wp-content\/uploads\/2024\/04\/Mandy-WhatsApp-Randm-282x300.jpg 282w, https:\/\/vapebulkp.com\/wp-content\/uploads\/2024\/04\/Mandy-WhatsApp-Randm-768x817.jpg 768w, https:\/\/vapebulkp.com\/wp-content\/uploads\/2024\/04\/Mandy-WhatsApp-Randm-600x638.jpg 600w\" sizes=\"(max-width: 288px) 100vw, 288px\" \/><\/p>\n<h2>Coisas que pode querer saber sobre o Dispositivo Vape ELF BOX 14000 Puffs:<\/h2>\n<h6>1. Se fizer uma encomenda, pode ser enviada para o meu pa\u00eds?<\/h6>\n<p>A resposta \u00e9 sim, podemos enviar para a maioria dos pa\u00edses europeus, como Pa\u00edses Baixos, Alemanha, Fran\u00e7a, Espanha, It\u00e1lia, B\u00e9lgica, Luxemburgo, \u00c1ustria, Rep\u00fablica Checa, Eslov\u00e1quia, Hungria, Eslov\u00e9nia, Rom\u00e9nia, Bulg\u00e1ria, Gr\u00e9cia, Pol\u00f3nia, Portugal, Irlanda, Finl\u00e2ndia, Est\u00f3nia, Let\u00f3nia, Litu\u00e2nia, etc.<\/p>\n<h6>2. Como carrego a porta do ELF BOX 14000 Puffs quando o dispositivo fica sem energia?<\/h6>\n<p>Pode usar um carregador Android tipo-c em vez de um carregador super r\u00e1pido. Acender\u00e1 uma luz azul na parte inferior do dispositivo e desligar-se-\u00e1 quando estiver totalmente carregado.<\/p>\n<h6>3. Quanto tempo demora a carregar o ELF BOX 14000 Puffs?<\/h6>\n<p>O carregamento completo demora aproximadamente 30 minutos. Quando o dispositivo de cigarro eletr\u00f3nico estiver totalmente carregado, a luz indicadora de carregamento azul desligar-se-\u00e1.<\/p>\n<h3>Caracter\u00edsticas do Pod Vape Descart\u00e1vel ELF BOX 14000 Puffs:<\/h3>\n<ul>\n<li>L\u00edquido: 23ML<\/li>\n<li>Bateria: 850mAh<\/li>\n<li>USB: TIPO-C<\/li>\n<li>ENTRADA: 5V 1A<\/li>\n<li>Material: PC<\/li>\n<li>Per\u00edodo de garantia: 1 ano<\/li>\n<li>Fabrico: Ver embalagem<\/li>\n<li>Embalagem: 1 caixa 10 pe\u00e7as<\/li>\n<li>Nicotina de sal: 0% - 2% - 5% (opcional)<\/li>\n<li>Bobina de malha<\/li>\n<li>Luz LED colorida<\/li>\n<\/ul>\n<p>&nbsp;<\/p>\n<h3><strong>Quais s\u00e3o os melhores sabores do Vape ELF BOX 14000 Puffs?<\/strong><\/h3>\n<p>1. Gelo de Framboesa Azul<br \/>\n2.Morango Gelo<br \/>\n3. Gelo de uva<br \/>\n4. Morango Melancia<br \/>\n5. Gelo de Menta<br \/>\n6. Red Bull<br \/>\n7. Ma\u00e7\u00e3 Dupla<br \/>\n8. Gelo Exuberante<br \/>\n9.P\u00eassego Manga<br \/>\n10. Refrigerante de Cereja<\/p>\n<p><a href=\"https:\/\/vapebulkp.com\/pt\/product\/popular-randm-tornado-7000puffs-disposable-vape-best-price\/\"><span style=\"vertical-align: inherit\">RandM Tornado 7000 Baforadas <\/span><\/a><\/p>\n<p><span style=\"vertical-align: inherit\">Encontre mais produtos que possa gostar:<\/span><em><a href=\"https:\/\/wa.me\/8618077105796\"><span style=\"vertical-align: inherit\">\u00a0Compre agora<\/span><\/a><\/em><\/p>\n<p><span style=\"vertical-align: inherit\">Outros Puffs Que Poder\u00e1 Gostar:<\/span><a href=\"https:\/\/vapebulkp.com\/pt\/product\/joymy-ultra15000puffs-best-disposable-vape-2023\/\"><span style=\"vertical-align: inherit\">JOYMY 15000Baforadas<\/span><\/a><span style=\"vertical-align: inherit\">\u3001<\/span><a href=\"https:\/\/vapebulkp.com\/pt\/product\/wholesale-randm-tornado-9000-puffs-germany\/\"><span style=\"vertical-align: inherit\">RandM 9000 Vapores<\/span><\/a><span style=\"vertical-align: inherit\">\/ <\/span><a href=\"https:\/\/vapebulkp.com\/pt\/product\/bang-tornado-12000-puffs-rechargeable-disposable-pod\/\"><span style=\"vertical-align: inherit\">Bang Tornado 12000 Puffs<\/span><\/a><span style=\"vertical-align: inherit\">\/ <\/span><a href=\"https:\/\/vapebulkp.com\/pt\/product\/wholesale-tornado-rum-bar-9000-puffs-sweden\/\"><span style=\"vertical-align: inherit\">Rumbar 9000Vapores<\/span><\/a><\/p>\n<p><span style=\"vertical-align: inherit\">Garrafa de cigarro eletr\u00f3nico com formato especial:<\/span><a href=\"https:\/\/vapebulkp.com\/pt\/product\/wholesale-kulx-8000-puffs-disposable-vape\/\"><span style=\"vertical-align: inherit\">\u00a0Kulx 8000 Baforadas<\/span><\/a><span style=\"vertical-align: inherit\">\/ <\/span><a href=\"https:\/\/vapebulkp.com\/pt\/product\/popular-bang-king-10000-puffs-vape-good-price\/\"><span style=\"vertical-align: inherit\">\u00a0Bang King 10000 Inala\u00e7\u00f5es <\/span><\/a><span style=\"vertical-align: inherit\">\/<\/span><a href=\"https:\/\/vapebulkp.com\/pt\/product\/disposable-vape-crystal-600-puffs\/\"><span style=\"vertical-align: inherit\"> Crystal 600 Vapores<\/span><\/a><\/p>\n<h5>Qualifica\u00e7\u00e3o da Produ\u00e7\u00e3o:<\/h5>\n<p><img decoding=\"async\" class=\"alignnone size-full wp-image-1841\" src=\"http:\/\/vapebulkp.com\/wp-content\/uploads\/2023\/11\/Vape-production-process-2.jpeg\" alt=\"Processo de produ\u00e7\u00e3o de vape\" width=\"650\" height=\"434\" srcset=\"https:\/\/vapebulkp.com\/wp-content\/uploads\/2023\/11\/Vape-production-process-2.jpeg 650w, https:\/\/vapebulkp.com\/wp-content\/uploads\/2023\/11\/Vape-production-process-2-300x200.jpeg 300w, https:\/\/vapebulkp.com\/wp-content\/uploads\/2023\/11\/Vape-production-process-2-600x401.jpeg 600w\" sizes=\"(max-width: 650px) 100vw, 650px\" \/><\/p>\n<p><img decoding=\"async\" class=\"alignnone size-full wp-image-1843\" src=\"http:\/\/vapebulkp.com\/wp-content\/uploads\/2023\/11\/Vape-production-process.jpeg\" alt=\"Processo de produ\u00e7\u00e3o de vape\" width=\"641\" height=\"1026\" srcset=\"https:\/\/vapebulkp.com\/wp-content\/uploads\/2023\/11\/Vape-production-process.jpeg 641w, https:\/\/vapebulkp.com\/wp-content\/uploads\/2023\/11\/Vape-production-process-187x300.jpeg 187w, https:\/\/vapebulkp.com\/wp-content\/uploads\/2023\/11\/Vape-production-process-640x1024.jpeg 640w, https:\/\/vapebulkp.com\/wp-content\/uploads\/2023\/11\/Vape-production-process-600x960.jpeg 600w\" sizes=\"(max-width: 641px) 100vw, 641px\" \/><\/p>\n<h5>Perguntas Frequentes:<\/h5>\n<p>P: Qual \u00e9 o MOQ de ELF BOX 14000 Puffs?<br \/>\nR: A encomenda m\u00ednima \u00e9 de 100 unidades.<br \/>\nP: Qual \u00e9 o tempo de entrega para os vapes Elf Box encomendados?<br \/>\nR: Geralmente s\u00e3o 10-15 dias ap\u00f3s o envio<br \/>\nP: Quanto custa o envio? R: O custo de envio depende do peso. Quantidades diferentes t\u00eam custos de envio diferentes, por favor contacte-nos para confirmar o custo de envio.<\/p>\n<h4>Detalhes de envio:<\/h4>\n<p><span style=\"color: #ff6600\">Tempo de produ\u00e7\u00e3o: 5-10 dias \u00fateis<\/span><br \/>\n<span style=\"color: #ff6600\">Tempo de envio: 8-14 dias \u00fateis<\/span><\/p>\n<p>Todos os produtos na nossa loja s\u00e3o 100% originais e aut\u00eanticos, por isso a nossa pol\u00edtica \u00e9 dez vezes a compensa\u00e7\u00e3o por produtos falsificados. Usamos canais de log\u00edstica como UPS\/DHL\/FEDEX\/DPD para entregar os produtos a si.<\/p>\n<p>Para encomendas enviadas para Portugal, a chegada demora geralmente 10 dias \u00fateis. O envio para outros pa\u00edses europeus geralmente demora de 12 a 15 dias \u00fateis a chegar. Atualizaremos as informa\u00e7\u00f5es de log\u00edstica para si em tempo real.<\/p>\n<p><span style=\"color: #ff0000\"><a style=\"color: #ff0000\" href=\"https:\/\/vapebulkp.com\/pt\/faq-about-vape-bulk-order\/\">Entrega: 10~13 dias \u00fateis, saiba mais!<\/a><\/span><\/p>","protected":false},"excerpt":{"rendered":"<p>O cigarro eletr\u00f3nico instant\u00e2neo ELF BOX 14000 Puffs adota um novo modelo de design para lhe proporcionar uma experi\u00eancia clara e agrad\u00e1vel cada vez que o utiliza.<\/p>\n<p><img decoding=\"async\" class=\"alignnone wp-image-2151\" src=\"http:\/\/vapebulkp.com\/wp-content\/uploads\/2024\/04\/Mandy-WhatsApp-Randm.jpg\" alt=\"Mandy WhatsApp Randm\" width=\"302\" height=\"321\" srcset=\"https:\/\/vapebulkp.com\/wp-content\/uploads\/2024\/04\/Mandy-WhatsApp-Randm.jpg 916w, https:\/\/vapebulkp.com\/wp-content\/uploads\/2024\/04\/Mandy-WhatsApp-Randm-282x300.jpg 282w, https:\/\/vapebulkp.com\/wp-content\/uploads\/2024\/04\/Mandy-WhatsApp-Randm-768x817.jpg 768w, https:\/\/vapebulkp.com\/wp-content\/uploads\/2024\/04\/Mandy-WhatsApp-Randm-600x638.jpg 600w\" sizes=\"(max-width: 302px) 100vw, 302px\" \/><\/p>\n<p>Por favor, contacte o WhatsApp da Mandy para um pre\u00e7o com desconto<a href=\"https:\/\/wa.me\/8618077105796\">+8618077105796<\/a><\/p>\n<p><span style=\"color: #ff0000\">NOTA: Os pre\u00e7os no nosso site n\u00e3o incluem os custos de envio<\/span><\/p>","protected":false},"featured_media":1907,"comment_status":"open","ping_status":"closed","template":"","meta":{"_uag_custom_page_level_css":"","_lmt_disableupdate":"no","_lmt_disable":"","site-sidebar-layout":"default","site-content-layout":"content-boxed-container","ast-site-content-layout":"normal-width-container","site-content-style":"boxed","site-sidebar-style":"unboxed","ast-global-header-display":"","ast-banner-title-visibility":"","ast-main-header-display":"","ast-hfb-above-header-display":"","ast-hfb-below-header-display":"","ast-hfb-mobile-header-display":"","site-post-title":"","ast-breadcrumbs-content":"","ast-featured-img":"","footer-sml-layout":"","theme-transparent-header-meta":"default","adv-header-id-meta":"","stick-header-meta":"","header-above-stick-meta":"","header-main-stick-meta":"","header-below-stick-meta":"","astra-migrate-meta-layouts":"set","_joinchat":[]},"product_cat":[153,155,347,33,59,100,34,158,157,154,152,58,84,156,63,32],"product_tag":[90,36,37,41,40],"class_list":["post-1896","product","type-product","status-publish","has-post-thumbnail","hentry","product_cat-hot-disposable-vapes","product_cat-belgium-hot-disposable-vapes","product_cat-elf-box-vape","product_cat-france-vape-hot-sale","product_cat-germany-hot-disposable-vape","product_cat-germany-wholesale-vape-shop","product_cat-netherlands-vape-good-sale","product_cat-norway-hot-disposable-vapes","product_cat-poland-hot-disposable-vapes","product_cat-portugal-hot-disposable-vapes","product_cat-spain-hot-disposable-vapes","product_cat-sweden-hot-disposable-vape","product_cat-sweden-wholesale-vape","product_cat-switzerland-hot-disposable-vapes","product_cat-top-sale-disposable-vape","product_cat-vape-hot-sale-this-week","product_tag-14000-puffs","product_tag-good-vape","product_tag-hot-sale-disposable-vape","product_tag-poland-hot-vape","product_tag-sweden-hot-vape","pa_brand-elf-box-vape","desktop-align-left","tablet-align-left","mobile-align-left"],"yoast_head":"<!-- This site is optimized with the Yoast SEO plugin v21.1 - https:\/\/yoast.com\/wordpress\/plugins\/seo\/ -->\n<title>ELF BOX 14000 Puffs Rechargeable Vape Sweden - vapebulkp.com<\/title>\n<meta name=\"description\" content=\"ELF BOX 14000 Puffs instant e-cigarette adopts a new design model to provide you with a clear and pleasant experience every time you use it.\" \/>\n<meta name=\"robots\" content=\"index, follow, max-snippet:-1, max-image-preview:large, max-video-preview:-1\" \/>\n<link rel=\"canonical\" href=\"https:\/\/vapebulkp.com\/pt\/product\/elf-box-14000-puffs-2-5-nicotine-rechargeable-vape-sweden-wholesale\/\" \/>\n<meta property=\"og:locale\" content=\"pt_PT\" \/>\n<meta property=\"og:type\" content=\"article\" \/>\n<meta property=\"og:title\" content=\"ELF BOX 14000 Puffs Rechargeable Vape Sweden - vapebulkp.com\" \/>\n<meta property=\"og:description\" content=\"ELF BOX 14000 Puffs instant e-cigarette adopts a new design model to provide you with a clear and pleasant experience every time you use it.\" \/>\n<meta property=\"og:url\" content=\"https:\/\/vapebulkp.com\/pt\/product\/elf-box-14000-puffs-2-5-nicotine-rechargeable-vape-sweden-wholesale\/\" \/>\n<meta property=\"og:site_name\" content=\"vapebulkp.com\" \/>\n<meta property=\"article:modified_time\" content=\"2025-09-24T03:45:58+00:00\" \/>\n<meta property=\"og:image\" content=\"http:\/\/vapebulkp.com\/wp-content\/uploads\/2023\/11\/Elf-Box-14000pufHot-Sale-vape-11-e1702370505263.png\" \/>\n\t<meta property=\"og:image:width\" content=\"666\" \/>\n\t<meta property=\"og:image:height\" content=\"506\" \/>\n\t<meta property=\"og:image:type\" content=\"image\/png\" \/>\n<meta name=\"twitter:card\" content=\"summary_large_image\" \/>\n<meta name=\"twitter:label1\" content=\"Tempo estimado de leitura\" \/>\n\t<meta name=\"twitter:data1\" content=\"4 minutos\" \/>\n<script type=\"application\/ld+json\" class=\"yoast-schema-graph\">{\"@context\":\"https:\/\/schema.org\",\"@graph\":[{\"@type\":\"WebPage\",\"@id\":\"https:\/\/vapebulkp.com\/product\/elf-box-14000-puffs-2-5-nicotine-rechargeable-vape-sweden-wholesale\/\",\"url\":\"https:\/\/vapebulkp.com\/product\/elf-box-14000-puffs-2-5-nicotine-rechargeable-vape-sweden-wholesale\/\",\"name\":\"ELF BOX 14000 Puffs Rechargeable Vape Sweden - vapebulkp.com\",\"isPartOf\":{\"@id\":\"https:\/\/vapebulkp.com\/#website\"},\"datePublished\":\"2023-11-24T03:48:25+00:00\",\"dateModified\":\"2025-09-24T03:45:58+00:00\",\"description\":\"ELF BOX 14000 Puffs instant e-cigarette adopts a new design model to provide you with a clear and pleasant experience every time you use it.\",\"breadcrumb\":{\"@id\":\"https:\/\/vapebulkp.com\/product\/elf-box-14000-puffs-2-5-nicotine-rechargeable-vape-sweden-wholesale\/#breadcrumb\"},\"inLanguage\":\"pt-PT\",\"potentialAction\":[{\"@type\":\"ReadAction\",\"target\":[\"https:\/\/vapebulkp.com\/product\/elf-box-14000-puffs-2-5-nicotine-rechargeable-vape-sweden-wholesale\/\"]}]},{\"@type\":\"BreadcrumbList\",\"@id\":\"https:\/\/vapebulkp.com\/product\/elf-box-14000-puffs-2-5-nicotine-rechargeable-vape-sweden-wholesale\/#breadcrumb\",\"itemListElement\":[{\"@type\":\"ListItem\",\"position\":1,\"name\":\"Home\",\"item\":\"https:\/\/vapebulkp.com\/\"},{\"@type\":\"ListItem\",\"position\":2,\"name\":\"Hot Trend Vapes\",\"item\":\"https:\/\/vapebulkp.com\/vape-shop\/\"},{\"@type\":\"ListItem\",\"position\":3,\"name\":\"ELF BOX 14000 Puffs Rechargeable Vape Sweden\"}]},{\"@type\":\"WebSite\",\"@id\":\"https:\/\/vapebulkp.com\/#website\",\"url\":\"https:\/\/vapebulkp.com\/\",\"name\":\"vapebulkp.com\",\"description\":\"Buy Vape In Cheap Bulk Price Near you\",\"publisher\":{\"@id\":\"https:\/\/vapebulkp.com\/#organization\"},\"potentialAction\":[{\"@type\":\"SearchAction\",\"target\":{\"@type\":\"EntryPoint\",\"urlTemplate\":\"https:\/\/vapebulkp.com\/?s={search_term_string}\"},\"query-input\":\"required name=search_term_string\"}],\"inLanguage\":\"pt-PT\"},{\"@type\":\"Organization\",\"@id\":\"https:\/\/vapebulkp.com\/#organization\",\"name\":\"vapebulkp.com\",\"url\":\"https:\/\/vapebulkp.com\/\",\"logo\":{\"@type\":\"ImageObject\",\"inLanguage\":\"pt-PT\",\"@id\":\"https:\/\/vapebulkp.com\/#\/schema\/logo\/image\/\",\"url\":\"https:\/\/vapebulkp.com\/wp-content\/uploads\/2023\/09\/cropped-vapebulkp.png\",\"contentUrl\":\"https:\/\/vapebulkp.com\/wp-content\/uploads\/2023\/09\/cropped-vapebulkp.png\",\"width\":516,\"height\":163,\"caption\":\"vapebulkp.com\"},\"image\":{\"@id\":\"https:\/\/vapebulkp.com\/#\/schema\/logo\/image\/\"}}]}<\/script>\n<!-- \/ Yoast SEO plugin. -->","yoast_head_json":{"title":"ELF BOX 14000 Puffs Rechargeable Vape Sweden - vapebulkp.com","description":"ELF BOX 14000 Puffs instant e-cigarette adopts a new design model to provide you with a clear and pleasant experience every time you use it.","robots":{"index":"index","follow":"follow","max-snippet":"max-snippet:-1","max-image-preview":"max-image-preview:large","max-video-preview":"max-video-preview:-1"},"canonical":"https:\/\/vapebulkp.com\/pt\/product\/elf-box-14000-puffs-2-5-nicotine-rechargeable-vape-sweden-wholesale\/","og_locale":"pt_PT","og_type":"article","og_title":"ELF BOX 14000 Puffs Rechargeable Vape Sweden - vapebulkp.com","og_description":"ELF BOX 14000 Puffs instant e-cigarette adopts a new design model to provide you with a clear and pleasant experience every time you use it.","og_url":"https:\/\/vapebulkp.com\/pt\/product\/elf-box-14000-puffs-2-5-nicotine-rechargeable-vape-sweden-wholesale\/","og_site_name":"vapebulkp.com","article_modified_time":"2025-09-24T03:45:58+00:00","og_image":[{"width":666,"height":506,"url":"http:\/\/vapebulkp.com\/wp-content\/uploads\/2023\/11\/Elf-Box-14000pufHot-Sale-vape-11-e1702370505263.png","type":"image\/png"}],"twitter_card":"summary_large_image","twitter_misc":{"Tempo estimado de leitura":"4 minutos"},"schema":{"@context":"https:\/\/schema.org","@graph":[{"@type":"WebPage","@id":"https:\/\/vapebulkp.com\/product\/elf-box-14000-puffs-2-5-nicotine-rechargeable-vape-sweden-wholesale\/","url":"https:\/\/vapebulkp.com\/product\/elf-box-14000-puffs-2-5-nicotine-rechargeable-vape-sweden-wholesale\/","name":"ELF BOX 14000 Puffs Rechargeable Vape Sweden - vapebulkp.com","isPartOf":{"@id":"https:\/\/vapebulkp.com\/#website"},"datePublished":"2023-11-24T03:48:25+00:00","dateModified":"2025-09-24T03:45:58+00:00","description":"ELF BOX 14000 Puffs instant e-cigarette adopts a new design model to provide you with a clear and pleasant experience every time you use it.","breadcrumb":{"@id":"https:\/\/vapebulkp.com\/product\/elf-box-14000-puffs-2-5-nicotine-rechargeable-vape-sweden-wholesale\/#breadcrumb"},"inLanguage":"pt-PT","potentialAction":[{"@type":"ReadAction","target":["https:\/\/vapebulkp.com\/product\/elf-box-14000-puffs-2-5-nicotine-rechargeable-vape-sweden-wholesale\/"]}]},{"@type":"BreadcrumbList","@id":"https:\/\/vapebulkp.com\/product\/elf-box-14000-puffs-2-5-nicotine-rechargeable-vape-sweden-wholesale\/#breadcrumb","itemListElement":[{"@type":"ListItem","position":1,"name":"Home","item":"https:\/\/vapebulkp.com\/"},{"@type":"ListItem","position":2,"name":"Hot Trend Vapes","item":"https:\/\/vapebulkp.com\/vape-shop\/"},{"@type":"ListItem","position":3,"name":"ELF BOX 14000 Puffs Rechargeable Vape Sweden"}]},{"@type":"WebSite","@id":"https:\/\/vapebulkp.com\/#website","url":"https:\/\/vapebulkp.com\/","name":"vapebulkp.com","description":"Buy Vape In Cheap Bulk Price Near you","publisher":{"@id":"https:\/\/vapebulkp.com\/#organization"},"potentialAction":[{"@type":"SearchAction","target":{"@type":"EntryPoint","urlTemplate":"https:\/\/vapebulkp.com\/?s={search_term_string}"},"query-input":"required name=search_term_string"}],"inLanguage":"pt-PT"},{"@type":"Organization","@id":"https:\/\/vapebulkp.com\/#organization","name":"vapebulkp.com","url":"https:\/\/vapebulkp.com\/","logo":{"@type":"ImageObject","inLanguage":"pt-PT","@id":"https:\/\/vapebulkp.com\/#\/schema\/logo\/image\/","url":"https:\/\/vapebulkp.com\/wp-content\/uploads\/2023\/09\/cropped-vapebulkp.png","contentUrl":"https:\/\/vapebulkp.com\/wp-content\/uploads\/2023\/09\/cropped-vapebulkp.png","width":516,"height":163,"caption":"vapebulkp.com"},"image":{"@id":"https:\/\/vapebulkp.com\/#\/schema\/logo\/image\/"}}]}},"uagb_featured_image_src":{"full":["https:\/\/vapebulkp.com\/wp-content\/uploads\/2023\/11\/Elf-Box-14000pufHot-Sale-vape-11-e1702370505263.png",666,506,false],"thumbnail":["https:\/\/vapebulkp.com\/wp-content\/uploads\/2023\/11\/Elf-Box-14000pufHot-Sale-vape-11-e1702370505263-150x150.png",150,150,true],"medium":["https:\/\/vapebulkp.com\/wp-content\/uploads\/2023\/11\/Elf-Box-14000pufHot-Sale-vape-11-e1702370505263-300x228.png",300,228,true],"medium_large":["https:\/\/vapebulkp.com\/wp-content\/uploads\/2023\/11\/Elf-Box-14000pufHot-Sale-vape-11-e1702370505263.png",666,506,false],"large":["https:\/\/vapebulkp.com\/wp-content\/uploads\/2023\/11\/Elf-Box-14000pufHot-Sale-vape-11-e1702370505263.png",666,506,false],"1536x1536":["https:\/\/vapebulkp.com\/wp-content\/uploads\/2023\/11\/Elf-Box-14000pufHot-Sale-vape-11-e1702370505263.png",666,506,false],"2048x2048":["https:\/\/vapebulkp.com\/wp-content\/uploads\/2023\/11\/Elf-Box-14000pufHot-Sale-vape-11-e1702370505263.png",666,506,false],"trp-custom-language-flag":["https:\/\/vapebulkp.com\/wp-content\/uploads\/2023\/11\/Elf-Box-14000pufHot-Sale-vape-11-e1702370505263.png",16,12,false],"woocommerce_thumbnail":["https:\/\/vapebulkp.com\/wp-content\/uploads\/2023\/11\/Elf-Box-14000pufHot-Sale-vape-11-e1702370505263-300x300.png",300,300,true],"woocommerce_single":["https:\/\/vapebulkp.com\/wp-content\/uploads\/2023\/11\/Elf-Box-14000pufHot-Sale-vape-11-e1702370505263-600x456.png",600,456,true],"woocommerce_gallery_thumbnail":["https:\/\/vapebulkp.com\/wp-content\/uploads\/2023\/11\/Elf-Box-14000pufHot-Sale-vape-11-e1702370505263-100x100.png",100,100,true],"wcpr-photo-reviews":["https:\/\/vapebulkp.com\/wp-content\/uploads\/2023\/11\/Elf-Box-14000pufHot-Sale-vape-11-e1702370505263.png",500,380,false]},"uagb_author_info":{"display_name":"Mandy vape bulk price","author_link":"https:\/\/vapebulkp.com\/pt\/author\/"},"uagb_comment_info":0,"uagb_excerpt":"ELF BOX 14000 Puffs instant e-cigarette adopts a new design model to provide you with a clear and pleasant experience every time you use it. Pls Contact Mandy's WhatsApp For Discount Price+8618077105796 NOTE: Prices on our website does not include shipping costs","_links":{"self":[{"href":"https:\/\/vapebulkp.com\/pt\/wp-json\/wp\/v2\/product\/1896","targetHints":{"allow":["GET"]}}],"collection":[{"href":"https:\/\/vapebulkp.com\/pt\/wp-json\/wp\/v2\/product"}],"about":[{"href":"https:\/\/vapebulkp.com\/pt\/wp-json\/wp\/v2\/types\/product"}],"replies":[{"embeddable":true,"href":"https:\/\/vapebulkp.com\/pt\/wp-json\/wp\/v2\/comments?post=1896"}],"wp:featuredmedia":[{"embeddable":true,"href":"https:\/\/vapebulkp.com\/pt\/wp-json\/wp\/v2\/media\/1907"}],"wp:attachment":[{"href":"https:\/\/vapebulkp.com\/pt\/wp-json\/wp\/v2\/media?parent=1896"}],"wp:term":[{"taxonomy":"product_cat","embeddable":true,"href":"https:\/\/vapebulkp.com\/pt\/wp-json\/wp\/v2\/product_cat?post=1896"},{"taxonomy":"product_tag","embeddable":true,"href":"https:\/\/vapebulkp.com\/pt\/wp-json\/wp\/v2\/product_tag?post=1896"}],"curies":[{"name":"wp","href":"https:\/\/api.w.org\/{rel}","templated":true}]}}