{"id":2066,"date":"2024-02-23T08:39:29","date_gmt":"2024-02-23T07:39:29","guid":{"rendered":"https:\/\/vapebulkp.com\/?post_type=product&#038;p=2066"},"modified":"2025-09-24T05:44:18","modified_gmt":"2025-09-24T03:44:18","slug":"good-vape-bang-box-9000puffs-sweden-wholesale-price","status":"publish","type":"product","link":"https:\/\/vapebulkp.com\/pt\/product\/good-vape-bang-box-9000puffs-sweden-wholesale-price\/","title":{"rendered":"Bom Vape Bang Box 9000Puffs Pre\u00e7o de Atacado Portugal"},"content":{"rendered":"<h2 style=\"text-align: left\">Good Vape Bang Box 9000Puffs Pre\u00e7o de Atacado Portugal<\/h2>\n<p data-start=\"509\" data-end=\"834\">O <strong data-start=\"513\" data-end=\"563\">O Vape Descart\u00e1vel Bom Vape Bang Box 9000Puffs<\/strong> foi concebido para vapers europeus que valorizam o desempenho, a conveni\u00eancia e o design premium. Constru\u00eddo com uma bateria recarreg\u00e1vel de 650mAh e carregamento r\u00e1pido Tipo-C, este <strong data-start=\"724\" data-end=\"756\">vaporizador descart\u00e1vel recarreg\u00e1vel<\/strong> fornece energia consistente e uso fi\u00e1vel, desde a primeira \u00e0 \u00faltima inalada.<\/p>\n<p data-start=\"836\" data-end=\"1127\">Equipado com tecnologia avan\u00e7ada <strong data-start=\"859\" data-end=\"877\">vaporizador com bobina de malha<\/strong> tecnologia, produz vapor denso e sabor ousado ao longo de um impressionante total de 9000 inaladas. Cada dispositivo vem pr\u00e9-cheio com 14ml de e-l\u00edquido de alta qualidade, <strong data-start=\"1020\" data-end=\"1042\">vape de sal de nicotina<\/strong> dispon\u00edvel em 0%, 2%, 3% ou 5% de n\u00edveis de nicotina para se adequar a todas as prefer\u00eancias.<\/p>\n<p data-start=\"1129\" data-end=\"1414\">Fabricado com um acabamento met\u00e1lico elegante e propor\u00e7\u00f5es ergon\u00f3micas, o Bang Box \u00e9 mais do que apenas um <strong data-start=\"1223\" data-end=\"1250\">vape descart\u00e1vel premium<\/strong>\u2014\u00e9 uma escolha dur\u00e1vel e elegante para uso di\u00e1rio ou ocasi\u00f5es sociais. Com 10 sabores para escolher, atende \u00e0 procura por variedade sem sacrificar a qualidade.<\/p>\n<p data-start=\"1416\" data-end=\"1659\">Dispon\u00edvel para <strong data-start=\"1430\" data-end=\"1455\">venda por grosso de vape Portugal<\/strong>, o <strong>O Vape Descart\u00e1vel Nic Vape Bang Box 9000 Puffs<\/strong> oferece a retalhistas e distribuidores um produto lucrativo e de r\u00e1pida circula\u00e7\u00e3o que se alinha com a crescente procura por vapes de alta capacidade no mercado da UE.<\/p>\n<p><img decoding=\"async\" class=\"alignnone wp-image-2067\" src=\"http:\/\/vapebulkp.com\/wp-content\/uploads\/2024\/02\/Good-Sale-Bang-Box-9000-puffs-Germany-8.png\" alt=\"Bom Venda Bang Box 9000 puffs Portugal\" width=\"530\" height=\"489\" srcset=\"https:\/\/vapebulkp.com\/wp-content\/uploads\/2024\/02\/Good-Sale-Bang-Box-9000-puffs-Germany-8.png 1903w, https:\/\/vapebulkp.com\/wp-content\/uploads\/2024\/02\/Good-Sale-Bang-Box-9000-puffs-Germany-8-300x277.png 300w, https:\/\/vapebulkp.com\/wp-content\/uploads\/2024\/02\/Good-Sale-Bang-Box-9000-puffs-Germany-8-1024x944.png 1024w, https:\/\/vapebulkp.com\/wp-content\/uploads\/2024\/02\/Good-Sale-Bang-Box-9000-puffs-Germany-8-768x708.png 768w, https:\/\/vapebulkp.com\/wp-content\/uploads\/2024\/02\/Good-Sale-Bang-Box-9000-puffs-Germany-8-1536x1416.png 1536w, https:\/\/vapebulkp.com\/wp-content\/uploads\/2024\/02\/Good-Sale-Bang-Box-9000-puffs-Germany-8-600x553.png 600w\" sizes=\"(max-width: 530px) 100vw, 530px\" \/><\/p>\n<h6>Por favor, contacte o WhatsApp da Mandy para um pre\u00e7o com desconto<a href=\"https:\/\/wa.me\/8618077105796\">+8618077105796<\/a><\/h6>\n<p><img decoding=\"async\" class=\"alignnone wp-image-2151\" src=\"http:\/\/vapebulkp.com\/wp-content\/uploads\/2024\/04\/Mandy-WhatsApp-Randm.jpg\" alt=\"Mandy WhatsApp Randm\" width=\"295\" height=\"313\" srcset=\"https:\/\/vapebulkp.com\/wp-content\/uploads\/2024\/04\/Mandy-WhatsApp-Randm.jpg 916w, https:\/\/vapebulkp.com\/wp-content\/uploads\/2024\/04\/Mandy-WhatsApp-Randm-282x300.jpg 282w, https:\/\/vapebulkp.com\/wp-content\/uploads\/2024\/04\/Mandy-WhatsApp-Randm-768x817.jpg 768w, https:\/\/vapebulkp.com\/wp-content\/uploads\/2024\/04\/Mandy-WhatsApp-Randm-600x638.jpg 600w\" sizes=\"(max-width: 295px) 100vw, 295px\" \/><\/p>\n<h2>Pensou que gostaria de saber sobre o VAPE Descart\u00e1vel Bang Box 9000Puffs:<\/h2>\n<h5>1.Como usar a Caneta Vape Bang Box 9000 Puffs?<\/h5>\n<p>Passo 1. Antes de usar 9k puffs, desligue o tubo de pl\u00e1stico.<\/p>\n<p>Passo 2. Espere cerca de 3 minutos para que o l\u00edquido entre na bobina interna.<\/p>\n<p>Passo 3. Desfrute<\/p>\n<h5>2.COMO CARREGAR O DISPOSITIVO VAPE DESCART\u00c1VEL Bang Box 9000 PUFFS?<\/h5>\n<p>N\u00e3o \u00e9 poss\u00edvel usar carregadores de carregamento r\u00e1pido, e a pot\u00eancia segura padr\u00e3o dos cigarros eletr\u00f3nicos descart\u00e1veis \u00e9 de 5V 1A.<\/p>\n<p>Cada tempo de carregamento n\u00e3o pode exceder 1 hora, e o tempo de carregamento seguro \u00e9 de meia hora.<\/p>\n<p><span style=\"color: #ff6600\">Aviso: n\u00e3o recarregue durante toda a noite!<\/span><\/p>\n<h5>3.Qual \u00e9 a capacidade de e-l\u00edquido do WAPE Bang Box 9000Puffs?<\/h5>\n<p>23ml<\/p>\n<h5>4.Quantas inaladas posso dar com este Bang Box 9000 Puffs?<\/h5>\n<p>\u2014\u20139000 Puffs<\/p>\n<h3>Caracter\u00edsticas do Pod Vape Descart\u00e1vel Original Bang Box 9000 Puffs:<\/h3>\n<ul>\n<li>Inaladas: AT\u00c9 9000 inaladas<\/li>\n<li>\u00a0L\u00edquido: 14 ml de cartucho de e-l\u00edquido pr\u00e9-cheio<\/li>\n<li>Nicotina: 0\/2\/3\/5% Sal de Nicotina<\/li>\n<li>\u00a0Tipos: Descart\u00e1vel<\/li>\n<li>\u00a0Bateria de 650mAh<\/li>\n<li>\u00a0Bobina de Malha<\/li>\n<li>\u00a0Cabo de recarga Tipo-C<\/li>\n<li>\u00a010 Sabores Dispon\u00edveis<\/li>\n<\/ul>\n<h3><strong>Melhores Sabores do Vape Bang Box 9000 Puffs:<\/strong><\/h3>\n<p>1. P\u00eassego Manga<br \/>\n2. Gelo de Tr\u00eas Bagas<br \/>\n3. Morango Melancia<br \/>\n4. GELO LUSH<br \/>\n5. Gelo de Framboesa Azul<br \/>\n6. Aloe Uva<br \/>\n7. Gelado de Morango<br \/>\n8. Gelo de P\u00eassego<br \/>\n9. URSO DE GOMA<br \/>\n10. Fruta Tropical (Bagas Mistas)<\/p>\n<p><a href=\"https:\/\/vapebulkp.com\/pt\/product\/popular-randm-tornado-7000puffs-disposable-vape-best-price\/\"><span style=\"vertical-align: inherit\">RandM Tornado 7000 Baforadas <\/span><\/a><\/p>\n<p><span style=\"vertical-align: inherit\">Encontre mais produtos que possa gostar:<\/span><em><a href=\"https:\/\/wa.me\/8618077105796\"><span style=\"vertical-align: inherit\">\u00a0Compre agora<\/span><\/a><\/em><\/p>\n<p><span style=\"vertical-align: inherit\">Outros Puffs Que Poder\u00e1 Gostar:<\/span><a href=\"https:\/\/vapebulkp.com\/pt\/product\/joymy-ultra15000puffs-best-disposable-vape-2023\/\"><span style=\"vertical-align: inherit\">JOYMY 15000Baforadas<\/span><\/a><span style=\"vertical-align: inherit\">\u3001<\/span><a href=\"https:\/\/vapebulkp.com\/pt\/product\/wholesale-randm-tornado-9000-puffs-germany\/\"><span style=\"vertical-align: inherit\">RandM 9000 Vapores<\/span><\/a><span style=\"vertical-align: inherit\">\/ <\/span><a href=\"https:\/\/vapebulkp.com\/pt\/product\/bang-king-12000puffs\/\"><span style=\"vertical-align: inherit\">Bang King 12000 Inala\u00e7\u00f5es<\/span><\/a><span style=\"vertical-align: inherit\">\/ <\/span><a href=\"https:\/\/vapebulkp.com\/pt\/product\/wholesale-tornado-rum-bar-9000-puffs-sweden\/\"><span style=\"vertical-align: inherit\">Rumbar 9000Vapores<\/span><\/a><\/p>\n<p><span style=\"vertical-align: inherit\">Garrafa de cigarro eletr\u00f3nico com formato especial:<\/span><a href=\"https:\/\/vapebulkp.com\/pt\/product\/wholesale-kulx-8000-puffs-disposable-vape\/\"><span style=\"vertical-align: inherit\">\u00a0Kulx 8000 Baforadas<\/span><\/a><span style=\"vertical-align: inherit\">\/ <\/span><a href=\"https:\/\/vapebulkp.com\/pt\/product\/popular-bang-king-10000-puffs-vape-good-price\/\"><span style=\"vertical-align: inherit\">\u00a0Bang King 10000 Inala\u00e7\u00f5es <\/span><\/a><span style=\"vertical-align: inherit\">\/<\/span><a href=\"https:\/\/vapebulkp.com\/pt\/product\/disposable-vape-crystal-600-puffs\/\"><span style=\"vertical-align: inherit\"> Crystal 600 Vapores<\/span><\/a><\/p>\n<h5>Qualifica\u00e7\u00e3o da Produ\u00e7\u00e3o:<\/h5>\n<p><img decoding=\"async\" class=\"alignnone size-full wp-image-1841\" src=\"http:\/\/vapebulkp.com\/wp-content\/uploads\/2023\/11\/Vape-production-process-2.jpeg\" alt=\"Processo de produ\u00e7\u00e3o de vape\" width=\"650\" height=\"434\" srcset=\"https:\/\/vapebulkp.com\/wp-content\/uploads\/2023\/11\/Vape-production-process-2.jpeg 650w, https:\/\/vapebulkp.com\/wp-content\/uploads\/2023\/11\/Vape-production-process-2-300x200.jpeg 300w, https:\/\/vapebulkp.com\/wp-content\/uploads\/2023\/11\/Vape-production-process-2-600x401.jpeg 600w\" sizes=\"(max-width: 650px) 100vw, 650px\" \/><\/p>\n<p><img decoding=\"async\" class=\"alignnone size-full wp-image-1843\" src=\"http:\/\/vapebulkp.com\/wp-content\/uploads\/2023\/11\/Vape-production-process.jpeg\" alt=\"Processo de produ\u00e7\u00e3o de vape\" width=\"641\" height=\"1026\" srcset=\"https:\/\/vapebulkp.com\/wp-content\/uploads\/2023\/11\/Vape-production-process.jpeg 641w, https:\/\/vapebulkp.com\/wp-content\/uploads\/2023\/11\/Vape-production-process-187x300.jpeg 187w, https:\/\/vapebulkp.com\/wp-content\/uploads\/2023\/11\/Vape-production-process-640x1024.jpeg 640w, https:\/\/vapebulkp.com\/wp-content\/uploads\/2023\/11\/Vape-production-process-600x960.jpeg 600w\" sizes=\"(max-width: 641px) 100vw, 641px\" \/><\/p>\n<h5>Perguntas Frequentes:<\/h5>\n<p>P: Qual \u00e9 o MOQ de Bang Box 9000 Puffs?<br \/>\nR: A encomenda m\u00ednima \u00e9 de 100 unidades.<br \/>\nP: Qual \u00e9 o tempo de entrega para o vaporizador encomendado?<br \/>\nR: Geralmente s\u00e3o 10-15 dias ap\u00f3s o envio<br \/>\nP: Quanto custa o envio? R: O custo de envio depende do peso. Quantidades diferentes t\u00eam custos de envio diferentes, por favor contacte-nos para confirmar o custo de envio.<\/p>\n<h4>Detalhes de envio:<\/h4>\n<p><span style=\"color: #ff6600\">Tempo de produ\u00e7\u00e3o: 5-10 dias \u00fateis<\/span><br \/>\n<span style=\"color: #ff6600\">Tempo de envio: 8-14 dias \u00fateis<\/span><\/p>\n<p>Todos os produtos na nossa loja s\u00e3o 100% originais e aut\u00eanticos, por isso a nossa pol\u00edtica \u00e9 dez vezes a compensa\u00e7\u00e3o por produtos falsificados. Usamos canais de log\u00edstica como UPS\/DHL\/FEDEX\/DPD para entregar os produtos a si.<\/p>\n<p>Para encomendas enviadas para Portugal, a chegada demora geralmente 10 dias \u00fateis. O envio para outros pa\u00edses europeus geralmente demora de 12 a 15 dias \u00fateis a chegar. Atualizaremos as informa\u00e7\u00f5es de log\u00edstica para si em tempo real.<\/p>","protected":false},"excerpt":{"rendered":"<p>O Bang BOX 9000 PUFFS possui o menor dispositivo de cigarro eletr\u00f3nico com a maior dura\u00e7\u00e3o de bateria. O seu sabor consistente \u00e9 uma caracter\u00edstica distintiva que o diferencia de outros produtos no mercado.<\/p>\n<p><img decoding=\"async\" class=\"alignnone wp-image-2151\" src=\"http:\/\/vapebulkp.com\/wp-content\/uploads\/2024\/04\/Mandy-WhatsApp-Randm.jpg\" alt=\"Mandy WhatsApp Randm\" width=\"323\" height=\"343\" srcset=\"https:\/\/vapebulkp.com\/wp-content\/uploads\/2024\/04\/Mandy-WhatsApp-Randm.jpg 916w, https:\/\/vapebulkp.com\/wp-content\/uploads\/2024\/04\/Mandy-WhatsApp-Randm-282x300.jpg 282w, https:\/\/vapebulkp.com\/wp-content\/uploads\/2024\/04\/Mandy-WhatsApp-Randm-768x817.jpg 768w, https:\/\/vapebulkp.com\/wp-content\/uploads\/2024\/04\/Mandy-WhatsApp-Randm-600x638.jpg 600w\" sizes=\"(max-width: 323px) 100vw, 323px\" \/><\/p>\n<p>Por favor, contacte o WhatsApp da Mandy para um pre\u00e7o com desconto<a href=\"https:\/\/wa.me\/8618077105796\">+8618077105796<\/a><\/p>\n<p><span style=\"color: #ff0000\">NOTA: Os pre\u00e7os no nosso site n\u00e3o incluem os custos de envio<\/span><\/p>\n<p>&nbsp;<\/p>","protected":false},"featured_media":2067,"comment_status":"open","ping_status":"closed","template":"","meta":{"_uag_custom_page_level_css":"","_lmt_disableupdate":"no","_lmt_disable":"","site-sidebar-layout":"default","site-content-layout":"content-boxed-container","ast-site-content-layout":"normal-width-container","site-content-style":"boxed","site-sidebar-style":"unboxed","ast-global-header-display":"","ast-banner-title-visibility":"","ast-main-header-display":"","ast-hfb-above-header-display":"","ast-hfb-below-header-display":"","ast-hfb-mobile-header-display":"","site-post-title":"","ast-breadcrumbs-content":"","ast-featured-img":"","footer-sml-layout":"","theme-transparent-header-meta":"default","adv-header-id-meta":"","stick-header-meta":"","header-above-stick-meta":"","header-main-stick-meta":"","header-below-stick-meta":"","astra-migrate-meta-layouts":"set","_joinchat":[]},"product_cat":[168,153,345,155,33,59,100,34,158,157,154,152,58,84,156,63,32],"product_tag":[47,36,37,41,40],"class_list":["post-2066","product","type-product","status-publish","has-post-thumbnail","hentry","product_cat-9000-puffs-disposable-vape","product_cat-hot-disposable-vapes","product_cat-bang-vapes","product_cat-belgium-hot-disposable-vapes","product_cat-france-vape-hot-sale","product_cat-germany-hot-disposable-vape","product_cat-germany-wholesale-vape-shop","product_cat-netherlands-vape-good-sale","product_cat-norway-hot-disposable-vapes","product_cat-poland-hot-disposable-vapes","product_cat-portugal-hot-disposable-vapes","product_cat-spain-hot-disposable-vapes","product_cat-sweden-hot-disposable-vape","product_cat-sweden-wholesale-vape","product_cat-switzerland-hot-disposable-vapes","product_cat-top-sale-disposable-vape","product_cat-vape-hot-sale-this-week","product_tag-9000puffs","product_tag-good-vape","product_tag-hot-sale-disposable-vape","product_tag-poland-hot-vape","product_tag-sweden-hot-vape","pa_brand-bang-vape","desktop-align-left","tablet-align-left","mobile-align-left"],"yoast_head":"<!-- This site is optimized with the Yoast SEO plugin v21.1 - https:\/\/yoast.com\/wordpress\/plugins\/seo\/ -->\n<title>Good Vape Bang Box 9000Puffs Sweden Wholesale Price - vapebulkp.com<\/title>\n<meta name=\"description\" content=\"Bang BOX 9000 boasts the smallest electronic cigarette device with the longest battery life. Its consistent taste is a distinctive feature that distinguishes it from other products on the market.\" \/>\n<meta name=\"robots\" content=\"index, follow, max-snippet:-1, max-image-preview:large, max-video-preview:-1\" \/>\n<link rel=\"canonical\" href=\"https:\/\/vapebulkp.com\/pt\/product\/good-vape-bang-box-9000puffs-sweden-wholesale-price\/\" \/>\n<meta property=\"og:locale\" content=\"pt_PT\" \/>\n<meta property=\"og:type\" content=\"article\" \/>\n<meta property=\"og:title\" content=\"Good Vape Bang Box 9000Puffs Sweden Wholesale Price - vapebulkp.com\" \/>\n<meta property=\"og:description\" content=\"Bang BOX 9000 boasts the smallest electronic cigarette device with the longest battery life. Its consistent taste is a distinctive feature that distinguishes it from other products on the market.\" \/>\n<meta property=\"og:url\" content=\"https:\/\/vapebulkp.com\/pt\/product\/good-vape-bang-box-9000puffs-sweden-wholesale-price\/\" \/>\n<meta property=\"og:site_name\" content=\"vapebulkp.com\" \/>\n<meta property=\"article:modified_time\" content=\"2025-09-24T03:44:18+00:00\" \/>\n<meta property=\"og:image\" content=\"http:\/\/vapebulkp.com\/wp-content\/uploads\/2024\/02\/Good-Sale-Bang-Box-9000-puffs-Germany-8-1024x944.png\" \/>\n\t<meta property=\"og:image:width\" content=\"1024\" \/>\n\t<meta property=\"og:image:height\" content=\"944\" \/>\n\t<meta property=\"og:image:type\" content=\"image\/png\" \/>\n<meta name=\"twitter:card\" content=\"summary_large_image\" \/>\n<meta name=\"twitter:label1\" content=\"Tempo estimado de leitura\" \/>\n\t<meta name=\"twitter:data1\" content=\"4 minutos\" \/>\n<script type=\"application\/ld+json\" class=\"yoast-schema-graph\">{\"@context\":\"https:\/\/schema.org\",\"@graph\":[{\"@type\":\"WebPage\",\"@id\":\"https:\/\/vapebulkp.com\/product\/good-vape-bang-box-9000puffs-sweden-wholesale-price\/\",\"url\":\"https:\/\/vapebulkp.com\/product\/good-vape-bang-box-9000puffs-sweden-wholesale-price\/\",\"name\":\"Good Vape Bang Box 9000Puffs Sweden Wholesale Price - vapebulkp.com\",\"isPartOf\":{\"@id\":\"https:\/\/vapebulkp.com\/#website\"},\"datePublished\":\"2024-02-23T07:39:29+00:00\",\"dateModified\":\"2025-09-24T03:44:18+00:00\",\"description\":\"Bang BOX 9000 boasts the smallest electronic cigarette device with the longest battery life. Its consistent taste is a distinctive feature that distinguishes it from other products on the market.\",\"breadcrumb\":{\"@id\":\"https:\/\/vapebulkp.com\/product\/good-vape-bang-box-9000puffs-sweden-wholesale-price\/#breadcrumb\"},\"inLanguage\":\"pt-PT\",\"potentialAction\":[{\"@type\":\"ReadAction\",\"target\":[\"https:\/\/vapebulkp.com\/product\/good-vape-bang-box-9000puffs-sweden-wholesale-price\/\"]}]},{\"@type\":\"BreadcrumbList\",\"@id\":\"https:\/\/vapebulkp.com\/product\/good-vape-bang-box-9000puffs-sweden-wholesale-price\/#breadcrumb\",\"itemListElement\":[{\"@type\":\"ListItem\",\"position\":1,\"name\":\"Home\",\"item\":\"https:\/\/vapebulkp.com\/\"},{\"@type\":\"ListItem\",\"position\":2,\"name\":\"Hot Trend Vapes\",\"item\":\"https:\/\/vapebulkp.com\/vape-shop\/\"},{\"@type\":\"ListItem\",\"position\":3,\"name\":\"Good Vape Bang Box 9000Puffs Sweden Wholesale Price\"}]},{\"@type\":\"WebSite\",\"@id\":\"https:\/\/vapebulkp.com\/#website\",\"url\":\"https:\/\/vapebulkp.com\/\",\"name\":\"vapebulkp.com\",\"description\":\"Buy Vape In Cheap Bulk Price Near you\",\"publisher\":{\"@id\":\"https:\/\/vapebulkp.com\/#organization\"},\"potentialAction\":[{\"@type\":\"SearchAction\",\"target\":{\"@type\":\"EntryPoint\",\"urlTemplate\":\"https:\/\/vapebulkp.com\/?s={search_term_string}\"},\"query-input\":\"required name=search_term_string\"}],\"inLanguage\":\"pt-PT\"},{\"@type\":\"Organization\",\"@id\":\"https:\/\/vapebulkp.com\/#organization\",\"name\":\"vapebulkp.com\",\"url\":\"https:\/\/vapebulkp.com\/\",\"logo\":{\"@type\":\"ImageObject\",\"inLanguage\":\"pt-PT\",\"@id\":\"https:\/\/vapebulkp.com\/#\/schema\/logo\/image\/\",\"url\":\"https:\/\/vapebulkp.com\/wp-content\/uploads\/2023\/09\/cropped-vapebulkp.png\",\"contentUrl\":\"https:\/\/vapebulkp.com\/wp-content\/uploads\/2023\/09\/cropped-vapebulkp.png\",\"width\":516,\"height\":163,\"caption\":\"vapebulkp.com\"},\"image\":{\"@id\":\"https:\/\/vapebulkp.com\/#\/schema\/logo\/image\/\"}}]}<\/script>\n<!-- \/ Yoast SEO plugin. -->","yoast_head_json":{"title":"Good Vape Bang Box 9000Puffs Sweden Wholesale Price - vapebulkp.com","description":"Bang BOX 9000 boasts the smallest electronic cigarette device with the longest battery life. Its consistent taste is a distinctive feature that distinguishes it from other products on the market.","robots":{"index":"index","follow":"follow","max-snippet":"max-snippet:-1","max-image-preview":"max-image-preview:large","max-video-preview":"max-video-preview:-1"},"canonical":"https:\/\/vapebulkp.com\/pt\/product\/good-vape-bang-box-9000puffs-sweden-wholesale-price\/","og_locale":"pt_PT","og_type":"article","og_title":"Good Vape Bang Box 9000Puffs Sweden Wholesale Price - vapebulkp.com","og_description":"Bang BOX 9000 boasts the smallest electronic cigarette device with the longest battery life. Its consistent taste is a distinctive feature that distinguishes it from other products on the market.","og_url":"https:\/\/vapebulkp.com\/pt\/product\/good-vape-bang-box-9000puffs-sweden-wholesale-price\/","og_site_name":"vapebulkp.com","article_modified_time":"2025-09-24T03:44:18+00:00","og_image":[{"width":1024,"height":944,"url":"http:\/\/vapebulkp.com\/wp-content\/uploads\/2024\/02\/Good-Sale-Bang-Box-9000-puffs-Germany-8-1024x944.png","type":"image\/png"}],"twitter_card":"summary_large_image","twitter_misc":{"Tempo estimado de leitura":"4 minutos"},"schema":{"@context":"https:\/\/schema.org","@graph":[{"@type":"WebPage","@id":"https:\/\/vapebulkp.com\/product\/good-vape-bang-box-9000puffs-sweden-wholesale-price\/","url":"https:\/\/vapebulkp.com\/product\/good-vape-bang-box-9000puffs-sweden-wholesale-price\/","name":"Good Vape Bang Box 9000Puffs Sweden Wholesale Price - vapebulkp.com","isPartOf":{"@id":"https:\/\/vapebulkp.com\/#website"},"datePublished":"2024-02-23T07:39:29+00:00","dateModified":"2025-09-24T03:44:18+00:00","description":"Bang BOX 9000 boasts the smallest electronic cigarette device with the longest battery life. Its consistent taste is a distinctive feature that distinguishes it from other products on the market.","breadcrumb":{"@id":"https:\/\/vapebulkp.com\/product\/good-vape-bang-box-9000puffs-sweden-wholesale-price\/#breadcrumb"},"inLanguage":"pt-PT","potentialAction":[{"@type":"ReadAction","target":["https:\/\/vapebulkp.com\/product\/good-vape-bang-box-9000puffs-sweden-wholesale-price\/"]}]},{"@type":"BreadcrumbList","@id":"https:\/\/vapebulkp.com\/product\/good-vape-bang-box-9000puffs-sweden-wholesale-price\/#breadcrumb","itemListElement":[{"@type":"ListItem","position":1,"name":"Home","item":"https:\/\/vapebulkp.com\/"},{"@type":"ListItem","position":2,"name":"Hot Trend Vapes","item":"https:\/\/vapebulkp.com\/vape-shop\/"},{"@type":"ListItem","position":3,"name":"Good Vape Bang Box 9000Puffs Sweden Wholesale Price"}]},{"@type":"WebSite","@id":"https:\/\/vapebulkp.com\/#website","url":"https:\/\/vapebulkp.com\/","name":"vapebulkp.com","description":"Buy Vape In Cheap Bulk Price Near you","publisher":{"@id":"https:\/\/vapebulkp.com\/#organization"},"potentialAction":[{"@type":"SearchAction","target":{"@type":"EntryPoint","urlTemplate":"https:\/\/vapebulkp.com\/?s={search_term_string}"},"query-input":"required name=search_term_string"}],"inLanguage":"pt-PT"},{"@type":"Organization","@id":"https:\/\/vapebulkp.com\/#organization","name":"vapebulkp.com","url":"https:\/\/vapebulkp.com\/","logo":{"@type":"ImageObject","inLanguage":"pt-PT","@id":"https:\/\/vapebulkp.com\/#\/schema\/logo\/image\/","url":"https:\/\/vapebulkp.com\/wp-content\/uploads\/2023\/09\/cropped-vapebulkp.png","contentUrl":"https:\/\/vapebulkp.com\/wp-content\/uploads\/2023\/09\/cropped-vapebulkp.png","width":516,"height":163,"caption":"vapebulkp.com"},"image":{"@id":"https:\/\/vapebulkp.com\/#\/schema\/logo\/image\/"}}]}},"uagb_featured_image_src":{"full":["https:\/\/vapebulkp.com\/wp-content\/uploads\/2024\/02\/Good-Sale-Bang-Box-9000-puffs-Germany-8.png",1903,1754,false],"thumbnail":["https:\/\/vapebulkp.com\/wp-content\/uploads\/2024\/02\/Good-Sale-Bang-Box-9000-puffs-Germany-8-150x150.png",150,150,true],"medium":["https:\/\/vapebulkp.com\/wp-content\/uploads\/2024\/02\/Good-Sale-Bang-Box-9000-puffs-Germany-8-300x277.png",300,277,true],"medium_large":["https:\/\/vapebulkp.com\/wp-content\/uploads\/2024\/02\/Good-Sale-Bang-Box-9000-puffs-Germany-8-768x708.png",768,708,true],"large":["https:\/\/vapebulkp.com\/wp-content\/uploads\/2024\/02\/Good-Sale-Bang-Box-9000-puffs-Germany-8-1024x944.png",1024,944,true],"1536x1536":["https:\/\/vapebulkp.com\/wp-content\/uploads\/2024\/02\/Good-Sale-Bang-Box-9000-puffs-Germany-8-1536x1416.png",1536,1416,true],"2048x2048":["https:\/\/vapebulkp.com\/wp-content\/uploads\/2024\/02\/Good-Sale-Bang-Box-9000-puffs-Germany-8.png",1903,1754,false],"trp-custom-language-flag":["https:\/\/vapebulkp.com\/wp-content\/uploads\/2024\/02\/Good-Sale-Bang-Box-9000-puffs-Germany-8.png",13,12,false],"woocommerce_thumbnail":["https:\/\/vapebulkp.com\/wp-content\/uploads\/2024\/02\/Good-Sale-Bang-Box-9000-puffs-Germany-8-300x300.png",300,300,true],"woocommerce_single":["https:\/\/vapebulkp.com\/wp-content\/uploads\/2024\/02\/Good-Sale-Bang-Box-9000-puffs-Germany-8-600x553.png",600,553,true],"woocommerce_gallery_thumbnail":["https:\/\/vapebulkp.com\/wp-content\/uploads\/2024\/02\/Good-Sale-Bang-Box-9000-puffs-Germany-8-100x100.png",100,100,true],"wcpr-photo-reviews":["https:\/\/vapebulkp.com\/wp-content\/uploads\/2024\/02\/Good-Sale-Bang-Box-9000-puffs-Germany-8.png",500,461,false]},"uagb_author_info":{"display_name":"Mandy vape bulk price","author_link":"https:\/\/vapebulkp.com\/pt\/author\/"},"uagb_comment_info":0,"uagb_excerpt":"Bang BOX 9000 PUFFS boasts the smallest electronic cigarette device with the longest battery life. Its consistent taste is a distinctive feature that distinguishes it from other products on the market. Pls Contact Mandy's WhatsApp For Discount Price+8618077105796 NOTE: Prices on our website does not include shipping costs &nbsp;","_links":{"self":[{"href":"https:\/\/vapebulkp.com\/pt\/wp-json\/wp\/v2\/product\/2066","targetHints":{"allow":["GET"]}}],"collection":[{"href":"https:\/\/vapebulkp.com\/pt\/wp-json\/wp\/v2\/product"}],"about":[{"href":"https:\/\/vapebulkp.com\/pt\/wp-json\/wp\/v2\/types\/product"}],"replies":[{"embeddable":true,"href":"https:\/\/vapebulkp.com\/pt\/wp-json\/wp\/v2\/comments?post=2066"}],"wp:featuredmedia":[{"embeddable":true,"href":"https:\/\/vapebulkp.com\/pt\/wp-json\/wp\/v2\/media\/2067"}],"wp:attachment":[{"href":"https:\/\/vapebulkp.com\/pt\/wp-json\/wp\/v2\/media?parent=2066"}],"wp:term":[{"taxonomy":"product_cat","embeddable":true,"href":"https:\/\/vapebulkp.com\/pt\/wp-json\/wp\/v2\/product_cat?post=2066"},{"taxonomy":"product_tag","embeddable":true,"href":"https:\/\/vapebulkp.com\/pt\/wp-json\/wp\/v2\/product_tag?post=2066"}],"curies":[{"name":"wp","href":"https:\/\/api.w.org\/{rel}","templated":true}]}}