{"id":2198,"date":"2024-04-18T05:41:21","date_gmt":"2024-04-18T03:41:21","guid":{"rendered":"https:\/\/vapebulkp.com\/?post_type=product&#038;p=2198"},"modified":"2025-09-01T11:15:25","modified_gmt":"2025-09-01T09:15:25","slug":"wholesale-price-utco-7000-puffs-best-tornado-vape","status":"publish","type":"product","link":"https:\/\/vapebulkp.com\/pt\/product\/wholesale-price-utco-7000-puffs-best-tornado-vape\/","title":{"rendered":"Pre\u00e7o de Atacado UTCO 7000 Puffs Melhor Tornado Vape"},"content":{"rendered":"<h2>Pre\u00e7o de Atacado UTCO 7000 Puffs Melhor Tornado Vape<\/h2>\n<p>O <b>UTCO Tornado 7000 Vapores<\/b>\u00a0constitui uma refer\u00eancia no mercado dos vapes descart\u00e1veis, concebido para o vaper exigente que valoriza o controlo total e uma vida \u00fatil prolongada. Este avan\u00e7ado <b>Vape Descart\u00e1vel de 7000 Inala\u00e7\u00f5es<\/b> \u00e9 uma solu\u00e7\u00e3o sofisticada que combina um design robusto com uma conveni\u00eancia inigual\u00e1vel. Vem pr\u00e9-carregado com um generoso <b>14ml de e-l\u00edquido premium com nicotina em sal<\/b> e uma impressionante sele\u00e7\u00e3o de mais de 60 sabores meticulosamente criados, oferecendo um portef\u00f3lio selecionado para cada paladar.<\/p>\n<p>No n\u00facleo do seu design est\u00e1 um <b>c\u00e9lula de energia recarreg\u00e1vel<\/b> e com montagem na parte inferior <b>Porta Tipo-C<\/b>, garantindo que podes recorrer ao conjunto completo <b>14ml de capacidade<\/b> sem interrup\u00e7\u00f5es. O controlo preciso do fluxo de ar do dispositivo permite uma inala\u00e7\u00e3o verdadeiramente personalizada, permitindo-lhe afinar a sua experi\u00eancia de vapor, desde uma baforada apertada e discreta a uma nuvem rica e densa.<\/p>\n<p>Mais do que um simples <b>cigarro eletr\u00f3nico descart\u00e1vel<\/b>, o UTCO 7000 \u00e9 um compromisso com uma jornada de vaporiza\u00e7\u00e3o premium e sem complica\u00e7\u00f5es. A sua constru\u00e7\u00e3o de alta capacidade e os controlos intuitivos posicionam-no como a escolha definitiva para vapers que exigem desempenho e fiabilidade num \u00fanico dispositivo simplificado.<\/p>\n<h3>Fotos do produto UTCO 7k Puffs:<\/h3>\n<p><img decoding=\"async\" class=\"alignnone wp-image-2185\" src=\"http:\/\/vapebulkp.com\/wp-content\/uploads\/2024\/04\/UTCO-7000PUFFS-Best-Sale-Poland-scaled.jpg\" alt=\"UTCO 7000PUFFS Melhor Venda em Portugal\" width=\"550\" height=\"482\" \/><\/p>\n<p>&nbsp;<\/p>\n<h6>Por favor, contacte o WhatsApp da Mandy para um pre\u00e7o com desconto<a href=\"https:\/\/wa.me\/8618077105796\">+8618077105796<\/a><\/h6>\n<p><img decoding=\"async\" class=\"alignnone wp-image-2151\" src=\"http:\/\/vapebulkp.com\/wp-content\/uploads\/2024\/04\/Mandy-WhatsApp-Randm.jpg\" alt=\"WhatsApp da Mandy Randm\" width=\"301\" height=\"292\" \/><\/p>\n<h2><span style=\"vertical-align: inherit\">Julg\u00e1mos que poderia ter interesse em saber mais sobre a Caneta de Vape Descart\u00e1vel UTCO 7000 Puffs:<\/span><\/h2>\n<p>&nbsp;<\/p>\n<h6>Qual \u00e9 a capacidade de e-l\u00edquido do UTCO 7k puffs Good Vape?<\/h6>\n<p>Este dispositivo tem 18ml de e-l\u00edquido.<\/p>\n<h6>2. Para este vape de boa qualidade, quanto tempo dura o UTCO tornado 7000?<\/h6>\n<p>(1)500 inala\u00e7\u00f5es\/dia, pode durar 14 dias<br \/>\n(2)1000 inala\u00e7\u00f5es\/dia, pode durar 7 dias<br \/>\n(3)2000 inala\u00e7\u00f5es\/dia, pode durar 3,5 dias<\/p>\n<h6>3. Como carregar o bom vape descart\u00e1vel UTCO Vape 7k puffs?<\/h6>\n<p>N\u00e3o \u00e9 poss\u00edvel usar carregadores de carregamento r\u00e1pido. A pot\u00eancia de seguran\u00e7a padr\u00e3o para cigarros eletr\u00f3nicos descart\u00e1veis \u00e9 de 5V 1A. Cada tempo de carregamento n\u00e3o pode exceder 1 hora e o tempo de carregamento seguro \u00e9 de meia hora.<\/p>\n<p><span style=\"color: #ff6600\">Aviso: n\u00e3o recarregue durante toda a noite!<\/span><\/p>\n<h6>4. Como usar o bom Vape UTCO tornado 7000 Puffs?<\/h6>\n<p>&nbsp;<\/p>\n<p><img decoding=\"async\" class=\"wp-image-2200 alignleft\" src=\"http:\/\/vapebulkp.com\/wp-content\/uploads\/2024\/04\/Good-Sale-UTCO-7k-puffs-vape.png\" alt=\"Boa Venda UTCO 7k puffs vape\" width=\"546\" height=\"1128\" srcset=\"https:\/\/vapebulkp.com\/wp-content\/uploads\/2024\/04\/Good-Sale-UTCO-7k-puffs-vape.png 1024w, https:\/\/vapebulkp.com\/wp-content\/uploads\/2024\/04\/Good-Sale-UTCO-7k-puffs-vape-145x300.png 145w, https:\/\/vapebulkp.com\/wp-content\/uploads\/2024\/04\/Good-Sale-UTCO-7k-puffs-vape-496x1024.png 496w, https:\/\/vapebulkp.com\/wp-content\/uploads\/2024\/04\/Good-Sale-UTCO-7k-puffs-vape-768x1586.png 768w, https:\/\/vapebulkp.com\/wp-content\/uploads\/2024\/04\/Good-Sale-UTCO-7k-puffs-vape-744x1536.png 744w, https:\/\/vapebulkp.com\/wp-content\/uploads\/2024\/04\/Good-Sale-UTCO-7k-puffs-vape-992x2048.png 992w, https:\/\/vapebulkp.com\/wp-content\/uploads\/2024\/04\/Good-Sale-UTCO-7k-puffs-vape-600x1239.png 600w\" sizes=\"(max-width: 546px) 100vw, 546px\" \/><\/p>\n<p>&nbsp;<\/p>\n<p>&nbsp;<\/p>\n<h4>Guia de Opera\u00e7\u00e3o:<\/h4>\n<p>Passo 1: Retire a tampa de silicone<\/p>\n<p>*Incline o dispositivo para o lado e puxe a tampa de silicone lentamente para cima para abrir o orif\u00edcio na bobina de aquecimento para o fluxo de \u00f3leo.<\/p>\n<p>Passo 2: Retire o autocolante<\/p>\n<p>Deixe-o repousar por 2 minutos depois de retirar o autocolante, depois pode us\u00e1-lo.<\/p>\n<h3><strong><span style=\"vertical-align: inherit\">Especifica\u00e7\u00e3o <\/span><\/strong>Para o Melhor Vape UTCO 7000:<\/h3>\n<h6><\/h6>\n<ul>\n<li>2\/5% Sal de Nicotina<\/li>\n<li>14ML de E-l\u00edquido<\/li>\n<li>7000 Vaporiza\u00e7\u00f5es por dispositivo<\/li>\n<li>Controlo de Fluxo de Ar<\/li>\n<li>Recarreg\u00e1vel Tipo-C<\/li>\n<li>Bateria Recarreg\u00e1vel<\/li>\n<li>Bateria integrada de 850mAh<\/li>\n<li>26 Sabores Dispon\u00edveis<\/li>\n<li>10 unidades numa caixa de exposi\u00e7\u00e3o<\/li>\n<li>240 unidades numa caixa \/ 17kg<\/li>\n<\/ul>\n<h3><strong>\u00a0Lista de Sabores de Vape Descart\u00e1vel UTCO 7000 Puffs a Pre\u00e7o de Atacado:<\/strong><\/h3>\n<p>1 Hortel\u00e3 Fresca<br \/>\n2 Gelo Exuberante<br \/>\n3 Tangerina Ice<br \/>\n4 Donut de Morango<br \/>\n5 Urso de Goma<br \/>\n6 Mirtilo com Gelo<br \/>\n7 Manga com Gelo<br \/>\n8 P\u00eassego com Gelo<br \/>\n9 Banana com Gelo<br \/>\n10 Uva com Gelo<br \/>\n11 Limonada Rosa<br \/>\n12 Pi\u00f1a Colada com Rum<br \/>\n13 Frutos Silvestres Mistos<br \/>\n14 Batido de Banana<br \/>\n15 \u00c1gua de Morango e Melancia<br \/>\n16 Ma\u00e7\u00e3 Vermelha com Lim\u00e3o<br \/>\n17 Abacaxi com Gelo<br \/>\n18 Algod\u00e3o Doce<br \/>\n19 Morango e Banana<br \/>\n20 Gelo de Morango<br \/>\n21 Cerejeira<br \/>\n22 Cereja Framboesa Azul<br \/>\n23 Cola Gelada<br \/>\n24 Sangue de Tigre<br \/>\n25 Ma\u00e7\u00e3 \u00c1cida<br \/>\nMorango e Kiwi<\/p>\n<p><a href=\"https:\/\/vapebulkp.com\/pt\/product\/wholesale-price-disposable-vape-crystal-600-puffs\/\"><span style=\"vertical-align: inherit\">Bom Venda Cristal 600 Vapores <\/span><\/a><\/p>\n<p><span style=\"vertical-align: inherit\">Encontre mais produtos que possa gostar:<\/span><em><a href=\"https:\/\/wa.me\/8618077105796\"><span style=\"vertical-align: inherit\">\u00a0Compre agora<\/span><\/a><\/em><\/p>\n<p><span style=\"vertical-align: inherit\">Outros Puffs Que Poder\u00e1 Gostar:<\/span><a href=\"https:\/\/vapebulkp.com\/pt\/product\/popular-bang-king-10000-puffs-vape-good-price\/\"><span style=\"vertical-align: inherit\">Bang King 10000 Puffs<\/span><\/a><span style=\"vertical-align: inherit\">\u3001<\/span><a href=\"https:\/\/vapebulkp.com\/pt\/product\/bang-box-12000puffs-good-vape-sweden-wholesale-price\/\"><span style=\"vertical-align: inherit\">Bang Box 12000 Puffs<\/span><\/a><span style=\"vertical-align: inherit\">\/ <\/span><a href=\"https:\/\/vapebulkp.com\/it\/product\/bang-tornado-12000-puffs-rechargeable-disposable-pod\/\"><span style=\"vertical-align: inherit\">Bang Tornado 12000 Inala\u00e7\u00f5es<\/span><\/a><span style=\"vertical-align: inherit\">\/ <\/span><a href=\"https:\/\/vapebulkp.com\/pt\/product\/wholesale-price-aroma-king-7000puffs-disposable-vape\/\"><span style=\"vertical-align: inherit\">Aroma King 7000Vapores<\/span><\/a><\/p>\n<p><span style=\"vertical-align: inherit\">Garrafa de cigarro eletr\u00f3nico com formato especial:<\/span><a href=\"https:\/\/vapebulkp.com\/it\/product\/popular-kulx-10000puffs-disposable-vape-good-price\/\"><span style=\"vertical-align: inherit\">Kulx vape 10000 tragos<\/span><\/a><span style=\"vertical-align: inherit\">\/ <\/span><a href=\"https:\/\/vapebulkp.com\/it\/product\/randm-tornado-9000-puffs-disposable-vape-kit-18ml\/\"><span style=\"vertical-align: inherit\">Randm tornado 9000 baforadas<\/span><\/a><span style=\"vertical-align: inherit\">\/<\/span><a href=\"https:\/\/vapebulkp.com\/it\/product\/randm-tornado-7000puffs-disposable-vape-pen-best-price\/\"><span style=\"vertical-align: inherit\">Randm tornado 7000 baforadas <\/span><\/a><\/p>\n<h5>Qualifica\u00e7\u00e3o da Produ\u00e7\u00e3o:<\/h5>\n<p><img decoding=\"async\" class=\"alignnone size-full wp-image-1841\" src=\"http:\/\/vapebulkp.com\/wp-content\/uploads\/2023\/11\/Vape-production-process-2.jpeg\" alt=\"Processo de produ\u00e7\u00e3o de vape\" width=\"650\" height=\"434\" srcset=\"https:\/\/vapebulkp.com\/wp-content\/uploads\/2023\/11\/Vape-production-process-2.jpeg 650w, https:\/\/vapebulkp.com\/wp-content\/uploads\/2023\/11\/Vape-production-process-2-300x200.jpeg 300w, https:\/\/vapebulkp.com\/wp-content\/uploads\/2023\/11\/Vape-production-process-2-600x401.jpeg 600w\" sizes=\"(max-width: 650px) 100vw, 650px\" \/><\/p>\n<p><img decoding=\"async\" class=\"alignnone wp-image-1843\" src=\"http:\/\/vapebulkp.com\/wp-content\/uploads\/2023\/11\/Vape-production-process.jpeg\" alt=\"Processo de produ\u00e7\u00e3o de vape\" width=\"648\" height=\"1037\" srcset=\"https:\/\/vapebulkp.com\/wp-content\/uploads\/2023\/11\/Vape-production-process.jpeg 641w, https:\/\/vapebulkp.com\/wp-content\/uploads\/2023\/11\/Vape-production-process-187x300.jpeg 187w, https:\/\/vapebulkp.com\/wp-content\/uploads\/2023\/11\/Vape-production-process-640x1024.jpeg 640w, https:\/\/vapebulkp.com\/wp-content\/uploads\/2023\/11\/Vape-production-process-600x960.jpeg 600w\" sizes=\"(max-width: 648px) 100vw, 648px\" \/><\/p>\n<p>&nbsp;<\/p>\n<h5>Perguntas Frequentes:<\/h5>\n<p>Qual \u00e9 a quantidade m\u00ednima de encomenda (MOQ) de UTCO Tornado 7000Puffs?<br \/>\nR: A encomenda m\u00ednima \u00e9 de 50 unidades.<br \/>\nP: Qual \u00e9 o tempo de entrega para o vaporizador encomendado?<br \/>\nR: Geralmente s\u00e3o 10-15 dias ap\u00f3s o envio<br \/>\nP: Quanto custa o envio? R: O custo de envio depende do peso. Quantidades diferentes t\u00eam custos de envio diferentes, por favor contacte-nos para confirmar o custo de envio.<\/p>\n<h4>Detalhes de envio:<\/h4>\n<p>Tempo de produ\u00e7\u00e3o: 5-10 dias \u00fateis<br \/>\nTempo de envio: 8-14 dias \u00fateis<\/p>\n<p>Todos os produtos na nossa loja s\u00e3o 100% originais e aut\u00eanticos, por isso a nossa pol\u00edtica \u00e9 dez vezes a compensa\u00e7\u00e3o por produtos falsificados. Usamos canais de log\u00edstica como UPS\/DHL\/FEDEX\/DPD para entregar os produtos a si.<\/p>\n<p>Para encomendas enviadas para Portugal, a chegada demora geralmente 10 dias \u00fateis. O envio para outros pa\u00edses europeus geralmente demora de 12 a 15 dias \u00fateis a chegar. Atualizaremos as informa\u00e7\u00f5es de log\u00edstica para si em tempo real.<\/p>\n<h3>Bom servi\u00e7o p\u00f3s-venda:<\/h3>\n<p>Aviso: Sem reembolsos ou trocas para problemas n\u00e3o relacionados com a qualidade<br \/>\n1. Os clientes podem escolher o sabor que desejam, mas se o sabor estiver esgotado, o departamento de produ\u00e7\u00e3o escolher\u00e1 um sabor popular para o substituir. Os clientes n\u00e3o est\u00e3o autorizados a solicitar reembolsos ou trocas com base nos sabores.<\/p>\n<p>2. Quando ocorrerem problemas de qualidade, forne\u00e7a descri\u00e7\u00f5es espec\u00edficas em v\u00eddeo e imagem.<br \/>\nSe n\u00e3o conseguir fornecer provas como v\u00eddeos e fotos, os produtos n\u00e3o podem ser substitu\u00eddos.<\/p>","protected":false},"excerpt":{"rendered":"<p>UTCO 7K Vape em Venda Quente<\/p>\n<p>UTCO 7K Mais Vendidos Esta Semana<\/p>\n<p>Grossista Holanda Bom cigarro eletr\u00f3nico descart\u00e1vel UTCO 7000 Puffs<\/p>\n<p><img decoding=\"async\" class=\"alignnone wp-image-2151\" src=\"http:\/\/vapebulkp.com\/wp-content\/uploads\/2024\/04\/Mandy-WhatsApp-Randm.jpg\" alt=\"WhatsApp da Mandy Randm\" width=\"328\" height=\"348\" srcset=\"https:\/\/vapebulkp.com\/wp-content\/uploads\/2024\/04\/Mandy-WhatsApp-Randm.jpg 916w, https:\/\/vapebulkp.com\/wp-content\/uploads\/2024\/04\/Mandy-WhatsApp-Randm-282x300.jpg 282w, https:\/\/vapebulkp.com\/wp-content\/uploads\/2024\/04\/Mandy-WhatsApp-Randm-768x817.jpg 768w, https:\/\/vapebulkp.com\/wp-content\/uploads\/2024\/04\/Mandy-WhatsApp-Randm-600x638.jpg 600w\" sizes=\"(max-width: 328px) 100vw, 328px\" \/><\/p>\n<p>Por favor, contacte o WhatsApp da Mandy para um pre\u00e7o com desconto<a href=\"https:\/\/wa.me\/8618077105796\">+8618077105796<\/a><\/p>\n<p><span style=\"color: #ff0000\">NOTA: Os pre\u00e7os no nosso site n\u00e3o incluem os custos de envio<\/span><\/p>","protected":false},"featured_media":2178,"comment_status":"open","ping_status":"closed","template":"","meta":{"_uag_custom_page_level_css":"","_lmt_disableupdate":"no","_lmt_disable":"","site-sidebar-layout":"default","site-content-layout":"content-boxed-container","ast-site-content-layout":"normal-width-container","site-content-style":"boxed","site-sidebar-style":"unboxed","ast-global-header-display":"","ast-banner-title-visibility":"","ast-main-header-display":"","ast-hfb-above-header-display":"","ast-hfb-below-header-display":"","ast-hfb-mobile-header-display":"","site-post-title":"","ast-breadcrumbs-content":"","ast-featured-img":"","footer-sml-layout":"","theme-transparent-header-meta":"default","adv-header-id-meta":"","stick-header-meta":"","header-above-stick-meta":"","header-main-stick-meta":"","header-below-stick-meta":"","astra-migrate-meta-layouts":"set","_joinchat":[]},"product_cat":[153,155,33,87,34,157,154,152,58,84,156,63,32],"product_tag":[39,36,37,41,97,71,40],"class_list":["post-2198","product","type-product","status-publish","has-post-thumbnail","hentry","product_cat-hot-disposable-vapes","product_cat-belgium-hot-disposable-vapes","product_cat-france-vape-hot-sale","product_cat-minimum-order-quantity-50pcs","product_cat-netherlands-vape-good-sale","product_cat-poland-hot-disposable-vapes","product_cat-portugal-hot-disposable-vapes","product_cat-spain-hot-disposable-vapes","product_cat-sweden-hot-disposable-vape","product_cat-sweden-wholesale-vape","product_cat-switzerland-hot-disposable-vapes","product_cat-top-sale-disposable-vape","product_cat-vape-hot-sale-this-week","product_tag-7000-puffs","product_tag-good-vape","product_tag-hot-sale-disposable-vape","product_tag-poland-hot-vape","product_tag-r-and-m-tornado-7k","product_tag-randm","product_tag-sweden-hot-vape","desktop-align-left","tablet-align-left","mobile-align-left"],"yoast_head":"<!-- This site is optimized with the Yoast SEO plugin v21.1 - https:\/\/yoast.com\/wordpress\/plugins\/seo\/ -->\n<title>Wholesale Price UTCO 7000 Puffs Best Tornado Vape - vapebulkp.com<\/title>\n<meta name=\"description\" content=\"UTCO 7000 Puffs Good Vape, the top-selling disposable e-cigarette with a rechargeable twist. This innovative device delivers an impressive 7,000 puffs, ensuring lasting enjoyment with every inhale.\" \/>\n<meta name=\"robots\" content=\"index, follow, max-snippet:-1, max-image-preview:large, max-video-preview:-1\" \/>\n<link rel=\"canonical\" href=\"https:\/\/vapebulkp.com\/pt\/product\/wholesale-price-utco-7000-puffs-best-tornado-vape\/\" \/>\n<meta property=\"og:locale\" content=\"pt_PT\" \/>\n<meta property=\"og:type\" content=\"article\" \/>\n<meta property=\"og:title\" content=\"Wholesale Price UTCO 7000 Puffs Best Tornado Vape - vapebulkp.com\" \/>\n<meta property=\"og:description\" content=\"UTCO 7000 Puffs Good Vape, the top-selling disposable e-cigarette with a rechargeable twist. This innovative device delivers an impressive 7,000 puffs, ensuring lasting enjoyment with every inhale.\" \/>\n<meta property=\"og:url\" content=\"https:\/\/vapebulkp.com\/pt\/product\/wholesale-price-utco-7000-puffs-best-tornado-vape\/\" \/>\n<meta property=\"og:site_name\" content=\"vapebulkp.com\" \/>\n<meta property=\"article:modified_time\" content=\"2025-09-01T09:15:25+00:00\" \/>\n<meta property=\"og:image\" content=\"http:\/\/vapebulkp.com\/wp-content\/uploads\/2024\/04\/UTCO-7K-PUFFS-Best-Sale-Netherlands.jpg\" \/>\n\t<meta property=\"og:image:width\" content=\"1733\" \/>\n\t<meta property=\"og:image:height\" content=\"1584\" \/>\n\t<meta property=\"og:image:type\" content=\"image\/jpeg\" \/>\n<meta name=\"twitter:card\" content=\"summary_large_image\" \/>\n<meta name=\"twitter:label1\" content=\"Tempo estimado de leitura\" \/>\n\t<meta name=\"twitter:data1\" content=\"5 minutos\" \/>\n<script type=\"application\/ld+json\" class=\"yoast-schema-graph\">{\"@context\":\"https:\/\/schema.org\",\"@graph\":[{\"@type\":\"WebPage\",\"@id\":\"https:\/\/vapebulkp.com\/product\/wholesale-price-utco-7000-puffs-best-tornado-vape\/\",\"url\":\"https:\/\/vapebulkp.com\/product\/wholesale-price-utco-7000-puffs-best-tornado-vape\/\",\"name\":\"Wholesale Price UTCO 7000 Puffs Best Tornado Vape - vapebulkp.com\",\"isPartOf\":{\"@id\":\"https:\/\/vapebulkp.com\/#website\"},\"datePublished\":\"2024-04-18T03:41:21+00:00\",\"dateModified\":\"2025-09-01T09:15:25+00:00\",\"description\":\"UTCO 7000 Puffs Good Vape, the top-selling disposable e-cigarette with a rechargeable twist. This innovative device delivers an impressive 7,000 puffs, ensuring lasting enjoyment with every inhale.\",\"breadcrumb\":{\"@id\":\"https:\/\/vapebulkp.com\/product\/wholesale-price-utco-7000-puffs-best-tornado-vape\/#breadcrumb\"},\"inLanguage\":\"pt-PT\",\"potentialAction\":[{\"@type\":\"ReadAction\",\"target\":[\"https:\/\/vapebulkp.com\/product\/wholesale-price-utco-7000-puffs-best-tornado-vape\/\"]}]},{\"@type\":\"BreadcrumbList\",\"@id\":\"https:\/\/vapebulkp.com\/product\/wholesale-price-utco-7000-puffs-best-tornado-vape\/#breadcrumb\",\"itemListElement\":[{\"@type\":\"ListItem\",\"position\":1,\"name\":\"Home\",\"item\":\"https:\/\/vapebulkp.com\/\"},{\"@type\":\"ListItem\",\"position\":2,\"name\":\"Hot Trend Vapes\",\"item\":\"https:\/\/vapebulkp.com\/vape-shop\/\"},{\"@type\":\"ListItem\",\"position\":3,\"name\":\"Wholesale Price UTCO 7000 Puffs Best Tornado Vape\"}]},{\"@type\":\"WebSite\",\"@id\":\"https:\/\/vapebulkp.com\/#website\",\"url\":\"https:\/\/vapebulkp.com\/\",\"name\":\"vapebulkp.com\",\"description\":\"Buy Vape In Cheap Bulk Price Near you\",\"publisher\":{\"@id\":\"https:\/\/vapebulkp.com\/#organization\"},\"potentialAction\":[{\"@type\":\"SearchAction\",\"target\":{\"@type\":\"EntryPoint\",\"urlTemplate\":\"https:\/\/vapebulkp.com\/?s={search_term_string}\"},\"query-input\":\"required name=search_term_string\"}],\"inLanguage\":\"pt-PT\"},{\"@type\":\"Organization\",\"@id\":\"https:\/\/vapebulkp.com\/#organization\",\"name\":\"vapebulkp.com\",\"url\":\"https:\/\/vapebulkp.com\/\",\"logo\":{\"@type\":\"ImageObject\",\"inLanguage\":\"pt-PT\",\"@id\":\"https:\/\/vapebulkp.com\/#\/schema\/logo\/image\/\",\"url\":\"https:\/\/vapebulkp.com\/wp-content\/uploads\/2023\/09\/cropped-vapebulkp.png\",\"contentUrl\":\"https:\/\/vapebulkp.com\/wp-content\/uploads\/2023\/09\/cropped-vapebulkp.png\",\"width\":516,\"height\":163,\"caption\":\"vapebulkp.com\"},\"image\":{\"@id\":\"https:\/\/vapebulkp.com\/#\/schema\/logo\/image\/\"}}]}<\/script>\n<!-- \/ Yoast SEO plugin. -->","yoast_head_json":{"title":"Pre\u00e7o de Atacado UTCO 7000 Puffs Melhor Vape Tornado - vapebulkp.com","description":"UTCO 7000 Puffs Good Vape, o cigarro eletr\u00f3nico descart\u00e1vel mais vendido com uma recarga inovadora. Este dispositivo inovador oferece 7.000 inala\u00e7\u00f5es, garantindo um prazer duradouro a cada vaporiza\u00e7\u00e3o.","robots":{"index":"index","follow":"follow","max-snippet":"max-snippet:-1","max-image-preview":"max-image-preview:large","max-video-preview":"max-video-preview:-1"},"canonical":"https:\/\/vapebulkp.com\/pt\/product\/wholesale-price-utco-7000-puffs-best-tornado-vape\/","og_locale":"pt_PT","og_type":"article","og_title":"Wholesale Price UTCO 7000 Puffs Best Tornado Vape - vapebulkp.com","og_description":"UTCO 7000 Puffs Good Vape, the top-selling disposable e-cigarette with a rechargeable twist. This innovative device delivers an impressive 7,000 puffs, ensuring lasting enjoyment with every inhale.","og_url":"https:\/\/vapebulkp.com\/pt\/product\/wholesale-price-utco-7000-puffs-best-tornado-vape\/","og_site_name":"vapebulkp.com","article_modified_time":"2025-09-01T09:15:25+00:00","og_image":[{"width":1733,"height":1584,"url":"http:\/\/vapebulkp.com\/wp-content\/uploads\/2024\/04\/UTCO-7K-PUFFS-Best-Sale-Netherlands.jpg","type":"image\/jpeg"}],"twitter_card":"summary_large_image","twitter_misc":{"Tempo estimado de leitura":"5 minutos"},"schema":{"@context":"https:\/\/schema.org","@graph":[{"@type":"WebPage","@id":"https:\/\/vapebulkp.com\/product\/wholesale-price-utco-7000-puffs-best-tornado-vape\/","url":"https:\/\/vapebulkp.com\/product\/wholesale-price-utco-7000-puffs-best-tornado-vape\/","name":"Pre\u00e7o de Atacado UTCO 7000 Puffs Melhor Vape Tornado - vapebulkp.com","isPartOf":{"@id":"https:\/\/vapebulkp.com\/#website"},"datePublished":"2024-04-18T03:41:21+00:00","dateModified":"2025-09-01T09:15:25+00:00","description":"UTCO 7000 Puffs Good Vape, o cigarro eletr\u00f3nico descart\u00e1vel mais vendido com uma recarga inovadora. Este dispositivo inovador oferece 7.000 inala\u00e7\u00f5es, garantindo um prazer duradouro a cada vaporiza\u00e7\u00e3o.","breadcrumb":{"@id":"https:\/\/vapebulkp.com\/product\/wholesale-price-utco-7000-puffs-best-tornado-vape\/#breadcrumb"},"inLanguage":"pt-PT","potentialAction":[{"@type":"ReadAction","target":["https:\/\/vapebulkp.com\/product\/wholesale-price-utco-7000-puffs-best-tornado-vape\/"]}]},{"@type":"BreadcrumbList","@id":"https:\/\/vapebulkp.com\/product\/wholesale-price-utco-7000-puffs-best-tornado-vape\/#breadcrumb","itemListElement":[{"@type":"ListItem","position":1,"name":"Home","item":"https:\/\/vapebulkp.com\/"},{"@type":"ListItem","position":2,"name":"Hot Trend Vapes","item":"https:\/\/vapebulkp.com\/vape-shop\/"},{"@type":"ListItem","position":3,"name":"Wholesale Price UTCO 7000 Puffs Best Tornado Vape"}]},{"@type":"WebSite","@id":"https:\/\/vapebulkp.com\/#website","url":"https:\/\/vapebulkp.com\/","name":"vapebulkp.com","description":"Comprar Vapes a Granel a Pre\u00e7os Baixos Perto de Si","publisher":{"@id":"https:\/\/vapebulkp.com\/#organization"},"potentialAction":[{"@type":"SearchAction","target":{"@type":"EntryPoint","urlTemplate":"https:\/\/vapebulkp.com\/?s={search_term_string}"},"query-input":"required name=search_term_string"}],"inLanguage":"pt-PT"},{"@type":"Organization","@id":"https:\/\/vapebulkp.com\/#organization","name":"vapebulkp.com","url":"https:\/\/vapebulkp.com\/","logo":{"@type":"ImageObject","inLanguage":"pt-PT","@id":"https:\/\/vapebulkp.com\/#\/schema\/logo\/image\/","url":"https:\/\/vapebulkp.com\/wp-content\/uploads\/2023\/09\/cropped-vapebulkp.png","contentUrl":"https:\/\/vapebulkp.com\/wp-content\/uploads\/2023\/09\/cropped-vapebulkp.png","width":516,"height":163,"caption":"vapebulkp.com"},"image":{"@id":"https:\/\/vapebulkp.com\/#\/schema\/logo\/image\/"}}]}},"uagb_featured_image_src":{"full":["https:\/\/vapebulkp.com\/wp-content\/uploads\/2024\/04\/UTCO-7K-PUFFS-Best-Sale-Netherlands.jpg",1733,1584,false],"thumbnail":["https:\/\/vapebulkp.com\/wp-content\/uploads\/2024\/04\/UTCO-7K-PUFFS-Best-Sale-Netherlands-150x150.jpg",150,150,true],"medium":["https:\/\/vapebulkp.com\/wp-content\/uploads\/2024\/04\/UTCO-7K-PUFFS-Best-Sale-Netherlands-300x274.jpg",300,274,true],"medium_large":["https:\/\/vapebulkp.com\/wp-content\/uploads\/2024\/04\/UTCO-7K-PUFFS-Best-Sale-Netherlands-768x702.jpg",768,702,true],"large":["https:\/\/vapebulkp.com\/wp-content\/uploads\/2024\/04\/UTCO-7K-PUFFS-Best-Sale-Netherlands-1024x936.jpg",1024,936,true],"1536x1536":["https:\/\/vapebulkp.com\/wp-content\/uploads\/2024\/04\/UTCO-7K-PUFFS-Best-Sale-Netherlands-1536x1404.jpg",1536,1404,true],"2048x2048":["https:\/\/vapebulkp.com\/wp-content\/uploads\/2024\/04\/UTCO-7K-PUFFS-Best-Sale-Netherlands.jpg",1733,1584,false],"trp-custom-language-flag":["https:\/\/vapebulkp.com\/wp-content\/uploads\/2024\/04\/UTCO-7K-PUFFS-Best-Sale-Netherlands.jpg",13,12,false],"woocommerce_thumbnail":["https:\/\/vapebulkp.com\/wp-content\/uploads\/2024\/04\/UTCO-7K-PUFFS-Best-Sale-Netherlands-300x300.jpg",300,300,true],"woocommerce_single":["https:\/\/vapebulkp.com\/wp-content\/uploads\/2024\/04\/UTCO-7K-PUFFS-Best-Sale-Netherlands-600x548.jpg",600,548,true],"woocommerce_gallery_thumbnail":["https:\/\/vapebulkp.com\/wp-content\/uploads\/2024\/04\/UTCO-7K-PUFFS-Best-Sale-Netherlands-100x100.jpg",100,100,true],"wcpr-photo-reviews":["https:\/\/vapebulkp.com\/wp-content\/uploads\/2024\/04\/UTCO-7K-PUFFS-Best-Sale-Netherlands.jpg",500,457,false]},"uagb_author_info":{"display_name":"Mandy vape bulk price","author_link":"https:\/\/vapebulkp.com\/pt\/author\/"},"uagb_comment_info":0,"uagb_excerpt":"UTCO 7K\u00a0 Vape Hot Sale UTCO 7K Top Sale This Week Netherland\u00a0 wholesale Good\u00a0 disposable vape UTCO 7000 Puffs Pls Contact Mandy's WhatsApp For Discount Price+8618077105796 NOTE: Prices on our website does not include shipping costs","_links":{"self":[{"href":"https:\/\/vapebulkp.com\/pt\/wp-json\/wp\/v2\/product\/2198","targetHints":{"allow":["GET"]}}],"collection":[{"href":"https:\/\/vapebulkp.com\/pt\/wp-json\/wp\/v2\/product"}],"about":[{"href":"https:\/\/vapebulkp.com\/pt\/wp-json\/wp\/v2\/types\/product"}],"replies":[{"embeddable":true,"href":"https:\/\/vapebulkp.com\/pt\/wp-json\/wp\/v2\/comments?post=2198"}],"wp:featuredmedia":[{"embeddable":true,"href":"https:\/\/vapebulkp.com\/pt\/wp-json\/wp\/v2\/media\/2178"}],"wp:attachment":[{"href":"https:\/\/vapebulkp.com\/pt\/wp-json\/wp\/v2\/media?parent=2198"}],"wp:term":[{"taxonomy":"product_cat","embeddable":true,"href":"https:\/\/vapebulkp.com\/pt\/wp-json\/wp\/v2\/product_cat?post=2198"},{"taxonomy":"product_tag","embeddable":true,"href":"https:\/\/vapebulkp.com\/pt\/wp-json\/wp\/v2\/product_tag?post=2198"}],"curies":[{"name":"wp","href":"https:\/\/api.w.org\/{rel}","templated":true}]}}