{"id":2423,"date":"2024-05-09T10:54:09","date_gmt":"2024-05-09T08:54:09","guid":{"rendered":"https:\/\/vapebulkp.com\/?post_type=product&#038;p=2423"},"modified":"2025-09-24T05:14:17","modified_gmt":"2025-09-24T03:14:17","slug":"original-vape-big-puffs-bang-vape-36000puffs","status":"publish","type":"product","link":"https:\/\/vapebulkp.com\/pt\/product\/original-vape-big-puffs-bang-vape-36000puffs\/","title":{"rendered":"Vape Original Big Puffs Bang Vape 36000 Puffs"},"content":{"rendered":"<h1 style=\"text-align: left\">Vape Original Big Puffs Bang Vape 36000 Puffs<\/h1>\n<p data-start=\"265\" data-end=\"592\">O <strong data-start=\"269\" data-end=\"309\">C\u00e1psula Descart\u00e1vel Bang 36000 Puffs<\/strong> \u00e9 um vaporizador de alta qualidade <a href=\"https:\/\/vapebulkp.com\/pt\/product-category\/36000-puff-disposable-vape\/\"><strong data-start=\"323\" data-end=\"354\">Vaporizador Descart\u00e1vel 36000 Puffs<\/strong><\/a> projetado para desempenho de longa dura\u00e7\u00e3o e entrega de sabor suave. Pr\u00e9-preenchido com um cartucho de e-l\u00edquido de 40ml e dispon\u00edvel com 2% ou 5% de sal de nicotina, este dispositivo proporciona satisfa\u00e7\u00e3o consistente tanto para vapers casuais quanto para vapers frequentes.<\/p>\n<p data-start=\"594\" data-end=\"936\">Alimentado por uma bateria recarreg\u00e1vel dur\u00e1vel de 850mAh com carregamento r\u00e1pido Tipo-C, garante vaporiza\u00e7\u00e3o ininterrupta com tempo de inatividade m\u00ednimo. O Bang 36000 possui tecnologia de bobina avan\u00e7ada para produ\u00e7\u00e3o de vapor denso e um forte golpe na garganta em 10 sabores populares, tornando-o um dos <strong data-start=\"885\" data-end=\"919\">vaporizadores descart\u00e1veis de alta capacidade<\/strong> mais confi\u00e1veis do mercado.<\/p>\n<p data-start=\"938\" data-end=\"1150\">Compacto, elegante e potente, o <strong data-start=\"974\" data-end=\"1014\">C\u00e1psula Descart\u00e1vel Bang 36000 Puffs<\/strong> \u00e9 a escolha perfeita para quem procura um <strong data-start=\"1061\" data-end=\"1096\">vaporizador de sal de nicotina de longa dura\u00e7\u00e3o<\/strong> que combina conveni\u00eancia com desempenho premium.<\/p>\n<p><img decoding=\"async\" class=\"alignnone wp-image-2270\" src=\"http:\/\/vapebulkp.com\/wp-content\/uploads\/2024\/04\/Bang-Vape-36000-Puffs-Wholesale-Discount.jpg\" alt=\"Bang Vape 36000 Vapores Desconto para Atacado\" width=\"642\" height=\"875\" srcset=\"https:\/\/vapebulkp.com\/wp-content\/uploads\/2024\/04\/Bang-Vape-36000-Puffs-Wholesale-Discount.jpg 1080w, https:\/\/vapebulkp.com\/wp-content\/uploads\/2024\/04\/Bang-Vape-36000-Puffs-Wholesale-Discount-220x300.jpg 220w, https:\/\/vapebulkp.com\/wp-content\/uploads\/2024\/04\/Bang-Vape-36000-Puffs-Wholesale-Discount-751x1024.jpg 751w, https:\/\/vapebulkp.com\/wp-content\/uploads\/2024\/04\/Bang-Vape-36000-Puffs-Wholesale-Discount-768x1047.jpg 768w, https:\/\/vapebulkp.com\/wp-content\/uploads\/2024\/04\/Bang-Vape-36000-Puffs-Wholesale-Discount-600x818.jpg 600w\" sizes=\"(max-width: 642px) 100vw, 642px\" \/><\/p>\n<h6>Por favor, contacte o WhatsApp da Mandy para um pre\u00e7o com desconto<a href=\"https:\/\/wa.me\/8618077105796\">+8618077105796<\/a><\/h6>\n<p><img decoding=\"async\" class=\"alignnone wp-image-2151\" src=\"http:\/\/vapebulkp.com\/wp-content\/uploads\/2024\/04\/Mandy-WhatsApp-Randm.jpg\" alt=\"Mandy WhatsApp Randm\" width=\"261\" height=\"277\" srcset=\"https:\/\/vapebulkp.com\/wp-content\/uploads\/2024\/04\/Mandy-WhatsApp-Randm.jpg 916w, https:\/\/vapebulkp.com\/wp-content\/uploads\/2024\/04\/Mandy-WhatsApp-Randm-282x300.jpg 282w, https:\/\/vapebulkp.com\/wp-content\/uploads\/2024\/04\/Mandy-WhatsApp-Randm-768x817.jpg 768w, https:\/\/vapebulkp.com\/wp-content\/uploads\/2024\/04\/Mandy-WhatsApp-Randm-600x638.jpg 600w\" sizes=\"(max-width: 261px) 100vw, 261px\" \/><\/p>\n<h2>Achei que gostaria de saber sobre o Vaporizador Original Bang 36000Puffs:<\/h2>\n<h5>1.Como usar a Caneta Vaporizadora Bang 36k Puffs?<\/h5>\n<p>Passo 1. Antes de usar o vaporizador bang 36k puffs, retire o tubo de pl\u00e1stico.<\/p>\n<p>Passo 2. Espere cerca de 3 minutos para que o l\u00edquido entre na bobina interna.<\/p>\n<p>Passo 3. Desfrute<\/p>\n<h5>2.Como carregar o vaporizador descart\u00e1vel Bang Vape 36k puffs Sleek Vape?<\/h5>\n<p>N\u00e3o \u00e9 poss\u00edvel usar carregadores de carregamento r\u00e1pido, e a pot\u00eancia segura padr\u00e3o dos cigarros eletr\u00f3nicos descart\u00e1veis \u00e9 de 5V 1A.<\/p>\n<p>Cada tempo de carregamento n\u00e3o pode exceder 1 hora, e o tempo de carregamento seguro \u00e9 de meia hora.<\/p>\n<p><span style=\"color: #ff0000\">Aviso: n\u00e3o recarregue durante toda a noite!<\/span><\/p>\n<h5>3.Qual \u00e9 a capacidade do l\u00edquido para cigarro eletr\u00f3nico do Bang 36k Puffs Vape Pen?<\/h5>\n<p>\u2014\u201440ml<\/p>\n<h5>4.Quantas 'baforadas' posso dar com este vaporizador descart\u00e1vel Bang 36000 Puffs?<\/h5>\n<p>\u2014\u201336 mil baforadas<\/p>\n<h3>Caracter\u00edsticas do vaporizador descart\u00e1vel Bang 36000 Puffs:<\/h3>\n<ul>\n<li>Baforadas: AT\u00c9 36000 baforadas<\/li>\n<li>\u00a0L\u00edquido: Cartucho de 40 ml pr\u00e9-carregado com l\u00edquido<\/li>\n<li>Nicotina: 2\/5% de sal de nicotina<\/li>\n<li>\u00a0Tipos: Vaporizador descart\u00e1vel<\/li>\n<li>\u00a0Bateria de 850mAh<\/li>\n<li>\u00a0Cabo de recarga Tipo-C<\/li>\n<li>\u00a010 Sabores Dispon\u00edveis<\/li>\n<\/ul>\n<h3><strong>Lista de sabores do vaporizador de grandes baforadas Bang 36000 Puffs?<\/strong><\/h3>\n<p>1.Morango Kiwi<br \/>\n2.Manga P\u00eassego Melancia<br \/>\n3.MISTURA DE FRUTAS<br \/>\n4.Hortel\u00e3 gelada<br \/>\n5.Manga P\u00eassego<br \/>\n6.gelo de uva<br \/>\n7.ma\u00e7\u00e3 dupla<br \/>\n8.mirtilo e framboesa<br \/>\n9.Morango Melancia<br \/>\n10.GELO DE MELANCIA<br \/>\n11.morango e manga<br \/>\n12.Gelo de Mirtilo<\/p>\n<p><a href=\"https:\/\/vapebulkp.com\/pt\/product\/popular-randm-tornado-7000puffs-disposable-vape-best-price\/\"><span style=\"vertical-align: inherit\">RandM Tornado 7000 Baforadas <\/span><\/a><\/p>\n<p><span style=\"vertical-align: inherit\">Encontre mais produtos que possa gostar:<\/span><em><a href=\"https:\/\/wa.me\/8618077105796\"><span style=\"vertical-align: inherit\">\u00a0Compre agora<\/span><\/a><\/em><\/p>\n<p><span style=\"vertical-align: inherit\">Outros Puffs Que Poder\u00e1 Gostar:<\/span><a href=\"https:\/\/vapebulkp.com\/pt\/product\/joymy-ultra15000puffs-best-disposable-vape-2023\/\"><span style=\"vertical-align: inherit\">JOYMY 15000Baforadas<\/span><\/a><span style=\"vertical-align: inherit\">\u3001<\/span><a href=\"https:\/\/vapebulkp.com\/pt\/product\/wholesale-randm-tornado-9000-puffs-germany\/\"><span style=\"vertical-align: inherit\">RandM 9000 Vapores<\/span><\/a><span style=\"vertical-align: inherit\">\/ <\/span><a href=\"https:\/\/vapebulkp.com\/pt\/product\/bang-king-12000puffs\/\"><span style=\"vertical-align: inherit\">Bang King 12000 Inala\u00e7\u00f5es<\/span><\/a><span style=\"vertical-align: inherit\">\/ <\/span><a href=\"https:\/\/vapebulkp.com\/pt\/product\/wholesale-tornado-rum-bar-9000-puffs-sweden\/\"><span style=\"vertical-align: inherit\">Rumbar 9000Vapores<\/span><\/a><\/p>\n<p><span style=\"vertical-align: inherit\">Garrafa de cigarro eletr\u00f3nico com formato especial:<\/span><a href=\"https:\/\/vapebulkp.com\/pt\/product\/bang-with-a-vape-18000-puffs-crown-bar-hot-vape\/\"><span style=\"vertical-align: inherit\"> Bang 18000 Vapores<\/span><\/a><span style=\"vertical-align: inherit\">\/ <\/span><a href=\"https:\/\/vapebulkp.com\/pt\/product\/best-price-wga-crystal-pro-max-15k-puffs-original-vape\/\"><span style=\"vertical-align: inherit\">\u00a0WGA Crystal Pro Max 15000 Vapores <\/span><\/a><span style=\"vertical-align: inherit\">\/<\/span><a href=\"https:\/\/vapebulkp.com\/pt\/product\/disposable-vape-crystal-600-puffs\/\"><span style=\"vertical-align: inherit\"> Crystal 600 Vapores<\/span><\/a><\/p>\n<h5>Qualifica\u00e7\u00e3o da Produ\u00e7\u00e3o:<\/h5>\n<p><img decoding=\"async\" class=\"alignnone size-full wp-image-1841\" src=\"http:\/\/vapebulkp.com\/wp-content\/uploads\/2023\/11\/Vape-production-process-2.jpeg\" alt=\"Processo de produ\u00e7\u00e3o de vape\" width=\"650\" height=\"434\" srcset=\"https:\/\/vapebulkp.com\/wp-content\/uploads\/2023\/11\/Vape-production-process-2.jpeg 650w, https:\/\/vapebulkp.com\/wp-content\/uploads\/2023\/11\/Vape-production-process-2-300x200.jpeg 300w, https:\/\/vapebulkp.com\/wp-content\/uploads\/2023\/11\/Vape-production-process-2-600x401.jpeg 600w\" sizes=\"(max-width: 650px) 100vw, 650px\" \/><\/p>\n<p><img decoding=\"async\" class=\"alignnone size-full wp-image-1843\" src=\"http:\/\/vapebulkp.com\/wp-content\/uploads\/2023\/11\/Vape-production-process.jpeg\" alt=\"Processo de produ\u00e7\u00e3o de vape\" width=\"641\" height=\"1026\" srcset=\"https:\/\/vapebulkp.com\/wp-content\/uploads\/2023\/11\/Vape-production-process.jpeg 641w, https:\/\/vapebulkp.com\/wp-content\/uploads\/2023\/11\/Vape-production-process-187x300.jpeg 187w, https:\/\/vapebulkp.com\/wp-content\/uploads\/2023\/11\/Vape-production-process-640x1024.jpeg 640w, https:\/\/vapebulkp.com\/wp-content\/uploads\/2023\/11\/Vape-production-process-600x960.jpeg 600w\" sizes=\"(max-width: 641px) 100vw, 641px\" \/><\/p>\n<h5>Perguntas Frequentes:<\/h5>\n<p>P: Qual \u00e9 o MOQ do Good Vape Bang 36000Vapores?<br \/>\nR: A encomenda m\u00ednima \u00e9 de 100 unidades.<br \/>\nP: Qual \u00e9 o tempo de entrega para o vaporizador encomendado?<br \/>\nR: Geralmente s\u00e3o 10-15 dias ap\u00f3s o envio<br \/>\nP: Quanto custa o envio? R: O custo de envio depende do peso. Quantidades diferentes t\u00eam custos de envio diferentes, por favor contacte-nos para confirmar o custo de envio.<\/p>\n<h4>Detalhes de envio:<\/h4>\n<p><span style=\"color: #ff6600\">Tempo de produ\u00e7\u00e3o: 5-10 dias \u00fateis<\/span><br \/>\n<span style=\"color: #ff6600\">Tempo de envio: 8-14 dias \u00fateis<\/span><\/p>\n<p>Todos os produtos na nossa loja s\u00e3o 100% originais e aut\u00eanticos, por isso a nossa pol\u00edtica \u00e9 dez vezes a compensa\u00e7\u00e3o por produtos falsificados. Usamos canais de log\u00edstica como UPS\/DHL\/FEDEX\/DPD para entregar os produtos a si.<\/p>\n<p>Para encomendas enviadas para Portugal, a chegada demora geralmente 10 dias \u00fateis. O envio para outros pa\u00edses europeus geralmente demora de 12 a 15 dias \u00fateis a chegar. Atualizaremos as informa\u00e7\u00f5es de log\u00edstica para si em tempo real.<\/p>","protected":false},"excerpt":{"rendered":"<p>Vaporizador elegante e compacto Bang 36k Puffs Descart\u00e1vel<\/p>\n<p><img decoding=\"async\" class=\"alignnone wp-image-2151\" src=\"http:\/\/vapebulkp.com\/wp-content\/uploads\/2024\/04\/Mandy-WhatsApp-Randm.jpg\" alt=\"Mandy WhatsApp Randm\" width=\"281\" height=\"299\" srcset=\"https:\/\/vapebulkp.com\/wp-content\/uploads\/2024\/04\/Mandy-WhatsApp-Randm.jpg 916w, https:\/\/vapebulkp.com\/wp-content\/uploads\/2024\/04\/Mandy-WhatsApp-Randm-282x300.jpg 282w, https:\/\/vapebulkp.com\/wp-content\/uploads\/2024\/04\/Mandy-WhatsApp-Randm-768x817.jpg 768w, https:\/\/vapebulkp.com\/wp-content\/uploads\/2024\/04\/Mandy-WhatsApp-Randm-600x638.jpg 600w\" sizes=\"(max-width: 281px) 100vw, 281px\" \/><\/p>\n<p>Por favor, contacte o WhatsApp da Mandy para um pre\u00e7o com desconto<a href=\"https:\/\/wa.me\/8618077105796\">+8618077105796<\/a><\/p>\n<p><span style=\"color: #ff0000\">NOTA: Os pre\u00e7os no nosso site n\u00e3o incluem os custos de envio<\/span><\/p>\n<p>&nbsp;<\/p>","protected":false},"featured_media":2270,"comment_status":"open","ping_status":"closed","template":"","meta":{"_uag_custom_page_level_css":"","_lmt_disableupdate":"no","_lmt_disable":"","site-sidebar-layout":"default","site-content-layout":"content-boxed-container","ast-site-content-layout":"normal-width-container","site-content-style":"boxed","site-sidebar-style":"unboxed","ast-global-header-display":"","ast-banner-title-visibility":"","ast-main-header-display":"","ast-hfb-above-header-display":"","ast-hfb-below-header-display":"","ast-hfb-mobile-header-display":"","site-post-title":"","ast-breadcrumbs-content":"","ast-featured-img":"","footer-sml-layout":"","theme-transparent-header-meta":"default","adv-header-id-meta":"","stick-header-meta":"","header-above-stick-meta":"","header-main-stick-meta":"","header-below-stick-meta":"","astra-migrate-meta-layouts":"set","_joinchat":[]},"product_cat":[159,153,345,155,33,59,100,87,34,158,157,154,152,58,84,156,63,32],"product_tag":[130,93,36,37,40],"class_list":["post-2423","product","type-product","status-publish","has-post-thumbnail","hentry","product_cat-36000-puff-disposable-vape","product_cat-hot-disposable-vapes","product_cat-bang-vapes","product_cat-belgium-hot-disposable-vapes","product_cat-france-vape-hot-sale","product_cat-germany-hot-disposable-vape","product_cat-germany-wholesale-vape-shop","product_cat-minimum-order-quantity-50pcs","product_cat-netherlands-vape-good-sale","product_cat-norway-hot-disposable-vapes","product_cat-poland-hot-disposable-vapes","product_cat-portugal-hot-disposable-vapes","product_cat-spain-hot-disposable-vapes","product_cat-sweden-hot-disposable-vape","product_cat-sweden-wholesale-vape","product_cat-switzerland-hot-disposable-vapes","product_cat-top-sale-disposable-vape","product_cat-vape-hot-sale-this-week","product_tag-36000puffs","product_tag-bang-vape","product_tag-good-vape","product_tag-hot-sale-disposable-vape","product_tag-sweden-hot-vape","pa_brand-bang-king-vape","desktop-align-left","tablet-align-left","mobile-align-left"],"yoast_head":"<!-- This site is optimized with the Yoast SEO plugin v21.1 - https:\/\/yoast.com\/wordpress\/plugins\/seo\/ -->\n<title>Original Vape Big Puffs Bang Vape 36000Puffs - vapebulkp.com<\/title>\n<meta name=\"description\" content=\"Enjoy the convenience of Sleek vape Original Vape Big Puffs Bang Vape 36000Puffs disposable e-cigarettes and quickly satisfy your high-puff needs\" \/>\n<meta name=\"robots\" content=\"index, follow, max-snippet:-1, max-image-preview:large, max-video-preview:-1\" \/>\n<link rel=\"canonical\" href=\"https:\/\/vapebulkp.com\/pt\/product\/original-vape-big-puffs-bang-vape-36000puffs\/\" \/>\n<meta property=\"og:locale\" content=\"pt_PT\" \/>\n<meta property=\"og:type\" content=\"article\" \/>\n<meta property=\"og:title\" content=\"Original Vape Big Puffs Bang Vape 36000Puffs - vapebulkp.com\" \/>\n<meta property=\"og:description\" content=\"Enjoy the convenience of Sleek vape Original Vape Big Puffs Bang Vape 36000Puffs disposable e-cigarettes and quickly satisfy your high-puff needs\" \/>\n<meta property=\"og:url\" content=\"https:\/\/vapebulkp.com\/pt\/product\/original-vape-big-puffs-bang-vape-36000puffs\/\" \/>\n<meta property=\"og:site_name\" content=\"vapebulkp.com\" \/>\n<meta property=\"article:modified_time\" content=\"2025-09-24T03:14:17+00:00\" \/>\n<meta property=\"og:image\" content=\"http:\/\/vapebulkp.com\/wp-content\/uploads\/2024\/04\/Bang-Vape-36000-Puffs-Wholesale-Discount.jpg\" \/>\n\t<meta property=\"og:image:width\" content=\"1080\" \/>\n\t<meta property=\"og:image:height\" content=\"1472\" \/>\n\t<meta property=\"og:image:type\" content=\"image\/jpeg\" \/>\n<meta name=\"twitter:card\" content=\"summary_large_image\" \/>\n<meta name=\"twitter:label1\" content=\"Tempo estimado de leitura\" \/>\n\t<meta name=\"twitter:data1\" content=\"4 minutos\" \/>\n<script type=\"application\/ld+json\" class=\"yoast-schema-graph\">{\"@context\":\"https:\/\/schema.org\",\"@graph\":[{\"@type\":\"WebPage\",\"@id\":\"https:\/\/vapebulkp.com\/product\/original-vape-big-puffs-bang-vape-36000puffs\/\",\"url\":\"https:\/\/vapebulkp.com\/product\/original-vape-big-puffs-bang-vape-36000puffs\/\",\"name\":\"Original Vape Big Puffs Bang Vape 36000Puffs - vapebulkp.com\",\"isPartOf\":{\"@id\":\"https:\/\/vapebulkp.com\/#website\"},\"datePublished\":\"2024-05-09T08:54:09+00:00\",\"dateModified\":\"2025-09-24T03:14:17+00:00\",\"description\":\"Enjoy the convenience of Sleek vape Original Vape Big Puffs Bang Vape 36000Puffs disposable e-cigarettes and quickly satisfy your high-puff needs\",\"breadcrumb\":{\"@id\":\"https:\/\/vapebulkp.com\/product\/original-vape-big-puffs-bang-vape-36000puffs\/#breadcrumb\"},\"inLanguage\":\"pt-PT\",\"potentialAction\":[{\"@type\":\"ReadAction\",\"target\":[\"https:\/\/vapebulkp.com\/product\/original-vape-big-puffs-bang-vape-36000puffs\/\"]}]},{\"@type\":\"BreadcrumbList\",\"@id\":\"https:\/\/vapebulkp.com\/product\/original-vape-big-puffs-bang-vape-36000puffs\/#breadcrumb\",\"itemListElement\":[{\"@type\":\"ListItem\",\"position\":1,\"name\":\"Home\",\"item\":\"https:\/\/vapebulkp.com\/\"},{\"@type\":\"ListItem\",\"position\":2,\"name\":\"Hot Trend Vapes\",\"item\":\"https:\/\/vapebulkp.com\/vape-shop\/\"},{\"@type\":\"ListItem\",\"position\":3,\"name\":\"Original Vape Big Puffs Bang Vape 36000Puffs\"}]},{\"@type\":\"WebSite\",\"@id\":\"https:\/\/vapebulkp.com\/#website\",\"url\":\"https:\/\/vapebulkp.com\/\",\"name\":\"vapebulkp.com\",\"description\":\"Buy Vape In Cheap Bulk Price Near you\",\"publisher\":{\"@id\":\"https:\/\/vapebulkp.com\/#organization\"},\"potentialAction\":[{\"@type\":\"SearchAction\",\"target\":{\"@type\":\"EntryPoint\",\"urlTemplate\":\"https:\/\/vapebulkp.com\/?s={search_term_string}\"},\"query-input\":\"required name=search_term_string\"}],\"inLanguage\":\"pt-PT\"},{\"@type\":\"Organization\",\"@id\":\"https:\/\/vapebulkp.com\/#organization\",\"name\":\"vapebulkp.com\",\"url\":\"https:\/\/vapebulkp.com\/\",\"logo\":{\"@type\":\"ImageObject\",\"inLanguage\":\"pt-PT\",\"@id\":\"https:\/\/vapebulkp.com\/#\/schema\/logo\/image\/\",\"url\":\"https:\/\/vapebulkp.com\/wp-content\/uploads\/2023\/09\/cropped-vapebulkp.png\",\"contentUrl\":\"https:\/\/vapebulkp.com\/wp-content\/uploads\/2023\/09\/cropped-vapebulkp.png\",\"width\":516,\"height\":163,\"caption\":\"vapebulkp.com\"},\"image\":{\"@id\":\"https:\/\/vapebulkp.com\/#\/schema\/logo\/image\/\"}}]}<\/script>\n<!-- \/ Yoast SEO plugin. -->","yoast_head_json":{"title":"Original Vape Big Puffs Bang Vape 36000Puffs - vapebulkp.com","description":"Enjoy the convenience of Sleek vape Original Vape Big Puffs Bang Vape 36000Puffs disposable e-cigarettes and quickly satisfy your high-puff needs","robots":{"index":"index","follow":"follow","max-snippet":"max-snippet:-1","max-image-preview":"max-image-preview:large","max-video-preview":"max-video-preview:-1"},"canonical":"https:\/\/vapebulkp.com\/pt\/product\/original-vape-big-puffs-bang-vape-36000puffs\/","og_locale":"pt_PT","og_type":"article","og_title":"Original Vape Big Puffs Bang Vape 36000Puffs - vapebulkp.com","og_description":"Enjoy the convenience of Sleek vape Original Vape Big Puffs Bang Vape 36000Puffs disposable e-cigarettes and quickly satisfy your high-puff needs","og_url":"https:\/\/vapebulkp.com\/pt\/product\/original-vape-big-puffs-bang-vape-36000puffs\/","og_site_name":"vapebulkp.com","article_modified_time":"2025-09-24T03:14:17+00:00","og_image":[{"width":1080,"height":1472,"url":"http:\/\/vapebulkp.com\/wp-content\/uploads\/2024\/04\/Bang-Vape-36000-Puffs-Wholesale-Discount.jpg","type":"image\/jpeg"}],"twitter_card":"summary_large_image","twitter_misc":{"Tempo estimado de leitura":"4 minutos"},"schema":{"@context":"https:\/\/schema.org","@graph":[{"@type":"WebPage","@id":"https:\/\/vapebulkp.com\/product\/original-vape-big-puffs-bang-vape-36000puffs\/","url":"https:\/\/vapebulkp.com\/product\/original-vape-big-puffs-bang-vape-36000puffs\/","name":"Original Vape Big Puffs Bang Vape 36000Puffs - vapebulkp.com","isPartOf":{"@id":"https:\/\/vapebulkp.com\/#website"},"datePublished":"2024-05-09T08:54:09+00:00","dateModified":"2025-09-24T03:14:17+00:00","description":"Enjoy the convenience of Sleek vape Original Vape Big Puffs Bang Vape 36000Puffs disposable e-cigarettes and quickly satisfy your high-puff needs","breadcrumb":{"@id":"https:\/\/vapebulkp.com\/product\/original-vape-big-puffs-bang-vape-36000puffs\/#breadcrumb"},"inLanguage":"pt-PT","potentialAction":[{"@type":"ReadAction","target":["https:\/\/vapebulkp.com\/product\/original-vape-big-puffs-bang-vape-36000puffs\/"]}]},{"@type":"BreadcrumbList","@id":"https:\/\/vapebulkp.com\/product\/original-vape-big-puffs-bang-vape-36000puffs\/#breadcrumb","itemListElement":[{"@type":"ListItem","position":1,"name":"Home","item":"https:\/\/vapebulkp.com\/"},{"@type":"ListItem","position":2,"name":"Hot Trend Vapes","item":"https:\/\/vapebulkp.com\/vape-shop\/"},{"@type":"ListItem","position":3,"name":"Original Vape Big Puffs Bang Vape 36000Puffs"}]},{"@type":"WebSite","@id":"https:\/\/vapebulkp.com\/#website","url":"https:\/\/vapebulkp.com\/","name":"vapebulkp.com","description":"Buy Vape In Cheap Bulk Price Near you","publisher":{"@id":"https:\/\/vapebulkp.com\/#organization"},"potentialAction":[{"@type":"SearchAction","target":{"@type":"EntryPoint","urlTemplate":"https:\/\/vapebulkp.com\/?s={search_term_string}"},"query-input":"required name=search_term_string"}],"inLanguage":"pt-PT"},{"@type":"Organization","@id":"https:\/\/vapebulkp.com\/#organization","name":"vapebulkp.com","url":"https:\/\/vapebulkp.com\/","logo":{"@type":"ImageObject","inLanguage":"pt-PT","@id":"https:\/\/vapebulkp.com\/#\/schema\/logo\/image\/","url":"https:\/\/vapebulkp.com\/wp-content\/uploads\/2023\/09\/cropped-vapebulkp.png","contentUrl":"https:\/\/vapebulkp.com\/wp-content\/uploads\/2023\/09\/cropped-vapebulkp.png","width":516,"height":163,"caption":"vapebulkp.com"},"image":{"@id":"https:\/\/vapebulkp.com\/#\/schema\/logo\/image\/"}}]}},"uagb_featured_image_src":{"full":["https:\/\/vapebulkp.com\/wp-content\/uploads\/2024\/04\/Bang-Vape-36000-Puffs-Wholesale-Discount.jpg",1080,1472,false],"thumbnail":["https:\/\/vapebulkp.com\/wp-content\/uploads\/2024\/04\/Bang-Vape-36000-Puffs-Wholesale-Discount-150x150.jpg",150,150,true],"medium":["https:\/\/vapebulkp.com\/wp-content\/uploads\/2024\/04\/Bang-Vape-36000-Puffs-Wholesale-Discount-220x300.jpg",220,300,true],"medium_large":["https:\/\/vapebulkp.com\/wp-content\/uploads\/2024\/04\/Bang-Vape-36000-Puffs-Wholesale-Discount-768x1047.jpg",768,1047,true],"large":["https:\/\/vapebulkp.com\/wp-content\/uploads\/2024\/04\/Bang-Vape-36000-Puffs-Wholesale-Discount-751x1024.jpg",751,1024,true],"1536x1536":["https:\/\/vapebulkp.com\/wp-content\/uploads\/2024\/04\/Bang-Vape-36000-Puffs-Wholesale-Discount.jpg",1080,1472,false],"2048x2048":["https:\/\/vapebulkp.com\/wp-content\/uploads\/2024\/04\/Bang-Vape-36000-Puffs-Wholesale-Discount.jpg",1080,1472,false],"trp-custom-language-flag":["https:\/\/vapebulkp.com\/wp-content\/uploads\/2024\/04\/Bang-Vape-36000-Puffs-Wholesale-Discount.jpg",9,12,false],"woocommerce_thumbnail":["https:\/\/vapebulkp.com\/wp-content\/uploads\/2024\/04\/Bang-Vape-36000-Puffs-Wholesale-Discount-300x300.jpg",300,300,true],"woocommerce_single":["https:\/\/vapebulkp.com\/wp-content\/uploads\/2024\/04\/Bang-Vape-36000-Puffs-Wholesale-Discount-600x818.jpg",600,818,true],"woocommerce_gallery_thumbnail":["https:\/\/vapebulkp.com\/wp-content\/uploads\/2024\/04\/Bang-Vape-36000-Puffs-Wholesale-Discount-100x100.jpg",100,100,true],"wcpr-photo-reviews":["https:\/\/vapebulkp.com\/wp-content\/uploads\/2024\/04\/Bang-Vape-36000-Puffs-Wholesale-Discount.jpg",367,500,false]},"uagb_author_info":{"display_name":"Mandy vape bulk price","author_link":"https:\/\/vapebulkp.com\/pt\/author\/"},"uagb_comment_info":1,"uagb_excerpt":"Sleek and compact vape Bang 36k Puffs Disposable Vape Pls Contact Mandy's WhatsApp For Discount Price+8618077105796 NOTE: Prices on our website does not include shipping costs &nbsp;","_links":{"self":[{"href":"https:\/\/vapebulkp.com\/pt\/wp-json\/wp\/v2\/product\/2423","targetHints":{"allow":["GET"]}}],"collection":[{"href":"https:\/\/vapebulkp.com\/pt\/wp-json\/wp\/v2\/product"}],"about":[{"href":"https:\/\/vapebulkp.com\/pt\/wp-json\/wp\/v2\/types\/product"}],"replies":[{"embeddable":true,"href":"https:\/\/vapebulkp.com\/pt\/wp-json\/wp\/v2\/comments?post=2423"}],"wp:featuredmedia":[{"embeddable":true,"href":"https:\/\/vapebulkp.com\/pt\/wp-json\/wp\/v2\/media\/2270"}],"wp:attachment":[{"href":"https:\/\/vapebulkp.com\/pt\/wp-json\/wp\/v2\/media?parent=2423"}],"wp:term":[{"taxonomy":"product_cat","embeddable":true,"href":"https:\/\/vapebulkp.com\/pt\/wp-json\/wp\/v2\/product_cat?post=2423"},{"taxonomy":"product_tag","embeddable":true,"href":"https:\/\/vapebulkp.com\/pt\/wp-json\/wp\/v2\/product_tag?post=2423"}],"curies":[{"name":"wp","href":"https:\/\/api.w.org\/{rel}","templated":true}]}}