{"id":2482,"date":"2024-05-24T10:56:32","date_gmt":"2024-05-24T08:56:32","guid":{"rendered":"https:\/\/vapebulkp.com\/?post_type=product&#038;p=2482"},"modified":"2025-09-16T11:30:41","modified_gmt":"2025-09-16T09:30:41","slug":"uzy-bang-king-12k-disposable-vape-affordable-price","status":"publish","type":"product","link":"https:\/\/vapebulkp.com\/pt\/product\/uzy-bang-king-12k-disposable-vape-affordable-price\/","title":{"rendered":"Vaporizador Descart\u00e1vel UZY Bang King 12k Pre\u00e7o Acess\u00edvel"},"content":{"rendered":"<h2>Vaporizador Descart\u00e1vel UZY Bang King 12k Pre\u00e7o Acess\u00edvel<\/h2>\n<p data-start=\"137\" data-end=\"457\">O UZY Bang King 12k Puffs \u00e9 um vape de alto desempenho <a href=\"https:\/\/vapebulkp.com\/pt\/product-category\/12000-puffs-disposable-vape\/\"><strong data-start=\"185\" data-end=\"216\">Vape Descart\u00e1vel de 12000 Puffs<\/strong> <\/a>projetado para vapers europeus que procuram sabor, fiabilidade e conveni\u00eancia. Equipado com 23ml de e-l\u00edquido de sal de nicotina <strong data-start=\"319\" data-end=\"345\">e-l\u00edquido de sal de nicotina<\/strong> e uma bateria de 650mAh <strong data-start=\"359\" data-end=\"389\">bateria de alta capacidade<\/strong>, proporciona um vapor suave e duradouro em todas as sess\u00f5es.<\/p>\n<p data-start=\"459\" data-end=\"807\">Equipado com tecnologia avan\u00e7ada <strong data-start=\"482\" data-end=\"500\">vaporizador com bobina de malha<\/strong> tecnologia, este dispositivo produz nuvens densas e um sabor rico, tornando-o a melhor escolha para quem gosta de inala\u00e7\u00f5es intensas e satisfat\u00f3rias. O seu design ergon\u00f3mico garante conforto para o uso di\u00e1rio, viagens ou ambientes sociais, enquanto o formato <strong data-start=\"724\" data-end=\"756\">vape descart\u00e1vel de longa dura\u00e7\u00e3o<\/strong> significa que n\u00e3o \u00e9 necess\u00e1rio recarregar ou carregar.<\/p>\n<p data-start=\"809\" data-end=\"1054\">Enviado diretamente dos armaz\u00e9ns da UE, o <strong data-start=\"850\" data-end=\"899\">UZY Bang King 12k Puffs Vape Descart\u00e1vel<\/strong> \u00e9 a solu\u00e7\u00e3o ideal para retalhistas e compradores a granel que procuram um <strong data-start=\"965\" data-end=\"1001\">vape descart\u00e1vel com sabor premium<\/strong> que combina desempenho, conveni\u00eancia e estilo.<\/p>\n<p><img decoding=\"async\" class=\"alignnone size-full wp-image-2481\" src=\"http:\/\/vapebulkp.com\/wp-content\/uploads\/2024\/05\/UZY-Bang-King-12000-Puffs.png\" alt=\"UZY Bang King 12000 Puffs\" width=\"826\" height=\"641\" srcset=\"https:\/\/vapebulkp.com\/wp-content\/uploads\/2024\/05\/UZY-Bang-King-12000-Puffs.png 826w, https:\/\/vapebulkp.com\/wp-content\/uploads\/2024\/05\/UZY-Bang-King-12000-Puffs-300x233.png 300w, https:\/\/vapebulkp.com\/wp-content\/uploads\/2024\/05\/UZY-Bang-King-12000-Puffs-768x596.png 768w, https:\/\/vapebulkp.com\/wp-content\/uploads\/2024\/05\/UZY-Bang-King-12000-Puffs-600x466.png 600w\" sizes=\"(max-width: 826px) 100vw, 826px\" \/><\/p>\n<h6>Por favor, contacte o WhatsApp da Mandy para um pre\u00e7o com desconto<a href=\"https:\/\/wa.me\/8618077105796\">+8618077105796<\/a><\/h6>\n<h3><img decoding=\"async\" class=\"alignnone wp-image-2151\" src=\"http:\/\/vapebulkp.com\/wp-content\/uploads\/2024\/04\/Mandy-WhatsApp-Randm.jpg\" alt=\"Mandy WhatsApp Randm\" width=\"288\" height=\"306\" srcset=\"https:\/\/vapebulkp.com\/wp-content\/uploads\/2024\/04\/Mandy-WhatsApp-Randm.jpg 916w, https:\/\/vapebulkp.com\/wp-content\/uploads\/2024\/04\/Mandy-WhatsApp-Randm-282x300.jpg 282w, https:\/\/vapebulkp.com\/wp-content\/uploads\/2024\/04\/Mandy-WhatsApp-Randm-768x817.jpg 768w, https:\/\/vapebulkp.com\/wp-content\/uploads\/2024\/04\/Mandy-WhatsApp-Randm-600x638.jpg 600w\" sizes=\"(max-width: 288px) 100vw, 288px\" \/><\/h3>\n<h2>Achou que talvez gostasse de saber sobre o Bang Vape UZY Bang King 12000 Puffs:<\/h2>\n<p>&nbsp;<\/p>\n<h4>1. COMO CARREGAR O VAPE DESCART\u00c1VEL UZY BANG King 12k PUFFS?<\/h4>\n<p>N\u00e3o \u00e9 poss\u00edvel utilizar carregadores de carregamento r\u00e1pido. A pot\u00eancia de seguran\u00e7a padr\u00e3o dos cigarros eletr\u00f3nicos descart\u00e1veis \u00e9 de 5V 1A. Cada tempo de carregamento n\u00e3o pode exceder 1 hora, e o tempo de carregamento seguro \u00e9 de meia hora.<\/p>\n<p>Aviso: n\u00e3o recarregue durante toda a noite!<\/p>\n<h4>2. Como usar o vape descart\u00e1vel UZY Bang Vape 12000 Puffs?<\/h4>\n<p>1: Por favor, abra a embalagem antes de usar o 12k Puffs.<br \/>\n2: Depois, coloque o selo na parte inferior do vaporizador<br \/>\n3: Comece a desfrutar<\/p>\n<h3>3. Poder\u00e1 ter mais perguntas a fazer sobre cigarros eletr\u00f3nicos, como se segue:<\/h3>\n<p>&nbsp;<\/p>\n<h6>1. Os cigarros eletr\u00f3nicos s\u00e3o prejudiciais \u00e0 sa\u00fade?<\/h6>\n<p>Embora os cigarros eletr\u00f3nicos possam ser menos prejudiciais do que os cigarros tradicionais, as pesquisas mostram que ainda representam alguns riscos potenciais para a sa\u00fade. Estes riscos focam na depend\u00eancia da nicotina, exposi\u00e7\u00e3o a produtos qu\u00edmicos e efeitos a longo prazo na sa\u00fade.<\/p>\n<h6>2. Os cigarros eletr\u00f3nicos podem ajudar a deixar de fumar?<\/h6>\n<p>Algumas pessoas acreditam que os cigarros eletr\u00f3nicos podem ajudar a deixar de fumar porque fornecem nicotina enquanto simulam a experi\u00eancia de fumar. No entanto, a efic\u00e1cia para deixar de fumar varia de pessoa para pessoa, e o sucesso pode ser afetado por muitos fatores.<\/p>\n<h6>3. Como escolher o teor de nicotina apropriado?<\/h6>\n<p>A escolha do teor de nicotina do l\u00edquido para cigarros eletr\u00f3nicos geralmente depende da quantidade de fumo e do grau de depend\u00eancia da nicotina do indiv\u00edduo. De um modo geral, os fumadores pesados podem escolher um teor mais elevado, enquanto os fumadores leves podem escolher um teor mais baixo, ou escolher l\u00edquidos sem nicotina.<\/p>\n<h6>4. O que s\u00e3o PG e VG?<\/h6>\n<p>PG (propilenoglicol) e VG (glicerina vegetal) s\u00e3o ingredientes base comuns nos l\u00edquidos para cigarros eletr\u00f3nicos. O PG proporciona um impacto mais forte na garganta e entrega de sabor, enquanto o VG proporciona um vapor mais denso. A propor\u00e7\u00e3o de mistura afetar\u00e1 o sabor e o volume de vapor do l\u00edquido.<\/p>\n<h6>5. O que s\u00e3o suc\u00e7\u00e3o oral e suc\u00e7\u00e3o pulmonar?<\/h6>\n<p>A suc\u00e7\u00e3o oral e a suc\u00e7\u00e3o pulmonar s\u00e3o as duas principais formas de fumar. A suc\u00e7\u00e3o boca-pulm\u00e3o (MTL) simula a sensa\u00e7\u00e3o de fumar tradicionalmente, enquanto a suc\u00e7\u00e3o direta-pulm\u00e3o (DL) \u00e9 mais adequada para grandes volumes de vapor e inala\u00e7\u00e3o direta para os pulm\u00f5es.<\/p>\n<h6>6. Qual \u00e9 a vida \u00fatil de um cigarro eletr\u00f3nico?<\/h6>\n<p>A vida \u00fatil de um cigarro eletr\u00f3nico depende da frequ\u00eancia de uso e da marca. De um modo geral, a vida \u00fatil de um cigarro eletr\u00f3nico pode durar de alguns meses a um ano.<\/p>\n<h3><strong style=\"font-size: 1.3em\"><span style=\"vertical-align: inherit\">Especifica\u00e7\u00f5es para UZY Bang King 120<\/span><\/strong><span style=\"font-size: 1.3em;font-weight: bold\">00 Puffs<\/span><strong style=\"font-size: 1.3em\"><span style=\"vertical-align: inherit\">\uff1a<\/span><\/strong><\/h3>\n<blockquote><p>0% 2% 3% 5% Nicotina<br \/>\n\u2611 Puffs: 12000Puffs<br \/>\n\u2611 Capacidade: 23ml<br \/>\n\u2611 20 sabores dispon\u00edveis<br \/>\n\u2611 650mah Recarreg\u00e1vel<br \/>\n\u2611 Bobina de malha 1.0 \u03a9, Porta de entrada: Tipo-C<\/p>\n<p>&nbsp;<\/p><\/blockquote>\n<h3><strong>\u00a0UZY Bang King Vape 12k<\/strong>\u00a0Baforadas <strong>Lista de Sabores:<\/strong><\/h3>\n<p>&nbsp;<\/p>\n<blockquote><p>1.Melancia com morango<br \/>\n2.Mirtilos no gelo<br \/>\n3.P\u00eassego Manga Anan\u00e1s<br \/>\n4.P\u00eassego gelado<br \/>\n5.Melancia gelada<br \/>\n6.Uva gelada<br \/>\n7.Morango kiwi<br \/>\n8. Mirtilo Framboesa<br \/>\n9.Maracuj\u00e1 kiwi<br \/>\n10.Cereja gelada<br \/>\n11. Sr. Blue<br \/>\n12.Gelo de Cola<br \/>\n13.Pega Tripla<br \/>\n14.Gelo de morango<br \/>\n15.Rede de Energia<br \/>\n16.Mistura de Bagas<br \/>\n17.Ma\u00e7\u00e3 dupla<br \/>\n18.Urso de Goma<br \/>\n19.Limonada rosa<br \/>\n20.Bagas de P\u00eassego<\/p><\/blockquote>\n<p>&nbsp;<\/p>\n<p><a href=\"https:\/\/vapebulkp.com\/pt\/product\/popular-randm-tornado-7000puffs-disposable-vape-best-price\/\"><span style=\"vertical-align: inherit\">RandM Tornado 7000 Baforadas <\/span><\/a><\/p>\n<p><span style=\"vertical-align: inherit\">Encontre mais produtos que possa gostar:<\/span><em><a href=\"https:\/\/wa.me\/8618077105796\"><span style=\"vertical-align: inherit\">\u00a0Compre agora<\/span><\/a><\/em><\/p>\n<p><span style=\"vertical-align: inherit\">Outros Puffs Que Poder\u00e1 Gostar:<\/span><a href=\"https:\/\/vapebulkp.com\/sv\/product\/fluumbox-digital-box-15k-puffs-rechargeable-vape-geek-bar\/\"><span style=\"vertical-align: inherit\">Caixa Digital FLUUMBOX 15000Puffs<\/span><\/a><span style=\"vertical-align: inherit\">\u3001<\/span><a href=\"https:\/\/vapebulkp.com\/pt\/product\/good-vape-waspe-digital-box-12000-puffs-fumot-box-12k-puffs-wholeslae-price\/\"><span style=\"vertical-align: inherit\">Caixa Digital WASPE 12000 Puffs<\/span><\/a><span style=\"vertical-align: inherit\">\/ <\/span><a href=\"https:\/\/vapebulkp.com\/pt\/product\/wholesale-randm-tornado-9000-puffs-germany\/\"><span style=\"vertical-align: inherit\">RandM Tornado 9000 Inala\u00e7\u00f5es<\/span><\/a><span style=\"vertical-align: inherit\">\/ <\/span><a href=\"https:\/\/vapebulkp.com\/pt\/product\/discount-price-bang-shisha-15k-puffs-jnr-shisha-disposable-vape\/\"><span style=\"vertical-align: inherit\">Shisha Bang JNR SHISHA 15000 puffs <\/span><\/a><\/p>\n<p><span style=\"vertical-align: inherit\">Garrafa de cigarro eletr\u00f3nico com formato especial:<\/span><a href=\"https:\/\/vapebulkp.com\/pt\/product\/good-sale-randm-tornado-10000-puffs-plus\/\"><span style=\"vertical-align: inherit\">RandM Tornado 10000 Baforadas Plus <\/span><\/a><span style=\"vertical-align: inherit\">\/<a href=\"https:\/\/vapebulkp.com\/sv\/product\/wholesale-price-randm-15k-waspe-15000-puffs-best-vape\/\"> Randm Tornado 15000 Puffs<\/a><\/span><\/p>\n<h4>Qualifica\u00e7\u00e3o da Produ\u00e7\u00e3o:<\/h4>\n<p><img decoding=\"async\" class=\"alignnone wp-image-1842\" src=\"http:\/\/vapebulkp.com\/wp-content\/uploads\/2023\/11\/Vape-production-process-2.jpg\" alt=\"Processo de produ\u00e7\u00e3o de vape\" width=\"671\" height=\"301\" srcset=\"https:\/\/vapebulkp.com\/wp-content\/uploads\/2023\/11\/Vape-production-process-2.jpg 800w, https:\/\/vapebulkp.com\/wp-content\/uploads\/2023\/11\/Vape-production-process-2-300x135.jpg 300w, https:\/\/vapebulkp.com\/wp-content\/uploads\/2023\/11\/Vape-production-process-2-768x345.jpg 768w, https:\/\/vapebulkp.com\/wp-content\/uploads\/2023\/11\/Vape-production-process-2-600x269.jpg 600w\" sizes=\"(max-width: 671px) 100vw, 671px\" \/><\/p>\n<p><img decoding=\"async\" class=\"alignnone wp-image-1843\" src=\"http:\/\/vapebulkp.com\/wp-content\/uploads\/2023\/11\/Vape-production-process.jpeg\" alt=\"Processo de produ\u00e7\u00e3o de vape\" width=\"671\" height=\"1074\" srcset=\"https:\/\/vapebulkp.com\/wp-content\/uploads\/2023\/11\/Vape-production-process.jpeg 641w, https:\/\/vapebulkp.com\/wp-content\/uploads\/2023\/11\/Vape-production-process-187x300.jpeg 187w, https:\/\/vapebulkp.com\/wp-content\/uploads\/2023\/11\/Vape-production-process-640x1024.jpeg 640w, https:\/\/vapebulkp.com\/wp-content\/uploads\/2023\/11\/Vape-production-process-600x960.jpeg 600w\" sizes=\"(max-width: 671px) 100vw, 671px\" \/><\/p>\n<h5>Perguntas Frequentes:<\/h5>\n<p>P: Qual \u00e9 o MOQ do UZY Bang King 12000 Puffs?<br \/>\nR: A encomenda m\u00ednima \u00e9 de 100 unidades.<br \/>\nP: Qual \u00e9 o tempo de entrega para o vaporizador encomendado?<br \/>\nR: Geralmente s\u00e3o 10-15 dias ap\u00f3s o envio<br \/>\nP: Quanto custa o envio? R: O custo de envio depende do peso. Quantidades diferentes t\u00eam custos de envio diferentes, por favor contacte-nos para confirmar o custo de envio.<\/p>\n<p>&nbsp;<\/p>\n<h4>Detalhes de envio:<\/h4>\n<p><span style=\"color: #ff6600\">Tempo de produ\u00e7\u00e3o: 5-10 dias \u00fateis<\/span><br \/>\n<span style=\"color: #ff6600\">Tempo de envio: 8-14 dias \u00fateis<\/span><\/p>\n<p>Todos os produtos na nossa loja s\u00e3o 100% originais e aut\u00eanticos, por isso a nossa pol\u00edtica \u00e9 dez vezes a compensa\u00e7\u00e3o por produtos falsificados. Usamos canais de log\u00edstica como UPS\/DHL\/FEDEX\/DPD para entregar os produtos a si.<\/p>\n<p>Para encomendas enviadas para Portugal, a chegada demora geralmente 10 dias \u00fateis. O envio para outros pa\u00edses europeus geralmente demora de 12 a 15 dias \u00fateis a chegar. Atualizaremos as informa\u00e7\u00f5es de log\u00edstica para si em tempo real.<\/p>","protected":false},"excerpt":{"rendered":"<p>UZY Bang King 12000 Puffs Pre\u00e7o de Atacado<\/p>\n<p><img decoding=\"async\" class=\"alignnone wp-image-2151\" src=\"http:\/\/vapebulkp.com\/wp-content\/uploads\/2024\/04\/Mandy-WhatsApp-Randm.jpg\" alt=\"Mandy WhatsApp Randm\" width=\"232\" height=\"247\" srcset=\"https:\/\/vapebulkp.com\/wp-content\/uploads\/2024\/04\/Mandy-WhatsApp-Randm.jpg 916w, https:\/\/vapebulkp.com\/wp-content\/uploads\/2024\/04\/Mandy-WhatsApp-Randm-282x300.jpg 282w, https:\/\/vapebulkp.com\/wp-content\/uploads\/2024\/04\/Mandy-WhatsApp-Randm-768x817.jpg 768w, https:\/\/vapebulkp.com\/wp-content\/uploads\/2024\/04\/Mandy-WhatsApp-Randm-600x638.jpg 600w\" sizes=\"(max-width: 232px) 100vw, 232px\" \/><\/p>\n<p>Por favor, contacte o WhatsApp da Mandy para um pre\u00e7o com desconto<a href=\"https:\/\/wa.me\/8618077105796\">+8618077105796<\/a><\/p>\n<p><span style=\"color: #ff0000\">NOTA: Os pre\u00e7os no nosso site n\u00e3o incluem os custos de envio<\/span><\/p>","protected":false},"featured_media":2481,"comment_status":"open","ping_status":"closed","template":"","meta":{"_uag_custom_page_level_css":"","_lmt_disableupdate":"no","_lmt_disable":"","site-sidebar-layout":"default","site-content-layout":"content-boxed-container","ast-site-content-layout":"normal-width-container","site-content-style":"boxed","site-sidebar-style":"unboxed","ast-global-header-display":"","ast-banner-title-visibility":"","ast-main-header-display":"","ast-hfb-above-header-display":"","ast-hfb-below-header-display":"","ast-hfb-mobile-header-display":"","site-post-title":"","ast-breadcrumbs-content":"","ast-featured-img":"","footer-sml-layout":"","theme-transparent-header-meta":"default","adv-header-id-meta":"","stick-header-meta":"","header-above-stick-meta":"","header-main-stick-meta":"","header-below-stick-meta":"","astra-migrate-meta-layouts":"set","_joinchat":[]},"product_cat":[166,153,344,155,33,59,100,34,158,157,154,152,58,84,156,63,32],"product_tag":[135,36,37,41,73,40],"class_list":["post-2482","product","type-product","status-publish","has-post-thumbnail","hentry","product_cat-12000-puffs-disposable-vape","product_cat-hot-disposable-vapes","product_cat-bang-king-vape","product_cat-belgium-hot-disposable-vapes","product_cat-france-vape-hot-sale","product_cat-germany-hot-disposable-vape","product_cat-germany-wholesale-vape-shop","product_cat-netherlands-vape-good-sale","product_cat-norway-hot-disposable-vapes","product_cat-poland-hot-disposable-vapes","product_cat-portugal-hot-disposable-vapes","product_cat-spain-hot-disposable-vapes","product_cat-sweden-hot-disposable-vape","product_cat-sweden-wholesale-vape","product_cat-switzerland-hot-disposable-vapes","product_cat-top-sale-disposable-vape","product_cat-vape-hot-sale-this-week","product_tag-12000puffs","product_tag-good-vape","product_tag-hot-sale-disposable-vape","product_tag-poland-hot-vape","product_tag-randm-10000puffs-vape","product_tag-sweden-hot-vape","pa_brand-uzy-vape","desktop-align-left","tablet-align-left","mobile-align-left"],"yoast_head":"<!-- This site is optimized with the Yoast SEO plugin v21.1 - https:\/\/yoast.com\/wordpress\/plugins\/seo\/ -->\n<title>UZY Bang King 12k Disposable Vape Affordable Price - vapebulkp.com<\/title>\n<meta name=\"description\" content=\"UZY Bang King 12k Disposable Vape Affordable Price, a high-capacity disposable vape delivering up to 12,000 puffs of delicious vapor. Featuring a 650mAh battery and a large 23ml pre-filled e-liquid tank, it promises a lasting and enjoyable vaping journey.\" \/>\n<meta name=\"robots\" content=\"index, follow, max-snippet:-1, max-image-preview:large, max-video-preview:-1\" \/>\n<link rel=\"canonical\" href=\"https:\/\/vapebulkp.com\/pt\/product\/uzy-bang-king-12k-disposable-vape-affordable-price\/\" \/>\n<meta property=\"og:locale\" content=\"pt_PT\" \/>\n<meta property=\"og:type\" content=\"article\" \/>\n<meta property=\"og:title\" content=\"UZY Bang King 12k Disposable Vape Affordable Price - vapebulkp.com\" \/>\n<meta property=\"og:description\" content=\"UZY Bang King 12k Disposable Vape Affordable Price, a high-capacity disposable vape delivering up to 12,000 puffs of delicious vapor. Featuring a 650mAh battery and a large 23ml pre-filled e-liquid tank, it promises a lasting and enjoyable vaping journey.\" \/>\n<meta property=\"og:url\" content=\"https:\/\/vapebulkp.com\/pt\/product\/uzy-bang-king-12k-disposable-vape-affordable-price\/\" \/>\n<meta property=\"og:site_name\" content=\"vapebulkp.com\" \/>\n<meta property=\"article:modified_time\" content=\"2025-09-16T09:30:41+00:00\" \/>\n<meta property=\"og:image\" content=\"http:\/\/vapebulkp.com\/wp-content\/uploads\/2024\/05\/UZY-Bang-King-12000-Puffs.png\" \/>\n\t<meta property=\"og:image:width\" content=\"826\" \/>\n\t<meta property=\"og:image:height\" content=\"641\" \/>\n\t<meta property=\"og:image:type\" content=\"image\/png\" \/>\n<meta name=\"twitter:card\" content=\"summary_large_image\" \/>\n<meta name=\"twitter:label1\" content=\"Tempo estimado de leitura\" \/>\n\t<meta name=\"twitter:data1\" content=\"4 minutos\" \/>\n<script type=\"application\/ld+json\" class=\"yoast-schema-graph\">{\"@context\":\"https:\/\/schema.org\",\"@graph\":[{\"@type\":\"WebPage\",\"@id\":\"https:\/\/vapebulkp.com\/product\/uzy-bang-king-12k-disposable-vape-affordable-price\/\",\"url\":\"https:\/\/vapebulkp.com\/product\/uzy-bang-king-12k-disposable-vape-affordable-price\/\",\"name\":\"UZY Bang King 12k Disposable Vape Affordable Price - vapebulkp.com\",\"isPartOf\":{\"@id\":\"https:\/\/vapebulkp.com\/#website\"},\"datePublished\":\"2024-05-24T08:56:32+00:00\",\"dateModified\":\"2025-09-16T09:30:41+00:00\",\"description\":\"UZY Bang King 12k Disposable Vape Affordable Price, a high-capacity disposable vape delivering up to 12,000 puffs of delicious vapor. Featuring a 650mAh battery and a large 23ml pre-filled e-liquid tank, it promises a lasting and enjoyable vaping journey.\",\"breadcrumb\":{\"@id\":\"https:\/\/vapebulkp.com\/product\/uzy-bang-king-12k-disposable-vape-affordable-price\/#breadcrumb\"},\"inLanguage\":\"pt-PT\",\"potentialAction\":[{\"@type\":\"ReadAction\",\"target\":[\"https:\/\/vapebulkp.com\/product\/uzy-bang-king-12k-disposable-vape-affordable-price\/\"]}]},{\"@type\":\"BreadcrumbList\",\"@id\":\"https:\/\/vapebulkp.com\/product\/uzy-bang-king-12k-disposable-vape-affordable-price\/#breadcrumb\",\"itemListElement\":[{\"@type\":\"ListItem\",\"position\":1,\"name\":\"Home\",\"item\":\"https:\/\/vapebulkp.com\/\"},{\"@type\":\"ListItem\",\"position\":2,\"name\":\"Hot Trend Vapes\",\"item\":\"https:\/\/vapebulkp.com\/vape-shop\/\"},{\"@type\":\"ListItem\",\"position\":3,\"name\":\"UZY Bang King 12k Disposable Vape Affordable Price\"}]},{\"@type\":\"WebSite\",\"@id\":\"https:\/\/vapebulkp.com\/#website\",\"url\":\"https:\/\/vapebulkp.com\/\",\"name\":\"vapebulkp.com\",\"description\":\"Buy Vape In Cheap Bulk Price Near you\",\"publisher\":{\"@id\":\"https:\/\/vapebulkp.com\/#organization\"},\"potentialAction\":[{\"@type\":\"SearchAction\",\"target\":{\"@type\":\"EntryPoint\",\"urlTemplate\":\"https:\/\/vapebulkp.com\/?s={search_term_string}\"},\"query-input\":\"required name=search_term_string\"}],\"inLanguage\":\"pt-PT\"},{\"@type\":\"Organization\",\"@id\":\"https:\/\/vapebulkp.com\/#organization\",\"name\":\"vapebulkp.com\",\"url\":\"https:\/\/vapebulkp.com\/\",\"logo\":{\"@type\":\"ImageObject\",\"inLanguage\":\"pt-PT\",\"@id\":\"https:\/\/vapebulkp.com\/#\/schema\/logo\/image\/\",\"url\":\"https:\/\/vapebulkp.com\/wp-content\/uploads\/2023\/09\/cropped-vapebulkp.png\",\"contentUrl\":\"https:\/\/vapebulkp.com\/wp-content\/uploads\/2023\/09\/cropped-vapebulkp.png\",\"width\":516,\"height\":163,\"caption\":\"vapebulkp.com\"},\"image\":{\"@id\":\"https:\/\/vapebulkp.com\/#\/schema\/logo\/image\/\"}}]}<\/script>\n<!-- \/ Yoast SEO plugin. -->","yoast_head_json":{"title":"UZY Bang King 12k Disposable Vape Affordable Price - vapebulkp.com","description":"UZY Bang King 12k Disposable Vape Affordable Price, a high-capacity disposable vape delivering up to 12,000 puffs of delicious vapor. Featuring a 650mAh battery and a large 23ml pre-filled e-liquid tank, it promises a lasting and enjoyable vaping journey.","robots":{"index":"index","follow":"follow","max-snippet":"max-snippet:-1","max-image-preview":"max-image-preview:large","max-video-preview":"max-video-preview:-1"},"canonical":"https:\/\/vapebulkp.com\/pt\/product\/uzy-bang-king-12k-disposable-vape-affordable-price\/","og_locale":"pt_PT","og_type":"article","og_title":"UZY Bang King 12k Disposable Vape Affordable Price - vapebulkp.com","og_description":"UZY Bang King 12k Disposable Vape Affordable Price, a high-capacity disposable vape delivering up to 12,000 puffs of delicious vapor. Featuring a 650mAh battery and a large 23ml pre-filled e-liquid tank, it promises a lasting and enjoyable vaping journey.","og_url":"https:\/\/vapebulkp.com\/pt\/product\/uzy-bang-king-12k-disposable-vape-affordable-price\/","og_site_name":"vapebulkp.com","article_modified_time":"2025-09-16T09:30:41+00:00","og_image":[{"width":826,"height":641,"url":"http:\/\/vapebulkp.com\/wp-content\/uploads\/2024\/05\/UZY-Bang-King-12000-Puffs.png","type":"image\/png"}],"twitter_card":"summary_large_image","twitter_misc":{"Tempo estimado de leitura":"4 minutos"},"schema":{"@context":"https:\/\/schema.org","@graph":[{"@type":"WebPage","@id":"https:\/\/vapebulkp.com\/product\/uzy-bang-king-12k-disposable-vape-affordable-price\/","url":"https:\/\/vapebulkp.com\/product\/uzy-bang-king-12k-disposable-vape-affordable-price\/","name":"UZY Bang King 12k Disposable Vape Affordable Price - vapebulkp.com","isPartOf":{"@id":"https:\/\/vapebulkp.com\/#website"},"datePublished":"2024-05-24T08:56:32+00:00","dateModified":"2025-09-16T09:30:41+00:00","description":"UZY Bang King 12k Disposable Vape Affordable Price, a high-capacity disposable vape delivering up to 12,000 puffs of delicious vapor. Featuring a 650mAh battery and a large 23ml pre-filled e-liquid tank, it promises a lasting and enjoyable vaping journey.","breadcrumb":{"@id":"https:\/\/vapebulkp.com\/product\/uzy-bang-king-12k-disposable-vape-affordable-price\/#breadcrumb"},"inLanguage":"pt-PT","potentialAction":[{"@type":"ReadAction","target":["https:\/\/vapebulkp.com\/product\/uzy-bang-king-12k-disposable-vape-affordable-price\/"]}]},{"@type":"BreadcrumbList","@id":"https:\/\/vapebulkp.com\/product\/uzy-bang-king-12k-disposable-vape-affordable-price\/#breadcrumb","itemListElement":[{"@type":"ListItem","position":1,"name":"Home","item":"https:\/\/vapebulkp.com\/"},{"@type":"ListItem","position":2,"name":"Hot Trend Vapes","item":"https:\/\/vapebulkp.com\/vape-shop\/"},{"@type":"ListItem","position":3,"name":"UZY Bang King 12k Disposable Vape Affordable Price"}]},{"@type":"WebSite","@id":"https:\/\/vapebulkp.com\/#website","url":"https:\/\/vapebulkp.com\/","name":"vapebulkp.com","description":"Buy Vape In Cheap Bulk Price Near you","publisher":{"@id":"https:\/\/vapebulkp.com\/#organization"},"potentialAction":[{"@type":"SearchAction","target":{"@type":"EntryPoint","urlTemplate":"https:\/\/vapebulkp.com\/?s={search_term_string}"},"query-input":"required name=search_term_string"}],"inLanguage":"pt-PT"},{"@type":"Organization","@id":"https:\/\/vapebulkp.com\/#organization","name":"vapebulkp.com","url":"https:\/\/vapebulkp.com\/","logo":{"@type":"ImageObject","inLanguage":"pt-PT","@id":"https:\/\/vapebulkp.com\/#\/schema\/logo\/image\/","url":"https:\/\/vapebulkp.com\/wp-content\/uploads\/2023\/09\/cropped-vapebulkp.png","contentUrl":"https:\/\/vapebulkp.com\/wp-content\/uploads\/2023\/09\/cropped-vapebulkp.png","width":516,"height":163,"caption":"vapebulkp.com"},"image":{"@id":"https:\/\/vapebulkp.com\/#\/schema\/logo\/image\/"}}]}},"uagb_featured_image_src":{"full":["https:\/\/vapebulkp.com\/wp-content\/uploads\/2024\/05\/UZY-Bang-King-12000-Puffs.png",826,641,false],"thumbnail":["https:\/\/vapebulkp.com\/wp-content\/uploads\/2024\/05\/UZY-Bang-King-12000-Puffs-150x150.png",150,150,true],"medium":["https:\/\/vapebulkp.com\/wp-content\/uploads\/2024\/05\/UZY-Bang-King-12000-Puffs-300x233.png",300,233,true],"medium_large":["https:\/\/vapebulkp.com\/wp-content\/uploads\/2024\/05\/UZY-Bang-King-12000-Puffs-768x596.png",768,596,true],"large":["https:\/\/vapebulkp.com\/wp-content\/uploads\/2024\/05\/UZY-Bang-King-12000-Puffs.png",826,641,false],"1536x1536":["https:\/\/vapebulkp.com\/wp-content\/uploads\/2024\/05\/UZY-Bang-King-12000-Puffs.png",826,641,false],"2048x2048":["https:\/\/vapebulkp.com\/wp-content\/uploads\/2024\/05\/UZY-Bang-King-12000-Puffs.png",826,641,false],"trp-custom-language-flag":["https:\/\/vapebulkp.com\/wp-content\/uploads\/2024\/05\/UZY-Bang-King-12000-Puffs.png",15,12,false],"woocommerce_thumbnail":["https:\/\/vapebulkp.com\/wp-content\/uploads\/2024\/05\/UZY-Bang-King-12000-Puffs-300x300.png",300,300,true],"woocommerce_single":["https:\/\/vapebulkp.com\/wp-content\/uploads\/2024\/05\/UZY-Bang-King-12000-Puffs-600x466.png",600,466,true],"woocommerce_gallery_thumbnail":["https:\/\/vapebulkp.com\/wp-content\/uploads\/2024\/05\/UZY-Bang-King-12000-Puffs-100x100.png",100,100,true],"wcpr-photo-reviews":["https:\/\/vapebulkp.com\/wp-content\/uploads\/2024\/05\/UZY-Bang-King-12000-Puffs.png",500,388,false]},"uagb_author_info":{"display_name":"Mandy vape bulk price","author_link":"https:\/\/vapebulkp.com\/pt\/author\/"},"uagb_comment_info":1,"uagb_excerpt":"UZY Bang King 12000 Puffs Wholesale Price Pls Contact Mandy's WhatsApp For Discount Price+8618077105796 NOTE: Prices on our website does not include shipping costs","_links":{"self":[{"href":"https:\/\/vapebulkp.com\/pt\/wp-json\/wp\/v2\/product\/2482","targetHints":{"allow":["GET"]}}],"collection":[{"href":"https:\/\/vapebulkp.com\/pt\/wp-json\/wp\/v2\/product"}],"about":[{"href":"https:\/\/vapebulkp.com\/pt\/wp-json\/wp\/v2\/types\/product"}],"replies":[{"embeddable":true,"href":"https:\/\/vapebulkp.com\/pt\/wp-json\/wp\/v2\/comments?post=2482"}],"wp:featuredmedia":[{"embeddable":true,"href":"https:\/\/vapebulkp.com\/pt\/wp-json\/wp\/v2\/media\/2481"}],"wp:attachment":[{"href":"https:\/\/vapebulkp.com\/pt\/wp-json\/wp\/v2\/media?parent=2482"}],"wp:term":[{"taxonomy":"product_cat","embeddable":true,"href":"https:\/\/vapebulkp.com\/pt\/wp-json\/wp\/v2\/product_cat?post=2482"},{"taxonomy":"product_tag","embeddable":true,"href":"https:\/\/vapebulkp.com\/pt\/wp-json\/wp\/v2\/product_tag?post=2482"}],"curies":[{"name":"wp","href":"https:\/\/api.w.org\/{rel}","templated":true}]}}