{"id":2571,"date":"2024-06-27T05:53:29","date_gmt":"2024-06-27T03:53:29","guid":{"rendered":"https:\/\/vapebulkp.com\/?post_type=product&#038;p=2571"},"modified":"2025-09-24T05:21:46","modified_gmt":"2025-09-24T03:21:46","slug":"bang-beach-20k-puffs-led-display-vape-discount-price","status":"publish","type":"product","link":"https:\/\/vapebulkp.com\/pt\/product\/bang-beach-20k-puffs-led-display-vape-discount-price\/","title":{"rendered":"Bang Beach 20k Puffs Display LED Pre\u00e7o de Desconto Vape"},"content":{"rendered":"<h2 style=\"text-align: left\">Bang Beach 20k Puffs Display LED Pre\u00e7o de Desconto Vape<\/h2>\n<p data-start=\"206\" data-end=\"575\">O <strong data-start=\"210\" data-end=\"252\">Praia Bang <a href=\"https:\/\/vapebulkp.com\/pt\/product-category\/20000-puffs-disposable-vape\/\">Vape Descart\u00e1vel de 20000 Puffs<\/a><\/strong> foi projetado para vapers em Portugal que desejam o m\u00e1ximo desempenho de um dispositivo compacto. Com uma enorme <strong data-start=\"353\" data-end=\"379\">capacidade de 35ml de l\u00edquido<\/strong> e um sistema de bobina avan\u00e7ado, este <strong data-start=\"411\" data-end=\"433\">cigarro eletr\u00f3nico de alta capacidade<\/strong> fornece at\u00e9 20.000 puffs suaves, tornando-o uma das escolhas mais fi\u00e1veis tanto para uso pessoal como para <strong data-start=\"539\" data-end=\"564\">venda por grosso de vape Portugal<\/strong> mercados.<\/p>\n<p data-start=\"577\" data-end=\"870\">Uma bateria embutida <strong data-start=\"588\" data-end=\"619\">bateria recarreg\u00e1vel de 650mAh<\/strong> garante energia de longa dura\u00e7\u00e3o, enquanto o <strong data-start=\"654\" data-end=\"673\">carregamento Tipo-C<\/strong> carregamento r\u00e1pido reduz o tempo de inatividade e mant\u00e9m o dispositivo pronto em todos os momentos. A fun\u00e7\u00e3o integrada de <strong data-start=\"747\" data-end=\"767\">display LED<\/strong> mostra tanto o estado da bateria quanto os n\u00edveis de l\u00edquido, proporcionando conveni\u00eancia e controlo em tempo real.<\/p>\n<p data-start=\"872\" data-end=\"1149\">Utilizando <strong data-start=\"878\" data-end=\"896\">vaporizador com bobina de malha<\/strong> tecnologia de n\u00facleo de malha, o Bang Beach cria um sabor rico e nuvens densas a cada trago. O fluxo de ar ajust\u00e1vel permite que os utilizadores ajustem a sa\u00edda de vapor, enquanto as <strong data-start=\"1043\" data-end=\"1065\">vape de sal de nicotina<\/strong> op\u00e7\u00f5es de nicotina de 0%, 2%, 3% e 5% d\u00e3o flexibilidade tanto para fumadores leves quanto pesados.<\/p>\n<p data-start=\"1151\" data-end=\"1519\">Dispon\u00edvel em 12 sabores premium, o Bang Beach 20k Puffs <strong data-start=\"1189\" data-end=\"1221\">vaporizador descart\u00e1vel recarreg\u00e1vel<\/strong> combina desempenho com portabilidade. O seu design elegante e ergon\u00f3mico facilita o transporte, oferecendo aos vapers portugueses um dispositivo elegante e fi\u00e1vel. Para retalhistas, o Bang Beach <strong>Dispositivo Vaporizador 20000 Puffs<\/strong> destaca-se como uma adi\u00e7\u00e3o lucrativa a qualquer invent\u00e1rio de <strong>20000 baforadas e vapes de alta capacidade<\/strong>.<\/p>\n<p><img decoding=\"async\" class=\"alignnone wp-image-2545\" src=\"http:\/\/vapebulkp.com\/wp-content\/uploads\/2024\/06\/Bang-Beach-20k-Puffs-Bang-Vape-Disposable-Vape.png\" alt=\"Bang Beach 20k Puffs Bang Vape Descart\u00e1vel Vape\" width=\"638\" height=\"425\" srcset=\"https:\/\/vapebulkp.com\/wp-content\/uploads\/2024\/06\/Bang-Beach-20k-Puffs-Bang-Vape-Disposable-Vape.png 3000w, https:\/\/vapebulkp.com\/wp-content\/uploads\/2024\/06\/Bang-Beach-20k-Puffs-Bang-Vape-Disposable-Vape-300x200.png 300w, https:\/\/vapebulkp.com\/wp-content\/uploads\/2024\/06\/Bang-Beach-20k-Puffs-Bang-Vape-Disposable-Vape-1024x683.png 1024w, https:\/\/vapebulkp.com\/wp-content\/uploads\/2024\/06\/Bang-Beach-20k-Puffs-Bang-Vape-Disposable-Vape-768x512.png 768w, https:\/\/vapebulkp.com\/wp-content\/uploads\/2024\/06\/Bang-Beach-20k-Puffs-Bang-Vape-Disposable-Vape-1536x1024.png 1536w, https:\/\/vapebulkp.com\/wp-content\/uploads\/2024\/06\/Bang-Beach-20k-Puffs-Bang-Vape-Disposable-Vape-2048x1365.png 2048w, https:\/\/vapebulkp.com\/wp-content\/uploads\/2024\/06\/Bang-Beach-20k-Puffs-Bang-Vape-Disposable-Vape-600x400.png 600w\" sizes=\"(max-width: 638px) 100vw, 638px\" \/><\/p>\n<h6>Por favor, contacte o WhatsApp da Mandy para um pre\u00e7o com desconto<a href=\"https:\/\/wa.me\/8618077105796\">+8618077105796<\/a><\/h6>\n<p><img decoding=\"async\" class=\"alignnone wp-image-2151\" src=\"http:\/\/vapebulkp.com\/wp-content\/uploads\/2024\/04\/Mandy-WhatsApp-Randm.jpg\" alt=\"Mandy WhatsApp Randm\" width=\"324\" height=\"330\" \/><\/p>\n<h2>Pensamos que gostaria de saber sobre o Vape Bang Beach 20000 Puffs Compra a Granel:<\/h2>\n<h5>1.Como usar a Caneta Vape Bang Beach 20k Puffs?<\/h5>\n<p>Passo 1. Antes de usar o 20k puffs, desconecte o tubo de pl\u00e1stico.<\/p>\n<p>Passo 2. Espere cerca de 3 minutos para que o l\u00edquido entre na bobina interna.<\/p>\n<p>Passo 3. Desfrute<\/p>\n<h5>2.Como carregar o vape descart\u00e1vel Bang King Vape 20k Puffs?<\/h5>\n<p>N\u00e3o \u00e9 poss\u00edvel usar carregadores de carregamento r\u00e1pido, e a pot\u00eancia segura padr\u00e3o dos cigarros eletr\u00f3nicos descart\u00e1veis \u00e9 de 5V 1A.<\/p>\n<p>Cada tempo de carregamento n\u00e3o pode exceder 1 hora, e o tempo de carregamento seguro \u00e9 de meia hora.<\/p>\n<p><span style=\"color: #ff6600\">Aviso: n\u00e3o recarregue durante toda a noite!<\/span><\/p>\n<h5>3.Qual \u00e9 a capacidade de e-l\u00edquido do Bang Beach 20000 Puffs Mais Vendido Bang Vape?<\/h5>\n<p>\u2014\u201435ml<\/p>\n<h5>4.Quantas baforadas posso dar neste Bang Beach 20k Puffs?<\/h5>\n<p>\u2014\u201320000Baforadas<\/p>\n<h3>Vape Pod Descart\u00e1vel Bang Beach 20k Puffs Caracter\u00edsticas:<\/h3>\n<p>&nbsp;<\/p>\n<ul>\n<li>\u00a0L\u00edquido: Cartucho de e-l\u00edquido pr\u00e9-cheio de 35 ml<\/li>\n<li>Nicotina: 2\/5% de Sal de Nicotina<\/li>\n<li>\u00a0Tipos: Vape Descart\u00e1vel LCD<\/li>\n<li>\u00a0Bateria de 650mAh<\/li>\n<li>\u00a0Resist\u00eancia de Malha de 1.0<\/li>\n<li>\u00a0Ecr\u00e3 de exibi\u00e7\u00e3o inteligente Tipo-c, Bobina de malha dupla, Controlo do fluxo de ar<\/li>\n<li>\u00a012 Sabores Dispon\u00edveis<\/li>\n<\/ul>\n<h3><\/h3>\n<h3><strong>Melhores Sabores do Vape Pod Bang Vape Beach 20000 Puffs:<\/strong><\/h3>\n<p>1) Gelo de frutos silvestres triplos<br \/>\n2) Limonada rosa<br \/>\n3) Mirtilo e framboesa<br \/>\n4) Frutos silvestres mistos<br \/>\n5) Morango e melancia<br \/>\n6) Gelo de morango<br \/>\n7) Gelo de uva<br \/>\n8) P\u00eassego e manga<br \/>\n9) Gelo de framboesa azul<br \/>\n10) Ma\u00e7\u00e3 azeda<br \/>\n11) Gelo de melancia<br \/>\n12) Gelo de p\u00eassego<\/p>\n<p><a href=\"https:\/\/vapebulkp.com\/pt\/product\/popular-randm-tornado-7000puffs-disposable-vape-best-price\/\"><span style=\"vertical-align: inherit\">RandM Tornado 7000 Baforadas <\/span><\/a><\/p>\n<p><span style=\"vertical-align: inherit\">Encontre mais produtos que possa gostar:<\/span><em><a href=\"https:\/\/wa.me\/8618077105796\"><span style=\"vertical-align: inherit\">\u00a0Compre agora<\/span><\/a><\/em><\/p>\n<p><span style=\"vertical-align: inherit\">Outros Puffs Que Poder\u00e1 Gostar:<\/span><a href=\"https:\/\/vapebulkp.com\/pt\/product\/bang-with-a-vape-gear-20000-puffs-discount-price\/\"><span style=\"vertical-align: inherit\">Bang Gear Vape 20000 Puffs<\/span><\/a><span style=\"vertical-align: inherit\">\u3001<\/span><a href=\"https:\/\/vapebulkp.com\/pt\/product\/wholesale-randm-tornado-9000-puffs-germany\/\"><span style=\"vertical-align: inherit\">RandM 9000 Vapores<\/span><\/a><span style=\"vertical-align: inherit\">\/ <\/span><a href=\"https:\/\/vapebulkp.com\/pt\/product\/bang-king-12000puffs\/\"><span style=\"vertical-align: inherit\">Bang King 12000 Inala\u00e7\u00f5es<\/span><\/a><span style=\"vertical-align: inherit\">\/ <\/span><a href=\"https:\/\/vapebulkp.com\/pt\/fi\/product\/uzy-bang-digital-12000puffs-led-display-e-cigarettes\/\"><span style=\"vertical-align: inherit\">UZY Bang Digital 15000 Puffs<\/span><\/a><\/p>\n<p><span style=\"vertical-align: inherit\">Garrafa de cigarro eletr\u00f3nico com formato especial:<\/span><a href=\"https:\/\/vapebulkp.com\/pt\/product\/original-vape-bang-tn-12000-puffs-bang-vape\/\"><span style=\"vertical-align: inherit\"> Bang TN 12000 Inala\u00e7\u00f5es<\/span><\/a><span style=\"vertical-align: inherit\">\/ <\/span><a href=\"https:\/\/vapebulkp.com\/pt\/fi\/product\/best-price-wga-crystal-pro-max-15k-puffs-original-vape\/\"><span style=\"vertical-align: inherit\">\u00a0WGA Crystal pro max 15k Puffs <\/span><\/a><span style=\"vertical-align: inherit\">\/<\/span><a href=\"https:\/\/vapebulkp.com\/pt\/product\/bang-tornado-12000-puffs-rechargeable-disposable-pod\/\"><span style=\"vertical-align: inherit\"> Bang Tornado 12000 Inala\u00e7\u00f5es<\/span><\/a><\/p>\n<h5>Qualifica\u00e7\u00e3o da Produ\u00e7\u00e3o:<\/h5>\n<p><img decoding=\"async\" class=\"alignnone size-full wp-image-1841\" src=\"http:\/\/vapebulkp.com\/wp-content\/uploads\/2023\/11\/Vape-production-process-2.jpeg\" alt=\"Processo de produ\u00e7\u00e3o de vape\" width=\"650\" height=\"434\" srcset=\"https:\/\/vapebulkp.com\/wp-content\/uploads\/2023\/11\/Vape-production-process-2.jpeg 650w, https:\/\/vapebulkp.com\/wp-content\/uploads\/2023\/11\/Vape-production-process-2-300x200.jpeg 300w, https:\/\/vapebulkp.com\/wp-content\/uploads\/2023\/11\/Vape-production-process-2-600x401.jpeg 600w\" sizes=\"(max-width: 650px) 100vw, 650px\" \/><\/p>\n<p><img decoding=\"async\" class=\"alignnone size-full wp-image-1843\" src=\"http:\/\/vapebulkp.com\/wp-content\/uploads\/2023\/11\/Vape-production-process.jpeg\" alt=\"Processo de produ\u00e7\u00e3o de vape\" width=\"641\" height=\"1026\" srcset=\"https:\/\/vapebulkp.com\/wp-content\/uploads\/2023\/11\/Vape-production-process.jpeg 641w, https:\/\/vapebulkp.com\/wp-content\/uploads\/2023\/11\/Vape-production-process-187x300.jpeg 187w, https:\/\/vapebulkp.com\/wp-content\/uploads\/2023\/11\/Vape-production-process-640x1024.jpeg 640w, https:\/\/vapebulkp.com\/wp-content\/uploads\/2023\/11\/Vape-production-process-600x960.jpeg 600w\" sizes=\"(max-width: 641px) 100vw, 641px\" \/><\/p>\n<h4>Perguntas Frequentes:<\/h4>\n<p>Q: Qual \u00e9 o MOQ de Atacado Vape Bang Beach 20k Puffs?<br \/>\nR: A encomenda m\u00ednima \u00e9 de 50 unidades.<br \/>\nP: Qual \u00e9 o tempo de entrega para o vaporizador encomendado?<br \/>\nR: Geralmente s\u00e3o 10-15 dias ap\u00f3s o envio<br \/>\nP: Quanto custa o frete? R: O custo do frete depende do peso. Quantidades diferentes t\u00eam custos de frete diferentes, entre em contato conosco para confirmar o custo do frete.<\/p>\n<h4>Detalhes de envio:<\/h4>\n<p><span style=\"color: #ff6600\">Tempo de produ\u00e7\u00e3o: 5-10 dias \u00fateis<\/span><br \/>\n<span style=\"color: #ff6600\">Tempo de envio: 8-14 dias \u00fateis<\/span><\/p>\n<p>Todos os produtos na nossa loja s\u00e3o 100% originais e aut\u00eanticos, por isso a nossa pol\u00edtica \u00e9 dez vezes a compensa\u00e7\u00e3o por produtos falsificados. Usamos canais de log\u00edstica como UPS\/DHL\/FEDEX\/DPD para entregar os produtos a si.<\/p>\n<p>Para encomendas enviadas para Portugal, a chegada demora geralmente 10 dias \u00fateis. O envio para outros pa\u00edses europeus geralmente demora de 12 a 15 dias \u00fateis a chegar. Atualizaremos as informa\u00e7\u00f5es de log\u00edstica para si em tempo real.<\/p>","protected":false},"excerpt":{"rendered":"<p>Novo Modelo\u00a0 Vaporizador Bang Beach\u00a0 20k\u00a0 Puffs\u00a0 Vaporizador Bang<\/p>\n<p>Por favor, contacte o WhatsApp da Mandy para um pre\u00e7o com desconto<a href=\"https:\/\/wa.me\/8618077105796\">+8618077105796<\/a><\/p>\n<p><img decoding=\"async\" class=\"alignnone wp-image-2151\" src=\"http:\/\/vapebulkp.com\/wp-content\/uploads\/2024\/04\/Mandy-WhatsApp-Randm.jpg\" alt=\"Mandy WhatsApp Randm\" width=\"297\" height=\"316\" srcset=\"https:\/\/vapebulkp.com\/wp-content\/uploads\/2024\/04\/Mandy-WhatsApp-Randm.jpg 916w, https:\/\/vapebulkp.com\/wp-content\/uploads\/2024\/04\/Mandy-WhatsApp-Randm-282x300.jpg 282w, https:\/\/vapebulkp.com\/wp-content\/uploads\/2024\/04\/Mandy-WhatsApp-Randm-768x817.jpg 768w, https:\/\/vapebulkp.com\/wp-content\/uploads\/2024\/04\/Mandy-WhatsApp-Randm-600x638.jpg 600w\" sizes=\"(max-width: 297px) 100vw, 297px\" \/><\/p>\n<p><span style=\"color: #ff0000\">NOTA: Os pre\u00e7os no nosso site n\u00e3o incluem os custos de envio<\/span><\/p>\n<p>&nbsp;<\/p>","protected":false},"featured_media":2546,"comment_status":"open","ping_status":"closed","template":"","meta":{"_uag_custom_page_level_css":"","_lmt_disableupdate":"no","_lmt_disable":"","site-sidebar-layout":"default","site-content-layout":"content-boxed-container","ast-site-content-layout":"normal-width-container","site-content-style":"boxed","site-sidebar-style":"unboxed","ast-global-header-display":"","ast-banner-title-visibility":"","ast-main-header-display":"","ast-hfb-above-header-display":"","ast-hfb-below-header-display":"","ast-hfb-mobile-header-display":"","site-post-title":"","ast-breadcrumbs-content":"","ast-featured-img":"","footer-sml-layout":"","theme-transparent-header-meta":"default","adv-header-id-meta":"","stick-header-meta":"","header-above-stick-meta":"","header-main-stick-meta":"","header-below-stick-meta":"","astra-migrate-meta-layouts":"set","_joinchat":[]},"product_cat":[162,153,345,155,33,59,100,34,158,157,154,152,58,84,156,63,32],"product_tag":[141,36,37,41,40],"class_list":["post-2571","product","type-product","status-publish","has-post-thumbnail","hentry","product_cat-20000-puffs-disposable-vape","product_cat-hot-disposable-vapes","product_cat-bang-vapes","product_cat-belgium-hot-disposable-vapes","product_cat-france-vape-hot-sale","product_cat-germany-hot-disposable-vape","product_cat-germany-wholesale-vape-shop","product_cat-netherlands-vape-good-sale","product_cat-norway-hot-disposable-vapes","product_cat-poland-hot-disposable-vapes","product_cat-portugal-hot-disposable-vapes","product_cat-spain-hot-disposable-vapes","product_cat-sweden-hot-disposable-vape","product_cat-sweden-wholesale-vape","product_cat-switzerland-hot-disposable-vapes","product_cat-top-sale-disposable-vape","product_cat-vape-hot-sale-this-week","product_tag-20000puffs","product_tag-good-vape","product_tag-hot-sale-disposable-vape","product_tag-poland-hot-vape","product_tag-sweden-hot-vape","pa_brand-bang-king-vape","desktop-align-left","tablet-align-left","mobile-align-left"],"yoast_head":"<!-- This site is optimized with the Yoast SEO plugin v21.1 - https:\/\/yoast.com\/wordpress\/plugins\/seo\/ -->\n<title>Bang Beach 20k Puffs LED Display Vape Discount Price - vapebulkp.com<\/title>\n<meta name=\"description\" content=\"Choose Bang Beach 20k Puffs new LED display e-cigarette cartridges to experience the perfect combination of performance, convenience and flavor. Bang Beach Vape is your reliable and enjoyable smoking companion for a long time.\" \/>\n<meta name=\"robots\" content=\"index, follow, max-snippet:-1, max-image-preview:large, max-video-preview:-1\" \/>\n<link rel=\"canonical\" href=\"https:\/\/vapebulkp.com\/pt\/product\/bang-beach-20k-puffs-led-display-vape-discount-price\/\" \/>\n<meta property=\"og:locale\" content=\"pt_PT\" \/>\n<meta property=\"og:type\" content=\"article\" \/>\n<meta property=\"og:title\" content=\"Bang Beach 20k Puffs LED Display Vape Discount Price - vapebulkp.com\" \/>\n<meta property=\"og:description\" content=\"Choose Bang Beach 20k Puffs new LED display e-cigarette cartridges to experience the perfect combination of performance, convenience and flavor. Bang Beach Vape is your reliable and enjoyable smoking companion for a long time.\" \/>\n<meta property=\"og:url\" content=\"https:\/\/vapebulkp.com\/pt\/product\/bang-beach-20k-puffs-led-display-vape-discount-price\/\" \/>\n<meta property=\"og:site_name\" content=\"vapebulkp.com\" \/>\n<meta property=\"article:modified_time\" content=\"2025-09-24T03:21:46+00:00\" \/>\n<meta property=\"og:image\" content=\"http:\/\/vapebulkp.com\/wp-content\/uploads\/2024\/06\/Bang-Beach-20k-Puffs-Discount-Price.jpg\" \/>\n\t<meta property=\"og:image:width\" content=\"1920\" \/>\n\t<meta property=\"og:image:height\" content=\"1080\" \/>\n\t<meta property=\"og:image:type\" content=\"image\/jpeg\" \/>\n<meta name=\"twitter:card\" content=\"summary_large_image\" \/>\n<meta name=\"twitter:label1\" content=\"Tempo estimado de leitura\" \/>\n\t<meta name=\"twitter:data1\" content=\"4 minutos\" \/>\n<script type=\"application\/ld+json\" class=\"yoast-schema-graph\">{\"@context\":\"https:\/\/schema.org\",\"@graph\":[{\"@type\":\"WebPage\",\"@id\":\"https:\/\/vapebulkp.com\/product\/bang-beach-20k-puffs-led-display-vape-discount-price\/\",\"url\":\"https:\/\/vapebulkp.com\/product\/bang-beach-20k-puffs-led-display-vape-discount-price\/\",\"name\":\"Bang Beach 20k Puffs LED Display Vape Discount Price - vapebulkp.com\",\"isPartOf\":{\"@id\":\"https:\/\/vapebulkp.com\/#website\"},\"datePublished\":\"2024-06-27T03:53:29+00:00\",\"dateModified\":\"2025-09-24T03:21:46+00:00\",\"description\":\"Choose Bang Beach 20k Puffs new LED display e-cigarette cartridges to experience the perfect combination of performance, convenience and flavor. Bang Beach Vape is your reliable and enjoyable smoking companion for a long time.\",\"breadcrumb\":{\"@id\":\"https:\/\/vapebulkp.com\/product\/bang-beach-20k-puffs-led-display-vape-discount-price\/#breadcrumb\"},\"inLanguage\":\"pt-PT\",\"potentialAction\":[{\"@type\":\"ReadAction\",\"target\":[\"https:\/\/vapebulkp.com\/product\/bang-beach-20k-puffs-led-display-vape-discount-price\/\"]}]},{\"@type\":\"BreadcrumbList\",\"@id\":\"https:\/\/vapebulkp.com\/product\/bang-beach-20k-puffs-led-display-vape-discount-price\/#breadcrumb\",\"itemListElement\":[{\"@type\":\"ListItem\",\"position\":1,\"name\":\"Home\",\"item\":\"https:\/\/vapebulkp.com\/\"},{\"@type\":\"ListItem\",\"position\":2,\"name\":\"Hot Trend Vapes\",\"item\":\"https:\/\/vapebulkp.com\/vape-shop\/\"},{\"@type\":\"ListItem\",\"position\":3,\"name\":\"Bang Beach 20k Puffs LED Display Vape Discount Price\"}]},{\"@type\":\"WebSite\",\"@id\":\"https:\/\/vapebulkp.com\/#website\",\"url\":\"https:\/\/vapebulkp.com\/\",\"name\":\"vapebulkp.com\",\"description\":\"Buy Vape In Cheap Bulk Price Near you\",\"publisher\":{\"@id\":\"https:\/\/vapebulkp.com\/#organization\"},\"potentialAction\":[{\"@type\":\"SearchAction\",\"target\":{\"@type\":\"EntryPoint\",\"urlTemplate\":\"https:\/\/vapebulkp.com\/?s={search_term_string}\"},\"query-input\":\"required name=search_term_string\"}],\"inLanguage\":\"pt-PT\"},{\"@type\":\"Organization\",\"@id\":\"https:\/\/vapebulkp.com\/#organization\",\"name\":\"vapebulkp.com\",\"url\":\"https:\/\/vapebulkp.com\/\",\"logo\":{\"@type\":\"ImageObject\",\"inLanguage\":\"pt-PT\",\"@id\":\"https:\/\/vapebulkp.com\/#\/schema\/logo\/image\/\",\"url\":\"https:\/\/vapebulkp.com\/wp-content\/uploads\/2023\/09\/cropped-vapebulkp.png\",\"contentUrl\":\"https:\/\/vapebulkp.com\/wp-content\/uploads\/2023\/09\/cropped-vapebulkp.png\",\"width\":516,\"height\":163,\"caption\":\"vapebulkp.com\"},\"image\":{\"@id\":\"https:\/\/vapebulkp.com\/#\/schema\/logo\/image\/\"}}]}<\/script>\n<!-- \/ Yoast SEO plugin. -->","yoast_head_json":{"title":"Bang Beach 20k Puffs LED Display Vape Discount Price - vapebulkp.com","description":"Choose Bang Beach 20k Puffs new LED display e-cigarette cartridges to experience the perfect combination of performance, convenience and flavor. Bang Beach Vape is your reliable and enjoyable smoking companion for a long time.","robots":{"index":"index","follow":"follow","max-snippet":"max-snippet:-1","max-image-preview":"max-image-preview:large","max-video-preview":"max-video-preview:-1"},"canonical":"https:\/\/vapebulkp.com\/pt\/product\/bang-beach-20k-puffs-led-display-vape-discount-price\/","og_locale":"pt_PT","og_type":"article","og_title":"Bang Beach 20k Puffs LED Display Vape Discount Price - vapebulkp.com","og_description":"Choose Bang Beach 20k Puffs new LED display e-cigarette cartridges to experience the perfect combination of performance, convenience and flavor. Bang Beach Vape is your reliable and enjoyable smoking companion for a long time.","og_url":"https:\/\/vapebulkp.com\/pt\/product\/bang-beach-20k-puffs-led-display-vape-discount-price\/","og_site_name":"vapebulkp.com","article_modified_time":"2025-09-24T03:21:46+00:00","og_image":[{"width":1920,"height":1080,"url":"http:\/\/vapebulkp.com\/wp-content\/uploads\/2024\/06\/Bang-Beach-20k-Puffs-Discount-Price.jpg","type":"image\/jpeg"}],"twitter_card":"summary_large_image","twitter_misc":{"Tempo estimado de leitura":"4 minutos"},"schema":{"@context":"https:\/\/schema.org","@graph":[{"@type":"WebPage","@id":"https:\/\/vapebulkp.com\/product\/bang-beach-20k-puffs-led-display-vape-discount-price\/","url":"https:\/\/vapebulkp.com\/product\/bang-beach-20k-puffs-led-display-vape-discount-price\/","name":"Bang Beach 20k Puffs LED Display Vape Discount Price - vapebulkp.com","isPartOf":{"@id":"https:\/\/vapebulkp.com\/#website"},"datePublished":"2024-06-27T03:53:29+00:00","dateModified":"2025-09-24T03:21:46+00:00","description":"Choose Bang Beach 20k Puffs new LED display e-cigarette cartridges to experience the perfect combination of performance, convenience and flavor. Bang Beach Vape is your reliable and enjoyable smoking companion for a long time.","breadcrumb":{"@id":"https:\/\/vapebulkp.com\/product\/bang-beach-20k-puffs-led-display-vape-discount-price\/#breadcrumb"},"inLanguage":"pt-PT","potentialAction":[{"@type":"ReadAction","target":["https:\/\/vapebulkp.com\/product\/bang-beach-20k-puffs-led-display-vape-discount-price\/"]}]},{"@type":"BreadcrumbList","@id":"https:\/\/vapebulkp.com\/product\/bang-beach-20k-puffs-led-display-vape-discount-price\/#breadcrumb","itemListElement":[{"@type":"ListItem","position":1,"name":"Home","item":"https:\/\/vapebulkp.com\/"},{"@type":"ListItem","position":2,"name":"Hot Trend Vapes","item":"https:\/\/vapebulkp.com\/vape-shop\/"},{"@type":"ListItem","position":3,"name":"Bang Beach 20k Puffs LED Display Vape Discount Price"}]},{"@type":"WebSite","@id":"https:\/\/vapebulkp.com\/#website","url":"https:\/\/vapebulkp.com\/","name":"vapebulkp.com","description":"Buy Vape In Cheap Bulk Price Near you","publisher":{"@id":"https:\/\/vapebulkp.com\/#organization"},"potentialAction":[{"@type":"SearchAction","target":{"@type":"EntryPoint","urlTemplate":"https:\/\/vapebulkp.com\/?s={search_term_string}"},"query-input":"required name=search_term_string"}],"inLanguage":"pt-PT"},{"@type":"Organization","@id":"https:\/\/vapebulkp.com\/#organization","name":"vapebulkp.com","url":"https:\/\/vapebulkp.com\/","logo":{"@type":"ImageObject","inLanguage":"pt-PT","@id":"https:\/\/vapebulkp.com\/#\/schema\/logo\/image\/","url":"https:\/\/vapebulkp.com\/wp-content\/uploads\/2023\/09\/cropped-vapebulkp.png","contentUrl":"https:\/\/vapebulkp.com\/wp-content\/uploads\/2023\/09\/cropped-vapebulkp.png","width":516,"height":163,"caption":"vapebulkp.com"},"image":{"@id":"https:\/\/vapebulkp.com\/#\/schema\/logo\/image\/"}}]}},"uagb_featured_image_src":{"full":["https:\/\/vapebulkp.com\/wp-content\/uploads\/2024\/06\/Bang-Beach-20k-Puffs-Discount-Price.jpg",1920,1080,false],"thumbnail":["https:\/\/vapebulkp.com\/wp-content\/uploads\/2024\/06\/Bang-Beach-20k-Puffs-Discount-Price-150x150.jpg",150,150,true],"medium":["https:\/\/vapebulkp.com\/wp-content\/uploads\/2024\/06\/Bang-Beach-20k-Puffs-Discount-Price-300x169.jpg",300,169,true],"medium_large":["https:\/\/vapebulkp.com\/wp-content\/uploads\/2024\/06\/Bang-Beach-20k-Puffs-Discount-Price-768x432.jpg",768,432,true],"large":["https:\/\/vapebulkp.com\/wp-content\/uploads\/2024\/06\/Bang-Beach-20k-Puffs-Discount-Price-1024x576.jpg",1024,576,true],"1536x1536":["https:\/\/vapebulkp.com\/wp-content\/uploads\/2024\/06\/Bang-Beach-20k-Puffs-Discount-Price-1536x864.jpg",1536,864,true],"2048x2048":["https:\/\/vapebulkp.com\/wp-content\/uploads\/2024\/06\/Bang-Beach-20k-Puffs-Discount-Price.jpg",1920,1080,false],"trp-custom-language-flag":["https:\/\/vapebulkp.com\/wp-content\/uploads\/2024\/06\/Bang-Beach-20k-Puffs-Discount-Price.jpg",18,10,false],"woocommerce_thumbnail":["https:\/\/vapebulkp.com\/wp-content\/uploads\/2024\/06\/Bang-Beach-20k-Puffs-Discount-Price-300x300.jpg",300,300,true],"woocommerce_single":["https:\/\/vapebulkp.com\/wp-content\/uploads\/2024\/06\/Bang-Beach-20k-Puffs-Discount-Price-600x338.jpg",600,338,true],"woocommerce_gallery_thumbnail":["https:\/\/vapebulkp.com\/wp-content\/uploads\/2024\/06\/Bang-Beach-20k-Puffs-Discount-Price-100x100.jpg",100,100,true],"wcpr-photo-reviews":["https:\/\/vapebulkp.com\/wp-content\/uploads\/2024\/06\/Bang-Beach-20k-Puffs-Discount-Price.jpg",500,281,false]},"uagb_author_info":{"display_name":"Mandy vape bulk price","author_link":"https:\/\/vapebulkp.com\/pt\/author\/"},"uagb_comment_info":1,"uagb_excerpt":"New Model\u00a0 Vape Bang Beach\u00a0 20k\u00a0 puffs\u00a0 Bang Vape Pls Contact Mandy's WhatsApp For Discount Price+8618077105796 NOTE: Prices on our website does not include shipping costs &nbsp;","_links":{"self":[{"href":"https:\/\/vapebulkp.com\/pt\/wp-json\/wp\/v2\/product\/2571","targetHints":{"allow":["GET"]}}],"collection":[{"href":"https:\/\/vapebulkp.com\/pt\/wp-json\/wp\/v2\/product"}],"about":[{"href":"https:\/\/vapebulkp.com\/pt\/wp-json\/wp\/v2\/types\/product"}],"replies":[{"embeddable":true,"href":"https:\/\/vapebulkp.com\/pt\/wp-json\/wp\/v2\/comments?post=2571"}],"wp:featuredmedia":[{"embeddable":true,"href":"https:\/\/vapebulkp.com\/pt\/wp-json\/wp\/v2\/media\/2546"}],"wp:attachment":[{"href":"https:\/\/vapebulkp.com\/pt\/wp-json\/wp\/v2\/media?parent=2571"}],"wp:term":[{"taxonomy":"product_cat","embeddable":true,"href":"https:\/\/vapebulkp.com\/pt\/wp-json\/wp\/v2\/product_cat?post=2571"},{"taxonomy":"product_tag","embeddable":true,"href":"https:\/\/vapebulkp.com\/pt\/wp-json\/wp\/v2\/product_tag?post=2571"}],"curies":[{"name":"wp","href":"https:\/\/api.w.org\/{rel}","templated":true}]}}