{"id":2603,"date":"2024-07-13T11:04:14","date_gmt":"2024-07-13T09:04:14","guid":{"rendered":"https:\/\/vapebulkp.com\/?post_type=product&#038;p=2603"},"modified":"2025-09-24T05:31:51","modified_gmt":"2025-09-24T03:31:51","slug":"uzy-vaper-9000-puffs-discount-price-tornado-vape","status":"publish","type":"product","link":"https:\/\/vapebulkp.com\/pt\/produto\/uzy-vaper-9000-puffs-discount-price-tornado-vape\/","title":{"rendered":"UZY VAPER 9000 Puffs Pre\u00e7o Promocional Tornado Vape"},"content":{"rendered":"<h2>UZY VAPER 9000 Puffs Pre\u00e7o Promocional Tornado Vape<\/h2>\n<p data-start=\"358\" data-end=\"666\">O <strong data-start=\"362\" data-end=\"402\">UZY VAPER 9000 Puffs Vape Descart\u00e1vel<\/strong> \u00e9 um dispositivo de vaping premium constru\u00eddo para entusiastas europeus que procuram um <strong data-start=\"471\" data-end=\"499\">cigarro eletr\u00f3nico de longa dura\u00e7\u00e3o<\/strong> com sabor e desempenho consistentes. Apresentando tecnologia avan\u00e7ada <strong data-start=\"559\" data-end=\"588\">vape descart\u00e1vel com bobina de malha<\/strong> tecnologia, oferece vapor suave e denso e sabor arrojado a cada tra\u00e7\u00e3o.<\/p>\n<p data-start=\"668\" data-end=\"995\">Este <strong data-start=\"673\" data-end=\"705\">vaporizador descart\u00e1vel recarreg\u00e1vel<\/strong> vem com uma bateria de 850mAh e carregamento r\u00e1pido Tipo-C, reduzindo o tempo de inatividade e permitindo o uso cont\u00ednuo. Com um tanque de e-l\u00edquido de 18ml, suporta <strong data-start=\"848\" data-end=\"873\">vape de nicotina salgada UE<\/strong> normas e oferece op\u00e7\u00f5es de nicotina de 0%, 2%, 3% ou 5% em 15 sabores selecionados, incluindo misturas de frutas e mentolados.<\/p>\n<p data-start=\"997\" data-end=\"1279\">Compacto e elegante, o <strong data-start=\"1022\" data-end=\"1052\">Vape Descart\u00e1vel 9000 Inala\u00e7\u00f5es<\/strong> \u00e9 ideal para uso di\u00e1rio, ocasi\u00f5es sociais e distribui\u00e7\u00e3o em massa. Perfeito para <a href=\"https:\/\/vapebulkp.com\/pt\/ot-disposable-vapes-europe\/\"><strong data-start=\"1130\" data-end=\"1155\">venda por grosso de vape Portugal<\/strong><\/a> mercados, fornece aos retalhistas um produto de alta procura que combina durabilidade, conveni\u00eancia e desempenho premium.<\/p>\n<p><img decoding=\"async\" class=\"alignnone wp-image-2575\" src=\"http:\/\/vapebulkp.com\/wp-content\/uploads\/2024\/07\/Hot-Vape-UZY-VAPER-9k.png\" alt=\"Vape Quente UZY VAPER 9k\" width=\"560\" height=\"1102\" \/><\/p>\n<h6>Por favor, contacte o WhatsApp da Mandy para um pre\u00e7o com desconto<a href=\"https:\/\/wa.me\/8618077105796\">+8618077105796<\/a><\/h6>\n<h3><img decoding=\"async\" class=\"alignnone wp-image-2151\" src=\"http:\/\/vapebulkp.com\/wp-content\/uploads\/2024\/04\/Mandy-WhatsApp-Randm.jpg\" alt=\"WhatsApp da Mandy Randm\" width=\"268\" height=\"285\" srcset=\"https:\/\/vapebulkp.com\/wp-content\/uploads\/2024\/04\/Mandy-WhatsApp-Randm.jpg 916w, https:\/\/vapebulkp.com\/wp-content\/uploads\/2024\/04\/Mandy-WhatsApp-Randm-282x300.jpg 282w, https:\/\/vapebulkp.com\/wp-content\/uploads\/2024\/04\/Mandy-WhatsApp-Randm-768x817.jpg 768w, https:\/\/vapebulkp.com\/wp-content\/uploads\/2024\/04\/Mandy-WhatsApp-Randm-600x638.jpg 600w\" sizes=\"(max-width: 268px) 100vw, 268px\" \/><\/h3>\n<h2>Pensei que gostaria de saber sobre o Melhor Vape UZY VAPER 9K Puffs:<\/h2>\n<p>&nbsp;<\/p>\n<h6>1.Como carregar o UZY VAPER Tornado 9000 Puffs Vape Descart\u00e1vel?<\/h6>\n<p>N\u00e3o \u00e9 poss\u00edvel utilizar carregadores de carregamento r\u00e1pido. A pot\u00eancia de seguran\u00e7a padr\u00e3o dos cigarros eletr\u00f3nicos descart\u00e1veis \u00e9 de 5V 1A. Cada tempo de carregamento n\u00e3o pode exceder 1 hora, e o tempo de carregamento seguro \u00e9 de meia hora.<\/p>\n<p><span style=\"color: #ff6600\">Aviso: n\u00e3o recarregue durante toda a noite!<\/span><\/p>\n<h6>2.Como usar o vape descart\u00e1vel UZY VAPER 9000 Puffs?<\/h6>\n<p>1: Por favor, abra a embalagem antes de usar 9k Puffs.<br \/>\n2: Depois, coloque o selo na parte inferior do vaporizador<br \/>\n3: Comece a desfrutar<\/p>\n<h6><\/h6>\n<h3><strong><span style=\"vertical-align: inherit\">Especifica\u00e7\u00e3o Para UZY VAPER<\/span><\/strong>\u00a0 9000 Puffs Vape Randm<strong><span style=\"vertical-align: inherit\">\uff1a<\/span><br \/>\n<\/strong><\/h3>\n<blockquote><p>\u2013 Contagem de Puffs: At\u00e9 9000 puffs<br \/>\n\u2013 Capacidade da Bateria: 850mAh<br \/>\n\u2013 Volume de E-L\u00edquido: 18ml<br \/>\n\u2013 Carregamento: USB Tipo C para recarga r\u00e1pida<br \/>\n\u2013 Op\u00e7\u00f5es de Concentra\u00e7\u00e3o de Nicotina: 0%, 2%, 3%, 5%<br \/>\n\u2013 Op\u00e7\u00f5es de Sabor: Dispon\u00edvel em 15 sabores<br \/>\n\u2013 Resist\u00eancia: Tecnologia Mesh para sabor aprimorado<\/p>\n<p>&nbsp;<\/p><\/blockquote>\n<h3><strong>\u00a0Venda por Grosso de Vapes UZY VAPER 9K<\/strong>\u00a0Baforadas <strong>Lista de Sabores:<\/strong><\/h3>\n<p>&nbsp;<\/p>\n<blockquote><p>1 Mirtilo Framboesa<br \/>\n2 M r Azul<br \/>\n3 Morango Melancia<br \/>\n4 p\u00eassego manga anan\u00e1s<br \/>\n5 kiwi maracuj\u00e1 goiaba<br \/>\n6.gelo de cereja<br \/>\n7. Morango com gelo<br \/>\n8.gelo de melancia<br \/>\n9.gelo de uva<br \/>\n10.gelo de mirtilo<br \/>\n11.Frutos Silvestres Mistos<br \/>\n12. P\u00eassego com gelo<br \/>\n13.P\u00eassego com frutos silvestres<br \/>\n14.framboesa de morango<br \/>\ngelo de cereja<br \/>\n15.banana com morango<\/p><\/blockquote>\n<p>&nbsp;<\/p>\n<p><a href=\"https:\/\/vapebulkp.com\/pt\/produto\/popular-randm-tornado-7000puffs-disposable-vape-best-price\/\"><span style=\"vertical-align: inherit\">RandM Tornado 7000 Baforadas <\/span><\/a><\/p>\n<p><span style=\"vertical-align: inherit\">Encontre mais produtos que possa gostar:<\/span><em><a href=\"https:\/\/wa.me\/8618077105796\"><span style=\"vertical-align: inherit\">\u00a0Compre agora<\/span><\/a><\/em><\/p>\n<p><span style=\"vertical-align: inherit\">Outros Puffs Que Poder\u00e1 Gostar:<\/span><a href=\"https:\/\/vapebulkp.com\/sv\/product\/fluumbox-digital-box-15k-puffs-rechargeable-vape-geek-bar\/\"><span style=\"vertical-align: inherit\">Caixa Digital FLUUMBOX 15000Puffs<\/span><\/a><span style=\"vertical-align: inherit\">\u3001<\/span><a href=\"https:\/\/vapebulkp.com\/pt\/produto\/top-sale-waspe-12000puffs-disposable-vape-wholesale-france\/\"><span style=\"vertical-align: inherit\">Caixa Digital UTCO 12000 Puffs<\/span><\/a><span style=\"vertical-align: inherit\">\/ <\/span><a href=\"https:\/\/vapebulkp.com\/pt\/produto\/wholesale-randm-tornado-9000-puffs-germany\/\"><span style=\"vertical-align: inherit\">RandM Tornado 9000 Inala\u00e7\u00f5es<\/span><\/a><span style=\"vertical-align: inherit\">\/ <\/span><a href=\"https:\/\/vapebulkp.com\/pt\/produto\/vapme-crystal-7000-puffs-original-vape-good-flavor\/\"><span style=\"vertical-align: inherit\">Crystal 7000Baforadas<\/span><\/a><\/p>\n<p><span style=\"vertical-align: inherit\">Garrafa de cigarro eletr\u00f3nico com formato especial:<\/span><a href=\"https:\/\/vapebulkp.com\/pt\/produto\/good-sale-randm-tornado-10000-puffs-plus\/\"><span style=\"vertical-align: inherit\">RandM Tornado 10000 Baforadas Plus <\/span><\/a><span style=\"vertical-align: inherit\">\/<a href=\"https:\/\/vapebulkp.com\/sv\/product\/wholesale-price-randm-15k-waspe-15000-puffs-best-vape\/\"> Randm Tornado 15000 Puffs<\/a><\/span><\/p>\n<h4>Qualifica\u00e7\u00e3o da Produ\u00e7\u00e3o:<\/h4>\n<p><img decoding=\"async\" class=\"alignnone wp-image-1842\" src=\"http:\/\/vapebulkp.com\/wp-content\/uploads\/2023\/11\/Vape-production-process-2.jpg\" alt=\"Processo de produ\u00e7\u00e3o de vape\" width=\"671\" height=\"301\" srcset=\"https:\/\/vapebulkp.com\/wp-content\/uploads\/2023\/11\/Vape-production-process-2.jpg 800w, https:\/\/vapebulkp.com\/wp-content\/uploads\/2023\/11\/Vape-production-process-2-300x135.jpg 300w, https:\/\/vapebulkp.com\/wp-content\/uploads\/2023\/11\/Vape-production-process-2-768x345.jpg 768w, https:\/\/vapebulkp.com\/wp-content\/uploads\/2023\/11\/Vape-production-process-2-600x269.jpg 600w\" sizes=\"(max-width: 671px) 100vw, 671px\" \/><\/p>\n<p><img decoding=\"async\" class=\"alignnone wp-image-1843\" src=\"http:\/\/vapebulkp.com\/wp-content\/uploads\/2023\/11\/Vape-production-process.jpeg\" alt=\"Processo de produ\u00e7\u00e3o de vape\" width=\"671\" height=\"1074\" srcset=\"https:\/\/vapebulkp.com\/wp-content\/uploads\/2023\/11\/Vape-production-process.jpeg 641w, https:\/\/vapebulkp.com\/wp-content\/uploads\/2023\/11\/Vape-production-process-187x300.jpeg 187w, https:\/\/vapebulkp.com\/wp-content\/uploads\/2023\/11\/Vape-production-process-640x1024.jpeg 640w, https:\/\/vapebulkp.com\/wp-content\/uploads\/2023\/11\/Vape-production-process-600x960.jpeg 600w\" sizes=\"(max-width: 671px) 100vw, 671px\" \/><\/p>\n<h5>Perguntas Frequentes:<\/h5>\n<p>P: Qual \u00e9 o MOQ de UZY VAPER 9k Puffs?<br \/>\nR: A encomenda m\u00ednima \u00e9 de 50 unidades.<br \/>\nP: Qual \u00e9 o tempo de entrega para o vaporizador encomendado?<br \/>\nR: Geralmente s\u00e3o 10-15 dias ap\u00f3s o envio<br \/>\nP: Quanto custa o envio? R: O custo de envio depende do peso. Quantidades diferentes t\u00eam custos de envio diferentes, por favor contacte-nos para confirmar o custo de envio.<\/p>\n<p>&nbsp;<\/p>\n<h4>Detalhes de envio:<\/h4>\n<p><span style=\"color: #ff6600\">Tempo de produ\u00e7\u00e3o: 5-10 dias \u00fateis<\/span><br \/>\n<span style=\"color: #ff6600\">Tempo de envio: 8-14 dias \u00fateis<\/span><\/p>\n<p>Todos os produtos na nossa loja s\u00e3o 100% originais e aut\u00eanticos, por isso a nossa pol\u00edtica \u00e9 dez vezes a compensa\u00e7\u00e3o por produtos falsificados. Usamos canais de log\u00edstica como UPS\/DHL\/FEDEX\/DPD para entregar os produtos a si.<\/p>\n<p>Para encomendas enviadas para Portugal, a chegada demora geralmente 10 dias \u00fateis. O envio para outros pa\u00edses europeus geralmente demora de 12 a 15 dias \u00fateis a chegar. Atualizaremos as informa\u00e7\u00f5es de log\u00edstica para si em tempo real.<\/p>","protected":false},"excerpt":{"rendered":"<p>UZY Tornado 9k Puffs Vape Original Randm Vape<\/p>\n<p><img decoding=\"async\" class=\"alignnone wp-image-2151\" src=\"http:\/\/vapebulkp.com\/wp-content\/uploads\/2024\/04\/Mandy-WhatsApp-Randm.jpg\" alt=\"WhatsApp da Mandy Randm\" width=\"247\" height=\"263\" srcset=\"https:\/\/vapebulkp.com\/wp-content\/uploads\/2024\/04\/Mandy-WhatsApp-Randm.jpg 916w, https:\/\/vapebulkp.com\/wp-content\/uploads\/2024\/04\/Mandy-WhatsApp-Randm-282x300.jpg 282w, https:\/\/vapebulkp.com\/wp-content\/uploads\/2024\/04\/Mandy-WhatsApp-Randm-768x817.jpg 768w, https:\/\/vapebulkp.com\/wp-content\/uploads\/2024\/04\/Mandy-WhatsApp-Randm-600x638.jpg 600w\" sizes=\"(max-width: 247px) 100vw, 247px\" \/><\/p>\n<p>Por favor, contacte o WhatsApp da Mandy para um pre\u00e7o com desconto<a href=\"https:\/\/wa.me\/8618077105796\">+8618077105796<\/a><\/p>\n<p><span style=\"color: #ff0000\">NOTA: Os pre\u00e7os no nosso site n\u00e3o incluem os custos de envio<\/span><\/p>","protected":false},"featured_media":2581,"comment_status":"open","ping_status":"closed","template":"","meta":{"_uag_custom_page_level_css":"","_lmt_disableupdate":"no","_lmt_disable":"","site-sidebar-layout":"default","site-content-layout":"content-boxed-container","ast-site-content-layout":"normal-width-container","site-content-style":"boxed","site-sidebar-style":"unboxed","ast-global-header-display":"","ast-banner-title-visibility":"","ast-main-header-display":"","ast-hfb-above-header-display":"","ast-hfb-below-header-display":"","ast-hfb-mobile-header-display":"","site-post-title":"","ast-breadcrumbs-content":"","ast-featured-img":"","footer-sml-layout":"","theme-transparent-header-meta":"default","adv-header-id-meta":"","stick-header-meta":"","header-above-stick-meta":"","header-main-stick-meta":"","header-below-stick-meta":"","astra-migrate-meta-layouts":"set","_joinchat":[]},"product_cat":[168,153,155,33,59,100,87,34,158,157,154,152,58,84,156,63,361,32],"product_tag":[47,36,37,41,40],"class_list":["post-2603","product","type-product","status-publish","has-post-thumbnail","hentry","product_cat-9000-puffs-disposable-vape","product_cat-hot-disposable-vapes","product_cat-belgium-hot-disposable-vapes","product_cat-france-vape-hot-sale","product_cat-germany-hot-disposable-vape","product_cat-germany-wholesale-vape-shop","product_cat-minimum-order-quantity-50pcs","product_cat-netherlands-vape-good-sale","product_cat-norway-hot-disposable-vapes","product_cat-poland-hot-disposable-vapes","product_cat-portugal-hot-disposable-vapes","product_cat-spain-hot-disposable-vapes","product_cat-sweden-hot-disposable-vape","product_cat-sweden-wholesale-vape","product_cat-switzerland-hot-disposable-vapes","product_cat-top-sale-disposable-vape","product_cat-uzy-vapes","product_cat-vape-hot-sale-this-week","product_tag-9000puffs","product_tag-good-vape","product_tag-hot-sale-disposable-vape","product_tag-poland-hot-vape","product_tag-sweden-hot-vape","pa_brand-uzy-vape","desktop-align-left","tablet-align-left","mobile-align-left"],"yoast_head":"<!-- This site is optimized with the Yoast SEO plugin v21.1 - https:\/\/yoast.com\/wordpress\/plugins\/seo\/ -->\n<title>UZY VAPER 9000 Puffs Discount Price Tornado Vape - vapebulkp.com<\/title>\n<meta name=\"description\" content=\"The UZY Vaper 9000 Puffs Disposable Vape features an 850mAh rechargeable battery, 18ml salt nicotine e-liquid, and mesh coil technology for long-lasting flavor and smooth vapor.\" \/>\n<meta name=\"robots\" content=\"index, follow, max-snippet:-1, max-image-preview:large, max-video-preview:-1\" \/>\n<link rel=\"canonical\" href=\"https:\/\/vapebulkp.com\/pt\/produto\/uzy-vaper-9000-puffs-discount-price-tornado-vape\/\" \/>\n<meta property=\"og:locale\" content=\"pt_PT\" \/>\n<meta property=\"og:type\" content=\"article\" \/>\n<meta property=\"og:title\" content=\"UZY VAPER 9000 Puffs Discount Price Tornado Vape - vapebulkp.com\" \/>\n<meta property=\"og:description\" content=\"The UZY Vaper 9000 Puffs Disposable Vape features an 850mAh rechargeable battery, 18ml salt nicotine e-liquid, and mesh coil technology for long-lasting flavor and smooth vapor.\" \/>\n<meta property=\"og:url\" content=\"https:\/\/vapebulkp.com\/pt\/produto\/uzy-vaper-9000-puffs-discount-price-tornado-vape\/\" \/>\n<meta property=\"og:site_name\" content=\"vapebulkp.com\" \/>\n<meta property=\"article:modified_time\" content=\"2025-09-24T03:31:51+00:00\" \/>\n<meta property=\"og:image\" content=\"http:\/\/vapebulkp.com\/wp-content\/uploads\/2024\/07\/UZY-VAPER-Tornado-9k-Randm-Vape.png\" \/>\n\t<meta property=\"og:image:width\" content=\"2560\" \/>\n\t<meta property=\"og:image:height\" content=\"1744\" \/>\n\t<meta property=\"og:image:type\" content=\"image\/png\" \/>\n<meta name=\"twitter:card\" content=\"summary_large_image\" \/>\n<meta name=\"twitter:label1\" content=\"Tempo estimado de leitura\" \/>\n\t<meta name=\"twitter:data1\" content=\"3 minutos\" \/>\n<script type=\"application\/ld+json\" class=\"yoast-schema-graph\">{\"@context\":\"https:\/\/schema.org\",\"@graph\":[{\"@type\":\"WebPage\",\"@id\":\"https:\/\/vapebulkp.com\/product\/uzy-vaper-9000-puffs-discount-price-tornado-vape\/\",\"url\":\"https:\/\/vapebulkp.com\/product\/uzy-vaper-9000-puffs-discount-price-tornado-vape\/\",\"name\":\"UZY VAPER 9000 Puffs Discount Price Tornado Vape - vapebulkp.com\",\"isPartOf\":{\"@id\":\"https:\/\/vapebulkp.com\/#website\"},\"datePublished\":\"2024-07-13T09:04:14+00:00\",\"dateModified\":\"2025-09-24T03:31:51+00:00\",\"description\":\"The UZY Vaper 9000 Puffs Disposable Vape features an 850mAh rechargeable battery, 18ml salt nicotine e-liquid, and mesh coil technology for long-lasting flavor and smooth vapor.\",\"breadcrumb\":{\"@id\":\"https:\/\/vapebulkp.com\/product\/uzy-vaper-9000-puffs-discount-price-tornado-vape\/#breadcrumb\"},\"inLanguage\":\"pt-PT\",\"potentialAction\":[{\"@type\":\"ReadAction\",\"target\":[\"https:\/\/vapebulkp.com\/product\/uzy-vaper-9000-puffs-discount-price-tornado-vape\/\"]}]},{\"@type\":\"BreadcrumbList\",\"@id\":\"https:\/\/vapebulkp.com\/product\/uzy-vaper-9000-puffs-discount-price-tornado-vape\/#breadcrumb\",\"itemListElement\":[{\"@type\":\"ListItem\",\"position\":1,\"name\":\"Home\",\"item\":\"https:\/\/vapebulkp.com\/\"},{\"@type\":\"ListItem\",\"position\":2,\"name\":\"Hot Trend Vapes\",\"item\":\"https:\/\/vapebulkp.com\/vape-shop\/\"},{\"@type\":\"ListItem\",\"position\":3,\"name\":\"UZY VAPER 9000 Puffs Discount Price Tornado Vape\"}]},{\"@type\":\"WebSite\",\"@id\":\"https:\/\/vapebulkp.com\/#website\",\"url\":\"https:\/\/vapebulkp.com\/\",\"name\":\"vapebulkp.com\",\"description\":\"Buy Vape In Cheap Bulk Price Near you\",\"publisher\":{\"@id\":\"https:\/\/vapebulkp.com\/#organization\"},\"potentialAction\":[{\"@type\":\"SearchAction\",\"target\":{\"@type\":\"EntryPoint\",\"urlTemplate\":\"https:\/\/vapebulkp.com\/?s={search_term_string}\"},\"query-input\":\"required name=search_term_string\"}],\"inLanguage\":\"pt-PT\"},{\"@type\":\"Organization\",\"@id\":\"https:\/\/vapebulkp.com\/#organization\",\"name\":\"vapebulkp.com\",\"url\":\"https:\/\/vapebulkp.com\/\",\"logo\":{\"@type\":\"ImageObject\",\"inLanguage\":\"pt-PT\",\"@id\":\"https:\/\/vapebulkp.com\/#\/schema\/logo\/image\/\",\"url\":\"https:\/\/vapebulkp.com\/wp-content\/uploads\/2023\/09\/cropped-vapebulkp.png\",\"contentUrl\":\"https:\/\/vapebulkp.com\/wp-content\/uploads\/2023\/09\/cropped-vapebulkp.png\",\"width\":516,\"height\":163,\"caption\":\"vapebulkp.com\"},\"image\":{\"@id\":\"https:\/\/vapebulkp.com\/#\/schema\/logo\/image\/\"}}]}<\/script>\n<!-- \/ Yoast SEO plugin. -->","yoast_head_json":{"title":"UZY VAPER 9000 Puffs Discount Price Tornado Vape - vapebulkp.com","description":"The UZY Vaper 9000 Puffs Disposable Vape features an 850mAh rechargeable battery, 18ml salt nicotine e-liquid, and mesh coil technology for long-lasting flavor and smooth vapor.","robots":{"index":"index","follow":"follow","max-snippet":"max-snippet:-1","max-image-preview":"max-image-preview:large","max-video-preview":"max-video-preview:-1"},"canonical":"https:\/\/vapebulkp.com\/pt\/produto\/uzy-vaper-9000-puffs-discount-price-tornado-vape\/","og_locale":"pt_PT","og_type":"article","og_title":"UZY VAPER 9000 Puffs Discount Price Tornado Vape - vapebulkp.com","og_description":"The UZY Vaper 9000 Puffs Disposable Vape features an 850mAh rechargeable battery, 18ml salt nicotine e-liquid, and mesh coil technology for long-lasting flavor and smooth vapor.","og_url":"https:\/\/vapebulkp.com\/pt\/produto\/uzy-vaper-9000-puffs-discount-price-tornado-vape\/","og_site_name":"vapebulkp.com","article_modified_time":"2025-09-24T03:31:51+00:00","og_image":[{"width":2560,"height":1744,"url":"http:\/\/vapebulkp.com\/wp-content\/uploads\/2024\/07\/UZY-VAPER-Tornado-9k-Randm-Vape.png","type":"image\/png"}],"twitter_card":"summary_large_image","twitter_misc":{"Tempo estimado de leitura":"3 minutos"},"schema":{"@context":"https:\/\/schema.org","@graph":[{"@type":"WebPage","@id":"https:\/\/vapebulkp.com\/product\/uzy-vaper-9000-puffs-discount-price-tornado-vape\/","url":"https:\/\/vapebulkp.com\/product\/uzy-vaper-9000-puffs-discount-price-tornado-vape\/","name":"UZY VAPER 9000 Puffs Discount Price Tornado Vape - vapebulkp.com","isPartOf":{"@id":"https:\/\/vapebulkp.com\/#website"},"datePublished":"2024-07-13T09:04:14+00:00","dateModified":"2025-09-24T03:31:51+00:00","description":"The UZY Vaper 9000 Puffs Disposable Vape features an 850mAh rechargeable battery, 18ml salt nicotine e-liquid, and mesh coil technology for long-lasting flavor and smooth vapor.","breadcrumb":{"@id":"https:\/\/vapebulkp.com\/product\/uzy-vaper-9000-puffs-discount-price-tornado-vape\/#breadcrumb"},"inLanguage":"pt-PT","potentialAction":[{"@type":"ReadAction","target":["https:\/\/vapebulkp.com\/product\/uzy-vaper-9000-puffs-discount-price-tornado-vape\/"]}]},{"@type":"BreadcrumbList","@id":"https:\/\/vapebulkp.com\/product\/uzy-vaper-9000-puffs-discount-price-tornado-vape\/#breadcrumb","itemListElement":[{"@type":"ListItem","position":1,"name":"Home","item":"https:\/\/vapebulkp.com\/"},{"@type":"ListItem","position":2,"name":"Hot Trend Vapes","item":"https:\/\/vapebulkp.com\/vape-shop\/"},{"@type":"ListItem","position":3,"name":"UZY VAPER 9000 Puffs Discount Price Tornado Vape"}]},{"@type":"WebSite","@id":"https:\/\/vapebulkp.com\/#website","url":"https:\/\/vapebulkp.com\/","name":"vapebulkp.com","description":"Buy Vape In Cheap Bulk Price Near you","publisher":{"@id":"https:\/\/vapebulkp.com\/#organization"},"potentialAction":[{"@type":"SearchAction","target":{"@type":"EntryPoint","urlTemplate":"https:\/\/vapebulkp.com\/?s={search_term_string}"},"query-input":"required name=search_term_string"}],"inLanguage":"pt-PT"},{"@type":"Organization","@id":"https:\/\/vapebulkp.com\/#organization","name":"vapebulkp.com","url":"https:\/\/vapebulkp.com\/","logo":{"@type":"ImageObject","inLanguage":"pt-PT","@id":"https:\/\/vapebulkp.com\/#\/schema\/logo\/image\/","url":"https:\/\/vapebulkp.com\/wp-content\/uploads\/2023\/09\/cropped-vapebulkp.png","contentUrl":"https:\/\/vapebulkp.com\/wp-content\/uploads\/2023\/09\/cropped-vapebulkp.png","width":516,"height":163,"caption":"vapebulkp.com"},"image":{"@id":"https:\/\/vapebulkp.com\/#\/schema\/logo\/image\/"}}]}},"uagb_featured_image_src":{"full":["https:\/\/vapebulkp.com\/wp-content\/uploads\/2024\/07\/UZY-VAPER-Tornado-9k-Randm-Vape.png",2560,1744,false],"thumbnail":["https:\/\/vapebulkp.com\/wp-content\/uploads\/2024\/07\/UZY-VAPER-Tornado-9k-Randm-Vape-150x150.png",150,150,true],"medium":["https:\/\/vapebulkp.com\/wp-content\/uploads\/2024\/07\/UZY-VAPER-Tornado-9k-Randm-Vape-300x204.png",300,204,true],"medium_large":["https:\/\/vapebulkp.com\/wp-content\/uploads\/2024\/07\/UZY-VAPER-Tornado-9k-Randm-Vape-768x523.png",768,523,true],"large":["https:\/\/vapebulkp.com\/wp-content\/uploads\/2024\/07\/UZY-VAPER-Tornado-9k-Randm-Vape-1024x698.png",1024,698,true],"1536x1536":["https:\/\/vapebulkp.com\/wp-content\/uploads\/2024\/07\/UZY-VAPER-Tornado-9k-Randm-Vape-1536x1046.png",1536,1046,true],"2048x2048":["https:\/\/vapebulkp.com\/wp-content\/uploads\/2024\/07\/UZY-VAPER-Tornado-9k-Randm-Vape-2048x1395.png",2048,1395,true],"trp-custom-language-flag":["https:\/\/vapebulkp.com\/wp-content\/uploads\/2024\/07\/UZY-VAPER-Tornado-9k-Randm-Vape.png",18,12,false],"woocommerce_thumbnail":["https:\/\/vapebulkp.com\/wp-content\/uploads\/2024\/07\/UZY-VAPER-Tornado-9k-Randm-Vape-300x300.png",300,300,true],"woocommerce_single":["https:\/\/vapebulkp.com\/wp-content\/uploads\/2024\/07\/UZY-VAPER-Tornado-9k-Randm-Vape-600x409.png",600,409,true],"woocommerce_gallery_thumbnail":["https:\/\/vapebulkp.com\/wp-content\/uploads\/2024\/07\/UZY-VAPER-Tornado-9k-Randm-Vape-100x100.png",100,100,true],"wcpr-photo-reviews":["https:\/\/vapebulkp.com\/wp-content\/uploads\/2024\/07\/UZY-VAPER-Tornado-9k-Randm-Vape.png",500,341,false]},"uagb_author_info":{"display_name":"Mandy vape bulk price","author_link":"https:\/\/vapebulkp.com\/pt\/author\/"},"uagb_comment_info":2,"uagb_excerpt":"UZY Tornado 9k Puffs Original Vape\u00a0 Randm Vape Pls Contact Mandy's WhatsApp For Discount Price+8618077105796 NOTE: Prices on our website does not include shipping costs","_links":{"self":[{"href":"https:\/\/vapebulkp.com\/pt\/wp-json\/wp\/v2\/product\/2603","targetHints":{"allow":["GET"]}}],"collection":[{"href":"https:\/\/vapebulkp.com\/pt\/wp-json\/wp\/v2\/product"}],"about":[{"href":"https:\/\/vapebulkp.com\/pt\/wp-json\/wp\/v2\/types\/product"}],"replies":[{"embeddable":true,"href":"https:\/\/vapebulkp.com\/pt\/wp-json\/wp\/v2\/comments?post=2603"}],"wp:featuredmedia":[{"embeddable":true,"href":"https:\/\/vapebulkp.com\/pt\/wp-json\/wp\/v2\/media\/2581"}],"wp:attachment":[{"href":"https:\/\/vapebulkp.com\/pt\/wp-json\/wp\/v2\/media?parent=2603"}],"wp:term":[{"taxonomy":"product_cat","embeddable":true,"href":"https:\/\/vapebulkp.com\/pt\/wp-json\/wp\/v2\/product_cat?post=2603"},{"taxonomy":"product_tag","embeddable":true,"href":"https:\/\/vapebulkp.com\/pt\/wp-json\/wp\/v2\/product_tag?post=2603"}],"curies":[{"name":"wp","href":"https:\/\/api.w.org\/{rel}","templated":true}]}}