{"id":2713,"date":"2024-08-07T10:58:18","date_gmt":"2024-08-07T08:58:18","guid":{"rendered":"https:\/\/vapebulkp.com\/?post_type=product&#038;p=2713"},"modified":"2025-09-24T05:24:25","modified_gmt":"2025-09-24T03:24:25","slug":"best-elfworld-i15-pro-disposable-vape-12k-puffs","status":"publish","type":"product","link":"https:\/\/vapebulkp.com\/pt\/product\/best-elfworld-i15-pro-disposable-vape-12k-puffs\/","title":{"rendered":"Melhor ELFWORLD I15 Pro Vape Descart\u00e1vel 12k Puffs"},"content":{"rendered":"<h2 style=\"text-align: left\">Melhor ELFWORLD I15 Pro Vape Descart\u00e1vel 12k Puffs<\/h2>\n<p data-start=\"396\" data-end=\"774\">A ELFWORLD I15 Pro Descart\u00e1vel 12k Puffs \u00e9 uma <strong data-start=\"454\" data-end=\"487\">vaporizador descart\u00e1vel de alta capacidade<\/strong> constru\u00eddo para <strong data-start=\"498\" data-end=\"529\">Entusiastas portugueses do vaping<\/strong> que exigem um desempenho duradouro e um sabor premium. Pr\u00e9-carregado com 18ml de e-l\u00edquido e equipado com uma bateria de 600mAh <strong data-start=\"646\" data-end=\"678\">vaporizador descart\u00e1vel recarreg\u00e1vel<\/strong> a bateria, proporciona cerca de 12.000 inala\u00e7\u00f5es suaves, garantindo uma utiliza\u00e7\u00e3o prolongada sem interrup\u00e7\u00f5es.<\/p>\n<p data-start=\"776\" data-end=\"1182\">Este dispositivo utiliza avan\u00e7ado <strong data-start=\"802\" data-end=\"820\">vaporizador com bobina de malha<\/strong> tecnologia para um vapor rico e denso e um sabor consistente a cada tragada. Desenhado como um <strong data-start=\"907\" data-end=\"928\">Dispositivo de vaporiza\u00e7\u00e3o MTL<\/strong>, oferece um golpe na garganta satisfat\u00f3rio e uma entrega suave de nicotina a 5% (50mg). O ecr\u00e3 integrado exibe claramente a dura\u00e7\u00e3o da bateria e os n\u00edveis de e-l\u00edquido, enquanto a velocidade <strong data-start=\"1089\" data-end=\"1121\">Vape recarreg\u00e1vel USB Tipo-C<\/strong> A funcionalidade mant\u00e9m-no ligado de forma r\u00e1pida e eficiente.<\/p>\n<p data-start=\"1184\" data-end=\"1471\">Compacto e ergon\u00f3mico, o I15 Pro \u00e9 perfeito para uso di\u00e1rio, viagens ou em ambientes sociais. Combinando um design elegante com alto desempenho, o <a href=\"https:\/\/vapebulkp.com\/pt\/product-category\/12000-puffs-disposable-vape\/\"><strong data-start=\"1323\" data-end=\"1354\">Vape Descart\u00e1vel de 12000 Puffs<\/strong><\/a> da ELFWORLD \u00e9 uma solu\u00e7\u00e3o fi\u00e1vel e premium para vapers que procuram conveni\u00eancia, estilo e sabor num s\u00f3 dispositivo.<\/p>\n<p><img decoding=\"async\" class=\"alignnone wp-image-2706\" src=\"http:\/\/vapebulkp.com\/wp-content\/uploads\/2024\/08\/ELF-WORLD-I15PRO-12k-Puffs-Wholeale-Vape.jpg\" alt=\"ELF WORLD I15PRO 12k Puffs Vape para Atacado\" width=\"426\" height=\"558\" srcset=\"https:\/\/vapebulkp.com\/wp-content\/uploads\/2024\/08\/ELF-WORLD-I15PRO-12k-Puffs-Wholeale-Vape.jpg 1416w, https:\/\/vapebulkp.com\/wp-content\/uploads\/2024\/08\/ELF-WORLD-I15PRO-12k-Puffs-Wholeale-Vape-229x300.jpg 229w, https:\/\/vapebulkp.com\/wp-content\/uploads\/2024\/08\/ELF-WORLD-I15PRO-12k-Puffs-Wholeale-Vape-781x1024.jpg 781w, https:\/\/vapebulkp.com\/wp-content\/uploads\/2024\/08\/ELF-WORLD-I15PRO-12k-Puffs-Wholeale-Vape-768x1007.jpg 768w, https:\/\/vapebulkp.com\/wp-content\/uploads\/2024\/08\/ELF-WORLD-I15PRO-12k-Puffs-Wholeale-Vape-1172x1536.jpg 1172w, https:\/\/vapebulkp.com\/wp-content\/uploads\/2024\/08\/ELF-WORLD-I15PRO-12k-Puffs-Wholeale-Vape-600x786.jpg 600w\" sizes=\"(max-width: 426px) 100vw, 426px\" \/><\/p>\n<h6>Por favor, contacte o WhatsApp da Mandy para um pre\u00e7o com desconto<a href=\"https:\/\/wa.me\/8618077105796\">+8618077105796<\/a><\/h6>\n<p><img decoding=\"async\" class=\"alignnone wp-image-2151\" src=\"http:\/\/vapebulkp.com\/wp-content\/uploads\/2024\/04\/Mandy-WhatsApp-Randm.jpg\" alt=\"Mandy WhatsApp Randm\" width=\"324\" height=\"330\" \/><\/p>\n<h2>Fica a saber mais sobre o ELFWORLD Vape 12k Puffs:<\/h2>\n<h5>Como usar o ELFWORLD I15 Pro Top Sale Vape 12k Puffs?<\/h5>\n<p>Passo 1. Antes de usar 12k baforadas, desligue o tubo de pl\u00e1stico.<\/p>\n<p>Passo 2. Espere cerca de 3 minutos para que o l\u00edquido entre na bobina interna.<\/p>\n<p>Passo 3. Desfrute<\/p>\n<h5>Como carregar o novo Vape Descart\u00e1vel ELFWORLD 12k Puffs?<\/h5>\n<p>N\u00e3o \u00e9 poss\u00edvel usar carregadores de carregamento r\u00e1pido, e a pot\u00eancia segura padr\u00e3o dos cigarros eletr\u00f3nicos descart\u00e1veis \u00e9 de 5V 1A.<\/p>\n<p>Cada tempo de carregamento n\u00e3o pode exceder 1 hora, e o tempo de carregamento seguro \u00e9 de meia hora.<\/p>\n<p><span style=\"color: #ff6600\">Aviso: n\u00e3o recarregue durante toda a noite!<\/span><\/p>\n<h5>Qual \u00e9 a capacidade de e-l\u00edquido do HQ ELFWORLD I15 Pro 12k Puffs?<\/h5>\n<p>18ml<\/p>\n<h5>4.Quantas baforadas posso dar neste Dispositivo Vape ELFWORLD I15 Pro 12000 Puffs com pre\u00e7o de atacado?<\/h5>\n<p>\u2014\u201312000Baforadas<\/p>\n<h3>Caracter\u00edsticas do Vape ELFWORLD I15 Pro 12k Puffs de Atacado:<\/h3>\n<p>&nbsp;<\/p>\n<ul>\n<li>18ml de L\u00edquido Pr\u00e9-preenchido<\/li>\n<li>5% (50mg) de Concentra\u00e7\u00e3o de Nicotina<\/li>\n<li>Tecnologia de Bobina de Malha<\/li>\n<li>Aproximadamente 12.000 Baforadas<\/li>\n<li>Bateria Recarreg\u00e1vel de 600mAh<\/li>\n<li>Ecr\u00e3 para Visualizar a Vida \u00datil da Bateria e o N\u00edvel do L\u00edquido<\/li>\n<li>Carregamento USB Tipo-C (cabo n\u00e3o inclu\u00eddo)<\/li>\n<li>Mecanismo Ativado por Aspira\u00e7\u00e3o<\/li>\n<li>Vaping MTL (Boca-Pulm\u00e3o)<\/li>\n<\/ul>\n<h3><strong>Sabores do Vape de Venda Quente ELFWORLD I15 Pro12k Puffs:<\/strong><\/h3>\n<p>1.Melancia Gelada<br \/>\n2. Gelo de Framboesa Azul<br \/>\n3.Morango G\u00e9lido<br \/>\n4.Baunilha Tabaco<br \/>\n5.Fruta do Drag\u00e3o e Bagas<br \/>\n6.Uva Sakura<br \/>\n7.P\u00eassego Manga<br \/>\n8.Doce Arco-\u00edris<br \/>\n9.Menta<br \/>\n10.Bagas Mistas<\/p>\n<p><a href=\"https:\/\/vapebulkp.com\/pt\/product\/popular-randm-tornado-7000puffs-disposable-vape-best-price\/\"><span style=\"vertical-align: inherit\">RandM Tornado 7000 Baforadas <\/span><\/a><\/p>\n<p><span style=\"vertical-align: inherit\">Encontre mais produtos que possa gostar:<\/span><em><a href=\"https:\/\/wa.me\/8618077105796\"><span style=\"vertical-align: inherit\">\u00a0Compre agora<\/span><\/a><\/em><\/p>\n<p><span style=\"vertical-align: inherit\">Outros Puffs Que Poder\u00e1 Gostar:<\/span><a href=\"https:\/\/vapebulkp.com\/pt\/product\/bang-with-a-vape-gear-20000-puffs-discount-price\/\"><span style=\"vertical-align: inherit\">Bang Gear Vape 20000 Puffs<\/span><\/a><span style=\"vertical-align: inherit\">\u3001<\/span><a href=\"https:\/\/vapebulkp.com\/pt\/product\/wholesale-randm-tornado-9000-puffs-germany\/\"><span style=\"vertical-align: inherit\">RandM 9000 Vapores<\/span><\/a><span style=\"vertical-align: inherit\">\/ <\/span><a href=\"https:\/\/vapebulkp.com\/pt\/fi\/product\/bang-30k-puffs-new-double-taste-good-vape\/\"><span style=\"vertical-align: inherit\">Bang Vape 30000 Puffs<\/span><\/a><span style=\"vertical-align: inherit\">\/ <\/span><a href=\"https:\/\/vapebulkp.com\/pt\/fi\/product\/uzy-bang-digital-12000puffs-led-display-e-cigarettes\/\"><span style=\"vertical-align: inherit\">UZY Bang Digital 15000 Puffs<\/span><\/a><\/p>\n<p><span style=\"vertical-align: inherit\">Garrafa de cigarro eletr\u00f3nico com formato especial:<\/span><a href=\"https:\/\/vapebulkp.com\/pt\/product\/uzy-bang-king-12k-disposable-vape-affordable-price\/\"><span style=\"vertical-align: inherit\"> Bang King 12 mil bafagadas<\/span><\/a><span style=\"vertical-align: inherit\">\/ <\/span><a href=\"https:\/\/vapebulkp.com\/pt\/fi\/product\/best-price-wga-crystal-pro-max-15k-puffs-original-vape\/\"><span style=\"vertical-align: inherit\">\u00a0WGA Crystal pro max 15k Puffs <\/span><\/a><span style=\"vertical-align: inherit\">\/<\/span><a href=\"https:\/\/vapebulkp.com\/pt\/product\/bang-tornado-12000-puffs-rechargeable-disposable-pod\/\"><span style=\"vertical-align: inherit\"> Bang Tornado 12000 Inala\u00e7\u00f5es<\/span><\/a><\/p>\n<h5>Qualifica\u00e7\u00e3o da Produ\u00e7\u00e3o:<\/h5>\n<p><img decoding=\"async\" class=\"alignnone size-full wp-image-1841\" src=\"http:\/\/vapebulkp.com\/wp-content\/uploads\/2023\/11\/Vape-production-process-2.jpeg\" alt=\"Processo de produ\u00e7\u00e3o de vape\" width=\"650\" height=\"434\" srcset=\"https:\/\/vapebulkp.com\/wp-content\/uploads\/2023\/11\/Vape-production-process-2.jpeg 650w, https:\/\/vapebulkp.com\/wp-content\/uploads\/2023\/11\/Vape-production-process-2-300x200.jpeg 300w, https:\/\/vapebulkp.com\/wp-content\/uploads\/2023\/11\/Vape-production-process-2-600x401.jpeg 600w\" sizes=\"(max-width: 650px) 100vw, 650px\" \/><\/p>\n<p><img decoding=\"async\" class=\"alignnone size-full wp-image-1843\" src=\"http:\/\/vapebulkp.com\/wp-content\/uploads\/2023\/11\/Vape-production-process.jpeg\" alt=\"Processo de produ\u00e7\u00e3o de vape\" width=\"641\" height=\"1026\" srcset=\"https:\/\/vapebulkp.com\/wp-content\/uploads\/2023\/11\/Vape-production-process.jpeg 641w, https:\/\/vapebulkp.com\/wp-content\/uploads\/2023\/11\/Vape-production-process-187x300.jpeg 187w, https:\/\/vapebulkp.com\/wp-content\/uploads\/2023\/11\/Vape-production-process-640x1024.jpeg 640w, https:\/\/vapebulkp.com\/wp-content\/uploads\/2023\/11\/Vape-production-process-600x960.jpeg 600w\" sizes=\"(max-width: 641px) 100vw, 641px\" \/><\/p>\n<h4>Perguntas Frequentes:<\/h4>\n<p>P: Qual \u00e9 o MOQ do vape ELF WORLD I15 Pro 12k Puffs?<br \/>\nR: A encomenda m\u00ednima \u00e9 de 100 unidades.<br \/>\nP: Qual \u00e9 o tempo de entrega para o vaporizador encomendado?<br \/>\nR: Geralmente s\u00e3o 10-15 dias ap\u00f3s o envio<br \/>\nP: Quanto custa o frete? R: O custo do frete depende do peso. Quantidades diferentes t\u00eam custos de frete diferentes, entre em contato conosco para confirmar o custo do frete.<\/p>\n<h4>Detalhes de envio:<\/h4>\n<p><span style=\"color: #ff6600\">Tempo de produ\u00e7\u00e3o: 5-10 dias \u00fateis<\/span><br \/>\n<span style=\"color: #ff6600\">Tempo de envio: 8-14 dias \u00fateis<\/span><\/p>\n<p>Todos os produtos na nossa loja s\u00e3o 100% originais e aut\u00eanticos, por isso a nossa pol\u00edtica \u00e9 dez vezes a compensa\u00e7\u00e3o por produtos falsificados. Usamos canais de log\u00edstica como UPS\/DHL\/FEDEX\/DPD para entregar os produtos a si.<\/p>\n<p>Para encomendas enviadas para Portugal, a chegada demora geralmente 10 dias \u00fateis. O envio para outros pa\u00edses europeus geralmente demora de 12 a 15 dias \u00fateis a chegar. Atualizaremos as informa\u00e7\u00f5es de log\u00edstica para si em tempo real.<\/p>","protected":false},"excerpt":{"rendered":"<p>O Melhor Vape Descart\u00e1vel ELFWORLD I15 Pro 12k Puffs apresenta um reservat\u00f3rio de 18ml de e-l\u00edquido pr\u00e9-preenchido e uma bateria recarreg\u00e1vel de 600mAh. Inclui tamb\u00e9m um ecr\u00e3 que mostra tanto a vida \u00fatil da bateria como os n\u00edveis de l\u00edquido, e pode fornecer um impressionante n\u00famero de 12.000 inala\u00e7\u00f5es.<\/p>\n<p>Por favor, contacte o WhatsApp da Mandy para um pre\u00e7o com desconto<a href=\"https:\/\/wa.me\/8618077105796\">+8618077105796<\/a><\/p>\n<p><img decoding=\"async\" class=\"alignnone wp-image-2151\" src=\"http:\/\/vapebulkp.com\/wp-content\/uploads\/2024\/04\/Mandy-WhatsApp-Randm.jpg\" alt=\"Mandy WhatsApp Randm\" width=\"297\" height=\"316\" srcset=\"https:\/\/vapebulkp.com\/wp-content\/uploads\/2024\/04\/Mandy-WhatsApp-Randm.jpg 916w, https:\/\/vapebulkp.com\/wp-content\/uploads\/2024\/04\/Mandy-WhatsApp-Randm-282x300.jpg 282w, https:\/\/vapebulkp.com\/wp-content\/uploads\/2024\/04\/Mandy-WhatsApp-Randm-768x817.jpg 768w, https:\/\/vapebulkp.com\/wp-content\/uploads\/2024\/04\/Mandy-WhatsApp-Randm-600x638.jpg 600w\" sizes=\"(max-width: 297px) 100vw, 297px\" \/><\/p>\n<p><span style=\"color: #ff0000\">NOTA: Os pre\u00e7os no nosso site n\u00e3o incluem os custos de envio<\/span><\/p>\n<p>&nbsp;<\/p>","protected":false},"featured_media":2707,"comment_status":"open","ping_status":"closed","template":"","meta":{"_uag_custom_page_level_css":"","_lmt_disableupdate":"no","_lmt_disable":"","site-sidebar-layout":"default","site-content-layout":"content-boxed-container","ast-site-content-layout":"normal-width-container","site-content-style":"boxed","site-sidebar-style":"unboxed","ast-global-header-display":"","ast-banner-title-visibility":"","ast-main-header-display":"","ast-hfb-above-header-display":"","ast-hfb-below-header-display":"","ast-hfb-mobile-header-display":"","site-post-title":"","ast-breadcrumbs-content":"","ast-featured-img":"","footer-sml-layout":"","theme-transparent-header-meta":"default","adv-header-id-meta":"","stick-header-meta":"","header-above-stick-meta":"","header-main-stick-meta":"","header-below-stick-meta":"","astra-migrate-meta-layouts":"set","_joinchat":[]},"product_cat":[166,348,33,59,100,87,34,158,157,154,152,58,84,156,63,32],"product_tag":[36,37,41,40],"class_list":["post-2713","product","type-product","status-publish","has-post-thumbnail","hentry","product_cat-12000-puffs-disposable-vape","product_cat-elf-world-vape","product_cat-france-vape-hot-sale","product_cat-germany-hot-disposable-vape","product_cat-germany-wholesale-vape-shop","product_cat-minimum-order-quantity-50pcs","product_cat-netherlands-vape-good-sale","product_cat-norway-hot-disposable-vapes","product_cat-poland-hot-disposable-vapes","product_cat-portugal-hot-disposable-vapes","product_cat-spain-hot-disposable-vapes","product_cat-sweden-hot-disposable-vape","product_cat-sweden-wholesale-vape","product_cat-switzerland-hot-disposable-vapes","product_cat-top-sale-disposable-vape","product_cat-vape-hot-sale-this-week","product_tag-good-vape","product_tag-hot-sale-disposable-vape","product_tag-poland-hot-vape","product_tag-sweden-hot-vape","pa_brand-elf-world-vape","desktop-align-left","tablet-align-left","mobile-align-left"],"yoast_head":"<!-- This site is optimized with the Yoast SEO plugin v21.1 - https:\/\/yoast.com\/wordpress\/plugins\/seo\/ -->\n<title>Best ELFWORLD I15 Pro Disposable Vape 12k Puffs - vapebulkp.com<\/title>\n<meta name=\"description\" content=\"Best ELFWORLD I15 Pro Disposable Vape 12k Puffs features 18ml of pre-filled vape juice, a rechargeable 600mAh battery, and a screen that displays both battery life and juice level. It is capable of delivering up to 12,000 puffs.\" \/>\n<meta name=\"robots\" content=\"index, follow, max-snippet:-1, max-image-preview:large, max-video-preview:-1\" \/>\n<link rel=\"canonical\" href=\"https:\/\/vapebulkp.com\/pt\/product\/best-elfworld-i15-pro-disposable-vape-12k-puffs\/\" \/>\n<meta property=\"og:locale\" content=\"pt_PT\" \/>\n<meta property=\"og:type\" content=\"article\" \/>\n<meta property=\"og:title\" content=\"Best ELFWORLD I15 Pro Disposable Vape 12k Puffs - vapebulkp.com\" \/>\n<meta property=\"og:description\" content=\"Best ELFWORLD I15 Pro Disposable Vape 12k Puffs features 18ml of pre-filled vape juice, a rechargeable 600mAh battery, and a screen that displays both battery life and juice level. It is capable of delivering up to 12,000 puffs.\" \/>\n<meta property=\"og:url\" content=\"https:\/\/vapebulkp.com\/pt\/product\/best-elfworld-i15-pro-disposable-vape-12k-puffs\/\" \/>\n<meta property=\"og:site_name\" content=\"vapebulkp.com\" \/>\n<meta property=\"article:modified_time\" content=\"2025-09-24T03:24:25+00:00\" \/>\n<meta property=\"og:image\" content=\"http:\/\/vapebulkp.com\/wp-content\/uploads\/2024\/08\/ELF-WORLD-I15PRO-12k-Top-Sale-Vape-12k-Puffs-scaled.jpg\" \/>\n\t<meta property=\"og:image:width\" content=\"2560\" \/>\n\t<meta property=\"og:image:height\" content=\"2434\" \/>\n\t<meta property=\"og:image:type\" content=\"image\/jpeg\" \/>\n<meta name=\"twitter:card\" content=\"summary_large_image\" \/>\n<meta name=\"twitter:label1\" content=\"Tempo estimado de leitura\" \/>\n\t<meta name=\"twitter:data1\" content=\"4 minutos\" \/>\n<script type=\"application\/ld+json\" class=\"yoast-schema-graph\">{\"@context\":\"https:\/\/schema.org\",\"@graph\":[{\"@type\":\"WebPage\",\"@id\":\"https:\/\/vapebulkp.com\/product\/best-elfworld-i15-pro-disposable-vape-12k-puffs\/\",\"url\":\"https:\/\/vapebulkp.com\/product\/best-elfworld-i15-pro-disposable-vape-12k-puffs\/\",\"name\":\"Best ELFWORLD I15 Pro Disposable Vape 12k Puffs - vapebulkp.com\",\"isPartOf\":{\"@id\":\"https:\/\/vapebulkp.com\/#website\"},\"datePublished\":\"2024-08-07T08:58:18+00:00\",\"dateModified\":\"2025-09-24T03:24:25+00:00\",\"description\":\"Best ELFWORLD I15 Pro Disposable Vape 12k Puffs features 18ml of pre-filled vape juice, a rechargeable 600mAh battery, and a screen that displays both battery life and juice level. It is capable of delivering up to 12,000 puffs.\",\"breadcrumb\":{\"@id\":\"https:\/\/vapebulkp.com\/product\/best-elfworld-i15-pro-disposable-vape-12k-puffs\/#breadcrumb\"},\"inLanguage\":\"pt-PT\",\"potentialAction\":[{\"@type\":\"ReadAction\",\"target\":[\"https:\/\/vapebulkp.com\/product\/best-elfworld-i15-pro-disposable-vape-12k-puffs\/\"]}]},{\"@type\":\"BreadcrumbList\",\"@id\":\"https:\/\/vapebulkp.com\/product\/best-elfworld-i15-pro-disposable-vape-12k-puffs\/#breadcrumb\",\"itemListElement\":[{\"@type\":\"ListItem\",\"position\":1,\"name\":\"Home\",\"item\":\"https:\/\/vapebulkp.com\/\"},{\"@type\":\"ListItem\",\"position\":2,\"name\":\"Hot Trend Vapes\",\"item\":\"https:\/\/vapebulkp.com\/vape-shop\/\"},{\"@type\":\"ListItem\",\"position\":3,\"name\":\"Best ELFWORLD I15 Pro Disposable Vape 12k Puffs\"}]},{\"@type\":\"WebSite\",\"@id\":\"https:\/\/vapebulkp.com\/#website\",\"url\":\"https:\/\/vapebulkp.com\/\",\"name\":\"vapebulkp.com\",\"description\":\"Buy Vape In Cheap Bulk Price Near you\",\"publisher\":{\"@id\":\"https:\/\/vapebulkp.com\/#organization\"},\"potentialAction\":[{\"@type\":\"SearchAction\",\"target\":{\"@type\":\"EntryPoint\",\"urlTemplate\":\"https:\/\/vapebulkp.com\/?s={search_term_string}\"},\"query-input\":\"required name=search_term_string\"}],\"inLanguage\":\"pt-PT\"},{\"@type\":\"Organization\",\"@id\":\"https:\/\/vapebulkp.com\/#organization\",\"name\":\"vapebulkp.com\",\"url\":\"https:\/\/vapebulkp.com\/\",\"logo\":{\"@type\":\"ImageObject\",\"inLanguage\":\"pt-PT\",\"@id\":\"https:\/\/vapebulkp.com\/#\/schema\/logo\/image\/\",\"url\":\"https:\/\/vapebulkp.com\/wp-content\/uploads\/2023\/09\/cropped-vapebulkp.png\",\"contentUrl\":\"https:\/\/vapebulkp.com\/wp-content\/uploads\/2023\/09\/cropped-vapebulkp.png\",\"width\":516,\"height\":163,\"caption\":\"vapebulkp.com\"},\"image\":{\"@id\":\"https:\/\/vapebulkp.com\/#\/schema\/logo\/image\/\"}}]}<\/script>\n<!-- \/ Yoast SEO plugin. -->","yoast_head_json":{"title":"Best ELFWORLD I15 Pro Disposable Vape 12k Puffs - vapebulkp.com","description":"Best ELFWORLD I15 Pro Disposable Vape 12k Puffs features 18ml of pre-filled vape juice, a rechargeable 600mAh battery, and a screen that displays both battery life and juice level. It is capable of delivering up to 12,000 puffs.","robots":{"index":"index","follow":"follow","max-snippet":"max-snippet:-1","max-image-preview":"max-image-preview:large","max-video-preview":"max-video-preview:-1"},"canonical":"https:\/\/vapebulkp.com\/pt\/product\/best-elfworld-i15-pro-disposable-vape-12k-puffs\/","og_locale":"pt_PT","og_type":"article","og_title":"Best ELFWORLD I15 Pro Disposable Vape 12k Puffs - vapebulkp.com","og_description":"Best ELFWORLD I15 Pro Disposable Vape 12k Puffs features 18ml of pre-filled vape juice, a rechargeable 600mAh battery, and a screen that displays both battery life and juice level. It is capable of delivering up to 12,000 puffs.","og_url":"https:\/\/vapebulkp.com\/pt\/product\/best-elfworld-i15-pro-disposable-vape-12k-puffs\/","og_site_name":"vapebulkp.com","article_modified_time":"2025-09-24T03:24:25+00:00","og_image":[{"width":2560,"height":2434,"url":"http:\/\/vapebulkp.com\/wp-content\/uploads\/2024\/08\/ELF-WORLD-I15PRO-12k-Top-Sale-Vape-12k-Puffs-scaled.jpg","type":"image\/jpeg"}],"twitter_card":"summary_large_image","twitter_misc":{"Tempo estimado de leitura":"4 minutos"},"schema":{"@context":"https:\/\/schema.org","@graph":[{"@type":"WebPage","@id":"https:\/\/vapebulkp.com\/product\/best-elfworld-i15-pro-disposable-vape-12k-puffs\/","url":"https:\/\/vapebulkp.com\/product\/best-elfworld-i15-pro-disposable-vape-12k-puffs\/","name":"Best ELFWORLD I15 Pro Disposable Vape 12k Puffs - vapebulkp.com","isPartOf":{"@id":"https:\/\/vapebulkp.com\/#website"},"datePublished":"2024-08-07T08:58:18+00:00","dateModified":"2025-09-24T03:24:25+00:00","description":"Best ELFWORLD I15 Pro Disposable Vape 12k Puffs features 18ml of pre-filled vape juice, a rechargeable 600mAh battery, and a screen that displays both battery life and juice level. It is capable of delivering up to 12,000 puffs.","breadcrumb":{"@id":"https:\/\/vapebulkp.com\/product\/best-elfworld-i15-pro-disposable-vape-12k-puffs\/#breadcrumb"},"inLanguage":"pt-PT","potentialAction":[{"@type":"ReadAction","target":["https:\/\/vapebulkp.com\/product\/best-elfworld-i15-pro-disposable-vape-12k-puffs\/"]}]},{"@type":"BreadcrumbList","@id":"https:\/\/vapebulkp.com\/product\/best-elfworld-i15-pro-disposable-vape-12k-puffs\/#breadcrumb","itemListElement":[{"@type":"ListItem","position":1,"name":"Home","item":"https:\/\/vapebulkp.com\/"},{"@type":"ListItem","position":2,"name":"Hot Trend Vapes","item":"https:\/\/vapebulkp.com\/vape-shop\/"},{"@type":"ListItem","position":3,"name":"Best ELFWORLD I15 Pro Disposable Vape 12k Puffs"}]},{"@type":"WebSite","@id":"https:\/\/vapebulkp.com\/#website","url":"https:\/\/vapebulkp.com\/","name":"vapebulkp.com","description":"Buy Vape In Cheap Bulk Price Near you","publisher":{"@id":"https:\/\/vapebulkp.com\/#organization"},"potentialAction":[{"@type":"SearchAction","target":{"@type":"EntryPoint","urlTemplate":"https:\/\/vapebulkp.com\/?s={search_term_string}"},"query-input":"required name=search_term_string"}],"inLanguage":"pt-PT"},{"@type":"Organization","@id":"https:\/\/vapebulkp.com\/#organization","name":"vapebulkp.com","url":"https:\/\/vapebulkp.com\/","logo":{"@type":"ImageObject","inLanguage":"pt-PT","@id":"https:\/\/vapebulkp.com\/#\/schema\/logo\/image\/","url":"https:\/\/vapebulkp.com\/wp-content\/uploads\/2023\/09\/cropped-vapebulkp.png","contentUrl":"https:\/\/vapebulkp.com\/wp-content\/uploads\/2023\/09\/cropped-vapebulkp.png","width":516,"height":163,"caption":"vapebulkp.com"},"image":{"@id":"https:\/\/vapebulkp.com\/#\/schema\/logo\/image\/"}}]}},"uagb_featured_image_src":{"full":["https:\/\/vapebulkp.com\/wp-content\/uploads\/2024\/08\/ELF-WORLD-I15PRO-12k-Top-Sale-Vape-12k-Puffs-scaled.jpg",2560,2434,false],"thumbnail":["https:\/\/vapebulkp.com\/wp-content\/uploads\/2024\/08\/ELF-WORLD-I15PRO-12k-Top-Sale-Vape-12k-Puffs-150x150.jpg",150,150,true],"medium":["https:\/\/vapebulkp.com\/wp-content\/uploads\/2024\/08\/ELF-WORLD-I15PRO-12k-Top-Sale-Vape-12k-Puffs-300x285.jpg",300,285,true],"medium_large":["https:\/\/vapebulkp.com\/wp-content\/uploads\/2024\/08\/ELF-WORLD-I15PRO-12k-Top-Sale-Vape-12k-Puffs-768x730.jpg",768,730,true],"large":["https:\/\/vapebulkp.com\/wp-content\/uploads\/2024\/08\/ELF-WORLD-I15PRO-12k-Top-Sale-Vape-12k-Puffs-1024x974.jpg",1024,974,true],"1536x1536":["https:\/\/vapebulkp.com\/wp-content\/uploads\/2024\/08\/ELF-WORLD-I15PRO-12k-Top-Sale-Vape-12k-Puffs-1536x1461.jpg",1536,1461,true],"2048x2048":["https:\/\/vapebulkp.com\/wp-content\/uploads\/2024\/08\/ELF-WORLD-I15PRO-12k-Top-Sale-Vape-12k-Puffs-2048x1947.jpg",2048,1947,true],"trp-custom-language-flag":["https:\/\/vapebulkp.com\/wp-content\/uploads\/2024\/08\/ELF-WORLD-I15PRO-12k-Top-Sale-Vape-12k-Puffs-scaled.jpg",13,12,false],"woocommerce_thumbnail":["https:\/\/vapebulkp.com\/wp-content\/uploads\/2024\/08\/ELF-WORLD-I15PRO-12k-Top-Sale-Vape-12k-Puffs-300x300.jpg",300,300,true],"woocommerce_single":["https:\/\/vapebulkp.com\/wp-content\/uploads\/2024\/08\/ELF-WORLD-I15PRO-12k-Top-Sale-Vape-12k-Puffs-600x571.jpg",600,571,true],"woocommerce_gallery_thumbnail":["https:\/\/vapebulkp.com\/wp-content\/uploads\/2024\/08\/ELF-WORLD-I15PRO-12k-Top-Sale-Vape-12k-Puffs-100x100.jpg",100,100,true],"wcpr-photo-reviews":["https:\/\/vapebulkp.com\/wp-content\/uploads\/2024\/08\/ELF-WORLD-I15PRO-12k-Top-Sale-Vape-12k-Puffs-scaled.jpg",500,475,false]},"uagb_author_info":{"display_name":"Mandy vape bulk price","author_link":"https:\/\/vapebulkp.com\/pt\/author\/"},"uagb_comment_info":0,"uagb_excerpt":"Best ELFWORLD I15 Pro Disposable Vape 12k Puffs features an 18ml reservoir of pre-filled vape juice and a rechargeable 600mAh battery. It also includes a screen that displays both battery life and juice levels, and it can deliver an impressive 12,000 puffs. Pls Contact Mandy's WhatsApp For Discount Price+8618077105796 NOTE: Prices on our website does&hellip;","_links":{"self":[{"href":"https:\/\/vapebulkp.com\/pt\/wp-json\/wp\/v2\/product\/2713","targetHints":{"allow":["GET"]}}],"collection":[{"href":"https:\/\/vapebulkp.com\/pt\/wp-json\/wp\/v2\/product"}],"about":[{"href":"https:\/\/vapebulkp.com\/pt\/wp-json\/wp\/v2\/types\/product"}],"replies":[{"embeddable":true,"href":"https:\/\/vapebulkp.com\/pt\/wp-json\/wp\/v2\/comments?post=2713"}],"wp:featuredmedia":[{"embeddable":true,"href":"https:\/\/vapebulkp.com\/pt\/wp-json\/wp\/v2\/media\/2707"}],"wp:attachment":[{"href":"https:\/\/vapebulkp.com\/pt\/wp-json\/wp\/v2\/media?parent=2713"}],"wp:term":[{"taxonomy":"product_cat","embeddable":true,"href":"https:\/\/vapebulkp.com\/pt\/wp-json\/wp\/v2\/product_cat?post=2713"},{"taxonomy":"product_tag","embeddable":true,"href":"https:\/\/vapebulkp.com\/pt\/wp-json\/wp\/v2\/product_tag?post=2713"}],"curies":[{"name":"wp","href":"https:\/\/api.w.org\/{rel}","templated":true}]}}