{"id":2941,"date":"2024-09-25T10:02:50","date_gmt":"2024-09-25T08:02:50","guid":{"rendered":"https:\/\/vapebulkp.com\/?post_type=product&#038;p=2941"},"modified":"2025-09-24T05:47:17","modified_gmt":"2025-09-24T03:47:17","slug":"vozol-vista-20000-puff-rechargeable-vape-cheap-price-today","status":"publish","type":"product","link":"https:\/\/vapebulkp.com\/pt\/product\/vozol-vista-20000-puff-rechargeable-vape-cheap-price-today\/","title":{"rendered":"Vozol Vista Vape Recarreg\u00e1vel 20000 Puffs Pre\u00e7o Baixo Hoje"},"content":{"rendered":"<h2 style=\"text-align: left\">Vozol Vista Vape Recarreg\u00e1vel 20000 Puffs Pre\u00e7o Baixo Hoje<\/h2>\n<p data-start=\"310\" data-end=\"689\">O <strong data-start=\"354\" data-end=\"397\">Vape Descart\u00e1vel Vozol Vista 20000 Puffs<\/strong> oferece um desempenho duradouro para vapers europeus s\u00e9rios. Com mais de 20.000 puffs e uma bateria recarreg\u00e1vel de 650mAh, combina resist\u00eancia com conveni\u00eancia para uso di\u00e1rio ou em viagens. O ecr\u00e3 OLED incorporado exibe o n\u00edvel da bateria e do l\u00edquido, mantendo cada sess\u00e3o sob controlo.<\/p>\n<p data-start=\"691\" data-end=\"1018\">Equipado com bobinas de malha dupla S.i.L.C Tech, este <a href=\"https:\/\/vapebulkp.com\/pt\/product-category\/20000-puffs-disposable-vape\/\"><strong data-start=\"740\" data-end=\"771\">Vape Descart\u00e1vel de 20000 Puffs<\/strong><\/a> produz vapor denso e sabor rico, perfeito para entusiastas de vaporiza\u00e7\u00e3o boca-a-pulm\u00e3o (MTL). Seis n\u00edveis de pot\u00eancia permitem o ajuste preciso da intensidade do sabor e da produ\u00e7\u00e3o de nuvens, atendendo a prefer\u00eancias de nicotina em sal, tanto moderadas quanto fortes.<\/p>\n<p data-start=\"1020\" data-end=\"1278\">Constru\u00eddo com materiais recicl\u00e1veis 65% PCR, o Vozol Vista 20k puffs Vape Pods oferece uma op\u00e7\u00e3o ecologicamente consciente para utilizadores de alta capacidade. <strong data-start=\"1127\" data-end=\"1159\">vaporizador descart\u00e1vel recarreg\u00e1vel<\/strong> utilizadores. Compacto, elegante e pronto para venda a granel, \u00e9 ideal para retalhistas da UE que procuram um produto fi\u00e1vel e de alta procura.<\/p>\n<h6 style=\"text-align: left\"><img decoding=\"async\" class=\"alignnone wp-image-2943\" src=\"http:\/\/vapebulkp.com\/wp-content\/uploads\/2024\/09\/VOZOL-VISTA-20000-Puffs-Top-Sale-Vape-1-1-e1727254794504.png\" alt=\"VOZOL VISTA 20000 Puffs Vape Mais Vendido\" width=\"958\" height=\"385\" srcset=\"https:\/\/vapebulkp.com\/wp-content\/uploads\/2024\/09\/VOZOL-VISTA-20000-Puffs-Top-Sale-Vape-1-1-e1727254794504.png 3441w, https:\/\/vapebulkp.com\/wp-content\/uploads\/2024\/09\/VOZOL-VISTA-20000-Puffs-Top-Sale-Vape-1-1-e1727254794504-300x121.png 300w, https:\/\/vapebulkp.com\/wp-content\/uploads\/2024\/09\/VOZOL-VISTA-20000-Puffs-Top-Sale-Vape-1-1-e1727254794504-1024x412.png 1024w, https:\/\/vapebulkp.com\/wp-content\/uploads\/2024\/09\/VOZOL-VISTA-20000-Puffs-Top-Sale-Vape-1-1-e1727254794504-768x309.png 768w, https:\/\/vapebulkp.com\/wp-content\/uploads\/2024\/09\/VOZOL-VISTA-20000-Puffs-Top-Sale-Vape-1-1-e1727254794504-1536x618.png 1536w, https:\/\/vapebulkp.com\/wp-content\/uploads\/2024\/09\/VOZOL-VISTA-20000-Puffs-Top-Sale-Vape-1-1-e1727254794504-2048x824.png 2048w, https:\/\/vapebulkp.com\/wp-content\/uploads\/2024\/09\/VOZOL-VISTA-20000-Puffs-Top-Sale-Vape-1-1-e1727254794504-600x241.png 600w\" sizes=\"(max-width: 958px) 100vw, 958px\" \/><\/h6>\n<h6>Por favor, contacte o WhatsApp da Mandy para um pre\u00e7o com desconto<a href=\"https:\/\/wa.me\/8618077105796\">+8618077105796<\/a><\/h6>\n<p><img decoding=\"async\" class=\"alignnone wp-image-2151\" src=\"http:\/\/vapebulkp.com\/wp-content\/uploads\/2024\/04\/Mandy-WhatsApp-Randm.jpg\" alt=\"Mandy WhatsApp Randm\" width=\"287\" height=\"305\" srcset=\"https:\/\/vapebulkp.com\/wp-content\/uploads\/2024\/04\/Mandy-WhatsApp-Randm.jpg 916w, https:\/\/vapebulkp.com\/wp-content\/uploads\/2024\/04\/Mandy-WhatsApp-Randm-282x300.jpg 282w, https:\/\/vapebulkp.com\/wp-content\/uploads\/2024\/04\/Mandy-WhatsApp-Randm-768x817.jpg 768w, https:\/\/vapebulkp.com\/wp-content\/uploads\/2024\/04\/Mandy-WhatsApp-Randm-600x638.jpg 600w\" sizes=\"(max-width: 287px) 100vw, 287px\" \/><\/p>\n<h2>Pens\u00e1mos que gostaria de saber sobre <strong>VOZOL VISTA 20000 Puffs vaporizador vozol<\/strong>\uff1a<\/h2>\n<p>&nbsp;<\/p>\n<ul>\n<li>\n<h6><strong>Qual \u00e9 o benef\u00edcio do ecr\u00e3 OLED no VOZOL VISTA 20k Puffs?<\/strong><\/h6>\n<p>O ecr\u00e3 OLED permite aos utilizadores monitorizar facilmente o n\u00edvel da bateria e do l\u00edquido, garantindo que nunca fica sem inesperadamente durante as suas sess\u00f5es de vaporiza\u00e7\u00e3o.<\/li>\n<li>\n<h6><strong>Quantos puffs posso esperar do vape descart\u00e1vel VOZOL VISTA 20000 Puffs?<\/strong><\/h6>\n<p>Este vape descart\u00e1vel oferece impressionantes 20.000+ puffs, tornando-o uma das op\u00e7\u00f5es de maior dura\u00e7\u00e3o no mercado para aqueles que procuram uso prolongado.<\/li>\n<li>\n<h6><strong>Posso ajustar a pot\u00eancia no VOZOL VISTA?<\/strong><\/h6>\n<p>Sim, o VOZOL VISTA possui um ajuste de pot\u00eancia de 6 n\u00edveis, permitindo-lhe personalizar a sua experi\u00eancia de vaporiza\u00e7\u00e3o com base nas suas prefer\u00eancias de sabor e produ\u00e7\u00e3o de vapor.<\/li>\n<li>\n<h6><strong>Quanto tempo demora a carregar completamente a bateria de 650mAh do VOZOL VISTA?<\/strong><\/h6>\n<p>A bateria recarreg\u00e1vel de 650mAh pode ser totalmente carregada em apenas 45 minutos, proporcionando conveni\u00eancia r\u00e1pida para utilizadores que est\u00e3o sempre em movimento.<\/li>\n<li>\n<h6><strong>Que tipo de coil utiliza o VOZOL VISTA para um melhor sabor?<\/strong><\/h6>\n<p>Utiliza a coil de malha dupla S.i.L.C Tech, que melhora o sabor e a produ\u00e7\u00e3o de vapor, tornando-a uma \u00f3tima escolha para quem aprecia experi\u00eancias de vaporiza\u00e7\u00e3o ricas.<\/li>\n<li>\n<h6><strong>O VOZOL VISTA \u00e9 amigo do ambiente?<\/strong><\/h6>\n<p>Sim, os materiais utilizados no VOZOL VISTA incluem 65% PCR (pl\u00e1stico recicl\u00e1vel e ecol\u00f3gico), tornando-o uma op\u00e7\u00e3o mais sustent\u00e1vel para vapers conscientes.<\/li>\n<li>\n<h6><strong>O VOZOL VISTA \u00e9 adequado para vaporiza\u00e7\u00e3o MTL?<\/strong><\/h6>\n<p>Absolutamente! O design \u00e9 otimizado para vaporiza\u00e7\u00e3o boca-a-pulm\u00e3o (MTL), tornando-o ideal tanto para utilizadores novos como experientes que preferem este estilo de vaporiza\u00e7\u00e3o.<\/li>\n<\/ul>\n<h3><strong>Caracter\u00edsticas do Vape Descart\u00e1vel VOZOL VISTA 20000 Puffs:<\/strong><\/h3>\n<ul>\n<li><strong>Ecr\u00e3 OLED:<\/strong> Monitorize facilmente o n\u00edvel da bateria e do l\u00edquido para uma experi\u00eancia de vaporiza\u00e7\u00e3o otimizada.<\/li>\n<li><strong>Contagem Impressionante de Puffs:<\/strong> Desfrute de mais de 20.000 puffs, tornando-o um dos vapes descart\u00e1veis de maior dura\u00e7\u00e3o dispon\u00edveis.<\/li>\n<li><strong>Pot\u00eancia Ajust\u00e1vel:<\/strong> Personalize a sua experi\u00eancia com um ajuste de pot\u00eancia de 6 n\u00edveis para uma vaporiza\u00e7\u00e3o \u00e0 medida.<\/li>\n<li><strong>Recarga R\u00e1pida:<\/strong> Possui uma bateria recarreg\u00e1vel de 650mAh que carrega totalmente em apenas 45 minutos para conveni\u00eancia.<\/li>\n<li><strong>Tecnologia Avan\u00e7ada de Coil:<\/strong> Equipado com coil de malha dupla S.i.L.C Tech para um sabor e produ\u00e7\u00e3o de vapor aprimorados.<\/li>\n<li><strong>Chip de Processamento Fi\u00e1vel:<\/strong> Utiliza um chip MCU para um desempenho e seguran\u00e7a melhorados.<\/li>\n<li><strong>Materiais Ecol\u00f3gicos:<\/strong> Constru\u00eddo com 65% de PCR (pl\u00e1stico ecol\u00f3gico recicl\u00e1vel) para minimizar o impacto ambiental.<\/li>\n<li><strong>Vaping MTL:<\/strong> Projetado para vaping boca-a-pulm\u00e3o, atendendo tanto a iniciantes quanto a utilizadores experientes.<\/li>\n<\/ul>\n<p>&nbsp;<\/p>\n<h3><strong>\u00a0 Vape Popular <\/strong>Vozol Vista 20000 Puffs Op\u00e7\u00f5es de vape acess\u00edveis<strong>\u00a0Sabores:<\/strong><\/h3>\n<ol>\n<li>Gelo Blue Razz<\/li>\n<li>Cereja Cola<\/li>\n<li>Uva Gelo<\/li>\n<li>Lim\u00e3o Lima<\/li>\n<li>Gelo de Manga<\/li>\n<li>Hortel\u00e3 de Miami<\/li>\n<li>Frutos Vermelhos Mistos<\/li>\n<li>P\u00eassego Manga Melancia<\/li>\n<li>Framboesa Melancia<\/li>\n<li>Gelo de Ma\u00e7\u00e3 \u00c1cida<\/li>\n<li>Morango Manga<\/li>\n<li>Morango Framboesa Cereja<\/li>\n<li>Tabaco Vanicreme<\/li>\n<li>Goma de Mascar de Melancia<\/li>\n<\/ol>\n<p><a href=\"https:\/\/vapebulkp.com\/pt\/product\/popular-randm-tornado-7000puffs-disposable-vape-best-price\/\"><span style=\"vertical-align: inherit\">RandM Tornado 7000 Baforadas <\/span><\/a><\/p>\n<p><span style=\"vertical-align: inherit\">Encontre mais produtos que possa gostar:<\/span><em><a href=\"https:\/\/wa.me\/8618077105796\"><span style=\"vertical-align: inherit\">\u00a0Compre agora<\/span><\/a><\/em><\/p>\n<p><span style=\"vertical-align: inherit\">Outros Puffs Que Poder\u00e1 Gostar:<\/span><a href=\"https:\/\/vapebulkp.com\/pt\/product\/uzy-bang-king-12k-disposable-vape-affordable-price\/\"><span style=\"vertical-align: inherit\">UZY Bang King 12000 Puffs<\/span><\/a><span style=\"vertical-align: inherit\">\u3001<\/span><a href=\"https:\/\/vapebulkp.com\/pt\/product\/wholesale-randm-tornado-9000-puffs-germany\/\"><span style=\"vertical-align: inherit\">RandM 9000 Vapores<\/span><\/a><span style=\"vertical-align: inherit\">\/ <\/span><a href=\"https:\/\/vapebulkp.com\/pt\/product\/bang-king-12000puffs\/\"><span style=\"vertical-align: inherit\">Bang King 12000 Inala\u00e7\u00f5es<\/span><\/a><span style=\"vertical-align: inherit\">\/ <\/span><a href=\"https:\/\/vapebulkp.com\/pt\/product\/wholesale-tornado-rum-bar-9000-puffs-sweden\/\"><span style=\"vertical-align: inherit\">Rumbar 9000Vapores<\/span><\/a><\/p>\n<p><span style=\"vertical-align: inherit\">Garrafa de cigarro eletr\u00f3nico com formato especial:<\/span><a href=\"https:\/\/vapebulkp.com\/pt\/product\/wholesale-kulx-8000-puffs-disposable-vape\/\"><span style=\"vertical-align: inherit\">\u00a0Kulx 8000 Baforadas<\/span><\/a><span style=\"vertical-align: inherit\">\/ <\/span><a href=\"https:\/\/vapebulkp.com\/pt\/product\/original-bang-vape-box-20k-puff-disposable-vape\/\"><span style=\"vertical-align: inherit\">\u00a0Bang Box 20000 Puffs <\/span><\/a><span style=\"vertical-align: inherit\">\/<\/span><a href=\"https:\/\/vapebulkp.com\/pt\/product\/wga-crystal-plus-16000-puffs-led-light-disposable-vape\/\"><span style=\"vertical-align: inherit\"> Cristal WGA 16000 Puffs<\/span><\/a><\/p>\n<h5>Qualifica\u00e7\u00e3o da Produ\u00e7\u00e3o:<\/h5>\n<p><img decoding=\"async\" class=\"alignnone size-full wp-image-1841\" src=\"http:\/\/vapebulkp.com\/wp-content\/uploads\/2023\/11\/Vape-production-process-2.jpeg\" alt=\"Processo de produ\u00e7\u00e3o de vape\" width=\"650\" height=\"434\" srcset=\"https:\/\/vapebulkp.com\/wp-content\/uploads\/2023\/11\/Vape-production-process-2.jpeg 650w, https:\/\/vapebulkp.com\/wp-content\/uploads\/2023\/11\/Vape-production-process-2-300x200.jpeg 300w, https:\/\/vapebulkp.com\/wp-content\/uploads\/2023\/11\/Vape-production-process-2-600x401.jpeg 600w\" sizes=\"(max-width: 650px) 100vw, 650px\" \/><\/p>\n<p><img decoding=\"async\" class=\"alignnone size-full wp-image-1843\" src=\"http:\/\/vapebulkp.com\/wp-content\/uploads\/2023\/11\/Vape-production-process.jpeg\" alt=\"Processo de produ\u00e7\u00e3o de vape\" width=\"641\" height=\"1026\" srcset=\"https:\/\/vapebulkp.com\/wp-content\/uploads\/2023\/11\/Vape-production-process.jpeg 641w, https:\/\/vapebulkp.com\/wp-content\/uploads\/2023\/11\/Vape-production-process-187x300.jpeg 187w, https:\/\/vapebulkp.com\/wp-content\/uploads\/2023\/11\/Vape-production-process-640x1024.jpeg 640w, https:\/\/vapebulkp.com\/wp-content\/uploads\/2023\/11\/Vape-production-process-600x960.jpeg 600w\" sizes=\"(max-width: 641px) 100vw, 641px\" \/><\/p>\n<h5>Perguntas Frequentes:<\/h5>\n<p>Q: Qual \u00e9 o MOQ do Vozol Vista 20000 Puff?<br \/>\nR: A encomenda m\u00ednima \u00e9 de 50 unidades.<br \/>\nP: Qual \u00e9 o tempo de entrega para o vaporizador encomendado?<br \/>\nR: Geralmente s\u00e3o 10-15 dias ap\u00f3s o envio<br \/>\nP: Quanto custa o envio? R: O custo de envio depende do peso. Quantidades diferentes t\u00eam custos de envio diferentes, por favor contacte-nos para confirmar o custo de envio.<\/p>\n<h4>Detalhes de envio:<\/h4>\n<p><span style=\"color: #ff6600\">Tempo de produ\u00e7\u00e3o: 5-10 dias \u00fateis<\/span><br \/>\n<span style=\"color: #ff6600\">Tempo de envio: 8-14 dias \u00fateis<\/span><\/p>\n<p>Todos os produtos na nossa loja s\u00e3o 100% originais e aut\u00eanticos, por isso a nossa pol\u00edtica \u00e9 dez vezes a compensa\u00e7\u00e3o por produtos falsificados. Usamos canais de log\u00edstica como UPS\/DHL\/FEDEX\/DPD para entregar os produtos a si.<\/p>\n<p>Para encomendas enviadas para Portugal, a chegada demora geralmente 10 dias \u00fateis. O envio para outros pa\u00edses europeus geralmente demora de 12 a 15 dias \u00fateis a chegar. Atualizaremos as informa\u00e7\u00f5es de log\u00edstica para si em tempo real.<\/p>","protected":false},"excerpt":{"rendered":"<p><strong>VOZOL VISTA 20000 Puffs<\/strong> Vape de alta capacidade Portugal<\/p>\n<p><strong>Vape descart\u00e1vel de longa dura\u00e7\u00e3o<\/strong> VOZOL VISTA 20 mil Puffs<\/p>\n<p>Vape descart\u00e1vel com pre\u00e7o a granel <strong>VOZOL VISTA 20 mil Puffs<\/strong><\/p>\n<p><img decoding=\"async\" class=\"alignnone wp-image-2151\" src=\"http:\/\/vapebulkp.com\/wp-content\/uploads\/2024\/04\/Mandy-WhatsApp-Randm.jpg\" alt=\"Mandy WhatsApp Randm\" width=\"234\" height=\"249\" srcset=\"https:\/\/vapebulkp.com\/wp-content\/uploads\/2024\/04\/Mandy-WhatsApp-Randm.jpg 916w, https:\/\/vapebulkp.com\/wp-content\/uploads\/2024\/04\/Mandy-WhatsApp-Randm-282x300.jpg 282w, https:\/\/vapebulkp.com\/wp-content\/uploads\/2024\/04\/Mandy-WhatsApp-Randm-768x817.jpg 768w, https:\/\/vapebulkp.com\/wp-content\/uploads\/2024\/04\/Mandy-WhatsApp-Randm-600x638.jpg 600w\" sizes=\"(max-width: 234px) 100vw, 234px\" \/><\/p>\n<p>Por favor, contacte o WhatsApp da Mandy para um pre\u00e7o com desconto<a href=\"https:\/\/wa.me\/8618077105796\">+8618077105796<\/a><\/p>\n<p><span style=\"color: #ff0000\">NOTA: Os pre\u00e7os no nosso site n\u00e3o incluem os custos de envio<\/span><\/p>\n<p>&nbsp;<\/p>","protected":false},"featured_media":2934,"comment_status":"open","ping_status":"closed","template":"","meta":{"_uag_custom_page_level_css":"","_lmt_disableupdate":"no","_lmt_disable":"","site-sidebar-layout":"default","site-content-layout":"content-boxed-container","ast-site-content-layout":"normal-width-container","site-content-style":"boxed","site-sidebar-style":"unboxed","ast-global-header-display":"","ast-banner-title-visibility":"","ast-main-header-display":"","ast-hfb-above-header-display":"","ast-hfb-below-header-display":"","ast-hfb-mobile-header-display":"","site-post-title":"","ast-breadcrumbs-content":"","ast-featured-img":"","footer-sml-layout":"","theme-transparent-header-meta":"default","adv-header-id-meta":"","stick-header-meta":"","header-above-stick-meta":"","header-main-stick-meta":"","header-below-stick-meta":"","astra-migrate-meta-layouts":"set","_joinchat":[]},"product_cat":[162,153,155,33,59,100,34,158,157,154,152,58,84,156,63,32,364],"product_tag":[109,36,37,41,40],"class_list":["post-2941","product","type-product","status-publish","has-post-thumbnail","hentry","product_cat-20000-puffs-disposable-vape","product_cat-hot-disposable-vapes","product_cat-belgium-hot-disposable-vapes","product_cat-france-vape-hot-sale","product_cat-germany-hot-disposable-vape","product_cat-germany-wholesale-vape-shop","product_cat-netherlands-vape-good-sale","product_cat-norway-hot-disposable-vapes","product_cat-poland-hot-disposable-vapes","product_cat-portugal-hot-disposable-vapes","product_cat-spain-hot-disposable-vapes","product_cat-sweden-hot-disposable-vape","product_cat-sweden-wholesale-vape","product_cat-switzerland-hot-disposable-vapes","product_cat-top-sale-disposable-vape","product_cat-vape-hot-sale-this-week","product_cat-vozol-vape","product_tag-20000-puffs","product_tag-good-vape","product_tag-hot-sale-disposable-vape","product_tag-poland-hot-vape","product_tag-sweden-hot-vape","pa_brand-vozol-vape","desktop-align-left","tablet-align-left","mobile-align-left"],"yoast_head":"<!-- This site is optimized with the Yoast SEO plugin v21.1 - https:\/\/yoast.com\/wordpress\/plugins\/seo\/ -->\n<title>Vozol Vista 20000 Puff Rechargeable Vape Cheap Price Today - vapebulkp.com<\/title>\n<meta name=\"description\" content=\"Order the Wholesale Price Vozol Vista 20000 Puffs Disposable Vape with dual mesh coils, adjustable wattage, and rechargeable battery.\" \/>\n<meta name=\"robots\" content=\"index, follow, max-snippet:-1, max-image-preview:large, max-video-preview:-1\" \/>\n<link rel=\"canonical\" href=\"https:\/\/vapebulkp.com\/pt\/product\/vozol-vista-20000-puff-rechargeable-vape-cheap-price-today\/\" \/>\n<meta property=\"og:locale\" content=\"pt_PT\" \/>\n<meta property=\"og:type\" content=\"article\" \/>\n<meta property=\"og:title\" content=\"Vozol Vista 20000 Puff Rechargeable Vape Cheap Price Today - vapebulkp.com\" \/>\n<meta property=\"og:description\" content=\"Order the Wholesale Price Vozol Vista 20000 Puffs Disposable Vape with dual mesh coils, adjustable wattage, and rechargeable battery.\" \/>\n<meta property=\"og:url\" content=\"https:\/\/vapebulkp.com\/pt\/product\/vozol-vista-20000-puff-rechargeable-vape-cheap-price-today\/\" \/>\n<meta property=\"og:site_name\" content=\"vapebulkp.com\" \/>\n<meta property=\"article:modified_time\" content=\"2025-09-24T03:47:17+00:00\" \/>\n<meta property=\"og:image\" content=\"http:\/\/vapebulkp.com\/wp-content\/uploads\/2024\/09\/VOZOL-VISTA-20000-Puffs-Best-disposable-vape-Europe.png\" \/>\n\t<meta property=\"og:image:width\" content=\"575\" \/>\n\t<meta property=\"og:image:height\" content=\"873\" \/>\n\t<meta property=\"og:image:type\" content=\"image\/png\" \/>\n<meta name=\"twitter:card\" content=\"summary_large_image\" \/>\n<meta name=\"twitter:label1\" content=\"Tempo estimado de leitura\" \/>\n\t<meta name=\"twitter:data1\" content=\"5 minutos\" \/>\n<script type=\"application\/ld+json\" class=\"yoast-schema-graph\">{\"@context\":\"https:\/\/schema.org\",\"@graph\":[{\"@type\":\"WebPage\",\"@id\":\"https:\/\/vapebulkp.com\/product\/vozol-vista-20000-puff-rechargeable-vape-cheap-price-today\/\",\"url\":\"https:\/\/vapebulkp.com\/product\/vozol-vista-20000-puff-rechargeable-vape-cheap-price-today\/\",\"name\":\"Vozol Vista 20000 Puff Rechargeable Vape Cheap Price Today - vapebulkp.com\",\"isPartOf\":{\"@id\":\"https:\/\/vapebulkp.com\/#website\"},\"datePublished\":\"2024-09-25T08:02:50+00:00\",\"dateModified\":\"2025-09-24T03:47:17+00:00\",\"description\":\"Order the Wholesale Price Vozol Vista 20000 Puffs Disposable Vape with dual mesh coils, adjustable wattage, and rechargeable battery.\",\"breadcrumb\":{\"@id\":\"https:\/\/vapebulkp.com\/product\/vozol-vista-20000-puff-rechargeable-vape-cheap-price-today\/#breadcrumb\"},\"inLanguage\":\"pt-PT\",\"potentialAction\":[{\"@type\":\"ReadAction\",\"target\":[\"https:\/\/vapebulkp.com\/product\/vozol-vista-20000-puff-rechargeable-vape-cheap-price-today\/\"]}]},{\"@type\":\"BreadcrumbList\",\"@id\":\"https:\/\/vapebulkp.com\/product\/vozol-vista-20000-puff-rechargeable-vape-cheap-price-today\/#breadcrumb\",\"itemListElement\":[{\"@type\":\"ListItem\",\"position\":1,\"name\":\"Home\",\"item\":\"https:\/\/vapebulkp.com\/\"},{\"@type\":\"ListItem\",\"position\":2,\"name\":\"Hot Trend Vapes\",\"item\":\"https:\/\/vapebulkp.com\/vape-shop\/\"},{\"@type\":\"ListItem\",\"position\":3,\"name\":\"Vozol Vista 20000 Puff Rechargeable Vape Cheap Price Today\"}]},{\"@type\":\"WebSite\",\"@id\":\"https:\/\/vapebulkp.com\/#website\",\"url\":\"https:\/\/vapebulkp.com\/\",\"name\":\"vapebulkp.com\",\"description\":\"Buy Vape In Cheap Bulk Price Near you\",\"publisher\":{\"@id\":\"https:\/\/vapebulkp.com\/#organization\"},\"potentialAction\":[{\"@type\":\"SearchAction\",\"target\":{\"@type\":\"EntryPoint\",\"urlTemplate\":\"https:\/\/vapebulkp.com\/?s={search_term_string}\"},\"query-input\":\"required name=search_term_string\"}],\"inLanguage\":\"pt-PT\"},{\"@type\":\"Organization\",\"@id\":\"https:\/\/vapebulkp.com\/#organization\",\"name\":\"vapebulkp.com\",\"url\":\"https:\/\/vapebulkp.com\/\",\"logo\":{\"@type\":\"ImageObject\",\"inLanguage\":\"pt-PT\",\"@id\":\"https:\/\/vapebulkp.com\/#\/schema\/logo\/image\/\",\"url\":\"https:\/\/vapebulkp.com\/wp-content\/uploads\/2023\/09\/cropped-vapebulkp.png\",\"contentUrl\":\"https:\/\/vapebulkp.com\/wp-content\/uploads\/2023\/09\/cropped-vapebulkp.png\",\"width\":516,\"height\":163,\"caption\":\"vapebulkp.com\"},\"image\":{\"@id\":\"https:\/\/vapebulkp.com\/#\/schema\/logo\/image\/\"}}]}<\/script>\n<!-- \/ Yoast SEO plugin. -->","yoast_head_json":{"title":"Vozol Vista 20000 Puff Rechargeable Vape Cheap Price Today - vapebulkp.com","description":"Order the Wholesale Price Vozol Vista 20000 Puffs Disposable Vape with dual mesh coils, adjustable wattage, and rechargeable battery.","robots":{"index":"index","follow":"follow","max-snippet":"max-snippet:-1","max-image-preview":"max-image-preview:large","max-video-preview":"max-video-preview:-1"},"canonical":"https:\/\/vapebulkp.com\/pt\/product\/vozol-vista-20000-puff-rechargeable-vape-cheap-price-today\/","og_locale":"pt_PT","og_type":"article","og_title":"Vozol Vista 20000 Puff Rechargeable Vape Cheap Price Today - vapebulkp.com","og_description":"Order the Wholesale Price Vozol Vista 20000 Puffs Disposable Vape with dual mesh coils, adjustable wattage, and rechargeable battery.","og_url":"https:\/\/vapebulkp.com\/pt\/product\/vozol-vista-20000-puff-rechargeable-vape-cheap-price-today\/","og_site_name":"vapebulkp.com","article_modified_time":"2025-09-24T03:47:17+00:00","og_image":[{"width":575,"height":873,"url":"http:\/\/vapebulkp.com\/wp-content\/uploads\/2024\/09\/VOZOL-VISTA-20000-Puffs-Best-disposable-vape-Europe.png","type":"image\/png"}],"twitter_card":"summary_large_image","twitter_misc":{"Tempo estimado de leitura":"5 minutos"},"schema":{"@context":"https:\/\/schema.org","@graph":[{"@type":"WebPage","@id":"https:\/\/vapebulkp.com\/product\/vozol-vista-20000-puff-rechargeable-vape-cheap-price-today\/","url":"https:\/\/vapebulkp.com\/product\/vozol-vista-20000-puff-rechargeable-vape-cheap-price-today\/","name":"Vozol Vista 20000 Puff Rechargeable Vape Cheap Price Today - vapebulkp.com","isPartOf":{"@id":"https:\/\/vapebulkp.com\/#website"},"datePublished":"2024-09-25T08:02:50+00:00","dateModified":"2025-09-24T03:47:17+00:00","description":"Order the Wholesale Price Vozol Vista 20000 Puffs Disposable Vape with dual mesh coils, adjustable wattage, and rechargeable battery.","breadcrumb":{"@id":"https:\/\/vapebulkp.com\/product\/vozol-vista-20000-puff-rechargeable-vape-cheap-price-today\/#breadcrumb"},"inLanguage":"pt-PT","potentialAction":[{"@type":"ReadAction","target":["https:\/\/vapebulkp.com\/product\/vozol-vista-20000-puff-rechargeable-vape-cheap-price-today\/"]}]},{"@type":"BreadcrumbList","@id":"https:\/\/vapebulkp.com\/product\/vozol-vista-20000-puff-rechargeable-vape-cheap-price-today\/#breadcrumb","itemListElement":[{"@type":"ListItem","position":1,"name":"Home","item":"https:\/\/vapebulkp.com\/"},{"@type":"ListItem","position":2,"name":"Hot Trend Vapes","item":"https:\/\/vapebulkp.com\/vape-shop\/"},{"@type":"ListItem","position":3,"name":"Vozol Vista 20000 Puff Rechargeable Vape Cheap Price Today"}]},{"@type":"WebSite","@id":"https:\/\/vapebulkp.com\/#website","url":"https:\/\/vapebulkp.com\/","name":"vapebulkp.com","description":"Buy Vape In Cheap Bulk Price Near you","publisher":{"@id":"https:\/\/vapebulkp.com\/#organization"},"potentialAction":[{"@type":"SearchAction","target":{"@type":"EntryPoint","urlTemplate":"https:\/\/vapebulkp.com\/?s={search_term_string}"},"query-input":"required name=search_term_string"}],"inLanguage":"pt-PT"},{"@type":"Organization","@id":"https:\/\/vapebulkp.com\/#organization","name":"vapebulkp.com","url":"https:\/\/vapebulkp.com\/","logo":{"@type":"ImageObject","inLanguage":"pt-PT","@id":"https:\/\/vapebulkp.com\/#\/schema\/logo\/image\/","url":"https:\/\/vapebulkp.com\/wp-content\/uploads\/2023\/09\/cropped-vapebulkp.png","contentUrl":"https:\/\/vapebulkp.com\/wp-content\/uploads\/2023\/09\/cropped-vapebulkp.png","width":516,"height":163,"caption":"vapebulkp.com"},"image":{"@id":"https:\/\/vapebulkp.com\/#\/schema\/logo\/image\/"}}]}},"uagb_featured_image_src":{"full":["https:\/\/vapebulkp.com\/wp-content\/uploads\/2024\/09\/VOZOL-VISTA-20000-Puffs-Best-disposable-vape-Europe.png",575,873,false],"thumbnail":["https:\/\/vapebulkp.com\/wp-content\/uploads\/2024\/09\/VOZOL-VISTA-20000-Puffs-Best-disposable-vape-Europe-150x150.png",150,150,true],"medium":["https:\/\/vapebulkp.com\/wp-content\/uploads\/2024\/09\/VOZOL-VISTA-20000-Puffs-Best-disposable-vape-Europe-198x300.png",198,300,true],"medium_large":["https:\/\/vapebulkp.com\/wp-content\/uploads\/2024\/09\/VOZOL-VISTA-20000-Puffs-Best-disposable-vape-Europe.png",575,873,false],"large":["https:\/\/vapebulkp.com\/wp-content\/uploads\/2024\/09\/VOZOL-VISTA-20000-Puffs-Best-disposable-vape-Europe.png",575,873,false],"1536x1536":["https:\/\/vapebulkp.com\/wp-content\/uploads\/2024\/09\/VOZOL-VISTA-20000-Puffs-Best-disposable-vape-Europe.png",575,873,false],"2048x2048":["https:\/\/vapebulkp.com\/wp-content\/uploads\/2024\/09\/VOZOL-VISTA-20000-Puffs-Best-disposable-vape-Europe.png",575,873,false],"trp-custom-language-flag":["https:\/\/vapebulkp.com\/wp-content\/uploads\/2024\/09\/VOZOL-VISTA-20000-Puffs-Best-disposable-vape-Europe.png",8,12,false],"woocommerce_thumbnail":["https:\/\/vapebulkp.com\/wp-content\/uploads\/2024\/09\/VOZOL-VISTA-20000-Puffs-Best-disposable-vape-Europe-300x300.png",300,300,true],"woocommerce_single":["https:\/\/vapebulkp.com\/wp-content\/uploads\/2024\/09\/VOZOL-VISTA-20000-Puffs-Best-disposable-vape-Europe.png",575,873,false],"woocommerce_gallery_thumbnail":["https:\/\/vapebulkp.com\/wp-content\/uploads\/2024\/09\/VOZOL-VISTA-20000-Puffs-Best-disposable-vape-Europe-100x100.png",100,100,true],"wcpr-photo-reviews":["https:\/\/vapebulkp.com\/wp-content\/uploads\/2024\/09\/VOZOL-VISTA-20000-Puffs-Best-disposable-vape-Europe.png",329,500,false]},"uagb_author_info":{"display_name":"Mandy vape bulk price","author_link":"https:\/\/vapebulkp.com\/pt\/author\/"},"uagb_comment_info":0,"uagb_excerpt":"VOZOL VISTA 20000 Puffs High-capacity vape Germany Long-last disposable vape VOZOL VISTA 20k Puffs Bulk Price disposable vape VOZOL VISTA 20k Puffs Pls Contact Mandy's WhatsApp For Discount Price+8618077105796 NOTE: Prices on our website does not include shipping costs &nbsp;","_links":{"self":[{"href":"https:\/\/vapebulkp.com\/pt\/wp-json\/wp\/v2\/product\/2941","targetHints":{"allow":["GET"]}}],"collection":[{"href":"https:\/\/vapebulkp.com\/pt\/wp-json\/wp\/v2\/product"}],"about":[{"href":"https:\/\/vapebulkp.com\/pt\/wp-json\/wp\/v2\/types\/product"}],"replies":[{"embeddable":true,"href":"https:\/\/vapebulkp.com\/pt\/wp-json\/wp\/v2\/comments?post=2941"}],"wp:featuredmedia":[{"embeddable":true,"href":"https:\/\/vapebulkp.com\/pt\/wp-json\/wp\/v2\/media\/2934"}],"wp:attachment":[{"href":"https:\/\/vapebulkp.com\/pt\/wp-json\/wp\/v2\/media?parent=2941"}],"wp:term":[{"taxonomy":"product_cat","embeddable":true,"href":"https:\/\/vapebulkp.com\/pt\/wp-json\/wp\/v2\/product_cat?post=2941"},{"taxonomy":"product_tag","embeddable":true,"href":"https:\/\/vapebulkp.com\/pt\/wp-json\/wp\/v2\/product_tag?post=2941"}],"curies":[{"name":"wp","href":"https:\/\/api.w.org\/{rel}","templated":true}]}}