{"id":2954,"date":"2024-09-26T09:30:48","date_gmt":"2024-09-26T07:30:48","guid":{"rendered":"https:\/\/vapebulkp.com\/?post_type=product&#038;p=2954"},"modified":"2025-09-24T05:15:54","modified_gmt":"2025-09-24T03:15:54","slug":"waspe-aiviou-25000-puffs-high-capacity-disposable-vape","status":"publish","type":"product","link":"https:\/\/vapebulkp.com\/pt\/product\/waspe-aiviou-25000-puffs-high-capacity-disposable-vape\/","title":{"rendered":"WASPE AIVIOU 25000 Puffs Vape Descart\u00e1vel de Alta Capacidade"},"content":{"rendered":"<h1 style=\"text-align: left\">WASPE AIVIOU 25000 Puffs Vape Descart\u00e1vel de Alta Capacidade<\/h1>\n<p data-start=\"322\" data-end=\"651\">O <strong data-start=\"366\" data-end=\"394\">WASPE AIVIOU 25000 Puffs<\/strong> \u00e9 um vaporizador de alta qualidade <a href=\"https:\/\/vapebulkp.com\/pt\/product-category\/25000-puffs-disposable-vape\/\"><strong data-start=\"408\" data-end=\"439\">Vape Descart\u00e1vel de 25000 Puffs<\/strong><\/a> constru\u00eddo para jovens europeus que desejam desempenho duradouro e sabor forte. Alimentado por uma bateria recarreg\u00e1vel de 650mAh com carregamento r\u00e1pido Tipo-C, oferece at\u00e9 25.000 puffs sem recargas frequentes.<\/p>\n<p data-start=\"653\" data-end=\"933\">Com um tanque de e-l\u00edquido de 25ml e op\u00e7\u00f5es de nicotina de 0%, 2% ou 5%, oferece flexibilidade tanto para prefer\u00eancias leves quanto fortes. A tecnologia de bobina de malha dupla garante vapor denso e sabor consistente, enquanto a tela LCD mant\u00e9m voc\u00ea atualizado sobre a bateria, contagem de puffs e n\u00edveis de e-l\u00edquido.<\/p>\n<p data-start=\"935\" data-end=\"1168\">Compacto, poderoso e sem complica\u00e7\u00f5es, o <strong data-start=\"975\" data-end=\"1003\">WASPE AIVIOU 25000 Puffs<\/strong> est\u00e1 dispon\u00edvel em 10 sabores populares. Enviado dos armaz\u00e9ns da UE, \u00e9 o ideal <strong data-start=\"1083\" data-end=\"1129\">vape descart\u00e1vel recarreg\u00e1vel de alta capacidade<\/strong> para grossistas e consumidores.<\/p>\n<p><img decoding=\"async\" class=\"alignnone size-full wp-image-2952\" src=\"http:\/\/vapebulkp.com\/wp-content\/uploads\/2024\/09\/WASPE-AIVIOU-25000-Puffs-Tornado-Vape-25k.png\" alt=\"WASPE AIVIOU 25000 Tragagens Tornado Vape 25k\" width=\"520\" height=\"550\" srcset=\"https:\/\/vapebulkp.com\/wp-content\/uploads\/2024\/09\/WASPE-AIVIOU-25000-Puffs-Tornado-Vape-25k.png 520w, https:\/\/vapebulkp.com\/wp-content\/uploads\/2024\/09\/WASPE-AIVIOU-25000-Puffs-Tornado-Vape-25k-284x300.png 284w\" sizes=\"(max-width: 520px) 100vw, 520px\" \/><\/p>\n<h6>Por favor, contacte o WhatsApp da Mandy para um pre\u00e7o com desconto<a href=\"https:\/\/wa.me\/8618077105796\">+8618077105796<\/a><\/h6>\n<p><img decoding=\"async\" class=\"alignnone wp-image-2151\" src=\"http:\/\/vapebulkp.com\/wp-content\/uploads\/2024\/04\/Mandy-WhatsApp-Randm.jpg\" alt=\"Mandy WhatsApp Randm\" width=\"324\" height=\"330\" \/><\/p>\n<h2>Pensei que gostaria de saber sobre a Vape Grossista <strong>WASPE AIVIOU 25000 Puffs<\/strong>\u00a0 \uff1a<\/h2>\n<p>&nbsp;<\/p>\n<p><strong>P: O que destaca o WASPE AIVIOU 25000 Puffs no mercado de vapes descart\u00e1veis?<\/strong><br \/>\nR: O WASPE AIVIOU 25k puff Vape Kits oferece impressionantes 25.000 puffs, tornando-o uma das op\u00e7\u00f5es mais duradouras dispon\u00edveis, ideal para utilizadores que procuram durabilidade e valor.<\/p>\n<p><strong>P: Existem v\u00e1rias op\u00e7\u00f5es de sabor para o WASPE AIVIOU 25000 Puff?<\/strong><br \/>\nR: Sim, apresenta uma gama diversificada de sabores, desde op\u00e7\u00f5es frutadas como Manga Mel\u00e3o at\u00e9 escolhas refrescantes como Menta Fresca, atendendo a diferentes prefer\u00eancias de sabor.<\/p>\n<p><strong>P: Como se compara a vida \u00fatil da bateria do WASPE AIVIOU 25k Puff com outros vapes descart\u00e1veis?<\/strong><br \/>\nR: Com o seu design de bateria robusto, o WASPE AIVIOU garante um desempenho consistente ao longo da sua vida \u00fatil, tornando-o uma excelente escolha para quem procura vapes descart\u00e1veis de longa dura\u00e7\u00e3o.<\/p>\n<p><strong>P: O AIVIOU 25k Puffs ambientalmente respons\u00e1vel \u00e9 f\u00e1cil de usar para iniciantes?<\/strong><br \/>\nR: Sem d\u00favida! O seu design intuitivo torna-o perfeito para quem est\u00e1 a come\u00e7ar no vaping, oferecendo uma experi\u00eancia sem complica\u00e7\u00f5es e sem configura\u00e7\u00f5es complexas.<\/p>\n<p><strong>P: Onde posso encontrar as melhores ofertas em WASPE AIVIOU 25000 Puffs?<\/strong><br \/>\nR: Sim, pode adquirir o WASPE AIVIOU 25000 Puffs em <a href=\"https:\/\/vapebulkp.com\/pt\/\">vapebulkp.com.<\/a> Normalmente, oferecem uma variedade de sabores e op\u00e7\u00f5es de embalagem, tornando-o uma escolha conveniente para as suas necessidades de vaping.<\/p>\n<h3>\u00a0WAPE AIVIOU Vape 25k Puffs Pre\u00e7o de Atacado Caracter\u00edsticas do Vape:<\/h3>\n<p>&nbsp;<\/p>\n<ul>\n<li><strong>Op\u00e7\u00f5es de Nicotina:\u00a0 <\/strong><span style=\"font-size: 16px\">Dispon\u00edvel em n\u00edveis de nicotina de 0%, 2% e 5%, atendendo a v\u00e1rias prefer\u00eancias de vaping para utilizadores iniciantes e experientes.<\/span><\/li>\n<li><strong>Contagem de Puffs:<\/strong> Impressionantes 25.000 puffs, garantindo uma experi\u00eancia de vaping duradoura, ideal para quem procura vapes descart\u00e1veis dur\u00e1veis.<\/li>\n<li><strong>Capacidade de E-L\u00edquido:<\/strong> Apresenta uma generosa capacidade de e-l\u00edquido de 25 ml, permitindo uma utiliza\u00e7\u00e3o prolongada sem substitui\u00e7\u00f5es frequentes.<\/li>\n<li><strong>Embalagem:<\/strong> Cada embalagem cont\u00e9m 200 unidades, tornando-o uma \u00f3tima escolha para retalhistas ou vapers \u00e1vidos que procuram abastecer-se.<\/li>\n<li><strong>Variedade de Sabores:<\/strong> Oferece 10 sabores deliciosos, incluindo op\u00e7\u00f5es populares que atraem os clientes europeus, garantindo que h\u00e1 algo para todos.<\/li>\n<li><strong>Tecnologia Dual Mesh:<\/strong><span style=\"font-size: 16px\">Equipado com bobinas dual mesh avan\u00e7adas para um sabor e produ\u00e7\u00e3o de vapor aprimorados, proporcionando uma experi\u00eancia de vaping superior.<\/span><\/li>\n<li><strong>Visor LCD:<\/strong> Inclui um visor LCD integrado para monitoriza\u00e7\u00e3o em tempo real da contagem de puffs e da dura\u00e7\u00e3o da bateria, adicionando conveni\u00eancia para os utilizadores.<\/li>\n<li><strong>Porta de Carregamento Tipo C:<\/strong> Apresenta uma porta de carregamento Tipo C moderna para um carregamento r\u00e1pido e eficiente, perfeito para utiliza\u00e7\u00e3o em viagem.<\/li>\n<li><strong>Capacidade da Bateria:<\/strong> Alimentado por uma bateria fi\u00e1vel de 650mAh, garantindo um desempenho consistente durante toda a sua vida \u00fatil.<\/li>\n<li><strong>Design da Bobina:<\/strong> Utiliza uma resist\u00eancia de malha de alta qualidade para uma entrega de sabor ideal e passagens suaves.<\/li>\n<li><strong>Especifica\u00e7\u00f5es da Caixa:<\/strong> Cada caixa pesa 21 kg e mede 685 mm x 330 mm x 230 mm, facilitando o manuseamento e o armazenamento.<\/li>\n<\/ul>\n<h3><strong>Vaporizador de Pre\u00e7o Barato WASPE AIVIOU 25000 Puffs Sabores Org\u00e2nicos:<\/strong><\/h3>\n<p>1 gelo de melancia<br \/>\n2 Mirtilo com Gelo<br \/>\n3 melancia morango<br \/>\n4 limonada de framboesa e mirtilo<br \/>\n5 gelo de cereja<br \/>\n6 Melancia Manga P\u00eassego<br \/>\n7 frutos silvestres mistos<br \/>\n8 gelo de p\u00eassego<br \/>\n9 Morango Kiwi<br \/>\n10 gelo de uva<\/p>\n<p><a href=\"https:\/\/vapebulkp.com\/pt\/product\/popular-randm-tornado-7000puffs-disposable-vape-best-price\/\"><span style=\"vertical-align: inherit\">RandM Tornado 7000 Baforadas <\/span><\/a><\/p>\n<p><span style=\"vertical-align: inherit\">Encontre mais produtos que possa gostar:<\/span><em><a href=\"https:\/\/wa.me\/8618077105796\"><span style=\"vertical-align: inherit\">\u00a0Compre agora<\/span><\/a><\/em><\/p>\n<p><span style=\"vertical-align: inherit\">Outros Puffs Que Poder\u00e1 Gostar:<\/span><a href=\"https:\/\/vapebulkp.com\/pt\/product\/bang-with-a-vape-gear-20000-puffs-discount-price\/\"><span style=\"vertical-align: inherit\">Bang Gear Vape 20000 Puffs<\/span><\/a><span style=\"vertical-align: inherit\">\u3001<\/span><a href=\"https:\/\/vapebulkp.com\/pt\/product\/wholesale-randm-tornado-9000-puffs-germany\/\"><span style=\"vertical-align: inherit\">RandM 9000 Vapores<\/span><\/a><span style=\"vertical-align: inherit\">\/ <\/span><a href=\"https:\/\/vapebulkp.com\/pt\/product\/bang-king-12000puffs\/\"><span style=\"vertical-align: inherit\">Bang King 12000 Inala\u00e7\u00f5es<\/span><\/a><span style=\"vertical-align: inherit\">\/ <\/span><a href=\"https:\/\/vapebulkp.com\/pt\/product\/uzy-qute-800-puffs-original-disposable-vape\/\"><span style=\"vertical-align: inherit\">UZY QUTE 800 Puffs<\/span><\/a><\/p>\n<p><span style=\"vertical-align: inherit\">Garrafa de cigarro eletr\u00f3nico com formato especial:<\/span><a href=\"https:\/\/vapebulkp.com\/pt\/product\/original-vape-bang-tn-12000-puffs-bang-vape\/\"><span style=\"vertical-align: inherit\"> Bang TN 12000 Inala\u00e7\u00f5es<\/span><\/a><span style=\"vertical-align: inherit\">\/ <\/span><a href=\"https:\/\/vapebulkp.com\/pt\/fi\/product\/best-price-wga-crystal-pro-max-15k-puffs-original-vape\/\"><span style=\"vertical-align: inherit\">\u00a0WGA Crystal pro max 15k Puffs <\/span><\/a><span style=\"vertical-align: inherit\">\/<\/span><a href=\"https:\/\/vapebulkp.com\/pt\/product\/bang-tornado-12000-puffs-rechargeable-disposable-pod\/\"><span style=\"vertical-align: inherit\"> Bang Tornado 12000 Inala\u00e7\u00f5es<\/span><\/a><\/p>\n<h5>Qualifica\u00e7\u00e3o da Produ\u00e7\u00e3o:<\/h5>\n<p><img decoding=\"async\" class=\"alignnone size-full wp-image-1841\" src=\"http:\/\/vapebulkp.com\/wp-content\/uploads\/2023\/11\/Vape-production-process-2.jpeg\" alt=\"Processo de produ\u00e7\u00e3o de vape\" width=\"650\" height=\"434\" srcset=\"https:\/\/vapebulkp.com\/wp-content\/uploads\/2023\/11\/Vape-production-process-2.jpeg 650w, https:\/\/vapebulkp.com\/wp-content\/uploads\/2023\/11\/Vape-production-process-2-300x200.jpeg 300w, https:\/\/vapebulkp.com\/wp-content\/uploads\/2023\/11\/Vape-production-process-2-600x401.jpeg 600w\" sizes=\"(max-width: 650px) 100vw, 650px\" \/><\/p>\n<p><img decoding=\"async\" class=\"alignnone size-full wp-image-1843\" src=\"http:\/\/vapebulkp.com\/wp-content\/uploads\/2023\/11\/Vape-production-process.jpeg\" alt=\"Processo de produ\u00e7\u00e3o de vape\" width=\"641\" height=\"1026\" srcset=\"https:\/\/vapebulkp.com\/wp-content\/uploads\/2023\/11\/Vape-production-process.jpeg 641w, https:\/\/vapebulkp.com\/wp-content\/uploads\/2023\/11\/Vape-production-process-187x300.jpeg 187w, https:\/\/vapebulkp.com\/wp-content\/uploads\/2023\/11\/Vape-production-process-640x1024.jpeg 640w, https:\/\/vapebulkp.com\/wp-content\/uploads\/2023\/11\/Vape-production-process-600x960.jpeg 600w\" sizes=\"(max-width: 641px) 100vw, 641px\" \/><\/p>\n<h5>Perguntas Frequentes:<\/h5>\n<p>P: Qual \u00e9 o MOQ de WASPE AIVIOU 25000 Puffs para vaping consciente da sa\u00fade?<br \/>\nR: O pedido m\u00ednimo \u00e9 de 5 unidades.<br \/>\nP: Qual \u00e9 o tempo de entrega para o vaporizador encomendado?<br \/>\nR: Geralmente s\u00e3o 10-15 dias ap\u00f3s o envio<br \/>\nP: Quanto custa o envio? R: O custo de envio depende do peso. Quantidades diferentes t\u00eam custos de envio diferentes, por favor contacte-nos para confirmar o custo de envio.<\/p>\n<h4>Detalhes de envio:<\/h4>\n<p><span style=\"color: #ff6600\">Tempo de produ\u00e7\u00e3o: 5-10 dias \u00fateis<\/span><br \/>\n<span style=\"color: #ff6600\">Tempo de envio: 8-14 dias \u00fateis<\/span><\/p>\n<p>Todos os produtos na nossa loja s\u00e3o 100% originais e aut\u00eanticos, por isso a nossa pol\u00edtica \u00e9 dez vezes a compensa\u00e7\u00e3o por produtos falsificados. Usamos canais de log\u00edstica como UPS\/DHL\/FEDEX\/DPD para entregar os produtos a si.<\/p>\n<p>Para encomendas enviadas para Portugal, a chegada demora geralmente 10 dias \u00fateis. O envio para outros pa\u00edses europeus geralmente demora de 12 a 15 dias \u00fateis a chegar. Atualizaremos as informa\u00e7\u00f5es de log\u00edstica para si em tempo real.<\/p>","protected":false},"excerpt":{"rendered":"<p>Materiais ecol\u00f3gicos <strong>WASPE AIVIOU 25000 Puffs Vape Descart\u00e1vel<\/strong><\/p>\n<p>Tecnologia de vaping limpa\u00a0 <strong>WASPE AIVIOU 25 mil Fumos<\/strong><\/p>\n<p>Por favor, contacte o WhatsApp da Mandy para um pre\u00e7o com desconto<a href=\"https:\/\/wa.me\/8618077105796\">+8618077105796<\/a><\/p>\n<p><img decoding=\"async\" class=\"alignnone wp-image-2151\" src=\"http:\/\/vapebulkp.com\/wp-content\/uploads\/2024\/04\/Mandy-WhatsApp-Randm.jpg\" alt=\"Mandy WhatsApp Randm\" width=\"297\" height=\"316\" srcset=\"https:\/\/vapebulkp.com\/wp-content\/uploads\/2024\/04\/Mandy-WhatsApp-Randm.jpg 916w, https:\/\/vapebulkp.com\/wp-content\/uploads\/2024\/04\/Mandy-WhatsApp-Randm-282x300.jpg 282w, https:\/\/vapebulkp.com\/wp-content\/uploads\/2024\/04\/Mandy-WhatsApp-Randm-768x817.jpg 768w, https:\/\/vapebulkp.com\/wp-content\/uploads\/2024\/04\/Mandy-WhatsApp-Randm-600x638.jpg 600w\" sizes=\"(max-width: 297px) 100vw, 297px\" \/><\/p>\n<p><span style=\"color: #ff0000\">NOTA: Os pre\u00e7os no nosso site n\u00e3o incluem os custos de envio<\/span><\/p>\n<p>&nbsp;<\/p>","protected":false},"featured_media":2952,"comment_status":"open","ping_status":"closed","template":"","meta":{"_uag_custom_page_level_css":"","_lmt_disableupdate":"no","_lmt_disable":"","site-sidebar-layout":"default","site-content-layout":"content-boxed-container","ast-site-content-layout":"normal-width-container","site-content-style":"boxed","site-sidebar-style":"unboxed","ast-global-header-display":"","ast-banner-title-visibility":"","ast-main-header-display":"","ast-hfb-above-header-display":"","ast-hfb-below-header-display":"","ast-hfb-mobile-header-display":"","site-post-title":"","ast-breadcrumbs-content":"","ast-featured-img":"","footer-sml-layout":"","theme-transparent-header-meta":"default","adv-header-id-meta":"","stick-header-meta":"","header-above-stick-meta":"","header-main-stick-meta":"","header-below-stick-meta":"","astra-migrate-meta-layouts":"set","_joinchat":[]},"product_cat":[161,153,155,33,59,100,34,158,157,154,152,58,84,156,63,32,365],"product_tag":[139,36,37,41,40],"class_list":["post-2954","product","type-product","status-publish","has-post-thumbnail","hentry","product_cat-25000-puffs-disposable-vape","product_cat-hot-disposable-vapes","product_cat-belgium-hot-disposable-vapes","product_cat-france-vape-hot-sale","product_cat-germany-hot-disposable-vape","product_cat-germany-wholesale-vape-shop","product_cat-netherlands-vape-good-sale","product_cat-norway-hot-disposable-vapes","product_cat-poland-hot-disposable-vapes","product_cat-portugal-hot-disposable-vapes","product_cat-spain-hot-disposable-vapes","product_cat-sweden-hot-disposable-vape","product_cat-sweden-wholesale-vape","product_cat-switzerland-hot-disposable-vapes","product_cat-top-sale-disposable-vape","product_cat-vape-hot-sale-this-week","product_cat-waspe-vape","product_tag-30k-puffs","product_tag-good-vape","product_tag-hot-sale-disposable-vape","product_tag-poland-hot-vape","product_tag-sweden-hot-vape","pa_brand-waspe-vape","desktop-align-left","tablet-align-left","mobile-align-left"],"yoast_head":"<!-- This site is optimized with the Yoast SEO plugin v21.1 - https:\/\/yoast.com\/wordpress\/plugins\/seo\/ -->\n<title>WASPE AIVIOU 25000 Puffs High-capacity Disposable Vape - vapebulkp.com<\/title>\n<meta name=\"description\" content=\"Order the WASPE AIVIOU 25000 Puffs, a high-capacity 25000 Puffs Disposable Vape with dual mesh coils and LCD display. Fast EU shipping \u2014 buy now!\" \/>\n<meta name=\"robots\" content=\"index, follow, max-snippet:-1, max-image-preview:large, max-video-preview:-1\" \/>\n<link rel=\"canonical\" href=\"https:\/\/vapebulkp.com\/pt\/product\/waspe-aiviou-25000-puffs-high-capacity-disposable-vape\/\" \/>\n<meta property=\"og:locale\" content=\"pt_PT\" \/>\n<meta property=\"og:type\" content=\"article\" \/>\n<meta property=\"og:title\" content=\"WASPE AIVIOU 25000 Puffs High-capacity Disposable Vape - vapebulkp.com\" \/>\n<meta property=\"og:description\" content=\"Order the WASPE AIVIOU 25000 Puffs, a high-capacity 25000 Puffs Disposable Vape with dual mesh coils and LCD display. Fast EU shipping \u2014 buy now!\" \/>\n<meta property=\"og:url\" content=\"https:\/\/vapebulkp.com\/pt\/product\/waspe-aiviou-25000-puffs-high-capacity-disposable-vape\/\" \/>\n<meta property=\"og:site_name\" content=\"vapebulkp.com\" \/>\n<meta property=\"article:modified_time\" content=\"2025-09-24T03:15:54+00:00\" \/>\n<meta property=\"og:image\" content=\"http:\/\/vapebulkp.com\/wp-content\/uploads\/2024\/09\/WASPE-AIVIOU-25000-Puffs-Tornado-Vape-25k.png\" \/>\n\t<meta property=\"og:image:width\" content=\"520\" \/>\n\t<meta property=\"og:image:height\" content=\"550\" \/>\n\t<meta property=\"og:image:type\" content=\"image\/png\" \/>\n<meta name=\"twitter:card\" content=\"summary_large_image\" \/>\n<meta name=\"twitter:label1\" content=\"Tempo estimado de leitura\" \/>\n\t<meta name=\"twitter:data1\" content=\"5 minutos\" \/>\n<script type=\"application\/ld+json\" class=\"yoast-schema-graph\">{\"@context\":\"https:\/\/schema.org\",\"@graph\":[{\"@type\":\"WebPage\",\"@id\":\"https:\/\/vapebulkp.com\/product\/waspe-aiviou-25000-puffs-high-capacity-disposable-vape\/\",\"url\":\"https:\/\/vapebulkp.com\/product\/waspe-aiviou-25000-puffs-high-capacity-disposable-vape\/\",\"name\":\"WASPE AIVIOU 25000 Puffs High-capacity Disposable Vape - vapebulkp.com\",\"isPartOf\":{\"@id\":\"https:\/\/vapebulkp.com\/#website\"},\"datePublished\":\"2024-09-26T07:30:48+00:00\",\"dateModified\":\"2025-09-24T03:15:54+00:00\",\"description\":\"Order the WASPE AIVIOU 25000 Puffs, a high-capacity 25000 Puffs Disposable Vape with dual mesh coils and LCD display. Fast EU shipping \u2014 buy now!\",\"breadcrumb\":{\"@id\":\"https:\/\/vapebulkp.com\/product\/waspe-aiviou-25000-puffs-high-capacity-disposable-vape\/#breadcrumb\"},\"inLanguage\":\"pt-PT\",\"potentialAction\":[{\"@type\":\"ReadAction\",\"target\":[\"https:\/\/vapebulkp.com\/product\/waspe-aiviou-25000-puffs-high-capacity-disposable-vape\/\"]}]},{\"@type\":\"BreadcrumbList\",\"@id\":\"https:\/\/vapebulkp.com\/product\/waspe-aiviou-25000-puffs-high-capacity-disposable-vape\/#breadcrumb\",\"itemListElement\":[{\"@type\":\"ListItem\",\"position\":1,\"name\":\"Home\",\"item\":\"https:\/\/vapebulkp.com\/\"},{\"@type\":\"ListItem\",\"position\":2,\"name\":\"Hot Trend Vapes\",\"item\":\"https:\/\/vapebulkp.com\/vape-shop\/\"},{\"@type\":\"ListItem\",\"position\":3,\"name\":\"WASPE AIVIOU 25000 Puffs High-capacity Disposable Vape\"}]},{\"@type\":\"WebSite\",\"@id\":\"https:\/\/vapebulkp.com\/#website\",\"url\":\"https:\/\/vapebulkp.com\/\",\"name\":\"vapebulkp.com\",\"description\":\"Buy Vape In Cheap Bulk Price Near you\",\"publisher\":{\"@id\":\"https:\/\/vapebulkp.com\/#organization\"},\"potentialAction\":[{\"@type\":\"SearchAction\",\"target\":{\"@type\":\"EntryPoint\",\"urlTemplate\":\"https:\/\/vapebulkp.com\/?s={search_term_string}\"},\"query-input\":\"required name=search_term_string\"}],\"inLanguage\":\"pt-PT\"},{\"@type\":\"Organization\",\"@id\":\"https:\/\/vapebulkp.com\/#organization\",\"name\":\"vapebulkp.com\",\"url\":\"https:\/\/vapebulkp.com\/\",\"logo\":{\"@type\":\"ImageObject\",\"inLanguage\":\"pt-PT\",\"@id\":\"https:\/\/vapebulkp.com\/#\/schema\/logo\/image\/\",\"url\":\"https:\/\/vapebulkp.com\/wp-content\/uploads\/2023\/09\/cropped-vapebulkp.png\",\"contentUrl\":\"https:\/\/vapebulkp.com\/wp-content\/uploads\/2023\/09\/cropped-vapebulkp.png\",\"width\":516,\"height\":163,\"caption\":\"vapebulkp.com\"},\"image\":{\"@id\":\"https:\/\/vapebulkp.com\/#\/schema\/logo\/image\/\"}}]}<\/script>\n<!-- \/ Yoast SEO plugin. -->","yoast_head_json":{"title":"WASPE AIVIOU 25000 Puffs High-capacity Disposable Vape - vapebulkp.com","description":"Order the WASPE AIVIOU 25000 Puffs, a high-capacity 25000 Puffs Disposable Vape with dual mesh coils and LCD display. Fast EU shipping \u2014 buy now!","robots":{"index":"index","follow":"follow","max-snippet":"max-snippet:-1","max-image-preview":"max-image-preview:large","max-video-preview":"max-video-preview:-1"},"canonical":"https:\/\/vapebulkp.com\/pt\/product\/waspe-aiviou-25000-puffs-high-capacity-disposable-vape\/","og_locale":"pt_PT","og_type":"article","og_title":"WASPE AIVIOU 25000 Puffs High-capacity Disposable Vape - vapebulkp.com","og_description":"Order the WASPE AIVIOU 25000 Puffs, a high-capacity 25000 Puffs Disposable Vape with dual mesh coils and LCD display. Fast EU shipping \u2014 buy now!","og_url":"https:\/\/vapebulkp.com\/pt\/product\/waspe-aiviou-25000-puffs-high-capacity-disposable-vape\/","og_site_name":"vapebulkp.com","article_modified_time":"2025-09-24T03:15:54+00:00","og_image":[{"width":520,"height":550,"url":"http:\/\/vapebulkp.com\/wp-content\/uploads\/2024\/09\/WASPE-AIVIOU-25000-Puffs-Tornado-Vape-25k.png","type":"image\/png"}],"twitter_card":"summary_large_image","twitter_misc":{"Tempo estimado de leitura":"5 minutos"},"schema":{"@context":"https:\/\/schema.org","@graph":[{"@type":"WebPage","@id":"https:\/\/vapebulkp.com\/product\/waspe-aiviou-25000-puffs-high-capacity-disposable-vape\/","url":"https:\/\/vapebulkp.com\/product\/waspe-aiviou-25000-puffs-high-capacity-disposable-vape\/","name":"WASPE AIVIOU 25000 Puffs High-capacity Disposable Vape - vapebulkp.com","isPartOf":{"@id":"https:\/\/vapebulkp.com\/#website"},"datePublished":"2024-09-26T07:30:48+00:00","dateModified":"2025-09-24T03:15:54+00:00","description":"Order the WASPE AIVIOU 25000 Puffs, a high-capacity 25000 Puffs Disposable Vape with dual mesh coils and LCD display. Fast EU shipping \u2014 buy now!","breadcrumb":{"@id":"https:\/\/vapebulkp.com\/product\/waspe-aiviou-25000-puffs-high-capacity-disposable-vape\/#breadcrumb"},"inLanguage":"pt-PT","potentialAction":[{"@type":"ReadAction","target":["https:\/\/vapebulkp.com\/product\/waspe-aiviou-25000-puffs-high-capacity-disposable-vape\/"]}]},{"@type":"BreadcrumbList","@id":"https:\/\/vapebulkp.com\/product\/waspe-aiviou-25000-puffs-high-capacity-disposable-vape\/#breadcrumb","itemListElement":[{"@type":"ListItem","position":1,"name":"Home","item":"https:\/\/vapebulkp.com\/"},{"@type":"ListItem","position":2,"name":"Hot Trend Vapes","item":"https:\/\/vapebulkp.com\/vape-shop\/"},{"@type":"ListItem","position":3,"name":"WASPE AIVIOU 25000 Puffs High-capacity Disposable Vape"}]},{"@type":"WebSite","@id":"https:\/\/vapebulkp.com\/#website","url":"https:\/\/vapebulkp.com\/","name":"vapebulkp.com","description":"Buy Vape In Cheap Bulk Price Near you","publisher":{"@id":"https:\/\/vapebulkp.com\/#organization"},"potentialAction":[{"@type":"SearchAction","target":{"@type":"EntryPoint","urlTemplate":"https:\/\/vapebulkp.com\/?s={search_term_string}"},"query-input":"required name=search_term_string"}],"inLanguage":"pt-PT"},{"@type":"Organization","@id":"https:\/\/vapebulkp.com\/#organization","name":"vapebulkp.com","url":"https:\/\/vapebulkp.com\/","logo":{"@type":"ImageObject","inLanguage":"pt-PT","@id":"https:\/\/vapebulkp.com\/#\/schema\/logo\/image\/","url":"https:\/\/vapebulkp.com\/wp-content\/uploads\/2023\/09\/cropped-vapebulkp.png","contentUrl":"https:\/\/vapebulkp.com\/wp-content\/uploads\/2023\/09\/cropped-vapebulkp.png","width":516,"height":163,"caption":"vapebulkp.com"},"image":{"@id":"https:\/\/vapebulkp.com\/#\/schema\/logo\/image\/"}}]}},"uagb_featured_image_src":{"full":["https:\/\/vapebulkp.com\/wp-content\/uploads\/2024\/09\/WASPE-AIVIOU-25000-Puffs-Tornado-Vape-25k.png",520,550,false],"thumbnail":["https:\/\/vapebulkp.com\/wp-content\/uploads\/2024\/09\/WASPE-AIVIOU-25000-Puffs-Tornado-Vape-25k-150x150.png",150,150,true],"medium":["https:\/\/vapebulkp.com\/wp-content\/uploads\/2024\/09\/WASPE-AIVIOU-25000-Puffs-Tornado-Vape-25k-284x300.png",284,300,true],"medium_large":["https:\/\/vapebulkp.com\/wp-content\/uploads\/2024\/09\/WASPE-AIVIOU-25000-Puffs-Tornado-Vape-25k.png",520,550,false],"large":["https:\/\/vapebulkp.com\/wp-content\/uploads\/2024\/09\/WASPE-AIVIOU-25000-Puffs-Tornado-Vape-25k.png",520,550,false],"1536x1536":["https:\/\/vapebulkp.com\/wp-content\/uploads\/2024\/09\/WASPE-AIVIOU-25000-Puffs-Tornado-Vape-25k.png",520,550,false],"2048x2048":["https:\/\/vapebulkp.com\/wp-content\/uploads\/2024\/09\/WASPE-AIVIOU-25000-Puffs-Tornado-Vape-25k.png",520,550,false],"trp-custom-language-flag":["https:\/\/vapebulkp.com\/wp-content\/uploads\/2024\/09\/WASPE-AIVIOU-25000-Puffs-Tornado-Vape-25k.png",11,12,false],"woocommerce_thumbnail":["https:\/\/vapebulkp.com\/wp-content\/uploads\/2024\/09\/WASPE-AIVIOU-25000-Puffs-Tornado-Vape-25k-300x300.png",300,300,true],"woocommerce_single":["https:\/\/vapebulkp.com\/wp-content\/uploads\/2024\/09\/WASPE-AIVIOU-25000-Puffs-Tornado-Vape-25k.png",520,550,false],"woocommerce_gallery_thumbnail":["https:\/\/vapebulkp.com\/wp-content\/uploads\/2024\/09\/WASPE-AIVIOU-25000-Puffs-Tornado-Vape-25k-100x100.png",100,100,true],"wcpr-photo-reviews":["https:\/\/vapebulkp.com\/wp-content\/uploads\/2024\/09\/WASPE-AIVIOU-25000-Puffs-Tornado-Vape-25k.png",473,500,false]},"uagb_author_info":{"display_name":"Mandy vape bulk price","author_link":"https:\/\/vapebulkp.com\/pt\/author\/"},"uagb_comment_info":0,"uagb_excerpt":"Eco-friendly materials WASPE AIVIOU 25000 Puffs Disposable Vape Clean vaping technology\u00a0 WASPE AIVIOU 25k Puffs Pls Contact Mandy's WhatsApp For Discount Price+8618077105796 NOTE: Prices on our website does not include shipping costs &nbsp;","_links":{"self":[{"href":"https:\/\/vapebulkp.com\/pt\/wp-json\/wp\/v2\/product\/2954","targetHints":{"allow":["GET"]}}],"collection":[{"href":"https:\/\/vapebulkp.com\/pt\/wp-json\/wp\/v2\/product"}],"about":[{"href":"https:\/\/vapebulkp.com\/pt\/wp-json\/wp\/v2\/types\/product"}],"replies":[{"embeddable":true,"href":"https:\/\/vapebulkp.com\/pt\/wp-json\/wp\/v2\/comments?post=2954"}],"wp:featuredmedia":[{"embeddable":true,"href":"https:\/\/vapebulkp.com\/pt\/wp-json\/wp\/v2\/media\/2952"}],"wp:attachment":[{"href":"https:\/\/vapebulkp.com\/pt\/wp-json\/wp\/v2\/media?parent=2954"}],"wp:term":[{"taxonomy":"product_cat","embeddable":true,"href":"https:\/\/vapebulkp.com\/pt\/wp-json\/wp\/v2\/product_cat?post=2954"},{"taxonomy":"product_tag","embeddable":true,"href":"https:\/\/vapebulkp.com\/pt\/wp-json\/wp\/v2\/product_tag?post=2954"}],"curies":[{"name":"wp","href":"https:\/\/api.w.org\/{rel}","templated":true}]}}