{"id":3075,"date":"2024-10-28T08:28:39","date_gmt":"2024-10-28T07:28:39","guid":{"rendered":"https:\/\/vapebulkp.com\/?post_type=product&#038;p=3075"},"modified":"2025-09-24T05:14:42","modified_gmt":"2025-09-24T03:14:42","slug":"poco-bl-10000-puffs-hot-selling-high-puff-type-c-disposable-vape","status":"publish","type":"product","link":"https:\/\/vapebulkp.com\/pt\/product\/poco-bl-10000-puffs-hot-selling-high-puff-type-c-disposable-vape\/","title":{"rendered":"POCO BL 10000 Puffs Venda a quente tipo de alto sopro tipo-C Vape descart\u00e1vel"},"content":{"rendered":"<h1 style=\"text-align: left\">POCO BL 10000 Puffs Venda a quente tipo de alto sopro tipo-C Vape descart\u00e1vel<\/h1>\n<p>&nbsp;<\/p>\n<p data-start=\"393\" data-end=\"710\">O <strong data-start=\"437\" data-end=\"460\">POCO BL 10000 Puffs<\/strong> \u00e9 um vape descart\u00e1vel de alta capacidade <a href=\"https:\/\/vapebulkp.com\/pt\/product-category\/10000-puffs-disposable-vape\/\"><strong data-start=\"480\" data-end=\"511\">Vape Descart\u00e1vel de 10000 Puffs<\/strong><\/a> projetado para vapers que exigem sabor, desempenho e conveni\u00eancia. Pr\u00e9-preenchido com 20ml de l\u00edquido premium de sal de nicotina (5%), oferece vapor suave e satisfat\u00f3rio por at\u00e9 10.000 baforadas.<\/p>\n<p data-start=\"712\" data-end=\"993\">Alimentado por uma bateria recarreg\u00e1vel de 650mAh com carregamento r\u00e1pido Tipo-C, o <strong data-start=\"784\" data-end=\"807\">POCO BL 10000 Puffs<\/strong> garante um desempenho duradouro. A tecnologia de bobina de malha melhora cada trago, produzindo sabor rico e vapor denso a partir de 15 op\u00e7\u00f5es populares \u2014 incluindo misturas de frutas, menta e sobremesas.<\/p>\n<p data-start=\"995\" data-end=\"1255\">Com ilumina\u00e7\u00e3o RGB elegante, este dispositivo funciona como um acess\u00f3rio elegante, ao mesmo tempo que oferece uma pot\u00eancia de vaporiza\u00e7\u00e3o consistente. Compacto, fi\u00e1vel e vers\u00e1til, o <strong data-start=\"1147\" data-end=\"1186\">Vaporizador descart\u00e1vel POCO BL 10000 Puff<\/strong> \u00e9 a escolha perfeita para atacadistas e utilizadores finais em Portugal.<\/p>\n<p data-start=\"1257\" data-end=\"1378\">Compre o <strong data-start=\"1265\" data-end=\"1288\">POCO BL 10000 Puffs<\/strong> agora a pre\u00e7os de atacado de <a href=\"https:\/\/vapebulkp.com\/pt\/vape-shop\/\">vapebulkp.com<\/a> com envio r\u00e1pido.<\/p>\n<p><img decoding=\"async\" class=\"alignnone wp-image-3071\" src=\"http:\/\/vapebulkp.com\/wp-content\/uploads\/2024\/10\/EU-Warehouse-Poco-BL10000-Puffs-Disposable-Vape-Pod-Puff-10k-Minimum-Order-50pcs.png\" alt=\"Armaz\u00e9m na UE Poco BL10000 Vapores Cigarro Eletr\u00f3nico Descart\u00e1vel Puff 10k Encomenda M\u00ednima 50 pe\u00e7as\" width=\"585\" height=\"585\" srcset=\"https:\/\/vapebulkp.com\/wp-content\/uploads\/2024\/10\/EU-Warehouse-Poco-BL10000-Puffs-Disposable-Vape-Pod-Puff-10k-Minimum-Order-50pcs.png 800w, https:\/\/vapebulkp.com\/wp-content\/uploads\/2024\/10\/EU-Warehouse-Poco-BL10000-Puffs-Disposable-Vape-Pod-Puff-10k-Minimum-Order-50pcs-300x300.png 300w, https:\/\/vapebulkp.com\/wp-content\/uploads\/2024\/10\/EU-Warehouse-Poco-BL10000-Puffs-Disposable-Vape-Pod-Puff-10k-Minimum-Order-50pcs-150x150.png 150w, https:\/\/vapebulkp.com\/wp-content\/uploads\/2024\/10\/EU-Warehouse-Poco-BL10000-Puffs-Disposable-Vape-Pod-Puff-10k-Minimum-Order-50pcs-768x768.png 768w, https:\/\/vapebulkp.com\/wp-content\/uploads\/2024\/10\/EU-Warehouse-Poco-BL10000-Puffs-Disposable-Vape-Pod-Puff-10k-Minimum-Order-50pcs-600x600.png 600w, https:\/\/vapebulkp.com\/wp-content\/uploads\/2024\/10\/EU-Warehouse-Poco-BL10000-Puffs-Disposable-Vape-Pod-Puff-10k-Minimum-Order-50pcs-100x100.png 100w\" sizes=\"(max-width: 585px) 100vw, 585px\" \/><\/p>\n<h6>Por favor, contacte o WhatsApp da Mandy para um pre\u00e7o com desconto<a href=\"https:\/\/wa.me\/8618077105796\">+8618077105796<\/a><\/h6>\n<p><img decoding=\"async\" class=\"alignnone wp-image-2151\" src=\"http:\/\/vapebulkp.com\/wp-content\/uploads\/2024\/04\/Mandy-WhatsApp-Randm.jpg\" alt=\"Mandy WhatsApp Randm\" width=\"324\" height=\"330\" \/><\/p>\n<h5><\/h5>\n<h2>Por que escolher o vaporizador descart\u00e1vel poco vape bl 10000 Puffs?<\/h2>\n<ol>\n<li><strong>Capacidade excepcional de l\u00edquido<\/strong><br \/>\nCom uma generosa <strong>capacidade de l\u00edquido de 20ml<\/strong>, o POCO BL permite um prazer prolongado sem a necessidade de substitui\u00e7\u00f5es frequentes, tornando-o ideal para vapers \u00e1vidos.<\/li>\n<li><strong>Contagem impressionante de baforadas<\/strong><br \/>\nOferecendo at\u00e9 <strong>10.000 baforadas<\/strong>, este dispositivo garante que aproveite ao m\u00e1ximo cada sess\u00e3o de vaporiza\u00e7\u00e3o, proporcionando um valor excecional para o seu investimento.<\/li>\n<li><strong>Ampla Sele\u00e7\u00e3o de Sabores<\/strong><br \/>\nO POCO BL apresenta <strong>15 sabores \u00fanicos<\/strong>, habilmente criados para satisfazer os mais diversos paladares. Quer prefira sabores frutados, mentolados ou de sobremesa, h\u00e1 algo para todos.<\/li>\n<li><strong>Tecnologia Avan\u00e7ada de Bobina Mesh<\/strong><br \/>\nEquipado com <strong>coil de malha<\/strong>, o POCO BL oferece uma experi\u00eancia de vaporiza\u00e7\u00e3o consistentemente suave e saborosa, melhorando tanto o sabor quanto a produ\u00e7\u00e3o de vapor.<\/li>\n<li><strong>Fluxo de Ar Personaliz\u00e1vel<\/strong><br \/>\nO recurso de fluxo de ar ajust\u00e1vel permite que personalize a sua experi\u00eancia de vaporiza\u00e7\u00e3o ao seu gosto, garantindo sabor e densidade de vapor ideais para as suas prefer\u00eancias.<\/li>\n<li><strong>Design Elegante e Moderno<\/strong><br \/>\nCom a sua est\u00e9tica moderna e <strong>ilumina\u00e7\u00e3o RGB<\/strong>, o POCO BL destaca-se como um acess\u00f3rio elegante, perfeito para quem valoriza tanto a fun\u00e7\u00e3o quanto o estilo.<\/li>\n<li><strong>Bateria Recarreg\u00e1vel de Longa Dura\u00e7\u00e3o<\/strong><br \/>\nO <strong>bateria recarreg\u00e1vel de 650mAh<\/strong> proporciona um desempenho fi\u00e1vel, permitindo que desfrute de sess\u00f5es de vaporiza\u00e7\u00e3o ininterruptas sem o inc\u00f3modo de substitui\u00e7\u00f5es constantes.<\/li>\n<li><strong>Experi\u00eancia Amig\u00e1vel para o Utilizador<\/strong><br \/>\nProjetado para novatos e vapers experientes, o POCO BL oferece uma experi\u00eancia de vaporiza\u00e7\u00e3o intuitiva e sem complica\u00e7\u00f5es, tornando-o f\u00e1cil de desfrutar em qualquer lugar.<\/li>\n<\/ol>\n<p>&nbsp;<\/p>\n<h3><\/h3>\n<h3>POCO BL10000 Puffs 5% Vaporizador Descart\u00e1vel Recarreg\u00e1vel Fluxo de Ar Ajust\u00e1vel Caracter\u00edsticas:<\/h3>\n<ul>\n<li><strong>Teor de Nicotina<\/strong>: <strong>5% de Sal de Nicotina<\/strong> para uma experi\u00eancia suave e satisfat\u00f3ria.<\/li>\n<li><strong>Capacidade do E-l\u00edquido<\/strong>: Generoso <strong>20ml de E-l\u00edquido<\/strong>, garantindo um prazer prolongado sem substitui\u00e7\u00f5es frequentes.<\/li>\n<li><strong>Contagem de Inala\u00e7\u00f5es<\/strong>: At\u00e9 <strong>10.000 Baforadas por Dispositivo<\/strong>, oferecendo um valor excecional para as suas sess\u00f5es de vaporiza\u00e7\u00e3o.<\/li>\n<li><strong>Recursos de Ilumina\u00e7\u00e3o<\/strong>: Equipado com <strong>Luz RGB de 6 Cores<\/strong>, adicionando um toque de estilo \u00e0 sua experi\u00eancia de vaporiza\u00e7\u00e3o.<\/li>\n<li><strong>Tipo de Bateria<\/strong>: <strong>Bateria Recarreg\u00e1vel de 650mAh<\/strong> para um desempenho e conveni\u00eancia duradouros.<\/li>\n<li><strong>Variedade de sabores<\/strong>: Escolha entre <strong>15 Sabores Irresist\u00edveis<\/strong>, habilmente elaborados para satisfazer todos os paladares.<\/li>\n<\/ul>\n<h3>Melhores sabores para POCO BL 10000 Puffs Descart\u00e1vel Pre\u00e7o de Atacado:<\/h3>\n<p>1.Manga Laranja Toranja<br \/>\n2.P\u00eassego Mirtilo Rebu\u00e7ado<br \/>\n3.Menta Fresca<br \/>\n4.Aloe Vera Uva<br \/>\n5.Morango Manga<br \/>\n6.Maracuj\u00e1 Kiwi Goiaba<br \/>\n7. Melancia Morango<br \/>\n8.Ma\u00e7\u00e3 P\u00eassego<br \/>\n9.Mirtilo Framboesa<br \/>\n10.Refrigerante de Uva Groselha Preta<br \/>\n11.Morango Kiwi<br \/>\n12.Mirtilo Cereja Cola<br \/>\n13.Gelo Preto Fruta do Drag\u00e3o Morango<br \/>\n14.Framboesa Melancia<br \/>\n15.Morango Banana<\/p>\n<p><a href=\"https:\/\/vapebulkp.com\/pt\/product\/uwin-crystal-10k-puff-long-lasting-disposable-vape-for-europe\/\"><span style=\"vertical-align: inherit\">UWIN Vapme Crystal 10000 Sugest\u00f5es <\/span><\/a><\/p>\n<p><span style=\"vertical-align: inherit\">Encontre mais produtos que possa gostar:<\/span><em><a href=\"https:\/\/wa.me\/8618077105796\"><span style=\"vertical-align: inherit\">\u00a0Compre agora<\/span><\/a><\/em><\/p>\n<p><span style=\"vertical-align: inherit\">Outros Puffs Que Poder\u00e1 Gostar:<\/span><a href=\"https:\/\/vapebulkp.com\/pt\/product\/bang-box-30k-puff-led-display-wholesale-disposable-vape\/\"><span style=\"vertical-align: inherit\">Bang Box LED Display vape 30000 Puffs<\/span><\/a><span style=\"vertical-align: inherit\">\u3001<\/span><a href=\"https:\/\/vapebulkp.com\/pt\/product\/wholesale-randm-tornado-9000-puffs-germany\/\"><span style=\"vertical-align: inherit\">RandM 9000 Vapores<\/span><\/a><span style=\"vertical-align: inherit\">\/ <\/span><a href=\"https:\/\/vapebulkp.com\/pt\/product\/vozol-vista-20000-puff-rechargeable-vape-cheap-price-today\/\"><span style=\"vertical-align: inherit\">Vozol vista 20000 Puffs<\/span><\/a><span style=\"vertical-align: inherit\">\/ <\/span><a href=\"https:\/\/vapebulkp.com\/pt\/product\/wga-crystal-plus-16000-puffs-led-light-disposable-vape\/\"><span style=\"vertical-align: inherit\">Cristal WGA 16000 Puffs<\/span><\/a><\/p>\n<p><span style=\"vertical-align: inherit\">Garrafa de cigarro eletr\u00f3nico com formato especial:<\/span><a href=\"https:\/\/vapebulkp.com\/pt\/product\/vapsolo-super-15k-puffs-wholesale-price-e-cigarette\/\"><span style=\"vertical-align: inherit\"> Vapsolo super 15k Puffs<\/span><\/a><span style=\"vertical-align: inherit\">\/ <\/span><a href=\"https:\/\/vapebulkp.com\/pt\/product\/randm-fumot-tornado-30k-puffs-rechargeable-vapes-best-sale\/\"><span style=\"vertical-align: inherit\">\u00a0Fumot Tornado m\u00fasica 30000 Vapores <\/span><\/a><span style=\"vertical-align: inherit\">\/<\/span><a href=\"https:\/\/vapebulkp.com\/pt\/product\/vapme-shisha-pro-max-20k-type-c-rechargeable-vape\/\"><span style=\"vertical-align: inherit\">Vapme shisha pro max 20000 Vapores<\/span><\/a><\/p>\n<p>&nbsp;<\/p>\n<h4>Perguntas Frequentes:<\/h4>\n<p>P1: Qual \u00e9 o MOQ do Elegante e Estiloso Design POCO BL 10000 Vapores Cigarro Eletr\u00f3nico Descart\u00e1vel?<br \/>\nR: A encomenda m\u00ednima \u00e9 de 50 unidades.<br \/>\nP2: O cigarros eletr\u00f3nicos POCO BL 10000 Vapores vem com <strong>fluxo de ar ajust\u00e1vel<\/strong>\u00a0 com alguma caracter\u00edstica de seguran\u00e7a?<br \/>\nR: Sim, o POCO BL inclui v\u00e1rias caracter\u00edsticas de seguran\u00e7a, como prote\u00e7\u00e3o contra curto-circuito e prote\u00e7\u00e3o contra sobrecarga, garantindo uma experi\u00eancia de vape segura.<br \/>\nP3: Qual \u00e9 o prazo de entrega para o cigarros eletr\u00f3nicos encomendado?<br \/>\nR: Geralmente s\u00e3o 10-15 dias ap\u00f3s o envio<br \/>\nP4: Quanto custa o envio?<br \/>\nR: O custo de envio depende do peso. diferentes quantidades t\u00eam custos de envio diferentes, por favor, entre em contacto connosco para confirmar o custo de envio.<\/p>\n<h4>Detalhes de envio:<\/h4>\n<p><span style=\"color: #ff6600\">Tempo de produ\u00e7\u00e3o: 5-10 dias \u00fateis<\/span><br \/>\n<span style=\"color: #ff6600\">Tempo de envio: 8-14 dias \u00fateis<\/span><\/p>\n<p>Todos os produtos na nossa loja s\u00e3o 100% originais e aut\u00eanticos, por isso a nossa pol\u00edtica \u00e9 dez vezes a compensa\u00e7\u00e3o por produtos falsificados. Usamos canais de log\u00edstica como UPS\/DHL\/FEDEX\/DPD para entregar os produtos a si.<\/p>\n<p>Para encomendas enviadas para Portugal, a chegada demora geralmente 10 dias \u00fateis. O envio para outros pa\u00edses europeus geralmente demora de 12 a 15 dias \u00fateis a chegar. Atualizaremos as informa\u00e7\u00f5es de log\u00edstica para si em tempo real.<\/p>","protected":false},"excerpt":{"rendered":"<p>Comprar vaporizador descart\u00e1vel POCO BL 10000 Puffs online<br \/>\nEscolher o vaporizador descart\u00e1vel POCO BL 10000 Puffs significa optar por um dispositivo vers\u00e1til e de alta qualidade que atende \u00e0s suas necessidades de vaporiza\u00e7\u00e3o, proporcionando uma experi\u00eancia elegante e agrad\u00e1vel.<\/p>\n<p>Por favor, contacte o WhatsApp da Mandy para um pre\u00e7o com desconto<a href=\"https:\/\/wa.me\/8618077105796\">+8618077105796<\/a><\/p>\n<p><img decoding=\"async\" class=\"alignnone wp-image-2151\" src=\"http:\/\/vapebulkp.com\/wp-content\/uploads\/2024\/04\/Mandy-WhatsApp-Randm.jpg\" alt=\"Mandy WhatsApp Randm\" width=\"297\" height=\"316\" srcset=\"https:\/\/vapebulkp.com\/wp-content\/uploads\/2024\/04\/Mandy-WhatsApp-Randm.jpg 916w, https:\/\/vapebulkp.com\/wp-content\/uploads\/2024\/04\/Mandy-WhatsApp-Randm-282x300.jpg 282w, https:\/\/vapebulkp.com\/wp-content\/uploads\/2024\/04\/Mandy-WhatsApp-Randm-768x817.jpg 768w, https:\/\/vapebulkp.com\/wp-content\/uploads\/2024\/04\/Mandy-WhatsApp-Randm-600x638.jpg 600w\" sizes=\"(max-width: 297px) 100vw, 297px\" \/><\/p>\n<p><span style=\"color: #ff0000\">NOTA: Os pre\u00e7os no nosso site n\u00e3o incluem os custos de envio<\/span><\/p>\n<p>&nbsp;<\/p>","protected":false},"featured_media":3073,"comment_status":"open","ping_status":"closed","template":"","meta":{"_uag_custom_page_level_css":"","_lmt_disableupdate":"no","_lmt_disable":"","site-sidebar-layout":"default","site-content-layout":"content-boxed-container","ast-site-content-layout":"normal-width-container","site-content-style":"boxed","site-sidebar-style":"unboxed","ast-global-header-display":"","ast-banner-title-visibility":"","ast-main-header-display":"","ast-hfb-above-header-display":"","ast-hfb-below-header-display":"","ast-hfb-mobile-header-display":"","site-post-title":"","ast-breadcrumbs-content":"","ast-featured-img":"","footer-sml-layout":"","theme-transparent-header-meta":"default","adv-header-id-meta":"","stick-header-meta":"","header-above-stick-meta":"","header-main-stick-meta":"","header-below-stick-meta":"","astra-migrate-meta-layouts":"set","_joinchat":[]},"product_cat":[167,153,155,33,59,100,34,158,357,157,154,152,58,84,156,63,32],"product_tag":[139,36,37,41,40],"class_list":["post-3075","product","type-product","status-publish","has-post-thumbnail","hentry","product_cat-10000-puffs-disposable-vape","product_cat-hot-disposable-vapes","product_cat-belgium-hot-disposable-vapes","product_cat-france-vape-hot-sale","product_cat-germany-hot-disposable-vape","product_cat-germany-wholesale-vape-shop","product_cat-netherlands-vape-good-sale","product_cat-norway-hot-disposable-vapes","product_cat-poco-vape","product_cat-poland-hot-disposable-vapes","product_cat-portugal-hot-disposable-vapes","product_cat-spain-hot-disposable-vapes","product_cat-sweden-hot-disposable-vape","product_cat-sweden-wholesale-vape","product_cat-switzerland-hot-disposable-vapes","product_cat-top-sale-disposable-vape","product_cat-vape-hot-sale-this-week","product_tag-30k-puffs","product_tag-good-vape","product_tag-hot-sale-disposable-vape","product_tag-poland-hot-vape","product_tag-sweden-hot-vape","pa_brand-poco-vape","desktop-align-left","tablet-align-left","mobile-align-left"],"yoast_head":"<!-- This site is optimized with the Yoast SEO plugin v21.1 - https:\/\/yoast.com\/wordpress\/plugins\/seo\/ -->\n<title>POCO Bl 10000 Puffs Hot Selling High Puff Type-C Disposable Vape - vapebulkp.com<\/title>\n<meta name=\"description\" content=\"Shop POCO BL 10000 Puffs Disposable Vape with mesh coil, 20ml nicotine salt e-liquid &amp; Type-C charging. Long-lasting rechargeable vape \u2014 order wholesale now!\" \/>\n<meta name=\"robots\" content=\"index, follow, max-snippet:-1, max-image-preview:large, max-video-preview:-1\" \/>\n<link rel=\"canonical\" href=\"https:\/\/vapebulkp.com\/pt\/product\/poco-bl-10000-puffs-hot-selling-high-puff-type-c-disposable-vape\/\" \/>\n<meta property=\"og:locale\" content=\"pt_PT\" \/>\n<meta property=\"og:type\" content=\"article\" \/>\n<meta property=\"og:title\" content=\"POCO Bl 10000 Puffs Hot Selling High Puff Type-C Disposable Vape - vapebulkp.com\" \/>\n<meta property=\"og:description\" content=\"Shop POCO BL 10000 Puffs Disposable Vape with mesh coil, 20ml nicotine salt e-liquid &amp; Type-C charging. Long-lasting rechargeable vape \u2014 order wholesale now!\" \/>\n<meta property=\"og:url\" content=\"https:\/\/vapebulkp.com\/pt\/product\/poco-bl-10000-puffs-hot-selling-high-puff-type-c-disposable-vape\/\" \/>\n<meta property=\"og:site_name\" content=\"vapebulkp.com\" \/>\n<meta property=\"article:modified_time\" content=\"2025-09-24T03:14:42+00:00\" \/>\n<meta property=\"og:image\" content=\"http:\/\/vapebulkp.com\/wp-content\/uploads\/2024\/10\/EU-Warehouse-Poco-BL10000-Puffs-Disposable-Vape-Pod-Puff-10k-Top-Sale-poco-Vape.png\" \/>\n\t<meta property=\"og:image:width\" content=\"500\" \/>\n\t<meta property=\"og:image:height\" content=\"563\" \/>\n\t<meta property=\"og:image:type\" content=\"image\/png\" \/>\n<meta name=\"twitter:card\" content=\"summary_large_image\" \/>\n<meta name=\"twitter:label1\" content=\"Tempo estimado de leitura\" \/>\n\t<meta name=\"twitter:data1\" content=\"4 minutos\" \/>\n<script type=\"application\/ld+json\" class=\"yoast-schema-graph\">{\"@context\":\"https:\/\/schema.org\",\"@graph\":[{\"@type\":\"WebPage\",\"@id\":\"https:\/\/vapebulkp.com\/product\/poco-bl-10000-puffs-hot-selling-high-puff-type-c-disposable-vape\/\",\"url\":\"https:\/\/vapebulkp.com\/product\/poco-bl-10000-puffs-hot-selling-high-puff-type-c-disposable-vape\/\",\"name\":\"POCO Bl 10000 Puffs Hot Selling High Puff Type-C Disposable Vape - vapebulkp.com\",\"isPartOf\":{\"@id\":\"https:\/\/vapebulkp.com\/#website\"},\"datePublished\":\"2024-10-28T07:28:39+00:00\",\"dateModified\":\"2025-09-24T03:14:42+00:00\",\"description\":\"Shop POCO BL 10000 Puffs Disposable Vape with mesh coil, 20ml nicotine salt e-liquid & Type-C charging. Long-lasting rechargeable vape \u2014 order wholesale now!\",\"breadcrumb\":{\"@id\":\"https:\/\/vapebulkp.com\/product\/poco-bl-10000-puffs-hot-selling-high-puff-type-c-disposable-vape\/#breadcrumb\"},\"inLanguage\":\"pt-PT\",\"potentialAction\":[{\"@type\":\"ReadAction\",\"target\":[\"https:\/\/vapebulkp.com\/product\/poco-bl-10000-puffs-hot-selling-high-puff-type-c-disposable-vape\/\"]}]},{\"@type\":\"BreadcrumbList\",\"@id\":\"https:\/\/vapebulkp.com\/product\/poco-bl-10000-puffs-hot-selling-high-puff-type-c-disposable-vape\/#breadcrumb\",\"itemListElement\":[{\"@type\":\"ListItem\",\"position\":1,\"name\":\"Home\",\"item\":\"https:\/\/vapebulkp.com\/\"},{\"@type\":\"ListItem\",\"position\":2,\"name\":\"Hot Trend Vapes\",\"item\":\"https:\/\/vapebulkp.com\/vape-shop\/\"},{\"@type\":\"ListItem\",\"position\":3,\"name\":\"POCO Bl 10000 Puffs Hot Selling High Puff Type-C Disposable Vape\"}]},{\"@type\":\"WebSite\",\"@id\":\"https:\/\/vapebulkp.com\/#website\",\"url\":\"https:\/\/vapebulkp.com\/\",\"name\":\"vapebulkp.com\",\"description\":\"Buy Vape In Cheap Bulk Price Near you\",\"publisher\":{\"@id\":\"https:\/\/vapebulkp.com\/#organization\"},\"potentialAction\":[{\"@type\":\"SearchAction\",\"target\":{\"@type\":\"EntryPoint\",\"urlTemplate\":\"https:\/\/vapebulkp.com\/?s={search_term_string}\"},\"query-input\":\"required name=search_term_string\"}],\"inLanguage\":\"pt-PT\"},{\"@type\":\"Organization\",\"@id\":\"https:\/\/vapebulkp.com\/#organization\",\"name\":\"vapebulkp.com\",\"url\":\"https:\/\/vapebulkp.com\/\",\"logo\":{\"@type\":\"ImageObject\",\"inLanguage\":\"pt-PT\",\"@id\":\"https:\/\/vapebulkp.com\/#\/schema\/logo\/image\/\",\"url\":\"https:\/\/vapebulkp.com\/wp-content\/uploads\/2023\/09\/cropped-vapebulkp.png\",\"contentUrl\":\"https:\/\/vapebulkp.com\/wp-content\/uploads\/2023\/09\/cropped-vapebulkp.png\",\"width\":516,\"height\":163,\"caption\":\"vapebulkp.com\"},\"image\":{\"@id\":\"https:\/\/vapebulkp.com\/#\/schema\/logo\/image\/\"}}]}<\/script>\n<!-- \/ Yoast SEO plugin. -->","yoast_head_json":{"title":"POCO Bl 10000 Puffs Hot Selling High Puff Type-C Disposable Vape - vapebulkp.com","description":"Shop POCO BL 10000 Puffs Disposable Vape with mesh coil, 20ml nicotine salt e-liquid & Type-C charging. Long-lasting rechargeable vape \u2014 order wholesale now!","robots":{"index":"index","follow":"follow","max-snippet":"max-snippet:-1","max-image-preview":"max-image-preview:large","max-video-preview":"max-video-preview:-1"},"canonical":"https:\/\/vapebulkp.com\/pt\/product\/poco-bl-10000-puffs-hot-selling-high-puff-type-c-disposable-vape\/","og_locale":"pt_PT","og_type":"article","og_title":"POCO Bl 10000 Puffs Hot Selling High Puff Type-C Disposable Vape - vapebulkp.com","og_description":"Shop POCO BL 10000 Puffs Disposable Vape with mesh coil, 20ml nicotine salt e-liquid & Type-C charging. Long-lasting rechargeable vape \u2014 order wholesale now!","og_url":"https:\/\/vapebulkp.com\/pt\/product\/poco-bl-10000-puffs-hot-selling-high-puff-type-c-disposable-vape\/","og_site_name":"vapebulkp.com","article_modified_time":"2025-09-24T03:14:42+00:00","og_image":[{"width":500,"height":563,"url":"http:\/\/vapebulkp.com\/wp-content\/uploads\/2024\/10\/EU-Warehouse-Poco-BL10000-Puffs-Disposable-Vape-Pod-Puff-10k-Top-Sale-poco-Vape.png","type":"image\/png"}],"twitter_card":"summary_large_image","twitter_misc":{"Tempo estimado de leitura":"4 minutos"},"schema":{"@context":"https:\/\/schema.org","@graph":[{"@type":"WebPage","@id":"https:\/\/vapebulkp.com\/product\/poco-bl-10000-puffs-hot-selling-high-puff-type-c-disposable-vape\/","url":"https:\/\/vapebulkp.com\/product\/poco-bl-10000-puffs-hot-selling-high-puff-type-c-disposable-vape\/","name":"POCO Bl 10000 Puffs Hot Selling High Puff Type-C Disposable Vape - vapebulkp.com","isPartOf":{"@id":"https:\/\/vapebulkp.com\/#website"},"datePublished":"2024-10-28T07:28:39+00:00","dateModified":"2025-09-24T03:14:42+00:00","description":"Shop POCO BL 10000 Puffs Disposable Vape with mesh coil, 20ml nicotine salt e-liquid & Type-C charging. Long-lasting rechargeable vape \u2014 order wholesale now!","breadcrumb":{"@id":"https:\/\/vapebulkp.com\/product\/poco-bl-10000-puffs-hot-selling-high-puff-type-c-disposable-vape\/#breadcrumb"},"inLanguage":"pt-PT","potentialAction":[{"@type":"ReadAction","target":["https:\/\/vapebulkp.com\/product\/poco-bl-10000-puffs-hot-selling-high-puff-type-c-disposable-vape\/"]}]},{"@type":"BreadcrumbList","@id":"https:\/\/vapebulkp.com\/product\/poco-bl-10000-puffs-hot-selling-high-puff-type-c-disposable-vape\/#breadcrumb","itemListElement":[{"@type":"ListItem","position":1,"name":"Home","item":"https:\/\/vapebulkp.com\/"},{"@type":"ListItem","position":2,"name":"Hot Trend Vapes","item":"https:\/\/vapebulkp.com\/vape-shop\/"},{"@type":"ListItem","position":3,"name":"POCO Bl 10000 Puffs Hot Selling High Puff Type-C Disposable Vape"}]},{"@type":"WebSite","@id":"https:\/\/vapebulkp.com\/#website","url":"https:\/\/vapebulkp.com\/","name":"vapebulkp.com","description":"Buy Vape In Cheap Bulk Price Near you","publisher":{"@id":"https:\/\/vapebulkp.com\/#organization"},"potentialAction":[{"@type":"SearchAction","target":{"@type":"EntryPoint","urlTemplate":"https:\/\/vapebulkp.com\/?s={search_term_string}"},"query-input":"required name=search_term_string"}],"inLanguage":"pt-PT"},{"@type":"Organization","@id":"https:\/\/vapebulkp.com\/#organization","name":"vapebulkp.com","url":"https:\/\/vapebulkp.com\/","logo":{"@type":"ImageObject","inLanguage":"pt-PT","@id":"https:\/\/vapebulkp.com\/#\/schema\/logo\/image\/","url":"https:\/\/vapebulkp.com\/wp-content\/uploads\/2023\/09\/cropped-vapebulkp.png","contentUrl":"https:\/\/vapebulkp.com\/wp-content\/uploads\/2023\/09\/cropped-vapebulkp.png","width":516,"height":163,"caption":"vapebulkp.com"},"image":{"@id":"https:\/\/vapebulkp.com\/#\/schema\/logo\/image\/"}}]}},"uagb_featured_image_src":{"full":["https:\/\/vapebulkp.com\/wp-content\/uploads\/2024\/10\/EU-Warehouse-Poco-BL10000-Puffs-Disposable-Vape-Pod-Puff-10k-Top-Sale-poco-Vape.png",500,563,false],"thumbnail":["https:\/\/vapebulkp.com\/wp-content\/uploads\/2024\/10\/EU-Warehouse-Poco-BL10000-Puffs-Disposable-Vape-Pod-Puff-10k-Top-Sale-poco-Vape-150x150.png",150,150,true],"medium":["https:\/\/vapebulkp.com\/wp-content\/uploads\/2024\/10\/EU-Warehouse-Poco-BL10000-Puffs-Disposable-Vape-Pod-Puff-10k-Top-Sale-poco-Vape-266x300.png",266,300,true],"medium_large":["https:\/\/vapebulkp.com\/wp-content\/uploads\/2024\/10\/EU-Warehouse-Poco-BL10000-Puffs-Disposable-Vape-Pod-Puff-10k-Top-Sale-poco-Vape.png",500,563,false],"large":["https:\/\/vapebulkp.com\/wp-content\/uploads\/2024\/10\/EU-Warehouse-Poco-BL10000-Puffs-Disposable-Vape-Pod-Puff-10k-Top-Sale-poco-Vape.png",500,563,false],"1536x1536":["https:\/\/vapebulkp.com\/wp-content\/uploads\/2024\/10\/EU-Warehouse-Poco-BL10000-Puffs-Disposable-Vape-Pod-Puff-10k-Top-Sale-poco-Vape.png",500,563,false],"2048x2048":["https:\/\/vapebulkp.com\/wp-content\/uploads\/2024\/10\/EU-Warehouse-Poco-BL10000-Puffs-Disposable-Vape-Pod-Puff-10k-Top-Sale-poco-Vape.png",500,563,false],"trp-custom-language-flag":["https:\/\/vapebulkp.com\/wp-content\/uploads\/2024\/10\/EU-Warehouse-Poco-BL10000-Puffs-Disposable-Vape-Pod-Puff-10k-Top-Sale-poco-Vape.png",11,12,false],"woocommerce_thumbnail":["https:\/\/vapebulkp.com\/wp-content\/uploads\/2024\/10\/EU-Warehouse-Poco-BL10000-Puffs-Disposable-Vape-Pod-Puff-10k-Top-Sale-poco-Vape-300x300.png",300,300,true],"woocommerce_single":["https:\/\/vapebulkp.com\/wp-content\/uploads\/2024\/10\/EU-Warehouse-Poco-BL10000-Puffs-Disposable-Vape-Pod-Puff-10k-Top-Sale-poco-Vape.png",500,563,false],"woocommerce_gallery_thumbnail":["https:\/\/vapebulkp.com\/wp-content\/uploads\/2024\/10\/EU-Warehouse-Poco-BL10000-Puffs-Disposable-Vape-Pod-Puff-10k-Top-Sale-poco-Vape-100x100.png",100,100,true],"wcpr-photo-reviews":["https:\/\/vapebulkp.com\/wp-content\/uploads\/2024\/10\/EU-Warehouse-Poco-BL10000-Puffs-Disposable-Vape-Pod-Puff-10k-Top-Sale-poco-Vape.png",444,500,false]},"uagb_author_info":{"display_name":"Mandy vape bulk price","author_link":"https:\/\/vapebulkp.com\/pt\/author\/"},"uagb_comment_info":0,"uagb_excerpt":"Buy POCO BL 10000 Puffs disposable vape online Choosing the POCO BL 10000 Puffs Disposable Vape means opting for a high-quality, versatile device that meets your vaping needs while providing a stylish and enjoyable experience. Pls Contact Mandy's WhatsApp For Discount Price+8618077105796 NOTE: Prices on our website does not include shipping costs &nbsp;","_links":{"self":[{"href":"https:\/\/vapebulkp.com\/pt\/wp-json\/wp\/v2\/product\/3075","targetHints":{"allow":["GET"]}}],"collection":[{"href":"https:\/\/vapebulkp.com\/pt\/wp-json\/wp\/v2\/product"}],"about":[{"href":"https:\/\/vapebulkp.com\/pt\/wp-json\/wp\/v2\/types\/product"}],"replies":[{"embeddable":true,"href":"https:\/\/vapebulkp.com\/pt\/wp-json\/wp\/v2\/comments?post=3075"}],"wp:featuredmedia":[{"embeddable":true,"href":"https:\/\/vapebulkp.com\/pt\/wp-json\/wp\/v2\/media\/3073"}],"wp:attachment":[{"href":"https:\/\/vapebulkp.com\/pt\/wp-json\/wp\/v2\/media?parent=3075"}],"wp:term":[{"taxonomy":"product_cat","embeddable":true,"href":"https:\/\/vapebulkp.com\/pt\/wp-json\/wp\/v2\/product_cat?post=3075"},{"taxonomy":"product_tag","embeddable":true,"href":"https:\/\/vapebulkp.com\/pt\/wp-json\/wp\/v2\/product_tag?post=3075"}],"curies":[{"name":"wp","href":"https:\/\/api.w.org\/{rel}","templated":true}]}}