{"id":3278,"date":"2024-12-24T10:37:50","date_gmt":"2024-12-24T09:37:50","guid":{"rendered":"https:\/\/vapebulkp.com\/?post_type=product&#038;p=3278"},"modified":"2025-09-16T11:29:12","modified_gmt":"2025-09-16T09:29:12","slug":"bood-infinity-30000-puff-hot-sale-vape-discount-price","status":"publish","type":"product","link":"https:\/\/vapebulkp.com\/pt\/product\/bood-infinity-30000-puff-hot-sale-vape-discount-price\/","title":{"rendered":"BOOD INFINITY 30000 PUFF Vape em Venda Quente Pre\u00e7o com Desconto"},"content":{"rendered":"<h2 style=\"text-align: left\">BOOD INFINITY 30000 PUFF Vape em Venda Quente Pre\u00e7o com Desconto<\/h2>\n<p>Entre no futuro do vaping com o Vape BOOD INFINITY 30000 PUFF, um dispositivo que combina tecnologia de ponta com um desempenho inigual\u00e1vel. Projetado para vapers que procuram conveni\u00eancia e consist\u00eancia, este vape oferece um espantoso <strong>30.000 baforadas<\/strong>, garantindo longevidade que atende ao uso di\u00e1rio e a longo prazo.<\/p>\n<p>Equipado com um inovador <strong>E-l\u00edquido<\/strong>, os utilizadores podem facilmente monitorizar a dura\u00e7\u00e3o da bateria e os n\u00edveis de e-l\u00edquido, eliminando suposi\u00e7\u00f5es. A tecnologia <strong>Bobina de Malha Dupla<\/strong> garante um vapor rico e suave a cada tragada, enquanto a <strong>fluxo de ar ajust\u00e1vel<\/strong> permite-lhe personalizar a sua experi\u00eancia de vaping para se adequar \u00e0s suas prefer\u00eancias. Alimentado por uma <strong>650mAh integrada<\/strong>, o BOOD INFINITY \u00e9 ao mesmo tempo ecol\u00f3gico e fi\u00e1vel.<\/p>\n<p>Dispon\u00edvel em Vapebulkp.com, este dispositivo de alto desempenho combina estilo, funcionalidade e acessibilidade. Quer seja novo no vaping ou um entusiasta experiente, o <strong>BOOD INFINITY\u00a0 <a href=\"https:\/\/vapebulkp.com\/pt\/product-category\/30000-puff-disposable-vape\/\">Vape Descart\u00e1vel de 30000 PUFFS<\/a><\/strong>\u00a0\u00e9 a solu\u00e7\u00e3o definitiva para aqueles que procuram uma experi\u00eancia de vaping premium e sem complica\u00e7\u00f5es. Aproveite o <strong>pre\u00e7o com desconto de venda quente de vape<\/strong> e eleve o seu jogo de vaping hoje!<\/p>\n<h6>Por favor, contacte o WhatsApp da Mandy para um pre\u00e7o com desconto<a href=\"https:\/\/wa.me\/8618077105796\">+8618077105796<\/a><\/h6>\n<p><img decoding=\"async\" class=\"alignnone wp-image-2151\" src=\"http:\/\/vapebulkp.com\/wp-content\/uploads\/2024\/04\/Mandy-WhatsApp-Randm.jpg\" alt=\"Mandy WhatsApp Randm\" width=\"324\" height=\"330\" \/><\/p>\n<div class=\"flex max-w-full flex-col flex-grow\">\n<div class=\"min-h-8 text-message flex w-full flex-col items-end gap-2 whitespace-normal break-words text-start [.text-message+&amp;]:mt-5\" dir=\"auto\" data-message-author-role=\"assistant\" data-message-id=\"d24cf626-c018-4805-80f5-44de047f2ba0\" data-message-model-slug=\"gpt-4o\">\n<div class=\"flex w-full flex-col gap-1 empty:hidden first:pt-[3px]\">\n<div class=\"markdown prose w-full break-words dark:prose-invert light\">\n<h2><strong>Porqu\u00ea Escolher o Vape de Alta Quantidade de Tragadas BOOD INFINITY 30,000 Puffs em Vapebulkp.com?<\/strong><\/h2>\n<ol>\n<li><strong>Durabilidade Incompar\u00e1vel<\/strong>: Com 30.000 tragadas, o BOOD INFINITY 30000 Puffs oferece um uso prolongado, perfeito para entusiastas do vaping di\u00e1rio e para aqueles que preferem menos substitui\u00e7\u00f5es.<\/li>\n<li><strong>Caracter\u00edsticas Inovadoras<\/strong>: Inclui um <strong>E-l\u00edquido<\/strong>, <strong>Bobina de Malha Dupla<\/strong> para vapor suave, <strong>fluxo de ar ajust\u00e1vel<\/strong> para uma experi\u00eancia personalizada, e um <strong>650mAh integrada<\/strong>, garantindo conveni\u00eancia e qualidade.<\/li>\n<li><strong>Plataforma Confi\u00e1vel e Segura<\/strong>: Vapebulkp.com oferece pre\u00e7os competitivos, envio r\u00e1pido para toda a Europa e um excelente servi\u00e7o ao cliente, tornando-se uma fonte de refer\u00eancia para produtos de vaping.<\/li>\n<\/ol>\n<h3>Outros Bestsellers em Vapebulkp.com:<\/h3>\n<ol>\n<li><strong>Bang King 36.000 Puffs<\/strong>: Uma op\u00e7\u00e3o de alta gama com um ecr\u00e3 LCD com reconhecimento de impress\u00f5es digitais, 36ml de capacidade de e-l\u00edquido, e carregamento Type-C.<\/li>\n<li><strong>Vapme Shisha Pro Max 20.000 Puffs<\/strong>: Design elegante, 28ml de capacidade de l\u00edquido, bobina de malha de 0.6\u03a9, e experi\u00eancia de vaping direto para o pulm\u00e3o.<\/li>\n<li><strong>Randm Tornado 30.000 Puff<\/strong>: Apresenta luzes LED e uma op\u00e7\u00e3o de sincroniza\u00e7\u00e3o com m\u00fasica, ideal para utilizadores que procuram divers\u00e3o e inova\u00e7\u00e3o.<\/li>\n<li><strong>Waspe AIVIOU 25.000 Puffs<\/strong>: Ecol\u00f3gico e equipado com tecnologia de bobina de malha dupla para um excelente sabor.<\/li>\n<li><strong>ELFWORLD Plus 20.000 Puffs<\/strong>: Design leve e port\u00e1til com foco em vaping suave e sabores \u00fanicos.<\/li>\n<\/ol>\n<p>Em Vapebulkp.com, encontrar\u00e1 uma sele\u00e7\u00e3o diversificada de vapes descart\u00e1veis premium adaptados \u00e0s necessidades dos clientes europeus.<\/p>\n<\/div>\n<\/div>\n<\/div>\n<\/div>\n<h3><strong>BOOD INFINITY 30k Puffs vapes descart\u00e1veis Especifica\u00e7\u00f5es:<\/strong><\/h3>\n<ul>\n<li><strong>30K Puff<\/strong>: Dura\u00e7\u00e3o at\u00e9 30.000 puffs.<\/li>\n<li><strong>E-l\u00edquido<\/strong>: Exibe o n\u00edvel do e-l\u00edquido e o estado da bateria.<\/li>\n<li><strong>Bobina de Malha Dupla<\/strong>: Garante um vapor mais suave e denso.<\/li>\n<li><strong>Recarreg\u00e1vel<\/strong>: Equipado com uma bateria recarreg\u00e1vel.<\/li>\n<li><strong>Fluxo de Ar Ajust\u00e1vel<\/strong>: Personalize o fluxo de ar para o seu trago preferido.<\/li>\n<li><strong>Bateria de 650mAh<\/strong>: Capacidade de energia fi\u00e1vel para uso prolongado.<\/li>\n<\/ul>\n<p>&nbsp;<\/p>\n<h3><strong>Pre\u00e7o de Atacado Vape BOOD INFINITY 30000 Puffs Lista de Sabores<\/strong><\/h3>\n<p>1 MORANGO COM MELANCIA<br \/>\n2 MANGA P\u00caSSEGO E ANAN\u00c1S<br \/>\n3 GELO EXUBERANTE<br \/>\n4 BAGAS MISTAS<br \/>\n5 MORANGO KIWI<br \/>\n6 HAWAII<br \/>\n7 GELO DE FRAMBOESA AZUL<br \/>\n8 LIMONADA DE MIRTILO<br \/>\n9 GELO PRETO<br \/>\n10 TIFFANY<\/p>\n<p><a href=\"https:\/\/vapebulkp.com\/pt\/product\/aivono-curved-smart-screen-35000-puffs-disposable-vape-wholesale-price\/\"><span style=\"vertical-align: inherit\">Aivono 35000 Puffs <\/span><\/a><\/p>\n<p><span style=\"vertical-align: inherit\">Encontre mais produtos que possa gostar:<\/span><em><a href=\"https:\/\/wa.me\/8618077105796\"><span style=\"vertical-align: inherit\">\u00a0Compre agora<\/span><\/a><\/em><\/p>\n<p><span style=\"vertical-align: inherit\">Outros Puffs Que Poder\u00e1 Gostar:<\/span><a href=\"https:\/\/vapebulkp.com\/pt\/product\/wholesale-price-bang-kingdoms-rex-32000-puffs-vape-pod\/\"><span style=\"vertical-align: inherit\">Bang Kingdoms 32000Puffs<\/span><\/a><span style=\"vertical-align: inherit\">\u3001<\/span><a href=\"https:\/\/vapebulkp.com\/pt\/product\/vookbar-30000-puffs-touch-screen-disposable-vapes-wholesale-price\/\"><span style=\"vertical-align: inherit\">Vookbar 30000 Puffs<\/span><\/a><span style=\"vertical-align: inherit\">\/ <\/span><a href=\"https:\/\/vapebulkp.com\/pt\/product\/vapsolo-best-quality-viking-12k-puffs-disposable-vapes\/\"><span style=\"vertical-align: inherit\">Vapsolo viking 12000 Baforadas<\/span><\/a><span style=\"vertical-align: inherit\">\/ <\/span><a href=\"https:\/\/vapebulkp.com\/pt\/product\/waspe-vape-40000-puff-fihp-double-flavour-disposable-vape\/\"><span style=\"vertical-align: inherit\">WASPE 40000 Puffs<\/span><\/a><\/p>\n<p><span style=\"vertical-align: inherit\">Garrafa de cigarro eletr\u00f3nico com formato especial:<\/span><a href=\"https:\/\/vapebulkp.com\/pt\/product\/vapsolo-feed-bar-shisha-vape-15000-puffs-wholesale-price\/\"><span style=\"vertical-align: inherit\"> Vapsolo shisha 15000 Puffs<\/span><\/a><span style=\"vertical-align: inherit\">\/ <\/span><a href=\"https:\/\/vapebulkp.com\/pt\/fi\/product\/best-price-wga-crystal-pro-max-15k-puffs-original-vape\/\"><span style=\"vertical-align: inherit\">\u00a0WGA Crystal pro max 15k Puffs <\/span><\/a><span style=\"vertical-align: inherit\">\/<\/span><a href=\"https:\/\/vapebulkp.com\/pt\/product\/bang-box-35000-puffs-touch-switch-digital-screen-rechargeable-vape\/\"><span style=\"vertical-align: inherit\"> Bang Box 35000 Baforadas<\/span><\/a><\/p>\n<h4>Perguntas Frequentes sobre as Vagens de Vape BOOD INFINITY 30000 Puffs<\/h4>\n<p><strong>1. O que torna o BOOD INFINITY 30.000 Puffs \u00fanico?<\/strong><br \/>\nO BOOD INFINITY possui uma enorme capacidade de 30.000 baforadas, um <strong>E-l\u00edquido<\/strong> para monitorizar o uso e a bateria, um <strong>Bobina de Malha Dupla<\/strong> para uma melhor qualidade de vapor, fluxo de ar ajust\u00e1vel e um <strong>Bateria de 650mAh<\/strong> para um desempenho duradouro.<\/p>\n<p><strong>2. Como carrego os VAPES BOOD INFINITY 30K?<\/strong><br \/>\nBasta conectar o dispositivo a um carregador USB usando o cabo apropriado. \u00c9 projetado com recursos recarreg\u00e1veis para garantir que voc\u00ea aproveite ao m\u00e1ximo seu dispositivo.<\/p>\n<p><strong>3. Posso personalizar minha experi\u00eancia de vaporiza\u00e7\u00e3o com o bood vape 30000 puffs?<\/strong><br \/>\nSim! O <strong>fluxo de ar ajust\u00e1vel<\/strong> permite ajustar o sorteio de acordo com sua prefer\u00eancia, quer voc\u00ea goste de uma inala\u00e7\u00e3o apertada ou arejada.<\/p>\n<p><strong>4. Que tipo de bobina o bood vape 30k puffs usa? <\/strong><strong>utilizar?<\/strong><br \/>\nO BOOD INFINITY VAPES 30000 PUFFS utiliza <strong>tecnologia de Bobina de Malha Dupla<\/strong>, proporcionando tragos mais suaves e uma produ\u00e7\u00e3o de sabor mais consistente.<\/p>\n<p><strong>5. Onde posso comprar o vape BOOD INFINITY 30K NO ATACADO?<\/strong><br \/>\nPode adquirir este pod de vape premium em <strong>Vapebulkp.com<\/strong>, uma plataforma de confian\u00e7a para produtos de vape de alta qualidade com excelente servi\u00e7o ao cliente e envio r\u00e1pido.<\/p>\n<p>&nbsp;<\/p>\n<h5>Detalhes de envio:<\/h5>\n<p><span style=\"color: #ff6600\">Tempo de produ\u00e7\u00e3o: 5-10 dias \u00fateis<\/span><br \/>\n<span style=\"color: #ff6600\">Tempo de envio: 8-14 dias \u00fateis<\/span><\/p>\n<p>Todos os produtos na nossa loja s\u00e3o 100% originais e aut\u00eanticos, por isso a nossa pol\u00edtica \u00e9 dez vezes a compensa\u00e7\u00e3o por produtos falsificados. Usamos canais de log\u00edstica como UPS\/DHL\/FEDEX\/DPD para entregar os produtos a si.<\/p>\n<p>Para encomendas enviadas para Portugal, a chegada demora geralmente 10 dias \u00fateis. O envio para outros pa\u00edses europeus geralmente demora de 12 a 15 dias \u00fateis a chegar. Atualizaremos as informa\u00e7\u00f5es de log\u00edstica para si em tempo real.<\/p>","protected":false},"excerpt":{"rendered":"<p>BOOD INFINITY 30000 Puffs Vape \u2013 Venda Quente! Qualidade premium, desempenho duradouro e pre\u00e7os com desconto imbat\u00edveis. Encomende agora para a melhor oferta de vape!<\/p>\n<p>Por favor, contacte o WhatsApp da Mandy para um pre\u00e7o com desconto<a href=\"https:\/\/wa.me\/8618077105796\">+8618077105796<\/a><\/p>\n<p><img decoding=\"async\" class=\"alignnone wp-image-2151\" src=\"http:\/\/vapebulkp.com\/wp-content\/uploads\/2024\/04\/Mandy-WhatsApp-Randm.jpg\" alt=\"Mandy WhatsApp Randm\" width=\"297\" height=\"316\" srcset=\"https:\/\/vapebulkp.com\/wp-content\/uploads\/2024\/04\/Mandy-WhatsApp-Randm.jpg 916w, https:\/\/vapebulkp.com\/wp-content\/uploads\/2024\/04\/Mandy-WhatsApp-Randm-282x300.jpg 282w, https:\/\/vapebulkp.com\/wp-content\/uploads\/2024\/04\/Mandy-WhatsApp-Randm-768x817.jpg 768w, https:\/\/vapebulkp.com\/wp-content\/uploads\/2024\/04\/Mandy-WhatsApp-Randm-600x638.jpg 600w\" sizes=\"(max-width: 297px) 100vw, 297px\" \/><\/p>\n<p><span style=\"color: #ff0000\">NOTA: Os pre\u00e7os no nosso site n\u00e3o incluem os custos de envio<\/span><\/p>\n<p>&nbsp;<\/p>","protected":false},"featured_media":3284,"comment_status":"open","ping_status":"closed","template":"","meta":{"_uag_custom_page_level_css":"","_lmt_disableupdate":"no","_lmt_disable":"","site-sidebar-layout":"default","site-content-layout":"content-boxed-container","ast-site-content-layout":"normal-width-container","site-content-style":"boxed","site-sidebar-style":"unboxed","ast-global-header-display":"","ast-banner-title-visibility":"","ast-main-header-display":"","ast-hfb-above-header-display":"","ast-hfb-below-header-display":"","ast-hfb-mobile-header-display":"","site-post-title":"","ast-breadcrumbs-content":"","ast-featured-img":"","footer-sml-layout":"","theme-transparent-header-meta":"default","adv-header-id-meta":"","stick-header-meta":"","header-above-stick-meta":"","header-main-stick-meta":"","header-below-stick-meta":"","astra-migrate-meta-layouts":"set","_joinchat":[]},"product_cat":[190,153,155,346,33,59,100,87,34,158,157,154,152,58,84,156,63,32],"product_tag":[187,36,37,41,40],"class_list":["post-3278","product","type-product","status-publish","has-post-thumbnail","hentry","product_cat-35000-puffs-disposable-vape","product_cat-hot-disposable-vapes","product_cat-belgium-hot-disposable-vapes","product_cat-bood-vapes","product_cat-france-vape-hot-sale","product_cat-germany-hot-disposable-vape","product_cat-germany-wholesale-vape-shop","product_cat-minimum-order-quantity-50pcs","product_cat-netherlands-vape-good-sale","product_cat-norway-hot-disposable-vapes","product_cat-poland-hot-disposable-vapes","product_cat-portugal-hot-disposable-vapes","product_cat-spain-hot-disposable-vapes","product_cat-sweden-hot-disposable-vape","product_cat-sweden-wholesale-vape","product_cat-switzerland-hot-disposable-vapes","product_cat-top-sale-disposable-vape","product_cat-vape-hot-sale-this-week","product_tag-30000-puffs","product_tag-good-vape","product_tag-hot-sale-disposable-vape","product_tag-poland-hot-vape","product_tag-sweden-hot-vape","pa_brand-bood-vape","desktop-align-left","tablet-align-left","mobile-align-left"],"yoast_head":"<!-- This site is optimized with the Yoast SEO plugin v21.1 - https:\/\/yoast.com\/wordpress\/plugins\/seo\/ -->\n<title>BOOD INFINITY 30000 PUFF Hot Sale Vape Discount Price - vapebulkp.com<\/title>\n<meta name=\"description\" content=\"BOOD INFINITY 30000 Puffs Wholesale Vape \u2013 Hot Sale! Long-lasting, stylish, and budget-friendly. Grab this top-quality vape at a discounted price today!\" \/>\n<meta name=\"robots\" content=\"index, follow, max-snippet:-1, max-image-preview:large, max-video-preview:-1\" \/>\n<link rel=\"canonical\" href=\"https:\/\/vapebulkp.com\/pt\/product\/bood-infinity-30000-puff-hot-sale-vape-discount-price\/\" \/>\n<meta property=\"og:locale\" content=\"pt_PT\" \/>\n<meta property=\"og:type\" content=\"article\" \/>\n<meta property=\"og:title\" content=\"BOOD INFINITY 30000 PUFF Hot Sale Vape Discount Price - vapebulkp.com\" \/>\n<meta property=\"og:description\" content=\"BOOD INFINITY 30000 Puffs Wholesale Vape \u2013 Hot Sale! Long-lasting, stylish, and budget-friendly. Grab this top-quality vape at a discounted price today!\" \/>\n<meta property=\"og:url\" content=\"https:\/\/vapebulkp.com\/pt\/product\/bood-infinity-30000-puff-hot-sale-vape-discount-price\/\" \/>\n<meta property=\"og:site_name\" content=\"vapebulkp.com\" \/>\n<meta property=\"article:modified_time\" content=\"2025-09-16T09:29:12+00:00\" \/>\n<meta property=\"og:image\" content=\"http:\/\/vapebulkp.com\/wp-content\/uploads\/2024\/12\/bulk-buy-vapes-bood-infinity-30k-puffs-blue-razz-ice.png\" \/>\n\t<meta property=\"og:image:width\" content=\"800\" \/>\n\t<meta property=\"og:image:height\" content=\"800\" \/>\n\t<meta property=\"og:image:type\" content=\"image\/png\" \/>\n<meta name=\"twitter:card\" content=\"summary_large_image\" \/>\n<meta name=\"twitter:label1\" content=\"Tempo estimado de leitura\" \/>\n\t<meta name=\"twitter:data1\" content=\"4 minutos\" \/>\n<script type=\"application\/ld+json\" class=\"yoast-schema-graph\">{\"@context\":\"https:\/\/schema.org\",\"@graph\":[{\"@type\":\"WebPage\",\"@id\":\"https:\/\/vapebulkp.com\/product\/bood-infinity-30000-puff-hot-sale-vape-discount-price\/\",\"url\":\"https:\/\/vapebulkp.com\/product\/bood-infinity-30000-puff-hot-sale-vape-discount-price\/\",\"name\":\"BOOD INFINITY 30000 PUFF Hot Sale Vape Discount Price - vapebulkp.com\",\"isPartOf\":{\"@id\":\"https:\/\/vapebulkp.com\/#website\"},\"datePublished\":\"2024-12-24T09:37:50+00:00\",\"dateModified\":\"2025-09-16T09:29:12+00:00\",\"description\":\"BOOD INFINITY 30000 Puffs Wholesale Vape \u2013 Hot Sale! Long-lasting, stylish, and budget-friendly. Grab this top-quality vape at a discounted price today!\",\"breadcrumb\":{\"@id\":\"https:\/\/vapebulkp.com\/product\/bood-infinity-30000-puff-hot-sale-vape-discount-price\/#breadcrumb\"},\"inLanguage\":\"pt-PT\",\"potentialAction\":[{\"@type\":\"ReadAction\",\"target\":[\"https:\/\/vapebulkp.com\/product\/bood-infinity-30000-puff-hot-sale-vape-discount-price\/\"]}]},{\"@type\":\"BreadcrumbList\",\"@id\":\"https:\/\/vapebulkp.com\/product\/bood-infinity-30000-puff-hot-sale-vape-discount-price\/#breadcrumb\",\"itemListElement\":[{\"@type\":\"ListItem\",\"position\":1,\"name\":\"Home\",\"item\":\"https:\/\/vapebulkp.com\/\"},{\"@type\":\"ListItem\",\"position\":2,\"name\":\"Hot Trend Vapes\",\"item\":\"https:\/\/vapebulkp.com\/vape-shop\/\"},{\"@type\":\"ListItem\",\"position\":3,\"name\":\"BOOD INFINITY 30000 PUFF Hot Sale Vape Discount Price\"}]},{\"@type\":\"WebSite\",\"@id\":\"https:\/\/vapebulkp.com\/#website\",\"url\":\"https:\/\/vapebulkp.com\/\",\"name\":\"vapebulkp.com\",\"description\":\"Buy Vape In Cheap Bulk Price Near you\",\"publisher\":{\"@id\":\"https:\/\/vapebulkp.com\/#organization\"},\"potentialAction\":[{\"@type\":\"SearchAction\",\"target\":{\"@type\":\"EntryPoint\",\"urlTemplate\":\"https:\/\/vapebulkp.com\/?s={search_term_string}\"},\"query-input\":\"required name=search_term_string\"}],\"inLanguage\":\"pt-PT\"},{\"@type\":\"Organization\",\"@id\":\"https:\/\/vapebulkp.com\/#organization\",\"name\":\"vapebulkp.com\",\"url\":\"https:\/\/vapebulkp.com\/\",\"logo\":{\"@type\":\"ImageObject\",\"inLanguage\":\"pt-PT\",\"@id\":\"https:\/\/vapebulkp.com\/#\/schema\/logo\/image\/\",\"url\":\"https:\/\/vapebulkp.com\/wp-content\/uploads\/2023\/09\/cropped-vapebulkp.png\",\"contentUrl\":\"https:\/\/vapebulkp.com\/wp-content\/uploads\/2023\/09\/cropped-vapebulkp.png\",\"width\":516,\"height\":163,\"caption\":\"vapebulkp.com\"},\"image\":{\"@id\":\"https:\/\/vapebulkp.com\/#\/schema\/logo\/image\/\"}}]}<\/script>\n<!-- \/ Yoast SEO plugin. -->","yoast_head_json":{"title":"BOOD INFINITY 30000 PUFF Hot Sale Vape Discount Price - vapebulkp.com","description":"BOOD INFINITY 30000 Puffs Wholesale Vape \u2013 Hot Sale! Long-lasting, stylish, and budget-friendly. Grab this top-quality vape at a discounted price today!","robots":{"index":"index","follow":"follow","max-snippet":"max-snippet:-1","max-image-preview":"max-image-preview:large","max-video-preview":"max-video-preview:-1"},"canonical":"https:\/\/vapebulkp.com\/pt\/product\/bood-infinity-30000-puff-hot-sale-vape-discount-price\/","og_locale":"pt_PT","og_type":"article","og_title":"BOOD INFINITY 30000 PUFF Hot Sale Vape Discount Price - vapebulkp.com","og_description":"BOOD INFINITY 30000 Puffs Wholesale Vape \u2013 Hot Sale! Long-lasting, stylish, and budget-friendly. Grab this top-quality vape at a discounted price today!","og_url":"https:\/\/vapebulkp.com\/pt\/product\/bood-infinity-30000-puff-hot-sale-vape-discount-price\/","og_site_name":"vapebulkp.com","article_modified_time":"2025-09-16T09:29:12+00:00","og_image":[{"width":800,"height":800,"url":"http:\/\/vapebulkp.com\/wp-content\/uploads\/2024\/12\/bulk-buy-vapes-bood-infinity-30k-puffs-blue-razz-ice.png","type":"image\/png"}],"twitter_card":"summary_large_image","twitter_misc":{"Tempo estimado de leitura":"4 minutos"},"schema":{"@context":"https:\/\/schema.org","@graph":[{"@type":"WebPage","@id":"https:\/\/vapebulkp.com\/product\/bood-infinity-30000-puff-hot-sale-vape-discount-price\/","url":"https:\/\/vapebulkp.com\/product\/bood-infinity-30000-puff-hot-sale-vape-discount-price\/","name":"BOOD INFINITY 30000 PUFF Hot Sale Vape Discount Price - vapebulkp.com","isPartOf":{"@id":"https:\/\/vapebulkp.com\/#website"},"datePublished":"2024-12-24T09:37:50+00:00","dateModified":"2025-09-16T09:29:12+00:00","description":"BOOD INFINITY 30000 Puffs Wholesale Vape \u2013 Hot Sale! Long-lasting, stylish, and budget-friendly. Grab this top-quality vape at a discounted price today!","breadcrumb":{"@id":"https:\/\/vapebulkp.com\/product\/bood-infinity-30000-puff-hot-sale-vape-discount-price\/#breadcrumb"},"inLanguage":"pt-PT","potentialAction":[{"@type":"ReadAction","target":["https:\/\/vapebulkp.com\/product\/bood-infinity-30000-puff-hot-sale-vape-discount-price\/"]}]},{"@type":"BreadcrumbList","@id":"https:\/\/vapebulkp.com\/product\/bood-infinity-30000-puff-hot-sale-vape-discount-price\/#breadcrumb","itemListElement":[{"@type":"ListItem","position":1,"name":"Home","item":"https:\/\/vapebulkp.com\/"},{"@type":"ListItem","position":2,"name":"Hot Trend Vapes","item":"https:\/\/vapebulkp.com\/vape-shop\/"},{"@type":"ListItem","position":3,"name":"BOOD INFINITY 30000 PUFF Hot Sale Vape Discount Price"}]},{"@type":"WebSite","@id":"https:\/\/vapebulkp.com\/#website","url":"https:\/\/vapebulkp.com\/","name":"vapebulkp.com","description":"Buy Vape In Cheap Bulk Price Near you","publisher":{"@id":"https:\/\/vapebulkp.com\/#organization"},"potentialAction":[{"@type":"SearchAction","target":{"@type":"EntryPoint","urlTemplate":"https:\/\/vapebulkp.com\/?s={search_term_string}"},"query-input":"required name=search_term_string"}],"inLanguage":"pt-PT"},{"@type":"Organization","@id":"https:\/\/vapebulkp.com\/#organization","name":"vapebulkp.com","url":"https:\/\/vapebulkp.com\/","logo":{"@type":"ImageObject","inLanguage":"pt-PT","@id":"https:\/\/vapebulkp.com\/#\/schema\/logo\/image\/","url":"https:\/\/vapebulkp.com\/wp-content\/uploads\/2023\/09\/cropped-vapebulkp.png","contentUrl":"https:\/\/vapebulkp.com\/wp-content\/uploads\/2023\/09\/cropped-vapebulkp.png","width":516,"height":163,"caption":"vapebulkp.com"},"image":{"@id":"https:\/\/vapebulkp.com\/#\/schema\/logo\/image\/"}}]}},"uagb_featured_image_src":{"full":["https:\/\/vapebulkp.com\/wp-content\/uploads\/2024\/12\/bulk-buy-vapes-bood-infinity-30k-puffs-blue-razz-ice.png",800,800,false],"thumbnail":["https:\/\/vapebulkp.com\/wp-content\/uploads\/2024\/12\/bulk-buy-vapes-bood-infinity-30k-puffs-blue-razz-ice-150x150.png",150,150,true],"medium":["https:\/\/vapebulkp.com\/wp-content\/uploads\/2024\/12\/bulk-buy-vapes-bood-infinity-30k-puffs-blue-razz-ice-300x300.png",300,300,true],"medium_large":["https:\/\/vapebulkp.com\/wp-content\/uploads\/2024\/12\/bulk-buy-vapes-bood-infinity-30k-puffs-blue-razz-ice-768x768.png",768,768,true],"large":["https:\/\/vapebulkp.com\/wp-content\/uploads\/2024\/12\/bulk-buy-vapes-bood-infinity-30k-puffs-blue-razz-ice.png",800,800,false],"1536x1536":["https:\/\/vapebulkp.com\/wp-content\/uploads\/2024\/12\/bulk-buy-vapes-bood-infinity-30k-puffs-blue-razz-ice.png",800,800,false],"2048x2048":["https:\/\/vapebulkp.com\/wp-content\/uploads\/2024\/12\/bulk-buy-vapes-bood-infinity-30k-puffs-blue-razz-ice.png",800,800,false],"trp-custom-language-flag":["https:\/\/vapebulkp.com\/wp-content\/uploads\/2024\/12\/bulk-buy-vapes-bood-infinity-30k-puffs-blue-razz-ice.png",12,12,false],"woocommerce_thumbnail":["https:\/\/vapebulkp.com\/wp-content\/uploads\/2024\/12\/bulk-buy-vapes-bood-infinity-30k-puffs-blue-razz-ice-300x300.png",300,300,true],"woocommerce_single":["https:\/\/vapebulkp.com\/wp-content\/uploads\/2024\/12\/bulk-buy-vapes-bood-infinity-30k-puffs-blue-razz-ice-600x600.png",600,600,true],"woocommerce_gallery_thumbnail":["https:\/\/vapebulkp.com\/wp-content\/uploads\/2024\/12\/bulk-buy-vapes-bood-infinity-30k-puffs-blue-razz-ice-100x100.png",100,100,true],"wcpr-photo-reviews":["https:\/\/vapebulkp.com\/wp-content\/uploads\/2024\/12\/bulk-buy-vapes-bood-infinity-30k-puffs-blue-razz-ice.png",500,500,false]},"uagb_author_info":{"display_name":"Mandy vape bulk price","author_link":"https:\/\/vapebulkp.com\/pt\/author\/"},"uagb_comment_info":0,"uagb_excerpt":"BOOD INFINITY 30000 Puffs Vape - Hot Sale! Premium quality, long-lasting performance, and unbeatable discount prices. Order now for the best vaping deal! Pls Contact Mandy's WhatsApp For Discount Price+8618077105796 NOTE: Prices on our website does not include shipping costs &nbsp;","_links":{"self":[{"href":"https:\/\/vapebulkp.com\/pt\/wp-json\/wp\/v2\/product\/3278","targetHints":{"allow":["GET"]}}],"collection":[{"href":"https:\/\/vapebulkp.com\/pt\/wp-json\/wp\/v2\/product"}],"about":[{"href":"https:\/\/vapebulkp.com\/pt\/wp-json\/wp\/v2\/types\/product"}],"replies":[{"embeddable":true,"href":"https:\/\/vapebulkp.com\/pt\/wp-json\/wp\/v2\/comments?post=3278"}],"wp:featuredmedia":[{"embeddable":true,"href":"https:\/\/vapebulkp.com\/pt\/wp-json\/wp\/v2\/media\/3284"}],"wp:attachment":[{"href":"https:\/\/vapebulkp.com\/pt\/wp-json\/wp\/v2\/media?parent=3278"}],"wp:term":[{"taxonomy":"product_cat","embeddable":true,"href":"https:\/\/vapebulkp.com\/pt\/wp-json\/wp\/v2\/product_cat?post=3278"},{"taxonomy":"product_tag","embeddable":true,"href":"https:\/\/vapebulkp.com\/pt\/wp-json\/wp\/v2\/product_tag?post=3278"}],"curies":[{"name":"wp","href":"https:\/\/api.w.org\/{rel}","templated":true}]}}