{"id":3377,"date":"2025-01-31T10:42:57","date_gmt":"2025-01-31T09:42:57","guid":{"rendered":"https:\/\/vapebulkp.com\/?post_type=product&#038;p=3377"},"modified":"2025-09-24T05:20:24","modified_gmt":"2025-09-24T03:20:24","slug":"bang-tornado-40k-puffs-high-capacity-disposable-vape-pen","status":"publish","type":"product","link":"https:\/\/vapebulkp.com\/pt\/product\/bang-tornado-40k-puffs-high-capacity-disposable-vape-pen\/","title":{"rendered":"Bang Tornado 40K Puffs Caneta Vape Descart\u00e1vel de Alta Capacidade"},"content":{"rendered":"<h2 style=\"text-align: left\">Bang Tornado 40K Puffs Caneta Vape Descart\u00e1vel de Alta Capacidade<\/h2>\n<div class=\"flex max-w-full flex-col flex-grow\">\n<div class=\"min-h-8 text-message flex w-full flex-col items-end gap-2 whitespace-normal break-words text-start [.text-message+&amp;]:mt-5\" dir=\"auto\" data-message-author-role=\"assistant\" data-message-id=\"ebeef09e-6d27-4a31-bd63-f94c3e7cadb1\" data-message-model-slug=\"gpt-4o\">\n<div class=\"flex w-full flex-col gap-1 empty:hidden first:pt-[3px]\">\n<div class=\"markdown prose w-full break-words dark:prose-invert light\">\n<p>O <strong>Vape Atacado Ajust\u00e1vel em Pot\u00eancia Bang Tornado 40000 Puffs<\/strong> \u00e9 um vape descart\u00e1vel premium, projetado de forma especializada para uso prolongado e desempenho excecional. Com a sua impressionante capacidade de 40ml de e-l\u00edquido, este dispositivo oferece uns incr\u00edveis 40.000 puffs, tornando-o ideal para utilizadores que preferem uma experi\u00eancia de vaping duradoura sem substitui\u00e7\u00f5es frequentes. Al\u00e9m disso, atende \u00e0s necessidades de quem procura conveni\u00eancia e durabilidade num \u00fanico pacote compacto.<\/p>\n<p>Equipado com uma bateria recarreg\u00e1vel de 850mAh, o Bang Tornado <strong><a href=\"https:\/\/vapebulkp.com\/pt\/product-category\/40000-puffs-disposable-vape\/\">Vape Descart\u00e1vel 40000 Puffs<\/a>\u00a0<\/strong> garante energia consistente ao longo da sua utiliza\u00e7\u00e3o. Adicionalmente, a porta de carregamento Tipo-C suporta carregamento r\u00e1pido e eficiente, minimizando o tempo de inatividade e garantindo sess\u00f5es de vaping ininterruptas. Estas caracter\u00edsticas combinam-se para proporcionar uma experi\u00eancia fluida, mesmo para os utilizadores mais exigentes.<\/p>\n<p>Al\u00e9m disso, a tecnologia de bobina tripla de malha de 0.5ohm foi concebida para proporcionar uma produ\u00e7\u00e3o de vapor suave e um sabor intenso. Quer esteja a desfrutar de um evento social, a viajar ou a relaxar em casa, o Tornado 40K proporciona satisfa\u00e7\u00e3o consistente a cada puff. A sua engenharia superior real\u00e7a tanto o desempenho como a qualidade do sabor, distinguindo-o dos concorrentes.<\/p>\n<p>Projetado para facilidade de uso e m\u00e1xima conveni\u00eancia, este dispositivo tamb\u00e9m possui uma op\u00e7\u00e3o de pot\u00eancia ajust\u00e1vel. Isto permite aos utilizadores personalizar a sua experi\u00eancia de vaping, tornando-o uma escolha vers\u00e1til para iniciantes e vapers experientes. Adicionalmente, o seu design elegante e ergon\u00f3mico garante estilo e conforto durante o uso.<\/p>\n<p>Em resumo, o Wholesale I Vape Adjust Power <strong>Vape em Promo\u00e7\u00e3o<\/strong> O Bang Tornado 40k puff destaca-se como um vape descart\u00e1vel de primeira linha. A sua combina\u00e7\u00e3o de alta capacidade, tecnologia avan\u00e7ada e funcionalidades f\u00e1ceis de usar torna-o uma excelente escolha para quem procura desempenho premium e fiabilidade.<\/p>\n<\/div>\n<\/div>\n<\/div>\n<\/div>\n<h6>Por favor, contacte o WhatsApp da Mandy para um pre\u00e7o com desconto<a href=\"https:\/\/wa.me\/8618077105796\">+8618077105796<\/a><\/h6>\n<p><img decoding=\"async\" class=\"alignnone wp-image-2151\" src=\"http:\/\/vapebulkp.com\/wp-content\/uploads\/2024\/04\/Mandy-WhatsApp-Randm.jpg\" alt=\"Mandy WhatsApp Randm\" width=\"324\" height=\"330\" \/><\/p>\n<div class=\"flex max-w-full flex-col flex-grow\">\n<div class=\"min-h-8 text-message flex w-full flex-col items-end gap-2 whitespace-normal break-words text-start [.text-message+&amp;]:mt-5\" dir=\"auto\" data-message-author-role=\"assistant\" data-message-id=\"d24cf626-c018-4805-80f5-44de047f2ba0\" data-message-model-slug=\"gpt-4o\">\n<div class=\"flex w-full flex-col gap-1 empty:hidden first:pt-[3px]\">\n<div class=\"markdown prose w-full break-words dark:prose-invert light\">\n<h2>Porqu\u00ea Escolher o Big Puffs Bang Tornado 40ooo Puffs <strong>\u00a0<\/strong>at <a href=\"https:\/\/vapebulkp.com\/pt\/vape-shop\/\">Vapebulkp.com<\/a>?<\/h2>\n<ul>\n<li><strong>Experi\u00eancia de Vaping Duradoura:<\/strong> Com at\u00e9 40.000 puffs, o Bang Tornado garante satisfa\u00e7\u00e3o prolongada, reduzindo a necessidade de substitui\u00e7\u00f5es constantes. Perfeito para uso a longo prazo.<\/li>\n<li><strong>Qualidade Premium:<\/strong> Fabricado com materiais de alta qualidade e tecnologia avan\u00e7ada, o Bang Tornado oferece uma experi\u00eancia de vaping suave e rica com produ\u00e7\u00e3o de sabor aprimorada.<\/li>\n<li><strong>Bateria Recarreg\u00e1vel Conveniente:<\/strong> A bateria recarreg\u00e1vel de 850mAh, combinada com o carregamento Tipo-C, garante um tempo de inatividade m\u00ednimo, assegurando um prazer cont\u00ednuo.<\/li>\n<li><strong>Ampla Sele\u00e7\u00e3o de Sabores:<\/strong> Escolha entre uma variedade de sabores excitantes para corresponder \u00e0s suas prefer\u00eancias, de frutados a mentolados e muito mais.<\/li>\n<li><strong>Pre\u00e7os Competitivos:<\/strong> Na Vapebulkp.com, oferecemos pre\u00e7os de atacado imbat\u00edveis, permitindo que voc\u00ea estoque seus vapes descart\u00e1veis favoritos com \u00f3timo valor.<\/li>\n<li><strong>Envio R\u00e1pido:<\/strong> Oferecemos envio r\u00e1pido e confi\u00e1vel para garantir que seu pedido chegue de forma r\u00e1pida e segura.<\/li>\n<li><strong>Satisfa\u00e7\u00e3o do Cliente:<\/strong> Na Vapebulkp.com, a satisfa\u00e7\u00e3o do cliente \u00e9 nossa principal prioridade. Oferecemos excelente suporte e uma experi\u00eancia de compra perfeita.<\/li>\n<\/ul>\n<h3>Bang Tornado Vape 40000 puffs Vapes em Promo\u00e7\u00e3o Caracter\u00edsticas<\/h3>\n<ul>\n<li><strong>Capacidade Massiva:<\/strong> 40ml de e-l\u00edquido para at\u00e9 40.000 puffs.<\/li>\n<li><strong>Bateria Potente:<\/strong> 850mAh recarreg\u00e1vel com carregamento r\u00e1pido Tipo-C.<\/li>\n<li><strong>Tecnologia Avan\u00e7ada:<\/strong> Bobina tripla de malha de 0.5ohm para vapor suave e sabor rico.<\/li>\n<li><strong>Experi\u00eancia Personaliz\u00e1vel:<\/strong> Configura\u00e7\u00f5es de pot\u00eancia ajust\u00e1veis para uma experi\u00eancia de vaporiza\u00e7\u00e3o personalizada.<\/li>\n<li><strong>Design Amig\u00e1vel:<\/strong> Elegante, ergon\u00f4mico e ideal para viagens.<\/li>\n<li><strong>Dur\u00e1vel e Fi\u00e1vel:<\/strong> Constru\u00eddo para um desempenho duradouro e consistente.<\/li>\n<\/ul>\n<h3>Lista de Sabores Bang Tornadovape puff 40000<\/h3>\n<\/div>\n<\/div>\n<\/div>\n<\/div>\n<p>1. Morango Melancia<br \/>\n2. Melancia<br \/>\n3. LOVE66<br \/>\n4. Bebida Energ\u00e9tica<br \/>\n5.Morango Kiwi<br \/>\n6. Mirtilo Lim\u00e3o<br \/>\n7. Mirtilo Uvas<br \/>\n8. Mirtilo Framboesa<br \/>\n9. Manga P\u00eassego<br \/>\n10. Frutos Vermelhos Triplos<br \/>\n11. Ma\u00e7\u00e3 Dupla<br \/>\n12. P\u00eassego Gelo<\/p>\n<p><a href=\"https:\/\/vapebulkp.com\/pt\/product\/aivono-curved-smart-screen-35000-puffs-disposable-vape-wholesale-price\/\"><span style=\"vertical-align: inherit\">Aivono 35000 Puffs <\/span><\/a><\/p>\n<p><span style=\"vertical-align: inherit\">Encontre mais produtos que possa gostar:<\/span><em><a href=\"https:\/\/wa.me\/8618077105796\"><span style=\"vertical-align: inherit\">\u00a0Compre agora<\/span><\/a><\/em><\/p>\n<p><span style=\"vertical-align: inherit\">Outros Puffs Que Poder\u00e1 Gostar:<\/span><a href=\"https:\/\/vapebulkp.com\/pt\/product\/wholesale-price-bang-kingdoms-rex-32000-puffs-vape-pod\/\"><span style=\"vertical-align: inherit\">Bang Kingdoms 32000Puffs<\/span><\/a><span style=\"vertical-align: inherit\">\u3001<\/span><a href=\"https:\/\/vapebulkp.com\/pt\/product\/bood-pulse-pro-25k-50k-disposable-vape-bar-5000-puffs-nicotine-free\/\"><span style=\"vertical-align: inherit\">Bood pulse pro 50000 Baforadas<\/span><\/a><span style=\"vertical-align: inherit\">\/ <\/span><a href=\"https:\/\/vapebulkp.com\/pt\/product\/vapsolo-best-quality-viking-12k-puffs-disposable-vapes\/\"><span style=\"vertical-align: inherit\">Vapsolo viking 12000 Baforadas<\/span><\/a><span style=\"vertical-align: inherit\">\/ <\/span><a href=\"https:\/\/vapebulkp.com\/pt\/product\/waspe-vape-40000-puff-fihp-double-flavour-disposable-vape\/\"><span style=\"vertical-align: inherit\">WASPE 40000 Puffs<\/span><\/a><\/p>\n<p><span style=\"vertical-align: inherit\">Garrafa de cigarro eletr\u00f3nico com formato especial:<\/span><a href=\"https:\/\/vapebulkp.com\/pt\/product\/vapsolo-feed-bar-shisha-vape-15000-puffs-wholesale-price\/\"><span style=\"vertical-align: inherit\"> Vapsolo shisha 15000 Puffs<\/span><\/a><span style=\"vertical-align: inherit\">\/ <\/span><a href=\"https:\/\/vapebulkp.com\/pt\/product\/vopk-ultra-30000-puffs-rgb-light-mesh-coil-rechargeable-vape-wholesale-price\/\"><span style=\"vertical-align: inherit\">\u00a0VOPK ULTRA 30000 Puffs <\/span><\/a><span style=\"vertical-align: inherit\">\/<\/span><a href=\"https:\/\/vapebulkp.com\/pt\/product\/bang-box-35000-puffs-touch-switch-digital-screen-rechargeable-vape\/\"><span style=\"vertical-align: inherit\"> Bang Box 35000 Baforadas<\/span><\/a><\/p>\n<h2><\/h2>\n<h4>FAQ para o vape Bang Tornado 40k Puffs vapes populares<\/h4>\n<p><strong>1. Quantos puffs oferece o Bang Tornado 40K?<\/strong><br \/>\nO Bang Tornado oferece at\u00e9 40.000 puffs, tornando-o um dos vapes descart\u00e1veis de maior dura\u00e7\u00e3o dispon\u00edveis no mercado.<\/p>\n<p><strong>2. O Bang Tornado 40K \u00e9 recarreg\u00e1vel?<\/strong><br \/>\nSim, possui uma bateria recarreg\u00e1vel de 850mAh com uma porta de carregamento Tipo-C conveniente para recarga r\u00e1pida e eficiente.<\/p>\n<p><strong>3. Qual \u00e9 a capacidade de e-l\u00edquido do Bang Tornado?<\/strong><br \/>\nO dispositivo vem pr\u00e9-carregado com uma capacidade massiva de 40ml de e-l\u00edquido, garantindo uma experi\u00eancia de vaporiza\u00e7\u00e3o consistente ao longo da sua vida \u00fatil.<\/p>\n<p><strong>4. Qual a concentra\u00e7\u00e3o de nicotina dispon\u00edvel no Bang Tornado 40K?<\/strong><br \/>\nO Bang Tornado est\u00e1 dispon\u00edvel em concentra\u00e7\u00f5es de sal de nicotina de 2% ou 5%, atendendo a diferentes prefer\u00eancias de vaporiza\u00e7\u00e3o.<\/p>\n<h4>Detalhes de envio:<\/h4>\n<p><span style=\"color: #ff6600\">Tempo de produ\u00e7\u00e3o: 5-10 dias \u00fateis<\/span><br \/>\n<span style=\"color: #ff6600\">Tempo de envio: 8-14 dias \u00fateis<\/span><\/p>\n<p>Todos os produtos na nossa loja s\u00e3o 100% originais e aut\u00eanticos, por isso a nossa pol\u00edtica \u00e9 dez vezes a compensa\u00e7\u00e3o por produtos falsificados. Usamos canais de log\u00edstica como UPS\/DHL\/FEDEX\/DPD para entregar os produtos a si.<\/p>\n<p>Para encomendas enviadas para Portugal, a chegada demora geralmente 10 dias \u00fateis. O envio para outros pa\u00edses europeus geralmente demora de 12 a 15 dias \u00fateis a chegar. Atualizaremos as informa\u00e7\u00f5es de log\u00edstica para si em tempo real.<\/p>","protected":false},"excerpt":{"rendered":"<div class=\"flex-shrink-0 flex flex-col relative items-end\">\n<div class=\"pt-0\">\n<div class=\"gizmo-bot-avatar flex h-8 w-8 items-center justify-center overflow-hidden rounded-full\">\n<div class=\"relative p-1 rounded-sm flex items-center justify-center bg-token-main-surface-primary text-token-text-primary h-8 w-8\">\n<ul>\n<li><strong>Caneta Vape Premium Bang Tornado 40.000 Puffs para Uso Prolongado<\/strong><\/li>\n<li><strong>Vape Descart\u00e1vel Recarreg\u00e1vel Bang Tornado 40.000 Puffs para Prazer Duradouro<\/strong><\/li>\n<li><strong>Cigarro Eletr\u00f4nico Bang Tornado 40.000 Puffs com Pods Personaliz\u00e1veis de Sabor Ice<\/strong><\/li>\n<\/ul>\n<\/div>\n<\/div>\n<\/div>\n<\/div>\n<p>Por favor, contacte o WhatsApp da Mandy para um pre\u00e7o com desconto<a href=\"https:\/\/wa.me\/8618077105796\">+8618077105796<\/a><\/p>\n<p><img decoding=\"async\" class=\"alignnone wp-image-2151\" src=\"http:\/\/vapebulkp.com\/wp-content\/uploads\/2024\/04\/Mandy-WhatsApp-Randm.jpg\" alt=\"Mandy WhatsApp Randm\" width=\"297\" height=\"316\" srcset=\"https:\/\/vapebulkp.com\/wp-content\/uploads\/2024\/04\/Mandy-WhatsApp-Randm.jpg 916w, https:\/\/vapebulkp.com\/wp-content\/uploads\/2024\/04\/Mandy-WhatsApp-Randm-282x300.jpg 282w, https:\/\/vapebulkp.com\/wp-content\/uploads\/2024\/04\/Mandy-WhatsApp-Randm-768x817.jpg 768w, https:\/\/vapebulkp.com\/wp-content\/uploads\/2024\/04\/Mandy-WhatsApp-Randm-600x638.jpg 600w\" sizes=\"(max-width: 297px) 100vw, 297px\" \/><\/p>\n<p><span style=\"color: #ff0000\">NOTA: Os pre\u00e7os no nosso site n\u00e3o incluem os custos de envio<\/span><\/p>\n<p>&nbsp;<\/p>","protected":false},"featured_media":3378,"comment_status":"open","ping_status":"closed","template":"","meta":{"_uag_custom_page_level_css":"","_lmt_disableupdate":"no","_lmt_disable":"","site-sidebar-layout":"default","site-content-layout":"content-boxed-container","ast-site-content-layout":"normal-width-container","site-content-style":"boxed","site-sidebar-style":"unboxed","ast-global-header-display":"","ast-banner-title-visibility":"","ast-main-header-display":"","ast-hfb-above-header-display":"","ast-hfb-below-header-display":"","ast-hfb-mobile-header-display":"","site-post-title":"","ast-breadcrumbs-content":"","ast-featured-img":"","footer-sml-layout":"","theme-transparent-header-meta":"default","adv-header-id-meta":"","stick-header-meta":"","header-above-stick-meta":"","header-main-stick-meta":"","header-below-stick-meta":"","astra-migrate-meta-layouts":"set","_joinchat":[]},"product_cat":[182,153,345,155,33,59,100,87,34,158,157,154,152,58,84,156,63,32],"product_tag":[202,36,37,41,40],"class_list":["post-3377","product","type-product","status-publish","has-post-thumbnail","hentry","product_cat-40000-puffs-disposable-vape","product_cat-hot-disposable-vapes","product_cat-bang-vapes","product_cat-belgium-hot-disposable-vapes","product_cat-france-vape-hot-sale","product_cat-germany-hot-disposable-vape","product_cat-germany-wholesale-vape-shop","product_cat-minimum-order-quantity-50pcs","product_cat-netherlands-vape-good-sale","product_cat-norway-hot-disposable-vapes","product_cat-poland-hot-disposable-vapes","product_cat-portugal-hot-disposable-vapes","product_cat-spain-hot-disposable-vapes","product_cat-sweden-hot-disposable-vape","product_cat-sweden-wholesale-vape","product_cat-switzerland-hot-disposable-vapes","product_cat-top-sale-disposable-vape","product_cat-vape-hot-sale-this-week","product_tag-bang-tornado-40k-puffs","product_tag-good-vape","product_tag-hot-sale-disposable-vape","product_tag-poland-hot-vape","product_tag-sweden-hot-vape","pa_brand-bang-king-vape","desktop-align-left","tablet-align-left","mobile-align-left"],"yoast_head":"<!-- This site is optimized with the Yoast SEO plugin v21.1 - https:\/\/yoast.com\/wordpress\/plugins\/seo\/ -->\n<title>Bang Tornado 40K Puffs High-Capacity Disposable Vape Pen - vapebulkp.com<\/title>\n<meta name=\"description\" content=\"Shop Bang King 35000 Puffs Wholesale Puff Tornado Vape at Vapebulkp.com. Featuring 35,000 puffs, 23ml e-liquid, 0.6\u03a9 mesh coil, Type-C charging. Perfect for European retailers and vapers seeking high-capacity disposable vapes.\" \/>\n<meta name=\"robots\" content=\"index, follow, max-snippet:-1, max-image-preview:large, max-video-preview:-1\" \/>\n<link rel=\"canonical\" href=\"https:\/\/vapebulkp.com\/pt\/product\/bang-tornado-40k-puffs-high-capacity-disposable-vape-pen\/\" \/>\n<meta property=\"og:locale\" content=\"pt_PT\" \/>\n<meta property=\"og:type\" content=\"article\" \/>\n<meta property=\"og:title\" content=\"Bang Tornado 40K Puffs High-Capacity Disposable Vape Pen - vapebulkp.com\" \/>\n<meta property=\"og:description\" content=\"Shop Bang King 35000 Puffs Wholesale Puff Tornado Vape at Vapebulkp.com. Featuring 35,000 puffs, 23ml e-liquid, 0.6\u03a9 mesh coil, Type-C charging. Perfect for European retailers and vapers seeking high-capacity disposable vapes.\" \/>\n<meta property=\"og:url\" content=\"https:\/\/vapebulkp.com\/pt\/product\/bang-tornado-40k-puffs-high-capacity-disposable-vape-pen\/\" \/>\n<meta property=\"og:site_name\" content=\"vapebulkp.com\" \/>\n<meta property=\"article:modified_time\" content=\"2025-09-24T03:20:24+00:00\" \/>\n<meta property=\"og:image\" content=\"http:\/\/vapebulkp.com\/wp-content\/uploads\/2025\/01\/Advanced-Bang-Tornado-40000-Puffs-Vape-with-Big-Screen.jpg\" \/>\n\t<meta property=\"og:image:width\" content=\"800\" \/>\n\t<meta property=\"og:image:height\" content=\"800\" \/>\n\t<meta property=\"og:image:type\" content=\"image\/jpeg\" \/>\n<meta name=\"twitter:card\" content=\"summary_large_image\" \/>\n<meta name=\"twitter:label1\" content=\"Tempo estimado de leitura\" \/>\n\t<meta name=\"twitter:data1\" content=\"4 minutos\" \/>\n<script type=\"application\/ld+json\" class=\"yoast-schema-graph\">{\"@context\":\"https:\/\/schema.org\",\"@graph\":[{\"@type\":\"WebPage\",\"@id\":\"https:\/\/vapebulkp.com\/product\/bang-tornado-40k-puffs-high-capacity-disposable-vape-pen\/\",\"url\":\"https:\/\/vapebulkp.com\/product\/bang-tornado-40k-puffs-high-capacity-disposable-vape-pen\/\",\"name\":\"Bang Tornado 40K Puffs High-Capacity Disposable Vape Pen - vapebulkp.com\",\"isPartOf\":{\"@id\":\"https:\/\/vapebulkp.com\/#website\"},\"datePublished\":\"2025-01-31T09:42:57+00:00\",\"dateModified\":\"2025-09-24T03:20:24+00:00\",\"description\":\"Shop Bang King 35000 Puffs Wholesale Puff Tornado Vape at Vapebulkp.com. Featuring 35,000 puffs, 23ml e-liquid, 0.6\u03a9 mesh coil, Type-C charging. Perfect for European retailers and vapers seeking high-capacity disposable vapes.\",\"breadcrumb\":{\"@id\":\"https:\/\/vapebulkp.com\/product\/bang-tornado-40k-puffs-high-capacity-disposable-vape-pen\/#breadcrumb\"},\"inLanguage\":\"pt-PT\",\"potentialAction\":[{\"@type\":\"ReadAction\",\"target\":[\"https:\/\/vapebulkp.com\/product\/bang-tornado-40k-puffs-high-capacity-disposable-vape-pen\/\"]}]},{\"@type\":\"BreadcrumbList\",\"@id\":\"https:\/\/vapebulkp.com\/product\/bang-tornado-40k-puffs-high-capacity-disposable-vape-pen\/#breadcrumb\",\"itemListElement\":[{\"@type\":\"ListItem\",\"position\":1,\"name\":\"Home\",\"item\":\"https:\/\/vapebulkp.com\/\"},{\"@type\":\"ListItem\",\"position\":2,\"name\":\"Hot Trend Vapes\",\"item\":\"https:\/\/vapebulkp.com\/vape-shop\/\"},{\"@type\":\"ListItem\",\"position\":3,\"name\":\"Bang Tornado 40K Puffs High-Capacity Disposable Vape Pen\"}]},{\"@type\":\"WebSite\",\"@id\":\"https:\/\/vapebulkp.com\/#website\",\"url\":\"https:\/\/vapebulkp.com\/\",\"name\":\"vapebulkp.com\",\"description\":\"Buy Vape In Cheap Bulk Price Near you\",\"publisher\":{\"@id\":\"https:\/\/vapebulkp.com\/#organization\"},\"potentialAction\":[{\"@type\":\"SearchAction\",\"target\":{\"@type\":\"EntryPoint\",\"urlTemplate\":\"https:\/\/vapebulkp.com\/?s={search_term_string}\"},\"query-input\":\"required name=search_term_string\"}],\"inLanguage\":\"pt-PT\"},{\"@type\":\"Organization\",\"@id\":\"https:\/\/vapebulkp.com\/#organization\",\"name\":\"vapebulkp.com\",\"url\":\"https:\/\/vapebulkp.com\/\",\"logo\":{\"@type\":\"ImageObject\",\"inLanguage\":\"pt-PT\",\"@id\":\"https:\/\/vapebulkp.com\/#\/schema\/logo\/image\/\",\"url\":\"https:\/\/vapebulkp.com\/wp-content\/uploads\/2023\/09\/cropped-vapebulkp.png\",\"contentUrl\":\"https:\/\/vapebulkp.com\/wp-content\/uploads\/2023\/09\/cropped-vapebulkp.png\",\"width\":516,\"height\":163,\"caption\":\"vapebulkp.com\"},\"image\":{\"@id\":\"https:\/\/vapebulkp.com\/#\/schema\/logo\/image\/\"}}]}<\/script>\n<!-- \/ Yoast SEO plugin. -->","yoast_head_json":{"title":"Bang Tornado 40K Puffs High-Capacity Disposable Vape Pen - vapebulkp.com","description":"Shop Bang King 35000 Puffs Wholesale Puff Tornado Vape at Vapebulkp.com. Featuring 35,000 puffs, 23ml e-liquid, 0.6\u03a9 mesh coil, Type-C charging. Perfect for European retailers and vapers seeking high-capacity disposable vapes.","robots":{"index":"index","follow":"follow","max-snippet":"max-snippet:-1","max-image-preview":"max-image-preview:large","max-video-preview":"max-video-preview:-1"},"canonical":"https:\/\/vapebulkp.com\/pt\/product\/bang-tornado-40k-puffs-high-capacity-disposable-vape-pen\/","og_locale":"pt_PT","og_type":"article","og_title":"Bang Tornado 40K Puffs High-Capacity Disposable Vape Pen - vapebulkp.com","og_description":"Shop Bang King 35000 Puffs Wholesale Puff Tornado Vape at Vapebulkp.com. Featuring 35,000 puffs, 23ml e-liquid, 0.6\u03a9 mesh coil, Type-C charging. Perfect for European retailers and vapers seeking high-capacity disposable vapes.","og_url":"https:\/\/vapebulkp.com\/pt\/product\/bang-tornado-40k-puffs-high-capacity-disposable-vape-pen\/","og_site_name":"vapebulkp.com","article_modified_time":"2025-09-24T03:20:24+00:00","og_image":[{"width":800,"height":800,"url":"http:\/\/vapebulkp.com\/wp-content\/uploads\/2025\/01\/Advanced-Bang-Tornado-40000-Puffs-Vape-with-Big-Screen.jpg","type":"image\/jpeg"}],"twitter_card":"summary_large_image","twitter_misc":{"Tempo estimado de leitura":"4 minutos"},"schema":{"@context":"https:\/\/schema.org","@graph":[{"@type":"WebPage","@id":"https:\/\/vapebulkp.com\/product\/bang-tornado-40k-puffs-high-capacity-disposable-vape-pen\/","url":"https:\/\/vapebulkp.com\/product\/bang-tornado-40k-puffs-high-capacity-disposable-vape-pen\/","name":"Bang Tornado 40K Puffs High-Capacity Disposable Vape Pen - vapebulkp.com","isPartOf":{"@id":"https:\/\/vapebulkp.com\/#website"},"datePublished":"2025-01-31T09:42:57+00:00","dateModified":"2025-09-24T03:20:24+00:00","description":"Shop Bang King 35000 Puffs Wholesale Puff Tornado Vape at Vapebulkp.com. Featuring 35,000 puffs, 23ml e-liquid, 0.6\u03a9 mesh coil, Type-C charging. Perfect for European retailers and vapers seeking high-capacity disposable vapes.","breadcrumb":{"@id":"https:\/\/vapebulkp.com\/product\/bang-tornado-40k-puffs-high-capacity-disposable-vape-pen\/#breadcrumb"},"inLanguage":"pt-PT","potentialAction":[{"@type":"ReadAction","target":["https:\/\/vapebulkp.com\/product\/bang-tornado-40k-puffs-high-capacity-disposable-vape-pen\/"]}]},{"@type":"BreadcrumbList","@id":"https:\/\/vapebulkp.com\/product\/bang-tornado-40k-puffs-high-capacity-disposable-vape-pen\/#breadcrumb","itemListElement":[{"@type":"ListItem","position":1,"name":"Home","item":"https:\/\/vapebulkp.com\/"},{"@type":"ListItem","position":2,"name":"Hot Trend Vapes","item":"https:\/\/vapebulkp.com\/vape-shop\/"},{"@type":"ListItem","position":3,"name":"Bang Tornado 40K Puffs High-Capacity Disposable Vape Pen"}]},{"@type":"WebSite","@id":"https:\/\/vapebulkp.com\/#website","url":"https:\/\/vapebulkp.com\/","name":"vapebulkp.com","description":"Buy Vape In Cheap Bulk Price Near you","publisher":{"@id":"https:\/\/vapebulkp.com\/#organization"},"potentialAction":[{"@type":"SearchAction","target":{"@type":"EntryPoint","urlTemplate":"https:\/\/vapebulkp.com\/?s={search_term_string}"},"query-input":"required name=search_term_string"}],"inLanguage":"pt-PT"},{"@type":"Organization","@id":"https:\/\/vapebulkp.com\/#organization","name":"vapebulkp.com","url":"https:\/\/vapebulkp.com\/","logo":{"@type":"ImageObject","inLanguage":"pt-PT","@id":"https:\/\/vapebulkp.com\/#\/schema\/logo\/image\/","url":"https:\/\/vapebulkp.com\/wp-content\/uploads\/2023\/09\/cropped-vapebulkp.png","contentUrl":"https:\/\/vapebulkp.com\/wp-content\/uploads\/2023\/09\/cropped-vapebulkp.png","width":516,"height":163,"caption":"vapebulkp.com"},"image":{"@id":"https:\/\/vapebulkp.com\/#\/schema\/logo\/image\/"}}]}},"uagb_featured_image_src":{"full":["https:\/\/vapebulkp.com\/wp-content\/uploads\/2025\/01\/Advanced-Bang-Tornado-40000-Puffs-Vape-with-Big-Screen.jpg",800,800,false],"thumbnail":["https:\/\/vapebulkp.com\/wp-content\/uploads\/2025\/01\/Advanced-Bang-Tornado-40000-Puffs-Vape-with-Big-Screen-150x150.jpg",150,150,true],"medium":["https:\/\/vapebulkp.com\/wp-content\/uploads\/2025\/01\/Advanced-Bang-Tornado-40000-Puffs-Vape-with-Big-Screen-300x300.jpg",300,300,true],"medium_large":["https:\/\/vapebulkp.com\/wp-content\/uploads\/2025\/01\/Advanced-Bang-Tornado-40000-Puffs-Vape-with-Big-Screen-768x768.jpg",768,768,true],"large":["https:\/\/vapebulkp.com\/wp-content\/uploads\/2025\/01\/Advanced-Bang-Tornado-40000-Puffs-Vape-with-Big-Screen.jpg",800,800,false],"1536x1536":["https:\/\/vapebulkp.com\/wp-content\/uploads\/2025\/01\/Advanced-Bang-Tornado-40000-Puffs-Vape-with-Big-Screen.jpg",800,800,false],"2048x2048":["https:\/\/vapebulkp.com\/wp-content\/uploads\/2025\/01\/Advanced-Bang-Tornado-40000-Puffs-Vape-with-Big-Screen.jpg",800,800,false],"trp-custom-language-flag":["https:\/\/vapebulkp.com\/wp-content\/uploads\/2025\/01\/Advanced-Bang-Tornado-40000-Puffs-Vape-with-Big-Screen.jpg",12,12,false],"woocommerce_thumbnail":["https:\/\/vapebulkp.com\/wp-content\/uploads\/2025\/01\/Advanced-Bang-Tornado-40000-Puffs-Vape-with-Big-Screen-300x300.jpg",300,300,true],"woocommerce_single":["https:\/\/vapebulkp.com\/wp-content\/uploads\/2025\/01\/Advanced-Bang-Tornado-40000-Puffs-Vape-with-Big-Screen-600x600.jpg",600,600,true],"woocommerce_gallery_thumbnail":["https:\/\/vapebulkp.com\/wp-content\/uploads\/2025\/01\/Advanced-Bang-Tornado-40000-Puffs-Vape-with-Big-Screen-100x100.jpg",100,100,true],"wcpr-photo-reviews":["https:\/\/vapebulkp.com\/wp-content\/uploads\/2025\/01\/Advanced-Bang-Tornado-40000-Puffs-Vape-with-Big-Screen.jpg",500,500,false]},"uagb_author_info":{"display_name":"Mandy vape bulk price","author_link":"https:\/\/vapebulkp.com\/pt\/author\/"},"uagb_comment_info":0,"uagb_excerpt":"Premium Bang Tornado 40,000 Puffs Vape Pen for Extended Use Rechargeable Bang Tornado 40,000 Puffs Disposable Vape for Lasting Enjoyment Bang Tornado 40,000 Puffs E-Cig with Customizable Ice Flavored Pods Pls Contact Mandy's WhatsApp For Discount Price+8618077105796 NOTE: Prices on our website does not include shipping costs &nbsp;","_links":{"self":[{"href":"https:\/\/vapebulkp.com\/pt\/wp-json\/wp\/v2\/product\/3377","targetHints":{"allow":["GET"]}}],"collection":[{"href":"https:\/\/vapebulkp.com\/pt\/wp-json\/wp\/v2\/product"}],"about":[{"href":"https:\/\/vapebulkp.com\/pt\/wp-json\/wp\/v2\/types\/product"}],"replies":[{"embeddable":true,"href":"https:\/\/vapebulkp.com\/pt\/wp-json\/wp\/v2\/comments?post=3377"}],"wp:featuredmedia":[{"embeddable":true,"href":"https:\/\/vapebulkp.com\/pt\/wp-json\/wp\/v2\/media\/3378"}],"wp:attachment":[{"href":"https:\/\/vapebulkp.com\/pt\/wp-json\/wp\/v2\/media?parent=3377"}],"wp:term":[{"taxonomy":"product_cat","embeddable":true,"href":"https:\/\/vapebulkp.com\/pt\/wp-json\/wp\/v2\/product_cat?post=3377"},{"taxonomy":"product_tag","embeddable":true,"href":"https:\/\/vapebulkp.com\/pt\/wp-json\/wp\/v2\/product_tag?post=3377"}],"curies":[{"name":"wp","href":"https:\/\/api.w.org\/{rel}","templated":true}]}}