{"id":3410,"date":"2025-01-29T10:52:28","date_gmt":"2025-01-29T09:52:28","guid":{"rendered":"https:\/\/vapebulkp.com\/?post_type=product&#038;p=3410"},"modified":"2025-09-17T10:32:25","modified_gmt":"2025-09-17T08:32:25","slug":"fihp-digital-12000-puffs-disposable-e-cigarette-stylish-reliable-vape","status":"publish","type":"product","link":"https:\/\/vapebulkp.com\/pt\/product\/fihp-digital-12000-puffs-disposable-e-cigarette-stylish-reliable-vape\/","title":{"rendered":"FIHP Digital 12000 Puffs Cigarro Eletr\u00f3nico Descart\u00e1vel Vape Elegante e Confi\u00e1vel"},"content":{"rendered":"<h2>FIHP Digital 12000 Puffs Cigarro Eletr\u00f3nico Descart\u00e1vel Vape Elegante e Confi\u00e1vel<\/h2>\n<p>&nbsp;<\/p>\n<p>O <strong>FIHP Digital 12000 Puffs Cigarro Eletr\u00f3nico Descart\u00e1vel<\/strong> redifine a sofistica\u00e7\u00e3o no mundo do vaping. Desenhado com eleg\u00e2ncia moderna e inova\u00e7\u00e3o de ponta, este dispositivo premium oferece uma mistura perfeita de estilo, confiabilidade e desempenho para o vaper exigente.<\/p>\n<p>Com a sua impressionante contagem de baforadas de <strong>12,000<\/strong>, o FIHP Digital garante uma satisfa\u00e7\u00e3o duradoura, tornando-o a escolha ideal para aqueles que valorizam a durabilidade e a conveni\u00eancia. Pr\u00e9-preenchido com <strong>20ml de e-l\u00edquido habilmente elaborado<\/strong> e dispon\u00edvel em <strong>concentra\u00e7\u00f5es de nicotina de 2% e 5%<\/strong>, proporciona uma experi\u00eancia suave e satisfat\u00f3ria, adaptada \u00e0s suas prefer\u00eancias.<\/p>\n<p>A <strong>bateria recarreg\u00e1vel de 650mAh<\/strong> com <strong>bateria de carregamento r\u00e1pido Tipo-C<\/strong> garante uma divers\u00e3o ininterrupta, enquanto o elegante <strong>ecr\u00e3 LED<\/strong> mant\u00e9m-no informado sobre os n\u00edveis da bateria e o uso de baforadas. Esta caracter\u00edstica inovadora sublinha a funcionalidade de alta qualidade do dispositivo, atendendo aos vapers que priorizam a precis\u00e3o e o controlo.<\/p>\n<p>Compacto e elegante, o FIHP Digital \u00e9 perfeito para <strong>eventos sociais, viagens<\/strong>, ou uso di\u00e1rio. A sua habilidade superior e design elegante elevam-no para al\u00e9m do comum, oferecendo uma experi\u00eancia de vaping verdadeiramente refinada. Para aqueles que exigem excel\u00eancia, o <strong>FIHP Digital <a href=\"https:\/\/vapebulkp.com\/pt\/product-category\/12000-puffs-disposable-vape\/\">Vape Descart\u00e1vel de 12000 Puffs<\/a><\/strong>\u00a0\u00e9 a escolha definitiva em cigarros eletr\u00f3nicos descart\u00e1veis.<\/p>\n<h6 style=\"text-align: left\"><\/h6>\n<h6>Por favor, contacte o WhatsApp da Mandy para um pre\u00e7o com desconto<a href=\"https:\/\/wa.me\/8618077105796\">+8618077105796<\/a><\/h6>\n<p><img decoding=\"async\" class=\"alignnone wp-image-2151\" src=\"http:\/\/vapebulkp.com\/wp-content\/uploads\/2024\/04\/Mandy-WhatsApp-Randm.jpg\" alt=\"Mandy WhatsApp Randm\" width=\"287\" height=\"305\" srcset=\"https:\/\/vapebulkp.com\/wp-content\/uploads\/2024\/04\/Mandy-WhatsApp-Randm.jpg 916w, https:\/\/vapebulkp.com\/wp-content\/uploads\/2024\/04\/Mandy-WhatsApp-Randm-282x300.jpg 282w, https:\/\/vapebulkp.com\/wp-content\/uploads\/2024\/04\/Mandy-WhatsApp-Randm-768x817.jpg 768w, https:\/\/vapebulkp.com\/wp-content\/uploads\/2024\/04\/Mandy-WhatsApp-Randm-600x638.jpg 600w\" sizes=\"(max-width: 287px) 100vw, 287px\" \/><\/p>\n<h3 class=\"faqs-answer\"><span style=\"vertical-align: inherit\">Atacado de Vape FIHP 12k Puffs especifica\u00e7\u00f5es do vape digital\uff1a<\/span><\/h3>\n<ul>\n<li><strong>Grande Contagem de Vapores<\/strong>: At\u00e9 12.000 vapores<\/li>\n<li><strong>Grande Capacidade de E-l\u00edquido<\/strong>: 20mL de e-l\u00edquido pr\u00e9-carregado<\/li>\n<li><strong>Teor de Nicotina<\/strong>: Op\u00e7\u00f5es de 2% ou 5%<\/li>\n<li><strong>Capacidade da Bateria<\/strong>: Bateria recarreg\u00e1vel de 650mAh com carregamento Tipo-C<\/li>\n<li><strong>Caracter\u00edsticas Especiais<\/strong>: Ecr\u00e3 LED para monitoriza\u00e7\u00e3o da bateria e dos vapores<\/li>\n<\/ul>\n<h2><\/h2>\n<h3>Lista de Sabores do FIHP Digital 12k puff Fumot Vape:<\/h3>\n<p>01. Gelo de Lush<br \/>\n02. Gelo de Uva<br \/>\n03. Cereja<br \/>\n04. Mirtilo e Framboesa<br \/>\n05. Morango e Kiwi<br \/>\n06. Frutos Vermelhos Mistos<br \/>\n07. Morango e Melancia<br \/>\n08. Melancia de Chiclete<br \/>\n09. Manga de P\u00eassego e Abacaxi<br \/>\n10. Kiwi Maracuj\u00e1 Goiaba<\/p>\n<p><a href=\"https:\/\/vapebulkp.com\/pt\/product\/good-vape-jnr-shisha-15000-puffs-wholesale-vapme-shisha\/\"><span style=\"vertical-align: inherit\">Vapme JNR shisha 15000 baforadas<\/span><\/a><\/p>\n<p><span style=\"vertical-align: inherit\">Encontre mais produtos que possa gostar:<\/span><em><a href=\"https:\/\/wa.me\/8618077105796\"><span style=\"vertical-align: inherit\">\u00a0Compre agora<\/span><\/a><\/em><\/p>\n<p><span style=\"vertical-align: inherit\">Outros Puffs Que Poder\u00e1 Gostar:<\/span><a href=\"https:\/\/vapebulkp.com\/pt\/product\/vapsolo-super-15k-puffs-wholesale-price-e-cigarette\/\"><span style=\"vertical-align: inherit\">Vapsolo super 15k <\/span><\/a><span style=\"vertical-align: inherit\">\u3001<\/span><a href=\"https:\/\/vapebulkp.com\/pt\/product\/good-sale-randm-tornado-10000-puffs-plus\/\"><span style=\"vertical-align: inherit\">Randm 10000 Inala\u00e7\u00f5es<\/span><\/a><span style=\"vertical-align: inherit\">\/ <\/span><a href=\"https:\/\/vapebulkp.com\/pt\/product\/best-price-wga-crystal-pro-max-15k-puffs-original-vape\/\"><span style=\"vertical-align: inherit\">WGA Crystal Pro Max 15000 Vapores<\/span><\/a><span style=\"vertical-align: inherit\">\/ <\/span><a href=\"https:\/\/vapebulkp.com\/pt\/product\/popular-randm-tornado-7000puffs-disposable-vape-best-price\/\"><span style=\"vertical-align: inherit\">RandM Tornado 7000 Vapores<\/span><\/a><\/p>\n<p><span style=\"vertical-align: inherit\">Garrafa de cigarro eletr\u00f3nico com formato especial:<\/span><a href=\"https:\/\/vapebulkp.com\/pt\/product\/bang-box-12000puffs-good-vape-sweden-wholesale-price\/\"><span style=\"vertical-align: inherit\">Bang Box 12000 Inala\u00e7\u00f5es <\/span><\/a><span style=\"vertical-align: inherit\">\/ <\/span><a href=\"https:\/\/vapebulkp.com\/pt\/product\/wholesale-tornado-rum-bar-9000-puffs-sweden\/\"><span style=\"vertical-align: inherit\">Rumbar 9000Vapores<\/span><\/a><span style=\"vertical-align: inherit\">\/<\/span><a href=\"https:\/\/vapebulkp.com\/pt\/product\/bang-30k-puffs-new-double-taste-good-vape\/\"><span style=\"vertical-align: inherit\">Bang 30000 baforadas<\/span><\/a><\/p>\n<h4>FAQ Sobre o Cigarro Eletr\u00f3nico Descart\u00e1vel FIHP Digital 12000 Vapores<\/h4>\n<p><strong>1. Qual \u00e9 a capacidade de vapor do Cigarro Eletr\u00f3nico Descart\u00e1vel FIHP Digital 12000 Vapores?<\/strong><\/p>\n<p>O FIHP Digital oferece uma impressionante <strong>12.000 baforadas<\/strong>, tornando-o uma op\u00e7\u00e3o duradoura para vapers que priorizam uso prolongado e conveni\u00eancia.<\/p>\n<p><strong>2. Qual \u00e9 a capacidade do e-l\u00edquido e a concentra\u00e7\u00e3o de nicotina do Vape FIHP Digital 12000 puff para Atacado?<\/strong><\/p>\n<p>Este dispositivo vem pr\u00e9-carregado com <strong>20mL de e-l\u00edquido<\/strong>, dispon\u00edvel em <strong>2% ou 5% de nicotina<\/strong> para atender a diferentes prefer\u00eancias.<\/p>\n<p><strong>3. O que faz o FIHP Digital se destacar?<\/strong><\/p>\n<p>A sua combina\u00e7\u00e3o de <strong>alta capacidade de baforadas, elegante ecr\u00e3 LED, design premium<\/strong>e <strong>funcionalidade recarreg\u00e1vel<\/strong> tornam-no uma escolha de destaque no mercado de cigarros eletr\u00f3nicos descart\u00e1veis.<\/p>\n<h4><strong>Detalhes de envio:<\/strong><\/h4>\n<p><span style=\"color: #ff6600\">Tempo de produ\u00e7\u00e3o: 5-10 dias \u00fateis<\/span><br \/>\n<span style=\"color: #ff6600\">Tempo de envio: 8-14 dias \u00fateis<\/span><\/p>\n<p>Todos os produtos na nossa loja s\u00e3o 100% originais e aut\u00eanticos, por isso a nossa pol\u00edtica \u00e9 dez vezes a compensa\u00e7\u00e3o por produtos falsificados. Usamos canais de log\u00edstica como UPS\/DHL\/FEDEX\/DPD para entregar os produtos a si.<\/p>\n<p>Para encomendas enviadas para Portugal, a chegada demora geralmente 10 dias \u00fateis. O envio para outros pa\u00edses europeus geralmente demora de 12 a 15 dias \u00fateis a chegar. Atualizaremos as informa\u00e7\u00f5es de log\u00edstica para si em tempo real.<\/p>\n<h4><strong>Por que escolher a Vapebulkp para as suas necessidades de FIHP Digital 12000 Puffs Vape Pods?<\/strong><\/h4>\n<p>Quando se trata de comprar produtos de vape de alta qualidade, <strong>Vapebulkp<\/strong> destaca-se como uma fonte confi\u00e1vel e segura. Eis o porqu\u00ea de ser a escolha ideal para os seus <strong>FIHP Digital 12000 Puffs Vapes Descart\u00e1veis<\/strong>:<\/p>\n<p><strong>1. Vasta Gama de Produtos<\/strong><\/p>\n<p>A Vapebulkp oferece uma sele\u00e7\u00e3o diversificada de produtos de vaping premium, incluindo o <strong>FIHP Digital 12000 baforadas<\/strong>. Quer esteja \u00e0 procura de v\u00e1rias concentra\u00e7\u00f5es de nicotina ou designs elegantes, encontrar\u00e1 uma sele\u00e7\u00e3o cuidada e adaptada \u00e0s suas necessidades.<\/p>\n<p><strong>2. Pre\u00e7os Grossistas Competitivos<\/strong><\/p>\n<p>Com op\u00e7\u00f5es de compra a granel, a Vapebulkp oferece <strong>pre\u00e7os competitivos<\/strong> para grandes encomendas, tornando-a uma escolha perfeita para retalhistas e compradores individuais que procuram um grande valor sem comprometer a qualidade.<\/p>\n<p><strong>3. Autenticidade Garantida<\/strong><\/p>\n<p>Todos os produtos vendidos na Vapebulkp s\u00e3o <strong>100% genu\u00edno<\/strong>, garantindo que recebe a qualidade de topo que merece. O FIHP Digital vem diretamente de fabricantes de confian\u00e7a para uma total tranquilidade.<\/p>\n<p><strong>4. Envio R\u00e1pido e Seguro<\/strong><\/p>\n<p>A Vapebulkp garante <strong>entrega eficiente<\/strong> em toda a Europa e outros destinos, para que possa desfrutar dos seus produtos rapidamente. A embalagem segura garante que a sua encomenda chegue em perfeitas condi\u00e7\u00f5es.<\/p>\n<p><strong>5. Apoio ao Cliente Excecional<\/strong><\/p>\n<p>A equipa da Vapebulkp oferece <strong>um servi\u00e7o de apoio ao cliente r\u00e1pido e experiente<\/strong>, pronto para ajudar com d\u00favidas ou suporte de encomendas. A sua dedica\u00e7\u00e3o \u00e0 satisfa\u00e7\u00e3o do cliente distingue-os.<\/p>\n<p><strong>6. Foco na Sustentabilidade<\/strong><\/p>\n<p>Como uma plataforma comprometida com a inova\u00e7\u00e3o, a Vapebulkp oferece op\u00e7\u00f5es de vaping ecol\u00f3gicas como o <strong>FIHP Digital 12000 baforadas<\/strong>, apresentando um design recarreg\u00e1vel que se alinha com os objetivos de sustentabilidade modernos.<\/p>\n<p><strong>7. Adaptado para Vapers Portugueses<\/strong><\/p>\n<p>A Vapebulkp entende as prefer\u00eancias dos clientes portugueses, garantindo que produtos como o FIHP Digital atendam \u00e0s tend\u00eancias, regulamentos e demandas locais por solu\u00e7\u00f5es de vaping premium.<\/p>\n<p>Para um <strong>uma experi\u00eancia de compra cont\u00ednua, fi\u00e1vel e focada no cliente<\/strong>, escolha a Vapebulkp como o seu destino de elei\u00e7\u00e3o para o <strong>FIHP Digital 12000 Puffs Vapes Descart\u00e1veis<\/strong>. Desfrute do equil\u00edbrio perfeito entre qualidade, valor e conveni\u00eancia!<\/p>","protected":false},"excerpt":{"rendered":"<ul>\n<li>Pre\u00e7o de Atacado FIHP Digital 12000 Puffs Pods de Vape Recarreg\u00e1veis<\/li>\n<li>FIHP Digital Box Pods de Vape com 12.000 Puffs Pre\u00e7o a Granel<\/li>\n<li>FIHP 12.000 Puffs Pods de Vape Premium com Ecr\u00e3 LED<\/li>\n<li>FIHP Digital Vapes Recarreg\u00e1veis 12000 Puffs Cigarro Eletr\u00f3nico Venda Quente<\/li>\n<\/ul>\n<p><img decoding=\"async\" class=\"alignnone wp-image-2151\" src=\"http:\/\/vapebulkp.com\/wp-content\/uploads\/2024\/04\/Mandy-WhatsApp-Randm.jpg\" alt=\"Mandy WhatsApp Randm\" width=\"269\" height=\"286\" srcset=\"https:\/\/vapebulkp.com\/wp-content\/uploads\/2024\/04\/Mandy-WhatsApp-Randm.jpg 916w, https:\/\/vapebulkp.com\/wp-content\/uploads\/2024\/04\/Mandy-WhatsApp-Randm-282x300.jpg 282w, https:\/\/vapebulkp.com\/wp-content\/uploads\/2024\/04\/Mandy-WhatsApp-Randm-768x817.jpg 768w, https:\/\/vapebulkp.com\/wp-content\/uploads\/2024\/04\/Mandy-WhatsApp-Randm-600x638.jpg 600w\" sizes=\"(max-width: 269px) 100vw, 269px\" \/><\/p>\n<p>Por favor, contacte o WhatsApp da Mandy para um pre\u00e7o com desconto<a href=\"https:\/\/wa.me\/8618077105796\">+8618077105796<\/a><\/p>\n<p><span style=\"color: #ff0000\">NOTA: Os pre\u00e7os no nosso site n\u00e3o incluem os custos de envio<\/span><\/p>\n<p>Principal motivo para a compra<br \/>\n1. Excelente qualidade e desempenho inigual\u00e1vel.<\/p>\n<p>2. Pre\u00e7o competitivo e valor r\u00e1pido.<\/p>\n<p>3. M\u00faltiplas op\u00e7\u00f5es e entrega atempada.<\/p>\n<p>4. Uma experi\u00eancia de compra satisfat\u00f3ria<\/p>","protected":false},"featured_media":3396,"comment_status":"open","ping_status":"closed","template":"","meta":{"_uag_custom_page_level_css":"","_lmt_disableupdate":"no","_lmt_disable":"","site-sidebar-layout":"default","site-content-layout":"content-boxed-container","ast-site-content-layout":"normal-width-container","site-content-style":"boxed","site-sidebar-style":"unboxed","ast-global-header-display":"","ast-banner-title-visibility":"","ast-main-header-display":"","ast-hfb-above-header-display":"","ast-hfb-below-header-display":"","ast-hfb-mobile-header-display":"","site-post-title":"","ast-breadcrumbs-content":"","ast-featured-img":"","footer-sml-layout":"","theme-transparent-header-meta":"default","adv-header-id-meta":"","stick-header-meta":"","header-above-stick-meta":"","header-main-stick-meta":"","header-below-stick-meta":"","astra-migrate-meta-layouts":"set","_joinchat":{"telephone":"+8618077105796"}},"product_cat":[166,350,33,59,100,87,34,158,157,154,152,58,84,156,63,32],"product_tag":[68,36,37,41,75,40],"class_list":["post-3410","product","type-product","status-publish","has-post-thumbnail","hentry","product_cat-12000-puffs-disposable-vape","product_cat-fihp-vape","product_cat-france-vape-hot-sale","product_cat-germany-hot-disposable-vape","product_cat-germany-wholesale-vape-shop","product_cat-minimum-order-quantity-50pcs","product_cat-netherlands-vape-good-sale","product_cat-norway-hot-disposable-vapes","product_cat-poland-hot-disposable-vapes","product_cat-portugal-hot-disposable-vapes","product_cat-spain-hot-disposable-vapes","product_cat-sweden-hot-disposable-vape","product_cat-sweden-wholesale-vape","product_cat-switzerland-hot-disposable-vapes","product_cat-top-sale-disposable-vape","product_cat-vape-hot-sale-this-week","product_tag-12000-puffs","product_tag-good-vape","product_tag-hot-sale-disposable-vape","product_tag-poland-hot-vape","product_tag-randm-vape-9000-puffs","product_tag-sweden-hot-vape","pa_brand-fihp-vape","desktop-align-left","tablet-align-left","mobile-align-left"],"yoast_head":"<!-- This site is optimized with the Yoast SEO plugin v21.1 - https:\/\/yoast.com\/wordpress\/plugins\/seo\/ -->\n<title>FIHP Digital 12000 Puffs Disposable E-Cigarette Stylish Reliable Vape - vapebulkp.com<\/title>\n<meta name=\"description\" content=\"Shop the wholesale FIHP Digital 12000 Puffs Vape Pods Rechargeable, sleek design, LED display, 20mL e-liquid, smooth nicotine options.\" \/>\n<meta name=\"robots\" content=\"index, follow, max-snippet:-1, max-image-preview:large, max-video-preview:-1\" \/>\n<link rel=\"canonical\" href=\"https:\/\/vapebulkp.com\/pt\/product\/fihp-digital-12000-puffs-disposable-e-cigarette-stylish-reliable-vape\/\" \/>\n<meta property=\"og:locale\" content=\"pt_PT\" \/>\n<meta property=\"og:type\" content=\"article\" \/>\n<meta property=\"og:title\" content=\"FIHP Digital 12000 Puffs Disposable E-Cigarette Stylish Reliable Vape - vapebulkp.com\" \/>\n<meta property=\"og:description\" content=\"Shop the wholesale FIHP Digital 12000 Puffs Vape Pods Rechargeable, sleek design, LED display, 20mL e-liquid, smooth nicotine options.\" \/>\n<meta property=\"og:url\" content=\"https:\/\/vapebulkp.com\/pt\/product\/fihp-digital-12000-puffs-disposable-e-cigarette-stylish-reliable-vape\/\" \/>\n<meta property=\"og:site_name\" content=\"vapebulkp.com\" \/>\n<meta property=\"article:modified_time\" content=\"2025-09-17T08:32:25+00:00\" \/>\n<meta property=\"og:image\" content=\"http:\/\/vapebulkp.com\/wp-content\/uploads\/2025\/01\/FIHP-12000-Puffs-Rechargeable-Disposable-Vape-Pen-Long-Lasting-Performance.webp\" \/>\n\t<meta property=\"og:image:width\" content=\"800\" \/>\n\t<meta property=\"og:image:height\" content=\"800\" \/>\n\t<meta property=\"og:image:type\" content=\"image\/webp\" \/>\n<meta name=\"twitter:card\" content=\"summary_large_image\" \/>\n<meta name=\"twitter:label1\" content=\"Tempo estimado de leitura\" \/>\n\t<meta name=\"twitter:data1\" content=\"4 minutos\" \/>\n<script type=\"application\/ld+json\" class=\"yoast-schema-graph\">{\"@context\":\"https:\/\/schema.org\",\"@graph\":[{\"@type\":\"WebPage\",\"@id\":\"https:\/\/vapebulkp.com\/product\/fihp-digital-12000-puffs-disposable-e-cigarette-stylish-reliable-vape\/\",\"url\":\"https:\/\/vapebulkp.com\/product\/fihp-digital-12000-puffs-disposable-e-cigarette-stylish-reliable-vape\/\",\"name\":\"FIHP Digital 12000 Puffs Disposable E-Cigarette Stylish Reliable Vape - vapebulkp.com\",\"isPartOf\":{\"@id\":\"https:\/\/vapebulkp.com\/#website\"},\"datePublished\":\"2025-01-29T09:52:28+00:00\",\"dateModified\":\"2025-09-17T08:32:25+00:00\",\"description\":\"Shop the wholesale FIHP Digital 12000 Puffs Vape Pods Rechargeable, sleek design, LED display, 20mL e-liquid, smooth nicotine options.\",\"breadcrumb\":{\"@id\":\"https:\/\/vapebulkp.com\/product\/fihp-digital-12000-puffs-disposable-e-cigarette-stylish-reliable-vape\/#breadcrumb\"},\"inLanguage\":\"pt-PT\",\"potentialAction\":[{\"@type\":\"ReadAction\",\"target\":[\"https:\/\/vapebulkp.com\/product\/fihp-digital-12000-puffs-disposable-e-cigarette-stylish-reliable-vape\/\"]}]},{\"@type\":\"BreadcrumbList\",\"@id\":\"https:\/\/vapebulkp.com\/product\/fihp-digital-12000-puffs-disposable-e-cigarette-stylish-reliable-vape\/#breadcrumb\",\"itemListElement\":[{\"@type\":\"ListItem\",\"position\":1,\"name\":\"Home\",\"item\":\"https:\/\/vapebulkp.com\/\"},{\"@type\":\"ListItem\",\"position\":2,\"name\":\"Hot Trend Vapes\",\"item\":\"https:\/\/vapebulkp.com\/vape-shop\/\"},{\"@type\":\"ListItem\",\"position\":3,\"name\":\"FIHP Digital 12000 Puffs Disposable E-Cigarette Stylish Reliable Vape\"}]},{\"@type\":\"WebSite\",\"@id\":\"https:\/\/vapebulkp.com\/#website\",\"url\":\"https:\/\/vapebulkp.com\/\",\"name\":\"vapebulkp.com\",\"description\":\"Buy Vape In Cheap Bulk Price Near you\",\"publisher\":{\"@id\":\"https:\/\/vapebulkp.com\/#organization\"},\"potentialAction\":[{\"@type\":\"SearchAction\",\"target\":{\"@type\":\"EntryPoint\",\"urlTemplate\":\"https:\/\/vapebulkp.com\/?s={search_term_string}\"},\"query-input\":\"required name=search_term_string\"}],\"inLanguage\":\"pt-PT\"},{\"@type\":\"Organization\",\"@id\":\"https:\/\/vapebulkp.com\/#organization\",\"name\":\"vapebulkp.com\",\"url\":\"https:\/\/vapebulkp.com\/\",\"logo\":{\"@type\":\"ImageObject\",\"inLanguage\":\"pt-PT\",\"@id\":\"https:\/\/vapebulkp.com\/#\/schema\/logo\/image\/\",\"url\":\"https:\/\/vapebulkp.com\/wp-content\/uploads\/2023\/09\/cropped-vapebulkp.png\",\"contentUrl\":\"https:\/\/vapebulkp.com\/wp-content\/uploads\/2023\/09\/cropped-vapebulkp.png\",\"width\":516,\"height\":163,\"caption\":\"vapebulkp.com\"},\"image\":{\"@id\":\"https:\/\/vapebulkp.com\/#\/schema\/logo\/image\/\"}}]}<\/script>\n<!-- \/ Yoast SEO plugin. -->","yoast_head_json":{"title":"FIHP Digital 12000 Puffs Disposable E-Cigarette Stylish Reliable Vape - vapebulkp.com","description":"Shop the wholesale FIHP Digital 12000 Puffs Vape Pods Rechargeable, sleek design, LED display, 20mL e-liquid, smooth nicotine options.","robots":{"index":"index","follow":"follow","max-snippet":"max-snippet:-1","max-image-preview":"max-image-preview:large","max-video-preview":"max-video-preview:-1"},"canonical":"https:\/\/vapebulkp.com\/pt\/product\/fihp-digital-12000-puffs-disposable-e-cigarette-stylish-reliable-vape\/","og_locale":"pt_PT","og_type":"article","og_title":"FIHP Digital 12000 Puffs Disposable E-Cigarette Stylish Reliable Vape - vapebulkp.com","og_description":"Shop the wholesale FIHP Digital 12000 Puffs Vape Pods Rechargeable, sleek design, LED display, 20mL e-liquid, smooth nicotine options.","og_url":"https:\/\/vapebulkp.com\/pt\/product\/fihp-digital-12000-puffs-disposable-e-cigarette-stylish-reliable-vape\/","og_site_name":"vapebulkp.com","article_modified_time":"2025-09-17T08:32:25+00:00","og_image":[{"width":800,"height":800,"url":"http:\/\/vapebulkp.com\/wp-content\/uploads\/2025\/01\/FIHP-12000-Puffs-Rechargeable-Disposable-Vape-Pen-Long-Lasting-Performance.webp","type":"image\/webp"}],"twitter_card":"summary_large_image","twitter_misc":{"Tempo estimado de leitura":"4 minutos"},"schema":{"@context":"https:\/\/schema.org","@graph":[{"@type":"WebPage","@id":"https:\/\/vapebulkp.com\/product\/fihp-digital-12000-puffs-disposable-e-cigarette-stylish-reliable-vape\/","url":"https:\/\/vapebulkp.com\/product\/fihp-digital-12000-puffs-disposable-e-cigarette-stylish-reliable-vape\/","name":"FIHP Digital 12000 Puffs Disposable E-Cigarette Stylish Reliable Vape - vapebulkp.com","isPartOf":{"@id":"https:\/\/vapebulkp.com\/#website"},"datePublished":"2025-01-29T09:52:28+00:00","dateModified":"2025-09-17T08:32:25+00:00","description":"Shop the wholesale FIHP Digital 12000 Puffs Vape Pods Rechargeable, sleek design, LED display, 20mL e-liquid, smooth nicotine options.","breadcrumb":{"@id":"https:\/\/vapebulkp.com\/product\/fihp-digital-12000-puffs-disposable-e-cigarette-stylish-reliable-vape\/#breadcrumb"},"inLanguage":"pt-PT","potentialAction":[{"@type":"ReadAction","target":["https:\/\/vapebulkp.com\/product\/fihp-digital-12000-puffs-disposable-e-cigarette-stylish-reliable-vape\/"]}]},{"@type":"BreadcrumbList","@id":"https:\/\/vapebulkp.com\/product\/fihp-digital-12000-puffs-disposable-e-cigarette-stylish-reliable-vape\/#breadcrumb","itemListElement":[{"@type":"ListItem","position":1,"name":"Home","item":"https:\/\/vapebulkp.com\/"},{"@type":"ListItem","position":2,"name":"Hot Trend Vapes","item":"https:\/\/vapebulkp.com\/vape-shop\/"},{"@type":"ListItem","position":3,"name":"FIHP Digital 12000 Puffs Disposable E-Cigarette Stylish Reliable Vape"}]},{"@type":"WebSite","@id":"https:\/\/vapebulkp.com\/#website","url":"https:\/\/vapebulkp.com\/","name":"vapebulkp.com","description":"Buy Vape In Cheap Bulk Price Near you","publisher":{"@id":"https:\/\/vapebulkp.com\/#organization"},"potentialAction":[{"@type":"SearchAction","target":{"@type":"EntryPoint","urlTemplate":"https:\/\/vapebulkp.com\/?s={search_term_string}"},"query-input":"required name=search_term_string"}],"inLanguage":"pt-PT"},{"@type":"Organization","@id":"https:\/\/vapebulkp.com\/#organization","name":"vapebulkp.com","url":"https:\/\/vapebulkp.com\/","logo":{"@type":"ImageObject","inLanguage":"pt-PT","@id":"https:\/\/vapebulkp.com\/#\/schema\/logo\/image\/","url":"https:\/\/vapebulkp.com\/wp-content\/uploads\/2023\/09\/cropped-vapebulkp.png","contentUrl":"https:\/\/vapebulkp.com\/wp-content\/uploads\/2023\/09\/cropped-vapebulkp.png","width":516,"height":163,"caption":"vapebulkp.com"},"image":{"@id":"https:\/\/vapebulkp.com\/#\/schema\/logo\/image\/"}}]}},"uagb_featured_image_src":{"full":["https:\/\/vapebulkp.com\/wp-content\/uploads\/2025\/01\/FIHP-12000-Puffs-Rechargeable-Disposable-Vape-Pen-Long-Lasting-Performance.webp",800,800,false],"thumbnail":["https:\/\/vapebulkp.com\/wp-content\/uploads\/2025\/01\/FIHP-12000-Puffs-Rechargeable-Disposable-Vape-Pen-Long-Lasting-Performance-150x150.webp",150,150,true],"medium":["https:\/\/vapebulkp.com\/wp-content\/uploads\/2025\/01\/FIHP-12000-Puffs-Rechargeable-Disposable-Vape-Pen-Long-Lasting-Performance-300x300.webp",300,300,true],"medium_large":["https:\/\/vapebulkp.com\/wp-content\/uploads\/2025\/01\/FIHP-12000-Puffs-Rechargeable-Disposable-Vape-Pen-Long-Lasting-Performance-768x768.webp",768,768,true],"large":["https:\/\/vapebulkp.com\/wp-content\/uploads\/2025\/01\/FIHP-12000-Puffs-Rechargeable-Disposable-Vape-Pen-Long-Lasting-Performance.webp",800,800,false],"1536x1536":["https:\/\/vapebulkp.com\/wp-content\/uploads\/2025\/01\/FIHP-12000-Puffs-Rechargeable-Disposable-Vape-Pen-Long-Lasting-Performance.webp",800,800,false],"2048x2048":["https:\/\/vapebulkp.com\/wp-content\/uploads\/2025\/01\/FIHP-12000-Puffs-Rechargeable-Disposable-Vape-Pen-Long-Lasting-Performance.webp",800,800,false],"trp-custom-language-flag":["https:\/\/vapebulkp.com\/wp-content\/uploads\/2025\/01\/FIHP-12000-Puffs-Rechargeable-Disposable-Vape-Pen-Long-Lasting-Performance.webp",12,12,false],"woocommerce_thumbnail":["https:\/\/vapebulkp.com\/wp-content\/uploads\/2025\/01\/FIHP-12000-Puffs-Rechargeable-Disposable-Vape-Pen-Long-Lasting-Performance-300x300.webp",300,300,true],"woocommerce_single":["https:\/\/vapebulkp.com\/wp-content\/uploads\/2025\/01\/FIHP-12000-Puffs-Rechargeable-Disposable-Vape-Pen-Long-Lasting-Performance-600x600.webp",600,600,true],"woocommerce_gallery_thumbnail":["https:\/\/vapebulkp.com\/wp-content\/uploads\/2025\/01\/FIHP-12000-Puffs-Rechargeable-Disposable-Vape-Pen-Long-Lasting-Performance-100x100.webp",100,100,true],"wcpr-photo-reviews":["https:\/\/vapebulkp.com\/wp-content\/uploads\/2025\/01\/FIHP-12000-Puffs-Rechargeable-Disposable-Vape-Pen-Long-Lasting-Performance.webp",500,500,false]},"uagb_author_info":{"display_name":"Mandy vape bulk price","author_link":"https:\/\/vapebulkp.com\/pt\/author\/"},"uagb_comment_info":0,"uagb_excerpt":"Wholesale Price IHP Digital 12000 Puffs Rechargeable Vape Pods FIHP Digital Box Vape\u00a0 Pods with 12,000 Puffs Bulk Price FIHP 12,000 Puffs Premium Vape Pods with LED Display FIHP Digital Rechargeable Vapes 12000 Puffs E-Cigarette Hot Sale Pls Contact Mandy's WhatsApp For Discount Price+8618077105796 NOTE: Prices on our website does not include shipping costs Main&hellip;","_links":{"self":[{"href":"https:\/\/vapebulkp.com\/pt\/wp-json\/wp\/v2\/product\/3410","targetHints":{"allow":["GET"]}}],"collection":[{"href":"https:\/\/vapebulkp.com\/pt\/wp-json\/wp\/v2\/product"}],"about":[{"href":"https:\/\/vapebulkp.com\/pt\/wp-json\/wp\/v2\/types\/product"}],"replies":[{"embeddable":true,"href":"https:\/\/vapebulkp.com\/pt\/wp-json\/wp\/v2\/comments?post=3410"}],"wp:featuredmedia":[{"embeddable":true,"href":"https:\/\/vapebulkp.com\/pt\/wp-json\/wp\/v2\/media\/3396"}],"wp:attachment":[{"href":"https:\/\/vapebulkp.com\/pt\/wp-json\/wp\/v2\/media?parent=3410"}],"wp:term":[{"taxonomy":"product_cat","embeddable":true,"href":"https:\/\/vapebulkp.com\/pt\/wp-json\/wp\/v2\/product_cat?post=3410"},{"taxonomy":"product_tag","embeddable":true,"href":"https:\/\/vapebulkp.com\/pt\/wp-json\/wp\/v2\/product_tag?post=3410"}],"curies":[{"name":"wp","href":"https:\/\/api.w.org\/{rel}","templated":true}]}}