{"id":3526,"date":"2025-03-04T10:06:46","date_gmt":"2025-03-04T09:06:46","guid":{"rendered":"https:\/\/vapebulkp.com\/?post_type=product&#038;p=3526"},"modified":"2025-09-24T05:12:01","modified_gmt":"2025-09-24T03:12:01","slug":"razz-bar-40000-puffs-wholesale-vape-factory-price-eu-warehouse-fast-shipping","status":"publish","type":"product","link":"https:\/\/vapebulkp.com\/pt\/product\/razz-bar-40000-puffs-wholesale-vape-factory-price-eu-warehouse-fast-shipping\/","title":{"rendered":"RAZZ BAR 40000 Puffs Pre\u00e7o de F\u00e1brica de Vape por Atacado Armaz\u00e9m na UE Envio R\u00e1pido"},"content":{"rendered":"<h2 style=\"text-align: left\">RAZZ BAR 40000 Puffs Pre\u00e7o de F\u00e1brica de Vape por Atacado Armaz\u00e9m na UE Envio R\u00e1pido<\/h2>\n<p>O Vape Descart\u00e1vel para Compras em Massa RAZZ BAR 40000 Puffs \u00e9 um vape descart\u00e1vel recarreg\u00e1vel de alta capacidade e com sabor duplo, perfeito para compradores de venda por grosso em Portugal. Com 40.000 inala\u00e7\u00f5es, uma bateria de 650mAh e tecnologia de bobina de malha de tanque duplo, oferece vapor suave e de longa dura\u00e7\u00e3o. Desfrute de 10 combina\u00e7\u00f5es \u00fanicas de sabores duplos para variedade em cada inala\u00e7\u00e3o. O envio r\u00e1pido do armaz\u00e9m em Portugal garante uma entrega r\u00e1pida para venda por grosso e encomendas em massa de shisha vape. O pre\u00e7o competitivo de f\u00e1brica maximiza os lucros, mantendo a qualidade. Abaste\u00e7a a sua loja com o RAZZ BAR <a href=\"https:\/\/vapebulkp.com\/pt\/product-category\/40000-puffs-disposable-vape\/\">Vape Descart\u00e1vel de 40000 Puffs<\/a>, um vape de sal de nicotina confi\u00e1vel para clientes que procuram desempenho e sabor de alta capacidade.<\/p>\n<h6>Por favor, contacte o WhatsApp da Mandy para um pre\u00e7o com desconto<a href=\"https:\/\/wa.me\/8618077105796\">+8618077105796<\/a><\/h6>\n<p><img decoding=\"async\" class=\"alignnone wp-image-2151\" src=\"http:\/\/vapebulkp.com\/wp-content\/uploads\/2024\/04\/Mandy-WhatsApp-Randm.jpg\" alt=\"Mandy WhatsApp Randm\" width=\"324\" height=\"330\" \/><\/p>\n<div class=\"flex max-w-full flex-col flex-grow\">\n<div class=\"min-h-8 text-message flex w-full flex-col items-end gap-2 whitespace-normal break-words text-start [.text-message+&amp;]:mt-5\" dir=\"auto\" data-message-author-role=\"assistant\" data-message-id=\"d24cf626-c018-4805-80f5-44de047f2ba0\" data-message-model-slug=\"gpt-4o\">\n<div class=\"flex w-full flex-col gap-1 empty:hidden first:pt-[3px]\">\n<div class=\"markdown prose w-full break-words dark:prose-invert light\">\n<h2>Porqu\u00ea escolher o Vape de Design Inovador RAZZ BAR 40000 Puffs em <a href=\"https:\/\/vapebulkp.com\/pt\/vape-shop\/\">Vapebulkp.com<\/a>?<\/h2>\n<h4 data-start=\"61\" data-end=\"99\">\u2705 <strong data-start=\"68\" data-end=\"97\">Desempenho de Alta Capacidade<\/strong><\/h4>\n<p data-start=\"100\" data-end=\"262\">Com um impressionante <strong data-start=\"119\" data-end=\"135\">40.000 puffs<\/strong>, o RAZZ BAR oferece sess\u00f5es de vaporiza\u00e7\u00e3o prolongadas, tornando-o uma escolha perfeita para uso a longo prazo, sem substitui\u00e7\u00f5es frequentes.<\/p>\n<h4 data-start=\"264\" data-end=\"299\">\u2705 <strong data-start=\"271\" data-end=\"297\">Experi\u00eancia de Sabor Dual<\/strong><\/h4>\n<p data-start=\"300\" data-end=\"459\">Desfrute <strong data-start=\"306\" data-end=\"339\">10 combina\u00e7\u00f5es de sabores duplos<\/strong>, permitindo que os utilizadores alternem entre dois sabores num \u00fanico dispositivo para uma experi\u00eancia de vaporiza\u00e7\u00e3o mais din\u00e2mica e satisfat\u00f3ria.<\/p>\n<h4 data-start=\"461\" data-end=\"514\">\u2705 <strong data-start=\"468\" data-end=\"512\">Bobina de Malha Premium<\/strong><\/h4>\n<p data-start=\"515\" data-end=\"652\">Equipado com <strong data-start=\"529\" data-end=\"563\">tecnologia de bobina de malha de tanque duplo<\/strong>, este vape melhora a produ\u00e7\u00e3o de vapor e garante sabores suaves e ricos em cada inala\u00e7\u00e3o.<\/p>\n<h4 data-start=\"654\" data-end=\"695\">\u2705 <strong data-start=\"661\" data-end=\"693\">Recarreg\u00e1vel<\/strong><\/h4>\n<p data-start=\"696\" data-end=\"852\">Apresentando um <strong data-start=\"708\" data-end=\"739\">bateria recarreg\u00e1vel de 650mAh<\/strong> com <strong data-start=\"745\" data-end=\"769\">bateria de carregamento r\u00e1pido Tipo-C<\/strong>, garantindo uma vaporiza\u00e7\u00e3o ininterrupta sem o inc\u00f3modo de esgotar a bateria frequentemente.<\/p>\n<\/div>\n<\/div>\n<\/div>\n<\/div>\n<h2>Qualidade de Vapor Premium Razz Bar 40k Puffs Principais Especifica\u00e7\u00f5es:<\/h2>\n<ul>\n<li><strong data-start=\"467\" data-end=\"482\">40000 baforadas<\/strong> \u2013 Sess\u00f5es de vape prolongadas com desempenho confi\u00e1vel<\/li>\n<li><strong data-start=\"540\" data-end=\"561\">10 Sabores Duplos<\/strong> \u2013 Alterne entre dois sabores em um \u00fanico aparelho<\/li>\n<li><strong data-start=\"609\" data-end=\"632\">Bobina de Malha Tanque Duplo<\/strong> \u2013 Produ\u00e7\u00e3o de vapor aprimorada e pureza de sabor<\/li>\n<li><strong data-start=\"683\" data-end=\"714\">Bateria Recarreg\u00e1vel de 650mAh<\/strong> \u2013 Suporta carregamento r\u00e1pido Tipo-C<\/li>\n<li><strong data-start=\"751\" data-end=\"777\">Nicotina Salina: 2% \/ 5%<\/strong> \u2013 Satisfaz diferentes prefer\u00eancias de nicotina<\/li>\n<li><strong data-start=\"825\" data-end=\"848\">Embalagem de Atacado<\/strong> \u2013 <strong data-start=\"851\" data-end=\"873\">200 pe\u00e7as por caixa<\/strong> para fornecimento a granel<\/li>\n<\/ul>\n<h2><strong>RAZZ BAR 40000 Puffs Lista de Sabores com Desempenho Duradouro<\/strong><\/h2>\n<p>1. Lim\u00e3o Lima \/ gelo exuberante<br \/>\n2. Gelo de Morango \/ Bagas Mistas<br \/>\n3. Gelo de Framboesa Azul \/ pastilha el\u00e1stica de morango e melancia<br \/>\n4. Bagas Mistas \/ Gelo de Melancia<br \/>\n5. Morango Banana \/ Gelo de Red Bull<br \/>\n6. Gelo de Mirtilo \/ Love 66<br \/>\n7. Gelo de P\u00eassego \/ Gelo de Mirtilo<br \/>\n8. Morango Kiwi \/ Framboesa Azeda de Mirtilo<br \/>\n9. Gelo de melancia \/ Gelo de cola<br \/>\n10. Morango e melancia \/ Gelo de uva<\/p>\n<p><a href=\"https:\/\/vapebulkp.com\/pt\/product\/aivono-curved-smart-screen-35000-puffs-disposable-vape-wholesale-price\/\"><span style=\"vertical-align: inherit\">Aivono 35000 Puffs <\/span><\/a><\/p>\n<p><span style=\"vertical-align: inherit\">Encontre mais produtos que possa gostar:<\/span><em><a href=\"https:\/\/wa.me\/8618077105796\"><span style=\"vertical-align: inherit\">\u00a0Compre agora<\/span><\/a><\/em><\/p>\n<p><span style=\"vertical-align: inherit\">Outros Puffs Que Poder\u00e1 Gostar:<\/span><a href=\"https:\/\/vapebulkp.com\/pt\/product\/wholesale-price-bang-kingdoms-rex-32000-puffs-vape-pod\/\"><span style=\"vertical-align: inherit\">Bang Kingdoms 32000Puffs<\/span><\/a><span style=\"vertical-align: inherit\">\u3001<\/span><a href=\"https:\/\/vapebulkp.com\/pt\/product\/bood-pulse-pro-25k-50k-disposable-vape-bar-5000-puffs-nicotine-free\/\"><span style=\"vertical-align: inherit\">Bood pulse pro 50000 Baforadas<\/span><\/a><span style=\"vertical-align: inherit\">\/ <\/span><a href=\"https:\/\/vapebulkp.com\/pt\/product\/vapsolo-best-quality-viking-12k-puffs-disposable-vapes\/\"><span style=\"vertical-align: inherit\">Vapsolo viking 12000 Baforadas<\/span><\/a><span style=\"vertical-align: inherit\">\/ <\/span><a href=\"https:\/\/vapebulkp.com\/pt\/product\/waspe-vape-40000-puff-fihp-double-flavour-disposable-vape\/\"><span style=\"vertical-align: inherit\">WASPE 40000 Puffs<\/span><\/a><\/p>\n<h2>FAQ para vapes descart\u00e1veis RAZZ BAR 40000 Puffs<\/h2>\n<p>&nbsp;<\/p>\n<h4 data-start=\"56\" data-end=\"117\"><strong data-start=\"61\" data-end=\"115\">1. Quantos \"puffs\" oferece o RAZZ BAR 40k puffs?<\/strong><\/h4>\n<p data-start=\"118\" data-end=\"244\">O <strong data-start=\"122\" data-end=\"146\">RAZZ BAR 40000 Puffs<\/strong> oferece at\u00e9 <strong data-start=\"160\" data-end=\"176\">40.000 puffs<\/strong>, tornando-o um dos vapes descart\u00e1veis com maior durabilidade dispon\u00edvel.<\/p>\n<h4 data-start=\"410\" data-end=\"479\"><strong data-start=\"415\" data-end=\"477\">2. O RAZZ BAR 40k Puffs permite a troca de sabores?<\/strong><\/h4>\n<p data-start=\"480\" data-end=\"620\">Sim! Possui um <strong data-start=\"499\" data-end=\"521\">sistema de sabor duplo<\/strong>, permitindo que os utilizadores alternem entre os estilos <strong data-start=\"556\" data-end=\"585\">dois sabores num s\u00f3 dispositivo<\/strong> para uma experi\u00eancia mais agrad\u00e1vel.<\/p>\n<h4 data-start=\"788\" data-end=\"843\"><strong data-start=\"793\" data-end=\"841\">3. O vape descart\u00e1vel RAZZ BAR 40000 Puff \u00e9 recarreg\u00e1vel?<\/strong><\/h4>\n<p data-start=\"844\" data-end=\"964\">Sim, inclui um <strong data-start=\"863\" data-end=\"894\">bateria recarreg\u00e1vel de 650mAh<\/strong> com uma <strong data-start=\"902\" data-end=\"926\">porta de carregamento Tipo-C<\/strong> para um carregamento r\u00e1pido e conveniente.<\/p>\n<h4 data-start=\"1311\" data-end=\"1391\"><strong data-start=\"1316\" data-end=\"1389\">4. Onde posso comprar os vapes RAZZ BAR 40000 Puffs a pre\u00e7os de atacado?<\/strong><\/h4>\n<p data-start=\"1392\" data-end=\"1523\">Pode encomendar diretamente de <strong data-start=\"1420\" data-end=\"1437\">Vapebulkp.com<\/strong>, onde oferecemos <strong data-start=\"1454\" data-end=\"1520\">pre\u00e7os de f\u00e1brica, descontos por volume e log\u00edstica fi\u00e1vel<\/strong>.<\/p>\n<h3>Detalhes de envio:<\/h3>\n<p><span style=\"color: #ff6600\">Tempo de produ\u00e7\u00e3o: 5-10 dias \u00fateis<\/span><br \/>\n<span style=\"color: #ff6600\">Tempo de envio: 8-14 dias \u00fateis<\/span><\/p>\n<p>Todos os produtos na nossa loja s\u00e3o 100% originais e aut\u00eanticos, por isso a nossa pol\u00edtica \u00e9 dez vezes a compensa\u00e7\u00e3o por produtos falsificados. Usamos canais de log\u00edstica como UPS\/DHL\/FEDEX\/DPD para entregar os produtos a si.<\/p>\n<p>Para encomendas enviadas para Portugal, a chegada demora geralmente 10 dias \u00fateis. O envio para outros pa\u00edses europeus geralmente demora de 12 a 15 dias \u00fateis a chegar. Atualizaremos as informa\u00e7\u00f5es de log\u00edstica para si em tempo real.<\/p>","protected":false},"excerpt":{"rendered":"<div class=\"flex-shrink-0 flex flex-col relative items-end\">\n<div class=\"pt-0\">\n<div class=\"gizmo-bot-avatar flex h-8 w-8 items-center justify-center overflow-hidden rounded-full\">\n<div class=\"relative p-1 rounded-sm flex items-center justify-center bg-token-main-surface-primary text-token-text-primary h-8 w-8\">\n<ul>\n<li data-start=\"0\" data-end=\"101\"><strong data-start=\"3\" data-end=\"99\" data-is-only-node=\"\">RAZZ BAR 40k Puffs Vape Descart\u00e1vel Sabores Duplos, Recarreg\u00e1vel<\/strong><\/li>\n<li data-start=\"102\" data-end=\"188\"><strong data-start=\"105\" data-end=\"186\" data-is-only-node=\"\">RAZZ BAR 40000 Puff Venda por Grosso Alta Capacidade, Bobina de Malha, Nicotina de Sal Vape<\/strong><\/li>\n<li data-start=\"189\" data-end=\"285\" data-is-last-node=\"\"><strong data-start=\"192\" data-end=\"283\" data-is-only-node=\"\">RAZZ BAR 40000 Puffs Vape Sabores Duplos, Bateria Recarreg\u00e1vel de 650mAh, Envio R\u00e1pido em Portugal<\/strong><\/li>\n<\/ul>\n<\/div>\n<\/div>\n<\/div>\n<\/div>\n<p>Por favor, contacte o WhatsApp da Mandy para um pre\u00e7o com desconto<a href=\"https:\/\/wa.me\/8618077105796\">+8618077105796<\/a><\/p>\n<p><img decoding=\"async\" class=\"alignnone wp-image-2151\" src=\"http:\/\/vapebulkp.com\/wp-content\/uploads\/2024\/04\/Mandy-WhatsApp-Randm.jpg\" alt=\"Mandy WhatsApp Randm\" width=\"297\" height=\"316\" srcset=\"https:\/\/vapebulkp.com\/wp-content\/uploads\/2024\/04\/Mandy-WhatsApp-Randm.jpg 916w, https:\/\/vapebulkp.com\/wp-content\/uploads\/2024\/04\/Mandy-WhatsApp-Randm-282x300.jpg 282w, https:\/\/vapebulkp.com\/wp-content\/uploads\/2024\/04\/Mandy-WhatsApp-Randm-768x817.jpg 768w, https:\/\/vapebulkp.com\/wp-content\/uploads\/2024\/04\/Mandy-WhatsApp-Randm-600x638.jpg 600w\" sizes=\"(max-width: 297px) 100vw, 297px\" \/><\/p>\n<p><span style=\"color: #ff0000\">NOTA: Os pre\u00e7os no nosso site n\u00e3o incluem os custos de envio<\/span><\/p>\n<p>&nbsp;<\/p>","protected":false},"featured_media":3525,"comment_status":"open","ping_status":"closed","template":"","meta":{"_uag_custom_page_level_css":"","_lmt_disableupdate":"no","_lmt_disable":"","site-sidebar-layout":"default","site-content-layout":"content-boxed-container","ast-site-content-layout":"normal-width-container","site-content-style":"boxed","site-sidebar-style":"unboxed","ast-global-header-display":"","ast-banner-title-visibility":"","ast-main-header-display":"","ast-hfb-above-header-display":"","ast-hfb-below-header-display":"","ast-hfb-mobile-header-display":"","site-post-title":"","ast-breadcrumbs-content":"","ast-featured-img":"","footer-sml-layout":"","theme-transparent-header-meta":"default","adv-header-id-meta":"","stick-header-meta":"","header-above-stick-meta":"","header-main-stick-meta":"","header-below-stick-meta":"","astra-migrate-meta-layouts":"set","_joinchat":[]},"product_cat":[182,153,155,33,59,100,87,34,158,157,154,358,152,58,84,156,63,32],"product_tag":[36,37,41,286,219,40],"class_list":["post-3526","product","type-product","status-publish","has-post-thumbnail","hentry","product_cat-40000-puffs-disposable-vape","product_cat-hot-disposable-vapes","product_cat-belgium-hot-disposable-vapes","product_cat-france-vape-hot-sale","product_cat-germany-hot-disposable-vape","product_cat-germany-wholesale-vape-shop","product_cat-minimum-order-quantity-50pcs","product_cat-netherlands-vape-good-sale","product_cat-norway-hot-disposable-vapes","product_cat-poland-hot-disposable-vapes","product_cat-portugal-hot-disposable-vapes","product_cat-razzbar-vape","product_cat-spain-hot-disposable-vapes","product_cat-sweden-hot-disposable-vape","product_cat-sweden-wholesale-vape","product_cat-switzerland-hot-disposable-vapes","product_cat-top-sale-disposable-vape","product_cat-vape-hot-sale-this-week","product_tag-good-vape","product_tag-hot-sale-disposable-vape","product_tag-poland-hot-vape","product_tag-puffs-stock-in-europe","product_tag-razz-bar-40000-puffs","product_tag-sweden-hot-vape","pa_brand-razzbar-vape","desktop-align-left","tablet-align-left","mobile-align-left"],"yoast_head":"<!-- This site is optimized with the Yoast SEO plugin v21.1 - https:\/\/yoast.com\/wordpress\/plugins\/seo\/ -->\n<title>RAZZ BAR 40000 Puffs Wholesale Vape Factory Price EU Warehouse Fast Shipping - vapebulkp.com<\/title>\n<meta name=\"description\" content=\"RAZZ BAR 40000 Puffs disposable vape, wholesale prices, EU warehouse, fast shipping, premium quality, long-lasting, 2% &amp; 5% nicotine options, trendy design.\" \/>\n<meta name=\"robots\" content=\"index, follow, max-snippet:-1, max-image-preview:large, max-video-preview:-1\" \/>\n<link rel=\"canonical\" href=\"https:\/\/vapebulkp.com\/pt\/product\/razz-bar-40000-puffs-wholesale-vape-factory-price-eu-warehouse-fast-shipping\/\" \/>\n<meta property=\"og:locale\" content=\"pt_PT\" \/>\n<meta property=\"og:type\" content=\"article\" \/>\n<meta property=\"og:title\" content=\"RAZZ BAR 40000 Puffs Wholesale Vape Factory Price EU Warehouse Fast Shipping - vapebulkp.com\" \/>\n<meta property=\"og:description\" content=\"RAZZ BAR 40000 Puffs disposable vape, wholesale prices, EU warehouse, fast shipping, premium quality, long-lasting, 2% &amp; 5% nicotine options, trendy design.\" \/>\n<meta property=\"og:url\" content=\"https:\/\/vapebulkp.com\/pt\/product\/razz-bar-40000-puffs-wholesale-vape-factory-price-eu-warehouse-fast-shipping\/\" \/>\n<meta property=\"og:site_name\" content=\"vapebulkp.com\" \/>\n<meta property=\"article:modified_time\" content=\"2025-09-24T03:12:01+00:00\" \/>\n<meta property=\"og:image\" content=\"http:\/\/vapebulkp.com\/wp-content\/uploads\/2025\/03\/Wholesale-RAZZ-BAR-40000-Puffs-Factory-Price-High-Capacity-Nicotine-Salt-Vape-in-Europe.webp\" \/>\n\t<meta property=\"og:image:width\" content=\"800\" \/>\n\t<meta property=\"og:image:height\" content=\"800\" \/>\n\t<meta property=\"og:image:type\" content=\"image\/webp\" \/>\n<meta name=\"twitter:card\" content=\"summary_large_image\" \/>\n<meta name=\"twitter:label1\" content=\"Tempo estimado de leitura\" \/>\n\t<meta name=\"twitter:data1\" content=\"3 minutos\" \/>\n<script type=\"application\/ld+json\" class=\"yoast-schema-graph\">{\"@context\":\"https:\/\/schema.org\",\"@graph\":[{\"@type\":\"WebPage\",\"@id\":\"https:\/\/vapebulkp.com\/product\/razz-bar-40000-puffs-wholesale-vape-factory-price-eu-warehouse-fast-shipping\/\",\"url\":\"https:\/\/vapebulkp.com\/product\/razz-bar-40000-puffs-wholesale-vape-factory-price-eu-warehouse-fast-shipping\/\",\"name\":\"RAZZ BAR 40000 Puffs Wholesale Vape Factory Price EU Warehouse Fast Shipping - vapebulkp.com\",\"isPartOf\":{\"@id\":\"https:\/\/vapebulkp.com\/#website\"},\"datePublished\":\"2025-03-04T09:06:46+00:00\",\"dateModified\":\"2025-09-24T03:12:01+00:00\",\"description\":\"RAZZ BAR 40000 Puffs disposable vape, wholesale prices, EU warehouse, fast shipping, premium quality, long-lasting, 2% & 5% nicotine options, trendy design.\",\"breadcrumb\":{\"@id\":\"https:\/\/vapebulkp.com\/product\/razz-bar-40000-puffs-wholesale-vape-factory-price-eu-warehouse-fast-shipping\/#breadcrumb\"},\"inLanguage\":\"pt-PT\",\"potentialAction\":[{\"@type\":\"ReadAction\",\"target\":[\"https:\/\/vapebulkp.com\/product\/razz-bar-40000-puffs-wholesale-vape-factory-price-eu-warehouse-fast-shipping\/\"]}]},{\"@type\":\"BreadcrumbList\",\"@id\":\"https:\/\/vapebulkp.com\/product\/razz-bar-40000-puffs-wholesale-vape-factory-price-eu-warehouse-fast-shipping\/#breadcrumb\",\"itemListElement\":[{\"@type\":\"ListItem\",\"position\":1,\"name\":\"Home\",\"item\":\"https:\/\/vapebulkp.com\/\"},{\"@type\":\"ListItem\",\"position\":2,\"name\":\"Hot Trend Vapes\",\"item\":\"https:\/\/vapebulkp.com\/vape-shop\/\"},{\"@type\":\"ListItem\",\"position\":3,\"name\":\"RAZZ BAR 40000 Puffs Wholesale Vape Factory Price EU Warehouse Fast Shipping\"}]},{\"@type\":\"WebSite\",\"@id\":\"https:\/\/vapebulkp.com\/#website\",\"url\":\"https:\/\/vapebulkp.com\/\",\"name\":\"vapebulkp.com\",\"description\":\"Buy Vape In Cheap Bulk Price Near you\",\"publisher\":{\"@id\":\"https:\/\/vapebulkp.com\/#organization\"},\"potentialAction\":[{\"@type\":\"SearchAction\",\"target\":{\"@type\":\"EntryPoint\",\"urlTemplate\":\"https:\/\/vapebulkp.com\/?s={search_term_string}\"},\"query-input\":\"required name=search_term_string\"}],\"inLanguage\":\"pt-PT\"},{\"@type\":\"Organization\",\"@id\":\"https:\/\/vapebulkp.com\/#organization\",\"name\":\"vapebulkp.com\",\"url\":\"https:\/\/vapebulkp.com\/\",\"logo\":{\"@type\":\"ImageObject\",\"inLanguage\":\"pt-PT\",\"@id\":\"https:\/\/vapebulkp.com\/#\/schema\/logo\/image\/\",\"url\":\"https:\/\/vapebulkp.com\/wp-content\/uploads\/2023\/09\/cropped-vapebulkp.png\",\"contentUrl\":\"https:\/\/vapebulkp.com\/wp-content\/uploads\/2023\/09\/cropped-vapebulkp.png\",\"width\":516,\"height\":163,\"caption\":\"vapebulkp.com\"},\"image\":{\"@id\":\"https:\/\/vapebulkp.com\/#\/schema\/logo\/image\/\"}}]}<\/script>\n<!-- \/ Yoast SEO plugin. -->","yoast_head_json":{"title":"RAZZ BAR 40000 Puffs Wholesale Vape Factory Price EU Warehouse Fast Shipping - vapebulkp.com","description":"RAZZ BAR 40000 Puffs disposable vape, wholesale prices, EU warehouse, fast shipping, premium quality, long-lasting, 2% & 5% nicotine options, trendy design.","robots":{"index":"index","follow":"follow","max-snippet":"max-snippet:-1","max-image-preview":"max-image-preview:large","max-video-preview":"max-video-preview:-1"},"canonical":"https:\/\/vapebulkp.com\/pt\/product\/razz-bar-40000-puffs-wholesale-vape-factory-price-eu-warehouse-fast-shipping\/","og_locale":"pt_PT","og_type":"article","og_title":"RAZZ BAR 40000 Puffs Wholesale Vape Factory Price EU Warehouse Fast Shipping - vapebulkp.com","og_description":"RAZZ BAR 40000 Puffs disposable vape, wholesale prices, EU warehouse, fast shipping, premium quality, long-lasting, 2% & 5% nicotine options, trendy design.","og_url":"https:\/\/vapebulkp.com\/pt\/product\/razz-bar-40000-puffs-wholesale-vape-factory-price-eu-warehouse-fast-shipping\/","og_site_name":"vapebulkp.com","article_modified_time":"2025-09-24T03:12:01+00:00","og_image":[{"width":800,"height":800,"url":"http:\/\/vapebulkp.com\/wp-content\/uploads\/2025\/03\/Wholesale-RAZZ-BAR-40000-Puffs-Factory-Price-High-Capacity-Nicotine-Salt-Vape-in-Europe.webp","type":"image\/webp"}],"twitter_card":"summary_large_image","twitter_misc":{"Tempo estimado de leitura":"3 minutos"},"schema":{"@context":"https:\/\/schema.org","@graph":[{"@type":"WebPage","@id":"https:\/\/vapebulkp.com\/product\/razz-bar-40000-puffs-wholesale-vape-factory-price-eu-warehouse-fast-shipping\/","url":"https:\/\/vapebulkp.com\/product\/razz-bar-40000-puffs-wholesale-vape-factory-price-eu-warehouse-fast-shipping\/","name":"RAZZ BAR 40000 Puffs Wholesale Vape Factory Price EU Warehouse Fast Shipping - vapebulkp.com","isPartOf":{"@id":"https:\/\/vapebulkp.com\/#website"},"datePublished":"2025-03-04T09:06:46+00:00","dateModified":"2025-09-24T03:12:01+00:00","description":"RAZZ BAR 40000 Puffs disposable vape, wholesale prices, EU warehouse, fast shipping, premium quality, long-lasting, 2% & 5% nicotine options, trendy design.","breadcrumb":{"@id":"https:\/\/vapebulkp.com\/product\/razz-bar-40000-puffs-wholesale-vape-factory-price-eu-warehouse-fast-shipping\/#breadcrumb"},"inLanguage":"pt-PT","potentialAction":[{"@type":"ReadAction","target":["https:\/\/vapebulkp.com\/product\/razz-bar-40000-puffs-wholesale-vape-factory-price-eu-warehouse-fast-shipping\/"]}]},{"@type":"BreadcrumbList","@id":"https:\/\/vapebulkp.com\/product\/razz-bar-40000-puffs-wholesale-vape-factory-price-eu-warehouse-fast-shipping\/#breadcrumb","itemListElement":[{"@type":"ListItem","position":1,"name":"Home","item":"https:\/\/vapebulkp.com\/"},{"@type":"ListItem","position":2,"name":"Hot Trend Vapes","item":"https:\/\/vapebulkp.com\/vape-shop\/"},{"@type":"ListItem","position":3,"name":"RAZZ BAR 40000 Puffs Wholesale Vape Factory Price EU Warehouse Fast Shipping"}]},{"@type":"WebSite","@id":"https:\/\/vapebulkp.com\/#website","url":"https:\/\/vapebulkp.com\/","name":"vapebulkp.com","description":"Buy Vape In Cheap Bulk Price Near you","publisher":{"@id":"https:\/\/vapebulkp.com\/#organization"},"potentialAction":[{"@type":"SearchAction","target":{"@type":"EntryPoint","urlTemplate":"https:\/\/vapebulkp.com\/?s={search_term_string}"},"query-input":"required name=search_term_string"}],"inLanguage":"pt-PT"},{"@type":"Organization","@id":"https:\/\/vapebulkp.com\/#organization","name":"vapebulkp.com","url":"https:\/\/vapebulkp.com\/","logo":{"@type":"ImageObject","inLanguage":"pt-PT","@id":"https:\/\/vapebulkp.com\/#\/schema\/logo\/image\/","url":"https:\/\/vapebulkp.com\/wp-content\/uploads\/2023\/09\/cropped-vapebulkp.png","contentUrl":"https:\/\/vapebulkp.com\/wp-content\/uploads\/2023\/09\/cropped-vapebulkp.png","width":516,"height":163,"caption":"vapebulkp.com"},"image":{"@id":"https:\/\/vapebulkp.com\/#\/schema\/logo\/image\/"}}]}},"uagb_featured_image_src":{"full":["https:\/\/vapebulkp.com\/wp-content\/uploads\/2025\/03\/Wholesale-RAZZ-BAR-40000-Puffs-Factory-Price-High-Capacity-Nicotine-Salt-Vape-in-Europe.webp",800,800,false],"thumbnail":["https:\/\/vapebulkp.com\/wp-content\/uploads\/2025\/03\/Wholesale-RAZZ-BAR-40000-Puffs-Factory-Price-High-Capacity-Nicotine-Salt-Vape-in-Europe-150x150.webp",150,150,true],"medium":["https:\/\/vapebulkp.com\/wp-content\/uploads\/2025\/03\/Wholesale-RAZZ-BAR-40000-Puffs-Factory-Price-High-Capacity-Nicotine-Salt-Vape-in-Europe-300x300.webp",300,300,true],"medium_large":["https:\/\/vapebulkp.com\/wp-content\/uploads\/2025\/03\/Wholesale-RAZZ-BAR-40000-Puffs-Factory-Price-High-Capacity-Nicotine-Salt-Vape-in-Europe-768x768.webp",768,768,true],"large":["https:\/\/vapebulkp.com\/wp-content\/uploads\/2025\/03\/Wholesale-RAZZ-BAR-40000-Puffs-Factory-Price-High-Capacity-Nicotine-Salt-Vape-in-Europe.webp",800,800,false],"1536x1536":["https:\/\/vapebulkp.com\/wp-content\/uploads\/2025\/03\/Wholesale-RAZZ-BAR-40000-Puffs-Factory-Price-High-Capacity-Nicotine-Salt-Vape-in-Europe.webp",800,800,false],"2048x2048":["https:\/\/vapebulkp.com\/wp-content\/uploads\/2025\/03\/Wholesale-RAZZ-BAR-40000-Puffs-Factory-Price-High-Capacity-Nicotine-Salt-Vape-in-Europe.webp",800,800,false],"trp-custom-language-flag":["https:\/\/vapebulkp.com\/wp-content\/uploads\/2025\/03\/Wholesale-RAZZ-BAR-40000-Puffs-Factory-Price-High-Capacity-Nicotine-Salt-Vape-in-Europe.webp",12,12,false],"woocommerce_thumbnail":["https:\/\/vapebulkp.com\/wp-content\/uploads\/2025\/03\/Wholesale-RAZZ-BAR-40000-Puffs-Factory-Price-High-Capacity-Nicotine-Salt-Vape-in-Europe-300x300.webp",300,300,true],"woocommerce_single":["https:\/\/vapebulkp.com\/wp-content\/uploads\/2025\/03\/Wholesale-RAZZ-BAR-40000-Puffs-Factory-Price-High-Capacity-Nicotine-Salt-Vape-in-Europe-600x600.webp",600,600,true],"woocommerce_gallery_thumbnail":["https:\/\/vapebulkp.com\/wp-content\/uploads\/2025\/03\/Wholesale-RAZZ-BAR-40000-Puffs-Factory-Price-High-Capacity-Nicotine-Salt-Vape-in-Europe-100x100.webp",100,100,true],"wcpr-photo-reviews":["https:\/\/vapebulkp.com\/wp-content\/uploads\/2025\/03\/Wholesale-RAZZ-BAR-40000-Puffs-Factory-Price-High-Capacity-Nicotine-Salt-Vape-in-Europe.webp",500,500,false]},"uagb_author_info":{"display_name":"Mandy vape bulk price","author_link":"https:\/\/vapebulkp.com\/pt\/author\/"},"uagb_comment_info":0,"uagb_excerpt":"RAZZ BAR 40k Puffs Disposable Vape\u00a0 Dual Flavors, Rechargeable &amp; Long-lasting Performance RAZZ BAR 40000 Puff Wholesale\u00a0 High-Capacity, Mesh Coil, Nicotine Salt Vape RAZZ BAR 40000 Puffs Vape\u00a0 Dual Flavors, 650mAh Rechargeable Battery, Fast EU Shipping Pls Contact Mandy's WhatsApp For Discount Price+8618077105796 NOTE: Prices on our website does not include shipping costs &nbsp;","_links":{"self":[{"href":"https:\/\/vapebulkp.com\/pt\/wp-json\/wp\/v2\/product\/3526","targetHints":{"allow":["GET"]}}],"collection":[{"href":"https:\/\/vapebulkp.com\/pt\/wp-json\/wp\/v2\/product"}],"about":[{"href":"https:\/\/vapebulkp.com\/pt\/wp-json\/wp\/v2\/types\/product"}],"replies":[{"embeddable":true,"href":"https:\/\/vapebulkp.com\/pt\/wp-json\/wp\/v2\/comments?post=3526"}],"wp:featuredmedia":[{"embeddable":true,"href":"https:\/\/vapebulkp.com\/pt\/wp-json\/wp\/v2\/media\/3525"}],"wp:attachment":[{"href":"https:\/\/vapebulkp.com\/pt\/wp-json\/wp\/v2\/media?parent=3526"}],"wp:term":[{"taxonomy":"product_cat","embeddable":true,"href":"https:\/\/vapebulkp.com\/pt\/wp-json\/wp\/v2\/product_cat?post=3526"},{"taxonomy":"product_tag","embeddable":true,"href":"https:\/\/vapebulkp.com\/pt\/wp-json\/wp\/v2\/product_tag?post=3526"}],"curies":[{"name":"wp","href":"https:\/\/api.w.org\/{rel}","templated":true}]}}