{"id":3559,"date":"2025-03-13T09:26:19","date_gmt":"2025-03-13T08:26:19","guid":{"rendered":"https:\/\/vapebulkp.com\/?post_type=product&#038;p=3559"},"modified":"2025-09-17T10:31:39","modified_gmt":"2025-09-17T08:31:39","slug":"bang-leader-50000-puffs-double-flavors-disposable-vape-pen","status":"publish","type":"product","link":"https:\/\/vapebulkp.com\/pt\/product\/bang-leader-50000-puffs-double-flavors-disposable-vape-pen\/","title":{"rendered":"Bang Leader 50000 Puffs Sabores Duplos Caneta Vape Descart\u00e1vel"},"content":{"rendered":"<h2 style=\"text-align: left\">Bang Leader 50000 Puffs Sabores Duplos Caneta Vape Descart\u00e1vel<\/h2>\n<p data-start=\"123\" data-end=\"483\">O <strong data-start=\"4\" data-end=\"66\">Bang Leader 50000 Puffs Sabores Duplos Caneta Vape Descart\u00e1vel<\/strong> foi concebido para vapers que procuram um uso prolongado e uma experi\u00eancia de sabor superior. Com uma <strong data-start=\"157\" data-end=\"189\">enorme capacidade de 50.000 puffs<\/strong>, este dispositivo garante um desempenho de longa dura\u00e7\u00e3o sem substitui\u00e7\u00f5es frequentes. Com um <strong data-start=\"274\" data-end=\"312\">reservat\u00f3rio de e-l\u00edquido pr\u00e9-cheio de 36ML<\/strong>, os utilizadores desfrutam de uma produ\u00e7\u00e3o de vapor consistente e de um sabor rico.<\/p>\n<p data-start=\"123\" data-end=\"483\">O <strong data-start=\"374\" data-end=\"402\">tecnologia de sabor duplo<\/strong> permite a troca perfeita entre dois sabores distintos num \u00fanico dispositivo, oferecendo uma experi\u00eancia de vaping vers\u00e1til. Equipado com uma <strong data-start=\"530\" data-end=\"552\">tecnologia avan\u00e7ada de bobina de malha<\/strong>, melhora a produ\u00e7\u00e3o de vapor e a absor\u00e7\u00e3o de nicotina para um golpe suave na garganta. As <strong data-start=\"632\" data-end=\"679\">op\u00e7\u00f5es de sal de nicotina de 2% e 5%<\/strong> satisfazem as diferentes prefer\u00eancias dos utilizadores. Uma potente <strong data-start=\"728\" data-end=\"785\">bateria recarreg\u00e1vel de 850mAh com carregamento r\u00e1pido Tipo-C<\/strong> garante sess\u00f5es de vaping prolongadas. Concebido para a conveni\u00eancia, \u00e9 <strong data-start=\"855\" data-end=\"901\">port\u00e1til, \u00e0 prova de fugas e sem manuten\u00e7\u00e3o<\/strong>, tornando-o uma excelente escolha para vapers em movimento. Dispon\u00edvel em <strong data-start=\"968\" data-end=\"989\">12 sabores \u00fanicos<\/strong>, o <strong data-start=\"995\" data-end=\"1031\">L\u00edder Bang <a href=\"https:\/\/vapebulkp.com\/pt\/product-category\/50000-puffs-disposable-vape\/\">Vape Descart\u00e1vel de 50000 Puffs<\/a> Caneta<\/strong> proporciona uma experi\u00eancia de vaping premium com desempenho de alta qualidade.<\/p>\n<h6>Por favor, contacte o WhatsApp da Mandy para um pre\u00e7o com desconto<a href=\"https:\/\/wa.me\/8618077105796\">+8618077105796<\/a><\/h6>\n<p><img decoding=\"async\" class=\"alignnone wp-image-2151\" src=\"http:\/\/vapebulkp.com\/wp-content\/uploads\/2024\/04\/Mandy-WhatsApp-Randm.jpg\" alt=\"Mandy WhatsApp Randm\" width=\"324\" height=\"330\" \/><\/p>\n<div class=\"flex max-w-full flex-col flex-grow\">\n<div class=\"min-h-8 text-message flex w-full flex-col items-end gap-2 whitespace-normal break-words text-start [.text-message+&amp;]:mt-5\" dir=\"auto\" data-message-author-role=\"assistant\" data-message-id=\"d24cf626-c018-4805-80f5-44de047f2ba0\" data-message-model-slug=\"gpt-4o\">\n<div class=\"flex w-full flex-col gap-1 empty:hidden first:pt-[3px]\">\n<div class=\"markdown prose w-full break-words dark:prose-invert light\">\n<h2>Porqu\u00ea Escolher <strong>\u00a0<\/strong>Bang Vape Leader 50000 baforadas em <a href=\"https:\/\/vapebulkp.com\/pt\/vape-shop\/\">Vapebulkp.com<\/a>?<\/h2>\n<ul>\n<li data-start=\"68\" data-end=\"205\">\n<p data-start=\"71\" data-end=\"205\"><strong data-start=\"71\" data-end=\"103\">Enorme Capacidade de 50.000 Baforadas<\/strong> \u2013 Desfrute de um vape ultra duradouro sem substitui\u00e7\u00f5es frequentes, tornando-o uma escolha econ\u00f3mica.<\/p>\n<\/li>\n<li data-start=\"207\" data-end=\"310\">\n<p data-start=\"210\" data-end=\"310\"><strong data-start=\"210\" data-end=\"232\">Sistema de Sabor Duplo<\/strong> \u2013 Alterne entre dois sabores num \u00fanico dispositivo para uma experi\u00eancia de vape din\u00e2mica.<\/p>\n<\/li>\n<li data-start=\"312\" data-end=\"448\">\n<p data-start=\"315\" data-end=\"448\"><strong data-start=\"315\" data-end=\"341\">Grande Capacidade de L\u00edquido<\/strong> \u2013 Pr\u00e9-cheio com <strong data-start=\"360\" data-end=\"388\">36ML de l\u00edquido premium<\/strong>, garantindo produ\u00e7\u00e3o de vapor consistente e sabor intenso.<\/p>\n<\/li>\n<li data-start=\"450\" data-end=\"565\">\n<p data-start=\"453\" data-end=\"565\"><strong data-start=\"453\" data-end=\"486\">Tecnologia Avan\u00e7ada de Bobina Mesh<\/strong> \u2013 Oferece tragadas suaves, sabor aprimorado e absor\u00e7\u00e3o otimizada de nicotina.<\/p>\n<\/li>\n<li data-start=\"567\" data-end=\"689\">\n<p data-start=\"570\" data-end=\"689\"><strong data-start=\"570\" data-end=\"599\">M\u00faltiplas Op\u00e7\u00f5es de Nicotina<\/strong> \u2013 Dispon\u00edvel em <strong data-start=\"615\" data-end=\"651\">Op\u00e7\u00f5es de sal de nicotina de 0%, 2%, 3% e 5%<\/strong>, atendendo a diferentes prefer\u00eancias.<\/p>\n<\/li>\n<li data-start=\"691\" data-end=\"814\">\n<p data-start=\"694\" data-end=\"814\"><strong data-start=\"694\" data-end=\"725\">Bateria Recarreg\u00e1vel de 850mAh<\/strong> \u2013 Equipado com <strong data-start=\"742\" data-end=\"766\">bateria de carregamento r\u00e1pido Tipo-C<\/strong>, garantindo uso prolongado sem interrup\u00e7\u00f5es.<\/p>\n<\/li>\n<li data-start=\"934\" data-end=\"1047\">\n<p data-start=\"937\" data-end=\"1047\"><strong data-start=\"937\" data-end=\"969\">\u00c0 Prova de Fugas<\/strong> \u2013 Projetado para conveni\u00eancia, tornando-o uma op\u00e7\u00e3o ideal para vapers em movimento.<\/p>\n<\/li>\n<li data-start=\"1049\" data-end=\"1184\">\n<p data-start=\"1052\" data-end=\"1184\"><strong data-start=\"1052\" data-end=\"1087\">Melhores Pre\u00e7os<\/strong> \u2013 Vapebulkp.com oferece pre\u00e7os competitivos, ofertas exclusivas e compra a granel para retalhistas.<\/p>\n<\/li>\n<li data-start=\"1186\" data-end=\"1334\">\n<p data-start=\"1190\" data-end=\"1334\"><strong data-start=\"1190\" data-end=\"1210\">Fornecedor Confi\u00e1vel<\/strong> \u2013 Vapebulkp.com \u00e9 uma plataforma confi\u00e1vel especializada em vapes descart\u00e1veis premium, garantindo autenticidade e envio r\u00e1pido.<\/p>\n<\/li>\n<\/ul>\n<\/div>\n<\/div>\n<\/div>\n<\/div>\n<h2><strong>\u00a0<\/strong>Especifica\u00e7\u00f5es Chave das C\u00e1psulas de Vape Bang Leader 50k Puffs:<\/h2>\n<ul>\n<li data-start=\"0\" data-end=\"63\"><strong data-start=\"2\" data-end=\"32\" data-is-only-node=\"\">Op\u00e7\u00f5es de Concentra\u00e7\u00e3o de Nicotina:<\/strong> 0%, 2%, 3%, 5% Nicotina de Sal<\/li>\n<li data-start=\"64\" data-end=\"95\"><strong data-start=\"66\" data-end=\"88\" data-is-only-node=\"\">Capacidade de E-L\u00edquido:<\/strong> 36ML<\/li>\n<li data-start=\"96\" data-end=\"144\"><strong data-start=\"98\" data-end=\"112\" data-is-only-node=\"\">Tipo de Coil:<\/strong> Tecnologia Avan\u00e7ada de Bobina Mesh<\/li>\n<li data-start=\"145\" data-end=\"198\"><strong data-start=\"147\" data-end=\"168\" data-is-only-node=\"\">Sele\u00e7\u00e3o de Sabores:<\/strong> 12 Sabores \u00danicos Dispon\u00edveis<\/li>\n<li data-start=\"199\" data-end=\"259\" data-is-last-node=\"\"><strong data-start=\"201\" data-end=\"222\" data-is-only-node=\"\">Capacidade da Bateria:<\/strong> Bateria Recarreg\u00e1vel de 850mAh Incorporada<\/li>\n<\/ul>\n<h2><strong>\u00a0Lista de Sabores Bang Leader 50000 Puffs<\/strong><\/h2>\n<p>1. MORANGO FRAMBOESA CEREJA GELO\/ CEREJA<br \/>\n2. MELANCIA MORANGO\/ MELANCIA<br \/>\n3. UVA PRETA\/ UVA VERDE<br \/>\n4.MA\u00c7\u00c3 PERA\/KIWI MARACUJ\u00c1 GOIABA<br \/>\n5.LIMONADA DE ANAN\u00c1S AZEDA\/LIM\u00c3O VERDE<br \/>\n6.GELO DE BANANA\/MANGA<br \/>\n7.FRAMBOESA AZEDA DE MIRTILO\/MIRTILO<br \/>\n8.COCA CEREJA\/LIMONADA COR-DE-ROSA<br \/>\n9.LIMONADA DE MIRTILO FRAMBOESA\/GELO DE MORANGO FRAMBOESA CEREJA<br \/>\n10.MORANGO KIWI\/GELO DE MORANGO<br \/>\n11.ANAN\u00c1S MARACUJ\u00c1\/GELO DE ANAN\u00c1S<br \/>\n12.MOJITO DE FRAMBOESA\/CEREJA FRAMBOESA LIMA<\/p>\n<p><a href=\"https:\/\/vapebulkp.com\/pt\/product\/aivono-curved-smart-screen-35000-puffs-disposable-vape-wholesale-price\/\"><span style=\"vertical-align: inherit\">Aivono 35000 Puffs <\/span><\/a><\/p>\n<p><span style=\"vertical-align: inherit\">Encontre mais produtos que possa gostar:<\/span><em><a href=\"https:\/\/wa.me\/8618077105796\"><span style=\"vertical-align: inherit\">\u00a0Compre agora<\/span><\/a><\/em><\/p>\n<p><span style=\"vertical-align: inherit\">Outros Puffs Que Poder\u00e1 Gostar:<\/span><a href=\"https:\/\/vapebulkp.com\/pt\/product\/wholesale-price-bang-kingdoms-rex-32000-puffs-vape-pod\/\"><span style=\"vertical-align: inherit\">Bang Kingdoms 32000Puffs<\/span><\/a><span style=\"vertical-align: inherit\">\u3001<\/span><a href=\"https:\/\/vapebulkp.com\/pt\/product\/bood-pulse-pro-25k-50k-disposable-vape-bar-5000-puffs-nicotine-free\/\"><span style=\"vertical-align: inherit\">Bood pulse pro 50000 Baforadas<\/span><\/a><span style=\"vertical-align: inherit\">\/ <\/span><a href=\"https:\/\/vapebulkp.com\/pt\/product\/vapsolo-best-quality-viking-12k-puffs-disposable-vapes\/\"><span style=\"vertical-align: inherit\">Vapsolo viking 12000 Baforadas<\/span><\/a><span style=\"vertical-align: inherit\">\/ <\/span><a href=\"https:\/\/vapebulkp.com\/pt\/product\/waspe-vape-40000-puff-fihp-double-flavour-disposable-vape\/\"><span style=\"vertical-align: inherit\">WASPE 40000 Puffs<\/span><\/a><\/p>\n<p><span style=\"vertical-align: inherit\">Garrafa de cigarro eletr\u00f3nico com formato especial:<\/span><a href=\"https:\/\/vapebulkp.com\/pt\/product\/vapsolo-feed-bar-shisha-vape-15000-puffs-wholesale-price\/\"><span style=\"vertical-align: inherit\"> Vapsolo shisha 15000 Puffs<\/span><\/a><span style=\"vertical-align: inherit\">\/ <\/span><a href=\"https:\/\/vapebulkp.com\/pt\/product\/vopk-ultra-30000-puffs-rgb-light-mesh-coil-rechargeable-vape-wholesale-price\/\"><span style=\"vertical-align: inherit\">\u00a0VOPK ULTRA 30000 Puffs <\/span><\/a><span style=\"vertical-align: inherit\">\/<\/span><a href=\"https:\/\/vapebulkp.com\/pt\/product\/bang-box-35000-puffs-touch-switch-digital-screen-rechargeable-vape\/\"><span style=\"vertical-align: inherit\"> Bang Box 35000 Baforadas<\/span><\/a><\/p>\n<h3>Detalhes de envio:<\/h3>\n<p><span style=\"color: #ff6600\">Tempo de produ\u00e7\u00e3o: 5-10 dias \u00fateis<\/span><br \/>\n<span style=\"color: #ff6600\">Tempo de envio: 8-14 dias \u00fateis<\/span><\/p>\n<p>Todos os produtos na nossa loja s\u00e3o 100% originais e aut\u00eanticos, por isso a nossa pol\u00edtica \u00e9 dez vezes a compensa\u00e7\u00e3o por produtos falsificados. Usamos canais de log\u00edstica como UPS\/DHL\/FEDEX\/DPD para entregar os produtos a si.<\/p>\n<p>Para encomendas enviadas para Portugal, a chegada demora geralmente 10 dias \u00fateis. O envio para outros pa\u00edses europeus geralmente demora de 12 a 15 dias \u00fateis a chegar. Atualizaremos as informa\u00e7\u00f5es de log\u00edstica para si em tempo real.<\/p>","protected":false},"excerpt":{"rendered":"<ul>\n<li data-start=\"0\" data-end=\"91\">\n<p data-start=\"3\" data-end=\"91\"><strong data-start=\"3\" data-end=\"89\" data-is-only-node=\"\">Atacado Bang Leader 50000 Puffs Vape Descart\u00e1vel de Alta Capacidade Ofertas Premium a Granel<\/strong><\/p>\n<\/li>\n<li data-start=\"93\" data-end=\"180\">\n<p data-start=\"96\" data-end=\"180\"><strong data-start=\"96\" data-end=\"178\" data-is-only-node=\"\">Bang Leader 50000 Puffs Vape com Alta Concentra\u00e7\u00e3o de Nicotina Sistema Avan\u00e7ado de Bobina de Malha<\/strong><\/p>\n<\/li>\n<li data-start=\"182\" data-end=\"270\" data-is-last-node=\"\">\n<p data-start=\"185\" data-end=\"270\" data-is-last-node=\"\"><strong data-start=\"185\" data-end=\"270\" data-is-last-node=\"\" data-is-only-node=\"\">Bang Leader 50K Puffs Vape Descart\u00e1vel de Luxo Sistema de Pod Recarreg\u00e1vel de Ponta<\/strong><\/p>\n<\/li>\n<\/ul>\n<p>Por favor, contacte o WhatsApp da Mandy para um pre\u00e7o com desconto<a href=\"https:\/\/wa.me\/8618077105796\">+8618077105796<\/a><\/p>\n<p><img decoding=\"async\" class=\"alignnone wp-image-2151\" src=\"http:\/\/vapebulkp.com\/wp-content\/uploads\/2024\/04\/Mandy-WhatsApp-Randm.jpg\" alt=\"Mandy WhatsApp Randm\" width=\"297\" height=\"316\" srcset=\"https:\/\/vapebulkp.com\/wp-content\/uploads\/2024\/04\/Mandy-WhatsApp-Randm.jpg 916w, https:\/\/vapebulkp.com\/wp-content\/uploads\/2024\/04\/Mandy-WhatsApp-Randm-282x300.jpg 282w, https:\/\/vapebulkp.com\/wp-content\/uploads\/2024\/04\/Mandy-WhatsApp-Randm-768x817.jpg 768w, https:\/\/vapebulkp.com\/wp-content\/uploads\/2024\/04\/Mandy-WhatsApp-Randm-600x638.jpg 600w\" sizes=\"(max-width: 297px) 100vw, 297px\" \/><\/p>\n<p><span style=\"color: #ff0000\">NOTA: Os pre\u00e7os no nosso site n\u00e3o incluem os custos de envio<\/span><\/p>\n<p>&nbsp;<\/p>","protected":false},"featured_media":3552,"comment_status":"open","ping_status":"closed","template":"","meta":{"_uag_custom_page_level_css":"","_lmt_disableupdate":"no","_lmt_disable":"","site-sidebar-layout":"default","site-content-layout":"content-boxed-container","ast-site-content-layout":"normal-width-container","site-content-style":"boxed","site-sidebar-style":"unboxed","ast-global-header-display":"","ast-banner-title-visibility":"","ast-main-header-display":"","ast-hfb-above-header-display":"","ast-hfb-below-header-display":"","ast-hfb-mobile-header-display":"","site-post-title":"","ast-breadcrumbs-content":"","ast-featured-img":"","footer-sml-layout":"","theme-transparent-header-meta":"default","adv-header-id-meta":"","stick-header-meta":"","header-above-stick-meta":"","header-main-stick-meta":"","header-below-stick-meta":"","astra-migrate-meta-layouts":"set","_joinchat":[]},"product_cat":[194,153,345,155,33,59,100,87,34,158,157,154,152,58,84,156,63,32],"product_tag":[224,36,37,41,40],"class_list":["post-3559","product","type-product","status-publish","has-post-thumbnail","hentry","product_cat-50000-puffs-disposable-vape","product_cat-hot-disposable-vapes","product_cat-bang-vapes","product_cat-belgium-hot-disposable-vapes","product_cat-france-vape-hot-sale","product_cat-germany-hot-disposable-vape","product_cat-germany-wholesale-vape-shop","product_cat-minimum-order-quantity-50pcs","product_cat-netherlands-vape-good-sale","product_cat-norway-hot-disposable-vapes","product_cat-poland-hot-disposable-vapes","product_cat-portugal-hot-disposable-vapes","product_cat-spain-hot-disposable-vapes","product_cat-sweden-hot-disposable-vape","product_cat-sweden-wholesale-vape","product_cat-switzerland-hot-disposable-vapes","product_cat-top-sale-disposable-vape","product_cat-vape-hot-sale-this-week","product_tag-bang-leader-50000-puffs","product_tag-good-vape","product_tag-hot-sale-disposable-vape","product_tag-poland-hot-vape","product_tag-sweden-hot-vape","pa_brand-bang-vape","desktop-align-left","tablet-align-left","mobile-align-left"],"yoast_head":"<!-- This site is optimized with the Yoast SEO plugin v21.1 - https:\/\/yoast.com\/wordpress\/plugins\/seo\/ -->\n<title>Bang Leader 50000 Puffs Double Flavors Disposable Vape Pen - vapebulkp.com<\/title>\n<meta name=\"description\" content=\"Bang Leader 50000 Puffs Disposable Vape Pen, Double Flavors, 50K Puffs, Rechargeable, 2%\/5% Nicotine, Type-C, Long-lasting, Smooth Draw, Wholesale Price.\" \/>\n<meta name=\"robots\" content=\"index, follow, max-snippet:-1, max-image-preview:large, max-video-preview:-1\" \/>\n<link rel=\"canonical\" href=\"https:\/\/vapebulkp.com\/pt\/product\/bang-leader-50000-puffs-double-flavors-disposable-vape-pen\/\" \/>\n<meta property=\"og:locale\" content=\"pt_PT\" \/>\n<meta property=\"og:type\" content=\"article\" \/>\n<meta property=\"og:title\" content=\"Bang Leader 50000 Puffs Double Flavors Disposable Vape Pen - vapebulkp.com\" \/>\n<meta property=\"og:description\" content=\"Bang Leader 50000 Puffs Disposable Vape Pen, Double Flavors, 50K Puffs, Rechargeable, 2%\/5% Nicotine, Type-C, Long-lasting, Smooth Draw, Wholesale Price.\" \/>\n<meta property=\"og:url\" content=\"https:\/\/vapebulkp.com\/pt\/product\/bang-leader-50000-puffs-double-flavors-disposable-vape-pen\/\" \/>\n<meta property=\"og:site_name\" content=\"vapebulkp.com\" \/>\n<meta property=\"article:modified_time\" content=\"2025-09-17T08:31:39+00:00\" \/>\n<meta property=\"og:image\" content=\"http:\/\/vapebulkp.com\/wp-content\/uploads\/2025\/03\/Bang-Leader-50K-Puffs-Mega-Puff-Count-Disposable-Pod-Kit-With-Bold-Flavor-Selection.webp\" \/>\n\t<meta property=\"og:image:width\" content=\"800\" \/>\n\t<meta property=\"og:image:height\" content=\"800\" \/>\n\t<meta property=\"og:image:type\" content=\"image\/webp\" \/>\n<meta name=\"twitter:card\" content=\"summary_large_image\" \/>\n<meta name=\"twitter:label1\" content=\"Tempo estimado de leitura\" \/>\n\t<meta name=\"twitter:data1\" content=\"3 minutos\" \/>\n<script type=\"application\/ld+json\" class=\"yoast-schema-graph\">{\"@context\":\"https:\/\/schema.org\",\"@graph\":[{\"@type\":\"WebPage\",\"@id\":\"https:\/\/vapebulkp.com\/product\/bang-leader-50000-puffs-double-flavors-disposable-vape-pen\/\",\"url\":\"https:\/\/vapebulkp.com\/product\/bang-leader-50000-puffs-double-flavors-disposable-vape-pen\/\",\"name\":\"Bang Leader 50000 Puffs Double Flavors Disposable Vape Pen - vapebulkp.com\",\"isPartOf\":{\"@id\":\"https:\/\/vapebulkp.com\/#website\"},\"datePublished\":\"2025-03-13T08:26:19+00:00\",\"dateModified\":\"2025-09-17T08:31:39+00:00\",\"description\":\"Bang Leader 50000 Puffs Disposable Vape Pen, Double Flavors, 50K Puffs, Rechargeable, 2%\/5% Nicotine, Type-C, Long-lasting, Smooth Draw, Wholesale Price.\",\"breadcrumb\":{\"@id\":\"https:\/\/vapebulkp.com\/product\/bang-leader-50000-puffs-double-flavors-disposable-vape-pen\/#breadcrumb\"},\"inLanguage\":\"pt-PT\",\"potentialAction\":[{\"@type\":\"ReadAction\",\"target\":[\"https:\/\/vapebulkp.com\/product\/bang-leader-50000-puffs-double-flavors-disposable-vape-pen\/\"]}]},{\"@type\":\"BreadcrumbList\",\"@id\":\"https:\/\/vapebulkp.com\/product\/bang-leader-50000-puffs-double-flavors-disposable-vape-pen\/#breadcrumb\",\"itemListElement\":[{\"@type\":\"ListItem\",\"position\":1,\"name\":\"Home\",\"item\":\"https:\/\/vapebulkp.com\/\"},{\"@type\":\"ListItem\",\"position\":2,\"name\":\"Hot Trend Vapes\",\"item\":\"https:\/\/vapebulkp.com\/vape-shop\/\"},{\"@type\":\"ListItem\",\"position\":3,\"name\":\"Bang Leader 50000 Puffs Double Flavors Disposable Vape Pen\"}]},{\"@type\":\"WebSite\",\"@id\":\"https:\/\/vapebulkp.com\/#website\",\"url\":\"https:\/\/vapebulkp.com\/\",\"name\":\"vapebulkp.com\",\"description\":\"Buy Vape In Cheap Bulk Price Near you\",\"publisher\":{\"@id\":\"https:\/\/vapebulkp.com\/#organization\"},\"potentialAction\":[{\"@type\":\"SearchAction\",\"target\":{\"@type\":\"EntryPoint\",\"urlTemplate\":\"https:\/\/vapebulkp.com\/?s={search_term_string}\"},\"query-input\":\"required name=search_term_string\"}],\"inLanguage\":\"pt-PT\"},{\"@type\":\"Organization\",\"@id\":\"https:\/\/vapebulkp.com\/#organization\",\"name\":\"vapebulkp.com\",\"url\":\"https:\/\/vapebulkp.com\/\",\"logo\":{\"@type\":\"ImageObject\",\"inLanguage\":\"pt-PT\",\"@id\":\"https:\/\/vapebulkp.com\/#\/schema\/logo\/image\/\",\"url\":\"https:\/\/vapebulkp.com\/wp-content\/uploads\/2023\/09\/cropped-vapebulkp.png\",\"contentUrl\":\"https:\/\/vapebulkp.com\/wp-content\/uploads\/2023\/09\/cropped-vapebulkp.png\",\"width\":516,\"height\":163,\"caption\":\"vapebulkp.com\"},\"image\":{\"@id\":\"https:\/\/vapebulkp.com\/#\/schema\/logo\/image\/\"}}]}<\/script>\n<!-- \/ Yoast SEO plugin. -->","yoast_head_json":{"title":"Bang Leader 50000 Puffs Double Flavors Disposable Vape Pen - vapebulkp.com","description":"Bang Leader 50000 Puffs Disposable Vape Pen, Double Flavors, 50K Puffs, Rechargeable, 2%\/5% Nicotine, Type-C, Long-lasting, Smooth Draw, Wholesale Price.","robots":{"index":"index","follow":"follow","max-snippet":"max-snippet:-1","max-image-preview":"max-image-preview:large","max-video-preview":"max-video-preview:-1"},"canonical":"https:\/\/vapebulkp.com\/pt\/product\/bang-leader-50000-puffs-double-flavors-disposable-vape-pen\/","og_locale":"pt_PT","og_type":"article","og_title":"Bang Leader 50000 Puffs Double Flavors Disposable Vape Pen - vapebulkp.com","og_description":"Bang Leader 50000 Puffs Disposable Vape Pen, Double Flavors, 50K Puffs, Rechargeable, 2%\/5% Nicotine, Type-C, Long-lasting, Smooth Draw, Wholesale Price.","og_url":"https:\/\/vapebulkp.com\/pt\/product\/bang-leader-50000-puffs-double-flavors-disposable-vape-pen\/","og_site_name":"vapebulkp.com","article_modified_time":"2025-09-17T08:31:39+00:00","og_image":[{"width":800,"height":800,"url":"http:\/\/vapebulkp.com\/wp-content\/uploads\/2025\/03\/Bang-Leader-50K-Puffs-Mega-Puff-Count-Disposable-Pod-Kit-With-Bold-Flavor-Selection.webp","type":"image\/webp"}],"twitter_card":"summary_large_image","twitter_misc":{"Tempo estimado de leitura":"3 minutos"},"schema":{"@context":"https:\/\/schema.org","@graph":[{"@type":"WebPage","@id":"https:\/\/vapebulkp.com\/product\/bang-leader-50000-puffs-double-flavors-disposable-vape-pen\/","url":"https:\/\/vapebulkp.com\/product\/bang-leader-50000-puffs-double-flavors-disposable-vape-pen\/","name":"Bang Leader 50000 Puffs Double Flavors Disposable Vape Pen - vapebulkp.com","isPartOf":{"@id":"https:\/\/vapebulkp.com\/#website"},"datePublished":"2025-03-13T08:26:19+00:00","dateModified":"2025-09-17T08:31:39+00:00","description":"Bang Leader 50000 Puffs Disposable Vape Pen, Double Flavors, 50K Puffs, Rechargeable, 2%\/5% Nicotine, Type-C, Long-lasting, Smooth Draw, Wholesale Price.","breadcrumb":{"@id":"https:\/\/vapebulkp.com\/product\/bang-leader-50000-puffs-double-flavors-disposable-vape-pen\/#breadcrumb"},"inLanguage":"pt-PT","potentialAction":[{"@type":"ReadAction","target":["https:\/\/vapebulkp.com\/product\/bang-leader-50000-puffs-double-flavors-disposable-vape-pen\/"]}]},{"@type":"BreadcrumbList","@id":"https:\/\/vapebulkp.com\/product\/bang-leader-50000-puffs-double-flavors-disposable-vape-pen\/#breadcrumb","itemListElement":[{"@type":"ListItem","position":1,"name":"Home","item":"https:\/\/vapebulkp.com\/"},{"@type":"ListItem","position":2,"name":"Hot Trend Vapes","item":"https:\/\/vapebulkp.com\/vape-shop\/"},{"@type":"ListItem","position":3,"name":"Bang Leader 50000 Puffs Double Flavors Disposable Vape Pen"}]},{"@type":"WebSite","@id":"https:\/\/vapebulkp.com\/#website","url":"https:\/\/vapebulkp.com\/","name":"vapebulkp.com","description":"Buy Vape In Cheap Bulk Price Near you","publisher":{"@id":"https:\/\/vapebulkp.com\/#organization"},"potentialAction":[{"@type":"SearchAction","target":{"@type":"EntryPoint","urlTemplate":"https:\/\/vapebulkp.com\/?s={search_term_string}"},"query-input":"required name=search_term_string"}],"inLanguage":"pt-PT"},{"@type":"Organization","@id":"https:\/\/vapebulkp.com\/#organization","name":"vapebulkp.com","url":"https:\/\/vapebulkp.com\/","logo":{"@type":"ImageObject","inLanguage":"pt-PT","@id":"https:\/\/vapebulkp.com\/#\/schema\/logo\/image\/","url":"https:\/\/vapebulkp.com\/wp-content\/uploads\/2023\/09\/cropped-vapebulkp.png","contentUrl":"https:\/\/vapebulkp.com\/wp-content\/uploads\/2023\/09\/cropped-vapebulkp.png","width":516,"height":163,"caption":"vapebulkp.com"},"image":{"@id":"https:\/\/vapebulkp.com\/#\/schema\/logo\/image\/"}}]}},"uagb_featured_image_src":{"full":["https:\/\/vapebulkp.com\/wp-content\/uploads\/2025\/03\/Bang-Leader-50K-Puffs-Mega-Puff-Count-Disposable-Pod-Kit-With-Bold-Flavor-Selection.webp",800,800,false],"thumbnail":["https:\/\/vapebulkp.com\/wp-content\/uploads\/2025\/03\/Bang-Leader-50K-Puffs-Mega-Puff-Count-Disposable-Pod-Kit-With-Bold-Flavor-Selection-150x150.webp",150,150,true],"medium":["https:\/\/vapebulkp.com\/wp-content\/uploads\/2025\/03\/Bang-Leader-50K-Puffs-Mega-Puff-Count-Disposable-Pod-Kit-With-Bold-Flavor-Selection-300x300.webp",300,300,true],"medium_large":["https:\/\/vapebulkp.com\/wp-content\/uploads\/2025\/03\/Bang-Leader-50K-Puffs-Mega-Puff-Count-Disposable-Pod-Kit-With-Bold-Flavor-Selection-768x768.webp",768,768,true],"large":["https:\/\/vapebulkp.com\/wp-content\/uploads\/2025\/03\/Bang-Leader-50K-Puffs-Mega-Puff-Count-Disposable-Pod-Kit-With-Bold-Flavor-Selection.webp",800,800,false],"1536x1536":["https:\/\/vapebulkp.com\/wp-content\/uploads\/2025\/03\/Bang-Leader-50K-Puffs-Mega-Puff-Count-Disposable-Pod-Kit-With-Bold-Flavor-Selection.webp",800,800,false],"2048x2048":["https:\/\/vapebulkp.com\/wp-content\/uploads\/2025\/03\/Bang-Leader-50K-Puffs-Mega-Puff-Count-Disposable-Pod-Kit-With-Bold-Flavor-Selection.webp",800,800,false],"trp-custom-language-flag":["https:\/\/vapebulkp.com\/wp-content\/uploads\/2025\/03\/Bang-Leader-50K-Puffs-Mega-Puff-Count-Disposable-Pod-Kit-With-Bold-Flavor-Selection.webp",12,12,false],"woocommerce_thumbnail":["https:\/\/vapebulkp.com\/wp-content\/uploads\/2025\/03\/Bang-Leader-50K-Puffs-Mega-Puff-Count-Disposable-Pod-Kit-With-Bold-Flavor-Selection-300x300.webp",300,300,true],"woocommerce_single":["https:\/\/vapebulkp.com\/wp-content\/uploads\/2025\/03\/Bang-Leader-50K-Puffs-Mega-Puff-Count-Disposable-Pod-Kit-With-Bold-Flavor-Selection-600x600.webp",600,600,true],"woocommerce_gallery_thumbnail":["https:\/\/vapebulkp.com\/wp-content\/uploads\/2025\/03\/Bang-Leader-50K-Puffs-Mega-Puff-Count-Disposable-Pod-Kit-With-Bold-Flavor-Selection-100x100.webp",100,100,true],"wcpr-photo-reviews":["https:\/\/vapebulkp.com\/wp-content\/uploads\/2025\/03\/Bang-Leader-50K-Puffs-Mega-Puff-Count-Disposable-Pod-Kit-With-Bold-Flavor-Selection.webp",500,500,false]},"uagb_author_info":{"display_name":"Mandy vape bulk price","author_link":"https:\/\/vapebulkp.com\/pt\/author\/"},"uagb_comment_info":0,"uagb_excerpt":"Wholesale Bang Leader 50000 Puffs High-Capacity Disposable Vape Premium Bulk Deals Bang Leader 50000 Puffs Ultra Nicotine Strength Vape Advanced Mesh Coil System Bang Leader 50K Puffs Luxury Disposable Vape Cutting-Edge Rechargeable Pod System Pls Contact Mandy's WhatsApp For Discount Price+8618077105796 NOTE: Prices on our website does not include shipping costs &nbsp;","_links":{"self":[{"href":"https:\/\/vapebulkp.com\/pt\/wp-json\/wp\/v2\/product\/3559","targetHints":{"allow":["GET"]}}],"collection":[{"href":"https:\/\/vapebulkp.com\/pt\/wp-json\/wp\/v2\/product"}],"about":[{"href":"https:\/\/vapebulkp.com\/pt\/wp-json\/wp\/v2\/types\/product"}],"replies":[{"embeddable":true,"href":"https:\/\/vapebulkp.com\/pt\/wp-json\/wp\/v2\/comments?post=3559"}],"wp:featuredmedia":[{"embeddable":true,"href":"https:\/\/vapebulkp.com\/pt\/wp-json\/wp\/v2\/media\/3552"}],"wp:attachment":[{"href":"https:\/\/vapebulkp.com\/pt\/wp-json\/wp\/v2\/media?parent=3559"}],"wp:term":[{"taxonomy":"product_cat","embeddable":true,"href":"https:\/\/vapebulkp.com\/pt\/wp-json\/wp\/v2\/product_cat?post=3559"},{"taxonomy":"product_tag","embeddable":true,"href":"https:\/\/vapebulkp.com\/pt\/wp-json\/wp\/v2\/product_tag?post=3559"}],"curies":[{"name":"wp","href":"https:\/\/api.w.org\/{rel}","templated":true}]}}