{"id":3598,"date":"2025-03-21T10:02:17","date_gmt":"2025-03-21T09:02:17","guid":{"rendered":"https:\/\/vapebulkp.com\/?post_type=product&#038;p=3598"},"modified":"2025-09-24T05:12:40","modified_gmt":"2025-09-24T03:12:40","slug":"vozol-gear-shisha-25000-puffs-dual-mode-disposable-vape-5mg-nicotine","status":"publish","type":"product","link":"https:\/\/vapebulkp.com\/pt\/product\/vozol-gear-shisha-25000-puffs-dual-mode-disposable-vape-5mg-nicotine\/","title":{"rendered":"VOZOL Gear Shisha 25000 Puffs Modo Duplo Vape Descart\u00e1vel 5MG Nicotina"},"content":{"rendered":"<h2>VOZOL Gear Shisha 25000 Puffs Modo Duplo Vape Descart\u00e1vel 5MG Nicotina<\/h2>\n<p>O Vape Descart\u00e1vel VOZOL Gear Shisha 25000 Puffs \u00e9 um dispositivo de vape de alta capacidade premium que oferece 25.000 puffs suaves. Ideal para uso pessoal ou para atacado de vape shisha, combina estilo, desempenho e conveni\u00eancia.<\/p>\n<p>Apresentando uma bobina de malha dupla, produz nuvens densas e sabor consistente. Os modos duplos e o fluxo de ar ajust\u00e1vel permitem que os utilizadores alternem entre inala\u00e7\u00f5es mais apertadas ou mais abertas. Pr\u00e9-carregado com sal de nicotina 5MG, oferece um golpe na garganta satisfat\u00f3rio. Alimentado por uma bateria de 1000mAh com USB-C, este vape descart\u00e1vel recarreg\u00e1vel garante sess\u00f5es duradouras com recargas r\u00e1pidas. Um ecr\u00e3 a cores de 2,1 polegadas mostra a contagem de puffs, a vida \u00fatil da bateria e as configura\u00e7\u00f5es de fluxo de ar para controlo total.<\/p>\n<p>Compacto, elegante e dur\u00e1vel, o VOZOL Gear Shisha <a href=\"https:\/\/vapebulkp.com\/pt\/product-category\/25000-puffs-disposable-vape\/\">Vape Descart\u00e1vel de 25000 Puffs<\/a> \u00e9 perfeito para vapers europeus que procuram desempenho premium e inova\u00e7\u00e3o.<\/p>\n<h6>Por favor, contacte o WhatsApp da Mandy para um pre\u00e7o com desconto<a href=\"https:\/\/wa.me\/8618077105796\">+8618077105796<\/a><\/h6>\n<p>&nbsp;<\/p>\n<p><img decoding=\"async\" class=\"alignnone wp-image-2151\" src=\"http:\/\/vapebulkp.com\/wp-content\/uploads\/2024\/04\/Mandy-WhatsApp-Randm.jpg\" alt=\"Mandy WhatsApp Randm\" width=\"324\" height=\"330\" \/><\/p>\n<h2>Especifica\u00e7\u00f5es VOZOL Gear Shisha 25k Puffs<\/h2>\n<ul>\n<li class=\"\" data-start=\"176\" data-end=\"202\">\n<p class=\"\" data-start=\"178\" data-end=\"202\"><strong data-start=\"178\" data-end=\"193\">Contagem de Puffs:<\/strong> 25,000<\/p>\n<\/li>\n<li class=\"\" data-start=\"203\" data-end=\"268\">\n<p class=\"\" data-start=\"205\" data-end=\"268\"><strong data-start=\"205\" data-end=\"220\">Modos de Vape:<\/strong> Modos de vape duplos para uma experi\u00eancia personaliz\u00e1vel<\/p>\n<\/li>\n<li class=\"\" data-start=\"269\" data-end=\"347\">\n<p class=\"\" data-start=\"271\" data-end=\"347\"><strong data-start=\"271\" data-end=\"293\">Intera\u00e7\u00e3o de \u00c1udio:<\/strong> Vaping responsivo ao som para uma experi\u00eancia imersiva<\/p>\n<\/li>\n<li class=\"\" data-start=\"348\" data-end=\"429\">\n<p class=\"\" data-start=\"350\" data-end=\"429\"><strong data-start=\"350\" data-end=\"370\">Tecnologia da Bobina:<\/strong> Bobinas de malha duplas para sabor e produ\u00e7\u00e3o de vapor aprimorados<\/p>\n<\/li>\n<li class=\"\" data-start=\"430\" data-end=\"485\">\n<p class=\"\" data-start=\"432\" data-end=\"485\"><strong data-start=\"432\" data-end=\"453\">Capacidade da Bateria:<\/strong> Bateria recarreg\u00e1vel de 1.000mAh<\/p>\n<\/li>\n<li class=\"\" data-start=\"486\" data-end=\"523\">\n<p class=\"\" data-start=\"488\" data-end=\"523\"><strong data-start=\"488\" data-end=\"501\">Carregamento:<\/strong> Carregamento r\u00e1pido USB-C<\/p>\n<\/li>\n<li class=\"\" data-start=\"524\" data-end=\"588\">\n<p class=\"\" data-start=\"526\" data-end=\"588\"><strong data-start=\"526\" data-end=\"538\">Ecr\u00e3:<\/strong> Ecr\u00e3 a cores de 2,1 polegadas para dados de vaping em tempo real<\/p>\n<\/li>\n<li class=\"\" data-start=\"589\" data-end=\"648\">\n<p class=\"\" data-start=\"591\" data-end=\"648\"><strong data-start=\"591\" data-end=\"603\">Fluxo de Ar:<\/strong> Fluxo de ar ajust\u00e1vel para uma vaporiza\u00e7\u00e3o personalizada<\/p>\n<\/li>\n<\/ul>\n<h2>Promo\u00e7\u00e3o VOZOL Vape Gear Shisha 25000 Puffs Sabor<\/h2>\n<p>1. Duas ma\u00e7\u00e3s<br \/>\n2. Melancia com gelo<br \/>\n3. Manga com p\u00eassego<br \/>\n4. Mirtilo com gelo<br \/>\n5. Framboesa azul com gelo<br \/>\n6.gelo de uva<br \/>\n7. Morango com kiwi<br \/>\n8. Mirtilo com melancia<br \/>\n9. Cereja cola<br \/>\n10. Love 777<br \/>\n11. Cereja com gelo<br \/>\n12. P\u00eassego com gelo<br \/>\n13. Frutos silvestres com gelo<br \/>\n14. Maracuj\u00e1 doce<br \/>\n15. Morango com kiwi congelado<br \/>\n16. Fruta do drag\u00e3o com banana e cereja<\/p>\n<p><a href=\"https:\/\/vapebulkp.com\/pt\/product\/jnr-vape-mega-box-25000-puff-discount-price-vape-pods\/\"><span style=\"vertical-align: inherit\">JNR VAPE Mega Box 25000 Fumos <\/span><\/a><\/p>\n<p><span style=\"vertical-align: inherit\">Encontre mais produtos que possa gostar:<\/span><em><a href=\"https:\/\/wa.me\/8618077105796\"><span style=\"vertical-align: inherit\">\u00a0Compre agora<\/span><\/a><\/em><\/p>\n<p><span style=\"vertical-align: inherit\">Outros Puffs Que Poder\u00e1 Gostar:<\/span><a href=\"https:\/\/vapebulkp.com\/pt\/product\/waspe-vape-40000-puff-fihp-double-flavour-disposable-vape\/\"><span style=\"vertical-align: inherit\">WASPE FIHP 40000 Puffs<\/span><\/a><span style=\"vertical-align: inherit\">\u3001<\/span><span style=\"vertical-align: inherit\">\u00a0<\/span><a href=\"https:\/\/vapebulkp.com\/pt\/fi\/product\/bang-30k-puffs-new-double-taste-good-vape\/\"><span style=\"vertical-align: inherit\">Bang Vape 30000 Puffs<\/span><\/a><span style=\"vertical-align: inherit\">\/ <\/span><a href=\"https:\/\/vapebulkp.com\/pt\/fi\/product\/best-price-wga-crystal-pro-max-15k-puffs-original-vape\/\"><span style=\"vertical-align: inherit\">\u00a0WGA Crystal pro max 15k Puffs\u00a0<\/span><\/a><\/p>\n<h3>Porqu\u00ea escolher comprar VOZOL Gear Shisha 25000 Vapes Descart\u00e1veis Vapebulkp?<\/h3>\n<h4 class=\"\" data-start=\"69\" data-end=\"99\"><strong data-start=\"74\" data-end=\"97\">Vantagens do Produto:<\/strong><\/h4>\n<ul>\n<li data-start=\"100\" data-end=\"712\"><strong data-start=\"102\" data-end=\"126\">Massivos 25.000 Puffs<\/strong> \u2013 Garante um uso duradouro, perfeito para sess\u00f5es de vaporiza\u00e7\u00e3o prolongadas.<\/li>\n<li data-start=\"100\" data-end=\"712\"><strong data-start=\"197\" data-end=\"216\">Modos Duplos de Vape<\/strong> \u2013 Configura\u00e7\u00f5es personaliz\u00e1veis para uma experi\u00eancia individualizada.<\/li>\n<li data-start=\"100\" data-end=\"712\"><strong data-start=\"276\" data-end=\"308\">Tecnologia Interativa de \u00c1udio<\/strong> \u2013 Melhora a experi\u00eancia de vaporiza\u00e7\u00e3o com funcionalidades responsivas ao som.<\/li>\n<li data-start=\"100\" data-end=\"712\"><strong data-start=\"378\" data-end=\"397\">Bobinas Duplas de Malha<\/strong> \u2013 Entrega um sabor superior e uma produ\u00e7\u00e3o de vapor mais suave.<\/li>\n<li data-start=\"100\" data-end=\"712\"><strong data-start=\"460\" data-end=\"492\">Bateria Recarreg\u00e1vel de 1000mAh<\/strong> \u2013 Garante um desempenho consistente com carregamento r\u00e1pido USB-C.<\/li>\n<li data-start=\"100\" data-end=\"712\"><strong data-start=\"556\" data-end=\"582\">Ecr\u00e3 a Cores de 2,1 Polegadas<\/strong> \u2013 Fornece dados de vaporiza\u00e7\u00e3o em tempo real para conveni\u00eancia.<\/li>\n<li data-start=\"100\" data-end=\"712\"><strong data-start=\"637\" data-end=\"659\">Fluxo de Ar Ajust\u00e1vel<\/strong> \u2013 Permite aos utilizadores ajustar a sua prefer\u00eancia de inala\u00e7\u00e3o.<\/li>\n<\/ul>\n<h4 class=\"\" data-start=\"714\" data-end=\"746\"><strong data-start=\"719\" data-end=\"744\">Porqu\u00ea Escolher a Vapebulkp?<\/strong><\/h4>\n<p class=\"\" data-start=\"747\" data-end=\"1242\">\ud83c\udf0d <strong data-start=\"750\" data-end=\"782\">Fornecedor Fi\u00e1vel para a Europa<\/strong> \u2013 Envio r\u00e1pido e disponibilidade direta para clientes europeus.<br data-start=\"846\" data-end=\"849\" \/>\ud83d\udce6 <strong data-start=\"852\" data-end=\"879\">Descontos por Compra em Lote<\/strong> \u2013 Pre\u00e7os de atacado competitivos para empresas e retalhistas.<br data-start=\"941\" data-end=\"944\" \/>\u2705 <strong data-start=\"946\" data-end=\"968\">Produtos Aut\u00eanticos<\/strong> \u2013 100% genu\u00edno VOZOL Gear Shisha 25000 Puffs, garantindo a mais alta qualidade.<br data-start=\"1036\" data-end=\"1039\" \/>\ud83d\ude80 <strong data-start=\"1042\" data-end=\"1068\">R\u00e1pido<\/strong> \u2013 Processamento e entrega r\u00e1pidos com log\u00edstica fi\u00e1vel.<br data-start=\"1125\" data-end=\"1128\" \/>\ud83d\udcac <strong data-start=\"1131\" data-end=\"1161\">Excelente Apoio ao Cliente<\/strong> \u2013 Assist\u00eancia dedicada para encomendas, quest\u00f5es sobre produtos e servi\u00e7o p\u00f3s-venda.<\/p>\n<p class=\"\" data-start=\"1244\" data-end=\"1396\">Comprar a partir de <strong data-start=\"1260\" data-end=\"1273\">Vapebulkp<\/strong> garante uma experi\u00eancia de vaporiza\u00e7\u00e3o premium com um fornecedor de confian\u00e7a, tornando-a a melhor escolha para compradores a granel e a retalho.<\/p>\n<h3><strong>Perguntas Frequentes sobre VOZOL Gear Shisha 25000 Puffs <\/strong><\/h3>\n<h4 class=\"\" data-start=\"52\" data-end=\"119\"><strong data-start=\"57\" data-end=\"117\">1. Quanto tempo dura o VOZOL Gear Shisha 25000 Puffs?<\/strong><\/h4>\n<p class=\"\" data-start=\"120\" data-end=\"271\">O dispositivo oferece <strong data-start=\"138\" data-end=\"154\">25.000 puffs<\/strong>, tornando-o um dos vapes descart\u00e1veis de maior dura\u00e7\u00e3o. A dura\u00e7\u00e3o real de uso depende dos h\u00e1bitos de vaporiza\u00e7\u00e3o individuais.<\/p>\n<h4 class=\"\" data-start=\"273\" data-end=\"344\"><strong data-start=\"278\" data-end=\"342\">2. O VOZOL Gear Shisha Vapes 25000 Puff tem fluxo de ar ajust\u00e1vel?<\/strong><\/h4>\n<p class=\"\" data-start=\"345\" data-end=\"468\">Sim, possui um <strong data-start=\"365\" data-end=\"394\">sistema de fluxo de ar ajust\u00e1vel<\/strong>, permitindo aos utilizadores personalizar a sua inala\u00e7\u00e3o para uma experi\u00eancia mais apertada ou mais arejada.<\/p>\n<h4 class=\"\" data-start=\"470\" data-end=\"530\"><strong data-start=\"475\" data-end=\"528\">3. O que torna o VOZOL Shisha 25k puff \u00fanico?<\/strong><\/h4>\n<p class=\"\" data-start=\"531\" data-end=\"559\">Este vape destaca-se por:<\/p>\n<ul data-start=\"560\" data-end=\"788\">\n<li class=\"\" data-start=\"560\" data-end=\"612\">\n<p class=\"\" data-start=\"562\" data-end=\"612\"><strong data-start=\"562\" data-end=\"581\">Modos duplos de vape<\/strong> para desempenho personaliz\u00e1vel<\/p>\n<\/li>\n<li class=\"\" data-start=\"613\" data-end=\"670\">\n<p class=\"\" data-start=\"615\" data-end=\"670\"><strong data-start=\"615\" data-end=\"647\">Tecnologia interativa de \u00e1udio<\/strong> que reage ao som<\/p>\n<\/li>\n<li class=\"\" data-start=\"671\" data-end=\"727\">\n<p class=\"\" data-start=\"673\" data-end=\"727\"><strong data-start=\"673\" data-end=\"699\">Ecr\u00e3 a cores de 2,1 polegadas<\/strong> para dados de vaporiza\u00e7\u00e3o em tempo real<\/p>\n<\/li>\n<li class=\"\" data-start=\"728\" data-end=\"788\">\n<p class=\"\" data-start=\"730\" data-end=\"788\"><strong data-start=\"730\" data-end=\"749\">Bobinas duplas de malha<\/strong> para sabor mais rico e vapor mais suave<\/p>\n<\/li>\n<\/ul>\n<h3>Detalhes de envio:<\/h3>\n<p><span style=\"color: #ff6600\">Tempo de produ\u00e7\u00e3o: 5-10 dias \u00fateis<\/span><br \/>\n<span style=\"color: #ff6600\">Tempo de envio: 8-14 dias \u00fateis<\/span><\/p>\n<p>Todos os produtos na nossa loja s\u00e3o 100% originais e aut\u00eanticos, por isso a nossa pol\u00edtica \u00e9 dez vezes a compensa\u00e7\u00e3o por produtos falsificados. Usamos canais de log\u00edstica como UPS\/DHL\/FEDEX\/DPD para entregar os produtos a si.<\/p>\n<p>Para encomendas enviadas para Portugal, a chegada demora geralmente 10 dias \u00fateis. O envio para outros pa\u00edses europeus geralmente demora de 12 a 15 dias \u00fateis a chegar. Atualizaremos as informa\u00e7\u00f5es de log\u00edstica para si em tempo real.<\/p>","protected":false},"excerpt":{"rendered":"<p>VOZOL Gear Shisha 25000 Puffs, Modo Duplo, 5MG Nicotina, Vape Descart\u00e1vel, Recarreg\u00e1vel, Bobina de Malha, 20ML E-l\u00edquido, Sabor Suave, Duradouro, Alto Desempenho, Carregamento Tipo-C, Design Premium, Atacado, Melhor Pre\u00e7o, Mercado da UE, Vape a Granel, Loja Online.<\/p>\n<p>Por favor, contacte o WhatsApp da Mandy para um pre\u00e7o com desconto<a href=\"https:\/\/wa.me\/8618077105796\">+8618077105796<\/a><\/p>\n<p>&nbsp;<\/p>\n<p><img decoding=\"async\" class=\"alignnone wp-image-2151\" src=\"http:\/\/vapebulkp.com\/wp-content\/uploads\/2024\/04\/Mandy-WhatsApp-Randm.jpg\" alt=\"Mandy WhatsApp Randm\" width=\"297\" height=\"316\" srcset=\"https:\/\/vapebulkp.com\/wp-content\/uploads\/2024\/04\/Mandy-WhatsApp-Randm.jpg 916w, https:\/\/vapebulkp.com\/wp-content\/uploads\/2024\/04\/Mandy-WhatsApp-Randm-282x300.jpg 282w, https:\/\/vapebulkp.com\/wp-content\/uploads\/2024\/04\/Mandy-WhatsApp-Randm-768x817.jpg 768w, https:\/\/vapebulkp.com\/wp-content\/uploads\/2024\/04\/Mandy-WhatsApp-Randm-600x638.jpg 600w\" sizes=\"(max-width: 297px) 100vw, 297px\" \/><\/p>\n<p><span style=\"color: #ff0000\">NOTA: Os pre\u00e7os no nosso site n\u00e3o incluem os custos de envio<\/span><\/p>\n<p>&nbsp;<\/p>","protected":false},"featured_media":3586,"comment_status":"open","ping_status":"closed","template":"","meta":{"_uag_custom_page_level_css":"","_lmt_disableupdate":"no","_lmt_disable":"","site-sidebar-layout":"default","site-content-layout":"content-boxed-container","ast-site-content-layout":"normal-width-container","site-content-style":"boxed","site-sidebar-style":"unboxed","ast-global-header-display":"","ast-banner-title-visibility":"","ast-main-header-display":"","ast-hfb-above-header-display":"","ast-hfb-below-header-display":"","ast-hfb-mobile-header-display":"","site-post-title":"","ast-breadcrumbs-content":"","ast-featured-img":"","footer-sml-layout":"","theme-transparent-header-meta":"default","adv-header-id-meta":"","stick-header-meta":"","header-above-stick-meta":"","header-main-stick-meta":"","header-below-stick-meta":"","astra-migrate-meta-layouts":"set","_joinchat":[]},"product_cat":[161,153,155,33,59,100,87,34,158,157,154,152,58,84,156,63,32,364],"product_tag":[36,37,41,286,40,229],"class_list":["post-3598","product","type-product","status-publish","has-post-thumbnail","hentry","product_cat-25000-puffs-disposable-vape","product_cat-hot-disposable-vapes","product_cat-belgium-hot-disposable-vapes","product_cat-france-vape-hot-sale","product_cat-germany-hot-disposable-vape","product_cat-germany-wholesale-vape-shop","product_cat-minimum-order-quantity-50pcs","product_cat-netherlands-vape-good-sale","product_cat-norway-hot-disposable-vapes","product_cat-poland-hot-disposable-vapes","product_cat-portugal-hot-disposable-vapes","product_cat-spain-hot-disposable-vapes","product_cat-sweden-hot-disposable-vape","product_cat-sweden-wholesale-vape","product_cat-switzerland-hot-disposable-vapes","product_cat-top-sale-disposable-vape","product_cat-vape-hot-sale-this-week","product_cat-vozol-vape","product_tag-good-vape","product_tag-hot-sale-disposable-vape","product_tag-poland-hot-vape","product_tag-puffs-stock-in-europe","product_tag-sweden-hot-vape","product_tag-vozol-gear-shisha-25000-puffs","desktop-align-left","tablet-align-left","mobile-align-left"],"yoast_head":"<!-- This site is optimized with the Yoast SEO plugin v21.1 - https:\/\/yoast.com\/wordpress\/plugins\/seo\/ -->\n<title>VOZOL Gear Shisha 25000 Puffs Dual Mode Disposable Vape 5MG Nicotine - vapebulkp.com<\/title>\n<meta name=\"description\" content=\"VOZOL Gear Shisha 25000 Puffs, Dual Mode, 5MG Nicotine, Disposable Vape, Rechargeable, Type-C, Long-Lasting, High-Capacity, Wholesale, Premium Design,\" \/>\n<meta name=\"robots\" content=\"index, follow, max-snippet:-1, max-image-preview:large, max-video-preview:-1\" \/>\n<link rel=\"canonical\" href=\"https:\/\/vapebulkp.com\/pt\/product\/vozol-gear-shisha-25000-puffs-dual-mode-disposable-vape-5mg-nicotine\/\" \/>\n<meta property=\"og:locale\" content=\"pt_PT\" \/>\n<meta property=\"og:type\" content=\"article\" \/>\n<meta property=\"og:title\" content=\"VOZOL Gear Shisha 25000 Puffs Dual Mode Disposable Vape 5MG Nicotine - vapebulkp.com\" \/>\n<meta property=\"og:description\" content=\"VOZOL Gear Shisha 25000 Puffs, Dual Mode, 5MG Nicotine, Disposable Vape, Rechargeable, Type-C, Long-Lasting, High-Capacity, Wholesale, Premium Design,\" \/>\n<meta property=\"og:url\" content=\"https:\/\/vapebulkp.com\/pt\/product\/vozol-gear-shisha-25000-puffs-dual-mode-disposable-vape-5mg-nicotine\/\" \/>\n<meta property=\"og:site_name\" content=\"vapebulkp.com\" \/>\n<meta property=\"article:modified_time\" content=\"2025-09-24T03:12:40+00:00\" \/>\n<meta property=\"og:image\" content=\"http:\/\/vapebulkp.com\/wp-content\/uploads\/2025\/03\/Vozol-Gear-Shisha-25000-Puffs-High-Puff-Disposable-Vape.webp\" \/>\n\t<meta property=\"og:image:width\" content=\"800\" \/>\n\t<meta property=\"og:image:height\" content=\"800\" \/>\n\t<meta property=\"og:image:type\" content=\"image\/webp\" \/>\n<meta name=\"twitter:card\" content=\"summary_large_image\" \/>\n<meta name=\"twitter:label1\" content=\"Tempo estimado de leitura\" \/>\n\t<meta name=\"twitter:data1\" content=\"4 minutos\" \/>\n<script type=\"application\/ld+json\" class=\"yoast-schema-graph\">{\"@context\":\"https:\/\/schema.org\",\"@graph\":[{\"@type\":\"WebPage\",\"@id\":\"https:\/\/vapebulkp.com\/product\/vozol-gear-shisha-25000-puffs-dual-mode-disposable-vape-5mg-nicotine\/\",\"url\":\"https:\/\/vapebulkp.com\/product\/vozol-gear-shisha-25000-puffs-dual-mode-disposable-vape-5mg-nicotine\/\",\"name\":\"VOZOL Gear Shisha 25000 Puffs Dual Mode Disposable Vape 5MG Nicotine - vapebulkp.com\",\"isPartOf\":{\"@id\":\"https:\/\/vapebulkp.com\/#website\"},\"datePublished\":\"2025-03-21T09:02:17+00:00\",\"dateModified\":\"2025-09-24T03:12:40+00:00\",\"description\":\"VOZOL Gear Shisha 25000 Puffs, Dual Mode, 5MG Nicotine, Disposable Vape, Rechargeable, Type-C, Long-Lasting, High-Capacity, Wholesale, Premium Design,\",\"breadcrumb\":{\"@id\":\"https:\/\/vapebulkp.com\/product\/vozol-gear-shisha-25000-puffs-dual-mode-disposable-vape-5mg-nicotine\/#breadcrumb\"},\"inLanguage\":\"pt-PT\",\"potentialAction\":[{\"@type\":\"ReadAction\",\"target\":[\"https:\/\/vapebulkp.com\/product\/vozol-gear-shisha-25000-puffs-dual-mode-disposable-vape-5mg-nicotine\/\"]}]},{\"@type\":\"BreadcrumbList\",\"@id\":\"https:\/\/vapebulkp.com\/product\/vozol-gear-shisha-25000-puffs-dual-mode-disposable-vape-5mg-nicotine\/#breadcrumb\",\"itemListElement\":[{\"@type\":\"ListItem\",\"position\":1,\"name\":\"Home\",\"item\":\"https:\/\/vapebulkp.com\/\"},{\"@type\":\"ListItem\",\"position\":2,\"name\":\"Hot Trend Vapes\",\"item\":\"https:\/\/vapebulkp.com\/vape-shop\/\"},{\"@type\":\"ListItem\",\"position\":3,\"name\":\"VOZOL Gear Shisha 25000 Puffs Dual Mode Disposable Vape 5MG Nicotine\"}]},{\"@type\":\"WebSite\",\"@id\":\"https:\/\/vapebulkp.com\/#website\",\"url\":\"https:\/\/vapebulkp.com\/\",\"name\":\"vapebulkp.com\",\"description\":\"Buy Vape In Cheap Bulk Price Near you\",\"publisher\":{\"@id\":\"https:\/\/vapebulkp.com\/#organization\"},\"potentialAction\":[{\"@type\":\"SearchAction\",\"target\":{\"@type\":\"EntryPoint\",\"urlTemplate\":\"https:\/\/vapebulkp.com\/?s={search_term_string}\"},\"query-input\":\"required name=search_term_string\"}],\"inLanguage\":\"pt-PT\"},{\"@type\":\"Organization\",\"@id\":\"https:\/\/vapebulkp.com\/#organization\",\"name\":\"vapebulkp.com\",\"url\":\"https:\/\/vapebulkp.com\/\",\"logo\":{\"@type\":\"ImageObject\",\"inLanguage\":\"pt-PT\",\"@id\":\"https:\/\/vapebulkp.com\/#\/schema\/logo\/image\/\",\"url\":\"https:\/\/vapebulkp.com\/wp-content\/uploads\/2023\/09\/cropped-vapebulkp.png\",\"contentUrl\":\"https:\/\/vapebulkp.com\/wp-content\/uploads\/2023\/09\/cropped-vapebulkp.png\",\"width\":516,\"height\":163,\"caption\":\"vapebulkp.com\"},\"image\":{\"@id\":\"https:\/\/vapebulkp.com\/#\/schema\/logo\/image\/\"}}]}<\/script>\n<!-- \/ Yoast SEO plugin. -->","yoast_head_json":{"title":"VOZOL Gear Shisha 25000 Puffs Dual Mode Disposable Vape 5MG Nicotine - vapebulkp.com","description":"VOZOL Gear Shisha 25000 Puffs, Dual Mode, 5MG Nicotine, Disposable Vape, Rechargeable, Type-C, Long-Lasting, High-Capacity, Wholesale, Premium Design,","robots":{"index":"index","follow":"follow","max-snippet":"max-snippet:-1","max-image-preview":"max-image-preview:large","max-video-preview":"max-video-preview:-1"},"canonical":"https:\/\/vapebulkp.com\/pt\/product\/vozol-gear-shisha-25000-puffs-dual-mode-disposable-vape-5mg-nicotine\/","og_locale":"pt_PT","og_type":"article","og_title":"VOZOL Gear Shisha 25000 Puffs Dual Mode Disposable Vape 5MG Nicotine - vapebulkp.com","og_description":"VOZOL Gear Shisha 25000 Puffs, Dual Mode, 5MG Nicotine, Disposable Vape, Rechargeable, Type-C, Long-Lasting, High-Capacity, Wholesale, Premium Design,","og_url":"https:\/\/vapebulkp.com\/pt\/product\/vozol-gear-shisha-25000-puffs-dual-mode-disposable-vape-5mg-nicotine\/","og_site_name":"vapebulkp.com","article_modified_time":"2025-09-24T03:12:40+00:00","og_image":[{"width":800,"height":800,"url":"http:\/\/vapebulkp.com\/wp-content\/uploads\/2025\/03\/Vozol-Gear-Shisha-25000-Puffs-High-Puff-Disposable-Vape.webp","type":"image\/webp"}],"twitter_card":"summary_large_image","twitter_misc":{"Tempo estimado de leitura":"4 minutos"},"schema":{"@context":"https:\/\/schema.org","@graph":[{"@type":"WebPage","@id":"https:\/\/vapebulkp.com\/product\/vozol-gear-shisha-25000-puffs-dual-mode-disposable-vape-5mg-nicotine\/","url":"https:\/\/vapebulkp.com\/product\/vozol-gear-shisha-25000-puffs-dual-mode-disposable-vape-5mg-nicotine\/","name":"VOZOL Gear Shisha 25000 Puffs Dual Mode Disposable Vape 5MG Nicotine - vapebulkp.com","isPartOf":{"@id":"https:\/\/vapebulkp.com\/#website"},"datePublished":"2025-03-21T09:02:17+00:00","dateModified":"2025-09-24T03:12:40+00:00","description":"VOZOL Gear Shisha 25000 Puffs, Dual Mode, 5MG Nicotine, Disposable Vape, Rechargeable, Type-C, Long-Lasting, High-Capacity, Wholesale, Premium Design,","breadcrumb":{"@id":"https:\/\/vapebulkp.com\/product\/vozol-gear-shisha-25000-puffs-dual-mode-disposable-vape-5mg-nicotine\/#breadcrumb"},"inLanguage":"pt-PT","potentialAction":[{"@type":"ReadAction","target":["https:\/\/vapebulkp.com\/product\/vozol-gear-shisha-25000-puffs-dual-mode-disposable-vape-5mg-nicotine\/"]}]},{"@type":"BreadcrumbList","@id":"https:\/\/vapebulkp.com\/product\/vozol-gear-shisha-25000-puffs-dual-mode-disposable-vape-5mg-nicotine\/#breadcrumb","itemListElement":[{"@type":"ListItem","position":1,"name":"Home","item":"https:\/\/vapebulkp.com\/"},{"@type":"ListItem","position":2,"name":"Hot Trend Vapes","item":"https:\/\/vapebulkp.com\/vape-shop\/"},{"@type":"ListItem","position":3,"name":"VOZOL Gear Shisha 25000 Puffs Dual Mode Disposable Vape 5MG Nicotine"}]},{"@type":"WebSite","@id":"https:\/\/vapebulkp.com\/#website","url":"https:\/\/vapebulkp.com\/","name":"vapebulkp.com","description":"Buy Vape In Cheap Bulk Price Near you","publisher":{"@id":"https:\/\/vapebulkp.com\/#organization"},"potentialAction":[{"@type":"SearchAction","target":{"@type":"EntryPoint","urlTemplate":"https:\/\/vapebulkp.com\/?s={search_term_string}"},"query-input":"required name=search_term_string"}],"inLanguage":"pt-PT"},{"@type":"Organization","@id":"https:\/\/vapebulkp.com\/#organization","name":"vapebulkp.com","url":"https:\/\/vapebulkp.com\/","logo":{"@type":"ImageObject","inLanguage":"pt-PT","@id":"https:\/\/vapebulkp.com\/#\/schema\/logo\/image\/","url":"https:\/\/vapebulkp.com\/wp-content\/uploads\/2023\/09\/cropped-vapebulkp.png","contentUrl":"https:\/\/vapebulkp.com\/wp-content\/uploads\/2023\/09\/cropped-vapebulkp.png","width":516,"height":163,"caption":"vapebulkp.com"},"image":{"@id":"https:\/\/vapebulkp.com\/#\/schema\/logo\/image\/"}}]}},"uagb_featured_image_src":{"full":["https:\/\/vapebulkp.com\/wp-content\/uploads\/2025\/03\/Vozol-Gear-Shisha-25000-Puffs-High-Puff-Disposable-Vape.webp",800,800,false],"thumbnail":["https:\/\/vapebulkp.com\/wp-content\/uploads\/2025\/03\/Vozol-Gear-Shisha-25000-Puffs-High-Puff-Disposable-Vape-150x150.webp",150,150,true],"medium":["https:\/\/vapebulkp.com\/wp-content\/uploads\/2025\/03\/Vozol-Gear-Shisha-25000-Puffs-High-Puff-Disposable-Vape-300x300.webp",300,300,true],"medium_large":["https:\/\/vapebulkp.com\/wp-content\/uploads\/2025\/03\/Vozol-Gear-Shisha-25000-Puffs-High-Puff-Disposable-Vape-768x768.webp",768,768,true],"large":["https:\/\/vapebulkp.com\/wp-content\/uploads\/2025\/03\/Vozol-Gear-Shisha-25000-Puffs-High-Puff-Disposable-Vape.webp",800,800,false],"1536x1536":["https:\/\/vapebulkp.com\/wp-content\/uploads\/2025\/03\/Vozol-Gear-Shisha-25000-Puffs-High-Puff-Disposable-Vape.webp",800,800,false],"2048x2048":["https:\/\/vapebulkp.com\/wp-content\/uploads\/2025\/03\/Vozol-Gear-Shisha-25000-Puffs-High-Puff-Disposable-Vape.webp",800,800,false],"trp-custom-language-flag":["https:\/\/vapebulkp.com\/wp-content\/uploads\/2025\/03\/Vozol-Gear-Shisha-25000-Puffs-High-Puff-Disposable-Vape.webp",12,12,false],"woocommerce_thumbnail":["https:\/\/vapebulkp.com\/wp-content\/uploads\/2025\/03\/Vozol-Gear-Shisha-25000-Puffs-High-Puff-Disposable-Vape-300x300.webp",300,300,true],"woocommerce_single":["https:\/\/vapebulkp.com\/wp-content\/uploads\/2025\/03\/Vozol-Gear-Shisha-25000-Puffs-High-Puff-Disposable-Vape-600x600.webp",600,600,true],"woocommerce_gallery_thumbnail":["https:\/\/vapebulkp.com\/wp-content\/uploads\/2025\/03\/Vozol-Gear-Shisha-25000-Puffs-High-Puff-Disposable-Vape-100x100.webp",100,100,true],"wcpr-photo-reviews":["https:\/\/vapebulkp.com\/wp-content\/uploads\/2025\/03\/Vozol-Gear-Shisha-25000-Puffs-High-Puff-Disposable-Vape.webp",500,500,false]},"uagb_author_info":{"display_name":"Mandy vape bulk price","author_link":"https:\/\/vapebulkp.com\/pt\/author\/"},"uagb_comment_info":0,"uagb_excerpt":"VOZOL Gear Shisha 25000 Puffs, Dual Mode, 5MG Nicotine, Disposable Vape, Rechargeable, Mesh Coil, 20ML E-liquid, Smooth Flavor, Long-lasting, High-Performance, Type-C Charging, Premium Design, Wholesale, Best Price, EU Market, Vape Bulk, Online Store. Pls Contact Mandy's WhatsApp For Discount Price+8618077105796 &nbsp; NOTE: Prices on our website does not include shipping costs &nbsp;","_links":{"self":[{"href":"https:\/\/vapebulkp.com\/pt\/wp-json\/wp\/v2\/product\/3598","targetHints":{"allow":["GET"]}}],"collection":[{"href":"https:\/\/vapebulkp.com\/pt\/wp-json\/wp\/v2\/product"}],"about":[{"href":"https:\/\/vapebulkp.com\/pt\/wp-json\/wp\/v2\/types\/product"}],"replies":[{"embeddable":true,"href":"https:\/\/vapebulkp.com\/pt\/wp-json\/wp\/v2\/comments?post=3598"}],"wp:featuredmedia":[{"embeddable":true,"href":"https:\/\/vapebulkp.com\/pt\/wp-json\/wp\/v2\/media\/3586"}],"wp:attachment":[{"href":"https:\/\/vapebulkp.com\/pt\/wp-json\/wp\/v2\/media?parent=3598"}],"wp:term":[{"taxonomy":"product_cat","embeddable":true,"href":"https:\/\/vapebulkp.com\/pt\/wp-json\/wp\/v2\/product_cat?post=3598"},{"taxonomy":"product_tag","embeddable":true,"href":"https:\/\/vapebulkp.com\/pt\/wp-json\/wp\/v2\/product_tag?post=3598"}],"curies":[{"name":"wp","href":"https:\/\/api.w.org\/{rel}","templated":true}]}}