{"id":3622,"date":"2025-03-27T09:07:22","date_gmt":"2025-03-27T08:07:22","guid":{"rendered":"https:\/\/vapebulkp.com\/?post_type=product&#038;p=3622"},"modified":"2025-09-17T10:40:55","modified_gmt":"2025-09-17T08:40:55","slug":"elfbar-raya-d3-25000-puffs-disposable-vapes-wholesale","status":"publish","type":"product","link":"https:\/\/vapebulkp.com\/pt\/product\/elfbar-raya-d3-25000-puffs-disposable-vapes-wholesale\/","title":{"rendered":"ELFBAR Raya D3 25000 Puffs Vapes Descart\u00e1veis por Atacado"},"content":{"rendered":"<h2>ELFBAR Raya D3 25000 Puffs Vapes Descart\u00e1veis por Atacado<\/h2>\n<p data-start=\"153\" data-end=\"408\">O <strong data-start=\"157\" data-end=\"203\">ELFBAR Raya D3 25000 Puffs Vape Descart\u00e1vel<\/strong> \u00e9 um vaporizador de alta qualidade <strong data-start=\"217\" data-end=\"250\">vaporizador descart\u00e1vel de alta capacidade<\/strong> para vapers europeus e compradores grossistas. Com um tanque de e-l\u00edquido de 23ml e <strong data-start=\"323\" data-end=\"348\">vape de bobine de malha tripla<\/strong>, oferece sabor rico e vapor denso a cada puff.<\/p>\n<p data-start=\"410\" data-end=\"746\">Oferecendo tr\u00eas modos de puff ajust\u00e1veis \u2014 25.000, 20.000 e 15.000 puffs \u2014 e uma bateria recarreg\u00e1vel de 850mAh com carregamento Tipo-C, este <strong data-start=\"546\" data-end=\"578\">vaporizador descart\u00e1vel recarreg\u00e1vel<\/strong> garante um desempenho duradouro. Um display digital lateral mostra a contagem de puffs e a dura\u00e7\u00e3o da bateria, enquanto o <strong data-start=\"681\" data-end=\"708\">vape de fluxo de ar ajust\u00e1vel<\/strong> permite uma tra\u00e7\u00e3o suave e personaliz\u00e1vel.<\/p>\n<p data-start=\"748\" data-end=\"956\">Dispon\u00edvel em 15 sabores com 5% de nicotina <strong data-start=\"780\" data-end=\"802\">vape de sal de nicotina<\/strong>, o <strong data-start=\"808\" data-end=\"854\">ELFBAR Raya D3 <a href=\"https:\/\/vapebulkp.com\/pt\/product-category\/25000-puffs-disposable-vape\/\">Vape Descart\u00e1vel de 25000 Puffs<\/a><\/strong> combina desempenho, estilo e conveni\u00eancia \u2014 ideal para retalho ou <strong data-start=\"922\" data-end=\"943\">vape a granel na UE<\/strong> invent\u00e1rio.<\/p>\n<p>&nbsp;<\/p>\n<h6>Por favor, contacte o WhatsApp da Mandy para um pre\u00e7o com desconto<a href=\"https:\/\/wa.me\/8618077105796\">+8618077105796<\/a><\/h6>\n<p>&nbsp;<\/p>\n<p><img decoding=\"async\" class=\"alignnone wp-image-2151\" src=\"http:\/\/vapebulkp.com\/wp-content\/uploads\/2024\/04\/Mandy-WhatsApp-Randm.jpg\" alt=\"Mandy WhatsApp Randm\" width=\"324\" height=\"330\" \/><\/p>\n<h2>ELFBAR Raya D3 25000 Vapes Recarreg\u00e1veis Especifica\u00e7\u00f5es de Pre\u00e7o a Granel<\/h2>\n<ul>\n<li class=\"\" data-start=\"158\" data-end=\"328\">\n<p class=\"\" data-start=\"160\" data-end=\"328\">\u2705 <strong data-start=\"162\" data-end=\"195\">Enorme E-L\u00edquido Pr\u00e9-Enchido de 23ML<\/strong><br data-start=\"195\" data-end=\"198\" \/>Desfrute de sess\u00f5es de vaping ultra-longas com uma capacidade extra grande de 23ml de sumo de vape, perfeito para uso durante todo o dia sem recargas constantes.<\/p>\n<\/li>\n<li class=\"\" data-start=\"330\" data-end=\"484\">\n<p class=\"\" data-start=\"332\" data-end=\"484\">\u2705 <strong data-start=\"334\" data-end=\"361\">Sistema de Bobina de Malha Tripla<\/strong><br data-start=\"361\" data-end=\"364\" \/>Constru\u00eddo com tecnologia avan\u00e7ada de bobina de malha tripla para pureza de sabor superior, hits suaves e produ\u00e7\u00e3o de vapor massiva.<\/p>\n<\/li>\n<li class=\"\" data-start=\"486\" data-end=\"664\">\n<p class=\"\" data-start=\"488\" data-end=\"664\">\u2705 <strong data-start=\"490\" data-end=\"539\">Contagem de Puffs Ajust\u00e1vel \u2013 25K \/ 20K \/ 15K Puffs<\/strong><br data-start=\"539\" data-end=\"542\" \/>Um dispositivo, tr\u00eas modos de puff! Alterne facilmente entre 25.000, 20.000 ou 15.000 puffs, dependendo da sua prefer\u00eancia de vaping.<\/p>\n<\/li>\n<li class=\"\" data-start=\"666\" data-end=\"838\">\n<p class=\"\" data-start=\"668\" data-end=\"838\">\u2705 <strong data-start=\"670\" data-end=\"715\">Bateria Recarreg\u00e1vel de 850mAh + Porta Tipo-C<\/strong><br data-start=\"715\" data-end=\"718\" \/>Alimentado por uma bateria de alta capacidade de 850mAh com carregamento r\u00e1pido Tipo-C para um desempenho r\u00e1pido, confi\u00e1vel e duradouro.<\/p>\n<\/li>\n<li class=\"\" data-start=\"840\" data-end=\"999\">\n<p class=\"\" data-start=\"842\" data-end=\"999\">\u2705 <strong data-start=\"844\" data-end=\"875\">Ecr\u00e3 Digital Lateral<\/strong><br data-start=\"875\" data-end=\"878\" \/>O ecr\u00e3 grande e f\u00e1cil de ler mostra o n\u00edvel da bateria, o modo de contagem de puffs e o estado do vaping para uma experi\u00eancia de vaping mais inteligente.<\/p>\n<\/li>\n<li class=\"\" data-start=\"1001\" data-end=\"1166\">\n<p class=\"\" data-start=\"1003\" data-end=\"1166\">\u2705 <strong data-start=\"1005\" data-end=\"1042\">Fluxo de ar<\/strong><br data-start=\"1042\" data-end=\"1045\" \/>Personalize a sua tragada com ajustes precisos de fluxo de ar e press\u00e3o para obter o seu hit de garganta e densidade de vapor perfeitos.<\/p>\n<\/li>\n<li class=\"\" data-start=\"1168\" data-end=\"1305\">\n<p class=\"\" data-start=\"1170\" data-end=\"1305\">\u2705 <strong data-start=\"1172\" data-end=\"1202\">Anel de Luz Azul Monocrom\u00e1tico<\/strong><br data-start=\"1202\" data-end=\"1205\" \/>Apresenta um anel de luz azul moderno e minimalista ao redor do dispositivo para um visual elegante e estiloso.<\/p>\n<\/li>\n<li class=\"\" data-start=\"1307\" data-end=\"1459\">\n<p class=\"\" data-start=\"1309\" data-end=\"1459\">\u2705 <strong data-start=\"1311\" data-end=\"1340\">15 Op\u00e7\u00f5es de Sabores Premium<\/strong><br data-start=\"1340\" data-end=\"1343\" \/>Escolha entre uma sele\u00e7\u00e3o de 15 sabores requintados para atender a todos os gostos, de frutado a gelado e misturas cl\u00e1ssicas.<\/p>\n<\/li>\n<\/ul>\n<h2>ELFBAR Puff Counter Vape Raya D3 25000 Puff Sabor<\/h2>\n<p>1 Kiwi Abacaxi Gelo<br \/>\n2 Ma\u00e7\u00e3 Dupla<br \/>\n3 Uva Gelada<br \/>\n4 VMT<br \/>\n5 Melancia Lim\u00e3o<br \/>\n6 Melancia Gelo<br \/>\n7 Uva Morango<br \/>\n8 Gelo de P\u00eassego<br \/>\n9 P\u00eassego e Frutos Silvestres<br \/>\n10 Manga, P\u00eassego e Melancia<br \/>\n11 Manga e P\u00eassego<br \/>\n12 Kiwi, Maracuj\u00e1 e Goiaba<br \/>\n13 Uva e Cereja<br \/>\n14 Mirtilo e Framboesa<br \/>\n15 Gelo de Mirtilo<\/p>\n<p><a href=\"https:\/\/vapebulkp.com\/pt\/product\/vozol-gear-shisha-25000-puffs-dual-mode-disposable-vape-5mg-nicotine\/\"><span style=\"vertical-align: inherit\">Vozol Gear shisha 25000 Sugos <\/span><\/a><\/p>\n<p><span style=\"vertical-align: inherit\">Encontre mais produtos que possa gostar:<\/span><em><a href=\"https:\/\/wa.me\/8618077105796\"><span style=\"vertical-align: inherit\">\u00a0Compre agora<\/span><\/a><\/em><\/p>\n<p><span style=\"vertical-align: inherit\">Outros Puffs Que Poder\u00e1 Gostar:<\/span><a href=\"https:\/\/vapebulkp.com\/pt\/fi\/product\/bang-beach-22k-puffs-new-electronic-cigarette\/\"><span style=\"vertical-align: inherit\">\u00a0Bang Beach 22000 Puffs<\/span><\/a><span style=\"vertical-align: inherit\">\/ <\/span><a href=\"https:\/\/vapebulkp.com\/pt\/fi\/product\/best-price-wga-crystal-pro-max-15k-puffs-original-vape\/\"><span style=\"vertical-align: inherit\">\u00a0WGA Crystal pro max 15k Puffs <\/span><\/a><span style=\"vertical-align: inherit\">\/<\/span><a href=\"https:\/\/vapebulkp.com\/pt\/product\/zooy-firzen-35000-puffs-nicotine-ice-control-high-capacity-e-cigarette\/\"><span style=\"vertical-align: inherit\"> ZOOY 350000 Sugos<\/span><\/a><\/p>\n<h3>Por que escolher comprar ELFBAR Raya D3 25000 Puffs Vape Pods em <a href=\"https:\/\/vapebulkp.com\/pt\/vape-shop\/\">Vapebulkp <\/a>?<\/h3>\n<p class=\"\" data-start=\"0\" data-end=\"230\">Na Vapebulkp, orgulhamo-nos de oferecer os ELFBAR Raya D3 25000 Puffs Wholesale Vape Pods \u2014 um produto conhecido pelo seu desempenho excecional e design inovador. Eis porque escolher-nos para as suas necessidades de vape pods faz uma diferen\u00e7a significativa:<\/p>\n<ul>\n<li data-start=\"232\" data-end=\"542\"><strong data-start=\"232\" data-end=\"266\">Qualidade Premium<\/strong><br data-start=\"266\" data-end=\"269\" \/>O nosso invent\u00e1rio \u00e9 cuidadosamente selecionado para garantir que cada unidade ELFBAR Raya D3 cumpre rigorosos padr\u00f5es de qualidade. Com produtos genu\u00ednos provenientes diretamente de fabricantes de confian\u00e7a, pode comprar com confian\u00e7a sabendo que est\u00e1 a obter um vape descart\u00e1vel fi\u00e1vel e de alto desempenho.<\/li>\n<li data-start=\"544\" data-end=\"924\"><strong data-start=\"544\" data-end=\"588\">Pre\u00e7os Competitivos<\/strong><br data-start=\"588\" data-end=\"591\" \/>A Vapebulkp \u00e9 o seu destino de elei\u00e7\u00e3o para vape pods grossistas. Oferecemos estruturas de pre\u00e7os competitivas que lhe permitem desfrutar de poupan\u00e7as significativas em encomendas a granel, garantindo o m\u00e1ximo valor sem comprometer a qualidade. Isto torna-nos uma escolha preferida para retalhistas e revendedores que pretendem impulsionar o seu invent\u00e1rio com produtos premium.<\/li>\n<li data-start=\"926\" data-end=\"1265\"><strong data-start=\"926\" data-end=\"976\">Ampla Experi\u00eancia em Produtos<\/strong><br data-start=\"976\" data-end=\"979\" \/>A nossa equipa est\u00e1 bem versada na ind\u00fastria do vaping, fornecendo aconselhamento especializado e apoio para o ajudar a tomar decis\u00f5es informadas. Quer seja novo em produtos de vaping ou um retalhista experiente, a nossa equipa experiente est\u00e1 pronta para ajudar com quaisquer quest\u00f5es, garantindo uma experi\u00eancia de compra tranquila.<\/li>\n<li data-start=\"1267\" data-end=\"1564\"><strong data-start=\"1267\" data-end=\"1308\">Envio Eficiente<\/strong><br data-start=\"1308\" data-end=\"1311\" \/>Compreendendo a import\u00e2ncia da entrega atempada, simplificamos o nosso processamento de encomendas para garantir que os seus produtos chegam at\u00e9 si rapidamente e em perfeitas condi\u00e7\u00f5es. O nosso compromisso com um servi\u00e7o fi\u00e1vel tornou-nos um fornecedor de confian\u00e7a dentro da comunidade de vaping.<\/li>\n<li data-start=\"1566\" data-end=\"1927\"><strong data-start=\"1566\" data-end=\"1608\">Otimizado para SEO<\/strong><br data-start=\"1608\" data-end=\"1611\" \/>Atualizamos continuamente as nossas listagens de produtos e materiais de marketing com as mais recentes estrat\u00e9gias de SEO, tornando os nossos produtos altamente vis\u00edveis e f\u00e1ceis de encontrar online. Isto n\u00e3o s\u00f3 beneficia os nossos parceiros de retalho, direcionando mais tr\u00e1fego para as suas lojas, como tamb\u00e9m garante que est\u00e1 a armazenar produtos que t\u00eam uma procura de mercado comprovada.<\/li>\n<\/ul>\n<p class=\"\" data-start=\"1929\" data-end=\"2061\">Escolha a Vapebulkp para os seus Vape Pods ELFBAR Raya D3 25000 Puffs e desfrute de qualidade, valor e servi\u00e7o inigual\u00e1veis em cada compra.<\/p>\n<h3>Detalhes de envio:<\/h3>\n<p><span style=\"color: #ff6600\">Tempo de produ\u00e7\u00e3o: 5-10 dias \u00fateis<\/span><br \/>\n<span style=\"color: #ff6600\">Tempo de envio: 8-14 dias \u00fateis<\/span><\/p>\n<p>Todos os produtos na nossa loja s\u00e3o 100% originais e aut\u00eanticos, por isso a nossa pol\u00edtica \u00e9 dez vezes a compensa\u00e7\u00e3o por produtos falsificados. Usamos canais de log\u00edstica como UPS\/DHL\/FEDEX\/DPD para entregar os produtos a si.<\/p>\n<p>Para encomendas enviadas para Portugal, a chegada demora geralmente 10 dias \u00fateis. O envio para outros pa\u00edses europeus geralmente demora de 12 a 15 dias \u00fateis a chegar. Atualizaremos as informa\u00e7\u00f5es de log\u00edstica para si em tempo real.<\/p>","protected":false},"excerpt":{"rendered":"<p>LFBAR Raya D3 25000 Puffs Vape Descart\u00e1vel Fornecimento Direto Atacado<br data-start=\"66\" data-end=\"69\" \/>ELFBAR Raya D3 Vape Descart\u00e1vel de Alta Capacidade 23ml 25000 Puffs Atacado<br data-start=\"140\" data-end=\"143\" \/>ELFBAR Raya D3 Bobina de Malha Tripla Avan\u00e7ada 25000 Puffs Vapes Descart\u00e1veis<\/p>\n<p>Por favor, contacte o WhatsApp da Mandy para um pre\u00e7o com desconto<a href=\"https:\/\/wa.me\/8618077105796\">+8618077105796<\/a><\/p>\n<p>&nbsp;<\/p>\n<p><img decoding=\"async\" class=\"alignnone wp-image-2151\" src=\"http:\/\/vapebulkp.com\/wp-content\/uploads\/2024\/04\/Mandy-WhatsApp-Randm.jpg\" alt=\"Mandy WhatsApp Randm\" width=\"297\" height=\"316\" srcset=\"https:\/\/vapebulkp.com\/wp-content\/uploads\/2024\/04\/Mandy-WhatsApp-Randm.jpg 916w, https:\/\/vapebulkp.com\/wp-content\/uploads\/2024\/04\/Mandy-WhatsApp-Randm-282x300.jpg 282w, https:\/\/vapebulkp.com\/wp-content\/uploads\/2024\/04\/Mandy-WhatsApp-Randm-768x817.jpg 768w, https:\/\/vapebulkp.com\/wp-content\/uploads\/2024\/04\/Mandy-WhatsApp-Randm-600x638.jpg 600w\" sizes=\"(max-width: 297px) 100vw, 297px\" \/><\/p>\n<p><span style=\"color: #ff0000\">NOTA: Os pre\u00e7os no nosso site n\u00e3o incluem os custos de envio<\/span><\/p>\n<p>&nbsp;<\/p>","protected":false},"featured_media":3597,"comment_status":"open","ping_status":"closed","template":"","meta":{"_uag_custom_page_level_css":"","_lmt_disableupdate":"no","_lmt_disable":"","site-sidebar-layout":"default","site-content-layout":"content-boxed-container","ast-site-content-layout":"normal-width-container","site-content-style":"boxed","site-sidebar-style":"unboxed","ast-global-header-display":"","ast-banner-title-visibility":"","ast-main-header-display":"","ast-hfb-above-header-display":"","ast-hfb-below-header-display":"","ast-hfb-mobile-header-display":"","site-post-title":"","ast-breadcrumbs-content":"","ast-featured-img":"","footer-sml-layout":"","theme-transparent-header-meta":"default","adv-header-id-meta":"","stick-header-meta":"","header-above-stick-meta":"","header-main-stick-meta":"","header-below-stick-meta":"","astra-migrate-meta-layouts":"set","_joinchat":[]},"product_cat":[161,153,155,349,33,59,100,87,34,158,157,154,152,58,84,156,63,32],"product_tag":[230,36,37,41,286,40],"class_list":["post-3622","product","type-product","status-publish","has-post-thumbnail","hentry","product_cat-25000-puffs-disposable-vape","product_cat-hot-disposable-vapes","product_cat-belgium-hot-disposable-vapes","product_cat-elfbar-vape","product_cat-france-vape-hot-sale","product_cat-germany-hot-disposable-vape","product_cat-germany-wholesale-vape-shop","product_cat-minimum-order-quantity-50pcs","product_cat-netherlands-vape-good-sale","product_cat-norway-hot-disposable-vapes","product_cat-poland-hot-disposable-vapes","product_cat-portugal-hot-disposable-vapes","product_cat-spain-hot-disposable-vapes","product_cat-sweden-hot-disposable-vape","product_cat-sweden-wholesale-vape","product_cat-switzerland-hot-disposable-vapes","product_cat-top-sale-disposable-vape","product_cat-vape-hot-sale-this-week","product_tag-elfbar-raya-d3-25000-puffs","product_tag-good-vape","product_tag-hot-sale-disposable-vape","product_tag-poland-hot-vape","product_tag-puffs-stock-in-europe","product_tag-sweden-hot-vape","pa_brand-elfbar-vape","desktop-align-left","tablet-align-left","mobile-align-left"],"yoast_head":"<!-- This site is optimized with the Yoast SEO plugin v21.1 - https:\/\/yoast.com\/wordpress\/plugins\/seo\/ -->\n<title>ELFBAR Raya D3 25000 Puffs Disposable Vapes Wholesale - vapebulkp.com<\/title>\n<meta name=\"description\" content=\"Shop ELFBAR Raya D3 25000 Puffs Disposable Vapes Wholesale featuring 23ml e-liquid capacity, 850mAh battery, for a smooth and long-lasting vaping experience.\" \/>\n<meta name=\"robots\" content=\"index, follow, max-snippet:-1, max-image-preview:large, max-video-preview:-1\" \/>\n<link rel=\"canonical\" href=\"https:\/\/vapebulkp.com\/pt\/product\/elfbar-raya-d3-25000-puffs-disposable-vapes-wholesale\/\" \/>\n<meta property=\"og:locale\" content=\"pt_PT\" \/>\n<meta property=\"og:type\" content=\"article\" \/>\n<meta property=\"og:title\" content=\"ELFBAR Raya D3 25000 Puffs Disposable Vapes Wholesale - vapebulkp.com\" \/>\n<meta property=\"og:description\" content=\"Shop ELFBAR Raya D3 25000 Puffs Disposable Vapes Wholesale featuring 23ml e-liquid capacity, 850mAh battery, for a smooth and long-lasting vaping experience.\" \/>\n<meta property=\"og:url\" content=\"https:\/\/vapebulkp.com\/pt\/product\/elfbar-raya-d3-25000-puffs-disposable-vapes-wholesale\/\" \/>\n<meta property=\"og:site_name\" content=\"vapebulkp.com\" \/>\n<meta property=\"article:modified_time\" content=\"2025-09-17T08:40:55+00:00\" \/>\n<meta property=\"og:image\" content=\"http:\/\/vapebulkp.com\/wp-content\/uploads\/2025\/03\/Elfbar-Raya-D3-25000-Puffs-Type-C-Rechargeable-Vape-for-Intense-Flavor.webp\" \/>\n\t<meta property=\"og:image:width\" content=\"800\" \/>\n\t<meta property=\"og:image:height\" content=\"800\" \/>\n\t<meta property=\"og:image:type\" content=\"image\/webp\" \/>\n<meta name=\"twitter:card\" content=\"summary_large_image\" \/>\n<meta name=\"twitter:label1\" content=\"Tempo estimado de leitura\" \/>\n\t<meta name=\"twitter:data1\" content=\"4 minutos\" \/>\n<script type=\"application\/ld+json\" class=\"yoast-schema-graph\">{\"@context\":\"https:\/\/schema.org\",\"@graph\":[{\"@type\":\"WebPage\",\"@id\":\"https:\/\/vapebulkp.com\/product\/elfbar-raya-d3-25000-puffs-disposable-vapes-wholesale\/\",\"url\":\"https:\/\/vapebulkp.com\/product\/elfbar-raya-d3-25000-puffs-disposable-vapes-wholesale\/\",\"name\":\"ELFBAR Raya D3 25000 Puffs Disposable Vapes Wholesale - vapebulkp.com\",\"isPartOf\":{\"@id\":\"https:\/\/vapebulkp.com\/#website\"},\"datePublished\":\"2025-03-27T08:07:22+00:00\",\"dateModified\":\"2025-09-17T08:40:55+00:00\",\"description\":\"Shop ELFBAR Raya D3 25000 Puffs Disposable Vapes Wholesale featuring 23ml e-liquid capacity, 850mAh battery, for a smooth and long-lasting vaping experience.\",\"breadcrumb\":{\"@id\":\"https:\/\/vapebulkp.com\/product\/elfbar-raya-d3-25000-puffs-disposable-vapes-wholesale\/#breadcrumb\"},\"inLanguage\":\"pt-PT\",\"potentialAction\":[{\"@type\":\"ReadAction\",\"target\":[\"https:\/\/vapebulkp.com\/product\/elfbar-raya-d3-25000-puffs-disposable-vapes-wholesale\/\"]}]},{\"@type\":\"BreadcrumbList\",\"@id\":\"https:\/\/vapebulkp.com\/product\/elfbar-raya-d3-25000-puffs-disposable-vapes-wholesale\/#breadcrumb\",\"itemListElement\":[{\"@type\":\"ListItem\",\"position\":1,\"name\":\"Home\",\"item\":\"https:\/\/vapebulkp.com\/\"},{\"@type\":\"ListItem\",\"position\":2,\"name\":\"Hot Trend Vapes\",\"item\":\"https:\/\/vapebulkp.com\/vape-shop\/\"},{\"@type\":\"ListItem\",\"position\":3,\"name\":\"ELFBAR Raya D3 25000 Puffs Disposable Vapes Wholesale\"}]},{\"@type\":\"WebSite\",\"@id\":\"https:\/\/vapebulkp.com\/#website\",\"url\":\"https:\/\/vapebulkp.com\/\",\"name\":\"vapebulkp.com\",\"description\":\"Buy Vape In Cheap Bulk Price Near you\",\"publisher\":{\"@id\":\"https:\/\/vapebulkp.com\/#organization\"},\"potentialAction\":[{\"@type\":\"SearchAction\",\"target\":{\"@type\":\"EntryPoint\",\"urlTemplate\":\"https:\/\/vapebulkp.com\/?s={search_term_string}\"},\"query-input\":\"required name=search_term_string\"}],\"inLanguage\":\"pt-PT\"},{\"@type\":\"Organization\",\"@id\":\"https:\/\/vapebulkp.com\/#organization\",\"name\":\"vapebulkp.com\",\"url\":\"https:\/\/vapebulkp.com\/\",\"logo\":{\"@type\":\"ImageObject\",\"inLanguage\":\"pt-PT\",\"@id\":\"https:\/\/vapebulkp.com\/#\/schema\/logo\/image\/\",\"url\":\"https:\/\/vapebulkp.com\/wp-content\/uploads\/2023\/09\/cropped-vapebulkp.png\",\"contentUrl\":\"https:\/\/vapebulkp.com\/wp-content\/uploads\/2023\/09\/cropped-vapebulkp.png\",\"width\":516,\"height\":163,\"caption\":\"vapebulkp.com\"},\"image\":{\"@id\":\"https:\/\/vapebulkp.com\/#\/schema\/logo\/image\/\"}}]}<\/script>\n<!-- \/ Yoast SEO plugin. -->","yoast_head_json":{"title":"ELFBAR Raya D3 25000 Puffs Disposable Vapes Wholesale - vapebulkp.com","description":"Shop ELFBAR Raya D3 25000 Puffs Disposable Vapes Wholesale featuring 23ml e-liquid capacity, 850mAh battery, for a smooth and long-lasting vaping experience.","robots":{"index":"index","follow":"follow","max-snippet":"max-snippet:-1","max-image-preview":"max-image-preview:large","max-video-preview":"max-video-preview:-1"},"canonical":"https:\/\/vapebulkp.com\/pt\/product\/elfbar-raya-d3-25000-puffs-disposable-vapes-wholesale\/","og_locale":"pt_PT","og_type":"article","og_title":"ELFBAR Raya D3 25000 Puffs Disposable Vapes Wholesale - vapebulkp.com","og_description":"Shop ELFBAR Raya D3 25000 Puffs Disposable Vapes Wholesale featuring 23ml e-liquid capacity, 850mAh battery, for a smooth and long-lasting vaping experience.","og_url":"https:\/\/vapebulkp.com\/pt\/product\/elfbar-raya-d3-25000-puffs-disposable-vapes-wholesale\/","og_site_name":"vapebulkp.com","article_modified_time":"2025-09-17T08:40:55+00:00","og_image":[{"width":800,"height":800,"url":"http:\/\/vapebulkp.com\/wp-content\/uploads\/2025\/03\/Elfbar-Raya-D3-25000-Puffs-Type-C-Rechargeable-Vape-for-Intense-Flavor.webp","type":"image\/webp"}],"twitter_card":"summary_large_image","twitter_misc":{"Tempo estimado de leitura":"4 minutos"},"schema":{"@context":"https:\/\/schema.org","@graph":[{"@type":"WebPage","@id":"https:\/\/vapebulkp.com\/product\/elfbar-raya-d3-25000-puffs-disposable-vapes-wholesale\/","url":"https:\/\/vapebulkp.com\/product\/elfbar-raya-d3-25000-puffs-disposable-vapes-wholesale\/","name":"ELFBAR Raya D3 25000 Puffs Disposable Vapes Wholesale - vapebulkp.com","isPartOf":{"@id":"https:\/\/vapebulkp.com\/#website"},"datePublished":"2025-03-27T08:07:22+00:00","dateModified":"2025-09-17T08:40:55+00:00","description":"Shop ELFBAR Raya D3 25000 Puffs Disposable Vapes Wholesale featuring 23ml e-liquid capacity, 850mAh battery, for a smooth and long-lasting vaping experience.","breadcrumb":{"@id":"https:\/\/vapebulkp.com\/product\/elfbar-raya-d3-25000-puffs-disposable-vapes-wholesale\/#breadcrumb"},"inLanguage":"pt-PT","potentialAction":[{"@type":"ReadAction","target":["https:\/\/vapebulkp.com\/product\/elfbar-raya-d3-25000-puffs-disposable-vapes-wholesale\/"]}]},{"@type":"BreadcrumbList","@id":"https:\/\/vapebulkp.com\/product\/elfbar-raya-d3-25000-puffs-disposable-vapes-wholesale\/#breadcrumb","itemListElement":[{"@type":"ListItem","position":1,"name":"Home","item":"https:\/\/vapebulkp.com\/"},{"@type":"ListItem","position":2,"name":"Hot Trend Vapes","item":"https:\/\/vapebulkp.com\/vape-shop\/"},{"@type":"ListItem","position":3,"name":"ELFBAR Raya D3 25000 Puffs Disposable Vapes Wholesale"}]},{"@type":"WebSite","@id":"https:\/\/vapebulkp.com\/#website","url":"https:\/\/vapebulkp.com\/","name":"vapebulkp.com","description":"Buy Vape In Cheap Bulk Price Near you","publisher":{"@id":"https:\/\/vapebulkp.com\/#organization"},"potentialAction":[{"@type":"SearchAction","target":{"@type":"EntryPoint","urlTemplate":"https:\/\/vapebulkp.com\/?s={search_term_string}"},"query-input":"required name=search_term_string"}],"inLanguage":"pt-PT"},{"@type":"Organization","@id":"https:\/\/vapebulkp.com\/#organization","name":"vapebulkp.com","url":"https:\/\/vapebulkp.com\/","logo":{"@type":"ImageObject","inLanguage":"pt-PT","@id":"https:\/\/vapebulkp.com\/#\/schema\/logo\/image\/","url":"https:\/\/vapebulkp.com\/wp-content\/uploads\/2023\/09\/cropped-vapebulkp.png","contentUrl":"https:\/\/vapebulkp.com\/wp-content\/uploads\/2023\/09\/cropped-vapebulkp.png","width":516,"height":163,"caption":"vapebulkp.com"},"image":{"@id":"https:\/\/vapebulkp.com\/#\/schema\/logo\/image\/"}}]}},"uagb_featured_image_src":{"full":["https:\/\/vapebulkp.com\/wp-content\/uploads\/2025\/03\/Elfbar-Raya-D3-25000-Puffs-Type-C-Rechargeable-Vape-for-Intense-Flavor.webp",800,800,false],"thumbnail":["https:\/\/vapebulkp.com\/wp-content\/uploads\/2025\/03\/Elfbar-Raya-D3-25000-Puffs-Type-C-Rechargeable-Vape-for-Intense-Flavor-150x150.webp",150,150,true],"medium":["https:\/\/vapebulkp.com\/wp-content\/uploads\/2025\/03\/Elfbar-Raya-D3-25000-Puffs-Type-C-Rechargeable-Vape-for-Intense-Flavor-300x300.webp",300,300,true],"medium_large":["https:\/\/vapebulkp.com\/wp-content\/uploads\/2025\/03\/Elfbar-Raya-D3-25000-Puffs-Type-C-Rechargeable-Vape-for-Intense-Flavor-768x768.webp",768,768,true],"large":["https:\/\/vapebulkp.com\/wp-content\/uploads\/2025\/03\/Elfbar-Raya-D3-25000-Puffs-Type-C-Rechargeable-Vape-for-Intense-Flavor.webp",800,800,false],"1536x1536":["https:\/\/vapebulkp.com\/wp-content\/uploads\/2025\/03\/Elfbar-Raya-D3-25000-Puffs-Type-C-Rechargeable-Vape-for-Intense-Flavor.webp",800,800,false],"2048x2048":["https:\/\/vapebulkp.com\/wp-content\/uploads\/2025\/03\/Elfbar-Raya-D3-25000-Puffs-Type-C-Rechargeable-Vape-for-Intense-Flavor.webp",800,800,false],"trp-custom-language-flag":["https:\/\/vapebulkp.com\/wp-content\/uploads\/2025\/03\/Elfbar-Raya-D3-25000-Puffs-Type-C-Rechargeable-Vape-for-Intense-Flavor.webp",12,12,false],"woocommerce_thumbnail":["https:\/\/vapebulkp.com\/wp-content\/uploads\/2025\/03\/Elfbar-Raya-D3-25000-Puffs-Type-C-Rechargeable-Vape-for-Intense-Flavor-300x300.webp",300,300,true],"woocommerce_single":["https:\/\/vapebulkp.com\/wp-content\/uploads\/2025\/03\/Elfbar-Raya-D3-25000-Puffs-Type-C-Rechargeable-Vape-for-Intense-Flavor-600x600.webp",600,600,true],"woocommerce_gallery_thumbnail":["https:\/\/vapebulkp.com\/wp-content\/uploads\/2025\/03\/Elfbar-Raya-D3-25000-Puffs-Type-C-Rechargeable-Vape-for-Intense-Flavor-100x100.webp",100,100,true],"wcpr-photo-reviews":["https:\/\/vapebulkp.com\/wp-content\/uploads\/2025\/03\/Elfbar-Raya-D3-25000-Puffs-Type-C-Rechargeable-Vape-for-Intense-Flavor.webp",500,500,false]},"uagb_author_info":{"display_name":"Mandy vape bulk price","author_link":"https:\/\/vapebulkp.com\/pt\/author\/"},"uagb_comment_info":0,"uagb_excerpt":"LFBAR Raya D3 25000 Puffs Disposable Vape Wholesale Direct SupplyELFBAR Raya D3 High Capacity 23ml Disposable Vape 25000 Puffs WholesaleELFBAR Raya D3 Advanced Triple Mesh Coil 25000 Puffs Disposable Vapes Pls Contact Mandy's WhatsApp For Discount Price+8618077105796 &nbsp; NOTE: Prices on our website does not include shipping costs &nbsp;","_links":{"self":[{"href":"https:\/\/vapebulkp.com\/pt\/wp-json\/wp\/v2\/product\/3622","targetHints":{"allow":["GET"]}}],"collection":[{"href":"https:\/\/vapebulkp.com\/pt\/wp-json\/wp\/v2\/product"}],"about":[{"href":"https:\/\/vapebulkp.com\/pt\/wp-json\/wp\/v2\/types\/product"}],"replies":[{"embeddable":true,"href":"https:\/\/vapebulkp.com\/pt\/wp-json\/wp\/v2\/comments?post=3622"}],"wp:featuredmedia":[{"embeddable":true,"href":"https:\/\/vapebulkp.com\/pt\/wp-json\/wp\/v2\/media\/3597"}],"wp:attachment":[{"href":"https:\/\/vapebulkp.com\/pt\/wp-json\/wp\/v2\/media?parent=3622"}],"wp:term":[{"taxonomy":"product_cat","embeddable":true,"href":"https:\/\/vapebulkp.com\/pt\/wp-json\/wp\/v2\/product_cat?post=3622"},{"taxonomy":"product_tag","embeddable":true,"href":"https:\/\/vapebulkp.com\/pt\/wp-json\/wp\/v2\/product_tag?post=3622"}],"curies":[{"name":"wp","href":"https:\/\/api.w.org\/{rel}","templated":true}]}}