{"id":3759,"date":"2025-05-13T05:18:40","date_gmt":"2025-05-13T03:18:40","guid":{"rendered":"https:\/\/vapebulkp.com\/?post_type=product&#038;p=3759"},"modified":"2025-09-04T05:39:36","modified_gmt":"2025-09-04T03:39:36","slug":"solaris-25000-puffs-disposable-vape-wholesale-price","status":"publish","type":"product","link":"https:\/\/vapebulkp.com\/pt\/product\/solaris-25000-puffs-disposable-vape-wholesale-price\/","title":{"rendered":"SOLARIS 25000 Puffs Cigarro eletr\u00f3nico descart\u00e1vel Pre\u00e7o por atacado"},"content":{"rendered":"<h2 style=\"text-align: left\">SOLARIS 25000 Puffs Cigarro eletr\u00f3nico descart\u00e1vel Pre\u00e7o por atacado<\/h2>\n<p data-start=\"159\" data-end=\"441\">O <strong data-start=\"163\" data-end=\"202\">SOLARIS <a href=\"https:\/\/vapebulkp.com\/pt\/product-category\/25000-puffs-disposable-vape\/\">Vape Descart\u00e1vel de 25000 Puffs<\/a><\/strong> \u00e9 um vaporizador de alta qualidade <strong data-start=\"216\" data-end=\"238\">cigarro eletr\u00f3nico de alta capacidade<\/strong> constru\u00eddo para utilizadores portugueses que procuram um desempenho duradouro e um sabor superior. Cada dispositivo vem pr\u00e9-cheio com 18ml de <strong data-start=\"361\" data-end=\"381\">alta qualidade pr\u00e9-preenchido<\/strong>, oferecendo vapor suave e consistente ao longo de 25.000 inala\u00e7\u00f5es.<\/p>\n<p data-start=\"443\" data-end=\"731\">Projetado como um <strong data-start=\"457\" data-end=\"489\">vaporizador descart\u00e1vel recarreg\u00e1vel<\/strong>, possui uma bateria de 650mAh com carregamento r\u00e1pido Tipo-C, garantindo vaporiza\u00e7\u00e3o ininterrupta durante todo o dia. Dispon\u00edvel em 2% e 5% de nicotina, este <strong data-start=\"635\" data-end=\"657\">vape de sal de nicotina<\/strong> satisfaz tanto prefer\u00eancias moderadas como fortes com um sabor limpo e ousado.<\/p>\n<p data-start=\"733\" data-end=\"1058\">Compacto e ergon\u00f3mico (88x52x28mm), o <strong data-start=\"773\" data-end=\"797\">vape de bolso<\/strong> cabe facilmente na sua m\u00e3o ou mala, tornando-o ideal para uso di\u00e1rio, viagens ou ocasi\u00f5es sociais. Perfeito para venda por grosso, este <strong data-start=\"919\" data-end=\"941\">dispositivo de vaporiza\u00e7\u00e3o a granel<\/strong> proporciona aos retalhistas um produto fi\u00e1vel e de alta procura que combina conveni\u00eancia, estilo e uma contagem de inala\u00e7\u00f5es prolongada.<\/p>\n<h6>Por favor, contacte o WhatsApp da Mandy para um pre\u00e7o com desconto<a href=\"https:\/\/wa.me\/8618077105796\">+8618077105796<\/a><\/h6>\n<p><img decoding=\"async\" class=\"alignnone wp-image-2151\" src=\"http:\/\/vapebulkp.com\/wp-content\/uploads\/2024\/04\/Mandy-WhatsApp-Randm.jpg\" alt=\"Mandy WhatsApp Randm\" width=\"324\" height=\"330\" \/><\/p>\n<div class=\"flex max-w-full flex-col flex-grow\">\n<div class=\"min-h-8 text-message flex w-full flex-col items-end gap-2 whitespace-normal break-words text-start [.text-message+&amp;]:mt-5\" dir=\"auto\" data-message-author-role=\"assistant\" data-message-id=\"d24cf626-c018-4805-80f5-44de047f2ba0\" data-message-model-slug=\"gpt-4o\">\n<div class=\"flex w-full flex-col gap-1 empty:hidden first:pt-[3px]\">\n<div class=\"markdown prose w-full break-words dark:prose-invert light\">\n<h2>Porqu\u00ea Comprar SOLARIS 25000 Puffs na <a href=\"https:\/\/vapebulkp.com\/pt\/vape-shop\/\">Vapebulkp.com<\/a>?<\/h2>\n<p class=\"\" data-start=\"1686\" data-end=\"1863\">Escolher <strong data-start=\"183\" data-end=\"200\">Vapebulkp.com<\/strong> para a sua compra de SOLARIS 25000 Puffs Vapes Descart\u00e1veis garante que obt\u00e9m <strong data-start=\"271\" data-end=\"325\">produtos aut\u00eanticos a pre\u00e7os competitivos de grossista<\/strong>. Como um distribuidor de vapes de confian\u00e7a em Portugal, Vapebulkp.com oferece <strong data-start=\"391\" data-end=\"408\">envio r\u00e1pido<\/strong>, <strong data-start=\"410\" data-end=\"434\">descontos para encomendas a granel<\/strong>e <strong data-start=\"440\" data-end=\"471\">disponibilidade de stock fi\u00e1vel<\/strong> para produtos de alta procura como o SOLARIS. Cada dispositivo oferece at\u00e9 <strong data-start=\"536\" data-end=\"551\">25000 inala\u00e7\u00f5es<\/strong>, 18ml de e-l\u00edquido premium e uma bateria recarreg\u00e1vel de 650mAh com carregamento Tipo-C, tornando-o ideal tanto para revendedores de retalho como para distribuidores de grande escala. Com total apoio para os <strong data-start=\"729\" data-end=\"749\">mercados europeus<\/strong>, incluindo op\u00e7\u00f5es em conformidade com a TPD, o Vapebulkp.com \u00e9 a sua plataforma \u00fanica para obter vapes descart\u00e1veis de alta capacidade com confian\u00e7a e conveni\u00eancia.<\/p>\n<\/div>\n<\/div>\n<\/div>\n<\/div>\n<h2>Especifica\u00e7\u00f5es Principais do Cigarro Eletr\u00f3nico de Sal de Nicotina SOLARIS 25k Puffs:<\/h2>\n<ul>\n<li class=\"\" data-start=\"597\" data-end=\"693\">\n<p class=\"\" data-start=\"599\" data-end=\"693\"><strong data-start=\"599\" data-end=\"617\">Capacidade de Puffs:<\/strong> At\u00e9 <strong data-start=\"624\" data-end=\"640\">25.000 puffs<\/strong> \u2013 de ultra-longa dura\u00e7\u00e3o para vapers pesados e regulares.<\/p>\n<\/li>\n<li class=\"\" data-start=\"694\" data-end=\"783\">\n<p class=\"\" data-start=\"696\" data-end=\"783\"><strong data-start=\"696\" data-end=\"716\">Volume do E-L\u00edquido:<\/strong> Pr\u00e9-carregado com <strong data-start=\"733\" data-end=\"741\">18ml<\/strong> de e-l\u00edquido de sal de nicotina de alta qualidade.<\/p>\n<\/li>\n<li class=\"\" data-start=\"784\" data-end=\"877\">\n<p class=\"\" data-start=\"786\" data-end=\"877\"><strong data-start=\"786\" data-end=\"807\">Capacidade da Bateria:<\/strong> Integrado <strong data-start=\"817\" data-end=\"848\">bateria recarreg\u00e1vel de 650mAh<\/strong> garante uma longa dura\u00e7\u00e3o da bateria.<\/p>\n<\/li>\n<li class=\"\" data-start=\"878\" data-end=\"955\">\n<p class=\"\" data-start=\"880\" data-end=\"955\"><strong data-start=\"880\" data-end=\"898\">Porta de Carregamento:<\/strong> <strong data-start=\"899\" data-end=\"923\">bateria de carregamento r\u00e1pido Tipo-C<\/strong> para uma entrega de energia eficiente.<\/p>\n<\/li>\n<li class=\"\" data-start=\"956\" data-end=\"1055\">\n<p class=\"\" data-start=\"958\" data-end=\"1055\"><strong data-start=\"958\" data-end=\"980\">Concentra\u00e7\u00e3o de Nicotina:<\/strong> Dispon\u00edvel em ambos <strong data-start=\"999\" data-end=\"1012\">2% (20mg)<\/strong> e <strong data-start=\"1017\" data-end=\"1030\">5% (50mg)<\/strong> op\u00e7\u00f5es de sal de nicotina.<\/p>\n<\/li>\n<li class=\"\" data-start=\"1056\" data-end=\"1165\">\n<p class=\"\" data-start=\"1058\" data-end=\"1165\"><strong data-start=\"1058\" data-end=\"1075\">Tamanho Compacto:<\/strong> Corpo elegante e ergon\u00f3mico com as medidas de <strong data-start=\"1111\" data-end=\"1133\">88mm x 52mm x 28mm<\/strong> \u2013 port\u00e1til e f\u00e1cil de transportar.<\/p>\n<\/li>\n<li class=\"\" data-start=\"1166\" data-end=\"1246\">\n<p class=\"\" data-start=\"1168\" data-end=\"1246\"><strong data-start=\"1168\" data-end=\"1183\">Tipo de Utiliza\u00e7\u00e3o:<\/strong> Design descart\u00e1vel sem necessidade de manuten\u00e7\u00e3o ou recarga.<\/p>\n<\/li>\n<li class=\"\" data-start=\"1247\" data-end=\"1338\">\n<p class=\"\" data-start=\"1249\" data-end=\"1338\"><strong data-start=\"1249\" data-end=\"1276\">Disponibilidade para Venda por Grosso:<\/strong> Dispon\u00edvel para <strong data-start=\"1288\" data-end=\"1321\">pre\u00e7os competitivos de revenda<\/strong> para encomendas a granel.<\/p>\n<\/li>\n<\/ul>\n<h2><strong>Lista de Sabores da Caixa VAPE SOLARIS 25000 Puffs<\/strong><\/h2>\n<p class=\"selectable-text copyable-text x15bjb6t x1n2onr6\" dir=\"ltr\">1.Banana Coco<br \/>\n2.Uva Framboesa<br \/>\n3.Manga Colada<br \/>\n4.Miami Menta<br \/>\n5.Mix de Frutos Vermelhos<br \/>\n6.P\u00eassego Frutos Vermelhos<br \/>\n7.Morango Banana<br \/>\n8. Morango Kiwi<br \/>\n9.Explos\u00e3o Tropical Arco-\u00edris<br \/>\n10.Melancia Gelada<\/p>\n<p><span style=\"vertical-align: inherit\">Encontre mais produtos que possa gostar:<\/span><em><a href=\"https:\/\/wa.me\/8618077105796\"><span style=\"vertical-align: inherit\">\u00a0Compre agora<\/span><\/a><\/em><\/p>\n<p><span style=\"vertical-align: inherit\">Outros Puffs Que Poder\u00e1 Gostar:<\/span><a href=\"https:\/\/vapebulkp.com\/pt\/product\/vopk-60000-puffs-top-sale-disposable-vape-pen\/\"><span style=\"vertical-align: inherit\">VOPK 60000 Inala\u00e7\u00f5es<\/span><\/a><span style=\"vertical-align: inherit\">\u3001<\/span><a href=\"https:\/\/vapebulkp.com\/pt\/product\/fumot-tornado-25k-puffs-cheap-price-disposable-vape\/\"><span style=\"vertical-align: inherit\">Vape Fumot Tornado 25000 Puffs<\/span><\/a><span style=\"vertical-align: inherit\">\/ <\/span><a href=\"https:\/\/vapebulkp.com\/pt\/product\/waspe-3in1-60000-puffs-disposable-vape-high-capacity\/\"><span style=\"vertical-align: inherit\">WASPE 3 em 1 60000 Puffs<\/span><\/a><span style=\"vertical-align: inherit\">\/ <\/span><a href=\"https:\/\/vapebulkp.com\/pt\/product\/vozol-gear-shisha-25000-puffs-dual-mode-disposable-vape-5mg-nicotine\/\"><span style=\"vertical-align: inherit\">Vape Vozol SHISHA 25000 Puffs<\/span><\/a><\/p>\n<h3 class=\"\" data-start=\"62\" data-end=\"118\"><strong data-start=\"66\" data-end=\"118\">SOLARIS 25000 Puffs Cigarros Eletr\u00f3nicos FAQ de Venda por Atacado<\/strong><\/h3>\n<p class=\"\" data-start=\"150\" data-end=\"268\"><strong data-start=\"150\" data-end=\"223\">P: Qual \u00e9 a quantidade m\u00ednima de encomenda (QME) para o SOLARIS Puff 25k Vape<\/strong><br data-start=\"223\" data-end=\"226\" \/>R: A encomenda m\u00ednima \u00e9 de 200 unidades por sabor<\/p>\n<p class=\"\" data-start=\"270\" data-end=\"398\"><strong data-start=\"270\" data-end=\"326\">P: Quanto tempo demora a entrega ap\u00f3s eu fazer uma encomenda<\/strong><br data-start=\"326\" data-end=\"329\" \/>R: A entrega geralmente demora de 10 a 15 dias ap\u00f3s o envio da encomenda<\/p>\n<p class=\"\" data-start=\"400\" data-end=\"563\"><strong data-start=\"400\" data-end=\"433\">P: Quanto custa o envio<\/strong><br data-start=\"433\" data-end=\"436\" \/>R: Os custos de envio dependem do peso total da sua encomenda Por favor, entre em contacto connosco para um or\u00e7amento de envio preciso com base na sua quantidade<\/p>\n<p class=\"\" data-start=\"565\" data-end=\"859\"><strong data-start=\"565\" data-end=\"596\">P: Enviam para o meu pa\u00eds<\/strong><br data-start=\"596\" data-end=\"599\" \/>R: Sim, enviamos para a maioria dos pa\u00edses europeus, incluindo Pa\u00edses Baixos, Alemanha, Fran\u00e7a, Espanha, It\u00e1lia, B\u00e9lgica, Luxemburgo, \u00c1ustria, Rep\u00fablica Checa, Eslov\u00e1quia, Hungria, Eslov\u00e9nia, Rom\u00e9nia, Bulg\u00e1ria, Gr\u00e9cia, Pol\u00f3nia, Su\u00e9cia, Irlanda, Portugal, Finl\u00e2ndia, Est\u00f3nia, Let\u00f3nia e Litu\u00e2nia, entre outros<\/p>\n<p class=\"\" data-start=\"861\" data-end=\"1015\"><strong data-start=\"861\" data-end=\"907\">P: Posso obter um pre\u00e7o melhor se encomendar mais<\/strong><br data-start=\"907\" data-end=\"910\" \/>R: Sim, encomendas de 1000 unidades ou mais qualificam-se para pre\u00e7os com desconto Por favor, entre em contacto connosco para obter as taxas de venda por atacado<\/p>\n<p class=\"\" data-start=\"1017\" data-end=\"1185\"><strong data-start=\"1017\" data-end=\"1070\">P: Receberei um n\u00famero de rastreio ap\u00f3s o envio<\/strong><br data-start=\"1070\" data-end=\"1073\" \/>R: Sim, assim que a sua encomenda for enviada, forneceremos um n\u00famero de rastreio e uma liga\u00e7\u00e3o de rastreio para que possa monitorizar a sua entrega<\/p>\n<p class=\"\" data-start=\"1187\" data-end=\"1399\"><strong data-start=\"1187\" data-end=\"1229\">P: Existe uma pol\u00edtica de devolu\u00e7\u00e3o ou garantia<\/strong><br data-start=\"1229\" data-end=\"1232\" \/>R: N\u00e3o aceitamos devolu\u00e7\u00f5es ou reembolsos por quest\u00f5es que n\u00e3o sejam de qualidade Para problemas relacionados com a qualidade, por favor, forne\u00e7a v\u00eddeo ou prova fotogr\u00e1fica e a nossa equipa ir\u00e1 ajud\u00e1-lo de acordo<\/p>\n<h3>Detalhes de envio:<\/h3>\n<p><span style=\"color: #ff6600\">Tempo de produ\u00e7\u00e3o: 5-10 dias \u00fateis<\/span><br \/>\n<span style=\"color: #ff6600\">Tempo de envio: 8-14 dias \u00fateis<\/span><\/p>\n<p>Todos os produtos na nossa loja s\u00e3o 100% originais e aut\u00eanticos, por isso a nossa pol\u00edtica \u00e9 dez vezes a compensa\u00e7\u00e3o por produtos falsificados. Usamos canais de log\u00edstica como UPS\/DHL\/FEDEX\/DPD para entregar os produtos a si.<\/p>\n<p>Para encomendas enviadas para Portugal, a chegada demora geralmente 10 dias \u00fateis. O envio para outros pa\u00edses europeus geralmente demora de 12 a 15 dias \u00fateis a chegar. Atualizaremos as informa\u00e7\u00f5es de log\u00edstica para si em tempo real.<\/p>","protected":false},"excerpt":{"rendered":"<p class=\"\" data-start=\"121\" data-end=\"211\">Encomende SOLARIS 25000 Puffs Vape em Vapebulkp.com \u2013 at\u00e9 25000 inala\u00e7\u00f5es, 18ml de e-l\u00edquido, bateria de 650mAh, carregamento r\u00e1pido Tipo-C.<\/p>\n<p>Por favor, contacte o WhatsApp da Mandy para um pre\u00e7o com desconto<a href=\"https:\/\/wa.me\/8618077105796\">+8618077105796<\/a><\/p>\n<p><img decoding=\"async\" class=\"alignnone wp-image-2151\" src=\"http:\/\/vapebulkp.com\/wp-content\/uploads\/2024\/04\/Mandy-WhatsApp-Randm.jpg\" alt=\"Mandy WhatsApp Randm\" width=\"297\" height=\"316\" srcset=\"https:\/\/vapebulkp.com\/wp-content\/uploads\/2024\/04\/Mandy-WhatsApp-Randm.jpg 916w, https:\/\/vapebulkp.com\/wp-content\/uploads\/2024\/04\/Mandy-WhatsApp-Randm-282x300.jpg 282w, https:\/\/vapebulkp.com\/wp-content\/uploads\/2024\/04\/Mandy-WhatsApp-Randm-768x817.jpg 768w, https:\/\/vapebulkp.com\/wp-content\/uploads\/2024\/04\/Mandy-WhatsApp-Randm-600x638.jpg 600w\" sizes=\"(max-width: 297px) 100vw, 297px\" \/><\/p>\n<p><span style=\"color: #ff0000\">NOTA: Os pre\u00e7os no nosso site n\u00e3o incluem os custos de envio<\/span><\/p>\n<p>&nbsp;<\/p>","protected":false},"featured_media":3753,"comment_status":"open","ping_status":"closed","template":"","meta":{"_uag_custom_page_level_css":"","_lmt_disableupdate":"no","_lmt_disable":"","site-sidebar-layout":"default","site-content-layout":"content-boxed-container","ast-site-content-layout":"normal-width-container","site-content-style":"boxed","site-sidebar-style":"unboxed","ast-global-header-display":"","ast-banner-title-visibility":"","ast-main-header-display":"","ast-hfb-above-header-display":"","ast-hfb-below-header-display":"","ast-hfb-mobile-header-display":"","site-post-title":"","ast-breadcrumbs-content":"","ast-featured-img":"","footer-sml-layout":"","theme-transparent-header-meta":"default","adv-header-id-meta":"","stick-header-meta":"","header-above-stick-meta":"","header-main-stick-meta":"","header-below-stick-meta":"","astra-migrate-meta-layouts":"set","_joinchat":[]},"product_cat":[161,153,155,33,59,100,34,158,157,154,152,58,84,156,63,32],"product_tag":[36,37,41,246,40],"class_list":["post-3759","product","type-product","status-publish","has-post-thumbnail","hentry","product_cat-25000-puffs-disposable-vape","product_cat-hot-disposable-vapes","product_cat-belgium-hot-disposable-vapes","product_cat-france-vape-hot-sale","product_cat-germany-hot-disposable-vape","product_cat-germany-wholesale-vape-shop","product_cat-netherlands-vape-good-sale","product_cat-norway-hot-disposable-vapes","product_cat-poland-hot-disposable-vapes","product_cat-portugal-hot-disposable-vapes","product_cat-spain-hot-disposable-vapes","product_cat-sweden-hot-disposable-vape","product_cat-sweden-wholesale-vape","product_cat-switzerland-hot-disposable-vapes","product_cat-top-sale-disposable-vape","product_cat-vape-hot-sale-this-week","product_tag-good-vape","product_tag-hot-sale-disposable-vape","product_tag-poland-hot-vape","product_tag-solaris-25000-puffs","product_tag-sweden-hot-vape","desktop-align-left","tablet-align-left","mobile-align-left"],"yoast_head":"<!-- This site is optimized with the Yoast SEO plugin v21.1 - https:\/\/yoast.com\/wordpress\/plugins\/seo\/ -->\n<title>SOLARIS 25000 Puffs Disposable Vape Wholesale Price - vapebulkp.com<\/title>\n<meta name=\"description\" content=\"Buy SOLARIS 25000 Puffs Disposable Vape at Vapebulkp.com \u2013 up to 25000 puffs, 18ml e-liquid, 650mAh battery, Type-C charging. Wholesale prices, fast EU shipping, 2% &amp; 5% nicotine options.\" \/>\n<meta name=\"robots\" content=\"index, follow, max-snippet:-1, max-image-preview:large, max-video-preview:-1\" \/>\n<link rel=\"canonical\" href=\"https:\/\/vapebulkp.com\/pt\/product\/solaris-25000-puffs-disposable-vape-wholesale-price\/\" \/>\n<meta property=\"og:locale\" content=\"pt_PT\" \/>\n<meta property=\"og:type\" content=\"article\" \/>\n<meta property=\"og:title\" content=\"SOLARIS 25000 Puffs Disposable Vape Wholesale Price - vapebulkp.com\" \/>\n<meta property=\"og:description\" content=\"Buy SOLARIS 25000 Puffs Disposable Vape at Vapebulkp.com \u2013 up to 25000 puffs, 18ml e-liquid, 650mAh battery, Type-C charging. Wholesale prices, fast EU shipping, 2% &amp; 5% nicotine options.\" \/>\n<meta property=\"og:url\" content=\"https:\/\/vapebulkp.com\/pt\/product\/solaris-25000-puffs-disposable-vape-wholesale-price\/\" \/>\n<meta property=\"og:site_name\" content=\"vapebulkp.com\" \/>\n<meta property=\"article:modified_time\" content=\"2025-09-04T03:39:36+00:00\" \/>\n<meta property=\"og:image\" content=\"http:\/\/vapebulkp.com\/wp-content\/uploads\/2025\/05\/Buy-SOLARIS-25000-Puff-Vape-at-Wholesale-Price.webp\" \/>\n\t<meta property=\"og:image:width\" content=\"800\" \/>\n\t<meta property=\"og:image:height\" content=\"800\" \/>\n\t<meta property=\"og:image:type\" content=\"image\/webp\" \/>\n<meta name=\"twitter:card\" content=\"summary_large_image\" \/>\n<meta name=\"twitter:label1\" content=\"Tempo estimado de leitura\" \/>\n\t<meta name=\"twitter:data1\" content=\"4 minutos\" \/>\n<script type=\"application\/ld+json\" class=\"yoast-schema-graph\">{\"@context\":\"https:\/\/schema.org\",\"@graph\":[{\"@type\":\"WebPage\",\"@id\":\"https:\/\/vapebulkp.com\/product\/solaris-25000-puffs-disposable-vape-wholesale-price\/\",\"url\":\"https:\/\/vapebulkp.com\/product\/solaris-25000-puffs-disposable-vape-wholesale-price\/\",\"name\":\"SOLARIS 25000 Puffs Disposable Vape Wholesale Price - vapebulkp.com\",\"isPartOf\":{\"@id\":\"https:\/\/vapebulkp.com\/#website\"},\"datePublished\":\"2025-05-13T03:18:40+00:00\",\"dateModified\":\"2025-09-04T03:39:36+00:00\",\"description\":\"Buy SOLARIS 25000 Puffs Disposable Vape at Vapebulkp.com \u2013 up to 25000 puffs, 18ml e-liquid, 650mAh battery, Type-C charging. Wholesale prices, fast EU shipping, 2% & 5% nicotine options.\",\"breadcrumb\":{\"@id\":\"https:\/\/vapebulkp.com\/product\/solaris-25000-puffs-disposable-vape-wholesale-price\/#breadcrumb\"},\"inLanguage\":\"pt-PT\",\"potentialAction\":[{\"@type\":\"ReadAction\",\"target\":[\"https:\/\/vapebulkp.com\/product\/solaris-25000-puffs-disposable-vape-wholesale-price\/\"]}]},{\"@type\":\"BreadcrumbList\",\"@id\":\"https:\/\/vapebulkp.com\/product\/solaris-25000-puffs-disposable-vape-wholesale-price\/#breadcrumb\",\"itemListElement\":[{\"@type\":\"ListItem\",\"position\":1,\"name\":\"Home\",\"item\":\"https:\/\/vapebulkp.com\/\"},{\"@type\":\"ListItem\",\"position\":2,\"name\":\"Hot Trend Vapes\",\"item\":\"https:\/\/vapebulkp.com\/vape-shop\/\"},{\"@type\":\"ListItem\",\"position\":3,\"name\":\"SOLARIS 25000 Puffs Disposable Vape Wholesale Price\"}]},{\"@type\":\"WebSite\",\"@id\":\"https:\/\/vapebulkp.com\/#website\",\"url\":\"https:\/\/vapebulkp.com\/\",\"name\":\"vapebulkp.com\",\"description\":\"Buy Vape In Cheap Bulk Price Near you\",\"publisher\":{\"@id\":\"https:\/\/vapebulkp.com\/#organization\"},\"potentialAction\":[{\"@type\":\"SearchAction\",\"target\":{\"@type\":\"EntryPoint\",\"urlTemplate\":\"https:\/\/vapebulkp.com\/?s={search_term_string}\"},\"query-input\":\"required name=search_term_string\"}],\"inLanguage\":\"pt-PT\"},{\"@type\":\"Organization\",\"@id\":\"https:\/\/vapebulkp.com\/#organization\",\"name\":\"vapebulkp.com\",\"url\":\"https:\/\/vapebulkp.com\/\",\"logo\":{\"@type\":\"ImageObject\",\"inLanguage\":\"pt-PT\",\"@id\":\"https:\/\/vapebulkp.com\/#\/schema\/logo\/image\/\",\"url\":\"https:\/\/vapebulkp.com\/wp-content\/uploads\/2023\/09\/cropped-vapebulkp.png\",\"contentUrl\":\"https:\/\/vapebulkp.com\/wp-content\/uploads\/2023\/09\/cropped-vapebulkp.png\",\"width\":516,\"height\":163,\"caption\":\"vapebulkp.com\"},\"image\":{\"@id\":\"https:\/\/vapebulkp.com\/#\/schema\/logo\/image\/\"}}]}<\/script>\n<!-- \/ Yoast SEO plugin. -->","yoast_head_json":{"title":"SOLARIS 25000 Puffs Disposable Vape Wholesale Price - vapebulkp.com","description":"Buy SOLARIS 25000 Puffs Disposable Vape at Vapebulkp.com \u2013 up to 25000 puffs, 18ml e-liquid, 650mAh battery, Type-C charging. Wholesale prices, fast EU shipping, 2% & 5% nicotine options.","robots":{"index":"index","follow":"follow","max-snippet":"max-snippet:-1","max-image-preview":"max-image-preview:large","max-video-preview":"max-video-preview:-1"},"canonical":"https:\/\/vapebulkp.com\/pt\/product\/solaris-25000-puffs-disposable-vape-wholesale-price\/","og_locale":"pt_PT","og_type":"article","og_title":"SOLARIS 25000 Puffs Disposable Vape Wholesale Price - vapebulkp.com","og_description":"Buy SOLARIS 25000 Puffs Disposable Vape at Vapebulkp.com \u2013 up to 25000 puffs, 18ml e-liquid, 650mAh battery, Type-C charging. Wholesale prices, fast EU shipping, 2% & 5% nicotine options.","og_url":"https:\/\/vapebulkp.com\/pt\/product\/solaris-25000-puffs-disposable-vape-wholesale-price\/","og_site_name":"vapebulkp.com","article_modified_time":"2025-09-04T03:39:36+00:00","og_image":[{"width":800,"height":800,"url":"http:\/\/vapebulkp.com\/wp-content\/uploads\/2025\/05\/Buy-SOLARIS-25000-Puff-Vape-at-Wholesale-Price.webp","type":"image\/webp"}],"twitter_card":"summary_large_image","twitter_misc":{"Tempo estimado de leitura":"4 minutos"},"schema":{"@context":"https:\/\/schema.org","@graph":[{"@type":"WebPage","@id":"https:\/\/vapebulkp.com\/product\/solaris-25000-puffs-disposable-vape-wholesale-price\/","url":"https:\/\/vapebulkp.com\/product\/solaris-25000-puffs-disposable-vape-wholesale-price\/","name":"SOLARIS 25000 Puffs Disposable Vape Wholesale Price - vapebulkp.com","isPartOf":{"@id":"https:\/\/vapebulkp.com\/#website"},"datePublished":"2025-05-13T03:18:40+00:00","dateModified":"2025-09-04T03:39:36+00:00","description":"Buy SOLARIS 25000 Puffs Disposable Vape at Vapebulkp.com \u2013 up to 25000 puffs, 18ml e-liquid, 650mAh battery, Type-C charging. Wholesale prices, fast EU shipping, 2% & 5% nicotine options.","breadcrumb":{"@id":"https:\/\/vapebulkp.com\/product\/solaris-25000-puffs-disposable-vape-wholesale-price\/#breadcrumb"},"inLanguage":"pt-PT","potentialAction":[{"@type":"ReadAction","target":["https:\/\/vapebulkp.com\/product\/solaris-25000-puffs-disposable-vape-wholesale-price\/"]}]},{"@type":"BreadcrumbList","@id":"https:\/\/vapebulkp.com\/product\/solaris-25000-puffs-disposable-vape-wholesale-price\/#breadcrumb","itemListElement":[{"@type":"ListItem","position":1,"name":"Home","item":"https:\/\/vapebulkp.com\/"},{"@type":"ListItem","position":2,"name":"Hot Trend Vapes","item":"https:\/\/vapebulkp.com\/vape-shop\/"},{"@type":"ListItem","position":3,"name":"SOLARIS 25000 Puffs Disposable Vape Wholesale Price"}]},{"@type":"WebSite","@id":"https:\/\/vapebulkp.com\/#website","url":"https:\/\/vapebulkp.com\/","name":"vapebulkp.com","description":"Buy Vape In Cheap Bulk Price Near you","publisher":{"@id":"https:\/\/vapebulkp.com\/#organization"},"potentialAction":[{"@type":"SearchAction","target":{"@type":"EntryPoint","urlTemplate":"https:\/\/vapebulkp.com\/?s={search_term_string}"},"query-input":"required name=search_term_string"}],"inLanguage":"pt-PT"},{"@type":"Organization","@id":"https:\/\/vapebulkp.com\/#organization","name":"vapebulkp.com","url":"https:\/\/vapebulkp.com\/","logo":{"@type":"ImageObject","inLanguage":"pt-PT","@id":"https:\/\/vapebulkp.com\/#\/schema\/logo\/image\/","url":"https:\/\/vapebulkp.com\/wp-content\/uploads\/2023\/09\/cropped-vapebulkp.png","contentUrl":"https:\/\/vapebulkp.com\/wp-content\/uploads\/2023\/09\/cropped-vapebulkp.png","width":516,"height":163,"caption":"vapebulkp.com"},"image":{"@id":"https:\/\/vapebulkp.com\/#\/schema\/logo\/image\/"}}]}},"uagb_featured_image_src":{"full":["https:\/\/vapebulkp.com\/wp-content\/uploads\/2025\/05\/Buy-SOLARIS-25000-Puff-Vape-at-Wholesale-Price.webp",800,800,false],"thumbnail":["https:\/\/vapebulkp.com\/wp-content\/uploads\/2025\/05\/Buy-SOLARIS-25000-Puff-Vape-at-Wholesale-Price-150x150.webp",150,150,true],"medium":["https:\/\/vapebulkp.com\/wp-content\/uploads\/2025\/05\/Buy-SOLARIS-25000-Puff-Vape-at-Wholesale-Price-300x300.webp",300,300,true],"medium_large":["https:\/\/vapebulkp.com\/wp-content\/uploads\/2025\/05\/Buy-SOLARIS-25000-Puff-Vape-at-Wholesale-Price-768x768.webp",768,768,true],"large":["https:\/\/vapebulkp.com\/wp-content\/uploads\/2025\/05\/Buy-SOLARIS-25000-Puff-Vape-at-Wholesale-Price.webp",800,800,false],"1536x1536":["https:\/\/vapebulkp.com\/wp-content\/uploads\/2025\/05\/Buy-SOLARIS-25000-Puff-Vape-at-Wholesale-Price.webp",800,800,false],"2048x2048":["https:\/\/vapebulkp.com\/wp-content\/uploads\/2025\/05\/Buy-SOLARIS-25000-Puff-Vape-at-Wholesale-Price.webp",800,800,false],"trp-custom-language-flag":["https:\/\/vapebulkp.com\/wp-content\/uploads\/2025\/05\/Buy-SOLARIS-25000-Puff-Vape-at-Wholesale-Price.webp",12,12,false],"woocommerce_thumbnail":["https:\/\/vapebulkp.com\/wp-content\/uploads\/2025\/05\/Buy-SOLARIS-25000-Puff-Vape-at-Wholesale-Price-300x300.webp",300,300,true],"woocommerce_single":["https:\/\/vapebulkp.com\/wp-content\/uploads\/2025\/05\/Buy-SOLARIS-25000-Puff-Vape-at-Wholesale-Price-600x600.webp",600,600,true],"woocommerce_gallery_thumbnail":["https:\/\/vapebulkp.com\/wp-content\/uploads\/2025\/05\/Buy-SOLARIS-25000-Puff-Vape-at-Wholesale-Price-100x100.webp",100,100,true],"wcpr-photo-reviews":["https:\/\/vapebulkp.com\/wp-content\/uploads\/2025\/05\/Buy-SOLARIS-25000-Puff-Vape-at-Wholesale-Price.webp",500,500,false]},"uagb_author_info":{"display_name":"Mandy vape bulk price","author_link":"https:\/\/vapebulkp.com\/pt\/author\/"},"uagb_comment_info":0,"uagb_excerpt":"Order SOLARIS 25000 Puffs Vape at Vapebulkp.com \u2013 up to 25000 puffs, 18ml e-liquid, 650mAh battery, fast Type-C charging. Pls Contact Mandy's WhatsApp For Discount Price+8618077105796 NOTE: Prices on our website does not include shipping costs &nbsp;","_links":{"self":[{"href":"https:\/\/vapebulkp.com\/pt\/wp-json\/wp\/v2\/product\/3759","targetHints":{"allow":["GET"]}}],"collection":[{"href":"https:\/\/vapebulkp.com\/pt\/wp-json\/wp\/v2\/product"}],"about":[{"href":"https:\/\/vapebulkp.com\/pt\/wp-json\/wp\/v2\/types\/product"}],"replies":[{"embeddable":true,"href":"https:\/\/vapebulkp.com\/pt\/wp-json\/wp\/v2\/comments?post=3759"}],"wp:featuredmedia":[{"embeddable":true,"href":"https:\/\/vapebulkp.com\/pt\/wp-json\/wp\/v2\/media\/3753"}],"wp:attachment":[{"href":"https:\/\/vapebulkp.com\/pt\/wp-json\/wp\/v2\/media?parent=3759"}],"wp:term":[{"taxonomy":"product_cat","embeddable":true,"href":"https:\/\/vapebulkp.com\/pt\/wp-json\/wp\/v2\/product_cat?post=3759"},{"taxonomy":"product_tag","embeddable":true,"href":"https:\/\/vapebulkp.com\/pt\/wp-json\/wp\/v2\/product_tag?post=3759"}],"curies":[{"name":"wp","href":"https:\/\/api.w.org\/{rel}","templated":true}]}}