{"id":3777,"date":"2025-05-21T11:11:16","date_gmt":"2025-05-21T09:11:16","guid":{"rendered":"https:\/\/vapebulkp.com\/?post_type=product&#038;p=3777"},"modified":"2025-09-17T10:37:32","modified_gmt":"2025-09-17T08:37:32","slug":"aivono-aim-fatmax-50000-puffs-vape-wholesale-price","status":"publish","type":"product","link":"https:\/\/vapebulkp.com\/pt\/product\/aivono-aim-fatmax-50000-puffs-vape-wholesale-price\/","title":{"rendered":"AIVONO AIM FATMAX 50000 Puffs Vape Pre\u00e7o de Atacado"},"content":{"rendered":"<h1 style=\"text-align: left\">AIVONO AIM FATMAX 50000 Puffs Vape Pre\u00e7o de Atacado<\/h1>\n<p class=\"\" data-start=\"302\" data-end=\"642\"><strong>AIVONO AIM FATMAX <a href=\"https:\/\/vapebulkp.com\/pt\/product-category\/50000-puffs-disposable-vape\/\">Vape Descart\u00e1vel de 50000 Puffs<\/a><\/strong> \u00e9 um vape recarreg\u00e1vel de alta capacidade projetado para utilizadores que exigem o m\u00e1ximo desempenho e conveni\u00eancia. Entregando at\u00e9 <strong data-start=\"452\" data-end=\"467\">50000 baforadas<\/strong>, este dispositivo possui um <strong data-start=\"492\" data-end=\"525\">tanque de e-l\u00edquido pr\u00e9-cheio de 30mL<\/strong> e uma potente <strong data-start=\"541\" data-end=\"572\">bateria recarreg\u00e1vel de 800mAh<\/strong> constru\u00edda com uma c\u00e9lula de bateria de cobalto puro 21250 para estabilidade duradoura.<\/p>\n<p class=\"\" data-start=\"644\" data-end=\"920\">Equipado com uma <strong data-start=\"660\" data-end=\"678\">bobina de malha de 0.6\u03a9<\/strong>, garante uma produ\u00e7\u00e3o de vapor suave e uma entrega de sabor aprimorada \u2013 ideal para <strong data-start=\"754\" data-end=\"770\">inala\u00e7\u00f5es pulmonares<\/strong> e uso di\u00e1rio. O ecr\u00e3 inteligente exibe tanto a <strong data-start=\"818\" data-end=\"834\">dura\u00e7\u00e3o da bateria<\/strong> e <strong data-start=\"839\" data-end=\"857\">como o n\u00edvel de e-l\u00edquido<\/strong>, proporcionando aos utilizadores controlo total sobre a sua experi\u00eancia de vaping.<\/p>\n<p class=\"\" data-start=\"922\" data-end=\"1208\">Este vape descart\u00e1vel suporta <strong data-start=\"952\" data-end=\"976\">bateria de carregamento r\u00e1pido Tipo-C<\/strong> e oferece quatro <strong data-start=\"993\" data-end=\"1020\">concentra\u00e7\u00f5es de sal de nicotina<\/strong>: <strong data-start=\"1022\" data-end=\"1028\">5%<\/strong><span data-start=\"1022\" data-end=\"1028\">\u00a0 e <\/span><strong data-start=\"1038\" data-end=\"1044\">2%<\/strong>, atendendo a uma vasta gama de prefer\u00eancias e requisitos regionais. Com um tamanho compacto de <strong data-start=\"1148\" data-end=\"1160\">38\u00d7127mm<\/strong>, \u00e9 pr\u00e1tico para viagens, potente e elegante.<\/p>\n<p class=\"\" data-start=\"1210\" data-end=\"1355\">O vape FATMAX tamb\u00e9m suporta <strong data-start=\"1240\" data-end=\"1269\">personaliza\u00e7\u00e3o OEM e ODM<\/strong>, tornando-o uma excelente escolha para distribuidores globais que procuram op\u00e7\u00f5es de marca pr\u00f3pria.<\/p>\n<h6>Por favor, contacte o WhatsApp da Mandy para um pre\u00e7o com desconto<a href=\"https:\/\/wa.me\/8618077105796\">+8618077105796<\/a><\/h6>\n<p><img decoding=\"async\" class=\"alignnone wp-image-2151\" src=\"http:\/\/vapebulkp.com\/wp-content\/uploads\/2024\/04\/Mandy-WhatsApp-Randm.jpg\" alt=\"Mandy WhatsApp Randm\" width=\"324\" height=\"330\" \/><\/p>\n<div class=\"flex max-w-full flex-col flex-grow\">\n<div class=\"min-h-8 text-message flex w-full flex-col items-end gap-2 whitespace-normal break-words text-start [.text-message+&amp;]:mt-5\" dir=\"auto\" data-message-author-role=\"assistant\" data-message-id=\"d24cf626-c018-4805-80f5-44de047f2ba0\" data-message-model-slug=\"gpt-4o\">\n<div class=\"flex w-full flex-col gap-1 empty:hidden first:pt-[3px]\">\n<div class=\"markdown prose w-full break-words dark:prose-invert light\">\n<h2>Porqu\u00ea Comprar o Vape AIVONO AIM FATMAX 50000 Puffs Mesh Coil em <a href=\"https:\/\/vapebulkp.com\/pt\/vape-shop\/\">Vapebulkp.com<\/a>?<\/h2>\n<p class=\"\" data-start=\"1686\" data-end=\"1863\">A Vapebulkp.com \u00e9 a sua fonte confi\u00e1vel para <strong data-start=\"310\" data-end=\"343\">AIVONO AIM FATMAX 50000 Baforadas<\/strong> vapes descart\u00e1veis aut\u00eanticos a pre\u00e7os de atacado imbat\u00edveis. Oferecemos envio r\u00e1pido e seguro para toda a Europa e acesso exclusivo aos modelos mais recentes com suporte completo OEM\/ODM. Cada dispositivo apresenta <strong data-start=\"528\" data-end=\"544\">50.000 puffs<\/strong>, <strong data-start=\"546\" data-end=\"572\">capacidade de 30mL de e-l\u00edquido<\/strong>, <strong data-start=\"574\" data-end=\"605\">bateria recarreg\u00e1vel de 800mAh<\/strong>, <strong data-start=\"607\" data-end=\"626\">carregamento Tipo-C<\/strong>, e um <strong data-start=\"634\" data-end=\"656\">ecr\u00e3 duplo inteligente<\/strong>\u2014tornando-o um dos vapes descart\u00e1veis mais avan\u00e7ados do mercado. Ao comprar na Vapebulkp.com, beneficia de embalagem pronta para revenda, atendimento ao cliente de primeira linha e fornecimento direto de f\u00e1brica, garantindo fiabilidade, efici\u00eancia e lucro para o seu neg\u00f3cio de vapes.<\/p>\n<\/div>\n<\/div>\n<\/div>\n<\/div>\n<h2>Especifica\u00e7\u00f5es Principais do AIVONO AIM FATMAX 50000 Puffs:<\/h2>\n<p class=\"\" data-start=\"291\" data-end=\"452\"><strong data-start=\"291\" data-end=\"313\">Longevidade Prolongada<\/strong><br data-start=\"313\" data-end=\"316\" \/>Entrega at\u00e9 50000 puffs por unidade, alimentado por um reservat\u00f3rio de 30mL de e-l\u00edquido pr\u00e9-carregado para uso prolongado sem substitui\u00e7\u00f5es constantes.<\/p>\n<p class=\"\" data-start=\"454\" data-end=\"643\"><strong data-start=\"454\" data-end=\"481\">Bateria de Alta Efici\u00eancia<\/strong><br data-start=\"481\" data-end=\"484\" \/>Constru\u00eddo com uma bateria recarreg\u00e1vel de cobalto puro de 800mAh e uma porta de carregamento Tipo-C, permitindo recarga r\u00e1pida e sa\u00edda est\u00e1vel durante toda a vida \u00fatil do dispositivo.<\/p>\n<p class=\"\" data-start=\"645\" data-end=\"829\"><strong data-start=\"645\" data-end=\"678\">Tecnologia Avan\u00e7ada de Bobina Mesh<\/strong><br data-start=\"678\" data-end=\"681\" \/>Apresenta uma bobina mesh de 0.6\u03a9 que melhora a densidade do vapor e a clareza do sabor, ideal para estilos de vaporiza\u00e7\u00e3o tanto direct-to-lung (DTL) quanto mouth-to-lung (MTL).<\/p>\n<p class=\"\" data-start=\"831\" data-end=\"984\"><strong data-start=\"831\" data-end=\"858\">Interface de Ecr\u00e3 Inteligente<\/strong><br data-start=\"858\" data-end=\"861\" \/>Equipado com indicadores em tempo real para o n\u00edvel da bateria e volume de e-l\u00edquido, garantindo monitoriza\u00e7\u00e3o precisa e uso conveniente.<\/p>\n<p class=\"\" data-start=\"986\" data-end=\"1145\"><strong data-start=\"986\" data-end=\"1017\">For\u00e7as de Nicotina Flex\u00edveis<\/strong><br data-start=\"1017\" data-end=\"1020\" \/>Dispon\u00edvel em op\u00e7\u00f5es de sal de nicotina de 5%, 3%, 2% e 0% para atender \u00e0s diversas prefer\u00eancias dos consumidores e aos padr\u00f5es de conformidade regionais.<\/p>\n<p class=\"\" data-start=\"1147\" data-end=\"1366\"><strong data-start=\"1147\" data-end=\"1180\">Embalagem Otimizada para Venda por Grosso<\/strong><br data-start=\"1180\" data-end=\"1183\" \/>Projetada para distribui\u00e7\u00e3o em massa, cada caixa mestra cont\u00e9m 140 unidades com dimens\u00f5es de 68.5 \u00d7 38 \u00d7 24 cm e um peso total de 18.5 kg \u2014 perfeita para log\u00edstica e armazenamento de alto volume.<\/p>\n<h2><strong>Lista de Sabores do Dispositivo de Vape AIVONO AIM FATMAX 50000 Puffs de Longa Dura\u00e7\u00e3o<\/strong><\/h2>\n<p class=\"selectable-text copyable-text x15bjb6t x1n2onr6\" dir=\"ltr\">1.AIM FATMAX: Cereja Framboesa<br \/>\n2.AIM FATMAX: Duas Ma\u00e7\u00e3s<br \/>\n3.AIM FATMAX: Menta Uva<br \/>\n4.AIM FATMAX: Pastilha El\u00e1stica de Mirtilo<br \/>\n5.AIM FATMAX: Love 66<br \/>\n6.AIM FATMAX: Lucid Dream<br \/>\n7.AIM FATMAX: Gelo Exuberante<br \/>\n8.AIM FATMAX: Gelo de P\u00eassego<br \/>\n9.AIM FATMAX: Gelo de Frutos Vermelhos<br \/>\n10.AIM FATMAX: Punch de Morango<\/p>\n<p><span style=\"vertical-align: inherit\">Encontre mais produtos que possa gostar:<\/span><em><a href=\"https:\/\/wa.me\/8618077105796\"><span style=\"vertical-align: inherit\">\u00a0Compre agora<\/span><\/a><\/em><\/p>\n<p><span style=\"vertical-align: inherit\">Outros Puffs Que Poder\u00e1 Gostar:<\/span><a href=\"https:\/\/vapebulkp.com\/pt\/product\/vopk-60000-puffs-top-sale-disposable-vape-pen\/\"><span style=\"vertical-align: inherit\">VOPK 60000 Inala\u00e7\u00f5es<\/span><\/a><span style=\"vertical-align: inherit\">\u3001<\/span><a href=\"https:\/\/vapebulkp.com\/pt\/product\/bang-kingdoms-rex-nos-50000-puffs-high-capacity-vape-device\/\"><span style=\"vertical-align: inherit\">Rei dos Reinos Bang 45000 Baforadas<\/span><\/a><span style=\"vertical-align: inherit\">\/ <\/span><a href=\"https:\/\/vapebulkp.com\/pt\/product\/fizzy-twins-50000-puffs-high-puff-count-vape-kits-bulk-price\/\"><span style=\"vertical-align: inherit\">FIZZY Vape 50000 Baforadas<\/span><\/a><span style=\"vertical-align: inherit\">\/ <\/span><a href=\"https:\/\/vapebulkp.com\/pt\/product\/cheap-price-uwin-shisha-hookah-crystal-20000-puffs-rechargeable-vape\/\"><span style=\"vertical-align: inherit\">WASPE Vape Duplo Sabor 40000 Puffs<\/span><\/a><\/p>\n<h3 class=\"\" data-start=\"62\" data-end=\"118\"><strong data-start=\"66\" data-end=\"118\">AIVONO AIM FATMAX 50000 Puffs Perguntas Frequentes sobre Vapes no Atacado<\/strong><\/h3>\n<p>1.Como utilizo o Vape Descart\u00e1vel AIVONO AIM FATMAX 50000 Puffs?<br \/>\nSimplesmente retire o dispositivo da embalagem e inale atrav\u00e9s do bocal. N\u00e3o h\u00e1 bot\u00f5es ou configura\u00e7\u00f5es para ajustar. O dispositivo \u00e9 ativado por suc\u00e7\u00e3o para facilitar o uso.<\/p>\n<p>2.Como recarrego os Pods de Vape AIVONO AIM FATMAX 50K Puffs?<br \/>\nUtilize um cabo de carregamento Tipo-C para recarregar a bateria de 800mAh. A porta de carregamento est\u00e1 localizada na parte inferior do dispositivo. O ecr\u00e3 inteligente indicar\u00e1 o n\u00edvel da bateria, ficando vermelho quando for necess\u00e1ria a carga.<\/p>\n<p>3.O vape AIVONO AIM FATMAX 50000 Puff \u00e9 recarreg\u00e1vel?<br \/>\nN\u00e3o, o AIVONO AIM FATMAX 50000 \u00e9 um dispositivo de vape descart\u00e1vel e n\u00e3o foi concebido para ser recarregado. Assim que o e-l\u00edquido se esgotar, por favor, elimine o dispositivo de forma respons\u00e1vel.<\/p>\n<h3>Detalhes de envio:<\/h3>\n<p><span style=\"color: #ff6600\">Tempo de produ\u00e7\u00e3o: 5-10 dias \u00fateis<\/span><br \/>\n<span style=\"color: #ff6600\">Tempo de envio: 8-14 dias \u00fateis<\/span><\/p>\n<p>Todos os produtos na nossa loja s\u00e3o 100% originais e aut\u00eanticos, por isso a nossa pol\u00edtica \u00e9 dez vezes a compensa\u00e7\u00e3o por produtos falsificados. Usamos canais de log\u00edstica como UPS\/DHL\/FEDEX\/DPD para entregar os produtos a si.<\/p>\n<p>Para encomendas enviadas para Portugal, a chegada demora geralmente 10 dias \u00fateis. O envio para outros pa\u00edses europeus geralmente demora de 12 a 15 dias \u00fateis a chegar. Atualizaremos as informa\u00e7\u00f5es de log\u00edstica para si em tempo real.<\/p>","protected":false},"excerpt":{"rendered":"<p class=\"\" data-start=\"121\" data-end=\"211\">\u00a0Vapes Descart\u00e1veis AIVONO AIM FATMAX 50000 Puffs. Desempenho duradouro, sabores intensos e conveni\u00eancia recarreg\u00e1vel. Dispon\u00edvel para atacado agora.<\/p>\n<p>Por favor, contacte o WhatsApp da Mandy para um pre\u00e7o com desconto<a href=\"https:\/\/wa.me\/8618077105796\">+8618077105796<\/a><\/p>\n<p><img decoding=\"async\" class=\"alignnone wp-image-2151\" src=\"http:\/\/vapebulkp.com\/wp-content\/uploads\/2024\/04\/Mandy-WhatsApp-Randm.jpg\" alt=\"Mandy WhatsApp Randm\" width=\"297\" height=\"316\" srcset=\"https:\/\/vapebulkp.com\/wp-content\/uploads\/2024\/04\/Mandy-WhatsApp-Randm.jpg 916w, https:\/\/vapebulkp.com\/wp-content\/uploads\/2024\/04\/Mandy-WhatsApp-Randm-282x300.jpg 282w, https:\/\/vapebulkp.com\/wp-content\/uploads\/2024\/04\/Mandy-WhatsApp-Randm-768x817.jpg 768w, https:\/\/vapebulkp.com\/wp-content\/uploads\/2024\/04\/Mandy-WhatsApp-Randm-600x638.jpg 600w\" sizes=\"(max-width: 297px) 100vw, 297px\" \/><\/p>\n<p><span style=\"color: #ff0000\">NOTA: Os pre\u00e7os no nosso site n\u00e3o incluem os custos de envio<\/span><\/p>\n<p>&nbsp;<\/p>","protected":false},"featured_media":3769,"comment_status":"open","ping_status":"closed","template":"","meta":{"_uag_custom_page_level_css":"","_lmt_disableupdate":"no","_lmt_disable":"","site-sidebar-layout":"default","site-content-layout":"content-boxed-container","ast-site-content-layout":"normal-width-container","site-content-style":"boxed","site-sidebar-style":"unboxed","ast-global-header-display":"","ast-banner-title-visibility":"","ast-main-header-display":"","ast-hfb-above-header-display":"","ast-hfb-below-header-display":"","ast-hfb-mobile-header-display":"","site-post-title":"","ast-breadcrumbs-content":"","ast-featured-img":"","footer-sml-layout":"","theme-transparent-header-meta":"default","adv-header-id-meta":"","stick-header-meta":"","header-above-stick-meta":"","header-main-stick-meta":"","header-below-stick-meta":"","astra-migrate-meta-layouts":"set","_joinchat":[]},"product_cat":[194,342,153,155,33,59,100,34,158,157,154,152,58,84,156,63,32],"product_tag":[249,36,37,41,40],"class_list":["post-3777","product","type-product","status-publish","has-post-thumbnail","hentry","product_cat-50000-puffs-disposable-vape","product_cat-aivono-vape","product_cat-hot-disposable-vapes","product_cat-belgium-hot-disposable-vapes","product_cat-france-vape-hot-sale","product_cat-germany-hot-disposable-vape","product_cat-germany-wholesale-vape-shop","product_cat-netherlands-vape-good-sale","product_cat-norway-hot-disposable-vapes","product_cat-poland-hot-disposable-vapes","product_cat-portugal-hot-disposable-vapes","product_cat-spain-hot-disposable-vapes","product_cat-sweden-hot-disposable-vape","product_cat-sweden-wholesale-vape","product_cat-switzerland-hot-disposable-vapes","product_cat-top-sale-disposable-vape","product_cat-vape-hot-sale-this-week","product_tag-aivono-aim-fatmax-50000-puffs","product_tag-good-vape","product_tag-hot-sale-disposable-vape","product_tag-poland-hot-vape","product_tag-sweden-hot-vape","pa_brand-aivono-vape","desktop-align-left","tablet-align-left","mobile-align-left"],"yoast_head":"<!-- This site is optimized with the Yoast SEO plugin v21.1 - https:\/\/yoast.com\/wordpress\/plugins\/seo\/ -->\n<title>AIVONO AIM FATMAX 50000 Puffs Vape Wholesale Price - vapebulkp.com<\/title>\n<meta name=\"description\" content=\"Shop AIVONO AIM FATMAX 50000 Puff Vape with smart display, Type-C charging, 0.6\u03a9 mesh coil, and 4 nicotine options. Bulk ready at Vapebulkp.com.\" \/>\n<meta name=\"robots\" content=\"index, follow, max-snippet:-1, max-image-preview:large, max-video-preview:-1\" \/>\n<link rel=\"canonical\" href=\"https:\/\/vapebulkp.com\/pt\/product\/aivono-aim-fatmax-50000-puffs-vape-wholesale-price\/\" \/>\n<meta property=\"og:locale\" content=\"pt_PT\" \/>\n<meta property=\"og:type\" content=\"article\" \/>\n<meta property=\"og:title\" content=\"AIVONO AIM FATMAX 50000 Puffs Vape Wholesale Price - vapebulkp.com\" \/>\n<meta property=\"og:description\" content=\"Shop AIVONO AIM FATMAX 50000 Puff Vape with smart display, Type-C charging, 0.6\u03a9 mesh coil, and 4 nicotine options. Bulk ready at Vapebulkp.com.\" \/>\n<meta property=\"og:url\" content=\"https:\/\/vapebulkp.com\/pt\/product\/aivono-aim-fatmax-50000-puffs-vape-wholesale-price\/\" \/>\n<meta property=\"og:site_name\" content=\"vapebulkp.com\" \/>\n<meta property=\"article:modified_time\" content=\"2025-09-17T08:37:32+00:00\" \/>\n<meta property=\"og:image\" content=\"http:\/\/vapebulkp.com\/wp-content\/uploads\/2025\/05\/50000-Puff-Disposable-Vape-AIM-FATMAX-Wholesale-Vape.webp\" \/>\n\t<meta property=\"og:image:width\" content=\"800\" \/>\n\t<meta property=\"og:image:height\" content=\"800\" \/>\n\t<meta property=\"og:image:type\" content=\"image\/webp\" \/>\n<meta name=\"twitter:card\" content=\"summary_large_image\" \/>\n<meta name=\"twitter:label1\" content=\"Tempo estimado de leitura\" \/>\n\t<meta name=\"twitter:data1\" content=\"4 minutos\" \/>\n<script type=\"application\/ld+json\" class=\"yoast-schema-graph\">{\"@context\":\"https:\/\/schema.org\",\"@graph\":[{\"@type\":\"WebPage\",\"@id\":\"https:\/\/vapebulkp.com\/product\/aivono-aim-fatmax-50000-puffs-vape-wholesale-price\/\",\"url\":\"https:\/\/vapebulkp.com\/product\/aivono-aim-fatmax-50000-puffs-vape-wholesale-price\/\",\"name\":\"AIVONO AIM FATMAX 50000 Puffs Vape Wholesale Price - vapebulkp.com\",\"isPartOf\":{\"@id\":\"https:\/\/vapebulkp.com\/#website\"},\"datePublished\":\"2025-05-21T09:11:16+00:00\",\"dateModified\":\"2025-09-17T08:37:32+00:00\",\"description\":\"Shop AIVONO AIM FATMAX 50000 Puff Vape with smart display, Type-C charging, 0.6\u03a9 mesh coil, and 4 nicotine options. Bulk ready at Vapebulkp.com.\",\"breadcrumb\":{\"@id\":\"https:\/\/vapebulkp.com\/product\/aivono-aim-fatmax-50000-puffs-vape-wholesale-price\/#breadcrumb\"},\"inLanguage\":\"pt-PT\",\"potentialAction\":[{\"@type\":\"ReadAction\",\"target\":[\"https:\/\/vapebulkp.com\/product\/aivono-aim-fatmax-50000-puffs-vape-wholesale-price\/\"]}]},{\"@type\":\"BreadcrumbList\",\"@id\":\"https:\/\/vapebulkp.com\/product\/aivono-aim-fatmax-50000-puffs-vape-wholesale-price\/#breadcrumb\",\"itemListElement\":[{\"@type\":\"ListItem\",\"position\":1,\"name\":\"Home\",\"item\":\"https:\/\/vapebulkp.com\/\"},{\"@type\":\"ListItem\",\"position\":2,\"name\":\"Hot Trend Vapes\",\"item\":\"https:\/\/vapebulkp.com\/vape-shop\/\"},{\"@type\":\"ListItem\",\"position\":3,\"name\":\"AIVONO AIM FATMAX 50000 Puffs Vape Wholesale Price\"}]},{\"@type\":\"WebSite\",\"@id\":\"https:\/\/vapebulkp.com\/#website\",\"url\":\"https:\/\/vapebulkp.com\/\",\"name\":\"vapebulkp.com\",\"description\":\"Buy Vape In Cheap Bulk Price Near you\",\"publisher\":{\"@id\":\"https:\/\/vapebulkp.com\/#organization\"},\"potentialAction\":[{\"@type\":\"SearchAction\",\"target\":{\"@type\":\"EntryPoint\",\"urlTemplate\":\"https:\/\/vapebulkp.com\/?s={search_term_string}\"},\"query-input\":\"required name=search_term_string\"}],\"inLanguage\":\"pt-PT\"},{\"@type\":\"Organization\",\"@id\":\"https:\/\/vapebulkp.com\/#organization\",\"name\":\"vapebulkp.com\",\"url\":\"https:\/\/vapebulkp.com\/\",\"logo\":{\"@type\":\"ImageObject\",\"inLanguage\":\"pt-PT\",\"@id\":\"https:\/\/vapebulkp.com\/#\/schema\/logo\/image\/\",\"url\":\"https:\/\/vapebulkp.com\/wp-content\/uploads\/2023\/09\/cropped-vapebulkp.png\",\"contentUrl\":\"https:\/\/vapebulkp.com\/wp-content\/uploads\/2023\/09\/cropped-vapebulkp.png\",\"width\":516,\"height\":163,\"caption\":\"vapebulkp.com\"},\"image\":{\"@id\":\"https:\/\/vapebulkp.com\/#\/schema\/logo\/image\/\"}}]}<\/script>\n<!-- \/ Yoast SEO plugin. -->","yoast_head_json":{"title":"AIVONO AIM FATMAX 50000 Puffs Vape Wholesale Price - vapebulkp.com","description":"Shop AIVONO AIM FATMAX 50000 Puff Vape with smart display, Type-C charging, 0.6\u03a9 mesh coil, and 4 nicotine options. Bulk ready at Vapebulkp.com.","robots":{"index":"index","follow":"follow","max-snippet":"max-snippet:-1","max-image-preview":"max-image-preview:large","max-video-preview":"max-video-preview:-1"},"canonical":"https:\/\/vapebulkp.com\/pt\/product\/aivono-aim-fatmax-50000-puffs-vape-wholesale-price\/","og_locale":"pt_PT","og_type":"article","og_title":"AIVONO AIM FATMAX 50000 Puffs Vape Wholesale Price - vapebulkp.com","og_description":"Shop AIVONO AIM FATMAX 50000 Puff Vape with smart display, Type-C charging, 0.6\u03a9 mesh coil, and 4 nicotine options. Bulk ready at Vapebulkp.com.","og_url":"https:\/\/vapebulkp.com\/pt\/product\/aivono-aim-fatmax-50000-puffs-vape-wholesale-price\/","og_site_name":"vapebulkp.com","article_modified_time":"2025-09-17T08:37:32+00:00","og_image":[{"width":800,"height":800,"url":"http:\/\/vapebulkp.com\/wp-content\/uploads\/2025\/05\/50000-Puff-Disposable-Vape-AIM-FATMAX-Wholesale-Vape.webp","type":"image\/webp"}],"twitter_card":"summary_large_image","twitter_misc":{"Tempo estimado de leitura":"4 minutos"},"schema":{"@context":"https:\/\/schema.org","@graph":[{"@type":"WebPage","@id":"https:\/\/vapebulkp.com\/product\/aivono-aim-fatmax-50000-puffs-vape-wholesale-price\/","url":"https:\/\/vapebulkp.com\/product\/aivono-aim-fatmax-50000-puffs-vape-wholesale-price\/","name":"AIVONO AIM FATMAX 50000 Puffs Vape Wholesale Price - vapebulkp.com","isPartOf":{"@id":"https:\/\/vapebulkp.com\/#website"},"datePublished":"2025-05-21T09:11:16+00:00","dateModified":"2025-09-17T08:37:32+00:00","description":"Shop AIVONO AIM FATMAX 50000 Puff Vape with smart display, Type-C charging, 0.6\u03a9 mesh coil, and 4 nicotine options. Bulk ready at Vapebulkp.com.","breadcrumb":{"@id":"https:\/\/vapebulkp.com\/product\/aivono-aim-fatmax-50000-puffs-vape-wholesale-price\/#breadcrumb"},"inLanguage":"pt-PT","potentialAction":[{"@type":"ReadAction","target":["https:\/\/vapebulkp.com\/product\/aivono-aim-fatmax-50000-puffs-vape-wholesale-price\/"]}]},{"@type":"BreadcrumbList","@id":"https:\/\/vapebulkp.com\/product\/aivono-aim-fatmax-50000-puffs-vape-wholesale-price\/#breadcrumb","itemListElement":[{"@type":"ListItem","position":1,"name":"Home","item":"https:\/\/vapebulkp.com\/"},{"@type":"ListItem","position":2,"name":"Hot Trend Vapes","item":"https:\/\/vapebulkp.com\/vape-shop\/"},{"@type":"ListItem","position":3,"name":"AIVONO AIM FATMAX 50000 Puffs Vape Wholesale Price"}]},{"@type":"WebSite","@id":"https:\/\/vapebulkp.com\/#website","url":"https:\/\/vapebulkp.com\/","name":"vapebulkp.com","description":"Buy Vape In Cheap Bulk Price Near you","publisher":{"@id":"https:\/\/vapebulkp.com\/#organization"},"potentialAction":[{"@type":"SearchAction","target":{"@type":"EntryPoint","urlTemplate":"https:\/\/vapebulkp.com\/?s={search_term_string}"},"query-input":"required name=search_term_string"}],"inLanguage":"pt-PT"},{"@type":"Organization","@id":"https:\/\/vapebulkp.com\/#organization","name":"vapebulkp.com","url":"https:\/\/vapebulkp.com\/","logo":{"@type":"ImageObject","inLanguage":"pt-PT","@id":"https:\/\/vapebulkp.com\/#\/schema\/logo\/image\/","url":"https:\/\/vapebulkp.com\/wp-content\/uploads\/2023\/09\/cropped-vapebulkp.png","contentUrl":"https:\/\/vapebulkp.com\/wp-content\/uploads\/2023\/09\/cropped-vapebulkp.png","width":516,"height":163,"caption":"vapebulkp.com"},"image":{"@id":"https:\/\/vapebulkp.com\/#\/schema\/logo\/image\/"}}]}},"uagb_featured_image_src":{"full":["https:\/\/vapebulkp.com\/wp-content\/uploads\/2025\/05\/50000-Puff-Disposable-Vape-AIM-FATMAX-Wholesale-Vape.webp",800,800,false],"thumbnail":["https:\/\/vapebulkp.com\/wp-content\/uploads\/2025\/05\/50000-Puff-Disposable-Vape-AIM-FATMAX-Wholesale-Vape-150x150.webp",150,150,true],"medium":["https:\/\/vapebulkp.com\/wp-content\/uploads\/2025\/05\/50000-Puff-Disposable-Vape-AIM-FATMAX-Wholesale-Vape-300x300.webp",300,300,true],"medium_large":["https:\/\/vapebulkp.com\/wp-content\/uploads\/2025\/05\/50000-Puff-Disposable-Vape-AIM-FATMAX-Wholesale-Vape-768x768.webp",768,768,true],"large":["https:\/\/vapebulkp.com\/wp-content\/uploads\/2025\/05\/50000-Puff-Disposable-Vape-AIM-FATMAX-Wholesale-Vape.webp",800,800,false],"1536x1536":["https:\/\/vapebulkp.com\/wp-content\/uploads\/2025\/05\/50000-Puff-Disposable-Vape-AIM-FATMAX-Wholesale-Vape.webp",800,800,false],"2048x2048":["https:\/\/vapebulkp.com\/wp-content\/uploads\/2025\/05\/50000-Puff-Disposable-Vape-AIM-FATMAX-Wholesale-Vape.webp",800,800,false],"trp-custom-language-flag":["https:\/\/vapebulkp.com\/wp-content\/uploads\/2025\/05\/50000-Puff-Disposable-Vape-AIM-FATMAX-Wholesale-Vape.webp",12,12,false],"woocommerce_thumbnail":["https:\/\/vapebulkp.com\/wp-content\/uploads\/2025\/05\/50000-Puff-Disposable-Vape-AIM-FATMAX-Wholesale-Vape-300x300.webp",300,300,true],"woocommerce_single":["https:\/\/vapebulkp.com\/wp-content\/uploads\/2025\/05\/50000-Puff-Disposable-Vape-AIM-FATMAX-Wholesale-Vape-600x600.webp",600,600,true],"woocommerce_gallery_thumbnail":["https:\/\/vapebulkp.com\/wp-content\/uploads\/2025\/05\/50000-Puff-Disposable-Vape-AIM-FATMAX-Wholesale-Vape-100x100.webp",100,100,true],"wcpr-photo-reviews":["https:\/\/vapebulkp.com\/wp-content\/uploads\/2025\/05\/50000-Puff-Disposable-Vape-AIM-FATMAX-Wholesale-Vape.webp",500,500,false]},"uagb_author_info":{"display_name":"Mandy vape bulk price","author_link":"https:\/\/vapebulkp.com\/pt\/author\/"},"uagb_comment_info":0,"uagb_excerpt":"\u00a0AIVONO AIM FATMAX 50000 Puffs Disposable Vapes. Long-lasting performance, rich flavors, and rechargeable convenience. Wholesale available now. Pls Contact Mandy's WhatsApp For Discount Price+8618077105796 NOTE: Prices on our website does not include shipping costs &nbsp;","_links":{"self":[{"href":"https:\/\/vapebulkp.com\/pt\/wp-json\/wp\/v2\/product\/3777","targetHints":{"allow":["GET"]}}],"collection":[{"href":"https:\/\/vapebulkp.com\/pt\/wp-json\/wp\/v2\/product"}],"about":[{"href":"https:\/\/vapebulkp.com\/pt\/wp-json\/wp\/v2\/types\/product"}],"replies":[{"embeddable":true,"href":"https:\/\/vapebulkp.com\/pt\/wp-json\/wp\/v2\/comments?post=3777"}],"wp:featuredmedia":[{"embeddable":true,"href":"https:\/\/vapebulkp.com\/pt\/wp-json\/wp\/v2\/media\/3769"}],"wp:attachment":[{"href":"https:\/\/vapebulkp.com\/pt\/wp-json\/wp\/v2\/media?parent=3777"}],"wp:term":[{"taxonomy":"product_cat","embeddable":true,"href":"https:\/\/vapebulkp.com\/pt\/wp-json\/wp\/v2\/product_cat?post=3777"},{"taxonomy":"product_tag","embeddable":true,"href":"https:\/\/vapebulkp.com\/pt\/wp-json\/wp\/v2\/product_tag?post=3777"}],"curies":[{"name":"wp","href":"https:\/\/api.w.org\/{rel}","templated":true}]}}