{"id":3925,"date":"2025-07-09T10:46:35","date_gmt":"2025-07-09T08:46:35","guid":{"rendered":"https:\/\/vapebulkp.com\/?post_type=product&#038;p=3925"},"modified":"2025-09-24T04:59:03","modified_gmt":"2025-09-24T02:59:03","slug":"vozol-vista-40000-puffs-vape-wholesale-best-price","status":"publish","type":"product","link":"https:\/\/vapebulkp.com\/pt\/product\/vozol-vista-40000-puffs-vape-wholesale-best-price\/","title":{"rendered":"VOZOL VISTA 40000 Puffs Vape Atacado Melhor Pre\u00e7o"},"content":{"rendered":"<h2>VOZOL VISTA 40000 Puffs Vape Atacado Melhor Pre\u00e7o<\/h2>\n<p>O <b>Dispositivo de Vape VOZOL VISTA 40000 Puffs<\/b>\u00a0\u00e9 um testemunho da inova\u00e7\u00e3o de ponta em vape. Este dispositivo \u00e9 mais do que apenas um <b>vape descart\u00e1vel<\/b>; \u00e9 um instrumento de vape sofisticado constru\u00eddo para aqueles que valorizam estilo e subst\u00e2ncia. O ic\u00f3nico design de engrenagem rotativa oferece uma experi\u00eancia t\u00e1til \u00fanica, enquanto o <b>Ecr\u00e3 LED de 270\u00b0 Sens\u00edvel ao Ritmo<\/b> fornece uma interface visual din\u00e2mica que \u00e9 intuitiva e envolvente.<\/p>\n<p>Projetado para uma longevidade excecional, o VOZOL VISTA \u00e9 alimentado por uma robusta <b>bateria recarreg\u00e1vel de 1000mAh<\/b>, garantindo um desempenho consistente e confi\u00e1vel para os seus monumentais <b>40000 baforadas<\/b>. O n\u00facleo deste dispositivo reside na sua avan\u00e7ada <b>tecnologia de bobina dupla S.i.L.C. Tech<\/b> , que oferece um sabor consistentemente intenso e vapor suave a cada inspira\u00e7\u00e3o. Os utilizadores podem personalizar totalmente a sua experi\u00eancia com <b>controlo de pot\u00eancia de 4 n\u00edveis<\/b> e <b>fluxo de ar ajust\u00e1vel de 2 n\u00edveis<\/b>, tornando-o um <b>vape MTL<\/b> perfeito para qualquer prefer\u00eancia.<\/p>\n<p>Projetado com a sustentabilidade em mente, o <strong>VISTA 40k Baforadas Pods de Vape<\/strong> apresenta um sistema de pod reutiliz\u00e1vel que minimiza o desperd\u00edcio, posicionando-o como uma escolha inteligente e ecol\u00f3gica. Este <a href=\"https:\/\/vapebulkp.com\/pt\/product-category\/40000-puffs-disposable-vape\/\"><b>Vape Descart\u00e1vel de 40000 Puffs<\/b><\/a> \u00e9 a solu\u00e7\u00e3o definitiva tanto para vapers exigentes como para retalhistas que procuram um produto de alta qualidade e alta procura que combine uma est\u00e9tica moderna com um desempenho superior.<\/p>\n<h6><span style=\"color: #ff0000\">Por favor, contacte o WhatsApp da Mandy para um pre\u00e7o com desconto<a style=\"color: #ff0000\" href=\"https:\/\/wa.me\/8618077105796\">+8618077105796<\/a><\/span><\/h6>\n<p><img decoding=\"async\" class=\"alignnone wp-image-2151\" src=\"http:\/\/vapebulkp.com\/wp-content\/uploads\/2024\/04\/Mandy-WhatsApp-Randm.jpg\" alt=\"Mandy WhatsApp Randm\" width=\"271\" height=\"289\" srcset=\"https:\/\/vapebulkp.com\/wp-content\/uploads\/2024\/04\/Mandy-WhatsApp-Randm.jpg 916w, https:\/\/vapebulkp.com\/wp-content\/uploads\/2024\/04\/Mandy-WhatsApp-Randm-282x300.jpg 282w, https:\/\/vapebulkp.com\/wp-content\/uploads\/2024\/04\/Mandy-WhatsApp-Randm-768x817.jpg 768w, https:\/\/vapebulkp.com\/wp-content\/uploads\/2024\/04\/Mandy-WhatsApp-Randm-600x638.jpg 600w\" sizes=\"(max-width: 271px) 100vw, 271px\" \/><\/p>\n<h2><strong>Porqu\u00ea Comprar Vapes a Granel VOZOL VISTA 40000 Puffs em <a href=\"https:\/\/vapebulkp.com\/pt\/\">Vapebulkp.com<\/a>?<\/strong><\/h2>\n<h3 data-start=\"266\" data-end=\"302\">\u2705 <strong data-start=\"275\" data-end=\"302\">Fornecimento Direto de F\u00e1brica<\/strong><\/h3>\n<p data-start=\"303\" data-end=\"471\">Trabalhamos diretamente com a VOZOL e fabricantes certificados, garantindo <strong data-start=\"372\" data-end=\"394\">produtos aut\u00eanticos<\/strong>, <strong data-start=\"396\" data-end=\"416\">invent\u00e1rio est\u00e1vel<\/strong>, e os <strong data-start=\"426\" data-end=\"443\">modelos mais recentes<\/strong> \u2014 sem intermedi\u00e1rios, sem margens adicionais.<\/p>\n<h3 data-start=\"473\" data-end=\"515\">\u2705 <strong data-start=\"482\" data-end=\"515\">Pre\u00e7os Competitivos de Atacado<\/strong><\/h3>\n<p data-start=\"516\" data-end=\"718\">A Vapebulkp.com oferece taxas de granel l\u00edderes na ind\u00fastria, facilitando aos retalhistas, distribuidores e revendedores de vapes a maximiza\u00e7\u00e3o dos lucros, ao mesmo tempo que oferecem dispositivos de topo como o <strong data-start=\"690\" data-end=\"717\">VOZOL VISTA 40000 Puffs<\/strong>.<\/p>\n<h3 data-start=\"720\" data-end=\"757\">\u2705 <strong data-start=\"729\" data-end=\"757\">Envio R\u00e1pido<\/strong><\/h3>\n<p data-start=\"758\" data-end=\"932\">Com capacidades de cumprimento global e op\u00e7\u00f5es de log\u00edstica expresso, as suas encomendas s\u00e3o enviadas <strong data-start=\"843\" data-end=\"867\">rapidamente e com seguran\u00e7a<\/strong>. Priorizamos a efici\u00eancia na entrega para manter o seu neg\u00f3cio em movimento.<\/p>\n<h3 data-start=\"934\" data-end=\"970\">\u2705 <strong data-start=\"943\" data-end=\"970\">Grande Volume, Sem Complica\u00e7\u00f5es<\/strong><\/h3>\n<p data-start=\"971\" data-end=\"1131\">Quer esteja a encomendar <strong data-start=\"995\" data-end=\"1019\">100 unidades ou 10.000+<\/strong>, o nosso processo B2B simplificado e os gestores de conta dedicados garantem uma experi\u00eancia de compra tranquila \u2014 sempre.<\/p>\n<h3 data-start=\"1133\" data-end=\"1179\">\u2705 <strong data-start=\"1142\" data-end=\"1179\">Autenticidade Garantida<\/strong><\/h3>\n<p data-start=\"1180\" data-end=\"1319\">Todos os produtos s\u00e3o 100% genu\u00ednos, verificados quanto \u00e0 seguran\u00e7a e testados em lote. Apoiamos cada envio, para que possa comprar e revender com confian\u00e7a.<\/p>\n<h3 data-start=\"1321\" data-end=\"1371\">\u2705 <strong data-start=\"1330\" data-end=\"1371\">Adaptado para Retalhistas<\/strong><\/h3>\n<p data-start=\"1372\" data-end=\"1508\">De <strong data-start=\"1377\" data-end=\"1396\">Flexibilidade de MOQ<\/strong> to <strong data-start=\"1400\" data-end=\"1434\">consultoria de marca pr\u00f3pria\/OEM<\/strong>, apoiamos as suas necessidades \u00fanicas de retalho \u2014 independentemente do seu mercado ou escala.<\/p>\n<div class=\"faqs-answer\">\n<h2 data-start=\"55\" data-end=\"63\">Perguntas Frequentes<\/h2>\n<p data-start=\"65\" data-end=\"223\"><strong data-start=\"65\" data-end=\"97\">Envia para o estrangeiro o melhor vape descart\u00e1vel de 2025?<\/strong><br data-start=\"97\" data-end=\"100\" \/>Sim, a Vapebulkp.com envia para a maioria dos pa\u00edses do mundo e lida com todo o desembara\u00e7o aduaneiro para garantir um processo de entrega tranquilo.<\/p>\n<p data-start=\"389\" data-end=\"542\"><strong data-start=\"389\" data-end=\"418\">Como posso rastrear o meu pedido?<\/strong><br data-start=\"418\" data-end=\"421\" \/>Assim que a sua encomenda for enviada, receber\u00e1 um n\u00famero de seguimento por email para que possa monitorizar facilmente o estado da sua embalagem.<\/p>\n<p data-start=\"544\" data-end=\"699\"><strong data-start=\"544\" data-end=\"574\">Posso obter um envio mais r\u00e1pido?<\/strong><br data-start=\"574\" data-end=\"577\" \/>Para uma entrega mais r\u00e1pida, recomendamos que fa\u00e7a a sua encomenda a partir do nosso armaz\u00e9m europeu, que oferece tempos de processamento e envio mais r\u00e1pidos.<\/p>\n<p data-start=\"888\" data-end=\"1079\"><strong data-start=\"888\" data-end=\"950\">O que devo fazer se receber um produto danificado ou com defeito?<\/strong><br data-start=\"950\" data-end=\"953\" \/>Se receber um artigo danificado ou com defeito, por favor, entre em contacto com a nossa equipa de apoio ao cliente para uma substitui\u00e7\u00e3o ou resolu\u00e7\u00e3o.<\/p>\n<p data-start=\"1081\" data-end=\"1235\"><strong data-start=\"1081\" data-end=\"1125\">Como posso contactar o vosso servi\u00e7o de apoio ao cliente?<\/strong><br data-start=\"1125\" data-end=\"1128\" \/>Pode contactar-nos por email, WhatsApp ou atrav\u00e9s do chat em direto no nosso website para uma assist\u00eancia r\u00e1pida.<\/p>\n<\/div>\n<h4><\/h4>\n<h2 data-start=\"52\" data-end=\"122\"><strong data-start=\"52\" data-end=\"122\">Vape VOZOL VISTA 40000 Puffs com alta contagem de puffs \u2013 Especifica\u00e7\u00f5es do Produto<\/strong><\/h2>\n<p>Nome do Produto: Kit de Pod Vape Recarreg\u00e1vel VOZOL VISTA 40000 Puffs<br \/>\nPuffs M\u00e1ximos: At\u00e9 40.000+ puffs (varia com o uso)<br \/>\nEcr\u00e3: Ecr\u00e3 LED de 270\u00b0 Sens\u00edvel ao Ritmo<br \/>\nCapacidade da Bateria: Bateria Recarreg\u00e1vel Integrada de 1000mAh<br \/>\nPorta de Carregamento: Carregamento R\u00e1pido USB Tipo-C<br \/>\nAjuste de Pot\u00eancia: Pot\u00eancia Ajust\u00e1vel de 4 N\u00edveis<br \/>\nControlo de Fluxo de Ar: Sistema de Fluxo de Ar Ajust\u00e1vel de 2 N\u00edveis<br \/>\nTecnologia da Bobina: Bobina Dupla de Malha S.i.L.C. Tech<br \/>\nM\u00e9todo de Ativa\u00e7\u00e3o: Ativado por inala\u00e7\u00e3o (sem necessidade de bot\u00e3o)<br \/>\nEstilo de Vaporiza\u00e7\u00e3o: MTL (Mouth-to-Lung)<br \/>\nTipo de Dispositivo: Dispositivo Recarreg\u00e1vel + Pods Reabastec\u00edveis<br \/>\nN\u00edvel de Utilizador: Adequado para iniciantes<\/p>\n<h2>Lista de Sabores VOZOL VISTA 40000 Puffs:<\/h2>\n<p>1. Blue Razz Ice<br \/>\nBlueberry Ice<br \/>\n3. Cereja Cola<br \/>\n4. Menta Fresca<br \/>\n5. Ma\u00e7\u00e3 Dupla<br \/>\n6. Uva Gelada<br \/>\n7. Love 777<br \/>\n8. Manga Gelada<br \/>\n9. Manga Maracuj\u00e1<br \/>\n10. Manga P\u00eassego<br \/>\n11. Mel\u00e3o Chiclete<br \/>\n12. P\u00eassego com Frutos Vermelhos<br \/>\n13. P\u00eassego Gelo<br \/>\n14. Morango com Banana<br \/>\n15. Morango Gelo<br \/>\n16. Morango Kiwi<br \/>\n17. Morango com Manga<br \/>\n18. Morango Melancia<br \/>\n19. Pastilha El\u00e1stica de Melancia<br \/>\n20. Melancia Gelo<\/p>\n<p><span style=\"vertical-align: inherit\">Encontre mais produtos que possa gostar:<\/span><em><a href=\"https:\/\/wa.me\/8618077105796\"><span style=\"vertical-align: inherit\">\u00a0Compre agora<\/span><\/a><\/em><\/p>\n<p><span style=\"vertical-align: inherit\">Outros Puffs Que Poder\u00e1 Gostar:<\/span><a href=\"https:\/\/vapebulkp.com\/pt\/product\/aivono-fat-bear-80000-puffs-3-flavors-modes-disposable-vape-bulk-wholesale\/\"><span style=\"vertical-align: inherit\">Aivono Fat Bear 80000 Vapores<\/span><\/a><span style=\"vertical-align: inherit\">\u3001<\/span><a href=\"https:\/\/vapebulkp.com\/pt\/product\/vozol-rave-40000-puffs-hot-sale-nicotine-salt-disposable-vaporizer\/\"><span style=\"vertical-align: inherit\">Vozol Rave 40000 Puffs<\/span><\/a><span style=\"vertical-align: inherit\">\/ <\/span><a href=\"https:\/\/vapebulkp.com\/pt\/product\/bang-box-80000-puffs-3-in-1-wholesale-vape-supply\/\"><span style=\"vertical-align: inherit\">Caixa Bang 80000 Puffs<\/span><\/a><span style=\"vertical-align: inherit\">\/ <\/span><a href=\"https:\/\/vapebulkp.com\/pt\/product\/bood-lumo-60000-puffs-best-price-disposable-vape-2-5-nicotine\/\"><span style=\"vertical-align: inherit\">BOOD LUMO 60000 Puffs<\/span><\/a><\/p>\n<h2 data-start=\"55\" data-end=\"75\">M\u00e9todos de Envio<\/h2>\n<p data-start=\"77\" data-end=\"345\">Na Vapebulkp.com, trabalhamos com as principais transportadoras como UPS, DHL, FedEx e DPD para fornecer um envio r\u00e1pido e fi\u00e1vel. Dependendo do pa\u00eds de destino, selecionamos o m\u00e9todo de envio mais adequado para garantir que a sua encomenda chegue o mais r\u00e1pido e seguro poss\u00edvel.<\/p>\n<ul data-start=\"347\" data-end=\"509\">\n<li data-start=\"347\" data-end=\"429\">\n<p data-start=\"349\" data-end=\"429\"><strong data-start=\"349\" data-end=\"383\">Envio para Portugal:<\/strong> Normalmente leva cerca de 10 dias para a entrega.<\/p>\n<\/li>\n<li data-start=\"430\" data-end=\"506\">\n<p data-start=\"432\" data-end=\"506\"><strong data-start=\"432\" data-end=\"467\">Envio para pa\u00edses europeus:<\/strong> Normalmente leva entre 12 a 15 dias.<\/p>\n<\/li>\n<\/ul>\n<p data-start=\"510\" data-end=\"603\">Fornecemos atualiza\u00e7\u00f5es de rastreamento em tempo real para que possa acompanhar a sua encomenda em cada etapa do caminho.<\/p>\n<p data-start=\"605\" data-end=\"856\">Para lhe oferecer uma experi\u00eancia de compra sem complica\u00e7\u00f5es, tratamos de todos os procedimentos de desalfandegamento em seu nome. N\u00e3o h\u00e1 impostos ou taxas adicionais com que se preocupar, e garantimos que 100% das nossas remessas passam pela alf\u00e2ndega com sucesso, sem quaisquer problemas.<\/p>\n<p data-start=\"858\" data-end=\"956\">Compre com confian\u00e7a na Vapebulkp.com, sabendo que a sua encomenda est\u00e1 em m\u00e3os experientes, desde o checkout at\u00e9 \u00e0 entrega.<\/p>","protected":false},"excerpt":{"rendered":"<p data-start=\"138\" data-end=\"318\">Compre Kits de Vape VOZOL VISTA 40000 Puffs \u2014 sistema de pod de vape recarreg\u00e1vel de alta capacidade com design reutiliz\u00e1vel. Ideal para compradores atacadistas que procuram dispositivos de vape premium e ecol\u00f3gicos.<\/p>\n<p>Por favor, contacte o WhatsApp da Mandy para um pre\u00e7o com desconto<a href=\"https:\/\/wa.me\/8618077105796\">+8618077105796<\/a><\/p>\n<p><img decoding=\"async\" class=\"alignnone wp-image-2151\" src=\"http:\/\/vapebulkp.com\/wp-content\/uploads\/2024\/04\/Mandy-WhatsApp-Randm.jpg\" alt=\"Mandy WhatsApp Randm\" width=\"297\" height=\"316\" srcset=\"https:\/\/vapebulkp.com\/wp-content\/uploads\/2024\/04\/Mandy-WhatsApp-Randm.jpg 916w, https:\/\/vapebulkp.com\/wp-content\/uploads\/2024\/04\/Mandy-WhatsApp-Randm-282x300.jpg 282w, https:\/\/vapebulkp.com\/wp-content\/uploads\/2024\/04\/Mandy-WhatsApp-Randm-768x817.jpg 768w, https:\/\/vapebulkp.com\/wp-content\/uploads\/2024\/04\/Mandy-WhatsApp-Randm-600x638.jpg 600w\" sizes=\"(max-width: 297px) 100vw, 297px\" \/><\/p>\n<p><span style=\"color: #ff0000\">NOTA: Os pre\u00e7os no nosso site n\u00e3o incluem os custos de envio<\/span><\/p>\n<p>Principal motivo para a compra<br \/>\n1. Excelente qualidade e desempenho inigual\u00e1vel.<\/p>\n<p>2. Pre\u00e7o competitivo e valor r\u00e1pido.<\/p>\n<p>3. M\u00faltiplas op\u00e7\u00f5es e entrega atempada.<\/p>\n<p>4. Uma experi\u00eancia de compra satisfat\u00f3ria<\/p>","protected":false},"featured_media":3920,"comment_status":"open","ping_status":"closed","template":"","meta":{"_uag_custom_page_level_css":"","_lmt_disableupdate":"no","_lmt_disable":"","site-sidebar-layout":"default","site-content-layout":"content-boxed-container","ast-site-content-layout":"normal-width-container","site-content-style":"boxed","site-sidebar-style":"unboxed","ast-global-header-display":"","ast-banner-title-visibility":"","ast-main-header-display":"","ast-hfb-above-header-display":"","ast-hfb-below-header-display":"","ast-hfb-mobile-header-display":"","site-post-title":"","ast-breadcrumbs-content":"","ast-featured-img":"","footer-sml-layout":"","theme-transparent-header-meta":"default","adv-header-id-meta":"","stick-header-meta":"","header-above-stick-meta":"","header-main-stick-meta":"","header-below-stick-meta":"","astra-migrate-meta-layouts":"set","_joinchat":[]},"product_cat":[182,153,155,33,59,100,87,34,158,157,154,152,58,84,156,63,32,364],"product_tag":[36,37,41,286,40,267],"class_list":["post-3925","product","type-product","status-publish","has-post-thumbnail","hentry","product_cat-40000-puffs-disposable-vape","product_cat-hot-disposable-vapes","product_cat-belgium-hot-disposable-vapes","product_cat-france-vape-hot-sale","product_cat-germany-hot-disposable-vape","product_cat-germany-wholesale-vape-shop","product_cat-minimum-order-quantity-50pcs","product_cat-netherlands-vape-good-sale","product_cat-norway-hot-disposable-vapes","product_cat-poland-hot-disposable-vapes","product_cat-portugal-hot-disposable-vapes","product_cat-spain-hot-disposable-vapes","product_cat-sweden-hot-disposable-vape","product_cat-sweden-wholesale-vape","product_cat-switzerland-hot-disposable-vapes","product_cat-top-sale-disposable-vape","product_cat-vape-hot-sale-this-week","product_cat-vozol-vape","product_tag-good-vape","product_tag-hot-sale-disposable-vape","product_tag-poland-hot-vape","product_tag-puffs-stock-in-europe","product_tag-sweden-hot-vape","product_tag-vozol-vista-40000-puffs","pa_brand-vozol-vape","desktop-align-left","tablet-align-left","mobile-align-left"],"yoast_head":"<!-- This site is optimized with the Yoast SEO plugin v21.1 - https:\/\/yoast.com\/wordpress\/plugins\/seo\/ -->\n<title>VOZOL VISTA 40000 Puffs Vape Wholesale Best Price - vapebulkp.com<\/title>\n<meta name=\"description\" content=\"VOZOL VISTA 40000 Puffs features a 270\u00b0 LED display, dual mesh coils, and a 1000mAh rechargeable battery. Adjustable airflow &amp; wattage for the perfect MTL vape.\" \/>\n<meta name=\"robots\" content=\"index, follow, max-snippet:-1, max-image-preview:large, max-video-preview:-1\" \/>\n<link rel=\"canonical\" href=\"https:\/\/vapebulkp.com\/pt\/product\/vozol-vista-40000-puffs-vape-wholesale-best-price\/\" \/>\n<meta property=\"og:locale\" content=\"pt_PT\" \/>\n<meta property=\"og:type\" content=\"article\" \/>\n<meta property=\"og:title\" content=\"VOZOL VISTA 40000 Puffs Vape Wholesale Best Price - vapebulkp.com\" \/>\n<meta property=\"og:description\" content=\"VOZOL VISTA 40000 Puffs features a 270\u00b0 LED display, dual mesh coils, and a 1000mAh rechargeable battery. Adjustable airflow &amp; wattage for the perfect MTL vape.\" \/>\n<meta property=\"og:url\" content=\"https:\/\/vapebulkp.com\/pt\/product\/vozol-vista-40000-puffs-vape-wholesale-best-price\/\" \/>\n<meta property=\"og:site_name\" content=\"vapebulkp.com\" \/>\n<meta property=\"article:modified_time\" content=\"2025-09-24T02:59:03+00:00\" \/>\n<meta property=\"og:image\" content=\"http:\/\/vapebulkp.com\/wp-content\/uploads\/2025\/07\/VOZOL-VISTA-40K-Puffs-Disposable-Vape-Wholesale-Price.jpg\" \/>\n\t<meta property=\"og:image:width\" content=\"800\" \/>\n\t<meta property=\"og:image:height\" content=\"800\" \/>\n\t<meta property=\"og:image:type\" content=\"image\/jpeg\" \/>\n<meta name=\"twitter:card\" content=\"summary_large_image\" \/>\n<meta name=\"twitter:label1\" content=\"Tempo estimado de leitura\" \/>\n\t<meta name=\"twitter:data1\" content=\"4 minutos\" \/>\n<script type=\"application\/ld+json\" class=\"yoast-schema-graph\">{\"@context\":\"https:\/\/schema.org\",\"@graph\":[{\"@type\":\"WebPage\",\"@id\":\"https:\/\/vapebulkp.com\/product\/vozol-vista-40000-puffs-vape-wholesale-best-price\/\",\"url\":\"https:\/\/vapebulkp.com\/product\/vozol-vista-40000-puffs-vape-wholesale-best-price\/\",\"name\":\"VOZOL VISTA 40000 Puffs Vape Wholesale Best Price - vapebulkp.com\",\"isPartOf\":{\"@id\":\"https:\/\/vapebulkp.com\/#website\"},\"datePublished\":\"2025-07-09T08:46:35+00:00\",\"dateModified\":\"2025-09-24T02:59:03+00:00\",\"description\":\"VOZOL VISTA 40000 Puffs features a 270\u00b0 LED display, dual mesh coils, and a 1000mAh rechargeable battery. Adjustable airflow & wattage for the perfect MTL vape.\",\"breadcrumb\":{\"@id\":\"https:\/\/vapebulkp.com\/product\/vozol-vista-40000-puffs-vape-wholesale-best-price\/#breadcrumb\"},\"inLanguage\":\"pt-PT\",\"potentialAction\":[{\"@type\":\"ReadAction\",\"target\":[\"https:\/\/vapebulkp.com\/product\/vozol-vista-40000-puffs-vape-wholesale-best-price\/\"]}]},{\"@type\":\"BreadcrumbList\",\"@id\":\"https:\/\/vapebulkp.com\/product\/vozol-vista-40000-puffs-vape-wholesale-best-price\/#breadcrumb\",\"itemListElement\":[{\"@type\":\"ListItem\",\"position\":1,\"name\":\"Home\",\"item\":\"https:\/\/vapebulkp.com\/\"},{\"@type\":\"ListItem\",\"position\":2,\"name\":\"Hot Trend Vapes\",\"item\":\"https:\/\/vapebulkp.com\/vape-shop\/\"},{\"@type\":\"ListItem\",\"position\":3,\"name\":\"VOZOL VISTA 40000 Puffs Vape Wholesale Best Price\"}]},{\"@type\":\"WebSite\",\"@id\":\"https:\/\/vapebulkp.com\/#website\",\"url\":\"https:\/\/vapebulkp.com\/\",\"name\":\"vapebulkp.com\",\"description\":\"Buy Vape In Cheap Bulk Price Near you\",\"publisher\":{\"@id\":\"https:\/\/vapebulkp.com\/#organization\"},\"potentialAction\":[{\"@type\":\"SearchAction\",\"target\":{\"@type\":\"EntryPoint\",\"urlTemplate\":\"https:\/\/vapebulkp.com\/?s={search_term_string}\"},\"query-input\":\"required name=search_term_string\"}],\"inLanguage\":\"pt-PT\"},{\"@type\":\"Organization\",\"@id\":\"https:\/\/vapebulkp.com\/#organization\",\"name\":\"vapebulkp.com\",\"url\":\"https:\/\/vapebulkp.com\/\",\"logo\":{\"@type\":\"ImageObject\",\"inLanguage\":\"pt-PT\",\"@id\":\"https:\/\/vapebulkp.com\/#\/schema\/logo\/image\/\",\"url\":\"https:\/\/vapebulkp.com\/wp-content\/uploads\/2023\/09\/cropped-vapebulkp.png\",\"contentUrl\":\"https:\/\/vapebulkp.com\/wp-content\/uploads\/2023\/09\/cropped-vapebulkp.png\",\"width\":516,\"height\":163,\"caption\":\"vapebulkp.com\"},\"image\":{\"@id\":\"https:\/\/vapebulkp.com\/#\/schema\/logo\/image\/\"}}]}<\/script>\n<!-- \/ Yoast SEO plugin. -->","yoast_head_json":{"title":"VOZOL VISTA 40000 Puffs Vape Wholesale Best Price - vapebulkp.com","description":"VOZOL VISTA 40000 Puffs features a 270\u00b0 LED display, dual mesh coils, and a 1000mAh rechargeable battery. Adjustable airflow & wattage for the perfect MTL vape.","robots":{"index":"index","follow":"follow","max-snippet":"max-snippet:-1","max-image-preview":"max-image-preview:large","max-video-preview":"max-video-preview:-1"},"canonical":"https:\/\/vapebulkp.com\/pt\/product\/vozol-vista-40000-puffs-vape-wholesale-best-price\/","og_locale":"pt_PT","og_type":"article","og_title":"VOZOL VISTA 40000 Puffs Vape Wholesale Best Price - vapebulkp.com","og_description":"VOZOL VISTA 40000 Puffs features a 270\u00b0 LED display, dual mesh coils, and a 1000mAh rechargeable battery. Adjustable airflow & wattage for the perfect MTL vape.","og_url":"https:\/\/vapebulkp.com\/pt\/product\/vozol-vista-40000-puffs-vape-wholesale-best-price\/","og_site_name":"vapebulkp.com","article_modified_time":"2025-09-24T02:59:03+00:00","og_image":[{"width":800,"height":800,"url":"http:\/\/vapebulkp.com\/wp-content\/uploads\/2025\/07\/VOZOL-VISTA-40K-Puffs-Disposable-Vape-Wholesale-Price.jpg","type":"image\/jpeg"}],"twitter_card":"summary_large_image","twitter_misc":{"Tempo estimado de leitura":"4 minutos"},"schema":{"@context":"https:\/\/schema.org","@graph":[{"@type":"WebPage","@id":"https:\/\/vapebulkp.com\/product\/vozol-vista-40000-puffs-vape-wholesale-best-price\/","url":"https:\/\/vapebulkp.com\/product\/vozol-vista-40000-puffs-vape-wholesale-best-price\/","name":"VOZOL VISTA 40000 Puffs Vape Wholesale Best Price - vapebulkp.com","isPartOf":{"@id":"https:\/\/vapebulkp.com\/#website"},"datePublished":"2025-07-09T08:46:35+00:00","dateModified":"2025-09-24T02:59:03+00:00","description":"VOZOL VISTA 40000 Puffs features a 270\u00b0 LED display, dual mesh coils, and a 1000mAh rechargeable battery. Adjustable airflow & wattage for the perfect MTL vape.","breadcrumb":{"@id":"https:\/\/vapebulkp.com\/product\/vozol-vista-40000-puffs-vape-wholesale-best-price\/#breadcrumb"},"inLanguage":"pt-PT","potentialAction":[{"@type":"ReadAction","target":["https:\/\/vapebulkp.com\/product\/vozol-vista-40000-puffs-vape-wholesale-best-price\/"]}]},{"@type":"BreadcrumbList","@id":"https:\/\/vapebulkp.com\/product\/vozol-vista-40000-puffs-vape-wholesale-best-price\/#breadcrumb","itemListElement":[{"@type":"ListItem","position":1,"name":"Home","item":"https:\/\/vapebulkp.com\/"},{"@type":"ListItem","position":2,"name":"Hot Trend Vapes","item":"https:\/\/vapebulkp.com\/vape-shop\/"},{"@type":"ListItem","position":3,"name":"VOZOL VISTA 40000 Puffs Vape Wholesale Best Price"}]},{"@type":"WebSite","@id":"https:\/\/vapebulkp.com\/#website","url":"https:\/\/vapebulkp.com\/","name":"vapebulkp.com","description":"Buy Vape In Cheap Bulk Price Near you","publisher":{"@id":"https:\/\/vapebulkp.com\/#organization"},"potentialAction":[{"@type":"SearchAction","target":{"@type":"EntryPoint","urlTemplate":"https:\/\/vapebulkp.com\/?s={search_term_string}"},"query-input":"required name=search_term_string"}],"inLanguage":"pt-PT"},{"@type":"Organization","@id":"https:\/\/vapebulkp.com\/#organization","name":"vapebulkp.com","url":"https:\/\/vapebulkp.com\/","logo":{"@type":"ImageObject","inLanguage":"pt-PT","@id":"https:\/\/vapebulkp.com\/#\/schema\/logo\/image\/","url":"https:\/\/vapebulkp.com\/wp-content\/uploads\/2023\/09\/cropped-vapebulkp.png","contentUrl":"https:\/\/vapebulkp.com\/wp-content\/uploads\/2023\/09\/cropped-vapebulkp.png","width":516,"height":163,"caption":"vapebulkp.com"},"image":{"@id":"https:\/\/vapebulkp.com\/#\/schema\/logo\/image\/"}}]}},"uagb_featured_image_src":{"full":["https:\/\/vapebulkp.com\/wp-content\/uploads\/2025\/07\/VOZOL-VISTA-40K-Puffs-Disposable-Vape-Wholesale-Price.jpg",800,800,false],"thumbnail":["https:\/\/vapebulkp.com\/wp-content\/uploads\/2025\/07\/VOZOL-VISTA-40K-Puffs-Disposable-Vape-Wholesale-Price-150x150.jpg",150,150,true],"medium":["https:\/\/vapebulkp.com\/wp-content\/uploads\/2025\/07\/VOZOL-VISTA-40K-Puffs-Disposable-Vape-Wholesale-Price-300x300.jpg",300,300,true],"medium_large":["https:\/\/vapebulkp.com\/wp-content\/uploads\/2025\/07\/VOZOL-VISTA-40K-Puffs-Disposable-Vape-Wholesale-Price-768x768.jpg",768,768,true],"large":["https:\/\/vapebulkp.com\/wp-content\/uploads\/2025\/07\/VOZOL-VISTA-40K-Puffs-Disposable-Vape-Wholesale-Price.jpg",800,800,false],"1536x1536":["https:\/\/vapebulkp.com\/wp-content\/uploads\/2025\/07\/VOZOL-VISTA-40K-Puffs-Disposable-Vape-Wholesale-Price.jpg",800,800,false],"2048x2048":["https:\/\/vapebulkp.com\/wp-content\/uploads\/2025\/07\/VOZOL-VISTA-40K-Puffs-Disposable-Vape-Wholesale-Price.jpg",800,800,false],"trp-custom-language-flag":["https:\/\/vapebulkp.com\/wp-content\/uploads\/2025\/07\/VOZOL-VISTA-40K-Puffs-Disposable-Vape-Wholesale-Price.jpg",12,12,false],"woocommerce_thumbnail":["https:\/\/vapebulkp.com\/wp-content\/uploads\/2025\/07\/VOZOL-VISTA-40K-Puffs-Disposable-Vape-Wholesale-Price-300x300.jpg",300,300,true],"woocommerce_single":["https:\/\/vapebulkp.com\/wp-content\/uploads\/2025\/07\/VOZOL-VISTA-40K-Puffs-Disposable-Vape-Wholesale-Price-600x600.jpg",600,600,true],"woocommerce_gallery_thumbnail":["https:\/\/vapebulkp.com\/wp-content\/uploads\/2025\/07\/VOZOL-VISTA-40K-Puffs-Disposable-Vape-Wholesale-Price-100x100.jpg",100,100,true],"wcpr-photo-reviews":["https:\/\/vapebulkp.com\/wp-content\/uploads\/2025\/07\/VOZOL-VISTA-40K-Puffs-Disposable-Vape-Wholesale-Price.jpg",500,500,false]},"uagb_author_info":{"display_name":"Mandy vape bulk price","author_link":"https:\/\/vapebulkp.com\/pt\/author\/"},"uagb_comment_info":0,"uagb_excerpt":"Shop VOZOL VISTA 40000 puffs Vape Kits\u2014high capacity rechargeable vape pod system with reusable design. Ideal for wholesale buyers seeking premium, eco-friendly vapes devices. Pls Contact Mandy's WhatsApp For Discount Price+8618077105796 NOTE: Prices on our website does not include shipping costs Main reason for purchase 1. Excellent quality and unparalleled performance. 2. Competitive price and&hellip;","_links":{"self":[{"href":"https:\/\/vapebulkp.com\/pt\/wp-json\/wp\/v2\/product\/3925","targetHints":{"allow":["GET"]}}],"collection":[{"href":"https:\/\/vapebulkp.com\/pt\/wp-json\/wp\/v2\/product"}],"about":[{"href":"https:\/\/vapebulkp.com\/pt\/wp-json\/wp\/v2\/types\/product"}],"replies":[{"embeddable":true,"href":"https:\/\/vapebulkp.com\/pt\/wp-json\/wp\/v2\/comments?post=3925"}],"wp:featuredmedia":[{"embeddable":true,"href":"https:\/\/vapebulkp.com\/pt\/wp-json\/wp\/v2\/media\/3920"}],"wp:attachment":[{"href":"https:\/\/vapebulkp.com\/pt\/wp-json\/wp\/v2\/media?parent=3925"}],"wp:term":[{"taxonomy":"product_cat","embeddable":true,"href":"https:\/\/vapebulkp.com\/pt\/wp-json\/wp\/v2\/product_cat?post=3925"},{"taxonomy":"product_tag","embeddable":true,"href":"https:\/\/vapebulkp.com\/pt\/wp-json\/wp\/v2\/product_tag?post=3925"}],"curies":[{"name":"wp","href":"https:\/\/api.w.org\/{rel}","templated":true}]}}