{"id":4090,"date":"2025-08-13T05:52:14","date_gmt":"2025-08-13T03:52:14","guid":{"rendered":"https:\/\/vapebulkp.com\/?post_type=product&#038;p=4090"},"modified":"2025-09-24T05:31:10","modified_gmt":"2025-09-24T03:31:10","slug":"buy-bang-de-80000-puffs-disposable-vape-cheap-price-for-bulk-order","status":"publish","type":"product","link":"https:\/\/vapebulkp.com\/pt\/product\/buy-bang-de-80000-puffs-disposable-vape-cheap-price-for-bulk-order\/","title":{"rendered":"Comprar Vape Descart\u00e1vel Bang DE 80000 Puffs Pre\u00e7o Barato para Encomendas a Granel"},"content":{"rendered":"<h2>Comprar Vape Descart\u00e1vel Bang DE 80000 Puffs Pre\u00e7o Barato para Encomendas a Granel<\/h2>\n<div class=\"pointer-events-none h-px w-px\" aria-hidden=\"true\" data-edge=\"true\">\n<p>O Bang DE 80000 Puffs \u00e9 uma revolu\u00e7\u00e3o na tecnologia de vaporizadores descart\u00e1veis, concebido para o exigente mercado europeu. Este Bang DE <a href=\"https:\/\/vapebulkp.com\/pt\/product-category\/80000-puffs-disposable-vape\/\">Vape Descart\u00e1vel 80000 Inala\u00e7\u00f5es<\/a> combina uma capacidade monumental com funcionalidade avan\u00e7ada, tornando-o na escolha definitiva para vapers que procuram um desempenho e valor inigual\u00e1veis.<\/p>\n<p>Experimente um novo n\u00edvel de sabor com o revolucion\u00e1rio sistema 3-em-1 de Sabor Triplo. Este inovador vape pod cont\u00e9m tr\u00eas reservat\u00f3rios separados e pr\u00e9-cheios de 20ml de e-l\u00edquido, dando-lhe um total de 60ml de e-l\u00edquido premium. Este design inteligente permite-lhe alternar sem esfor\u00e7o entre tr\u00eas sabores diferentes, prevenindo a fadiga do paladar e garantindo uma experi\u00eancia de vaporiza\u00e7\u00e3o consistentemente fresca e agrad\u00e1vel.<\/p>\n<p>O dispositivo de vaporiza\u00e7\u00e3o \u00e9 alimentado por uma robusta bateria recarreg\u00e1vel de 650mAh e uma conveniente porta de carregamento Tipo-C, garantindo que pode utilizar totalmente a sua incr\u00edvel capacidade de 80.000 baforadas. Uma tecnologia de bobina de malha de 1.0\u03a9 incorporada proporciona uma experi\u00eancia MTL suave e satisfat\u00f3ria, oferecendo um sabor rico e vapor consistente a cada utiliza\u00e7\u00e3o. O Bang DE 80000 \u00e9 uma solu\u00e7\u00e3o de vaporiza\u00e7\u00e3o de alto desempenho e econ\u00f3mica que oferece sabor e longevidade excecionais, tornando-o num l\u00edder de mercado para uso pessoal e venda a grosso de vaporizadores.<\/p>\n<\/div>\n<h6><span style=\"color: #ff0000\">Por favor, contacte o WhatsApp da Mandy para um pre\u00e7o com desconto<a style=\"color: #ff0000\" href=\"https:\/\/wa.me\/8618077105796\">+8618077105796<\/a><\/span><\/h6>\n<p><img decoding=\"async\" class=\"alignnone wp-image-2151\" src=\"http:\/\/vapebulkp.com\/wp-content\/uploads\/2024\/04\/Mandy-WhatsApp-Randm.jpg\" alt=\"Mandy WhatsApp Randm\" width=\"271\" height=\"289\" srcset=\"https:\/\/vapebulkp.com\/wp-content\/uploads\/2024\/04\/Mandy-WhatsApp-Randm.jpg 916w, https:\/\/vapebulkp.com\/wp-content\/uploads\/2024\/04\/Mandy-WhatsApp-Randm-282x300.jpg 282w, https:\/\/vapebulkp.com\/wp-content\/uploads\/2024\/04\/Mandy-WhatsApp-Randm-768x817.jpg 768w, https:\/\/vapebulkp.com\/wp-content\/uploads\/2024\/04\/Mandy-WhatsApp-Randm-600x638.jpg 600w\" sizes=\"(max-width: 271px) 100vw, 271px\" \/><\/p>\n<h2><strong>Por que Comprar o vape pod Bang DE 80k Puffs na <a href=\"https:\/\/vapebulkp.com\/pt\/\">Vapebulkp.com<\/a>?<\/strong><\/h2>\n<p>Escolher Vapebulkp.com para o seu Bang DE 80000 Puffs significa que obt\u00e9m o melhor valor e tranquilidade.<\/p>\n<ul>\n<li><b>Pre\u00e7os por Atacado Mais Baixos:<\/b> Especializamo-nos em encomendas em grande quantidade, garantindo-lhe os pre\u00e7os mais competitivos do mercado.<\/li>\n<li><b>Produtos 100% Aut\u00eanticos:<\/b> N\u00f3s adquirimos diretamente do fabricante, para que obtenha sempre um produto genu\u00edno e de alta qualidade.<\/li>\n<li><b>Envio R\u00e1pido para Portugal:<\/b> Os nossos parceiros de log\u00edstica fi\u00e1veis garantem que a sua encomenda chega at\u00e9 si de forma r\u00e1pida e segura.<\/li>\n<li><b>Suporte Dedicado:<\/b> A nossa equipa de apoio ao cliente est\u00e1 sempre aqui para ajudar com qualquer quest\u00e3o que tenha.<\/li>\n<\/ul>\n<div class=\"faqs-answer\">\n<h2 data-start=\"55\" data-end=\"63\">Perguntas Frequentes Sobre o Vaporizador em Quantidade Bang DE 80000 Puff:<\/h2>\n<p><b>Q1: O que torna o Vaporizador Descart\u00e1vel Bang DE 80k Puffs \u00fanico?<\/b><\/p>\n<p><b>R1:<\/b> Ele apresenta um \u00fanico <b>sistema de 3 sabores em 1<\/b> com um total de <b>60ml de e-l\u00edquido<\/b> (3x20ml pods) e uma bateria recarreg\u00e1vel <b>Bateria de 650mAh<\/b>, oferecendo uma vida \u00fatil incr\u00edvel e variedade de sabores.<\/p>\n<p><b>Q2: Quantas baforadas posso obter deste dispositivo?<\/b><\/p>\n<p><b>R2:<\/b> O Bang DE foi projetado para fornecer at\u00e9 <b>80000 baforadas<\/b>, tornando-o um dos vapes descart\u00e1veis com maior durabilidade dispon\u00edvel.<\/p>\n<p><b>Q3: O dispositivo \u00e9 recarreg\u00e1vel?<\/b><\/p>\n<p><b>R3:<\/b> Sim, est\u00e1 equipado com um <b>Bateria de 650mAh<\/b> e um <b>porta de carregamento Tipo-C<\/b>, para que possa recarreg\u00e1-lo facilmente para terminar todo o e-l\u00edquido.<\/p>\n<p><b>Q4: Este produto oferece sabores diferentes?<\/b><\/p>\n<p><b>R4:<\/b> Sim, o dispositivo possui um <b>Sistema de pod de sabor 3-em-1<\/b>, permitindo que voc\u00ea desfrute de tr\u00eas sabores diferentes de um \u00fanico dispositivo.<\/p>\n<p data-start=\"389\" data-end=\"542\"><strong data-start=\"389\" data-end=\"418\">Q5: Como posso rastrear meu pedido?<\/strong><br data-start=\"418\" data-end=\"421\" \/><strong data-start=\"173\" data-end=\"179\">R5:<\/strong>Assim que a sua encomenda for enviada, receber\u00e1 um n\u00famero de seguimento por email para que possa monitorizar facilmente o estado da sua embalagem.<\/p>\n<p data-start=\"544\" data-end=\"699\"><strong data-start=\"544\" data-end=\"574\">Q6: Posso obter um envio mais r\u00e1pido?<\/strong><br data-start=\"574\" data-end=\"577\" \/><strong data-start=\"173\" data-end=\"179\">R6:<\/strong>Para uma entrega mais r\u00e1pida, recomendamos que fa\u00e7a a sua encomenda a partir do nosso armaz\u00e9m europeu, que oferece tempos de processamento e envio mais r\u00e1pidos.<\/p>\n<p data-start=\"888\" data-end=\"1079\"><strong data-start=\"888\" data-end=\"950\">Q7: O que devo fazer se receber um produto danificado ou com defeito?<\/strong><br data-start=\"950\" data-end=\"953\" \/><strong data-start=\"173\" data-end=\"179\">R7:<\/strong>Se receber um artigo danificado ou com defeito, por favor, entre em contacto com a nossa equipa de apoio ao cliente para uma substitui\u00e7\u00e3o ou resolu\u00e7\u00e3o.<\/p>\n<p data-start=\"1081\" data-end=\"1235\"><strong data-start=\"1081\" data-end=\"1125\">Q8: Como posso entrar em contato com o servi\u00e7o de atendimento ao cliente?<\/strong><br data-start=\"1125\" data-end=\"1128\" \/><strong data-start=\"173\" data-end=\"179\">A8:<\/strong>Pode contactar-nos por email, WhatsApp ou atrav\u00e9s do chat em direto no nosso website para uma assist\u00eancia r\u00e1pida.<\/p>\n<\/div>\n<h4><\/h4>\n<h2 data-start=\"52\" data-end=\"122\"><strong data-start=\"52\" data-end=\"122\">Vape Atacado Bang DE 80000 Puffs \u2013 Especifica\u00e7\u00f5es do Produto<\/strong><\/h2>\n<table>\n<thead>\n<tr>\n<td>Caracter\u00edstica do Vape Bang<\/td>\n<td>Especifica\u00e7\u00e3o<\/td>\n<\/tr>\n<\/thead>\n<tbody>\n<tr>\n<td><b>Baforadas<\/b><\/td>\n<td>At\u00e9 80.000<\/td>\n<\/tr>\n<tr>\n<td><b>Capacidade do E-l\u00edquido<\/b><\/td>\n<td>60ml no total (3 x 20ml Pods pr\u00e9-carregados)<\/td>\n<\/tr>\n<tr>\n<td><b>Sabores<\/b><\/td>\n<td>Sistema de Sabor Triplo 3-em-1 (Ajust\u00e1vel)<\/td>\n<\/tr>\n<tr>\n<td><b>Bateria<\/b><\/td>\n<td>650mAh (Recarreg\u00e1vel)<\/td>\n<\/tr>\n<tr>\n<td><b>Bobina<\/b><\/td>\n<td>Bobina de Malha de 1.0\u03a9 (Sistema de Bobina de Malha Tripla)<\/td>\n<\/tr>\n<tr>\n<td><b>Carregamento<\/b><\/td>\n<td>Porta Tipo-C<\/td>\n<\/tr>\n<tr>\n<td><b>Teor de Nicotina<\/b><\/td>\n<td>0%, 2%, 3%, 5% (As op\u00e7\u00f5es podem variar)<\/td>\n<\/tr>\n<tr>\n<td><b>Ecr\u00e3<\/b><\/td>\n<td>Ecr\u00e3 LCD Inteligente (Mostra os n\u00edveis de bateria e e-l\u00edquido)<\/td>\n<\/tr>\n<\/tbody>\n<\/table>\n<h2>Lista de sabores descart\u00e1veis recarreg\u00e1veis Bang DE 80000 Puffs:<\/h2>\n<p class=\"selectable-text copyable-text x15bjb6t x1n2onr6\" dir=\"ltr\">1. Sabor a melancia gelada<br \/>\n2. Mirtilo gelado<br \/>\n3. Mirtilo melancia<br \/>\n4. Gelo do Drag\u00e3o Negro<br \/>\n5. Morango melancia<br \/>\n6. Mirtilo razz<br \/>\n7. Mirtilo gelado<br \/>\n8. Melancia fruta do drag\u00e3o<br \/>\n9. Mirtilo framboesa<br \/>\n10. Melancia gelada<br \/>\n11. Mirtilo razz<br \/>\n12. Cola de cereja gelada<\/p>\n<p><span style=\"vertical-align: inherit\">Encontre mais produtos que possa gostar:<\/span><em><a href=\"https:\/\/wa.me\/8618077105796\"><span style=\"vertical-align: inherit\">\u00a0Compre agora<\/span><\/a><\/em><\/p>\n<p><span style=\"vertical-align: inherit\">Outros Puffs Que Poder\u00e1 Gostar:<\/span><a href=\"https:\/\/vapebulkp.com\/pt\/product\/aivono-fat-bear-80000-puffs-3-flavors-modes-disposable-vape-bulk-wholesale\/\"><span style=\"vertical-align: inherit\">Aivono Fat Bear 80000 Vapores<\/span><\/a><span style=\"vertical-align: inherit\">\u3001<\/span><a href=\"https:\/\/vapebulkp.com\/pt\/product\/vozol-rave-40000-puffs-hot-sale-nicotine-salt-disposable-vaporizer\/\"><span style=\"vertical-align: inherit\">Vozol Rave 40000 Puffs<\/span><\/a><span style=\"vertical-align: inherit\">\/ <\/span><a href=\"https:\/\/vapebulkp.com\/pt\/product\/bang-box-80000-puffs-3-in-1-wholesale-vape-supply\/\"><span style=\"vertical-align: inherit\">Caixa Bang 80000 Puffs<\/span><\/a><span style=\"vertical-align: inherit\">\/ <\/span><a href=\"https:\/\/vapebulkp.com\/pt\/product\/vapme-shisha-30000-puffs-hot-sale-rechargeable-e-cigarette\/\"><span style=\"vertical-align: inherit\">\u00a0Vapme shisha 30000 baforadas<\/span><\/a><\/p>","protected":false},"excerpt":{"rendered":"<article class=\"text-token-text-primary w-full\" dir=\"auto\" data-testid=\"conversation-turn-10\" data-scroll-anchor=\"true\">\n<div class=\"text-base my-auto mx-auto pb-10 [--thread-content-margin:--spacing(4)] @[37rem]:[--thread-content-margin:--spacing(6)] @[72rem]:[--thread-content-margin:--spacing(16)] px-(--thread-content-margin)\">\n<div class=\"[--thread-content-max-width:32rem] @[34rem]:[--thread-content-max-width:40rem] @[64rem]:[--thread-content-max-width:48rem] mx-auto flex max-w-(--thread-content-max-width) flex-1 text-base gap-4 md:gap-5 lg:gap-6 group\/turn-messages focus-visible:outline-hidden\">\n<div class=\"group\/conversation-turn relative flex w-full min-w-0 flex-col agent-turn\">\n<div class=\"relative flex-col gap-1 md:gap-3\">\n<div class=\"flex max-w-full flex-col grow\">\n<div class=\"min-h-8 text-message relative flex w-full flex-col items-end gap-2 text-start break-words whitespace-normal [.text-message+&amp;]:mt-5\" dir=\"auto\" data-message-author-role=\"assistant\" data-message-id=\"9612def3-530c-4871-9e19-e5f6b9349475\" data-message-model-slug=\"gpt-4o\">\n<div class=\"flex w-full flex-col gap-1 empty:hidden first:pt-[3px]\">\n<div class=\"markdown prose dark:prose-invert w-full break-words light\">\n<p data-start=\"313\" data-end=\"481\">Adquira o vaporizador Bang DE 80000 Puffs, um vaporizador descart\u00e1vel recarreg\u00e1vel de longa dura\u00e7\u00e3o. Com tr\u00eas sabores num s\u00f3 dispositivo e uma enorme capacidade de 60ml de e-l\u00edquido para um vaporizar sem fim. Pre\u00e7os baratos para encomendas em quantidade dispon\u00edveis.<\/p>\n<\/div>\n<\/div>\n<\/div>\n<\/div>\n<\/div>\n<\/div>\n<\/div>\n<\/div>\n<\/article>\n<p>Por favor, contacte o WhatsApp da Mandy para Pre\u00e7o com Desconto\ud83d\udcf1<span style=\"color: #ff0000\"><a style=\"color: #ff0000\" href=\"https:\/\/wa.me\/8618077105796\">+8618077105796<\/a><\/span><\/p>\n<p><img decoding=\"async\" class=\"alignnone wp-image-2151\" src=\"http:\/\/vapebulkp.com\/wp-content\/uploads\/2024\/04\/Mandy-WhatsApp-Randm.jpg\" alt=\"Mandy WhatsApp Randm\" width=\"297\" height=\"316\" srcset=\"https:\/\/vapebulkp.com\/wp-content\/uploads\/2024\/04\/Mandy-WhatsApp-Randm.jpg 916w, https:\/\/vapebulkp.com\/wp-content\/uploads\/2024\/04\/Mandy-WhatsApp-Randm-282x300.jpg 282w, https:\/\/vapebulkp.com\/wp-content\/uploads\/2024\/04\/Mandy-WhatsApp-Randm-768x817.jpg 768w, https:\/\/vapebulkp.com\/wp-content\/uploads\/2024\/04\/Mandy-WhatsApp-Randm-600x638.jpg 600w\" sizes=\"(max-width: 297px) 100vw, 297px\" \/><\/p>\n<p><span style=\"color: #ff0000\">NOTA: Os pre\u00e7os no nosso site n\u00e3o incluem os custos de envio<\/span><\/p>\n<p>Principal motivo para a compra<br \/>\n1. Excelente qualidade e desempenho inigual\u00e1vel.<\/p>\n<p>2. Pre\u00e7o competitivo e valor r\u00e1pido.<\/p>\n<p>3. M\u00faltiplas op\u00e7\u00f5es e entrega atempada.<\/p>\n<p>4. Uma experi\u00eancia de compra satisfat\u00f3ria<\/p>","protected":false},"featured_media":4088,"comment_status":"open","ping_status":"closed","template":"","meta":{"_uag_custom_page_level_css":"","_lmt_disableupdate":"no","_lmt_disable":"","site-sidebar-layout":"default","site-content-layout":"content-boxed-container","ast-site-content-layout":"normal-width-container","site-content-style":"boxed","site-sidebar-style":"unboxed","ast-global-header-display":"","ast-banner-title-visibility":"","ast-main-header-display":"","ast-hfb-above-header-display":"","ast-hfb-below-header-display":"","ast-hfb-mobile-header-display":"","site-post-title":"","ast-breadcrumbs-content":"","ast-featured-img":"","footer-sml-layout":"","theme-transparent-header-meta":"default","adv-header-id-meta":"","stick-header-meta":"","header-above-stick-meta":"","header-main-stick-meta":"","header-below-stick-meta":"","astra-migrate-meta-layouts":"set","_joinchat":[]},"product_cat":[247,153,345,155,33,59,100,87,34,158,157,154,152,58,84,156,63,32],"product_tag":[36,37,41,40],"class_list":["post-4090","product","type-product","status-publish","has-post-thumbnail","hentry","product_cat-80000-puffs-disposable-vape","product_cat-hot-disposable-vapes","product_cat-bang-vapes","product_cat-belgium-hot-disposable-vapes","product_cat-france-vape-hot-sale","product_cat-germany-hot-disposable-vape","product_cat-germany-wholesale-vape-shop","product_cat-minimum-order-quantity-50pcs","product_cat-netherlands-vape-good-sale","product_cat-norway-hot-disposable-vapes","product_cat-poland-hot-disposable-vapes","product_cat-portugal-hot-disposable-vapes","product_cat-spain-hot-disposable-vapes","product_cat-sweden-hot-disposable-vape","product_cat-sweden-wholesale-vape","product_cat-switzerland-hot-disposable-vapes","product_cat-top-sale-disposable-vape","product_cat-vape-hot-sale-this-week","product_tag-good-vape","product_tag-hot-sale-disposable-vape","product_tag-poland-hot-vape","product_tag-sweden-hot-vape","pa_brand-bang-vape","desktop-align-left","tablet-align-left","mobile-align-left"],"yoast_head":"<!-- This site is optimized with the Yoast SEO plugin v21.1 - https:\/\/yoast.com\/wordpress\/plugins\/seo\/ -->\n<title>Buy Bang DE 80000 Puffs Disposable Vape Cheap Price for Bulk Order - vapebulkp.com<\/title>\n<meta name=\"description\" content=\"Get the Bang DE 80000 Puffs Disposable Vape with 3-in-1 Triple Flavor Vape, 60ml e-liquid, and 650mAh rechargeable disposable vape battery. Fast EU shipping \u2014 order wholesale now!\" \/>\n<meta name=\"robots\" content=\"index, follow, max-snippet:-1, max-image-preview:large, max-video-preview:-1\" \/>\n<link rel=\"canonical\" href=\"https:\/\/vapebulkp.com\/pt\/product\/buy-bang-de-80000-puffs-disposable-vape-cheap-price-for-bulk-order\/\" \/>\n<meta property=\"og:locale\" content=\"pt_PT\" \/>\n<meta property=\"og:type\" content=\"article\" \/>\n<meta property=\"og:title\" content=\"Buy Bang DE 80000 Puffs Disposable Vape Cheap Price for Bulk Order - vapebulkp.com\" \/>\n<meta property=\"og:description\" content=\"Get the Bang DE 80000 Puffs Disposable Vape with 3-in-1 Triple Flavor Vape, 60ml e-liquid, and 650mAh rechargeable disposable vape battery. Fast EU shipping \u2014 order wholesale now!\" \/>\n<meta property=\"og:url\" content=\"https:\/\/vapebulkp.com\/pt\/product\/buy-bang-de-80000-puffs-disposable-vape-cheap-price-for-bulk-order\/\" \/>\n<meta property=\"og:site_name\" content=\"vapebulkp.com\" \/>\n<meta property=\"article:modified_time\" content=\"2025-09-24T03:31:10+00:00\" \/>\n<meta property=\"og:image\" content=\"http:\/\/vapebulkp.com\/wp-content\/uploads\/2025\/08\/Shop-Bang-DE-80000-Puffs-Disposable-Vape-at-Cheap-Wholesale-Price.webp\" \/>\n\t<meta property=\"og:image:width\" content=\"800\" \/>\n\t<meta property=\"og:image:height\" content=\"800\" \/>\n\t<meta property=\"og:image:type\" content=\"image\/webp\" \/>\n<meta name=\"twitter:card\" content=\"summary_large_image\" \/>\n<meta name=\"twitter:label1\" content=\"Tempo estimado de leitura\" \/>\n\t<meta name=\"twitter:data1\" content=\"4 minutos\" \/>\n<script type=\"application\/ld+json\" class=\"yoast-schema-graph\">{\"@context\":\"https:\/\/schema.org\",\"@graph\":[{\"@type\":\"WebPage\",\"@id\":\"https:\/\/vapebulkp.com\/product\/buy-bang-de-80000-puffs-disposable-vape-cheap-price-for-bulk-order\/\",\"url\":\"https:\/\/vapebulkp.com\/product\/buy-bang-de-80000-puffs-disposable-vape-cheap-price-for-bulk-order\/\",\"name\":\"Buy Bang DE 80000 Puffs Disposable Vape Cheap Price for Bulk Order - vapebulkp.com\",\"isPartOf\":{\"@id\":\"https:\/\/vapebulkp.com\/#website\"},\"datePublished\":\"2025-08-13T03:52:14+00:00\",\"dateModified\":\"2025-09-24T03:31:10+00:00\",\"description\":\"Get the Bang DE 80000 Puffs Disposable Vape with 3-in-1 Triple Flavor Vape, 60ml e-liquid, and 650mAh rechargeable disposable vape battery. Fast EU shipping \u2014 order wholesale now!\",\"breadcrumb\":{\"@id\":\"https:\/\/vapebulkp.com\/product\/buy-bang-de-80000-puffs-disposable-vape-cheap-price-for-bulk-order\/#breadcrumb\"},\"inLanguage\":\"pt-PT\",\"potentialAction\":[{\"@type\":\"ReadAction\",\"target\":[\"https:\/\/vapebulkp.com\/product\/buy-bang-de-80000-puffs-disposable-vape-cheap-price-for-bulk-order\/\"]}]},{\"@type\":\"BreadcrumbList\",\"@id\":\"https:\/\/vapebulkp.com\/product\/buy-bang-de-80000-puffs-disposable-vape-cheap-price-for-bulk-order\/#breadcrumb\",\"itemListElement\":[{\"@type\":\"ListItem\",\"position\":1,\"name\":\"Home\",\"item\":\"https:\/\/vapebulkp.com\/\"},{\"@type\":\"ListItem\",\"position\":2,\"name\":\"Hot Trend Vapes\",\"item\":\"https:\/\/vapebulkp.com\/vape-shop\/\"},{\"@type\":\"ListItem\",\"position\":3,\"name\":\"Buy Bang DE 80000 Puffs Disposable Vape Cheap Price for Bulk Order\"}]},{\"@type\":\"WebSite\",\"@id\":\"https:\/\/vapebulkp.com\/#website\",\"url\":\"https:\/\/vapebulkp.com\/\",\"name\":\"vapebulkp.com\",\"description\":\"Buy Vape In Cheap Bulk Price Near you\",\"publisher\":{\"@id\":\"https:\/\/vapebulkp.com\/#organization\"},\"potentialAction\":[{\"@type\":\"SearchAction\",\"target\":{\"@type\":\"EntryPoint\",\"urlTemplate\":\"https:\/\/vapebulkp.com\/?s={search_term_string}\"},\"query-input\":\"required name=search_term_string\"}],\"inLanguage\":\"pt-PT\"},{\"@type\":\"Organization\",\"@id\":\"https:\/\/vapebulkp.com\/#organization\",\"name\":\"vapebulkp.com\",\"url\":\"https:\/\/vapebulkp.com\/\",\"logo\":{\"@type\":\"ImageObject\",\"inLanguage\":\"pt-PT\",\"@id\":\"https:\/\/vapebulkp.com\/#\/schema\/logo\/image\/\",\"url\":\"https:\/\/vapebulkp.com\/wp-content\/uploads\/2023\/09\/cropped-vapebulkp.png\",\"contentUrl\":\"https:\/\/vapebulkp.com\/wp-content\/uploads\/2023\/09\/cropped-vapebulkp.png\",\"width\":516,\"height\":163,\"caption\":\"vapebulkp.com\"},\"image\":{\"@id\":\"https:\/\/vapebulkp.com\/#\/schema\/logo\/image\/\"}}]}<\/script>\n<!-- \/ Yoast SEO plugin. -->","yoast_head_json":{"title":"Buy Bang DE 80000 Puffs Disposable Vape Cheap Price for Bulk Order - vapebulkp.com","description":"Get the Bang DE 80000 Puffs Disposable Vape with 3-in-1 Triple Flavor Vape, 60ml e-liquid, and 650mAh rechargeable disposable vape battery. Fast EU shipping \u2014 order wholesale now!","robots":{"index":"index","follow":"follow","max-snippet":"max-snippet:-1","max-image-preview":"max-image-preview:large","max-video-preview":"max-video-preview:-1"},"canonical":"https:\/\/vapebulkp.com\/pt\/product\/buy-bang-de-80000-puffs-disposable-vape-cheap-price-for-bulk-order\/","og_locale":"pt_PT","og_type":"article","og_title":"Buy Bang DE 80000 Puffs Disposable Vape Cheap Price for Bulk Order - vapebulkp.com","og_description":"Get the Bang DE 80000 Puffs Disposable Vape with 3-in-1 Triple Flavor Vape, 60ml e-liquid, and 650mAh rechargeable disposable vape battery. Fast EU shipping \u2014 order wholesale now!","og_url":"https:\/\/vapebulkp.com\/pt\/product\/buy-bang-de-80000-puffs-disposable-vape-cheap-price-for-bulk-order\/","og_site_name":"vapebulkp.com","article_modified_time":"2025-09-24T03:31:10+00:00","og_image":[{"width":800,"height":800,"url":"http:\/\/vapebulkp.com\/wp-content\/uploads\/2025\/08\/Shop-Bang-DE-80000-Puffs-Disposable-Vape-at-Cheap-Wholesale-Price.webp","type":"image\/webp"}],"twitter_card":"summary_large_image","twitter_misc":{"Tempo estimado de leitura":"4 minutos"},"schema":{"@context":"https:\/\/schema.org","@graph":[{"@type":"WebPage","@id":"https:\/\/vapebulkp.com\/product\/buy-bang-de-80000-puffs-disposable-vape-cheap-price-for-bulk-order\/","url":"https:\/\/vapebulkp.com\/product\/buy-bang-de-80000-puffs-disposable-vape-cheap-price-for-bulk-order\/","name":"Buy Bang DE 80000 Puffs Disposable Vape Cheap Price for Bulk Order - vapebulkp.com","isPartOf":{"@id":"https:\/\/vapebulkp.com\/#website"},"datePublished":"2025-08-13T03:52:14+00:00","dateModified":"2025-09-24T03:31:10+00:00","description":"Get the Bang DE 80000 Puffs Disposable Vape with 3-in-1 Triple Flavor Vape, 60ml e-liquid, and 650mAh rechargeable disposable vape battery. Fast EU shipping \u2014 order wholesale now!","breadcrumb":{"@id":"https:\/\/vapebulkp.com\/product\/buy-bang-de-80000-puffs-disposable-vape-cheap-price-for-bulk-order\/#breadcrumb"},"inLanguage":"pt-PT","potentialAction":[{"@type":"ReadAction","target":["https:\/\/vapebulkp.com\/product\/buy-bang-de-80000-puffs-disposable-vape-cheap-price-for-bulk-order\/"]}]},{"@type":"BreadcrumbList","@id":"https:\/\/vapebulkp.com\/product\/buy-bang-de-80000-puffs-disposable-vape-cheap-price-for-bulk-order\/#breadcrumb","itemListElement":[{"@type":"ListItem","position":1,"name":"Home","item":"https:\/\/vapebulkp.com\/"},{"@type":"ListItem","position":2,"name":"Hot Trend Vapes","item":"https:\/\/vapebulkp.com\/vape-shop\/"},{"@type":"ListItem","position":3,"name":"Buy Bang DE 80000 Puffs Disposable Vape Cheap Price for Bulk Order"}]},{"@type":"WebSite","@id":"https:\/\/vapebulkp.com\/#website","url":"https:\/\/vapebulkp.com\/","name":"vapebulkp.com","description":"Buy Vape In Cheap Bulk Price Near you","publisher":{"@id":"https:\/\/vapebulkp.com\/#organization"},"potentialAction":[{"@type":"SearchAction","target":{"@type":"EntryPoint","urlTemplate":"https:\/\/vapebulkp.com\/?s={search_term_string}"},"query-input":"required name=search_term_string"}],"inLanguage":"pt-PT"},{"@type":"Organization","@id":"https:\/\/vapebulkp.com\/#organization","name":"vapebulkp.com","url":"https:\/\/vapebulkp.com\/","logo":{"@type":"ImageObject","inLanguage":"pt-PT","@id":"https:\/\/vapebulkp.com\/#\/schema\/logo\/image\/","url":"https:\/\/vapebulkp.com\/wp-content\/uploads\/2023\/09\/cropped-vapebulkp.png","contentUrl":"https:\/\/vapebulkp.com\/wp-content\/uploads\/2023\/09\/cropped-vapebulkp.png","width":516,"height":163,"caption":"vapebulkp.com"},"image":{"@id":"https:\/\/vapebulkp.com\/#\/schema\/logo\/image\/"}}]}},"uagb_featured_image_src":{"full":["https:\/\/vapebulkp.com\/wp-content\/uploads\/2025\/08\/Shop-Bang-DE-80000-Puffs-Disposable-Vape-at-Cheap-Wholesale-Price.webp",800,800,false],"thumbnail":["https:\/\/vapebulkp.com\/wp-content\/uploads\/2025\/08\/Shop-Bang-DE-80000-Puffs-Disposable-Vape-at-Cheap-Wholesale-Price-150x150.webp",150,150,true],"medium":["https:\/\/vapebulkp.com\/wp-content\/uploads\/2025\/08\/Shop-Bang-DE-80000-Puffs-Disposable-Vape-at-Cheap-Wholesale-Price-300x300.webp",300,300,true],"medium_large":["https:\/\/vapebulkp.com\/wp-content\/uploads\/2025\/08\/Shop-Bang-DE-80000-Puffs-Disposable-Vape-at-Cheap-Wholesale-Price-768x768.webp",768,768,true],"large":["https:\/\/vapebulkp.com\/wp-content\/uploads\/2025\/08\/Shop-Bang-DE-80000-Puffs-Disposable-Vape-at-Cheap-Wholesale-Price.webp",800,800,false],"1536x1536":["https:\/\/vapebulkp.com\/wp-content\/uploads\/2025\/08\/Shop-Bang-DE-80000-Puffs-Disposable-Vape-at-Cheap-Wholesale-Price.webp",800,800,false],"2048x2048":["https:\/\/vapebulkp.com\/wp-content\/uploads\/2025\/08\/Shop-Bang-DE-80000-Puffs-Disposable-Vape-at-Cheap-Wholesale-Price.webp",800,800,false],"trp-custom-language-flag":["https:\/\/vapebulkp.com\/wp-content\/uploads\/2025\/08\/Shop-Bang-DE-80000-Puffs-Disposable-Vape-at-Cheap-Wholesale-Price.webp",12,12,false],"woocommerce_thumbnail":["https:\/\/vapebulkp.com\/wp-content\/uploads\/2025\/08\/Shop-Bang-DE-80000-Puffs-Disposable-Vape-at-Cheap-Wholesale-Price-300x300.webp",300,300,true],"woocommerce_single":["https:\/\/vapebulkp.com\/wp-content\/uploads\/2025\/08\/Shop-Bang-DE-80000-Puffs-Disposable-Vape-at-Cheap-Wholesale-Price-600x600.webp",600,600,true],"woocommerce_gallery_thumbnail":["https:\/\/vapebulkp.com\/wp-content\/uploads\/2025\/08\/Shop-Bang-DE-80000-Puffs-Disposable-Vape-at-Cheap-Wholesale-Price-100x100.webp",100,100,true],"wcpr-photo-reviews":["https:\/\/vapebulkp.com\/wp-content\/uploads\/2025\/08\/Shop-Bang-DE-80000-Puffs-Disposable-Vape-at-Cheap-Wholesale-Price.webp",500,500,false]},"uagb_author_info":{"display_name":"Mandy vape bulk price","author_link":"https:\/\/vapebulkp.com\/pt\/author\/"},"uagb_comment_info":0,"uagb_excerpt":"Get the vape box Bang DE 80000 Puffs, a long-lasting rechargeable disposable vape. Featuring three flavors in one device and a massive 60ml e-juice capacity for endless vaping. Cheap bulk prices available. Pls Contact Mandy's WhatsApp For Discount Price\ud83d\udcf1+8618077105796 NOTE: Prices on our website does not include shipping costs Main reason for purchase 1. Excellent&hellip;","_links":{"self":[{"href":"https:\/\/vapebulkp.com\/pt\/wp-json\/wp\/v2\/product\/4090","targetHints":{"allow":["GET"]}}],"collection":[{"href":"https:\/\/vapebulkp.com\/pt\/wp-json\/wp\/v2\/product"}],"about":[{"href":"https:\/\/vapebulkp.com\/pt\/wp-json\/wp\/v2\/types\/product"}],"replies":[{"embeddable":true,"href":"https:\/\/vapebulkp.com\/pt\/wp-json\/wp\/v2\/comments?post=4090"}],"wp:featuredmedia":[{"embeddable":true,"href":"https:\/\/vapebulkp.com\/pt\/wp-json\/wp\/v2\/media\/4088"}],"wp:attachment":[{"href":"https:\/\/vapebulkp.com\/pt\/wp-json\/wp\/v2\/media?parent=4090"}],"wp:term":[{"taxonomy":"product_cat","embeddable":true,"href":"https:\/\/vapebulkp.com\/pt\/wp-json\/wp\/v2\/product_cat?post=4090"},{"taxonomy":"product_tag","embeddable":true,"href":"https:\/\/vapebulkp.com\/pt\/wp-json\/wp\/v2\/product_tag?post=4090"}],"curies":[{"name":"wp","href":"https:\/\/api.w.org\/{rel}","templated":true}]}}