{"id":1481,"date":"2023-09-19T09:44:38","date_gmt":"2023-09-19T07:44:38","guid":{"rendered":"https:\/\/vapebulkp.com\/?page_id=1481"},"modified":"2023-09-19T09:46:06","modified_gmt":"2023-09-19T07:46:06","slug":"faq-about-vape-bulk-order","status":"publish","type":"page","link":"https:\/\/vapebulkp.com\/ro\/faq-about-vape-bulk-order\/","title":{"rendered":"\u00centreb\u0103ri frecvente despre comenzi de vapa \u00een vrac"},"content":{"rendered":"<p><strong>\u00ce1: Cum s\u0103 plasezi o comand\u0103?<\/strong><br><strong>R1:<\/strong> Plasarea unei comenzi la noi este un proces simplu. Urmeaz\u0103 ace\u0219ti pa\u0219i:<\/p>\n\n\n\n<p><strong>Scaneaz\u0103 codul QR de pe WhatsApp pentru a discuta<\/strong><\/p>\n\n\n\n<figure class=\"wp-block-image size-large\"><img decoding=\"async\" width=\"1024\" height=\"951\" src=\"http:\/\/vapebulkp.com\/wp-content\/uploads\/2021\/08\/WhatsApp-1024x951.jpg\" alt=\"\" class=\"wp-image-1455\" srcset=\"https:\/\/vapebulkp.com\/wp-content\/uploads\/2021\/08\/WhatsApp-1024x951.jpg 1024w, https:\/\/vapebulkp.com\/wp-content\/uploads\/2021\/08\/WhatsApp-300x279.jpg 300w, https:\/\/vapebulkp.com\/wp-content\/uploads\/2021\/08\/WhatsApp-768x713.jpg 768w, https:\/\/vapebulkp.com\/wp-content\/uploads\/2021\/08\/WhatsApp-600x557.jpg 600w, https:\/\/vapebulkp.com\/wp-content\/uploads\/2021\/08\/WhatsApp.jpg 1080w\" sizes=\"(max-width: 1024px) 100vw, 1024px\" \/><\/figure>\n\n\n\n<p><strong>Contacteaz\u0103-ne pentru pre\u021buri actuale:<\/strong> Ia leg\u0103tura cu noi pentru a te informa despre cele mai noi pre\u021buri ale produselor care te intereseaz\u0103.<\/p>\n\n\n\n<p><strong>Selecteaz\u0103 stilul \u0219i aroma:<\/strong> Alege stilul \u0219i aroma preferat\u0103 dintr-o gam\u0103 larg\u0103 de op\u021biuni.<\/p>\n\n\n\n<p><strong>Efectueaz\u0103 plata \u0219i a\u0219teapt\u0103 livrarea:<\/strong> izeaz\u0103 plata \u0219i a\u0219teapt\u0103 cu r\u0103bdare ca comanda ta s\u0103 soseasc\u0103.<\/p>\n\n\n\n<p><strong>Prime\u0219te \u0219i confirm\u0103 comanda:<\/strong> Odat\u0103 ce comanda ta a sosit, confirm\u0103 livrarea prin semnarea chitan\u021bei.<\/p>\n\n\n\n<p><strong>\u00ce2: Pot s\u0103 modific comanda de vape dup\u0103 ce am plasat-o?<\/strong><br><strong>R2:<\/strong> Da, po\u021bi face modific\u0103ri la comanda ta de vape p\u00e2n\u0103 la ora 23:00 (Ora Rom\u00e2niei) \u00een aceea\u0219i zi \u00een care a fost plasat\u0103. Contacteaz\u0103-ne la <a href=\"mailto:support@vapebulkp.com\">support@vapebulkp.com<\/a> pentru a solicita orice modificare.<\/p>\n\n\n\n<p><strong>\u00ce3: Cum s\u0103 ini\u021biezi o returnare a unui produs de vape?<\/strong><br><strong>R3:<\/strong> Pentru a ini\u021bia o returnare a unui produs de vape, urmeaz\u0103 ace\u0219ti pa\u0219i:<\/p>\n\n\n\n<ol class=\"wp-block-list\">\n<li>Asigur\u0103-te c\u0103 produsul t\u0103u de vape este \u00een ambalajul original, nefolosit, nepurtat \u0219i cu toate etichetele intacte.<\/li>\n\n\n\n<li>Contacteaz\u0103-ne la <a href=\"mailto:support@vapebulkp.com\">support@vapebulkp.com<\/a> pentru a ini\u021bia returnarea.<\/li>\n\n\n\n<li>Dup\u0103 aprobare, \u00ee\u021bi vom furniza o etichet\u0103 de retur \u0219i instruc\u021biuni detaliate.<\/li>\n\n\n\n<li>Urma\u021bi instruc\u021biunile furnizate pentru expediere. V\u0103 rug\u0103m s\u0103 re\u021bine\u021bi c\u0103 return\u0103rile nesolicitate f\u0103r\u0103 o aprobare prealabil\u0103 nu vor fi acceptate.<\/li>\n<\/ol>\n\n\n\n<p><strong>\u00ce4: C\u00e2nd va fi expediat\u0103 comanda mea de vapat?<\/strong><br><strong>R4:<\/strong> A\u0219tepta\u021bi-v\u0103 la un timp de procesare \u0219i produc\u021bie de 1-5 zile lucr\u0103toare \u00eenainte ca comanda dumneavoastr\u0103 de vapat s\u0103 fie expediat\u0103. Ve\u021bi primi un num\u0103r de urm\u0103rire prin e-mail.<\/p>\n\n\n\n<p><strong>\u00ce5: Cum pot urm\u0103ri comanda mea de vapat?<\/strong><br><strong>R5:<\/strong> G\u0103si\u021bi num\u0103rul de urm\u0103rire \u00een e-mailul de confirmare a expedierii. Vizita\u021bi sec\u021biunea \u201eurm\u0103ri\u021bi comanda\u201d de pe site-ul nostru \u0219i utiliza\u021bi num\u0103rul furnizat pentru a urm\u0103ri stadiul comenzii dumneavoastr\u0103 de vapat.<\/p>\n\n\n\n<p><strong>\u00ce6: Care este politica de expediere pentru vapat?<\/strong><br><strong>R6:<\/strong> Pentru anumite \u021b\u0103ri, oferim transport DDP (Delivery Duty Paid), care simplific\u0103 procesul de expediere elimin\u00e2nd necesitatea v\u0103muirii \u0219i a taxelor vamale din partea dumneavoastr\u0103. Acest lucru asigur\u0103 o experien\u021b\u0103 mai fluid\u0103 pentru confortul dumneavoastr\u0103.<\/p>\n\n\n\n<p>Dac\u0103 ave\u021bi mai multe \u00eentreb\u0103ri despre procesul de comand\u0103, return\u0103ri sau expediere, nu ezita\u021bi s\u0103 ne contacta\u021bi la <a href=\"mailto:support@vapebulkp.com\">support@vapebulkp.com<\/a>. Satisfac\u021bia dumneavoastr\u0103 r\u0103m\u00e2ne prioritatea noastr\u0103 principal\u0103!<\/p>","protected":false},"excerpt":{"rendered":"<p>Q1: How to Place an Order?A1: Placing an order with us is a straightforward process. Follow these steps: Scan the whatsapp QRcode to chat Contact Us for Current Pricing: Reach out to us to inquire about the latest prices for the products you&#8217;re interested in. Select Your Style and Flavor: Choose your preferred style and &hellip;<\/p>\n<p class=\"read-more\"> <a class=\"\" href=\"https:\/\/vapebulkp.com\/ro\/faq-about-vape-bulk-order\/\"> <span class=\"screen-reader-text\">\u00centreb\u0103ri frecvente despre comenzi de vapa \u00een vrac<\/span> Cite\u0219te mai mult \u00bb<\/a><\/p>","protected":false},"author":1,"featured_media":0,"parent":0,"menu_order":0,"comment_status":"closed","ping_status":"closed","template":"","meta":{"_uag_custom_page_level_css":"","_lmt_disableupdate":"","_lmt_disable":"","site-sidebar-layout":"default","site-content-layout":"","ast-site-content-layout":"default","site-content-style":"default","site-sidebar-style":"default","ast-global-header-display":"","ast-banner-title-visibility":"","ast-main-header-display":"","ast-hfb-above-header-display":"","ast-hfb-below-header-display":"","ast-hfb-mobile-header-display":"","site-post-title":"","ast-breadcrumbs-content":"","ast-featured-img":"","footer-sml-layout":"","theme-transparent-header-meta":"","adv-header-id-meta":"","stick-header-meta":"","header-above-stick-meta":"","header-main-stick-meta":"","header-below-stick-meta":"","astra-migrate-meta-layouts":"set","_joinchat":[],"footnotes":""},"class_list":["post-1481","page","type-page","status-publish","hentry"],"yoast_head":"<!-- This site is optimized with the Yoast SEO plugin v21.1 - https:\/\/yoast.com\/wordpress\/plugins\/seo\/ -->\n<title>FAQ About Vape Bulk Order - vapebulkp.com<\/title>\n<meta name=\"description\" content=\"vapebulkp.com specializes in disposable vape pens, dedicated to catering to a worldwide audience seeking a wholesaler that prioritizes a healthier lifestyle and an enhanced vaping journey.\" \/>\n<meta name=\"robots\" content=\"index, follow, max-snippet:-1, max-image-preview:large, max-video-preview:-1\" \/>\n<link rel=\"canonical\" href=\"https:\/\/vapebulkp.com\/ro\/faq-about-vape-bulk-order\/\" \/>\n<meta property=\"og:locale\" content=\"ro_RO\" \/>\n<meta property=\"og:type\" content=\"article\" \/>\n<meta property=\"og:title\" content=\"FAQ About Vape Bulk Order - vapebulkp.com\" \/>\n<meta property=\"og:description\" content=\"vapebulkp.com specializes in disposable vape pens, dedicated to catering to a worldwide audience seeking a wholesaler that prioritizes a healthier lifestyle and an enhanced vaping journey.\" \/>\n<meta property=\"og:url\" content=\"https:\/\/vapebulkp.com\/ro\/faq-about-vape-bulk-order\/\" \/>\n<meta property=\"og:site_name\" content=\"vapebulkp.com\" \/>\n<meta property=\"article:modified_time\" content=\"2023-09-19T07:46:06+00:00\" \/>\n<meta property=\"og:image\" content=\"http:\/\/vapebulkp.com\/wp-content\/uploads\/2021\/08\/WhatsApp-1024x951.jpg\" \/>\n<meta name=\"twitter:card\" content=\"summary_large_image\" \/>\n<meta name=\"twitter:label1\" content=\"Timp estimat pentru citire\" \/>\n\t<meta name=\"twitter:data1\" content=\"2 minute\" \/>\n<script type=\"application\/ld+json\" class=\"yoast-schema-graph\">{\"@context\":\"https:\/\/schema.org\",\"@graph\":[{\"@type\":\"WebPage\",\"@id\":\"https:\/\/vapebulkp.com\/faq-about-vape-bulk-order\/\",\"url\":\"https:\/\/vapebulkp.com\/faq-about-vape-bulk-order\/\",\"name\":\"FAQ About Vape Bulk Order - vapebulkp.com\",\"isPartOf\":{\"@id\":\"https:\/\/vapebulkp.com\/#website\"},\"datePublished\":\"2023-09-19T07:44:38+00:00\",\"dateModified\":\"2023-09-19T07:46:06+00:00\",\"description\":\"vapebulkp.com specializes in disposable vape pens, dedicated to catering to a worldwide audience seeking a wholesaler that prioritizes a healthier lifestyle and an enhanced vaping journey.\",\"breadcrumb\":{\"@id\":\"https:\/\/vapebulkp.com\/faq-about-vape-bulk-order\/#breadcrumb\"},\"inLanguage\":\"ro-RO\",\"potentialAction\":[{\"@type\":\"ReadAction\",\"target\":[\"https:\/\/vapebulkp.com\/faq-about-vape-bulk-order\/\"]}]},{\"@type\":\"BreadcrumbList\",\"@id\":\"https:\/\/vapebulkp.com\/faq-about-vape-bulk-order\/#breadcrumb\",\"itemListElement\":[{\"@type\":\"ListItem\",\"position\":1,\"name\":\"Home\",\"item\":\"https:\/\/vapebulkp.com\/\"},{\"@type\":\"ListItem\",\"position\":2,\"name\":\"FAQ About Vape Bulk Order\"}]},{\"@type\":\"WebSite\",\"@id\":\"https:\/\/vapebulkp.com\/#website\",\"url\":\"https:\/\/vapebulkp.com\/\",\"name\":\"vapebulkp.com\",\"description\":\"Buy Vape In Cheap Bulk Price Near you\",\"publisher\":{\"@id\":\"https:\/\/vapebulkp.com\/#organization\"},\"potentialAction\":[{\"@type\":\"SearchAction\",\"target\":{\"@type\":\"EntryPoint\",\"urlTemplate\":\"https:\/\/vapebulkp.com\/?s={search_term_string}\"},\"query-input\":\"required name=search_term_string\"}],\"inLanguage\":\"ro-RO\"},{\"@type\":\"Organization\",\"@id\":\"https:\/\/vapebulkp.com\/#organization\",\"name\":\"vapebulkp.com\",\"url\":\"https:\/\/vapebulkp.com\/\",\"logo\":{\"@type\":\"ImageObject\",\"inLanguage\":\"ro-RO\",\"@id\":\"https:\/\/vapebulkp.com\/#\/schema\/logo\/image\/\",\"url\":\"https:\/\/vapebulkp.com\/wp-content\/uploads\/2023\/09\/cropped-vapebulkp.png\",\"contentUrl\":\"https:\/\/vapebulkp.com\/wp-content\/uploads\/2023\/09\/cropped-vapebulkp.png\",\"width\":516,\"height\":163,\"caption\":\"vapebulkp.com\"},\"image\":{\"@id\":\"https:\/\/vapebulkp.com\/#\/schema\/logo\/image\/\"}}]}<\/script>\n<!-- \/ Yoast SEO plugin. -->","yoast_head_json":{"title":"FAQ About Vape Bulk Order - vapebulkp.com","description":"vapebulkp.com specializes in disposable vape pens, dedicated to catering to a worldwide audience seeking a wholesaler that prioritizes a healthier lifestyle and an enhanced vaping journey.","robots":{"index":"index","follow":"follow","max-snippet":"max-snippet:-1","max-image-preview":"max-image-preview:large","max-video-preview":"max-video-preview:-1"},"canonical":"https:\/\/vapebulkp.com\/ro\/faq-about-vape-bulk-order\/","og_locale":"ro_RO","og_type":"article","og_title":"FAQ About Vape Bulk Order - vapebulkp.com","og_description":"vapebulkp.com specializes in disposable vape pens, dedicated to catering to a worldwide audience seeking a wholesaler that prioritizes a healthier lifestyle and an enhanced vaping journey.","og_url":"https:\/\/vapebulkp.com\/ro\/faq-about-vape-bulk-order\/","og_site_name":"vapebulkp.com","article_modified_time":"2023-09-19T07:46:06+00:00","og_image":[{"url":"http:\/\/vapebulkp.com\/wp-content\/uploads\/2021\/08\/WhatsApp-1024x951.jpg"}],"twitter_card":"summary_large_image","twitter_misc":{"Timp estimat pentru citire":"2 minute"},"schema":{"@context":"https:\/\/schema.org","@graph":[{"@type":"WebPage","@id":"https:\/\/vapebulkp.com\/faq-about-vape-bulk-order\/","url":"https:\/\/vapebulkp.com\/faq-about-vape-bulk-order\/","name":"FAQ About Vape Bulk Order - vapebulkp.com","isPartOf":{"@id":"https:\/\/vapebulkp.com\/#website"},"datePublished":"2023-09-19T07:44:38+00:00","dateModified":"2023-09-19T07:46:06+00:00","description":"vapebulkp.com specializes in disposable vape pens, dedicated to catering to a worldwide audience seeking a wholesaler that prioritizes a healthier lifestyle and an enhanced vaping journey.","breadcrumb":{"@id":"https:\/\/vapebulkp.com\/faq-about-vape-bulk-order\/#breadcrumb"},"inLanguage":"ro-RO","potentialAction":[{"@type":"ReadAction","target":["https:\/\/vapebulkp.com\/faq-about-vape-bulk-order\/"]}]},{"@type":"BreadcrumbList","@id":"https:\/\/vapebulkp.com\/faq-about-vape-bulk-order\/#breadcrumb","itemListElement":[{"@type":"ListItem","position":1,"name":"Home","item":"https:\/\/vapebulkp.com\/"},{"@type":"ListItem","position":2,"name":"FAQ About Vape Bulk Order"}]},{"@type":"WebSite","@id":"https:\/\/vapebulkp.com\/#website","url":"https:\/\/vapebulkp.com\/","name":"vapebulkp.com","description":"Buy Vape In Cheap Bulk Price Near you","publisher":{"@id":"https:\/\/vapebulkp.com\/#organization"},"potentialAction":[{"@type":"SearchAction","target":{"@type":"EntryPoint","urlTemplate":"https:\/\/vapebulkp.com\/?s={search_term_string}"},"query-input":"required name=search_term_string"}],"inLanguage":"ro-RO"},{"@type":"Organization","@id":"https:\/\/vapebulkp.com\/#organization","name":"vapebulkp.com","url":"https:\/\/vapebulkp.com\/","logo":{"@type":"ImageObject","inLanguage":"ro-RO","@id":"https:\/\/vapebulkp.com\/#\/schema\/logo\/image\/","url":"https:\/\/vapebulkp.com\/wp-content\/uploads\/2023\/09\/cropped-vapebulkp.png","contentUrl":"https:\/\/vapebulkp.com\/wp-content\/uploads\/2023\/09\/cropped-vapebulkp.png","width":516,"height":163,"caption":"vapebulkp.com"},"image":{"@id":"https:\/\/vapebulkp.com\/#\/schema\/logo\/image\/"}}]}},"uagb_featured_image_src":{"full":false,"thumbnail":false,"medium":false,"medium_large":false,"large":false,"1536x1536":false,"2048x2048":false,"trp-custom-language-flag":false,"woocommerce_thumbnail":false,"woocommerce_single":false,"woocommerce_gallery_thumbnail":false,"wcpr-photo-reviews":false},"uagb_author_info":{"display_name":"vapebulkp.com","author_link":"https:\/\/vapebulkp.com\/ro\/author\/vapebulkp-com\/"},"uagb_comment_info":0,"uagb_excerpt":"Q1: How to Place an Order?A1: Placing an order with us is a straightforward process. Follow these steps: Scan the whatsapp QRcode to chat Contact Us for Current Pricing: Reach out to us to inquire about the latest prices for the products you&#8217;re interested in. Select Your Style and Flavor: Choose your preferred style and&hellip;","_links":{"self":[{"href":"https:\/\/vapebulkp.com\/ro\/wp-json\/wp\/v2\/pages\/1481","targetHints":{"allow":["GET"]}}],"collection":[{"href":"https:\/\/vapebulkp.com\/ro\/wp-json\/wp\/v2\/pages"}],"about":[{"href":"https:\/\/vapebulkp.com\/ro\/wp-json\/wp\/v2\/types\/page"}],"author":[{"embeddable":true,"href":"https:\/\/vapebulkp.com\/ro\/wp-json\/wp\/v2\/users\/1"}],"replies":[{"embeddable":true,"href":"https:\/\/vapebulkp.com\/ro\/wp-json\/wp\/v2\/comments?post=1481"}],"version-history":[{"count":1,"href":"https:\/\/vapebulkp.com\/ro\/wp-json\/wp\/v2\/pages\/1481\/revisions"}],"predecessor-version":[{"id":1482,"href":"https:\/\/vapebulkp.com\/ro\/wp-json\/wp\/v2\/pages\/1481\/revisions\/1482"}],"wp:attachment":[{"href":"https:\/\/vapebulkp.com\/ro\/wp-json\/wp\/v2\/media?parent=1481"}],"curies":[{"name":"wp","href":"https:\/\/api.w.org\/{rel}","templated":true}]}}