{"id":1503,"date":"2023-09-20T03:56:27","date_gmt":"2023-09-20T01:56:27","guid":{"rendered":"https:\/\/vapebulkp.com\/?post_type=product&#038;p=1503"},"modified":"2025-09-08T04:52:42","modified_gmt":"2025-09-08T02:52:42","slug":"popular-kulx-10000puffs-disposable-vape-good-price","status":"publish","type":"product","link":"https:\/\/vapebulkp.com\/ro\/product\/popular-kulx-10000puffs-disposable-vape-good-price\/","title":{"rendered":"Vape de unic\u0103 folosin\u021b\u0103 Popular Kulx 10000 de pufuri la un pre\u021b bun"},"content":{"rendered":"<h2>Vape de unic\u0103 folosin\u021b\u0103 Popular Kulx 10000 de pufuri la un pre\u021b bun<\/h2>\n<p>Vapa angro Kulx <a href=\"https:\/\/vapebulkp.com\/ro\/product-category\/10000-puffs-disposable-vape\/\">Vap\u0103 de unic\u0103 folosin\u021b\u0103 10000Puffs<\/a> este conceput\u0103 pentru vaperii care doresc putere, stil \u0219i fiabilitate \u00eentr-un singur dispozitiv. Cu o capacitate de 10.000 de pufuri, este o vap\u0103 de unic\u0103 folosin\u021b\u0103 cu adev\u0103rat de lung\u0103 durat\u0103, perfect\u0103 pentru utilizarea zilnic\u0103 \u0219i ocazii sociale.<\/p>\n<p>Fiecare dispozitiv con\u021bine 20ml de e-lichid premium, amestecat cu ingrediente de \u00eenalt\u0103 calitate pentru a oferi vapori netezi \u0219i un gust bogat. Folosind tehnologia de vapat cu sare de nicotin\u0103, ofer\u0103 o senza\u021bie mai puternic\u0103 \u00een g\u00e2t \u0219i o satisfac\u021bie mai rapid\u0103, disponibil\u0103 \u00een concentra\u021bii de nicotin\u0103 de 2% \u0219i 5% pentru a se potrivi diferitelor preferin\u021be.<\/p>\n<p>Construit\u0103 cu o baterie de 850mAh, vapa de unic\u0103 folosin\u021b\u0103 Kulx 10000 Puffs este o vap\u0103 re\u00eenc\u0103rcabil\u0103 de unic\u0103 folosin\u021b\u0103 cu \u00eenc\u0103rcare de tip C, asigur\u00e2nd confort \u0219i putere consistent\u0103 pe parcursul \u00eentregii zile. Designul s\u0103u modern \u0219i portabil o face u\u0219or de transportat, men\u021bin\u00e2nd \u00een acela\u0219i timp durabilitatea \u0219i performan\u021ba.<\/p>\n<p>Ideal\u0103 pentru pia\u021ba de vapat angro de mare capacitate \u00een UE, Kulx 10000 combin\u0103 un design inovator, o durat\u0103 de via\u021b\u0103 fiabil\u0103 a bateriei \u0219i o livrare premium a aromei. O alegere profitabil\u0103 pentru comercian\u021bi \u0219i o op\u021biune fiabil\u0103 pentru clien\u021bii europeni care caut\u0103 o vap\u0103 de unic\u0103 folosin\u021b\u0103 de \u00eenalt\u0103 performan\u021b\u0103.<\/p>\n<h6 style=\"text-align: left\">\u00a0\u00a0\u00a0\u00a0<img decoding=\"async\" class=\"alignnone size-full wp-image-1661\" src=\"http:\/\/vapebulkp.com\/wp-content\/uploads\/2023\/09\/KULX-10000-puff-VAPE-POD-Wholesale-price-1.jpg\" alt=\"KULX 10000 puff VAPE POD Pre\u021b cu ridicata\" width=\"1024\" height=\"512\" srcset=\"https:\/\/vapebulkp.com\/wp-content\/uploads\/2023\/09\/KULX-10000-puff-VAPE-POD-Wholesale-price-1.jpg 1024w, https:\/\/vapebulkp.com\/wp-content\/uploads\/2023\/09\/KULX-10000-puff-VAPE-POD-Wholesale-price-1-300x150.jpg 300w, https:\/\/vapebulkp.com\/wp-content\/uploads\/2023\/09\/KULX-10000-puff-VAPE-POD-Wholesale-price-1-768x384.jpg 768w, https:\/\/vapebulkp.com\/wp-content\/uploads\/2023\/09\/KULX-10000-puff-VAPE-POD-Wholesale-price-1-600x300.jpg 600w\" sizes=\"(max-width: 1024px) 100vw, 1024px\" \/><\/h6>\n<h6>V\u0103 rug\u0103m contacta\u021bi-o pe Mandy pe WhatsApp pentru un pre\u021b redus<a href=\"https:\/\/wa.me\/8618077105796\">+8618077105796<\/a><\/h6>\n<p><img decoding=\"async\" class=\"alignnone wp-image-2151\" src=\"http:\/\/vapebulkp.com\/wp-content\/uploads\/2024\/04\/Mandy-WhatsApp-Randm.jpg\" alt=\"RandM Mandy WhatsApp\" width=\"241\" height=\"256\" srcset=\"https:\/\/vapebulkp.com\/wp-content\/uploads\/2024\/04\/Mandy-WhatsApp-Randm.jpg 916w, https:\/\/vapebulkp.com\/wp-content\/uploads\/2024\/04\/Mandy-WhatsApp-Randm-282x300.jpg 282w, https:\/\/vapebulkp.com\/wp-content\/uploads\/2024\/04\/Mandy-WhatsApp-Randm-768x817.jpg 768w, https:\/\/vapebulkp.com\/wp-content\/uploads\/2024\/04\/Mandy-WhatsApp-Randm-600x638.jpg 600w\" sizes=\"(max-width: 241px) 100vw, 241px\" \/><\/p>\n<h3><\/h3>\n<h6 class=\"style-scope ytd-watch-metadata\">1.Cum se utilizeaz\u0103 stiloul de vap\u0103 Kulx 10000 Puffs?<\/h6>\n<p>&nbsp;<\/p>\n<p>Pasul 1. \u00cenainte de a utiliza 10k pufuri, scoate\u021bi conducta de plastic.<\/p>\n<p>Pasul 2. A\u0219tepta\u021bi aproximativ 3 minute pentru ca lichidul s\u0103 ajung\u0103 \u00een rezisten\u021ba din interior.<\/p>\n<p>Pasul 3. Bucura\u021bi-v\u0103 de el<\/p>\n<h6>2.CUM SE \u00ceNCARC\u0102 DISPOZITIVUL DE VAPAT DE UNIC\u0102 FOLOSIN\u021a\u0102 KULX 10000 PUFFS?<\/h6>\n<p>Nu pot fi folosite \u00eenc\u0103rc\u0103toare cu \u00eenc\u0103rcare rapid\u0103, iar puterea standard sigur\u0103 a \u021bigaretelor electronice de unic\u0103 folosin\u021b\u0103 este de 5V 1A. Fiecare timp de \u00eenc\u0103rcare nu poate dep\u0103\u0219i 1 or\u0103, iar timpul de \u00eenc\u0103rcare sigur este de jum\u0103tate de or\u0103.<\/p>\n<p><span style=\"color: #ff6600\">Not\u0103: nu \u00eenc\u0103rca\u021bi toat\u0103 noaptea!<\/span><\/p>\n<h4><strong><span style=\"vertical-align: inherit\">Specifica\u021bie <\/span><\/strong>Pentru Kulx 10000Puffs:<\/h4>\n<h4><\/h4>\n<ul>\n<li>Baterie: 650mAh (Tip C)<br \/>\nCapacitate: 18ml<br \/>\nRezisten\u021b\u0103: 0,8 ohm mesh<br \/>\nVolum aproximativ de suc\u021biune: 10000 de pufuri<br \/>\n\u00cen plus, concentra\u021bia de nicotin\u0103: 0%, 2%, 3%, 5%<br \/>\nMOQ:100BUC<\/li>\n<\/ul>\n<h5><strong>Care sunt cele mai bune arome de vap\u0103 Kulx 10000 Puffs?<\/strong><\/h5>\n<p><strong>1.Afine Zmeur\u0103 Ghea\u021b\u0103<\/strong><\/p>\n<p><strong>2.L\u0103m\u00e2ie Ment\u0103<\/strong><\/p>\n<p><strong>3.M\u0103r Dublu<\/strong><\/p>\n<p><strong>4.Pepene Verde Ghea\u021b\u0103<\/strong><\/p>\n<p><strong>5.Fructe de P\u0103dure Mixte<\/strong><\/p>\n<p><strong>6.Ananas Mango Ghea\u021b\u0103<\/strong><\/p>\n<p><strong>7.C\u0103p\u0219uni Kiwi<\/strong><\/p>\n<p><strong>8.Vat\u0103 de zah\u0103r<\/strong><\/p>\n<p><strong>9.C\u0103p\u0219uni Pepene Verde<\/strong><\/p>\n<p><strong>10.Aloe Struguri<\/strong><\/p>\n<p><a href=\"https:\/\/vapebulkp.com\/ro\/product\/popular-randm-tornado-7000puffs-disposable-vape-best-price\/\"><span style=\"vertical-align: inherit\">RandM Tornado 7000 de Inhala\u021bii <\/span><\/a><\/p>\n<p><span style=\"vertical-align: inherit\">G\u0103se\u0219te mai multe produse care \u021bi-ar putea pl\u0103cea:<\/span><em><a href=\"https:\/\/wa.me\/8618077105796\"><span style=\"vertical-align: inherit\">\u00a0Cump\u0103r\u0103-l acum<\/span><\/a><\/em><\/p>\n<p><span style=\"vertical-align: inherit\">Alte Inhala\u021bii care \u021bi-ar putea pl\u0103cea:<\/span><a href=\"https:\/\/vapebulkp.com\/ro\/product\/bulk-buy-kulx-8800-puffs-disposable-vape-wholesale-germany\/\"><span style=\"vertical-align: inherit\">Kulx 8800 Pufuri<\/span><\/a><span style=\"vertical-align: inherit\">\u3001<\/span><a href=\"https:\/\/vapebulkp.com\/ro\/product\/good-sale-randm-tornado-10000-puffs-plus\/\"><span style=\"vertical-align: inherit\">Tornado 10000 Pufuri<\/span><\/a><span style=\"vertical-align: inherit\">\/ <\/span><a href=\"https:\/\/vapebulkp.com\/ro\/product\/wholesale-randm-tornado-9000-puffs-germany\/\"><span style=\"vertical-align: inherit\">RandM 9000Pufuri<\/span><\/a><span style=\"vertical-align: inherit\">\/ <\/span><a href=\"https:\/\/vapebulkp.com\/ro\/product\/wholesale-kulx-8000-puffs-disposable-vape\/\"><span style=\"vertical-align: inherit\">Kulx 8000Pufuri<\/span><\/a><\/p>\n<p><span style=\"vertical-align: inherit\">Sticl\u0103 de \u021bigar\u0103 electronic\u0103 cu form\u0103 special\u0103:<\/span><a href=\"https:\/\/vapebulkp.com\/ro\/product\/popular-kulx-10000puffs-disposable-vape-good-price\/\"><span style=\"vertical-align: inherit\">Kulx 10000 pufuri <\/span><\/a><span style=\"vertical-align: inherit\">\/ <\/span><a href=\"https:\/\/vapebulkp.com\/ro\/product\/popular-bang-king-10000-puffs-vape-good-price\/\"><span style=\"vertical-align: inherit\">Bang King 10000 pufuri <\/span><\/a><span style=\"vertical-align: inherit\">\/<\/span><a href=\"https:\/\/vapebulkp.com\/ro\/product\/disposable-vape-crystal-600-puffs\/\"><span style=\"vertical-align: inherit\">\u00a0Crysatl 600 pufuri<\/span><\/a><\/p>\n<h4>Detaliile de expediere:<\/h4>\n<p><span style=\"color: #ff6600\">Timp de produc\u021bie: 5-10 zile lucr\u0103toare<\/span><br \/>\n<span style=\"color: #ff6600\">Timp de livrare: 8-14 zile lucr\u0103toare<\/span><\/p>\n<p>Toate produsele din magazinul nostru sunt 100% originale \u0219i autentice, deci politica magazinului nostru este compensarea de zece ori pentru bunurile contraf\u0103cute. Folosim canale logistice precum UPS\/DHL\/FEDEX\/DPD pentru a v\u0103 livra m\u0103rfurile.<\/p>\n<p>Pentru coletele expediate \u00een Rom\u00e2nia, de obicei dureaz\u0103 10 zile lucr\u0103toare s\u0103 ajung\u0103. Expedierea c\u0103tre \u021b\u0103rile europene dureaz\u0103 de obicei 12 p\u00e2n\u0103 la 15 zile lucr\u0103toare. Vom actualiza informa\u021biile logistice pentru dumneavoastr\u0103 \u00een timp real.<\/p>","protected":false},"excerpt":{"rendered":"<p>The <strong data-start=\"186\" data-end=\"222\">Vap\u0103 angro Kulx 10000 Puffs<\/strong> ofer\u0103 performan\u021b\u0103 de lung\u0103 durat\u0103, f\u0103r\u0103 a necesita reumpleri sau schimb\u0103ri de rezisten\u021b\u0103. Conceput\u0103 pentru confort, aceast\u0103 <strong data-start=\"325\" data-end=\"363\">\u021aigar\u0103 electronic\u0103 de unic\u0103 folosin\u021b\u0103 10k Puffs<\/strong> vine pre-umplut\u0103 cu 18ml de e-lichid premium cu sare de nicotin\u0103, disponibil \u00een concentra\u021bii de 0%, 2%, 3% \u0219i 5%. Cu p\u00e2n\u0103 la 10.000 de pufuri per dispozitiv, ofer\u0103 o arom\u0103 consistent\u0103, vapori netezi \u0219i o op\u021biune de vapat f\u0103r\u0103 probleme, ideal\u0103 at\u00e2t pentru utilizarea zilnic\u0103, c\u00e2t \u0219i pentru aprovizionarea angro pe pia\u021ba UE.<\/p>\n<p><img decoding=\"async\" class=\"alignnone wp-image-2151\" src=\"http:\/\/vapebulkp.com\/wp-content\/uploads\/2024\/04\/Mandy-WhatsApp-Randm.jpg\" alt=\"RandM Mandy WhatsApp\" width=\"221\" height=\"235\" srcset=\"https:\/\/vapebulkp.com\/wp-content\/uploads\/2024\/04\/Mandy-WhatsApp-Randm.jpg 916w, https:\/\/vapebulkp.com\/wp-content\/uploads\/2024\/04\/Mandy-WhatsApp-Randm-282x300.jpg 282w, https:\/\/vapebulkp.com\/wp-content\/uploads\/2024\/04\/Mandy-WhatsApp-Randm-768x817.jpg 768w, https:\/\/vapebulkp.com\/wp-content\/uploads\/2024\/04\/Mandy-WhatsApp-Randm-600x638.jpg 600w\" sizes=\"(max-width: 221px) 100vw, 221px\" \/><\/p>\n<p>V\u0103 rug\u0103m contacta\u021bi-o pe Mandy pe WhatsApp pentru un pre\u021b redus<a href=\"https:\/\/wa.me\/8618077105796\">+8618077105796<\/a><\/p>\n<p><span style=\"color: #ff0000\">NOT\u0102: Pre\u021burile de pe site-ul nostru nu includ costurile de transport<\/span><\/p>","protected":false},"featured_media":1662,"comment_status":"open","ping_status":"closed","template":"","meta":{"_uag_custom_page_level_css":"","_lmt_disableupdate":"no","_lmt_disable":"","site-sidebar-layout":"default","site-content-layout":"content-boxed-container","ast-site-content-layout":"normal-width-container","site-content-style":"boxed","site-sidebar-style":"unboxed","ast-global-header-display":"","ast-banner-title-visibility":"","ast-main-header-display":"","ast-hfb-above-header-display":"","ast-hfb-below-header-display":"","ast-hfb-mobile-header-display":"","site-post-title":"","ast-breadcrumbs-content":"","ast-featured-img":"","footer-sml-layout":"","theme-transparent-header-meta":"default","adv-header-id-meta":"","stick-header-meta":"","header-above-stick-meta":"","header-main-stick-meta":"","header-below-stick-meta":"","astra-migrate-meta-layouts":"set","_joinchat":[]},"product_cat":[167,153,155,33,59,100,98,34,158,157,154,152,58,84,156,63,32],"product_tag":[43,36,37,41,40],"class_list":["post-1503","product","type-product","status-publish","has-post-thumbnail","hentry","product_cat-10000-puffs-disposable-vape","product_cat-hot-disposable-vapes","product_cat-belgium-hot-disposable-vapes","product_cat-france-vape-hot-sale","product_cat-germany-hot-disposable-vape","product_cat-germany-wholesale-vape-shop","product_cat-moq-100pcs","product_cat-netherlands-vape-good-sale","product_cat-norway-hot-disposable-vapes","product_cat-poland-hot-disposable-vapes","product_cat-portugal-hot-disposable-vapes","product_cat-spain-hot-disposable-vapes","product_cat-sweden-hot-disposable-vape","product_cat-sweden-wholesale-vape","product_cat-switzerland-hot-disposable-vapes","product_cat-top-sale-disposable-vape","product_cat-vape-hot-sale-this-week","product_tag-10000puffs","product_tag-good-vape","product_tag-hot-sale-disposable-vape","product_tag-poland-hot-vape","product_tag-sweden-hot-vape","desktop-align-left","tablet-align-left","mobile-align-left"],"yoast_head":"<!-- This site is optimized with the Yoast SEO plugin v21.1 - https:\/\/yoast.com\/wordpress\/plugins\/seo\/ -->\n<title>Popular Kulx 10000Puffs Disposable Vape Good Price - vapebulkp.com<\/title>\n<meta name=\"description\" content=\"Shop the Kulx 10000 Puffs Disposable Vape with premium e-liquid and nicotine salt. A long-lasting disposable vape with Type-C charging for wholesale EU orders.\" \/>\n<meta name=\"robots\" content=\"index, follow, max-snippet:-1, max-image-preview:large, max-video-preview:-1\" \/>\n<link rel=\"canonical\" href=\"https:\/\/vapebulkp.com\/ro\/product\/popular-kulx-10000puffs-disposable-vape-good-price\/\" \/>\n<meta property=\"og:locale\" content=\"ro_RO\" \/>\n<meta property=\"og:type\" content=\"article\" \/>\n<meta property=\"og:title\" content=\"Popular Kulx 10000Puffs Disposable Vape Good Price - vapebulkp.com\" \/>\n<meta property=\"og:description\" content=\"Shop the Kulx 10000 Puffs Disposable Vape with premium e-liquid and nicotine salt. A long-lasting disposable vape with Type-C charging for wholesale EU orders.\" \/>\n<meta property=\"og:url\" content=\"https:\/\/vapebulkp.com\/ro\/product\/popular-kulx-10000puffs-disposable-vape-good-price\/\" \/>\n<meta property=\"og:site_name\" content=\"vapebulkp.com\" \/>\n<meta property=\"article:modified_time\" content=\"2025-09-08T02:52:42+00:00\" \/>\n<meta property=\"og:image\" content=\"http:\/\/vapebulkp.com\/wp-content\/uploads\/2023\/09\/KULX-10000-VAPE-POD-NEAR-ME-1.jpg\" \/>\n\t<meta property=\"og:image:width\" content=\"2196\" \/>\n\t<meta property=\"og:image:height\" content=\"2196\" \/>\n\t<meta property=\"og:image:type\" content=\"image\/jpeg\" \/>\n<meta name=\"twitter:card\" content=\"summary_large_image\" \/>\n<meta name=\"twitter:label1\" content=\"Timp estimat pentru citire\" \/>\n\t<meta name=\"twitter:data1\" content=\"3 minute\" \/>\n<script type=\"application\/ld+json\" class=\"yoast-schema-graph\">{\"@context\":\"https:\/\/schema.org\",\"@graph\":[{\"@type\":\"WebPage\",\"@id\":\"https:\/\/vapebulkp.com\/product\/popular-kulx-10000puffs-disposable-vape-good-price\/\",\"url\":\"https:\/\/vapebulkp.com\/product\/popular-kulx-10000puffs-disposable-vape-good-price\/\",\"name\":\"Popular Kulx 10000Puffs Disposable Vape Good Price - vapebulkp.com\",\"isPartOf\":{\"@id\":\"https:\/\/vapebulkp.com\/#website\"},\"datePublished\":\"2023-09-20T01:56:27+00:00\",\"dateModified\":\"2025-09-08T02:52:42+00:00\",\"description\":\"Shop the Kulx 10000 Puffs Disposable Vape with premium e-liquid and nicotine salt. A long-lasting disposable vape with Type-C charging for wholesale EU orders.\",\"breadcrumb\":{\"@id\":\"https:\/\/vapebulkp.com\/product\/popular-kulx-10000puffs-disposable-vape-good-price\/#breadcrumb\"},\"inLanguage\":\"ro-RO\",\"potentialAction\":[{\"@type\":\"ReadAction\",\"target\":[\"https:\/\/vapebulkp.com\/product\/popular-kulx-10000puffs-disposable-vape-good-price\/\"]}]},{\"@type\":\"BreadcrumbList\",\"@id\":\"https:\/\/vapebulkp.com\/product\/popular-kulx-10000puffs-disposable-vape-good-price\/#breadcrumb\",\"itemListElement\":[{\"@type\":\"ListItem\",\"position\":1,\"name\":\"Home\",\"item\":\"https:\/\/vapebulkp.com\/\"},{\"@type\":\"ListItem\",\"position\":2,\"name\":\"Hot Trend Vapes\",\"item\":\"https:\/\/vapebulkp.com\/vape-shop\/\"},{\"@type\":\"ListItem\",\"position\":3,\"name\":\"Popular Kulx 10000Puffs Disposable Vape Good Price\"}]},{\"@type\":\"WebSite\",\"@id\":\"https:\/\/vapebulkp.com\/#website\",\"url\":\"https:\/\/vapebulkp.com\/\",\"name\":\"vapebulkp.com\",\"description\":\"Buy Vape In Cheap Bulk Price Near you\",\"publisher\":{\"@id\":\"https:\/\/vapebulkp.com\/#organization\"},\"potentialAction\":[{\"@type\":\"SearchAction\",\"target\":{\"@type\":\"EntryPoint\",\"urlTemplate\":\"https:\/\/vapebulkp.com\/?s={search_term_string}\"},\"query-input\":\"required name=search_term_string\"}],\"inLanguage\":\"ro-RO\"},{\"@type\":\"Organization\",\"@id\":\"https:\/\/vapebulkp.com\/#organization\",\"name\":\"vapebulkp.com\",\"url\":\"https:\/\/vapebulkp.com\/\",\"logo\":{\"@type\":\"ImageObject\",\"inLanguage\":\"ro-RO\",\"@id\":\"https:\/\/vapebulkp.com\/#\/schema\/logo\/image\/\",\"url\":\"https:\/\/vapebulkp.com\/wp-content\/uploads\/2023\/09\/cropped-vapebulkp.png\",\"contentUrl\":\"https:\/\/vapebulkp.com\/wp-content\/uploads\/2023\/09\/cropped-vapebulkp.png\",\"width\":516,\"height\":163,\"caption\":\"vapebulkp.com\"},\"image\":{\"@id\":\"https:\/\/vapebulkp.com\/#\/schema\/logo\/image\/\"}}]}<\/script>\n<!-- \/ Yoast SEO plugin. -->","yoast_head_json":{"title":"Popular Kulx 10000Puffs Disposable Vape Good Price - vapebulkp.com","description":"Shop the Kulx 10000 Puffs Disposable Vape with premium e-liquid and nicotine salt. A long-lasting disposable vape with Type-C charging for wholesale EU orders.","robots":{"index":"index","follow":"follow","max-snippet":"max-snippet:-1","max-image-preview":"max-image-preview:large","max-video-preview":"max-video-preview:-1"},"canonical":"https:\/\/vapebulkp.com\/ro\/product\/popular-kulx-10000puffs-disposable-vape-good-price\/","og_locale":"ro_RO","og_type":"article","og_title":"Popular Kulx 10000Puffs Disposable Vape Good Price - vapebulkp.com","og_description":"Shop the Kulx 10000 Puffs Disposable Vape with premium e-liquid and nicotine salt. A long-lasting disposable vape with Type-C charging for wholesale EU orders.","og_url":"https:\/\/vapebulkp.com\/ro\/product\/popular-kulx-10000puffs-disposable-vape-good-price\/","og_site_name":"vapebulkp.com","article_modified_time":"2025-09-08T02:52:42+00:00","og_image":[{"width":2196,"height":2196,"url":"http:\/\/vapebulkp.com\/wp-content\/uploads\/2023\/09\/KULX-10000-VAPE-POD-NEAR-ME-1.jpg","type":"image\/jpeg"}],"twitter_card":"summary_large_image","twitter_misc":{"Timp estimat pentru citire":"3 minute"},"schema":{"@context":"https:\/\/schema.org","@graph":[{"@type":"WebPage","@id":"https:\/\/vapebulkp.com\/product\/popular-kulx-10000puffs-disposable-vape-good-price\/","url":"https:\/\/vapebulkp.com\/product\/popular-kulx-10000puffs-disposable-vape-good-price\/","name":"Popular Kulx 10000Puffs Disposable Vape Good Price - vapebulkp.com","isPartOf":{"@id":"https:\/\/vapebulkp.com\/#website"},"datePublished":"2023-09-20T01:56:27+00:00","dateModified":"2025-09-08T02:52:42+00:00","description":"Shop the Kulx 10000 Puffs Disposable Vape with premium e-liquid and nicotine salt. A long-lasting disposable vape with Type-C charging for wholesale EU orders.","breadcrumb":{"@id":"https:\/\/vapebulkp.com\/product\/popular-kulx-10000puffs-disposable-vape-good-price\/#breadcrumb"},"inLanguage":"ro-RO","potentialAction":[{"@type":"ReadAction","target":["https:\/\/vapebulkp.com\/product\/popular-kulx-10000puffs-disposable-vape-good-price\/"]}]},{"@type":"BreadcrumbList","@id":"https:\/\/vapebulkp.com\/product\/popular-kulx-10000puffs-disposable-vape-good-price\/#breadcrumb","itemListElement":[{"@type":"ListItem","position":1,"name":"Home","item":"https:\/\/vapebulkp.com\/"},{"@type":"ListItem","position":2,"name":"Hot Trend Vapes","item":"https:\/\/vapebulkp.com\/vape-shop\/"},{"@type":"ListItem","position":3,"name":"Popular Kulx 10000Puffs Disposable Vape Good Price"}]},{"@type":"WebSite","@id":"https:\/\/vapebulkp.com\/#website","url":"https:\/\/vapebulkp.com\/","name":"vapebulkp.com","description":"Buy Vape In Cheap Bulk Price Near you","publisher":{"@id":"https:\/\/vapebulkp.com\/#organization"},"potentialAction":[{"@type":"SearchAction","target":{"@type":"EntryPoint","urlTemplate":"https:\/\/vapebulkp.com\/?s={search_term_string}"},"query-input":"required name=search_term_string"}],"inLanguage":"ro-RO"},{"@type":"Organization","@id":"https:\/\/vapebulkp.com\/#organization","name":"vapebulkp.com","url":"https:\/\/vapebulkp.com\/","logo":{"@type":"ImageObject","inLanguage":"ro-RO","@id":"https:\/\/vapebulkp.com\/#\/schema\/logo\/image\/","url":"https:\/\/vapebulkp.com\/wp-content\/uploads\/2023\/09\/cropped-vapebulkp.png","contentUrl":"https:\/\/vapebulkp.com\/wp-content\/uploads\/2023\/09\/cropped-vapebulkp.png","width":516,"height":163,"caption":"vapebulkp.com"},"image":{"@id":"https:\/\/vapebulkp.com\/#\/schema\/logo\/image\/"}}]}},"uagb_featured_image_src":{"full":["https:\/\/vapebulkp.com\/wp-content\/uploads\/2023\/09\/KULX-10000-VAPE-POD-NEAR-ME-1.jpg",2196,2196,false],"thumbnail":["https:\/\/vapebulkp.com\/wp-content\/uploads\/2023\/09\/KULX-10000-VAPE-POD-NEAR-ME-1-150x150.jpg",150,150,true],"medium":["https:\/\/vapebulkp.com\/wp-content\/uploads\/2023\/09\/KULX-10000-VAPE-POD-NEAR-ME-1-300x300.jpg",300,300,true],"medium_large":["https:\/\/vapebulkp.com\/wp-content\/uploads\/2023\/09\/KULX-10000-VAPE-POD-NEAR-ME-1-768x768.jpg",768,768,true],"large":["https:\/\/vapebulkp.com\/wp-content\/uploads\/2023\/09\/KULX-10000-VAPE-POD-NEAR-ME-1-1024x1024.jpg",1024,1024,true],"1536x1536":["https:\/\/vapebulkp.com\/wp-content\/uploads\/2023\/09\/KULX-10000-VAPE-POD-NEAR-ME-1-1536x1536.jpg",1536,1536,true],"2048x2048":["https:\/\/vapebulkp.com\/wp-content\/uploads\/2023\/09\/KULX-10000-VAPE-POD-NEAR-ME-1-2048x2048.jpg",2048,2048,true],"trp-custom-language-flag":["https:\/\/vapebulkp.com\/wp-content\/uploads\/2023\/09\/KULX-10000-VAPE-POD-NEAR-ME-1.jpg",12,12,false],"woocommerce_thumbnail":["https:\/\/vapebulkp.com\/wp-content\/uploads\/2023\/09\/KULX-10000-VAPE-POD-NEAR-ME-1-300x300.jpg",300,300,true],"woocommerce_single":["https:\/\/vapebulkp.com\/wp-content\/uploads\/2023\/09\/KULX-10000-VAPE-POD-NEAR-ME-1-600x600.jpg",600,600,true],"woocommerce_gallery_thumbnail":["https:\/\/vapebulkp.com\/wp-content\/uploads\/2023\/09\/KULX-10000-VAPE-POD-NEAR-ME-1-100x100.jpg",100,100,true],"wcpr-photo-reviews":["https:\/\/vapebulkp.com\/wp-content\/uploads\/2023\/09\/KULX-10000-VAPE-POD-NEAR-ME-1.jpg",500,500,false]},"uagb_author_info":{"display_name":"Mandy vape bulk price","author_link":"https:\/\/vapebulkp.com\/ro\/author\/"},"uagb_comment_info":2,"uagb_excerpt":"The Kulx 10000 Puff Wholesale Vape delivers lasting performance with no refills or coil changes required. Designed for convenience, this 10k Puffs Disposable E-Cigarette comes pre-filled with 18ml of premium salt nicotine e-liquid, available in 0%, 2%, 3%, and 5% strengths. With up to 10,000 puffs per device, it offers consistent flavor, smooth vapor, and&hellip;","_links":{"self":[{"href":"https:\/\/vapebulkp.com\/ro\/wp-json\/wp\/v2\/product\/1503","targetHints":{"allow":["GET"]}}],"collection":[{"href":"https:\/\/vapebulkp.com\/ro\/wp-json\/wp\/v2\/product"}],"about":[{"href":"https:\/\/vapebulkp.com\/ro\/wp-json\/wp\/v2\/types\/product"}],"replies":[{"embeddable":true,"href":"https:\/\/vapebulkp.com\/ro\/wp-json\/wp\/v2\/comments?post=1503"}],"wp:featuredmedia":[{"embeddable":true,"href":"https:\/\/vapebulkp.com\/ro\/wp-json\/wp\/v2\/media\/1662"}],"wp:attachment":[{"href":"https:\/\/vapebulkp.com\/ro\/wp-json\/wp\/v2\/media?parent=1503"}],"wp:term":[{"taxonomy":"product_cat","embeddable":true,"href":"https:\/\/vapebulkp.com\/ro\/wp-json\/wp\/v2\/product_cat?post=1503"},{"taxonomy":"product_tag","embeddable":true,"href":"https:\/\/vapebulkp.com\/ro\/wp-json\/wp\/v2\/product_tag?post=1503"}],"curies":[{"name":"wp","href":"https:\/\/api.w.org\/{rel}","templated":true}]}}